{"id":133188,"date":"2023-06-16T09:41:10","date_gmt":"2023-06-16T09:41:10","guid":{"rendered":"http:\/\/talkpal.ai\/hollandska-grammatikovningar\/"},"modified":"2025-12-17T15:27:15","modified_gmt":"2025-12-17T15:27:15","slug":"hollandska-grammatikovningar","status":"publish","type":"page","link":"https:\/\/talkpal.ai\/sv\/hollandska-grammatikovningar\/","title":{"rendered":"Holl\u00e4ndska grammatik\u00f6vningar"},"content":{"rendered":"\r\n\r\n\r\n<section class=\"languageChallengeSection\">\r\n    <div class=\"languageInfoWrapper\">\r\n        \r\n        <h1>Holl\u00e4ndska grammatik\u00f6vningar<\/h1>\r\n        <p>Vill du bli mer sj\u00e4lvs\u00e4ker p\u00e5 nederl\u00e4ndska? Grammatik\u00f6vningar \u00e4r ett bra s\u00e4tt att l\u00e4ra sig beh\u00e4rska meningsbyggnad, verbb\u00f6jningar och det nederl\u00e4ndska spr\u00e5kets unika m\u00f6nster. B\u00f6rja arbeta med holl\u00e4ndsk grammatik idag och se dina kunskaper och ditt flytande spr\u00e5k v\u00e4xa med varje \u00f6vning!\n\n<\/p>\r\n\r\n                            <a class=\"getStartedHidden\" href=\"https:\/\/app.talkpal.ai\/sv\/signup?lng=\">Kom ig\u00e5ng<\/a>\r\n        \r\n    <\/div>\r\n\r\n    <figure>\r\n    <img decoding=\"async\" width=\"768\" height=\"768\" src=\"https:\/\/talkpal.ai\/wp-content\/uploads\/2023\/06\/Dutch-768x768.png\" class=\"languageImage no-lazy\" alt=\"Default alt text\" fetchpriority=\"high\" sizes=\"(max-width: 768px) 150px, 768px\" srcset=\"https:\/\/talkpal.ai\/wp-content\/uploads\/2023\/06\/Dutch-768x768.png 768w, https:\/\/talkpal.ai\/wp-content\/uploads\/2023\/06\/Dutch-300x300.png 300w\" \/>\r\n    \r\n\r\n    <\/figure>\r\n\r\n            <a class=\"getStartedVisible\" href=\"https:\/\/app.talkpal.ai\/sv\/signup?lng=\">Kom ig\u00e5ng<\/a>\r\n    \r\n<\/section>\r\n\r\n\r\n<!-- <section class=\"grammarSection\">\r\n    <div class=\"grammarLinks\">\r\n        <a href=\"https:\/\/talkpal.ai\/sv\/exercise_language\/adjektiv-nederlandsk-grammatik\/\">Adjektiv <\/a><a href=\"https:\/\/talkpal.ai\/sv\/exercise_language\/adverb-nederlandsk-grammatik\/\">Adverb <\/a><a href=\"https:\/\/talkpal.ai\/sv\/exercise_language\/artiklar-nederlandsk-grammatik\/\">Artiklar <\/a><a href=\"https:\/\/talkpal.ai\/sv\/exercise_language\/jamforelse-av-tempus-nederlandsk-grammatik\/\">J\u00e4mf\u00f6relse av tempus <\/a><a href=\"https:\/\/talkpal.ai\/sv\/exercise_language\/meningsstruktur-nederlandsk-grammatik\/\">Meningsstruktur <\/a><a href=\"https:\/\/talkpal.ai\/sv\/exercise_language\/prepositioner-nederlandsk-grammatik\/\">Prepositioner <\/a><a href=\"https:\/\/talkpal.ai\/sv\/exercise_language\/pronomen-nederlandsk-grammatik\/\">Pronomen <\/a><a href=\"https:\/\/talkpal.ai\/sv\/exercise_language\/substantiv-nederlandsk-grammatik\/\">Substantiv <\/a><a href=\"https:\/\/talkpal.ai\/sv\/exercise_language\/tempus-indikativ-nederlandsk-grammatik\/\">Tempus indikativ <\/a><a href=\"https:\/\/talkpal.ai\/sv\/exercise_language\/tempus-konjunktiv-nederlandsk-grammatik\/\">Tempus konjunktiv <\/a><a href=\"https:\/\/talkpal.ai\/sv\/exercise_language\/verb-nederlandsk-grammatik\/\">Verb <\/a>    <\/div>\r\n<\/section> -->\r\n\r\n\r\n\r\n\r\n        <section class=\"grammarSection\">\r\n            <div class=\"grammarLinks\">\r\n                <a href=\"https:\/\/talkpal.ai\/sv\/exercise_language\/adjektiv-nederlandsk-grammatik\/\">Adjektiv <\/a><a href=\"https:\/\/talkpal.ai\/sv\/exercise_language\/adverb-nederlandsk-grammatik\/\">Adverb <\/a><a href=\"https:\/\/talkpal.ai\/sv\/exercise_language\/artiklar-nederlandsk-grammatik\/\">Artiklar <\/a><a href=\"https:\/\/talkpal.ai\/sv\/exercise_language\/jamforelse-av-tempus-nederlandsk-grammatik\/\">J\u00e4mf\u00f6relse av tempus <\/a><a href=\"https:\/\/talkpal.ai\/sv\/exercise_language\/meningsstruktur-nederlandsk-grammatik\/\">Meningsstruktur <\/a><a href=\"https:\/\/talkpal.ai\/sv\/exercise_language\/prepositioner-nederlandsk-grammatik\/\">Prepositioner <\/a><a href=\"https:\/\/talkpal.ai\/sv\/exercise_language\/pronomen-nederlandsk-grammatik\/\">Pronomen <\/a><a href=\"https:\/\/talkpal.ai\/sv\/exercise_language\/substantiv-nederlandsk-grammatik\/\">Substantiv <\/a><a href=\"https:\/\/talkpal.ai\/sv\/exercise_language\/tempus-indikativ-nederlandsk-grammatik\/\">Tempus indikativ <\/a><a href=\"https:\/\/talkpal.ai\/sv\/exercise_language\/tempus-konjunktiv-nederlandsk-grammatik\/\">Tempus konjunktiv <\/a><a href=\"https:\/\/talkpal.ai\/sv\/exercise_language\/verb-nederlandsk-grammatik\/\">Verb <\/a>            <\/div>\r\n        <\/section>\r\n<section class=\"promotionalBanner\">\r\n    <p class=\"promotionalText\">Det mest effektiva s\u00e4ttet att l\u00e4ra sig ett spr\u00e5k<\/p>\r\n    <a class=\"promotionalLink\" href=\"https:\/\/app.talkpal.ai\/sv\/signup?lng=\">Prova Talkpal gratis<\/a>\r\n<\/section>\n<div class=\"wp-block-group pageContainerStyle\"><div class=\"wp-block-group__inner-container is-layout-constrained wp-block-group-is-layout-constrained\">\n<h2 class=\"wp-block-heading\" id=\"h-dutch-grammar-topics\">Holl\u00e4ndska grammatik\u00e4mnen<\/h2>\n\n\n\n<p>Att l\u00e4ra sig nederl\u00e4ndska kan vara en sp\u00e4nnande och givande upplevelse, eftersom det \u00f6ppnar d\u00f6rren till en rik kultur, historia och m\u00f6jligheter till personlig och professionell utveckling. Det nederl\u00e4ndska spr\u00e5ket, \u00e4ven om det \u00e4r n\u00e4ra besl\u00e4ktat med <a href=\"https:\/\/talkpal.ai\/learn-english-with-ai\/\">engelska<\/a> och <a href=\"https:\/\/talkpal.ai\/german-grammar-exercises\/\">tyska<\/a>, har sina egna unika grammatikregler och struktur, vilket kan verka utmanande till en b\u00f6rjan. Men med engagemang och r\u00e4tt tillv\u00e4gag\u00e5ngss\u00e4tt kan du beh\u00e4rska det nederl\u00e4ndska spr\u00e5ket och kommunicera flytande med modersm\u00e5lstalare. I <a href=\"https:\/\/talkpal.ai\/culture\/how-do-i-use-den-har-and-det-har\/\">den h\u00e4r<\/a> guiden kommer vi att utforska n\u00e5gra viktiga nederl\u00e4ndska grammatik\u00e4mnen, grupperade i en sekvens som hj\u00e4lper dig att l\u00e4ra dig spr\u00e5ket p\u00e5 ett systematiskt och effektivt s\u00e4tt.<\/p>\n\n\n\n<h3 class=\"wp-block-heading\" id=\"h-1-nouns-and-articles\">1. Substantiv och artiklar:<\/h3>\n\n\n\n<p>B\u00f6rja med att bekanta dig med nederl\u00e4ndska substantiv och deras k\u00f6nsklassificering (vanligt och neutrum). L\u00e4r dig de best\u00e4mda och obest\u00e4mda artiklarna som f\u00f6ljer med dem, s\u00e5v\u00e4l som pluralformer och diminutiv\u00e4ndelser.<\/p>\n\n\n\n<h3 class=\"wp-block-heading\" id=\"h-2-adjectives\">2. Adjektiv:<\/h3>\n\n\n\n<p>Studera sedan reglerna f\u00f6r adjektivkongruens med substantiv i termer av genus, numerus och f\u00f6rekomsten av best\u00e4mda artiklar. L\u00e4r dig hur adjektiv b\u00f6js baserat p\u00e5 dessa faktorer och hur du anv\u00e4nder komparativa och superlativa former.<\/p>\n\n\n\n<h3 class=\"wp-block-heading\" id=\"h-3-pronouns\">3. Pronomen:<\/h3>\n\n\n\n<p>Dyk in i en v\u00e4rld av nederl\u00e4ndska pronomen, inklusive personliga, possessiva, demonstrativa, reflexiva och relativa pronomen. F\u00f6rst\u00e5 hur de ers\u00e4tter substantiv och hur de \u00f6verensst\u00e4mmer med dem n\u00e4r det g\u00e4ller genus och numerus.<\/p>\n\n\n\n<h3 class=\"wp-block-heading\" id=\"h-4-verbs\">4. Verb:<\/h3>\n\n\n\n<p>Fokusera nu p\u00e5 nederl\u00e4ndska verb och deras b\u00f6jningsm\u00f6nster i nutid, d\u00e5tid och framtid. L\u00e4r dig skillnaden mellan starka, svaga och <a href=\"https:\/\/talkpal.ai\/sv\/grammar\/oregelbundna-verb-i-armenisk-grammatik\/\">oregelbundna verb<\/a> och bekanta dig med reglerna f\u00f6r att bilda perfekt och pluperfekt.<\/p>\n\n\n\n<h3 class=\"wp-block-heading\" id=\"h-5-tenses-indicative\">5. Tempus v\u00e4gledande:<\/h3>\n\n\n\n<p>Studera <a href=\"https:\/\/talkpal.ai\/sv\/grammar\/indikativ-stamning-och-letisk-grammatik\/\">indikativ st\u00e4mning<\/a> p\u00e5 nederl\u00e4ndska, som anv\u00e4nds f\u00f6r att uttrycka p\u00e5st\u00e5enden om fakta och sannolikhet. L\u00e4r dig hur du b\u00f6jer verb i nutid, d\u00e5tid och framtid i denna modus, s\u00e5v\u00e4l som de villkorliga och imperativa formerna.<\/p>\n\n\n\n<h3 class=\"wp-block-heading\" id=\"h-6-tenses-subjunctive\">6. Tempus konjunktiv:<\/h3>\n\n\n\n<p>\u00c4ven om det \u00e4r mindre vanligt i modern nederl\u00e4ndska, \u00e4r konjunktivmodus viktigt f\u00f6r att f\u00f6rst\u00e5 \u00e4ldre texter och formellt spr\u00e5k. L\u00e4r dig hur man bildar <a href=\"https:\/\/talkpal.ai\/ja\/grammar_exercises\/konjunktiv-%e3%83%89%e3%82%a4%e3%83%84%e6%96%87%e6%b3%95%e3%81%ae%e6%bc%94%e7%bf%92\/\">konjunktiv<\/a> p\u00e5 nederl\u00e4ndska och n\u00e4r man ska anv\u00e4nda det.<\/p>\n\n\n\n<h3 class=\"wp-block-heading\" id=\"h-7-tense-comparison\">7. Sp\u00e4nd j\u00e4mf\u00f6relse:<\/h3>\n\n\n\n<p>N\u00e4r du har beh\u00e4rskat de olika tempusformerna fokuserar du p\u00e5 att f\u00f6rst\u00e5 skillnaderna och likheterna mellan dem. L\u00e4r dig hur du anv\u00e4nder varje tempus p\u00e5 r\u00e4tt s\u00e4tt i sitt sammanhang och hur de interagerar med varandra.<\/p>\n\n\n\n<h3 class=\"wp-block-heading\" id=\"h-8-adverbs\">8. Adverb:<\/h3>\n\n\n\n<p>Studera nederl\u00e4ndska adverb och deras olika funktioner i meningar. L\u00e4r dig hur du bildar adverb fr\u00e5n adjektiv och hur du anv\u00e4nder dem f\u00f6r att modifiera verb, adjektiv och andra adverb.<\/p>\n\n\n\n<h3 class=\"wp-block-heading\" id=\"h-9-prepositions\">9. Prepositioner:<\/h3>\n\n\n\n<p>Utveckla en stark f\u00f6rst\u00e5else f\u00f6r nederl\u00e4ndska prepositioner och deras anv\u00e4ndning med substantiv, pronomen och verb. L\u00e4r dig hur de uttrycker relationer i tid, rum och andra sammanhang.<\/p>\n\n\n\n<h3 class=\"wp-block-heading\" id=\"h-10-sentence-structure\">10. Meningsbyggnad:<\/h3>\n\n\n\n<p>Slutligen, samla ihop allt genom att studera nederl\u00e4ndsk meningsstruktur och ordf\u00f6ljd. L\u00e4r dig reglerna f\u00f6r att konstruera enkla och komplexa meningar, inklusive deklarativa, fr\u00e5gande, imperativa och utropande meningar.<\/p>\n\n\n\n<p>Genom att f\u00f6lja denna sekvens av grammatik\u00e4mnen och \u00e4gna tid \u00e5t \u00f6vning och repetition kommer du att vara p\u00e5 god v\u00e4g att beh\u00e4rska det nederl\u00e4ndska spr\u00e5ket. Kom ih\u00e5g att konsekvens och t\u00e5lamod \u00e4r nyckeln till att l\u00e4ra sig ett nytt spr\u00e5k. Lycka till och njut av resan!<\/p>\n<\/div><\/div>\n\r\n<section class=\"learnNavigationSection\">\r\n            \r\n        <a href=\"https:\/\/talkpal.ai\/sv\/lar-dig-nederlandska\/\">\r\n            <div class=\"learnNavigationWrapper\">\r\n                <div class=\"learnNavigationContent\">\r\n                    <img decoding=\"async\" src=\"https:\/\/talkpal.ai\/wp-content\/uploads\/2024\/08\/Dutch.jpg\" alt=\"Netherlands Flag\">\r\n                    <div>\r\n                        <h4>Om Dutch Learning<\/h4>\r\n                        <p>Ta reda p\u00e5 allt om nederl\u00e4ndsk grammatik.<\/p>\r\n                    <\/div>\r\n                <\/div>\r\n            <\/div>\r\n        <\/a>\r\n\r\n        \r\n        <a href=\"https:\/\/talkpal.ai\/sv\/nederlandsk-grammatik\/\">\r\n            <div class=\"learnNavigationWrapper\">\r\n                <div class=\"learnNavigationContent\">\r\n                    <img decoding=\"async\" src=\"https:\/\/talkpal.ai\/wp-content\/uploads\/2024\/08\/Dutch.jpg\" alt=\"Netherlands Flag\">\r\n                    <div>\r\n                        <h4>Lektioner i nederl\u00e4ndsk grammatik<\/h4>\r\n                        <p>\u00d6va nederl\u00e4ndsk grammatik.<\/p>\r\n                    <\/div>\r\n                <\/div>\r\n            <\/div>\r\n        <\/a>\r\n\r\n        \r\n        <a href=\"https:\/\/talkpal.ai\/vocabulary_language\/dutch\/\">\r\n            <div class=\"learnNavigationWrapper\">\r\n                <div class=\"learnNavigationContent\">\r\n                    <img decoding=\"async\" src=\"https:\/\/talkpal.ai\/wp-content\/uploads\/2024\/08\/Dutch.jpg\" alt=\"Netherlands Flag\">\r\n                    <div>\r\n                        <h4>Nederl\u00e4ndsk vokabul\u00e4r<\/h4>\r\n                        <p>Ut\u00f6ka ditt nederl\u00e4ndska ordf\u00f6rr\u00e5d.<\/p>\r\n                    <\/div>\r\n                <\/div>\r\n            <\/div>\r\n        <\/a>\r\n\r\n            <\/section>","protected":false},"excerpt":{"rendered":"<p>Holl\u00e4ndska grammatik\u00e4mnen Att l\u00e4ra sig nederl\u00e4ndska kan vara en sp\u00e4nnande och givande upplevelse, eftersom det \u00f6ppnar d\u00f6rren till en rik kultur, historia och m\u00f6jligheter till personlig och professionell utveckling. Det nederl\u00e4ndska spr\u00e5ket, \u00e4ven om det \u00e4r n\u00e4ra besl\u00e4ktat med engelska och tyska, har sina egna unika grammatikregler och struktur, vilket kan verka utmanande till en [&hellip;]<\/p>\n","protected":false},"author":6,"featured_media":11590,"parent":0,"menu_order":0,"comment_status":"closed","ping_status":"closed","template":"LearningContentPage.php","meta":{"_acf_changed":false,"footnotes":""},"class_list":["post-133188","page","type-page","status-publish","has-post-thumbnail","hentry"],"acf":[],"yoast_head":"<!-- This site is optimized with the Yoast SEO Premium plugin v27.2 (Yoast SEO v27.2) - https:\/\/yoast.com\/product\/yoast-seo-premium-wordpress\/ -->\n<title>Holl\u00e4ndska grammatik\u00f6vningar - Talkpal<\/title>\n<meta name=\"description\" content=\"F\u00f6rb\u00e4ttra dina spr\u00e5kkunskaper med interaktiva \u00f6vningar i nederl\u00e4ndsk grammatik fr\u00e5n Talkpal, din AI-drivna spr\u00e5khandledare.\" \/>\n<meta name=\"robots\" content=\"index, follow, max-snippet:-1, max-image-preview:large, max-video-preview:-1\" \/>\n<link rel=\"canonical\" href=\"https:\/\/talkpal.ai\/sv\/hollandska-grammatikovningar\/\" \/>\n<meta property=\"og:locale\" content=\"sv_SE\" \/>\n<meta property=\"og:type\" content=\"article\" \/>\n<meta property=\"og:title\" content=\"Holl\u00e4ndska grammatik\u00f6vningar\" \/>\n<meta property=\"og:description\" content=\"Holl\u00e4ndska grammatik\u00e4mnen Att l\u00e4ra sig nederl\u00e4ndska kan vara en sp\u00e4nnande och givande upplevelse, eftersom det \u00f6ppnar d\u00f6rren till en rik kultur, historia\" \/>\n<meta property=\"og:url\" content=\"https:\/\/talkpal.ai\/sv\/hollandska-grammatikovningar\/\" \/>\n<meta property=\"og:site_name\" content=\"Talkpal\" \/>\n<meta property=\"article:publisher\" content=\"https:\/\/www.facebook.com\/profile.php?id=100090733639311\" \/>\n<meta property=\"article:modified_time\" content=\"2025-12-17T15:27:15+00:00\" \/>\n<meta property=\"og:image\" content=\"https:\/\/talkpal.ai\/wp-content\/uploads\/2023\/04\/netherlands-dutch.png\" \/>\n\t<meta property=\"og:image:width\" content=\"512\" \/>\n\t<meta property=\"og:image:height\" content=\"512\" \/>\n\t<meta property=\"og:image:type\" content=\"image\/png\" \/>\n<meta name=\"twitter:card\" content=\"summary_large_image\" \/>\n<meta name=\"twitter:site\" content=\"@talkpalai\" \/>\n<meta name=\"twitter:label1\" content=\"Ber\u00e4knad l\u00e4stid\" \/>\n\t<meta name=\"twitter:data1\" content=\"3 minuter\" \/>\n<script type=\"application\/ld+json\" class=\"yoast-schema-graph\">{\"@context\":\"https:\/\/schema.org\",\"@graph\":[{\"@type\":\"WebPage\",\"@id\":\"https:\/\/talkpal.ai\/sv\/hollandska-grammatikovningar\/\",\"url\":\"https:\/\/talkpal.ai\/sv\/hollandska-grammatikovningar\/\",\"name\":\"Holl\u00e4ndska grammatik\u00f6vningar - Talkpal\",\"isPartOf\":{\"@id\":\"https:\/\/talkpal.ai\/sv\/#website\"},\"primaryImageOfPage\":{\"@id\":\"https:\/\/talkpal.ai\/sv\/hollandska-grammatikovningar\/#primaryimage\"},\"image\":{\"@id\":\"https:\/\/talkpal.ai\/sv\/hollandska-grammatikovningar\/#primaryimage\"},\"thumbnailUrl\":\"https:\/\/talkpal.ai\/wp-content\/uploads\/2023\/04\/netherlands-dutch.png\",\"datePublished\":\"2023-06-16T09:41:10+00:00\",\"dateModified\":\"2025-12-17T15:27:15+00:00\",\"description\":\"F\u00f6rb\u00e4ttra dina spr\u00e5kkunskaper med interaktiva \u00f6vningar i nederl\u00e4ndsk grammatik fr\u00e5n Talkpal, din AI-drivna spr\u00e5khandledare.\",\"breadcrumb\":{\"@id\":\"https:\/\/talkpal.ai\/sv\/hollandska-grammatikovningar\/#breadcrumb\"},\"inLanguage\":\"sv-SE\",\"potentialAction\":[{\"@type\":\"ReadAction\",\"target\":[\"https:\/\/talkpal.ai\/sv\/hollandska-grammatikovningar\/\"]}]},{\"@type\":\"ImageObject\",\"inLanguage\":\"sv-SE\",\"@id\":\"https:\/\/talkpal.ai\/sv\/hollandska-grammatikovningar\/#primaryimage\",\"url\":\"https:\/\/talkpal.ai\/wp-content\/uploads\/2023\/04\/netherlands-dutch.png\",\"contentUrl\":\"https:\/\/talkpal.ai\/wp-content\/uploads\/2023\/04\/netherlands-dutch.png\",\"width\":512,\"height\":512},{\"@type\":\"BreadcrumbList\",\"@id\":\"https:\/\/talkpal.ai\/sv\/hollandska-grammatikovningar\/#breadcrumb\",\"itemListElement\":[{\"@type\":\"ListItem\",\"position\":1,\"name\":\"Homepage\",\"item\":\"https:\/\/talkpal.ai\/sv\/\"},{\"@type\":\"ListItem\",\"position\":2,\"name\":\"Holl\u00e4ndska grammatik\u00f6vningar\"}]},{\"@type\":\"WebSite\",\"@id\":\"https:\/\/talkpal.ai\/sv\/#website\",\"url\":\"https:\/\/talkpal.ai\/sv\/\",\"name\":\"Talkpal\",\"description\":\"AI Language Learning\",\"publisher\":{\"@id\":\"https:\/\/talkpal.ai\/sv\/#organization\"},\"alternateName\":\"Talkpal AI\",\"potentialAction\":[{\"@type\":\"SearchAction\",\"target\":{\"@type\":\"EntryPoint\",\"urlTemplate\":\"https:\/\/talkpal.ai\/sv\/?s={search_term_string}\"},\"query-input\":{\"@type\":\"PropertyValueSpecification\",\"valueRequired\":true,\"valueName\":\"search_term_string\"}}],\"inLanguage\":\"sv-SE\"},{\"@type\":\"Organization\",\"@id\":\"https:\/\/talkpal.ai\/sv\/#organization\",\"name\":\"Talkpal, Inc.\",\"alternateName\":\"Talkpal AI\",\"url\":\"https:\/\/talkpal.ai\/sv\/\",\"logo\":{\"@type\":\"ImageObject\",\"inLanguage\":\"sv-SE\",\"@id\":\"https:\/\/talkpal.ai\/sv\/#\/schema\/logo\/image\/\",\"url\":\"https:\/\/talkpal.ai\/wp-content\/uploads\/2024\/03\/Talkpal-Logo-Icon.png\",\"contentUrl\":\"https:\/\/talkpal.ai\/wp-content\/uploads\/2024\/03\/Talkpal-Logo-Icon.png\",\"width\":2880,\"height\":2880,\"caption\":\"Talkpal, Inc.\"},\"image\":{\"@id\":\"https:\/\/talkpal.ai\/sv\/#\/schema\/logo\/image\/\"},\"sameAs\":[\"https:\/\/www.facebook.com\/profile.php?id=100090733639311\",\"https:\/\/x.com\/talkpalai\",\"https:\/\/www.linkedin.com\/company\/talkpal\/\",\"https:\/\/www.youtube.com\/@TalkPal\/\",\"https:\/\/www.tiktok.com\/@talkpal\",\"https:\/\/www.instagram.com\/talkpal_ai\/\",\"https:\/\/www.crunchbase.com\/organization\/talkpal-9cde\",\"https:\/\/www.g2.com\/products\/talkpal-for-business\/\",\"https:\/\/www.trustpilot.com\/review\/talkpal.ai\",\"https:\/\/www.capterra.com\/p\/10006800\/TalkPal\/\"],\"description\":\"Talkpal is a language learning web and mobile education app, powered by the latest AI technologies, that provides engaging experiences to its customers in many different languages to help them improve their language skills. Users can chat about unlimited amount of topics with the app and use other modes to practice their language learning.\",\"email\":\"support@talkpal.ai\",\"legalName\":\"Talkpal, Inc.\",\"foundingDate\":\"2023-04-03\",\"duns\":\"118989042\",\"numberOfEmployees\":{\"@type\":\"QuantitativeValue\",\"minValue\":\"11\",\"maxValue\":\"50\"},\"publishingPrinciples\":\"https:\/\/talkpal.ai\/publishing-principles\/\",\"actionableFeedbackPolicy\":\"https:\/\/talkpal.ai\/actionable-feedback-policy\/\",\"correctionsPolicy\":\"https:\/\/talkpal.ai\/corrections-policy\/\",\"ethicsPolicy\":\"https:\/\/talkpal.ai\/ethics-policy\/\",\"diversityPolicy\":\"https:\/\/talkpal.ai\/diversity-policy\/\",\"diversityStaffingReport\":\"https:\/\/talkpal.ai\/diversity-policy\/\"}]}<\/script>\n<!-- \/ Yoast SEO Premium plugin. -->","yoast_head_json":{"title":"Holl\u00e4ndska grammatik\u00f6vningar - Talkpal","description":"F\u00f6rb\u00e4ttra dina spr\u00e5kkunskaper med interaktiva \u00f6vningar i nederl\u00e4ndsk grammatik fr\u00e5n Talkpal, din AI-drivna spr\u00e5khandledare.","robots":{"index":"index","follow":"follow","max-snippet":"max-snippet:-1","max-image-preview":"max-image-preview:large","max-video-preview":"max-video-preview:-1"},"canonical":"https:\/\/talkpal.ai\/sv\/hollandska-grammatikovningar\/","og_locale":"sv_SE","og_type":"article","og_title":"Holl\u00e4ndska grammatik\u00f6vningar","og_description":"Holl\u00e4ndska grammatik\u00e4mnen Att l\u00e4ra sig nederl\u00e4ndska kan vara en sp\u00e4nnande och givande upplevelse, eftersom det \u00f6ppnar d\u00f6rren till en rik kultur, historia","og_url":"https:\/\/talkpal.ai\/sv\/hollandska-grammatikovningar\/","og_site_name":"Talkpal","article_publisher":"https:\/\/www.facebook.com\/profile.php?id=100090733639311","article_modified_time":"2025-12-17T15:27:15+00:00","og_image":[{"width":512,"height":512,"url":"https:\/\/talkpal.ai\/wp-content\/uploads\/2023\/04\/netherlands-dutch.png","type":"image\/png"}],"twitter_card":"summary_large_image","twitter_site":"@talkpalai","twitter_misc":{"Ber\u00e4knad l\u00e4stid":"3 minuter"},"schema":{"@context":"https:\/\/schema.org","@graph":[{"@type":"WebPage","@id":"https:\/\/talkpal.ai\/sv\/hollandska-grammatikovningar\/","url":"https:\/\/talkpal.ai\/sv\/hollandska-grammatikovningar\/","name":"Holl\u00e4ndska grammatik\u00f6vningar - Talkpal","isPartOf":{"@id":"https:\/\/talkpal.ai\/sv\/#website"},"primaryImageOfPage":{"@id":"https:\/\/talkpal.ai\/sv\/hollandska-grammatikovningar\/#primaryimage"},"image":{"@id":"https:\/\/talkpal.ai\/sv\/hollandska-grammatikovningar\/#primaryimage"},"thumbnailUrl":"https:\/\/talkpal.ai\/wp-content\/uploads\/2023\/04\/netherlands-dutch.png","datePublished":"2023-06-16T09:41:10+00:00","dateModified":"2025-12-17T15:27:15+00:00","description":"F\u00f6rb\u00e4ttra dina spr\u00e5kkunskaper med interaktiva \u00f6vningar i nederl\u00e4ndsk grammatik fr\u00e5n Talkpal, din AI-drivna spr\u00e5khandledare.","breadcrumb":{"@id":"https:\/\/talkpal.ai\/sv\/hollandska-grammatikovningar\/#breadcrumb"},"inLanguage":"sv-SE","potentialAction":[{"@type":"ReadAction","target":["https:\/\/talkpal.ai\/sv\/hollandska-grammatikovningar\/"]}]},{"@type":"ImageObject","inLanguage":"sv-SE","@id":"https:\/\/talkpal.ai\/sv\/hollandska-grammatikovningar\/#primaryimage","url":"https:\/\/talkpal.ai\/wp-content\/uploads\/2023\/04\/netherlands-dutch.png","contentUrl":"https:\/\/talkpal.ai\/wp-content\/uploads\/2023\/04\/netherlands-dutch.png","width":512,"height":512},{"@type":"BreadcrumbList","@id":"https:\/\/talkpal.ai\/sv\/hollandska-grammatikovningar\/#breadcrumb","itemListElement":[{"@type":"ListItem","position":1,"name":"Homepage","item":"https:\/\/talkpal.ai\/sv\/"},{"@type":"ListItem","position":2,"name":"Holl\u00e4ndska grammatik\u00f6vningar"}]},{"@type":"WebSite","@id":"https:\/\/talkpal.ai\/sv\/#website","url":"https:\/\/talkpal.ai\/sv\/","name":"Talkpal","description":"AI Language Learning","publisher":{"@id":"https:\/\/talkpal.ai\/sv\/#organization"},"alternateName":"Talkpal AI","potentialAction":[{"@type":"SearchAction","target":{"@type":"EntryPoint","urlTemplate":"https:\/\/talkpal.ai\/sv\/?s={search_term_string}"},"query-input":{"@type":"PropertyValueSpecification","valueRequired":true,"valueName":"search_term_string"}}],"inLanguage":"sv-SE"},{"@type":"Organization","@id":"https:\/\/talkpal.ai\/sv\/#organization","name":"Talkpal, Inc.","alternateName":"Talkpal AI","url":"https:\/\/talkpal.ai\/sv\/","logo":{"@type":"ImageObject","inLanguage":"sv-SE","@id":"https:\/\/talkpal.ai\/sv\/#\/schema\/logo\/image\/","url":"https:\/\/talkpal.ai\/wp-content\/uploads\/2024\/03\/Talkpal-Logo-Icon.png","contentUrl":"https:\/\/talkpal.ai\/wp-content\/uploads\/2024\/03\/Talkpal-Logo-Icon.png","width":2880,"height":2880,"caption":"Talkpal, Inc."},"image":{"@id":"https:\/\/talkpal.ai\/sv\/#\/schema\/logo\/image\/"},"sameAs":["https:\/\/www.facebook.com\/profile.php?id=100090733639311","https:\/\/x.com\/talkpalai","https:\/\/www.linkedin.com\/company\/talkpal\/","https:\/\/www.youtube.com\/@TalkPal\/","https:\/\/www.tiktok.com\/@talkpal","https:\/\/www.instagram.com\/talkpal_ai\/","https:\/\/www.crunchbase.com\/organization\/talkpal-9cde","https:\/\/www.g2.com\/products\/talkpal-for-business\/","https:\/\/www.trustpilot.com\/review\/talkpal.ai","https:\/\/www.capterra.com\/p\/10006800\/TalkPal\/"],"description":"Talkpal is a language learning web and mobile education app, powered by the latest AI technologies, that provides engaging experiences to its customers in many different languages to help them improve their language skills. Users can chat about unlimited amount of topics with the app and use other modes to practice their language learning.","email":"support@talkpal.ai","legalName":"Talkpal, Inc.","foundingDate":"2023-04-03","duns":"118989042","numberOfEmployees":{"@type":"QuantitativeValue","minValue":"11","maxValue":"50"},"publishingPrinciples":"https:\/\/talkpal.ai\/publishing-principles\/","actionableFeedbackPolicy":"https:\/\/talkpal.ai\/actionable-feedback-policy\/","correctionsPolicy":"https:\/\/talkpal.ai\/corrections-policy\/","ethicsPolicy":"https:\/\/talkpal.ai\/ethics-policy\/","diversityPolicy":"https:\/\/talkpal.ai\/diversity-policy\/","diversityStaffingReport":"https:\/\/talkpal.ai\/diversity-policy\/"}]}},"_links":{"self":[{"href":"https:\/\/talkpal.ai\/sv\/wp-json\/wp\/v2\/pages\/133188","targetHints":{"allow":["GET"]}}],"collection":[{"href":"https:\/\/talkpal.ai\/sv\/wp-json\/wp\/v2\/pages"}],"about":[{"href":"https:\/\/talkpal.ai\/sv\/wp-json\/wp\/v2\/types\/page"}],"author":[{"embeddable":true,"href":"https:\/\/talkpal.ai\/sv\/wp-json\/wp\/v2\/users\/6"}],"replies":[{"embeddable":true,"href":"https:\/\/talkpal.ai\/sv\/wp-json\/wp\/v2\/comments?post=133188"}],"version-history":[{"count":0,"href":"https:\/\/talkpal.ai\/sv\/wp-json\/wp\/v2\/pages\/133188\/revisions"}],"wp:featuredmedia":[{"embeddable":true,"href":"https:\/\/talkpal.ai\/sv\/wp-json\/wp\/v2\/media\/11590"}],"wp:attachment":[{"href":"https:\/\/talkpal.ai\/sv\/wp-json\/wp\/v2\/media?parent=133188"}],"curies":[{"name":"wp","href":"https:\/\/api.w.org\/{rel}","templated":true}]}}