{"id":132552,"date":"2023-06-16T09:31:38","date_gmt":"2023-06-16T09:31:38","guid":{"rendered":"http:\/\/talkpal.ai\/ovningar-i-arabisk-grammatik\/"},"modified":"2025-05-22T20:15:24","modified_gmt":"2025-05-22T20:15:24","slug":"ovningar-i-arabisk-grammatik","status":"publish","type":"page","link":"https:\/\/talkpal.ai\/sv\/ovningar-i-arabisk-grammatik\/","title":{"rendered":"\u00d6vningar i arabisk grammatik"},"content":{"rendered":"\r\n\r\n\r\n<section class=\"languageChallengeSection\">\r\n    <div class=\"languageInfoWrapper\">\r\n        \r\n        <h1>\u00d6vningar i arabisk grammatik<\/h1>\r\n        <p>\u00c4r du redo att f\u00f6rb\u00e4ttra dina kunskaper i arabiska? Att \u00f6va p\u00e5 grammatik\u00f6vningar \u00e4r viktigt f\u00f6r att beh\u00e4rska meningsbyggnad, verbformer och det arabiska spr\u00e5kets unika m\u00f6nster. Fokusera p\u00e5 dessa \u00f6vningar f\u00f6r att \u00f6ka ditt sj\u00e4lvf\u00f6rtroende, ut\u00f6ka ditt ordf\u00f6rr\u00e5d och g\u00f6ra det mycket l\u00e4ttare att uttrycka dig p\u00e5 arabiska. B\u00f6rja \u00f6va idag och se dina spr\u00e5kkunskaper v\u00e4xa!<\/p>\r\n\r\n                            <a class=\"getStartedHidden\" href=\"https:\/\/app.talkpal.ai\/sv\/signup?lng=\">Kom ig\u00e5ng<\/a>\r\n        \r\n    <\/div>\r\n\r\n    <figure>\r\n    <img decoding=\"async\" width=\"768\" height=\"768\" src=\"https:\/\/talkpal.ai\/wp-content\/uploads\/2023\/06\/arabic-768x768.png\" class=\"languageImage no-lazy\" alt=\"Default alt text\" fetchpriority=\"high\" sizes=\"(max-width: 768px) 150px, 768px\" srcset=\"https:\/\/talkpal.ai\/wp-content\/uploads\/2023\/06\/arabic-768x768.png 768w, https:\/\/talkpal.ai\/wp-content\/uploads\/2023\/06\/arabic-300x300.png 300w\" \/>\r\n    \r\n\r\n    <\/figure>\r\n\r\n            <a class=\"getStartedVisible\" href=\"https:\/\/app.talkpal.ai\/sv\/signup?lng=\">Kom ig\u00e5ng<\/a>\r\n    \r\n<\/section>\r\n\r\n\r\n<!-- <section class=\"grammarSection\">\r\n    <div class=\"grammarLinks\">\r\n        <a href=\"https:\/\/talkpal.ai\/sv\/exercise_language\/adjektiv-arabisk-grammatik\/\">Adjektiv <\/a><a href=\"https:\/\/talkpal.ai\/sv\/exercise_language\/adverb-arabisk-grammatik\/\">Adverb <\/a><a href=\"https:\/\/talkpal.ai\/sv\/exercise_language\/artiklar-arabisk-grammatik\/\">Artiklar <\/a><a href=\"https:\/\/talkpal.ai\/sv\/exercise_language\/idaafa-genitivkonstruktion-arabisk-grammatik\/\">idaafa (genitivkonstruktion) <\/a><a href=\"https:\/\/talkpal.ai\/sv\/exercise_language\/jamforelse-av-tempus-arabisk-grammatik\/\">J\u00e4mf\u00f6relse av tempus <\/a><a href=\"https:\/\/talkpal.ai\/sv\/exercise_language\/meningsbyggnad-arabisk-grammatik\/\">Meningsbyggnad <\/a><a href=\"https:\/\/talkpal.ai\/sv\/exercise_language\/prepositioner-arabisk-grammatik\/\">Prepositioner <\/a><a href=\"https:\/\/talkpal.ai\/sv\/exercise_language\/pronomen-arabisk-grammatik\/\">Pronomen <\/a><a href=\"https:\/\/talkpal.ai\/sv\/exercise_language\/substantiv-arabisk-grammatik\/\">Substantiv <\/a><a href=\"https:\/\/talkpal.ai\/sv\/exercise_language\/tempus-indikativ-arabisk-grammatik\/\">Tempus indikativ <\/a><a href=\"https:\/\/talkpal.ai\/sv\/exercise_language\/tempus-konjunktiv-arabisk-grammatik\/\">Tempus konjunktiv <\/a><a href=\"https:\/\/talkpal.ai\/sv\/exercise_language\/verb-arabisk-grammatik\/\">Verb <\/a>    <\/div>\r\n<\/section> -->\r\n\r\n\r\n\r\n\r\n        <section class=\"grammarSection\">\r\n            <div class=\"grammarLinks\">\r\n                <a href=\"https:\/\/talkpal.ai\/sv\/exercise_language\/adjektiv-arabisk-grammatik\/\">Adjektiv <\/a><a href=\"https:\/\/talkpal.ai\/sv\/exercise_language\/adverb-arabisk-grammatik\/\">Adverb <\/a><a href=\"https:\/\/talkpal.ai\/sv\/exercise_language\/artiklar-arabisk-grammatik\/\">Artiklar <\/a><a href=\"https:\/\/talkpal.ai\/sv\/exercise_language\/idaafa-genitivkonstruktion-arabisk-grammatik\/\">idaafa (genitivkonstruktion) <\/a><a href=\"https:\/\/talkpal.ai\/sv\/exercise_language\/jamforelse-av-tempus-arabisk-grammatik\/\">J\u00e4mf\u00f6relse av tempus <\/a><a href=\"https:\/\/talkpal.ai\/sv\/exercise_language\/meningsbyggnad-arabisk-grammatik\/\">Meningsbyggnad <\/a><a href=\"https:\/\/talkpal.ai\/sv\/exercise_language\/prepositioner-arabisk-grammatik\/\">Prepositioner <\/a><a href=\"https:\/\/talkpal.ai\/sv\/exercise_language\/pronomen-arabisk-grammatik\/\">Pronomen <\/a><a href=\"https:\/\/talkpal.ai\/sv\/exercise_language\/substantiv-arabisk-grammatik\/\">Substantiv <\/a><a href=\"https:\/\/talkpal.ai\/sv\/exercise_language\/tempus-indikativ-arabisk-grammatik\/\">Tempus indikativ <\/a><a href=\"https:\/\/talkpal.ai\/sv\/exercise_language\/tempus-konjunktiv-arabisk-grammatik\/\">Tempus konjunktiv <\/a><a href=\"https:\/\/talkpal.ai\/sv\/exercise_language\/verb-arabisk-grammatik\/\">Verb <\/a>            <\/div>\r\n        <\/section>\r\n<section class=\"promotionalBanner\">\r\n    <p class=\"promotionalText\">Det mest effektiva s\u00e4ttet att l\u00e4ra sig ett spr\u00e5k<\/p>\r\n    <a class=\"promotionalLink\" href=\"https:\/\/app.talkpal.ai\/sv\/signup?lng=\">Prova Talkpal gratis<\/a>\r\n<\/section>\n<div class=\"wp-block-group pageContainerStyle\"><div class=\"wp-block-group__inner-container is-layout-constrained wp-block-group-is-layout-constrained\">\n<h2 class=\"wp-block-heading\" id=\"h-arabic-grammar-topics\">\u00c4mnen om arabisk grammatik<\/h2>\n\n\n\n<p>Det arabiska spr\u00e5ket, med sin rika historia och kulturella betydelse, \u00e4r en fascinerande och givande str\u00e4van f\u00f6r spr\u00e5kinl\u00e4rare. Som ett av FN:s sex officiella spr\u00e5k och som <a href=\"https:\/\/talkpal.ai\/locations\/language-courses-in-talas\/\">talas<\/a> av \u00f6ver 420 miljoner m\u00e4nniskor \u00f6ver hela v\u00e4rlden, \u00f6ppnar arabiska m\u00f6jligheter f\u00f6r global kommunikation och f\u00f6rst\u00e5else. Att beh\u00e4rska spr\u00e5ket kr\u00e4ver dock en grundlig f\u00f6rst\u00e5else f\u00f6r dess unika grammatikregler och strukturer. I <a href=\"https:\/\/talkpal.ai\/culture\/how-do-i-use-den-har-and-det-har\/\">den h\u00e4r<\/a> artikeln kommer vi att utforska de viktigaste arabiska grammatik\u00e4mnena som hj\u00e4lper dig att bygga en stark grund i spr\u00e5ket, fr\u00e5n grundl\u00e4ggande tempus och verbb\u00f6jningar till mer komplexa nominal- och verbala meningsstrukturer.<\/p>\n\n\n\n<h3 class=\"wp-block-heading\" id=\"h-1-tenses-indicative\">1. Tempus v\u00e4gledande:<\/h3>\n\n\n\n<p>Indikativ anv\u00e4nds f\u00f6r att uttrycka handlingar eller tillst\u00e5nd i nutid, d\u00e5tid eller framtid. P\u00e5 arabiska \u00e4ndras verbb\u00f6jningen beroende p\u00e5 tempus. B\u00f6rja med att l\u00e4ra dig de grundl\u00e4ggande b\u00f6jningarna f\u00f6r <a href=\"https:\/\/talkpal.ai\/sv\/grammar_exercises\/regelbundna-verbovningar-for-dansk-grammatik\/\">regelbundna verb<\/a> och bekanta dig med de olika m\u00f6nstren f\u00f6r nutid, d\u00e5tid och framtid.<\/p>\n\n\n\n<h3 class=\"wp-block-heading\" id=\"h-2-tenses-subjunctive\">2. Tempus konjunktiv:<\/h3>\n\n\n\n<p><a href=\"https:\/\/talkpal.ai\/ja\/grammar_exercises\/konjunktiv-%e3%83%89%e3%82%a4%e3%83%84%e6%96%87%e6%b3%95%e3%81%ae%e6%bc%94%e7%bf%92\/\">Konjunktiv<\/a> anv\u00e4nds f\u00f6r att uttrycka os\u00e4kerhet, tvivel eller \u00f6nskan. Det \u00e4r viktigt att l\u00e4ra sig de specifika verbkonjugationerna och hur de skiljer sig fr\u00e5n indikativ. Detta hj\u00e4lper dig att f\u00f6rmedla mer nyanserade tankar och k\u00e4nslor i din kommunikation.<\/p>\n\n\n\n<h3 class=\"wp-block-heading\" id=\"h-3-tense-comparison\">3. Sp\u00e4nd j\u00e4mf\u00f6relse:<\/h3>\n\n\n\n<p>Det \u00e4r viktigt att f\u00f6rst\u00e5 skillnaderna mellan indikativ och <a href=\"https:\/\/talkpal.ai\/ja\/grammar_exercises\/konjunktiv-%e3%83%89%e3%82%a4%e3%83%84%e6%96%87%e6%b3%95%e3%81%ae%e6%bc%94%e7%bf%92\/\">konjunktiv<\/a>. Fokusera p\u00e5 hur verbb\u00f6jningarna modifieras och i vilket sammanhang varje tempus anv\u00e4nds.<\/p>\n\n\n\n<h3 class=\"wp-block-heading\" id=\"h-4-verbs\">4. Verb:<\/h3>\n\n\n\n<p>Arabiska verb kategoriseras i olika former baserat p\u00e5 deras grundbokst\u00e4ver och m\u00f6nster. L\u00e4r dig de tio grundl\u00e4ggande formerna av verb och deras b\u00f6jningsregler, vilket hj\u00e4lper dig att k\u00e4nna igen och anv\u00e4nda verb korrekt i olika situationer.<\/p>\n\n\n\n<h3 class=\"wp-block-heading\" id=\"h-5-nouns\">5. Substantiv:<\/h3>\n\n\n\n<p>Arabiska substantiv \u00e4r antingen maskulina eller feminina, och deras \u00e4ndelser \u00e4ndras beroende p\u00e5 deras grammatiska roll i en mening. L\u00e4r dig de olika substantivm\u00f6nstren och hur de p\u00e5verkas av kasusmarkeringar och andra grammatiska element.<\/p>\n\n\n\n<h3 class=\"wp-block-heading\" id=\"h-6-articles\">6. Artiklar:<\/h3>\n\n\n\n<p>Arabiskan har best\u00e4mda och obest\u00e4mda artiklar, som spelar en avg\u00f6rande roll f\u00f6r att identifiera substantiv. L\u00e4r dig reglerna och anv\u00e4ndningen av den best\u00e4mda artikeln &#8221;al-&#8221; och avsaknaden av en obest\u00e4md artikel p\u00e5 arabiska.<\/p>\n\n\n\n<h3 class=\"wp-block-heading\" id=\"h-7-definite-and-indefinite-articles\">7. Best\u00e4mda och obest\u00e4mda artiklar:<\/h3>\n\n\n\n<p>Som tidigare n\u00e4mnts \u00e4r det viktigt att f\u00f6rst\u00e5 anv\u00e4ndningen av best\u00e4mda och obest\u00e4mda artiklar p\u00e5 arabiska. \u00d6va p\u00e5 att anv\u00e4nda dem i meningar med olika substantiv f\u00f6r att st\u00e4rka ditt grepp om konceptet.<\/p>\n\n\n\n<h3 class=\"wp-block-heading\" id=\"h-8-pronouns\">8. Pronomen:<\/h3>\n\n\n\n<p>Arabiska pronomen delas upp i personliga, demonstrativa och relativa pronomen. L\u00e4r dig deras former och anv\u00e4ndning, samt reglerna f\u00f6r att koppla dem till verb, substantiv och prepositioner.<\/p>\n\n\n\n<h3 class=\"wp-block-heading\" id=\"h-9-adjectives\">9. Adjektiv:<\/h3>\n\n\n\n<p>Adjektiv p\u00e5 arabiska \u00f6verensst\u00e4mmer med de substantiv de modifierar i genus och numerus. L\u00e4r dig reglerna f\u00f6r adjektivkongruens och adjektivens grundm\u00f6nster.<\/p>\n\n\n\n<h3 class=\"wp-block-heading\" id=\"h-10-adverbs\">10. Adverb:<\/h3>\n\n\n\n<p>Bekanta dig med vanliga arabiska adverb och deras placering i meningar. Att f\u00f6rst\u00e5 adverbens funktion hj\u00e4lper dig att f\u00f6rmedla mer detaljerad information i din kommunikation.<\/p>\n\n\n\n<h3 class=\"wp-block-heading\" id=\"h-11-prepositions\">11. Prepositioner:<\/h3>\n\n\n\n<p>Arabiska prepositioner \u00e4r viktiga f\u00f6r att koppla ihop ord och fraser och uttrycka relationer mellan dem. L\u00e4r dig de olika prepositionerna och deras anv\u00e4ndning i meningar.<\/p>\n\n\n\n<h3 class=\"wp-block-heading\" id=\"h-12-idaafa-genitive-construction\">12. Idaafa (genitiv konstruktion):<\/h3>\n\n\n\n<p>Idaafa-konstruktionen anv\u00e4nds f\u00f6r att uttrycka besittning eller relationer mellan substantiv. L\u00e4r dig reglerna och m\u00f6nstren f\u00f6r att bilda Idaafa-konstruktioner, som \u00e4r en integrerad del av <a href=\"https:\/\/talkpal.ai\/no\/laer-arabisk\/\">arabisk grammatik<\/a>.<\/p>\n\n\n\n<h3 class=\"wp-block-heading\" id=\"h-13-sentence-structure\">13. Meningsbyggnad:<\/h3>\n\n\n\n<p>Arabiska meningar kan vara antingen nominella eller verbala. L\u00e4r dig den grundl\u00e4ggande strukturen f\u00f6r b\u00e5da typerna av meningar och \u00f6va p\u00e5 att bilda meningar med olika komponenter.<\/p>\n\n\n\n<h3 class=\"wp-block-heading\" id=\"h-14-nominal-and-verbal-sentences\">14. Nominella och verbala meningar:<\/h3>\n\n\n\n<p>Dyk djupare in i skillnaderna mellan <a href=\"https:\/\/talkpal.ai\/sv\/grammar\/nominella-och-verbala-meningar-i-arabisk-grammatik\/\">nominella och verbala meningar<\/a> och l\u00e4r dig hur du anv\u00e4nder dem effektivt i olika sammanhang.<\/p>\n\n\n\n<h3 class=\"wp-block-heading\" id=\"h-15-subject-and-predicate-in-arabic\">15. Subjekt och predikat p\u00e5 arabiska:<\/h3>\n\n\n\n<p>Att f\u00f6rst\u00e5 subjektets och predikatets roller i arabiska meningar \u00e4r grundl\u00e4ggande f\u00f6r effektiv kommunikation. L\u00e4r dig reglerna f\u00f6r att identifiera och anv\u00e4nda subjekt och predikat i olika meningstyper.<\/p>\n<\/div><\/div>\n\r\n<section class=\"learnNavigationSection\">\r\n            \r\n        <a href=\"https:\/\/talkpal.ai\/sv\/lar-dig-arabiska\/\">\r\n            <div class=\"learnNavigationWrapper\">\r\n                <div class=\"learnNavigationContent\">\r\n                    <img decoding=\"async\" src=\"https:\/\/talkpal.ai\/wp-content\/uploads\/2024\/08\/Arabic.jpg\" alt=\"Arabic Flag\">\r\n                    <div>\r\n                        <h4>Om att l\u00e4ra sig arabiska<\/h4>\r\n                        <p>Ta reda p\u00e5 allt om arabisk grammatik.<\/p>\r\n                    <\/div>\r\n                <\/div>\r\n            <\/div>\r\n        <\/a>\r\n\r\n        \r\n        <a href=\"https:\/\/talkpal.ai\/sv\/arabisk-grammatik\/\">\r\n            <div class=\"learnNavigationWrapper\">\r\n                <div class=\"learnNavigationContent\">\r\n                    <img decoding=\"async\" src=\"https:\/\/talkpal.ai\/wp-content\/uploads\/2024\/08\/Arabic.jpg\" alt=\"Arabic Flag\">\r\n                    <div>\r\n                        <h4>Lektioner i arabisk grammatik<\/h4>\r\n                        <p>\u00d6va arabisk grammatik.<\/p>\r\n                    <\/div>\r\n                <\/div>\r\n            <\/div>\r\n        <\/a>\r\n\r\n        \r\n        <a href=\"https:\/\/talkpal.ai\/vocabulary_language\/arabic\/\">\r\n            <div class=\"learnNavigationWrapper\">\r\n                <div class=\"learnNavigationContent\">\r\n                    <img decoding=\"async\" src=\"https:\/\/talkpal.ai\/wp-content\/uploads\/2024\/08\/Arabic.jpg\" alt=\"Arabic Flag\">\r\n                    <div>\r\n                        <h4>Arabisk vokabul\u00e4r<\/h4>\r\n                        <p>Ut\u00f6ka ditt arabiska ordf\u00f6rr\u00e5d.<\/p>\r\n                    <\/div>\r\n                <\/div>\r\n            <\/div>\r\n        <\/a>\r\n\r\n            <\/section>","protected":false},"excerpt":{"rendered":"<p>\u00c4mnen om arabisk grammatik Det arabiska spr\u00e5ket, med sin rika historia och kulturella betydelse, \u00e4r en fascinerande och givande str\u00e4van f\u00f6r spr\u00e5kinl\u00e4rare. Som ett av FN:s sex officiella spr\u00e5k och som talas av \u00f6ver 420 miljoner m\u00e4nniskor \u00f6ver hela v\u00e4rlden, \u00f6ppnar arabiska m\u00f6jligheter f\u00f6r global kommunikation och f\u00f6rst\u00e5else. Att beh\u00e4rska spr\u00e5ket kr\u00e4ver dock en grundlig [&hellip;]<\/p>\n","protected":false},"author":6,"featured_media":11555,"parent":0,"menu_order":0,"comment_status":"closed","ping_status":"closed","template":"LearningContentPage.php","meta":{"_acf_changed":false,"footnotes":""},"class_list":["post-132552","page","type-page","status-publish","has-post-thumbnail","hentry"],"acf":[],"yoast_head":"<!-- This site is optimized with the Yoast SEO Premium plugin v27.2 (Yoast SEO v27.2) - https:\/\/yoast.com\/product\/yoast-seo-premium-wordpress\/ -->\n<title>\u00d6vningar i arabisk grammatik - Talkpal<\/title>\n<meta name=\"description\" content=\"F\u00f6rb\u00e4ttra din f\u00f6rst\u00e5else med arabiska grammatik\u00f6vningar som t\u00e4cker viktiga regler och strukturer f\u00f6r att beh\u00e4rska spr\u00e5ket.\" \/>\n<meta name=\"robots\" content=\"index, follow, max-snippet:-1, max-image-preview:large, max-video-preview:-1\" \/>\n<link rel=\"canonical\" href=\"https:\/\/talkpal.ai\/sv\/ovningar-i-arabisk-grammatik\/\" \/>\n<meta property=\"og:locale\" content=\"sv_SE\" \/>\n<meta property=\"og:type\" content=\"article\" \/>\n<meta property=\"og:title\" content=\"\u00d6vningar i arabisk grammatik\" \/>\n<meta property=\"og:description\" content=\"\u00c4mnen om arabisk grammatik Det arabiska spr\u00e5ket, med sin rika historia och kulturella betydelse, \u00e4r en fascinerande och givande str\u00e4van f\u00f6r spr\u00e5kinl\u00e4rare.\" \/>\n<meta property=\"og:url\" content=\"https:\/\/talkpal.ai\/sv\/ovningar-i-arabisk-grammatik\/\" \/>\n<meta property=\"og:site_name\" content=\"Talkpal\" \/>\n<meta property=\"article:publisher\" content=\"https:\/\/www.facebook.com\/profile.php?id=100090733639311\" \/>\n<meta property=\"article:modified_time\" content=\"2025-05-22T20:15:24+00:00\" \/>\n<meta property=\"og:image\" content=\"https:\/\/talkpal.ai\/wp-content\/uploads\/2023\/04\/arabic-united-arab-emirates.png\" \/>\n\t<meta property=\"og:image:width\" content=\"512\" \/>\n\t<meta property=\"og:image:height\" content=\"512\" \/>\n\t<meta property=\"og:image:type\" content=\"image\/png\" \/>\n<meta name=\"twitter:card\" content=\"summary_large_image\" \/>\n<meta name=\"twitter:site\" content=\"@talkpalai\" \/>\n<meta name=\"twitter:label1\" content=\"Ber\u00e4knad l\u00e4stid\" \/>\n\t<meta name=\"twitter:data1\" content=\"3 minuter\" \/>\n<script type=\"application\/ld+json\" class=\"yoast-schema-graph\">{\"@context\":\"https:\/\/schema.org\",\"@graph\":[{\"@type\":\"WebPage\",\"@id\":\"https:\/\/talkpal.ai\/sv\/ovningar-i-arabisk-grammatik\/\",\"url\":\"https:\/\/talkpal.ai\/sv\/ovningar-i-arabisk-grammatik\/\",\"name\":\"\u00d6vningar i arabisk grammatik - Talkpal\",\"isPartOf\":{\"@id\":\"https:\/\/talkpal.ai\/sv\/#website\"},\"primaryImageOfPage\":{\"@id\":\"https:\/\/talkpal.ai\/sv\/ovningar-i-arabisk-grammatik\/#primaryimage\"},\"image\":{\"@id\":\"https:\/\/talkpal.ai\/sv\/ovningar-i-arabisk-grammatik\/#primaryimage\"},\"thumbnailUrl\":\"https:\/\/talkpal.ai\/wp-content\/uploads\/2023\/04\/arabic-united-arab-emirates.png\",\"datePublished\":\"2023-06-16T09:31:38+00:00\",\"dateModified\":\"2025-05-22T20:15:24+00:00\",\"description\":\"F\u00f6rb\u00e4ttra din f\u00f6rst\u00e5else med arabiska grammatik\u00f6vningar som t\u00e4cker viktiga regler och strukturer f\u00f6r att beh\u00e4rska spr\u00e5ket.\",\"breadcrumb\":{\"@id\":\"https:\/\/talkpal.ai\/sv\/ovningar-i-arabisk-grammatik\/#breadcrumb\"},\"inLanguage\":\"sv-SE\",\"potentialAction\":[{\"@type\":\"ReadAction\",\"target\":[\"https:\/\/talkpal.ai\/sv\/ovningar-i-arabisk-grammatik\/\"]}]},{\"@type\":\"ImageObject\",\"inLanguage\":\"sv-SE\",\"@id\":\"https:\/\/talkpal.ai\/sv\/ovningar-i-arabisk-grammatik\/#primaryimage\",\"url\":\"https:\/\/talkpal.ai\/wp-content\/uploads\/2023\/04\/arabic-united-arab-emirates.png\",\"contentUrl\":\"https:\/\/talkpal.ai\/wp-content\/uploads\/2023\/04\/arabic-united-arab-emirates.png\",\"width\":512,\"height\":512},{\"@type\":\"BreadcrumbList\",\"@id\":\"https:\/\/talkpal.ai\/sv\/ovningar-i-arabisk-grammatik\/#breadcrumb\",\"itemListElement\":[{\"@type\":\"ListItem\",\"position\":1,\"name\":\"Homepage\",\"item\":\"https:\/\/talkpal.ai\/sv\/\"},{\"@type\":\"ListItem\",\"position\":2,\"name\":\"\u00d6vningar i arabisk grammatik\"}]},{\"@type\":\"WebSite\",\"@id\":\"https:\/\/talkpal.ai\/sv\/#website\",\"url\":\"https:\/\/talkpal.ai\/sv\/\",\"name\":\"Talkpal\",\"description\":\"AI Language Learning\",\"publisher\":{\"@id\":\"https:\/\/talkpal.ai\/sv\/#organization\"},\"alternateName\":\"Talkpal AI\",\"potentialAction\":[{\"@type\":\"SearchAction\",\"target\":{\"@type\":\"EntryPoint\",\"urlTemplate\":\"https:\/\/talkpal.ai\/sv\/?s={search_term_string}\"},\"query-input\":{\"@type\":\"PropertyValueSpecification\",\"valueRequired\":true,\"valueName\":\"search_term_string\"}}],\"inLanguage\":\"sv-SE\"},{\"@type\":\"Organization\",\"@id\":\"https:\/\/talkpal.ai\/sv\/#organization\",\"name\":\"Talkpal, Inc.\",\"alternateName\":\"Talkpal AI\",\"url\":\"https:\/\/talkpal.ai\/sv\/\",\"logo\":{\"@type\":\"ImageObject\",\"inLanguage\":\"sv-SE\",\"@id\":\"https:\/\/talkpal.ai\/sv\/#\/schema\/logo\/image\/\",\"url\":\"https:\/\/talkpal.ai\/wp-content\/uploads\/2024\/03\/Talkpal-Logo-Icon.png\",\"contentUrl\":\"https:\/\/talkpal.ai\/wp-content\/uploads\/2024\/03\/Talkpal-Logo-Icon.png\",\"width\":2880,\"height\":2880,\"caption\":\"Talkpal, Inc.\"},\"image\":{\"@id\":\"https:\/\/talkpal.ai\/sv\/#\/schema\/logo\/image\/\"},\"sameAs\":[\"https:\/\/www.facebook.com\/profile.php?id=100090733639311\",\"https:\/\/x.com\/talkpalai\",\"https:\/\/www.linkedin.com\/company\/talkpal\/\",\"https:\/\/www.youtube.com\/@TalkPal\/\",\"https:\/\/www.tiktok.com\/@talkpal\",\"https:\/\/www.instagram.com\/talkpal_ai\/\",\"https:\/\/www.crunchbase.com\/organization\/talkpal-9cde\",\"https:\/\/www.g2.com\/products\/talkpal-for-business\/\",\"https:\/\/www.trustpilot.com\/review\/talkpal.ai\",\"https:\/\/www.capterra.com\/p\/10006800\/TalkPal\/\"],\"description\":\"Talkpal is a language learning web and mobile education app, powered by the latest AI technologies, that provides engaging experiences to its customers in many different languages to help them improve their language skills. Users can chat about unlimited amount of topics with the app and use other modes to practice their language learning.\",\"email\":\"support@talkpal.ai\",\"legalName\":\"Talkpal, Inc.\",\"foundingDate\":\"2023-04-03\",\"duns\":\"118989042\",\"numberOfEmployees\":{\"@type\":\"QuantitativeValue\",\"minValue\":\"11\",\"maxValue\":\"50\"},\"publishingPrinciples\":\"https:\/\/talkpal.ai\/publishing-principles\/\",\"actionableFeedbackPolicy\":\"https:\/\/talkpal.ai\/actionable-feedback-policy\/\",\"correctionsPolicy\":\"https:\/\/talkpal.ai\/corrections-policy\/\",\"ethicsPolicy\":\"https:\/\/talkpal.ai\/ethics-policy\/\",\"diversityPolicy\":\"https:\/\/talkpal.ai\/diversity-policy\/\",\"diversityStaffingReport\":\"https:\/\/talkpal.ai\/diversity-policy\/\"}]}<\/script>\n<!-- \/ Yoast SEO Premium plugin. -->","yoast_head_json":{"title":"\u00d6vningar i arabisk grammatik - Talkpal","description":"F\u00f6rb\u00e4ttra din f\u00f6rst\u00e5else med arabiska grammatik\u00f6vningar som t\u00e4cker viktiga regler och strukturer f\u00f6r att beh\u00e4rska spr\u00e5ket.","robots":{"index":"index","follow":"follow","max-snippet":"max-snippet:-1","max-image-preview":"max-image-preview:large","max-video-preview":"max-video-preview:-1"},"canonical":"https:\/\/talkpal.ai\/sv\/ovningar-i-arabisk-grammatik\/","og_locale":"sv_SE","og_type":"article","og_title":"\u00d6vningar i arabisk grammatik","og_description":"\u00c4mnen om arabisk grammatik Det arabiska spr\u00e5ket, med sin rika historia och kulturella betydelse, \u00e4r en fascinerande och givande str\u00e4van f\u00f6r spr\u00e5kinl\u00e4rare.","og_url":"https:\/\/talkpal.ai\/sv\/ovningar-i-arabisk-grammatik\/","og_site_name":"Talkpal","article_publisher":"https:\/\/www.facebook.com\/profile.php?id=100090733639311","article_modified_time":"2025-05-22T20:15:24+00:00","og_image":[{"width":512,"height":512,"url":"https:\/\/talkpal.ai\/wp-content\/uploads\/2023\/04\/arabic-united-arab-emirates.png","type":"image\/png"}],"twitter_card":"summary_large_image","twitter_site":"@talkpalai","twitter_misc":{"Ber\u00e4knad l\u00e4stid":"3 minuter"},"schema":{"@context":"https:\/\/schema.org","@graph":[{"@type":"WebPage","@id":"https:\/\/talkpal.ai\/sv\/ovningar-i-arabisk-grammatik\/","url":"https:\/\/talkpal.ai\/sv\/ovningar-i-arabisk-grammatik\/","name":"\u00d6vningar i arabisk grammatik - Talkpal","isPartOf":{"@id":"https:\/\/talkpal.ai\/sv\/#website"},"primaryImageOfPage":{"@id":"https:\/\/talkpal.ai\/sv\/ovningar-i-arabisk-grammatik\/#primaryimage"},"image":{"@id":"https:\/\/talkpal.ai\/sv\/ovningar-i-arabisk-grammatik\/#primaryimage"},"thumbnailUrl":"https:\/\/talkpal.ai\/wp-content\/uploads\/2023\/04\/arabic-united-arab-emirates.png","datePublished":"2023-06-16T09:31:38+00:00","dateModified":"2025-05-22T20:15:24+00:00","description":"F\u00f6rb\u00e4ttra din f\u00f6rst\u00e5else med arabiska grammatik\u00f6vningar som t\u00e4cker viktiga regler och strukturer f\u00f6r att beh\u00e4rska spr\u00e5ket.","breadcrumb":{"@id":"https:\/\/talkpal.ai\/sv\/ovningar-i-arabisk-grammatik\/#breadcrumb"},"inLanguage":"sv-SE","potentialAction":[{"@type":"ReadAction","target":["https:\/\/talkpal.ai\/sv\/ovningar-i-arabisk-grammatik\/"]}]},{"@type":"ImageObject","inLanguage":"sv-SE","@id":"https:\/\/talkpal.ai\/sv\/ovningar-i-arabisk-grammatik\/#primaryimage","url":"https:\/\/talkpal.ai\/wp-content\/uploads\/2023\/04\/arabic-united-arab-emirates.png","contentUrl":"https:\/\/talkpal.ai\/wp-content\/uploads\/2023\/04\/arabic-united-arab-emirates.png","width":512,"height":512},{"@type":"BreadcrumbList","@id":"https:\/\/talkpal.ai\/sv\/ovningar-i-arabisk-grammatik\/#breadcrumb","itemListElement":[{"@type":"ListItem","position":1,"name":"Homepage","item":"https:\/\/talkpal.ai\/sv\/"},{"@type":"ListItem","position":2,"name":"\u00d6vningar i arabisk grammatik"}]},{"@type":"WebSite","@id":"https:\/\/talkpal.ai\/sv\/#website","url":"https:\/\/talkpal.ai\/sv\/","name":"Talkpal","description":"AI Language Learning","publisher":{"@id":"https:\/\/talkpal.ai\/sv\/#organization"},"alternateName":"Talkpal AI","potentialAction":[{"@type":"SearchAction","target":{"@type":"EntryPoint","urlTemplate":"https:\/\/talkpal.ai\/sv\/?s={search_term_string}"},"query-input":{"@type":"PropertyValueSpecification","valueRequired":true,"valueName":"search_term_string"}}],"inLanguage":"sv-SE"},{"@type":"Organization","@id":"https:\/\/talkpal.ai\/sv\/#organization","name":"Talkpal, Inc.","alternateName":"Talkpal AI","url":"https:\/\/talkpal.ai\/sv\/","logo":{"@type":"ImageObject","inLanguage":"sv-SE","@id":"https:\/\/talkpal.ai\/sv\/#\/schema\/logo\/image\/","url":"https:\/\/talkpal.ai\/wp-content\/uploads\/2024\/03\/Talkpal-Logo-Icon.png","contentUrl":"https:\/\/talkpal.ai\/wp-content\/uploads\/2024\/03\/Talkpal-Logo-Icon.png","width":2880,"height":2880,"caption":"Talkpal, Inc."},"image":{"@id":"https:\/\/talkpal.ai\/sv\/#\/schema\/logo\/image\/"},"sameAs":["https:\/\/www.facebook.com\/profile.php?id=100090733639311","https:\/\/x.com\/talkpalai","https:\/\/www.linkedin.com\/company\/talkpal\/","https:\/\/www.youtube.com\/@TalkPal\/","https:\/\/www.tiktok.com\/@talkpal","https:\/\/www.instagram.com\/talkpal_ai\/","https:\/\/www.crunchbase.com\/organization\/talkpal-9cde","https:\/\/www.g2.com\/products\/talkpal-for-business\/","https:\/\/www.trustpilot.com\/review\/talkpal.ai","https:\/\/www.capterra.com\/p\/10006800\/TalkPal\/"],"description":"Talkpal is a language learning web and mobile education app, powered by the latest AI technologies, that provides engaging experiences to its customers in many different languages to help them improve their language skills. Users can chat about unlimited amount of topics with the app and use other modes to practice their language learning.","email":"support@talkpal.ai","legalName":"Talkpal, Inc.","foundingDate":"2023-04-03","duns":"118989042","numberOfEmployees":{"@type":"QuantitativeValue","minValue":"11","maxValue":"50"},"publishingPrinciples":"https:\/\/talkpal.ai\/publishing-principles\/","actionableFeedbackPolicy":"https:\/\/talkpal.ai\/actionable-feedback-policy\/","correctionsPolicy":"https:\/\/talkpal.ai\/corrections-policy\/","ethicsPolicy":"https:\/\/talkpal.ai\/ethics-policy\/","diversityPolicy":"https:\/\/talkpal.ai\/diversity-policy\/","diversityStaffingReport":"https:\/\/talkpal.ai\/diversity-policy\/"}]}},"_links":{"self":[{"href":"https:\/\/talkpal.ai\/sv\/wp-json\/wp\/v2\/pages\/132552","targetHints":{"allow":["GET"]}}],"collection":[{"href":"https:\/\/talkpal.ai\/sv\/wp-json\/wp\/v2\/pages"}],"about":[{"href":"https:\/\/talkpal.ai\/sv\/wp-json\/wp\/v2\/types\/page"}],"author":[{"embeddable":true,"href":"https:\/\/talkpal.ai\/sv\/wp-json\/wp\/v2\/users\/6"}],"replies":[{"embeddable":true,"href":"https:\/\/talkpal.ai\/sv\/wp-json\/wp\/v2\/comments?post=132552"}],"version-history":[{"count":0,"href":"https:\/\/talkpal.ai\/sv\/wp-json\/wp\/v2\/pages\/132552\/revisions"}],"wp:featuredmedia":[{"embeddable":true,"href":"https:\/\/talkpal.ai\/sv\/wp-json\/wp\/v2\/media\/11555"}],"wp:attachment":[{"href":"https:\/\/talkpal.ai\/sv\/wp-json\/wp\/v2\/media?parent=132552"}],"curies":[{"name":"wp","href":"https:\/\/api.w.org\/{rel}","templated":true}]}}