{"id":131184,"date":"2023-05-14T13:53:24","date_gmt":"2023-05-14T13:53:24","guid":{"rendered":"http:\/\/talkpal.ai\/ukrainsk-grammatik\/"},"modified":"2025-12-11T16:35:35","modified_gmt":"2025-12-11T16:35:35","slug":"ukrainsk-grammatik","status":"publish","type":"page","link":"https:\/\/talkpal.ai\/sv\/ukrainsk-grammatik\/","title":{"rendered":"Ukrainsk grammatik"},"content":{"rendered":"\r\n\r\n\r\n<section class=\"languageChallengeSection\">\r\n    <div class=\"languageInfoWrapper\">\r\n        \r\n        <h1>Ukrainsk grammatik<\/h1>\r\n        <p>Utforska det <a href=\"https:\/\/talkpal.ai\/learn-ukrainian\/\">ukrainska<\/a> spr\u00e5kets struktur genom att l\u00e4ra dig de viktigaste grammatiska reglerna. Att beh\u00e4rska <a href=\"https:\/\/talkpal.ai\/sv\/grammar\/tidigare-kontinuerlig-i-ukrainsk-grammatik\/\">ukrainsk grammatik<\/a> hj\u00e4lper dig att kommunicera med sj\u00e4lvf\u00f6rtroende och f\u00e5 en djupare kontakt med ukrainsk kultur och arv. B\u00f6rja din <a href=\"https:\/\/talkpal.ai\/learn-ukrainian\/\">ukrainska<\/a> grammatikresa idag och ta f\u00f6rsta steget mot flytande spr\u00e5k!<\/p>\r\n\r\n                            <a class=\"getStartedHidden\" href=\"https:\/\/app.talkpal.ai\/sv\/signup?lng=\">Kom ig\u00e5ng<\/a>\r\n        \r\n    <\/div>\r\n\r\n    <figure>\r\n    <img decoding=\"async\" width=\"768\" height=\"768\" src=\"https:\/\/talkpal.ai\/wp-content\/uploads\/2023\/06\/Ukrainian-768x768.png\" class=\"languageImage no-lazy\" alt=\"Default alt text\" fetchpriority=\"high\" sizes=\"(max-width: 768px) 150px, 768px\" srcset=\"https:\/\/talkpal.ai\/wp-content\/uploads\/2023\/06\/Ukrainian-768x768.png 768w, https:\/\/talkpal.ai\/wp-content\/uploads\/2023\/06\/Ukrainian-300x300.png 300w\" \/>\r\n    \r\n\r\n    <\/figure>\r\n\r\n            <a class=\"getStartedVisible\" href=\"https:\/\/app.talkpal.ai\/sv\/signup?lng=\">Kom ig\u00e5ng<\/a>\r\n    \r\n<\/section>\r\n        <section class=\"grammarSection\">\r\n            <div class=\"grammarLinks\">\r\n                <a href=\"https:\/\/talkpal.ai\/sv\/language\/adjektiv-ukrainsk-grammatik\/\">Adjektiv <\/a><a href=\"https:\/\/talkpal.ai\/sv\/language\/adverb-ukrainsk-grammatik\/\">Adverb <\/a><a href=\"https:\/\/talkpal.ai\/sv\/language\/artiklar-ukrainsk-grammatik\/\">Artiklar <\/a><a href=\"https:\/\/talkpal.ai\/sv\/language\/jamforelse-av-tempus-ukrainsk-grammatik\/\">J\u00e4mf\u00f6relse av tempus <\/a><a href=\"https:\/\/talkpal.ai\/sv\/language\/meningsbyggnad-ukrainsk-grammatik\/\">Meningsbyggnad <\/a><a href=\"https:\/\/talkpal.ai\/sv\/language\/prepositioner-ukrainsk-grammatik\/\">Prepositioner <\/a><a href=\"https:\/\/talkpal.ai\/sv\/language\/pronomen-ukrainsk-grammatik\/\">Pronomen <\/a><a href=\"https:\/\/talkpal.ai\/sv\/language\/substantiv-ukrainsk-grammatik\/\">Substantiv <\/a><a href=\"https:\/\/talkpal.ai\/sv\/language\/tempus-indikativ-ukrainsk-grammatik\/\">Tempus indikativ <\/a><a href=\"https:\/\/talkpal.ai\/sv\/language\/tempus-konjunktiv-ukrainsk-grammatik\/\">Tempus konjunktiv <\/a><a href=\"https:\/\/talkpal.ai\/sv\/language\/verb-ukrainsk-grammatik\/\">Verb <\/a>            <\/div>\r\n        <\/section>\r\n    <section class=\"promotionalBanner\">\r\n    <p class=\"promotionalText\">Det mest effektiva s\u00e4ttet att l\u00e4ra sig ett spr\u00e5k<\/p>\r\n    <a class=\"promotionalLink\" href=\"https:\/\/app.talkpal.ai\/sv\/signup?lng=\">Prova Talkpal gratis<\/a>\r\n<\/section>\n<div class=\"wp-block-group pageContainerStyle\"><div class=\"wp-block-group__inner-container is-layout-constrained wp-block-group-is-layout-constrained\">\n<h2 class=\"wp-block-heading\" id=\"h-a-comprehensive-guide-to-mastering-ukrainian-grammar\">En omfattande guide f\u00f6r att beh\u00e4rska ukrainsk grammatik<\/h2>\n\n\n\n<p>Ukrainska, ett vackert och melodiskt spr\u00e5k, har v\u00e4ckt allt st\u00f6rre intresse fr\u00e5n <a href=\"https:\/\/talkpal.ai\/talkpal-discount-for-language-enthusiasts\/\">spr\u00e5kentusiaster<\/a> \u00f6ver hela v\u00e4rlden. Att l\u00e4ra sig ukrainska ger dig tillg\u00e5ng till ett rikt kulturarv och g\u00f6r det m\u00f6jligt f\u00f6r dig att kommunicera med miljontals m\u00e4nniskor i Ukraina och grannl\u00e4nderna. \u00c4ven om det kan k\u00e4nnas skr\u00e4mmande att dyka in i ukrainsk <a href=\"https:\/\/talkpal.ai\/fr\/les\/\">grammatik<\/a>, kan du med en stark grund i den utforska spr\u00e5kets nyanser och uppskatta dess sk\u00f6nhet fullt ut. <a href=\"https:\/\/talkpal.ai\/culture\/how-do-i-use-den-har-and-det-har\/\">Den h\u00e4r<\/a> artikeln guidar dig steg f\u00f6r steg genom grunderna i ukrainsk grammatik och utrustar dig f\u00f6r att tryggt b\u00f6rja din spr\u00e5kresa.<\/p>\n\n\n\n<h3 class=\"wp-block-heading\" id=\"h-1-mastering-ukrainian-nouns-and-cases\">1. Beh\u00e4rska ukrainska substantiv och kasus<\/h3>\n\n\n\n<p>Ett centralt inslag i ukrainsk grammatik \u00e4r dess kasussystem. N\u00e4r du anv\u00e4nder substantiv m\u00e5ste du k\u00e4nna till deras genus (maskulinum, femininum eller neutrum) och vara medveten om sammanhanget som kan kr\u00e4va en \u00e4ndring av deras \u00e4ndelser. Det ukrainska spr\u00e5ket har sju kasus:<\/p>\n\n\n\n<p>&#8211; Nominativ: subjektet i en mening<\/p>\n\n\n\n<p>&#8211; Genitiv: anger innehav, kvantitet och <a href=\"https:\/\/talkpal.ai\/zh-hans\/grammar_exercises\/negazione-%e6%84%8f%e5%a4%a7%e5%88%a9%e8%af%ad%e6%b3%95%e7%bb%83%e4%b9%a0\/\">negation<\/a><\/p>\n\n\n\n<p>&#8211; Dativ: indirekt objekt eller r\u00f6relse mot ett m\u00e5l<\/p>\n\n\n\n<p>&#8211; Ackusativ: direkt objekt eller r\u00f6relse riktad mot n\u00e5got<\/p>\n\n\n\n<p>&#8211; Instrumental: betecknar medel eller instrument f\u00f6r handling<\/p>\n\n\n\n<p>&#8211; Lokativ: anger plats<\/p>\n\n\n\n<p>&#8211; Vokativ: anv\u00e4nds f\u00f6r att tilltala eller ropa ut till n\u00e5gon<\/p>\n\n\n\n<p>Du m\u00e5ste vara uppm\u00e4rksam p\u00e5 substantivens \u00e4ndelser och b\u00f6jningar, eftersom de \u00e4ndras beroende p\u00e5 vilket kasus som anv\u00e4nds samt substantivets genus och numerus.<\/p>\n\n\n\n<h3 class=\"wp-block-heading\" id=\"h-2-navigating-the-ukrainian-verb-system\">2. Navigera i det ukrainska verbsystemet<\/h3>\n\n\n\n<p>Ukrainska verb b\u00f6js baserat p\u00e5 person, numerus, tempus, modus och r\u00f6st. P\u00e5 ukrainska finns det fyra aspekter av verb \u2013 perfektiv, imperfektiv, iterativ och inceptiv:<\/p>\n\n\n\n<p>&#8211; Perfektiv: betecknar avslutade handlingar<\/p>\n\n\n\n<p>&#8211; Imperfektiv: beskriver p\u00e5g\u00e5ende, vanem\u00e4ssiga eller upprepade handlingar<\/p>\n\n\n\n<p>&#8211; Iterativ: f\u00f6rmedlar handlingar som upprepas inom ett visst intervall<\/p>\n\n\n\n<p>&#8211; Inceptiv: anger b\u00f6rjan p\u00e5 en handling<\/p>\n\n\n\n<p>F\u00f6r att navigera i det ukrainska verbsystemet b\u00f6r du bekanta dig med de tre grundl\u00e4ggande verbb\u00f6jningarna. Konjugeringsprocessen inneb\u00e4r att man \u00e4ndrar \u00e4ndelserna p\u00e5 verbroten beroende p\u00e5 tempus, modus och subjekt.<\/p>\n\n\n\n<h3 class=\"wp-block-heading\" id=\"h-3-perfecting-ukrainian-adjectives-and-pronouns\">3. Full\u00e4ndning av ukrainska adjektiv och pronomen<\/h3>\n\n\n\n<p>Adjektiv p\u00e5 ukrainska m\u00e5ste \u00f6verensst\u00e4mma med substantivet de beskriver, i genus, numerus och kasus. Det betyder att n\u00e4r du anv\u00e4nder ett adjektiv m\u00e5ste du vara uppm\u00e4rksam p\u00e5 dess \u00e4ndelser, eftersom de kommer att \u00e4ndras f\u00f6r att st\u00e4mma \u00f6verens med substantivet. Dessutom kan adjektiv p\u00e5 ukrainska vara antingen l\u00e5nga eller korta former, d\u00e4r var och en har sin anv\u00e4ndning beroende p\u00e5 sammanhanget.<\/p>\n\n\n\n<p>Pronomen anv\u00e4nds i st\u00e4llet f\u00f6r substantiv och m\u00e5ste ocks\u00e5 \u00f6verensst\u00e4mma med substantivet de ers\u00e4tter, i genus, numerus och kasus. <a href=\"https:\/\/talkpal.ai\/sv\/grammar_exercises\/ovningar-for-personliga-pronomen-for-slovensk-grammatik\/\">Personliga pronomen<\/a> p\u00e5 ukrainska \u00e4r &#8221;\u044f&#8221; (jag), &#8221;\u0442\u0438&#8221; (du, singular), &#8221;\u0432\u0456\u043d\/\u0432\u043e\u043d\u0430\/\u0432\u043e\u043d\u043e&#8221; (han\/hon\/den), &#8221;\u043c\u0438&#8221; (vi), &#8221;\u0432\u0438&#8221; (du, plural eller formell) och &#8221;\u0432\u043e\u043d\u0438&#8221; (de). Det finns ocks\u00e5 possessiva, demonstrativa och relativa pronomen i ukrainska.<\/p>\n\n\n\n<h3 class=\"wp-block-heading\" id=\"h-4-putting-it-all-together-sentence-structure\">4. Att s\u00e4tta ihop allt: Meningsstruktur<\/h3>\n\n\n\n<p>Ukrainskan f\u00f6ljer meningsstrukturen subjekt-verb-objekt (SVO), som liknar engelskan. Men till skillnad fr\u00e5n engelskan har ukrainska mer flexibilitet i ordf\u00f6ljden p\u00e5 grund av sitt kasussystem. Denna flexibilitet g\u00f6r det m\u00f6jligt f\u00f6r talare att betona specifika ord eller id\u00e9er genom att placera dem i olika positioner i en mening. \u00c4ven om det kan ta tid att bem\u00e4stra denna m\u00e5ngsidighet, g\u00f6r det att du kan uttrycka dig mer konstn\u00e4rligt och flytande p\u00e5 ukrainska.<\/p>\n\n\n\n<h3 class=\"wp-block-heading\" id=\"h-conclusion\">Slutsats<\/h3>\n\n\n\n<p>N\u00e4r du ger dig ut p\u00e5 din ukrainska spr\u00e5kresa, kom ih\u00e5g att det kr\u00e4vs \u00f6vning och uth\u00e5llighet f\u00f6r att bli flytande i grammatiken. Bekanta dig med de olika aspekterna av ukrainsk grammatik gradvis, fr\u00e5n substantiv och kasus till verb och meningsbyggnad. Njut av inl\u00e4rningsprocessen och njut av det ukrainska spr\u00e5kets sk\u00f6nhet och uttrycksfullhet. \u0412\u0434\u0430\u0447\u0456! (Lycka till!)<\/p>\n<\/div><\/div>\n\r\n<section class=\"learnNavigationSection\">\r\n            \r\n        <a href=\"https:\/\/talkpal.ai\/sv\/lar-dig-ukrainska\/\">\r\n            <div class=\"learnNavigationWrapper\">\r\n                <div class=\"learnNavigationContent\">\r\n                    <img decoding=\"async\" src=\"https:\/\/talkpal.ai\/wp-content\/uploads\/2024\/08\/Ukrainian.jpg\" alt=\"Ukrainian Flag\">\r\n                    <div>\r\n                        <h4>Om ukrainsk inl\u00e4rning<\/h4>\r\n                        <p>Ta reda p\u00e5 allt om ukrainsk grammatik.<\/p>\r\n                    <\/div>\r\n                <\/div>\r\n            <\/div>\r\n        <\/a>\r\n\r\n        \r\n        <a href=\"https:\/\/talkpal.ai\/sv\/ukrainska-grammatikovningar\/\">\r\n            <div class=\"learnNavigationWrapper\">\r\n                <div class=\"learnNavigationContent\">\r\n                    <img decoding=\"async\" src=\"https:\/\/talkpal.ai\/wp-content\/uploads\/2024\/08\/Ukrainian.jpg\" alt=\"Ukrainian Flag\">\r\n                    <div>\r\n                        <h4>Ukrainsk grammatik \u00f6vning<\/h4>\r\n                        <p>\u00d6va ukrainsk grammatik.<\/p>\r\n                    <\/div>\r\n                <\/div>\r\n            <\/div>\r\n        <\/a>\r\n\r\n        \r\n        <a href=\"https:\/\/talkpal.ai\/vocabulary_language\/ukrainian\/\">\r\n            <div class=\"learnNavigationWrapper\">\r\n                <div class=\"learnNavigationContent\">\r\n                    <img decoding=\"async\" src=\"https:\/\/talkpal.ai\/wp-content\/uploads\/2024\/08\/Ukrainian.jpg\" alt=\"Ukrainian Flag\">\r\n                    <div>\r\n                        <h4>Ukrainsk vokabul\u00e4r<\/h4>\r\n                        <p>Ut\u00f6ka ditt ukrainska ordf\u00f6rr\u00e5d.<\/p>\r\n                    <\/div>\r\n                <\/div>\r\n            <\/div>\r\n        <\/a>\r\n\r\n            <\/section>","protected":false},"excerpt":{"rendered":"<p>En omfattande guide f\u00f6r att beh\u00e4rska ukrainsk grammatik Ukrainska, ett vackert och melodiskt spr\u00e5k, har v\u00e4ckt allt st\u00f6rre intresse fr\u00e5n spr\u00e5kentusiaster \u00f6ver hela v\u00e4rlden. Att l\u00e4ra sig ukrainska ger dig tillg\u00e5ng till ett rikt kulturarv och g\u00f6r det m\u00f6jligt f\u00f6r dig att kommunicera med miljontals m\u00e4nniskor i Ukraina och grannl\u00e4nderna. \u00c4ven om det kan k\u00e4nnas [&hellip;]<\/p>\n","protected":false},"author":1,"featured_media":11625,"parent":0,"menu_order":0,"comment_status":"closed","ping_status":"closed","template":"LearningContentPage.php","meta":{"_acf_changed":false,"footnotes":""},"class_list":["post-131184","page","type-page","status-publish","has-post-thumbnail","hentry"],"acf":[],"yoast_head":"<!-- This site is optimized with the Yoast SEO Premium plugin v27.2 (Yoast SEO v27.2) - https:\/\/yoast.com\/product\/yoast-seo-premium-wordpress\/ -->\n<title>Ukrainsk grammatik - Talkpal<\/title>\n<meta name=\"description\" content=\"Uppt\u00e4ck sk\u00f6nheten i ukrainsk grammatik med viktiga tips och insikter f\u00f6r att f\u00f6rb\u00e4ttra din spr\u00e5kinl\u00e4rning.\" \/>\n<meta name=\"robots\" content=\"index, follow, max-snippet:-1, max-image-preview:large, max-video-preview:-1\" \/>\n<link rel=\"canonical\" href=\"https:\/\/talkpal.ai\/sv\/ukrainsk-grammatik\/\" \/>\n<meta property=\"og:locale\" content=\"sv_SE\" \/>\n<meta property=\"og:type\" content=\"article\" \/>\n<meta property=\"og:title\" content=\"Ukrainsk grammatik\" \/>\n<meta property=\"og:description\" content=\"En omfattande guide f\u00f6r att beh\u00e4rska ukrainsk grammatik Ukrainska, ett vackert och melodiskt spr\u00e5k, har v\u00e4ckt allt st\u00f6rre intresse fr\u00e5n spr\u00e5kentusiaster\" \/>\n<meta property=\"og:url\" content=\"https:\/\/talkpal.ai\/sv\/ukrainsk-grammatik\/\" \/>\n<meta property=\"og:site_name\" content=\"Talkpal\" \/>\n<meta property=\"article:publisher\" content=\"https:\/\/www.facebook.com\/profile.php?id=100090733639311\" \/>\n<meta property=\"article:modified_time\" content=\"2025-12-11T16:35:35+00:00\" \/>\n<meta property=\"og:image\" content=\"https:\/\/talkpal.ai\/wp-content\/uploads\/2023\/04\/ukraine.png\" \/>\n\t<meta property=\"og:image:width\" content=\"512\" \/>\n\t<meta property=\"og:image:height\" content=\"512\" \/>\n\t<meta property=\"og:image:type\" content=\"image\/png\" \/>\n<meta name=\"twitter:card\" content=\"summary_large_image\" \/>\n<meta name=\"twitter:site\" content=\"@talkpalai\" \/>\n<meta name=\"twitter:label1\" content=\"Ber\u00e4knad l\u00e4stid\" \/>\n\t<meta name=\"twitter:data1\" content=\"3 minuter\" \/>\n<script type=\"application\/ld+json\" class=\"yoast-schema-graph\">{\"@context\":\"https:\/\/schema.org\",\"@graph\":[{\"@type\":\"WebPage\",\"@id\":\"https:\/\/talkpal.ai\/sv\/ukrainsk-grammatik\/\",\"url\":\"https:\/\/talkpal.ai\/sv\/ukrainsk-grammatik\/\",\"name\":\"Ukrainsk grammatik - Talkpal\",\"isPartOf\":{\"@id\":\"https:\/\/talkpal.ai\/sv\/#website\"},\"primaryImageOfPage\":{\"@id\":\"https:\/\/talkpal.ai\/sv\/ukrainsk-grammatik\/#primaryimage\"},\"image\":{\"@id\":\"https:\/\/talkpal.ai\/sv\/ukrainsk-grammatik\/#primaryimage\"},\"thumbnailUrl\":\"https:\/\/talkpal.ai\/wp-content\/uploads\/2023\/04\/ukraine.png\",\"datePublished\":\"2023-05-14T13:53:24+00:00\",\"dateModified\":\"2025-12-11T16:35:35+00:00\",\"description\":\"Uppt\u00e4ck sk\u00f6nheten i ukrainsk grammatik med viktiga tips och insikter f\u00f6r att f\u00f6rb\u00e4ttra din spr\u00e5kinl\u00e4rning.\",\"breadcrumb\":{\"@id\":\"https:\/\/talkpal.ai\/sv\/ukrainsk-grammatik\/#breadcrumb\"},\"inLanguage\":\"sv-SE\",\"potentialAction\":[{\"@type\":\"ReadAction\",\"target\":[\"https:\/\/talkpal.ai\/sv\/ukrainsk-grammatik\/\"]}]},{\"@type\":\"ImageObject\",\"inLanguage\":\"sv-SE\",\"@id\":\"https:\/\/talkpal.ai\/sv\/ukrainsk-grammatik\/#primaryimage\",\"url\":\"https:\/\/talkpal.ai\/wp-content\/uploads\/2023\/04\/ukraine.png\",\"contentUrl\":\"https:\/\/talkpal.ai\/wp-content\/uploads\/2023\/04\/ukraine.png\",\"width\":512,\"height\":512,\"caption\":\"TalkPal Ukrainian Flag\"},{\"@type\":\"BreadcrumbList\",\"@id\":\"https:\/\/talkpal.ai\/sv\/ukrainsk-grammatik\/#breadcrumb\",\"itemListElement\":[{\"@type\":\"ListItem\",\"position\":1,\"name\":\"Homepage\",\"item\":\"https:\/\/talkpal.ai\/sv\/\"},{\"@type\":\"ListItem\",\"position\":2,\"name\":\"Ukrainsk grammatik\"}]},{\"@type\":\"WebSite\",\"@id\":\"https:\/\/talkpal.ai\/sv\/#website\",\"url\":\"https:\/\/talkpal.ai\/sv\/\",\"name\":\"Talkpal\",\"description\":\"AI Language Learning\",\"publisher\":{\"@id\":\"https:\/\/talkpal.ai\/sv\/#organization\"},\"alternateName\":\"Talkpal AI\",\"potentialAction\":[{\"@type\":\"SearchAction\",\"target\":{\"@type\":\"EntryPoint\",\"urlTemplate\":\"https:\/\/talkpal.ai\/sv\/?s={search_term_string}\"},\"query-input\":{\"@type\":\"PropertyValueSpecification\",\"valueRequired\":true,\"valueName\":\"search_term_string\"}}],\"inLanguage\":\"sv-SE\"},{\"@type\":\"Organization\",\"@id\":\"https:\/\/talkpal.ai\/sv\/#organization\",\"name\":\"Talkpal, Inc.\",\"alternateName\":\"Talkpal AI\",\"url\":\"https:\/\/talkpal.ai\/sv\/\",\"logo\":{\"@type\":\"ImageObject\",\"inLanguage\":\"sv-SE\",\"@id\":\"https:\/\/talkpal.ai\/sv\/#\/schema\/logo\/image\/\",\"url\":\"https:\/\/talkpal.ai\/wp-content\/uploads\/2024\/03\/Talkpal-Logo-Icon.png\",\"contentUrl\":\"https:\/\/talkpal.ai\/wp-content\/uploads\/2024\/03\/Talkpal-Logo-Icon.png\",\"width\":2880,\"height\":2880,\"caption\":\"Talkpal, Inc.\"},\"image\":{\"@id\":\"https:\/\/talkpal.ai\/sv\/#\/schema\/logo\/image\/\"},\"sameAs\":[\"https:\/\/www.facebook.com\/profile.php?id=100090733639311\",\"https:\/\/x.com\/talkpalai\",\"https:\/\/www.linkedin.com\/company\/talkpal\/\",\"https:\/\/www.youtube.com\/@TalkPal\/\",\"https:\/\/www.tiktok.com\/@talkpal\",\"https:\/\/www.instagram.com\/talkpal_ai\/\",\"https:\/\/www.crunchbase.com\/organization\/talkpal-9cde\",\"https:\/\/www.g2.com\/products\/talkpal-for-business\/\",\"https:\/\/www.trustpilot.com\/review\/talkpal.ai\",\"https:\/\/www.capterra.com\/p\/10006800\/TalkPal\/\"],\"description\":\"Talkpal is a language learning web and mobile education app, powered by the latest AI technologies, that provides engaging experiences to its customers in many different languages to help them improve their language skills. Users can chat about unlimited amount of topics with the app and use other modes to practice their language learning.\",\"email\":\"support@talkpal.ai\",\"legalName\":\"Talkpal, Inc.\",\"foundingDate\":\"2023-04-03\",\"duns\":\"118989042\",\"numberOfEmployees\":{\"@type\":\"QuantitativeValue\",\"minValue\":\"11\",\"maxValue\":\"50\"},\"publishingPrinciples\":\"https:\/\/talkpal.ai\/publishing-principles\/\",\"actionableFeedbackPolicy\":\"https:\/\/talkpal.ai\/actionable-feedback-policy\/\",\"correctionsPolicy\":\"https:\/\/talkpal.ai\/corrections-policy\/\",\"ethicsPolicy\":\"https:\/\/talkpal.ai\/ethics-policy\/\",\"diversityPolicy\":\"https:\/\/talkpal.ai\/diversity-policy\/\",\"diversityStaffingReport\":\"https:\/\/talkpal.ai\/diversity-policy\/\"}]}<\/script>\n<!-- \/ Yoast SEO Premium plugin. -->","yoast_head_json":{"title":"Ukrainsk grammatik - Talkpal","description":"Uppt\u00e4ck sk\u00f6nheten i ukrainsk grammatik med viktiga tips och insikter f\u00f6r att f\u00f6rb\u00e4ttra din spr\u00e5kinl\u00e4rning.","robots":{"index":"index","follow":"follow","max-snippet":"max-snippet:-1","max-image-preview":"max-image-preview:large","max-video-preview":"max-video-preview:-1"},"canonical":"https:\/\/talkpal.ai\/sv\/ukrainsk-grammatik\/","og_locale":"sv_SE","og_type":"article","og_title":"Ukrainsk grammatik","og_description":"En omfattande guide f\u00f6r att beh\u00e4rska ukrainsk grammatik Ukrainska, ett vackert och melodiskt spr\u00e5k, har v\u00e4ckt allt st\u00f6rre intresse fr\u00e5n spr\u00e5kentusiaster","og_url":"https:\/\/talkpal.ai\/sv\/ukrainsk-grammatik\/","og_site_name":"Talkpal","article_publisher":"https:\/\/www.facebook.com\/profile.php?id=100090733639311","article_modified_time":"2025-12-11T16:35:35+00:00","og_image":[{"width":512,"height":512,"url":"https:\/\/talkpal.ai\/wp-content\/uploads\/2023\/04\/ukraine.png","type":"image\/png"}],"twitter_card":"summary_large_image","twitter_site":"@talkpalai","twitter_misc":{"Ber\u00e4knad l\u00e4stid":"3 minuter"},"schema":{"@context":"https:\/\/schema.org","@graph":[{"@type":"WebPage","@id":"https:\/\/talkpal.ai\/sv\/ukrainsk-grammatik\/","url":"https:\/\/talkpal.ai\/sv\/ukrainsk-grammatik\/","name":"Ukrainsk grammatik - Talkpal","isPartOf":{"@id":"https:\/\/talkpal.ai\/sv\/#website"},"primaryImageOfPage":{"@id":"https:\/\/talkpal.ai\/sv\/ukrainsk-grammatik\/#primaryimage"},"image":{"@id":"https:\/\/talkpal.ai\/sv\/ukrainsk-grammatik\/#primaryimage"},"thumbnailUrl":"https:\/\/talkpal.ai\/wp-content\/uploads\/2023\/04\/ukraine.png","datePublished":"2023-05-14T13:53:24+00:00","dateModified":"2025-12-11T16:35:35+00:00","description":"Uppt\u00e4ck sk\u00f6nheten i ukrainsk grammatik med viktiga tips och insikter f\u00f6r att f\u00f6rb\u00e4ttra din spr\u00e5kinl\u00e4rning.","breadcrumb":{"@id":"https:\/\/talkpal.ai\/sv\/ukrainsk-grammatik\/#breadcrumb"},"inLanguage":"sv-SE","potentialAction":[{"@type":"ReadAction","target":["https:\/\/talkpal.ai\/sv\/ukrainsk-grammatik\/"]}]},{"@type":"ImageObject","inLanguage":"sv-SE","@id":"https:\/\/talkpal.ai\/sv\/ukrainsk-grammatik\/#primaryimage","url":"https:\/\/talkpal.ai\/wp-content\/uploads\/2023\/04\/ukraine.png","contentUrl":"https:\/\/talkpal.ai\/wp-content\/uploads\/2023\/04\/ukraine.png","width":512,"height":512,"caption":"TalkPal Ukrainian Flag"},{"@type":"BreadcrumbList","@id":"https:\/\/talkpal.ai\/sv\/ukrainsk-grammatik\/#breadcrumb","itemListElement":[{"@type":"ListItem","position":1,"name":"Homepage","item":"https:\/\/talkpal.ai\/sv\/"},{"@type":"ListItem","position":2,"name":"Ukrainsk grammatik"}]},{"@type":"WebSite","@id":"https:\/\/talkpal.ai\/sv\/#website","url":"https:\/\/talkpal.ai\/sv\/","name":"Talkpal","description":"AI Language Learning","publisher":{"@id":"https:\/\/talkpal.ai\/sv\/#organization"},"alternateName":"Talkpal AI","potentialAction":[{"@type":"SearchAction","target":{"@type":"EntryPoint","urlTemplate":"https:\/\/talkpal.ai\/sv\/?s={search_term_string}"},"query-input":{"@type":"PropertyValueSpecification","valueRequired":true,"valueName":"search_term_string"}}],"inLanguage":"sv-SE"},{"@type":"Organization","@id":"https:\/\/talkpal.ai\/sv\/#organization","name":"Talkpal, Inc.","alternateName":"Talkpal AI","url":"https:\/\/talkpal.ai\/sv\/","logo":{"@type":"ImageObject","inLanguage":"sv-SE","@id":"https:\/\/talkpal.ai\/sv\/#\/schema\/logo\/image\/","url":"https:\/\/talkpal.ai\/wp-content\/uploads\/2024\/03\/Talkpal-Logo-Icon.png","contentUrl":"https:\/\/talkpal.ai\/wp-content\/uploads\/2024\/03\/Talkpal-Logo-Icon.png","width":2880,"height":2880,"caption":"Talkpal, Inc."},"image":{"@id":"https:\/\/talkpal.ai\/sv\/#\/schema\/logo\/image\/"},"sameAs":["https:\/\/www.facebook.com\/profile.php?id=100090733639311","https:\/\/x.com\/talkpalai","https:\/\/www.linkedin.com\/company\/talkpal\/","https:\/\/www.youtube.com\/@TalkPal\/","https:\/\/www.tiktok.com\/@talkpal","https:\/\/www.instagram.com\/talkpal_ai\/","https:\/\/www.crunchbase.com\/organization\/talkpal-9cde","https:\/\/www.g2.com\/products\/talkpal-for-business\/","https:\/\/www.trustpilot.com\/review\/talkpal.ai","https:\/\/www.capterra.com\/p\/10006800\/TalkPal\/"],"description":"Talkpal is a language learning web and mobile education app, powered by the latest AI technologies, that provides engaging experiences to its customers in many different languages to help them improve their language skills. Users can chat about unlimited amount of topics with the app and use other modes to practice their language learning.","email":"support@talkpal.ai","legalName":"Talkpal, Inc.","foundingDate":"2023-04-03","duns":"118989042","numberOfEmployees":{"@type":"QuantitativeValue","minValue":"11","maxValue":"50"},"publishingPrinciples":"https:\/\/talkpal.ai\/publishing-principles\/","actionableFeedbackPolicy":"https:\/\/talkpal.ai\/actionable-feedback-policy\/","correctionsPolicy":"https:\/\/talkpal.ai\/corrections-policy\/","ethicsPolicy":"https:\/\/talkpal.ai\/ethics-policy\/","diversityPolicy":"https:\/\/talkpal.ai\/diversity-policy\/","diversityStaffingReport":"https:\/\/talkpal.ai\/diversity-policy\/"}]}},"_links":{"self":[{"href":"https:\/\/talkpal.ai\/sv\/wp-json\/wp\/v2\/pages\/131184","targetHints":{"allow":["GET"]}}],"collection":[{"href":"https:\/\/talkpal.ai\/sv\/wp-json\/wp\/v2\/pages"}],"about":[{"href":"https:\/\/talkpal.ai\/sv\/wp-json\/wp\/v2\/types\/page"}],"author":[{"embeddable":true,"href":"https:\/\/talkpal.ai\/sv\/wp-json\/wp\/v2\/users\/1"}],"replies":[{"embeddable":true,"href":"https:\/\/talkpal.ai\/sv\/wp-json\/wp\/v2\/comments?post=131184"}],"version-history":[{"count":0,"href":"https:\/\/talkpal.ai\/sv\/wp-json\/wp\/v2\/pages\/131184\/revisions"}],"wp:featuredmedia":[{"embeddable":true,"href":"https:\/\/talkpal.ai\/sv\/wp-json\/wp\/v2\/media\/11625"}],"wp:attachment":[{"href":"https:\/\/talkpal.ai\/sv\/wp-json\/wp\/v2\/media?parent=131184"}],"curies":[{"name":"wp","href":"https:\/\/api.w.org\/{rel}","templated":true}]}}