{"id":130366,"date":"2023-05-14T13:52:27","date_gmt":"2023-05-14T13:52:27","guid":{"rendered":"http:\/\/talkpal.ai\/koreansk-grammatik\/"},"modified":"2025-12-11T16:28:19","modified_gmt":"2025-12-11T16:28:19","slug":"koreansk-grammatik","status":"publish","type":"page","link":"https:\/\/talkpal.ai\/sv\/koreansk-grammatik\/","title":{"rendered":"Koreansk grammatik"},"content":{"rendered":"\r\n\r\n\r\n<section class=\"languageChallengeSection\">\r\n    <div class=\"languageInfoWrapper\">\r\n        \r\n        <h1>Koreansk grammatik<\/h1>\r\n        <p>B\u00f6rja beh\u00e4rska <a href=\"https:\/\/talkpal.ai\/sv\/grammar\/tidigare-progressiv-i-koreansk-grammatik\/\">koreansk grammatik<\/a> med l\u00e4ttfattliga guider och praktiska exempel. L\u00e4r dig hur du bildar meningar, anv\u00e4nder partiklar och b\u00f6jer verb f\u00f6r att uttrycka dig korrekt. \u00d6va dina f\u00e4rdigheter med interaktiva \u00f6vningar som \u00e4r utformade f\u00f6r att bygga upp ditt sj\u00e4lvf\u00f6rtroende. Ta n\u00e4sta steg i din <a href=\"https:\/\/talkpal.ai\/learn-korean\/\">koreanska<\/a> spr\u00e5kresa och f\u00f6rb\u00e4ttra din f\u00f6rm\u00e5ga att tala flytande koreanska idag!<\/p>\r\n\r\n                            <a class=\"getStartedHidden\" href=\"https:\/\/app.talkpal.ai\/sv\/signup?lng=\">Kom ig\u00e5ng<\/a>\r\n        \r\n    <\/div>\r\n\r\n    <figure>\r\n    <img decoding=\"async\" width=\"768\" height=\"768\" src=\"https:\/\/talkpal.ai\/wp-content\/uploads\/2023\/06\/korean-768x768.png\" class=\"languageImage no-lazy\" alt=\"Default alt text\" fetchpriority=\"high\" sizes=\"(max-width: 768px) 150px, 768px\" srcset=\"https:\/\/talkpal.ai\/wp-content\/uploads\/2023\/06\/korean-768x768.png 768w, https:\/\/talkpal.ai\/wp-content\/uploads\/2023\/06\/korean-300x300.png 300w\" \/>\r\n    \r\n\r\n    <\/figure>\r\n\r\n            <a class=\"getStartedVisible\" href=\"https:\/\/app.talkpal.ai\/sv\/signup?lng=\">Kom ig\u00e5ng<\/a>\r\n    \r\n<\/section>\r\n        <section class=\"grammarSection\">\r\n            <div class=\"grammarLinks\">\r\n                <a href=\"https:\/\/talkpal.ai\/sv\/language\/adjektiv-koreansk-grammatik\/\">Adjektiv <\/a><a href=\"https:\/\/talkpal.ai\/sv\/language\/adverb-koreansk-grammatik\/\">Adverb <\/a><a href=\"https:\/\/talkpal.ai\/sv\/language\/artiklar-koreansk-grammatik\/\">Artiklar <\/a><a href=\"https:\/\/talkpal.ai\/sv\/language\/jamforelse-av-tempus-koreansk-grammatik\/\">J\u00e4mf\u00f6relse av tempus <\/a><a href=\"https:\/\/talkpal.ai\/sv\/language\/meningsbyggnad-koreansk-grammatik\/\">Meningsbyggnad <\/a><a href=\"https:\/\/talkpal.ai\/sv\/language\/prepositioner-koreansk-grammatik\/\">Prepositioner <\/a><a href=\"https:\/\/talkpal.ai\/sv\/language\/pronomen-koreansk-grammatik\/\">Pronomen <\/a><a href=\"https:\/\/talkpal.ai\/sv\/language\/substantiv-koreansk-grammatik\/\">Substantiv <\/a><a href=\"https:\/\/talkpal.ai\/sv\/language\/tempus-indikativ-koreansk-grammatik\/\">Tempus indikativ <\/a><a href=\"https:\/\/talkpal.ai\/sv\/language\/tempus-konjunktiv-koreansk-grammatik\/\">Tempus konjunktiv <\/a><a href=\"https:\/\/talkpal.ai\/sv\/language\/verb-koreansk-grammatik\/\">Verb <\/a>            <\/div>\r\n        <\/section>\r\n    <section class=\"promotionalBanner\">\r\n    <p class=\"promotionalText\">Det mest effektiva s\u00e4ttet att l\u00e4ra sig ett spr\u00e5k<\/p>\r\n    <a class=\"promotionalLink\" href=\"https:\/\/app.talkpal.ai\/sv\/signup?lng=\">Prova Talkpal gratis<\/a>\r\n<\/section>\n<div class=\"wp-block-group pageContainerStyle\"><div class=\"wp-block-group__inner-container is-layout-constrained wp-block-group-is-layout-constrained\">\n<h2 class=\"wp-block-heading\" id=\"h-demystifying-korean-grammar-a-beginner-s-guide\">Avmystifiering av koreansk grammatik: En nyb\u00f6rjarguide<\/h2>\n\n\n\n<p>Att l\u00e4ra sig koreanska kan \u00f6ppna upp en v\u00e4rld av m\u00f6jligheter, oavsett om det handlar om att utforska det koreanska k\u00f6ket, se de senaste K-dramerna eller arbeta med n\u00e5got av Sydkoreas m\u00e5nga innovativa f\u00f6retag. Som en icke-modersm\u00e5lstalare som dyker in i detta fascinerande spr\u00e5k kan en av de mest utmanande aspekterna vara att beh\u00e4rska dess <a href=\"https:\/\/talkpal.ai\/fr\/les\/\">grammatik<\/a>. <a href=\"https:\/\/talkpal.ai\/sv\/grammar\/tidigare-progressiv-i-koreansk-grammatik\/\">Koreansk grammatik<\/a> kan verka komplex vid f\u00f6rsta anblicken, men den har en logik och konsekvens som kan vara mer l\u00e4ttillg\u00e4nglig \u00e4n du kanske tror. I <a href=\"https:\/\/talkpal.ai\/culture\/how-do-i-use-den-har-and-det-har\/\">den h\u00e4r<\/a> artikeln g\u00e5r vi igenom de viktigaste inslagen i koreansk grammatik och ger dig v\u00e4rdefulla insikter som g\u00f6r din resa till flytande spr\u00e5k smidig och njutbar.<\/p>\n\n\n\n<h3 class=\"wp-block-heading\" id=\"h-1-word-nbsp-order-nbsp-get-in-the-flow\"><b>1. Ordf\u00f6ljd<\/b><b> \u2013 Kom in i fl\u00f6det!<\/b><\/h3>\n\n\n\n<p>Det f\u00f6rsta du beh\u00f6ver veta om koreansk grammatik \u00e4r dess grundl\u00e4ggande ordf\u00f6ljd: Subjekt-objekt-verb (SOV). Det inneb\u00e4r att verben kommer i slutet av meningen, till skillnad fr\u00e5n engelskans SVO-ordning (Subject-Verb-Object). Detta kan ta lite tid att v\u00e4nja sig vid, men nyckeln till flyt \u00e4r att bli bekv\u00e4m med den nya strukturen.<\/p>\n\n\n\n<p>Tips: \u00d6va p\u00e5 att bilda enkla koreanska meningar genom att \u00f6vers\u00e4tta <a href=\"https:\/\/talkpal.ai\/english-phrases-and-daily-expressions\/\">engelska fraser<\/a> och \u00e4ndra ordningen p\u00e5 orden. Fokusera p\u00e5 att f\u00f6rst\u00e5 logiken bakom SOV-strukturen f\u00f6r att bli mer bekv\u00e4m med den.<\/p>\n\n\n\n<h3 class=\"wp-block-heading\" id=\"h-2-particles-attach-and-connect\">2. Partiklar \u2013 F\u00e4st och anslut!<\/h3>\n\n\n\n<p>Koreanska meningar anv\u00e4nder sm\u00e5 bitar av grammatisk information som kallas partiklar f\u00f6r att hj\u00e4lpa till att best\u00e4mma funktionen hos ett ord i en mening. Till exempel markerar \uc774\/\uac00 och \uc740\/\ub294 subjektet, medan \uc744\/\ub97c anger objektet. Partiklar \u00e4r en viktig del av koreansk grammatik, men deras anv\u00e4ndning kan k\u00e4nnas \u00f6verv\u00e4ldigande till en b\u00f6rjan.<\/p>\n\n\n\n<p>Tips: Ta <a href=\"https:\/\/talkpal.ai\/locations\/language-courses-in-itu\/\">itu<\/a> med en <a href=\"https:\/\/talkpal.ai\/ja\/grammar\/%e7%b2%92%e5%ad%90%e3%81%b8\/\">partikel<\/a> i taget och bli bekv\u00e4m med dess anv\u00e4ndning och betydelse. Utveckla en lista med exempelmeningar med hj\u00e4lp av varje partikel f\u00f6r att skapa en samling referensmaterial.<\/p>\n\n\n\n<h3 class=\"wp-block-heading\" id=\"h-3-verb-conjugation-keep-it-simple\">3. Verbb\u00f6jning \u2013 H\u00e5ll det enkelt!<\/h3>\n\n\n\n<p>Koreanska verb \u00e4r anm\u00e4rkningsv\u00e4rt konsekventa, vilket kan g\u00f6ra dem l\u00e4ttare att l\u00e4ra sig \u00e4n verb p\u00e5 andra spr\u00e5k. Alla koreanska verb slutar p\u00e5 \ub2e4 (da) i sin grundform, och f\u00f6r att skapa olika tempus eller niv\u00e5er av artighet l\u00e4gger du helt enkelt till olika \u00e4ndelser. De vanligaste \u00e4r -\uc694 (yo) f\u00f6r informell artighet och -\uc2b5\ub2c8\ub2e4 (seumnida) f\u00f6r mer formella situationer.<\/p>\n\n\n\n<p>Tips: L\u00e4r dig att b\u00f6ja n\u00e5gra viktiga verb i de olika artighetsniv\u00e5erna, till exempel \ud558\ub2e4 (att g\u00f6ra), \uba39\ub2e4 (att \u00e4ta), \uc790\ub2e4 (att sova) och \uac00\ub2e4 (att g\u00e5). B\u00f6rja sedan inf\u00f6rliva dem i meningar f\u00f6r att bli mer bekant och bekv\u00e4m med att anv\u00e4nda olika b\u00f6jningar.<\/p>\n\n\n\n<h3 class=\"wp-block-heading\" id=\"h-4-adjectives-treat-them-like-verbs\">4. Adjektiv \u2013 Behandla dem som verb!<\/h3>\n\n\n\n<p>I koreansk grammatik fungerar adjektiv p\u00e5 samma s\u00e4tt som verb och b\u00f6js med samma system. M\u00e5nga adjektiv slutar p\u00e5 ~\ud558\ub2e4 (-hada) och kan b\u00f6jas p\u00e5 samma s\u00e4tt som du skulle b\u00f6ja verb.<\/p>\n\n\n\n<p>Tips: \u00d6va p\u00e5 att b\u00f6ja vanliga adjektiv som \uc88b\ub2e4 (att vara bra), \uc608\uc058\ub2e4 (att vara vacker), \ub192\ub2e4 (att vara h\u00f6g), \ub0ae\ub2e4 (att vara l\u00e5g) och \ud06c\ub2e4 (att vara stor). Att inf\u00f6rliva dem i meningar hj\u00e4lper till att bef\u00e4sta din f\u00f6rst\u00e5else.<\/p>\n\n\n\n<h3 class=\"wp-block-heading\" id=\"h-5-honorifics-show-your-respect\">5. Hedersbetygelser \u2013 Visa din respekt!<\/h3>\n\n\n\n<p>Koreansk kultur betonar att visa respekt f\u00f6r \u00e4ldre och de i myndighetsst\u00e4llning. Detta \u00e5terspeglas i spr\u00e5ket genom hedersbetygelser, som \u00e4r speciella former av ord och grammatiska strukturer som anv\u00e4nds f\u00f6r att visa artighet. N\u00e5gra viktiga exempel \u00e4r att anv\u00e4nda partikeln -\uaed8\uc11c (-kkeseo) i st\u00e4llet f\u00f6r -\uc774\/\uac00 n\u00e4r man h\u00e4nvisar till n\u00e5gon p\u00e5 ett respektfullt s\u00e4tt eller att l\u00e4gga till -\uc2dc (-si) till verb som en artighetsmark\u00f6r.<\/p>\n\n\n\n<p>Tips: L\u00e4r dig grunderna i att anv\u00e4nda hedersbetygelser, men oroa dig inte f\u00f6r mycket f\u00f6r att bli expert direkt. Som engelsktalande kommer koreaner sannolikt att f\u00f6rst\u00e5 om du g\u00f6r misstag, men att visa en anstr\u00e4ngning f\u00f6r att vara respektfull kommer att uppskattas.<\/p>\n\n\n\n<h3 class=\"wp-block-heading\" id=\"h-conclusion\">Slutsats:<\/h3>\n\n\n\n<p>Koreansk grammatik kan verka utmanande i b\u00f6rjan, men allteftersom du f\u00e5r erfarenhet och f\u00f6rst\u00e5else kommer du att uppt\u00e4cka att det finns ett logiskt och konsekvent ramverk. Genom att fokusera p\u00e5 nyckelbegrepp som ordf\u00f6ljd, partiklar och verbb\u00f6jning kommer du snart att kunna bygga meningar som ett proffs. Omfamna en k\u00e4rlek till detta uttrycksfulla spr\u00e5k och se hur din beh\u00e4rskning av koreansk grammatik leder till en v\u00e4rld av m\u00f6jligheter. \ud654\uc774\ud305 (hwaiting) &#8211; l\u00e5ta<\/p>\n<\/div><\/div>\n\r\n<section class=\"learnNavigationSection\">\r\n            \r\n        <a href=\"https:\/\/talkpal.ai\/sv\/lar-dig-koreanska\/\">\r\n            <div class=\"learnNavigationWrapper\">\r\n                <div class=\"learnNavigationContent\">\r\n                    <img decoding=\"async\" src=\"https:\/\/talkpal.ai\/wp-content\/uploads\/2024\/08\/Korean.jpg\" alt=\"Korean Flag\">\r\n                    <div>\r\n                        <h4>Om Korean Learning<\/h4>\r\n                        <p>Ta reda p\u00e5 allt om koreansk grammatik.<\/p>\r\n                    <\/div>\r\n                <\/div>\r\n            <\/div>\r\n        <\/a>\r\n\r\n        \r\n        <a href=\"https:\/\/talkpal.ai\/sv\/koreanska-grammatikovningar\/\">\r\n            <div class=\"learnNavigationWrapper\">\r\n                <div class=\"learnNavigationContent\">\r\n                    <img decoding=\"async\" src=\"https:\/\/talkpal.ai\/wp-content\/uploads\/2024\/08\/Korean.jpg\" alt=\"Korean Flag\">\r\n                    <div>\r\n                        <h4>Koreansk grammatik \u00f6vning<\/h4>\r\n                        <p>\u00d6va koreansk grammatik.<\/p>\r\n                    <\/div>\r\n                <\/div>\r\n            <\/div>\r\n        <\/a>\r\n\r\n        \r\n        <a href=\"https:\/\/talkpal.ai\/vocabulary_language\/korean\/\">\r\n            <div class=\"learnNavigationWrapper\">\r\n                <div class=\"learnNavigationContent\">\r\n                    <img decoding=\"async\" src=\"https:\/\/talkpal.ai\/wp-content\/uploads\/2024\/08\/Korean.jpg\" alt=\"Korean Flag\">\r\n                    <div>\r\n                        <h4>Koreansk vokabul\u00e4r<\/h4>\r\n                        <p>Ut\u00f6ka ditt koreanska ordf\u00f6rr\u00e5d.<\/p>\r\n                    <\/div>\r\n                <\/div>\r\n            <\/div>\r\n        <\/a>\r\n\r\n            <\/section>","protected":false},"excerpt":{"rendered":"<p>Avmystifiering av koreansk grammatik: En nyb\u00f6rjarguide Att l\u00e4ra sig koreanska kan \u00f6ppna upp en v\u00e4rld av m\u00f6jligheter, oavsett om det handlar om att utforska det koreanska k\u00f6ket, se de senaste K-dramerna eller arbeta med n\u00e5got av Sydkoreas m\u00e5nga innovativa f\u00f6retag. Som en icke-modersm\u00e5lstalare som dyker in i detta fascinerande spr\u00e5k kan en av de mest [&hellip;]<\/p>\n","protected":false},"author":1,"featured_media":11611,"parent":0,"menu_order":0,"comment_status":"closed","ping_status":"closed","template":"LearningContentPage.php","meta":{"_acf_changed":false,"footnotes":""},"class_list":["post-130366","page","type-page","status-publish","has-post-thumbnail","hentry"],"acf":[],"yoast_head":"<!-- This site is optimized with the Yoast SEO Premium plugin v27.2 (Yoast SEO v27.2) - https:\/\/yoast.com\/product\/yoast-seo-premium-wordpress\/ -->\n<title>Koreansk grammatik - Talkpal<\/title>\n<meta name=\"description\" content=\"Beh\u00e4rska koreansk grammatik med sj\u00e4lvf\u00f6rtroende - st\u00e4rk meningsstrukturen, klarg\u00f6r regler och f\u00f6rb\u00e4ttra flytet p\u00e5 ett enkelt s\u00e4tt\" \/>\n<meta name=\"robots\" content=\"index, follow, max-snippet:-1, max-image-preview:large, max-video-preview:-1\" \/>\n<link rel=\"canonical\" href=\"https:\/\/talkpal.ai\/sv\/koreansk-grammatik\/\" \/>\n<meta property=\"og:locale\" content=\"sv_SE\" \/>\n<meta property=\"og:type\" content=\"article\" \/>\n<meta property=\"og:title\" content=\"Koreansk grammatik\" \/>\n<meta property=\"og:description\" content=\"Avmystifiering av koreansk grammatik: En nyb\u00f6rjarguide Att l\u00e4ra sig koreanska kan \u00f6ppna upp en v\u00e4rld av m\u00f6jligheter, oavsett om det handlar om att\" \/>\n<meta property=\"og:url\" content=\"https:\/\/talkpal.ai\/sv\/koreansk-grammatik\/\" \/>\n<meta property=\"og:site_name\" content=\"Talkpal\" \/>\n<meta property=\"article:publisher\" content=\"https:\/\/www.facebook.com\/profile.php?id=100090733639311\" \/>\n<meta property=\"article:modified_time\" content=\"2025-12-11T16:28:19+00:00\" \/>\n<meta property=\"og:image\" content=\"https:\/\/talkpal.ai\/wp-content\/uploads\/2023\/04\/south-korea.png\" \/>\n\t<meta property=\"og:image:width\" content=\"512\" \/>\n\t<meta property=\"og:image:height\" content=\"512\" \/>\n\t<meta property=\"og:image:type\" content=\"image\/png\" \/>\n<meta name=\"twitter:card\" content=\"summary_large_image\" \/>\n<meta name=\"twitter:site\" content=\"@talkpalai\" \/>\n<meta name=\"twitter:label1\" content=\"Ber\u00e4knad l\u00e4stid\" \/>\n\t<meta name=\"twitter:data1\" content=\"4 minuter\" \/>\n<script type=\"application\/ld+json\" class=\"yoast-schema-graph\">{\"@context\":\"https:\/\/schema.org\",\"@graph\":[{\"@type\":\"WebPage\",\"@id\":\"https:\/\/talkpal.ai\/sv\/koreansk-grammatik\/\",\"url\":\"https:\/\/talkpal.ai\/sv\/koreansk-grammatik\/\",\"name\":\"Koreansk grammatik - Talkpal\",\"isPartOf\":{\"@id\":\"https:\/\/talkpal.ai\/sv\/#website\"},\"primaryImageOfPage\":{\"@id\":\"https:\/\/talkpal.ai\/sv\/koreansk-grammatik\/#primaryimage\"},\"image\":{\"@id\":\"https:\/\/talkpal.ai\/sv\/koreansk-grammatik\/#primaryimage\"},\"thumbnailUrl\":\"https:\/\/talkpal.ai\/wp-content\/uploads\/2023\/04\/south-korea.png\",\"datePublished\":\"2023-05-14T13:52:27+00:00\",\"dateModified\":\"2025-12-11T16:28:19+00:00\",\"description\":\"Beh\u00e4rska koreansk grammatik med sj\u00e4lvf\u00f6rtroende - st\u00e4rk meningsstrukturen, klarg\u00f6r regler och f\u00f6rb\u00e4ttra flytet p\u00e5 ett enkelt s\u00e4tt\",\"breadcrumb\":{\"@id\":\"https:\/\/talkpal.ai\/sv\/koreansk-grammatik\/#breadcrumb\"},\"inLanguage\":\"sv-SE\",\"potentialAction\":[{\"@type\":\"ReadAction\",\"target\":[\"https:\/\/talkpal.ai\/sv\/koreansk-grammatik\/\"]}]},{\"@type\":\"ImageObject\",\"inLanguage\":\"sv-SE\",\"@id\":\"https:\/\/talkpal.ai\/sv\/koreansk-grammatik\/#primaryimage\",\"url\":\"https:\/\/talkpal.ai\/wp-content\/uploads\/2023\/04\/south-korea.png\",\"contentUrl\":\"https:\/\/talkpal.ai\/wp-content\/uploads\/2023\/04\/south-korea.png\",\"width\":512,\"height\":512},{\"@type\":\"BreadcrumbList\",\"@id\":\"https:\/\/talkpal.ai\/sv\/koreansk-grammatik\/#breadcrumb\",\"itemListElement\":[{\"@type\":\"ListItem\",\"position\":1,\"name\":\"Homepage\",\"item\":\"https:\/\/talkpal.ai\/sv\/\"},{\"@type\":\"ListItem\",\"position\":2,\"name\":\"Koreansk grammatik\"}]},{\"@type\":\"WebSite\",\"@id\":\"https:\/\/talkpal.ai\/sv\/#website\",\"url\":\"https:\/\/talkpal.ai\/sv\/\",\"name\":\"Talkpal\",\"description\":\"AI Language Learning\",\"publisher\":{\"@id\":\"https:\/\/talkpal.ai\/sv\/#organization\"},\"alternateName\":\"Talkpal AI\",\"potentialAction\":[{\"@type\":\"SearchAction\",\"target\":{\"@type\":\"EntryPoint\",\"urlTemplate\":\"https:\/\/talkpal.ai\/sv\/?s={search_term_string}\"},\"query-input\":{\"@type\":\"PropertyValueSpecification\",\"valueRequired\":true,\"valueName\":\"search_term_string\"}}],\"inLanguage\":\"sv-SE\"},{\"@type\":\"Organization\",\"@id\":\"https:\/\/talkpal.ai\/sv\/#organization\",\"name\":\"Talkpal, Inc.\",\"alternateName\":\"Talkpal AI\",\"url\":\"https:\/\/talkpal.ai\/sv\/\",\"logo\":{\"@type\":\"ImageObject\",\"inLanguage\":\"sv-SE\",\"@id\":\"https:\/\/talkpal.ai\/sv\/#\/schema\/logo\/image\/\",\"url\":\"https:\/\/talkpal.ai\/wp-content\/uploads\/2024\/03\/Talkpal-Logo-Icon.png\",\"contentUrl\":\"https:\/\/talkpal.ai\/wp-content\/uploads\/2024\/03\/Talkpal-Logo-Icon.png\",\"width\":2880,\"height\":2880,\"caption\":\"Talkpal, Inc.\"},\"image\":{\"@id\":\"https:\/\/talkpal.ai\/sv\/#\/schema\/logo\/image\/\"},\"sameAs\":[\"https:\/\/www.facebook.com\/profile.php?id=100090733639311\",\"https:\/\/x.com\/talkpalai\",\"https:\/\/www.linkedin.com\/company\/talkpal\/\",\"https:\/\/www.youtube.com\/@TalkPal\/\",\"https:\/\/www.tiktok.com\/@talkpal\",\"https:\/\/www.instagram.com\/talkpal_ai\/\",\"https:\/\/www.crunchbase.com\/organization\/talkpal-9cde\",\"https:\/\/www.g2.com\/products\/talkpal-for-business\/\",\"https:\/\/www.trustpilot.com\/review\/talkpal.ai\",\"https:\/\/www.capterra.com\/p\/10006800\/TalkPal\/\"],\"description\":\"Talkpal is a language learning web and mobile education app, powered by the latest AI technologies, that provides engaging experiences to its customers in many different languages to help them improve their language skills. Users can chat about unlimited amount of topics with the app and use other modes to practice their language learning.\",\"email\":\"support@talkpal.ai\",\"legalName\":\"Talkpal, Inc.\",\"foundingDate\":\"2023-04-03\",\"duns\":\"118989042\",\"numberOfEmployees\":{\"@type\":\"QuantitativeValue\",\"minValue\":\"11\",\"maxValue\":\"50\"},\"publishingPrinciples\":\"https:\/\/talkpal.ai\/publishing-principles\/\",\"actionableFeedbackPolicy\":\"https:\/\/talkpal.ai\/actionable-feedback-policy\/\",\"correctionsPolicy\":\"https:\/\/talkpal.ai\/corrections-policy\/\",\"ethicsPolicy\":\"https:\/\/talkpal.ai\/ethics-policy\/\",\"diversityPolicy\":\"https:\/\/talkpal.ai\/diversity-policy\/\",\"diversityStaffingReport\":\"https:\/\/talkpal.ai\/diversity-policy\/\"}]}<\/script>\n<!-- \/ Yoast SEO Premium plugin. -->","yoast_head_json":{"title":"Koreansk grammatik - Talkpal","description":"Beh\u00e4rska koreansk grammatik med sj\u00e4lvf\u00f6rtroende - st\u00e4rk meningsstrukturen, klarg\u00f6r regler och f\u00f6rb\u00e4ttra flytet p\u00e5 ett enkelt s\u00e4tt","robots":{"index":"index","follow":"follow","max-snippet":"max-snippet:-1","max-image-preview":"max-image-preview:large","max-video-preview":"max-video-preview:-1"},"canonical":"https:\/\/talkpal.ai\/sv\/koreansk-grammatik\/","og_locale":"sv_SE","og_type":"article","og_title":"Koreansk grammatik","og_description":"Avmystifiering av koreansk grammatik: En nyb\u00f6rjarguide Att l\u00e4ra sig koreanska kan \u00f6ppna upp en v\u00e4rld av m\u00f6jligheter, oavsett om det handlar om att","og_url":"https:\/\/talkpal.ai\/sv\/koreansk-grammatik\/","og_site_name":"Talkpal","article_publisher":"https:\/\/www.facebook.com\/profile.php?id=100090733639311","article_modified_time":"2025-12-11T16:28:19+00:00","og_image":[{"width":512,"height":512,"url":"https:\/\/talkpal.ai\/wp-content\/uploads\/2023\/04\/south-korea.png","type":"image\/png"}],"twitter_card":"summary_large_image","twitter_site":"@talkpalai","twitter_misc":{"Ber\u00e4knad l\u00e4stid":"4 minuter"},"schema":{"@context":"https:\/\/schema.org","@graph":[{"@type":"WebPage","@id":"https:\/\/talkpal.ai\/sv\/koreansk-grammatik\/","url":"https:\/\/talkpal.ai\/sv\/koreansk-grammatik\/","name":"Koreansk grammatik - Talkpal","isPartOf":{"@id":"https:\/\/talkpal.ai\/sv\/#website"},"primaryImageOfPage":{"@id":"https:\/\/talkpal.ai\/sv\/koreansk-grammatik\/#primaryimage"},"image":{"@id":"https:\/\/talkpal.ai\/sv\/koreansk-grammatik\/#primaryimage"},"thumbnailUrl":"https:\/\/talkpal.ai\/wp-content\/uploads\/2023\/04\/south-korea.png","datePublished":"2023-05-14T13:52:27+00:00","dateModified":"2025-12-11T16:28:19+00:00","description":"Beh\u00e4rska koreansk grammatik med sj\u00e4lvf\u00f6rtroende - st\u00e4rk meningsstrukturen, klarg\u00f6r regler och f\u00f6rb\u00e4ttra flytet p\u00e5 ett enkelt s\u00e4tt","breadcrumb":{"@id":"https:\/\/talkpal.ai\/sv\/koreansk-grammatik\/#breadcrumb"},"inLanguage":"sv-SE","potentialAction":[{"@type":"ReadAction","target":["https:\/\/talkpal.ai\/sv\/koreansk-grammatik\/"]}]},{"@type":"ImageObject","inLanguage":"sv-SE","@id":"https:\/\/talkpal.ai\/sv\/koreansk-grammatik\/#primaryimage","url":"https:\/\/talkpal.ai\/wp-content\/uploads\/2023\/04\/south-korea.png","contentUrl":"https:\/\/talkpal.ai\/wp-content\/uploads\/2023\/04\/south-korea.png","width":512,"height":512},{"@type":"BreadcrumbList","@id":"https:\/\/talkpal.ai\/sv\/koreansk-grammatik\/#breadcrumb","itemListElement":[{"@type":"ListItem","position":1,"name":"Homepage","item":"https:\/\/talkpal.ai\/sv\/"},{"@type":"ListItem","position":2,"name":"Koreansk grammatik"}]},{"@type":"WebSite","@id":"https:\/\/talkpal.ai\/sv\/#website","url":"https:\/\/talkpal.ai\/sv\/","name":"Talkpal","description":"AI Language Learning","publisher":{"@id":"https:\/\/talkpal.ai\/sv\/#organization"},"alternateName":"Talkpal AI","potentialAction":[{"@type":"SearchAction","target":{"@type":"EntryPoint","urlTemplate":"https:\/\/talkpal.ai\/sv\/?s={search_term_string}"},"query-input":{"@type":"PropertyValueSpecification","valueRequired":true,"valueName":"search_term_string"}}],"inLanguage":"sv-SE"},{"@type":"Organization","@id":"https:\/\/talkpal.ai\/sv\/#organization","name":"Talkpal, Inc.","alternateName":"Talkpal AI","url":"https:\/\/talkpal.ai\/sv\/","logo":{"@type":"ImageObject","inLanguage":"sv-SE","@id":"https:\/\/talkpal.ai\/sv\/#\/schema\/logo\/image\/","url":"https:\/\/talkpal.ai\/wp-content\/uploads\/2024\/03\/Talkpal-Logo-Icon.png","contentUrl":"https:\/\/talkpal.ai\/wp-content\/uploads\/2024\/03\/Talkpal-Logo-Icon.png","width":2880,"height":2880,"caption":"Talkpal, Inc."},"image":{"@id":"https:\/\/talkpal.ai\/sv\/#\/schema\/logo\/image\/"},"sameAs":["https:\/\/www.facebook.com\/profile.php?id=100090733639311","https:\/\/x.com\/talkpalai","https:\/\/www.linkedin.com\/company\/talkpal\/","https:\/\/www.youtube.com\/@TalkPal\/","https:\/\/www.tiktok.com\/@talkpal","https:\/\/www.instagram.com\/talkpal_ai\/","https:\/\/www.crunchbase.com\/organization\/talkpal-9cde","https:\/\/www.g2.com\/products\/talkpal-for-business\/","https:\/\/www.trustpilot.com\/review\/talkpal.ai","https:\/\/www.capterra.com\/p\/10006800\/TalkPal\/"],"description":"Talkpal is a language learning web and mobile education app, powered by the latest AI technologies, that provides engaging experiences to its customers in many different languages to help them improve their language skills. Users can chat about unlimited amount of topics with the app and use other modes to practice their language learning.","email":"support@talkpal.ai","legalName":"Talkpal, Inc.","foundingDate":"2023-04-03","duns":"118989042","numberOfEmployees":{"@type":"QuantitativeValue","minValue":"11","maxValue":"50"},"publishingPrinciples":"https:\/\/talkpal.ai\/publishing-principles\/","actionableFeedbackPolicy":"https:\/\/talkpal.ai\/actionable-feedback-policy\/","correctionsPolicy":"https:\/\/talkpal.ai\/corrections-policy\/","ethicsPolicy":"https:\/\/talkpal.ai\/ethics-policy\/","diversityPolicy":"https:\/\/talkpal.ai\/diversity-policy\/","diversityStaffingReport":"https:\/\/talkpal.ai\/diversity-policy\/"}]}},"_links":{"self":[{"href":"https:\/\/talkpal.ai\/sv\/wp-json\/wp\/v2\/pages\/130366","targetHints":{"allow":["GET"]}}],"collection":[{"href":"https:\/\/talkpal.ai\/sv\/wp-json\/wp\/v2\/pages"}],"about":[{"href":"https:\/\/talkpal.ai\/sv\/wp-json\/wp\/v2\/types\/page"}],"author":[{"embeddable":true,"href":"https:\/\/talkpal.ai\/sv\/wp-json\/wp\/v2\/users\/1"}],"replies":[{"embeddable":true,"href":"https:\/\/talkpal.ai\/sv\/wp-json\/wp\/v2\/comments?post=130366"}],"version-history":[{"count":0,"href":"https:\/\/talkpal.ai\/sv\/wp-json\/wp\/v2\/pages\/130366\/revisions"}],"wp:featuredmedia":[{"embeddable":true,"href":"https:\/\/talkpal.ai\/sv\/wp-json\/wp\/v2\/media\/11611"}],"wp:attachment":[{"href":"https:\/\/talkpal.ai\/sv\/wp-json\/wp\/v2\/media?parent=130366"}],"curies":[{"name":"wp","href":"https:\/\/api.w.org\/{rel}","templated":true}]}}