{"id":130010,"date":"2023-05-14T13:51:46","date_gmt":"2023-05-14T13:51:46","guid":{"rendered":"http:\/\/talkpal.ai\/portugisisk-grammatik\/"},"modified":"2025-12-11T16:46:15","modified_gmt":"2025-12-11T16:46:15","slug":"portugisisk-grammatik","status":"publish","type":"page","link":"https:\/\/talkpal.ai\/sv\/portugisisk-grammatik\/","title":{"rendered":"Portugisisk grammatik"},"content":{"rendered":"\r\n\r\n\r\n<section class=\"languageChallengeSection\">\r\n    <div class=\"languageInfoWrapper\">\r\n        \r\n        <h1>Portugisisk grammatik<\/h1>\r\n        <p>Utforska grunderna i <a href=\"https:\/\/talkpal.ai\/da\/lektioner-i-portugisisk\/\">portugisisk grammatik<\/a> och \u00f6ppna upp en v\u00e4rld av m\u00f6jligheter att f\u00e5 kontakt med miljontals talare \u00f6ver hela v\u00e4rlden. Genom att beh\u00e4rska de viktigaste reglerna och strukturerna \u00e4r du redo att kommunicera med sj\u00e4lvf\u00f6rtroende och njuta fullt ut av den <a href=\"https:\/\/talkpal.ai\/learn-portuguese\/\">portugisiska<\/a> kulturen. B\u00f6rja l\u00e4ra dig portugisisk <a href=\"https:\/\/talkpal.ai\/fr\/les\/\">grammatik<\/a> idag och ta ditt f\u00f6rsta steg mot flytande spr\u00e5k!<\/p>\r\n\r\n                            <a class=\"getStartedHidden\" href=\"https:\/\/app.talkpal.ai\/sv\/signup?lng=\">Kom ig\u00e5ng<\/a>\r\n        \r\n    <\/div>\r\n\r\n    <figure>\r\n    <img decoding=\"async\" width=\"768\" height=\"768\" src=\"https:\/\/talkpal.ai\/wp-content\/uploads\/2023\/06\/portuguese-768x768.png\" class=\"languageImage no-lazy\" alt=\"Default alt text\" fetchpriority=\"high\" sizes=\"(max-width: 768px) 150px, 768px\" srcset=\"https:\/\/talkpal.ai\/wp-content\/uploads\/2023\/06\/portuguese-768x768.png 768w, https:\/\/talkpal.ai\/wp-content\/uploads\/2023\/06\/portuguese-300x300.png 300w\" \/>\r\n    \r\n\r\n    <\/figure>\r\n\r\n            <a class=\"getStartedVisible\" href=\"https:\/\/app.talkpal.ai\/sv\/signup?lng=\">Kom ig\u00e5ng<\/a>\r\n    \r\n<\/section>\r\n        <section class=\"grammarSection\">\r\n            <div class=\"grammarLinks\">\r\n                <a href=\"https:\/\/talkpal.ai\/sv\/language\/adjektiv-portugisisk-grammatik\/\">Adjektiv <\/a><a href=\"https:\/\/talkpal.ai\/sv\/language\/adverb-portugisisk-grammatik\/\">Adverb <\/a><a href=\"https:\/\/talkpal.ai\/sv\/language\/artiklar-portugisisk-grammatik\/\">Artiklar <\/a><a href=\"https:\/\/talkpal.ai\/sv\/language\/jamforelse-av-tempus-portugisisk-grammatik\/\">J\u00e4mf\u00f6relse av tempus <\/a><a href=\"https:\/\/talkpal.ai\/sv\/language\/meningsbyggnad-portugisisk-grammatik\/\">Meningsbyggnad <\/a><a href=\"https:\/\/talkpal.ai\/sv\/language\/prepositioner-portugisisk-grammatik\/\">Prepositioner <\/a><a href=\"https:\/\/talkpal.ai\/sv\/language\/pronomen-portugisisk-grammatik\/\">Pronomen <\/a><a href=\"https:\/\/talkpal.ai\/sv\/language\/substantiv-portugisisk-grammatik\/\">Substantiv <\/a><a href=\"https:\/\/talkpal.ai\/sv\/language\/tempus-indikativ-portugisisk-grammatik\/\">Tempus indikativ <\/a><a href=\"https:\/\/talkpal.ai\/sv\/language\/tempus-konjunktiv-portugisisk-grammatik\/\">Tempus konjunktiv <\/a><a href=\"https:\/\/talkpal.ai\/sv\/language\/verb-portugisisk-grammatik\/\">Verb <\/a>            <\/div>\r\n        <\/section>\r\n    <section class=\"promotionalBanner\">\r\n    <p class=\"promotionalText\">Det mest effektiva s\u00e4ttet att l\u00e4ra sig ett spr\u00e5k<\/p>\r\n    <a class=\"promotionalLink\" href=\"https:\/\/app.talkpal.ai\/sv\/signup?lng=\">Prova Talkpal gratis<\/a>\r\n<\/section>\n<div class=\"wp-block-group pageContainerStyle\"><div class=\"wp-block-group__inner-container is-layout-constrained wp-block-group-is-layout-constrained\">\n<h2 class=\"wp-block-heading\" id=\"h-a-beginner-s-guide-to-understanding-portuguese-grammar\">En nyb\u00f6rjares guide till att f\u00f6rst\u00e5 portugisisk grammatik<\/h2>\n\n\n\n<p>Oavsett om du planerar en resa till <a href=\"https:\/\/talkpal.ai\/locations\/language-courses-in-portugal\/\">Portugal<\/a> eller bara \u00e4r intresserad av att beh\u00e4rska ett nytt spr\u00e5k kan det vara en sp\u00e4nnande och givande upplevelse att l\u00e4ra sig portugisiska. En viktig aspekt av att l\u00e4ra sig portugisiska, precis som alla andra, \u00e4r att f\u00f6rst\u00e5 grammatiken. <a href=\"https:\/\/talkpal.ai\/culture\/how-do-i-use-den-har-and-det-har\/\">Den h\u00e4r<\/a> artikeln guidar dig genom grunderna i portugisisk grammatik och ger dig viktiga tips och insikter som hj\u00e4lper dig att navigera och kommunicera utan anstr\u00e4ngning. S\u00e5 om du har v\u00e4ntat p\u00e5 att f\u00e5 dyka in i portugisiskans v\u00e4rld, l\u00e5t <a href=\"https:\/\/talkpal.ai\/locations\/language-courses-in-oss\/\">oss<\/a> <a href=\"https:\/\/talkpal.ai\/ko\/ai-%ec%96%b8%ec%96%b4-%ea%b5%90%ec%82%ac\/\">komma ig\u00e5ng<\/a>!<\/p>\n\n\n\n<h3 class=\"wp-block-heading\" id=\"h-1-the-basics-nouns-pronouns-and-articles\">1. Grunderna: substantiv, pronomen och artiklar<\/h3>\n\n\n\n<p>Precis som p\u00e5 <a href=\"https:\/\/talkpal.ai\/learn-english-with-ai\/\">engelska<\/a> \u00e4r portugisisk grammatik uppbyggd kring substantiv, pronomen och artiklar. Substantiv p\u00e5 portugisiska kan vara maskulina eller feminina, och det \u00e4r viktigt att fastst\u00e4lla k\u00f6net f\u00f6r korrekt meningsbyggnad. Till exempel kan &#8221;o menino&#8221; \u00f6vers\u00e4ttas till &#8221;pojken&#8221;, medan &#8221;a menina&#8221; kan \u00f6vers\u00e4ttas till &#8221;flickan&#8221;.<\/p>\n\n\n\n<p>Pronomen p\u00e5 portugisiska, liksom engelska, fungerar som substitut f\u00f6r substantiv. De har ocks\u00e5 k\u00f6n. Personliga pronomen inkluderar eu (jag), voc\u00ea\/tu (du), ele\/ela (han\/hon), n\u00f3s (vi) och eles\/elas (de).<\/p>\n\n\n\n<p>Best\u00e4mda artiklar (the) och obest\u00e4mda artiklar (a\/an) \u00e4r ocks\u00e5 k\u00f6nsspecifika och \u00e4r viktiga f\u00f6r korrekt meningsbyggnad. P\u00e5 portugisiska \u00e4r de best\u00e4mda artiklarna &#8221;o&#8221; (maskulinum) och &#8221;a&#8221; (femininum), och de obest\u00e4mda artiklarna \u00e4r &#8221;um&#8221; (maskulinum) och &#8221;uma&#8221; (femininum).<\/p>\n\n\n\n<h3 class=\"wp-block-heading\" id=\"h-2-adjectives-and-adverbs-add-spice-to-your-sentences\">2. Adjektiv och adverb: Krydda dina meningar<\/h3>\n\n\n\n<p>Adjektiv \u00e4r ord som beskriver eller modifierar substantiv, och precis som substantiv har de genus. Vanligtvis \u00e4r adjektiv som slutar p\u00e5 &#8221;o&#8221; maskulina, medan de som slutar p\u00e5 &#8221;a&#8221; \u00e4r feminina. Det \u00e4r viktigt att adjektivets k\u00f6n st\u00e4mmer \u00f6verens med det substantiv som det beskriver. Till exempel kan &#8221;homem alto&#8221; \u00f6vers\u00e4ttas till &#8221;l\u00e5ng man&#8221;, medan &#8221;mulher alto&#8221; betyder &#8221;l\u00e5ng kvinna&#8221;.<\/p>\n\n\n\n<p>Adverb, \u00e5 andra sidan, modifierar verb, adjektiv eller andra adverb. I portugisiska har adverb vanligtvis inte k\u00f6nsspecifika former. N\u00e5gra vanliga adverb \u00e4r &#8221;rapidamente&#8221; (snabbt), &#8221;lentamente&#8221; (l\u00e5ngsamt) och &#8221;sempre&#8221; (alltid).<\/p>\n\n\n\n<h3 class=\"wp-block-heading\" id=\"h-3-verbs-the-action-words\">3. Verb: Handlingsorden<\/h3>\n\n\n\n<p>Portugisiska verb klassificeras i tre b\u00f6jningsgrupper (-ar, -er, -ir), och deras former \u00e4ndras beroende p\u00e5 tempus och subjekt. H\u00e4r \u00e4r n\u00e5gra viktiga tempusformer som du beh\u00f6ver k\u00e4nna till:<\/p>\n\n\n\n<p>&#8211; Presens (presens): Beskriver handlingar som sker nu eller vanem\u00e4ssiga handlingar.<br\/>&#8211; F\u00f6rfluten tid (Pret\u00e9rito): Beskriver handlingar som intr\u00e4ffade i det f\u00f6rflutna. Det finns tv\u00e5 typer: Pret\u00e9rito Perfeito (enkelt f\u00f6rflutet) och Pret\u00e9rito Imperfeito (preteritum kontinuerligt).<br\/>&#8211; Framtida tempus (Futuro): Beskriver handlingar som kommer att ske i framtiden.<\/p>\n\n\n\n<p>Att beh\u00e4rska verbb\u00f6jningar kan vara en utmaning p\u00e5 portugisiska, men \u00f6vning och konsekvens hj\u00e4lper dig att f\u00f6rst\u00e5 det mer effektivt.<\/p>\n\n\n\n<h3 class=\"wp-block-heading\" id=\"h-4-word-order-building-understandable-sentences\">4. Ordf\u00f6ljd: Bygga begripliga meningar<\/h3>\n\n\n\n<p>Den typiska portugisiska meningsstrukturen f\u00f6ljer SVO-ordningen (Subjekt-Verb-Objekt). Till exempel f\u00f6ljer meningen &#8221;Eu amo pizza&#8221; (&#8221;Jag \u00e4lskar pizza&#8221;) detta m\u00f6nster. Den portugisiska grammatiken kan dock vara ganska flexibel och du kan st\u00f6ta p\u00e5 variationer i ordf\u00f6ljden, s\u00e4rskilt i litteratur eller informella samtal. Kontext och sunt f\u00f6rnuft \u00e4r avg\u00f6rande f\u00f6r att f\u00f6rst\u00e5 dessa variationer.<\/p>\n\n\n\n<h3 class=\"wp-block-heading\" id=\"h-5-negation-and-interrogation-say-no-and-ask-questions\">5. Negation och f\u00f6rh\u00f6r: S\u00e4g nej och st\u00e4ll fr\u00e5gor<\/h3>\n\n\n\n<p>F\u00f6r att negera en mening p\u00e5 portugisiska placerar du helt enkelt ordet &#8221;n\u00e3o&#8221; f\u00f6re verbet. Till exempel betyder &#8221;Eu n\u00e3o falo portugu\u00eas&#8221; &#8221;Jag talar inte portugisiska&#8221;.<\/p>\n\n\n\n<p>F\u00f6r att g\u00f6ra ett p\u00e5st\u00e5ende till en fr\u00e5ga p\u00e5 portugisiska kan du antingen \u00e4ndra ordf\u00f6ljden eller anv\u00e4nda ett fr\u00e5geord (som &#8221;quem&#8221; f\u00f6r &#8221;vem&#8221;, &#8221;o que&#8221; f\u00f6r &#8221;vad&#8221; eller &#8221;onde&#8221; f\u00f6r &#8221;var&#8221;). Till exempel \u00f6vers\u00e4tts &#8221;Voc\u00ea fala ingl\u00eas?&#8221; till &#8221;Talar du engelska?&#8221;<\/p>\n\n\n\n<h3 class=\"wp-block-heading\" id=\"h-conclusion\">Slutsats<\/h3>\n\n\n\n<p>Att l\u00e4ra sig portugisisk grammatik kan verka avskr\u00e4ckande, men l\u00e5t dig inte nedsl\u00e5s! Alla spr\u00e5k har sina sv\u00e5righeter, men med konsekvens, \u00f6vning och lite t\u00e5lamod kommer du att kunna kommunicera med sj\u00e4lvf\u00f6rtroende och p\u00e5 ett effektivt s\u00e4tt. T\u00e4nk p\u00e5 att grammatikinl\u00e4rning bara \u00e4r en del av spr\u00e5kinl\u00e4rningen, och du b\u00f6r ocks\u00e5 \u00f6va p\u00e5 att lyssna, tala och l\u00e4sa p\u00e5 portugisiska. Boa sorte! (Lycka till!)<\/p>\n<\/div><\/div>\n\r\n<section class=\"learnNavigationSection\">\r\n            \r\n        <a href=\"https:\/\/talkpal.ai\/sv\/lar-dig-portugisiska\/\">\r\n            <div class=\"learnNavigationWrapper\">\r\n                <div class=\"learnNavigationContent\">\r\n                    <img decoding=\"async\" src=\"https:\/\/talkpal.ai\/wp-content\/uploads\/2024\/08\/Portuguese.jpg\" alt=\"Portuguese Flag\">\r\n                    <div>\r\n                        <h4>Om Portugal Learning<\/h4>\r\n                        <p>Ta reda p\u00e5 allt om Portugals grammatik.<\/p>\r\n                    <\/div>\r\n                <\/div>\r\n            <\/div>\r\n        <\/a>\r\n\r\n        \r\n        <a href=\"https:\/\/talkpal.ai\/sv\/portugisiska-grammatikovningar\/\">\r\n            <div class=\"learnNavigationWrapper\">\r\n                <div class=\"learnNavigationContent\">\r\n                    <img decoding=\"async\" src=\"https:\/\/talkpal.ai\/wp-content\/uploads\/2024\/08\/Portuguese.jpg\" alt=\"Portuguese Flag\">\r\n                    <div>\r\n                        <h4>\u00d6vning i portugisisk grammatik<\/h4>\r\n                        <p>\u00d6va portugisisk grammatik.<\/p>\r\n                    <\/div>\r\n                <\/div>\r\n            <\/div>\r\n        <\/a>\r\n\r\n        \r\n        <a href=\"https:\/\/talkpal.ai\/vocabulary_language\/portuguese\/\">\r\n            <div class=\"learnNavigationWrapper\">\r\n                <div class=\"learnNavigationContent\">\r\n                    <img decoding=\"async\" src=\"https:\/\/talkpal.ai\/wp-content\/uploads\/2024\/08\/Portuguese.jpg\" alt=\"Portuguese Flag\">\r\n                    <div>\r\n                        <h4>Portugisisk vokabul\u00e4r<\/h4>\r\n                        <p>Ut\u00f6ka ditt portugisiska ordf\u00f6rr\u00e5d.<\/p>\r\n                    <\/div>\r\n                <\/div>\r\n            <\/div>\r\n        <\/a>\r\n\r\n            <\/section>","protected":false},"excerpt":{"rendered":"<p>En nyb\u00f6rjares guide till att f\u00f6rst\u00e5 portugisisk grammatik Oavsett om du planerar en resa till Portugal eller bara \u00e4r intresserad av att beh\u00e4rska ett nytt spr\u00e5k kan det vara en sp\u00e4nnande och givande upplevelse att l\u00e4ra sig portugisiska. En viktig aspekt av att l\u00e4ra sig portugisiska, precis som alla andra, \u00e4r att f\u00f6rst\u00e5 grammatiken. Den [&hellip;]<\/p>\n","protected":false},"author":1,"featured_media":11597,"parent":0,"menu_order":0,"comment_status":"closed","ping_status":"closed","template":"LearningContentPage.php","meta":{"_acf_changed":false,"footnotes":""},"class_list":["post-130010","page","type-page","status-publish","has-post-thumbnail","hentry"],"acf":[],"yoast_head":"<!-- This site is optimized with the Yoast SEO Premium plugin v27.2 (Yoast SEO v27.2) - https:\/\/yoast.com\/product\/yoast-seo-premium-wordpress\/ -->\n<title>Portugisisk grammatik - Talkpal<\/title>\n<meta name=\"description\" content=\"Beh\u00e4rska portugisisk grammatik med interaktiva \u00f6vningar f\u00f6r alla kunskapsniv\u00e5er. F\u00f6rb\u00e4ttra dina spr\u00e5kkunskaper!\" \/>\n<meta name=\"robots\" content=\"index, follow, max-snippet:-1, max-image-preview:large, max-video-preview:-1\" \/>\n<link rel=\"canonical\" href=\"https:\/\/talkpal.ai\/sv\/portugisisk-grammatik\/\" \/>\n<meta property=\"og:locale\" content=\"sv_SE\" \/>\n<meta property=\"og:type\" content=\"article\" \/>\n<meta property=\"og:title\" content=\"Portugisisk grammatik\" \/>\n<meta property=\"og:description\" content=\"En nyb\u00f6rjares guide till att f\u00f6rst\u00e5 portugisisk grammatik Oavsett om du planerar en resa till Portugal eller bara \u00e4r intresserad av att beh\u00e4rska ett nytt\" \/>\n<meta property=\"og:url\" content=\"https:\/\/talkpal.ai\/sv\/portugisisk-grammatik\/\" \/>\n<meta property=\"og:site_name\" content=\"Talkpal\" \/>\n<meta property=\"article:publisher\" content=\"https:\/\/www.facebook.com\/profile.php?id=100090733639311\" \/>\n<meta property=\"article:modified_time\" content=\"2025-12-11T16:46:15+00:00\" \/>\n<meta property=\"og:image\" content=\"https:\/\/talkpal.ai\/wp-content\/uploads\/2023\/04\/portugal.png\" \/>\n\t<meta property=\"og:image:width\" content=\"512\" \/>\n\t<meta property=\"og:image:height\" content=\"512\" \/>\n\t<meta property=\"og:image:type\" content=\"image\/png\" \/>\n<meta name=\"twitter:card\" content=\"summary_large_image\" \/>\n<meta name=\"twitter:site\" content=\"@talkpalai\" \/>\n<meta name=\"twitter:label1\" content=\"Ber\u00e4knad l\u00e4stid\" \/>\n\t<meta name=\"twitter:data1\" content=\"4 minuter\" \/>\n<script type=\"application\/ld+json\" class=\"yoast-schema-graph\">{\"@context\":\"https:\/\/schema.org\",\"@graph\":[{\"@type\":\"WebPage\",\"@id\":\"https:\/\/talkpal.ai\/sv\/portugisisk-grammatik\/\",\"url\":\"https:\/\/talkpal.ai\/sv\/portugisisk-grammatik\/\",\"name\":\"Portugisisk grammatik - Talkpal\",\"isPartOf\":{\"@id\":\"https:\/\/talkpal.ai\/sv\/#website\"},\"primaryImageOfPage\":{\"@id\":\"https:\/\/talkpal.ai\/sv\/portugisisk-grammatik\/#primaryimage\"},\"image\":{\"@id\":\"https:\/\/talkpal.ai\/sv\/portugisisk-grammatik\/#primaryimage\"},\"thumbnailUrl\":\"https:\/\/talkpal.ai\/wp-content\/uploads\/2023\/04\/portugal.png\",\"datePublished\":\"2023-05-14T13:51:46+00:00\",\"dateModified\":\"2025-12-11T16:46:15+00:00\",\"description\":\"Beh\u00e4rska portugisisk grammatik med interaktiva \u00f6vningar f\u00f6r alla kunskapsniv\u00e5er. F\u00f6rb\u00e4ttra dina spr\u00e5kkunskaper!\",\"breadcrumb\":{\"@id\":\"https:\/\/talkpal.ai\/sv\/portugisisk-grammatik\/#breadcrumb\"},\"inLanguage\":\"sv-SE\",\"potentialAction\":[{\"@type\":\"ReadAction\",\"target\":[\"https:\/\/talkpal.ai\/sv\/portugisisk-grammatik\/\"]}]},{\"@type\":\"ImageObject\",\"inLanguage\":\"sv-SE\",\"@id\":\"https:\/\/talkpal.ai\/sv\/portugisisk-grammatik\/#primaryimage\",\"url\":\"https:\/\/talkpal.ai\/wp-content\/uploads\/2023\/04\/portugal.png\",\"contentUrl\":\"https:\/\/talkpal.ai\/wp-content\/uploads\/2023\/04\/portugal.png\",\"width\":512,\"height\":512},{\"@type\":\"BreadcrumbList\",\"@id\":\"https:\/\/talkpal.ai\/sv\/portugisisk-grammatik\/#breadcrumb\",\"itemListElement\":[{\"@type\":\"ListItem\",\"position\":1,\"name\":\"Homepage\",\"item\":\"https:\/\/talkpal.ai\/sv\/\"},{\"@type\":\"ListItem\",\"position\":2,\"name\":\"Portugisisk grammatik\"}]},{\"@type\":\"WebSite\",\"@id\":\"https:\/\/talkpal.ai\/sv\/#website\",\"url\":\"https:\/\/talkpal.ai\/sv\/\",\"name\":\"Talkpal\",\"description\":\"AI Language Learning\",\"publisher\":{\"@id\":\"https:\/\/talkpal.ai\/sv\/#organization\"},\"alternateName\":\"Talkpal AI\",\"potentialAction\":[{\"@type\":\"SearchAction\",\"target\":{\"@type\":\"EntryPoint\",\"urlTemplate\":\"https:\/\/talkpal.ai\/sv\/?s={search_term_string}\"},\"query-input\":{\"@type\":\"PropertyValueSpecification\",\"valueRequired\":true,\"valueName\":\"search_term_string\"}}],\"inLanguage\":\"sv-SE\"},{\"@type\":\"Organization\",\"@id\":\"https:\/\/talkpal.ai\/sv\/#organization\",\"name\":\"Talkpal, Inc.\",\"alternateName\":\"Talkpal AI\",\"url\":\"https:\/\/talkpal.ai\/sv\/\",\"logo\":{\"@type\":\"ImageObject\",\"inLanguage\":\"sv-SE\",\"@id\":\"https:\/\/talkpal.ai\/sv\/#\/schema\/logo\/image\/\",\"url\":\"https:\/\/talkpal.ai\/wp-content\/uploads\/2024\/03\/Talkpal-Logo-Icon.png\",\"contentUrl\":\"https:\/\/talkpal.ai\/wp-content\/uploads\/2024\/03\/Talkpal-Logo-Icon.png\",\"width\":2880,\"height\":2880,\"caption\":\"Talkpal, Inc.\"},\"image\":{\"@id\":\"https:\/\/talkpal.ai\/sv\/#\/schema\/logo\/image\/\"},\"sameAs\":[\"https:\/\/www.facebook.com\/profile.php?id=100090733639311\",\"https:\/\/x.com\/talkpalai\",\"https:\/\/www.linkedin.com\/company\/talkpal\/\",\"https:\/\/www.youtube.com\/@TalkPal\/\",\"https:\/\/www.tiktok.com\/@talkpal\",\"https:\/\/www.instagram.com\/talkpal_ai\/\",\"https:\/\/www.crunchbase.com\/organization\/talkpal-9cde\",\"https:\/\/www.g2.com\/products\/talkpal-for-business\/\",\"https:\/\/www.trustpilot.com\/review\/talkpal.ai\",\"https:\/\/www.capterra.com\/p\/10006800\/TalkPal\/\"],\"description\":\"Talkpal is a language learning web and mobile education app, powered by the latest AI technologies, that provides engaging experiences to its customers in many different languages to help them improve their language skills. Users can chat about unlimited amount of topics with the app and use other modes to practice their language learning.\",\"email\":\"support@talkpal.ai\",\"legalName\":\"Talkpal, Inc.\",\"foundingDate\":\"2023-04-03\",\"duns\":\"118989042\",\"numberOfEmployees\":{\"@type\":\"QuantitativeValue\",\"minValue\":\"11\",\"maxValue\":\"50\"},\"publishingPrinciples\":\"https:\/\/talkpal.ai\/publishing-principles\/\",\"actionableFeedbackPolicy\":\"https:\/\/talkpal.ai\/actionable-feedback-policy\/\",\"correctionsPolicy\":\"https:\/\/talkpal.ai\/corrections-policy\/\",\"ethicsPolicy\":\"https:\/\/talkpal.ai\/ethics-policy\/\",\"diversityPolicy\":\"https:\/\/talkpal.ai\/diversity-policy\/\",\"diversityStaffingReport\":\"https:\/\/talkpal.ai\/diversity-policy\/\"}]}<\/script>\n<!-- \/ Yoast SEO Premium plugin. -->","yoast_head_json":{"title":"Portugisisk grammatik - Talkpal","description":"Beh\u00e4rska portugisisk grammatik med interaktiva \u00f6vningar f\u00f6r alla kunskapsniv\u00e5er. F\u00f6rb\u00e4ttra dina spr\u00e5kkunskaper!","robots":{"index":"index","follow":"follow","max-snippet":"max-snippet:-1","max-image-preview":"max-image-preview:large","max-video-preview":"max-video-preview:-1"},"canonical":"https:\/\/talkpal.ai\/sv\/portugisisk-grammatik\/","og_locale":"sv_SE","og_type":"article","og_title":"Portugisisk grammatik","og_description":"En nyb\u00f6rjares guide till att f\u00f6rst\u00e5 portugisisk grammatik Oavsett om du planerar en resa till Portugal eller bara \u00e4r intresserad av att beh\u00e4rska ett nytt","og_url":"https:\/\/talkpal.ai\/sv\/portugisisk-grammatik\/","og_site_name":"Talkpal","article_publisher":"https:\/\/www.facebook.com\/profile.php?id=100090733639311","article_modified_time":"2025-12-11T16:46:15+00:00","og_image":[{"width":512,"height":512,"url":"https:\/\/talkpal.ai\/wp-content\/uploads\/2023\/04\/portugal.png","type":"image\/png"}],"twitter_card":"summary_large_image","twitter_site":"@talkpalai","twitter_misc":{"Ber\u00e4knad l\u00e4stid":"4 minuter"},"schema":{"@context":"https:\/\/schema.org","@graph":[{"@type":"WebPage","@id":"https:\/\/talkpal.ai\/sv\/portugisisk-grammatik\/","url":"https:\/\/talkpal.ai\/sv\/portugisisk-grammatik\/","name":"Portugisisk grammatik - Talkpal","isPartOf":{"@id":"https:\/\/talkpal.ai\/sv\/#website"},"primaryImageOfPage":{"@id":"https:\/\/talkpal.ai\/sv\/portugisisk-grammatik\/#primaryimage"},"image":{"@id":"https:\/\/talkpal.ai\/sv\/portugisisk-grammatik\/#primaryimage"},"thumbnailUrl":"https:\/\/talkpal.ai\/wp-content\/uploads\/2023\/04\/portugal.png","datePublished":"2023-05-14T13:51:46+00:00","dateModified":"2025-12-11T16:46:15+00:00","description":"Beh\u00e4rska portugisisk grammatik med interaktiva \u00f6vningar f\u00f6r alla kunskapsniv\u00e5er. F\u00f6rb\u00e4ttra dina spr\u00e5kkunskaper!","breadcrumb":{"@id":"https:\/\/talkpal.ai\/sv\/portugisisk-grammatik\/#breadcrumb"},"inLanguage":"sv-SE","potentialAction":[{"@type":"ReadAction","target":["https:\/\/talkpal.ai\/sv\/portugisisk-grammatik\/"]}]},{"@type":"ImageObject","inLanguage":"sv-SE","@id":"https:\/\/talkpal.ai\/sv\/portugisisk-grammatik\/#primaryimage","url":"https:\/\/talkpal.ai\/wp-content\/uploads\/2023\/04\/portugal.png","contentUrl":"https:\/\/talkpal.ai\/wp-content\/uploads\/2023\/04\/portugal.png","width":512,"height":512},{"@type":"BreadcrumbList","@id":"https:\/\/talkpal.ai\/sv\/portugisisk-grammatik\/#breadcrumb","itemListElement":[{"@type":"ListItem","position":1,"name":"Homepage","item":"https:\/\/talkpal.ai\/sv\/"},{"@type":"ListItem","position":2,"name":"Portugisisk grammatik"}]},{"@type":"WebSite","@id":"https:\/\/talkpal.ai\/sv\/#website","url":"https:\/\/talkpal.ai\/sv\/","name":"Talkpal","description":"AI Language Learning","publisher":{"@id":"https:\/\/talkpal.ai\/sv\/#organization"},"alternateName":"Talkpal AI","potentialAction":[{"@type":"SearchAction","target":{"@type":"EntryPoint","urlTemplate":"https:\/\/talkpal.ai\/sv\/?s={search_term_string}"},"query-input":{"@type":"PropertyValueSpecification","valueRequired":true,"valueName":"search_term_string"}}],"inLanguage":"sv-SE"},{"@type":"Organization","@id":"https:\/\/talkpal.ai\/sv\/#organization","name":"Talkpal, Inc.","alternateName":"Talkpal AI","url":"https:\/\/talkpal.ai\/sv\/","logo":{"@type":"ImageObject","inLanguage":"sv-SE","@id":"https:\/\/talkpal.ai\/sv\/#\/schema\/logo\/image\/","url":"https:\/\/talkpal.ai\/wp-content\/uploads\/2024\/03\/Talkpal-Logo-Icon.png","contentUrl":"https:\/\/talkpal.ai\/wp-content\/uploads\/2024\/03\/Talkpal-Logo-Icon.png","width":2880,"height":2880,"caption":"Talkpal, Inc."},"image":{"@id":"https:\/\/talkpal.ai\/sv\/#\/schema\/logo\/image\/"},"sameAs":["https:\/\/www.facebook.com\/profile.php?id=100090733639311","https:\/\/x.com\/talkpalai","https:\/\/www.linkedin.com\/company\/talkpal\/","https:\/\/www.youtube.com\/@TalkPal\/","https:\/\/www.tiktok.com\/@talkpal","https:\/\/www.instagram.com\/talkpal_ai\/","https:\/\/www.crunchbase.com\/organization\/talkpal-9cde","https:\/\/www.g2.com\/products\/talkpal-for-business\/","https:\/\/www.trustpilot.com\/review\/talkpal.ai","https:\/\/www.capterra.com\/p\/10006800\/TalkPal\/"],"description":"Talkpal is a language learning web and mobile education app, powered by the latest AI technologies, that provides engaging experiences to its customers in many different languages to help them improve their language skills. Users can chat about unlimited amount of topics with the app and use other modes to practice their language learning.","email":"support@talkpal.ai","legalName":"Talkpal, Inc.","foundingDate":"2023-04-03","duns":"118989042","numberOfEmployees":{"@type":"QuantitativeValue","minValue":"11","maxValue":"50"},"publishingPrinciples":"https:\/\/talkpal.ai\/publishing-principles\/","actionableFeedbackPolicy":"https:\/\/talkpal.ai\/actionable-feedback-policy\/","correctionsPolicy":"https:\/\/talkpal.ai\/corrections-policy\/","ethicsPolicy":"https:\/\/talkpal.ai\/ethics-policy\/","diversityPolicy":"https:\/\/talkpal.ai\/diversity-policy\/","diversityStaffingReport":"https:\/\/talkpal.ai\/diversity-policy\/"}]}},"_links":{"self":[{"href":"https:\/\/talkpal.ai\/sv\/wp-json\/wp\/v2\/pages\/130010","targetHints":{"allow":["GET"]}}],"collection":[{"href":"https:\/\/talkpal.ai\/sv\/wp-json\/wp\/v2\/pages"}],"about":[{"href":"https:\/\/talkpal.ai\/sv\/wp-json\/wp\/v2\/types\/page"}],"author":[{"embeddable":true,"href":"https:\/\/talkpal.ai\/sv\/wp-json\/wp\/v2\/users\/1"}],"replies":[{"embeddable":true,"href":"https:\/\/talkpal.ai\/sv\/wp-json\/wp\/v2\/comments?post=130010"}],"version-history":[{"count":0,"href":"https:\/\/talkpal.ai\/sv\/wp-json\/wp\/v2\/pages\/130010\/revisions"}],"wp:featuredmedia":[{"embeddable":true,"href":"https:\/\/talkpal.ai\/sv\/wp-json\/wp\/v2\/media\/11597"}],"wp:attachment":[{"href":"https:\/\/talkpal.ai\/sv\/wp-json\/wp\/v2\/media?parent=130010"}],"curies":[{"name":"wp","href":"https:\/\/api.w.org\/{rel}","templated":true}]}}