{"id":129676,"date":"2023-05-14T13:51:09","date_gmt":"2023-05-14T13:51:09","guid":{"rendered":"http:\/\/talkpal.ai\/japansk-grammatik\/"},"modified":"2025-12-11T16:42:58","modified_gmt":"2025-12-11T16:42:58","slug":"japansk-grammatik","status":"publish","type":"page","link":"https:\/\/talkpal.ai\/sv\/japansk-grammatik\/","title":{"rendered":"Japansk grammatik"},"content":{"rendered":"\r\n\r\n\r\n<section class=\"languageChallengeSection\">\r\n    <div class=\"languageInfoWrapper\">\r\n        \r\n        <h1>Japansk grammatik<\/h1>\r\n        <p>F\u00f6rb\u00e4ttra dina kunskaper i <a href=\"https:\/\/talkpal.ai\/learn-japanese\/\">japanska<\/a> genom att beh\u00e4rska viktiga grammatiska punkter med tydliga f\u00f6rklaringar och exempel. B\u00f6rja din resa mot flytande spr\u00e5k &#8211; dyk in i <a href=\"https:\/\/talkpal.ai\/no\/laer-japansk\/\">japansk grammatik<\/a> idag!<\/p>\r\n\r\n                            <a class=\"getStartedHidden\" href=\"https:\/\/app.talkpal.ai\/sv\/signup?lng=\">Kom ig\u00e5ng<\/a>\r\n        \r\n    <\/div>\r\n\r\n    <figure>\r\n    <img decoding=\"async\" width=\"768\" height=\"768\" src=\"https:\/\/talkpal.ai\/wp-content\/uploads\/2023\/06\/japanese-768x768.png\" class=\"languageImage no-lazy\" alt=\"Default alt text\" fetchpriority=\"high\" sizes=\"(max-width: 768px) 150px, 768px\" srcset=\"https:\/\/talkpal.ai\/wp-content\/uploads\/2023\/06\/japanese-768x768.png 768w, https:\/\/talkpal.ai\/wp-content\/uploads\/2023\/06\/japanese-300x300.png 300w\" \/>\r\n    \r\n\r\n    <\/figure>\r\n\r\n            <a class=\"getStartedVisible\" href=\"https:\/\/app.talkpal.ai\/sv\/signup?lng=\">Kom ig\u00e5ng<\/a>\r\n    \r\n<\/section>\r\n        <section class=\"grammarSection\">\r\n            <div class=\"grammarLinks\">\r\n                <a href=\"https:\/\/talkpal.ai\/sv\/language\/adjektiv-japansk-grammatik\/\">Adjektiv <\/a><a href=\"https:\/\/talkpal.ai\/sv\/language\/adverb-japansk-grammatik\/\">Adverb <\/a><a href=\"https:\/\/talkpal.ai\/sv\/language\/hedersbetygelser-japansk-grammatik\/\">Hedersbetygelser <\/a><a href=\"https:\/\/talkpal.ai\/sv\/language\/konjunktioner-japansk-grammatik\/\">Konjunktioner <\/a><a href=\"https:\/\/talkpal.ai\/sv\/language\/meningsbyggnad-japansk-grammatik\/\">Meningsbyggnad <\/a><a href=\"https:\/\/talkpal.ai\/sv\/language\/partiklar-japansk-grammatik\/\">Partiklar <\/a><a href=\"https:\/\/talkpal.ai\/sv\/language\/prepositioner-japansk-grammatik\/\">Prepositioner <\/a><a href=\"https:\/\/talkpal.ai\/sv\/language\/pronomen-japansk-grammatik\/\">Pronomen <\/a><a href=\"https:\/\/talkpal.ai\/sv\/language\/siffror-japansk-grammatik\/\">Siffror <\/a><a href=\"https:\/\/talkpal.ai\/sv\/language\/substantiv-japansk-grammatik\/\">Substantiv <\/a><a href=\"https:\/\/talkpal.ai\/sv\/language\/tempus-japansk-grammatik\/\">Tempus <\/a><a href=\"https:\/\/talkpal.ai\/sv\/language\/uttryck-japansk-grammatik\/\">Uttryck <\/a><a href=\"https:\/\/talkpal.ai\/sv\/language\/verb-japansk-grammatik\/\">Verb <\/a><a href=\"https:\/\/talkpal.ai\/sv\/language\/verbbojning-japansk-grammatik\/\">Verbb\u00f6jning <\/a>            <\/div>\r\n        <\/section>\r\n    <section class=\"promotionalBanner\">\r\n    <p class=\"promotionalText\">Det mest effektiva s\u00e4ttet att l\u00e4ra sig ett spr\u00e5k<\/p>\r\n    <a class=\"promotionalLink\" href=\"https:\/\/app.talkpal.ai\/sv\/signup?lng=\">Prova Talkpal gratis<\/a>\r\n<\/section>\n<div class=\"wp-block-group pageContainerStyle\"><div class=\"wp-block-group__inner-container is-layout-constrained wp-block-group-is-layout-constrained\">\n<h2 class=\"wp-block-heading\" id=\"h-mastering-the-intricacies-of-japanese-grammar\">Bem\u00e4stra den invecklade japanska grammatiken<\/h2>\n\n\n\n<p><a href=\"https:\/\/talkpal.ai\/talkpal-discount-for-language-enthusiasts\/\">Spr\u00e5kentusiaster<\/a> tycker ofta att japanska \u00e4r ett fascinerande och utmanande spr\u00e5k att l\u00e4ra sig, till stor del p\u00e5 grund av dess unika grammatiksystem. Trots detta kan f\u00f6rst\u00e5else f\u00f6r japansk <a href=\"https:\/\/talkpal.ai\/fr\/les\/\">grammatik<\/a> avsev\u00e4rt f\u00f6rb\u00e4ttra din kommunikationsf\u00f6rm\u00e5ga och kulturella f\u00f6rst\u00e5else. I <a href=\"https:\/\/talkpal.ai\/culture\/how-do-i-use-den-har-and-det-har\/\">den h\u00e4r<\/a> artikeln kommer vi att diskutera flera viktiga aspekter av japansk grammatik f\u00f6r att hj\u00e4lpa dig p\u00e5 din spr\u00e5kinl\u00e4rningsresa. S\u00e5 sp\u00e4nn fast s\u00e4kerhetsb\u00e4ltet och l\u00e5t <a href=\"https:\/\/talkpal.ai\/locations\/language-courses-in-oss\/\">oss<\/a> dyka in i den japanska grammatikens f\u00e4ngslande v\u00e4rld.<\/p>\n\n\n\n<h3 class=\"wp-block-heading\" id=\"h-1-sentence-structure-sov\">1. Meningsbyggnad: SOV<\/h3>\n\n\n\n<p>Till skillnad fr\u00e5n <a href=\"https:\/\/talkpal.ai\/learn-english-with-ai\/\">engelska<\/a> (subjekt &#8211; verb &#8211; objekt eller SVO) f\u00f6ljer japanskan en meningsbyggnad med subjekt &#8211; objekt &#8211; verb (SOV). Det betyder att verbet i allm\u00e4nhet kommer sist i en mening. Att f\u00e5 kl\u00e4m p\u00e5 denna unika ordf\u00f6ljd \u00e4r avg\u00f6rande f\u00f6r att bilda begripliga meningar p\u00e5 japanska.<\/p>\n\n\n\n<p>Exempel:  <\/p>\n\n\n\n<p>&#8211; \u308f\u305f\u3057\u306f\u308a\u3093\u3054\u3092\u305f\u3079\u307e\u3059\u3002 (Jag \u00e4ter ett \u00e4pple)<\/p>\n\n\n\n<p>&#8211; Watashi wa ringo o tabemasu. (ordagrant Jag ett \u00e4pple \u00e4ter)<\/p>\n\n\n\n<h3 class=\"wp-block-heading\" id=\"h-2-particles-the-sentence-connectors\">2. Partiklar: Meningskopplingarna<\/h3>\n\n\n\n<p>Partiklar spelar en avg\u00f6rande roll i den japanska grammatiken genom att markera ett ords funktion i en mening. N\u00e5gra vanliga partiklar \u00e4r \u306f (wa), \u3092 (o), \u304c (ga), \u3067 (de) och \u306b (ni). Om du f\u00f6rst\u00e5r hur dessa partiklar fungerar kommer du att m\u00e4rka att det blir betydligt l\u00e4ttare att tyda och konstruera japanska meningar.<\/p>\n\n\n\n<h3 class=\"wp-block-heading\" id=\"h-3-verbs-an-introduction-to-conjugation\">3. Verb: En introduktion till konjugation<\/h3>\n\n\n\n<p>Japanska verb har tre huvudgrupper, som identifieras av grundformens \u00e4ndelse. Dessa grupper beaktas n\u00e4r man b\u00f6jer sig f\u00f6r sp\u00e4ndhet, artighet och hum\u00f6r. Den goda nyheten \u00e4r att japanska verb inte \u00e4ndras beroende p\u00e5 \u00e4mnet, vilket g\u00f6r dem mindre komplexa \u00e4n de i vissa andra spr\u00e5k.<\/p>\n\n\n\n<p>&#8211; Grupp 1: U-verb<\/p>\n\n\n\n<p>&#8211; Grupp 2: Ru-verb<\/p>\n\n\n\n<p>&#8211; Grupp 3: <a href=\"https:\/\/talkpal.ai\/sv\/grammar\/oregelbundna-verb-i-armenisk-grammatik\/\">Oregelbundna verb<\/a> (endast tv\u00e5 verb &#8211; \u3059\u308b (suru) och \u6765\u308b (kuru))<\/p>\n\n\n\n<h3 class=\"wp-block-heading\" id=\"h-4-politeness-levels\">4. Artighetsniv\u00e5er<\/h3>\n\n\n\n<p>Japanska \u00e4r ett spr\u00e5k som \u00e4r rikt p\u00e5 artighet, och spr\u00e5kets grammatik \u00e5terspeglar detta. Det finns tre prim\u00e4ra artighetsniv\u00e5er: avslappnad, artig och hedersbetygelse. Att k\u00e4nna igen och anv\u00e4nda dessa p\u00e5 r\u00e4tt s\u00e4tt \u00e4r viktigt f\u00f6r naturlig och respektfull kommunikation.<\/p>\n\n\n\n<p>&#8211; Casual: vanliga verbformer (t.ex. \u98df\u3079\u308b &#8211; taberu &#8211; att \u00e4ta)<\/p>\n\n\n\n<p>&#8211; Artig: \u307e\u3059 (masu) b\u00f6jning (t.ex. \u98df\u3079\u307e\u3059 &#8211; tabemasu &#8211; att \u00e4ta (artigt))<\/p>\n\n\n\n<p>&#8211; Hedersbetygelse: speciella konjugationer och prefix (t.ex. \u304a\u53ec\u3057\u4e0a\u304c\u308a\u306b\u306a\u308b &#8211; omeshiagari ni naru &#8211; att \u00e4ta (hedersbetygelse))<\/p>\n\n\n\n<h3 class=\"wp-block-heading\" id=\"h-5-japanese-adjectives\">5. Japanska adjektiv<\/h3>\n\n\n\n<p>Japanska adjektiv finns i tv\u00e5 typer: i-adjektiv och na-adjektiv. B\u00e5da typerna har unika b\u00f6jningsregler och interagerar med substantiv p\u00e5 olika s\u00e4tt. Att beh\u00e4rska anv\u00e4ndningen av dessa tv\u00e5 typer av adjektiv \u00e4r avg\u00f6rande f\u00f6r effektiv kommunikation p\u00e5 japanska.<\/p>\n\n\n\n<h3 class=\"wp-block-heading\" id=\"h-6-engaging-with-the-language\">6. Engagera sig i spr\u00e5ket<\/h3>\n\n\n\n<p>Ett av de mest effektiva s\u00e4tten att l\u00e4ra sig japansk grammatik \u00e4r att engagera sig i spr\u00e5ket konsekvent. Fr\u00e5n att titta p\u00e5 japanska filmer och anime till att delta i konversationsutbyten med modersm\u00e5lstalare, att f\u00f6rdjupa dig i spr\u00e5ket kommer att hj\u00e4lpa till att bef\u00e4sta grammatiska begrepp och ut\u00f6ka ditt ordf\u00f6rr\u00e5d.<\/p>\n\n\n\n<h3 class=\"wp-block-heading\" id=\"h-conclusion\">Slutsats<\/h3>\n\n\n\n<p>Den japanska grammatiken kan verka \u00f6verv\u00e4ldigande till en b\u00f6rjan, men med lite tid och engagemang kommer du att kunna navigera i dess komplexitet med l\u00e4tthet. Nyckeln \u00e4r att vara nyfiken och \u00f6va regelbundet. Lycka till p\u00e5 din resa mot att beh\u00e4rska japansk grammatik och njut av det spr\u00e5kliga \u00e4ventyret!<\/p>\n<\/div><\/div>\n\r\n<section class=\"learnNavigationSection\">\r\n            \r\n        <a href=\"https:\/\/talkpal.ai\/sv\/lar-dig-japanska\/\">\r\n            <div class=\"learnNavigationWrapper\">\r\n                <div class=\"learnNavigationContent\">\r\n                    <img decoding=\"async\" src=\"https:\/\/talkpal.ai\/wp-content\/uploads\/2024\/08\/Japanese.jpg\" alt=\"Japanese Flag\">\r\n                    <div>\r\n                        <h4>Om japansk inl\u00e4rning<\/h4>\r\n                        <p>Ta reda p\u00e5 allt om japansk grammatik.<\/p>\r\n                    <\/div>\r\n                <\/div>\r\n            <\/div>\r\n        <\/a>\r\n\r\n        \r\n        <a href=\"https:\/\/talkpal.ai\/sv\/japanska-grammatikovningar\/\">\r\n            <div class=\"learnNavigationWrapper\">\r\n                <div class=\"learnNavigationContent\">\r\n                    <img decoding=\"async\" src=\"https:\/\/talkpal.ai\/wp-content\/uploads\/2024\/08\/Japanese.jpg\" alt=\"Japanese Flag\">\r\n                    <div>\r\n                        <h4>\u00d6vning i japansk grammatik<\/h4>\r\n                        <p>\u00d6va p\u00e5 japansk grammatik.<\/p>\r\n                    <\/div>\r\n                <\/div>\r\n            <\/div>\r\n        <\/a>\r\n\r\n        \r\n        <a href=\"https:\/\/talkpal.ai\/vocabulary_language\/japanese\/\">\r\n            <div class=\"learnNavigationWrapper\">\r\n                <div class=\"learnNavigationContent\">\r\n                    <img decoding=\"async\" src=\"https:\/\/talkpal.ai\/wp-content\/uploads\/2024\/08\/Japanese.jpg\" alt=\"Japanese Flag\">\r\n                    <div>\r\n                        <h4>Japansk vokabul\u00e4r<\/h4>\r\n                        <p>Ut\u00f6ka ditt japanska ordf\u00f6rr\u00e5d.<\/p>\r\n                    <\/div>\r\n                <\/div>\r\n            <\/div>\r\n        <\/a>\r\n\r\n            <\/section>","protected":false},"excerpt":{"rendered":"<p>Bem\u00e4stra den invecklade japanska grammatiken Spr\u00e5kentusiaster tycker ofta att japanska \u00e4r ett fascinerande och utmanande spr\u00e5k att l\u00e4ra sig, till stor del p\u00e5 grund av dess unika grammatiksystem. Trots detta kan f\u00f6rst\u00e5else f\u00f6r japansk grammatik avsev\u00e4rt f\u00f6rb\u00e4ttra din kommunikationsf\u00f6rm\u00e5ga och kulturella f\u00f6rst\u00e5else. I den h\u00e4r artikeln kommer vi att diskutera flera viktiga aspekter av japansk [&hellip;]<\/p>\n","protected":false},"author":1,"featured_media":11583,"parent":0,"menu_order":0,"comment_status":"closed","ping_status":"closed","template":"LearningContentPage.php","meta":{"_acf_changed":false,"footnotes":""},"class_list":["post-129676","page","type-page","status-publish","has-post-thumbnail","hentry"],"acf":[],"yoast_head":"<!-- This site is optimized with the Yoast SEO Premium plugin v27.2 (Yoast SEO v27.2) - https:\/\/yoast.com\/product\/yoast-seo-premium-wordpress\/ -->\n<title>Japansk grammatik - Talkpal<\/title>\n<meta name=\"description\" content=\"Beh\u00e4rska japansk grammatik med v\u00e5r AI-app f\u00f6r spr\u00e5kinl\u00e4rning. F\u00f6rb\u00e4ttra dina spr\u00e5kkunskaper enkelt genom TalkpalAI-st\u00f6d.\" \/>\n<meta name=\"robots\" content=\"index, follow, max-snippet:-1, max-image-preview:large, max-video-preview:-1\" \/>\n<link rel=\"canonical\" href=\"https:\/\/talkpal.ai\/sv\/japansk-grammatik\/\" \/>\n<meta property=\"og:locale\" content=\"sv_SE\" \/>\n<meta property=\"og:type\" content=\"article\" \/>\n<meta property=\"og:title\" content=\"Japansk grammatik\" \/>\n<meta property=\"og:description\" content=\"Bem\u00e4stra den invecklade japanska grammatiken Spr\u00e5kentusiaster tycker ofta att japanska \u00e4r ett fascinerande och utmanande spr\u00e5k att l\u00e4ra sig, till stor del\" \/>\n<meta property=\"og:url\" content=\"https:\/\/talkpal.ai\/sv\/japansk-grammatik\/\" \/>\n<meta property=\"og:site_name\" content=\"Talkpal\" \/>\n<meta property=\"article:publisher\" content=\"https:\/\/www.facebook.com\/profile.php?id=100090733639311\" \/>\n<meta property=\"article:modified_time\" content=\"2025-12-11T16:42:58+00:00\" \/>\n<meta property=\"og:image\" content=\"https:\/\/talkpal.ai\/wp-content\/uploads\/2023\/04\/japan.png\" \/>\n\t<meta property=\"og:image:width\" content=\"512\" \/>\n\t<meta property=\"og:image:height\" content=\"512\" \/>\n\t<meta property=\"og:image:type\" content=\"image\/png\" \/>\n<meta name=\"twitter:card\" content=\"summary_large_image\" \/>\n<meta name=\"twitter:site\" content=\"@talkpalai\" \/>\n<meta name=\"twitter:label1\" content=\"Ber\u00e4knad l\u00e4stid\" \/>\n\t<meta name=\"twitter:data1\" content=\"3 minuter\" \/>\n<script type=\"application\/ld+json\" class=\"yoast-schema-graph\">{\"@context\":\"https:\/\/schema.org\",\"@graph\":[{\"@type\":\"WebPage\",\"@id\":\"https:\/\/talkpal.ai\/sv\/japansk-grammatik\/\",\"url\":\"https:\/\/talkpal.ai\/sv\/japansk-grammatik\/\",\"name\":\"Japansk grammatik - Talkpal\",\"isPartOf\":{\"@id\":\"https:\/\/talkpal.ai\/sv\/#website\"},\"primaryImageOfPage\":{\"@id\":\"https:\/\/talkpal.ai\/sv\/japansk-grammatik\/#primaryimage\"},\"image\":{\"@id\":\"https:\/\/talkpal.ai\/sv\/japansk-grammatik\/#primaryimage\"},\"thumbnailUrl\":\"https:\/\/talkpal.ai\/wp-content\/uploads\/2023\/04\/japan.png\",\"datePublished\":\"2023-05-14T13:51:09+00:00\",\"dateModified\":\"2025-12-11T16:42:58+00:00\",\"description\":\"Beh\u00e4rska japansk grammatik med v\u00e5r AI-app f\u00f6r spr\u00e5kinl\u00e4rning. F\u00f6rb\u00e4ttra dina spr\u00e5kkunskaper enkelt genom TalkpalAI-st\u00f6d.\",\"breadcrumb\":{\"@id\":\"https:\/\/talkpal.ai\/sv\/japansk-grammatik\/#breadcrumb\"},\"inLanguage\":\"sv-SE\",\"potentialAction\":[{\"@type\":\"ReadAction\",\"target\":[\"https:\/\/talkpal.ai\/sv\/japansk-grammatik\/\"]}]},{\"@type\":\"ImageObject\",\"inLanguage\":\"sv-SE\",\"@id\":\"https:\/\/talkpal.ai\/sv\/japansk-grammatik\/#primaryimage\",\"url\":\"https:\/\/talkpal.ai\/wp-content\/uploads\/2023\/04\/japan.png\",\"contentUrl\":\"https:\/\/talkpal.ai\/wp-content\/uploads\/2023\/04\/japan.png\",\"width\":512,\"height\":512},{\"@type\":\"BreadcrumbList\",\"@id\":\"https:\/\/talkpal.ai\/sv\/japansk-grammatik\/#breadcrumb\",\"itemListElement\":[{\"@type\":\"ListItem\",\"position\":1,\"name\":\"Homepage\",\"item\":\"https:\/\/talkpal.ai\/sv\/\"},{\"@type\":\"ListItem\",\"position\":2,\"name\":\"Japansk grammatik\"}]},{\"@type\":\"WebSite\",\"@id\":\"https:\/\/talkpal.ai\/sv\/#website\",\"url\":\"https:\/\/talkpal.ai\/sv\/\",\"name\":\"Talkpal\",\"description\":\"AI Language Learning\",\"publisher\":{\"@id\":\"https:\/\/talkpal.ai\/sv\/#organization\"},\"alternateName\":\"Talkpal AI\",\"potentialAction\":[{\"@type\":\"SearchAction\",\"target\":{\"@type\":\"EntryPoint\",\"urlTemplate\":\"https:\/\/talkpal.ai\/sv\/?s={search_term_string}\"},\"query-input\":{\"@type\":\"PropertyValueSpecification\",\"valueRequired\":true,\"valueName\":\"search_term_string\"}}],\"inLanguage\":\"sv-SE\"},{\"@type\":\"Organization\",\"@id\":\"https:\/\/talkpal.ai\/sv\/#organization\",\"name\":\"Talkpal, Inc.\",\"alternateName\":\"Talkpal AI\",\"url\":\"https:\/\/talkpal.ai\/sv\/\",\"logo\":{\"@type\":\"ImageObject\",\"inLanguage\":\"sv-SE\",\"@id\":\"https:\/\/talkpal.ai\/sv\/#\/schema\/logo\/image\/\",\"url\":\"https:\/\/talkpal.ai\/wp-content\/uploads\/2024\/03\/Talkpal-Logo-Icon.png\",\"contentUrl\":\"https:\/\/talkpal.ai\/wp-content\/uploads\/2024\/03\/Talkpal-Logo-Icon.png\",\"width\":2880,\"height\":2880,\"caption\":\"Talkpal, Inc.\"},\"image\":{\"@id\":\"https:\/\/talkpal.ai\/sv\/#\/schema\/logo\/image\/\"},\"sameAs\":[\"https:\/\/www.facebook.com\/profile.php?id=100090733639311\",\"https:\/\/x.com\/talkpalai\",\"https:\/\/www.linkedin.com\/company\/talkpal\/\",\"https:\/\/www.youtube.com\/@TalkPal\/\",\"https:\/\/www.tiktok.com\/@talkpal\",\"https:\/\/www.instagram.com\/talkpal_ai\/\",\"https:\/\/www.crunchbase.com\/organization\/talkpal-9cde\",\"https:\/\/www.g2.com\/products\/talkpal-for-business\/\",\"https:\/\/www.trustpilot.com\/review\/talkpal.ai\",\"https:\/\/www.capterra.com\/p\/10006800\/TalkPal\/\"],\"description\":\"Talkpal is a language learning web and mobile education app, powered by the latest AI technologies, that provides engaging experiences to its customers in many different languages to help them improve their language skills. Users can chat about unlimited amount of topics with the app and use other modes to practice their language learning.\",\"email\":\"support@talkpal.ai\",\"legalName\":\"Talkpal, Inc.\",\"foundingDate\":\"2023-04-03\",\"duns\":\"118989042\",\"numberOfEmployees\":{\"@type\":\"QuantitativeValue\",\"minValue\":\"11\",\"maxValue\":\"50\"},\"publishingPrinciples\":\"https:\/\/talkpal.ai\/publishing-principles\/\",\"actionableFeedbackPolicy\":\"https:\/\/talkpal.ai\/actionable-feedback-policy\/\",\"correctionsPolicy\":\"https:\/\/talkpal.ai\/corrections-policy\/\",\"ethicsPolicy\":\"https:\/\/talkpal.ai\/ethics-policy\/\",\"diversityPolicy\":\"https:\/\/talkpal.ai\/diversity-policy\/\",\"diversityStaffingReport\":\"https:\/\/talkpal.ai\/diversity-policy\/\"}]}<\/script>\n<!-- \/ Yoast SEO Premium plugin. -->","yoast_head_json":{"title":"Japansk grammatik - Talkpal","description":"Beh\u00e4rska japansk grammatik med v\u00e5r AI-app f\u00f6r spr\u00e5kinl\u00e4rning. F\u00f6rb\u00e4ttra dina spr\u00e5kkunskaper enkelt genom TalkpalAI-st\u00f6d.","robots":{"index":"index","follow":"follow","max-snippet":"max-snippet:-1","max-image-preview":"max-image-preview:large","max-video-preview":"max-video-preview:-1"},"canonical":"https:\/\/talkpal.ai\/sv\/japansk-grammatik\/","og_locale":"sv_SE","og_type":"article","og_title":"Japansk grammatik","og_description":"Bem\u00e4stra den invecklade japanska grammatiken Spr\u00e5kentusiaster tycker ofta att japanska \u00e4r ett fascinerande och utmanande spr\u00e5k att l\u00e4ra sig, till stor del","og_url":"https:\/\/talkpal.ai\/sv\/japansk-grammatik\/","og_site_name":"Talkpal","article_publisher":"https:\/\/www.facebook.com\/profile.php?id=100090733639311","article_modified_time":"2025-12-11T16:42:58+00:00","og_image":[{"width":512,"height":512,"url":"https:\/\/talkpal.ai\/wp-content\/uploads\/2023\/04\/japan.png","type":"image\/png"}],"twitter_card":"summary_large_image","twitter_site":"@talkpalai","twitter_misc":{"Ber\u00e4knad l\u00e4stid":"3 minuter"},"schema":{"@context":"https:\/\/schema.org","@graph":[{"@type":"WebPage","@id":"https:\/\/talkpal.ai\/sv\/japansk-grammatik\/","url":"https:\/\/talkpal.ai\/sv\/japansk-grammatik\/","name":"Japansk grammatik - Talkpal","isPartOf":{"@id":"https:\/\/talkpal.ai\/sv\/#website"},"primaryImageOfPage":{"@id":"https:\/\/talkpal.ai\/sv\/japansk-grammatik\/#primaryimage"},"image":{"@id":"https:\/\/talkpal.ai\/sv\/japansk-grammatik\/#primaryimage"},"thumbnailUrl":"https:\/\/talkpal.ai\/wp-content\/uploads\/2023\/04\/japan.png","datePublished":"2023-05-14T13:51:09+00:00","dateModified":"2025-12-11T16:42:58+00:00","description":"Beh\u00e4rska japansk grammatik med v\u00e5r AI-app f\u00f6r spr\u00e5kinl\u00e4rning. F\u00f6rb\u00e4ttra dina spr\u00e5kkunskaper enkelt genom TalkpalAI-st\u00f6d.","breadcrumb":{"@id":"https:\/\/talkpal.ai\/sv\/japansk-grammatik\/#breadcrumb"},"inLanguage":"sv-SE","potentialAction":[{"@type":"ReadAction","target":["https:\/\/talkpal.ai\/sv\/japansk-grammatik\/"]}]},{"@type":"ImageObject","inLanguage":"sv-SE","@id":"https:\/\/talkpal.ai\/sv\/japansk-grammatik\/#primaryimage","url":"https:\/\/talkpal.ai\/wp-content\/uploads\/2023\/04\/japan.png","contentUrl":"https:\/\/talkpal.ai\/wp-content\/uploads\/2023\/04\/japan.png","width":512,"height":512},{"@type":"BreadcrumbList","@id":"https:\/\/talkpal.ai\/sv\/japansk-grammatik\/#breadcrumb","itemListElement":[{"@type":"ListItem","position":1,"name":"Homepage","item":"https:\/\/talkpal.ai\/sv\/"},{"@type":"ListItem","position":2,"name":"Japansk grammatik"}]},{"@type":"WebSite","@id":"https:\/\/talkpal.ai\/sv\/#website","url":"https:\/\/talkpal.ai\/sv\/","name":"Talkpal","description":"AI Language Learning","publisher":{"@id":"https:\/\/talkpal.ai\/sv\/#organization"},"alternateName":"Talkpal AI","potentialAction":[{"@type":"SearchAction","target":{"@type":"EntryPoint","urlTemplate":"https:\/\/talkpal.ai\/sv\/?s={search_term_string}"},"query-input":{"@type":"PropertyValueSpecification","valueRequired":true,"valueName":"search_term_string"}}],"inLanguage":"sv-SE"},{"@type":"Organization","@id":"https:\/\/talkpal.ai\/sv\/#organization","name":"Talkpal, Inc.","alternateName":"Talkpal AI","url":"https:\/\/talkpal.ai\/sv\/","logo":{"@type":"ImageObject","inLanguage":"sv-SE","@id":"https:\/\/talkpal.ai\/sv\/#\/schema\/logo\/image\/","url":"https:\/\/talkpal.ai\/wp-content\/uploads\/2024\/03\/Talkpal-Logo-Icon.png","contentUrl":"https:\/\/talkpal.ai\/wp-content\/uploads\/2024\/03\/Talkpal-Logo-Icon.png","width":2880,"height":2880,"caption":"Talkpal, Inc."},"image":{"@id":"https:\/\/talkpal.ai\/sv\/#\/schema\/logo\/image\/"},"sameAs":["https:\/\/www.facebook.com\/profile.php?id=100090733639311","https:\/\/x.com\/talkpalai","https:\/\/www.linkedin.com\/company\/talkpal\/","https:\/\/www.youtube.com\/@TalkPal\/","https:\/\/www.tiktok.com\/@talkpal","https:\/\/www.instagram.com\/talkpal_ai\/","https:\/\/www.crunchbase.com\/organization\/talkpal-9cde","https:\/\/www.g2.com\/products\/talkpal-for-business\/","https:\/\/www.trustpilot.com\/review\/talkpal.ai","https:\/\/www.capterra.com\/p\/10006800\/TalkPal\/"],"description":"Talkpal is a language learning web and mobile education app, powered by the latest AI technologies, that provides engaging experiences to its customers in many different languages to help them improve their language skills. Users can chat about unlimited amount of topics with the app and use other modes to practice their language learning.","email":"support@talkpal.ai","legalName":"Talkpal, Inc.","foundingDate":"2023-04-03","duns":"118989042","numberOfEmployees":{"@type":"QuantitativeValue","minValue":"11","maxValue":"50"},"publishingPrinciples":"https:\/\/talkpal.ai\/publishing-principles\/","actionableFeedbackPolicy":"https:\/\/talkpal.ai\/actionable-feedback-policy\/","correctionsPolicy":"https:\/\/talkpal.ai\/corrections-policy\/","ethicsPolicy":"https:\/\/talkpal.ai\/ethics-policy\/","diversityPolicy":"https:\/\/talkpal.ai\/diversity-policy\/","diversityStaffingReport":"https:\/\/talkpal.ai\/diversity-policy\/"}]}},"_links":{"self":[{"href":"https:\/\/talkpal.ai\/sv\/wp-json\/wp\/v2\/pages\/129676","targetHints":{"allow":["GET"]}}],"collection":[{"href":"https:\/\/talkpal.ai\/sv\/wp-json\/wp\/v2\/pages"}],"about":[{"href":"https:\/\/talkpal.ai\/sv\/wp-json\/wp\/v2\/types\/page"}],"author":[{"embeddable":true,"href":"https:\/\/talkpal.ai\/sv\/wp-json\/wp\/v2\/users\/1"}],"replies":[{"embeddable":true,"href":"https:\/\/talkpal.ai\/sv\/wp-json\/wp\/v2\/comments?post=129676"}],"version-history":[{"count":0,"href":"https:\/\/talkpal.ai\/sv\/wp-json\/wp\/v2\/pages\/129676\/revisions"}],"wp:featuredmedia":[{"embeddable":true,"href":"https:\/\/talkpal.ai\/sv\/wp-json\/wp\/v2\/media\/11583"}],"wp:attachment":[{"href":"https:\/\/talkpal.ai\/sv\/wp-json\/wp\/v2\/media?parent=129676"}],"curies":[{"name":"wp","href":"https:\/\/api.w.org\/{rel}","templated":true}]}}