{"id":129431,"date":"2023-05-14T13:50:44","date_gmt":"2023-05-14T13:50:44","guid":{"rendered":"http:\/\/talkpal.ai\/hindi-grammatik\/"},"modified":"2025-12-13T15:11:39","modified_gmt":"2025-12-13T15:11:39","slug":"hindi-grammatik","status":"publish","type":"page","link":"https:\/\/talkpal.ai\/sv\/hindi-grammatik\/","title":{"rendered":"Hindi Grammatik"},"content":{"rendered":"\r\n\r\n\r\n<section class=\"languageChallengeSection\">\r\n    <div class=\"languageInfoWrapper\">\r\n        \r\n        <h1>Hindi Grammatik<\/h1>\r\n        <p>Redo att l\u00e4ra dig <a href=\"https:\/\/talkpal.ai\/learn-hindi\/\">Hindi<\/a>? F\u00f6rdjupa dig i hindis <a href=\"https:\/\/talkpal.ai\/fr\/les\/\">grammatik<\/a>, d\u00e4r k\u00f6nsbest\u00e4mda substantiv, en meningsbyggnad med subjekt-objekt-verb och uttrycksfulla verbb\u00f6jningar ger spr\u00e5ket liv. B\u00f6rja din hindi-resa idag &#8211; att beh\u00e4rska dess grammatik kommer att ge dig m\u00f6jlighet att kommunicera med sj\u00e4lvf\u00f6rtroende och f\u00e5 kontakt med Indiens livfulla kultur och traditioner!<\/p>\r\n\r\n                            <a class=\"getStartedHidden\" href=\"https:\/\/app.talkpal.ai\/sv\/signup?lng=\">Kom ig\u00e5ng<\/a>\r\n        \r\n    <\/div>\r\n\r\n    <figure>\r\n    <img decoding=\"async\" width=\"768\" height=\"768\" src=\"https:\/\/talkpal.ai\/wp-content\/uploads\/2023\/06\/hindi-768x768.png\" class=\"languageImage no-lazy\" alt=\"Default alt text\" fetchpriority=\"high\" sizes=\"(max-width: 768px) 150px, 768px\" srcset=\"https:\/\/talkpal.ai\/wp-content\/uploads\/2023\/06\/hindi-768x768.png 768w, https:\/\/talkpal.ai\/wp-content\/uploads\/2023\/06\/hindi-300x300.png 300w\" \/>\r\n    \r\n\r\n    <\/figure>\r\n\r\n            <a class=\"getStartedVisible\" href=\"https:\/\/app.talkpal.ai\/sv\/signup?lng=\">Kom ig\u00e5ng<\/a>\r\n    \r\n<\/section>\r\n        <section class=\"grammarSection\">\r\n            <div class=\"grammarLinks\">\r\n                <a href=\"https:\/\/talkpal.ai\/sv\/language\/adjektiv-hindi-grammatik\/\">Adjektiv <\/a><a href=\"https:\/\/talkpal.ai\/sv\/language\/adverb-hindi-grammatik\/\">Adverb <\/a><a href=\"https:\/\/talkpal.ai\/sv\/language\/artiklar-hindi-grammatik\/\">Artiklar <\/a><a href=\"https:\/\/talkpal.ai\/sv\/language\/jamforelse-av-tempus-hindi-grammatik\/\">J\u00e4mf\u00f6relse av tempus <\/a><a href=\"https:\/\/talkpal.ai\/sv\/language\/meningsbyggnad-hindi-grammatik\/\">Meningsbyggnad <\/a><a href=\"https:\/\/talkpal.ai\/sv\/language\/prepositioner-hindi-grammatik\/\">Prepositioner <\/a><a href=\"https:\/\/talkpal.ai\/sv\/language\/pronomen-hindi-grammatik-sv\/\">Pronomen <\/a><a href=\"https:\/\/talkpal.ai\/sv\/language\/substantiv-hindi-grammatik\/\">Substantiv <\/a><a href=\"https:\/\/talkpal.ai\/sv\/language\/tempus-indikativ-hindi-grammatik\/\">Tempus indikativ <\/a><a href=\"https:\/\/talkpal.ai\/sv\/language\/tempus-konjunktiv-hindi-grammatik\/\">Tempus konjunktiv <\/a><a href=\"https:\/\/talkpal.ai\/sv\/language\/verb-hindi-grammatik\/\">Verb <\/a>            <\/div>\r\n        <\/section>\r\n    <section class=\"promotionalBanner\">\r\n    <p class=\"promotionalText\">Det mest effektiva s\u00e4ttet att l\u00e4ra sig ett spr\u00e5k<\/p>\r\n    <a class=\"promotionalLink\" href=\"https:\/\/app.talkpal.ai\/sv\/signup?lng=\">Prova Talkpal gratis<\/a>\r\n<\/section>\n<div class=\"wp-block-group pageContainerStyle\"><div class=\"wp-block-group__inner-container is-layout-constrained wp-block-group-is-layout-constrained\">\n<h2 class=\"wp-block-heading\" id=\"h-mastering-hindi-grammar-your-ultimate-guide\">Att beh\u00e4rska hindi grammatik: Din ultimata guide<\/h2>\n\n\n\n<p>Namaste, <a href=\"https:\/\/talkpal.ai\/talkpal-discount-for-language-enthusiasts\/\">spr\u00e5kentusiaster<\/a>! \u00c4r du redo att utforska hindigrammatikens v\u00e4rld? Du har kommit till r\u00e4tt st\u00e4lle. <a href=\"https:\/\/talkpal.ai\/culture\/how-do-i-use-den-har-and-det-har\/\">Den h\u00e4r<\/a> artikeln \u00e4r fylld med l\u00e4ttf\u00f6rst\u00e5elig information och en samtalston och guidar dig genom den fascinerande hindigrammatiken. Snart kommer du att kunna konstruera meningar och ha meningsfulla konversationer med personer som har spr\u00e5ket som modersm\u00e5l. S\u00e5 l\u00e5t <a href=\"https:\/\/talkpal.ai\/locations\/language-courses-in-oss\/\">oss<\/a> dyka rakt in i det hela!<\/p>\n\n\n\n<p><strong>Men f\u00f6rst, varf\u00f6r hindigrammatik?<\/strong><\/p>\n\n\n\n<p>Om du <a href=\"https:\/\/talkpal.ai\/learn-hindi\/\">l\u00e4r dig hindi<\/a> \u00e4r en stark grund i grammatik avg\u00f6rande f\u00f6r att du ska kunna <a href=\"https:\/\/talkpal.ai\/locations\/language-courses-in-tala\/\">tala<\/a>, l\u00e4sa och skriva flytande. \u00c4ven om hindigrammatik till en b\u00f6rjan kan verka komplex, blir den mer l\u00e4ttillg\u00e4nglig n\u00e4r den delas upp i mindre, hanterbara segment. Den h\u00e4r artikeln kommer att vara det perfekta st\u00e4llet att b\u00f6rja din resa mot att beh\u00e4rska <a href=\"https:\/\/talkpal.ai\/es\/gramatica-hindi\/\">hindi grammatik<\/a>!<\/p>\n\n\n\n<h3 class=\"wp-block-heading\" id=\"h-1-nouns-gender-and-cases\">1. Substantiv, genus och kasus<\/h3>\n\n\n\n<p>Hindi-substantiv finns i tv\u00e5 genus: maskulinum och femininum. Det \u00e4r viktigt att identifiera substantivens k\u00f6n eftersom det p\u00e5verkar andra delar av talet, t.ex. adjektiv och verb.  <\/p>\n\n\n\n<p>En enkel tumregel: om ett substantiv slutar p\u00e5 \u201c-aa\u201d (\u201c\u0906\u201d) \u00e4r det i allm\u00e4nhet maskulint medan ett substantiv som slutar p\u00e5 \u201c-ii\u201d (\u201c\u0908\u201d) vanligtvis \u00e4r feminint. Men kom ih\u00e5g &#8211; som alltid &#8211; att det finns undantag!  <\/p>\n\n\n\n<p>Hindi-substantiv har olika former beroende p\u00e5 deras roll i en mening (subjekt, objekt, possessiv, etc.). Dessa formul\u00e4r kallas \u00e4renden. De prim\u00e4ra fallen i hindi \u00e4r direkta (\u201c\u0906\u092e \u0915\u094d\u0930\u092e\u201d), sneda (\u201c\u0909\u092a \u0935\u093f\u0932\u094b\u092e\u201d) och vokativa (\u201c\u0938\u0902\u092c\u094b\u0927\u0928\u201d).<\/p>\n\n\n\n<h3 class=\"wp-block-heading\" id=\"h-2-pronouns-and-agreement\">2. Pronomen och \u00f6verenskommelse<\/h3>\n\n\n\n<p>Hindi-pronomen (jag, du, han, hon, etc.) \u00e4ndras beroende p\u00e5 k\u00f6n och hierarki. Till exempel: \u092e\u0948\u0902 (main &#8211; jag), \u0924\u0941\u092e (tum &#8211; du, informellt), \u0906\u092a (aap &#8211; du, formellt), \u0935\u0939 (vah &#8211; han\/hon), \u0939\u092e (hum &#8211; vi) och \u0935\u0947 (ve &#8211; de).  <\/p>\n\n\n\n<p>Det \u00e4r viktigt att vara medveten om hierarkin n\u00e4r man anv\u00e4nder pronomen. Till exempel kan \u201c\u0924\u0941\u092e\u201d vara l\u00e4mpligt bland v\u00e4nner, men att anv\u00e4nda \u201c\u0906\u092a\u201d visar respekt n\u00e4r man v\u00e4nder sig till \u00e4ldre eller fr\u00e4mlingar.<\/p>\n\n\n\n<h3 class=\"wp-block-heading\" id=\"h-3-verbs-tense-and-conjugation\">3. Verb, tempus och konjugation<\/h3>\n\n\n\n<p>Verb utg\u00f6r ryggraden i hindis grammatik, och att f\u00f6rst\u00e5 dem \u00e4r avg\u00f6rande f\u00f6r att konstruera meningar. Hindi verb kategoriseras i stort sett som transitiva (\u201c\u0938\u0915\u0930\u094d\u092e\u0915\u201d) och intransitiva (\u201c\u0905\u0915\u0930\u094d\u092e\u0915\u201d), med olika regler f\u00f6r b\u00f6jning f\u00f6r varje.  <\/p>\n\n\n\n<p>F\u00f6r att ge dig en snabb \u00f6verblick g\u00e5r vi igenom hur vanliga verb b\u00f6js i presens:<\/p>\n\n\n\n<p>&#8211; \u092e\u0948\u0902 \u092a\u0922\u093c\u0924\u093e \u0939\u0942\u0901 (main padhta hoon &#8211; Jag l\u00e4ser, maskulin)<\/p>\n\n\n\n<p>&#8211; \u092e\u0948\u0902 \u092a\u0922\u093c\u0924\u0940 \u0939\u0942\u0901 (main padhti hoon &#8211; Jag l\u00e4ser, feminin)<\/p>\n\n\n\n<p>&#8211; \u0924\u0941\u092e \u092a\u0922\u093c\u0924\u0947 \u0939\u094b (tum padhte ho &#8211; du l\u00e4ser, informell, maskulin)<\/p>\n\n\n\n<p>&#8211; \u0924\u0941\u092e \u092a\u0922\u093c\u0924\u0940 \u0939\u094b (tum padhti ho &#8211; du l\u00e4ser, informell, feminin)<\/p>\n\n\n\n<p>Kom ih\u00e5g att detta bara \u00e4r b\u00f6rjan! Det finns m\u00e5nga tempus och oregelbundna verb att beh\u00e4rska, men varje nytt steg f\u00f6r dig n\u00e4rmare flyt.<\/p>\n\n\n\n<h3 class=\"wp-block-heading\" id=\"h-4-adjectives-adverbs-and-more\">4. Adjektiv, adverb och mer!<\/h3>\n\n\n\n<p>Hindis grammatik inneh\u00e5ller andra komponenter som adjektiv (som m\u00e5ste \u00f6verensst\u00e4mma med substantiv i genus och numerus), adverb, prepositioner och idiomatiska uttryck. Varje element \u00e4r nyckeln till att bli flytande i hindi, s\u00e5 ta itu med dem ett steg i taget.<\/p>\n\n\n\n<p>Sammanfattningsvis finns det ingen genv\u00e4g till att beh\u00e4rska hindi-grammatiken. Det kr\u00e4ver uth\u00e5llighet, \u00f6vning och t\u00e5lamod. Men n\u00e4r du v\u00e4l har f\u00f6rst\u00e5tt det kommer du att kunna uppskatta nyanserna i att konversera p\u00e5 hindi, uppt\u00e4cka den rika kulturen och historien och f\u00f6rdjupa din k\u00e4rlek till spr\u00e5ket. \u0936\u0941\u092d\u0915\u093e\u092e\u0928\u093e\u090f\u0901 (shubhkaamnaayein &#8211; b\u00e4sta \u00f6nskningar)!<\/p>\n<\/div><\/div>\n\r\n<section class=\"learnNavigationSection\">\r\n            \r\n        <a href=\"https:\/\/talkpal.ai\/sv\/lar-dig-hindi\/\">\r\n            <div class=\"learnNavigationWrapper\">\r\n                <div class=\"learnNavigationContent\">\r\n                    <img decoding=\"async\" src=\"https:\/\/talkpal.ai\/wp-content\/uploads\/2024\/08\/Hindi.jpg\" alt=\"Indian Flag\">\r\n                    <div>\r\n                        <h4>Om Hindi Learning<\/h4>\r\n                        <p>Ta reda p\u00e5 allt om hindi grammatik.<\/p>\r\n                    <\/div>\r\n                <\/div>\r\n            <\/div>\r\n        <\/a>\r\n\r\n        \r\n        <a href=\"https:\/\/talkpal.ai\/sv\/grammatikovningar-pa-hindi\/\">\r\n            <div class=\"learnNavigationWrapper\">\r\n                <div class=\"learnNavigationContent\">\r\n                    <img decoding=\"async\" src=\"https:\/\/talkpal.ai\/wp-content\/uploads\/2024\/08\/Hindi.jpg\" alt=\"Indian Flag\">\r\n                    <div>\r\n                        <h4>Hindi grammatik \u00f6vning<\/h4>\r\n                        <p>\u00d6va hindi grammatik.<\/p>\r\n                    <\/div>\r\n                <\/div>\r\n            <\/div>\r\n        <\/a>\r\n\r\n        \r\n        <a href=\"https:\/\/talkpal.ai\/vocabulary_language\/hindi\/\">\r\n            <div class=\"learnNavigationWrapper\">\r\n                <div class=\"learnNavigationContent\">\r\n                    <img decoding=\"async\" src=\"https:\/\/talkpal.ai\/wp-content\/uploads\/2024\/08\/Hindi.jpg\" alt=\"Indian Flag\">\r\n                    <div>\r\n                        <h4>Ordf\u00f6rr\u00e5d p\u00e5 hindi<\/h4>\r\n                        <p>Ut\u00f6ka ditt ordf\u00f6rr\u00e5d p\u00e5 hindi.<\/p>\r\n                    <\/div>\r\n                <\/div>\r\n            <\/div>\r\n        <\/a>\r\n\r\n            <\/section>","protected":false},"excerpt":{"rendered":"<p>Att beh\u00e4rska hindi grammatik: Din ultimata guide Namaste, spr\u00e5kentusiaster! \u00c4r du redo att utforska hindigrammatikens v\u00e4rld? Du har kommit till r\u00e4tt st\u00e4lle. Den h\u00e4r artikeln \u00e4r fylld med l\u00e4ttf\u00f6rst\u00e5elig information och en samtalston och guidar dig genom den fascinerande hindigrammatiken. Snart kommer du att kunna konstruera meningar och ha meningsfulla konversationer med personer som har [&hellip;]<\/p>\n","protected":false},"author":1,"featured_media":188233,"parent":0,"menu_order":0,"comment_status":"closed","ping_status":"closed","template":"LearningContentPage.php","meta":{"_acf_changed":false,"footnotes":""},"class_list":["post-129431","page","type-page","status-publish","has-post-thumbnail","hentry"],"acf":[],"yoast_head":"<!-- This site is optimized with the Yoast SEO Premium plugin v27.2 (Yoast SEO v27.2) - https:\/\/yoast.com\/product\/yoast-seo-premium-wordpress\/ -->\n<title>Hindi Grammatik - Talkpal<\/title>\n<meta name=\"description\" content=\"Beh\u00e4rska hindi-grammatiken med sj\u00e4lvf\u00f6rtroende - l\u00e4r dig tydliga regler, forma korrekta meningar och tala b\u00e4ttre med enkel v\u00e4gledning fr\u00e5n Talkpal AI.\" \/>\n<meta name=\"robots\" content=\"index, follow, max-snippet:-1, max-image-preview:large, max-video-preview:-1\" \/>\n<link rel=\"canonical\" href=\"https:\/\/talkpal.ai\/sv\/hindi-grammatik\/\" \/>\n<meta property=\"og:locale\" content=\"sv_SE\" \/>\n<meta property=\"og:type\" content=\"article\" \/>\n<meta property=\"og:title\" content=\"Hindi Grammatik\" \/>\n<meta property=\"og:description\" content=\"Att beh\u00e4rska hindi grammatik: Din ultimata guide Namaste, spr\u00e5kentusiaster! \u00c4r du redo att utforska hindigrammatikens v\u00e4rld? Du har kommit till r\u00e4tt\" \/>\n<meta property=\"og:url\" content=\"https:\/\/talkpal.ai\/sv\/hindi-grammatik\/\" \/>\n<meta property=\"og:site_name\" content=\"Talkpal\" \/>\n<meta property=\"article:publisher\" content=\"https:\/\/www.facebook.com\/profile.php?id=100090733639311\" \/>\n<meta property=\"article:modified_time\" content=\"2025-12-13T15:11:39+00:00\" \/>\n<meta property=\"og:image\" content=\"https:\/\/talkpal.ai\/wp-content\/uploads\/2024\/02\/india.png\" \/>\n\t<meta property=\"og:image:width\" content=\"517\" \/>\n\t<meta property=\"og:image:height\" content=\"517\" \/>\n\t<meta property=\"og:image:type\" content=\"image\/png\" \/>\n<meta name=\"twitter:card\" content=\"summary_large_image\" \/>\n<meta name=\"twitter:site\" content=\"@talkpalai\" \/>\n<meta name=\"twitter:label1\" content=\"Ber\u00e4knad l\u00e4stid\" \/>\n\t<meta name=\"twitter:data1\" content=\"3 minuter\" \/>\n<script type=\"application\/ld+json\" class=\"yoast-schema-graph\">{\"@context\":\"https:\/\/schema.org\",\"@graph\":[{\"@type\":\"WebPage\",\"@id\":\"https:\/\/talkpal.ai\/sv\/hindi-grammatik\/\",\"url\":\"https:\/\/talkpal.ai\/sv\/hindi-grammatik\/\",\"name\":\"Hindi Grammatik - Talkpal\",\"isPartOf\":{\"@id\":\"https:\/\/talkpal.ai\/sv\/#website\"},\"primaryImageOfPage\":{\"@id\":\"https:\/\/talkpal.ai\/sv\/hindi-grammatik\/#primaryimage\"},\"image\":{\"@id\":\"https:\/\/talkpal.ai\/sv\/hindi-grammatik\/#primaryimage\"},\"thumbnailUrl\":\"https:\/\/talkpal.ai\/wp-content\/uploads\/2024\/02\/india.png\",\"datePublished\":\"2023-05-14T13:50:44+00:00\",\"dateModified\":\"2025-12-13T15:11:39+00:00\",\"description\":\"Beh\u00e4rska hindi-grammatiken med sj\u00e4lvf\u00f6rtroende - l\u00e4r dig tydliga regler, forma korrekta meningar och tala b\u00e4ttre med enkel v\u00e4gledning fr\u00e5n Talkpal AI.\",\"breadcrumb\":{\"@id\":\"https:\/\/talkpal.ai\/sv\/hindi-grammatik\/#breadcrumb\"},\"inLanguage\":\"sv-SE\",\"potentialAction\":[{\"@type\":\"ReadAction\",\"target\":[\"https:\/\/talkpal.ai\/sv\/hindi-grammatik\/\"]}]},{\"@type\":\"ImageObject\",\"inLanguage\":\"sv-SE\",\"@id\":\"https:\/\/talkpal.ai\/sv\/hindi-grammatik\/#primaryimage\",\"url\":\"https:\/\/talkpal.ai\/wp-content\/uploads\/2024\/02\/india.png\",\"contentUrl\":\"https:\/\/talkpal.ai\/wp-content\/uploads\/2024\/02\/india.png\",\"width\":517,\"height\":517,\"caption\":\"TalkPal Indian Flag\"},{\"@type\":\"BreadcrumbList\",\"@id\":\"https:\/\/talkpal.ai\/sv\/hindi-grammatik\/#breadcrumb\",\"itemListElement\":[{\"@type\":\"ListItem\",\"position\":1,\"name\":\"Homepage\",\"item\":\"https:\/\/talkpal.ai\/sv\/\"},{\"@type\":\"ListItem\",\"position\":2,\"name\":\"Hindi Grammatik\"}]},{\"@type\":\"WebSite\",\"@id\":\"https:\/\/talkpal.ai\/sv\/#website\",\"url\":\"https:\/\/talkpal.ai\/sv\/\",\"name\":\"Talkpal\",\"description\":\"AI Language Learning\",\"publisher\":{\"@id\":\"https:\/\/talkpal.ai\/sv\/#organization\"},\"alternateName\":\"Talkpal AI\",\"potentialAction\":[{\"@type\":\"SearchAction\",\"target\":{\"@type\":\"EntryPoint\",\"urlTemplate\":\"https:\/\/talkpal.ai\/sv\/?s={search_term_string}\"},\"query-input\":{\"@type\":\"PropertyValueSpecification\",\"valueRequired\":true,\"valueName\":\"search_term_string\"}}],\"inLanguage\":\"sv-SE\"},{\"@type\":\"Organization\",\"@id\":\"https:\/\/talkpal.ai\/sv\/#organization\",\"name\":\"Talkpal, Inc.\",\"alternateName\":\"Talkpal AI\",\"url\":\"https:\/\/talkpal.ai\/sv\/\",\"logo\":{\"@type\":\"ImageObject\",\"inLanguage\":\"sv-SE\",\"@id\":\"https:\/\/talkpal.ai\/sv\/#\/schema\/logo\/image\/\",\"url\":\"https:\/\/talkpal.ai\/wp-content\/uploads\/2024\/03\/Talkpal-Logo-Icon.png\",\"contentUrl\":\"https:\/\/talkpal.ai\/wp-content\/uploads\/2024\/03\/Talkpal-Logo-Icon.png\",\"width\":2880,\"height\":2880,\"caption\":\"Talkpal, Inc.\"},\"image\":{\"@id\":\"https:\/\/talkpal.ai\/sv\/#\/schema\/logo\/image\/\"},\"sameAs\":[\"https:\/\/www.facebook.com\/profile.php?id=100090733639311\",\"https:\/\/x.com\/talkpalai\",\"https:\/\/www.linkedin.com\/company\/talkpal\/\",\"https:\/\/www.youtube.com\/@TalkPal\/\",\"https:\/\/www.tiktok.com\/@talkpal\",\"https:\/\/www.instagram.com\/talkpal_ai\/\",\"https:\/\/www.crunchbase.com\/organization\/talkpal-9cde\",\"https:\/\/www.g2.com\/products\/talkpal-for-business\/\",\"https:\/\/www.trustpilot.com\/review\/talkpal.ai\",\"https:\/\/www.capterra.com\/p\/10006800\/TalkPal\/\"],\"description\":\"Talkpal is a language learning web and mobile education app, powered by the latest AI technologies, that provides engaging experiences to its customers in many different languages to help them improve their language skills. Users can chat about unlimited amount of topics with the app and use other modes to practice their language learning.\",\"email\":\"support@talkpal.ai\",\"legalName\":\"Talkpal, Inc.\",\"foundingDate\":\"2023-04-03\",\"duns\":\"118989042\",\"numberOfEmployees\":{\"@type\":\"QuantitativeValue\",\"minValue\":\"11\",\"maxValue\":\"50\"},\"publishingPrinciples\":\"https:\/\/talkpal.ai\/publishing-principles\/\",\"actionableFeedbackPolicy\":\"https:\/\/talkpal.ai\/actionable-feedback-policy\/\",\"correctionsPolicy\":\"https:\/\/talkpal.ai\/corrections-policy\/\",\"ethicsPolicy\":\"https:\/\/talkpal.ai\/ethics-policy\/\",\"diversityPolicy\":\"https:\/\/talkpal.ai\/diversity-policy\/\",\"diversityStaffingReport\":\"https:\/\/talkpal.ai\/diversity-policy\/\"}]}<\/script>\n<!-- \/ Yoast SEO Premium plugin. -->","yoast_head_json":{"title":"Hindi Grammatik - Talkpal","description":"Beh\u00e4rska hindi-grammatiken med sj\u00e4lvf\u00f6rtroende - l\u00e4r dig tydliga regler, forma korrekta meningar och tala b\u00e4ttre med enkel v\u00e4gledning fr\u00e5n Talkpal AI.","robots":{"index":"index","follow":"follow","max-snippet":"max-snippet:-1","max-image-preview":"max-image-preview:large","max-video-preview":"max-video-preview:-1"},"canonical":"https:\/\/talkpal.ai\/sv\/hindi-grammatik\/","og_locale":"sv_SE","og_type":"article","og_title":"Hindi Grammatik","og_description":"Att beh\u00e4rska hindi grammatik: Din ultimata guide Namaste, spr\u00e5kentusiaster! \u00c4r du redo att utforska hindigrammatikens v\u00e4rld? Du har kommit till r\u00e4tt","og_url":"https:\/\/talkpal.ai\/sv\/hindi-grammatik\/","og_site_name":"Talkpal","article_publisher":"https:\/\/www.facebook.com\/profile.php?id=100090733639311","article_modified_time":"2025-12-13T15:11:39+00:00","og_image":[{"width":517,"height":517,"url":"https:\/\/talkpal.ai\/wp-content\/uploads\/2024\/02\/india.png","type":"image\/png"}],"twitter_card":"summary_large_image","twitter_site":"@talkpalai","twitter_misc":{"Ber\u00e4knad l\u00e4stid":"3 minuter"},"schema":{"@context":"https:\/\/schema.org","@graph":[{"@type":"WebPage","@id":"https:\/\/talkpal.ai\/sv\/hindi-grammatik\/","url":"https:\/\/talkpal.ai\/sv\/hindi-grammatik\/","name":"Hindi Grammatik - Talkpal","isPartOf":{"@id":"https:\/\/talkpal.ai\/sv\/#website"},"primaryImageOfPage":{"@id":"https:\/\/talkpal.ai\/sv\/hindi-grammatik\/#primaryimage"},"image":{"@id":"https:\/\/talkpal.ai\/sv\/hindi-grammatik\/#primaryimage"},"thumbnailUrl":"https:\/\/talkpal.ai\/wp-content\/uploads\/2024\/02\/india.png","datePublished":"2023-05-14T13:50:44+00:00","dateModified":"2025-12-13T15:11:39+00:00","description":"Beh\u00e4rska hindi-grammatiken med sj\u00e4lvf\u00f6rtroende - l\u00e4r dig tydliga regler, forma korrekta meningar och tala b\u00e4ttre med enkel v\u00e4gledning fr\u00e5n Talkpal AI.","breadcrumb":{"@id":"https:\/\/talkpal.ai\/sv\/hindi-grammatik\/#breadcrumb"},"inLanguage":"sv-SE","potentialAction":[{"@type":"ReadAction","target":["https:\/\/talkpal.ai\/sv\/hindi-grammatik\/"]}]},{"@type":"ImageObject","inLanguage":"sv-SE","@id":"https:\/\/talkpal.ai\/sv\/hindi-grammatik\/#primaryimage","url":"https:\/\/talkpal.ai\/wp-content\/uploads\/2024\/02\/india.png","contentUrl":"https:\/\/talkpal.ai\/wp-content\/uploads\/2024\/02\/india.png","width":517,"height":517,"caption":"TalkPal Indian Flag"},{"@type":"BreadcrumbList","@id":"https:\/\/talkpal.ai\/sv\/hindi-grammatik\/#breadcrumb","itemListElement":[{"@type":"ListItem","position":1,"name":"Homepage","item":"https:\/\/talkpal.ai\/sv\/"},{"@type":"ListItem","position":2,"name":"Hindi Grammatik"}]},{"@type":"WebSite","@id":"https:\/\/talkpal.ai\/sv\/#website","url":"https:\/\/talkpal.ai\/sv\/","name":"Talkpal","description":"AI Language Learning","publisher":{"@id":"https:\/\/talkpal.ai\/sv\/#organization"},"alternateName":"Talkpal AI","potentialAction":[{"@type":"SearchAction","target":{"@type":"EntryPoint","urlTemplate":"https:\/\/talkpal.ai\/sv\/?s={search_term_string}"},"query-input":{"@type":"PropertyValueSpecification","valueRequired":true,"valueName":"search_term_string"}}],"inLanguage":"sv-SE"},{"@type":"Organization","@id":"https:\/\/talkpal.ai\/sv\/#organization","name":"Talkpal, Inc.","alternateName":"Talkpal AI","url":"https:\/\/talkpal.ai\/sv\/","logo":{"@type":"ImageObject","inLanguage":"sv-SE","@id":"https:\/\/talkpal.ai\/sv\/#\/schema\/logo\/image\/","url":"https:\/\/talkpal.ai\/wp-content\/uploads\/2024\/03\/Talkpal-Logo-Icon.png","contentUrl":"https:\/\/talkpal.ai\/wp-content\/uploads\/2024\/03\/Talkpal-Logo-Icon.png","width":2880,"height":2880,"caption":"Talkpal, Inc."},"image":{"@id":"https:\/\/talkpal.ai\/sv\/#\/schema\/logo\/image\/"},"sameAs":["https:\/\/www.facebook.com\/profile.php?id=100090733639311","https:\/\/x.com\/talkpalai","https:\/\/www.linkedin.com\/company\/talkpal\/","https:\/\/www.youtube.com\/@TalkPal\/","https:\/\/www.tiktok.com\/@talkpal","https:\/\/www.instagram.com\/talkpal_ai\/","https:\/\/www.crunchbase.com\/organization\/talkpal-9cde","https:\/\/www.g2.com\/products\/talkpal-for-business\/","https:\/\/www.trustpilot.com\/review\/talkpal.ai","https:\/\/www.capterra.com\/p\/10006800\/TalkPal\/"],"description":"Talkpal is a language learning web and mobile education app, powered by the latest AI technologies, that provides engaging experiences to its customers in many different languages to help them improve their language skills. Users can chat about unlimited amount of topics with the app and use other modes to practice their language learning.","email":"support@talkpal.ai","legalName":"Talkpal, Inc.","foundingDate":"2023-04-03","duns":"118989042","numberOfEmployees":{"@type":"QuantitativeValue","minValue":"11","maxValue":"50"},"publishingPrinciples":"https:\/\/talkpal.ai\/publishing-principles\/","actionableFeedbackPolicy":"https:\/\/talkpal.ai\/actionable-feedback-policy\/","correctionsPolicy":"https:\/\/talkpal.ai\/corrections-policy\/","ethicsPolicy":"https:\/\/talkpal.ai\/ethics-policy\/","diversityPolicy":"https:\/\/talkpal.ai\/diversity-policy\/","diversityStaffingReport":"https:\/\/talkpal.ai\/diversity-policy\/"}]}},"_links":{"self":[{"href":"https:\/\/talkpal.ai\/sv\/wp-json\/wp\/v2\/pages\/129431","targetHints":{"allow":["GET"]}}],"collection":[{"href":"https:\/\/talkpal.ai\/sv\/wp-json\/wp\/v2\/pages"}],"about":[{"href":"https:\/\/talkpal.ai\/sv\/wp-json\/wp\/v2\/types\/page"}],"author":[{"embeddable":true,"href":"https:\/\/talkpal.ai\/sv\/wp-json\/wp\/v2\/users\/1"}],"replies":[{"embeddable":true,"href":"https:\/\/talkpal.ai\/sv\/wp-json\/wp\/v2\/comments?post=129431"}],"version-history":[{"count":0,"href":"https:\/\/talkpal.ai\/sv\/wp-json\/wp\/v2\/pages\/129431\/revisions"}],"wp:featuredmedia":[{"embeddable":true,"href":"https:\/\/talkpal.ai\/sv\/wp-json\/wp\/v2\/media\/188233"}],"wp:attachment":[{"href":"https:\/\/talkpal.ai\/sv\/wp-json\/wp\/v2\/media?parent=129431"}],"curies":[{"name":"wp","href":"https:\/\/api.w.org\/{rel}","templated":true}]}}