{"id":129097,"date":"2023-05-14T13:50:21","date_gmt":"2023-05-14T13:50:21","guid":{"rendered":"http:\/\/talkpal.ai\/finsk-grammatik\/"},"modified":"2025-12-11T17:05:35","modified_gmt":"2025-12-11T17:05:35","slug":"finsk-grammatik","status":"publish","type":"page","link":"https:\/\/talkpal.ai\/sv\/finsk-grammatik\/","title":{"rendered":"Finsk grammatik"},"content":{"rendered":"\r\n\r\n\r\n<section class=\"languageChallengeSection\">\r\n    <div class=\"languageInfoWrapper\">\r\n        \r\n        <h1>Finsk grammatik<\/h1>\r\n        <p>\u00c4r du redo att uppt\u00e4cka finskans hemligheter? Dyk ner i den <a href=\"https:\/\/talkpal.ai\/learn-finnish\/\">finska<\/a> grammatiken, som \u00e4r k\u00e4nd f\u00f6r sin logiska struktur, vokalharmoni och ett imponerande antal kasus. B\u00f6rja l\u00e4ra dig idag &#8211; att beh\u00e4rska <a href=\"https:\/\/talkpal.ai\/sv\/grammar\/particip-i-finsk-grammatik\/\">finsk grammatik<\/a> kommer att ge dig sj\u00e4lvf\u00f6rtroende att tala och skapa kontakter samtidigt som du \u00f6ppnar d\u00f6rren till Finlands rika kultur och traditioner!<\/p>\r\n\r\n                            <a class=\"getStartedHidden\" href=\"https:\/\/app.talkpal.ai\/sv\/signup?lng=\">Kom ig\u00e5ng<\/a>\r\n        \r\n    <\/div>\r\n\r\n    <figure>\r\n    <img decoding=\"async\" width=\"768\" height=\"768\" src=\"https:\/\/talkpal.ai\/wp-content\/uploads\/2023\/06\/Finnish-768x768.png\" class=\"languageImage no-lazy\" alt=\"Default alt text\" fetchpriority=\"high\" sizes=\"(max-width: 768px) 150px, 768px\" srcset=\"https:\/\/talkpal.ai\/wp-content\/uploads\/2023\/06\/Finnish-768x768.png 768w, https:\/\/talkpal.ai\/wp-content\/uploads\/2023\/06\/Finnish-300x300.png 300w\" \/>\r\n    \r\n\r\n    <\/figure>\r\n\r\n            <a class=\"getStartedVisible\" href=\"https:\/\/app.talkpal.ai\/sv\/signup?lng=\">Kom ig\u00e5ng<\/a>\r\n    \r\n<\/section>\r\n        <section class=\"grammarSection\">\r\n            <div class=\"grammarLinks\">\r\n                <a href=\"https:\/\/talkpal.ai\/sv\/language\/adjektiv-finsk-grammatik\/\">Adjektiv <\/a><a href=\"https:\/\/talkpal.ai\/sv\/language\/adverb-finsk-grammatik\/\">Adverb <\/a><a href=\"https:\/\/talkpal.ai\/sv\/language\/artiklar-finsk-grammatik\/\">Artiklar <\/a><a href=\"https:\/\/talkpal.ai\/sv\/language\/jamforelse-av-tempus-finsk-grammatik\/\">J\u00e4mf\u00f6relse av tempus <\/a><a href=\"https:\/\/talkpal.ai\/sv\/language\/meningsbyggnad-finsk-grammatik\/\">Meningsbyggnad <\/a><a href=\"https:\/\/talkpal.ai\/sv\/language\/postpositions-finsk-grammatik\/\">Postpositions <\/a><a href=\"https:\/\/talkpal.ai\/sv\/language\/substantiv-finsk-grammatik\/\">Substantiv <\/a><a href=\"https:\/\/talkpal.ai\/sv\/language\/tempus-imperativ-finsk-grammatik\/\">Tempus imperativ <\/a><a href=\"https:\/\/talkpal.ai\/sv\/language\/tempus-indikativ-finsk-grammatik\/\">Tempus indikativ <\/a><a href=\"https:\/\/talkpal.ai\/sv\/language\/tempuspotential-finsk-grammatik\/\">Tempuspotential <\/a><a href=\"https:\/\/talkpal.ai\/sv\/language\/verb-finsk-grammatik\/\">Verb <\/a>            <\/div>\r\n        <\/section>\r\n    <section class=\"promotionalBanner\">\r\n    <p class=\"promotionalText\">Det mest effektiva s\u00e4ttet att l\u00e4ra sig ett spr\u00e5k<\/p>\r\n    <a class=\"promotionalLink\" href=\"https:\/\/app.talkpal.ai\/sv\/signup?lng=\">Prova Talkpal gratis<\/a>\r\n<\/section>\n<div class=\"wp-block-group pageContainerStyle\"><div class=\"wp-block-group__inner-container is-layout-constrained wp-block-group-is-layout-constrained\">\n<h2 class=\"wp-block-heading\" id=\"h-finnish-grammar-a-guide-to-mastering-the-complexities-of-the-finnish-language\">Finsk grammatik: En guide till att beh\u00e4rska det finska spr\u00e5kets komplexitet<\/h2>\n\n\n\n<p><a href=\"https:\/\/talkpal.ai\/learn-finnish\/\">Finska<\/a>, ett unikt och fascinerande spr\u00e5k som <a href=\"https:\/\/talkpal.ai\/locations\/language-courses-in-talas\/\">talas<\/a> av cirka 5 miljoner m\u00e4nniskor, \u00e4r k\u00e4nt f\u00f6r sin komplexitet och sitt distinkta grammatiksystem. Vid f\u00f6rsta anblicken kan reglerna och strukturerna i <a href=\"https:\/\/talkpal.ai\/sv\/grammar\/particip-i-finsk-grammatik\/\">finsk grammatik<\/a> verka skr\u00e4mmande, men frukta inte! Med t\u00e5lamod, \u00f6vning och v\u00e4gledning kan du avsl\u00f6ja den finska grammatikens mysterier och f\u00f6rb\u00e4ttra dina spr\u00e5kkunskaper. I <a href=\"https:\/\/talkpal.ai\/culture\/how-do-i-use-den-har-and-det-har\/\">den h\u00e4r<\/a> artikeln ger vi en \u00f6versikt \u00f6ver finsk <a href=\"https:\/\/talkpal.ai\/fr\/les\/\">grammatik<\/a> och delar med <a href=\"https:\/\/talkpal.ai\/locations\/language-courses-in-oss\/\">oss<\/a> av n\u00e5gra tips f\u00f6r att g\u00f6ra din inl\u00e4rningsresa smidigare.<\/p>\n\n\n\n<h3 class=\"wp-block-heading\" id=\"h-the-basics-of-finnish-grammar\">Grunderna i finsk grammatik:<\/h3>\n\n\n\n<p>Finsk grammatik, som skiljer sig ganska mycket fr\u00e5n <a href=\"https:\/\/talkpal.ai\/da\/grammar\/korte-svar-i-engelsk-grammatik\/\">engelsk grammatik<\/a>, k\u00e4nnetecknas av sin rika anv\u00e4ndning av kasus, brist p\u00e5 grammatiskt genus och unika verbb\u00f6jningssystem. H\u00e4r \u00e4r n\u00e5gra viktiga aspekter av finsk grammatik som du b\u00f6r k\u00e4nna till:<\/p>\n\n\n\n<p>1. Substantivkasus: Finskan har 15 <strong>substantivkasus<\/strong>, vilket betecknar f\u00f6rh\u00e5llandet mellan ett substantiv och andra best\u00e5ndsdelar i en mening. Varje substantivkasus har en specifik \u00e4ndelse som f\u00e4sts vid substantivets stam. N\u00e5gra exempel p\u00e5 substantivkasus \u00e4r nominativ, genitiv, ackusativ och partitiv.<\/p>\n\n\n\n<p><strong>2. Inget grammatiskt genus:<\/strong> Till skillnad fr\u00e5n m\u00e5nga andra spr\u00e5k tilldelar finskan inte substantiv genus. I st\u00e4llet anv\u00e4nder spr\u00e5ket ett ord &#8211; h\u00e4n &#8211; f\u00f6r att referera till b\u00e5de &#8221;han&#8221; och &#8221;hon&#8221;. Denna funktion f\u00f6renklar inl\u00e4rningen av finska och eliminerar behovet av att memorera genusartiklar eller pronomenformer.<\/p>\n\n\n\n<p><strong>3. Verbb\u00f6jning:<\/strong> Finska verb b\u00f6js baserat p\u00e5 tempus, modus och r\u00f6st. Det finns fyra tempus f\u00f6r verb: presens, preteritum, perfekt och pluperfekt. Dessutom har finska verb fem modus: indikativ, konditionell, potentiell, imperativ och eventiv.<\/p>\n\n\n\n<p><strong>4. Vokalharmoni<\/strong> : P\u00e5 finska delas vokalerna in i tre grupper: fram (\u00e4, \u00f6, y), bak (a, o, u) och neutral (i, e). P\u00e5 grund av vokalharmoni kan fr\u00e4mre och bakre vokaler vanligtvis inte f\u00f6rekomma i samma ord, med undantag f\u00f6r sammansatta ord och vissa l\u00e5nord.<\/p>\n\n\n\n<h3 class=\"wp-block-heading\" id=\"h-strategies-for-learning-finnish-grammar\">Strategier f\u00f6r att l\u00e4ra sig finsk grammatik:<\/h3>\n\n\n\n<p>Att f\u00f6rst\u00e5 finsk grammatik kan verka \u00f6verv\u00e4ldigande, men med r\u00e4tt inst\u00e4llning och inl\u00e4rningsstrategier kommer du att kunna f\u00e5 grepp om det. H\u00e4r \u00e4r n\u00e5gra anv\u00e4ndbara tips f\u00f6r att v\u00e4gleda dina studier:<\/p>\n\n\n\n<p><strong>1. Ta sm\u00e5 steg:<\/strong> B\u00f6rja med grunderna i finsk grammatik, till exempel substantivkasus och verbb\u00f6jning. Genom att bryta ner komplexa regler i mindre, sm\u00e4ltbara delar kan du stadigt g\u00f6ra framsteg och bygga en stark grund.<\/p>\n\n\n\n<p><strong>2. \u00d6va regelbundet:<\/strong> Konsekvens \u00e4r nyckeln n\u00e4r man l\u00e4r sig ett spr\u00e5k. Avs\u00e4tt tid varje dag eller vecka f\u00f6r att \u00f6va grammatik genom \u00f6vningar, l\u00e4sning och skrivning p\u00e5 finska.<\/p>\n\n\n\n<p><strong>3. Anv\u00e4nd inhemska resurser:<\/strong> F\u00f6r att f\u00e5 en b\u00e4ttre f\u00f6rst\u00e5else f\u00f6r finsk grammatik i sitt sammanhang, f\u00f6rdjupa dig i inhemskt material, s\u00e5som litteratur, nyhetsartiklar och podcasts. Detta hj\u00e4lper dig att internalisera reglerna och f\u00f6rb\u00e4ttra din f\u00f6rm\u00e5ga att lyssna och l\u00e4sa.<\/p>\n\n\n\n<p><strong>4. F\u00e5 kontakt med modersm\u00e5lstalare:<\/strong> Att delta i en konversation med personer som har finska som modersm\u00e5l \u00e4r ett utm\u00e4rkt s\u00e4tt att \u00f6va grammatik och f\u00e5 v\u00e4rdefull feedback. \u00d6verv\u00e4g att g\u00e5 med i spr\u00e5kutbytesgrupper eller onlineforum d\u00e4r du kan f\u00e5 kontakt med m\u00e4nniskor som talar finska.<\/p>\n\n\n\n<p><strong>5. Ha t\u00e5lamod och var ih\u00e4rdig:<\/strong> Det \u00e4r en utmanande resa att l\u00e4ra sig finsk grammatik, men med t\u00e5lamod och h\u00e4ngivenhet kommer du att f\u00f6rst\u00e5 dess finesser och bli skicklig i spr\u00e5ket.<\/p>\n\n\n\n<h3 class=\"wp-block-heading\" id=\"h-conclusion\">Slutsats:<\/h3>\n\n\n\n<p>Den finska grammatikens v\u00e4rld, \u00e4ven om den \u00e4r komplex, \u00e4r en sp\u00e4nnande v\u00e4rld som kan redas ut genom beslutsamhet och \u00f6vning. Genom att bekanta dig med k\u00e4rnelementen i den finska grammatiken och f\u00f6lja v\u00e5ra inl\u00e4rningsstrategier kommer du att bana v\u00e4g f\u00f6r flytande kunskaper och en djupare f\u00f6rst\u00e5else f\u00f6r detta f\u00e4ngslande spr\u00e5k. S\u00e5 dyk in i den finska grammatikens kr\u00e5ngligheter med en positiv inst\u00e4llning, och innan du vet ordet av kommer du att kunna navigera s\u00e4kert i Suomis spr\u00e5kliga landskap!<\/p>\n<\/div><\/div>\n\r\n<section class=\"learnNavigationSection\">\r\n            \r\n        <a href=\"https:\/\/talkpal.ai\/sv\/lar-dig-finska\/\">\r\n            <div class=\"learnNavigationWrapper\">\r\n                <div class=\"learnNavigationContent\">\r\n                    <img decoding=\"async\" src=\"https:\/\/talkpal.ai\/wp-content\/uploads\/2024\/08\/Finnish.jpg\" alt=\"Finnish Flag\">\r\n                    <div>\r\n                        <h4>Om att l\u00e4ra sig finska<\/h4>\r\n                        <p>Ta reda p\u00e5 allt om finsk grammatik.<\/p>\r\n                    <\/div>\r\n                <\/div>\r\n            <\/div>\r\n        <\/a>\r\n\r\n        \r\n        <a href=\"https:\/\/talkpal.ai\/sv\/finska-grammatikovningar\/\">\r\n            <div class=\"learnNavigationWrapper\">\r\n                <div class=\"learnNavigationContent\">\r\n                    <img decoding=\"async\" src=\"https:\/\/talkpal.ai\/wp-content\/uploads\/2024\/08\/Finnish.jpg\" alt=\"Finnish Flag\">\r\n                    <div>\r\n                        <h4>\u00d6vning i finsk grammatik<\/h4>\r\n                        <p>\u00d6va p\u00e5 finsk grammatik.<\/p>\r\n                    <\/div>\r\n                <\/div>\r\n            <\/div>\r\n        <\/a>\r\n\r\n        \r\n        <a href=\"https:\/\/talkpal.ai\/vocabulary_language\/finnish\/\">\r\n            <div class=\"learnNavigationWrapper\">\r\n                <div class=\"learnNavigationContent\">\r\n                    <img decoding=\"async\" src=\"https:\/\/talkpal.ai\/wp-content\/uploads\/2024\/08\/Finnish.jpg\" alt=\"Finnish Flag\">\r\n                    <div>\r\n                        <h4>Finsk vokabul\u00e4r<\/h4>\r\n                        <p>Ut\u00f6ka ditt ordf\u00f6rr\u00e5d p\u00e5 finska.<\/p>\r\n                    <\/div>\r\n                <\/div>\r\n            <\/div>\r\n        <\/a>\r\n\r\n            <\/section>","protected":false},"excerpt":{"rendered":"<p>Finsk grammatik: En guide till att beh\u00e4rska det finska spr\u00e5kets komplexitet Finska, ett unikt och fascinerande spr\u00e5k som talas av cirka 5 miljoner m\u00e4nniskor, \u00e4r k\u00e4nt f\u00f6r sin komplexitet och sitt distinkta grammatiksystem. Vid f\u00f6rsta anblicken kan reglerna och strukturerna i finsk grammatik verka skr\u00e4mmande, men frukta inte! Med t\u00e5lamod, \u00f6vning och v\u00e4gledning kan du [&hellip;]<\/p>\n","protected":false},"author":1,"featured_media":11569,"parent":0,"menu_order":0,"comment_status":"closed","ping_status":"closed","template":"LearningContentPage.php","meta":{"_acf_changed":false,"footnotes":""},"class_list":["post-129097","page","type-page","status-publish","has-post-thumbnail","hentry"],"acf":[],"yoast_head":"<!-- This site is optimized with the Yoast SEO Premium plugin v27.2 (Yoast SEO v27.2) - https:\/\/yoast.com\/product\/yoast-seo-premium-wordpress\/ -->\n<title>Finsk grammatik - Talkpal<\/title>\n<meta name=\"description\" content=\"L\u00e4r dig viktiga aspekter av finsk grammatik, inklusive kasus, verb, meningsbyggnad och uttalstips f\u00f6r att beh\u00e4rska det finska spr\u00e5ket.\" \/>\n<meta name=\"robots\" content=\"index, follow, max-snippet:-1, max-image-preview:large, max-video-preview:-1\" \/>\n<link rel=\"canonical\" href=\"https:\/\/talkpal.ai\/sv\/finsk-grammatik\/\" \/>\n<meta property=\"og:locale\" content=\"sv_SE\" \/>\n<meta property=\"og:type\" content=\"article\" \/>\n<meta property=\"og:title\" content=\"Finsk grammatik\" \/>\n<meta property=\"og:description\" content=\"Finsk grammatik: En guide till att beh\u00e4rska det finska spr\u00e5kets komplexitet Finska, ett unikt och fascinerande spr\u00e5k som talas av cirka 5 miljoner\" \/>\n<meta property=\"og:url\" content=\"https:\/\/talkpal.ai\/sv\/finsk-grammatik\/\" \/>\n<meta property=\"og:site_name\" content=\"Talkpal\" \/>\n<meta property=\"article:publisher\" content=\"https:\/\/www.facebook.com\/profile.php?id=100090733639311\" \/>\n<meta property=\"article:modified_time\" content=\"2025-12-11T17:05:35+00:00\" \/>\n<meta property=\"og:image\" content=\"https:\/\/talkpal.ai\/wp-content\/uploads\/2023\/04\/finland.png\" \/>\n\t<meta property=\"og:image:width\" content=\"512\" \/>\n\t<meta property=\"og:image:height\" content=\"512\" \/>\n\t<meta property=\"og:image:type\" content=\"image\/png\" \/>\n<meta name=\"twitter:card\" content=\"summary_large_image\" \/>\n<meta name=\"twitter:site\" content=\"@talkpalai\" \/>\n<meta name=\"twitter:label1\" content=\"Ber\u00e4knad l\u00e4stid\" \/>\n\t<meta name=\"twitter:data1\" content=\"4 minuter\" \/>\n<script type=\"application\/ld+json\" class=\"yoast-schema-graph\">{\"@context\":\"https:\/\/schema.org\",\"@graph\":[{\"@type\":\"WebPage\",\"@id\":\"https:\/\/talkpal.ai\/sv\/finsk-grammatik\/\",\"url\":\"https:\/\/talkpal.ai\/sv\/finsk-grammatik\/\",\"name\":\"Finsk grammatik - Talkpal\",\"isPartOf\":{\"@id\":\"https:\/\/talkpal.ai\/sv\/#website\"},\"primaryImageOfPage\":{\"@id\":\"https:\/\/talkpal.ai\/sv\/finsk-grammatik\/#primaryimage\"},\"image\":{\"@id\":\"https:\/\/talkpal.ai\/sv\/finsk-grammatik\/#primaryimage\"},\"thumbnailUrl\":\"https:\/\/talkpal.ai\/wp-content\/uploads\/2023\/04\/finland.png\",\"datePublished\":\"2023-05-14T13:50:21+00:00\",\"dateModified\":\"2025-12-11T17:05:35+00:00\",\"description\":\"L\u00e4r dig viktiga aspekter av finsk grammatik, inklusive kasus, verb, meningsbyggnad och uttalstips f\u00f6r att beh\u00e4rska det finska spr\u00e5ket.\",\"breadcrumb\":{\"@id\":\"https:\/\/talkpal.ai\/sv\/finsk-grammatik\/#breadcrumb\"},\"inLanguage\":\"sv-SE\",\"potentialAction\":[{\"@type\":\"ReadAction\",\"target\":[\"https:\/\/talkpal.ai\/sv\/finsk-grammatik\/\"]}]},{\"@type\":\"ImageObject\",\"inLanguage\":\"sv-SE\",\"@id\":\"https:\/\/talkpal.ai\/sv\/finsk-grammatik\/#primaryimage\",\"url\":\"https:\/\/talkpal.ai\/wp-content\/uploads\/2023\/04\/finland.png\",\"contentUrl\":\"https:\/\/talkpal.ai\/wp-content\/uploads\/2023\/04\/finland.png\",\"width\":512,\"height\":512,\"caption\":\"TalkPal finland Flag\"},{\"@type\":\"BreadcrumbList\",\"@id\":\"https:\/\/talkpal.ai\/sv\/finsk-grammatik\/#breadcrumb\",\"itemListElement\":[{\"@type\":\"ListItem\",\"position\":1,\"name\":\"Homepage\",\"item\":\"https:\/\/talkpal.ai\/sv\/\"},{\"@type\":\"ListItem\",\"position\":2,\"name\":\"Finsk grammatik\"}]},{\"@type\":\"WebSite\",\"@id\":\"https:\/\/talkpal.ai\/sv\/#website\",\"url\":\"https:\/\/talkpal.ai\/sv\/\",\"name\":\"Talkpal\",\"description\":\"AI Language Learning\",\"publisher\":{\"@id\":\"https:\/\/talkpal.ai\/sv\/#organization\"},\"alternateName\":\"Talkpal AI\",\"potentialAction\":[{\"@type\":\"SearchAction\",\"target\":{\"@type\":\"EntryPoint\",\"urlTemplate\":\"https:\/\/talkpal.ai\/sv\/?s={search_term_string}\"},\"query-input\":{\"@type\":\"PropertyValueSpecification\",\"valueRequired\":true,\"valueName\":\"search_term_string\"}}],\"inLanguage\":\"sv-SE\"},{\"@type\":\"Organization\",\"@id\":\"https:\/\/talkpal.ai\/sv\/#organization\",\"name\":\"Talkpal, Inc.\",\"alternateName\":\"Talkpal AI\",\"url\":\"https:\/\/talkpal.ai\/sv\/\",\"logo\":{\"@type\":\"ImageObject\",\"inLanguage\":\"sv-SE\",\"@id\":\"https:\/\/talkpal.ai\/sv\/#\/schema\/logo\/image\/\",\"url\":\"https:\/\/talkpal.ai\/wp-content\/uploads\/2024\/03\/Talkpal-Logo-Icon.png\",\"contentUrl\":\"https:\/\/talkpal.ai\/wp-content\/uploads\/2024\/03\/Talkpal-Logo-Icon.png\",\"width\":2880,\"height\":2880,\"caption\":\"Talkpal, Inc.\"},\"image\":{\"@id\":\"https:\/\/talkpal.ai\/sv\/#\/schema\/logo\/image\/\"},\"sameAs\":[\"https:\/\/www.facebook.com\/profile.php?id=100090733639311\",\"https:\/\/x.com\/talkpalai\",\"https:\/\/www.linkedin.com\/company\/talkpal\/\",\"https:\/\/www.youtube.com\/@TalkPal\/\",\"https:\/\/www.tiktok.com\/@talkpal\",\"https:\/\/www.instagram.com\/talkpal_ai\/\",\"https:\/\/www.crunchbase.com\/organization\/talkpal-9cde\",\"https:\/\/www.g2.com\/products\/talkpal-for-business\/\",\"https:\/\/www.trustpilot.com\/review\/talkpal.ai\",\"https:\/\/www.capterra.com\/p\/10006800\/TalkPal\/\"],\"description\":\"Talkpal is a language learning web and mobile education app, powered by the latest AI technologies, that provides engaging experiences to its customers in many different languages to help them improve their language skills. Users can chat about unlimited amount of topics with the app and use other modes to practice their language learning.\",\"email\":\"support@talkpal.ai\",\"legalName\":\"Talkpal, Inc.\",\"foundingDate\":\"2023-04-03\",\"duns\":\"118989042\",\"numberOfEmployees\":{\"@type\":\"QuantitativeValue\",\"minValue\":\"11\",\"maxValue\":\"50\"},\"publishingPrinciples\":\"https:\/\/talkpal.ai\/publishing-principles\/\",\"actionableFeedbackPolicy\":\"https:\/\/talkpal.ai\/actionable-feedback-policy\/\",\"correctionsPolicy\":\"https:\/\/talkpal.ai\/corrections-policy\/\",\"ethicsPolicy\":\"https:\/\/talkpal.ai\/ethics-policy\/\",\"diversityPolicy\":\"https:\/\/talkpal.ai\/diversity-policy\/\",\"diversityStaffingReport\":\"https:\/\/talkpal.ai\/diversity-policy\/\"}]}<\/script>\n<!-- \/ Yoast SEO Premium plugin. -->","yoast_head_json":{"title":"Finsk grammatik - Talkpal","description":"L\u00e4r dig viktiga aspekter av finsk grammatik, inklusive kasus, verb, meningsbyggnad och uttalstips f\u00f6r att beh\u00e4rska det finska spr\u00e5ket.","robots":{"index":"index","follow":"follow","max-snippet":"max-snippet:-1","max-image-preview":"max-image-preview:large","max-video-preview":"max-video-preview:-1"},"canonical":"https:\/\/talkpal.ai\/sv\/finsk-grammatik\/","og_locale":"sv_SE","og_type":"article","og_title":"Finsk grammatik","og_description":"Finsk grammatik: En guide till att beh\u00e4rska det finska spr\u00e5kets komplexitet Finska, ett unikt och fascinerande spr\u00e5k som talas av cirka 5 miljoner","og_url":"https:\/\/talkpal.ai\/sv\/finsk-grammatik\/","og_site_name":"Talkpal","article_publisher":"https:\/\/www.facebook.com\/profile.php?id=100090733639311","article_modified_time":"2025-12-11T17:05:35+00:00","og_image":[{"width":512,"height":512,"url":"https:\/\/talkpal.ai\/wp-content\/uploads\/2023\/04\/finland.png","type":"image\/png"}],"twitter_card":"summary_large_image","twitter_site":"@talkpalai","twitter_misc":{"Ber\u00e4knad l\u00e4stid":"4 minuter"},"schema":{"@context":"https:\/\/schema.org","@graph":[{"@type":"WebPage","@id":"https:\/\/talkpal.ai\/sv\/finsk-grammatik\/","url":"https:\/\/talkpal.ai\/sv\/finsk-grammatik\/","name":"Finsk grammatik - Talkpal","isPartOf":{"@id":"https:\/\/talkpal.ai\/sv\/#website"},"primaryImageOfPage":{"@id":"https:\/\/talkpal.ai\/sv\/finsk-grammatik\/#primaryimage"},"image":{"@id":"https:\/\/talkpal.ai\/sv\/finsk-grammatik\/#primaryimage"},"thumbnailUrl":"https:\/\/talkpal.ai\/wp-content\/uploads\/2023\/04\/finland.png","datePublished":"2023-05-14T13:50:21+00:00","dateModified":"2025-12-11T17:05:35+00:00","description":"L\u00e4r dig viktiga aspekter av finsk grammatik, inklusive kasus, verb, meningsbyggnad och uttalstips f\u00f6r att beh\u00e4rska det finska spr\u00e5ket.","breadcrumb":{"@id":"https:\/\/talkpal.ai\/sv\/finsk-grammatik\/#breadcrumb"},"inLanguage":"sv-SE","potentialAction":[{"@type":"ReadAction","target":["https:\/\/talkpal.ai\/sv\/finsk-grammatik\/"]}]},{"@type":"ImageObject","inLanguage":"sv-SE","@id":"https:\/\/talkpal.ai\/sv\/finsk-grammatik\/#primaryimage","url":"https:\/\/talkpal.ai\/wp-content\/uploads\/2023\/04\/finland.png","contentUrl":"https:\/\/talkpal.ai\/wp-content\/uploads\/2023\/04\/finland.png","width":512,"height":512,"caption":"TalkPal finland Flag"},{"@type":"BreadcrumbList","@id":"https:\/\/talkpal.ai\/sv\/finsk-grammatik\/#breadcrumb","itemListElement":[{"@type":"ListItem","position":1,"name":"Homepage","item":"https:\/\/talkpal.ai\/sv\/"},{"@type":"ListItem","position":2,"name":"Finsk grammatik"}]},{"@type":"WebSite","@id":"https:\/\/talkpal.ai\/sv\/#website","url":"https:\/\/talkpal.ai\/sv\/","name":"Talkpal","description":"AI Language Learning","publisher":{"@id":"https:\/\/talkpal.ai\/sv\/#organization"},"alternateName":"Talkpal AI","potentialAction":[{"@type":"SearchAction","target":{"@type":"EntryPoint","urlTemplate":"https:\/\/talkpal.ai\/sv\/?s={search_term_string}"},"query-input":{"@type":"PropertyValueSpecification","valueRequired":true,"valueName":"search_term_string"}}],"inLanguage":"sv-SE"},{"@type":"Organization","@id":"https:\/\/talkpal.ai\/sv\/#organization","name":"Talkpal, Inc.","alternateName":"Talkpal AI","url":"https:\/\/talkpal.ai\/sv\/","logo":{"@type":"ImageObject","inLanguage":"sv-SE","@id":"https:\/\/talkpal.ai\/sv\/#\/schema\/logo\/image\/","url":"https:\/\/talkpal.ai\/wp-content\/uploads\/2024\/03\/Talkpal-Logo-Icon.png","contentUrl":"https:\/\/talkpal.ai\/wp-content\/uploads\/2024\/03\/Talkpal-Logo-Icon.png","width":2880,"height":2880,"caption":"Talkpal, Inc."},"image":{"@id":"https:\/\/talkpal.ai\/sv\/#\/schema\/logo\/image\/"},"sameAs":["https:\/\/www.facebook.com\/profile.php?id=100090733639311","https:\/\/x.com\/talkpalai","https:\/\/www.linkedin.com\/company\/talkpal\/","https:\/\/www.youtube.com\/@TalkPal\/","https:\/\/www.tiktok.com\/@talkpal","https:\/\/www.instagram.com\/talkpal_ai\/","https:\/\/www.crunchbase.com\/organization\/talkpal-9cde","https:\/\/www.g2.com\/products\/talkpal-for-business\/","https:\/\/www.trustpilot.com\/review\/talkpal.ai","https:\/\/www.capterra.com\/p\/10006800\/TalkPal\/"],"description":"Talkpal is a language learning web and mobile education app, powered by the latest AI technologies, that provides engaging experiences to its customers in many different languages to help them improve their language skills. Users can chat about unlimited amount of topics with the app and use other modes to practice their language learning.","email":"support@talkpal.ai","legalName":"Talkpal, Inc.","foundingDate":"2023-04-03","duns":"118989042","numberOfEmployees":{"@type":"QuantitativeValue","minValue":"11","maxValue":"50"},"publishingPrinciples":"https:\/\/talkpal.ai\/publishing-principles\/","actionableFeedbackPolicy":"https:\/\/talkpal.ai\/actionable-feedback-policy\/","correctionsPolicy":"https:\/\/talkpal.ai\/corrections-policy\/","ethicsPolicy":"https:\/\/talkpal.ai\/ethics-policy\/","diversityPolicy":"https:\/\/talkpal.ai\/diversity-policy\/","diversityStaffingReport":"https:\/\/talkpal.ai\/diversity-policy\/"}]}},"_links":{"self":[{"href":"https:\/\/talkpal.ai\/sv\/wp-json\/wp\/v2\/pages\/129097","targetHints":{"allow":["GET"]}}],"collection":[{"href":"https:\/\/talkpal.ai\/sv\/wp-json\/wp\/v2\/pages"}],"about":[{"href":"https:\/\/talkpal.ai\/sv\/wp-json\/wp\/v2\/types\/page"}],"author":[{"embeddable":true,"href":"https:\/\/talkpal.ai\/sv\/wp-json\/wp\/v2\/users\/1"}],"replies":[{"embeddable":true,"href":"https:\/\/talkpal.ai\/sv\/wp-json\/wp\/v2\/comments?post=129097"}],"version-history":[{"count":0,"href":"https:\/\/talkpal.ai\/sv\/wp-json\/wp\/v2\/pages\/129097\/revisions"}],"wp:featuredmedia":[{"embeddable":true,"href":"https:\/\/talkpal.ai\/sv\/wp-json\/wp\/v2\/media\/11569"}],"wp:attachment":[{"href":"https:\/\/talkpal.ai\/sv\/wp-json\/wp\/v2\/media?parent=129097"}],"curies":[{"name":"wp","href":"https:\/\/api.w.org\/{rel}","templated":true}]}}