{"id":128760,"date":"2023-05-14T13:49:38","date_gmt":"2023-05-14T13:49:38","guid":{"rendered":"http:\/\/talkpal.ai\/nederlandsk-grammatik\/"},"modified":"2025-12-11T17:02:09","modified_gmt":"2025-12-11T17:02:09","slug":"nederlandsk-grammatik","status":"publish","type":"page","link":"https:\/\/talkpal.ai\/sv\/nederlandsk-grammatik\/","title":{"rendered":"Nederl\u00e4ndsk grammatik"},"content":{"rendered":"\r\n\r\n\r\n<section class=\"languageChallengeSection\">\r\n    <div class=\"languageInfoWrapper\">\r\n        \r\n        <h1>Nederl\u00e4ndsk grammatik<\/h1>\r\n        <p>Utforska grunderna i det nederl\u00e4ndska spr\u00e5ket genom att l\u00e4ra dig de viktigaste grammatikreglerna. Att beh\u00e4rska nederl\u00e4ndsk <a href=\"https:\/\/talkpal.ai\/fr\/les\/\">grammatik<\/a> hj\u00e4lper dig att kommunicera effektivt och f\u00e5 djupare insikter i den nederl\u00e4ndska kulturen. B\u00f6rja l\u00e4ra dig holl\u00e4ndsk grammatik idag och ta ditt f\u00f6rsta steg mot flytande spr\u00e5k!\n<\/p>\r\n\r\n                            <a class=\"getStartedHidden\" href=\"https:\/\/app.talkpal.ai\/sv\/signup?lng=\">Kom ig\u00e5ng<\/a>\r\n        \r\n    <\/div>\r\n\r\n    <figure>\r\n    <img decoding=\"async\" width=\"768\" height=\"768\" src=\"https:\/\/talkpal.ai\/wp-content\/uploads\/2023\/06\/Dutch-768x768.png\" class=\"languageImage no-lazy\" alt=\"Default alt text\" fetchpriority=\"high\" sizes=\"(max-width: 768px) 150px, 768px\" srcset=\"https:\/\/talkpal.ai\/wp-content\/uploads\/2023\/06\/Dutch-768x768.png 768w, https:\/\/talkpal.ai\/wp-content\/uploads\/2023\/06\/Dutch-300x300.png 300w\" \/>\r\n    \r\n\r\n    <\/figure>\r\n\r\n            <a class=\"getStartedVisible\" href=\"https:\/\/app.talkpal.ai\/sv\/signup?lng=\">Kom ig\u00e5ng<\/a>\r\n    \r\n<\/section>\r\n        <section class=\"grammarSection\">\r\n            <div class=\"grammarLinks\">\r\n                <a href=\"https:\/\/talkpal.ai\/sv\/language\/adjektiv-nederlandsk-grammatik\/\">Adjektiv <\/a><a href=\"https:\/\/talkpal.ai\/sv\/language\/adverb-nederlandsk-grammatik\/\">Adverb <\/a><a href=\"https:\/\/talkpal.ai\/sv\/language\/artiklar-nederlandsk-grammatik\/\">Artiklar <\/a><a href=\"https:\/\/talkpal.ai\/sv\/language\/jamforelse-av-tempus-nederlandsk-grammatik\/\">J\u00e4mf\u00f6relse av tempus <\/a><a href=\"https:\/\/talkpal.ai\/sv\/language\/meningsbyggnad-nederlandsk-grammatik\/\">Meningsbyggnad <\/a><a href=\"https:\/\/talkpal.ai\/sv\/language\/prepositioner-nederlandsk-grammatik\/\">Prepositioner <\/a><a href=\"https:\/\/talkpal.ai\/sv\/language\/pronomen-nederlandsk-grammatik\/\">Pronomen <\/a><a href=\"https:\/\/talkpal.ai\/sv\/language\/substantiv-nederlandsk-grammatik\/\">Substantiv <\/a><a href=\"https:\/\/talkpal.ai\/sv\/language\/tempus-indikativ-nederlandsk-grammatik\/\">Tempus indikativ <\/a><a href=\"https:\/\/talkpal.ai\/sv\/language\/tempus-konjunktiv-nederlandsk-grammatik\/\">Tempus konjunktiv <\/a><a href=\"https:\/\/talkpal.ai\/sv\/language\/verb-nederlandsk-grammatik\/\">Verb <\/a>            <\/div>\r\n        <\/section>\r\n    <section class=\"promotionalBanner\">\r\n    <p class=\"promotionalText\">Det mest effektiva s\u00e4ttet att l\u00e4ra sig ett spr\u00e5k<\/p>\r\n    <a class=\"promotionalLink\" href=\"https:\/\/app.talkpal.ai\/sv\/signup?lng=\">Prova Talkpal gratis<\/a>\r\n<\/section>\n<div class=\"wp-block-group pageContainerStyle\"><div class=\"wp-block-group__inner-container is-layout-constrained wp-block-group-is-layout-constrained\">\n<h2 class=\"wp-block-heading\" id=\"h-dutch-grammar-master-the-mechanics-of-the-dutch-language\">Nederl\u00e4ndsk grammatik: Bem\u00e4stra mekaniken i det nederl\u00e4ndska spr\u00e5ket<\/h2>\n\n\n\n<p>Om du har tagit spr\u00e5nget att l\u00e4ra dig nederl\u00e4ndska \u00e4r du p\u00e5 v\u00e4g mot en sp\u00e4nnande resa! Med \u00f6ver 23 miljoner talare \u00f6ver hela v\u00e4rlden \u00e4r nederl\u00e4ndska ett fantastiskt spr\u00e5k f\u00f6r att st\u00e4rka din spr\u00e5kliga skicklighet och vidga dina vyer. Nu kanske du har h\u00f6rt viskningar om komplexiteten i nederl\u00e4ndsk grammatik, men frukta inte! <a href=\"https:\/\/talkpal.ai\/culture\/how-do-i-use-den-har-and-det-har\/\">Den h\u00e4r<\/a> artikeln fungerar som en v\u00e4nlig nyb\u00f6rjarguide som bryter ner nederl\u00e4ndsk grammatik p\u00e5 ett underh\u00e5llande men \u00e4nd\u00e5 omfattande s\u00e4tt.<\/p>\n\n\n\n<h3 class=\"wp-block-heading\" id=\"h-1-the-pillar-of-dutch-grammar-word-order\">1. Pelaren i nederl\u00e4ndsk grammatik: ordf\u00f6ljd<\/h3>\n\n\n\n<p>Nederl\u00e4ndsk grammatik bygger i h\u00f6g grad p\u00e5 ordf\u00f6ljd. I allm\u00e4nhet f\u00f6ljer det en &#8221;subjekt-verb-objekt&#8221;-struktur som liknar det <a href=\"https:\/\/talkpal.ai\/learn-english-with-ai\/\">engelska<\/a> spr\u00e5ket. Nederl\u00e4ndskan har dock en unik egenskap: ordf\u00f6ljden verbsekund (V2). I en mening med mer \u00e4n ett verb skjuts det andra verbet till slutet. Till exempel:<\/p>\n\n\n\n<p><a href=\"https:\/\/talkpal.ai\/learn-swedish\/\">Svenska<\/a>: Jag m\u00e5ste jobba idag.<\/p>\n\n\n\n<p>nederl\u00e4ndska: Ik moet vandaag werken. (bokstavligen: &#8221;Jag m\u00e5ste arbeta idag.&#8221;)<\/p>\n\n\n\n<p>Att beh\u00e4rska ordf\u00f6ljden V2 \u00e4r viktigt n\u00e4r man l\u00e4r sig nederl\u00e4ndsk grammatik.<\/p>\n\n\n\n<h3 class=\"wp-block-heading\" id=\"h-2-get-to-know-your-articles\">2. L\u00e4r k\u00e4nna dina artiklar<\/h3>\n\n\n\n<p>Nederl\u00e4ndskan har tv\u00e5 best\u00e4mda artiklar (&#8221;de&#8221; och &#8221;het&#8221;) och en obest\u00e4md artikel (&#8221;een&#8221;). Att v\u00e4lja mellan de tv\u00e5 best\u00e4mda artiklarna kan vara knepigt, utan n\u00e5gon best\u00e4md regel att f\u00f6lja. Som nyb\u00f6rjare \u00e4r det <a href=\"https:\/\/talkpal.ai\/best-way-to-learn-2\/\">b\u00e4sta s\u00e4ttet att l\u00e4ra sig<\/a> dem genom \u00f6vning och sammanhang. Till exempel:<\/p>\n\n\n\n<p>De man &#8211; Mannen<\/p>\n\n\n\n<p>Het meisje &#8211; Flickan<\/p>\n\n\n\n<p>Een hond &#8211; En hund<\/p>\n\n\n\n<h3 class=\"wp-block-heading\" id=\"h-3-the-dance-of-dutch-conjugations\">3. Dansen av holl\u00e4ndska konjugationer<\/h3>\n\n\n\n<p>Liksom engelskan \u00e4ndrar nederl\u00e4ndska verb form f\u00f6r att f\u00f6rmedla tempus och modus. P\u00e5 nederl\u00e4ndska finns det tre huvudgrupper av verbb\u00f6jningar: <a href=\"https:\/\/talkpal.ai\/sv\/grammar\/svaga-verb-i-galicisk-grammatik\/\">svaga verb<\/a>, starka verb och <a href=\"https:\/\/talkpal.ai\/sv\/grammar\/oregelbundna-verb-i-armenisk-grammatik\/\">oregelbundna verb<\/a>.<\/p>\n\n\n\n<p><a href=\"https:\/\/talkpal.ai\/sv\/grammar\/svaga-verb-i-galicisk-grammatik\/\">Svaga verb<\/a> f\u00f6ljer best\u00e4mda regler f\u00f6r b\u00f6jning, vilket g\u00f6r dem ganska l\u00e4tta att l\u00e4ra sig.  <\/p>\n\n\n\n<p>Exempel (presens): Ik werk, jij werkt, hij\/zij\/u werkt, wij\/jullie\/zij werken<\/p>\n\n\n\n<p>Starka verb inneb\u00e4r vokalbyten, vilket ofta leder till att eleverna memorerar dem individuellt.<\/p>\n\n\n\n<p>Exempel (presens): Ik zing, jij zingt, hij\/zij\/u zingt, wij\/jullie\/zij zingen<\/p>\n\n\n\n<p>Oregelbundna verb f\u00f6ljer, som namnet antyder, inte n\u00e5got best\u00e4mt m\u00f6nster f\u00f6r b\u00f6jning och m\u00e5ste l\u00e4ras in sj\u00e4lvst\u00e4ndigt.<\/p>\n\n\n\n<p>Exempel (presens): Ik ben, jij bent, hij\/zij\/u is, wij\/jullie\/zij zijn<\/p>\n\n\n\n<h3 class=\"wp-block-heading\" id=\"h-4-a-flair-for-pronouns\">4. En k\u00e4nsla f\u00f6r pronomen<\/h3>\n\n\n\n<p>Pronomen i nederl\u00e4ndsk grammatik ers\u00e4tter substantiv och \u00e4r viktiga f\u00f6r att g\u00f6ra ditt tal mer dynamiskt och flytande. Det finns personliga pronomen, possessiva pronomen, demonstrativa pronomen och reflexiva pronomen. Som nyb\u00f6rjare \u00e4r det viktigt att f\u00f6rst\u00e5 personliga och possessiva pronomen.<\/p>\n\n\n\n<p>Personliga pronomen: ik (jag), jij\/je (du), hij\/zij\/ze (han\/hon), wij\/vi (vi), jullie (ni alla), zij\/ze (de)<\/p>\n\n\n\n<p>Possessiva pronomen: mijn (min), jouw\/je (din), zijn\/haar (hans\/hennes), ons\/onze (v\u00e5r), jullie (din), hun\/hen (deras)<\/p>\n\n\n\n<h3 class=\"wp-block-heading\" id=\"h-5-cases-no-more-mostly\">5. Fall inte mer (mestadels)<\/h3>\n\n\n\n<p>Till skillnad fr\u00e5n tyska anv\u00e4nder nederl\u00e4ndskan inte l\u00e4ngre ett kasussystem i det dagliga livet, vilket ger en viss l\u00e4ttnad fr\u00e5n spr\u00e5kliga hinder. Det enda undantaget \u00e4r nederl\u00e4ndska varianter av \u201cvem\u201d och \u201cvem\u201d (wie respektive wie) och ett f\u00e5tal fasta uttryck (t.ex. te allen tijde, som betyder \u201cvid alla tidpunkter\u201d).  <\/p>\n\n\n\n<p>Grattis! Du har tagit de f\u00f6rsta stegen f\u00f6r att l\u00e4ra dig beh\u00e4rska nederl\u00e4ndsk grammatik. Kom ih\u00e5g att \u00f6vning \u00e4r nyckeln, s\u00e5 tveka inte att g\u00e5 djupare, kommunicera med modersm\u00e5lstalare och bygga en stark grund. Veel lyckas! (Lycka till!)<\/p>\n<\/div><\/div>\n\r\n<section class=\"learnNavigationSection\">\r\n            \r\n        <a href=\"https:\/\/talkpal.ai\/sv\/lar-dig-nederlandska\/\">\r\n            <div class=\"learnNavigationWrapper\">\r\n                <div class=\"learnNavigationContent\">\r\n                    <img decoding=\"async\" src=\"https:\/\/talkpal.ai\/wp-content\/uploads\/2024\/08\/Dutch.jpg\" alt=\"Netherlands Flag\">\r\n                    <div>\r\n                        <h4>Om Dutch Learning<\/h4>\r\n                        <p>Ta reda p\u00e5 allt om nederl\u00e4ndsk grammatik.<\/p>\r\n                    <\/div>\r\n                <\/div>\r\n            <\/div>\r\n        <\/a>\r\n\r\n        \r\n        <a href=\"https:\/\/talkpal.ai\/sv\/hollandska-grammatikovningar\/\">\r\n            <div class=\"learnNavigationWrapper\">\r\n                <div class=\"learnNavigationContent\">\r\n                    <img decoding=\"async\" src=\"https:\/\/talkpal.ai\/wp-content\/uploads\/2024\/08\/Dutch.jpg\" alt=\"Netherlands Flag\">\r\n                    <div>\r\n                        <h4>\u00d6vning i nederl\u00e4ndsk grammatik<\/h4>\r\n                        <p>\u00d6va nederl\u00e4ndsk grammatik.<\/p>\r\n                    <\/div>\r\n                <\/div>\r\n            <\/div>\r\n        <\/a>\r\n\r\n        \r\n        <a href=\"https:\/\/talkpal.ai\/vocabulary_language\/dutch\/\">\r\n            <div class=\"learnNavigationWrapper\">\r\n                <div class=\"learnNavigationContent\">\r\n                    <img decoding=\"async\" src=\"https:\/\/talkpal.ai\/wp-content\/uploads\/2024\/08\/Dutch.jpg\" alt=\"Netherlands Flag\">\r\n                    <div>\r\n                        <h4>Nederl\u00e4ndsk vokabul\u00e4r<\/h4>\r\n                        <p>Ut\u00f6ka ditt nederl\u00e4ndska ordf\u00f6rr\u00e5d.<\/p>\r\n                    <\/div>\r\n                <\/div>\r\n            <\/div>\r\n        <\/a>\r\n\r\n            <\/section>","protected":false},"excerpt":{"rendered":"<p>Nederl\u00e4ndsk grammatik: Bem\u00e4stra mekaniken i det nederl\u00e4ndska spr\u00e5ket Om du har tagit spr\u00e5nget att l\u00e4ra dig nederl\u00e4ndska \u00e4r du p\u00e5 v\u00e4g mot en sp\u00e4nnande resa! Med \u00f6ver 23 miljoner talare \u00f6ver hela v\u00e4rlden \u00e4r nederl\u00e4ndska ett fantastiskt spr\u00e5k f\u00f6r att st\u00e4rka din spr\u00e5kliga skicklighet och vidga dina vyer. Nu kanske du har h\u00f6rt viskningar om [&hellip;]<\/p>\n","protected":false},"author":1,"featured_media":11590,"parent":0,"menu_order":0,"comment_status":"closed","ping_status":"closed","template":"LearningContentPage.php","meta":{"_acf_changed":false,"footnotes":""},"class_list":["post-128760","page","type-page","status-publish","has-post-thumbnail","hentry"],"acf":[],"yoast_head":"<!-- This site is optimized with the Yoast SEO Premium plugin v27.2 (Yoast SEO v27.2) - https:\/\/yoast.com\/product\/yoast-seo-premium-wordpress\/ -->\n<title>Nederl\u00e4ndsk grammatik - Talkpal<\/title>\n<meta name=\"description\" content=\"Beh\u00e4rska nederl\u00e4ndsk grammatik med Talkpal, din AI-drivna spr\u00e5khandledare. F\u00e5 tillg\u00e5ng till tydliga f\u00f6rklaringar, praktiska exempel och interaktiva \u00f6vningar!\" \/>\n<meta name=\"robots\" content=\"index, follow, max-snippet:-1, max-image-preview:large, max-video-preview:-1\" \/>\n<link rel=\"canonical\" href=\"https:\/\/talkpal.ai\/sv\/nederlandsk-grammatik\/\" \/>\n<meta property=\"og:locale\" content=\"sv_SE\" \/>\n<meta property=\"og:type\" content=\"article\" \/>\n<meta property=\"og:title\" content=\"Nederl\u00e4ndsk grammatik\" \/>\n<meta property=\"og:description\" content=\"Nederl\u00e4ndsk grammatik: Bem\u00e4stra mekaniken i det nederl\u00e4ndska spr\u00e5ket Om du har tagit spr\u00e5nget att l\u00e4ra dig nederl\u00e4ndska \u00e4r du p\u00e5 v\u00e4g mot en sp\u00e4nnande\" \/>\n<meta property=\"og:url\" content=\"https:\/\/talkpal.ai\/sv\/nederlandsk-grammatik\/\" \/>\n<meta property=\"og:site_name\" content=\"Talkpal\" \/>\n<meta property=\"article:publisher\" content=\"https:\/\/www.facebook.com\/profile.php?id=100090733639311\" \/>\n<meta property=\"article:modified_time\" content=\"2025-12-11T17:02:09+00:00\" \/>\n<meta property=\"og:image\" content=\"https:\/\/talkpal.ai\/wp-content\/uploads\/2023\/04\/netherlands-dutch.png\" \/>\n\t<meta property=\"og:image:width\" content=\"512\" \/>\n\t<meta property=\"og:image:height\" content=\"512\" \/>\n\t<meta property=\"og:image:type\" content=\"image\/png\" \/>\n<meta name=\"twitter:card\" content=\"summary_large_image\" \/>\n<meta name=\"twitter:site\" content=\"@talkpalai\" \/>\n<meta name=\"twitter:label1\" content=\"Ber\u00e4knad l\u00e4stid\" \/>\n\t<meta name=\"twitter:data1\" content=\"3 minuter\" \/>\n<script type=\"application\/ld+json\" class=\"yoast-schema-graph\">{\"@context\":\"https:\/\/schema.org\",\"@graph\":[{\"@type\":\"WebPage\",\"@id\":\"https:\/\/talkpal.ai\/sv\/nederlandsk-grammatik\/\",\"url\":\"https:\/\/talkpal.ai\/sv\/nederlandsk-grammatik\/\",\"name\":\"Nederl\u00e4ndsk grammatik - Talkpal\",\"isPartOf\":{\"@id\":\"https:\/\/talkpal.ai\/sv\/#website\"},\"primaryImageOfPage\":{\"@id\":\"https:\/\/talkpal.ai\/sv\/nederlandsk-grammatik\/#primaryimage\"},\"image\":{\"@id\":\"https:\/\/talkpal.ai\/sv\/nederlandsk-grammatik\/#primaryimage\"},\"thumbnailUrl\":\"https:\/\/talkpal.ai\/wp-content\/uploads\/2023\/04\/netherlands-dutch.png\",\"datePublished\":\"2023-05-14T13:49:38+00:00\",\"dateModified\":\"2025-12-11T17:02:09+00:00\",\"description\":\"Beh\u00e4rska nederl\u00e4ndsk grammatik med Talkpal, din AI-drivna spr\u00e5khandledare. F\u00e5 tillg\u00e5ng till tydliga f\u00f6rklaringar, praktiska exempel och interaktiva \u00f6vningar!\",\"breadcrumb\":{\"@id\":\"https:\/\/talkpal.ai\/sv\/nederlandsk-grammatik\/#breadcrumb\"},\"inLanguage\":\"sv-SE\",\"potentialAction\":[{\"@type\":\"ReadAction\",\"target\":[\"https:\/\/talkpal.ai\/sv\/nederlandsk-grammatik\/\"]}]},{\"@type\":\"ImageObject\",\"inLanguage\":\"sv-SE\",\"@id\":\"https:\/\/talkpal.ai\/sv\/nederlandsk-grammatik\/#primaryimage\",\"url\":\"https:\/\/talkpal.ai\/wp-content\/uploads\/2023\/04\/netherlands-dutch.png\",\"contentUrl\":\"https:\/\/talkpal.ai\/wp-content\/uploads\/2023\/04\/netherlands-dutch.png\",\"width\":512,\"height\":512},{\"@type\":\"BreadcrumbList\",\"@id\":\"https:\/\/talkpal.ai\/sv\/nederlandsk-grammatik\/#breadcrumb\",\"itemListElement\":[{\"@type\":\"ListItem\",\"position\":1,\"name\":\"Homepage\",\"item\":\"https:\/\/talkpal.ai\/sv\/\"},{\"@type\":\"ListItem\",\"position\":2,\"name\":\"Nederl\u00e4ndsk grammatik\"}]},{\"@type\":\"WebSite\",\"@id\":\"https:\/\/talkpal.ai\/sv\/#website\",\"url\":\"https:\/\/talkpal.ai\/sv\/\",\"name\":\"Talkpal\",\"description\":\"AI Language Learning\",\"publisher\":{\"@id\":\"https:\/\/talkpal.ai\/sv\/#organization\"},\"alternateName\":\"Talkpal AI\",\"potentialAction\":[{\"@type\":\"SearchAction\",\"target\":{\"@type\":\"EntryPoint\",\"urlTemplate\":\"https:\/\/talkpal.ai\/sv\/?s={search_term_string}\"},\"query-input\":{\"@type\":\"PropertyValueSpecification\",\"valueRequired\":true,\"valueName\":\"search_term_string\"}}],\"inLanguage\":\"sv-SE\"},{\"@type\":\"Organization\",\"@id\":\"https:\/\/talkpal.ai\/sv\/#organization\",\"name\":\"Talkpal, Inc.\",\"alternateName\":\"Talkpal AI\",\"url\":\"https:\/\/talkpal.ai\/sv\/\",\"logo\":{\"@type\":\"ImageObject\",\"inLanguage\":\"sv-SE\",\"@id\":\"https:\/\/talkpal.ai\/sv\/#\/schema\/logo\/image\/\",\"url\":\"https:\/\/talkpal.ai\/wp-content\/uploads\/2024\/03\/Talkpal-Logo-Icon.png\",\"contentUrl\":\"https:\/\/talkpal.ai\/wp-content\/uploads\/2024\/03\/Talkpal-Logo-Icon.png\",\"width\":2880,\"height\":2880,\"caption\":\"Talkpal, Inc.\"},\"image\":{\"@id\":\"https:\/\/talkpal.ai\/sv\/#\/schema\/logo\/image\/\"},\"sameAs\":[\"https:\/\/www.facebook.com\/profile.php?id=100090733639311\",\"https:\/\/x.com\/talkpalai\",\"https:\/\/www.linkedin.com\/company\/talkpal\/\",\"https:\/\/www.youtube.com\/@TalkPal\/\",\"https:\/\/www.tiktok.com\/@talkpal\",\"https:\/\/www.instagram.com\/talkpal_ai\/\",\"https:\/\/www.crunchbase.com\/organization\/talkpal-9cde\",\"https:\/\/www.g2.com\/products\/talkpal-for-business\/\",\"https:\/\/www.trustpilot.com\/review\/talkpal.ai\",\"https:\/\/www.capterra.com\/p\/10006800\/TalkPal\/\"],\"description\":\"Talkpal is a language learning web and mobile education app, powered by the latest AI technologies, that provides engaging experiences to its customers in many different languages to help them improve their language skills. Users can chat about unlimited amount of topics with the app and use other modes to practice their language learning.\",\"email\":\"support@talkpal.ai\",\"legalName\":\"Talkpal, Inc.\",\"foundingDate\":\"2023-04-03\",\"duns\":\"118989042\",\"numberOfEmployees\":{\"@type\":\"QuantitativeValue\",\"minValue\":\"11\",\"maxValue\":\"50\"},\"publishingPrinciples\":\"https:\/\/talkpal.ai\/publishing-principles\/\",\"actionableFeedbackPolicy\":\"https:\/\/talkpal.ai\/actionable-feedback-policy\/\",\"correctionsPolicy\":\"https:\/\/talkpal.ai\/corrections-policy\/\",\"ethicsPolicy\":\"https:\/\/talkpal.ai\/ethics-policy\/\",\"diversityPolicy\":\"https:\/\/talkpal.ai\/diversity-policy\/\",\"diversityStaffingReport\":\"https:\/\/talkpal.ai\/diversity-policy\/\"}]}<\/script>\n<!-- \/ Yoast SEO Premium plugin. -->","yoast_head_json":{"title":"Nederl\u00e4ndsk grammatik - Talkpal","description":"Beh\u00e4rska nederl\u00e4ndsk grammatik med Talkpal, din AI-drivna spr\u00e5khandledare. F\u00e5 tillg\u00e5ng till tydliga f\u00f6rklaringar, praktiska exempel och interaktiva \u00f6vningar!","robots":{"index":"index","follow":"follow","max-snippet":"max-snippet:-1","max-image-preview":"max-image-preview:large","max-video-preview":"max-video-preview:-1"},"canonical":"https:\/\/talkpal.ai\/sv\/nederlandsk-grammatik\/","og_locale":"sv_SE","og_type":"article","og_title":"Nederl\u00e4ndsk grammatik","og_description":"Nederl\u00e4ndsk grammatik: Bem\u00e4stra mekaniken i det nederl\u00e4ndska spr\u00e5ket Om du har tagit spr\u00e5nget att l\u00e4ra dig nederl\u00e4ndska \u00e4r du p\u00e5 v\u00e4g mot en sp\u00e4nnande","og_url":"https:\/\/talkpal.ai\/sv\/nederlandsk-grammatik\/","og_site_name":"Talkpal","article_publisher":"https:\/\/www.facebook.com\/profile.php?id=100090733639311","article_modified_time":"2025-12-11T17:02:09+00:00","og_image":[{"width":512,"height":512,"url":"https:\/\/talkpal.ai\/wp-content\/uploads\/2023\/04\/netherlands-dutch.png","type":"image\/png"}],"twitter_card":"summary_large_image","twitter_site":"@talkpalai","twitter_misc":{"Ber\u00e4knad l\u00e4stid":"3 minuter"},"schema":{"@context":"https:\/\/schema.org","@graph":[{"@type":"WebPage","@id":"https:\/\/talkpal.ai\/sv\/nederlandsk-grammatik\/","url":"https:\/\/talkpal.ai\/sv\/nederlandsk-grammatik\/","name":"Nederl\u00e4ndsk grammatik - Talkpal","isPartOf":{"@id":"https:\/\/talkpal.ai\/sv\/#website"},"primaryImageOfPage":{"@id":"https:\/\/talkpal.ai\/sv\/nederlandsk-grammatik\/#primaryimage"},"image":{"@id":"https:\/\/talkpal.ai\/sv\/nederlandsk-grammatik\/#primaryimage"},"thumbnailUrl":"https:\/\/talkpal.ai\/wp-content\/uploads\/2023\/04\/netherlands-dutch.png","datePublished":"2023-05-14T13:49:38+00:00","dateModified":"2025-12-11T17:02:09+00:00","description":"Beh\u00e4rska nederl\u00e4ndsk grammatik med Talkpal, din AI-drivna spr\u00e5khandledare. F\u00e5 tillg\u00e5ng till tydliga f\u00f6rklaringar, praktiska exempel och interaktiva \u00f6vningar!","breadcrumb":{"@id":"https:\/\/talkpal.ai\/sv\/nederlandsk-grammatik\/#breadcrumb"},"inLanguage":"sv-SE","potentialAction":[{"@type":"ReadAction","target":["https:\/\/talkpal.ai\/sv\/nederlandsk-grammatik\/"]}]},{"@type":"ImageObject","inLanguage":"sv-SE","@id":"https:\/\/talkpal.ai\/sv\/nederlandsk-grammatik\/#primaryimage","url":"https:\/\/talkpal.ai\/wp-content\/uploads\/2023\/04\/netherlands-dutch.png","contentUrl":"https:\/\/talkpal.ai\/wp-content\/uploads\/2023\/04\/netherlands-dutch.png","width":512,"height":512},{"@type":"BreadcrumbList","@id":"https:\/\/talkpal.ai\/sv\/nederlandsk-grammatik\/#breadcrumb","itemListElement":[{"@type":"ListItem","position":1,"name":"Homepage","item":"https:\/\/talkpal.ai\/sv\/"},{"@type":"ListItem","position":2,"name":"Nederl\u00e4ndsk grammatik"}]},{"@type":"WebSite","@id":"https:\/\/talkpal.ai\/sv\/#website","url":"https:\/\/talkpal.ai\/sv\/","name":"Talkpal","description":"AI Language Learning","publisher":{"@id":"https:\/\/talkpal.ai\/sv\/#organization"},"alternateName":"Talkpal AI","potentialAction":[{"@type":"SearchAction","target":{"@type":"EntryPoint","urlTemplate":"https:\/\/talkpal.ai\/sv\/?s={search_term_string}"},"query-input":{"@type":"PropertyValueSpecification","valueRequired":true,"valueName":"search_term_string"}}],"inLanguage":"sv-SE"},{"@type":"Organization","@id":"https:\/\/talkpal.ai\/sv\/#organization","name":"Talkpal, Inc.","alternateName":"Talkpal AI","url":"https:\/\/talkpal.ai\/sv\/","logo":{"@type":"ImageObject","inLanguage":"sv-SE","@id":"https:\/\/talkpal.ai\/sv\/#\/schema\/logo\/image\/","url":"https:\/\/talkpal.ai\/wp-content\/uploads\/2024\/03\/Talkpal-Logo-Icon.png","contentUrl":"https:\/\/talkpal.ai\/wp-content\/uploads\/2024\/03\/Talkpal-Logo-Icon.png","width":2880,"height":2880,"caption":"Talkpal, Inc."},"image":{"@id":"https:\/\/talkpal.ai\/sv\/#\/schema\/logo\/image\/"},"sameAs":["https:\/\/www.facebook.com\/profile.php?id=100090733639311","https:\/\/x.com\/talkpalai","https:\/\/www.linkedin.com\/company\/talkpal\/","https:\/\/www.youtube.com\/@TalkPal\/","https:\/\/www.tiktok.com\/@talkpal","https:\/\/www.instagram.com\/talkpal_ai\/","https:\/\/www.crunchbase.com\/organization\/talkpal-9cde","https:\/\/www.g2.com\/products\/talkpal-for-business\/","https:\/\/www.trustpilot.com\/review\/talkpal.ai","https:\/\/www.capterra.com\/p\/10006800\/TalkPal\/"],"description":"Talkpal is a language learning web and mobile education app, powered by the latest AI technologies, that provides engaging experiences to its customers in many different languages to help them improve their language skills. Users can chat about unlimited amount of topics with the app and use other modes to practice their language learning.","email":"support@talkpal.ai","legalName":"Talkpal, Inc.","foundingDate":"2023-04-03","duns":"118989042","numberOfEmployees":{"@type":"QuantitativeValue","minValue":"11","maxValue":"50"},"publishingPrinciples":"https:\/\/talkpal.ai\/publishing-principles\/","actionableFeedbackPolicy":"https:\/\/talkpal.ai\/actionable-feedback-policy\/","correctionsPolicy":"https:\/\/talkpal.ai\/corrections-policy\/","ethicsPolicy":"https:\/\/talkpal.ai\/ethics-policy\/","diversityPolicy":"https:\/\/talkpal.ai\/diversity-policy\/","diversityStaffingReport":"https:\/\/talkpal.ai\/diversity-policy\/"}]}},"_links":{"self":[{"href":"https:\/\/talkpal.ai\/sv\/wp-json\/wp\/v2\/pages\/128760","targetHints":{"allow":["GET"]}}],"collection":[{"href":"https:\/\/talkpal.ai\/sv\/wp-json\/wp\/v2\/pages"}],"about":[{"href":"https:\/\/talkpal.ai\/sv\/wp-json\/wp\/v2\/types\/page"}],"author":[{"embeddable":true,"href":"https:\/\/talkpal.ai\/sv\/wp-json\/wp\/v2\/users\/1"}],"replies":[{"embeddable":true,"href":"https:\/\/talkpal.ai\/sv\/wp-json\/wp\/v2\/comments?post=128760"}],"version-history":[{"count":0,"href":"https:\/\/talkpal.ai\/sv\/wp-json\/wp\/v2\/pages\/128760\/revisions"}],"wp:featuredmedia":[{"embeddable":true,"href":"https:\/\/talkpal.ai\/sv\/wp-json\/wp\/v2\/media\/11590"}],"wp:attachment":[{"href":"https:\/\/talkpal.ai\/sv\/wp-json\/wp\/v2\/media?parent=128760"}],"curies":[{"name":"wp","href":"https:\/\/api.w.org\/{rel}","templated":true}]}}