{"id":128352,"date":"2023-05-14T13:48:36","date_gmt":"2023-05-14T13:48:36","guid":{"rendered":"http:\/\/talkpal.ai\/kinesisk-grammatik\/"},"modified":"2025-06-17T16:38:22","modified_gmt":"2025-06-17T16:38:22","slug":"kinesisk-grammatik","status":"publish","type":"page","link":"https:\/\/talkpal.ai\/sv\/kinesisk-grammatik\/","title":{"rendered":"Kinesisk grammatik"},"content":{"rendered":"\r\n\r\n\r\n<section class=\"languageChallengeSection\">\r\n    <div class=\"languageInfoWrapper\">\r\n        \r\n        <h1>Kinesisk grammatik<\/h1>\r\n        <p>St\u00e4rk dina <a href=\"https:\/\/talkpal.ai\/learn-chinese\/\">kinesiska<\/a> spr\u00e5kkunskaper genom att l\u00e4ra dig viktiga grammatiska strukturer och anv\u00e4ndningsm\u00f6nster. B\u00f6rja f\u00f6rb\u00e4ttra din kinesiska <a href=\"https:\/\/talkpal.ai\/fr\/les\/\">grammatik<\/a> idag och kommunicera med sj\u00e4lvf\u00f6rtroende!<\/p>\r\n\r\n                            <a class=\"getStartedHidden\" href=\"https:\/\/app.talkpal.ai\/sv\/signup?lng=\">Kom ig\u00e5ng<\/a>\r\n        \r\n    <\/div>\r\n\r\n    <figure>\r\n    <img decoding=\"async\" width=\"768\" height=\"768\" src=\"https:\/\/talkpal.ai\/wp-content\/uploads\/2023\/06\/chinese-768x768.png\" class=\"languageImage no-lazy\" alt=\"Default alt text\" fetchpriority=\"high\" sizes=\"(max-width: 768px) 150px, 768px\" srcset=\"https:\/\/talkpal.ai\/wp-content\/uploads\/2023\/06\/chinese-768x768.png 768w, https:\/\/talkpal.ai\/wp-content\/uploads\/2023\/06\/chinese-300x300.png 300w\" \/>\r\n    \r\n\r\n    <\/figure>\r\n\r\n            <a class=\"getStartedVisible\" href=\"https:\/\/app.talkpal.ai\/sv\/signup?lng=\">Kom ig\u00e5ng<\/a>\r\n    \r\n<\/section>\r\n        <section class=\"grammarSection\">\r\n            <div class=\"grammarLinks\">\r\n                <a href=\"https:\/\/talkpal.ai\/sv\/language\/adjektiv-kinesisk-grammatik\/\">Adjektiv <\/a><a href=\"https:\/\/talkpal.ai\/sv\/language\/adverb-kinesisk-grammatik\/\">Adverb <\/a><a href=\"https:\/\/talkpal.ai\/sv\/language\/artiklar-kinesisk-grammatik\/\">Artiklar <\/a><a href=\"https:\/\/talkpal.ai\/sv\/language\/meningsbyggnad-kinesisk-grammatik\/\">Meningsbyggnad <\/a><a href=\"https:\/\/talkpal.ai\/sv\/language\/prepositioner-kinesisk-grammatik\/\">Prepositioner <\/a><a href=\"https:\/\/talkpal.ai\/sv\/language\/pronomen-kinesisk-grammatik\/\">Pronomen <\/a><a href=\"https:\/\/talkpal.ai\/sv\/language\/substantiv-kinesisk-grammatik\/\">Substantiv <\/a><a href=\"https:\/\/talkpal.ai\/sv\/language\/tempus-kinesisk-grammatik\/\">Tempus <\/a><a href=\"https:\/\/talkpal.ai\/sv\/language\/verb-kinesisk-grammatik\/\">Verb <\/a>            <\/div>\r\n        <\/section>\r\n    <section class=\"promotionalBanner\">\r\n    <p class=\"promotionalText\">Det mest effektiva s\u00e4ttet att l\u00e4ra sig ett spr\u00e5k<\/p>\r\n    <a class=\"promotionalLink\" href=\"https:\/\/app.talkpal.ai\/sv\/signup?lng=\">Prova Talkpal gratis<\/a>\r\n<\/section>\n<div class=\"wp-block-group pageContainerStyle\"><div class=\"wp-block-group__inner-container is-layout-constrained wp-block-group-is-layout-constrained\">\n<h2 class=\"wp-block-heading\" id=\"h-chinese-grammar-the-key-to-mastering-mandarin\">Kinesisk grammatik: Nyckeln till att beh\u00e4rska mandarin<\/h2>\n\n\n\n<p>\u00c4r du en ambiti\u00f6s spr\u00e5kelev som har siktet inst\u00e4llt p\u00e5 att beh\u00e4rska mandarin? I s\u00e5 fall \u00e4r det bara att gratulera! Att ta sig an kinesiska \u00e4r ett fantastiskt s\u00e4tt att bredda ditt globala t\u00e4nkes\u00e4tt, f\u00e5 <a href=\"https:\/\/talkpal.ai\/contact\/\">kontakt<\/a> med ett brett utbud av talare och utmana dig sj\u00e4lv intellektuellt. Men med 1,2 miljarder modersm\u00e5lstalare och ett spr\u00e5ksystem som skiljer sig mycket fr\u00e5n v\u00e4sterl\u00e4ndska spr\u00e5k kan <a href=\"https:\/\/talkpal.ai\/sv\/grammar\/typer-i-kinesisk-grammatik\/\">kinesisk grammatik<\/a> verka ganska skr\u00e4mmande. Frukta inte! L\u00e4s vidare f\u00f6r att f\u00e5 en nyb\u00f6rjarv\u00e4nlig snabbkurs i <a href=\"https:\/\/talkpal.ai\/sv\/grammar\/typer-i-kinesisk-grammatik\/\">kinesisk grammatik<\/a> som \u00e4r b\u00e5de engagerande och informativ.<\/p>\n\n\n\n<p><strong>F\u00f6rst och fr\u00e4mst: gl\u00f6m vad du kan om europeiska spr\u00e5k!<\/strong><\/p>\n\n\n\n<p>Ett viktigt sk\u00e4l till att spr\u00e5kstudenter skr\u00e4ms av <a href=\"https:\/\/talkpal.ai\/learn-chinese\/\">kinesisk<\/a> grammatik \u00e4r att den skiljer sig radikalt fr\u00e5n den &#8221;subjekt-verb-objekt&#8221;-struktur som vi \u00e4r vana vid i spr\u00e5k som <a href=\"https:\/\/talkpal.ai\/learn-english-with-ai\/\">engelska<\/a>, <a href=\"https:\/\/talkpal.ai\/learn-spanish\/\">spanska<\/a> eller <a href=\"https:\/\/talkpal.ai\/learn-french\/\">franska<\/a>. S\u00e5 ta ett djupt andetag och l\u00e5t oss dyka in i ett helt nytt universum av spr\u00e5kliga regler och begrepp!<\/p>\n\n\n\n<h3 class=\"wp-block-heading\" id=\"h-1-word-order-is-king\">1. Ordf\u00f6ljden \u00e4r kung<\/h3>\n\n\n\n<p>\u00c4ven om det inte finns n\u00e5gra tempus, verbb\u00f6jningar eller pluralformer i kinesisk grammatik, \u00e4r korrekt meningsstruktur av st\u00f6rsta vikt. S\u00e5 hur uppn\u00e5s korrekt ordf\u00f6ljd? I de flesta fall f\u00f6ljer du helt enkelt m\u00f6nstret &#8221;subjekt-verb-objekt&#8221; (liknande engelska). Till exempel:<\/p>\n\n\n\n<p>Svenska: Jag \u00e4lskar dig.<br\/>kinesiska: \u6211\u7231\u4f60\u3002 W\u01d2 \u00e0i n\u01d0.<\/p>\n\n\n\n<p>Det finns mer komplexa strukturer, men att utveckla en stark grund kommer att g\u00f6ra dem l\u00e4ttare att f\u00f6rst\u00e5 n\u00e4r du g\u00f6r framsteg.<\/p>\n\n\n\n<h3 class=\"wp-block-heading\" id=\"h-2-particles-particles-everywhere\">2. Partiklar, partiklar \u00f6verallt!<\/h3>\n\n\n\n<p>I kinesisk grammatik spelar partiklar en avg\u00f6rande roll f\u00f6r att f\u00f6rmedla mening. En av de vanligaste partiklarna \u00e4r &#8221;\u4e86 (le)&#8221;, som signalerar en avslutad handling. Till exempel:<\/p>\n\n\n\n<p>&#8221;Jag har \u00e4tit. &#8211; &#8221;Jag har \u00e4tit.&#8221;<\/p>\n\n\n\n<p>En annan vanlig partikel \u00e4r &#8221;\u5427 (ba)&#8221;, som f\u00f6rvandlar ett uttalande till ett f\u00f6rslag eller en fr\u00e5ga:<\/p>\n\n\n\n<p>Ba! &#8211; &#8221;Nu g\u00e5r vi!&#8221;<\/p>\n\n\n\n<p>Att f\u00f6rst\u00e5 olika partiklars funktioner \u00e4r nyckeln till att beh\u00e4rska nyanserna i kinesisk grammatik.<\/p>\n\n\n\n<h3 class=\"wp-block-heading\" id=\"h-3-measure-words-quality-not-quantity\">3. M\u00e4t ord: kvalitet, inte kvantitet<\/h3>\n\n\n\n<p>P\u00e5 kinesiska har substantiv inte pluralform. I st\u00e4llet anv\u00e4nder de m\u00e5ttord (kallas \u00e4ven klassificerare) f\u00f6r att uttrycka kvantitet. M\u00e5ttord l\u00e4ggs till mellan siffran och substantivet. Till exempel:<\/p>\n\n\n\n<p>\u4e00\u672c\u4e66 &#8211; Y\u012b b\u011bn sh\u016b &#8211; &#8221;en bok&#8221;<\/p>\n\n\n\n<p>L\u00e4gg m\u00e4rke till anv\u00e4ndningen av \u672c (b\u011bn) som m\u00e5ttord f\u00f6r b\u00f6cker. Olika substantiv kr\u00e4ver olika m\u00e5ttord, och \u00e4ven om detta kan verka f\u00f6rbryllande till en b\u00f6rjan blir det en sj\u00e4lvklarhet med lite \u00f6vning.<\/p>\n\n\n\n<h3 class=\"wp-block-heading\" id=\"h-4-the-magic-of-compound-words\">4. Magin med sammansatta ord<\/h3>\n\n\n\n<p>Kinesiska \u00e4r full av sammansatta ord, som bildas genom att kombinera tv\u00e5 eller flera tecken. Detta f\u00f6renklar inte bara inl\u00e4rningen av ordf\u00f6rr\u00e5d, utan m\u00f6jligg\u00f6r ocks\u00e5 levande bilder och sammanhang. Till exempel:<\/p>\n\n\n\n<p>\u706b\u8f66 &#8211; Hu\u01d2ch\u0113 &#8211; &#8221;t\u00e5g&#8221; (bokstavligen: &#8221;brandfordon&#8221;)<br\/>\u7535\u8bdd &#8211; Di\u00e0nhu\u00e0 &#8211; &#8221;telefon&#8221; (bokstavligen: &#8221;elektriskt tal&#8221;)<\/p>\n\n\n\n<p>Genom att f\u00f6rst\u00e5 de enskilda tecknens betydelse kan du enkelt h\u00e4rleda betydelsen av sammansatta ord som du aldrig st\u00f6tt p\u00e5 tidigare.<\/p>\n\n\n\n<h3 class=\"wp-block-heading\" id=\"h-5-no-tenses-no-problem\">5. Inga tempus? Inga problem!<\/h3>\n\n\n\n<p>En av de mest uppfriskande aspekterna av kinesiskan \u00e4r bristen p\u00e5 verbb\u00f6jningar f\u00f6r olika tempus. Men hur uttrycker man tid? Enkel! Inkludera bara ord som anger tidsramen, till exempel:<\/p>\n\n\n\n<p>\u6628\u5929 &#8211; Zu\u00f3ti\u0101n &#8211; &#8221;i g\u00e5r&#8221;<br\/>\u660e\u5929 &#8211; M\u00edngti\u0101n &#8211; &#8221;i morgon&#8221;<\/p>\n\n\n\n<p><strong>Till exempel:<\/strong><\/p>\n\n\n\n<p>&#8221;Jag \u00e5t mat ig\u00e5r. &#8211; &#8221;Jag \u00e5t mat ig\u00e5r.&#8221;<br\/>&#8221;Jag ska \u00e4ta mat i morgon. &#8211; &#8221;Jag ska \u00e4ta mat i morgon.&#8221;<\/p>\n\n\n\n<p>Grattis! Du har tagit de f\u00f6rsta stegen mot att beh\u00e4rska kinesisk grammatik. Kom ih\u00e5g: \u00f6vning ger f\u00e4rdighet. S\u00e5 var inte r\u00e4dd f\u00f6r att utforska nya grammatiska strukturer, konversera med modersm\u00e5lstalare och f\u00f6rst\u00e4rka din grund. Mandarins v\u00e4rld v\u00e4ntar p\u00e5 dig &#8211; l\u00e4r dig mycket!<\/p>\n<\/div><\/div>\n\r\n<section class=\"learnNavigationSection\">\r\n            \r\n        <a href=\"https:\/\/talkpal.ai\/sv\/lar-dig-kinesiska\/\">\r\n            <div class=\"learnNavigationWrapper\">\r\n                <div class=\"learnNavigationContent\">\r\n                    <img decoding=\"async\" src=\"https:\/\/talkpal.ai\/wp-content\/uploads\/2024\/08\/Chinese.jpg\" alt=\"Chinese Flag\u00a0\">\r\n                    <div>\r\n                        <h4>Om kinesisk inl\u00e4rning<\/h4>\r\n                        <p>Ta reda p\u00e5 allt om kinesisk grammatik.<\/p>\r\n                    <\/div>\r\n                <\/div>\r\n            <\/div>\r\n        <\/a>\r\n\r\n        \r\n        <a href=\"https:\/\/talkpal.ai\/sv\/kinesiska-grammatikovningar\/\">\r\n            <div class=\"learnNavigationWrapper\">\r\n                <div class=\"learnNavigationContent\">\r\n                    <img decoding=\"async\" src=\"https:\/\/talkpal.ai\/wp-content\/uploads\/2024\/08\/Chinese.jpg\" alt=\"Chinese Flag\u00a0\">\r\n                    <div>\r\n                        <h4>\u00d6vning i kinesisk grammatik<\/h4>\r\n                        <p>\u00d6va kinesisk grammatik.<\/p>\r\n                    <\/div>\r\n                <\/div>\r\n            <\/div>\r\n        <\/a>\r\n\r\n        \r\n        <a href=\"https:\/\/talkpal.ai\/vocabulary_language\/chinese\/\">\r\n            <div class=\"learnNavigationWrapper\">\r\n                <div class=\"learnNavigationContent\">\r\n                    <img decoding=\"async\" src=\"https:\/\/talkpal.ai\/wp-content\/uploads\/2024\/08\/Chinese.jpg\" alt=\"Chinese Flag\u00a0\">\r\n                    <div>\r\n                        <h4>Kinesisk vokabul\u00e4r<\/h4>\r\n                        <p>Ut\u00f6ka ditt kinesiska ordf\u00f6rr\u00e5d.<\/p>\r\n                    <\/div>\r\n                <\/div>\r\n            <\/div>\r\n        <\/a>\r\n\r\n            <\/section>","protected":false},"excerpt":{"rendered":"<p>Kinesisk grammatik: Nyckeln till att beh\u00e4rska mandarin \u00c4r du en ambiti\u00f6s spr\u00e5kelev som har siktet inst\u00e4llt p\u00e5 att beh\u00e4rska mandarin? I s\u00e5 fall \u00e4r det bara att gratulera! Att ta sig an kinesiska \u00e4r ett fantastiskt s\u00e4tt att bredda ditt globala t\u00e4nkes\u00e4tt, f\u00e5 kontakt med ett brett utbud av talare och utmana dig sj\u00e4lv intellektuellt. [&hellip;]<\/p>\n","protected":false},"author":1,"featured_media":11562,"parent":0,"menu_order":0,"comment_status":"closed","ping_status":"closed","template":"LearningContentPage.php","meta":{"_acf_changed":false,"footnotes":""},"class_list":["post-128352","page","type-page","status-publish","has-post-thumbnail","hentry"],"acf":[],"yoast_head":"<!-- This site is optimized with the Yoast SEO Premium plugin v27.2 (Yoast SEO v27.2) - https:\/\/yoast.com\/product\/yoast-seo-premium-wordpress\/ -->\n<title>Kinesisk grammatik - Talkpal<\/title>\n<meta name=\"description\" content=\"Avsl\u00f6ja den kinesiska grammatikens hemligheter f\u00f6r en b\u00e4ttre f\u00f6rst\u00e5else av det kinesiska spr\u00e5ket och den kinesiska kulturen.\" \/>\n<meta name=\"robots\" content=\"index, follow, max-snippet:-1, max-image-preview:large, max-video-preview:-1\" \/>\n<link rel=\"canonical\" href=\"https:\/\/talkpal.ai\/sv\/kinesisk-grammatik\/\" \/>\n<meta property=\"og:locale\" content=\"sv_SE\" \/>\n<meta property=\"og:type\" content=\"article\" \/>\n<meta property=\"og:title\" content=\"Kinesisk grammatik\" \/>\n<meta property=\"og:description\" content=\"Kinesisk grammatik: Nyckeln till att beh\u00e4rska mandarin \u00c4r du en ambiti\u00f6s spr\u00e5kelev som har siktet inst\u00e4llt p\u00e5 att beh\u00e4rska mandarin? I s\u00e5 fall \u00e4r det bara\" \/>\n<meta property=\"og:url\" content=\"https:\/\/talkpal.ai\/sv\/kinesisk-grammatik\/\" \/>\n<meta property=\"og:site_name\" content=\"Talkpal\" \/>\n<meta property=\"article:publisher\" content=\"https:\/\/www.facebook.com\/profile.php?id=100090733639311\" \/>\n<meta property=\"article:modified_time\" content=\"2025-06-17T16:38:22+00:00\" \/>\n<meta property=\"og:image\" content=\"https:\/\/talkpal.ai\/wp-content\/uploads\/2023\/04\/china.png\" \/>\n\t<meta property=\"og:image:width\" content=\"512\" \/>\n\t<meta property=\"og:image:height\" content=\"512\" \/>\n\t<meta property=\"og:image:type\" content=\"image\/png\" \/>\n<meta name=\"twitter:card\" content=\"summary_large_image\" \/>\n<meta name=\"twitter:site\" content=\"@talkpalai\" \/>\n<meta name=\"twitter:label1\" content=\"Ber\u00e4knad l\u00e4stid\" \/>\n\t<meta name=\"twitter:data1\" content=\"3 minuter\" \/>\n<script type=\"application\/ld+json\" class=\"yoast-schema-graph\">{\"@context\":\"https:\/\/schema.org\",\"@graph\":[{\"@type\":\"WebPage\",\"@id\":\"https:\/\/talkpal.ai\/sv\/kinesisk-grammatik\/\",\"url\":\"https:\/\/talkpal.ai\/sv\/kinesisk-grammatik\/\",\"name\":\"Kinesisk grammatik - Talkpal\",\"isPartOf\":{\"@id\":\"https:\/\/talkpal.ai\/sv\/#website\"},\"primaryImageOfPage\":{\"@id\":\"https:\/\/talkpal.ai\/sv\/kinesisk-grammatik\/#primaryimage\"},\"image\":{\"@id\":\"https:\/\/talkpal.ai\/sv\/kinesisk-grammatik\/#primaryimage\"},\"thumbnailUrl\":\"https:\/\/talkpal.ai\/wp-content\/uploads\/2023\/04\/china.png\",\"datePublished\":\"2023-05-14T13:48:36+00:00\",\"dateModified\":\"2025-06-17T16:38:22+00:00\",\"description\":\"Avsl\u00f6ja den kinesiska grammatikens hemligheter f\u00f6r en b\u00e4ttre f\u00f6rst\u00e5else av det kinesiska spr\u00e5ket och den kinesiska kulturen.\",\"breadcrumb\":{\"@id\":\"https:\/\/talkpal.ai\/sv\/kinesisk-grammatik\/#breadcrumb\"},\"inLanguage\":\"sv-SE\",\"potentialAction\":[{\"@type\":\"ReadAction\",\"target\":[\"https:\/\/talkpal.ai\/sv\/kinesisk-grammatik\/\"]}]},{\"@type\":\"ImageObject\",\"inLanguage\":\"sv-SE\",\"@id\":\"https:\/\/talkpal.ai\/sv\/kinesisk-grammatik\/#primaryimage\",\"url\":\"https:\/\/talkpal.ai\/wp-content\/uploads\/2023\/04\/china.png\",\"contentUrl\":\"https:\/\/talkpal.ai\/wp-content\/uploads\/2023\/04\/china.png\",\"width\":512,\"height\":512},{\"@type\":\"BreadcrumbList\",\"@id\":\"https:\/\/talkpal.ai\/sv\/kinesisk-grammatik\/#breadcrumb\",\"itemListElement\":[{\"@type\":\"ListItem\",\"position\":1,\"name\":\"Homepage\",\"item\":\"https:\/\/talkpal.ai\/sv\/\"},{\"@type\":\"ListItem\",\"position\":2,\"name\":\"Kinesisk grammatik\"}]},{\"@type\":\"WebSite\",\"@id\":\"https:\/\/talkpal.ai\/sv\/#website\",\"url\":\"https:\/\/talkpal.ai\/sv\/\",\"name\":\"Talkpal\",\"description\":\"AI Language Learning\",\"publisher\":{\"@id\":\"https:\/\/talkpal.ai\/sv\/#organization\"},\"alternateName\":\"Talkpal AI\",\"potentialAction\":[{\"@type\":\"SearchAction\",\"target\":{\"@type\":\"EntryPoint\",\"urlTemplate\":\"https:\/\/talkpal.ai\/sv\/?s={search_term_string}\"},\"query-input\":{\"@type\":\"PropertyValueSpecification\",\"valueRequired\":true,\"valueName\":\"search_term_string\"}}],\"inLanguage\":\"sv-SE\"},{\"@type\":\"Organization\",\"@id\":\"https:\/\/talkpal.ai\/sv\/#organization\",\"name\":\"Talkpal, Inc.\",\"alternateName\":\"Talkpal AI\",\"url\":\"https:\/\/talkpal.ai\/sv\/\",\"logo\":{\"@type\":\"ImageObject\",\"inLanguage\":\"sv-SE\",\"@id\":\"https:\/\/talkpal.ai\/sv\/#\/schema\/logo\/image\/\",\"url\":\"https:\/\/talkpal.ai\/wp-content\/uploads\/2024\/03\/Talkpal-Logo-Icon.png\",\"contentUrl\":\"https:\/\/talkpal.ai\/wp-content\/uploads\/2024\/03\/Talkpal-Logo-Icon.png\",\"width\":2880,\"height\":2880,\"caption\":\"Talkpal, Inc.\"},\"image\":{\"@id\":\"https:\/\/talkpal.ai\/sv\/#\/schema\/logo\/image\/\"},\"sameAs\":[\"https:\/\/www.facebook.com\/profile.php?id=100090733639311\",\"https:\/\/x.com\/talkpalai\",\"https:\/\/www.linkedin.com\/company\/talkpal\/\",\"https:\/\/www.youtube.com\/@TalkPal\/\",\"https:\/\/www.tiktok.com\/@talkpal\",\"https:\/\/www.instagram.com\/talkpal_ai\/\",\"https:\/\/www.crunchbase.com\/organization\/talkpal-9cde\",\"https:\/\/www.g2.com\/products\/talkpal-for-business\/\",\"https:\/\/www.trustpilot.com\/review\/talkpal.ai\",\"https:\/\/www.capterra.com\/p\/10006800\/TalkPal\/\"],\"description\":\"Talkpal is a language learning web and mobile education app, powered by the latest AI technologies, that provides engaging experiences to its customers in many different languages to help them improve their language skills. Users can chat about unlimited amount of topics with the app and use other modes to practice their language learning.\",\"email\":\"support@talkpal.ai\",\"legalName\":\"Talkpal, Inc.\",\"foundingDate\":\"2023-04-03\",\"duns\":\"118989042\",\"numberOfEmployees\":{\"@type\":\"QuantitativeValue\",\"minValue\":\"11\",\"maxValue\":\"50\"},\"publishingPrinciples\":\"https:\/\/talkpal.ai\/publishing-principles\/\",\"actionableFeedbackPolicy\":\"https:\/\/talkpal.ai\/actionable-feedback-policy\/\",\"correctionsPolicy\":\"https:\/\/talkpal.ai\/corrections-policy\/\",\"ethicsPolicy\":\"https:\/\/talkpal.ai\/ethics-policy\/\",\"diversityPolicy\":\"https:\/\/talkpal.ai\/diversity-policy\/\",\"diversityStaffingReport\":\"https:\/\/talkpal.ai\/diversity-policy\/\"}]}<\/script>\n<!-- \/ Yoast SEO Premium plugin. -->","yoast_head_json":{"title":"Kinesisk grammatik - Talkpal","description":"Avsl\u00f6ja den kinesiska grammatikens hemligheter f\u00f6r en b\u00e4ttre f\u00f6rst\u00e5else av det kinesiska spr\u00e5ket och den kinesiska kulturen.","robots":{"index":"index","follow":"follow","max-snippet":"max-snippet:-1","max-image-preview":"max-image-preview:large","max-video-preview":"max-video-preview:-1"},"canonical":"https:\/\/talkpal.ai\/sv\/kinesisk-grammatik\/","og_locale":"sv_SE","og_type":"article","og_title":"Kinesisk grammatik","og_description":"Kinesisk grammatik: Nyckeln till att beh\u00e4rska mandarin \u00c4r du en ambiti\u00f6s spr\u00e5kelev som har siktet inst\u00e4llt p\u00e5 att beh\u00e4rska mandarin? I s\u00e5 fall \u00e4r det bara","og_url":"https:\/\/talkpal.ai\/sv\/kinesisk-grammatik\/","og_site_name":"Talkpal","article_publisher":"https:\/\/www.facebook.com\/profile.php?id=100090733639311","article_modified_time":"2025-06-17T16:38:22+00:00","og_image":[{"width":512,"height":512,"url":"https:\/\/talkpal.ai\/wp-content\/uploads\/2023\/04\/china.png","type":"image\/png"}],"twitter_card":"summary_large_image","twitter_site":"@talkpalai","twitter_misc":{"Ber\u00e4knad l\u00e4stid":"3 minuter"},"schema":{"@context":"https:\/\/schema.org","@graph":[{"@type":"WebPage","@id":"https:\/\/talkpal.ai\/sv\/kinesisk-grammatik\/","url":"https:\/\/talkpal.ai\/sv\/kinesisk-grammatik\/","name":"Kinesisk grammatik - Talkpal","isPartOf":{"@id":"https:\/\/talkpal.ai\/sv\/#website"},"primaryImageOfPage":{"@id":"https:\/\/talkpal.ai\/sv\/kinesisk-grammatik\/#primaryimage"},"image":{"@id":"https:\/\/talkpal.ai\/sv\/kinesisk-grammatik\/#primaryimage"},"thumbnailUrl":"https:\/\/talkpal.ai\/wp-content\/uploads\/2023\/04\/china.png","datePublished":"2023-05-14T13:48:36+00:00","dateModified":"2025-06-17T16:38:22+00:00","description":"Avsl\u00f6ja den kinesiska grammatikens hemligheter f\u00f6r en b\u00e4ttre f\u00f6rst\u00e5else av det kinesiska spr\u00e5ket och den kinesiska kulturen.","breadcrumb":{"@id":"https:\/\/talkpal.ai\/sv\/kinesisk-grammatik\/#breadcrumb"},"inLanguage":"sv-SE","potentialAction":[{"@type":"ReadAction","target":["https:\/\/talkpal.ai\/sv\/kinesisk-grammatik\/"]}]},{"@type":"ImageObject","inLanguage":"sv-SE","@id":"https:\/\/talkpal.ai\/sv\/kinesisk-grammatik\/#primaryimage","url":"https:\/\/talkpal.ai\/wp-content\/uploads\/2023\/04\/china.png","contentUrl":"https:\/\/talkpal.ai\/wp-content\/uploads\/2023\/04\/china.png","width":512,"height":512},{"@type":"BreadcrumbList","@id":"https:\/\/talkpal.ai\/sv\/kinesisk-grammatik\/#breadcrumb","itemListElement":[{"@type":"ListItem","position":1,"name":"Homepage","item":"https:\/\/talkpal.ai\/sv\/"},{"@type":"ListItem","position":2,"name":"Kinesisk grammatik"}]},{"@type":"WebSite","@id":"https:\/\/talkpal.ai\/sv\/#website","url":"https:\/\/talkpal.ai\/sv\/","name":"Talkpal","description":"AI Language Learning","publisher":{"@id":"https:\/\/talkpal.ai\/sv\/#organization"},"alternateName":"Talkpal AI","potentialAction":[{"@type":"SearchAction","target":{"@type":"EntryPoint","urlTemplate":"https:\/\/talkpal.ai\/sv\/?s={search_term_string}"},"query-input":{"@type":"PropertyValueSpecification","valueRequired":true,"valueName":"search_term_string"}}],"inLanguage":"sv-SE"},{"@type":"Organization","@id":"https:\/\/talkpal.ai\/sv\/#organization","name":"Talkpal, Inc.","alternateName":"Talkpal AI","url":"https:\/\/talkpal.ai\/sv\/","logo":{"@type":"ImageObject","inLanguage":"sv-SE","@id":"https:\/\/talkpal.ai\/sv\/#\/schema\/logo\/image\/","url":"https:\/\/talkpal.ai\/wp-content\/uploads\/2024\/03\/Talkpal-Logo-Icon.png","contentUrl":"https:\/\/talkpal.ai\/wp-content\/uploads\/2024\/03\/Talkpal-Logo-Icon.png","width":2880,"height":2880,"caption":"Talkpal, Inc."},"image":{"@id":"https:\/\/talkpal.ai\/sv\/#\/schema\/logo\/image\/"},"sameAs":["https:\/\/www.facebook.com\/profile.php?id=100090733639311","https:\/\/x.com\/talkpalai","https:\/\/www.linkedin.com\/company\/talkpal\/","https:\/\/www.youtube.com\/@TalkPal\/","https:\/\/www.tiktok.com\/@talkpal","https:\/\/www.instagram.com\/talkpal_ai\/","https:\/\/www.crunchbase.com\/organization\/talkpal-9cde","https:\/\/www.g2.com\/products\/talkpal-for-business\/","https:\/\/www.trustpilot.com\/review\/talkpal.ai","https:\/\/www.capterra.com\/p\/10006800\/TalkPal\/"],"description":"Talkpal is a language learning web and mobile education app, powered by the latest AI technologies, that provides engaging experiences to its customers in many different languages to help them improve their language skills. Users can chat about unlimited amount of topics with the app and use other modes to practice their language learning.","email":"support@talkpal.ai","legalName":"Talkpal, Inc.","foundingDate":"2023-04-03","duns":"118989042","numberOfEmployees":{"@type":"QuantitativeValue","minValue":"11","maxValue":"50"},"publishingPrinciples":"https:\/\/talkpal.ai\/publishing-principles\/","actionableFeedbackPolicy":"https:\/\/talkpal.ai\/actionable-feedback-policy\/","correctionsPolicy":"https:\/\/talkpal.ai\/corrections-policy\/","ethicsPolicy":"https:\/\/talkpal.ai\/ethics-policy\/","diversityPolicy":"https:\/\/talkpal.ai\/diversity-policy\/","diversityStaffingReport":"https:\/\/talkpal.ai\/diversity-policy\/"}]}},"_links":{"self":[{"href":"https:\/\/talkpal.ai\/sv\/wp-json\/wp\/v2\/pages\/128352","targetHints":{"allow":["GET"]}}],"collection":[{"href":"https:\/\/talkpal.ai\/sv\/wp-json\/wp\/v2\/pages"}],"about":[{"href":"https:\/\/talkpal.ai\/sv\/wp-json\/wp\/v2\/types\/page"}],"author":[{"embeddable":true,"href":"https:\/\/talkpal.ai\/sv\/wp-json\/wp\/v2\/users\/1"}],"replies":[{"embeddable":true,"href":"https:\/\/talkpal.ai\/sv\/wp-json\/wp\/v2\/comments?post=128352"}],"version-history":[{"count":0,"href":"https:\/\/talkpal.ai\/sv\/wp-json\/wp\/v2\/pages\/128352\/revisions"}],"wp:featuredmedia":[{"embeddable":true,"href":"https:\/\/talkpal.ai\/sv\/wp-json\/wp\/v2\/media\/11562"}],"wp:attachment":[{"href":"https:\/\/talkpal.ai\/sv\/wp-json\/wp\/v2\/media?parent=128352"}],"curies":[{"name":"wp","href":"https:\/\/api.w.org\/{rel}","templated":true}]}}