{"id":127913,"date":"2023-05-14T13:43:38","date_gmt":"2023-05-14T13:43:38","guid":{"rendered":"http:\/\/talkpal.ai\/arabisk-grammatik\/"},"modified":"2025-05-21T11:47:33","modified_gmt":"2025-05-21T11:47:33","slug":"arabisk-grammatik","status":"publish","type":"page","link":"https:\/\/talkpal.ai\/sv\/arabisk-grammatik\/","title":{"rendered":"Arabisk grammatik"},"content":{"rendered":"\r\n\r\n\r\n<section class=\"languageChallengeSection\">\r\n    <div class=\"languageInfoWrapper\">\r\n        \r\n        <h1>Arabisk grammatik<\/h1>\r\n        <p>F\u00f6rb\u00e4ttra dina kunskaper i arabiska genom att utforska viktiga grammatiska begrepp och tydliga steg-f\u00f6r-steg-f\u00f6rklaringar. B\u00f6rja bem\u00e4stra <a href=\"https:\/\/talkpal.ai\/no\/laer-arabisk\/\">arabisk grammatik<\/a> nu och kommunicera med st\u00f6rre flyt och sj\u00e4lvf\u00f6rtroende!<\/p>\r\n\r\n                            <a class=\"getStartedHidden\" href=\"https:\/\/app.talkpal.ai\/sv\/signup?lng=\">Kom ig\u00e5ng<\/a>\r\n        \r\n    <\/div>\r\n\r\n    <figure>\r\n    <img decoding=\"async\" width=\"768\" height=\"768\" src=\"https:\/\/talkpal.ai\/wp-content\/uploads\/2023\/06\/arabic-768x768.png\" class=\"languageImage no-lazy\" alt=\"Default alt text\" fetchpriority=\"high\" sizes=\"(max-width: 768px) 150px, 768px\" srcset=\"https:\/\/talkpal.ai\/wp-content\/uploads\/2023\/06\/arabic-768x768.png 768w, https:\/\/talkpal.ai\/wp-content\/uploads\/2023\/06\/arabic-300x300.png 300w\" \/>\r\n    \r\n\r\n    <\/figure>\r\n\r\n            <a class=\"getStartedVisible\" href=\"https:\/\/app.talkpal.ai\/sv\/signup?lng=\">Kom ig\u00e5ng<\/a>\r\n    \r\n<\/section>\r\n        <section class=\"grammarSection\">\r\n            <div class=\"grammarLinks\">\r\n                <a href=\"https:\/\/talkpal.ai\/sv\/language\/adjektiv-arabisk-grammatik\/\">Adjektiv <\/a><a href=\"https:\/\/talkpal.ai\/sv\/language\/adverb-arabisk-grammatik\/\">Adverb <\/a><a href=\"https:\/\/talkpal.ai\/sv\/language\/artiklar-arabisk-grammatik\/\">Artiklar <\/a><a href=\"https:\/\/talkpal.ai\/sv\/language\/bestamda-och-obestamda-artiklar-arabisk-grammatik\/\">Best\u00e4mda och obest\u00e4mda artiklar <\/a><a href=\"https:\/\/talkpal.ai\/sv\/language\/idaafa-genitivkonstruktion-arabisk-grammatik\/\">idaafa (genitivkonstruktion) <\/a><a href=\"https:\/\/talkpal.ai\/sv\/language\/jamforelse-av-tempus-arabisk-grammatik\/\">J\u00e4mf\u00f6relse av tempus <\/a><a href=\"https:\/\/talkpal.ai\/sv\/language\/meningsbyggnad-arabisk-grammatik\/\">Meningsbyggnad <\/a><a href=\"https:\/\/talkpal.ai\/sv\/language\/nominella-och-verbala-meningar-arabisk-grammatik\/\">Nominella och verbala meningar <\/a><a href=\"https:\/\/talkpal.ai\/sv\/language\/prepositioner-arabisk-grammatik\/\">Prepositioner <\/a><a href=\"https:\/\/talkpal.ai\/sv\/language\/pronomen-arabisk-grammatik\/\">Pronomen <\/a><a href=\"https:\/\/talkpal.ai\/sv\/language\/subjekt-och-predikat-arabisk-grammatik\/\">Subjekt och predikat <\/a><a href=\"https:\/\/talkpal.ai\/sv\/language\/substantiv-arabisk-grammatik\/\">Substantiv <\/a><a href=\"https:\/\/talkpal.ai\/sv\/language\/tempus-indikativ-arabisk-grammatik\/\">Tempus indikativ <\/a><a href=\"https:\/\/talkpal.ai\/sv\/language\/tempus-konjunktiv-arabisk-grammatik\/\">Tempus konjunktiv <\/a><a href=\"https:\/\/talkpal.ai\/sv\/language\/verb-arabisk-grammatik\/\">Verb <\/a>            <\/div>\r\n        <\/section>\r\n    <section class=\"promotionalBanner\">\r\n    <p class=\"promotionalText\">Det mest effektiva s\u00e4ttet att l\u00e4ra sig ett spr\u00e5k<\/p>\r\n    <a class=\"promotionalLink\" href=\"https:\/\/app.talkpal.ai\/sv\/signup?lng=\">Prova Talkpal gratis<\/a>\r\n<\/section>\n<div class=\"wp-block-group pageContainerStyle\"><div class=\"wp-block-group__inner-container is-layout-constrained wp-block-group-is-layout-constrained\">\n<h2 class=\"wp-block-heading\" id=\"h-the-intricacies-of-arabic-grammar-a-journey-through-its-roots-and-beauty\">Den arabiska grammatikens kr\u00e5ngligheter: En resa genom dess r\u00f6tter och sk\u00f6nhet<\/h2>\n\n\n\n<p><strong>Kommer du ih\u00e5g n\u00e4r du f\u00f6rst b\u00f6rjade l\u00e4ra dig engelsk grammatik?<\/strong>  De till synes o\u00e4ndliga reglerna, undantagen och terminologierna kan ibland ha f\u00e5tt dig att k\u00e4nna dig \u00f6verv\u00e4ldigad. Om du funderar p\u00e5 att l\u00e4ra dig det arabiska spr\u00e5ket kan du vara s\u00e4ker p\u00e5 att det ocks\u00e5 har ett unikt och invecklat grammatiksystem. S\u00e5 l\u00e5t <a href=\"https:\/\/talkpal.ai\/locations\/language-courses-in-oss\/\">oss<\/a> ta en kort men upplysande resa genom den arabiska grammatikens r\u00f6tter och sk\u00f6nhet.<\/p>\n\n\n\n<p>L\u00e5t oss b\u00f6rja med att fastst\u00e4lla n\u00e5gra <strong>viktiga skillnader mellan arabisk och engelsk grammatik<\/strong>. P\u00e5 arabiska delas orden in i tre kategorier: substantiv, verb och partiklar. Till skillnad fr\u00e5n <a href=\"https:\/\/talkpal.ai\/learn-english-with-ai\/\">engelska<\/a> f\u00f6ljer arabiska ord ett rotsystem, vilket inneb\u00e4r att du kan sp\u00e5ra ett ords k\u00e4rnbetydelse genom att identifiera dess rot. Detta rotsystem ger arabiskan en exceptionell niv\u00e5 av djup och rikedom. En otrolig sak med arabisk <a href=\"https:\/\/talkpal.ai\/fr\/les\/\">grammatik<\/a> \u00e4r dess beroende av m\u00f6nster, vilket ofta g\u00f6r det m\u00f6jligt f\u00f6r talare att skapa nya ord genom att f\u00f6lja vissa strukturer.<\/p>\n\n\n\n<p>En annan viktig aspekt av <strong>arabisk grammatik \u00e4r att det \u00e4r ett k\u00f6nsbundet spr\u00e5k<\/strong>, vilket inneb\u00e4r att substantiv och adjektiv har k\u00f6nsspecifika former. Visste du att arabiskan till och med har en dubbel form ut\u00f6ver singular- och pluralformerna? Det \u00e4r sant! Den arabiska dualformen anv\u00e4nds f\u00f6r att indikera par, s\u00e5som \u00f6gon, h\u00e4nder eller f\u00f6r\u00e4ldrar. Det l\u00e4gger till ett extra lager av specificitet som det engelska spr\u00e5ket saknar.<\/p>\n\n\n\n<p>L\u00e5t oss nu diskutera <strong>verbb\u00f6jning p\u00e5 arabiska<\/strong>, vilket \u00e4r en helt <a href=\"https:\/\/talkpal.ai\/talkpal-new-years-discount\/\">ny<\/a> v\u00e4rld i sig. Arabiska verb bygger p\u00e5 ett system av r\u00f6tter, som vanligtvis best\u00e5r av tre k\u00e4rnkonsonanter. Roten best\u00e4mmer verbets grundl\u00e4ggande betydelse, och genom att l\u00e4gga till vokalm\u00f6nster skapar du olika former av verbet som uttrycker olika betydelser och tempus. Om du till exempel \u00e4ndrar vokalerna i en rot kan du \u00e4ndra tempus fr\u00e5n d\u00e5tid till nutid, eller f\u00f6rvandla ett aktivt verb till ett passivt. Ganska fantastiskt, eller hur?<\/p>\n\n\n\n<p>En annan fascinerande aspekt av arabisk grammatik som vi beh\u00f6ver prata om \u00e4r <strong>best\u00e4mdhet<\/strong>. P\u00e5 engelska anv\u00e4nder vi ordet &#8221;the&#8221; f\u00f6r att ange att ett substantiv \u00e4r best\u00e4md form. P\u00e5 arabiska \u00e4r detta koncept inb\u00e4ddat i spr\u00e5ket genom en liten partikel som kallas &#8221;Al-&#8221; och som l\u00e4ggs till i b\u00f6rjan av ett ord. N\u00e4r ett substantiv f\u00f6reg\u00e5s av &#8221;Al-&#8221; blir det best\u00e4mt utan n\u00e5gra ytterligare kvalifikatorer. S\u00e5 ist\u00e4llet f\u00f6r att s\u00e4ga &#8221;huset \u00e4r stort&#8221; p\u00e5 arabiska skulle man s\u00e4ga &#8221;Al-baytu kabir&#8221;, d\u00e4r &#8221;Al-baytu&#8221; betyder &#8221;huset&#8221;.<\/p>\n\n\n\n<p><strong>Konversationsarabiska<\/strong> \u00e4r mer dynamisk och flytande \u00e4n formell arabiska, vilket \u00e4r fallet med alla spr\u00e5k. Att beh\u00e4rska de grundl\u00e4ggande principerna i arabisk grammatik \u00e4r dock fortfarande viktigt f\u00f6r att verkligen f\u00f6rst\u00e5 och uppskatta spr\u00e5ket. N\u00e4r du v\u00e4l har f\u00e5tt kl\u00e4m p\u00e5 rotm\u00f6nstren, k\u00f6nsformerna och verbb\u00f6jningarna blir det mycket l\u00e4ttare att k\u00e4nna igen och l\u00e4ra sig nya ord.<\/p>\n\n\n\n<p>Att <strong>l\u00e4ra sig arabisk grammatik<\/strong> kan verka skr\u00e4mmande till en b\u00f6rjan, men med uth\u00e5llighet och engagemang kommer du att kunna uppskatta sk\u00f6nheten i detta invecklade spr\u00e5k. Precis som att l\u00f6sa ett komplext pussel eller dechiffrera en krypterad kod, ligger bel\u00f6ningen i tillfredsst\u00e4llelsen av att l\u00e5sa upp det arabiska spr\u00e5kets mysterier och f\u00f6rdjupa dig i dess rika kultur, historia och litteratur. S\u00e5 vad v\u00e4ntar du p\u00e5? Dyk in i den arabiska grammatikens f\u00f6rtrollande v\u00e4rld och uppt\u00e4ck dess sanna v\u00e4sen sj\u00e4lv.<\/p>\n<\/div><\/div>\n\r\n<section class=\"learnNavigationSection\">\r\n            \r\n        <a href=\"https:\/\/talkpal.ai\/sv\/lar-dig-arabiska\/\">\r\n            <div class=\"learnNavigationWrapper\">\r\n                <div class=\"learnNavigationContent\">\r\n                    <img decoding=\"async\" src=\"https:\/\/talkpal.ai\/wp-content\/uploads\/2024\/08\/Arabic.jpg\" alt=\"Arabic Flag\">\r\n                    <div>\r\n                        <h4>Om att l\u00e4ra sig arabiska<\/h4>\r\n                        <p>Ta reda p\u00e5 allt om arabisk grammatik.<\/p>\r\n                    <\/div>\r\n                <\/div>\r\n            <\/div>\r\n        <\/a>\r\n\r\n        \r\n        <a href=\"https:\/\/talkpal.ai\/sv\/ovningar-i-arabisk-grammatik\/\">\r\n            <div class=\"learnNavigationWrapper\">\r\n                <div class=\"learnNavigationContent\">\r\n                    <img decoding=\"async\" src=\"https:\/\/talkpal.ai\/wp-content\/uploads\/2024\/08\/Arabic.jpg\" alt=\"Arabic Flag\">\r\n                    <div>\r\n                        <h4>\u00d6vning i arabisk grammatik<\/h4>\r\n                        <p>\u00d6va arabisk grammatik.<\/p>\r\n                    <\/div>\r\n                <\/div>\r\n            <\/div>\r\n        <\/a>\r\n\r\n        \r\n        <a href=\"https:\/\/talkpal.ai\/vocabulary_language\/arabic\/\">\r\n            <div class=\"learnNavigationWrapper\">\r\n                <div class=\"learnNavigationContent\">\r\n                    <img decoding=\"async\" src=\"https:\/\/talkpal.ai\/wp-content\/uploads\/2024\/08\/Arabic.jpg\" alt=\"Arabic Flag\">\r\n                    <div>\r\n                        <h4>Arabisk vokabul\u00e4r<\/h4>\r\n                        <p>Ut\u00f6ka ditt arabiska ordf\u00f6rr\u00e5d.<\/p>\r\n                    <\/div>\r\n                <\/div>\r\n            <\/div>\r\n        <\/a>\r\n\r\n            <\/section>","protected":false},"excerpt":{"rendered":"<p>Den arabiska grammatikens kr\u00e5ngligheter: En resa genom dess r\u00f6tter och sk\u00f6nhet Kommer du ih\u00e5g n\u00e4r du f\u00f6rst b\u00f6rjade l\u00e4ra dig engelsk grammatik? De till synes o\u00e4ndliga reglerna, undantagen och terminologierna kan ibland ha f\u00e5tt dig att k\u00e4nna dig \u00f6verv\u00e4ldigad. Om du funderar p\u00e5 att l\u00e4ra dig det arabiska spr\u00e5ket kan du vara s\u00e4ker p\u00e5 att [&hellip;]<\/p>\n","protected":false},"author":1,"featured_media":11555,"parent":0,"menu_order":0,"comment_status":"closed","ping_status":"closed","template":"LearningContentPage.php","meta":{"_acf_changed":false,"footnotes":""},"class_list":["post-127913","page","type-page","status-publish","has-post-thumbnail","hentry"],"acf":[],"yoast_head":"<!-- This site is optimized with the Yoast SEO Premium plugin v27.2 (Yoast SEO v27.2) - https:\/\/yoast.com\/product\/yoast-seo-premium-wordpress\/ -->\n<title>Arabisk grammatik - Talkpal<\/title>\n<meta name=\"description\" content=\"Utforska den arabiska grammatikens finesser och uppt\u00e4ck dess unika struktur j\u00e4mf\u00f6rt med engelsk grammatik.\" \/>\n<meta name=\"robots\" content=\"index, follow, max-snippet:-1, max-image-preview:large, max-video-preview:-1\" \/>\n<link rel=\"canonical\" href=\"https:\/\/talkpal.ai\/sv\/arabisk-grammatik\/\" \/>\n<meta property=\"og:locale\" content=\"sv_SE\" \/>\n<meta property=\"og:type\" content=\"article\" \/>\n<meta property=\"og:title\" content=\"Arabisk grammatik\" \/>\n<meta property=\"og:description\" content=\"Den arabiska grammatikens kr\u00e5ngligheter: En resa genom dess r\u00f6tter och sk\u00f6nhet Kommer du ih\u00e5g n\u00e4r du f\u00f6rst b\u00f6rjade l\u00e4ra dig engelsk grammatik? De till\" \/>\n<meta property=\"og:url\" content=\"https:\/\/talkpal.ai\/sv\/arabisk-grammatik\/\" \/>\n<meta property=\"og:site_name\" content=\"Talkpal\" \/>\n<meta property=\"article:publisher\" content=\"https:\/\/www.facebook.com\/profile.php?id=100090733639311\" \/>\n<meta property=\"article:modified_time\" content=\"2025-05-21T11:47:33+00:00\" \/>\n<meta property=\"og:image\" content=\"https:\/\/talkpal.ai\/wp-content\/uploads\/2023\/04\/arabic-united-arab-emirates.png\" \/>\n\t<meta property=\"og:image:width\" content=\"512\" \/>\n\t<meta property=\"og:image:height\" content=\"512\" \/>\n\t<meta property=\"og:image:type\" content=\"image\/png\" \/>\n<meta name=\"twitter:card\" content=\"summary_large_image\" \/>\n<meta name=\"twitter:site\" content=\"@talkpalai\" \/>\n<meta name=\"twitter:label1\" content=\"Ber\u00e4knad l\u00e4stid\" \/>\n\t<meta name=\"twitter:data1\" content=\"3 minuter\" \/>\n<script type=\"application\/ld+json\" class=\"yoast-schema-graph\">{\"@context\":\"https:\/\/schema.org\",\"@graph\":[{\"@type\":\"WebPage\",\"@id\":\"https:\/\/talkpal.ai\/sv\/arabisk-grammatik\/\",\"url\":\"https:\/\/talkpal.ai\/sv\/arabisk-grammatik\/\",\"name\":\"Arabisk grammatik - Talkpal\",\"isPartOf\":{\"@id\":\"https:\/\/talkpal.ai\/sv\/#website\"},\"primaryImageOfPage\":{\"@id\":\"https:\/\/talkpal.ai\/sv\/arabisk-grammatik\/#primaryimage\"},\"image\":{\"@id\":\"https:\/\/talkpal.ai\/sv\/arabisk-grammatik\/#primaryimage\"},\"thumbnailUrl\":\"https:\/\/talkpal.ai\/wp-content\/uploads\/2023\/04\/arabic-united-arab-emirates.png\",\"datePublished\":\"2023-05-14T13:43:38+00:00\",\"dateModified\":\"2025-05-21T11:47:33+00:00\",\"description\":\"Utforska den arabiska grammatikens finesser och uppt\u00e4ck dess unika struktur j\u00e4mf\u00f6rt med engelsk grammatik.\",\"breadcrumb\":{\"@id\":\"https:\/\/talkpal.ai\/sv\/arabisk-grammatik\/#breadcrumb\"},\"inLanguage\":\"sv-SE\",\"potentialAction\":[{\"@type\":\"ReadAction\",\"target\":[\"https:\/\/talkpal.ai\/sv\/arabisk-grammatik\/\"]}]},{\"@type\":\"ImageObject\",\"inLanguage\":\"sv-SE\",\"@id\":\"https:\/\/talkpal.ai\/sv\/arabisk-grammatik\/#primaryimage\",\"url\":\"https:\/\/talkpal.ai\/wp-content\/uploads\/2023\/04\/arabic-united-arab-emirates.png\",\"contentUrl\":\"https:\/\/talkpal.ai\/wp-content\/uploads\/2023\/04\/arabic-united-arab-emirates.png\",\"width\":512,\"height\":512},{\"@type\":\"BreadcrumbList\",\"@id\":\"https:\/\/talkpal.ai\/sv\/arabisk-grammatik\/#breadcrumb\",\"itemListElement\":[{\"@type\":\"ListItem\",\"position\":1,\"name\":\"Homepage\",\"item\":\"https:\/\/talkpal.ai\/sv\/\"},{\"@type\":\"ListItem\",\"position\":2,\"name\":\"Arabisk grammatik\"}]},{\"@type\":\"WebSite\",\"@id\":\"https:\/\/talkpal.ai\/sv\/#website\",\"url\":\"https:\/\/talkpal.ai\/sv\/\",\"name\":\"Talkpal\",\"description\":\"AI Language Learning\",\"publisher\":{\"@id\":\"https:\/\/talkpal.ai\/sv\/#organization\"},\"alternateName\":\"Talkpal AI\",\"potentialAction\":[{\"@type\":\"SearchAction\",\"target\":{\"@type\":\"EntryPoint\",\"urlTemplate\":\"https:\/\/talkpal.ai\/sv\/?s={search_term_string}\"},\"query-input\":{\"@type\":\"PropertyValueSpecification\",\"valueRequired\":true,\"valueName\":\"search_term_string\"}}],\"inLanguage\":\"sv-SE\"},{\"@type\":\"Organization\",\"@id\":\"https:\/\/talkpal.ai\/sv\/#organization\",\"name\":\"Talkpal, Inc.\",\"alternateName\":\"Talkpal AI\",\"url\":\"https:\/\/talkpal.ai\/sv\/\",\"logo\":{\"@type\":\"ImageObject\",\"inLanguage\":\"sv-SE\",\"@id\":\"https:\/\/talkpal.ai\/sv\/#\/schema\/logo\/image\/\",\"url\":\"https:\/\/talkpal.ai\/wp-content\/uploads\/2024\/03\/Talkpal-Logo-Icon.png\",\"contentUrl\":\"https:\/\/talkpal.ai\/wp-content\/uploads\/2024\/03\/Talkpal-Logo-Icon.png\",\"width\":2880,\"height\":2880,\"caption\":\"Talkpal, Inc.\"},\"image\":{\"@id\":\"https:\/\/talkpal.ai\/sv\/#\/schema\/logo\/image\/\"},\"sameAs\":[\"https:\/\/www.facebook.com\/profile.php?id=100090733639311\",\"https:\/\/x.com\/talkpalai\",\"https:\/\/www.linkedin.com\/company\/talkpal\/\",\"https:\/\/www.youtube.com\/@TalkPal\/\",\"https:\/\/www.tiktok.com\/@talkpal\",\"https:\/\/www.instagram.com\/talkpal_ai\/\",\"https:\/\/www.crunchbase.com\/organization\/talkpal-9cde\",\"https:\/\/www.g2.com\/products\/talkpal-for-business\/\",\"https:\/\/www.trustpilot.com\/review\/talkpal.ai\",\"https:\/\/www.capterra.com\/p\/10006800\/TalkPal\/\"],\"description\":\"Talkpal is a language learning web and mobile education app, powered by the latest AI technologies, that provides engaging experiences to its customers in many different languages to help them improve their language skills. Users can chat about unlimited amount of topics with the app and use other modes to practice their language learning.\",\"email\":\"support@talkpal.ai\",\"legalName\":\"Talkpal, Inc.\",\"foundingDate\":\"2023-04-03\",\"duns\":\"118989042\",\"numberOfEmployees\":{\"@type\":\"QuantitativeValue\",\"minValue\":\"11\",\"maxValue\":\"50\"},\"publishingPrinciples\":\"https:\/\/talkpal.ai\/publishing-principles\/\",\"actionableFeedbackPolicy\":\"https:\/\/talkpal.ai\/actionable-feedback-policy\/\",\"correctionsPolicy\":\"https:\/\/talkpal.ai\/corrections-policy\/\",\"ethicsPolicy\":\"https:\/\/talkpal.ai\/ethics-policy\/\",\"diversityPolicy\":\"https:\/\/talkpal.ai\/diversity-policy\/\",\"diversityStaffingReport\":\"https:\/\/talkpal.ai\/diversity-policy\/\"}]}<\/script>\n<!-- \/ Yoast SEO Premium plugin. -->","yoast_head_json":{"title":"Arabisk grammatik - Talkpal","description":"Utforska den arabiska grammatikens finesser och uppt\u00e4ck dess unika struktur j\u00e4mf\u00f6rt med engelsk grammatik.","robots":{"index":"index","follow":"follow","max-snippet":"max-snippet:-1","max-image-preview":"max-image-preview:large","max-video-preview":"max-video-preview:-1"},"canonical":"https:\/\/talkpal.ai\/sv\/arabisk-grammatik\/","og_locale":"sv_SE","og_type":"article","og_title":"Arabisk grammatik","og_description":"Den arabiska grammatikens kr\u00e5ngligheter: En resa genom dess r\u00f6tter och sk\u00f6nhet Kommer du ih\u00e5g n\u00e4r du f\u00f6rst b\u00f6rjade l\u00e4ra dig engelsk grammatik? De till","og_url":"https:\/\/talkpal.ai\/sv\/arabisk-grammatik\/","og_site_name":"Talkpal","article_publisher":"https:\/\/www.facebook.com\/profile.php?id=100090733639311","article_modified_time":"2025-05-21T11:47:33+00:00","og_image":[{"width":512,"height":512,"url":"https:\/\/talkpal.ai\/wp-content\/uploads\/2023\/04\/arabic-united-arab-emirates.png","type":"image\/png"}],"twitter_card":"summary_large_image","twitter_site":"@talkpalai","twitter_misc":{"Ber\u00e4knad l\u00e4stid":"3 minuter"},"schema":{"@context":"https:\/\/schema.org","@graph":[{"@type":"WebPage","@id":"https:\/\/talkpal.ai\/sv\/arabisk-grammatik\/","url":"https:\/\/talkpal.ai\/sv\/arabisk-grammatik\/","name":"Arabisk grammatik - Talkpal","isPartOf":{"@id":"https:\/\/talkpal.ai\/sv\/#website"},"primaryImageOfPage":{"@id":"https:\/\/talkpal.ai\/sv\/arabisk-grammatik\/#primaryimage"},"image":{"@id":"https:\/\/talkpal.ai\/sv\/arabisk-grammatik\/#primaryimage"},"thumbnailUrl":"https:\/\/talkpal.ai\/wp-content\/uploads\/2023\/04\/arabic-united-arab-emirates.png","datePublished":"2023-05-14T13:43:38+00:00","dateModified":"2025-05-21T11:47:33+00:00","description":"Utforska den arabiska grammatikens finesser och uppt\u00e4ck dess unika struktur j\u00e4mf\u00f6rt med engelsk grammatik.","breadcrumb":{"@id":"https:\/\/talkpal.ai\/sv\/arabisk-grammatik\/#breadcrumb"},"inLanguage":"sv-SE","potentialAction":[{"@type":"ReadAction","target":["https:\/\/talkpal.ai\/sv\/arabisk-grammatik\/"]}]},{"@type":"ImageObject","inLanguage":"sv-SE","@id":"https:\/\/talkpal.ai\/sv\/arabisk-grammatik\/#primaryimage","url":"https:\/\/talkpal.ai\/wp-content\/uploads\/2023\/04\/arabic-united-arab-emirates.png","contentUrl":"https:\/\/talkpal.ai\/wp-content\/uploads\/2023\/04\/arabic-united-arab-emirates.png","width":512,"height":512},{"@type":"BreadcrumbList","@id":"https:\/\/talkpal.ai\/sv\/arabisk-grammatik\/#breadcrumb","itemListElement":[{"@type":"ListItem","position":1,"name":"Homepage","item":"https:\/\/talkpal.ai\/sv\/"},{"@type":"ListItem","position":2,"name":"Arabisk grammatik"}]},{"@type":"WebSite","@id":"https:\/\/talkpal.ai\/sv\/#website","url":"https:\/\/talkpal.ai\/sv\/","name":"Talkpal","description":"AI Language Learning","publisher":{"@id":"https:\/\/talkpal.ai\/sv\/#organization"},"alternateName":"Talkpal AI","potentialAction":[{"@type":"SearchAction","target":{"@type":"EntryPoint","urlTemplate":"https:\/\/talkpal.ai\/sv\/?s={search_term_string}"},"query-input":{"@type":"PropertyValueSpecification","valueRequired":true,"valueName":"search_term_string"}}],"inLanguage":"sv-SE"},{"@type":"Organization","@id":"https:\/\/talkpal.ai\/sv\/#organization","name":"Talkpal, Inc.","alternateName":"Talkpal AI","url":"https:\/\/talkpal.ai\/sv\/","logo":{"@type":"ImageObject","inLanguage":"sv-SE","@id":"https:\/\/talkpal.ai\/sv\/#\/schema\/logo\/image\/","url":"https:\/\/talkpal.ai\/wp-content\/uploads\/2024\/03\/Talkpal-Logo-Icon.png","contentUrl":"https:\/\/talkpal.ai\/wp-content\/uploads\/2024\/03\/Talkpal-Logo-Icon.png","width":2880,"height":2880,"caption":"Talkpal, Inc."},"image":{"@id":"https:\/\/talkpal.ai\/sv\/#\/schema\/logo\/image\/"},"sameAs":["https:\/\/www.facebook.com\/profile.php?id=100090733639311","https:\/\/x.com\/talkpalai","https:\/\/www.linkedin.com\/company\/talkpal\/","https:\/\/www.youtube.com\/@TalkPal\/","https:\/\/www.tiktok.com\/@talkpal","https:\/\/www.instagram.com\/talkpal_ai\/","https:\/\/www.crunchbase.com\/organization\/talkpal-9cde","https:\/\/www.g2.com\/products\/talkpal-for-business\/","https:\/\/www.trustpilot.com\/review\/talkpal.ai","https:\/\/www.capterra.com\/p\/10006800\/TalkPal\/"],"description":"Talkpal is a language learning web and mobile education app, powered by the latest AI technologies, that provides engaging experiences to its customers in many different languages to help them improve their language skills. Users can chat about unlimited amount of topics with the app and use other modes to practice their language learning.","email":"support@talkpal.ai","legalName":"Talkpal, Inc.","foundingDate":"2023-04-03","duns":"118989042","numberOfEmployees":{"@type":"QuantitativeValue","minValue":"11","maxValue":"50"},"publishingPrinciples":"https:\/\/talkpal.ai\/publishing-principles\/","actionableFeedbackPolicy":"https:\/\/talkpal.ai\/actionable-feedback-policy\/","correctionsPolicy":"https:\/\/talkpal.ai\/corrections-policy\/","ethicsPolicy":"https:\/\/talkpal.ai\/ethics-policy\/","diversityPolicy":"https:\/\/talkpal.ai\/diversity-policy\/","diversityStaffingReport":"https:\/\/talkpal.ai\/diversity-policy\/"}]}},"_links":{"self":[{"href":"https:\/\/talkpal.ai\/sv\/wp-json\/wp\/v2\/pages\/127913","targetHints":{"allow":["GET"]}}],"collection":[{"href":"https:\/\/talkpal.ai\/sv\/wp-json\/wp\/v2\/pages"}],"about":[{"href":"https:\/\/talkpal.ai\/sv\/wp-json\/wp\/v2\/types\/page"}],"author":[{"embeddable":true,"href":"https:\/\/talkpal.ai\/sv\/wp-json\/wp\/v2\/users\/1"}],"replies":[{"embeddable":true,"href":"https:\/\/talkpal.ai\/sv\/wp-json\/wp\/v2\/comments?post=127913"}],"version-history":[{"count":0,"href":"https:\/\/talkpal.ai\/sv\/wp-json\/wp\/v2\/pages\/127913\/revisions"}],"wp:featuredmedia":[{"embeddable":true,"href":"https:\/\/talkpal.ai\/sv\/wp-json\/wp\/v2\/media\/11555"}],"wp:attachment":[{"href":"https:\/\/talkpal.ai\/sv\/wp-json\/wp\/v2\/media?parent=127913"}],"curies":[{"name":"wp","href":"https:\/\/api.w.org\/{rel}","templated":true}]}}