{"id":1481760,"date":"2025-11-27T16:54:35","date_gmt":"2025-11-27T16:54:35","guid":{"rendered":"https:\/\/talkpal.ai\/zbritje-e-vitit-te-ri-te-talkpal\/"},"modified":"2026-01-22T14:50:39","modified_gmt":"2026-01-22T14:50:39","slug":"zbritje-e-vitit-te-ri-te-talkpal","status":"publish","type":"page","link":"https:\/\/talkpal.ai\/sq\/zbritje-e-vitit-te-ri-te-talkpal\/","title":{"rendered":"Zbritje e Vitit t\u00eb Ri t\u00eb Talkpal"},"content":{"rendered":"<section class=\"languageChallengeSection\">\r\n    <div class=\"languageInfoWrapper\">\r\n        \r\n        <h1>Zbritje e Vitit t\u00eb Ri t\u00eb Talkpal<\/h1>\r\n        <p>Jeni gati t\u00eb forconi aft\u00ebsit\u00eb tuaja gjuh\u00ebsore? K\u00ebt\u00eb Vit t\u00eb Ri, Talkpal ofron nj\u00eb zbritje ekskluzive prej 79% p\u00ebr t&#039;ju ndihmuar t\u00eb m\u00ebsoni m\u00eb shpejt dhe m\u00eb zgjuar. Zhbllokoni t\u00eb gjitha ve\u00e7orit\u00eb premium, praktikoni biseda reale me AI dhe nd\u00ebrtoni rrjedhshm\u00ebri p\u00ebr gjysm\u00ebn e kostos.<\/p>\r\n\r\n                    <a class=\"getStartedHidden\" href=\"https:\/\/app.talkpal.ai\/signup?discount=50\">\r\n                Merrni zbritje            <\/a>\r\n            <\/div>\r\n\r\n            <figure>\r\n            <img decoding=\"async\" class=\"no-lazy\" src=\"https:\/\/talkpal.ai\/wp-content\/uploads\/2026\/01\/couple-with-phone-in-circle.webp\" alt=\"\" fetchpriority=\"high\" \/>\r\n        <\/figure>\r\n        \r\n                    <a class=\"getStartedVisible\" href=\"https:\/\/app.talkpal.ai\/signup?discount=50\">\r\n                Merrni zbritje            <\/a>\r\n        <\/section><section class=\"featureSection\">\r\n    <div class=\"featureIntroduce\">\r\n        <a class=\"introduceLink\" href=\"https:\/\/app.talkpal.ai\/signup?lng=\">\r\n            <img decoding=\"async\" src=\"https:\/\/talkpal.ai\/wp-content\/themes\/talkpal\/assets\/img\/Sparkle.svg\" alt=\"\" \/>m\u00eb t\u00eb avancuarit\r\n  AI<\/a>\r\n        <h3 class=\"featureTitle\">Dallimi i talkpal<\/h3>\r\n    <\/div>\r\n            <div class=\"introduceWrapper\">\r\n                            <a class=\"introducCard\" href=\"https:\/\/app.talkpal.ai\/signup?lng=\">\r\n\r\n                    \r\n                                                <img decoding=\"async\" src=\"https:\/\/talkpal.ai\/wp-content\/uploads\/2025\/05\/Immersive_conversations.png\" alt=\"Immersive Conversation Screenshot\" \/>\r\n                        <h4 class=\"introduceTitle\">Edukim i personalizuar<\/h4>\r\n                        <p class=\"cardText\">Rruga e \u00e7do nx\u00ebn\u00ebsi \u00ebsht\u00eb e ndryshme, me udh\u00ebtime, pun\u00eb dhe orare t\u00eb ngjeshura n\u00eb p\u00ebrzierje. Talkpal p\u00ebrdor AI t\u00eb avancuar p\u00ebr t\u00eb m\u00ebsuar nga miliona modele studimi dhe krijon p\u00ebrvoja t\u00eb personalizuara, efikase dhe t\u00ebrheq\u00ebse t\u00eb p\u00ebrshtatura p\u00ebr ju.<\/p>\r\n                    \r\n                <\/a>\r\n                            <a class=\"introducCard\" href=\"https:\/\/app.talkpal.ai\/signup?lng=\">\r\n\r\n                    \r\n                                                <img decoding=\"async\" src=\"https:\/\/talkpal.ai\/wp-content\/uploads\/2025\/05\/Realtime_feedback.png\" alt=\"Feedback Screenshot\" \/>\r\n                        <h4 class=\"introduceTitle\">Teknologjia e fundit<\/h4>\r\n                        <p class=\"cardText\">Misioni yn\u00eb \u00ebsht\u00eb ta b\u00ebjm\u00eb m\u00ebsimin e personalizuar t\u00eb gjuh\u00ebs t\u00eb aksesuesh\u00ebm p\u00ebr t\u00eb gjith\u00eb duke kombinuar AI m\u00eb t\u00eb fundit me metodat e provuara t\u00eb m\u00ebsimdh\u00ebnies. K\u00ebt\u00eb Vit t\u00eb Ri, \u00ebsht\u00eb m\u00eb i aksesuesh\u00ebm se kurr\u00eb. Me Talkpal, ju merrni nj\u00eb udh\u00ebtim t\u00eb p\u00ebrshtatur q\u00eb p\u00ebrshtatet me ritmin, stilin e jetes\u00ebs dhe q\u00ebllimet tuaja, kudo q\u00eb ju \u00e7on jeta.<\/p>\r\n                    \r\n                <\/a>\r\n                            <a class=\"introducCard\" href=\"https:\/\/app.talkpal.ai\/signup?lng=\">\r\n\r\n                    \r\n                                                <img decoding=\"async\" src=\"https:\/\/talkpal.ai\/wp-content\/uploads\/2025\/05\/Personalization.png\" alt=\"Personalization Screenshot\" \/>\r\n                        <h4 class=\"introduceTitle\">B\u00ebrja e t\u00eb m\u00ebsuarit arg\u00ebtues<\/h4>\r\n                        <p class=\"cardText\">Ne besojm\u00eb se m\u00ebsimi i gjuh\u00ebs duhet t\u00eb jet\u00eb i k\u00ebndsh\u00ebm dhe motivues. Kjo \u00ebsht\u00eb arsyeja pse Talkpal ju mban t\u00eb angazhuar dhe t\u00eb frym\u00ebzuar, k\u00ebshtu q\u00eb ndihet m\u00eb pak si studimi dhe m\u00eb shum\u00eb si nj\u00eb aventur\u00eb. Bashkohuni me mij\u00ebra nx\u00ebn\u00ebs n\u00eb mbar\u00eb bot\u00ebn dhe p\u00ebrfitoni nga oferta jon\u00eb e Vitit t\u00eb Ri p\u00ebr t\u00eb filluar zot\u00ebrimin e gjuh\u00ebs suaj t\u00eb ardhshme.<\/p>\r\n                    \r\n                <\/a>\r\n                            <\/div>\r\n                     <a class=\"featureSectionLink\" href=\"https:\/\/app.talkpal.ai\/signup?discount=50\">\r\n                Merrni zbritje            <\/a>\r\n                \r\n<\/section>\r\n\r\n\r\n<section class=\"smartFunSection\">\r\n            \r\n            <div class=\"smartFunCard\">\r\n                <div class=\"smartFunWrapper\"><img decoding=\"async\" src=\"https:\/\/talkpal.ai\/wp-content\/uploads\/2025\/05\/1.png\" alt=\"Learning Stats Screenshot\"><\/div>\r\n                <h3>P\u00ebrshtatur p\u00ebr ju<\/h3>\r\n                <p>Talkpal p\u00ebrdor teknologjin\u00eb e drejtuar nga AI p\u00ebr t\u00eb ofruar seanca t\u00eb personalizuara t\u00eb p\u00ebrshtatshme me nivelin dhe ritmin tuaj. \u00c7do m\u00ebsim plot\u00ebson nevojat tuaja dhe ju ndihmon t\u00eb b\u00ebni p\u00ebrparim t\u00eb q\u00ebndruesh\u00ebm, pavar\u00ebsisht n\u00ebse jeni brenda apo jasht\u00eb vendit.<\/p>\r\n            <\/div>\r\n\r\n        \r\n            <div class=\"smartFunCard\">\r\n                <div class=\"smartFunWrapper\"><img decoding=\"async\" src=\"https:\/\/talkpal.ai\/wp-content\/uploads\/2025\/05\/2.png\" alt=\"Pronunciation Score Screenshot\"><\/div>\r\n                <h3>Efektive dhe efikase<\/h3>\r\n                <p>Forconi aft\u00ebsit\u00eb tuaja t\u00eb leximit, d\u00ebgjimit dhe t\u00eb folurit n\u00eb m\u00ebnyr\u00eb efikase me Talkpal. Mjetet tona inovative e b\u00ebjn\u00eb studimin e gjuh\u00ebs efektiv dhe t\u00eb k\u00ebndsh\u00ebm p\u00ebr nx\u00ebn\u00ebsit me t\u00eb gjitha llojet e orareve.<\/p>\r\n            <\/div>\r\n\r\n        \r\n            <div class=\"smartFunCard\">\r\n                <div class=\"smartFunWrapper\"><img decoding=\"async\" src=\"https:\/\/talkpal.ai\/wp-content\/uploads\/2025\/05\/3.png\" alt=\"Chat Topics Screenshot\"><\/div>\r\n                <h3>Q\u00ebndroni t\u00eb angazhuar<\/h3>\r\n                <p>Platforma nd\u00ebrthur element\u00eb t\u00eb gamifikuar, sfida t\u00ebrheq\u00ebse dhe k\u00ebrkesa q\u00eb provokojn\u00eb mendime p\u00ebr t&#8217;ju mbajtur t\u00eb motivuar dhe t\u00eb q\u00ebndruesh\u00ebm. Me Talkpal, m\u00ebsimi i gjuh\u00ebs b\u00ebhet nj\u00eb zakon arg\u00ebtues i p\u00ebrditsh\u00ebm, jo nj\u00eb detyrim tjet\u00ebr.<\/p>\r\n            <\/div>\r\n\r\n        \r\n            <div class=\"smartFunCard\">\r\n                <div class=\"smartFunWrapper\"><img decoding=\"async\" src=\"https:\/\/talkpal.ai\/wp-content\/uploads\/2025\/05\/4.png\" alt=\"Dashboard Screenshot\"><\/div>\r\n                <h3>K\u00ebnaquni duke m\u00ebsuar<\/h3>\r\n                <p>Zot\u00ebrimi i nj\u00eb gjuhe t\u00eb re nuk duhet t\u00eb jet\u00eb i lodhsh\u00ebm. Talkpal ofron ushtrime interaktive, personazhe t\u00eb gjalla dhe biseda t\u00eb lehta t\u00eb AI p\u00ebr ta b\u00ebr\u00eb m\u00ebsimin nj\u00eb pjes\u00eb t\u00eb k\u00ebndshme t\u00eb dit\u00ebs suaj. Mbyllni zbritjen e Vitit t\u00eb Ri prej 79% dhe filloni sot.<\/p>\r\n            <\/div>\r\n\r\n            \r\n<\/section>\r\n\r\n<section class=\"promotionalBanner\">\r\n    <p class=\"promotionalText\">Zbritja e Vitit t\u00eb Ri Talkpal &#8211; Filloni t\u00eb m\u00ebsoni me nj\u00eb \u00e7mim t\u00eb zbritur<\/p>\r\n                <a class=\"promotionalLink\" href=\"https:\/\/app.talkpal.ai\/signup?discount=50\">\r\n                Merrni zbritje            <\/a>\r\n            \r\n<\/section>","protected":false},"excerpt":{"rendered":"","protected":false},"author":20,"featured_media":0,"parent":0,"menu_order":0,"comment_status":"closed","ping_status":"closed","template":"LearningContentPage.php","meta":{"_acf_changed":false,"footnotes":""},"class_list":["post-1481760","page","type-page","status-publish","hentry"],"acf":[],"yoast_head":"<!-- This site is optimized with the Yoast SEO Premium plugin v27.2 (Yoast SEO v27.2) - https:\/\/yoast.com\/product\/yoast-seo-premium-wordpress\/ -->\n<title>Zbritje e Vitit t\u00eb Ri t\u00eb Talkpal - Talkpal<\/title>\n<meta name=\"description\" content=\"K\u00ebrkoni zbritjen tuaj ekskluzive prej 79% n\u00eb Talkpal Premium k\u00ebt\u00eb Vit t\u00eb Ri dhe zot\u00ebroni \u00e7do gjuh\u00eb m\u00eb shpejt me AI.\" \/>\n<meta name=\"robots\" content=\"index, follow, max-snippet:-1, max-image-preview:large, max-video-preview:-1\" \/>\n<link rel=\"canonical\" href=\"https:\/\/talkpal.ai\/sq\/zbritje-e-vitit-te-ri-te-talkpal\/\" \/>\n<meta property=\"og:locale\" content=\"sq_AL\" \/>\n<meta property=\"og:type\" content=\"article\" \/>\n<meta property=\"og:title\" content=\"Zbritje e Vitit t\u00eb Ri t\u00eb Talkpal\" \/>\n<meta property=\"og:url\" content=\"https:\/\/talkpal.ai\/sq\/zbritje-e-vitit-te-ri-te-talkpal\/\" \/>\n<meta property=\"og:site_name\" content=\"Talkpal\" \/>\n<meta property=\"article:publisher\" content=\"https:\/\/www.facebook.com\/profile.php?id=100090733639311\" \/>\n<meta property=\"article:modified_time\" content=\"2026-01-22T14:50:39+00:00\" \/>\n<meta property=\"og:image\" content=\"https:\/\/talkpal.ai\/wp-content\/uploads\/2025\/02\/Progress-tab-16_9.png\" \/>\n\t<meta property=\"og:image:width\" content=\"2880\" \/>\n\t<meta property=\"og:image:height\" content=\"1620\" \/>\n\t<meta property=\"og:image:type\" content=\"image\/png\" \/>\n<meta name=\"twitter:card\" content=\"summary_large_image\" \/>\n<meta name=\"twitter:site\" content=\"@talkpalai\" \/>\n<script type=\"application\/ld+json\" class=\"yoast-schema-graph\">{\"@context\":\"https:\/\/schema.org\",\"@graph\":[{\"@type\":\"WebPage\",\"@id\":\"https:\/\/talkpal.ai\/sq\/zbritje-e-vitit-te-ri-te-talkpal\/\",\"url\":\"https:\/\/talkpal.ai\/sq\/zbritje-e-vitit-te-ri-te-talkpal\/\",\"name\":\"Zbritje e Vitit t\u00eb Ri t\u00eb Talkpal - Talkpal\",\"isPartOf\":{\"@id\":\"https:\/\/talkpal.ai\/sq\/#website\"},\"datePublished\":\"2025-11-27T16:54:35+00:00\",\"dateModified\":\"2026-01-22T14:50:39+00:00\",\"description\":\"K\u00ebrkoni zbritjen tuaj ekskluzive prej 79% n\u00eb Talkpal Premium k\u00ebt\u00eb Vit t\u00eb Ri dhe zot\u00ebroni \u00e7do gjuh\u00eb m\u00eb shpejt me AI.\",\"breadcrumb\":{\"@id\":\"https:\/\/talkpal.ai\/sq\/zbritje-e-vitit-te-ri-te-talkpal\/#breadcrumb\"},\"inLanguage\":\"sq-AL\",\"potentialAction\":[{\"@type\":\"ReadAction\",\"target\":[\"https:\/\/talkpal.ai\/sq\/zbritje-e-vitit-te-ri-te-talkpal\/\"]}]},{\"@type\":\"BreadcrumbList\",\"@id\":\"https:\/\/talkpal.ai\/sq\/zbritje-e-vitit-te-ri-te-talkpal\/#breadcrumb\",\"itemListElement\":[{\"@type\":\"ListItem\",\"position\":1,\"name\":\"Homepage\",\"item\":\"https:\/\/talkpal.ai\/sq\/\"},{\"@type\":\"ListItem\",\"position\":2,\"name\":\"Zbritje e Vitit t\u00eb Ri t\u00eb Talkpal\"}]},{\"@type\":\"WebSite\",\"@id\":\"https:\/\/talkpal.ai\/sq\/#website\",\"url\":\"https:\/\/talkpal.ai\/sq\/\",\"name\":\"Talkpal\",\"description\":\"AI Language Learning\",\"publisher\":{\"@id\":\"https:\/\/talkpal.ai\/sq\/#organization\"},\"alternateName\":\"Talkpal AI\",\"potentialAction\":[{\"@type\":\"SearchAction\",\"target\":{\"@type\":\"EntryPoint\",\"urlTemplate\":\"https:\/\/talkpal.ai\/sq\/?s={search_term_string}\"},\"query-input\":{\"@type\":\"PropertyValueSpecification\",\"valueRequired\":true,\"valueName\":\"search_term_string\"}}],\"inLanguage\":\"sq-AL\"},{\"@type\":\"Organization\",\"@id\":\"https:\/\/talkpal.ai\/sq\/#organization\",\"name\":\"Talkpal, Inc.\",\"alternateName\":\"Talkpal AI\",\"url\":\"https:\/\/talkpal.ai\/sq\/\",\"logo\":{\"@type\":\"ImageObject\",\"inLanguage\":\"sq-AL\",\"@id\":\"https:\/\/talkpal.ai\/sq\/#\/schema\/logo\/image\/\",\"url\":\"https:\/\/talkpal.ai\/wp-content\/uploads\/2024\/03\/Talkpal-Logo-Icon.png\",\"contentUrl\":\"https:\/\/talkpal.ai\/wp-content\/uploads\/2024\/03\/Talkpal-Logo-Icon.png\",\"width\":2880,\"height\":2880,\"caption\":\"Talkpal, Inc.\"},\"image\":{\"@id\":\"https:\/\/talkpal.ai\/sq\/#\/schema\/logo\/image\/\"},\"sameAs\":[\"https:\/\/www.facebook.com\/profile.php?id=100090733639311\",\"https:\/\/x.com\/talkpalai\",\"https:\/\/www.linkedin.com\/company\/talkpal\/\",\"https:\/\/www.youtube.com\/@TalkPal\/\",\"https:\/\/www.tiktok.com\/@talkpal\",\"https:\/\/www.instagram.com\/talkpal_ai\/\",\"https:\/\/www.crunchbase.com\/organization\/talkpal-9cde\",\"https:\/\/www.g2.com\/products\/talkpal-for-business\/\",\"https:\/\/www.trustpilot.com\/review\/talkpal.ai\",\"https:\/\/www.capterra.com\/p\/10006800\/TalkPal\/\"],\"description\":\"Talkpal is a language learning web and mobile education app, powered by the latest AI technologies, that provides engaging experiences to its customers in many different languages to help them improve their language skills. Users can chat about unlimited amount of topics with the app and use other modes to practice their language learning.\",\"email\":\"support@talkpal.ai\",\"legalName\":\"Talkpal, Inc.\",\"foundingDate\":\"2023-04-03\",\"duns\":\"118989042\",\"numberOfEmployees\":{\"@type\":\"QuantitativeValue\",\"minValue\":\"11\",\"maxValue\":\"50\"},\"publishingPrinciples\":\"https:\/\/talkpal.ai\/publishing-principles\/\",\"actionableFeedbackPolicy\":\"https:\/\/talkpal.ai\/actionable-feedback-policy\/\",\"correctionsPolicy\":\"https:\/\/talkpal.ai\/corrections-policy\/\",\"ethicsPolicy\":\"https:\/\/talkpal.ai\/ethics-policy\/\",\"diversityPolicy\":\"https:\/\/talkpal.ai\/diversity-policy\/\",\"diversityStaffingReport\":\"https:\/\/talkpal.ai\/diversity-policy\/\"}]}<\/script>\n<!-- \/ Yoast SEO Premium plugin. -->","yoast_head_json":{"title":"Zbritje e Vitit t\u00eb Ri t\u00eb Talkpal - Talkpal","description":"K\u00ebrkoni zbritjen tuaj ekskluzive prej 79% n\u00eb Talkpal Premium k\u00ebt\u00eb Vit t\u00eb Ri dhe zot\u00ebroni \u00e7do gjuh\u00eb m\u00eb shpejt me AI.","robots":{"index":"index","follow":"follow","max-snippet":"max-snippet:-1","max-image-preview":"max-image-preview:large","max-video-preview":"max-video-preview:-1"},"canonical":"https:\/\/talkpal.ai\/sq\/zbritje-e-vitit-te-ri-te-talkpal\/","og_locale":"sq_AL","og_type":"article","og_title":"Zbritje e Vitit t\u00eb Ri t\u00eb Talkpal","og_url":"https:\/\/talkpal.ai\/sq\/zbritje-e-vitit-te-ri-te-talkpal\/","og_site_name":"Talkpal","article_publisher":"https:\/\/www.facebook.com\/profile.php?id=100090733639311","article_modified_time":"2026-01-22T14:50:39+00:00","og_image":[{"width":2880,"height":1620,"url":"https:\/\/talkpal.ai\/wp-content\/uploads\/2025\/02\/Progress-tab-16_9.png","type":"image\/png"}],"twitter_card":"summary_large_image","twitter_site":"@talkpalai","schema":{"@context":"https:\/\/schema.org","@graph":[{"@type":"WebPage","@id":"https:\/\/talkpal.ai\/sq\/zbritje-e-vitit-te-ri-te-talkpal\/","url":"https:\/\/talkpal.ai\/sq\/zbritje-e-vitit-te-ri-te-talkpal\/","name":"Zbritje e Vitit t\u00eb Ri t\u00eb Talkpal - Talkpal","isPartOf":{"@id":"https:\/\/talkpal.ai\/sq\/#website"},"datePublished":"2025-11-27T16:54:35+00:00","dateModified":"2026-01-22T14:50:39+00:00","description":"K\u00ebrkoni zbritjen tuaj ekskluzive prej 79% n\u00eb Talkpal Premium k\u00ebt\u00eb Vit t\u00eb Ri dhe zot\u00ebroni \u00e7do gjuh\u00eb m\u00eb shpejt me AI.","breadcrumb":{"@id":"https:\/\/talkpal.ai\/sq\/zbritje-e-vitit-te-ri-te-talkpal\/#breadcrumb"},"inLanguage":"sq-AL","potentialAction":[{"@type":"ReadAction","target":["https:\/\/talkpal.ai\/sq\/zbritje-e-vitit-te-ri-te-talkpal\/"]}]},{"@type":"BreadcrumbList","@id":"https:\/\/talkpal.ai\/sq\/zbritje-e-vitit-te-ri-te-talkpal\/#breadcrumb","itemListElement":[{"@type":"ListItem","position":1,"name":"Homepage","item":"https:\/\/talkpal.ai\/sq\/"},{"@type":"ListItem","position":2,"name":"Zbritje e Vitit t\u00eb Ri t\u00eb Talkpal"}]},{"@type":"WebSite","@id":"https:\/\/talkpal.ai\/sq\/#website","url":"https:\/\/talkpal.ai\/sq\/","name":"Talkpal","description":"AI Language Learning","publisher":{"@id":"https:\/\/talkpal.ai\/sq\/#organization"},"alternateName":"Talkpal AI","potentialAction":[{"@type":"SearchAction","target":{"@type":"EntryPoint","urlTemplate":"https:\/\/talkpal.ai\/sq\/?s={search_term_string}"},"query-input":{"@type":"PropertyValueSpecification","valueRequired":true,"valueName":"search_term_string"}}],"inLanguage":"sq-AL"},{"@type":"Organization","@id":"https:\/\/talkpal.ai\/sq\/#organization","name":"Talkpal, Inc.","alternateName":"Talkpal AI","url":"https:\/\/talkpal.ai\/sq\/","logo":{"@type":"ImageObject","inLanguage":"sq-AL","@id":"https:\/\/talkpal.ai\/sq\/#\/schema\/logo\/image\/","url":"https:\/\/talkpal.ai\/wp-content\/uploads\/2024\/03\/Talkpal-Logo-Icon.png","contentUrl":"https:\/\/talkpal.ai\/wp-content\/uploads\/2024\/03\/Talkpal-Logo-Icon.png","width":2880,"height":2880,"caption":"Talkpal, Inc."},"image":{"@id":"https:\/\/talkpal.ai\/sq\/#\/schema\/logo\/image\/"},"sameAs":["https:\/\/www.facebook.com\/profile.php?id=100090733639311","https:\/\/x.com\/talkpalai","https:\/\/www.linkedin.com\/company\/talkpal\/","https:\/\/www.youtube.com\/@TalkPal\/","https:\/\/www.tiktok.com\/@talkpal","https:\/\/www.instagram.com\/talkpal_ai\/","https:\/\/www.crunchbase.com\/organization\/talkpal-9cde","https:\/\/www.g2.com\/products\/talkpal-for-business\/","https:\/\/www.trustpilot.com\/review\/talkpal.ai","https:\/\/www.capterra.com\/p\/10006800\/TalkPal\/"],"description":"Talkpal is a language learning web and mobile education app, powered by the latest AI technologies, that provides engaging experiences to its customers in many different languages to help them improve their language skills. Users can chat about unlimited amount of topics with the app and use other modes to practice their language learning.","email":"support@talkpal.ai","legalName":"Talkpal, Inc.","foundingDate":"2023-04-03","duns":"118989042","numberOfEmployees":{"@type":"QuantitativeValue","minValue":"11","maxValue":"50"},"publishingPrinciples":"https:\/\/talkpal.ai\/publishing-principles\/","actionableFeedbackPolicy":"https:\/\/talkpal.ai\/actionable-feedback-policy\/","correctionsPolicy":"https:\/\/talkpal.ai\/corrections-policy\/","ethicsPolicy":"https:\/\/talkpal.ai\/ethics-policy\/","diversityPolicy":"https:\/\/talkpal.ai\/diversity-policy\/","diversityStaffingReport":"https:\/\/talkpal.ai\/diversity-policy\/"}]}},"_links":{"self":[{"href":"https:\/\/talkpal.ai\/sq\/wp-json\/wp\/v2\/pages\/1481760","targetHints":{"allow":["GET"]}}],"collection":[{"href":"https:\/\/talkpal.ai\/sq\/wp-json\/wp\/v2\/pages"}],"about":[{"href":"https:\/\/talkpal.ai\/sq\/wp-json\/wp\/v2\/types\/page"}],"author":[{"embeddable":true,"href":"https:\/\/talkpal.ai\/sq\/wp-json\/wp\/v2\/users\/20"}],"replies":[{"embeddable":true,"href":"https:\/\/talkpal.ai\/sq\/wp-json\/wp\/v2\/comments?post=1481760"}],"version-history":[{"count":0,"href":"https:\/\/talkpal.ai\/sq\/wp-json\/wp\/v2\/pages\/1481760\/revisions"}],"wp:attachment":[{"href":"https:\/\/talkpal.ai\/sq\/wp-json\/wp\/v2\/media?parent=1481760"}],"curies":[{"name":"wp","href":"https:\/\/api.w.org\/{rel}","templated":true}]}}