{"id":1474766,"date":"2025-11-12T11:25:16","date_gmt":"2025-11-12T11:25:16","guid":{"rendered":"https:\/\/talkpal.ai\/gramatika-khmer\/"},"modified":"2025-12-30T14:42:18","modified_gmt":"2025-12-30T14:42:18","slug":"gramatika-khmer","status":"publish","type":"page","link":"https:\/\/talkpal.ai\/sq\/gramatika-khmer\/","title":{"rendered":"Gramatika Khmer"},"content":{"rendered":"\r\n\r\n\r\n<section class=\"languageChallengeSection\">\r\n    <div class=\"languageInfoWrapper\">\r\n        \r\n        <h1>Gramatika Khmer<\/h1>\r\n        <p>Gramatika <a href=\"https:\/\/talkpal.ai\/learn-khmer\/\">Khmer<\/a> mund t\u00eb duket sfiduese n\u00eb fillim, por ve\u00e7orit\u00eb e saj unike e b\u00ebjn\u00eb m\u00ebsimin e gjuh\u00ebs nj\u00eb p\u00ebrvoj\u00eb shp\u00ebrblyese. Duke eksploruar alfabetin, mutacionet dhe rregullat gramatikore, do t\u00eb fitoni njohuri p\u00ebr nj\u00eb tradit\u00eb t\u00eb pasur gjuh\u00ebsore. Filloni udh\u00ebtimin tuaj dhe zbuloni bukurin\u00eb e Khmer\u00ebve!<\/p>\r\n\r\n                            <a class=\"getStartedHidden\" href=\"https:\/\/app.talkpal.ai\/signup?lng=\">Filloni<\/a>\r\n        \r\n    <\/div>\r\n\r\n    <figure>\r\n    <img decoding=\"async\" width=\"768\" height=\"768\" src=\"https:\/\/talkpal.ai\/wp-content\/uploads\/2023\/06\/welsh-768x768.png\" class=\"languageImage no-lazy\" alt=\"Language learning for better cognitive abilities\" fetchpriority=\"high\" sizes=\"(max-width: 768px) 150px, 768px\" srcset=\"https:\/\/talkpal.ai\/wp-content\/uploads\/2023\/06\/welsh-768x768.png 768w, https:\/\/talkpal.ai\/wp-content\/uploads\/2023\/06\/welsh-300x300.png 300w\" \/>\r\n    \r\n\r\n    <\/figure>\r\n\r\n            <a class=\"getStartedVisible\" href=\"https:\/\/app.talkpal.ai\/signup?lng=\">Filloni<\/a>\r\n    \r\n<\/section><section class=\"promotionalBanner\">\r\n    <p class=\"promotionalText\">M\u00ebnyra m\u00eb efikase p\u00ebr t\u00eb m\u00ebsuar nj\u00eb gjuh\u00eb<\/p>\r\n    <a class=\"promotionalLink\" href=\"https:\/\/app.talkpal.ai\/signup?lng=\">Provoni Talkpal falas<\/a>\r\n<\/section>\n<div class=\"wp-block-group pageContainerStyle\"><div class=\"wp-block-group__inner-container is-layout-constrained wp-block-group-is-layout-constrained\">\n<h2 class=\"wp-block-heading\" id=\"h-navigating-the-intricacies-of-khmer-grammar\">Lundrimi n\u00eb nd\u00ebrlikimet e gramatik\u00ebs Khmer<\/h2>\n\n\n\n<p><a href=\"https:\/\/talkpal.ai\/sq\/mesoni-khmer\/\">Khmer<\/a>, gjuha komb\u00ebtare e Kamboxhias dhe nj\u00eb gjuh\u00eb kryesore austroaziatike me nj\u00eb tradit\u00eb t\u00eb thell\u00eb letrare, ofron nj\u00eb p\u00ebrvoj\u00eb emocionuese gjuh\u00ebsore p\u00ebr ata q\u00eb d\u00ebshirojn\u00eb t\u00eb eksplorojn\u00eb sistemin e saj unik gramatikor. Nd\u00ebrsa hyni n\u00eb mbret\u00ebrin\u00eb e Khmer, jo vet\u00ebm q\u00eb do t\u00eb pasuroni repertorin tuaj gjuh\u00ebsor, por edhe do t\u00eb p\u00ebrqafoni nj\u00eb udh\u00ebtim kulturor magjeps\u00ebs. Nd\u00ebrsa <a href=\"https:\/\/talkpal.ai\/khmer-grammar\/\">gramatika Khmer<\/a> mund t\u00eb duket e panjohur n\u00eb fillim, zb\u00ebrthimi i saj n\u00eb komponent\u00eb thelb\u00ebsor\u00eb e b\u00ebn m\u00ebsimin e gjuh\u00ebs m\u00eb t\u00eb arritsh\u00ebm. N\u00eb k\u00ebt\u00eb artikull, ne do t\u00eb eksplorojm\u00eb bot\u00ebn magjeps\u00ebse t\u00eb gramatik\u00ebs Khmer dhe do t\u00eb japim k\u00ebshilla <a href=\"https:\/\/talkpal.ai\/culture\/what-is-the-difference-between-se-and-si\/\">se si<\/a> t\u00eb zot\u00ebroni kompleksitetin e saj.<\/p>\n\n\n\n<h3 class=\"wp-block-heading\" id=\"h-1-khmer-alphabet-and-phonetics\">1. Alfabeti Khmer dhe Fonetika<\/h3>\n\n\n\n<p>Sistemi i shkrimit Khmer \u00ebsht\u00eb nj\u00eb abugida q\u00eb p\u00ebrfshin 33 bashk\u00ebting\u00ebllore, 23 zanore t\u00eb varura dhe 12 zanore t\u00eb pavarura. Bashk\u00ebting\u00eblloret vijn\u00eb n\u00eb dy seri q\u00eb ndikojn\u00eb n\u00eb cil\u00ebsin\u00eb e zanores dhe simbolet zanore ndryshojn\u00eb shqiptimin e <a href=\"https:\/\/talkpal.ai\/locations\/language-courses-in-tyre\/\">tyre<\/a> n\u00eb var\u00ebsi t\u00eb seris\u00eb bashk\u00ebting\u00ebllore. P\u00ebr t\u00eb m\u00ebsuar gramatik\u00ebn Khmer, \u00ebsht\u00eb thelb\u00ebsore t\u00eb njiheni me k\u00ebt\u00eb shkrim t\u00eb ve\u00e7ant\u00eb duke praktikuar leximin dhe shkrimin n\u00eb Khmer.<\/p>\n\n\n\n<h3 class=\"wp-block-heading\" id=\"h-2-consonant-series-a-peculiar-khmer-feature\">2. Seria bashk\u00ebting\u00ebllore: Nj\u00eb ve\u00e7ori e ve\u00e7ant\u00eb Khmer<\/h3>\n\n\n\n<p>Nj\u00eb nga aspektet m\u00eb t\u00eb habitshme t\u00eb Khmer jan\u00eb dy serit\u00eb e tij bashk\u00ebting\u00ebllore, shpesh t\u00eb quajtura regjistra, t\u00eb cilat ndikojn\u00eb n\u00eb m\u00ebnyr\u00ebn se si shqiptohen zanoret e varura. Bashk\u00ebting\u00eblloret e seris\u00eb A dhe O b\u00ebjn\u00eb q\u00eb i nj\u00ebjti simbol zanor t\u00eb lexohet ndryshe. T\u00eb kuptuarit se si funksionojn\u00eb k\u00ebto seri, s\u00eb bashku me diakritik\u00ebt e zakonsh\u00ebm, \u00ebsht\u00eb jetik p\u00ebr shqiptimin dhe shkrimin e sakt\u00eb n\u00eb Khmer.<\/p>\n\n\n\n<h3 class=\"wp-block-heading\" id=\"h-3-nouns-and-pronouns-gender-and-cases\">3. Emrat dhe p\u00ebremrat: Gjinia dhe rastet<\/h3>\n\n\n\n<p>Emrat Khmer nuk kan\u00eb gjini gramatikore dhe nuk p\u00ebrkulen p\u00ebr rast. Pluraliteti shpesh tregohet me kontekst, ridyfishim ose fjal\u00eb si \u1785\u17d2\u179a\u17be\u1793. P\u00ebremrat n\u00eb Khmer p\u00ebrfshijn\u00eb forma personale, posesive, refleksive, demonstrative dhe pyet\u00ebse, dhe ato ndryshojn\u00eb sipas mir\u00ebsjelljes dhe kontekstit shoq\u00ebror. Njohja me k\u00ebto p\u00ebremra dhe grimca t\u00eb tilla si \u179a\u1794\u179f\u17cb p\u00ebr zot\u00ebrim do t\u00eb p\u00ebrmir\u00ebsoj\u00eb ndjesh\u00ebm t\u00eb kuptuarit tuaj t\u00eb gramatik\u00ebs Khmer.<\/p>\n\n\n\n<h3 class=\"wp-block-heading\" id=\"h-4-verbs-structure-and-conjugation\">4. Foljet: Struktura dhe konjugimi<\/h3>\n\n\n\n<p>Foljet Khmer nuk konjugohen p\u00ebr koh\u00ebn, personin ose num\u00ebrin. N\u00eb vend t\u00eb k\u00ebsaj, koha dhe aspekti shprehen me grimca dhe ndajfolje, t\u00eb tilla si \u1780\u17c6\u1796\u17bb\u1784 p\u00ebr progresiv, \u1794\u17b6\u1793 p\u00ebr t\u00eb kaluar\u00ebn e p\u00ebrfunduar dhe \u1793\u17b9\u1784 p\u00ebr t\u00eb ardhmen. Humori mund t\u00eb tregohet me fjal\u00eb si \u179f\u17bc\u1798 ose \u1785\u17bc\u179a p\u00ebr imperativat e sjellshme dhe \u1780\u17bb\u17c6 p\u00ebr ndalimet. M\u00ebsimi i k\u00ebtyre grimcave dhe konstruksioneve t\u00eb zakonshme t\u00eb foljeve seriale do t\u00eb p\u00ebrmir\u00ebsoj\u00eb aft\u00ebsin\u00eb tuaj p\u00ebr t\u00eb komunikuar n\u00eb m\u00ebnyr\u00eb efektive n\u00eb Khmer.<\/p>\n\n\n\n<h3 class=\"wp-block-heading\" id=\"h-5-adjectives-agreement-and-placement\">5. Mbiemrat: Marr\u00ebveshja dhe vendosja<\/h3>\n\n\n\n<p>N\u00eb gramatik\u00ebn Khmer, mbiemrat zakonisht ndjekin emrin q\u00eb modifikojn\u00eb dhe nuk pajtohen n\u00eb num\u00ebr ose gjini. Krahasimet dhe superlativ\u00ebt formohen n\u00eb m\u00ebnyr\u00eb analitike, shpesh duke p\u00ebrdorur \u1787\u17b6\u1784 p\u00ebr krahasim dhe \u1787\u17b6\u1784\u1782\u17c1 ose \u1794\u17c6\u1795\u17bb\u178f p\u00ebr superlativ\u00ebt.<\/p>\n\n\n\n<p><strong>Shembuj:<\/strong><\/p>\n\n\n\n<p><strong>\u2013 \u179f\u17c1\u1785\u1780\u17d2\u178f\u17b8\u179f\u17d2\u179a\u17a1\u17b6\u1789\u17cb \u1792\u17c6 (dashuri e madhe)<\/strong><\/p>\n\n\n\n<p><strong>\u2013 \u1780\u17bc\u1793\u1780\u17d2\u1798\u17c1\u1784 \u178f\u17bc\u1785(f\u00ebmij\u00eb t\u00eb vegj\u00ebl)<\/strong><\/p>\n\n\n\n<h3 class=\"wp-block-heading\" id=\"h-6-engaging-with-the-language\">6. Angazhimi me gjuh\u00ebn<\/h3>\n\n\n\n<p>M\u00ebnyra m\u00eb efektive p\u00ebr t\u00eb kuptuar dhe p\u00ebrvet\u00ebsuar plot\u00ebsisht gramatik\u00ebn Khmer \u00ebsht\u00eb angazhimi i vazhduesh\u00ebm me gjuh\u00ebn. Duke lexuar let\u00ebrsin\u00eb Khmer, duke par\u00eb filma ose seriale televizive Khmer, duke d\u00ebgjuar muzik\u00eb Khmer dhe duke komunikuar n\u00eb m\u00ebnyr\u00eb aktive me fol\u00ebsit amtare, ju do t\u00eb p\u00ebrforconi t\u00eb kuptuarit tuaj t\u00eb gramatik\u00ebs duke zgjeruar fjalorin tuaj.<\/p>\n\n\n\n<h3 class=\"wp-block-heading\" id=\"h-conclusion\">P\u00ebrfundimi<\/h3>\n\n\n\n<p>Megjith\u00ebse gramatika Khmer mund t\u00eb duket e nd\u00ebrlikuar, ju mund t\u00eb b\u00ebheni t\u00eb aft\u00eb n\u00eb k\u00ebt\u00eb gjuh\u00eb t\u00eb bukur me p\u00ebrkushtim, praktik\u00eb dhe entuziaz\u00ebm. Duke u fokusuar n\u00eb rregullat themelore dhe duke u angazhuar me gjuh\u00ebn n\u00eb kontekste t\u00eb ndryshme, ju do t\u00eb p\u00ebrmir\u00ebsoni <a href=\"https:\/\/talkpal.ai\/sq\/gramatika\/\">me shpejt\u00ebsi aft\u00ebsit\u00eb tuaja gramatikore<\/a> Khmer. Somnang laor (fat i mir\u00eb) me udh\u00ebtimin tuaj n\u00eb gjuh\u00ebn Khmer dhe k\u00ebnaquni duke zbuluar bot\u00ebn enigmatike por magjeps\u00ebse t\u00eb gramatik\u00ebs Khmer!<\/p>\n<\/div><\/div>\n\r\n<section class=\"learnNavigationSection\">\r\n            \r\n        <a href=\"https:\/\/talkpal.ai\/sq\/mesoni-khmer\/\">\r\n            <div class=\"learnNavigationWrapper\">\r\n                <div class=\"learnNavigationContent\">\r\n                    <img decoding=\"async\" src=\"https:\/\/talkpal.ai\/wp-content\/uploads\/2025\/11\/Khmer.png\" alt=\"Cambodian Flag\">\r\n                    <div>\r\n                        <h4>Rreth m\u00ebsimit Khmer<\/h4>\r\n                        <p>Zbuloni gjith\u00e7ka rreth gramatik\u00ebs Khmer.<\/p>\r\n                    <\/div>\r\n                <\/div>\r\n            <\/div>\r\n        <\/a>\r\n\r\n        \r\n        <a href=\"https:\/\/talkpal.ai\/sq\/ushtrime-gramatikore-khmer\/\">\r\n            <div class=\"learnNavigationWrapper\">\r\n                <div class=\"learnNavigationContent\">\r\n                    <img decoding=\"async\" src=\"https:\/\/talkpal.ai\/wp-content\/uploads\/2025\/11\/Khmer.png\" alt=\"Cambodian Flag\">\r\n                    <div>\r\n                        <h4>Ushtrimi i gramatik\u00ebs Khmer<\/h4>\r\n                        <p>Praktikoni gramatik\u00ebn Khmer.<\/p>\r\n                    <\/div>\r\n                <\/div>\r\n            <\/div>\r\n        <\/a>\r\n\r\n            <\/section>","protected":false},"excerpt":{"rendered":"<p>Lundrimi n\u00eb nd\u00ebrlikimet e gramatik\u00ebs Khmer Khmer, gjuha komb\u00ebtare e Kamboxhias dhe nj\u00eb gjuh\u00eb kryesore austroaziatike me nj\u00eb tradit\u00eb t\u00eb thell\u00eb letrare, ofron nj\u00eb p\u00ebrvoj\u00eb emocionuese gjuh\u00ebsore p\u00ebr ata q\u00eb d\u00ebshirojn\u00eb t\u00eb eksplorojn\u00eb sistemin e saj unik gramatikor. Nd\u00ebrsa hyni n\u00eb mbret\u00ebrin\u00eb e Khmer, jo vet\u00ebm q\u00eb do t\u00eb pasuroni repertorin tuaj gjuh\u00ebsor, por edhe [&hellip;]<\/p>\n","protected":false},"author":20,"featured_media":0,"parent":0,"menu_order":0,"comment_status":"closed","ping_status":"closed","template":"LearningContentPage.php","meta":{"_acf_changed":false,"footnotes":""},"class_list":["post-1474766","page","type-page","status-publish","hentry"],"acf":[],"yoast_head":"<!-- This site is optimized with the Yoast SEO Premium plugin v27.2 (Yoast SEO v27.2) - https:\/\/yoast.com\/product\/yoast-seo-premium-wordpress\/ -->\n<title>Gramatika Khmer - Talkpal<\/title>\n<meta name=\"description\" content=\"Zot\u00ebroni bazat e gramatik\u00ebs Khmer, duke p\u00ebrfshir\u00eb alfabetin, fonetik\u00ebn dhe struktur\u00ebn e fjalive me udh\u00ebzuesin ton\u00eb gjith\u00ebp\u00ebrfshir\u00ebs t\u00eb t\u00eb m\u00ebsuarit t\u00eb gjuh\u00ebve.\" \/>\n<meta name=\"robots\" content=\"index, follow, max-snippet:-1, max-image-preview:large, max-video-preview:-1\" \/>\n<link rel=\"canonical\" href=\"https:\/\/talkpal.ai\/sq\/gramatika-khmer\/\" \/>\n<meta property=\"og:locale\" content=\"sq_AL\" \/>\n<meta property=\"og:type\" content=\"article\" \/>\n<meta property=\"og:title\" content=\"Gramatika Khmer\" \/>\n<meta property=\"og:description\" content=\"Lundrimi n\u00eb nd\u00ebrlikimet e gramatik\u00ebs Khmer Khmer, gjuha komb\u00ebtare e Kamboxhias dhe nj\u00eb gjuh\u00eb kryesore austroaziatike me nj\u00eb tradit\u00eb t\u00eb thell\u00eb letrare,\" \/>\n<meta property=\"og:url\" content=\"https:\/\/talkpal.ai\/sq\/gramatika-khmer\/\" \/>\n<meta property=\"og:site_name\" content=\"Talkpal\" \/>\n<meta property=\"article:publisher\" content=\"https:\/\/www.facebook.com\/profile.php?id=100090733639311\" \/>\n<meta property=\"article:modified_time\" content=\"2025-12-30T14:42:18+00:00\" \/>\n<meta property=\"og:image\" content=\"https:\/\/talkpal.ai\/wp-content\/uploads\/2025\/02\/Progress-tab-16_9.png\" \/>\n\t<meta property=\"og:image:width\" content=\"2880\" \/>\n\t<meta property=\"og:image:height\" content=\"1620\" \/>\n\t<meta property=\"og:image:type\" content=\"image\/png\" \/>\n<meta name=\"twitter:card\" content=\"summary_large_image\" \/>\n<meta name=\"twitter:site\" content=\"@talkpalai\" \/>\n<meta name=\"twitter:label1\" content=\"Est. reading time\" \/>\n\t<meta name=\"twitter:data1\" content=\"4 minutes\" \/>\n<script type=\"application\/ld+json\" class=\"yoast-schema-graph\">{\"@context\":\"https:\/\/schema.org\",\"@graph\":[{\"@type\":\"WebPage\",\"@id\":\"https:\/\/talkpal.ai\/sq\/gramatika-khmer\/\",\"url\":\"https:\/\/talkpal.ai\/sq\/gramatika-khmer\/\",\"name\":\"Gramatika Khmer - Talkpal\",\"isPartOf\":{\"@id\":\"https:\/\/talkpal.ai\/sq\/#website\"},\"datePublished\":\"2025-11-12T11:25:16+00:00\",\"dateModified\":\"2025-12-30T14:42:18+00:00\",\"description\":\"Zot\u00ebroni bazat e gramatik\u00ebs Khmer, duke p\u00ebrfshir\u00eb alfabetin, fonetik\u00ebn dhe struktur\u00ebn e fjalive me udh\u00ebzuesin ton\u00eb gjith\u00ebp\u00ebrfshir\u00ebs t\u00eb t\u00eb m\u00ebsuarit t\u00eb gjuh\u00ebve.\",\"breadcrumb\":{\"@id\":\"https:\/\/talkpal.ai\/sq\/gramatika-khmer\/#breadcrumb\"},\"inLanguage\":\"sq-AL\",\"potentialAction\":[{\"@type\":\"ReadAction\",\"target\":[\"https:\/\/talkpal.ai\/sq\/gramatika-khmer\/\"]}]},{\"@type\":\"BreadcrumbList\",\"@id\":\"https:\/\/talkpal.ai\/sq\/gramatika-khmer\/#breadcrumb\",\"itemListElement\":[{\"@type\":\"ListItem\",\"position\":1,\"name\":\"Homepage\",\"item\":\"https:\/\/talkpal.ai\/sq\/\"},{\"@type\":\"ListItem\",\"position\":2,\"name\":\"Gramatika Khmer\"}]},{\"@type\":\"WebSite\",\"@id\":\"https:\/\/talkpal.ai\/sq\/#website\",\"url\":\"https:\/\/talkpal.ai\/sq\/\",\"name\":\"Talkpal\",\"description\":\"AI Language Learning\",\"publisher\":{\"@id\":\"https:\/\/talkpal.ai\/sq\/#organization\"},\"alternateName\":\"Talkpal AI\",\"potentialAction\":[{\"@type\":\"SearchAction\",\"target\":{\"@type\":\"EntryPoint\",\"urlTemplate\":\"https:\/\/talkpal.ai\/sq\/?s={search_term_string}\"},\"query-input\":{\"@type\":\"PropertyValueSpecification\",\"valueRequired\":true,\"valueName\":\"search_term_string\"}}],\"inLanguage\":\"sq-AL\"},{\"@type\":\"Organization\",\"@id\":\"https:\/\/talkpal.ai\/sq\/#organization\",\"name\":\"Talkpal, Inc.\",\"alternateName\":\"Talkpal AI\",\"url\":\"https:\/\/talkpal.ai\/sq\/\",\"logo\":{\"@type\":\"ImageObject\",\"inLanguage\":\"sq-AL\",\"@id\":\"https:\/\/talkpal.ai\/sq\/#\/schema\/logo\/image\/\",\"url\":\"https:\/\/talkpal.ai\/wp-content\/uploads\/2024\/03\/Talkpal-Logo-Icon.png\",\"contentUrl\":\"https:\/\/talkpal.ai\/wp-content\/uploads\/2024\/03\/Talkpal-Logo-Icon.png\",\"width\":2880,\"height\":2880,\"caption\":\"Talkpal, Inc.\"},\"image\":{\"@id\":\"https:\/\/talkpal.ai\/sq\/#\/schema\/logo\/image\/\"},\"sameAs\":[\"https:\/\/www.facebook.com\/profile.php?id=100090733639311\",\"https:\/\/x.com\/talkpalai\",\"https:\/\/www.linkedin.com\/company\/talkpal\/\",\"https:\/\/www.youtube.com\/@TalkPal\/\",\"https:\/\/www.tiktok.com\/@talkpal\",\"https:\/\/www.instagram.com\/talkpal_ai\/\",\"https:\/\/www.crunchbase.com\/organization\/talkpal-9cde\",\"https:\/\/www.g2.com\/products\/talkpal-for-business\/\",\"https:\/\/www.trustpilot.com\/review\/talkpal.ai\",\"https:\/\/www.capterra.com\/p\/10006800\/TalkPal\/\"],\"description\":\"Talkpal is a language learning web and mobile education app, powered by the latest AI technologies, that provides engaging experiences to its customers in many different languages to help them improve their language skills. Users can chat about unlimited amount of topics with the app and use other modes to practice their language learning.\",\"email\":\"support@talkpal.ai\",\"legalName\":\"Talkpal, Inc.\",\"foundingDate\":\"2023-04-03\",\"duns\":\"118989042\",\"numberOfEmployees\":{\"@type\":\"QuantitativeValue\",\"minValue\":\"11\",\"maxValue\":\"50\"},\"publishingPrinciples\":\"https:\/\/talkpal.ai\/publishing-principles\/\",\"actionableFeedbackPolicy\":\"https:\/\/talkpal.ai\/actionable-feedback-policy\/\",\"correctionsPolicy\":\"https:\/\/talkpal.ai\/corrections-policy\/\",\"ethicsPolicy\":\"https:\/\/talkpal.ai\/ethics-policy\/\",\"diversityPolicy\":\"https:\/\/talkpal.ai\/diversity-policy\/\",\"diversityStaffingReport\":\"https:\/\/talkpal.ai\/diversity-policy\/\"}]}<\/script>\n<!-- \/ Yoast SEO Premium plugin. -->","yoast_head_json":{"title":"Gramatika Khmer - Talkpal","description":"Zot\u00ebroni bazat e gramatik\u00ebs Khmer, duke p\u00ebrfshir\u00eb alfabetin, fonetik\u00ebn dhe struktur\u00ebn e fjalive me udh\u00ebzuesin ton\u00eb gjith\u00ebp\u00ebrfshir\u00ebs t\u00eb t\u00eb m\u00ebsuarit t\u00eb gjuh\u00ebve.","robots":{"index":"index","follow":"follow","max-snippet":"max-snippet:-1","max-image-preview":"max-image-preview:large","max-video-preview":"max-video-preview:-1"},"canonical":"https:\/\/talkpal.ai\/sq\/gramatika-khmer\/","og_locale":"sq_AL","og_type":"article","og_title":"Gramatika Khmer","og_description":"Lundrimi n\u00eb nd\u00ebrlikimet e gramatik\u00ebs Khmer Khmer, gjuha komb\u00ebtare e Kamboxhias dhe nj\u00eb gjuh\u00eb kryesore austroaziatike me nj\u00eb tradit\u00eb t\u00eb thell\u00eb letrare,","og_url":"https:\/\/talkpal.ai\/sq\/gramatika-khmer\/","og_site_name":"Talkpal","article_publisher":"https:\/\/www.facebook.com\/profile.php?id=100090733639311","article_modified_time":"2025-12-30T14:42:18+00:00","og_image":[{"width":2880,"height":1620,"url":"https:\/\/talkpal.ai\/wp-content\/uploads\/2025\/02\/Progress-tab-16_9.png","type":"image\/png"}],"twitter_card":"summary_large_image","twitter_site":"@talkpalai","twitter_misc":{"Est. reading time":"4 minutes"},"schema":{"@context":"https:\/\/schema.org","@graph":[{"@type":"WebPage","@id":"https:\/\/talkpal.ai\/sq\/gramatika-khmer\/","url":"https:\/\/talkpal.ai\/sq\/gramatika-khmer\/","name":"Gramatika Khmer - Talkpal","isPartOf":{"@id":"https:\/\/talkpal.ai\/sq\/#website"},"datePublished":"2025-11-12T11:25:16+00:00","dateModified":"2025-12-30T14:42:18+00:00","description":"Zot\u00ebroni bazat e gramatik\u00ebs Khmer, duke p\u00ebrfshir\u00eb alfabetin, fonetik\u00ebn dhe struktur\u00ebn e fjalive me udh\u00ebzuesin ton\u00eb gjith\u00ebp\u00ebrfshir\u00ebs t\u00eb t\u00eb m\u00ebsuarit t\u00eb gjuh\u00ebve.","breadcrumb":{"@id":"https:\/\/talkpal.ai\/sq\/gramatika-khmer\/#breadcrumb"},"inLanguage":"sq-AL","potentialAction":[{"@type":"ReadAction","target":["https:\/\/talkpal.ai\/sq\/gramatika-khmer\/"]}]},{"@type":"BreadcrumbList","@id":"https:\/\/talkpal.ai\/sq\/gramatika-khmer\/#breadcrumb","itemListElement":[{"@type":"ListItem","position":1,"name":"Homepage","item":"https:\/\/talkpal.ai\/sq\/"},{"@type":"ListItem","position":2,"name":"Gramatika Khmer"}]},{"@type":"WebSite","@id":"https:\/\/talkpal.ai\/sq\/#website","url":"https:\/\/talkpal.ai\/sq\/","name":"Talkpal","description":"AI Language Learning","publisher":{"@id":"https:\/\/talkpal.ai\/sq\/#organization"},"alternateName":"Talkpal AI","potentialAction":[{"@type":"SearchAction","target":{"@type":"EntryPoint","urlTemplate":"https:\/\/talkpal.ai\/sq\/?s={search_term_string}"},"query-input":{"@type":"PropertyValueSpecification","valueRequired":true,"valueName":"search_term_string"}}],"inLanguage":"sq-AL"},{"@type":"Organization","@id":"https:\/\/talkpal.ai\/sq\/#organization","name":"Talkpal, Inc.","alternateName":"Talkpal AI","url":"https:\/\/talkpal.ai\/sq\/","logo":{"@type":"ImageObject","inLanguage":"sq-AL","@id":"https:\/\/talkpal.ai\/sq\/#\/schema\/logo\/image\/","url":"https:\/\/talkpal.ai\/wp-content\/uploads\/2024\/03\/Talkpal-Logo-Icon.png","contentUrl":"https:\/\/talkpal.ai\/wp-content\/uploads\/2024\/03\/Talkpal-Logo-Icon.png","width":2880,"height":2880,"caption":"Talkpal, Inc."},"image":{"@id":"https:\/\/talkpal.ai\/sq\/#\/schema\/logo\/image\/"},"sameAs":["https:\/\/www.facebook.com\/profile.php?id=100090733639311","https:\/\/x.com\/talkpalai","https:\/\/www.linkedin.com\/company\/talkpal\/","https:\/\/www.youtube.com\/@TalkPal\/","https:\/\/www.tiktok.com\/@talkpal","https:\/\/www.instagram.com\/talkpal_ai\/","https:\/\/www.crunchbase.com\/organization\/talkpal-9cde","https:\/\/www.g2.com\/products\/talkpal-for-business\/","https:\/\/www.trustpilot.com\/review\/talkpal.ai","https:\/\/www.capterra.com\/p\/10006800\/TalkPal\/"],"description":"Talkpal is a language learning web and mobile education app, powered by the latest AI technologies, that provides engaging experiences to its customers in many different languages to help them improve their language skills. Users can chat about unlimited amount of topics with the app and use other modes to practice their language learning.","email":"support@talkpal.ai","legalName":"Talkpal, Inc.","foundingDate":"2023-04-03","duns":"118989042","numberOfEmployees":{"@type":"QuantitativeValue","minValue":"11","maxValue":"50"},"publishingPrinciples":"https:\/\/talkpal.ai\/publishing-principles\/","actionableFeedbackPolicy":"https:\/\/talkpal.ai\/actionable-feedback-policy\/","correctionsPolicy":"https:\/\/talkpal.ai\/corrections-policy\/","ethicsPolicy":"https:\/\/talkpal.ai\/ethics-policy\/","diversityPolicy":"https:\/\/talkpal.ai\/diversity-policy\/","diversityStaffingReport":"https:\/\/talkpal.ai\/diversity-policy\/"}]}},"_links":{"self":[{"href":"https:\/\/talkpal.ai\/sq\/wp-json\/wp\/v2\/pages\/1474766","targetHints":{"allow":["GET"]}}],"collection":[{"href":"https:\/\/talkpal.ai\/sq\/wp-json\/wp\/v2\/pages"}],"about":[{"href":"https:\/\/talkpal.ai\/sq\/wp-json\/wp\/v2\/types\/page"}],"author":[{"embeddable":true,"href":"https:\/\/talkpal.ai\/sq\/wp-json\/wp\/v2\/users\/20"}],"replies":[{"embeddable":true,"href":"https:\/\/talkpal.ai\/sq\/wp-json\/wp\/v2\/comments?post=1474766"}],"version-history":[{"count":0,"href":"https:\/\/talkpal.ai\/sq\/wp-json\/wp\/v2\/pages\/1474766\/revisions"}],"wp:attachment":[{"href":"https:\/\/talkpal.ai\/sq\/wp-json\/wp\/v2\/media?parent=1474766"}],"curies":[{"name":"wp","href":"https:\/\/api.w.org\/{rel}","templated":true}]}}