{"id":1474757,"date":"2025-11-12T10:09:38","date_gmt":"2025-11-12T10:09:38","guid":{"rendered":"https:\/\/talkpal.ai\/gramatika-javaneze\/"},"modified":"2025-12-30T15:03:33","modified_gmt":"2025-12-30T15:03:33","slug":"gramatika-javaneze","status":"publish","type":"page","link":"https:\/\/talkpal.ai\/sq\/gramatika-javaneze\/","title":{"rendered":"Gramatika javaneze"},"content":{"rendered":"\r\n\r\n\r\n<section class=\"languageChallengeSection\">\r\n    <div class=\"languageInfoWrapper\">\r\n        \r\n        <h1>Gramatika javaneze<\/h1>\r\n        <p><a href=\"https:\/\/talkpal.ai\/sq\/gramatika\/\">Gramatika<\/a> javaneze mund t\u00eb duket sfiduese n\u00eb fillim, por ve\u00e7orit\u00eb e saj unike e b\u00ebjn\u00eb m\u00ebsimin e gjuh\u00ebs nj\u00eb p\u00ebrvoj\u00eb shp\u00ebrblyese. Duke eksploruar alfabetin, mutacionet dhe rregullat gramatikore, do t\u00eb fitoni njohuri p\u00ebr nj\u00eb tradit\u00eb t\u00eb pasur gjuh\u00ebsore. Filloni udh\u00ebtimin tuaj dhe zbuloni bukurin\u00eb e Javanezes!<\/p>\r\n\r\n                            <a class=\"getStartedHidden\" href=\"https:\/\/app.talkpal.ai\/signup?lng=\">Filloni<\/a>\r\n        \r\n    <\/div>\r\n\r\n    <figure>\r\n    <img decoding=\"async\" width=\"768\" height=\"768\" src=\"https:\/\/talkpal.ai\/wp-content\/uploads\/2023\/06\/welsh-768x768.png\" class=\"languageImage no-lazy\" alt=\"Language learning for better cognitive abilities\" fetchpriority=\"high\" sizes=\"(max-width: 768px) 150px, 768px\" srcset=\"https:\/\/talkpal.ai\/wp-content\/uploads\/2023\/06\/welsh-768x768.png 768w, https:\/\/talkpal.ai\/wp-content\/uploads\/2023\/06\/welsh-300x300.png 300w\" \/>\r\n    \r\n\r\n    <\/figure>\r\n\r\n            <a class=\"getStartedVisible\" href=\"https:\/\/app.talkpal.ai\/signup?lng=\">Filloni<\/a>\r\n    \r\n<\/section><section class=\"promotionalBanner\">\r\n    <p class=\"promotionalText\">M\u00ebnyra m\u00eb efikase p\u00ebr t\u00eb m\u00ebsuar nj\u00eb gjuh\u00eb<\/p>\r\n    <a class=\"promotionalLink\" href=\"https:\/\/app.talkpal.ai\/signup?lng=\">Provoni Talkpal falas<\/a>\r\n<\/section>\n<div class=\"wp-block-group pageContainerStyle\"><div class=\"wp-block-group__inner-container is-layout-constrained wp-block-group-is-layout-constrained\">\n<h2 class=\"wp-block-heading\" id=\"h-navigating-the-intricacies-of-javanese-grammar\">Lundrimi n\u00eb nd\u00ebrlikimet e gramatik\u00ebs javane<\/h2>\n\n\n\n<p><a href=\"https:\/\/talkpal.ai\/sq\/mesoni-javanezisht\/\">Javaneze<\/a>, nj\u00eb gjuh\u00eb austroneziane me nj\u00eb histori t\u00eb pasur dhe r\u00ebnd\u00ebsi kulturore, ofron nj\u00eb p\u00ebrvoj\u00eb emocionuese gjuh\u00ebsore p\u00ebr ata q\u00eb d\u00ebshirojn\u00eb t\u00eb eksplorojn\u00eb sistemin e saj unik gramatikor. Nd\u00ebrsa hyni n\u00eb mbret\u00ebrin\u00eb e javaneze, jo vet\u00ebm q\u00eb do t\u00eb pasuroni repertorin tuaj gjuh\u00ebsor, por edhe do t\u00eb p\u00ebrqafoni nj\u00eb udh\u00ebtim kulturor magjeps\u00ebs. Nd\u00ebrsa gramatika javaneze mund t\u00eb duket e komplikuar n\u00eb fillim, zb\u00ebrthimi i saj n\u00eb komponent\u00eb thelb\u00ebsor\u00eb e b\u00ebn m\u00ebsimin e gjuh\u00ebs m\u00eb t\u00eb arritsh\u00ebm. N\u00eb k\u00ebt\u00eb artikull, ne do t\u00eb eksplorojm\u00eb bot\u00ebn magjeps\u00ebse t\u00eb gramatik\u00ebs javane dhe do t\u00eb japim k\u00ebshilla <a href=\"https:\/\/talkpal.ai\/culture\/what-is-the-difference-between-se-and-si\/\">se si<\/a> t\u00eb zot\u00ebroni kompleksitetin e saj.<\/p>\n\n\n\n<h3 class=\"wp-block-heading\" id=\"h-1-javanese-alphabet-and-phonetics\">1. Alfabeti dhe fonetika javane<\/h3>\n\n\n\n<p>Javanese sot zakonisht shkruhet me alfabetin latin, megjith\u00ebse ka gjithashtu nj\u00eb shkrim <a href=\"https:\/\/talkpal.ai\/will-ai-kill-traditional-language-learning\/\">tradicional<\/a> t\u00eb njohur si Aksara Jawa ose Hanacaraka. P\u00ebr t\u00eb m\u00ebsuar gramatik\u00ebn javaneze, \u00ebsht\u00eb thelb\u00ebsore t\u00eb njiheni si me drejtshkrimin modern t\u00eb bazuar n\u00eb latinisht dhe, n\u00ebse zgjidhni, me shkrimin tradicional. Karakteristikat kryesore fonetike p\u00ebrfshijn\u00eb dallimin midis e \/\u0259\/ dhe \u00e9 \/e\/, ng hund\u00ebs velare dhe <a href=\"https:\/\/talkpal.ai\/talkpal-new-years-discount\/\">ny<\/a> palatale, dhe nj\u00eb ndales\u00eb glottale q\u00eb mund t\u00eb shfaqet n\u00eb disa dialekte. Praktikimi i leximit dhe shkrimit n\u00eb t\u00eb dy sistemet do t\u00eb nd\u00ebrtoj\u00eb nj\u00eb baz\u00eb solide p\u00ebr gramatik\u00ebn.<\/p>\n\n\n\n<h3 class=\"wp-block-heading\" id=\"h-2-nouns-and-pronouns-number-and-levels\">2. Emrat dhe p\u00ebremrat: Numri dhe nivelet<\/h3>\n\n\n\n<p>Nj\u00eb aspekt i habitsh\u00ebm i javanezes \u00ebsht\u00eb m\u00ebnyra se si disa parashtesa shkaktojn\u00eb ndryshime n\u00eb bashk\u00ebting\u00eblloren fillestare t\u00eb nj\u00eb fjale. Prefiksi verbal i hund\u00ebs N- shkakton alternime t\u00eb tilla si p b\u00ebhet m, t b\u00ebhet n, k b\u00ebhet ng dhe s b\u00ebhet ny. T\u00eb kuptuarit se kur dhe si ndodhin k\u00ebto alternime \u00ebsht\u00eb jetik p\u00ebr komunikim t\u00eb sakt\u00eb n\u00eb Javaneze. Shembujt p\u00ebrfshijn\u00eb pangan n\u00eb mangan, tulis n\u00eb nulis, gawe n\u00eb nggawe dhe sapu n\u00eb nyapu.<\/p>\n\n\n\n<h3 class=\"wp-block-heading\" id=\"h-3-nouns-and-pronouns-gender-and-cases\">3. Emrat dhe p\u00ebremrat: Gjinia dhe rastet<\/h3>\n\n\n\n<p>Emrat javanez\u00eb nuk kan\u00eb gjini gramatikore ose raste. Pluraliteti \u00ebsht\u00eb shpesh opsional dhe mund t\u00eb shprehet me ridyfishim ose grimca p\u00ebr respekt dhe kolektiv\u00eb, t\u00eb tilla si bocah-bocah p\u00ebr f\u00ebmij\u00ebt dhe para p\u00ebr nj\u00eb shum\u00ebs t\u00eb respektuesh\u00ebm t\u00eb njer\u00ebzve. P\u00ebremrat ndryshojn\u00eb sipas nivelit t\u00eb t\u00eb folurit, i cili \u00ebsht\u00eb qendror n\u00eb javaneze: forma ngoko si aku, kowe, dheweke dhe forma krama si <a href=\"https:\/\/talkpal.ai\/locations\/language-courses-in-kula\/\">kula<\/a>, panjenengan, piyambakipun. Zot\u00ebrimi mund t\u00eb sh\u00ebnohet me enklitika t\u00eb tilla si -ku, -mu dhe -e, dhe demonstrativ\u00ebt p\u00ebrfshijn\u00eb iki this dhe iku that.<\/p>\n\n\n\n<h3 class=\"wp-block-heading\" id=\"h-4-verbs-structure-and-conjugation\">4. Foljet: Struktura dhe konjugimi<\/h3>\n\n\n\n<p>Foljet javaneze nuk konjugohen p\u00ebr person ose koh\u00eb. N\u00eb vend t\u00eb k\u00ebsaj, aspekti, humori dhe koha shprehen p\u00ebrmes grimcave dhe ndihm\u00ebsve t\u00eb tilla si wis tashm\u00eb, gjat\u00eb jo ende, lagi n\u00eb progres, arep ose bakal p\u00ebr t\u00eb ardhmen ose q\u00ebllimin. Z\u00ebri dhe valenca trajtohen me morfologji, duke p\u00ebrfshir\u00eb prefiksin aktiv t\u00eb hund\u00ebs N-, pasivin di- dhe n\u00eb kontekste m\u00eb formale ose letrare ka-. Proklitik\u00eb si tak- mund t\u00eb sh\u00ebnoj\u00eb nj\u00eb agjent t\u00eb vet\u00ebs s\u00eb par\u00eb n\u00eb disa stile. Zot\u00ebrimi i k\u00ebtyre modeleve do t\u00eb p\u00ebrmir\u00ebsoj\u00eb aft\u00ebsin\u00eb tuaj p\u00ebr t\u00eb komunikuar n\u00eb m\u00ebnyr\u00eb efektive n\u00eb Javaneze.<\/p>\n\n\n\n<h3 class=\"wp-block-heading\" id=\"h-5-adjectives-agreement-and-placement\">5. Mbiemrat: Marr\u00ebveshja dhe vendosja<\/h3>\n\n\n\n<p>N\u00eb gramatik\u00ebn javaneze, mbiemrat zakonisht ndjekin emrin q\u00eb modifikojn\u00eb dhe nuk pajtohen n\u00eb num\u00ebr ose gjini. Kuptimet krahasuese dhe superlative zakonisht formohen me luwih m\u00eb shum\u00eb dhe zbehje m\u00eb shum\u00eb, shpesh me saka sesa p\u00ebr t\u00eb sh\u00ebnuar krahasimin. Riduplikimi ose intensifikuesit si banget shum\u00eb mund t\u00eb shtojn\u00eb nuanca.<\/p>\n\n\n\n<p><strong>Shembuj:<\/strong><\/p>\n\n\n\n<p><strong>\u2013 Tresna Gedhe<\/strong><\/p>\n\n\n\n<p><strong>\u2013 Bocah-Bocah Cilik (F\u00ebmij\u00eb t\u00eb vegj\u00ebl)<\/strong><\/p>\n\n\n\n<h3 class=\"wp-block-heading\" id=\"h-6-engaging-with-the-language\">6. Angazhimi me gjuh\u00ebn<\/h3>\n\n\n\n<p>M\u00ebnyra m\u00eb efektive p\u00ebr t\u00eb kuptuar dhe p\u00ebrvet\u00ebsuar plot\u00ebsisht gramatik\u00ebn javane \u00ebsht\u00eb angazhimi i vazhduesh\u00ebm me gjuh\u00ebn. Duke lexuar let\u00ebrsin\u00eb javane dhe tekstet e k\u00ebng\u00ebve, duke par\u00eb <a href=\"https:\/\/talkpal.ai\/culture\/what-is-the-language-used-in-wayang-kulit\/\">wayang kulit<\/a> ose media bashk\u00ebkohore javaneze, duke d\u00ebgjuar tembang macapat dhe duke komunikuar n\u00eb m\u00ebnyr\u00eb aktive me fol\u00ebsit amtare n\u00eb regjistra t\u00eb ndrysh\u00ebm, ju do t\u00eb p\u00ebrforconi t\u00eb kuptuarit tuaj t\u00eb gramatik\u00ebs duke zgjeruar fjalorin tuaj.<\/p>\n\n\n\n<h3 class=\"wp-block-heading\" id=\"h-conclusion\">P\u00ebrfundimi<\/h3>\n\n\n\n<p>Megjith\u00ebse gramatika javaneze mund t\u00eb duket e nd\u00ebrlikuar, ju mund t\u00eb b\u00ebheni t\u00eb aft\u00eb n\u00eb k\u00ebt\u00eb gjuh\u00eb t\u00eb bukur me p\u00ebrkushtim, praktik\u00eb dhe entuziaz\u00ebm. Duke u fokusuar n\u00eb rregullat themelore dhe duke u angazhuar me gjuh\u00ebn n\u00eb kontekste t\u00eb ndryshme, ju do t\u00eb p\u00ebrmir\u00ebsoni <a href=\"https:\/\/talkpal.ai\/sq\/gramatika\/\">me shpejt\u00ebsi aft\u00ebsit\u00eb tuaja gramatikore<\/a> javaneze. Muga-muga sukses (fat i mir\u00eb) me udh\u00ebtimin tuaj n\u00eb gjuh\u00ebn javane dhe shijoni zbulimin e bot\u00ebs enigmatike por magjeps\u00ebse t\u00eb gramatik\u00ebs javaneze!<\/p>\n<\/div><\/div>\n\r\n<section class=\"learnNavigationSection\">\r\n            \r\n        <a href=\"https:\/\/talkpal.ai\/sq\/mesoni-javanezisht\/\">\r\n            <div class=\"learnNavigationWrapper\">\r\n                <div class=\"learnNavigationContent\">\r\n                    <img decoding=\"async\" src=\"https:\/\/talkpal.ai\/wp-content\/uploads\/2025\/11\/Javanese.png\" alt=\"Indonesian Flag\">\r\n                    <div>\r\n                        <h4>Rreth m\u00ebsimit javanez<\/h4>\r\n                        <p>Zbuloni gjith\u00e7ka rreth gramatik\u00ebs javaneze.<\/p>\r\n                    <\/div>\r\n                <\/div>\r\n            <\/div>\r\n        <\/a>\r\n\r\n        \r\n        <a href=\"https:\/\/talkpal.ai\/sq\/ushtrime-gramatikore-javane\/\">\r\n            <div class=\"learnNavigationWrapper\">\r\n                <div class=\"learnNavigationContent\">\r\n                    <img decoding=\"async\" src=\"https:\/\/talkpal.ai\/wp-content\/uploads\/2025\/11\/Javanese.png\" alt=\"Indonesian Flag\">\r\n                    <div>\r\n                        <h4>Ushtrimi i gramatik\u00ebs javane<\/h4>\r\n                        <p>Praktikoni gramatik\u00ebn javaneze.<\/p>\r\n                    <\/div>\r\n                <\/div>\r\n            <\/div>\r\n        <\/a>\r\n\r\n            <\/section>","protected":false},"excerpt":{"rendered":"<p>Lundrimi n\u00eb nd\u00ebrlikimet e gramatik\u00ebs javane Javaneze, nj\u00eb gjuh\u00eb austroneziane me nj\u00eb histori t\u00eb pasur dhe r\u00ebnd\u00ebsi kulturore, ofron nj\u00eb p\u00ebrvoj\u00eb emocionuese gjuh\u00ebsore p\u00ebr ata q\u00eb d\u00ebshirojn\u00eb t\u00eb eksplorojn\u00eb sistemin e saj unik gramatikor. Nd\u00ebrsa hyni n\u00eb mbret\u00ebrin\u00eb e javaneze, jo vet\u00ebm q\u00eb do t\u00eb pasuroni repertorin tuaj gjuh\u00ebsor, por edhe do t\u00eb p\u00ebrqafoni nj\u00eb [&hellip;]<\/p>\n","protected":false},"author":20,"featured_media":0,"parent":0,"menu_order":0,"comment_status":"closed","ping_status":"closed","template":"LearningContentPage.php","meta":{"_acf_changed":false,"footnotes":""},"class_list":["post-1474757","page","type-page","status-publish","hentry"],"acf":[],"yoast_head":"<!-- This site is optimized with the Yoast SEO Premium plugin v27.2 (Yoast SEO v27.2) - https:\/\/yoast.com\/product\/yoast-seo-premium-wordpress\/ -->\n<title>Gramatika javaneze - Talkpal<\/title>\n<meta name=\"description\" content=\"Zot\u00ebroni shpejt rregullat gramatikore dhe strukturat e fjalive t\u00eb gjuh\u00ebs javaneze me udh\u00ebzuesin ton\u00eb gjith\u00ebp\u00ebrfshir\u00ebs t\u00eb krijuar p\u00ebr t\u00eb m\u00ebsuar gjuh\u00eb efektive.\" \/>\n<meta name=\"robots\" content=\"index, follow, max-snippet:-1, max-image-preview:large, max-video-preview:-1\" \/>\n<link rel=\"canonical\" href=\"https:\/\/talkpal.ai\/sq\/gramatika-javaneze\/\" \/>\n<meta property=\"og:locale\" content=\"sq_AL\" \/>\n<meta property=\"og:type\" content=\"article\" \/>\n<meta property=\"og:title\" content=\"Gramatika javaneze\" \/>\n<meta property=\"og:description\" content=\"Lundrimi n\u00eb nd\u00ebrlikimet e gramatik\u00ebs javane Javaneze, nj\u00eb gjuh\u00eb austroneziane me nj\u00eb histori t\u00eb pasur dhe r\u00ebnd\u00ebsi kulturore, ofron nj\u00eb p\u00ebrvoj\u00eb emocionuese\" \/>\n<meta property=\"og:url\" content=\"https:\/\/talkpal.ai\/sq\/gramatika-javaneze\/\" \/>\n<meta property=\"og:site_name\" content=\"Talkpal\" \/>\n<meta property=\"article:publisher\" content=\"https:\/\/www.facebook.com\/profile.php?id=100090733639311\" \/>\n<meta property=\"article:modified_time\" content=\"2025-12-30T15:03:33+00:00\" \/>\n<meta property=\"og:image\" content=\"https:\/\/talkpal.ai\/wp-content\/uploads\/2025\/02\/Progress-tab-16_9.png\" \/>\n\t<meta property=\"og:image:width\" content=\"2880\" \/>\n\t<meta property=\"og:image:height\" content=\"1620\" \/>\n\t<meta property=\"og:image:type\" content=\"image\/png\" \/>\n<meta name=\"twitter:card\" content=\"summary_large_image\" \/>\n<meta name=\"twitter:site\" content=\"@talkpalai\" \/>\n<meta name=\"twitter:label1\" content=\"Est. reading time\" \/>\n\t<meta name=\"twitter:data1\" content=\"4 minutes\" \/>\n<script type=\"application\/ld+json\" class=\"yoast-schema-graph\">{\"@context\":\"https:\/\/schema.org\",\"@graph\":[{\"@type\":\"WebPage\",\"@id\":\"https:\/\/talkpal.ai\/sq\/gramatika-javaneze\/\",\"url\":\"https:\/\/talkpal.ai\/sq\/gramatika-javaneze\/\",\"name\":\"Gramatika javaneze - Talkpal\",\"isPartOf\":{\"@id\":\"https:\/\/talkpal.ai\/sq\/#website\"},\"datePublished\":\"2025-11-12T10:09:38+00:00\",\"dateModified\":\"2025-12-30T15:03:33+00:00\",\"description\":\"Zot\u00ebroni shpejt rregullat gramatikore dhe strukturat e fjalive t\u00eb gjuh\u00ebs javaneze me udh\u00ebzuesin ton\u00eb gjith\u00ebp\u00ebrfshir\u00ebs t\u00eb krijuar p\u00ebr t\u00eb m\u00ebsuar gjuh\u00eb efektive.\",\"breadcrumb\":{\"@id\":\"https:\/\/talkpal.ai\/sq\/gramatika-javaneze\/#breadcrumb\"},\"inLanguage\":\"sq-AL\",\"potentialAction\":[{\"@type\":\"ReadAction\",\"target\":[\"https:\/\/talkpal.ai\/sq\/gramatika-javaneze\/\"]}]},{\"@type\":\"BreadcrumbList\",\"@id\":\"https:\/\/talkpal.ai\/sq\/gramatika-javaneze\/#breadcrumb\",\"itemListElement\":[{\"@type\":\"ListItem\",\"position\":1,\"name\":\"Homepage\",\"item\":\"https:\/\/talkpal.ai\/sq\/\"},{\"@type\":\"ListItem\",\"position\":2,\"name\":\"Gramatika javaneze\"}]},{\"@type\":\"WebSite\",\"@id\":\"https:\/\/talkpal.ai\/sq\/#website\",\"url\":\"https:\/\/talkpal.ai\/sq\/\",\"name\":\"Talkpal\",\"description\":\"AI Language Learning\",\"publisher\":{\"@id\":\"https:\/\/talkpal.ai\/sq\/#organization\"},\"alternateName\":\"Talkpal AI\",\"potentialAction\":[{\"@type\":\"SearchAction\",\"target\":{\"@type\":\"EntryPoint\",\"urlTemplate\":\"https:\/\/talkpal.ai\/sq\/?s={search_term_string}\"},\"query-input\":{\"@type\":\"PropertyValueSpecification\",\"valueRequired\":true,\"valueName\":\"search_term_string\"}}],\"inLanguage\":\"sq-AL\"},{\"@type\":\"Organization\",\"@id\":\"https:\/\/talkpal.ai\/sq\/#organization\",\"name\":\"Talkpal, Inc.\",\"alternateName\":\"Talkpal AI\",\"url\":\"https:\/\/talkpal.ai\/sq\/\",\"logo\":{\"@type\":\"ImageObject\",\"inLanguage\":\"sq-AL\",\"@id\":\"https:\/\/talkpal.ai\/sq\/#\/schema\/logo\/image\/\",\"url\":\"https:\/\/talkpal.ai\/wp-content\/uploads\/2024\/03\/Talkpal-Logo-Icon.png\",\"contentUrl\":\"https:\/\/talkpal.ai\/wp-content\/uploads\/2024\/03\/Talkpal-Logo-Icon.png\",\"width\":2880,\"height\":2880,\"caption\":\"Talkpal, Inc.\"},\"image\":{\"@id\":\"https:\/\/talkpal.ai\/sq\/#\/schema\/logo\/image\/\"},\"sameAs\":[\"https:\/\/www.facebook.com\/profile.php?id=100090733639311\",\"https:\/\/x.com\/talkpalai\",\"https:\/\/www.linkedin.com\/company\/talkpal\/\",\"https:\/\/www.youtube.com\/@TalkPal\/\",\"https:\/\/www.tiktok.com\/@talkpal\",\"https:\/\/www.instagram.com\/talkpal_ai\/\",\"https:\/\/www.crunchbase.com\/organization\/talkpal-9cde\",\"https:\/\/www.g2.com\/products\/talkpal-for-business\/\",\"https:\/\/www.trustpilot.com\/review\/talkpal.ai\",\"https:\/\/www.capterra.com\/p\/10006800\/TalkPal\/\"],\"description\":\"Talkpal is a language learning web and mobile education app, powered by the latest AI technologies, that provides engaging experiences to its customers in many different languages to help them improve their language skills. Users can chat about unlimited amount of topics with the app and use other modes to practice their language learning.\",\"email\":\"support@talkpal.ai\",\"legalName\":\"Talkpal, Inc.\",\"foundingDate\":\"2023-04-03\",\"duns\":\"118989042\",\"numberOfEmployees\":{\"@type\":\"QuantitativeValue\",\"minValue\":\"11\",\"maxValue\":\"50\"},\"publishingPrinciples\":\"https:\/\/talkpal.ai\/publishing-principles\/\",\"actionableFeedbackPolicy\":\"https:\/\/talkpal.ai\/actionable-feedback-policy\/\",\"correctionsPolicy\":\"https:\/\/talkpal.ai\/corrections-policy\/\",\"ethicsPolicy\":\"https:\/\/talkpal.ai\/ethics-policy\/\",\"diversityPolicy\":\"https:\/\/talkpal.ai\/diversity-policy\/\",\"diversityStaffingReport\":\"https:\/\/talkpal.ai\/diversity-policy\/\"}]}<\/script>\n<!-- \/ Yoast SEO Premium plugin. -->","yoast_head_json":{"title":"Gramatika javaneze - Talkpal","description":"Zot\u00ebroni shpejt rregullat gramatikore dhe strukturat e fjalive t\u00eb gjuh\u00ebs javaneze me udh\u00ebzuesin ton\u00eb gjith\u00ebp\u00ebrfshir\u00ebs t\u00eb krijuar p\u00ebr t\u00eb m\u00ebsuar gjuh\u00eb efektive.","robots":{"index":"index","follow":"follow","max-snippet":"max-snippet:-1","max-image-preview":"max-image-preview:large","max-video-preview":"max-video-preview:-1"},"canonical":"https:\/\/talkpal.ai\/sq\/gramatika-javaneze\/","og_locale":"sq_AL","og_type":"article","og_title":"Gramatika javaneze","og_description":"Lundrimi n\u00eb nd\u00ebrlikimet e gramatik\u00ebs javane Javaneze, nj\u00eb gjuh\u00eb austroneziane me nj\u00eb histori t\u00eb pasur dhe r\u00ebnd\u00ebsi kulturore, ofron nj\u00eb p\u00ebrvoj\u00eb emocionuese","og_url":"https:\/\/talkpal.ai\/sq\/gramatika-javaneze\/","og_site_name":"Talkpal","article_publisher":"https:\/\/www.facebook.com\/profile.php?id=100090733639311","article_modified_time":"2025-12-30T15:03:33+00:00","og_image":[{"width":2880,"height":1620,"url":"https:\/\/talkpal.ai\/wp-content\/uploads\/2025\/02\/Progress-tab-16_9.png","type":"image\/png"}],"twitter_card":"summary_large_image","twitter_site":"@talkpalai","twitter_misc":{"Est. reading time":"4 minutes"},"schema":{"@context":"https:\/\/schema.org","@graph":[{"@type":"WebPage","@id":"https:\/\/talkpal.ai\/sq\/gramatika-javaneze\/","url":"https:\/\/talkpal.ai\/sq\/gramatika-javaneze\/","name":"Gramatika javaneze - Talkpal","isPartOf":{"@id":"https:\/\/talkpal.ai\/sq\/#website"},"datePublished":"2025-11-12T10:09:38+00:00","dateModified":"2025-12-30T15:03:33+00:00","description":"Zot\u00ebroni shpejt rregullat gramatikore dhe strukturat e fjalive t\u00eb gjuh\u00ebs javaneze me udh\u00ebzuesin ton\u00eb gjith\u00ebp\u00ebrfshir\u00ebs t\u00eb krijuar p\u00ebr t\u00eb m\u00ebsuar gjuh\u00eb efektive.","breadcrumb":{"@id":"https:\/\/talkpal.ai\/sq\/gramatika-javaneze\/#breadcrumb"},"inLanguage":"sq-AL","potentialAction":[{"@type":"ReadAction","target":["https:\/\/talkpal.ai\/sq\/gramatika-javaneze\/"]}]},{"@type":"BreadcrumbList","@id":"https:\/\/talkpal.ai\/sq\/gramatika-javaneze\/#breadcrumb","itemListElement":[{"@type":"ListItem","position":1,"name":"Homepage","item":"https:\/\/talkpal.ai\/sq\/"},{"@type":"ListItem","position":2,"name":"Gramatika javaneze"}]},{"@type":"WebSite","@id":"https:\/\/talkpal.ai\/sq\/#website","url":"https:\/\/talkpal.ai\/sq\/","name":"Talkpal","description":"AI Language Learning","publisher":{"@id":"https:\/\/talkpal.ai\/sq\/#organization"},"alternateName":"Talkpal AI","potentialAction":[{"@type":"SearchAction","target":{"@type":"EntryPoint","urlTemplate":"https:\/\/talkpal.ai\/sq\/?s={search_term_string}"},"query-input":{"@type":"PropertyValueSpecification","valueRequired":true,"valueName":"search_term_string"}}],"inLanguage":"sq-AL"},{"@type":"Organization","@id":"https:\/\/talkpal.ai\/sq\/#organization","name":"Talkpal, Inc.","alternateName":"Talkpal AI","url":"https:\/\/talkpal.ai\/sq\/","logo":{"@type":"ImageObject","inLanguage":"sq-AL","@id":"https:\/\/talkpal.ai\/sq\/#\/schema\/logo\/image\/","url":"https:\/\/talkpal.ai\/wp-content\/uploads\/2024\/03\/Talkpal-Logo-Icon.png","contentUrl":"https:\/\/talkpal.ai\/wp-content\/uploads\/2024\/03\/Talkpal-Logo-Icon.png","width":2880,"height":2880,"caption":"Talkpal, Inc."},"image":{"@id":"https:\/\/talkpal.ai\/sq\/#\/schema\/logo\/image\/"},"sameAs":["https:\/\/www.facebook.com\/profile.php?id=100090733639311","https:\/\/x.com\/talkpalai","https:\/\/www.linkedin.com\/company\/talkpal\/","https:\/\/www.youtube.com\/@TalkPal\/","https:\/\/www.tiktok.com\/@talkpal","https:\/\/www.instagram.com\/talkpal_ai\/","https:\/\/www.crunchbase.com\/organization\/talkpal-9cde","https:\/\/www.g2.com\/products\/talkpal-for-business\/","https:\/\/www.trustpilot.com\/review\/talkpal.ai","https:\/\/www.capterra.com\/p\/10006800\/TalkPal\/"],"description":"Talkpal is a language learning web and mobile education app, powered by the latest AI technologies, that provides engaging experiences to its customers in many different languages to help them improve their language skills. Users can chat about unlimited amount of topics with the app and use other modes to practice their language learning.","email":"support@talkpal.ai","legalName":"Talkpal, Inc.","foundingDate":"2023-04-03","duns":"118989042","numberOfEmployees":{"@type":"QuantitativeValue","minValue":"11","maxValue":"50"},"publishingPrinciples":"https:\/\/talkpal.ai\/publishing-principles\/","actionableFeedbackPolicy":"https:\/\/talkpal.ai\/actionable-feedback-policy\/","correctionsPolicy":"https:\/\/talkpal.ai\/corrections-policy\/","ethicsPolicy":"https:\/\/talkpal.ai\/ethics-policy\/","diversityPolicy":"https:\/\/talkpal.ai\/diversity-policy\/","diversityStaffingReport":"https:\/\/talkpal.ai\/diversity-policy\/"}]}},"_links":{"self":[{"href":"https:\/\/talkpal.ai\/sq\/wp-json\/wp\/v2\/pages\/1474757","targetHints":{"allow":["GET"]}}],"collection":[{"href":"https:\/\/talkpal.ai\/sq\/wp-json\/wp\/v2\/pages"}],"about":[{"href":"https:\/\/talkpal.ai\/sq\/wp-json\/wp\/v2\/types\/page"}],"author":[{"embeddable":true,"href":"https:\/\/talkpal.ai\/sq\/wp-json\/wp\/v2\/users\/20"}],"replies":[{"embeddable":true,"href":"https:\/\/talkpal.ai\/sq\/wp-json\/wp\/v2\/comments?post=1474757"}],"version-history":[{"count":0,"href":"https:\/\/talkpal.ai\/sq\/wp-json\/wp\/v2\/pages\/1474757\/revisions"}],"wp:attachment":[{"href":"https:\/\/talkpal.ai\/sq\/wp-json\/wp\/v2\/media?parent=1474757"}],"curies":[{"name":"wp","href":"https:\/\/api.w.org\/{rel}","templated":true}]}}