{"id":1474668,"date":"2025-11-11T17:01:24","date_gmt":"2025-11-11T17:01:24","guid":{"rendered":"https:\/\/talkpal.ai\/ushtrime-gramatikore-gjeorgjiane\/"},"modified":"2025-12-30T14:56:25","modified_gmt":"2025-12-30T14:56:25","slug":"ushtrime-gramatikore-gjeorgjiane","status":"publish","type":"page","link":"https:\/\/talkpal.ai\/sq\/ushtrime-gramatikore-gjeorgjiane\/","title":{"rendered":"Ushtrime gramatikore gjeorgjiane"},"content":{"rendered":"\r\n\r\n\r\n<section class=\"languageChallengeSection\">\r\n    <div class=\"languageInfoWrapper\">\r\n        \r\n        <h1>Ushtrime gramatikore gjeorgjiane<\/h1>\r\n        <p>Gati p\u00ebr t&#039;u zhytur n\u00eb gramatik\u00ebn gjeorgjiane? Praktikimi i disa bazave do t&#039;ju ndihmoj\u00eb t\u00eb rehatoheni me k\u00ebt\u00eb gjuh\u00eb unike dhe t\u00eb bukur. Provoni k\u00ebto ushtrime p\u00ebr t\u00eb nd\u00ebrtuar besimin tuaj dhe p\u00ebr t&#039;u arg\u00ebtuar gjat\u00eb rrug\u00ebs!<\/p>\r\n\r\n                            <a class=\"getStartedHidden\" href=\"https:\/\/app.talkpal.ai\/signup?lng=\">Filloni<\/a>\r\n        \r\n    <\/div>\r\n\r\n    <figure>\r\n    <img decoding=\"async\" width=\"768\" height=\"768\" src=\"https:\/\/talkpal.ai\/wp-content\/uploads\/2023\/06\/welsh-768x768.png\" class=\"languageImage no-lazy\" alt=\"Language learning for better cognitive abilities\" fetchpriority=\"high\" sizes=\"(max-width: 768px) 150px, 768px\" srcset=\"https:\/\/talkpal.ai\/wp-content\/uploads\/2023\/06\/welsh-768x768.png 768w, https:\/\/talkpal.ai\/wp-content\/uploads\/2023\/06\/welsh-300x300.png 300w\" \/>\r\n    \r\n\r\n    <\/figure>\r\n\r\n            <a class=\"getStartedVisible\" href=\"https:\/\/app.talkpal.ai\/signup?lng=\">Filloni<\/a>\r\n    \r\n<\/section><section class=\"promotionalBanner\">\r\n    <p class=\"promotionalText\">M\u00ebnyra m\u00eb efikase p\u00ebr t\u00eb m\u00ebsuar nj\u00eb gjuh\u00eb<\/p>\r\n    <a class=\"promotionalLink\" href=\"https:\/\/app.talkpal.ai\/signup?lng=\">Provoni Talkpal falas<\/a>\r\n<\/section>\n<div class=\"wp-block-group pageContainerStyle\"><div class=\"wp-block-group__inner-container is-layout-constrained wp-block-group-is-layout-constrained\">\n<h2 class=\"wp-block-heading\" id=\"h-georgian-grammar-topics\">Temat e gramatik\u00ebs gjeorgjiane<\/h2>\n\n\n\n<p><a href=\"https:\/\/talkpal.ai\/sq\/gabimet-me-te-medha-qe-duhen-shmangur-kur-mesoni-nje-gjuhe-te-re\/\">M\u00ebsimi i nj\u00eb gjuhe t\u00eb re<\/a> mund t\u00eb jet\u00eb nj\u00eb p\u00ebrpjekje sfiduese por shp\u00ebrblyese. Gjeorgjianishtja, nj\u00eb gjuh\u00eb kartveliane e folur kryesisht n\u00eb Gjeorgji, nuk b\u00ebn p\u00ebrjashtim. Me ve\u00e7orit\u00eb dhe strukturat e tij unike, <a href=\"https:\/\/talkpal.ai\/sq\/talkpal-per-arsimin\/\">m\u00ebsimi<\/a> i gjeorgjianishtes k\u00ebrkon nj\u00eb qasje sistematike p\u00ebr t\u00eb kuptuar gramatik\u00ebn e saj komplekse. Ky udh\u00ebzues p\u00ebrshkruan fushat kryesore t\u00eb <a href=\"https:\/\/talkpal.ai\/sq\/gramatika-gjeorgjiane\/\">gramatik\u00ebs gjeorgjiane<\/a> n\u00eb nj\u00eb sekuenc\u00eb logjike p\u00ebr <a href=\"https:\/\/talkpal.ai\/sq\/ai-chatbot-per-mesimin-e-gjuhes\/\">m\u00ebsimin e gjuh\u00ebs<\/a>, duke filluar nga bazat si emrat dhe artikujt, dhe duke p\u00ebrparuar n\u00eb fusha m\u00eb komplekse si koh\u00ebt dhe nd\u00ebrtimi i fjalive.<\/p>\n\n\n\n<h3 class=\"wp-block-heading\" id=\"h-1-nouns\">1. Emrat:<\/h3>\n\n\n\n<p>Filloni udh\u00ebtimin tuaj n\u00eb gjuh\u00ebn gjeorgjiane duke m\u00ebsuar emrat. Kjo p\u00ebrfshin t\u00eb kuptuarit e kategorive t\u00eb ndryshme t\u00eb emrave, t\u00eb tilla si emrat e zakonsh\u00ebm dhe t\u00eb ve\u00e7ant\u00eb, format e <a href=\"https:\/\/talkpal.ai\/locations\/language-courses-in-tyre\/\">tyre<\/a> shum\u00ebs dhe sistemin e rasteve t\u00eb p\u00ebrdorura p\u00ebr t\u00eb sh\u00ebnuar marr\u00ebdh\u00ebniet gramatikore.<\/p>\n\n\n\n<h3 class=\"wp-block-heading\" id=\"h-2-articles\">2. Artikujt:<\/h3>\n\n\n\n<p>Gjeorgjianishtja nuk ka artikuj t\u00eb caktuar ose t\u00eb pacaktuar. T\u00eb kuptuarit <a href=\"https:\/\/talkpal.ai\/culture\/what-is-the-difference-between-se-and-si\/\">se si<\/a> p\u00ebrcaktueshm\u00ebria dhe pap\u00ebrcaktuaria shprehen p\u00ebrmes kontekstit ose demonstrativ\u00ebve \u00ebsht\u00eb thelb\u00ebsore n\u00eb nd\u00ebrtimin e fjalive.<\/p>\n\n\n\n<h3 class=\"wp-block-heading\" id=\"h-3-adjectives\">3. Mbiemra:<\/h3>\n\n\n\n<p>Mbiemrat n\u00eb <a href=\"https:\/\/talkpal.ai\/learn-georgian\/\">gjeorgjian<\/a> zakonisht i paraprijn\u00eb emrave t\u00eb tyre dhe pajtohen me ta n\u00eb rast. M\u00ebsoni se si t\u00eb formoni krahasime dhe superlativa duke p\u00ebrdorur fjal\u00eb si &#8216;upro&#8217; p\u00ebr m\u00eb shum\u00eb dhe &#8216;qvelaze&#8217; p\u00ebr shumic\u00ebn.<\/p>\n\n\n\n<h3 class=\"wp-block-heading\" id=\"h-4-pronouns-determiners\">4. P\u00ebremrat\/p\u00ebrcaktuesit:<\/h3>\n\n\n\n<p>P\u00ebremrat dhe p\u00ebrcaktuesit jan\u00eb thelb\u00ebsor\u00eb n\u00eb gjeorgjianisht; P\u00ebremrat shpesh hiqen kur konteksti \u00ebsht\u00eb i qart\u00eb dhe format pron\u00ebsore si &#8216;chemi&#8217;, &#8216;sheni&#8217; dhe &#8216;misi&#8217; modifikojn\u00eb emrat. Demonstrativ\u00ebt si &#8216;es&#8217;, &#8216;is&#8217; dhe &#8216;igi&#8217;, numrat dhe kuantifikuesit funksionojn\u00eb si p\u00ebrcaktues.<\/p>\n\n\n\n<h3 class=\"wp-block-heading\" id=\"h-5-verbs\">5. Foljet:<\/h3>\n\n\n\n<p>Foljet gjeorgjiane jan\u00eb t\u00eb pasura me morfologji, duke treguar marr\u00ebveshje me subjektet dhe ndonj\u00ebher\u00eb objektet. Filloni me serin\u00eb e tanishme, pastaj eksploroni se si formohen t\u00eb ardhmen me parafolje dhe kaloni n\u00eb format e kaluara si aoristi dhe i pap\u00ebrsosur.<\/p>\n\n\n\n<h3 class=\"wp-block-heading\" id=\"h-6-tenses\">6. Koh\u00ebt:<\/h3>\n\n\n\n<p>Pasi t\u00eb zot\u00ebroni format baz\u00eb t\u00eb foljeve, g\u00ebrmoni m\u00eb thell\u00eb n\u00eb koh\u00ebn dhe aspektin gjeorgjian. M\u00ebsoni se si koha e tashme, e kaluar dhe e ardhshme shprehen n\u00eb tre serit\u00eb kryesore dhe kur t\u00eb p\u00ebrdorni forma t\u00eb pap\u00ebrsosura, aoriste dhe perfekte n\u00eb kontekste t\u00eb ndryshme.<\/p>\n\n\n\n<h3 class=\"wp-block-heading\" id=\"h-7-tense-comparison\">7. Krahasimi i tensionit:<\/h3>\n\n\n\n<p>Krahasimi i formave n\u00ebp\u00ebr seri ndihmon n\u00eb t\u00eb kuptuarit e koh\u00ebs, aspektit dhe shtrirjes. Shikimi i s\u00eb nj\u00ebjt\u00ebs folje n\u00eb screeves t\u00eb ndryshme qart\u00ebson sekuenc\u00ebn e ngjarjeve dhe modelet e sh\u00ebnimit t\u00eb rasteve.<\/p>\n\n\n\n<h3 class=\"wp-block-heading\" id=\"h-8-progressive\">8. Progresive:<\/h3>\n\n\n\n<p>Gjeorgjianishtja nuk ka nj\u00eb koh\u00eb progresive t\u00eb dedikuar. Veprimet e vazhdueshme shprehen me t\u00eb tashmen ose t\u00eb pap\u00ebrsosur\u00ebn, shpesh t\u00eb mb\u00ebshtetura nga shprehje kohore si &#8216;akhla&#8217; tani ose konteksti.<\/p>\n\n\n\n<h3 class=\"wp-block-heading\" id=\"h-9-perfect-progressive\">9. Progresiv i p\u00ebrsosur:<\/h3>\n\n\n\n<p>Nuk ka progresiv t\u00eb p\u00ebrsosur t\u00eb dalluesh\u00ebm. Veprimet e vazhdueshme deri n\u00eb nj\u00eb pik\u00eb p\u00ebrcillen p\u00ebrmes seris\u00eb s\u00eb p\u00ebrsosur p\u00ebr kuptim rezultativ ose me shenjat e pap\u00ebrsosura plus kontekstuale.<\/p>\n\n\n\n<h3 class=\"wp-block-heading\" id=\"h-10-conditionals\">10. Kusht\u00ebzuese:<\/h3>\n\n\n\n<p>Kusht\u00ebzimet shprehin situata hipotetike dhe rezultatet e tyre t\u00eb mundshme. N\u00eb gjeorgjianisht, ato zakonisht formohen me forma n\u00ebnlidh\u00ebse dhe optative, shpesh t\u00eb prezantuara me &#8216;tu&#8217; q\u00eb do t\u00eb thot\u00eb n\u00ebse, dhe mund t\u00eb p\u00ebrdorin shprehje modale si &#8216;sheidzleba&#8217; \u00ebsht\u00eb e mundur.<\/p>\n\n\n\n<h3 class=\"wp-block-heading\" id=\"h-11-adverbs\">11. Ndajfoljet:<\/h3>\n\n\n\n<p>Ndajfoljet n\u00eb gjeorgjian modifikojn\u00eb foljet, mbiemrat ose ndajfoljet e tjera. Ndajfoljet e shum\u00eb m\u00ebnyrave formohen me prapashtes\u00ebn &#8216;-ad&#8217;, dhe fjal\u00ebt e zakonshme t\u00eb shkall\u00ebs p\u00ebrfshijn\u00eb &#8216;dzalian&#8217; p\u00ebr shum\u00eb dhe &#8216;upro&#8217; p\u00ebr m\u00eb shum\u00eb.<\/p>\n\n\n\n<h3 class=\"wp-block-heading\" id=\"h-12-prepositions\">12. Parafjal\u00ebt:<\/h3>\n\n\n\n<p>Gjeorgjianishtja p\u00ebrdor postpozicione n\u00eb vend t\u00eb parafjal\u00ebve. K\u00ebto ndjekin emrin dhe nd\u00ebrveprojn\u00eb me raste specifike, dhe shum\u00eb kuptime relacionale shprehen drejtp\u00ebrdrejt nga p\u00ebrfundimet e rasteve.<\/p>\n\n\n\n<h3 class=\"wp-block-heading\" id=\"h-13-sentences\">13. Fjalit\u00eb:<\/h3>\n\n\n\n<p>S\u00eb fundi, praktikoni nd\u00ebrtimin e fjalive. Kjo do t\u00eb p\u00ebrfshij\u00eb p\u00ebrdorimin e t\u00eb gjitha pikave gramatikore t\u00eb m\u00ebsuara m\u00eb par\u00eb n\u00eb kontekst, menaxhimin e renditjes fleksib\u00ebl t\u00eb fjal\u00ebve me nj\u00eb tendenc\u00eb SOV, sh\u00ebnimin e rasteve dhe format e duhura t\u00eb foljeve.<\/p>\n<\/div><\/div>\n\r\n<section class=\"learnNavigationSection\">\r\n            \r\n        <a href=\"https:\/\/talkpal.ai\/sq\/meso-gjuhen-uellsiane\/\">\r\n            <div class=\"learnNavigationWrapper\">\r\n                <div class=\"learnNavigationContent\">\r\n                    <img decoding=\"async\" src=\"https:\/\/talkpal.ai\/wp-content\/uploads\/2025\/11\/Georgian.png\" alt=\"Georgian Flag\">\r\n                    <div>\r\n                        <h4>Rreth m\u00ebsimit gjeorgjian<\/h4>\r\n                        <p>Zbuloni gjith\u00e7ka rreth gramatik\u00ebs gjeorgjiane.<\/p>\r\n                    <\/div>\r\n                <\/div>\r\n            <\/div>\r\n        <\/a>\r\n\r\n        \r\n        <a href=\"https:\/\/talkpal.ai\/sq\/gramatika-e-uellsit\/\">\r\n            <div class=\"learnNavigationWrapper\">\r\n                <div class=\"learnNavigationContent\">\r\n                    <img decoding=\"async\" src=\"https:\/\/talkpal.ai\/wp-content\/uploads\/2025\/11\/Georgian.png\" alt=\"Georgian Flag\">\r\n                    <div>\r\n                        <h4>M\u00ebsime gramatikore gjeorgjiane<\/h4>\r\n                        <p>Praktikoni gramatik\u00ebn gjeorgjiane.<\/p>\r\n                    <\/div>\r\n                <\/div>\r\n            <\/div>\r\n        <\/a>\r\n\r\n            <\/section>","protected":false},"excerpt":{"rendered":"<p>Temat e gramatik\u00ebs gjeorgjiane M\u00ebsimi i nj\u00eb gjuhe t\u00eb re mund t\u00eb jet\u00eb nj\u00eb p\u00ebrpjekje sfiduese por shp\u00ebrblyese. Gjeorgjianishtja, nj\u00eb gjuh\u00eb kartveliane e folur kryesisht n\u00eb Gjeorgji, nuk b\u00ebn p\u00ebrjashtim. Me ve\u00e7orit\u00eb dhe strukturat e tij unike, m\u00ebsimi i gjeorgjianishtes k\u00ebrkon nj\u00eb qasje sistematike p\u00ebr t\u00eb kuptuar gramatik\u00ebn e saj komplekse. Ky udh\u00ebzues p\u00ebrshkruan fushat [&hellip;]<\/p>\n","protected":false},"author":20,"featured_media":0,"parent":0,"menu_order":0,"comment_status":"closed","ping_status":"closed","template":"LearningContentPage.php","meta":{"_acf_changed":false,"footnotes":""},"class_list":["post-1474668","page","type-page","status-publish","hentry"],"acf":[],"yoast_head":"<!-- This site is optimized with the Yoast SEO Premium plugin v27.2 (Yoast SEO v27.2) - https:\/\/yoast.com\/product\/yoast-seo-premium-wordpress\/ -->\n<title>Ushtrime gramatikore gjeorgjiane - Talkpal<\/title>\n<meta name=\"description\" content=\"Zot\u00ebroni gramatik\u00ebn gjeorgjiane me ushtrime interaktive t\u00eb dizajnuara p\u00ebr t&#039;ju ndihmuar t\u00eb nd\u00ebrtoni rrjedhshm\u00ebri dhe vet\u00ebbesim n\u00eb gjuh\u00eb.\" \/>\n<meta name=\"robots\" content=\"index, follow, max-snippet:-1, max-image-preview:large, max-video-preview:-1\" \/>\n<link rel=\"canonical\" href=\"https:\/\/talkpal.ai\/sq\/ushtrime-gramatikore-gjeorgjiane\/\" \/>\n<meta property=\"og:locale\" content=\"sq_AL\" \/>\n<meta property=\"og:type\" content=\"article\" \/>\n<meta property=\"og:title\" content=\"Ushtrime gramatikore gjeorgjiane\" \/>\n<meta property=\"og:description\" content=\"Temat e gramatik\u00ebs gjeorgjiane M\u00ebsimi i nj\u00eb gjuhe t\u00eb re mund t\u00eb jet\u00eb nj\u00eb p\u00ebrpjekje sfiduese por shp\u00ebrblyese. Gjeorgjianishtja, nj\u00eb gjuh\u00eb kartveliane e\" \/>\n<meta property=\"og:url\" content=\"https:\/\/talkpal.ai\/sq\/ushtrime-gramatikore-gjeorgjiane\/\" \/>\n<meta property=\"og:site_name\" content=\"Talkpal\" \/>\n<meta property=\"article:publisher\" content=\"https:\/\/www.facebook.com\/profile.php?id=100090733639311\" \/>\n<meta property=\"article:modified_time\" content=\"2025-12-30T14:56:25+00:00\" \/>\n<meta property=\"og:image\" content=\"https:\/\/talkpal.ai\/wp-content\/uploads\/2025\/02\/Progress-tab-16_9.png\" \/>\n\t<meta property=\"og:image:width\" content=\"2880\" \/>\n\t<meta property=\"og:image:height\" content=\"1620\" \/>\n\t<meta property=\"og:image:type\" content=\"image\/png\" \/>\n<meta name=\"twitter:card\" content=\"summary_large_image\" \/>\n<meta name=\"twitter:site\" content=\"@talkpalai\" \/>\n<meta name=\"twitter:label1\" content=\"Est. reading time\" \/>\n\t<meta name=\"twitter:data1\" content=\"3 minutes\" \/>\n<script type=\"application\/ld+json\" class=\"yoast-schema-graph\">{\"@context\":\"https:\/\/schema.org\",\"@graph\":[{\"@type\":\"WebPage\",\"@id\":\"https:\/\/talkpal.ai\/sq\/ushtrime-gramatikore-gjeorgjiane\/\",\"url\":\"https:\/\/talkpal.ai\/sq\/ushtrime-gramatikore-gjeorgjiane\/\",\"name\":\"Ushtrime gramatikore gjeorgjiane - Talkpal\",\"isPartOf\":{\"@id\":\"https:\/\/talkpal.ai\/sq\/#website\"},\"datePublished\":\"2025-11-11T17:01:24+00:00\",\"dateModified\":\"2025-12-30T14:56:25+00:00\",\"description\":\"Zot\u00ebroni gramatik\u00ebn gjeorgjiane me ushtrime interaktive t\u00eb dizajnuara p\u00ebr t'ju ndihmuar t\u00eb nd\u00ebrtoni rrjedhshm\u00ebri dhe vet\u00ebbesim n\u00eb gjuh\u00eb.\",\"breadcrumb\":{\"@id\":\"https:\/\/talkpal.ai\/sq\/ushtrime-gramatikore-gjeorgjiane\/#breadcrumb\"},\"inLanguage\":\"sq-AL\",\"potentialAction\":[{\"@type\":\"ReadAction\",\"target\":[\"https:\/\/talkpal.ai\/sq\/ushtrime-gramatikore-gjeorgjiane\/\"]}]},{\"@type\":\"BreadcrumbList\",\"@id\":\"https:\/\/talkpal.ai\/sq\/ushtrime-gramatikore-gjeorgjiane\/#breadcrumb\",\"itemListElement\":[{\"@type\":\"ListItem\",\"position\":1,\"name\":\"Homepage\",\"item\":\"https:\/\/talkpal.ai\/sq\/\"},{\"@type\":\"ListItem\",\"position\":2,\"name\":\"Ushtrime gramatikore gjeorgjiane\"}]},{\"@type\":\"WebSite\",\"@id\":\"https:\/\/talkpal.ai\/sq\/#website\",\"url\":\"https:\/\/talkpal.ai\/sq\/\",\"name\":\"Talkpal\",\"description\":\"AI Language Learning\",\"publisher\":{\"@id\":\"https:\/\/talkpal.ai\/sq\/#organization\"},\"alternateName\":\"Talkpal AI\",\"potentialAction\":[{\"@type\":\"SearchAction\",\"target\":{\"@type\":\"EntryPoint\",\"urlTemplate\":\"https:\/\/talkpal.ai\/sq\/?s={search_term_string}\"},\"query-input\":{\"@type\":\"PropertyValueSpecification\",\"valueRequired\":true,\"valueName\":\"search_term_string\"}}],\"inLanguage\":\"sq-AL\"},{\"@type\":\"Organization\",\"@id\":\"https:\/\/talkpal.ai\/sq\/#organization\",\"name\":\"Talkpal, Inc.\",\"alternateName\":\"Talkpal AI\",\"url\":\"https:\/\/talkpal.ai\/sq\/\",\"logo\":{\"@type\":\"ImageObject\",\"inLanguage\":\"sq-AL\",\"@id\":\"https:\/\/talkpal.ai\/sq\/#\/schema\/logo\/image\/\",\"url\":\"https:\/\/talkpal.ai\/wp-content\/uploads\/2024\/03\/Talkpal-Logo-Icon.png\",\"contentUrl\":\"https:\/\/talkpal.ai\/wp-content\/uploads\/2024\/03\/Talkpal-Logo-Icon.png\",\"width\":2880,\"height\":2880,\"caption\":\"Talkpal, Inc.\"},\"image\":{\"@id\":\"https:\/\/talkpal.ai\/sq\/#\/schema\/logo\/image\/\"},\"sameAs\":[\"https:\/\/www.facebook.com\/profile.php?id=100090733639311\",\"https:\/\/x.com\/talkpalai\",\"https:\/\/www.linkedin.com\/company\/talkpal\/\",\"https:\/\/www.youtube.com\/@TalkPal\/\",\"https:\/\/www.tiktok.com\/@talkpal\",\"https:\/\/www.instagram.com\/talkpal_ai\/\",\"https:\/\/www.crunchbase.com\/organization\/talkpal-9cde\",\"https:\/\/www.g2.com\/products\/talkpal-for-business\/\",\"https:\/\/www.trustpilot.com\/review\/talkpal.ai\",\"https:\/\/www.capterra.com\/p\/10006800\/TalkPal\/\"],\"description\":\"Talkpal is a language learning web and mobile education app, powered by the latest AI technologies, that provides engaging experiences to its customers in many different languages to help them improve their language skills. Users can chat about unlimited amount of topics with the app and use other modes to practice their language learning.\",\"email\":\"support@talkpal.ai\",\"legalName\":\"Talkpal, Inc.\",\"foundingDate\":\"2023-04-03\",\"duns\":\"118989042\",\"numberOfEmployees\":{\"@type\":\"QuantitativeValue\",\"minValue\":\"11\",\"maxValue\":\"50\"},\"publishingPrinciples\":\"https:\/\/talkpal.ai\/publishing-principles\/\",\"actionableFeedbackPolicy\":\"https:\/\/talkpal.ai\/actionable-feedback-policy\/\",\"correctionsPolicy\":\"https:\/\/talkpal.ai\/corrections-policy\/\",\"ethicsPolicy\":\"https:\/\/talkpal.ai\/ethics-policy\/\",\"diversityPolicy\":\"https:\/\/talkpal.ai\/diversity-policy\/\",\"diversityStaffingReport\":\"https:\/\/talkpal.ai\/diversity-policy\/\"}]}<\/script>\n<!-- \/ Yoast SEO Premium plugin. -->","yoast_head_json":{"title":"Ushtrime gramatikore gjeorgjiane - Talkpal","description":"Zot\u00ebroni gramatik\u00ebn gjeorgjiane me ushtrime interaktive t\u00eb dizajnuara p\u00ebr t'ju ndihmuar t\u00eb nd\u00ebrtoni rrjedhshm\u00ebri dhe vet\u00ebbesim n\u00eb gjuh\u00eb.","robots":{"index":"index","follow":"follow","max-snippet":"max-snippet:-1","max-image-preview":"max-image-preview:large","max-video-preview":"max-video-preview:-1"},"canonical":"https:\/\/talkpal.ai\/sq\/ushtrime-gramatikore-gjeorgjiane\/","og_locale":"sq_AL","og_type":"article","og_title":"Ushtrime gramatikore gjeorgjiane","og_description":"Temat e gramatik\u00ebs gjeorgjiane M\u00ebsimi i nj\u00eb gjuhe t\u00eb re mund t\u00eb jet\u00eb nj\u00eb p\u00ebrpjekje sfiduese por shp\u00ebrblyese. Gjeorgjianishtja, nj\u00eb gjuh\u00eb kartveliane e","og_url":"https:\/\/talkpal.ai\/sq\/ushtrime-gramatikore-gjeorgjiane\/","og_site_name":"Talkpal","article_publisher":"https:\/\/www.facebook.com\/profile.php?id=100090733639311","article_modified_time":"2025-12-30T14:56:25+00:00","og_image":[{"width":2880,"height":1620,"url":"https:\/\/talkpal.ai\/wp-content\/uploads\/2025\/02\/Progress-tab-16_9.png","type":"image\/png"}],"twitter_card":"summary_large_image","twitter_site":"@talkpalai","twitter_misc":{"Est. reading time":"3 minutes"},"schema":{"@context":"https:\/\/schema.org","@graph":[{"@type":"WebPage","@id":"https:\/\/talkpal.ai\/sq\/ushtrime-gramatikore-gjeorgjiane\/","url":"https:\/\/talkpal.ai\/sq\/ushtrime-gramatikore-gjeorgjiane\/","name":"Ushtrime gramatikore gjeorgjiane - Talkpal","isPartOf":{"@id":"https:\/\/talkpal.ai\/sq\/#website"},"datePublished":"2025-11-11T17:01:24+00:00","dateModified":"2025-12-30T14:56:25+00:00","description":"Zot\u00ebroni gramatik\u00ebn gjeorgjiane me ushtrime interaktive t\u00eb dizajnuara p\u00ebr t'ju ndihmuar t\u00eb nd\u00ebrtoni rrjedhshm\u00ebri dhe vet\u00ebbesim n\u00eb gjuh\u00eb.","breadcrumb":{"@id":"https:\/\/talkpal.ai\/sq\/ushtrime-gramatikore-gjeorgjiane\/#breadcrumb"},"inLanguage":"sq-AL","potentialAction":[{"@type":"ReadAction","target":["https:\/\/talkpal.ai\/sq\/ushtrime-gramatikore-gjeorgjiane\/"]}]},{"@type":"BreadcrumbList","@id":"https:\/\/talkpal.ai\/sq\/ushtrime-gramatikore-gjeorgjiane\/#breadcrumb","itemListElement":[{"@type":"ListItem","position":1,"name":"Homepage","item":"https:\/\/talkpal.ai\/sq\/"},{"@type":"ListItem","position":2,"name":"Ushtrime gramatikore gjeorgjiane"}]},{"@type":"WebSite","@id":"https:\/\/talkpal.ai\/sq\/#website","url":"https:\/\/talkpal.ai\/sq\/","name":"Talkpal","description":"AI Language Learning","publisher":{"@id":"https:\/\/talkpal.ai\/sq\/#organization"},"alternateName":"Talkpal AI","potentialAction":[{"@type":"SearchAction","target":{"@type":"EntryPoint","urlTemplate":"https:\/\/talkpal.ai\/sq\/?s={search_term_string}"},"query-input":{"@type":"PropertyValueSpecification","valueRequired":true,"valueName":"search_term_string"}}],"inLanguage":"sq-AL"},{"@type":"Organization","@id":"https:\/\/talkpal.ai\/sq\/#organization","name":"Talkpal, Inc.","alternateName":"Talkpal AI","url":"https:\/\/talkpal.ai\/sq\/","logo":{"@type":"ImageObject","inLanguage":"sq-AL","@id":"https:\/\/talkpal.ai\/sq\/#\/schema\/logo\/image\/","url":"https:\/\/talkpal.ai\/wp-content\/uploads\/2024\/03\/Talkpal-Logo-Icon.png","contentUrl":"https:\/\/talkpal.ai\/wp-content\/uploads\/2024\/03\/Talkpal-Logo-Icon.png","width":2880,"height":2880,"caption":"Talkpal, Inc."},"image":{"@id":"https:\/\/talkpal.ai\/sq\/#\/schema\/logo\/image\/"},"sameAs":["https:\/\/www.facebook.com\/profile.php?id=100090733639311","https:\/\/x.com\/talkpalai","https:\/\/www.linkedin.com\/company\/talkpal\/","https:\/\/www.youtube.com\/@TalkPal\/","https:\/\/www.tiktok.com\/@talkpal","https:\/\/www.instagram.com\/talkpal_ai\/","https:\/\/www.crunchbase.com\/organization\/talkpal-9cde","https:\/\/www.g2.com\/products\/talkpal-for-business\/","https:\/\/www.trustpilot.com\/review\/talkpal.ai","https:\/\/www.capterra.com\/p\/10006800\/TalkPal\/"],"description":"Talkpal is a language learning web and mobile education app, powered by the latest AI technologies, that provides engaging experiences to its customers in many different languages to help them improve their language skills. Users can chat about unlimited amount of topics with the app and use other modes to practice their language learning.","email":"support@talkpal.ai","legalName":"Talkpal, Inc.","foundingDate":"2023-04-03","duns":"118989042","numberOfEmployees":{"@type":"QuantitativeValue","minValue":"11","maxValue":"50"},"publishingPrinciples":"https:\/\/talkpal.ai\/publishing-principles\/","actionableFeedbackPolicy":"https:\/\/talkpal.ai\/actionable-feedback-policy\/","correctionsPolicy":"https:\/\/talkpal.ai\/corrections-policy\/","ethicsPolicy":"https:\/\/talkpal.ai\/ethics-policy\/","diversityPolicy":"https:\/\/talkpal.ai\/diversity-policy\/","diversityStaffingReport":"https:\/\/talkpal.ai\/diversity-policy\/"}]}},"_links":{"self":[{"href":"https:\/\/talkpal.ai\/sq\/wp-json\/wp\/v2\/pages\/1474668","targetHints":{"allow":["GET"]}}],"collection":[{"href":"https:\/\/talkpal.ai\/sq\/wp-json\/wp\/v2\/pages"}],"about":[{"href":"https:\/\/talkpal.ai\/sq\/wp-json\/wp\/v2\/types\/page"}],"author":[{"embeddable":true,"href":"https:\/\/talkpal.ai\/sq\/wp-json\/wp\/v2\/users\/20"}],"replies":[{"embeddable":true,"href":"https:\/\/talkpal.ai\/sq\/wp-json\/wp\/v2\/comments?post=1474668"}],"version-history":[{"count":0,"href":"https:\/\/talkpal.ai\/sq\/wp-json\/wp\/v2\/pages\/1474668\/revisions"}],"wp:attachment":[{"href":"https:\/\/talkpal.ai\/sq\/wp-json\/wp\/v2\/media?parent=1474668"}],"curies":[{"name":"wp","href":"https:\/\/api.w.org\/{rel}","templated":true}]}}