{"id":1474624,"date":"2025-11-11T16:21:06","date_gmt":"2025-11-11T16:21:06","guid":{"rendered":"https:\/\/talkpal.ai\/ushtrime-gramatikore-birmane\/"},"modified":"2025-12-30T15:05:04","modified_gmt":"2025-12-30T15:05:04","slug":"ushtrime-gramatikore-birmane","status":"publish","type":"page","link":"https:\/\/talkpal.ai\/sq\/ushtrime-gramatikore-birmane\/","title":{"rendered":"Ushtrime gramatikore birmane"},"content":{"rendered":"\r\n\r\n\r\n<section class=\"languageChallengeSection\">\r\n    <div class=\"languageInfoWrapper\">\r\n        \r\n        <h1>Ushtrime gramatikore birmane<\/h1>\r\n        <p>Gati p\u00ebr t&#039;u zhytur n\u00eb gramatik\u00ebn birmane? Praktikimi i disa bazave do t&#039;ju ndihmoj\u00eb t\u00eb rehatoheni me k\u00ebt\u00eb gjuh\u00eb unike dhe t\u00eb bukur. Provoni k\u00ebto ushtrime p\u00ebr t\u00eb nd\u00ebrtuar besimin tuaj dhe p\u00ebr t&#039;u arg\u00ebtuar gjat\u00eb rrug\u00ebs!<\/p>\r\n\r\n                            <a class=\"getStartedHidden\" href=\"https:\/\/app.talkpal.ai\/signup?lng=\">Filloni<\/a>\r\n        \r\n    <\/div>\r\n\r\n    <figure>\r\n    <img decoding=\"async\" width=\"768\" height=\"768\" src=\"https:\/\/talkpal.ai\/wp-content\/uploads\/2023\/06\/welsh-768x768.png\" class=\"languageImage no-lazy\" alt=\"Language learning for better cognitive abilities\" fetchpriority=\"high\" sizes=\"(max-width: 768px) 150px, 768px\" srcset=\"https:\/\/talkpal.ai\/wp-content\/uploads\/2023\/06\/welsh-768x768.png 768w, https:\/\/talkpal.ai\/wp-content\/uploads\/2023\/06\/welsh-300x300.png 300w\" \/>\r\n    \r\n\r\n    <\/figure>\r\n\r\n            <a class=\"getStartedVisible\" href=\"https:\/\/app.talkpal.ai\/signup?lng=\">Filloni<\/a>\r\n    \r\n<\/section><section class=\"promotionalBanner\">\r\n    <p class=\"promotionalText\">M\u00ebnyra m\u00eb efikase p\u00ebr t\u00eb m\u00ebsuar nj\u00eb gjuh\u00eb<\/p>\r\n    <a class=\"promotionalLink\" href=\"https:\/\/app.talkpal.ai\/signup?lng=\">Provoni Talkpal falas<\/a>\r\n<\/section>\n<div class=\"wp-block-group pageContainerStyle\"><div class=\"wp-block-group__inner-container is-layout-constrained wp-block-group-is-layout-constrained\">\n<h2 class=\"wp-block-heading\" id=\"h-burmese-grammar-topics\">Temat e gramatik\u00ebs birmane<\/h2>\n\n\n\n<p><a href=\"https:\/\/talkpal.ai\/sq\/gabimet-me-te-medha-qe-duhen-shmangur-kur-mesoni-nje-gjuhe-te-re\/\">M\u00ebsimi i nj\u00eb gjuhe t\u00eb re<\/a> mund t\u00eb jet\u00eb nj\u00eb p\u00ebrpjekje sfiduese por shp\u00ebrblyese. <a href=\"https:\/\/talkpal.ai\/learn-burmese\/\">Burmese<\/a>, nj\u00eb gjuh\u00eb kino-tibetiane e folur kryesisht n\u00eb Mianmar, nuk b\u00ebn p\u00ebrjashtim. Me ve\u00e7orit\u00eb dhe strukturat e tij unike, <a href=\"https:\/\/talkpal.ai\/sq\/talkpal-per-arsimin\/\">m\u00ebsimi<\/a> i birmanishtes k\u00ebrkon nj\u00eb qasje sistematike p\u00ebr t\u00eb kuptuar gramatik\u00ebn e saj. Ky udh\u00ebzues p\u00ebrshkruan fushat kryesore t\u00eb <a href=\"https:\/\/talkpal.ai\/sq\/gramatika-birmane\/\">gramatik\u00ebs birmane<\/a> n\u00eb nj\u00eb sekuenc\u00eb logjike p\u00ebr <a href=\"https:\/\/talkpal.ai\/sq\/ai-chatbot-per-mesimin-e-gjuhes\/\">m\u00ebsimin e gjuh\u00ebs<\/a>, duke filluar nga bazat si emrat dhe artikujt, dhe duke p\u00ebrparuar n\u00eb fusha m\u00eb komplekse si koh\u00ebt dhe nd\u00ebrtimi i fjalive.<\/p>\n\n\n\n<h3 class=\"wp-block-heading\" id=\"h-1-nouns\">1. Emrat:<\/h3>\n\n\n\n<p>Filloni udh\u00ebtimin tuaj n\u00eb gjuh\u00ebn birmane duke m\u00ebsuar emrat. Kjo p\u00ebrfshin t\u00eb kuptuarit e emrave t\u00eb zakonsh\u00ebm dhe t\u00eb duhur, <a href=\"https:\/\/talkpal.ai\/culture\/what-is-the-difference-between-se-and-si\/\">se si<\/a> shum\u00ebsia tregohet me sh\u00ebnues dhe jo me kthes\u00eb t\u00eb detyrueshme dhe si klasifikuesit \u00e7iftohen me numra.<\/p>\n\n\n\n<h3 class=\"wp-block-heading\" id=\"h-2-articles\">2. Artikujt:<\/h3>\n\n\n\n<p>Artikujt n\u00eb gjuh\u00ebn birmane p\u00ebrdoren ndryshe nga n\u00eb <a href=\"https:\/\/talkpal.ai\/ai-english-speaking-practice\/\">anglisht<\/a>. Birmanishtja nuk ka artikuj t\u00eb caktuar dhe t\u00eb pacaktuar, k\u00ebshtu q\u00eb p\u00ebrcaktueshm\u00ebria tregohet nga konteksti ose demonstrativ\u00ebt, dhe nj\u00eb kuptim i pacaktuar shpesh p\u00ebrcillet me numrin nj\u00eb ose nj\u00eb grimc\u00eb tjet\u00ebr.<\/p>\n\n\n\n<h3 class=\"wp-block-heading\" id=\"h-3-adjectives\">3. Mbiemra:<\/h3>\n\n\n\n<p>Mbiemrat n\u00eb <a href=\"https:\/\/talkpal.ai\/learn-burmese\/\">birmanisht<\/a> nd\u00ebrveprojn\u00eb me emrat ndryshe nga anglishtja. Ato shpesh funksionojn\u00eb si folje stative dhe zakonisht shfaqen pas emrit n\u00eb gjuh\u00ebn bisedore, ose para emrit me nj\u00eb sh\u00ebnues atributiv n\u00eb stile m\u00eb formale, dhe gjithashtu do t\u00eb m\u00ebsoni se si t\u00eb formoni krahasues me fjal\u00ebt e shkall\u00ebs dhe sh\u00ebnuesin p\u00ebr than, si dhe superlativa me forma t\u00eb dedikuara.<\/p>\n\n\n\n<h3 class=\"wp-block-heading\" id=\"h-4-pronouns-determiners\">4. P\u00ebremrat\/p\u00ebrcaktuesit:<\/h3>\n\n\n\n<p>ronouns dhe p\u00ebrcaktuesit jan\u00eb thelb\u00ebsor\u00eb n\u00eb birmanisht; ato pasqyrojn\u00eb nivelet e mir\u00ebsjelljes dhe formalitetit dhe mund t\u00eb z\u00ebvend\u00ebsojn\u00eb emrat ose t&#8217;i specifikojn\u00eb ato me demonstrativ\u00eb si ky dhe <a href=\"https:\/\/talkpal.ai\/speaking-with-ai\/\">ai<\/a>, sasia me numra plus klasifikuesit dhe zot\u00ebrimi me grimca pron\u00ebsore.<\/p>\n\n\n\n<h3 class=\"wp-block-heading\" id=\"h-5-verbs\">5. Foljet:<\/h3>\n\n\n\n<p>Foljet birmane nuk lidhen p\u00ebr person ose num\u00ebr. N\u00eb vend t\u00eb k\u00ebsaj, koha, aspekti, humori, polariteti dhe mir\u00ebsjellja shprehen me sh\u00ebnues dhe grimca p\u00ebrfundimtare t\u00eb fjalis\u00eb, k\u00ebshtu q\u00eb filloni me rrjedhat baz\u00eb t\u00eb foljeve dhe grimcat thelb\u00ebsore t\u00eb p\u00ebrdorura n\u00eb t\u00eb folurin e p\u00ebrditsh\u00ebm.<\/p>\n\n\n\n<h3 class=\"wp-block-heading\" id=\"h-6-tenses\">6. Koh\u00ebt:<\/h3>\n\n\n\n<p>Pasi t\u00eb zot\u00ebroni modelet e foljeve, g\u00ebrmoni m\u00eb thell\u00eb n\u00eb m\u00ebnyr\u00ebn se si birmanishtja trajton koh\u00ebn dhe aspektin. Birmanishtja mb\u00ebshtetet n\u00eb sh\u00ebnuesit e aspekteve dhe grimcat p\u00ebrfundimtare t\u00eb fjalis\u00eb p\u00ebr t\u00eb dalluar t\u00eb tashmen, t\u00eb kaluar\u00ebn, t\u00eb ardhmen, p\u00ebrfundimin dhe q\u00ebllimin, shpesh n\u00eb kombinim me shprehjet kohore.<\/p>\n\n\n\n<h3 class=\"wp-block-heading\" id=\"h-7-tense-comparison\">7. Krahasimi i tensionit:<\/h3>\n\n\n\n<p>Krahasimi i koh\u00ebs dhe aspektit n\u00eb birmanisht ndihmon n\u00eb t\u00eb kuptuarit e sekuenc\u00ebs dhe natyr\u00ebs s\u00eb ngjarjeve. Krahasoni t\u00eb nj\u00ebjt\u00ebn folje me grimca t\u00eb ndryshme dhe fraza kohore p\u00ebr t\u00eb par\u00eb se si shprehen veprimet e vazhdueshme, t\u00eb p\u00ebrfunduara, t\u00eb zakonshme dhe t\u00eb synuara.<\/p>\n\n\n\n<h3 class=\"wp-block-heading\" id=\"h-8-progressive\">8. Progresive:<\/h3>\n\n\n\n<p>Progresisti n\u00eb birmanisht p\u00ebrdoret p\u00ebr t\u00eb shprehur veprimet e vazhdueshme. <a href=\"https:\/\/talkpal.ai\/speaking-with-ai\/\">Ai<\/a> formohet me nj\u00eb sh\u00ebnues progresiv t\u00eb bashkangjitur n\u00eb folje dhe plot\u00ebsohet me nj\u00eb grimc\u00eb t\u00eb p\u00ebrshtatshme fjali-p\u00ebrfundimtare.<\/p>\n\n\n\n<h3 class=\"wp-block-heading\" id=\"h-9-perfect-progressive\">9. Progresiv i p\u00ebrsosur:<\/h3>\n\n\n\n<p>Ky kuptim p\u00ebrdoret p\u00ebr t\u00eb shprehur veprime q\u00eb kan\u00eb qen\u00eb n\u00eb vazhdim deri n\u00eb nj\u00eb pik\u00eb t\u00eb caktuar. N\u00eb birmanisht, p\u00ebrcillet duke kombinuar progresiven me sh\u00ebnues t\u00eb vazhduesh\u00ebm ose plot\u00ebsues dhe fraza koh\u00ebzgjatjeje, n\u00eb vend t\u00eb nj\u00eb forme t\u00eb vetme t\u00eb dedikuar.<\/p>\n\n\n\n<h3 class=\"wp-block-heading\" id=\"h-10-conditionals\">10. Kusht\u00ebzuese:<\/h3>\n\n\n\n<p>Kusht\u00ebzimet shprehin situata hipotetike dhe rezultatet e <a href=\"https:\/\/talkpal.ai\/locations\/language-courses-in-tyre\/\">tyre<\/a> t\u00eb mundshme. N\u00eb birmanisht ato formohen me nj\u00eb sh\u00ebnues t\u00eb kusht\u00ebzuar n\u00eb protasis dhe grimca t\u00eb p\u00ebrshtatshme fjali-p\u00ebrfundimtare n\u00eb klauzol\u00ebn e rezultatit, dhe ato jan\u00eb nj\u00eb pjes\u00eb e r\u00ebnd\u00ebsishme e gramatik\u00ebs q\u00eb do t&#8217;i shtoj\u00eb nuanca aft\u00ebsive tuaja gjuh\u00ebsore.<\/p>\n\n\n\n<h3 class=\"wp-block-heading\" id=\"h-11-adverbs\">11. Ndajfoljet:<\/h3>\n\n\n\n<p>Ndajfoljet n\u00eb birmanisht modifikojn\u00eb foljet, mbiemrat ose ndajfoljet e tjera. Ato zakonisht shfaqen para fraz\u00ebs s\u00eb foljes dhe japin informacion p\u00ebr m\u00ebnyr\u00ebn, vendin, koh\u00ebn, shkall\u00ebn dhe m\u00eb shum\u00eb, shpesh duke p\u00ebrdorur grimca t\u00eb dedikuara ose ndajfolje fikse.<\/p>\n\n\n\n<h3 class=\"wp-block-heading\" id=\"h-12-prepositions\">12. Parafjal\u00ebt:<\/h3>\n\n\n\n<p>Parafjal\u00ebt lidhin fjal\u00ebt dhe frazat s\u00eb bashku. Birmanishtja p\u00ebrdor postpozicione n\u00eb vend t\u00eb parafjal\u00ebve, dhe k\u00ebto ndjekin emrin p\u00ebr t\u00eb shprehur marr\u00ebdh\u00ebniet e koh\u00ebs, vendit, drejtimit, shoq\u00ebrimit dhe m\u00eb shum\u00eb.<\/p>\n\n\n\n<h3 class=\"wp-block-heading\" id=\"h-13-sentences\">13. Fjalit\u00eb:<\/h3>\n\n\n\n<p>S\u00eb fundi, praktikoni nd\u00ebrtimin e fjalive. Birmanishtja \u00ebsht\u00eb p\u00ebrgjith\u00ebsisht folje e objektit t\u00eb subjektit dhe mb\u00ebshtetet n\u00eb grimcat e fjalis\u00eb p\u00ebrfundimtare dhe struktur\u00ebn e komenteve t\u00eb tem\u00ebs, k\u00ebshtu q\u00eb ky hap p\u00ebrfshin p\u00ebrdorimin e t\u00eb gjitha pikave gramatikore t\u00eb m\u00ebsuara m\u00eb par\u00eb n\u00eb kontekst p\u00ebr t\u00eb nd\u00ebrtuar birmanisht t\u00eb sakt\u00eb dhe natyral.<\/p>\n<\/div><\/div>\n\r\n<section class=\"learnNavigationSection\">\r\n            \r\n        <a href=\"https:\/\/talkpal.ai\/sq\/mesoni-birmanisht\/\">\r\n            <div class=\"learnNavigationWrapper\">\r\n                <div class=\"learnNavigationContent\">\r\n                    <img decoding=\"async\" src=\"https:\/\/talkpal.ai\/wp-content\/uploads\/2025\/11\/Myanmar.png\" alt=\"Myanmar Flag\">\r\n                    <div>\r\n                        <h4>Rreth m\u00ebsimit birmanez<\/h4>\r\n                        <p>Zbuloni gjith\u00e7ka rreth Gramatik\u00ebs Birmane.<\/p>\r\n                    <\/div>\r\n                <\/div>\r\n            <\/div>\r\n        <\/a>\r\n\r\n        \r\n        <a href=\"https:\/\/talkpal.ai\/sq\/gramatika-birmane\/\">\r\n            <div class=\"learnNavigationWrapper\">\r\n                <div class=\"learnNavigationContent\">\r\n                    <img decoding=\"async\" src=\"https:\/\/talkpal.ai\/wp-content\/uploads\/2025\/11\/Myanmar.png\" alt=\"Myanmar Flag\">\r\n                    <div>\r\n                        <h4>M\u00ebsime gramatikore birmane<\/h4>\r\n                        <p>Praktikoni gramatik\u00ebn birmane.<\/p>\r\n                    <\/div>\r\n                <\/div>\r\n            <\/div>\r\n        <\/a>\r\n\r\n            <\/section>","protected":false},"excerpt":{"rendered":"<p>Temat e gramatik\u00ebs birmane M\u00ebsimi i nj\u00eb gjuhe t\u00eb re mund t\u00eb jet\u00eb nj\u00eb p\u00ebrpjekje sfiduese por shp\u00ebrblyese. Burmese, nj\u00eb gjuh\u00eb kino-tibetiane e folur kryesisht n\u00eb Mianmar, nuk b\u00ebn p\u00ebrjashtim. Me ve\u00e7orit\u00eb dhe strukturat e tij unike, m\u00ebsimi i birmanishtes k\u00ebrkon nj\u00eb qasje sistematike p\u00ebr t\u00eb kuptuar gramatik\u00ebn e saj. Ky udh\u00ebzues p\u00ebrshkruan fushat kryesore [&hellip;]<\/p>\n","protected":false},"author":20,"featured_media":0,"parent":0,"menu_order":0,"comment_status":"closed","ping_status":"closed","template":"LearningContentPage.php","meta":{"_acf_changed":false,"footnotes":""},"class_list":["post-1474624","page","type-page","status-publish","hentry"],"acf":[],"yoast_head":"<!-- This site is optimized with the Yoast SEO Premium plugin v27.2 (Yoast SEO v27.2) - https:\/\/yoast.com\/product\/yoast-seo-premium-wordpress\/ -->\n<title>Ushtrime gramatikore birmane - Talkpal<\/title>\n<meta name=\"description\" content=\"Zot\u00ebroni birmanishten me ushtrime gjith\u00ebp\u00ebrfshir\u00ebse gramatikore q\u00eb mbulojn\u00eb emrat, foljet dhe koh\u00ebt p\u00ebr t\u00eb p\u00ebrmir\u00ebsuar aft\u00ebsit\u00eb tuaja gjuh\u00ebsore.\" \/>\n<meta name=\"robots\" content=\"index, follow, max-snippet:-1, max-image-preview:large, max-video-preview:-1\" \/>\n<link rel=\"canonical\" href=\"https:\/\/talkpal.ai\/sq\/ushtrime-gramatikore-birmane\/\" \/>\n<meta property=\"og:locale\" content=\"sq_AL\" \/>\n<meta property=\"og:type\" content=\"article\" \/>\n<meta property=\"og:title\" content=\"Ushtrime gramatikore birmane\" \/>\n<meta property=\"og:description\" content=\"Temat e gramatik\u00ebs birmane M\u00ebsimi i nj\u00eb gjuhe t\u00eb re mund t\u00eb jet\u00eb nj\u00eb p\u00ebrpjekje sfiduese por shp\u00ebrblyese. Burmese, nj\u00eb gjuh\u00eb kino-tibetiane e folur\" \/>\n<meta property=\"og:url\" content=\"https:\/\/talkpal.ai\/sq\/ushtrime-gramatikore-birmane\/\" \/>\n<meta property=\"og:site_name\" content=\"Talkpal\" \/>\n<meta property=\"article:publisher\" content=\"https:\/\/www.facebook.com\/profile.php?id=100090733639311\" \/>\n<meta property=\"article:modified_time\" content=\"2025-12-30T15:05:04+00:00\" \/>\n<meta property=\"og:image\" content=\"https:\/\/talkpal.ai\/wp-content\/uploads\/2025\/02\/Progress-tab-16_9.png\" \/>\n\t<meta property=\"og:image:width\" content=\"2880\" \/>\n\t<meta property=\"og:image:height\" content=\"1620\" \/>\n\t<meta property=\"og:image:type\" content=\"image\/png\" \/>\n<meta name=\"twitter:card\" content=\"summary_large_image\" \/>\n<meta name=\"twitter:site\" content=\"@talkpalai\" \/>\n<meta name=\"twitter:label1\" content=\"Est. reading time\" \/>\n\t<meta name=\"twitter:data1\" content=\"4 minutes\" \/>\n<script type=\"application\/ld+json\" class=\"yoast-schema-graph\">{\"@context\":\"https:\/\/schema.org\",\"@graph\":[{\"@type\":\"WebPage\",\"@id\":\"https:\/\/talkpal.ai\/sq\/ushtrime-gramatikore-birmane\/\",\"url\":\"https:\/\/talkpal.ai\/sq\/ushtrime-gramatikore-birmane\/\",\"name\":\"Ushtrime gramatikore birmane - Talkpal\",\"isPartOf\":{\"@id\":\"https:\/\/talkpal.ai\/sq\/#website\"},\"datePublished\":\"2025-11-11T16:21:06+00:00\",\"dateModified\":\"2025-12-30T15:05:04+00:00\",\"description\":\"Zot\u00ebroni birmanishten me ushtrime gjith\u00ebp\u00ebrfshir\u00ebse gramatikore q\u00eb mbulojn\u00eb emrat, foljet dhe koh\u00ebt p\u00ebr t\u00eb p\u00ebrmir\u00ebsuar aft\u00ebsit\u00eb tuaja gjuh\u00ebsore.\",\"breadcrumb\":{\"@id\":\"https:\/\/talkpal.ai\/sq\/ushtrime-gramatikore-birmane\/#breadcrumb\"},\"inLanguage\":\"sq-AL\",\"potentialAction\":[{\"@type\":\"ReadAction\",\"target\":[\"https:\/\/talkpal.ai\/sq\/ushtrime-gramatikore-birmane\/\"]}]},{\"@type\":\"BreadcrumbList\",\"@id\":\"https:\/\/talkpal.ai\/sq\/ushtrime-gramatikore-birmane\/#breadcrumb\",\"itemListElement\":[{\"@type\":\"ListItem\",\"position\":1,\"name\":\"Homepage\",\"item\":\"https:\/\/talkpal.ai\/sq\/\"},{\"@type\":\"ListItem\",\"position\":2,\"name\":\"Ushtrime gramatikore birmane\"}]},{\"@type\":\"WebSite\",\"@id\":\"https:\/\/talkpal.ai\/sq\/#website\",\"url\":\"https:\/\/talkpal.ai\/sq\/\",\"name\":\"Talkpal\",\"description\":\"AI Language Learning\",\"publisher\":{\"@id\":\"https:\/\/talkpal.ai\/sq\/#organization\"},\"alternateName\":\"Talkpal AI\",\"potentialAction\":[{\"@type\":\"SearchAction\",\"target\":{\"@type\":\"EntryPoint\",\"urlTemplate\":\"https:\/\/talkpal.ai\/sq\/?s={search_term_string}\"},\"query-input\":{\"@type\":\"PropertyValueSpecification\",\"valueRequired\":true,\"valueName\":\"search_term_string\"}}],\"inLanguage\":\"sq-AL\"},{\"@type\":\"Organization\",\"@id\":\"https:\/\/talkpal.ai\/sq\/#organization\",\"name\":\"Talkpal, Inc.\",\"alternateName\":\"Talkpal AI\",\"url\":\"https:\/\/talkpal.ai\/sq\/\",\"logo\":{\"@type\":\"ImageObject\",\"inLanguage\":\"sq-AL\",\"@id\":\"https:\/\/talkpal.ai\/sq\/#\/schema\/logo\/image\/\",\"url\":\"https:\/\/talkpal.ai\/wp-content\/uploads\/2024\/03\/Talkpal-Logo-Icon.png\",\"contentUrl\":\"https:\/\/talkpal.ai\/wp-content\/uploads\/2024\/03\/Talkpal-Logo-Icon.png\",\"width\":2880,\"height\":2880,\"caption\":\"Talkpal, Inc.\"},\"image\":{\"@id\":\"https:\/\/talkpal.ai\/sq\/#\/schema\/logo\/image\/\"},\"sameAs\":[\"https:\/\/www.facebook.com\/profile.php?id=100090733639311\",\"https:\/\/x.com\/talkpalai\",\"https:\/\/www.linkedin.com\/company\/talkpal\/\",\"https:\/\/www.youtube.com\/@TalkPal\/\",\"https:\/\/www.tiktok.com\/@talkpal\",\"https:\/\/www.instagram.com\/talkpal_ai\/\",\"https:\/\/www.crunchbase.com\/organization\/talkpal-9cde\",\"https:\/\/www.g2.com\/products\/talkpal-for-business\/\",\"https:\/\/www.trustpilot.com\/review\/talkpal.ai\",\"https:\/\/www.capterra.com\/p\/10006800\/TalkPal\/\"],\"description\":\"Talkpal is a language learning web and mobile education app, powered by the latest AI technologies, that provides engaging experiences to its customers in many different languages to help them improve their language skills. Users can chat about unlimited amount of topics with the app and use other modes to practice their language learning.\",\"email\":\"support@talkpal.ai\",\"legalName\":\"Talkpal, Inc.\",\"foundingDate\":\"2023-04-03\",\"duns\":\"118989042\",\"numberOfEmployees\":{\"@type\":\"QuantitativeValue\",\"minValue\":\"11\",\"maxValue\":\"50\"},\"publishingPrinciples\":\"https:\/\/talkpal.ai\/publishing-principles\/\",\"actionableFeedbackPolicy\":\"https:\/\/talkpal.ai\/actionable-feedback-policy\/\",\"correctionsPolicy\":\"https:\/\/talkpal.ai\/corrections-policy\/\",\"ethicsPolicy\":\"https:\/\/talkpal.ai\/ethics-policy\/\",\"diversityPolicy\":\"https:\/\/talkpal.ai\/diversity-policy\/\",\"diversityStaffingReport\":\"https:\/\/talkpal.ai\/diversity-policy\/\"}]}<\/script>\n<!-- \/ Yoast SEO Premium plugin. -->","yoast_head_json":{"title":"Ushtrime gramatikore birmane - Talkpal","description":"Zot\u00ebroni birmanishten me ushtrime gjith\u00ebp\u00ebrfshir\u00ebse gramatikore q\u00eb mbulojn\u00eb emrat, foljet dhe koh\u00ebt p\u00ebr t\u00eb p\u00ebrmir\u00ebsuar aft\u00ebsit\u00eb tuaja gjuh\u00ebsore.","robots":{"index":"index","follow":"follow","max-snippet":"max-snippet:-1","max-image-preview":"max-image-preview:large","max-video-preview":"max-video-preview:-1"},"canonical":"https:\/\/talkpal.ai\/sq\/ushtrime-gramatikore-birmane\/","og_locale":"sq_AL","og_type":"article","og_title":"Ushtrime gramatikore birmane","og_description":"Temat e gramatik\u00ebs birmane M\u00ebsimi i nj\u00eb gjuhe t\u00eb re mund t\u00eb jet\u00eb nj\u00eb p\u00ebrpjekje sfiduese por shp\u00ebrblyese. Burmese, nj\u00eb gjuh\u00eb kino-tibetiane e folur","og_url":"https:\/\/talkpal.ai\/sq\/ushtrime-gramatikore-birmane\/","og_site_name":"Talkpal","article_publisher":"https:\/\/www.facebook.com\/profile.php?id=100090733639311","article_modified_time":"2025-12-30T15:05:04+00:00","og_image":[{"width":2880,"height":1620,"url":"https:\/\/talkpal.ai\/wp-content\/uploads\/2025\/02\/Progress-tab-16_9.png","type":"image\/png"}],"twitter_card":"summary_large_image","twitter_site":"@talkpalai","twitter_misc":{"Est. reading time":"4 minutes"},"schema":{"@context":"https:\/\/schema.org","@graph":[{"@type":"WebPage","@id":"https:\/\/talkpal.ai\/sq\/ushtrime-gramatikore-birmane\/","url":"https:\/\/talkpal.ai\/sq\/ushtrime-gramatikore-birmane\/","name":"Ushtrime gramatikore birmane - Talkpal","isPartOf":{"@id":"https:\/\/talkpal.ai\/sq\/#website"},"datePublished":"2025-11-11T16:21:06+00:00","dateModified":"2025-12-30T15:05:04+00:00","description":"Zot\u00ebroni birmanishten me ushtrime gjith\u00ebp\u00ebrfshir\u00ebse gramatikore q\u00eb mbulojn\u00eb emrat, foljet dhe koh\u00ebt p\u00ebr t\u00eb p\u00ebrmir\u00ebsuar aft\u00ebsit\u00eb tuaja gjuh\u00ebsore.","breadcrumb":{"@id":"https:\/\/talkpal.ai\/sq\/ushtrime-gramatikore-birmane\/#breadcrumb"},"inLanguage":"sq-AL","potentialAction":[{"@type":"ReadAction","target":["https:\/\/talkpal.ai\/sq\/ushtrime-gramatikore-birmane\/"]}]},{"@type":"BreadcrumbList","@id":"https:\/\/talkpal.ai\/sq\/ushtrime-gramatikore-birmane\/#breadcrumb","itemListElement":[{"@type":"ListItem","position":1,"name":"Homepage","item":"https:\/\/talkpal.ai\/sq\/"},{"@type":"ListItem","position":2,"name":"Ushtrime gramatikore birmane"}]},{"@type":"WebSite","@id":"https:\/\/talkpal.ai\/sq\/#website","url":"https:\/\/talkpal.ai\/sq\/","name":"Talkpal","description":"AI Language Learning","publisher":{"@id":"https:\/\/talkpal.ai\/sq\/#organization"},"alternateName":"Talkpal AI","potentialAction":[{"@type":"SearchAction","target":{"@type":"EntryPoint","urlTemplate":"https:\/\/talkpal.ai\/sq\/?s={search_term_string}"},"query-input":{"@type":"PropertyValueSpecification","valueRequired":true,"valueName":"search_term_string"}}],"inLanguage":"sq-AL"},{"@type":"Organization","@id":"https:\/\/talkpal.ai\/sq\/#organization","name":"Talkpal, Inc.","alternateName":"Talkpal AI","url":"https:\/\/talkpal.ai\/sq\/","logo":{"@type":"ImageObject","inLanguage":"sq-AL","@id":"https:\/\/talkpal.ai\/sq\/#\/schema\/logo\/image\/","url":"https:\/\/talkpal.ai\/wp-content\/uploads\/2024\/03\/Talkpal-Logo-Icon.png","contentUrl":"https:\/\/talkpal.ai\/wp-content\/uploads\/2024\/03\/Talkpal-Logo-Icon.png","width":2880,"height":2880,"caption":"Talkpal, Inc."},"image":{"@id":"https:\/\/talkpal.ai\/sq\/#\/schema\/logo\/image\/"},"sameAs":["https:\/\/www.facebook.com\/profile.php?id=100090733639311","https:\/\/x.com\/talkpalai","https:\/\/www.linkedin.com\/company\/talkpal\/","https:\/\/www.youtube.com\/@TalkPal\/","https:\/\/www.tiktok.com\/@talkpal","https:\/\/www.instagram.com\/talkpal_ai\/","https:\/\/www.crunchbase.com\/organization\/talkpal-9cde","https:\/\/www.g2.com\/products\/talkpal-for-business\/","https:\/\/www.trustpilot.com\/review\/talkpal.ai","https:\/\/www.capterra.com\/p\/10006800\/TalkPal\/"],"description":"Talkpal is a language learning web and mobile education app, powered by the latest AI technologies, that provides engaging experiences to its customers in many different languages to help them improve their language skills. Users can chat about unlimited amount of topics with the app and use other modes to practice their language learning.","email":"support@talkpal.ai","legalName":"Talkpal, Inc.","foundingDate":"2023-04-03","duns":"118989042","numberOfEmployees":{"@type":"QuantitativeValue","minValue":"11","maxValue":"50"},"publishingPrinciples":"https:\/\/talkpal.ai\/publishing-principles\/","actionableFeedbackPolicy":"https:\/\/talkpal.ai\/actionable-feedback-policy\/","correctionsPolicy":"https:\/\/talkpal.ai\/corrections-policy\/","ethicsPolicy":"https:\/\/talkpal.ai\/ethics-policy\/","diversityPolicy":"https:\/\/talkpal.ai\/diversity-policy\/","diversityStaffingReport":"https:\/\/talkpal.ai\/diversity-policy\/"}]}},"_links":{"self":[{"href":"https:\/\/talkpal.ai\/sq\/wp-json\/wp\/v2\/pages\/1474624","targetHints":{"allow":["GET"]}}],"collection":[{"href":"https:\/\/talkpal.ai\/sq\/wp-json\/wp\/v2\/pages"}],"about":[{"href":"https:\/\/talkpal.ai\/sq\/wp-json\/wp\/v2\/types\/page"}],"author":[{"embeddable":true,"href":"https:\/\/talkpal.ai\/sq\/wp-json\/wp\/v2\/users\/20"}],"replies":[{"embeddable":true,"href":"https:\/\/talkpal.ai\/sq\/wp-json\/wp\/v2\/comments?post=1474624"}],"version-history":[{"count":0,"href":"https:\/\/talkpal.ai\/sq\/wp-json\/wp\/v2\/pages\/1474624\/revisions"}],"wp:attachment":[{"href":"https:\/\/talkpal.ai\/sq\/wp-json\/wp\/v2\/media?parent=1474624"}],"curies":[{"name":"wp","href":"https:\/\/api.w.org\/{rel}","templated":true}]}}