{"id":1474590,"date":"2025-11-11T16:16:27","date_gmt":"2025-11-11T16:16:27","guid":{"rendered":"https:\/\/talkpal.ai\/gramatika-birmane\/"},"modified":"2025-12-30T15:19:41","modified_gmt":"2025-12-30T15:19:41","slug":"gramatika-birmane","status":"publish","type":"page","link":"https:\/\/talkpal.ai\/sq\/gramatika-birmane\/","title":{"rendered":"Gramatika birmane"},"content":{"rendered":"\r\n\r\n\r\n<section class=\"languageChallengeSection\">\r\n    <div class=\"languageInfoWrapper\">\r\n        \r\n        <h1>Gramatika birmane<\/h1>\r\n        <p><a href=\"https:\/\/talkpal.ai\/sq\/gramatika\/\">Gramatika<\/a> birmane mund t\u00eb duket sfiduese n\u00eb fillim, por karakteristikat e saj unike e b\u00ebjn\u00eb m\u00ebsimin e gjuh\u00ebs nj\u00eb p\u00ebrvoj\u00eb shp\u00ebrblyese. Duke eksploruar alfabetin, mutacionet dhe rregullat gramatikore, do t\u00eb fitoni njohuri p\u00ebr nj\u00eb tradit\u00eb t\u00eb pasur gjuh\u00ebsore. Filloni udh\u00ebtimin tuaj dhe zbuloni bukurin\u00eb e birmanis\u00eb!<\/p>\r\n\r\n                            <a class=\"getStartedHidden\" href=\"https:\/\/app.talkpal.ai\/signup?lng=\">Filloni<\/a>\r\n        \r\n    <\/div>\r\n\r\n    <figure>\r\n    <img decoding=\"async\" width=\"768\" height=\"768\" src=\"https:\/\/talkpal.ai\/wp-content\/uploads\/2023\/06\/welsh-768x768.png\" class=\"languageImage no-lazy\" alt=\"Language learning for better cognitive abilities\" fetchpriority=\"high\" sizes=\"(max-width: 768px) 150px, 768px\" srcset=\"https:\/\/talkpal.ai\/wp-content\/uploads\/2023\/06\/welsh-768x768.png 768w, https:\/\/talkpal.ai\/wp-content\/uploads\/2023\/06\/welsh-300x300.png 300w\" \/>\r\n    \r\n\r\n    <\/figure>\r\n\r\n            <a class=\"getStartedVisible\" href=\"https:\/\/app.talkpal.ai\/signup?lng=\">Filloni<\/a>\r\n    \r\n<\/section><section class=\"promotionalBanner\">\r\n    <p class=\"promotionalText\">M\u00ebnyra m\u00eb efikase p\u00ebr t\u00eb m\u00ebsuar nj\u00eb gjuh\u00eb<\/p>\r\n    <a class=\"promotionalLink\" href=\"https:\/\/app.talkpal.ai\/signup?lng=\">Provoni Talkpal falas<\/a>\r\n<\/section>\n<div class=\"wp-block-group pageContainerStyle\"><div class=\"wp-block-group__inner-container is-layout-constrained wp-block-group-is-layout-constrained\">\n<h2 class=\"wp-block-heading\" id=\"h-navigating-the-intricacies-of-burmese-grammar\">Lundrimi n\u00eb nd\u00ebrlikimet e gramatik\u00ebs birmane<\/h2>\n\n\n\n<p><a href=\"https:\/\/talkpal.ai\/sq\/mesoni-birmanisht\/\">Birmanishtja<\/a>, nj\u00eb gjuh\u00eb tibeto-birmane me nj\u00eb histori t\u00eb pasur dhe r\u00ebnd\u00ebsi kulturore, ofron nj\u00eb p\u00ebrvoj\u00eb emocionuese gjuh\u00ebsore p\u00ebr ata q\u00eb d\u00ebshirojn\u00eb t\u00eb eksplorojn\u00eb sistemin e saj unik gramatikor. Nd\u00ebrsa hyni n\u00eb mbret\u00ebrin\u00eb e birmanis\u00eb, jo vet\u00ebm q\u00eb do t\u00eb pasuroni repertorin tuaj gjuh\u00ebsor, por edhe do t\u00eb p\u00ebrqafoni nj\u00eb udh\u00ebtim kulturor magjeps\u00ebs. Nd\u00ebrsa gramatika birmane mund t\u00eb duket e panjohur n\u00eb fillim, zb\u00ebrthimi i saj n\u00eb komponent\u00eb thelb\u00ebsor\u00eb e b\u00ebn m\u00ebsimin e gjuh\u00ebs m\u00eb t\u00eb arritsh\u00ebm. N\u00eb k\u00ebt\u00eb artikull, ne do t\u00eb eksplorojm\u00eb bot\u00ebn magjeps\u00ebse t\u00eb gramatik\u00ebs birmane dhe do t\u00eb japim k\u00ebshilla <a href=\"https:\/\/talkpal.ai\/culture\/what-is-the-difference-between-se-and-si\/\">se si<\/a> t\u00eb zot\u00ebroni kompleksitetin e saj.<\/p>\n\n\n\n<h3 class=\"wp-block-heading\" id=\"h-1-welsh-alphabet-and-phonetics\">1. Alfabeti uellsian dhe fonetika<\/h3>\n\n\n\n<p>Sistemi i shkrimit <a href=\"https:\/\/talkpal.ai\/learn-burmese\/\">birmanez<\/a> \u00ebsht\u00eb nj\u00eb abugida q\u00eb p\u00ebrdor 33 shkronja bashk\u00ebting\u00ebllore dhe diakritik\u00eb zanore, s\u00eb bashku me mediale dalluese si \u103b,\u103c,\u103d,\u103e. Lloji i tonit dhe rrokjes tregohen me shenja si \u1037, \u1038 dhe \u103a. P\u00ebr t\u00eb m\u00ebsuar gramatik\u00ebn birmane, \u00ebsht\u00eb thelb\u00ebsore t\u00eb njiheni me k\u00ebt\u00eb shkrim duke praktikuar leximin dhe shkrimin n\u00eb <a href=\"https:\/\/talkpal.ai\/learn-burmese\/\">birmanisht<\/a> dhe duke i kushtuar v\u00ebmendje tonit dhe ritmit.<\/p>\n\n\n\n<h3 class=\"wp-block-heading\" id=\"h-2-particles-a-distinctive-burmese-feature\">2. Grimcat: Nj\u00eb tipar dallues birmanez<\/h3>\n\n\n\n<p>Nj\u00eb nga aspektet m\u00eb t\u00eb habitshme t\u00eb gramatik\u00ebs birmane \u00ebsht\u00eb p\u00ebrdorimi i gjer\u00eb i grimcave q\u00eb sh\u00ebnojn\u00eb koh\u00ebn, aspektin, humorin, mir\u00ebsjelljen dhe marr\u00ebdh\u00ebniet e rasteve. Grimcat e zakonshme t\u00eb fundit t\u00eb fjalis\u00eb p\u00ebrfshijn\u00eb \u1010\u101a\u103a, \u1015\u102b, \u1019\u101a\u103a dhe \u101b\u1032\u1037, nd\u00ebrsa grimcat gramatikore si \u1000\u102d\u102f, \u1000, \u1019\u103e\u102c, \u1006\u102e, \u1014\u1032\u1037 tregojn\u00eb role t\u00eb tilla si objekti, agjenti, vendndodhja, q\u00ebllimi dhe instrumenti. T\u00eb kuptuarit se kur dhe si p\u00ebrdoren k\u00ebto grimca \u00ebsht\u00eb jetik p\u00ebr komunikim t\u00eb sakt\u00eb n\u00eb birmanisht.<\/p>\n\n\n\n<h3 class=\"wp-block-heading\" id=\"h-3-nouns-and-pronouns-gender-and-cases\">3. Emrat dhe p\u00ebremrat: Gjinia dhe rastet<\/h3>\n\n\n\n<p>Emrat birmane nuk kan\u00eb gjini gramatikore dhe pluraliteti shpesh sh\u00ebnohet me \u1010\u103d\u1031 kur \u00ebsht\u00eb e nevojshme. Marr\u00ebdh\u00ebniet e rasteve shprehen me grimca postpozicionale dhe jo me kthes\u00eb, p\u00ebr shembull \u1000\u102d\u102f p\u00ebr objektet e drejtp\u00ebrdrejta, \u1000 ose \u1019\u103e p\u00ebr agjent\u00ebt ose burimet, \u1019\u103e\u102c ose \u1010\u103d\u1004\u103a p\u00ebr vendndodhjet dhe \u1006\u102e p\u00ebr marr\u00ebsit. P\u00ebremrat n\u00eb birmanisht ndryshojn\u00eb sipas personit, numrit dhe nivelit t\u00eb mir\u00ebsjelljes, duke p\u00ebrfshir\u00eb format si \u1000\u103b\u103d\u1014\u103a\u1010\u1031\u102c\u103a ose \u1000\u103b\u103d\u1014\u103a\u1019 p\u00ebr I, \u101e\u1004\u103a ose \u101b\u103e\u1004\u103a p\u00ebr ju dhe \u101e\u1030 p\u00ebr at\u00eb ose ajo. Njohja me k\u00ebta p\u00ebrem\u00ebr, variantet e <a href=\"https:\/\/talkpal.ai\/locations\/language-courses-in-tyre\/\">tyre<\/a> t\u00eb sjellshme dhe kombinimet e grimcave do t\u00eb p\u00ebrmir\u00ebsoj\u00eb ndjesh\u00ebm t\u00eb kuptuarit tuaj t\u00eb gramatik\u00ebs birmaneze.<\/p>\n\n\n\n<h3 class=\"wp-block-heading\" id=\"h-4-verbs-structure-and-conjugation\">4. Foljet: Struktura dhe konjugimi<\/h3>\n\n\n\n<p>Foljet birmane nuk lidhen p\u00ebr person ose num\u00ebr. N\u00eb vend t\u00eb k\u00ebsaj, tensioni, aspekti dhe humori shprehen me grimca dhe element\u00eb ndihm\u00ebs. Modelet thelb\u00ebsore p\u00ebrfshijn\u00eb pohime jo t\u00eb kaluara me \u1010\u101a\u103a, perfeksioni ose ndryshimi i gjendjes me \u1015\u103c\u102e, e ardhmja ose q\u00ebllimi me \u1019\u101a\u103a ose \u101c\u102d\u1019\u1037\u103a\u1019\u101a\u103a, dhe aspekti eksperimental me \u1016\u1030\u1038. Mohimi zakonisht p\u00ebrdor \u1019 + folje + \u1018\u1030\u1038 ose \u1019 + folje + \u101e\u1031\u1038, dhe format imperative ose t\u00eb k\u00ebrkes\u00ebs shpesh p\u00ebrdorin grimca si \u1015\u102b ose \u1014\u1031\u102c\u103a. M\u00ebsimi i k\u00ebtyre modeleve t\u00eb drejtuara nga grimcat do t\u00eb p\u00ebrmir\u00ebsoj\u00eb aft\u00ebsin\u00eb tuaj p\u00ebr t\u00eb komunikuar n\u00eb m\u00ebnyr\u00eb efektive n\u00eb birmanisht.<\/p>\n\n\n\n<h3 class=\"wp-block-heading\" id=\"h-5-adjectives-agreement-and-placement\">5. Mbiemrat: Marr\u00ebveshja dhe vendosja<\/h3>\n\n\n\n<p>Marr\u00ebveshja dhe vendosja N\u00eb gramatik\u00ebn birmane, mbiemrat zakonisht ndjekin emrin n\u00eb p\u00ebrb\u00ebrjet e thjeshta em\u00ebr-mbiem\u00ebr dhe nuk ka marr\u00ebveshje n\u00eb num\u00ebr ose gjini. Fjalit\u00eb mbiem\u00ebrore shpesh i paraprijn\u00eb emrit duke p\u00ebrdorur sh\u00ebnues si \u1010\u1032\u1037 n\u00eb birmanishten bisedore ose \u1021&#8230; \u101e\u1031\u102c n\u00eb stilin formal. Kuptimet krahasuese dhe superlative zakonisht formohen me \u1015\u102d\u102f dhe \u1011\u1000\u103a p\u00ebr krahasime dhe \u1021&#8230; \u1006\u102f\u1036\u1038 p\u00ebr superlativ\u00ebt.<\/p>\n\n\n\n<p><strong>Shembuj:<\/strong><\/p>\n\n\n\n<p><strong>\u2013 \u1021\u1001\u103b\u1005\u103a\u1000\u103c\u102e\u1038 (dashuri e madhe)<\/strong><\/p>\n\n\n\n<p><strong>\u2013 \u1000\u101c\u1031\u1038\u1004\u101a\u103a\u1010\u103d\u1031 (f\u00ebmij\u00eb t\u00eb vegj\u00ebl)<\/strong><\/p>\n\n\n\n<h3 class=\"wp-block-heading\" id=\"h-6-engaging-with-the-language\">6. Angazhimi me gjuh\u00ebn<\/h3>\n\n\n\n<p>M\u00ebnyra m\u00eb efektive p\u00ebr t\u00eb kuptuar dhe p\u00ebrvet\u00ebsuar plot\u00ebsisht gramatik\u00ebn birmane \u00ebsht\u00eb angazhimi i vazhduesh\u00ebm me gjuh\u00ebn. Duke lexuar let\u00ebrsin\u00eb birmaneze, duke par\u00eb filma ose seriale televizive birmaneze dhe duke komunikuar n\u00eb m\u00ebnyr\u00eb aktive me fol\u00ebsit amtare, ju do t\u00eb p\u00ebrforconi t\u00eb kuptuarit tuaj t\u00eb gramatik\u00ebs duke zgjeruar fjalorin tuaj.<\/p>\n\n\n\n<h3 class=\"wp-block-heading\" id=\"h-conclusion\">P\u00ebrfundimi<\/h3>\n\n\n\n<p>Megjith\u00ebse gramatika birmane mund t\u00eb duket e nd\u00ebrlikuar, ju mund t\u00eb b\u00ebheni t\u00eb aft\u00eb n\u00eb k\u00ebt\u00eb gjuh\u00eb t\u00eb bukur me p\u00ebrkushtim, praktik\u00eb dhe entuziaz\u00ebm. Duke u fokusuar n\u00eb rregullat themelore dhe duke u angazhuar me gjuh\u00ebn n\u00eb kontekste t\u00eb ndryshme, ju do t\u00eb p\u00ebrmir\u00ebsoni <a href=\"https:\/\/talkpal.ai\/sq\/gramatika\/\">me shpejt\u00ebsi aft\u00ebsit\u00eb tuaja gramatikore<\/a> birmaneze. \u1000\u1036\u1000\u1031\u102c\u1004\u103a\u1038\u1015\u102b\u1005\u1031 (fat i mir\u00eb) me udh\u00ebtimin tuaj n\u00eb gjuh\u00ebn birmane dhe shijoni zbulimin e bot\u00ebs enigmatike por magjeps\u00ebse t\u00eb gramatik\u00ebs birmaneze!<\/p>\n<\/div><\/div>\n\r\n<section class=\"learnNavigationSection\">\r\n            \r\n        <a href=\"https:\/\/talkpal.ai\/sq\/mesoni-birmanisht\/\">\r\n            <div class=\"learnNavigationWrapper\">\r\n                <div class=\"learnNavigationContent\">\r\n                    <img decoding=\"async\" src=\"https:\/\/talkpal.ai\/wp-content\/uploads\/2025\/11\/Myanmar.png\" alt=\"Myanmar Flag\">\r\n                    <div>\r\n                        <h4>Rreth m\u00ebsimit birmanez<\/h4>\r\n                        <p>Zbuloni gjith\u00e7ka rreth Gramatik\u00ebs Birmane.<\/p>\r\n                    <\/div>\r\n                <\/div>\r\n            <\/div>\r\n        <\/a>\r\n\r\n        \r\n        <a href=\"https:\/\/talkpal.ai\/sq\/ushtrime-gramatikore-birmane\/\">\r\n            <div class=\"learnNavigationWrapper\">\r\n                <div class=\"learnNavigationContent\">\r\n                    <img decoding=\"async\" src=\"https:\/\/talkpal.ai\/wp-content\/uploads\/2025\/11\/Myanmar.png\" alt=\"Myanmar Flag\">\r\n                    <div>\r\n                        <h4>Ushtrimi gramatikor birmanez<\/h4>\r\n                        <p>Praktikoni gramatik\u00ebn birmane.<\/p>\r\n                    <\/div>\r\n                <\/div>\r\n            <\/div>\r\n        <\/a>\r\n\r\n            <\/section>","protected":false},"excerpt":{"rendered":"<p>Lundrimi n\u00eb nd\u00ebrlikimet e gramatik\u00ebs birmane Birmanishtja, nj\u00eb gjuh\u00eb tibeto-birmane me nj\u00eb histori t\u00eb pasur dhe r\u00ebnd\u00ebsi kulturore, ofron nj\u00eb p\u00ebrvoj\u00eb emocionuese gjuh\u00ebsore p\u00ebr ata q\u00eb d\u00ebshirojn\u00eb t\u00eb eksplorojn\u00eb sistemin e saj unik gramatikor. Nd\u00ebrsa hyni n\u00eb mbret\u00ebrin\u00eb e birmanis\u00eb, jo vet\u00ebm q\u00eb do t\u00eb pasuroni repertorin tuaj gjuh\u00ebsor, por edhe do t\u00eb p\u00ebrqafoni nj\u00eb [&hellip;]<\/p>\n","protected":false},"author":20,"featured_media":0,"parent":0,"menu_order":0,"comment_status":"closed","ping_status":"closed","template":"LearningContentPage.php","meta":{"_acf_changed":false,"footnotes":""},"class_list":["post-1474590","page","type-page","status-publish","hentry"],"acf":[],"yoast_head":"<!-- This site is optimized with the Yoast SEO Premium plugin v27.2 (Yoast SEO v27.2) - https:\/\/yoast.com\/product\/yoast-seo-premium-wordpress\/ -->\n<title>Gramatika birmane - Talkpal<\/title>\n<meta name=\"description\" content=\"Zot\u00ebroni rregullat gramatikore dhe strukturat e fjalive birmanisht p\u00ebr t\u00eb p\u00ebrmir\u00ebsuar rrjedhshm\u00ebrin\u00eb tuaj me udh\u00ebzuesin ton\u00eb gjith\u00ebp\u00ebrfshir\u00ebs t\u00eb t\u00eb m\u00ebsuarit t\u00eb gjuh\u00ebve.\" \/>\n<meta name=\"robots\" content=\"index, follow, max-snippet:-1, max-image-preview:large, max-video-preview:-1\" \/>\n<link rel=\"canonical\" href=\"https:\/\/talkpal.ai\/sq\/gramatika-birmane\/\" \/>\n<meta property=\"og:locale\" content=\"sq_AL\" \/>\n<meta property=\"og:type\" content=\"article\" \/>\n<meta property=\"og:title\" content=\"Gramatika birmane\" \/>\n<meta property=\"og:description\" content=\"Lundrimi n\u00eb nd\u00ebrlikimet e gramatik\u00ebs birmane Birmanishtja, nj\u00eb gjuh\u00eb tibeto-birmane me nj\u00eb histori t\u00eb pasur dhe r\u00ebnd\u00ebsi kulturore, ofron nj\u00eb p\u00ebrvoj\u00eb\" \/>\n<meta property=\"og:url\" content=\"https:\/\/talkpal.ai\/sq\/gramatika-birmane\/\" \/>\n<meta property=\"og:site_name\" content=\"Talkpal\" \/>\n<meta property=\"article:publisher\" content=\"https:\/\/www.facebook.com\/profile.php?id=100090733639311\" \/>\n<meta property=\"article:modified_time\" content=\"2025-12-30T15:19:41+00:00\" \/>\n<meta property=\"og:image\" content=\"https:\/\/talkpal.ai\/wp-content\/uploads\/2025\/02\/Progress-tab-16_9.png\" \/>\n\t<meta property=\"og:image:width\" content=\"2880\" \/>\n\t<meta property=\"og:image:height\" content=\"1620\" \/>\n\t<meta property=\"og:image:type\" content=\"image\/png\" \/>\n<meta name=\"twitter:card\" content=\"summary_large_image\" \/>\n<meta name=\"twitter:site\" content=\"@talkpalai\" \/>\n<meta name=\"twitter:label1\" content=\"Est. reading time\" \/>\n\t<meta name=\"twitter:data1\" content=\"4 minutes\" \/>\n<script type=\"application\/ld+json\" class=\"yoast-schema-graph\">{\"@context\":\"https:\/\/schema.org\",\"@graph\":[{\"@type\":\"WebPage\",\"@id\":\"https:\/\/talkpal.ai\/sq\/gramatika-birmane\/\",\"url\":\"https:\/\/talkpal.ai\/sq\/gramatika-birmane\/\",\"name\":\"Gramatika birmane - Talkpal\",\"isPartOf\":{\"@id\":\"https:\/\/talkpal.ai\/sq\/#website\"},\"datePublished\":\"2025-11-11T16:16:27+00:00\",\"dateModified\":\"2025-12-30T15:19:41+00:00\",\"description\":\"Zot\u00ebroni rregullat gramatikore dhe strukturat e fjalive birmanisht p\u00ebr t\u00eb p\u00ebrmir\u00ebsuar rrjedhshm\u00ebrin\u00eb tuaj me udh\u00ebzuesin ton\u00eb gjith\u00ebp\u00ebrfshir\u00ebs t\u00eb t\u00eb m\u00ebsuarit t\u00eb gjuh\u00ebve.\",\"breadcrumb\":{\"@id\":\"https:\/\/talkpal.ai\/sq\/gramatika-birmane\/#breadcrumb\"},\"inLanguage\":\"sq-AL\",\"potentialAction\":[{\"@type\":\"ReadAction\",\"target\":[\"https:\/\/talkpal.ai\/sq\/gramatika-birmane\/\"]}]},{\"@type\":\"BreadcrumbList\",\"@id\":\"https:\/\/talkpal.ai\/sq\/gramatika-birmane\/#breadcrumb\",\"itemListElement\":[{\"@type\":\"ListItem\",\"position\":1,\"name\":\"Homepage\",\"item\":\"https:\/\/talkpal.ai\/sq\/\"},{\"@type\":\"ListItem\",\"position\":2,\"name\":\"Gramatika birmane\"}]},{\"@type\":\"WebSite\",\"@id\":\"https:\/\/talkpal.ai\/sq\/#website\",\"url\":\"https:\/\/talkpal.ai\/sq\/\",\"name\":\"Talkpal\",\"description\":\"AI Language Learning\",\"publisher\":{\"@id\":\"https:\/\/talkpal.ai\/sq\/#organization\"},\"alternateName\":\"Talkpal AI\",\"potentialAction\":[{\"@type\":\"SearchAction\",\"target\":{\"@type\":\"EntryPoint\",\"urlTemplate\":\"https:\/\/talkpal.ai\/sq\/?s={search_term_string}\"},\"query-input\":{\"@type\":\"PropertyValueSpecification\",\"valueRequired\":true,\"valueName\":\"search_term_string\"}}],\"inLanguage\":\"sq-AL\"},{\"@type\":\"Organization\",\"@id\":\"https:\/\/talkpal.ai\/sq\/#organization\",\"name\":\"Talkpal, Inc.\",\"alternateName\":\"Talkpal AI\",\"url\":\"https:\/\/talkpal.ai\/sq\/\",\"logo\":{\"@type\":\"ImageObject\",\"inLanguage\":\"sq-AL\",\"@id\":\"https:\/\/talkpal.ai\/sq\/#\/schema\/logo\/image\/\",\"url\":\"https:\/\/talkpal.ai\/wp-content\/uploads\/2024\/03\/Talkpal-Logo-Icon.png\",\"contentUrl\":\"https:\/\/talkpal.ai\/wp-content\/uploads\/2024\/03\/Talkpal-Logo-Icon.png\",\"width\":2880,\"height\":2880,\"caption\":\"Talkpal, Inc.\"},\"image\":{\"@id\":\"https:\/\/talkpal.ai\/sq\/#\/schema\/logo\/image\/\"},\"sameAs\":[\"https:\/\/www.facebook.com\/profile.php?id=100090733639311\",\"https:\/\/x.com\/talkpalai\",\"https:\/\/www.linkedin.com\/company\/talkpal\/\",\"https:\/\/www.youtube.com\/@TalkPal\/\",\"https:\/\/www.tiktok.com\/@talkpal\",\"https:\/\/www.instagram.com\/talkpal_ai\/\",\"https:\/\/www.crunchbase.com\/organization\/talkpal-9cde\",\"https:\/\/www.g2.com\/products\/talkpal-for-business\/\",\"https:\/\/www.trustpilot.com\/review\/talkpal.ai\",\"https:\/\/www.capterra.com\/p\/10006800\/TalkPal\/\"],\"description\":\"Talkpal is a language learning web and mobile education app, powered by the latest AI technologies, that provides engaging experiences to its customers in many different languages to help them improve their language skills. Users can chat about unlimited amount of topics with the app and use other modes to practice their language learning.\",\"email\":\"support@talkpal.ai\",\"legalName\":\"Talkpal, Inc.\",\"foundingDate\":\"2023-04-03\",\"duns\":\"118989042\",\"numberOfEmployees\":{\"@type\":\"QuantitativeValue\",\"minValue\":\"11\",\"maxValue\":\"50\"},\"publishingPrinciples\":\"https:\/\/talkpal.ai\/publishing-principles\/\",\"actionableFeedbackPolicy\":\"https:\/\/talkpal.ai\/actionable-feedback-policy\/\",\"correctionsPolicy\":\"https:\/\/talkpal.ai\/corrections-policy\/\",\"ethicsPolicy\":\"https:\/\/talkpal.ai\/ethics-policy\/\",\"diversityPolicy\":\"https:\/\/talkpal.ai\/diversity-policy\/\",\"diversityStaffingReport\":\"https:\/\/talkpal.ai\/diversity-policy\/\"}]}<\/script>\n<!-- \/ Yoast SEO Premium plugin. -->","yoast_head_json":{"title":"Gramatika birmane - Talkpal","description":"Zot\u00ebroni rregullat gramatikore dhe strukturat e fjalive birmanisht p\u00ebr t\u00eb p\u00ebrmir\u00ebsuar rrjedhshm\u00ebrin\u00eb tuaj me udh\u00ebzuesin ton\u00eb gjith\u00ebp\u00ebrfshir\u00ebs t\u00eb t\u00eb m\u00ebsuarit t\u00eb gjuh\u00ebve.","robots":{"index":"index","follow":"follow","max-snippet":"max-snippet:-1","max-image-preview":"max-image-preview:large","max-video-preview":"max-video-preview:-1"},"canonical":"https:\/\/talkpal.ai\/sq\/gramatika-birmane\/","og_locale":"sq_AL","og_type":"article","og_title":"Gramatika birmane","og_description":"Lundrimi n\u00eb nd\u00ebrlikimet e gramatik\u00ebs birmane Birmanishtja, nj\u00eb gjuh\u00eb tibeto-birmane me nj\u00eb histori t\u00eb pasur dhe r\u00ebnd\u00ebsi kulturore, ofron nj\u00eb p\u00ebrvoj\u00eb","og_url":"https:\/\/talkpal.ai\/sq\/gramatika-birmane\/","og_site_name":"Talkpal","article_publisher":"https:\/\/www.facebook.com\/profile.php?id=100090733639311","article_modified_time":"2025-12-30T15:19:41+00:00","og_image":[{"width":2880,"height":1620,"url":"https:\/\/talkpal.ai\/wp-content\/uploads\/2025\/02\/Progress-tab-16_9.png","type":"image\/png"}],"twitter_card":"summary_large_image","twitter_site":"@talkpalai","twitter_misc":{"Est. reading time":"4 minutes"},"schema":{"@context":"https:\/\/schema.org","@graph":[{"@type":"WebPage","@id":"https:\/\/talkpal.ai\/sq\/gramatika-birmane\/","url":"https:\/\/talkpal.ai\/sq\/gramatika-birmane\/","name":"Gramatika birmane - Talkpal","isPartOf":{"@id":"https:\/\/talkpal.ai\/sq\/#website"},"datePublished":"2025-11-11T16:16:27+00:00","dateModified":"2025-12-30T15:19:41+00:00","description":"Zot\u00ebroni rregullat gramatikore dhe strukturat e fjalive birmanisht p\u00ebr t\u00eb p\u00ebrmir\u00ebsuar rrjedhshm\u00ebrin\u00eb tuaj me udh\u00ebzuesin ton\u00eb gjith\u00ebp\u00ebrfshir\u00ebs t\u00eb t\u00eb m\u00ebsuarit t\u00eb gjuh\u00ebve.","breadcrumb":{"@id":"https:\/\/talkpal.ai\/sq\/gramatika-birmane\/#breadcrumb"},"inLanguage":"sq-AL","potentialAction":[{"@type":"ReadAction","target":["https:\/\/talkpal.ai\/sq\/gramatika-birmane\/"]}]},{"@type":"BreadcrumbList","@id":"https:\/\/talkpal.ai\/sq\/gramatika-birmane\/#breadcrumb","itemListElement":[{"@type":"ListItem","position":1,"name":"Homepage","item":"https:\/\/talkpal.ai\/sq\/"},{"@type":"ListItem","position":2,"name":"Gramatika birmane"}]},{"@type":"WebSite","@id":"https:\/\/talkpal.ai\/sq\/#website","url":"https:\/\/talkpal.ai\/sq\/","name":"Talkpal","description":"AI Language Learning","publisher":{"@id":"https:\/\/talkpal.ai\/sq\/#organization"},"alternateName":"Talkpal AI","potentialAction":[{"@type":"SearchAction","target":{"@type":"EntryPoint","urlTemplate":"https:\/\/talkpal.ai\/sq\/?s={search_term_string}"},"query-input":{"@type":"PropertyValueSpecification","valueRequired":true,"valueName":"search_term_string"}}],"inLanguage":"sq-AL"},{"@type":"Organization","@id":"https:\/\/talkpal.ai\/sq\/#organization","name":"Talkpal, Inc.","alternateName":"Talkpal AI","url":"https:\/\/talkpal.ai\/sq\/","logo":{"@type":"ImageObject","inLanguage":"sq-AL","@id":"https:\/\/talkpal.ai\/sq\/#\/schema\/logo\/image\/","url":"https:\/\/talkpal.ai\/wp-content\/uploads\/2024\/03\/Talkpal-Logo-Icon.png","contentUrl":"https:\/\/talkpal.ai\/wp-content\/uploads\/2024\/03\/Talkpal-Logo-Icon.png","width":2880,"height":2880,"caption":"Talkpal, Inc."},"image":{"@id":"https:\/\/talkpal.ai\/sq\/#\/schema\/logo\/image\/"},"sameAs":["https:\/\/www.facebook.com\/profile.php?id=100090733639311","https:\/\/x.com\/talkpalai","https:\/\/www.linkedin.com\/company\/talkpal\/","https:\/\/www.youtube.com\/@TalkPal\/","https:\/\/www.tiktok.com\/@talkpal","https:\/\/www.instagram.com\/talkpal_ai\/","https:\/\/www.crunchbase.com\/organization\/talkpal-9cde","https:\/\/www.g2.com\/products\/talkpal-for-business\/","https:\/\/www.trustpilot.com\/review\/talkpal.ai","https:\/\/www.capterra.com\/p\/10006800\/TalkPal\/"],"description":"Talkpal is a language learning web and mobile education app, powered by the latest AI technologies, that provides engaging experiences to its customers in many different languages to help them improve their language skills. Users can chat about unlimited amount of topics with the app and use other modes to practice their language learning.","email":"support@talkpal.ai","legalName":"Talkpal, Inc.","foundingDate":"2023-04-03","duns":"118989042","numberOfEmployees":{"@type":"QuantitativeValue","minValue":"11","maxValue":"50"},"publishingPrinciples":"https:\/\/talkpal.ai\/publishing-principles\/","actionableFeedbackPolicy":"https:\/\/talkpal.ai\/actionable-feedback-policy\/","correctionsPolicy":"https:\/\/talkpal.ai\/corrections-policy\/","ethicsPolicy":"https:\/\/talkpal.ai\/ethics-policy\/","diversityPolicy":"https:\/\/talkpal.ai\/diversity-policy\/","diversityStaffingReport":"https:\/\/talkpal.ai\/diversity-policy\/"}]}},"_links":{"self":[{"href":"https:\/\/talkpal.ai\/sq\/wp-json\/wp\/v2\/pages\/1474590","targetHints":{"allow":["GET"]}}],"collection":[{"href":"https:\/\/talkpal.ai\/sq\/wp-json\/wp\/v2\/pages"}],"about":[{"href":"https:\/\/talkpal.ai\/sq\/wp-json\/wp\/v2\/types\/page"}],"author":[{"embeddable":true,"href":"https:\/\/talkpal.ai\/sq\/wp-json\/wp\/v2\/users\/20"}],"replies":[{"embeddable":true,"href":"https:\/\/talkpal.ai\/sq\/wp-json\/wp\/v2\/comments?post=1474590"}],"version-history":[{"count":0,"href":"https:\/\/talkpal.ai\/sq\/wp-json\/wp\/v2\/pages\/1474590\/revisions"}],"wp:attachment":[{"href":"https:\/\/talkpal.ai\/sq\/wp-json\/wp\/v2\/media?parent=1474590"}],"curies":[{"name":"wp","href":"https:\/\/api.w.org\/{rel}","templated":true}]}}