{"id":1474582,"date":"2025-11-11T15:55:06","date_gmt":"2025-11-11T15:55:06","guid":{"rendered":"https:\/\/talkpal.ai\/ushtrime-gramatikore-bengali\/"},"modified":"2025-12-30T15:16:50","modified_gmt":"2025-12-30T15:16:50","slug":"ushtrime-gramatikore-bengali","status":"publish","type":"page","link":"https:\/\/talkpal.ai\/sq\/ushtrime-gramatikore-bengali\/","title":{"rendered":"Ushtrime gramatikore Bengali"},"content":{"rendered":"\r\n\r\n\r\n<section class=\"languageChallengeSection\">\r\n    <div class=\"languageInfoWrapper\">\r\n        \r\n        <h1>Ushtrime gramatikore Bengali<\/h1>\r\n        <p>Gati p\u00ebr t&#039;u zhytur n\u00eb gramatik\u00ebn bengale? Praktikimi i disa bazave do t&#039;ju ndihmoj\u00eb t\u00eb rehatoheni me k\u00ebt\u00eb gjuh\u00eb unike dhe t\u00eb bukur. Provoni k\u00ebto ushtrime p\u00ebr t\u00eb nd\u00ebrtuar besimin tuaj dhe p\u00ebr t&#039;u arg\u00ebtuar gjat\u00eb rrug\u00ebs!<\/p>\r\n\r\n                            <a class=\"getStartedHidden\" href=\"https:\/\/app.talkpal.ai\/signup?lng=\">Filloni<\/a>\r\n        \r\n    <\/div>\r\n\r\n    <figure>\r\n    <img decoding=\"async\" width=\"768\" height=\"768\" src=\"https:\/\/talkpal.ai\/wp-content\/uploads\/2023\/06\/welsh-768x768.png\" class=\"languageImage no-lazy\" alt=\"Language learning for better cognitive abilities\" fetchpriority=\"high\" sizes=\"(max-width: 768px) 150px, 768px\" srcset=\"https:\/\/talkpal.ai\/wp-content\/uploads\/2023\/06\/welsh-768x768.png 768w, https:\/\/talkpal.ai\/wp-content\/uploads\/2023\/06\/welsh-300x300.png 300w\" \/>\r\n    \r\n\r\n    <\/figure>\r\n\r\n            <a class=\"getStartedVisible\" href=\"https:\/\/app.talkpal.ai\/signup?lng=\">Filloni<\/a>\r\n    \r\n<\/section><section class=\"promotionalBanner\">\r\n    <p class=\"promotionalText\">M\u00ebnyra m\u00eb efikase p\u00ebr t\u00eb m\u00ebsuar nj\u00eb gjuh\u00eb<\/p>\r\n    <a class=\"promotionalLink\" href=\"https:\/\/app.talkpal.ai\/signup?lng=\">Provoni Talkpal falas<\/a>\r\n<\/section>\n<div class=\"wp-block-group pageContainerStyle\"><div class=\"wp-block-group__inner-container is-layout-constrained wp-block-group-is-layout-constrained\">\n<h2 class=\"wp-block-heading\" id=\"h-bengali-grammar-topics\">Temat e gramatik\u00ebs Bengali<\/h2>\n\n\n\n<p><a href=\"https:\/\/talkpal.ai\/sq\/gabimet-me-te-medha-qe-duhen-shmangur-kur-mesoni-nje-gjuhe-te-re\/\">M\u00ebsimi i nj\u00eb gjuhe t\u00eb re<\/a> mund t\u00eb jet\u00eb nj\u00eb p\u00ebrpjekje sfiduese por shp\u00ebrblyese. <a href=\"https:\/\/talkpal.ai\/learn-bengali\/\">Bengali<\/a>, nj\u00eb gjuh\u00eb indo ariane e folur kryesisht n\u00eb Bangladesh dhe shtetin indian t\u00eb Bengalit Per\u00ebndimor, nuk b\u00ebn p\u00ebrjashtim. Me ve\u00e7orit\u00eb dhe strukturat e tij unike, <a href=\"https:\/\/talkpal.ai\/sq\/talkpal-per-arsimin\/\">m\u00ebsimi<\/a> i bengalishtes k\u00ebrkon nj\u00eb qasje sistematike p\u00ebr t\u00eb kuptuar gramatik\u00ebn e saj. Ky udh\u00ebzues p\u00ebrshkruan fushat kryesore t\u00eb <a href=\"https:\/\/talkpal.ai\/sq\/gramatika-bengali\/\">gramatik\u00ebs Bengali<\/a> n\u00eb nj\u00eb sekuenc\u00eb logjike p\u00ebr <a href=\"https:\/\/talkpal.ai\/sq\/ai-chatbot-per-mesimin-e-gjuhes\/\">m\u00ebsimin e gjuh\u00ebs<\/a>, duke filluar nga bazat si emrat dhe artikujt, dhe duke p\u00ebrparuar n\u00eb fusha m\u00eb komplekse si koh\u00ebt dhe nd\u00ebrtimi i fjalive.<\/p>\n\n\n\n<h3 class=\"wp-block-heading\" id=\"h-1-nouns\">1. Emrat:<\/h3>\n\n\n\n<p>Filloni udh\u00ebtimin tuaj n\u00eb gjuh\u00ebn Bengali duke m\u00ebsuar emrat. Kjo p\u00ebrfshin t\u00eb kuptuarit e emrave t\u00eb zakonsh\u00ebm dhe t\u00eb duhur, m\u00ebnyr\u00ebn <a href=\"https:\/\/talkpal.ai\/culture\/what-is-the-difference-between-se-and-si\/\">se si<\/a> pluraliteti shprehet me forma si -ra p\u00ebr njer\u00ebzit dhe -gulo ose -guli p\u00ebr gj\u00ebrat, dhe rolin e klasifikuesve me numra.<\/p>\n\n\n\n<h3 class=\"wp-block-heading\" id=\"h-2-articles\">2. Artikujt:<\/h3>\n\n\n\n<p>Bengali nuk ka artikuj t\u00eb caktuar ose t\u00eb pacaktuar si <a href=\"https:\/\/talkpal.ai\/ai-english-speaking-practice\/\">anglishtja<\/a>. N\u00eb vend t\u00eb k\u00ebsaj, p\u00ebrcaktueshm\u00ebria dhe paq\u00ebndrueshm\u00ebria shprehen p\u00ebrmes kontekstit, demonstruesve, numrave dhe klasifikuesve si -ta, -ti, -khana dhe sh\u00ebnuesve shum\u00ebs si -gulo.<\/p>\n\n\n\n<h3 class=\"wp-block-heading\" id=\"h-3-adjectives\">3. Mbiemra:<\/h3>\n\n\n\n<p>Mbiemrat n\u00eb Bengali zakonisht i paraprijn\u00eb emrave t\u00eb <a href=\"https:\/\/talkpal.ai\/locations\/language-courses-in-tyre\/\">tyre<\/a>. Ato n\u00eb p\u00ebrgjith\u00ebsi nuk ndryshojn\u00eb p\u00ebr gjinin\u00eb ose num\u00ebrin. M\u00ebsoni se si t\u00eb lidhni modifikuesit e ngjash\u00ebm me emrat me gjenitivin -er, dhe si t\u00eb formoni krahasues dhe superlativ\u00eb duke p\u00ebrdorur aro p\u00ebr krahasues dhe shobcheye p\u00ebr superlativ, si dhe prapashtesat letrare -tar dhe -tam.<\/p>\n\n\n\n<h3 class=\"wp-block-heading\" id=\"h-4-pronouns-determiners\">4. P\u00ebremrat\/p\u00ebrcaktuesit:<\/h3>\n\n\n\n<p>P\u00ebremrat dhe p\u00ebrcaktuesit jan\u00eb thelb\u00ebsor\u00eb n\u00eb Bengalisht. Zot\u00ebroni p\u00ebremrat personal\u00eb n\u00eb t\u00eb gjitha nivelet e formalitetit dhe af\u00ebrsin\u00eb, si <a href=\"https:\/\/talkpal.ai\/locations\/language-courses-in-ami\/\">ami<\/a>, tumi, apni, tui, eta, ota, seta. M\u00ebsoni posesiv\u00ebt me gjenitivin -er dhe fjal\u00ebt e sasis\u00eb si onek, kichu, koyek dhe se si k\u00ebrkohen klasifikuesit pas numrave dhe shum\u00eb p\u00ebrcaktuesve.<\/p>\n\n\n\n<h3 class=\"wp-block-heading\" id=\"h-5-verbs\">5. Foljet:<\/h3>\n\n\n\n<p>Foljet bengali ndryshojn\u00eb form\u00ebn p\u00ebr koh\u00ebn, aspektin, personin dhe nivelin e formalitetit. Filloni me format e tashmshme dhe kaloni n\u00eb t\u00eb kaluar\u00ebn dhe t\u00eb ardhmen. M\u00ebsoni se si rrjedhjet e foljeve kombinohen me sh\u00ebnuesit e aspektit dhe mbaresat personale, si dhe p\u00ebrdorimet imperative dhe n\u00ebnlidh\u00ebse.<\/p>\n\n\n\n<h3 class=\"wp-block-heading\" id=\"h-6-tenses\">6. Koh\u00ebt:<\/h3>\n\n\n\n<p>Pasi t\u00eb zot\u00ebroni modelet e foljeve, g\u00ebrmoni m\u00eb thell\u00eb n\u00eb koh\u00ebn dhe aspektin bengal. Kuptoni t\u00eb tashmen, t\u00eb kaluar\u00ebn dhe t\u00eb ardhmen s\u00eb bashku me dallimet e aspekteve si e thjesht\u00eb, progresive dhe e p\u00ebrsosur, dhe se si formaliteti ndikon n\u00eb p\u00ebrfundimet.<\/p>\n\n\n\n<h3 class=\"wp-block-heading\" id=\"h-7-tense-comparison\">7. Krahasimi i tensionit:<\/h3>\n\n\n\n<p>Krahasimi i koh\u00ebve dhe aspekteve n\u00eb Bengali ndihmon n\u00eb t\u00eb kuptuarit e sekuenc\u00ebs dhe nuanc\u00ebs s\u00eb ngjarjeve. Krahasimi i s\u00eb nj\u00ebjt\u00ebs folje n\u00eb t\u00eb tashmen, t\u00eb kaluar\u00ebn, t\u00eb ardhmen dhe nivelet e formalitetit do t\u00eb forcoj\u00eb kuptimin tuaj t\u00eb p\u00ebrdorimit.<\/p>\n\n\n\n<h3 class=\"wp-block-heading\" id=\"h-8-progressive\">8. Progresive:<\/h3>\n\n\n\n<p>Progresisti n\u00eb Bengali shpreh veprime t\u00eb vazhdueshme. Zakonisht formohet me sh\u00ebnuesin progresiv -chh- t\u00eb bashkangjitur n\u00eb rrjedh\u00ebn e foljes plus mbaresat personale, p\u00ebr shembull korchhi p\u00ebr Un\u00eb po b\u00ebj, dhe gjithashtu mund t\u00eb shfaqet n\u00eb forma perifrastike si korte achhi n\u00eb disa regjistra.<\/p>\n\n\n\n<h3 class=\"wp-block-heading\" id=\"h-9-perfect-progressive\">9. Progresiv i p\u00ebrsosur:<\/h3>\n\n\n\n<p>Kjo shpreh veprime q\u00eb kan\u00eb vazhduar deri n\u00eb nj\u00eb pik\u00eb t\u00eb caktuar. N\u00eb Bengali zakonisht p\u00ebrcillet me pjes\u00ebmarr\u00ebs dhe ndihm\u00ebs si kore aschi p\u00ebr t\u00eb b\u00ebr\u00eb dhe korte chhilam p\u00ebr po b\u00ebnte, me variante q\u00eb p\u00ebrdorin thaka p\u00ebr t\u00eb theksuar vazhdim\u00ebsin\u00eb.<\/p>\n\n\n\n<h3 class=\"wp-block-heading\" id=\"h-10-conditionals\">10. Kusht\u00ebzuese:<\/h3>\n\n\n\n<p>Kushtet shprehin situata dhe rezultate hipotetike. N\u00eb Bengali ato formohen me grimc\u00ebn jodi dhe shpesh tahole, si dhe me prapashtesa t\u00eb kusht\u00ebzuara si -le n\u00eb folje, dhe kund\u00ebrfakte me hoto p\u00ebr do t\u00eb kishte.<\/p>\n\n\n\n<h3 class=\"wp-block-heading\" id=\"h-11-adverbs\">11. Ndajfoljet:<\/h3>\n\n\n\n<p>Ndajfoljet n\u00eb Bengali modifikojn\u00eb foljet, mbiemrat ose ndajfoljet e tjera. M\u00ebsoni ndajfoljet e formuara me -bhabe, si dhe ndajfoljet e zakonshme t\u00eb pandryshueshme t\u00eb vendit, koh\u00ebs dhe shkall\u00ebs si ekhane, ekhon, beshi dhe khub.<\/p>\n\n\n\n<h3 class=\"wp-block-heading\" id=\"h-12-prepositions\">12. Parafjal\u00ebt:<\/h3>\n\n\n\n<p>Bengali p\u00ebrdor postpositions n\u00eb vend t\u00eb parafjal\u00ebve. Ata ndjekin emrin dhe shpesh k\u00ebrkojn\u00eb lidhje t\u00eb rasteve ose gjenitive, p\u00ebr shembull ghore, ghar theke, boi er upor, bandhuder shathe, kal porjonto, dhe shprehin marr\u00ebdh\u00ebniet e koh\u00ebs, vendit dhe drejtimit.<\/p>\n\n\n\n<h3 class=\"wp-block-heading\" id=\"h-13-sentences\">13. Fjalit\u00eb:<\/h3>\n\n\n\n<p>S\u00eb fundi, praktikoni nd\u00ebrtimin e fjalive. Kjo do t\u00eb p\u00ebrfshij\u00eb p\u00ebrdorimin e t\u00eb gjitha pikave gramatikore t\u00eb m\u00ebsuara m\u00eb par\u00eb n\u00eb kontekst, duke p\u00ebrfshir\u00eb renditjen tipike t\u00eb fjal\u00ebve SOV, mohimin me na, shpesh zero kopul\u00ebn n\u00eb t\u00eb tashmen dhe formimin e pyetjeve me fjal\u00eb ki dhe wh, duke siguruar k\u00ebshtu nj\u00eb kuptim gjith\u00ebp\u00ebrfshir\u00ebs t\u00eb gjuh\u00ebs bengalize.<\/p>\n<\/div><\/div>\n\r\n<section class=\"learnNavigationSection\">\r\n            \r\n        <a href=\"https:\/\/talkpal.ai\/sq\/mesoni-bengalisht\/\">\r\n            <div class=\"learnNavigationWrapper\">\r\n                <div class=\"learnNavigationContent\">\r\n                    <img decoding=\"async\" src=\"https:\/\/talkpal.ai\/wp-content\/uploads\/2025\/11\/Bengali.png\" alt=\"Bengali Flag\">\r\n                    <div>\r\n                        <h4>Rreth m\u00ebsimit Bengali<\/h4>\r\n                        <p>Zbuloni gjith\u00e7ka rreth gramatik\u00ebs bengaleze.<\/p>\r\n                    <\/div>\r\n                <\/div>\r\n            <\/div>\r\n        <\/a>\r\n\r\n        \r\n        <a href=\"https:\/\/talkpal.ai\/sq\/gramatika-bengali\/\">\r\n            <div class=\"learnNavigationWrapper\">\r\n                <div class=\"learnNavigationContent\">\r\n                    <img decoding=\"async\" src=\"https:\/\/talkpal.ai\/wp-content\/uploads\/2025\/11\/Bengali.png\" alt=\"Bengali Flag\">\r\n                    <div>\r\n                        <h4>M\u00ebsime gramatikore Bengali<\/h4>\r\n                        <p>Praktikoni gramatik\u00ebn Bengali.<\/p>\r\n                    <\/div>\r\n                <\/div>\r\n            <\/div>\r\n        <\/a>\r\n\r\n            <\/section>","protected":false},"excerpt":{"rendered":"<p>Temat e gramatik\u00ebs Bengali M\u00ebsimi i nj\u00eb gjuhe t\u00eb re mund t\u00eb jet\u00eb nj\u00eb p\u00ebrpjekje sfiduese por shp\u00ebrblyese. Bengali, nj\u00eb gjuh\u00eb indo ariane e folur kryesisht n\u00eb Bangladesh dhe shtetin indian t\u00eb Bengalit Per\u00ebndimor, nuk b\u00ebn p\u00ebrjashtim. Me ve\u00e7orit\u00eb dhe strukturat e tij unike, m\u00ebsimi i bengalishtes k\u00ebrkon nj\u00eb qasje sistematike p\u00ebr t\u00eb kuptuar gramatik\u00ebn [&hellip;]<\/p>\n","protected":false},"author":20,"featured_media":0,"parent":0,"menu_order":0,"comment_status":"closed","ping_status":"closed","template":"LearningContentPage.php","meta":{"_acf_changed":false,"footnotes":""},"class_list":["post-1474582","page","type-page","status-publish","hentry"],"acf":[],"yoast_head":"<!-- This site is optimized with the Yoast SEO Premium plugin v27.2 (Yoast SEO v27.2) - https:\/\/yoast.com\/product\/yoast-seo-premium-wordpress\/ -->\n<title>Ushtrime gramatikore Bengali - Talkpal<\/title>\n<meta name=\"description\" content=\"Zot\u00ebroni bazat e gramatik\u00ebs bengalisht me ushtrime interaktive q\u00eb mbulojn\u00eb emrat, foljet dhe koh\u00ebt p\u00ebr t\u00eb p\u00ebrmir\u00ebsuar aft\u00ebsit\u00eb tuaja gjuh\u00ebsore.\" \/>\n<meta name=\"robots\" content=\"index, follow, max-snippet:-1, max-image-preview:large, max-video-preview:-1\" \/>\n<link rel=\"canonical\" href=\"https:\/\/talkpal.ai\/sq\/ushtrime-gramatikore-bengali\/\" \/>\n<meta property=\"og:locale\" content=\"sq_AL\" \/>\n<meta property=\"og:type\" content=\"article\" \/>\n<meta property=\"og:title\" content=\"Ushtrime gramatikore Bengali\" \/>\n<meta property=\"og:description\" content=\"Temat e gramatik\u00ebs Bengali M\u00ebsimi i nj\u00eb gjuhe t\u00eb re mund t\u00eb jet\u00eb nj\u00eb p\u00ebrpjekje sfiduese por shp\u00ebrblyese. Bengali, nj\u00eb gjuh\u00eb indo ariane e folur kryesisht\" \/>\n<meta property=\"og:url\" content=\"https:\/\/talkpal.ai\/sq\/ushtrime-gramatikore-bengali\/\" \/>\n<meta property=\"og:site_name\" content=\"Talkpal\" \/>\n<meta property=\"article:publisher\" content=\"https:\/\/www.facebook.com\/profile.php?id=100090733639311\" \/>\n<meta property=\"article:modified_time\" content=\"2025-12-30T15:16:50+00:00\" \/>\n<meta property=\"og:image\" content=\"https:\/\/talkpal.ai\/wp-content\/uploads\/2025\/02\/Progress-tab-16_9.png\" \/>\n\t<meta property=\"og:image:width\" content=\"2880\" \/>\n\t<meta property=\"og:image:height\" content=\"1620\" \/>\n\t<meta property=\"og:image:type\" content=\"image\/png\" \/>\n<meta name=\"twitter:card\" content=\"summary_large_image\" \/>\n<meta name=\"twitter:site\" content=\"@talkpalai\" \/>\n<meta name=\"twitter:label1\" content=\"Est. reading time\" \/>\n\t<meta name=\"twitter:data1\" content=\"4 minutes\" \/>\n<script type=\"application\/ld+json\" class=\"yoast-schema-graph\">{\"@context\":\"https:\/\/schema.org\",\"@graph\":[{\"@type\":\"WebPage\",\"@id\":\"https:\/\/talkpal.ai\/sq\/ushtrime-gramatikore-bengali\/\",\"url\":\"https:\/\/talkpal.ai\/sq\/ushtrime-gramatikore-bengali\/\",\"name\":\"Ushtrime gramatikore Bengali - Talkpal\",\"isPartOf\":{\"@id\":\"https:\/\/talkpal.ai\/sq\/#website\"},\"datePublished\":\"2025-11-11T15:55:06+00:00\",\"dateModified\":\"2025-12-30T15:16:50+00:00\",\"description\":\"Zot\u00ebroni bazat e gramatik\u00ebs bengalisht me ushtrime interaktive q\u00eb mbulojn\u00eb emrat, foljet dhe koh\u00ebt p\u00ebr t\u00eb p\u00ebrmir\u00ebsuar aft\u00ebsit\u00eb tuaja gjuh\u00ebsore.\",\"breadcrumb\":{\"@id\":\"https:\/\/talkpal.ai\/sq\/ushtrime-gramatikore-bengali\/#breadcrumb\"},\"inLanguage\":\"sq-AL\",\"potentialAction\":[{\"@type\":\"ReadAction\",\"target\":[\"https:\/\/talkpal.ai\/sq\/ushtrime-gramatikore-bengali\/\"]}]},{\"@type\":\"BreadcrumbList\",\"@id\":\"https:\/\/talkpal.ai\/sq\/ushtrime-gramatikore-bengali\/#breadcrumb\",\"itemListElement\":[{\"@type\":\"ListItem\",\"position\":1,\"name\":\"Homepage\",\"item\":\"https:\/\/talkpal.ai\/sq\/\"},{\"@type\":\"ListItem\",\"position\":2,\"name\":\"Ushtrime gramatikore Bengali\"}]},{\"@type\":\"WebSite\",\"@id\":\"https:\/\/talkpal.ai\/sq\/#website\",\"url\":\"https:\/\/talkpal.ai\/sq\/\",\"name\":\"Talkpal\",\"description\":\"AI Language Learning\",\"publisher\":{\"@id\":\"https:\/\/talkpal.ai\/sq\/#organization\"},\"alternateName\":\"Talkpal AI\",\"potentialAction\":[{\"@type\":\"SearchAction\",\"target\":{\"@type\":\"EntryPoint\",\"urlTemplate\":\"https:\/\/talkpal.ai\/sq\/?s={search_term_string}\"},\"query-input\":{\"@type\":\"PropertyValueSpecification\",\"valueRequired\":true,\"valueName\":\"search_term_string\"}}],\"inLanguage\":\"sq-AL\"},{\"@type\":\"Organization\",\"@id\":\"https:\/\/talkpal.ai\/sq\/#organization\",\"name\":\"Talkpal, Inc.\",\"alternateName\":\"Talkpal AI\",\"url\":\"https:\/\/talkpal.ai\/sq\/\",\"logo\":{\"@type\":\"ImageObject\",\"inLanguage\":\"sq-AL\",\"@id\":\"https:\/\/talkpal.ai\/sq\/#\/schema\/logo\/image\/\",\"url\":\"https:\/\/talkpal.ai\/wp-content\/uploads\/2024\/03\/Talkpal-Logo-Icon.png\",\"contentUrl\":\"https:\/\/talkpal.ai\/wp-content\/uploads\/2024\/03\/Talkpal-Logo-Icon.png\",\"width\":2880,\"height\":2880,\"caption\":\"Talkpal, Inc.\"},\"image\":{\"@id\":\"https:\/\/talkpal.ai\/sq\/#\/schema\/logo\/image\/\"},\"sameAs\":[\"https:\/\/www.facebook.com\/profile.php?id=100090733639311\",\"https:\/\/x.com\/talkpalai\",\"https:\/\/www.linkedin.com\/company\/talkpal\/\",\"https:\/\/www.youtube.com\/@TalkPal\/\",\"https:\/\/www.tiktok.com\/@talkpal\",\"https:\/\/www.instagram.com\/talkpal_ai\/\",\"https:\/\/www.crunchbase.com\/organization\/talkpal-9cde\",\"https:\/\/www.g2.com\/products\/talkpal-for-business\/\",\"https:\/\/www.trustpilot.com\/review\/talkpal.ai\",\"https:\/\/www.capterra.com\/p\/10006800\/TalkPal\/\"],\"description\":\"Talkpal is a language learning web and mobile education app, powered by the latest AI technologies, that provides engaging experiences to its customers in many different languages to help them improve their language skills. Users can chat about unlimited amount of topics with the app and use other modes to practice their language learning.\",\"email\":\"support@talkpal.ai\",\"legalName\":\"Talkpal, Inc.\",\"foundingDate\":\"2023-04-03\",\"duns\":\"118989042\",\"numberOfEmployees\":{\"@type\":\"QuantitativeValue\",\"minValue\":\"11\",\"maxValue\":\"50\"},\"publishingPrinciples\":\"https:\/\/talkpal.ai\/publishing-principles\/\",\"actionableFeedbackPolicy\":\"https:\/\/talkpal.ai\/actionable-feedback-policy\/\",\"correctionsPolicy\":\"https:\/\/talkpal.ai\/corrections-policy\/\",\"ethicsPolicy\":\"https:\/\/talkpal.ai\/ethics-policy\/\",\"diversityPolicy\":\"https:\/\/talkpal.ai\/diversity-policy\/\",\"diversityStaffingReport\":\"https:\/\/talkpal.ai\/diversity-policy\/\"}]}<\/script>\n<!-- \/ Yoast SEO Premium plugin. -->","yoast_head_json":{"title":"Ushtrime gramatikore Bengali - Talkpal","description":"Zot\u00ebroni bazat e gramatik\u00ebs bengalisht me ushtrime interaktive q\u00eb mbulojn\u00eb emrat, foljet dhe koh\u00ebt p\u00ebr t\u00eb p\u00ebrmir\u00ebsuar aft\u00ebsit\u00eb tuaja gjuh\u00ebsore.","robots":{"index":"index","follow":"follow","max-snippet":"max-snippet:-1","max-image-preview":"max-image-preview:large","max-video-preview":"max-video-preview:-1"},"canonical":"https:\/\/talkpal.ai\/sq\/ushtrime-gramatikore-bengali\/","og_locale":"sq_AL","og_type":"article","og_title":"Ushtrime gramatikore Bengali","og_description":"Temat e gramatik\u00ebs Bengali M\u00ebsimi i nj\u00eb gjuhe t\u00eb re mund t\u00eb jet\u00eb nj\u00eb p\u00ebrpjekje sfiduese por shp\u00ebrblyese. Bengali, nj\u00eb gjuh\u00eb indo ariane e folur kryesisht","og_url":"https:\/\/talkpal.ai\/sq\/ushtrime-gramatikore-bengali\/","og_site_name":"Talkpal","article_publisher":"https:\/\/www.facebook.com\/profile.php?id=100090733639311","article_modified_time":"2025-12-30T15:16:50+00:00","og_image":[{"width":2880,"height":1620,"url":"https:\/\/talkpal.ai\/wp-content\/uploads\/2025\/02\/Progress-tab-16_9.png","type":"image\/png"}],"twitter_card":"summary_large_image","twitter_site":"@talkpalai","twitter_misc":{"Est. reading time":"4 minutes"},"schema":{"@context":"https:\/\/schema.org","@graph":[{"@type":"WebPage","@id":"https:\/\/talkpal.ai\/sq\/ushtrime-gramatikore-bengali\/","url":"https:\/\/talkpal.ai\/sq\/ushtrime-gramatikore-bengali\/","name":"Ushtrime gramatikore Bengali - Talkpal","isPartOf":{"@id":"https:\/\/talkpal.ai\/sq\/#website"},"datePublished":"2025-11-11T15:55:06+00:00","dateModified":"2025-12-30T15:16:50+00:00","description":"Zot\u00ebroni bazat e gramatik\u00ebs bengalisht me ushtrime interaktive q\u00eb mbulojn\u00eb emrat, foljet dhe koh\u00ebt p\u00ebr t\u00eb p\u00ebrmir\u00ebsuar aft\u00ebsit\u00eb tuaja gjuh\u00ebsore.","breadcrumb":{"@id":"https:\/\/talkpal.ai\/sq\/ushtrime-gramatikore-bengali\/#breadcrumb"},"inLanguage":"sq-AL","potentialAction":[{"@type":"ReadAction","target":["https:\/\/talkpal.ai\/sq\/ushtrime-gramatikore-bengali\/"]}]},{"@type":"BreadcrumbList","@id":"https:\/\/talkpal.ai\/sq\/ushtrime-gramatikore-bengali\/#breadcrumb","itemListElement":[{"@type":"ListItem","position":1,"name":"Homepage","item":"https:\/\/talkpal.ai\/sq\/"},{"@type":"ListItem","position":2,"name":"Ushtrime gramatikore Bengali"}]},{"@type":"WebSite","@id":"https:\/\/talkpal.ai\/sq\/#website","url":"https:\/\/talkpal.ai\/sq\/","name":"Talkpal","description":"AI Language Learning","publisher":{"@id":"https:\/\/talkpal.ai\/sq\/#organization"},"alternateName":"Talkpal AI","potentialAction":[{"@type":"SearchAction","target":{"@type":"EntryPoint","urlTemplate":"https:\/\/talkpal.ai\/sq\/?s={search_term_string}"},"query-input":{"@type":"PropertyValueSpecification","valueRequired":true,"valueName":"search_term_string"}}],"inLanguage":"sq-AL"},{"@type":"Organization","@id":"https:\/\/talkpal.ai\/sq\/#organization","name":"Talkpal, Inc.","alternateName":"Talkpal AI","url":"https:\/\/talkpal.ai\/sq\/","logo":{"@type":"ImageObject","inLanguage":"sq-AL","@id":"https:\/\/talkpal.ai\/sq\/#\/schema\/logo\/image\/","url":"https:\/\/talkpal.ai\/wp-content\/uploads\/2024\/03\/Talkpal-Logo-Icon.png","contentUrl":"https:\/\/talkpal.ai\/wp-content\/uploads\/2024\/03\/Talkpal-Logo-Icon.png","width":2880,"height":2880,"caption":"Talkpal, Inc."},"image":{"@id":"https:\/\/talkpal.ai\/sq\/#\/schema\/logo\/image\/"},"sameAs":["https:\/\/www.facebook.com\/profile.php?id=100090733639311","https:\/\/x.com\/talkpalai","https:\/\/www.linkedin.com\/company\/talkpal\/","https:\/\/www.youtube.com\/@TalkPal\/","https:\/\/www.tiktok.com\/@talkpal","https:\/\/www.instagram.com\/talkpal_ai\/","https:\/\/www.crunchbase.com\/organization\/talkpal-9cde","https:\/\/www.g2.com\/products\/talkpal-for-business\/","https:\/\/www.trustpilot.com\/review\/talkpal.ai","https:\/\/www.capterra.com\/p\/10006800\/TalkPal\/"],"description":"Talkpal is a language learning web and mobile education app, powered by the latest AI technologies, that provides engaging experiences to its customers in many different languages to help them improve their language skills. Users can chat about unlimited amount of topics with the app and use other modes to practice their language learning.","email":"support@talkpal.ai","legalName":"Talkpal, Inc.","foundingDate":"2023-04-03","duns":"118989042","numberOfEmployees":{"@type":"QuantitativeValue","minValue":"11","maxValue":"50"},"publishingPrinciples":"https:\/\/talkpal.ai\/publishing-principles\/","actionableFeedbackPolicy":"https:\/\/talkpal.ai\/actionable-feedback-policy\/","correctionsPolicy":"https:\/\/talkpal.ai\/corrections-policy\/","ethicsPolicy":"https:\/\/talkpal.ai\/ethics-policy\/","diversityPolicy":"https:\/\/talkpal.ai\/diversity-policy\/","diversityStaffingReport":"https:\/\/talkpal.ai\/diversity-policy\/"}]}},"_links":{"self":[{"href":"https:\/\/talkpal.ai\/sq\/wp-json\/wp\/v2\/pages\/1474582","targetHints":{"allow":["GET"]}}],"collection":[{"href":"https:\/\/talkpal.ai\/sq\/wp-json\/wp\/v2\/pages"}],"about":[{"href":"https:\/\/talkpal.ai\/sq\/wp-json\/wp\/v2\/types\/page"}],"author":[{"embeddable":true,"href":"https:\/\/talkpal.ai\/sq\/wp-json\/wp\/v2\/users\/20"}],"replies":[{"embeddable":true,"href":"https:\/\/talkpal.ai\/sq\/wp-json\/wp\/v2\/comments?post=1474582"}],"version-history":[{"count":0,"href":"https:\/\/talkpal.ai\/sq\/wp-json\/wp\/v2\/pages\/1474582\/revisions"}],"wp:attachment":[{"href":"https:\/\/talkpal.ai\/sq\/wp-json\/wp\/v2\/media?parent=1474582"}],"curies":[{"name":"wp","href":"https:\/\/api.w.org\/{rel}","templated":true}]}}