{"id":1474541,"date":"2025-11-11T15:33:20","date_gmt":"2025-11-11T15:33:20","guid":{"rendered":"https:\/\/talkpal.ai\/ushtrime-gramatikore-bask\/"},"modified":"2025-12-30T15:07:02","modified_gmt":"2025-12-30T15:07:02","slug":"ushtrime-gramatikore-bask","status":"publish","type":"page","link":"https:\/\/talkpal.ai\/sq\/ushtrime-gramatikore-bask\/","title":{"rendered":"Ushtrime gramatikore bask"},"content":{"rendered":"\r\n\r\n\r\n<section class=\"languageChallengeSection\">\r\n    <div class=\"languageInfoWrapper\">\r\n        \r\n        <h1>Ushtrime gramatikore bask<\/h1>\r\n        <p>Gati p\u00ebr t&#039;u zhytur n\u00eb gramatik\u00ebn baske? Praktikimi i disa bazave do t&#039;ju ndihmoj\u00eb t\u00eb rehatoheni me k\u00ebt\u00eb gjuh\u00eb unike dhe t\u00eb bukur. Provoni k\u00ebto ushtrime p\u00ebr t\u00eb nd\u00ebrtuar besimin tuaj dhe p\u00ebr t&#039;u arg\u00ebtuar gjat\u00eb rrug\u00ebs!<\/p>\r\n\r\n                            <a class=\"getStartedHidden\" href=\"https:\/\/app.talkpal.ai\/signup?lng=\">Filloni<\/a>\r\n        \r\n    <\/div>\r\n\r\n    <figure>\r\n    <img decoding=\"async\" width=\"768\" height=\"768\" src=\"https:\/\/talkpal.ai\/wp-content\/uploads\/2023\/06\/welsh-768x768.png\" class=\"languageImage no-lazy\" alt=\"Language learning for better cognitive abilities\" fetchpriority=\"high\" sizes=\"(max-width: 768px) 150px, 768px\" srcset=\"https:\/\/talkpal.ai\/wp-content\/uploads\/2023\/06\/welsh-768x768.png 768w, https:\/\/talkpal.ai\/wp-content\/uploads\/2023\/06\/welsh-300x300.png 300w\" \/>\r\n    \r\n\r\n    <\/figure>\r\n\r\n            <a class=\"getStartedVisible\" href=\"https:\/\/app.talkpal.ai\/signup?lng=\">Filloni<\/a>\r\n    \r\n<\/section><section class=\"promotionalBanner\">\r\n    <p class=\"promotionalText\">M\u00ebnyra m\u00eb efikase p\u00ebr t\u00eb m\u00ebsuar nj\u00eb gjuh\u00eb<\/p>\r\n    <a class=\"promotionalLink\" href=\"https:\/\/app.talkpal.ai\/signup?lng=\">Provoni Talkpal falas<\/a>\r\n<\/section>\n<div class=\"wp-block-group pageContainerStyle\"><div class=\"wp-block-group__inner-container is-layout-constrained wp-block-group-is-layout-constrained\">\n<h2 class=\"wp-block-heading\" id=\"h-basque-grammar-topics\">Temat e gramatik\u00ebs bask<\/h2>\n\n\n\n<p><a href=\"https:\/\/talkpal.ai\/sq\/gabimet-me-te-medha-qe-duhen-shmangur-kur-mesoni-nje-gjuhe-te-re\/\">M\u00ebsimi i nj\u00eb gjuhe t\u00eb re<\/a> M\u00ebsimi i nj\u00eb gjuhe t\u00eb re mund t\u00eb jet\u00eb nj\u00eb p\u00ebrpjekje sfiduese por shp\u00ebrblyese. Baske, nj\u00eb gjuh\u00eb e izoluar e folur n\u00eb Vendin <a href=\"https:\/\/talkpal.ai\/learn-basque\/\">Bask<\/a>, nuk b\u00ebn p\u00ebrjashtim. Me ve\u00e7orit\u00eb dhe strukturat e tij unike, duke p\u00ebrfshir\u00eb ergjativitetin dhe nj\u00eb sistem t\u00eb gjer\u00eb rastesh, <a href=\"https:\/\/talkpal.ai\/sq\/talkpal-per-arsimin\/\">m\u00ebsimi<\/a> i baskut k\u00ebrkon nj\u00eb qasje sistematike p\u00ebr t\u00eb kuptuar gramatik\u00ebn e saj. Ky udh\u00ebzues p\u00ebrshkruan fushat kryesore t\u00eb<a href=\"https:\/\/talkpal.ai\/sq\/gramatika-bask\/\"> gramatik\u00ebs <\/a><a href=\"https:\/\/talkpal.ai\/learn-basque\/\">bask<\/a> n\u00eb nj\u00eb sekuenc\u00eb logjike p\u00ebr <a href=\"https:\/\/talkpal.ai\/sq\/ai-chatbot-per-mesimin-e-gjuhes\/\">m\u00ebsimin e gjuh\u00ebs<\/a>, duke filluar nga bazat si emrat dhe artikujt, dhe duke p\u00ebrparuar n\u00eb fusha m\u00eb komplekse si koh\u00ebt dhe nd\u00ebrtimi i fjalive.<\/p>\n\n\n\n<h3 class=\"wp-block-heading\" id=\"h-1-nouns\">1. Emrat:<\/h3>\n\n\n\n<p>Filloni udh\u00ebtimin tuaj n\u00eb gjuh\u00ebn bask duke m\u00ebsuar emrat. Kjo p\u00ebrfshin t\u00eb kuptuarit e emrave t\u00eb zakonsh\u00ebm dhe t\u00eb duhur, <a href=\"https:\/\/talkpal.ai\/culture\/what-is-the-difference-between-se-and-si\/\">se si<\/a> numri dhe p\u00ebrcaktueshm\u00ebria sh\u00ebnohen me prapashtesa dhe si funksionojn\u00eb mbaresat e rasteve p\u00ebr role t\u00eb tilla si absolutivi, ergativ dhe dativ.<\/p>\n\n\n\n<h3 class=\"wp-block-heading\" id=\"h-2-articles\">2. Artikujt:<\/h3>\n\n\n\n<p>Artikujt n\u00eb gjuh\u00ebn bask funksionojn\u00eb ndryshe nga n\u00eb <a href=\"https:\/\/talkpal.ai\/ai-english-speaking-practice\/\">anglisht<\/a>. Artikulli i caktuar \u00ebsht\u00eb nj\u00eb prapashtes\u00eb e bashkangjitur emrit dhe nuk ka nj\u00eb artikull t\u00eb v\u00ebrtet\u00eb t\u00eb pacaktuar. Zot\u00ebrimi i m\u00ebnyr\u00ebs se si sh\u00ebnohen p\u00ebrcaktueshm\u00ebria dhe numri \u00ebsht\u00eb thelb\u00ebsor n\u00eb nd\u00ebrtimin e fjalive.<\/p>\n\n\n\n<h3 class=\"wp-block-heading\" id=\"h-3-adjectives\">3. Mbiemra:<\/h3>\n\n\n\n<p>Mbiemrat n\u00eb bask zakonisht ndjekin emrat e <a href=\"https:\/\/talkpal.ai\/locations\/language-courses-in-tyre\/\">tyre<\/a>. M\u00ebsoni se si artikulli ngjitet n\u00eb fund t\u00eb t\u00eb gjith\u00eb fraz\u00ebs em\u00ebrore, dhe si t\u00eb formoni krahasues dhe superlativ\u00eb, p\u00ebr shembull me -ago p\u00ebr krahasues dhe -en me artikullin p\u00ebr superlativ.<\/p>\n\n\n\n<h3 class=\"wp-block-heading\" id=\"h-4-pronouns-determiners\">4. P\u00ebremrat\/p\u00ebrcaktuesit:<\/h3>\n\n\n\n<p>P\u00ebremrat dhe p\u00ebrcaktuesit jan\u00eb thelb\u00ebsor\u00eb n\u00eb baske; ato z\u00ebvend\u00ebsojn\u00eb emrat dhe japin informacion <a href=\"https:\/\/talkpal.ai\/sq\/rreth\/\">rreth<\/a> sasis\u00eb, posedimit dhe m\u00eb shum\u00eb. Kushtojini v\u00ebmendje p\u00ebrcaktuesve posesor\u00eb dhe m\u00ebnyr\u00ebs se si personi dhe numri pasqyrohen n\u00eb foljen ndihm\u00ebse.<\/p>\n\n\n\n<h3 class=\"wp-block-heading\" id=\"h-5-verbs\">5. Foljet:<\/h3>\n\n\n\n<p>Foljet baske jan\u00eb kryesisht perifrastike, duke p\u00ebrdorur ndihm\u00ebs q\u00eb pajtohen me subjektin dhe objektet. Filloni me koh\u00ebn e tashme t\u00eb ndihm\u00ebsve t\u00eb zakonsh\u00ebm dhe pjes\u00ebmarr\u00ebsve kryesor\u00eb t\u00eb foljeve, pastaj gradualisht eksploroni t\u00eb kaluar\u00ebn dhe t\u00eb ardhmen, si dhe format imperative.<\/p>\n\n\n\n<h3 class=\"wp-block-heading\" id=\"h-6-tenses\">6. Koh\u00ebt:<\/h3>\n\n\n\n<p>Pasi t\u00eb zot\u00ebroni format e foljeve, g\u00ebrmoni m\u00eb thell\u00eb n\u00eb koh\u00ebn dhe aspektin bask. Kuptoni se si kuptimet e tashme, t\u00eb kaluara dhe t\u00eb ardhshme shprehen me ndihm\u00ebs dhe pjes\u00ebmarr\u00ebs, dhe se si dallimet e aspekteve ndikojn\u00eb n\u00eb p\u00ebrdorimin n\u00eb kontekste t\u00eb ndryshme.<\/p>\n\n\n\n<h3 class=\"wp-block-heading\" id=\"h-7-tense-comparison\">7. Krahasimi i tensionit:<\/h3>\n\n\n\n<p>Krahasimi i koh\u00ebve n\u00eb bask ndihmon n\u00eb t\u00eb kuptuarit e sekuenc\u00ebs s\u00eb ngjarjeve. Krahasimi i s\u00eb nj\u00ebjt\u00ebs fraz\u00eb foljeje n\u00eb ndihm\u00ebsit e tash\u00ebm, t\u00eb kaluar dhe t\u00eb ardhsh\u00ebm do t\u00eb siguroj\u00eb nj\u00eb kuptim m\u00eb t\u00eb mir\u00eb t\u00eb m\u00ebnyr\u00ebs se si baske trajton koh\u00ebn dhe aspektin.<\/p>\n\n\n\n<h3 class=\"wp-block-heading\" id=\"h-8-progressive\">8. Progresive:<\/h3>\n\n\n\n<p>Progresistja n\u00eb baske p\u00ebrdoret p\u00ebr t\u00eb shprehur veprimet e vazhdueshme. Formohet me form\u00ebn -tzen t\u00eb foljes s\u00eb bashku me ari izan si ndihm\u00ebs.<\/p>\n\n\n\n<h3 class=\"wp-block-heading\" id=\"h-9-perfect-progressive\">9. Progresiv i p\u00ebrsosur:<\/h3>\n\n\n\n<p>Kjo p\u00ebrdoret p\u00ebr t\u00eb shprehur veprime q\u00eb kan\u00eb vazhduar deri n\u00eb nj\u00eb pik\u00eb t\u00eb caktuar. N\u00eb baske, formohet me t\u00eb p\u00ebrsosur\u00ebn e izan s\u00eb bashku me ari dhe form\u00ebn -tzen t\u00eb foljes kryesore.<\/p>\n\n\n\n<h3 class=\"wp-block-heading\" id=\"h-10-conditionals\">10. Kusht\u00ebzuese:<\/h3>\n\n\n\n<p>Kusht\u00ebzimet shprehin situata hipotetike dhe rezultatet e tyre t\u00eb mundshme. N\u00eb bask ato formohen me ndihm\u00ebs t\u00eb kusht\u00ebzuar dhe klauzola t\u00eb futura me ba, dhe ato do t&#8217;i shtojn\u00eb nuanc\u00eb dhe sakt\u00ebsi aft\u00ebsive tuaja gjuh\u00ebsore.<\/p>\n\n\n\n<h3 class=\"wp-block-heading\" id=\"h-11-adverbs\">11. Ndajfoljet:<\/h3>\n\n\n\n<p>Ndajfoljet n\u00eb bask modifikojn\u00eb foljet, mbiemrat ose ndajfoljet e tjera. Ato japin informacion p\u00ebr m\u00ebnyr\u00ebn, vendin, koh\u00ebn, shkall\u00ebn dhe m\u00eb shum\u00eb, dhe mund t\u00eb formohen me fjal\u00eb ndajfoljore t\u00eb zakonshme ose me prapashtesa t\u00eb tilla si -ki ose -z n\u00eb var\u00ebsi t\u00eb kontekstit.<\/p>\n\n\n\n<h3 class=\"wp-block-heading\" id=\"h-12-prepositions\">12. Parafjal\u00ebt:<\/h3>\n\n\n\n<p>Baskishtja p\u00ebrdor kryesisht postpozicione dhe mbaresa t\u00eb rasteve n\u00eb vend t\u00eb parafjal\u00ebve. Ato shprehin marr\u00ebdh\u00ebniet e koh\u00ebs, vendit, drejtimit dhe m\u00eb shum\u00eb, dhe jan\u00eb thelb\u00ebsore p\u00ebr lidhjen e fjal\u00ebve dhe frazave s\u00eb bashku.<\/p>\n\n\n\n<h3 class=\"wp-block-heading\" id=\"h-13-sentences\">13. Fjalit\u00eb:<\/h3>\n\n\n\n<p>S\u00eb fundi, praktikoni nd\u00ebrtimin e fjalive. Kjo do t\u00eb p\u00ebrfshij\u00eb p\u00ebrdorimin e t\u00eb gjitha pikave gramatikore t\u00eb m\u00ebsuara m\u00eb par\u00eb n\u00eb kontekst, duke i kushtuar v\u00ebmendje renditjes tipike t\u00eb fjal\u00ebve SOV t\u00eb baskut, vendosjes s\u00eb fokusit dhe mohimit, duke siguruar k\u00ebshtu nj\u00eb kuptim gjith\u00ebp\u00ebrfshir\u00ebs t\u00eb gjuh\u00ebs baske.<\/p>\n<\/div><\/div>\n\r\n<section class=\"learnNavigationSection\">\r\n            \r\n        <a href=\"https:\/\/talkpal.ai\/sq\/mesoni-baskisht\/\">\r\n            <div class=\"learnNavigationWrapper\">\r\n                <div class=\"learnNavigationContent\">\r\n                    <img decoding=\"async\" src=\"https:\/\/talkpal.ai\/wp-content\/uploads\/2025\/11\/Basque.png\" alt=\"Basque Flag\">\r\n                    <div>\r\n                        <h4>Rreth m\u00ebsimit bask<\/h4>\r\n                        <p>Zbuloni gjith\u00e7ka rreth gramatik\u00ebs baske.<\/p>\r\n                    <\/div>\r\n                <\/div>\r\n            <\/div>\r\n        <\/a>\r\n\r\n        \r\n        <a href=\"https:\/\/talkpal.ai\/sq\/gramatika-bask\/\">\r\n            <div class=\"learnNavigationWrapper\">\r\n                <div class=\"learnNavigationContent\">\r\n                    <img decoding=\"async\" src=\"https:\/\/talkpal.ai\/wp-content\/uploads\/2025\/11\/Basque.png\" alt=\"Basque Flag\">\r\n                    <div>\r\n                        <h4>M\u00ebsime gramatikore bask<\/h4>\r\n                        <p>Praktikoni gramatik\u00ebn baske.<\/p>\r\n                    <\/div>\r\n                <\/div>\r\n            <\/div>\r\n        <\/a>\r\n\r\n            <\/section>","protected":false},"excerpt":{"rendered":"<p>Temat e gramatik\u00ebs bask M\u00ebsimi i nj\u00eb gjuhe t\u00eb re M\u00ebsimi i nj\u00eb gjuhe t\u00eb re mund t\u00eb jet\u00eb nj\u00eb p\u00ebrpjekje sfiduese por shp\u00ebrblyese. Baske, nj\u00eb gjuh\u00eb e izoluar e folur n\u00eb Vendin Bask, nuk b\u00ebn p\u00ebrjashtim. Me ve\u00e7orit\u00eb dhe strukturat e tij unike, duke p\u00ebrfshir\u00eb ergjativitetin dhe nj\u00eb sistem t\u00eb gjer\u00eb rastesh, m\u00ebsimi i [&hellip;]<\/p>\n","protected":false},"author":20,"featured_media":0,"parent":0,"menu_order":0,"comment_status":"closed","ping_status":"closed","template":"LearningContentPage.php","meta":{"_acf_changed":false,"footnotes":""},"class_list":["post-1474541","page","type-page","status-publish","hentry"],"acf":[],"yoast_head":"<!-- This site is optimized with the Yoast SEO Premium plugin v27.2 (Yoast SEO v27.2) - https:\/\/yoast.com\/product\/yoast-seo-premium-wordpress\/ -->\n<title>Ushtrime gramatikore bask - Talkpal<\/title>\n<meta name=\"description\" content=\"Zot\u00ebroni gramatik\u00ebn baske me ushtrime t\u00ebrheq\u00ebse q\u00eb mbulojn\u00eb emra, folje dhe koh\u00eb p\u00ebr t\u00eb rritur aft\u00ebsit\u00eb tuaja gjuh\u00ebsore.\" \/>\n<meta name=\"robots\" content=\"index, follow, max-snippet:-1, max-image-preview:large, max-video-preview:-1\" \/>\n<link rel=\"canonical\" href=\"https:\/\/talkpal.ai\/sq\/ushtrime-gramatikore-bask\/\" \/>\n<meta property=\"og:locale\" content=\"sq_AL\" \/>\n<meta property=\"og:type\" content=\"article\" \/>\n<meta property=\"og:title\" content=\"Ushtrime gramatikore bask\" \/>\n<meta property=\"og:description\" content=\"Temat e gramatik\u00ebs bask M\u00ebsimi i nj\u00eb gjuhe t\u00eb re M\u00ebsimi i nj\u00eb gjuhe t\u00eb re mund t\u00eb jet\u00eb nj\u00eb p\u00ebrpjekje sfiduese por shp\u00ebrblyese. Baske, nj\u00eb gjuh\u00eb e izoluar\" \/>\n<meta property=\"og:url\" content=\"https:\/\/talkpal.ai\/sq\/ushtrime-gramatikore-bask\/\" \/>\n<meta property=\"og:site_name\" content=\"Talkpal\" \/>\n<meta property=\"article:publisher\" content=\"https:\/\/www.facebook.com\/profile.php?id=100090733639311\" \/>\n<meta property=\"article:modified_time\" content=\"2025-12-30T15:07:02+00:00\" \/>\n<meta property=\"og:image\" content=\"https:\/\/talkpal.ai\/wp-content\/uploads\/2025\/02\/Progress-tab-16_9.png\" \/>\n\t<meta property=\"og:image:width\" content=\"2880\" \/>\n\t<meta property=\"og:image:height\" content=\"1620\" \/>\n\t<meta property=\"og:image:type\" content=\"image\/png\" \/>\n<meta name=\"twitter:card\" content=\"summary_large_image\" \/>\n<meta name=\"twitter:site\" content=\"@talkpalai\" \/>\n<meta name=\"twitter:label1\" content=\"Est. reading time\" \/>\n\t<meta name=\"twitter:data1\" content=\"4 minutes\" \/>\n<script type=\"application\/ld+json\" class=\"yoast-schema-graph\">{\"@context\":\"https:\/\/schema.org\",\"@graph\":[{\"@type\":\"WebPage\",\"@id\":\"https:\/\/talkpal.ai\/sq\/ushtrime-gramatikore-bask\/\",\"url\":\"https:\/\/talkpal.ai\/sq\/ushtrime-gramatikore-bask\/\",\"name\":\"Ushtrime gramatikore bask - Talkpal\",\"isPartOf\":{\"@id\":\"https:\/\/talkpal.ai\/sq\/#website\"},\"datePublished\":\"2025-11-11T15:33:20+00:00\",\"dateModified\":\"2025-12-30T15:07:02+00:00\",\"description\":\"Zot\u00ebroni gramatik\u00ebn baske me ushtrime t\u00ebrheq\u00ebse q\u00eb mbulojn\u00eb emra, folje dhe koh\u00eb p\u00ebr t\u00eb rritur aft\u00ebsit\u00eb tuaja gjuh\u00ebsore.\",\"breadcrumb\":{\"@id\":\"https:\/\/talkpal.ai\/sq\/ushtrime-gramatikore-bask\/#breadcrumb\"},\"inLanguage\":\"sq-AL\",\"potentialAction\":[{\"@type\":\"ReadAction\",\"target\":[\"https:\/\/talkpal.ai\/sq\/ushtrime-gramatikore-bask\/\"]}]},{\"@type\":\"BreadcrumbList\",\"@id\":\"https:\/\/talkpal.ai\/sq\/ushtrime-gramatikore-bask\/#breadcrumb\",\"itemListElement\":[{\"@type\":\"ListItem\",\"position\":1,\"name\":\"Homepage\",\"item\":\"https:\/\/talkpal.ai\/sq\/\"},{\"@type\":\"ListItem\",\"position\":2,\"name\":\"Ushtrime gramatikore bask\"}]},{\"@type\":\"WebSite\",\"@id\":\"https:\/\/talkpal.ai\/sq\/#website\",\"url\":\"https:\/\/talkpal.ai\/sq\/\",\"name\":\"Talkpal\",\"description\":\"AI Language Learning\",\"publisher\":{\"@id\":\"https:\/\/talkpal.ai\/sq\/#organization\"},\"alternateName\":\"Talkpal AI\",\"potentialAction\":[{\"@type\":\"SearchAction\",\"target\":{\"@type\":\"EntryPoint\",\"urlTemplate\":\"https:\/\/talkpal.ai\/sq\/?s={search_term_string}\"},\"query-input\":{\"@type\":\"PropertyValueSpecification\",\"valueRequired\":true,\"valueName\":\"search_term_string\"}}],\"inLanguage\":\"sq-AL\"},{\"@type\":\"Organization\",\"@id\":\"https:\/\/talkpal.ai\/sq\/#organization\",\"name\":\"Talkpal, Inc.\",\"alternateName\":\"Talkpal AI\",\"url\":\"https:\/\/talkpal.ai\/sq\/\",\"logo\":{\"@type\":\"ImageObject\",\"inLanguage\":\"sq-AL\",\"@id\":\"https:\/\/talkpal.ai\/sq\/#\/schema\/logo\/image\/\",\"url\":\"https:\/\/talkpal.ai\/wp-content\/uploads\/2024\/03\/Talkpal-Logo-Icon.png\",\"contentUrl\":\"https:\/\/talkpal.ai\/wp-content\/uploads\/2024\/03\/Talkpal-Logo-Icon.png\",\"width\":2880,\"height\":2880,\"caption\":\"Talkpal, Inc.\"},\"image\":{\"@id\":\"https:\/\/talkpal.ai\/sq\/#\/schema\/logo\/image\/\"},\"sameAs\":[\"https:\/\/www.facebook.com\/profile.php?id=100090733639311\",\"https:\/\/x.com\/talkpalai\",\"https:\/\/www.linkedin.com\/company\/talkpal\/\",\"https:\/\/www.youtube.com\/@TalkPal\/\",\"https:\/\/www.tiktok.com\/@talkpal\",\"https:\/\/www.instagram.com\/talkpal_ai\/\",\"https:\/\/www.crunchbase.com\/organization\/talkpal-9cde\",\"https:\/\/www.g2.com\/products\/talkpal-for-business\/\",\"https:\/\/www.trustpilot.com\/review\/talkpal.ai\",\"https:\/\/www.capterra.com\/p\/10006800\/TalkPal\/\"],\"description\":\"Talkpal is a language learning web and mobile education app, powered by the latest AI technologies, that provides engaging experiences to its customers in many different languages to help them improve their language skills. Users can chat about unlimited amount of topics with the app and use other modes to practice their language learning.\",\"email\":\"support@talkpal.ai\",\"legalName\":\"Talkpal, Inc.\",\"foundingDate\":\"2023-04-03\",\"duns\":\"118989042\",\"numberOfEmployees\":{\"@type\":\"QuantitativeValue\",\"minValue\":\"11\",\"maxValue\":\"50\"},\"publishingPrinciples\":\"https:\/\/talkpal.ai\/publishing-principles\/\",\"actionableFeedbackPolicy\":\"https:\/\/talkpal.ai\/actionable-feedback-policy\/\",\"correctionsPolicy\":\"https:\/\/talkpal.ai\/corrections-policy\/\",\"ethicsPolicy\":\"https:\/\/talkpal.ai\/ethics-policy\/\",\"diversityPolicy\":\"https:\/\/talkpal.ai\/diversity-policy\/\",\"diversityStaffingReport\":\"https:\/\/talkpal.ai\/diversity-policy\/\"}]}<\/script>\n<!-- \/ Yoast SEO Premium plugin. -->","yoast_head_json":{"title":"Ushtrime gramatikore bask - Talkpal","description":"Zot\u00ebroni gramatik\u00ebn baske me ushtrime t\u00ebrheq\u00ebse q\u00eb mbulojn\u00eb emra, folje dhe koh\u00eb p\u00ebr t\u00eb rritur aft\u00ebsit\u00eb tuaja gjuh\u00ebsore.","robots":{"index":"index","follow":"follow","max-snippet":"max-snippet:-1","max-image-preview":"max-image-preview:large","max-video-preview":"max-video-preview:-1"},"canonical":"https:\/\/talkpal.ai\/sq\/ushtrime-gramatikore-bask\/","og_locale":"sq_AL","og_type":"article","og_title":"Ushtrime gramatikore bask","og_description":"Temat e gramatik\u00ebs bask M\u00ebsimi i nj\u00eb gjuhe t\u00eb re M\u00ebsimi i nj\u00eb gjuhe t\u00eb re mund t\u00eb jet\u00eb nj\u00eb p\u00ebrpjekje sfiduese por shp\u00ebrblyese. Baske, nj\u00eb gjuh\u00eb e izoluar","og_url":"https:\/\/talkpal.ai\/sq\/ushtrime-gramatikore-bask\/","og_site_name":"Talkpal","article_publisher":"https:\/\/www.facebook.com\/profile.php?id=100090733639311","article_modified_time":"2025-12-30T15:07:02+00:00","og_image":[{"width":2880,"height":1620,"url":"https:\/\/talkpal.ai\/wp-content\/uploads\/2025\/02\/Progress-tab-16_9.png","type":"image\/png"}],"twitter_card":"summary_large_image","twitter_site":"@talkpalai","twitter_misc":{"Est. reading time":"4 minutes"},"schema":{"@context":"https:\/\/schema.org","@graph":[{"@type":"WebPage","@id":"https:\/\/talkpal.ai\/sq\/ushtrime-gramatikore-bask\/","url":"https:\/\/talkpal.ai\/sq\/ushtrime-gramatikore-bask\/","name":"Ushtrime gramatikore bask - Talkpal","isPartOf":{"@id":"https:\/\/talkpal.ai\/sq\/#website"},"datePublished":"2025-11-11T15:33:20+00:00","dateModified":"2025-12-30T15:07:02+00:00","description":"Zot\u00ebroni gramatik\u00ebn baske me ushtrime t\u00ebrheq\u00ebse q\u00eb mbulojn\u00eb emra, folje dhe koh\u00eb p\u00ebr t\u00eb rritur aft\u00ebsit\u00eb tuaja gjuh\u00ebsore.","breadcrumb":{"@id":"https:\/\/talkpal.ai\/sq\/ushtrime-gramatikore-bask\/#breadcrumb"},"inLanguage":"sq-AL","potentialAction":[{"@type":"ReadAction","target":["https:\/\/talkpal.ai\/sq\/ushtrime-gramatikore-bask\/"]}]},{"@type":"BreadcrumbList","@id":"https:\/\/talkpal.ai\/sq\/ushtrime-gramatikore-bask\/#breadcrumb","itemListElement":[{"@type":"ListItem","position":1,"name":"Homepage","item":"https:\/\/talkpal.ai\/sq\/"},{"@type":"ListItem","position":2,"name":"Ushtrime gramatikore bask"}]},{"@type":"WebSite","@id":"https:\/\/talkpal.ai\/sq\/#website","url":"https:\/\/talkpal.ai\/sq\/","name":"Talkpal","description":"AI Language Learning","publisher":{"@id":"https:\/\/talkpal.ai\/sq\/#organization"},"alternateName":"Talkpal AI","potentialAction":[{"@type":"SearchAction","target":{"@type":"EntryPoint","urlTemplate":"https:\/\/talkpal.ai\/sq\/?s={search_term_string}"},"query-input":{"@type":"PropertyValueSpecification","valueRequired":true,"valueName":"search_term_string"}}],"inLanguage":"sq-AL"},{"@type":"Organization","@id":"https:\/\/talkpal.ai\/sq\/#organization","name":"Talkpal, Inc.","alternateName":"Talkpal AI","url":"https:\/\/talkpal.ai\/sq\/","logo":{"@type":"ImageObject","inLanguage":"sq-AL","@id":"https:\/\/talkpal.ai\/sq\/#\/schema\/logo\/image\/","url":"https:\/\/talkpal.ai\/wp-content\/uploads\/2024\/03\/Talkpal-Logo-Icon.png","contentUrl":"https:\/\/talkpal.ai\/wp-content\/uploads\/2024\/03\/Talkpal-Logo-Icon.png","width":2880,"height":2880,"caption":"Talkpal, Inc."},"image":{"@id":"https:\/\/talkpal.ai\/sq\/#\/schema\/logo\/image\/"},"sameAs":["https:\/\/www.facebook.com\/profile.php?id=100090733639311","https:\/\/x.com\/talkpalai","https:\/\/www.linkedin.com\/company\/talkpal\/","https:\/\/www.youtube.com\/@TalkPal\/","https:\/\/www.tiktok.com\/@talkpal","https:\/\/www.instagram.com\/talkpal_ai\/","https:\/\/www.crunchbase.com\/organization\/talkpal-9cde","https:\/\/www.g2.com\/products\/talkpal-for-business\/","https:\/\/www.trustpilot.com\/review\/talkpal.ai","https:\/\/www.capterra.com\/p\/10006800\/TalkPal\/"],"description":"Talkpal is a language learning web and mobile education app, powered by the latest AI technologies, that provides engaging experiences to its customers in many different languages to help them improve their language skills. Users can chat about unlimited amount of topics with the app and use other modes to practice their language learning.","email":"support@talkpal.ai","legalName":"Talkpal, Inc.","foundingDate":"2023-04-03","duns":"118989042","numberOfEmployees":{"@type":"QuantitativeValue","minValue":"11","maxValue":"50"},"publishingPrinciples":"https:\/\/talkpal.ai\/publishing-principles\/","actionableFeedbackPolicy":"https:\/\/talkpal.ai\/actionable-feedback-policy\/","correctionsPolicy":"https:\/\/talkpal.ai\/corrections-policy\/","ethicsPolicy":"https:\/\/talkpal.ai\/ethics-policy\/","diversityPolicy":"https:\/\/talkpal.ai\/diversity-policy\/","diversityStaffingReport":"https:\/\/talkpal.ai\/diversity-policy\/"}]}},"_links":{"self":[{"href":"https:\/\/talkpal.ai\/sq\/wp-json\/wp\/v2\/pages\/1474541","targetHints":{"allow":["GET"]}}],"collection":[{"href":"https:\/\/talkpal.ai\/sq\/wp-json\/wp\/v2\/pages"}],"about":[{"href":"https:\/\/talkpal.ai\/sq\/wp-json\/wp\/v2\/types\/page"}],"author":[{"embeddable":true,"href":"https:\/\/talkpal.ai\/sq\/wp-json\/wp\/v2\/users\/20"}],"replies":[{"embeddable":true,"href":"https:\/\/talkpal.ai\/sq\/wp-json\/wp\/v2\/comments?post=1474541"}],"version-history":[{"count":0,"href":"https:\/\/talkpal.ai\/sq\/wp-json\/wp\/v2\/pages\/1474541\/revisions"}],"wp:attachment":[{"href":"https:\/\/talkpal.ai\/sq\/wp-json\/wp\/v2\/media?parent=1474541"}],"curies":[{"name":"wp","href":"https:\/\/api.w.org\/{rel}","templated":true}]}}