{"id":1474524,"date":"2025-11-11T15:33:17","date_gmt":"2025-11-11T15:33:17","guid":{"rendered":"https:\/\/talkpal.ai\/gramatika-bask\/"},"modified":"2025-12-30T15:35:12","modified_gmt":"2025-12-30T15:35:12","slug":"gramatika-bask","status":"publish","type":"page","link":"https:\/\/talkpal.ai\/sq\/gramatika-bask\/","title":{"rendered":"Gramatika Bask"},"content":{"rendered":"\r\n\r\n\r\n<section class=\"languageChallengeSection\">\r\n    <div class=\"languageInfoWrapper\">\r\n        \r\n        <h1>Gramatika Bask<\/h1>\r\n        <p><a href=\"https:\/\/talkpal.ai\/basque-grammar\/\">Gramatika baske<\/a> mund t\u00eb duket sfiduese n\u00eb fillim, por karakteristikat e saj unike e b\u00ebjn\u00eb m\u00ebsimin e gjuh\u00ebs nj\u00eb p\u00ebrvoj\u00eb shp\u00ebrblyese. Duke eksploruar alfabetin, mutacionet dhe rregullat gramatikore, do t\u00eb fitoni njohuri p\u00ebr nj\u00eb tradit\u00eb t\u00eb pasur gjuh\u00ebsore. Filloni udh\u00ebtimin tuaj dhe zbuloni bukurin\u00eb e baskut!<\/p>\r\n\r\n                            <a class=\"getStartedHidden\" href=\"https:\/\/app.talkpal.ai\/signup?lng=\">Filloni<\/a>\r\n        \r\n    <\/div>\r\n\r\n    <figure>\r\n    <img decoding=\"async\" width=\"768\" height=\"768\" src=\"https:\/\/talkpal.ai\/wp-content\/uploads\/2023\/06\/welsh-768x768.png\" class=\"languageImage no-lazy\" alt=\"Language learning for better cognitive abilities\" fetchpriority=\"high\" sizes=\"(max-width: 768px) 150px, 768px\" srcset=\"https:\/\/talkpal.ai\/wp-content\/uploads\/2023\/06\/welsh-768x768.png 768w, https:\/\/talkpal.ai\/wp-content\/uploads\/2023\/06\/welsh-300x300.png 300w\" \/>\r\n    \r\n\r\n    <\/figure>\r\n\r\n            <a class=\"getStartedVisible\" href=\"https:\/\/app.talkpal.ai\/signup?lng=\">Filloni<\/a>\r\n    \r\n<\/section><section class=\"promotionalBanner\">\r\n    <p class=\"promotionalText\">M\u00ebnyra m\u00eb efikase p\u00ebr t\u00eb m\u00ebsuar nj\u00eb gjuh\u00eb<\/p>\r\n    <a class=\"promotionalLink\" href=\"https:\/\/app.talkpal.ai\/signup?lng=\">Provoni Talkpal falas<\/a>\r\n<\/section>\n<div class=\"wp-block-group pageContainerStyle\"><div class=\"wp-block-group__inner-container is-layout-constrained wp-block-group-is-layout-constrained\">\n<h2 class=\"wp-block-heading\" id=\"h-navigating-the-intricacies-of-basque-grammar\">Lundrimi n\u00eb nd\u00ebrlikimet e gramatik\u00ebs bask<\/h2>\n\n\n\n<p><a href=\"https:\/\/talkpal.ai\/sq\/mesoni-baskisht\/\">Baske<\/a>, nj\u00eb gjuh\u00eb e izoluar me nj\u00eb histori t\u00eb pasur dhe r\u00ebnd\u00ebsi kulturore, ofron nj\u00eb p\u00ebrvoj\u00eb emocionuese gjuh\u00ebsore p\u00ebr ata q\u00eb d\u00ebshirojn\u00eb t\u00eb eksplorojn\u00eb sistemin e saj unik gramatikor. Nd\u00ebrsa hyni n\u00eb mbret\u00ebrin\u00eb e baskut, jo vet\u00ebm q\u00eb do t\u00eb pasuroni repertorin tuaj gjuh\u00ebsor, por edhe do t\u00eb p\u00ebrqafoni nj\u00eb udh\u00ebtim kulturor magjeps\u00ebs. Nd\u00ebrsa gramatika baske mund t\u00eb duket e komplikuar n\u00eb fillim, zb\u00ebrthimi i saj n\u00eb komponent\u00eb thelb\u00ebsor\u00eb e b\u00ebn m\u00ebsimin e gjuh\u00ebs m\u00eb t\u00eb arritsh\u00ebm. N\u00eb k\u00ebt\u00eb artikull, ne do t\u00eb eksplorojm\u00eb bot\u00ebn magjeps\u00ebse t\u00eb gramatik\u00ebs <a href=\"https:\/\/talkpal.ai\/learn-basque\/\">bask<\/a> dhe do t\u00eb japim k\u00ebshilla <a href=\"https:\/\/talkpal.ai\/culture\/what-is-the-difference-between-se-and-si\/\">se si<\/a> t\u00eb zot\u00ebroni kompleksitetin e saj.<\/p>\n\n\n\n<h3 class=\"wp-block-heading\" id=\"h-1-basque-alphabet-and-phonetics\">1. Alfabeti bask dhe fonetika<\/h3>\n\n\n\n<p>Alfabeti bask n\u00eb baskisht standard p\u00ebrb\u00ebhet nga 27 shkronja. Karakteristikat dalluese p\u00ebrfshijn\u00eb digraf\u00ebt &#8220;tx&#8221;, &#8220;tz&#8221; dhe &#8220;ts&#8221;, t\u00eb cil\u00ebt p\u00ebrfaq\u00ebsojn\u00eb tinguj unik\u00eb, shkronj\u00ebn &#8220;x&#8221; t\u00eb shqiptuar si &#8220;sh&#8221; angleze dhe kontrastin midis &#8220;r&#8221; t\u00eb vetme dhe &#8220;rr&#8221; t\u00eb dyfisht\u00eb. Disa shkronja t\u00eb tilla si &#8220;c&#8221;, &#8220;q&#8221;, &#8220;v&#8221;, &#8220;w&#8221; dhe &#8220;y&#8221; shfaqen kryesisht n\u00eb fjal\u00ebt e huazimit. P\u00ebr t\u00eb m\u00ebsuar gramatik\u00ebn baske, \u00ebsht\u00eb thelb\u00ebsore t\u00eb njiheni me k\u00ebt\u00eb sistem shkrimi duke praktikuar leximin dhe shkrimin n\u00eb baske.<\/p>\n\n\n\n<h3 class=\"wp-block-heading\" id=\"h-2-case-suffixes-and-ergativity-a-core-basque-feature\">2. Prapashtesat e rastit dhe ergjenc\u00eb: Nj\u00eb ve\u00e7ori thelb\u00ebsore baske<\/h3>\n\n\n\n<p>Nj\u00eb nga aspektet m\u00eb t\u00eb habitshme t\u00eb gramatik\u00ebs bask \u00ebsht\u00eb shtrirja e saj ergative-absolutive dhe sistemi i pasur i prapashtesave t\u00eb rasteve. Emrat dhe frazat em\u00ebrore t\u00eb plota marrin mbaresa q\u00eb sh\u00ebnojn\u00eb rolin e <a href=\"https:\/\/talkpal.ai\/locations\/language-courses-in-tyre\/\">tyre<\/a> n\u00eb fjali, t\u00eb tilla si absolutivi (shpesh zero, ose -a\/-ak me artikullin p\u00ebrcaktuar), ergativ (-k ose -ek), dativ (-ri ose -ei), gjenitiv (-ren), inessiv (-n), allativ (-ra), ablativ (-tik), instrumental (-z) dhe komitativ (-ekin). T\u00eb kuptuarit se kur dhe si p\u00ebrdoren k\u00ebto p\u00ebrfundime, dhe q\u00eb ato i bashkangjiten fjal\u00ebs s\u00eb fundit t\u00eb fraz\u00ebs em\u00ebrore, \u00ebsht\u00eb jetike p\u00ebr komunikim t\u00eb sakt\u00eb n\u00eb baske.<\/p>\n\n\n\n<h3 class=\"wp-block-heading\" id=\"h-3-nouns-and-pronouns-gender-and-cases\">3. Emrat dhe p\u00ebremrat: Gjinia dhe rastet<\/h3>\n\n\n\n<p>Emrat bask\u00eb nuk kan\u00eb gjini gramatikore, gj\u00eb q\u00eb thjeshton marr\u00ebveshjen, por ata nd\u00ebrveprojn\u00eb me nj\u00eb sistem t\u00eb gjer\u00eb rastesh dhe p\u00ebrcaktueshm\u00ebri. Numri dhe p\u00ebrcaktueshm\u00ebria zakonisht shprehen me prapashtesat e artikullit -a (nj\u00ebj\u00ebs i caktuar) dhe -ak (shum\u00ebs i caktuar ose nj\u00ebj\u00ebs ergativ). P\u00ebremrat n\u00eb bask p\u00ebrfshijn\u00eb p\u00ebremrat personal (ni, hi, zu, zuek, gu, bera, haiek), pronor\u00eb (nire, zure, bere, gure, zuen, haien), refleksiv (bere burua), demonstrativ (hau, hori, hura) dhe pyet\u00ebs (nor, zer, zein). Njohja me k\u00ebta p\u00ebremra dhe format e tyre n\u00eb raste do t\u00eb p\u00ebrmir\u00ebsoj\u00eb ndjesh\u00ebm kuptimin tuaj t\u00eb gramatik\u00ebs baske.<\/p>\n\n\n\n<h3 class=\"wp-block-heading\" id=\"h-4-verbs-structure-and-conjugation\">4. Foljet: Struktura dhe konjugimi<\/h3>\n\n\n\n<p>Foljet baske mb\u00ebshteten shum\u00eb n\u00eb ndihm\u00ebse dhe tregojn\u00eb marr\u00ebveshje me subjektin dhe shpesh me objekte t\u00eb drejtp\u00ebrdrejta dhe indirekte. Shum\u00eb koh\u00eb jan\u00eb perifrastike, t\u00eb nd\u00ebrtuara me pjes\u00ebmarr\u00ebse dhe ndihm\u00ebsit izan dhe edun, nd\u00ebrsa nj\u00eb grup i kufizuar foljesh ka gjithashtu forma sintetike. Koh\u00ebt thelb\u00ebsore n\u00eb bask jan\u00eb e tashmja, e kaluara dhe e ardhmja, me element\u00eb shtes\u00eb si humori i kusht\u00ebzuar dhe <a href=\"https:\/\/talkpal.ai\/ja\/grammar_exercises\/imperatif-%e3%83%95%e3%83%a9%e3%83%b3%e3%82%b9%e3%81%ae%e6%96%87%e6%b3%95%e3%81%ae%e3%81%9f%e3%82%81%e3%81%ae%e6%bc%94%e7%bf%92\/\">imperativ<\/a>. T\u00eb m\u00ebsuarit se si funksionon p\u00ebrzgjedhja ndihm\u00ebse, s\u00eb bashku me modelet kryesore t\u00eb konjugimit, do t\u00eb p\u00ebrmir\u00ebsoj\u00eb aft\u00ebsin\u00eb tuaj p\u00ebr t\u00eb komunikuar n\u00eb m\u00ebnyr\u00eb efektive n\u00eb baske.<\/p>\n\n\n\n<h3 class=\"wp-block-heading\" id=\"h-5-adjectives-agreement-and-placement\">5. Mbiemrat: Marr\u00ebveshja dhe vendosja<\/h3>\n\n\n\n<p>N\u00eb gramatik\u00ebn baske, mbiemrat zakonisht ndjekin emrin q\u00eb modifikojn\u00eb. Vet\u00eb mbiemrat nuk ndryshojn\u00eb p\u00ebr numrin ose gjinin\u00eb, por p\u00ebrcaktuesi dhe prapashtesa e rastit p\u00ebr t\u00eb gjith\u00eb fraz\u00ebn em\u00ebrore shfaqen n\u00eb elementin p\u00ebrfundimtar, shpesh mbiemrin. Krahasimet dhe superlativat zakonisht formohen me -ago dhe -en ose -ena, t\u00eb cilat jan\u00eb thelb\u00ebsore p\u00ebr t\u00eb m\u00ebsuar t\u00eb komunikoni m\u00eb natyrsh\u00ebm.<\/p>\n\n\n\n<p><strong>Shembuj:<\/strong><\/p>\n\n\n\n<p><strong>\u2013 Ume Txikiak (F\u00ebmij\u00eb t\u00eb vegj\u00ebl)<\/strong><\/p>\n\n\n\n<p><strong>\u2013 Maitasun Handi (Dashuri e Madhe)<\/strong><\/p>\n\n\n\n<h3 class=\"wp-block-heading\" id=\"h-6-engaging-with-the-language\">6. Angazhimi me gjuh\u00ebn<\/h3>\n\n\n\n<p>M\u00ebnyra m\u00eb efektive p\u00ebr t\u00eb kuptuar dhe p\u00ebrvet\u00ebsuar plot\u00ebsisht gramatik\u00ebn baske \u00ebsht\u00eb angazhimi i vazhduesh\u00ebm me gjuh\u00ebn. Duke lexuar let\u00ebrsi baske, duke par\u00eb filma ose seriale televizive baske, duke d\u00ebgjuar radio bask dhe duke komunikuar n\u00eb m\u00ebnyr\u00eb aktive me fol\u00ebsit amtare, ju do t\u00eb p\u00ebrforconi t\u00eb kuptuarit tuaj t\u00eb gramatik\u00ebs duke zgjeruar fjalorin tuaj.<\/p>\n\n\n\n<h3 class=\"wp-block-heading\" id=\"h-conclusion\">P\u00ebrfundimi<\/h3>\n\n\n\n<p>Megjith\u00ebse gramatika baske mund t\u00eb duket e nd\u00ebrlikuar, ju mund t\u00eb b\u00ebheni t\u00eb aft\u00eb n\u00eb k\u00ebt\u00eb gjuh\u00eb t\u00eb bukur me p\u00ebrkushtim, praktik\u00eb dhe entuziaz\u00ebm. Duke u fokusuar n\u00eb rregullat themelore dhe duke u angazhuar me gjuh\u00ebn n\u00eb kontekste t\u00eb ndryshme, ju do t\u00eb p\u00ebrmir\u00ebsoni <a href=\"https:\/\/talkpal.ai\/sq\/gramatika\/\">shpejt aft\u00ebsit\u00eb tuaja gramatikore<\/a> baske. Zorte (fat i mir\u00eb) me udh\u00ebtimin tuaj n\u00eb gjuh\u00ebn bask dhe shijoni zbulimin e bot\u00ebs enigmatike por magjeps\u00ebse t\u00eb gramatik\u00ebs baske!<\/p>\n<\/div><\/div>\n\r\n<section class=\"learnNavigationSection\">\r\n            \r\n        <a href=\"https:\/\/talkpal.ai\/sq\/mesoni-baskisht\/\">\r\n            <div class=\"learnNavigationWrapper\">\r\n                <div class=\"learnNavigationContent\">\r\n                    <img decoding=\"async\" src=\"https:\/\/talkpal.ai\/wp-content\/uploads\/2025\/11\/Basque.png\" alt=\"Basque Flag\">\r\n                    <div>\r\n                        <h4>Rreth m\u00ebsimit bask<\/h4>\r\n                        <p>Zbuloni gjith\u00e7ka rreth gramatik\u00ebs baske.<\/p>\r\n                    <\/div>\r\n                <\/div>\r\n            <\/div>\r\n        <\/a>\r\n\r\n        \r\n        <a href=\"https:\/\/talkpal.ai\/sq\/ushtrime-gramatikore-bask\/\">\r\n            <div class=\"learnNavigationWrapper\">\r\n                <div class=\"learnNavigationContent\">\r\n                    <img decoding=\"async\" src=\"https:\/\/talkpal.ai\/wp-content\/uploads\/2025\/11\/Basque.png\" alt=\"Basque Flag\">\r\n                    <div>\r\n                        <h4>Ushtrimi i gramatik\u00ebs bask<\/h4>\r\n                        <p>Praktikoni gramatik\u00ebn baske.<\/p>\r\n                    <\/div>\r\n                <\/div>\r\n            <\/div>\r\n        <\/a>\r\n\r\n            <\/section>\n<p><\/p>\n","protected":false},"excerpt":{"rendered":"<p>Lundrimi n\u00eb nd\u00ebrlikimet e gramatik\u00ebs bask Baske, nj\u00eb gjuh\u00eb e izoluar me nj\u00eb histori t\u00eb pasur dhe r\u00ebnd\u00ebsi kulturore, ofron nj\u00eb p\u00ebrvoj\u00eb emocionuese gjuh\u00ebsore p\u00ebr ata q\u00eb d\u00ebshirojn\u00eb t\u00eb eksplorojn\u00eb sistemin e saj unik gramatikor. Nd\u00ebrsa hyni n\u00eb mbret\u00ebrin\u00eb e baskut, jo vet\u00ebm q\u00eb do t\u00eb pasuroni repertorin tuaj gjuh\u00ebsor, por edhe do t\u00eb p\u00ebrqafoni [&hellip;]<\/p>\n","protected":false},"author":20,"featured_media":0,"parent":0,"menu_order":0,"comment_status":"closed","ping_status":"closed","template":"LearningContentPage.php","meta":{"_acf_changed":false,"footnotes":""},"class_list":["post-1474524","page","type-page","status-publish","hentry"],"acf":[],"yoast_head":"<!-- This site is optimized with the Yoast SEO Premium plugin v27.2 (Yoast SEO v27.2) - https:\/\/yoast.com\/product\/yoast-seo-premium-wordpress\/ -->\n<title>Gramatika Bask - Talkpal<\/title>\n<meta name=\"description\" content=\"Zot\u00ebroni gramatik\u00ebn baske me k\u00ebt\u00eb udh\u00ebzues q\u00eb mbulon alfabetin, fonetik\u00ebn, prapashtesat e rasave dhe rregullat e konjugimit t\u00eb foljeve.\" \/>\n<meta name=\"robots\" content=\"index, follow, max-snippet:-1, max-image-preview:large, max-video-preview:-1\" \/>\n<link rel=\"canonical\" href=\"https:\/\/talkpal.ai\/sq\/gramatika-bask\/\" \/>\n<meta property=\"og:locale\" content=\"sq_AL\" \/>\n<meta property=\"og:type\" content=\"article\" \/>\n<meta property=\"og:title\" content=\"Gramatika Bask\" \/>\n<meta property=\"og:description\" content=\"Lundrimi n\u00eb nd\u00ebrlikimet e gramatik\u00ebs bask Baske, nj\u00eb gjuh\u00eb e izoluar me nj\u00eb histori t\u00eb pasur dhe r\u00ebnd\u00ebsi kulturore, ofron nj\u00eb p\u00ebrvoj\u00eb emocionuese\" \/>\n<meta property=\"og:url\" content=\"https:\/\/talkpal.ai\/sq\/gramatika-bask\/\" \/>\n<meta property=\"og:site_name\" content=\"Talkpal\" \/>\n<meta property=\"article:publisher\" content=\"https:\/\/www.facebook.com\/profile.php?id=100090733639311\" \/>\n<meta property=\"article:modified_time\" content=\"2025-12-30T15:35:12+00:00\" \/>\n<meta property=\"og:image\" content=\"https:\/\/talkpal.ai\/wp-content\/uploads\/2025\/02\/Progress-tab-16_9.png\" \/>\n\t<meta property=\"og:image:width\" content=\"2880\" \/>\n\t<meta property=\"og:image:height\" content=\"1620\" \/>\n\t<meta property=\"og:image:type\" content=\"image\/png\" \/>\n<meta name=\"twitter:card\" content=\"summary_large_image\" \/>\n<meta name=\"twitter:site\" content=\"@talkpalai\" \/>\n<meta name=\"twitter:label1\" content=\"Est. reading time\" \/>\n\t<meta name=\"twitter:data1\" content=\"4 minutes\" \/>\n<script type=\"application\/ld+json\" class=\"yoast-schema-graph\">{\"@context\":\"https:\/\/schema.org\",\"@graph\":[{\"@type\":\"WebPage\",\"@id\":\"https:\/\/talkpal.ai\/sq\/gramatika-bask\/\",\"url\":\"https:\/\/talkpal.ai\/sq\/gramatika-bask\/\",\"name\":\"Gramatika Bask - Talkpal\",\"isPartOf\":{\"@id\":\"https:\/\/talkpal.ai\/sq\/#website\"},\"datePublished\":\"2025-11-11T15:33:17+00:00\",\"dateModified\":\"2025-12-30T15:35:12+00:00\",\"description\":\"Zot\u00ebroni gramatik\u00ebn baske me k\u00ebt\u00eb udh\u00ebzues q\u00eb mbulon alfabetin, fonetik\u00ebn, prapashtesat e rasave dhe rregullat e konjugimit t\u00eb foljeve.\",\"breadcrumb\":{\"@id\":\"https:\/\/talkpal.ai\/sq\/gramatika-bask\/#breadcrumb\"},\"inLanguage\":\"sq-AL\",\"potentialAction\":[{\"@type\":\"ReadAction\",\"target\":[\"https:\/\/talkpal.ai\/sq\/gramatika-bask\/\"]}]},{\"@type\":\"BreadcrumbList\",\"@id\":\"https:\/\/talkpal.ai\/sq\/gramatika-bask\/#breadcrumb\",\"itemListElement\":[{\"@type\":\"ListItem\",\"position\":1,\"name\":\"Homepage\",\"item\":\"https:\/\/talkpal.ai\/sq\/\"},{\"@type\":\"ListItem\",\"position\":2,\"name\":\"Gramatika Bask\"}]},{\"@type\":\"WebSite\",\"@id\":\"https:\/\/talkpal.ai\/sq\/#website\",\"url\":\"https:\/\/talkpal.ai\/sq\/\",\"name\":\"Talkpal\",\"description\":\"AI Language Learning\",\"publisher\":{\"@id\":\"https:\/\/talkpal.ai\/sq\/#organization\"},\"alternateName\":\"Talkpal AI\",\"potentialAction\":[{\"@type\":\"SearchAction\",\"target\":{\"@type\":\"EntryPoint\",\"urlTemplate\":\"https:\/\/talkpal.ai\/sq\/?s={search_term_string}\"},\"query-input\":{\"@type\":\"PropertyValueSpecification\",\"valueRequired\":true,\"valueName\":\"search_term_string\"}}],\"inLanguage\":\"sq-AL\"},{\"@type\":\"Organization\",\"@id\":\"https:\/\/talkpal.ai\/sq\/#organization\",\"name\":\"Talkpal, Inc.\",\"alternateName\":\"Talkpal AI\",\"url\":\"https:\/\/talkpal.ai\/sq\/\",\"logo\":{\"@type\":\"ImageObject\",\"inLanguage\":\"sq-AL\",\"@id\":\"https:\/\/talkpal.ai\/sq\/#\/schema\/logo\/image\/\",\"url\":\"https:\/\/talkpal.ai\/wp-content\/uploads\/2024\/03\/Talkpal-Logo-Icon.png\",\"contentUrl\":\"https:\/\/talkpal.ai\/wp-content\/uploads\/2024\/03\/Talkpal-Logo-Icon.png\",\"width\":2880,\"height\":2880,\"caption\":\"Talkpal, Inc.\"},\"image\":{\"@id\":\"https:\/\/talkpal.ai\/sq\/#\/schema\/logo\/image\/\"},\"sameAs\":[\"https:\/\/www.facebook.com\/profile.php?id=100090733639311\",\"https:\/\/x.com\/talkpalai\",\"https:\/\/www.linkedin.com\/company\/talkpal\/\",\"https:\/\/www.youtube.com\/@TalkPal\/\",\"https:\/\/www.tiktok.com\/@talkpal\",\"https:\/\/www.instagram.com\/talkpal_ai\/\",\"https:\/\/www.crunchbase.com\/organization\/talkpal-9cde\",\"https:\/\/www.g2.com\/products\/talkpal-for-business\/\",\"https:\/\/www.trustpilot.com\/review\/talkpal.ai\",\"https:\/\/www.capterra.com\/p\/10006800\/TalkPal\/\"],\"description\":\"Talkpal is a language learning web and mobile education app, powered by the latest AI technologies, that provides engaging experiences to its customers in many different languages to help them improve their language skills. Users can chat about unlimited amount of topics with the app and use other modes to practice their language learning.\",\"email\":\"support@talkpal.ai\",\"legalName\":\"Talkpal, Inc.\",\"foundingDate\":\"2023-04-03\",\"duns\":\"118989042\",\"numberOfEmployees\":{\"@type\":\"QuantitativeValue\",\"minValue\":\"11\",\"maxValue\":\"50\"},\"publishingPrinciples\":\"https:\/\/talkpal.ai\/publishing-principles\/\",\"actionableFeedbackPolicy\":\"https:\/\/talkpal.ai\/actionable-feedback-policy\/\",\"correctionsPolicy\":\"https:\/\/talkpal.ai\/corrections-policy\/\",\"ethicsPolicy\":\"https:\/\/talkpal.ai\/ethics-policy\/\",\"diversityPolicy\":\"https:\/\/talkpal.ai\/diversity-policy\/\",\"diversityStaffingReport\":\"https:\/\/talkpal.ai\/diversity-policy\/\"}]}<\/script>\n<!-- \/ Yoast SEO Premium plugin. -->","yoast_head_json":{"title":"Gramatika Bask - Talkpal","description":"Zot\u00ebroni gramatik\u00ebn baske me k\u00ebt\u00eb udh\u00ebzues q\u00eb mbulon alfabetin, fonetik\u00ebn, prapashtesat e rasave dhe rregullat e konjugimit t\u00eb foljeve.","robots":{"index":"index","follow":"follow","max-snippet":"max-snippet:-1","max-image-preview":"max-image-preview:large","max-video-preview":"max-video-preview:-1"},"canonical":"https:\/\/talkpal.ai\/sq\/gramatika-bask\/","og_locale":"sq_AL","og_type":"article","og_title":"Gramatika Bask","og_description":"Lundrimi n\u00eb nd\u00ebrlikimet e gramatik\u00ebs bask Baske, nj\u00eb gjuh\u00eb e izoluar me nj\u00eb histori t\u00eb pasur dhe r\u00ebnd\u00ebsi kulturore, ofron nj\u00eb p\u00ebrvoj\u00eb emocionuese","og_url":"https:\/\/talkpal.ai\/sq\/gramatika-bask\/","og_site_name":"Talkpal","article_publisher":"https:\/\/www.facebook.com\/profile.php?id=100090733639311","article_modified_time":"2025-12-30T15:35:12+00:00","og_image":[{"width":2880,"height":1620,"url":"https:\/\/talkpal.ai\/wp-content\/uploads\/2025\/02\/Progress-tab-16_9.png","type":"image\/png"}],"twitter_card":"summary_large_image","twitter_site":"@talkpalai","twitter_misc":{"Est. reading time":"4 minutes"},"schema":{"@context":"https:\/\/schema.org","@graph":[{"@type":"WebPage","@id":"https:\/\/talkpal.ai\/sq\/gramatika-bask\/","url":"https:\/\/talkpal.ai\/sq\/gramatika-bask\/","name":"Gramatika Bask - Talkpal","isPartOf":{"@id":"https:\/\/talkpal.ai\/sq\/#website"},"datePublished":"2025-11-11T15:33:17+00:00","dateModified":"2025-12-30T15:35:12+00:00","description":"Zot\u00ebroni gramatik\u00ebn baske me k\u00ebt\u00eb udh\u00ebzues q\u00eb mbulon alfabetin, fonetik\u00ebn, prapashtesat e rasave dhe rregullat e konjugimit t\u00eb foljeve.","breadcrumb":{"@id":"https:\/\/talkpal.ai\/sq\/gramatika-bask\/#breadcrumb"},"inLanguage":"sq-AL","potentialAction":[{"@type":"ReadAction","target":["https:\/\/talkpal.ai\/sq\/gramatika-bask\/"]}]},{"@type":"BreadcrumbList","@id":"https:\/\/talkpal.ai\/sq\/gramatika-bask\/#breadcrumb","itemListElement":[{"@type":"ListItem","position":1,"name":"Homepage","item":"https:\/\/talkpal.ai\/sq\/"},{"@type":"ListItem","position":2,"name":"Gramatika Bask"}]},{"@type":"WebSite","@id":"https:\/\/talkpal.ai\/sq\/#website","url":"https:\/\/talkpal.ai\/sq\/","name":"Talkpal","description":"AI Language Learning","publisher":{"@id":"https:\/\/talkpal.ai\/sq\/#organization"},"alternateName":"Talkpal AI","potentialAction":[{"@type":"SearchAction","target":{"@type":"EntryPoint","urlTemplate":"https:\/\/talkpal.ai\/sq\/?s={search_term_string}"},"query-input":{"@type":"PropertyValueSpecification","valueRequired":true,"valueName":"search_term_string"}}],"inLanguage":"sq-AL"},{"@type":"Organization","@id":"https:\/\/talkpal.ai\/sq\/#organization","name":"Talkpal, Inc.","alternateName":"Talkpal AI","url":"https:\/\/talkpal.ai\/sq\/","logo":{"@type":"ImageObject","inLanguage":"sq-AL","@id":"https:\/\/talkpal.ai\/sq\/#\/schema\/logo\/image\/","url":"https:\/\/talkpal.ai\/wp-content\/uploads\/2024\/03\/Talkpal-Logo-Icon.png","contentUrl":"https:\/\/talkpal.ai\/wp-content\/uploads\/2024\/03\/Talkpal-Logo-Icon.png","width":2880,"height":2880,"caption":"Talkpal, Inc."},"image":{"@id":"https:\/\/talkpal.ai\/sq\/#\/schema\/logo\/image\/"},"sameAs":["https:\/\/www.facebook.com\/profile.php?id=100090733639311","https:\/\/x.com\/talkpalai","https:\/\/www.linkedin.com\/company\/talkpal\/","https:\/\/www.youtube.com\/@TalkPal\/","https:\/\/www.tiktok.com\/@talkpal","https:\/\/www.instagram.com\/talkpal_ai\/","https:\/\/www.crunchbase.com\/organization\/talkpal-9cde","https:\/\/www.g2.com\/products\/talkpal-for-business\/","https:\/\/www.trustpilot.com\/review\/talkpal.ai","https:\/\/www.capterra.com\/p\/10006800\/TalkPal\/"],"description":"Talkpal is a language learning web and mobile education app, powered by the latest AI technologies, that provides engaging experiences to its customers in many different languages to help them improve their language skills. Users can chat about unlimited amount of topics with the app and use other modes to practice their language learning.","email":"support@talkpal.ai","legalName":"Talkpal, Inc.","foundingDate":"2023-04-03","duns":"118989042","numberOfEmployees":{"@type":"QuantitativeValue","minValue":"11","maxValue":"50"},"publishingPrinciples":"https:\/\/talkpal.ai\/publishing-principles\/","actionableFeedbackPolicy":"https:\/\/talkpal.ai\/actionable-feedback-policy\/","correctionsPolicy":"https:\/\/talkpal.ai\/corrections-policy\/","ethicsPolicy":"https:\/\/talkpal.ai\/ethics-policy\/","diversityPolicy":"https:\/\/talkpal.ai\/diversity-policy\/","diversityStaffingReport":"https:\/\/talkpal.ai\/diversity-policy\/"}]}},"_links":{"self":[{"href":"https:\/\/talkpal.ai\/sq\/wp-json\/wp\/v2\/pages\/1474524","targetHints":{"allow":["GET"]}}],"collection":[{"href":"https:\/\/talkpal.ai\/sq\/wp-json\/wp\/v2\/pages"}],"about":[{"href":"https:\/\/talkpal.ai\/sq\/wp-json\/wp\/v2\/types\/page"}],"author":[{"embeddable":true,"href":"https:\/\/talkpal.ai\/sq\/wp-json\/wp\/v2\/users\/20"}],"replies":[{"embeddable":true,"href":"https:\/\/talkpal.ai\/sq\/wp-json\/wp\/v2\/comments?post=1474524"}],"version-history":[{"count":0,"href":"https:\/\/talkpal.ai\/sq\/wp-json\/wp\/v2\/pages\/1474524\/revisions"}],"wp:attachment":[{"href":"https:\/\/talkpal.ai\/sq\/wp-json\/wp\/v2\/media?parent=1474524"}],"curies":[{"name":"wp","href":"https:\/\/api.w.org\/{rel}","templated":true}]}}