{"id":1474480,"date":"2025-11-11T12:01:19","date_gmt":"2025-11-11T12:01:19","guid":{"rendered":"https:\/\/talkpal.ai\/gramatika-shqipe\/"},"modified":"2025-12-30T15:38:12","modified_gmt":"2025-12-30T15:38:12","slug":"gramatika-shqipe","status":"publish","type":"page","link":"https:\/\/talkpal.ai\/sq\/gramatika-shqipe\/","title":{"rendered":"Gramatika shqipe"},"content":{"rendered":"\r\n\r\n\r\n<section class=\"languageChallengeSection\">\r\n    <div class=\"languageInfoWrapper\">\r\n        \r\n        <h1>Gramatika shqipe<\/h1>\r\n        <p><a href=\"https:\/\/talkpal.ai\/sq\/gramatika\/\">Gramatika<\/a> shqipe mund t\u00eb duket sfiduese n\u00eb fillim, por ve\u00e7orit\u00eb e saj unike e b\u00ebjn\u00eb m\u00ebsimin e gjuh\u00ebs nj\u00eb p\u00ebrvoj\u00eb shp\u00ebrblyese. Duke eksploruar alfabetin, mutacionet dhe rregullat gramatikore, do t\u00eb fitoni njohuri p\u00ebr nj\u00eb tradit\u00eb t\u00eb pasur gjuh\u00ebsore. Filloni udh\u00ebtimin tuaj dhe zbuloni bukurin\u00eb e shqipes!<\/p>\r\n\r\n                            <a class=\"getStartedHidden\" href=\"https:\/\/app.talkpal.ai\/signup?lng=\">Filloni<\/a>\r\n        \r\n    <\/div>\r\n\r\n    <figure>\r\n    <img decoding=\"async\" width=\"768\" height=\"768\" src=\"https:\/\/talkpal.ai\/wp-content\/uploads\/2023\/06\/welsh-768x768.png\" class=\"languageImage no-lazy\" alt=\"Language learning for better cognitive abilities\" fetchpriority=\"high\" sizes=\"(max-width: 768px) 150px, 768px\" srcset=\"https:\/\/talkpal.ai\/wp-content\/uploads\/2023\/06\/welsh-768x768.png 768w, https:\/\/talkpal.ai\/wp-content\/uploads\/2023\/06\/welsh-300x300.png 300w\" \/>\r\n    \r\n\r\n    <\/figure>\r\n\r\n            <a class=\"getStartedVisible\" href=\"https:\/\/app.talkpal.ai\/signup?lng=\">Filloni<\/a>\r\n    \r\n<\/section><section class=\"promotionalBanner\">\r\n    <p class=\"promotionalText\">M\u00ebnyra m\u00eb efikase p\u00ebr t\u00eb m\u00ebsuar nj\u00eb gjuh\u00eb<\/p>\r\n    <a class=\"promotionalLink\" href=\"https:\/\/app.talkpal.ai\/signup?lng=\">Provoni Talkpal falas<\/a>\r\n<\/section>\n<div class=\"wp-block-group pageContainerStyle\"><div class=\"wp-block-group__inner-container is-layout-constrained wp-block-group-is-layout-constrained\">\n<h2 class=\"wp-block-heading\" id=\"h-navigating-the-intricacies-of-albanian-grammar\">Lundrimi n\u00eb nd\u00ebrlikimet e gramatik\u00ebs shqipe<\/h2>\n\n\n\n<p><a href=\"https:\/\/talkpal.ai\/sq\/mesoni-shqip\/\">Shqipja<\/a>, nj\u00eb gjuh\u00eb indoevropiane me nj\u00eb deg\u00eb t\u00eb ve\u00e7ant\u00eb dhe rr\u00ebnj\u00eb t\u00eb thella kulturore, ofron nj\u00eb udh\u00ebtim shp\u00ebrblyes p\u00ebr nx\u00ebn\u00ebsit e t\u00ebrhequr nga <a href=\"https:\/\/talkpal.ai\/sq\/gramatika\/\">gramatika<\/a> dhe sistemi i saj unik i z\u00ebrit. Nd\u00ebrsa eksploroni gjuh\u00ebn shqipe, do t\u00eb zgjeroni paket\u00ebn tuaj gjuh\u00ebsore duke u lidhur me kultur\u00ebn e Shqip\u00ebris\u00eb dhe bot\u00ebs m\u00eb t\u00eb gjer\u00eb shqipfol\u00ebse. Gramatika shqipe mund t\u00eb duket komplekse n\u00eb fillim, por ndarja e saj n\u00eb pjes\u00eb thelb\u00ebsore e b\u00ebn progresin t\u00eb thjesht\u00eb. M\u00eb posht\u00eb \u00ebsht\u00eb nj\u00eb udh\u00ebzues i fokusuar p\u00ebr gj\u00ebrat thelb\u00ebsore, me k\u00ebshilla p\u00ebr t&#8217;ju ndihmuar t&#8217;i zot\u00ebroni ato.<\/p>\n\n\n\n<h3 class=\"wp-block-heading\" id=\"h-1-albanian-alphabet-and-phonetics\">1. Alfabeti shqip dhe fonetika<\/h3>\n\n\n\n<p>Alfabeti <a href=\"https:\/\/talkpal.ai\/learn-albanian\/\">shqip<\/a> ka 36 shkronja, duke p\u00ebrfshir\u00eb disa q\u00eb shkruhen si digraf\u00eb por llogariten si shkronja t\u00eb vetme, si dh, gj, ll, nj, rr, sh, th, xh, zh. <a href=\"https:\/\/talkpal.ai\/speaking-with-ai\/\">Ai<\/a> gjithashtu p\u00ebrdor \u00e7 dhe \u00eb, dhe zanorja y p\u00ebrfaq\u00ebson nj\u00eb tingull t\u00eb rrumbullakosur t\u00eb p\u00ebrparm\u00eb t\u00eb ngusht\u00eb. Kontrasti midis r dhe rr \u00ebsht\u00eb kuptimplot\u00eb, dhe q dhe gj jan\u00eb ndalesa shijale t\u00eb dallueshme nga k dhe g. T\u00eb qenit rehat me k\u00ebto tinguj dhe shkronja p\u00ebrmes leximit me z\u00eb t\u00eb lart\u00eb dhe praktik\u00ebs s\u00eb d\u00ebgjimit \u00ebsht\u00eb nj\u00eb hap i par\u00eb ky\u00e7.<\/p>\n\n\n\n<h3 class=\"wp-block-heading\" id=\"h-2-definite-articles-and-linkers-a-distinctive-albanian-feature\">2. Artikuj t\u00eb caktuar dhe lidh\u00ebs: Nj\u00eb tipar dallues shqiptar<\/h3>\n\n\n\n<p>Nj\u00eb shenj\u00eb dalluese e shqipes \u00ebsht\u00eb prapafiksi i p\u00ebrcaktuar, i cili i bashkangjitet emrave dhe ndryshon sipas gjinis\u00eb dhe numrit. Nj\u00eb tipar tjet\u00ebr i duksh\u00ebm \u00ebsht\u00eb grimca lidh\u00ebse n\u00eb fraz\u00ebn em\u00ebrore, zakonisht i ose e n\u00eb t\u00eb pacaktuar dhe t\u00eb ose s\u00eb n\u00eb kontekstet e caktuara dhe t\u00eb rasteve, e p\u00ebrdorur para mbiemrave dhe disa modifikuesve. T\u00eb kuptuarit se kur dhe si shfaqen p\u00ebrcaktimi dhe lidh\u00ebsi \u00ebsht\u00eb jetik p\u00ebr komunikim t\u00eb sakt\u00eb n\u00eb shqip.<\/p>\n\n\n\n<h3 class=\"wp-block-heading\" id=\"h-3-nouns-and-pronouns-gender-and-cases\">3. Emrat dhe p\u00ebremrat: Gjinia dhe rastet<\/h3>\n\n\n\n<p>Emrat shqiptar\u00eb kan\u00eb gjini gramatikore (mashkullore ose fem\u00ebrore) dhe ndjekin modele t\u00eb ndryshme formimi shum\u00ebs. Gjuha sh\u00ebnon marr\u00ebdh\u00ebniet e rasteve n\u00eb fraz\u00ebn em\u00ebrore, tradicionalisht pes\u00eb raste n\u00eb gjuh\u00ebn standarde. P\u00ebremrat p\u00ebrfshijn\u00eb forma personale, posesive, refleksive, demonstrative dhe pyet\u00ebse, si dhe klitikat e objekteve q\u00eb i bashkangjiten foljes. Njohja me k\u00ebto p\u00ebremra dhe vendosja e <a href=\"https:\/\/talkpal.ai\/locations\/language-courses-in-tyre\/\">tyre<\/a> do t\u00eb p\u00ebrmir\u00ebsoj\u00eb ndjesh\u00ebm t\u00eb kuptuarit tuaj t\u00eb gramatik\u00ebs shqipe.<\/p>\n\n\n\n<h3 class=\"wp-block-heading\" id=\"h-4-verbs-structure-and-conjugation\">4. Foljet: Struktura dhe konjugimi<\/h3>\n\n\n\n<p>Foljet shqipe ndjekin nj\u00eb struktur\u00eb t\u00eb ve\u00e7ant\u00eb dhe model konjugimi n\u00eb var\u00ebsi t\u00eb koh\u00ebs, humorit dhe personit. Koh\u00ebt thelb\u00ebsore p\u00ebrfshijn\u00eb t\u00eb tashmen, t\u00eb kaluar\u00ebn e thjesht\u00eb, t\u00eb pap\u00ebrsosur dhe t\u00eb p\u00ebrsosur t\u00eb p\u00ebrb\u00ebr\u00eb, s\u00eb bashku me t\u00eb ardhmen e formuar me do t\u00eb plus n\u00ebnlidh\u00ebsin. Shqipja gjithashtu p\u00ebrdor gjer\u00ebsisht n\u00ebnlidhivin dhe p\u00ebrfshin humorin e kusht\u00ebzuar dhe <a href=\"https:\/\/talkpal.ai\/ja\/grammar_exercises\/imperatif-%e3%83%95%e3%83%a9%e3%83%b3%e3%82%b9%e3%81%ae%e6%96%87%e6%b3%95%e3%81%ae%e3%81%9f%e3%82%81%e3%81%ae%e6%bc%94%e7%bf%92\/\">imperativ<\/a>. M\u00ebsimi i rregullave t\u00eb konjugimit p\u00ebr foljet e zakonshme do t\u00eb p\u00ebrmir\u00ebsoj\u00eb aft\u00ebsin\u00eb tuaj p\u00ebr t\u00eb komunikuar n\u00eb m\u00ebnyr\u00eb efektive n\u00eb shqip.<\/p>\n\n\n\n<h3 class=\"wp-block-heading\" id=\"h-5-adjectives-agreement-and-placement\">5. Mbiemrat: Marr\u00ebveshja dhe vendosja<\/h3>\n\n\n\n<p>N\u00eb gramatik\u00ebn shqipe, mbiemrat zakonisht ndjekin emrin q\u00eb modifikojn\u00eb dhe bien dakord p\u00ebrmes nj\u00eb grimce lidh\u00ebse q\u00eb tregon gjinin\u00eb dhe num\u00ebrin. Disa mbiemra kan\u00eb modele t\u00eb parregullta krahasuese dhe superlative, dhe krahasuesit shpesh p\u00ebrdorin m\u00eb plus mbiemrin, nd\u00ebrsa superlativat shtojn\u00eb artikullin dakord. Zot\u00ebrimi i marr\u00ebveshjes dhe vendosjes ju ndihmon t\u00eb ting\u00eblloni natyral.<\/p>\n\n\n\n<p><strong>Shembuj:<\/strong><\/p>\n\n\n\n<p><strong>\u2013 dashuri e madhe<\/strong><\/p>\n\n\n\n<p><strong>\u2013 f\u00ebmij\u00eb t\u00eb vegj\u00ebl (f\u00ebmij\u00eb t\u00eb vegj\u00ebl)<\/strong><\/p>\n\n\n\n<h3 class=\"wp-block-heading\" id=\"h-6-engaging-with-the-language\">6. Angazhimi me gjuh\u00ebn<\/h3>\n\n\n\n<p>M\u00ebnyra m\u00eb efektive p\u00ebr t\u00eb kuptuar dhe p\u00ebrvet\u00ebsuar plot\u00ebsisht gramatik\u00ebn shqipe \u00ebsht\u00eb angazhimi i vazhduesh\u00ebm me gjuh\u00ebn. Duke lexuar let\u00ebrsin\u00eb shqipe, duke par\u00eb filma apo seriale televizive shqipe, duke ndjekur lajme dhe podkaste dhe duke komunikuar n\u00eb m\u00ebnyr\u00eb aktive me fol\u00ebsit amtare, ju do t\u00eb p\u00ebrforconi t\u00eb kuptuarit tuaj t\u00eb gramatik\u00ebs duke zgjeruar fjalorin tuaj.<\/p>\n\n\n\n<h3 class=\"wp-block-heading\" id=\"h-conclusion\">P\u00ebrfundimi<\/h3>\n\n\n\n<p>Edhe pse gramatika shqipe mund t\u00eb duket e nd\u00ebrlikuar, ju mund t\u00eb b\u00ebheni t\u00eb aft\u00eb n\u00eb k\u00ebt\u00eb gjuh\u00eb t\u00eb bukur me p\u00ebrkushtim, praktik\u00eb dhe entuziaz\u00ebm. Duke u fokusuar n\u00eb rregullat themelore dhe duke u angazhuar me gjuh\u00ebn n\u00eb kontekste t\u00eb ndryshme, ju do t\u00eb p\u00ebrmir\u00ebsoni <a href=\"https:\/\/talkpal.ai\/sq\/gramatika\/\">shpejt aft\u00ebsit\u00eb tuaja gramatikore<\/a> shqipe. Suksesi n\u00eb udh\u00ebtimin tuaj n\u00eb gjuh\u00ebn shqipe dhe shijoni shpalosjen e bot\u00ebs ekspresive dhe magjeps\u00ebse t\u00eb gramatik\u00ebs shqipe.<\/p>\n<\/div><\/div>\n\r\n<section class=\"learnNavigationSection\">\r\n            \r\n        <a href=\"https:\/\/talkpal.ai\/sq\/mesoni-shqip\/\">\r\n            <div class=\"learnNavigationWrapper\">\r\n                <div class=\"learnNavigationContent\">\r\n                    <img decoding=\"async\" src=\"https:\/\/talkpal.ai\/wp-content\/uploads\/2025\/11\/Albanian.png\" alt=\"Albanian Flag\">\r\n                    <div>\r\n                        <h4>Rreth m\u00ebsimit shqip<\/h4>\r\n                        <p>M\u00ebsoni gjith\u00e7ka rreth gramatik\u00ebs shqipe.<\/p>\r\n                    <\/div>\r\n                <\/div>\r\n            <\/div>\r\n        <\/a>\r\n\r\n        \r\n        <a href=\"https:\/\/talkpal.ai\/sq\/ushtrime-gramatikore-shqipe\/\">\r\n            <div class=\"learnNavigationWrapper\">\r\n                <div class=\"learnNavigationContent\">\r\n                    <img decoding=\"async\" src=\"https:\/\/talkpal.ai\/wp-content\/uploads\/2025\/11\/Albanian.png\" alt=\"Albanian Flag\">\r\n                    <div>\r\n                        <h4>Ushtrimi i gramatik\u00ebs shqipe<\/h4>\r\n                        <p>Praktikoni gramatik\u00ebn shqipe.<\/p>\r\n                    <\/div>\r\n                <\/div>\r\n            <\/div>\r\n        <\/a>\r\n\r\n            <\/section>","protected":false},"excerpt":{"rendered":"<p>Lundrimi n\u00eb nd\u00ebrlikimet e gramatik\u00ebs shqipe Shqipja, nj\u00eb gjuh\u00eb indoevropiane me nj\u00eb deg\u00eb t\u00eb ve\u00e7ant\u00eb dhe rr\u00ebnj\u00eb t\u00eb thella kulturore, ofron nj\u00eb udh\u00ebtim shp\u00ebrblyes p\u00ebr nx\u00ebn\u00ebsit e t\u00ebrhequr nga gramatika dhe sistemi i saj unik i z\u00ebrit. Nd\u00ebrsa eksploroni gjuh\u00ebn shqipe, do t\u00eb zgjeroni paket\u00ebn tuaj gjuh\u00ebsore duke u lidhur me kultur\u00ebn e Shqip\u00ebris\u00eb dhe [&hellip;]<\/p>\n","protected":false},"author":20,"featured_media":0,"parent":0,"menu_order":0,"comment_status":"closed","ping_status":"closed","template":"LearningContentPage.php","meta":{"_acf_changed":false,"footnotes":""},"class_list":["post-1474480","page","type-page","status-publish","hentry"],"acf":[],"yoast_head":"<!-- This site is optimized with the Yoast SEO Premium plugin v27.2 (Yoast SEO v27.2) - https:\/\/yoast.com\/product\/yoast-seo-premium-wordpress\/ -->\n<title>Gramatika shqipe - Talkpal<\/title>\n<meta name=\"description\" content=\"Zot\u00ebroni bazat e gramatik\u00ebs s\u00eb shqipes, duke p\u00ebrfshir\u00eb rasat dhe foljet, me udh\u00ebzuesin interaktiv t\u00eb t\u00eb m\u00ebsuarit t\u00eb gjuh\u00ebve me an\u00eb t\u00eb inteligjenc\u00ebs artificiale t\u00eb Talkpal.\" \/>\n<meta name=\"robots\" content=\"index, follow, max-snippet:-1, max-image-preview:large, max-video-preview:-1\" \/>\n<link rel=\"canonical\" href=\"https:\/\/talkpal.ai\/sq\/gramatika-shqipe\/\" \/>\n<meta property=\"og:locale\" content=\"sq_AL\" \/>\n<meta property=\"og:type\" content=\"article\" \/>\n<meta property=\"og:title\" content=\"Gramatika shqipe\" \/>\n<meta property=\"og:description\" content=\"Lundrimi n\u00eb nd\u00ebrlikimet e gramatik\u00ebs shqipe Shqipja, nj\u00eb gjuh\u00eb indoevropiane me nj\u00eb deg\u00eb t\u00eb ve\u00e7ant\u00eb dhe rr\u00ebnj\u00eb t\u00eb thella kulturore, ofron nj\u00eb udh\u00ebtim\" \/>\n<meta property=\"og:url\" content=\"https:\/\/talkpal.ai\/sq\/gramatika-shqipe\/\" \/>\n<meta property=\"og:site_name\" content=\"Talkpal\" \/>\n<meta property=\"article:publisher\" content=\"https:\/\/www.facebook.com\/profile.php?id=100090733639311\" \/>\n<meta property=\"article:modified_time\" content=\"2025-12-30T15:38:12+00:00\" \/>\n<meta property=\"og:image\" content=\"https:\/\/talkpal.ai\/wp-content\/uploads\/2025\/02\/Progress-tab-16_9.png\" \/>\n\t<meta property=\"og:image:width\" content=\"2880\" \/>\n\t<meta property=\"og:image:height\" content=\"1620\" \/>\n\t<meta property=\"og:image:type\" content=\"image\/png\" \/>\n<meta name=\"twitter:card\" content=\"summary_large_image\" \/>\n<meta name=\"twitter:site\" content=\"@talkpalai\" \/>\n<meta name=\"twitter:label1\" content=\"Est. reading time\" \/>\n\t<meta name=\"twitter:data1\" content=\"4 minutes\" \/>\n<script type=\"application\/ld+json\" class=\"yoast-schema-graph\">{\"@context\":\"https:\/\/schema.org\",\"@graph\":[{\"@type\":\"WebPage\",\"@id\":\"https:\/\/talkpal.ai\/sq\/gramatika-shqipe\/\",\"url\":\"https:\/\/talkpal.ai\/sq\/gramatika-shqipe\/\",\"name\":\"Gramatika shqipe - Talkpal\",\"isPartOf\":{\"@id\":\"https:\/\/talkpal.ai\/sq\/#website\"},\"datePublished\":\"2025-11-11T12:01:19+00:00\",\"dateModified\":\"2025-12-30T15:38:12+00:00\",\"description\":\"Zot\u00ebroni bazat e gramatik\u00ebs s\u00eb shqipes, duke p\u00ebrfshir\u00eb rasat dhe foljet, me udh\u00ebzuesin interaktiv t\u00eb t\u00eb m\u00ebsuarit t\u00eb gjuh\u00ebve me an\u00eb t\u00eb inteligjenc\u00ebs artificiale t\u00eb Talkpal.\",\"breadcrumb\":{\"@id\":\"https:\/\/talkpal.ai\/sq\/gramatika-shqipe\/#breadcrumb\"},\"inLanguage\":\"sq-AL\",\"potentialAction\":[{\"@type\":\"ReadAction\",\"target\":[\"https:\/\/talkpal.ai\/sq\/gramatika-shqipe\/\"]}]},{\"@type\":\"BreadcrumbList\",\"@id\":\"https:\/\/talkpal.ai\/sq\/gramatika-shqipe\/#breadcrumb\",\"itemListElement\":[{\"@type\":\"ListItem\",\"position\":1,\"name\":\"Homepage\",\"item\":\"https:\/\/talkpal.ai\/sq\/\"},{\"@type\":\"ListItem\",\"position\":2,\"name\":\"Gramatika shqipe\"}]},{\"@type\":\"WebSite\",\"@id\":\"https:\/\/talkpal.ai\/sq\/#website\",\"url\":\"https:\/\/talkpal.ai\/sq\/\",\"name\":\"Talkpal\",\"description\":\"AI Language Learning\",\"publisher\":{\"@id\":\"https:\/\/talkpal.ai\/sq\/#organization\"},\"alternateName\":\"Talkpal AI\",\"potentialAction\":[{\"@type\":\"SearchAction\",\"target\":{\"@type\":\"EntryPoint\",\"urlTemplate\":\"https:\/\/talkpal.ai\/sq\/?s={search_term_string}\"},\"query-input\":{\"@type\":\"PropertyValueSpecification\",\"valueRequired\":true,\"valueName\":\"search_term_string\"}}],\"inLanguage\":\"sq-AL\"},{\"@type\":\"Organization\",\"@id\":\"https:\/\/talkpal.ai\/sq\/#organization\",\"name\":\"Talkpal, Inc.\",\"alternateName\":\"Talkpal AI\",\"url\":\"https:\/\/talkpal.ai\/sq\/\",\"logo\":{\"@type\":\"ImageObject\",\"inLanguage\":\"sq-AL\",\"@id\":\"https:\/\/talkpal.ai\/sq\/#\/schema\/logo\/image\/\",\"url\":\"https:\/\/talkpal.ai\/wp-content\/uploads\/2024\/03\/Talkpal-Logo-Icon.png\",\"contentUrl\":\"https:\/\/talkpal.ai\/wp-content\/uploads\/2024\/03\/Talkpal-Logo-Icon.png\",\"width\":2880,\"height\":2880,\"caption\":\"Talkpal, Inc.\"},\"image\":{\"@id\":\"https:\/\/talkpal.ai\/sq\/#\/schema\/logo\/image\/\"},\"sameAs\":[\"https:\/\/www.facebook.com\/profile.php?id=100090733639311\",\"https:\/\/x.com\/talkpalai\",\"https:\/\/www.linkedin.com\/company\/talkpal\/\",\"https:\/\/www.youtube.com\/@TalkPal\/\",\"https:\/\/www.tiktok.com\/@talkpal\",\"https:\/\/www.instagram.com\/talkpal_ai\/\",\"https:\/\/www.crunchbase.com\/organization\/talkpal-9cde\",\"https:\/\/www.g2.com\/products\/talkpal-for-business\/\",\"https:\/\/www.trustpilot.com\/review\/talkpal.ai\",\"https:\/\/www.capterra.com\/p\/10006800\/TalkPal\/\"],\"description\":\"Talkpal is a language learning web and mobile education app, powered by the latest AI technologies, that provides engaging experiences to its customers in many different languages to help them improve their language skills. Users can chat about unlimited amount of topics with the app and use other modes to practice their language learning.\",\"email\":\"support@talkpal.ai\",\"legalName\":\"Talkpal, Inc.\",\"foundingDate\":\"2023-04-03\",\"duns\":\"118989042\",\"numberOfEmployees\":{\"@type\":\"QuantitativeValue\",\"minValue\":\"11\",\"maxValue\":\"50\"},\"publishingPrinciples\":\"https:\/\/talkpal.ai\/publishing-principles\/\",\"actionableFeedbackPolicy\":\"https:\/\/talkpal.ai\/actionable-feedback-policy\/\",\"correctionsPolicy\":\"https:\/\/talkpal.ai\/corrections-policy\/\",\"ethicsPolicy\":\"https:\/\/talkpal.ai\/ethics-policy\/\",\"diversityPolicy\":\"https:\/\/talkpal.ai\/diversity-policy\/\",\"diversityStaffingReport\":\"https:\/\/talkpal.ai\/diversity-policy\/\"}]}<\/script>\n<!-- \/ Yoast SEO Premium plugin. -->","yoast_head_json":{"title":"Gramatika shqipe - Talkpal","description":"Zot\u00ebroni bazat e gramatik\u00ebs s\u00eb shqipes, duke p\u00ebrfshir\u00eb rasat dhe foljet, me udh\u00ebzuesin interaktiv t\u00eb t\u00eb m\u00ebsuarit t\u00eb gjuh\u00ebve me an\u00eb t\u00eb inteligjenc\u00ebs artificiale t\u00eb Talkpal.","robots":{"index":"index","follow":"follow","max-snippet":"max-snippet:-1","max-image-preview":"max-image-preview:large","max-video-preview":"max-video-preview:-1"},"canonical":"https:\/\/talkpal.ai\/sq\/gramatika-shqipe\/","og_locale":"sq_AL","og_type":"article","og_title":"Gramatika shqipe","og_description":"Lundrimi n\u00eb nd\u00ebrlikimet e gramatik\u00ebs shqipe Shqipja, nj\u00eb gjuh\u00eb indoevropiane me nj\u00eb deg\u00eb t\u00eb ve\u00e7ant\u00eb dhe rr\u00ebnj\u00eb t\u00eb thella kulturore, ofron nj\u00eb udh\u00ebtim","og_url":"https:\/\/talkpal.ai\/sq\/gramatika-shqipe\/","og_site_name":"Talkpal","article_publisher":"https:\/\/www.facebook.com\/profile.php?id=100090733639311","article_modified_time":"2025-12-30T15:38:12+00:00","og_image":[{"width":2880,"height":1620,"url":"https:\/\/talkpal.ai\/wp-content\/uploads\/2025\/02\/Progress-tab-16_9.png","type":"image\/png"}],"twitter_card":"summary_large_image","twitter_site":"@talkpalai","twitter_misc":{"Est. reading time":"4 minutes"},"schema":{"@context":"https:\/\/schema.org","@graph":[{"@type":"WebPage","@id":"https:\/\/talkpal.ai\/sq\/gramatika-shqipe\/","url":"https:\/\/talkpal.ai\/sq\/gramatika-shqipe\/","name":"Gramatika shqipe - Talkpal","isPartOf":{"@id":"https:\/\/talkpal.ai\/sq\/#website"},"datePublished":"2025-11-11T12:01:19+00:00","dateModified":"2025-12-30T15:38:12+00:00","description":"Zot\u00ebroni bazat e gramatik\u00ebs s\u00eb shqipes, duke p\u00ebrfshir\u00eb rasat dhe foljet, me udh\u00ebzuesin interaktiv t\u00eb t\u00eb m\u00ebsuarit t\u00eb gjuh\u00ebve me an\u00eb t\u00eb inteligjenc\u00ebs artificiale t\u00eb Talkpal.","breadcrumb":{"@id":"https:\/\/talkpal.ai\/sq\/gramatika-shqipe\/#breadcrumb"},"inLanguage":"sq-AL","potentialAction":[{"@type":"ReadAction","target":["https:\/\/talkpal.ai\/sq\/gramatika-shqipe\/"]}]},{"@type":"BreadcrumbList","@id":"https:\/\/talkpal.ai\/sq\/gramatika-shqipe\/#breadcrumb","itemListElement":[{"@type":"ListItem","position":1,"name":"Homepage","item":"https:\/\/talkpal.ai\/sq\/"},{"@type":"ListItem","position":2,"name":"Gramatika shqipe"}]},{"@type":"WebSite","@id":"https:\/\/talkpal.ai\/sq\/#website","url":"https:\/\/talkpal.ai\/sq\/","name":"Talkpal","description":"AI Language Learning","publisher":{"@id":"https:\/\/talkpal.ai\/sq\/#organization"},"alternateName":"Talkpal AI","potentialAction":[{"@type":"SearchAction","target":{"@type":"EntryPoint","urlTemplate":"https:\/\/talkpal.ai\/sq\/?s={search_term_string}"},"query-input":{"@type":"PropertyValueSpecification","valueRequired":true,"valueName":"search_term_string"}}],"inLanguage":"sq-AL"},{"@type":"Organization","@id":"https:\/\/talkpal.ai\/sq\/#organization","name":"Talkpal, Inc.","alternateName":"Talkpal AI","url":"https:\/\/talkpal.ai\/sq\/","logo":{"@type":"ImageObject","inLanguage":"sq-AL","@id":"https:\/\/talkpal.ai\/sq\/#\/schema\/logo\/image\/","url":"https:\/\/talkpal.ai\/wp-content\/uploads\/2024\/03\/Talkpal-Logo-Icon.png","contentUrl":"https:\/\/talkpal.ai\/wp-content\/uploads\/2024\/03\/Talkpal-Logo-Icon.png","width":2880,"height":2880,"caption":"Talkpal, Inc."},"image":{"@id":"https:\/\/talkpal.ai\/sq\/#\/schema\/logo\/image\/"},"sameAs":["https:\/\/www.facebook.com\/profile.php?id=100090733639311","https:\/\/x.com\/talkpalai","https:\/\/www.linkedin.com\/company\/talkpal\/","https:\/\/www.youtube.com\/@TalkPal\/","https:\/\/www.tiktok.com\/@talkpal","https:\/\/www.instagram.com\/talkpal_ai\/","https:\/\/www.crunchbase.com\/organization\/talkpal-9cde","https:\/\/www.g2.com\/products\/talkpal-for-business\/","https:\/\/www.trustpilot.com\/review\/talkpal.ai","https:\/\/www.capterra.com\/p\/10006800\/TalkPal\/"],"description":"Talkpal is a language learning web and mobile education app, powered by the latest AI technologies, that provides engaging experiences to its customers in many different languages to help them improve their language skills. Users can chat about unlimited amount of topics with the app and use other modes to practice their language learning.","email":"support@talkpal.ai","legalName":"Talkpal, Inc.","foundingDate":"2023-04-03","duns":"118989042","numberOfEmployees":{"@type":"QuantitativeValue","minValue":"11","maxValue":"50"},"publishingPrinciples":"https:\/\/talkpal.ai\/publishing-principles\/","actionableFeedbackPolicy":"https:\/\/talkpal.ai\/actionable-feedback-policy\/","correctionsPolicy":"https:\/\/talkpal.ai\/corrections-policy\/","ethicsPolicy":"https:\/\/talkpal.ai\/ethics-policy\/","diversityPolicy":"https:\/\/talkpal.ai\/diversity-policy\/","diversityStaffingReport":"https:\/\/talkpal.ai\/diversity-policy\/"}]}},"_links":{"self":[{"href":"https:\/\/talkpal.ai\/sq\/wp-json\/wp\/v2\/pages\/1474480","targetHints":{"allow":["GET"]}}],"collection":[{"href":"https:\/\/talkpal.ai\/sq\/wp-json\/wp\/v2\/pages"}],"about":[{"href":"https:\/\/talkpal.ai\/sq\/wp-json\/wp\/v2\/types\/page"}],"author":[{"embeddable":true,"href":"https:\/\/talkpal.ai\/sq\/wp-json\/wp\/v2\/users\/20"}],"replies":[{"embeddable":true,"href":"https:\/\/talkpal.ai\/sq\/wp-json\/wp\/v2\/comments?post=1474480"}],"version-history":[{"count":0,"href":"https:\/\/talkpal.ai\/sq\/wp-json\/wp\/v2\/pages\/1474480\/revisions"}],"wp:attachment":[{"href":"https:\/\/talkpal.ai\/sq\/wp-json\/wp\/v2\/media?parent=1474480"}],"curies":[{"name":"wp","href":"https:\/\/api.w.org\/{rel}","templated":true}]}}