{"id":1474364,"date":"2025-11-12T17:00:53","date_gmt":"2025-11-12T17:00:53","guid":{"rendered":"https:\/\/talkpal.ai\/ushtrime-gramatikore-somaleze\/"},"modified":"2025-12-30T11:15:40","modified_gmt":"2025-12-30T11:15:40","slug":"ushtrime-gramatikore-somaleze","status":"publish","type":"page","link":"https:\/\/talkpal.ai\/sq\/ushtrime-gramatikore-somaleze\/","title":{"rendered":"Ushtrime gramatikore somaleze"},"content":{"rendered":"\r\n\r\n\r\n<section class=\"languageChallengeSection\">\r\n    <div class=\"languageInfoWrapper\">\r\n        \r\n        <h1>Ushtrime gramatikore somaleze<\/h1>\r\n        <p>Gati p\u00ebr t&#039;u zhytur n\u00eb gramatik\u00ebn somaleze? Praktikimi i disa bazave do t&#039;ju ndihmoj\u00eb t\u00eb rehatoheni me k\u00ebt\u00eb gjuh\u00eb unike dhe t\u00eb bukur. Provoni k\u00ebto ushtrime p\u00ebr t\u00eb nd\u00ebrtuar besimin tuaj dhe p\u00ebr t&#039;u arg\u00ebtuar gjat\u00eb rrug\u00ebs!<\/p>\r\n\r\n                            <a class=\"getStartedHidden\" href=\"https:\/\/app.talkpal.ai\/signup?lng=\">Filloni<\/a>\r\n        \r\n    <\/div>\r\n\r\n    <figure>\r\n    <img decoding=\"async\" width=\"768\" height=\"768\" src=\"https:\/\/talkpal.ai\/wp-content\/uploads\/2023\/06\/welsh-768x768.png\" class=\"languageImage no-lazy\" alt=\"Language learning for better cognitive abilities\" fetchpriority=\"high\" sizes=\"(max-width: 768px) 150px, 768px\" srcset=\"https:\/\/talkpal.ai\/wp-content\/uploads\/2023\/06\/welsh-768x768.png 768w, https:\/\/talkpal.ai\/wp-content\/uploads\/2023\/06\/welsh-300x300.png 300w\" \/>\r\n    \r\n\r\n    <\/figure>\r\n\r\n            <a class=\"getStartedVisible\" href=\"https:\/\/app.talkpal.ai\/signup?lng=\">Filloni<\/a>\r\n    \r\n<\/section><section class=\"promotionalBanner\">\r\n    <p class=\"promotionalText\">M\u00ebnyra m\u00eb efikase p\u00ebr t\u00eb m\u00ebsuar nj\u00eb gjuh\u00eb<\/p>\r\n    <a class=\"promotionalLink\" href=\"https:\/\/app.talkpal.ai\/signup?lng=\">Provoni Talkpal falas<\/a>\r\n<\/section>\n<div class=\"wp-block-group pageContainerStyle\"><div class=\"wp-block-group__inner-container is-layout-constrained wp-block-group-is-layout-constrained\">\n<h2 class=\"wp-block-heading\" id=\"h-somali-grammar-topics\">Temat e gramatik\u00ebs somaleze<\/h2>\n\n\n\n<p><a href=\"https:\/\/talkpal.ai\/sq\/gabimet-me-te-medha-qe-duhen-shmangur-kur-mesoni-nje-gjuhe-te-re\/\">M\u00ebsimi i nj\u00eb gjuhe t\u00eb re<\/a> mund t\u00eb jet\u00eb nj\u00eb p\u00ebrpjekje sfiduese por shp\u00ebrblyese. <a href=\"https:\/\/talkpal.ai\/learn-somali\/\">Somali<\/a>, nj\u00eb gjuh\u00eb kushitike e folur kryesisht n\u00eb Somali dhe n\u00eb t\u00eb gjith\u00eb Bririn e Afrik\u00ebs dhe diaspor\u00ebn, nuk b\u00ebn p\u00ebrjashtim. Me ve\u00e7orit\u00eb dhe strukturat e tij unike, <a href=\"https:\/\/talkpal.ai\/sq\/talkpal-per-arsimin\/\">m\u00ebsimi<\/a> i somalishtes k\u00ebrkon nj\u00eb qasje sistematike p\u00ebr t\u00eb kuptuar gramatik\u00ebn e saj. Ky udh\u00ebzues p\u00ebrshkruan fushat kryesore t\u00eb<a href=\"https:\/\/talkpal.ai\/sq\/gramatika-somaleze\/\"> gramatik\u00ebs somaleze<\/a> n\u00eb nj\u00eb sekuenc\u00eb logjike p\u00ebr <a href=\"https:\/\/talkpal.ai\/sq\/talkpal-per-arsimin\/\">m\u00ebsimin e gjuh\u00ebs<\/a>, duke filluar nga bazat si emrat dhe artikujt, dhe duke p\u00ebrparuar n\u00eb fusha m\u00eb komplekse si koh\u00ebt dhe nd\u00ebrtimi i fjalive.<\/p>\n\n\n\n<h3 class=\"wp-block-heading\" id=\"h-1-nouns\">1. Emrat:<\/h3>\n\n\n\n<p>Filloni udh\u00ebtimin tuaj n\u00eb gjuh\u00ebn somaleze duke m\u00ebsuar emrat. Kjo p\u00ebrfshin t\u00eb kuptuarit e kategorive t\u00eb ndryshme t\u00eb emrave si emrat e zakonsh\u00ebm dhe t\u00eb duhur, gjinin\u00eb e <a href=\"https:\/\/talkpal.ai\/locations\/language-courses-in-tyre\/\">tyre<\/a> gramatikore dhe format e tyre shum\u00ebs me prapashtesa t\u00eb p\u00ebrbashk\u00ebta dhe modele t\u00eb parregullta.<\/p>\n\n\n\n<h3 class=\"wp-block-heading\" id=\"h-2-articles\">2. Artikujt:<\/h3>\n\n\n\n<p>Artikujt n\u00eb gjuh\u00ebn somaleze p\u00ebrdoren ndryshe nga n\u00eb <a href=\"https:\/\/talkpal.ai\/ai-english-speaking-practice\/\">anglisht<\/a>. Somalishtja p\u00ebrdor nj\u00eb prapashtes\u00eb artikull t\u00eb caktuar, zakonisht -ka ose -ta dhe -ga ose -da, i cili i bashkangjitet fjal\u00ebs s\u00eb fundit n\u00eb nj\u00eb fraz\u00eb em\u00ebrore, nd\u00ebrsa pap\u00ebrcaktuaria zakonisht shprehet me emrin e zhveshur ose fjal\u00ebt si mid ose hal.<\/p>\n\n\n\n<h3 class=\"wp-block-heading\" id=\"h-3-adjectives\">3. Mbiemra:<\/h3>\n\n\n\n<p>Mbiemrat n\u00eb somalisht ndjekin emrat e tyre, gj\u00eb q\u00eb \u00ebsht\u00eb e ndryshme nga anglishtja. Ata bien dakord n\u00eb gjini dhe num\u00ebr dhe shpesh mbajn\u00eb prapashtes\u00ebn e caktuar kur fraza em\u00ebrore \u00ebsht\u00eb e caktuar; m\u00ebsoni <a href=\"https:\/\/talkpal.ai\/culture\/what-is-the-difference-between-se-and-si\/\">se si<\/a> t\u00eb formoni krahasime dhe superlativa me ka &#8230; Badan dhe Ugu &#8230; Badan.<\/p>\n\n\n\n<h3 class=\"wp-block-heading\" id=\"h-4-pronouns-determiners\">4. P\u00ebremrat\/p\u00ebrcaktuesit:<\/h3>\n\n\n\n<p>P\u00ebremrat dhe p\u00ebrcaktuesit jan\u00eb thelb\u00ebsor\u00eb n\u00eb Somali; ato z\u00ebvend\u00ebsojn\u00eb emrat dhe japin informacion <a href=\"https:\/\/talkpal.ai\/sq\/rreth\/\">rreth<\/a> sasis\u00eb, posedimit dhe m\u00eb shum\u00eb. M\u00ebsoni p\u00ebremrat e pavarur, demonstrativ\u00ebt si kan, tan, kuwaas, kuantifikues si qaar dhe badan, dhe mbaresat pron\u00ebsore si -kayga dhe -tayda t\u00eb bashkangjitura me emra t\u00eb caktuar.<\/p>\n\n\n\n<h3 class=\"wp-block-heading\" id=\"h-5-verbs\">5. Foljet:<\/h3>\n\n\n\n<p>Foljet somaleze kan\u00eb forma t\u00eb ndryshme n\u00eb var\u00ebsi t\u00eb koh\u00ebs, aspektit dhe humorit. Filloni me format e tanishme si -aa e zakonshme dhe progresive -ayaa, pastaj eksploroni format e kaluara dhe m\u00ebnyrat p\u00ebr t\u00eb shprehur t\u00eb ardhmen, s\u00eb bashku me sh\u00ebnuesit e p\u00ebrbashk\u00ebt t\u00eb subjekteve dhe mohimin me ma.<\/p>\n\n\n\n<h3 class=\"wp-block-heading\" id=\"h-6-tenses\">6. Koh\u00ebt:<\/h3>\n\n\n\n<p>Pasi t\u00eb zot\u00ebroni format e foljeve, thellohuni m\u00eb thell\u00eb n\u00eb koh\u00ebt dhe aspektet somaleze. Kjo p\u00ebrfshin t\u00eb kuptuarit e zakonsh\u00ebm t\u00eb tashmen, t\u00eb tashmen progresive, t\u00eb kaluar\u00ebn e thjesht\u00eb, progresive t\u00eb s\u00eb kaluar\u00ebs dhe m\u00ebnyrat p\u00ebr t\u00eb shprehur koh\u00ebn e ardhshme me ndajfoljet doon dhe kohore, si dhe rolet e grimcave si waa, baa dhe ayaa.<\/p>\n\n\n\n<h3 class=\"wp-block-heading\" id=\"h-7-tense-comparison\">7. Krahasimi i tensionit:<\/h3>\n\n\n\n<p>Krahasimi i koh\u00ebve n\u00eb somalisht ndihmon n\u00eb t\u00eb kuptuarit e sekuenc\u00ebs s\u00eb ngjarjeve. Krahasimi i s\u00eb nj\u00ebjt\u00ebs folje n\u00eb format e zakonshme, progresive, t\u00eb kaluara dhe t\u00eb ardhshme do t\u00eb siguroj\u00eb nj\u00eb kuptim m\u00eb t\u00eb mir\u00eb se si prapashtesat dhe grimcat ndryshojn\u00eb kuptimin n\u00eb kontekst.<\/p>\n\n\n\n<h3 class=\"wp-block-heading\" id=\"h-8-progressive\">8. Progresive:<\/h3>\n\n\n\n<p>Koha progresive n\u00eb somalisht p\u00ebrdoret p\u00ebr t\u00eb shprehur veprimet e vazhdueshme. \u00cbsht\u00eb formuar me rrjedh\u00ebn e foljes plus -ayaa dhe sh\u00ebnuesit e duhur t\u00eb l\u00ebnd\u00ebs, p\u00ebr shembull waan akhriyayaa p\u00ebr un\u00eb po lexoj.<\/p>\n\n\n\n<h3 class=\"wp-block-heading\" id=\"h-9-perfect-progressive\">9. Progresiv i p\u00ebrsosur:<\/h3>\n\n\n\n<p>Ky koh\u00eb p\u00ebrdoret p\u00ebr t\u00eb shprehur veprime q\u00eb kan\u00eb vazhduar deri n\u00eb nj\u00eb pik\u00eb t\u00eb caktuar. N\u00eb somalisht, zakonisht shprehet me t\u00eb kaluar\u00ebn progresive -ayay s\u00eb bashku me shprehjet kohore si tan <a href=\"https:\/\/talkpal.ai\/locations\/language-courses-in-iyo\/\">iyo<\/a> dhe ilaa ose me nd\u00ebrtime si ku jiray plus nj\u00eb em\u00ebr verbal.<\/p>\n\n\n\n<h3 class=\"wp-block-heading\" id=\"h-10-conditionals\">10. Kusht\u00ebzuese:<\/h3>\n\n\n\n<p>Kusht\u00ebzimet shprehin situata hipotetike dhe rezultatet e tyre t\u00eb mundshme. Ata zakonisht p\u00ebrdorin lidhjen haddii me form\u00ebn e foljes n\u00ebnlidh\u00ebse, dhe mohimi shfaqet me forma si uusan ose aadan sipas rastit.<\/p>\n\n\n\n<h3 class=\"wp-block-heading\" id=\"h-11-adverbs\">11. Ndajfoljet:<\/h3>\n\n\n\n<p>Ndajfoljet n\u00eb somalisht modifikojn\u00eb foljet, mbiemrat ose ndajfoljet e tjera. Ato japin informacion n\u00eb lidhje me m\u00ebnyr\u00ebn, vendin, koh\u00ebn, shkall\u00ebn dhe m\u00eb shum\u00eb, shpesh t\u00eb formuara me si p\u00ebr m\u00ebnyr\u00ebn dhe duke p\u00ebrfshir\u00eb artikuj t\u00eb zakonsh\u00ebm si hadda, <a href=\"https:\/\/talkpal.ai\/talkpal-new-years-discount\/\">berri<\/a>, halkaa dhe aad.<\/p>\n\n\n\n<h3 class=\"wp-block-heading\" id=\"h-12-prepositions\">12. Parafjal\u00ebt:<\/h3>\n\n\n\n<p>Parafjal\u00ebt lidhin fjal\u00ebt dhe frazat s\u00eb bashku. Somalishtja p\u00ebrdor artikuj si ku n\u00eb ose at, ka nga, u n\u00eb ose p\u00ebr, la me dhe dhex nd\u00ebrmjet, t\u00eb cilat kombinohen me prapashtesa pronominale si igu, kaa dhe ugu.<\/p>\n\n\n\n<h3 class=\"wp-block-heading\" id=\"h-13-sentences\">13. Fjalit\u00eb:<\/h3>\n\n\n\n<p>S\u00eb fundi, praktikoni nd\u00ebrtimin e fjalive. Kjo do t\u00eb p\u00ebrfshij\u00eb p\u00ebrdorimin e t\u00eb gjitha pikave gramatikore t\u00eb m\u00ebsuara m\u00eb par\u00eb n\u00eb kontekst, duke v\u00ebn\u00eb n\u00eb dukje se somalishtja priret drejt rendit p\u00ebrfundimtar t\u00eb foljeve dhe p\u00ebrdor sh\u00ebnues t\u00eb fokusit dhe tem\u00ebs si waa, baa dhe ayaa, me mohimin e sh\u00ebnuar nga ma.<\/p>\n<\/div><\/div>\n\r\n<section class=\"learnNavigationSection\">\r\n            \r\n        <a href=\"https:\/\/talkpal.ai\/sq\/mesoni-somalisht\/\">\r\n            <div class=\"learnNavigationWrapper\">\r\n                <div class=\"learnNavigationContent\">\r\n                    <img decoding=\"async\" src=\"https:\/\/talkpal.ai\/wp-content\/uploads\/2025\/11\/Somali.png\" alt=\"Somalian Flag\">\r\n                    <div>\r\n                        <h4>Rreth m\u00ebsimit somalez<\/h4>\r\n                        <p>Zbuloni gjith\u00e7ka rreth gramatik\u00ebs somaleze.<\/p>\r\n                    <\/div>\r\n                <\/div>\r\n            <\/div>\r\n        <\/a>\r\n\r\n        \r\n        <a href=\"https:\/\/talkpal.ai\/sq\/gramatika-somaleze\/\">\r\n            <div class=\"learnNavigationWrapper\">\r\n                <div class=\"learnNavigationContent\">\r\n                    <img decoding=\"async\" src=\"https:\/\/talkpal.ai\/wp-content\/uploads\/2025\/11\/Somali.png\" alt=\"Somalian Flag\">\r\n                    <div>\r\n                        <h4>M\u00ebsime gramatikore somaleze<\/h4>\r\n                        <p>Praktikoni gramatik\u00ebn somaleze.<\/p>\r\n                    <\/div>\r\n                <\/div>\r\n            <\/div>\r\n        <\/a>\r\n\r\n            <\/section>","protected":false},"excerpt":{"rendered":"<p>Temat e gramatik\u00ebs somaleze M\u00ebsimi i nj\u00eb gjuhe t\u00eb re mund t\u00eb jet\u00eb nj\u00eb p\u00ebrpjekje sfiduese por shp\u00ebrblyese. Somali, nj\u00eb gjuh\u00eb kushitike e folur kryesisht n\u00eb Somali dhe n\u00eb t\u00eb gjith\u00eb Bririn e Afrik\u00ebs dhe diaspor\u00ebn, nuk b\u00ebn p\u00ebrjashtim. Me ve\u00e7orit\u00eb dhe strukturat e tij unike, m\u00ebsimi i somalishtes k\u00ebrkon nj\u00eb qasje sistematike p\u00ebr t\u00eb [&hellip;]<\/p>\n","protected":false},"author":20,"featured_media":0,"parent":0,"menu_order":0,"comment_status":"closed","ping_status":"closed","template":"LearningContentPage.php","meta":{"_acf_changed":false,"footnotes":""},"class_list":["post-1474364","page","type-page","status-publish","hentry"],"acf":[],"yoast_head":"<!-- This site is optimized with the Yoast SEO Premium plugin v27.2 (Yoast SEO v27.2) - https:\/\/yoast.com\/product\/yoast-seo-premium-wordpress\/ -->\n<title>Ushtrime gramatikore somaleze - Talkpal<\/title>\n<meta name=\"description\" content=\"Zot\u00ebroni gramatik\u00ebn somalisht me ushtrimet tona gjith\u00ebp\u00ebrfshir\u00ebse q\u00eb mbulojn\u00eb emrat, foljet dhe koh\u00ebt p\u00ebr nj\u00eb m\u00ebsim efektiv t\u00eb gjuh\u00ebs.\" \/>\n<meta name=\"robots\" content=\"index, follow, max-snippet:-1, max-image-preview:large, max-video-preview:-1\" \/>\n<link rel=\"canonical\" href=\"https:\/\/talkpal.ai\/sq\/ushtrime-gramatikore-somaleze\/\" \/>\n<meta property=\"og:locale\" content=\"sq_AL\" \/>\n<meta property=\"og:type\" content=\"article\" \/>\n<meta property=\"og:title\" content=\"Ushtrime gramatikore somaleze\" \/>\n<meta property=\"og:description\" content=\"Temat e gramatik\u00ebs somaleze M\u00ebsimi i nj\u00eb gjuhe t\u00eb re mund t\u00eb jet\u00eb nj\u00eb p\u00ebrpjekje sfiduese por shp\u00ebrblyese. Somali, nj\u00eb gjuh\u00eb kushitike e folur kryesisht n\u00eb\" \/>\n<meta property=\"og:url\" content=\"https:\/\/talkpal.ai\/sq\/ushtrime-gramatikore-somaleze\/\" \/>\n<meta property=\"og:site_name\" content=\"Talkpal\" \/>\n<meta property=\"article:publisher\" content=\"https:\/\/www.facebook.com\/profile.php?id=100090733639311\" \/>\n<meta property=\"article:modified_time\" content=\"2025-12-30T11:15:40+00:00\" \/>\n<meta property=\"og:image\" content=\"https:\/\/talkpal.ai\/wp-content\/uploads\/2025\/02\/Progress-tab-16_9.png\" \/>\n\t<meta property=\"og:image:width\" content=\"2880\" \/>\n\t<meta property=\"og:image:height\" content=\"1620\" \/>\n\t<meta property=\"og:image:type\" content=\"image\/png\" \/>\n<meta name=\"twitter:card\" content=\"summary_large_image\" \/>\n<meta name=\"twitter:site\" content=\"@talkpalai\" \/>\n<meta name=\"twitter:label1\" content=\"Est. reading time\" \/>\n\t<meta name=\"twitter:data1\" content=\"4 minutes\" \/>\n<script type=\"application\/ld+json\" class=\"yoast-schema-graph\">{\"@context\":\"https:\/\/schema.org\",\"@graph\":[{\"@type\":\"WebPage\",\"@id\":\"https:\/\/talkpal.ai\/sq\/ushtrime-gramatikore-somaleze\/\",\"url\":\"https:\/\/talkpal.ai\/sq\/ushtrime-gramatikore-somaleze\/\",\"name\":\"Ushtrime gramatikore somaleze - Talkpal\",\"isPartOf\":{\"@id\":\"https:\/\/talkpal.ai\/sq\/#website\"},\"datePublished\":\"2025-11-12T17:00:53+00:00\",\"dateModified\":\"2025-12-30T11:15:40+00:00\",\"description\":\"Zot\u00ebroni gramatik\u00ebn somalisht me ushtrimet tona gjith\u00ebp\u00ebrfshir\u00ebse q\u00eb mbulojn\u00eb emrat, foljet dhe koh\u00ebt p\u00ebr nj\u00eb m\u00ebsim efektiv t\u00eb gjuh\u00ebs.\",\"breadcrumb\":{\"@id\":\"https:\/\/talkpal.ai\/sq\/ushtrime-gramatikore-somaleze\/#breadcrumb\"},\"inLanguage\":\"sq-AL\",\"potentialAction\":[{\"@type\":\"ReadAction\",\"target\":[\"https:\/\/talkpal.ai\/sq\/ushtrime-gramatikore-somaleze\/\"]}]},{\"@type\":\"BreadcrumbList\",\"@id\":\"https:\/\/talkpal.ai\/sq\/ushtrime-gramatikore-somaleze\/#breadcrumb\",\"itemListElement\":[{\"@type\":\"ListItem\",\"position\":1,\"name\":\"Homepage\",\"item\":\"https:\/\/talkpal.ai\/sq\/\"},{\"@type\":\"ListItem\",\"position\":2,\"name\":\"Ushtrime gramatikore somaleze\"}]},{\"@type\":\"WebSite\",\"@id\":\"https:\/\/talkpal.ai\/sq\/#website\",\"url\":\"https:\/\/talkpal.ai\/sq\/\",\"name\":\"Talkpal\",\"description\":\"AI Language Learning\",\"publisher\":{\"@id\":\"https:\/\/talkpal.ai\/sq\/#organization\"},\"alternateName\":\"Talkpal AI\",\"potentialAction\":[{\"@type\":\"SearchAction\",\"target\":{\"@type\":\"EntryPoint\",\"urlTemplate\":\"https:\/\/talkpal.ai\/sq\/?s={search_term_string}\"},\"query-input\":{\"@type\":\"PropertyValueSpecification\",\"valueRequired\":true,\"valueName\":\"search_term_string\"}}],\"inLanguage\":\"sq-AL\"},{\"@type\":\"Organization\",\"@id\":\"https:\/\/talkpal.ai\/sq\/#organization\",\"name\":\"Talkpal, Inc.\",\"alternateName\":\"Talkpal AI\",\"url\":\"https:\/\/talkpal.ai\/sq\/\",\"logo\":{\"@type\":\"ImageObject\",\"inLanguage\":\"sq-AL\",\"@id\":\"https:\/\/talkpal.ai\/sq\/#\/schema\/logo\/image\/\",\"url\":\"https:\/\/talkpal.ai\/wp-content\/uploads\/2024\/03\/Talkpal-Logo-Icon.png\",\"contentUrl\":\"https:\/\/talkpal.ai\/wp-content\/uploads\/2024\/03\/Talkpal-Logo-Icon.png\",\"width\":2880,\"height\":2880,\"caption\":\"Talkpal, Inc.\"},\"image\":{\"@id\":\"https:\/\/talkpal.ai\/sq\/#\/schema\/logo\/image\/\"},\"sameAs\":[\"https:\/\/www.facebook.com\/profile.php?id=100090733639311\",\"https:\/\/x.com\/talkpalai\",\"https:\/\/www.linkedin.com\/company\/talkpal\/\",\"https:\/\/www.youtube.com\/@TalkPal\/\",\"https:\/\/www.tiktok.com\/@talkpal\",\"https:\/\/www.instagram.com\/talkpal_ai\/\",\"https:\/\/www.crunchbase.com\/organization\/talkpal-9cde\",\"https:\/\/www.g2.com\/products\/talkpal-for-business\/\",\"https:\/\/www.trustpilot.com\/review\/talkpal.ai\",\"https:\/\/www.capterra.com\/p\/10006800\/TalkPal\/\"],\"description\":\"Talkpal is a language learning web and mobile education app, powered by the latest AI technologies, that provides engaging experiences to its customers in many different languages to help them improve their language skills. Users can chat about unlimited amount of topics with the app and use other modes to practice their language learning.\",\"email\":\"support@talkpal.ai\",\"legalName\":\"Talkpal, Inc.\",\"foundingDate\":\"2023-04-03\",\"duns\":\"118989042\",\"numberOfEmployees\":{\"@type\":\"QuantitativeValue\",\"minValue\":\"11\",\"maxValue\":\"50\"},\"publishingPrinciples\":\"https:\/\/talkpal.ai\/publishing-principles\/\",\"actionableFeedbackPolicy\":\"https:\/\/talkpal.ai\/actionable-feedback-policy\/\",\"correctionsPolicy\":\"https:\/\/talkpal.ai\/corrections-policy\/\",\"ethicsPolicy\":\"https:\/\/talkpal.ai\/ethics-policy\/\",\"diversityPolicy\":\"https:\/\/talkpal.ai\/diversity-policy\/\",\"diversityStaffingReport\":\"https:\/\/talkpal.ai\/diversity-policy\/\"}]}<\/script>\n<!-- \/ Yoast SEO Premium plugin. -->","yoast_head_json":{"title":"Ushtrime gramatikore somaleze - Talkpal","description":"Zot\u00ebroni gramatik\u00ebn somalisht me ushtrimet tona gjith\u00ebp\u00ebrfshir\u00ebse q\u00eb mbulojn\u00eb emrat, foljet dhe koh\u00ebt p\u00ebr nj\u00eb m\u00ebsim efektiv t\u00eb gjuh\u00ebs.","robots":{"index":"index","follow":"follow","max-snippet":"max-snippet:-1","max-image-preview":"max-image-preview:large","max-video-preview":"max-video-preview:-1"},"canonical":"https:\/\/talkpal.ai\/sq\/ushtrime-gramatikore-somaleze\/","og_locale":"sq_AL","og_type":"article","og_title":"Ushtrime gramatikore somaleze","og_description":"Temat e gramatik\u00ebs somaleze M\u00ebsimi i nj\u00eb gjuhe t\u00eb re mund t\u00eb jet\u00eb nj\u00eb p\u00ebrpjekje sfiduese por shp\u00ebrblyese. Somali, nj\u00eb gjuh\u00eb kushitike e folur kryesisht n\u00eb","og_url":"https:\/\/talkpal.ai\/sq\/ushtrime-gramatikore-somaleze\/","og_site_name":"Talkpal","article_publisher":"https:\/\/www.facebook.com\/profile.php?id=100090733639311","article_modified_time":"2025-12-30T11:15:40+00:00","og_image":[{"width":2880,"height":1620,"url":"https:\/\/talkpal.ai\/wp-content\/uploads\/2025\/02\/Progress-tab-16_9.png","type":"image\/png"}],"twitter_card":"summary_large_image","twitter_site":"@talkpalai","twitter_misc":{"Est. reading time":"4 minutes"},"schema":{"@context":"https:\/\/schema.org","@graph":[{"@type":"WebPage","@id":"https:\/\/talkpal.ai\/sq\/ushtrime-gramatikore-somaleze\/","url":"https:\/\/talkpal.ai\/sq\/ushtrime-gramatikore-somaleze\/","name":"Ushtrime gramatikore somaleze - Talkpal","isPartOf":{"@id":"https:\/\/talkpal.ai\/sq\/#website"},"datePublished":"2025-11-12T17:00:53+00:00","dateModified":"2025-12-30T11:15:40+00:00","description":"Zot\u00ebroni gramatik\u00ebn somalisht me ushtrimet tona gjith\u00ebp\u00ebrfshir\u00ebse q\u00eb mbulojn\u00eb emrat, foljet dhe koh\u00ebt p\u00ebr nj\u00eb m\u00ebsim efektiv t\u00eb gjuh\u00ebs.","breadcrumb":{"@id":"https:\/\/talkpal.ai\/sq\/ushtrime-gramatikore-somaleze\/#breadcrumb"},"inLanguage":"sq-AL","potentialAction":[{"@type":"ReadAction","target":["https:\/\/talkpal.ai\/sq\/ushtrime-gramatikore-somaleze\/"]}]},{"@type":"BreadcrumbList","@id":"https:\/\/talkpal.ai\/sq\/ushtrime-gramatikore-somaleze\/#breadcrumb","itemListElement":[{"@type":"ListItem","position":1,"name":"Homepage","item":"https:\/\/talkpal.ai\/sq\/"},{"@type":"ListItem","position":2,"name":"Ushtrime gramatikore somaleze"}]},{"@type":"WebSite","@id":"https:\/\/talkpal.ai\/sq\/#website","url":"https:\/\/talkpal.ai\/sq\/","name":"Talkpal","description":"AI Language Learning","publisher":{"@id":"https:\/\/talkpal.ai\/sq\/#organization"},"alternateName":"Talkpal AI","potentialAction":[{"@type":"SearchAction","target":{"@type":"EntryPoint","urlTemplate":"https:\/\/talkpal.ai\/sq\/?s={search_term_string}"},"query-input":{"@type":"PropertyValueSpecification","valueRequired":true,"valueName":"search_term_string"}}],"inLanguage":"sq-AL"},{"@type":"Organization","@id":"https:\/\/talkpal.ai\/sq\/#organization","name":"Talkpal, Inc.","alternateName":"Talkpal AI","url":"https:\/\/talkpal.ai\/sq\/","logo":{"@type":"ImageObject","inLanguage":"sq-AL","@id":"https:\/\/talkpal.ai\/sq\/#\/schema\/logo\/image\/","url":"https:\/\/talkpal.ai\/wp-content\/uploads\/2024\/03\/Talkpal-Logo-Icon.png","contentUrl":"https:\/\/talkpal.ai\/wp-content\/uploads\/2024\/03\/Talkpal-Logo-Icon.png","width":2880,"height":2880,"caption":"Talkpal, Inc."},"image":{"@id":"https:\/\/talkpal.ai\/sq\/#\/schema\/logo\/image\/"},"sameAs":["https:\/\/www.facebook.com\/profile.php?id=100090733639311","https:\/\/x.com\/talkpalai","https:\/\/www.linkedin.com\/company\/talkpal\/","https:\/\/www.youtube.com\/@TalkPal\/","https:\/\/www.tiktok.com\/@talkpal","https:\/\/www.instagram.com\/talkpal_ai\/","https:\/\/www.crunchbase.com\/organization\/talkpal-9cde","https:\/\/www.g2.com\/products\/talkpal-for-business\/","https:\/\/www.trustpilot.com\/review\/talkpal.ai","https:\/\/www.capterra.com\/p\/10006800\/TalkPal\/"],"description":"Talkpal is a language learning web and mobile education app, powered by the latest AI technologies, that provides engaging experiences to its customers in many different languages to help them improve their language skills. Users can chat about unlimited amount of topics with the app and use other modes to practice their language learning.","email":"support@talkpal.ai","legalName":"Talkpal, Inc.","foundingDate":"2023-04-03","duns":"118989042","numberOfEmployees":{"@type":"QuantitativeValue","minValue":"11","maxValue":"50"},"publishingPrinciples":"https:\/\/talkpal.ai\/publishing-principles\/","actionableFeedbackPolicy":"https:\/\/talkpal.ai\/actionable-feedback-policy\/","correctionsPolicy":"https:\/\/talkpal.ai\/corrections-policy\/","ethicsPolicy":"https:\/\/talkpal.ai\/ethics-policy\/","diversityPolicy":"https:\/\/talkpal.ai\/diversity-policy\/","diversityStaffingReport":"https:\/\/talkpal.ai\/diversity-policy\/"}]}},"_links":{"self":[{"href":"https:\/\/talkpal.ai\/sq\/wp-json\/wp\/v2\/pages\/1474364","targetHints":{"allow":["GET"]}}],"collection":[{"href":"https:\/\/talkpal.ai\/sq\/wp-json\/wp\/v2\/pages"}],"about":[{"href":"https:\/\/talkpal.ai\/sq\/wp-json\/wp\/v2\/types\/page"}],"author":[{"embeddable":true,"href":"https:\/\/talkpal.ai\/sq\/wp-json\/wp\/v2\/users\/20"}],"replies":[{"embeddable":true,"href":"https:\/\/talkpal.ai\/sq\/wp-json\/wp\/v2\/comments?post=1474364"}],"version-history":[{"count":0,"href":"https:\/\/talkpal.ai\/sq\/wp-json\/wp\/v2\/pages\/1474364\/revisions"}],"wp:attachment":[{"href":"https:\/\/talkpal.ai\/sq\/wp-json\/wp\/v2\/media?parent=1474364"}],"curies":[{"name":"wp","href":"https:\/\/api.w.org\/{rel}","templated":true}]}}