{"id":1474340,"date":"2025-11-12T16:58:05","date_gmt":"2025-11-12T16:58:05","guid":{"rendered":"https:\/\/talkpal.ai\/gramatika-somaleze\/"},"modified":"2025-12-30T11:13:37","modified_gmt":"2025-12-30T11:13:37","slug":"gramatika-somaleze","status":"publish","type":"page","link":"https:\/\/talkpal.ai\/sq\/gramatika-somaleze\/","title":{"rendered":"Gramatika somaleze"},"content":{"rendered":"\r\n\r\n\r\n<section class=\"languageChallengeSection\">\r\n    <div class=\"languageInfoWrapper\">\r\n        \r\n        <h1>Gramatika somaleze<\/h1>\r\n        <p><a href=\"https:\/\/talkpal.ai\/sq\/gramatika\/\">Gramatika<\/a> somaleze mund t\u00eb duket sfiduese n\u00eb fillim, por karakteristikat e saj unike e b\u00ebjn\u00eb m\u00ebsimin e gjuh\u00ebs nj\u00eb p\u00ebrvoj\u00eb shp\u00ebrblyese. Duke eksploruar alfabetin, mutacionet dhe rregullat gramatikore, do t\u00eb fitoni njohuri p\u00ebr nj\u00eb tradit\u00eb t\u00eb pasur gjuh\u00ebsore. Filloni udh\u00ebtimin tuaj dhe zbuloni bukurin\u00eb e Somalis\u00eb!<\/p>\r\n\r\n                            <a class=\"getStartedHidden\" href=\"https:\/\/app.talkpal.ai\/signup?lng=\">Filloni<\/a>\r\n        \r\n    <\/div>\r\n\r\n    <figure>\r\n    <img decoding=\"async\" width=\"768\" height=\"768\" src=\"https:\/\/talkpal.ai\/wp-content\/uploads\/2023\/06\/welsh-768x768.png\" class=\"languageImage no-lazy\" alt=\"Language learning for better cognitive abilities\" fetchpriority=\"high\" sizes=\"(max-width: 768px) 150px, 768px\" srcset=\"https:\/\/talkpal.ai\/wp-content\/uploads\/2023\/06\/welsh-768x768.png 768w, https:\/\/talkpal.ai\/wp-content\/uploads\/2023\/06\/welsh-300x300.png 300w\" \/>\r\n    \r\n\r\n    <\/figure>\r\n\r\n            <a class=\"getStartedVisible\" href=\"https:\/\/app.talkpal.ai\/signup?lng=\">Filloni<\/a>\r\n    \r\n<\/section><section class=\"promotionalBanner\">\r\n    <p class=\"promotionalText\">M\u00ebnyra m\u00eb efikase p\u00ebr t\u00eb m\u00ebsuar nj\u00eb gjuh\u00eb<\/p>\r\n    <a class=\"promotionalLink\" href=\"https:\/\/app.talkpal.ai\/signup?lng=\">Provoni Talkpal falas<\/a>\r\n<\/section>\n<div class=\"wp-block-group pageContainerStyle\"><div class=\"wp-block-group__inner-container is-layout-constrained wp-block-group-is-layout-constrained\">\n<h2 class=\"wp-block-heading\" id=\"h-navigating-the-intricacies-of-somali-grammar\">Lundrimi n\u00eb nd\u00ebrlikimet e gramatik\u00ebs somaleze<\/h2>\n\n\n\n<p><a href=\"https:\/\/talkpal.ai\/sq\/mesoni-somalisht\/\">Somali<\/a>, nj\u00eb gjuh\u00eb kushite e familjes afroaziatike me nj\u00eb histori t\u00eb pasur dhe r\u00ebnd\u00ebsi kulturore, ofron nj\u00eb p\u00ebrvoj\u00eb emocionuese gjuh\u00ebsore p\u00ebr ata q\u00eb d\u00ebshirojn\u00eb t\u00eb eksplorojn\u00eb sistemin e saj unik gramatikor. Nd\u00ebrsa hyni n\u00eb mbret\u00ebrin\u00eb e somalezit, jo vet\u00ebm q\u00eb do t\u00eb pasuroni repertorin tuaj gjuh\u00ebsor, por edhe do t\u00eb p\u00ebrqafoni nj\u00eb udh\u00ebtim kulturor magjeps\u00ebs. Nd\u00ebrsa gramatika somaleze mund t\u00eb duket e komplikuar n\u00eb fillim, zb\u00ebrthimi i saj n\u00eb komponent\u00eb thelb\u00ebsor\u00eb e b\u00ebn m\u00ebsimin e gjuh\u00ebs m\u00eb t\u00eb arritsh\u00ebm. N\u00eb k\u00ebt\u00eb artikull, ne do t\u00eb eksplorojm\u00eb bot\u00ebn magjeps\u00ebse t\u00eb gramatik\u00ebs somaleze dhe do t\u00eb japim k\u00ebshilla <a href=\"https:\/\/talkpal.ai\/culture\/what-is-the-difference-between-se-and-si\/\">se si<\/a> t\u00eb zot\u00ebroni kompleksitetin e saj.<\/p>\n\n\n\n<h3 class=\"wp-block-heading\" id=\"h-1-somali-alphabet-and-phonetics\">1. Alfabeti dhe fonetika somaleze<\/h3>\n\n\n\n<p>Sistemi i shkrimit somalez p\u00ebrdor nj\u00eb alfabet me baz\u00eb latine me pes\u00eb zanore dhe nj\u00eb grup bashk\u00ebting\u00eblloresh q\u00eb p\u00ebrfshin tinguj unik\u00eb p\u00ebr somalezin, si c, x dhe q. Do t\u00eb hasni gjithashtu digraf\u00eb si dh, kh dhe sh, si dhe gjat\u00ebsi zanore dhe bashk\u00ebting\u00ebllore kontrastive q\u00eb mund t\u00eb ndryshojn\u00eb kuptimin. P\u00ebr t\u00eb m\u00ebsuar gramatik\u00ebn somaleze, \u00ebsht\u00eb thelb\u00ebsore t\u00eb njiheni me k\u00ebt\u00eb sistem t\u00eb ve\u00e7ant\u00eb shkrimi duke praktikuar leximin dhe shkrimin n\u00eb <a href=\"https:\/\/talkpal.ai\/learn-somali\/\">somalisht<\/a>.<\/p>\n\n\n\n<h3 class=\"wp-block-heading\" id=\"h-2-phonology-and-prosody-distinctive-somali-features\">2. Fonologjia dhe Prosodia: Karakteristikat dalluese somaleze<\/h3>\n\n\n\n<p>Nj\u00eb nga aspektet m\u00eb t\u00eb habitshme t\u00eb somalishtes \u00ebsht\u00eb r\u00ebnd\u00ebsia e gjat\u00ebsis\u00eb s\u00eb zanores, gjat\u00ebsis\u00eb bashk\u00ebting\u00ebllore dhe theksit t\u00eb lart\u00ebsis\u00eb, t\u00eb cilat s\u00eb bashku dallojn\u00eb kuptimet midis fjal\u00ebve t\u00eb ngjashme. Somalishtja gjithashtu p\u00ebrmban bashk\u00ebting\u00ebllore faringeale dhe uvulare q\u00eb jan\u00eb t\u00eb pazakonta n\u00eb shum\u00eb gjuh\u00eb. T\u00eb kuptuarit se si funksionojn\u00eb gjat\u00ebsia, theksi dhe k\u00ebto bashk\u00ebting\u00ebllore \u00ebsht\u00eb jetike p\u00ebr shqiptimin dhe komunikimin e sakt\u00eb n\u00eb somalisht.<\/p>\n\n\n\n<h3 class=\"wp-block-heading\" id=\"h-3-nouns-and-pronouns-gender-and-cases\">3. Emrat dhe p\u00ebremrat: Gjinia dhe rastet<\/h3>\n\n\n\n<p>Emrat somalez\u00eb kan\u00eb gjini gramatikore (mashkullore ose fem\u00ebrore), dhe shum\u00ebsit formohen n\u00eb disa m\u00ebnyra, shpesh me ndryshime n\u00eb mbaresa dhe ndonj\u00ebher\u00eb me polaritet gjinor midis nj\u00ebj\u00ebs dhe shum\u00ebsit. P\u00ebrcaktueshm\u00ebria sh\u00ebnohet me prapashtesa t\u00eb tilla si -ka, -ta, -ga dhe -da, t\u00eb cilat ndryshojn\u00eb sipas modeleve t\u00eb tingujve dhe gjinis\u00eb. Somali p\u00ebrdor nj\u00eb sistem rastesh p\u00ebr t\u00eb sh\u00ebnuar role si subjekti dhe marr\u00ebdh\u00ebniet gjenitive. P\u00ebremrat n\u00eb somalisht p\u00ebrfshijn\u00eb forma personale, posesive, refleksive, demonstrative dhe pyet\u00ebse. Njohja me k\u00ebta p\u00ebremra dhe format e <a href=\"https:\/\/talkpal.ai\/locations\/language-courses-in-tyre\/\">tyre<\/a> do t\u00eb p\u00ebrmir\u00ebsoj\u00eb ndjesh\u00ebm t\u00eb kuptuarit tuaj t\u00eb gramatik\u00ebs somaleze.<\/p>\n\n\n\n<h3 class=\"wp-block-heading\" id=\"h-4-verbs-structure-and-conjugation\">4. Foljet: Struktura dhe konjugimi<\/h3>\n\n\n\n<p>Foljet somaleze ndjekin modele q\u00eb pasqyrojn\u00eb koh\u00ebn, aspektin, humorin dhe personin. Koh\u00ebt dhe aspektet e p\u00ebrdorura zakonisht p\u00ebrfshijn\u00eb t\u00eb tashmen, t\u00eb kaluar\u00ebn dhe t\u00eb ardhmen, s\u00eb bashku me humorin e till\u00eb si kusht\u00ebzues, <a href=\"https:\/\/talkpal.ai\/ja\/grammar_exercises\/imperatif-%e3%83%95%e3%83%a9%e3%83%b3%e3%82%b9%e3%81%ae%e6%96%87%e6%b3%95%e3%81%ae%e3%81%9f%e3%82%81%e3%81%ae%e6%bc%94%e7%bf%92\/\">imperativ<\/a> dhe n\u00ebnlidh\u00ebs. Mohimi zakonisht formohet me grimca t\u00eb vendosura para foljes, dhe marr\u00ebveshja e personit tregohet p\u00ebrmes afiksave dhe grimcave. M\u00ebsimi i rregullave t\u00eb konjugimit t\u00eb foljeve dhe grimcave t\u00eb fjalis\u00eb do t\u00eb p\u00ebrmir\u00ebsoj\u00eb aft\u00ebsin\u00eb tuaj p\u00ebr t\u00eb komunikuar n\u00eb m\u00ebnyr\u00eb efektive n\u00eb Somali.<\/p>\n\n\n\n<h3 class=\"wp-block-heading\" id=\"h-5-adjectives-agreement-and-placement\">5. Mbiemrat: Marr\u00ebveshja dhe vendosja<\/h3>\n\n\n\n<p>N\u00eb gramatik\u00ebn somaleze, mbiemrat zakonisht ndjekin emrin q\u00eb modifikojn\u00eb dhe duhet t\u00eb pajtohen, aty ku k\u00ebrkohet, n\u00eb gjini dhe num\u00ebr me emrin. Krahasuesit dhe superlativ\u00ebt shpesh formohen me sh\u00ebnues si ka p\u00ebr krahasues dhe ugu p\u00ebr superlativ, dhe disa mbiemra kan\u00eb modele t\u00eb parregullta q\u00eb jan\u00eb thelb\u00ebsore p\u00ebr t\u00eb m\u00ebsuar t\u00eb komunikoni n\u00eb m\u00ebnyr\u00eb m\u00eb natyrale.<\/p>\n\n\n\n<p><strong>Shembuj:<\/strong><\/p>\n\n\n\n<p><strong>\u2013 Jacayl Weyn (Dashuri e madhe)<\/strong><\/p>\n\n\n\n<p><strong>\u2013 Caruur Yar (f\u00ebmij\u00eb t\u00eb vegj\u00ebl)<\/strong><\/p>\n\n\n\n<h3 class=\"wp-block-heading\" id=\"h-6-engaging-with-the-language\">6. Angazhimi me gjuh\u00ebn<\/h3>\n\n\n\n<p>M\u00ebnyra m\u00eb efektive p\u00ebr t\u00eb kuptuar dhe p\u00ebrvet\u00ebsuar plot\u00ebsisht gramatik\u00ebn somaleze \u00ebsht\u00eb angazhimi i vazhduesh\u00ebm me gjuh\u00ebn. Duke lexuar let\u00ebrsin\u00eb somaleze, duke d\u00ebgjuar radio somaleze, duke par\u00eb filma ose seriale televizive somaleze dhe duke komunikuar n\u00eb m\u00ebnyr\u00eb aktive me fol\u00ebsit amtare, ju do t\u00eb p\u00ebrforconi t\u00eb kuptuarit tuaj t\u00eb gramatik\u00ebs duke zgjeruar fjalorin tuaj.<\/p>\n\n\n\n<h3 class=\"wp-block-heading\" id=\"h-conclusion\">P\u00ebrfundimi<\/h3>\n\n\n\n<p>Megjith\u00ebse gramatika somaleze mund t\u00eb duket e nd\u00ebrlikuar, ju mund t\u00eb b\u00ebheni t\u00eb aft\u00eb n\u00eb k\u00ebt\u00eb gjuh\u00eb t\u00eb bukur me p\u00ebrkushtim, praktik\u00eb dhe entuziaz\u00ebm. Duke u fokusuar n\u00eb rregullat themelore dhe duke u angazhuar me gjuh\u00ebn n\u00eb kontekste t\u00eb ndryshme, ju do t\u00eb p\u00ebrmir\u00ebsoni <a href=\"https:\/\/talkpal.ai\/sq\/gramatika\/\">me shpejt\u00ebsi aft\u00ebsit\u00eb tuaja gramatikore<\/a> somaleze. Nasiib wacan (fat i mir\u00eb) me udh\u00ebtimin tuaj n\u00eb gjuh\u00ebn somaleze dhe k\u00ebnaquni duke zbuluar bot\u00ebn enigmatike por magjeps\u00ebse t\u00eb gramatik\u00ebs somaleze!<\/p>\n<\/div><\/div>\n\r\n<section class=\"learnNavigationSection\">\r\n            \r\n        <a href=\"https:\/\/talkpal.ai\/sq\/mesoni-somalisht\/\">\r\n            <div class=\"learnNavigationWrapper\">\r\n                <div class=\"learnNavigationContent\">\r\n                    <img decoding=\"async\" src=\"https:\/\/talkpal.ai\/wp-content\/uploads\/2025\/11\/Somali.png\" alt=\"Somalian Flag\">\r\n                    <div>\r\n                        <h4>Rreth m\u00ebsimit somalez<\/h4>\r\n                        <p>Zbuloni gjith\u00e7ka rreth gramatik\u00ebs somaleze.<\/p>\r\n                    <\/div>\r\n                <\/div>\r\n            <\/div>\r\n        <\/a>\r\n\r\n        \r\n        <a href=\"https:\/\/talkpal.ai\/sq\/ushtrime-gramatikore-somaleze\/\">\r\n            <div class=\"learnNavigationWrapper\">\r\n                <div class=\"learnNavigationContent\">\r\n                    <img decoding=\"async\" src=\"https:\/\/talkpal.ai\/wp-content\/uploads\/2025\/11\/Somali.png\" alt=\"Somalian Flag\">\r\n                    <div>\r\n                        <h4>Ushtrimi i gramatik\u00ebs somaleze<\/h4>\r\n                        <p>Praktikoni gramatik\u00ebn somaleze.<\/p>\r\n                    <\/div>\r\n                <\/div>\r\n            <\/div>\r\n        <\/a>\r\n\r\n            <\/section>","protected":false},"excerpt":{"rendered":"<p>Lundrimi n\u00eb nd\u00ebrlikimet e gramatik\u00ebs somaleze Somali, nj\u00eb gjuh\u00eb kushite e familjes afroaziatike me nj\u00eb histori t\u00eb pasur dhe r\u00ebnd\u00ebsi kulturore, ofron nj\u00eb p\u00ebrvoj\u00eb emocionuese gjuh\u00ebsore p\u00ebr ata q\u00eb d\u00ebshirojn\u00eb t\u00eb eksplorojn\u00eb sistemin e saj unik gramatikor. Nd\u00ebrsa hyni n\u00eb mbret\u00ebrin\u00eb e somalezit, jo vet\u00ebm q\u00eb do t\u00eb pasuroni repertorin tuaj gjuh\u00ebsor, por edhe do [&hellip;]<\/p>\n","protected":false},"author":20,"featured_media":0,"parent":0,"menu_order":0,"comment_status":"closed","ping_status":"closed","template":"LearningContentPage.php","meta":{"_acf_changed":false,"footnotes":""},"class_list":["post-1474340","page","type-page","status-publish","hentry"],"acf":[],"yoast_head":"<!-- This site is optimized with the Yoast SEO Premium plugin v27.2 (Yoast SEO v27.2) - https:\/\/yoast.com\/product\/yoast-seo-premium-wordpress\/ -->\n<title>Gramatika somaleze - Talkpal<\/title>\n<meta name=\"description\" content=\"Zot\u00ebroni kompleksitetet e gramatik\u00ebs somaleze, nga alfabeti te zgjedhimi i foljeve, me udh\u00ebzuesin ton\u00eb gjith\u00ebp\u00ebrfshir\u00ebs t\u00eb t\u00eb m\u00ebsuarit.\" \/>\n<meta name=\"robots\" content=\"index, follow, max-snippet:-1, max-image-preview:large, max-video-preview:-1\" \/>\n<link rel=\"canonical\" href=\"https:\/\/talkpal.ai\/sq\/gramatika-somaleze\/\" \/>\n<meta property=\"og:locale\" content=\"sq_AL\" \/>\n<meta property=\"og:type\" content=\"article\" \/>\n<meta property=\"og:title\" content=\"Gramatika somaleze\" \/>\n<meta property=\"og:description\" content=\"Lundrimi n\u00eb nd\u00ebrlikimet e gramatik\u00ebs somaleze Somali, nj\u00eb gjuh\u00eb kushite e familjes afroaziatike me nj\u00eb histori t\u00eb pasur dhe r\u00ebnd\u00ebsi kulturore, ofron nj\u00eb\" \/>\n<meta property=\"og:url\" content=\"https:\/\/talkpal.ai\/sq\/gramatika-somaleze\/\" \/>\n<meta property=\"og:site_name\" content=\"Talkpal\" \/>\n<meta property=\"article:publisher\" content=\"https:\/\/www.facebook.com\/profile.php?id=100090733639311\" \/>\n<meta property=\"article:modified_time\" content=\"2025-12-30T11:13:37+00:00\" \/>\n<meta property=\"og:image\" content=\"https:\/\/talkpal.ai\/wp-content\/uploads\/2025\/02\/Progress-tab-16_9.png\" \/>\n\t<meta property=\"og:image:width\" content=\"2880\" \/>\n\t<meta property=\"og:image:height\" content=\"1620\" \/>\n\t<meta property=\"og:image:type\" content=\"image\/png\" \/>\n<meta name=\"twitter:card\" content=\"summary_large_image\" \/>\n<meta name=\"twitter:site\" content=\"@talkpalai\" \/>\n<meta name=\"twitter:label1\" content=\"Est. reading time\" \/>\n\t<meta name=\"twitter:data1\" content=\"4 minutes\" \/>\n<script type=\"application\/ld+json\" class=\"yoast-schema-graph\">{\"@context\":\"https:\/\/schema.org\",\"@graph\":[{\"@type\":\"WebPage\",\"@id\":\"https:\/\/talkpal.ai\/sq\/gramatika-somaleze\/\",\"url\":\"https:\/\/talkpal.ai\/sq\/gramatika-somaleze\/\",\"name\":\"Gramatika somaleze - Talkpal\",\"isPartOf\":{\"@id\":\"https:\/\/talkpal.ai\/sq\/#website\"},\"datePublished\":\"2025-11-12T16:58:05+00:00\",\"dateModified\":\"2025-12-30T11:13:37+00:00\",\"description\":\"Zot\u00ebroni kompleksitetet e gramatik\u00ebs somaleze, nga alfabeti te zgjedhimi i foljeve, me udh\u00ebzuesin ton\u00eb gjith\u00ebp\u00ebrfshir\u00ebs t\u00eb t\u00eb m\u00ebsuarit.\",\"breadcrumb\":{\"@id\":\"https:\/\/talkpal.ai\/sq\/gramatika-somaleze\/#breadcrumb\"},\"inLanguage\":\"sq-AL\",\"potentialAction\":[{\"@type\":\"ReadAction\",\"target\":[\"https:\/\/talkpal.ai\/sq\/gramatika-somaleze\/\"]}]},{\"@type\":\"BreadcrumbList\",\"@id\":\"https:\/\/talkpal.ai\/sq\/gramatika-somaleze\/#breadcrumb\",\"itemListElement\":[{\"@type\":\"ListItem\",\"position\":1,\"name\":\"Homepage\",\"item\":\"https:\/\/talkpal.ai\/sq\/\"},{\"@type\":\"ListItem\",\"position\":2,\"name\":\"Gramatika somaleze\"}]},{\"@type\":\"WebSite\",\"@id\":\"https:\/\/talkpal.ai\/sq\/#website\",\"url\":\"https:\/\/talkpal.ai\/sq\/\",\"name\":\"Talkpal\",\"description\":\"AI Language Learning\",\"publisher\":{\"@id\":\"https:\/\/talkpal.ai\/sq\/#organization\"},\"alternateName\":\"Talkpal AI\",\"potentialAction\":[{\"@type\":\"SearchAction\",\"target\":{\"@type\":\"EntryPoint\",\"urlTemplate\":\"https:\/\/talkpal.ai\/sq\/?s={search_term_string}\"},\"query-input\":{\"@type\":\"PropertyValueSpecification\",\"valueRequired\":true,\"valueName\":\"search_term_string\"}}],\"inLanguage\":\"sq-AL\"},{\"@type\":\"Organization\",\"@id\":\"https:\/\/talkpal.ai\/sq\/#organization\",\"name\":\"Talkpal, Inc.\",\"alternateName\":\"Talkpal AI\",\"url\":\"https:\/\/talkpal.ai\/sq\/\",\"logo\":{\"@type\":\"ImageObject\",\"inLanguage\":\"sq-AL\",\"@id\":\"https:\/\/talkpal.ai\/sq\/#\/schema\/logo\/image\/\",\"url\":\"https:\/\/talkpal.ai\/wp-content\/uploads\/2024\/03\/Talkpal-Logo-Icon.png\",\"contentUrl\":\"https:\/\/talkpal.ai\/wp-content\/uploads\/2024\/03\/Talkpal-Logo-Icon.png\",\"width\":2880,\"height\":2880,\"caption\":\"Talkpal, Inc.\"},\"image\":{\"@id\":\"https:\/\/talkpal.ai\/sq\/#\/schema\/logo\/image\/\"},\"sameAs\":[\"https:\/\/www.facebook.com\/profile.php?id=100090733639311\",\"https:\/\/x.com\/talkpalai\",\"https:\/\/www.linkedin.com\/company\/talkpal\/\",\"https:\/\/www.youtube.com\/@TalkPal\/\",\"https:\/\/www.tiktok.com\/@talkpal\",\"https:\/\/www.instagram.com\/talkpal_ai\/\",\"https:\/\/www.crunchbase.com\/organization\/talkpal-9cde\",\"https:\/\/www.g2.com\/products\/talkpal-for-business\/\",\"https:\/\/www.trustpilot.com\/review\/talkpal.ai\",\"https:\/\/www.capterra.com\/p\/10006800\/TalkPal\/\"],\"description\":\"Talkpal is a language learning web and mobile education app, powered by the latest AI technologies, that provides engaging experiences to its customers in many different languages to help them improve their language skills. Users can chat about unlimited amount of topics with the app and use other modes to practice their language learning.\",\"email\":\"support@talkpal.ai\",\"legalName\":\"Talkpal, Inc.\",\"foundingDate\":\"2023-04-03\",\"duns\":\"118989042\",\"numberOfEmployees\":{\"@type\":\"QuantitativeValue\",\"minValue\":\"11\",\"maxValue\":\"50\"},\"publishingPrinciples\":\"https:\/\/talkpal.ai\/publishing-principles\/\",\"actionableFeedbackPolicy\":\"https:\/\/talkpal.ai\/actionable-feedback-policy\/\",\"correctionsPolicy\":\"https:\/\/talkpal.ai\/corrections-policy\/\",\"ethicsPolicy\":\"https:\/\/talkpal.ai\/ethics-policy\/\",\"diversityPolicy\":\"https:\/\/talkpal.ai\/diversity-policy\/\",\"diversityStaffingReport\":\"https:\/\/talkpal.ai\/diversity-policy\/\"}]}<\/script>\n<!-- \/ Yoast SEO Premium plugin. -->","yoast_head_json":{"title":"Gramatika somaleze - Talkpal","description":"Zot\u00ebroni kompleksitetet e gramatik\u00ebs somaleze, nga alfabeti te zgjedhimi i foljeve, me udh\u00ebzuesin ton\u00eb gjith\u00ebp\u00ebrfshir\u00ebs t\u00eb t\u00eb m\u00ebsuarit.","robots":{"index":"index","follow":"follow","max-snippet":"max-snippet:-1","max-image-preview":"max-image-preview:large","max-video-preview":"max-video-preview:-1"},"canonical":"https:\/\/talkpal.ai\/sq\/gramatika-somaleze\/","og_locale":"sq_AL","og_type":"article","og_title":"Gramatika somaleze","og_description":"Lundrimi n\u00eb nd\u00ebrlikimet e gramatik\u00ebs somaleze Somali, nj\u00eb gjuh\u00eb kushite e familjes afroaziatike me nj\u00eb histori t\u00eb pasur dhe r\u00ebnd\u00ebsi kulturore, ofron nj\u00eb","og_url":"https:\/\/talkpal.ai\/sq\/gramatika-somaleze\/","og_site_name":"Talkpal","article_publisher":"https:\/\/www.facebook.com\/profile.php?id=100090733639311","article_modified_time":"2025-12-30T11:13:37+00:00","og_image":[{"width":2880,"height":1620,"url":"https:\/\/talkpal.ai\/wp-content\/uploads\/2025\/02\/Progress-tab-16_9.png","type":"image\/png"}],"twitter_card":"summary_large_image","twitter_site":"@talkpalai","twitter_misc":{"Est. reading time":"4 minutes"},"schema":{"@context":"https:\/\/schema.org","@graph":[{"@type":"WebPage","@id":"https:\/\/talkpal.ai\/sq\/gramatika-somaleze\/","url":"https:\/\/talkpal.ai\/sq\/gramatika-somaleze\/","name":"Gramatika somaleze - Talkpal","isPartOf":{"@id":"https:\/\/talkpal.ai\/sq\/#website"},"datePublished":"2025-11-12T16:58:05+00:00","dateModified":"2025-12-30T11:13:37+00:00","description":"Zot\u00ebroni kompleksitetet e gramatik\u00ebs somaleze, nga alfabeti te zgjedhimi i foljeve, me udh\u00ebzuesin ton\u00eb gjith\u00ebp\u00ebrfshir\u00ebs t\u00eb t\u00eb m\u00ebsuarit.","breadcrumb":{"@id":"https:\/\/talkpal.ai\/sq\/gramatika-somaleze\/#breadcrumb"},"inLanguage":"sq-AL","potentialAction":[{"@type":"ReadAction","target":["https:\/\/talkpal.ai\/sq\/gramatika-somaleze\/"]}]},{"@type":"BreadcrumbList","@id":"https:\/\/talkpal.ai\/sq\/gramatika-somaleze\/#breadcrumb","itemListElement":[{"@type":"ListItem","position":1,"name":"Homepage","item":"https:\/\/talkpal.ai\/sq\/"},{"@type":"ListItem","position":2,"name":"Gramatika somaleze"}]},{"@type":"WebSite","@id":"https:\/\/talkpal.ai\/sq\/#website","url":"https:\/\/talkpal.ai\/sq\/","name":"Talkpal","description":"AI Language Learning","publisher":{"@id":"https:\/\/talkpal.ai\/sq\/#organization"},"alternateName":"Talkpal AI","potentialAction":[{"@type":"SearchAction","target":{"@type":"EntryPoint","urlTemplate":"https:\/\/talkpal.ai\/sq\/?s={search_term_string}"},"query-input":{"@type":"PropertyValueSpecification","valueRequired":true,"valueName":"search_term_string"}}],"inLanguage":"sq-AL"},{"@type":"Organization","@id":"https:\/\/talkpal.ai\/sq\/#organization","name":"Talkpal, Inc.","alternateName":"Talkpal AI","url":"https:\/\/talkpal.ai\/sq\/","logo":{"@type":"ImageObject","inLanguage":"sq-AL","@id":"https:\/\/talkpal.ai\/sq\/#\/schema\/logo\/image\/","url":"https:\/\/talkpal.ai\/wp-content\/uploads\/2024\/03\/Talkpal-Logo-Icon.png","contentUrl":"https:\/\/talkpal.ai\/wp-content\/uploads\/2024\/03\/Talkpal-Logo-Icon.png","width":2880,"height":2880,"caption":"Talkpal, Inc."},"image":{"@id":"https:\/\/talkpal.ai\/sq\/#\/schema\/logo\/image\/"},"sameAs":["https:\/\/www.facebook.com\/profile.php?id=100090733639311","https:\/\/x.com\/talkpalai","https:\/\/www.linkedin.com\/company\/talkpal\/","https:\/\/www.youtube.com\/@TalkPal\/","https:\/\/www.tiktok.com\/@talkpal","https:\/\/www.instagram.com\/talkpal_ai\/","https:\/\/www.crunchbase.com\/organization\/talkpal-9cde","https:\/\/www.g2.com\/products\/talkpal-for-business\/","https:\/\/www.trustpilot.com\/review\/talkpal.ai","https:\/\/www.capterra.com\/p\/10006800\/TalkPal\/"],"description":"Talkpal is a language learning web and mobile education app, powered by the latest AI technologies, that provides engaging experiences to its customers in many different languages to help them improve their language skills. Users can chat about unlimited amount of topics with the app and use other modes to practice their language learning.","email":"support@talkpal.ai","legalName":"Talkpal, Inc.","foundingDate":"2023-04-03","duns":"118989042","numberOfEmployees":{"@type":"QuantitativeValue","minValue":"11","maxValue":"50"},"publishingPrinciples":"https:\/\/talkpal.ai\/publishing-principles\/","actionableFeedbackPolicy":"https:\/\/talkpal.ai\/actionable-feedback-policy\/","correctionsPolicy":"https:\/\/talkpal.ai\/corrections-policy\/","ethicsPolicy":"https:\/\/talkpal.ai\/ethics-policy\/","diversityPolicy":"https:\/\/talkpal.ai\/diversity-policy\/","diversityStaffingReport":"https:\/\/talkpal.ai\/diversity-policy\/"}]}},"_links":{"self":[{"href":"https:\/\/talkpal.ai\/sq\/wp-json\/wp\/v2\/pages\/1474340","targetHints":{"allow":["GET"]}}],"collection":[{"href":"https:\/\/talkpal.ai\/sq\/wp-json\/wp\/v2\/pages"}],"about":[{"href":"https:\/\/talkpal.ai\/sq\/wp-json\/wp\/v2\/types\/page"}],"author":[{"embeddable":true,"href":"https:\/\/talkpal.ai\/sq\/wp-json\/wp\/v2\/users\/20"}],"replies":[{"embeddable":true,"href":"https:\/\/talkpal.ai\/sq\/wp-json\/wp\/v2\/comments?post=1474340"}],"version-history":[{"count":0,"href":"https:\/\/talkpal.ai\/sq\/wp-json\/wp\/v2\/pages\/1474340\/revisions"}],"wp:attachment":[{"href":"https:\/\/talkpal.ai\/sq\/wp-json\/wp\/v2\/media?parent=1474340"}],"curies":[{"name":"wp","href":"https:\/\/api.w.org\/{rel}","templated":true}]}}