{"id":1473958,"date":"2025-11-12T15:41:46","date_gmt":"2025-11-12T15:41:46","guid":{"rendered":"https:\/\/talkpal.ai\/ushtrime-gramatikore-malteze\/"},"modified":"2025-12-30T13:37:51","modified_gmt":"2025-12-30T13:37:51","slug":"ushtrime-gramatikore-malteze","status":"publish","type":"page","link":"https:\/\/talkpal.ai\/sq\/ushtrime-gramatikore-malteze\/","title":{"rendered":"Ushtrime gramatikore malteze"},"content":{"rendered":"\r\n\r\n\r\n<section class=\"languageChallengeSection\">\r\n    <div class=\"languageInfoWrapper\">\r\n        \r\n        <h1>Ushtrime gramatikore malteze<\/h1>\r\n        <p>Gati p\u00ebr t&#039;u zhytur n\u00eb gramatik\u00ebn maltese? Praktikimi i disa bazave do t&#039;ju ndihmoj\u00eb t\u00eb rehatoheni me k\u00ebt\u00eb gjuh\u00eb unike dhe t\u00eb bukur. Provoni k\u00ebto ushtrime p\u00ebr t\u00eb nd\u00ebrtuar besimin tuaj dhe p\u00ebr t&#039;u arg\u00ebtuar gjat\u00eb rrug\u00ebs!<\/p>\r\n\r\n                            <a class=\"getStartedHidden\" href=\"https:\/\/app.talkpal.ai\/signup?lng=\">Filloni<\/a>\r\n        \r\n    <\/div>\r\n\r\n    <figure>\r\n    <img decoding=\"async\" width=\"768\" height=\"768\" src=\"https:\/\/talkpal.ai\/wp-content\/uploads\/2023\/06\/welsh-768x768.png\" class=\"languageImage no-lazy\" alt=\"Language learning for better cognitive abilities\" fetchpriority=\"high\" sizes=\"(max-width: 768px) 150px, 768px\" srcset=\"https:\/\/talkpal.ai\/wp-content\/uploads\/2023\/06\/welsh-768x768.png 768w, https:\/\/talkpal.ai\/wp-content\/uploads\/2023\/06\/welsh-300x300.png 300w\" \/>\r\n    \r\n\r\n    <\/figure>\r\n\r\n            <a class=\"getStartedVisible\" href=\"https:\/\/app.talkpal.ai\/signup?lng=\">Filloni<\/a>\r\n    \r\n<\/section><section class=\"promotionalBanner\">\r\n    <p class=\"promotionalText\">M\u00ebnyra m\u00eb efikase p\u00ebr t\u00eb m\u00ebsuar nj\u00eb gjuh\u00eb<\/p>\r\n    <a class=\"promotionalLink\" href=\"https:\/\/app.talkpal.ai\/signup?lng=\">Provoni Talkpal falas<\/a>\r\n<\/section>\n<div class=\"wp-block-group pageContainerStyle\"><div class=\"wp-block-group__inner-container is-layout-constrained wp-block-group-is-layout-constrained\">\n<h2 class=\"wp-block-heading\" id=\"h-maltese-grammar-topics\">Temat e gramatik\u00ebs malteze<\/h2>\n\n\n\n<p><a href=\"https:\/\/talkpal.ai\/sq\/gabimet-me-te-medha-qe-duhen-shmangur-kur-mesoni-nje-gjuhe-te-re\/\">M\u00ebsimi i nj\u00eb gjuhe t\u00eb re<\/a> mund t\u00eb jet\u00eb nj\u00eb p\u00ebrpjekje sfiduese por shp\u00ebrblyese. Maltishtja, nj\u00eb gjuh\u00eb semitike me ndikim t\u00eb fort\u00eb <a href=\"https:\/\/talkpal.ai\/locations\/language-courses-in-roman\/\">roman<\/a> dhe <a href=\"https:\/\/talkpal.ai\/learn-english-with-ai\/\">anglisht<\/a> q\u00eb flitet kryesisht n\u00eb Malt\u00eb, nuk b\u00ebn p\u00ebrjashtim. Me ve\u00e7orit\u00eb dhe strukturat e tij unike, <a href=\"https:\/\/talkpal.ai\/sq\/talkpal-per-arsimin\/\">m\u00ebsimi<\/a> i maltezes k\u00ebrkon nj\u00eb qasje sistematike p\u00ebr t\u00eb kuptuar gramatik\u00ebn e saj. Ky udh\u00ebzues p\u00ebrshkruan fushat kryesore t\u00eb <a href=\"https:\/\/talkpal.ai\/sq\/gramatika-malteze\/\">gramatik\u00ebs malteze<\/a> n\u00eb nj\u00eb sekuenc\u00eb logjike p\u00ebr <a href=\"https:\/\/talkpal.ai\/sq\/talkpal-per-arsimin\/\">m\u00ebsimin e gjuh\u00ebs<\/a>, duke filluar nga bazat si emrat dhe artikujt, dhe duke p\u00ebrparuar n\u00eb fusha m\u00eb komplekse si koh\u00ebt dhe nd\u00ebrtimi i fjalive.<\/p>\n\n\n\n<h3 class=\"wp-block-heading\" id=\"h-1-nouns\">1. Emrat:<\/h3>\n\n\n\n<p>Filloni udh\u00ebtimin tuaj n\u00eb gjuh\u00ebn malteze duke m\u00ebsuar emrat. Kjo p\u00ebrfshin t\u00eb kuptuarit e kategorive t\u00eb ndryshme t\u00eb emrave, t\u00eb tilla si emrat e zakonsh\u00ebm dhe t\u00eb duhur, si dhe format e <a href=\"https:\/\/talkpal.ai\/locations\/language-courses-in-tyre\/\">tyre<\/a> shum\u00ebsore.<\/p>\n\n\n\n<h3 class=\"wp-block-heading\" id=\"h-2-articles\">2. Artikujt:<\/h3>\n\n\n\n<p>Artikujt n\u00eb gjuh\u00ebn malteze p\u00ebrdoren ndryshe nga n\u00eb <a href=\"https:\/\/talkpal.ai\/ai-english-speaking-practice\/\">anglisht<\/a>. T\u00eb kuptuarit <a href=\"https:\/\/talkpal.ai\/culture\/what-is-the-difference-between-se-and-si\/\">se si<\/a> t\u00eb p\u00ebrdoret sakt\u00eb artikulli i caktuar, duke p\u00ebrfshir\u00eb asimilimin e tij dhe munges\u00ebn e nj\u00eb artikulli t\u00eb pacaktuar, \u00ebsht\u00eb thelb\u00ebsore n\u00eb nd\u00ebrtimin e fjalive.<\/p>\n\n\n\n<h3 class=\"wp-block-heading\" id=\"h-3-adjectives\">3. Mbiemra:<\/h3>\n\n\n\n<p>Mbiemrat n\u00eb <a href=\"https:\/\/talkpal.ai\/learn-maltese\/\">maltezisht<\/a> ndjekin emrat e tyre, i cili \u00ebsht\u00eb i ndrysh\u00ebm nga anglishtja. Ju gjithashtu do t\u00eb duhet t\u00eb m\u00ebsoni modele marr\u00ebveshjeje dhe si t\u00eb formoni krahasime dhe superlativa me aktar ose iktar dhe forma fikse si a\u0127jar.<\/p>\n\n\n\n<h3 class=\"wp-block-heading\" id=\"h-4-pronouns-determiners\">4. P\u00ebremrat\/p\u00ebrcaktuesit:<\/h3>\n\n\n\n<p>P\u00ebremrat dhe p\u00ebrcaktuesit jan\u00eb thelb\u00ebsor\u00eb n\u00eb maltezisht; ato z\u00ebvend\u00ebsojn\u00eb emrat dhe japin informacion <a href=\"https:\/\/talkpal.ai\/sq\/rreth\/\">rreth<\/a> sasis\u00eb, posedimit dhe m\u00eb shum\u00eb. P\u00ebrdorimi i tyre i sakt\u00eb p\u00ebrfshin forma t\u00eb pavarura, klitika objektesh, posesor\u00eb t\u00eb bazuar n\u00eb ta&#8217; dhe mbaresat pronominale n\u00eb parafjal\u00eb.<\/p>\n\n\n\n<h3 class=\"wp-block-heading\" id=\"h-5-verbs\">5. Foljet:<\/h3>\n\n\n\n<p>Foljet malteze kan\u00eb forma t\u00eb ndryshme n\u00eb var\u00ebsi t\u00eb koh\u00ebs, aspektit, humorit dhe z\u00ebrit. Filloni me t\u00eb pap\u00ebrsosur\u00ebn p\u00ebr kuptimin e tanish\u00ebm dhe sh\u00ebnuesin e s\u00eb ardhmes se, pastaj eksploroni t\u00eb p\u00ebrsosur\u00ebn p\u00ebr t\u00eb kaluar\u00ebn dhe imperativin.<\/p>\n\n\n\n<h3 class=\"wp-block-heading\" id=\"h-6-tenses\">6. Koh\u00ebt:<\/h3>\n\n\n\n<p>Pasi t\u00eb zot\u00ebroni format e foljeve, g\u00ebrmoni m\u00eb thell\u00eb n\u00eb koh\u00ebt dhe aspektet maltese. Kjo p\u00ebrfshin t\u00eb kuptuarit e ndryshimeve midis t\u00eb p\u00ebrsosur\u00ebs dhe t\u00eb pap\u00ebrsosur\u00ebs, si sh\u00ebnohet e ardhmja dhe si ato p\u00ebrdoren n\u00eb kontekste t\u00eb ndryshme.<\/p>\n\n\n\n<h3 class=\"wp-block-heading\" id=\"h-7-tense-comparison\">7. Krahasimi i tensionit:<\/h3>\n\n\n\n<p>Krahasimi i koh\u00ebve n\u00eb maltezisht ndihmon n\u00eb t\u00eb kuptuarit e sekuenc\u00ebs s\u00eb ngjarjeve. Krahasimi i s\u00eb nj\u00ebjt\u00ebs folje n\u00eb t\u00eb ardhmen e p\u00ebrsosur, t\u00eb pap\u00ebrsosur dhe do t\u00eb siguroj\u00eb nj\u00eb kuptim m\u00eb t\u00eb mir\u00eb t\u00eb gjuh\u00ebs maltese.<\/p>\n\n\n\n<h3 class=\"wp-block-heading\" id=\"h-8-progressive\">8. Progresive:<\/h3>\n\n\n\n<p>Progresivja n\u00eb maltezisht p\u00ebrdoret p\u00ebr t\u00eb shprehur veprimet e vazhdueshme. Formohet duke p\u00ebrdorur qed t\u00eb ndjekur nga e pap\u00ebrsosura.<\/p>\n\n\n\n<h3 class=\"wp-block-heading\" id=\"h-9-perfect-progressive\">9. Progresiv i p\u00ebrsosur:<\/h3>\n\n\n\n<p>Ky koh\u00eb p\u00ebrdoret p\u00ebr t\u00eb shprehur veprime q\u00eb kan\u00eb vazhduar deri n\u00eb nj\u00eb pik\u00eb t\u00eb caktuar. N\u00eb Malteze, zakonisht shprehet me ilni ose ilna plus nj\u00eb koh\u00ebzgjatje dhe qed me t\u00eb pap\u00ebrsosur\u00ebn.<\/p>\n\n\n\n<h3 class=\"wp-block-heading\" id=\"h-10-conditionals\">10. Kusht\u00ebzuese:<\/h3>\n\n\n\n<p>Kusht\u00ebzimet shprehin situata hipotetike dhe rezultatet e tyre t\u00eb mundshme. Ata jan\u00eb nj\u00eb pjes\u00eb e r\u00ebnd\u00ebsishme e gramatik\u00ebs malteze dhe shpesh p\u00ebrdorin jekk p\u00ebr n\u00ebse dhe kieku p\u00ebr kund\u00ebrfakte.<\/p>\n\n\n\n<h3 class=\"wp-block-heading\" id=\"h-11-adverbs\">11. Ndajfoljet:<\/h3>\n\n\n\n<p>Ndajfoljet n\u00eb maltezisht modifikojn\u00eb foljet, mbiemrat ose ndajfoljet e tjera. Ata japin informacion p\u00ebr m\u00ebnyr\u00ebn, vendin, koh\u00ebn, diplom\u00ebn dhe m\u00eb shum\u00eb.<\/p>\n\n\n\n<h3 class=\"wp-block-heading\" id=\"h-12-prepositions\">12. Parafjal\u00ebt:<\/h3>\n\n\n\n<p>Parafjal\u00ebt lidhin fjal\u00ebt dhe frazat s\u00eb bashku. Ato shprehin marr\u00ebdh\u00ebniet e koh\u00ebs, vendit, drejtimit dhe m\u00eb shum\u00eb, dhe n\u00eb maltezisht marrin p\u00ebrfundime pronominale dhe shpesh kontraktohen me artikullin e caktuar.<\/p>\n\n\n\n<h3 class=\"wp-block-heading\" id=\"h-13-sentences\">13. Fjalit\u00eb:<\/h3>\n\n\n\n<p>S\u00eb fundi, praktikoni nd\u00ebrtimin e fjalive. Kjo do t\u00eb p\u00ebrfshij\u00eb p\u00ebrdorimin e t\u00eb gjitha pikave gramatikore t\u00eb m\u00ebsuara m\u00eb par\u00eb n\u00eb kontekst, duke siguruar k\u00ebshtu nj\u00eb kuptim gjith\u00ebp\u00ebrfshir\u00ebs t\u00eb gjuh\u00ebs maltese.<\/p>\n<\/div><\/div>\n\r\n<section class=\"learnNavigationSection\">\r\n            \r\n        <a href=\"https:\/\/talkpal.ai\/sq\/mesoni-maltezisht\/\">\r\n            <div class=\"learnNavigationWrapper\">\r\n                <div class=\"learnNavigationContent\">\r\n                    <img decoding=\"async\" src=\"https:\/\/talkpal.ai\/wp-content\/uploads\/2025\/11\/Maltese.png\" alt=\"Maltese Flag\">\r\n                    <div>\r\n                        <h4>Rreth m\u00ebsimit maltez<\/h4>\r\n                        <p>Zbuloni gjith\u00e7ka rreth gramatik\u00ebs maltese.<\/p>\r\n                    <\/div>\r\n                <\/div>\r\n            <\/div>\r\n        <\/a>\r\n\r\n        \r\n        <a href=\"https:\/\/talkpal.ai\/sq\/gramatika-malteze\/\">\r\n            <div class=\"learnNavigationWrapper\">\r\n                <div class=\"learnNavigationContent\">\r\n                    <img decoding=\"async\" src=\"https:\/\/talkpal.ai\/wp-content\/uploads\/2025\/11\/Maltese.png\" alt=\"Maltese Flag\">\r\n                    <div>\r\n                        <h4>M\u00ebsime gramatikore malteze<\/h4>\r\n                        <p>Praktikoni gramatik\u00ebn maltese.<\/p>\r\n                    <\/div>\r\n                <\/div>\r\n            <\/div>\r\n        <\/a>\r\n\r\n            <\/section>","protected":false},"excerpt":{"rendered":"<p>Temat e gramatik\u00ebs malteze M\u00ebsimi i nj\u00eb gjuhe t\u00eb re mund t\u00eb jet\u00eb nj\u00eb p\u00ebrpjekje sfiduese por shp\u00ebrblyese. Maltishtja, nj\u00eb gjuh\u00eb semitike me ndikim t\u00eb fort\u00eb roman dhe anglisht q\u00eb flitet kryesisht n\u00eb Malt\u00eb, nuk b\u00ebn p\u00ebrjashtim. Me ve\u00e7orit\u00eb dhe strukturat e tij unike, m\u00ebsimi i maltezes k\u00ebrkon nj\u00eb qasje sistematike p\u00ebr t\u00eb kuptuar gramatik\u00ebn [&hellip;]<\/p>\n","protected":false},"author":20,"featured_media":0,"parent":0,"menu_order":0,"comment_status":"closed","ping_status":"closed","template":"LearningContentPage.php","meta":{"_acf_changed":false,"footnotes":""},"class_list":["post-1473958","page","type-page","status-publish","hentry"],"acf":[],"yoast_head":"<!-- This site is optimized with the Yoast SEO Premium plugin v27.2 (Yoast SEO v27.2) - https:\/\/yoast.com\/product\/yoast-seo-premium-wordpress\/ -->\n<title>Ushtrime gramatikore malteze - Talkpal<\/title>\n<meta name=\"description\" content=\"Zot\u00ebroni gramatik\u00ebn malteze me ushtrime t\u00eb strukturuara q\u00eb mbulojn\u00eb emra, folje dhe koh\u00eb p\u00ebr t\u00eb nd\u00ebrtuar vet\u00ebbesimin dhe rrjedhshm\u00ebrin\u00eb tuaj.\" \/>\n<meta name=\"robots\" content=\"index, follow, max-snippet:-1, max-image-preview:large, max-video-preview:-1\" \/>\n<link rel=\"canonical\" href=\"https:\/\/talkpal.ai\/sq\/ushtrime-gramatikore-malteze\/\" \/>\n<meta property=\"og:locale\" content=\"sq_AL\" \/>\n<meta property=\"og:type\" content=\"article\" \/>\n<meta property=\"og:title\" content=\"Ushtrime gramatikore malteze\" \/>\n<meta property=\"og:description\" content=\"Temat e gramatik\u00ebs malteze M\u00ebsimi i nj\u00eb gjuhe t\u00eb re mund t\u00eb jet\u00eb nj\u00eb p\u00ebrpjekje sfiduese por shp\u00ebrblyese. Maltishtja, nj\u00eb gjuh\u00eb semitike me ndikim t\u00eb fort\u00eb\" \/>\n<meta property=\"og:url\" content=\"https:\/\/talkpal.ai\/sq\/ushtrime-gramatikore-malteze\/\" \/>\n<meta property=\"og:site_name\" content=\"Talkpal\" \/>\n<meta property=\"article:publisher\" content=\"https:\/\/www.facebook.com\/profile.php?id=100090733639311\" \/>\n<meta property=\"article:modified_time\" content=\"2025-12-30T13:37:51+00:00\" \/>\n<meta property=\"og:image\" content=\"https:\/\/talkpal.ai\/wp-content\/uploads\/2025\/02\/Progress-tab-16_9.png\" \/>\n\t<meta property=\"og:image:width\" content=\"2880\" \/>\n\t<meta property=\"og:image:height\" content=\"1620\" \/>\n\t<meta property=\"og:image:type\" content=\"image\/png\" \/>\n<meta name=\"twitter:card\" content=\"summary_large_image\" \/>\n<meta name=\"twitter:site\" content=\"@talkpalai\" \/>\n<meta name=\"twitter:label1\" content=\"Est. reading time\" \/>\n\t<meta name=\"twitter:data1\" content=\"3 minutes\" \/>\n<script type=\"application\/ld+json\" class=\"yoast-schema-graph\">{\"@context\":\"https:\/\/schema.org\",\"@graph\":[{\"@type\":\"WebPage\",\"@id\":\"https:\/\/talkpal.ai\/sq\/ushtrime-gramatikore-malteze\/\",\"url\":\"https:\/\/talkpal.ai\/sq\/ushtrime-gramatikore-malteze\/\",\"name\":\"Ushtrime gramatikore malteze - Talkpal\",\"isPartOf\":{\"@id\":\"https:\/\/talkpal.ai\/sq\/#website\"},\"datePublished\":\"2025-11-12T15:41:46+00:00\",\"dateModified\":\"2025-12-30T13:37:51+00:00\",\"description\":\"Zot\u00ebroni gramatik\u00ebn malteze me ushtrime t\u00eb strukturuara q\u00eb mbulojn\u00eb emra, folje dhe koh\u00eb p\u00ebr t\u00eb nd\u00ebrtuar vet\u00ebbesimin dhe rrjedhshm\u00ebrin\u00eb tuaj.\",\"breadcrumb\":{\"@id\":\"https:\/\/talkpal.ai\/sq\/ushtrime-gramatikore-malteze\/#breadcrumb\"},\"inLanguage\":\"sq-AL\",\"potentialAction\":[{\"@type\":\"ReadAction\",\"target\":[\"https:\/\/talkpal.ai\/sq\/ushtrime-gramatikore-malteze\/\"]}]},{\"@type\":\"BreadcrumbList\",\"@id\":\"https:\/\/talkpal.ai\/sq\/ushtrime-gramatikore-malteze\/#breadcrumb\",\"itemListElement\":[{\"@type\":\"ListItem\",\"position\":1,\"name\":\"Homepage\",\"item\":\"https:\/\/talkpal.ai\/sq\/\"},{\"@type\":\"ListItem\",\"position\":2,\"name\":\"Ushtrime gramatikore malteze\"}]},{\"@type\":\"WebSite\",\"@id\":\"https:\/\/talkpal.ai\/sq\/#website\",\"url\":\"https:\/\/talkpal.ai\/sq\/\",\"name\":\"Talkpal\",\"description\":\"AI Language Learning\",\"publisher\":{\"@id\":\"https:\/\/talkpal.ai\/sq\/#organization\"},\"alternateName\":\"Talkpal AI\",\"potentialAction\":[{\"@type\":\"SearchAction\",\"target\":{\"@type\":\"EntryPoint\",\"urlTemplate\":\"https:\/\/talkpal.ai\/sq\/?s={search_term_string}\"},\"query-input\":{\"@type\":\"PropertyValueSpecification\",\"valueRequired\":true,\"valueName\":\"search_term_string\"}}],\"inLanguage\":\"sq-AL\"},{\"@type\":\"Organization\",\"@id\":\"https:\/\/talkpal.ai\/sq\/#organization\",\"name\":\"Talkpal, Inc.\",\"alternateName\":\"Talkpal AI\",\"url\":\"https:\/\/talkpal.ai\/sq\/\",\"logo\":{\"@type\":\"ImageObject\",\"inLanguage\":\"sq-AL\",\"@id\":\"https:\/\/talkpal.ai\/sq\/#\/schema\/logo\/image\/\",\"url\":\"https:\/\/talkpal.ai\/wp-content\/uploads\/2024\/03\/Talkpal-Logo-Icon.png\",\"contentUrl\":\"https:\/\/talkpal.ai\/wp-content\/uploads\/2024\/03\/Talkpal-Logo-Icon.png\",\"width\":2880,\"height\":2880,\"caption\":\"Talkpal, Inc.\"},\"image\":{\"@id\":\"https:\/\/talkpal.ai\/sq\/#\/schema\/logo\/image\/\"},\"sameAs\":[\"https:\/\/www.facebook.com\/profile.php?id=100090733639311\",\"https:\/\/x.com\/talkpalai\",\"https:\/\/www.linkedin.com\/company\/talkpal\/\",\"https:\/\/www.youtube.com\/@TalkPal\/\",\"https:\/\/www.tiktok.com\/@talkpal\",\"https:\/\/www.instagram.com\/talkpal_ai\/\",\"https:\/\/www.crunchbase.com\/organization\/talkpal-9cde\",\"https:\/\/www.g2.com\/products\/talkpal-for-business\/\",\"https:\/\/www.trustpilot.com\/review\/talkpal.ai\",\"https:\/\/www.capterra.com\/p\/10006800\/TalkPal\/\"],\"description\":\"Talkpal is a language learning web and mobile education app, powered by the latest AI technologies, that provides engaging experiences to its customers in many different languages to help them improve their language skills. Users can chat about unlimited amount of topics with the app and use other modes to practice their language learning.\",\"email\":\"support@talkpal.ai\",\"legalName\":\"Talkpal, Inc.\",\"foundingDate\":\"2023-04-03\",\"duns\":\"118989042\",\"numberOfEmployees\":{\"@type\":\"QuantitativeValue\",\"minValue\":\"11\",\"maxValue\":\"50\"},\"publishingPrinciples\":\"https:\/\/talkpal.ai\/publishing-principles\/\",\"actionableFeedbackPolicy\":\"https:\/\/talkpal.ai\/actionable-feedback-policy\/\",\"correctionsPolicy\":\"https:\/\/talkpal.ai\/corrections-policy\/\",\"ethicsPolicy\":\"https:\/\/talkpal.ai\/ethics-policy\/\",\"diversityPolicy\":\"https:\/\/talkpal.ai\/diversity-policy\/\",\"diversityStaffingReport\":\"https:\/\/talkpal.ai\/diversity-policy\/\"}]}<\/script>\n<!-- \/ Yoast SEO Premium plugin. -->","yoast_head_json":{"title":"Ushtrime gramatikore malteze - Talkpal","description":"Zot\u00ebroni gramatik\u00ebn malteze me ushtrime t\u00eb strukturuara q\u00eb mbulojn\u00eb emra, folje dhe koh\u00eb p\u00ebr t\u00eb nd\u00ebrtuar vet\u00ebbesimin dhe rrjedhshm\u00ebrin\u00eb tuaj.","robots":{"index":"index","follow":"follow","max-snippet":"max-snippet:-1","max-image-preview":"max-image-preview:large","max-video-preview":"max-video-preview:-1"},"canonical":"https:\/\/talkpal.ai\/sq\/ushtrime-gramatikore-malteze\/","og_locale":"sq_AL","og_type":"article","og_title":"Ushtrime gramatikore malteze","og_description":"Temat e gramatik\u00ebs malteze M\u00ebsimi i nj\u00eb gjuhe t\u00eb re mund t\u00eb jet\u00eb nj\u00eb p\u00ebrpjekje sfiduese por shp\u00ebrblyese. Maltishtja, nj\u00eb gjuh\u00eb semitike me ndikim t\u00eb fort\u00eb","og_url":"https:\/\/talkpal.ai\/sq\/ushtrime-gramatikore-malteze\/","og_site_name":"Talkpal","article_publisher":"https:\/\/www.facebook.com\/profile.php?id=100090733639311","article_modified_time":"2025-12-30T13:37:51+00:00","og_image":[{"width":2880,"height":1620,"url":"https:\/\/talkpal.ai\/wp-content\/uploads\/2025\/02\/Progress-tab-16_9.png","type":"image\/png"}],"twitter_card":"summary_large_image","twitter_site":"@talkpalai","twitter_misc":{"Est. reading time":"3 minutes"},"schema":{"@context":"https:\/\/schema.org","@graph":[{"@type":"WebPage","@id":"https:\/\/talkpal.ai\/sq\/ushtrime-gramatikore-malteze\/","url":"https:\/\/talkpal.ai\/sq\/ushtrime-gramatikore-malteze\/","name":"Ushtrime gramatikore malteze - Talkpal","isPartOf":{"@id":"https:\/\/talkpal.ai\/sq\/#website"},"datePublished":"2025-11-12T15:41:46+00:00","dateModified":"2025-12-30T13:37:51+00:00","description":"Zot\u00ebroni gramatik\u00ebn malteze me ushtrime t\u00eb strukturuara q\u00eb mbulojn\u00eb emra, folje dhe koh\u00eb p\u00ebr t\u00eb nd\u00ebrtuar vet\u00ebbesimin dhe rrjedhshm\u00ebrin\u00eb tuaj.","breadcrumb":{"@id":"https:\/\/talkpal.ai\/sq\/ushtrime-gramatikore-malteze\/#breadcrumb"},"inLanguage":"sq-AL","potentialAction":[{"@type":"ReadAction","target":["https:\/\/talkpal.ai\/sq\/ushtrime-gramatikore-malteze\/"]}]},{"@type":"BreadcrumbList","@id":"https:\/\/talkpal.ai\/sq\/ushtrime-gramatikore-malteze\/#breadcrumb","itemListElement":[{"@type":"ListItem","position":1,"name":"Homepage","item":"https:\/\/talkpal.ai\/sq\/"},{"@type":"ListItem","position":2,"name":"Ushtrime gramatikore malteze"}]},{"@type":"WebSite","@id":"https:\/\/talkpal.ai\/sq\/#website","url":"https:\/\/talkpal.ai\/sq\/","name":"Talkpal","description":"AI Language Learning","publisher":{"@id":"https:\/\/talkpal.ai\/sq\/#organization"},"alternateName":"Talkpal AI","potentialAction":[{"@type":"SearchAction","target":{"@type":"EntryPoint","urlTemplate":"https:\/\/talkpal.ai\/sq\/?s={search_term_string}"},"query-input":{"@type":"PropertyValueSpecification","valueRequired":true,"valueName":"search_term_string"}}],"inLanguage":"sq-AL"},{"@type":"Organization","@id":"https:\/\/talkpal.ai\/sq\/#organization","name":"Talkpal, Inc.","alternateName":"Talkpal AI","url":"https:\/\/talkpal.ai\/sq\/","logo":{"@type":"ImageObject","inLanguage":"sq-AL","@id":"https:\/\/talkpal.ai\/sq\/#\/schema\/logo\/image\/","url":"https:\/\/talkpal.ai\/wp-content\/uploads\/2024\/03\/Talkpal-Logo-Icon.png","contentUrl":"https:\/\/talkpal.ai\/wp-content\/uploads\/2024\/03\/Talkpal-Logo-Icon.png","width":2880,"height":2880,"caption":"Talkpal, Inc."},"image":{"@id":"https:\/\/talkpal.ai\/sq\/#\/schema\/logo\/image\/"},"sameAs":["https:\/\/www.facebook.com\/profile.php?id=100090733639311","https:\/\/x.com\/talkpalai","https:\/\/www.linkedin.com\/company\/talkpal\/","https:\/\/www.youtube.com\/@TalkPal\/","https:\/\/www.tiktok.com\/@talkpal","https:\/\/www.instagram.com\/talkpal_ai\/","https:\/\/www.crunchbase.com\/organization\/talkpal-9cde","https:\/\/www.g2.com\/products\/talkpal-for-business\/","https:\/\/www.trustpilot.com\/review\/talkpal.ai","https:\/\/www.capterra.com\/p\/10006800\/TalkPal\/"],"description":"Talkpal is a language learning web and mobile education app, powered by the latest AI technologies, that provides engaging experiences to its customers in many different languages to help them improve their language skills. Users can chat about unlimited amount of topics with the app and use other modes to practice their language learning.","email":"support@talkpal.ai","legalName":"Talkpal, Inc.","foundingDate":"2023-04-03","duns":"118989042","numberOfEmployees":{"@type":"QuantitativeValue","minValue":"11","maxValue":"50"},"publishingPrinciples":"https:\/\/talkpal.ai\/publishing-principles\/","actionableFeedbackPolicy":"https:\/\/talkpal.ai\/actionable-feedback-policy\/","correctionsPolicy":"https:\/\/talkpal.ai\/corrections-policy\/","ethicsPolicy":"https:\/\/talkpal.ai\/ethics-policy\/","diversityPolicy":"https:\/\/talkpal.ai\/diversity-policy\/","diversityStaffingReport":"https:\/\/talkpal.ai\/diversity-policy\/"}]}},"_links":{"self":[{"href":"https:\/\/talkpal.ai\/sq\/wp-json\/wp\/v2\/pages\/1473958","targetHints":{"allow":["GET"]}}],"collection":[{"href":"https:\/\/talkpal.ai\/sq\/wp-json\/wp\/v2\/pages"}],"about":[{"href":"https:\/\/talkpal.ai\/sq\/wp-json\/wp\/v2\/types\/page"}],"author":[{"embeddable":true,"href":"https:\/\/talkpal.ai\/sq\/wp-json\/wp\/v2\/users\/20"}],"replies":[{"embeddable":true,"href":"https:\/\/talkpal.ai\/sq\/wp-json\/wp\/v2\/comments?post=1473958"}],"version-history":[{"count":0,"href":"https:\/\/talkpal.ai\/sq\/wp-json\/wp\/v2\/pages\/1473958\/revisions"}],"wp:attachment":[{"href":"https:\/\/talkpal.ai\/sq\/wp-json\/wp\/v2\/media?parent=1473958"}],"curies":[{"name":"wp","href":"https:\/\/api.w.org\/{rel}","templated":true}]}}