{"id":1473957,"date":"2025-11-12T15:39:07","date_gmt":"2025-11-12T15:39:07","guid":{"rendered":"https:\/\/talkpal.ai\/gramatika-malteze\/"},"modified":"2025-12-30T13:53:44","modified_gmt":"2025-12-30T13:53:44","slug":"gramatika-malteze","status":"publish","type":"page","link":"https:\/\/talkpal.ai\/sq\/gramatika-malteze\/","title":{"rendered":"Gramatika malteze"},"content":{"rendered":"\r\n\r\n\r\n<section class=\"languageChallengeSection\">\r\n    <div class=\"languageInfoWrapper\">\r\n        \r\n        <h1>Gramatika malteze<\/h1>\r\n        <p><a href=\"https:\/\/talkpal.ai\/maltese-grammar\/\">Gramatika malteze<\/a> mund t\u00eb duket sfiduese n\u00eb fillim, por karakteristikat e saj unike e b\u00ebjn\u00eb m\u00ebsimin e gjuh\u00ebs nj\u00eb p\u00ebrvoj\u00eb shp\u00ebrblyese. Duke eksploruar alfabetin, mutacionet dhe rregullat gramatikore, do t\u00eb fitoni njohuri p\u00ebr nj\u00eb tradit\u00eb t\u00eb pasur gjuh\u00ebsore. Filloni udh\u00ebtimin tuaj dhe zbuloni bukurin\u00eb e maltez\u00ebve!<\/p>\r\n\r\n                            <a class=\"getStartedHidden\" href=\"https:\/\/app.talkpal.ai\/signup?lng=\">Filloni<\/a>\r\n        \r\n    <\/div>\r\n\r\n    <figure>\r\n    <img decoding=\"async\" width=\"768\" height=\"768\" src=\"https:\/\/talkpal.ai\/wp-content\/uploads\/2023\/06\/welsh-768x768.png\" class=\"languageImage no-lazy\" alt=\"Language learning for better cognitive abilities\" fetchpriority=\"high\" sizes=\"(max-width: 768px) 150px, 768px\" srcset=\"https:\/\/talkpal.ai\/wp-content\/uploads\/2023\/06\/welsh-768x768.png 768w, https:\/\/talkpal.ai\/wp-content\/uploads\/2023\/06\/welsh-300x300.png 300w\" \/>\r\n    \r\n\r\n    <\/figure>\r\n\r\n            <a class=\"getStartedVisible\" href=\"https:\/\/app.talkpal.ai\/signup?lng=\">Filloni<\/a>\r\n    \r\n<\/section><section class=\"promotionalBanner\">\r\n    <p class=\"promotionalText\">M\u00ebnyra m\u00eb efikase p\u00ebr t\u00eb m\u00ebsuar nj\u00eb gjuh\u00eb<\/p>\r\n    <a class=\"promotionalLink\" href=\"https:\/\/app.talkpal.ai\/signup?lng=\">Provoni Talkpal falas<\/a>\r\n<\/section>\n<div class=\"wp-block-group pageContainerStyle\"><div class=\"wp-block-group__inner-container is-layout-constrained wp-block-group-is-layout-constrained\">\n<h2 class=\"wp-block-heading\" id=\"h-navigating-the-intricacies-of-maltese-grammar\">Lundrimi n\u00eb nd\u00ebrlikimet e gramatik\u00ebs malteze<\/h2>\n\n\n\n<p><a href=\"https:\/\/talkpal.ai\/sq\/mesoni-maltezisht\/\">Maltishtja<\/a>, nj\u00eb gjuh\u00eb semite me rr\u00ebnj\u00eb t\u00eb thella mesdhetare dhe r\u00ebnd\u00ebsi t\u00eb gjall\u00eb kulturore, ofron nj\u00eb p\u00ebrvoj\u00eb emocionuese gjuh\u00ebsore p\u00ebr ata q\u00eb d\u00ebshirojn\u00eb t\u00eb eksplorojn\u00eb sistemin e saj unik gramatikor. Nd\u00ebrsa hyni n\u00eb mbret\u00ebrin\u00eb e maltezishtes, jo vet\u00ebm q\u00eb do t\u00eb pasuroni repertorin tuaj gjuh\u00ebsor, por edhe do t\u00eb p\u00ebrqafoni nj\u00eb udh\u00ebtim kulturor magjeps\u00ebs. Nd\u00ebrsa gramatika malteze mund t\u00eb duket e komplikuar n\u00eb fillim, zb\u00ebrthimi i saj n\u00eb komponent\u00eb thelb\u00ebsor\u00eb e b\u00ebn m\u00ebsimin e gjuh\u00ebs m\u00eb t\u00eb arritsh\u00ebm. N\u00eb k\u00ebt\u00eb artikull, ne do t\u00eb eksplorojm\u00eb bot\u00ebn magjeps\u00ebse t\u00eb gramatik\u00ebs malteze dhe do t\u00eb japim k\u00ebshilla <a href=\"https:\/\/talkpal.ai\/culture\/what-is-the-difference-between-se-and-si\/\">se si<\/a> t\u00eb zot\u00ebroni kompleksitetin e saj.<\/p>\n\n\n\n<h3 class=\"wp-block-heading\" id=\"h-1-maltese-alphabet-and-phonetics\">1. Alfabeti dhe fonetika malteze<\/h3>\n\n\n\n<p>Alfabeti maltez p\u00ebrb\u00ebhet nga 30 shkronja, disa prej t\u00eb cilave jan\u00eb unike p\u00ebr gjuh\u00ebn, t\u00eb tilla si &#8220;g\u0127&#8221;, &#8220;\u0127&#8221;, &#8220;q&#8221;, &#8220;\u010b&#8221;, &#8220;\u0121&#8221;, &#8220;\u017c&#8221; dhe &#8220;x&#8221;. P\u00ebr t\u00eb m\u00ebsuar gramatik\u00ebn <a href=\"https:\/\/talkpal.ai\/learn-maltese\/\">maltese<\/a>, \u00ebsht\u00eb thelb\u00ebsore t\u00eb njiheni me k\u00ebt\u00eb sistem t\u00eb ve\u00e7ant\u00eb shkrimi duke praktikuar leximin dhe shkrimin n\u00eb malteze.<\/p>\n\n\n\n<h3 class=\"wp-block-heading\" id=\"h-2-assimilation-a-peculiar-maltese-feature\">2. Asimilimi: Nj\u00eb ve\u00e7ori e ve\u00e7ant\u00eb malteze<\/h3>\n\n\n\n<p>Nj\u00eb aspekt dallues i gramatik\u00ebs malteze \u00ebsht\u00eb asimilimi i artikullit t\u00eb caktuar dhe ndryshimet e z\u00ebrit p\u00ebrkat\u00ebse. Artikulli &#8220;il-&#8221; ose &#8220;l-&#8221; shpesh asimilohet me bashk\u00ebting\u00eblloren fillestare t\u00eb emrave t\u00eb caktuar, duke prodhuar nj\u00eb tingull t\u00eb dyfisht\u00eb, si n\u00eb il + ra\u0121el = ir-ra\u0121el dhe il + sieg\u0127a = is-sieg\u0127a. Parafjal\u00ebt dhe artikulli gjithashtu formojn\u00eb tkurrje, t\u00eb tilla si ta&#8217; + il = tal. T\u00eb kuptuarit se kur dhe si ndodhin k\u00ebto asimilime dhe tkurrje \u00ebsht\u00eb jetike p\u00ebr komunikim t\u00eb sakt\u00eb n\u00eb maltez.<\/p>\n\n\n\n<h3 class=\"wp-block-heading\" id=\"h-3-nouns-and-pronouns-gender-and-cases\">3. Emrat dhe p\u00ebremrat: Gjinia dhe rastet<\/h3>\n\n\n\n<p>Emrat maltez\u00eb kan\u00eb gjini gramatikore (mashkullore ose fem\u00ebrore) dhe p\u00ebrdorin nj\u00eb s\u00ebr\u00eb strategjish t\u00eb formimit t\u00eb shum\u00ebsit, duke p\u00ebrfshir\u00eb prapashtesat si -i dhe -ij, si dhe shum\u00ebsit e thyer t\u00eb formuar nga ndryshimet e brendshme t\u00eb zanoreve. P\u00ebremrat n\u00eb <a href=\"https:\/\/talkpal.ai\/learn-maltese\/\">maltezisht<\/a> p\u00ebrfshijn\u00eb personal\u00eb (jien, inti, hu, hi, a\u0127na, intom, huma), forma pron\u00ebsore shpesh t\u00eb nd\u00ebrtuara me prapashtesa ta&#8217; ose pronominale, forma refleksive dhe t\u00eb theksuara, demonstrativ\u00eb (dan, din, dawn, dak, dik, dawk) dhe pyet\u00ebs (min, x&#8217;, fejn, meta). Njohja me k\u00ebta p\u00ebremra dhe format e <a href=\"https:\/\/talkpal.ai\/locations\/language-courses-in-tyre\/\">tyre<\/a> do t\u00eb p\u00ebrmir\u00ebsoj\u00eb ndjesh\u00ebm t\u00eb kuptuarit tuaj t\u00eb gramatik\u00ebs maltese.<\/p>\n\n\n\n<h3 class=\"wp-block-heading\" id=\"h-4-verbs-structure-and-conjugation\">4. Foljet: Struktura dhe konjugimi<\/h3>\n\n\n\n<p>Foljet malteze jan\u00eb nd\u00ebrtuar mbi rr\u00ebnj\u00ebt dhe modelet dhe konjugohen p\u00ebr personin, numrin dhe ndonj\u00ebher\u00eb gjinin\u00eb. Rrjedhjet e b\u00ebrtham\u00ebs sh\u00ebnojn\u00eb t\u00eb kaluar\u00ebn dhe jo t\u00eb kaluar\u00ebn, me t\u00eb ardhmen q\u00eb shpesh tregohet nga grimca se. Element\u00eb shtes\u00eb p\u00ebrfshijn\u00eb format e kusht\u00ebzuar me kiku dhe imperative. P\u00ebremrat e objektit mund t&#8217;i bashkangjiten foljeve, si n\u00eb rajtek (t\u00eb pash\u00eb). M\u00ebsimi i modeleve t\u00eb konjugimit t\u00eb foljeve, grimcave dhe mohimit me ma&#8230; x do t\u00eb p\u00ebrmir\u00ebsoj\u00eb aft\u00ebsin\u00eb tuaj p\u00ebr t\u00eb komunikuar n\u00eb m\u00ebnyr\u00eb efektive n\u00eb malteze.<\/p>\n\n\n\n<h3 class=\"wp-block-heading\" id=\"h-5-adjectives-agreement-and-placement\">5. Mbiemrat: Marr\u00ebveshja dhe vendosja<\/h3>\n\n\n\n<p>N\u00eb gramatik\u00ebn maltese, mbiemrat zakonisht ndjekin emrin q\u00eb modifikojn\u00eb dhe pajtohen n\u00eb gjini dhe num\u00ebr me emrin. Shum\u00eb mbiemra formojn\u00eb variante fem\u00ebrore dhe shum\u00ebs, dhe krahasuesit dhe superlativat zakonisht shprehen me aktar ose i\u017cjed, s\u00eb bashku me disa forma t\u00eb parregullta si a\u0127jar dhe ag\u0127ar, t\u00eb cilat jan\u00eb thelb\u00ebsore p\u00ebr t\u00eb m\u00ebsuar t\u00eb komunikoni n\u00eb m\u00ebnyr\u00eb m\u00eb natyrale.<\/p>\n\n\n\n<p><strong>Shembuj:<\/strong><\/p>\n\n\n\n<p><strong>\u2013 im\u0127abba kbira (dashuri e madhe)<\/strong><\/p>\n\n\n\n<p><strong>\u2013 tfal \u017cg\u0127ar (f\u00ebmij\u00eb t\u00eb vegj\u00ebl)<\/strong><\/p>\n\n\n\n<h3 class=\"wp-block-heading\" id=\"h-6-engaging-with-the-language\">6. Angazhimi me gjuh\u00ebn<\/h3>\n\n\n\n<p>M\u00ebnyra m\u00eb efektive p\u00ebr t\u00eb kuptuar dhe p\u00ebrvet\u00ebsuar plot\u00ebsisht gramatik\u00ebn malteze \u00ebsht\u00eb t\u00eb angazhoheni vazhdimisht me gjuh\u00ebn. Duke lexuar let\u00ebrsin\u00eb maltese, duke par\u00eb filma ose seriale televizive malteze dhe duke komunikuar n\u00eb m\u00ebnyr\u00eb aktive me fol\u00ebsit amtare, ju do t\u00eb p\u00ebrforconi t\u00eb kuptuarit tuaj t\u00eb gramatik\u00ebs duke zgjeruar fjalorin tuaj.<\/p>\n\n\n\n<h3 class=\"wp-block-heading\" id=\"h-conclusion\">P\u00ebrfundimi<\/h3>\n\n\n\n<p>Megjith\u00ebse gramatika malteze mund t\u00eb duket e nd\u00ebrlikuar, ju mund t\u00eb b\u00ebheni t\u00eb aft\u00eb n\u00eb k\u00ebt\u00eb gjuh\u00eb t\u00eb bukur me p\u00ebrkushtim, praktik\u00eb dhe entuziaz\u00ebm. Duke u fokusuar n\u00eb rregullat themelore dhe duke u angazhuar me gjuh\u00ebn n\u00eb kontekste t\u00eb ndryshme, ju do t\u00eb p\u00ebrmir\u00ebsoni <a href=\"https:\/\/talkpal.ai\/sq\/gramatika\/\">me shpejt\u00ebsi aft\u00ebsit\u00eb tuaja gramatikore<\/a> maltese. Xorti tajba (fat i mir\u00eb) me udh\u00ebtimin tuaj n\u00eb gjuh\u00ebn malteze dhe shijoni zb\u00ebrthimin e bot\u00ebs enigmatike por magjeps\u00ebse t\u00eb gramatik\u00ebs maltese!<\/p>\n<\/div><\/div>\n\r\n<section class=\"learnNavigationSection\">\r\n            \r\n        <a href=\"https:\/\/talkpal.ai\/sq\/mesoni-maltezisht\/\">\r\n            <div class=\"learnNavigationWrapper\">\r\n                <div class=\"learnNavigationContent\">\r\n                    <img decoding=\"async\" src=\"https:\/\/talkpal.ai\/wp-content\/uploads\/2025\/11\/Maltese.png\" alt=\"Maltese Flag\">\r\n                    <div>\r\n                        <h4>Rreth m\u00ebsimit maltez<\/h4>\r\n                        <p>Zbuloni gjith\u00e7ka rreth gramatik\u00ebs maltese.<\/p>\r\n                    <\/div>\r\n                <\/div>\r\n            <\/div>\r\n        <\/a>\r\n\r\n        \r\n        <a href=\"https:\/\/talkpal.ai\/sq\/ushtrime-gramatikore-malteze\/\">\r\n            <div class=\"learnNavigationWrapper\">\r\n                <div class=\"learnNavigationContent\">\r\n                    <img decoding=\"async\" src=\"https:\/\/talkpal.ai\/wp-content\/uploads\/2025\/11\/Maltese.png\" alt=\"Maltese Flag\">\r\n                    <div>\r\n                        <h4>Ushtrimi gramatikor maltez<\/h4>\r\n                        <p>Praktikoni gramatik\u00ebn maltese.<\/p>\r\n                    <\/div>\r\n                <\/div>\r\n            <\/div>\r\n        <\/a>\r\n\r\n            <\/section>","protected":false},"excerpt":{"rendered":"<p>Lundrimi n\u00eb nd\u00ebrlikimet e gramatik\u00ebs malteze Maltishtja, nj\u00eb gjuh\u00eb semite me rr\u00ebnj\u00eb t\u00eb thella mesdhetare dhe r\u00ebnd\u00ebsi t\u00eb gjall\u00eb kulturore, ofron nj\u00eb p\u00ebrvoj\u00eb emocionuese gjuh\u00ebsore p\u00ebr ata q\u00eb d\u00ebshirojn\u00eb t\u00eb eksplorojn\u00eb sistemin e saj unik gramatikor. Nd\u00ebrsa hyni n\u00eb mbret\u00ebrin\u00eb e maltezishtes, jo vet\u00ebm q\u00eb do t\u00eb pasuroni repertorin tuaj gjuh\u00ebsor, por edhe do t\u00eb [&hellip;]<\/p>\n","protected":false},"author":20,"featured_media":0,"parent":0,"menu_order":0,"comment_status":"closed","ping_status":"closed","template":"LearningContentPage.php","meta":{"_acf_changed":false,"footnotes":""},"class_list":["post-1473957","page","type-page","status-publish","hentry"],"acf":[],"yoast_head":"<!-- This site is optimized with the Yoast SEO Premium plugin v27.2 (Yoast SEO v27.2) - https:\/\/yoast.com\/product\/yoast-seo-premium-wordpress\/ -->\n<title>Gramatika malteze - Talkpal<\/title>\n<meta name=\"description\" content=\"Zbuloni sekretet e gramatik\u00ebs malteze duke zot\u00ebruar alfabetin, fonetik\u00ebn, modelet e foljeve dhe rregullat thelb\u00ebsore p\u00ebr rrjedhshm\u00ebri.\" \/>\n<meta name=\"robots\" content=\"index, follow, max-snippet:-1, max-image-preview:large, max-video-preview:-1\" \/>\n<link rel=\"canonical\" href=\"https:\/\/talkpal.ai\/sq\/gramatika-malteze\/\" \/>\n<meta property=\"og:locale\" content=\"sq_AL\" \/>\n<meta property=\"og:type\" content=\"article\" \/>\n<meta property=\"og:title\" content=\"Gramatika malteze\" \/>\n<meta property=\"og:description\" content=\"Lundrimi n\u00eb nd\u00ebrlikimet e gramatik\u00ebs malteze Maltishtja, nj\u00eb gjuh\u00eb semite me rr\u00ebnj\u00eb t\u00eb thella mesdhetare dhe r\u00ebnd\u00ebsi t\u00eb gjall\u00eb kulturore, ofron nj\u00eb\" \/>\n<meta property=\"og:url\" content=\"https:\/\/talkpal.ai\/sq\/gramatika-malteze\/\" \/>\n<meta property=\"og:site_name\" content=\"Talkpal\" \/>\n<meta property=\"article:publisher\" content=\"https:\/\/www.facebook.com\/profile.php?id=100090733639311\" \/>\n<meta property=\"article:modified_time\" content=\"2025-12-30T13:53:44+00:00\" \/>\n<meta property=\"og:image\" content=\"https:\/\/talkpal.ai\/wp-content\/uploads\/2025\/02\/Progress-tab-16_9.png\" \/>\n\t<meta property=\"og:image:width\" content=\"2880\" \/>\n\t<meta property=\"og:image:height\" content=\"1620\" \/>\n\t<meta property=\"og:image:type\" content=\"image\/png\" \/>\n<meta name=\"twitter:card\" content=\"summary_large_image\" \/>\n<meta name=\"twitter:site\" content=\"@talkpalai\" \/>\n<meta name=\"twitter:label1\" content=\"Est. reading time\" \/>\n\t<meta name=\"twitter:data1\" content=\"4 minutes\" \/>\n<script type=\"application\/ld+json\" class=\"yoast-schema-graph\">{\"@context\":\"https:\/\/schema.org\",\"@graph\":[{\"@type\":\"WebPage\",\"@id\":\"https:\/\/talkpal.ai\/sq\/gramatika-malteze\/\",\"url\":\"https:\/\/talkpal.ai\/sq\/gramatika-malteze\/\",\"name\":\"Gramatika malteze - Talkpal\",\"isPartOf\":{\"@id\":\"https:\/\/talkpal.ai\/sq\/#website\"},\"datePublished\":\"2025-11-12T15:39:07+00:00\",\"dateModified\":\"2025-12-30T13:53:44+00:00\",\"description\":\"Zbuloni sekretet e gramatik\u00ebs malteze duke zot\u00ebruar alfabetin, fonetik\u00ebn, modelet e foljeve dhe rregullat thelb\u00ebsore p\u00ebr rrjedhshm\u00ebri.\",\"breadcrumb\":{\"@id\":\"https:\/\/talkpal.ai\/sq\/gramatika-malteze\/#breadcrumb\"},\"inLanguage\":\"sq-AL\",\"potentialAction\":[{\"@type\":\"ReadAction\",\"target\":[\"https:\/\/talkpal.ai\/sq\/gramatika-malteze\/\"]}]},{\"@type\":\"BreadcrumbList\",\"@id\":\"https:\/\/talkpal.ai\/sq\/gramatika-malteze\/#breadcrumb\",\"itemListElement\":[{\"@type\":\"ListItem\",\"position\":1,\"name\":\"Homepage\",\"item\":\"https:\/\/talkpal.ai\/sq\/\"},{\"@type\":\"ListItem\",\"position\":2,\"name\":\"Gramatika malteze\"}]},{\"@type\":\"WebSite\",\"@id\":\"https:\/\/talkpal.ai\/sq\/#website\",\"url\":\"https:\/\/talkpal.ai\/sq\/\",\"name\":\"Talkpal\",\"description\":\"AI Language Learning\",\"publisher\":{\"@id\":\"https:\/\/talkpal.ai\/sq\/#organization\"},\"alternateName\":\"Talkpal AI\",\"potentialAction\":[{\"@type\":\"SearchAction\",\"target\":{\"@type\":\"EntryPoint\",\"urlTemplate\":\"https:\/\/talkpal.ai\/sq\/?s={search_term_string}\"},\"query-input\":{\"@type\":\"PropertyValueSpecification\",\"valueRequired\":true,\"valueName\":\"search_term_string\"}}],\"inLanguage\":\"sq-AL\"},{\"@type\":\"Organization\",\"@id\":\"https:\/\/talkpal.ai\/sq\/#organization\",\"name\":\"Talkpal, Inc.\",\"alternateName\":\"Talkpal AI\",\"url\":\"https:\/\/talkpal.ai\/sq\/\",\"logo\":{\"@type\":\"ImageObject\",\"inLanguage\":\"sq-AL\",\"@id\":\"https:\/\/talkpal.ai\/sq\/#\/schema\/logo\/image\/\",\"url\":\"https:\/\/talkpal.ai\/wp-content\/uploads\/2024\/03\/Talkpal-Logo-Icon.png\",\"contentUrl\":\"https:\/\/talkpal.ai\/wp-content\/uploads\/2024\/03\/Talkpal-Logo-Icon.png\",\"width\":2880,\"height\":2880,\"caption\":\"Talkpal, Inc.\"},\"image\":{\"@id\":\"https:\/\/talkpal.ai\/sq\/#\/schema\/logo\/image\/\"},\"sameAs\":[\"https:\/\/www.facebook.com\/profile.php?id=100090733639311\",\"https:\/\/x.com\/talkpalai\",\"https:\/\/www.linkedin.com\/company\/talkpal\/\",\"https:\/\/www.youtube.com\/@TalkPal\/\",\"https:\/\/www.tiktok.com\/@talkpal\",\"https:\/\/www.instagram.com\/talkpal_ai\/\",\"https:\/\/www.crunchbase.com\/organization\/talkpal-9cde\",\"https:\/\/www.g2.com\/products\/talkpal-for-business\/\",\"https:\/\/www.trustpilot.com\/review\/talkpal.ai\",\"https:\/\/www.capterra.com\/p\/10006800\/TalkPal\/\"],\"description\":\"Talkpal is a language learning web and mobile education app, powered by the latest AI technologies, that provides engaging experiences to its customers in many different languages to help them improve their language skills. Users can chat about unlimited amount of topics with the app and use other modes to practice their language learning.\",\"email\":\"support@talkpal.ai\",\"legalName\":\"Talkpal, Inc.\",\"foundingDate\":\"2023-04-03\",\"duns\":\"118989042\",\"numberOfEmployees\":{\"@type\":\"QuantitativeValue\",\"minValue\":\"11\",\"maxValue\":\"50\"},\"publishingPrinciples\":\"https:\/\/talkpal.ai\/publishing-principles\/\",\"actionableFeedbackPolicy\":\"https:\/\/talkpal.ai\/actionable-feedback-policy\/\",\"correctionsPolicy\":\"https:\/\/talkpal.ai\/corrections-policy\/\",\"ethicsPolicy\":\"https:\/\/talkpal.ai\/ethics-policy\/\",\"diversityPolicy\":\"https:\/\/talkpal.ai\/diversity-policy\/\",\"diversityStaffingReport\":\"https:\/\/talkpal.ai\/diversity-policy\/\"}]}<\/script>\n<!-- \/ Yoast SEO Premium plugin. -->","yoast_head_json":{"title":"Gramatika malteze - Talkpal","description":"Zbuloni sekretet e gramatik\u00ebs malteze duke zot\u00ebruar alfabetin, fonetik\u00ebn, modelet e foljeve dhe rregullat thelb\u00ebsore p\u00ebr rrjedhshm\u00ebri.","robots":{"index":"index","follow":"follow","max-snippet":"max-snippet:-1","max-image-preview":"max-image-preview:large","max-video-preview":"max-video-preview:-1"},"canonical":"https:\/\/talkpal.ai\/sq\/gramatika-malteze\/","og_locale":"sq_AL","og_type":"article","og_title":"Gramatika malteze","og_description":"Lundrimi n\u00eb nd\u00ebrlikimet e gramatik\u00ebs malteze Maltishtja, nj\u00eb gjuh\u00eb semite me rr\u00ebnj\u00eb t\u00eb thella mesdhetare dhe r\u00ebnd\u00ebsi t\u00eb gjall\u00eb kulturore, ofron nj\u00eb","og_url":"https:\/\/talkpal.ai\/sq\/gramatika-malteze\/","og_site_name":"Talkpal","article_publisher":"https:\/\/www.facebook.com\/profile.php?id=100090733639311","article_modified_time":"2025-12-30T13:53:44+00:00","og_image":[{"width":2880,"height":1620,"url":"https:\/\/talkpal.ai\/wp-content\/uploads\/2025\/02\/Progress-tab-16_9.png","type":"image\/png"}],"twitter_card":"summary_large_image","twitter_site":"@talkpalai","twitter_misc":{"Est. reading time":"4 minutes"},"schema":{"@context":"https:\/\/schema.org","@graph":[{"@type":"WebPage","@id":"https:\/\/talkpal.ai\/sq\/gramatika-malteze\/","url":"https:\/\/talkpal.ai\/sq\/gramatika-malteze\/","name":"Gramatika malteze - Talkpal","isPartOf":{"@id":"https:\/\/talkpal.ai\/sq\/#website"},"datePublished":"2025-11-12T15:39:07+00:00","dateModified":"2025-12-30T13:53:44+00:00","description":"Zbuloni sekretet e gramatik\u00ebs malteze duke zot\u00ebruar alfabetin, fonetik\u00ebn, modelet e foljeve dhe rregullat thelb\u00ebsore p\u00ebr rrjedhshm\u00ebri.","breadcrumb":{"@id":"https:\/\/talkpal.ai\/sq\/gramatika-malteze\/#breadcrumb"},"inLanguage":"sq-AL","potentialAction":[{"@type":"ReadAction","target":["https:\/\/talkpal.ai\/sq\/gramatika-malteze\/"]}]},{"@type":"BreadcrumbList","@id":"https:\/\/talkpal.ai\/sq\/gramatika-malteze\/#breadcrumb","itemListElement":[{"@type":"ListItem","position":1,"name":"Homepage","item":"https:\/\/talkpal.ai\/sq\/"},{"@type":"ListItem","position":2,"name":"Gramatika malteze"}]},{"@type":"WebSite","@id":"https:\/\/talkpal.ai\/sq\/#website","url":"https:\/\/talkpal.ai\/sq\/","name":"Talkpal","description":"AI Language Learning","publisher":{"@id":"https:\/\/talkpal.ai\/sq\/#organization"},"alternateName":"Talkpal AI","potentialAction":[{"@type":"SearchAction","target":{"@type":"EntryPoint","urlTemplate":"https:\/\/talkpal.ai\/sq\/?s={search_term_string}"},"query-input":{"@type":"PropertyValueSpecification","valueRequired":true,"valueName":"search_term_string"}}],"inLanguage":"sq-AL"},{"@type":"Organization","@id":"https:\/\/talkpal.ai\/sq\/#organization","name":"Talkpal, Inc.","alternateName":"Talkpal AI","url":"https:\/\/talkpal.ai\/sq\/","logo":{"@type":"ImageObject","inLanguage":"sq-AL","@id":"https:\/\/talkpal.ai\/sq\/#\/schema\/logo\/image\/","url":"https:\/\/talkpal.ai\/wp-content\/uploads\/2024\/03\/Talkpal-Logo-Icon.png","contentUrl":"https:\/\/talkpal.ai\/wp-content\/uploads\/2024\/03\/Talkpal-Logo-Icon.png","width":2880,"height":2880,"caption":"Talkpal, Inc."},"image":{"@id":"https:\/\/talkpal.ai\/sq\/#\/schema\/logo\/image\/"},"sameAs":["https:\/\/www.facebook.com\/profile.php?id=100090733639311","https:\/\/x.com\/talkpalai","https:\/\/www.linkedin.com\/company\/talkpal\/","https:\/\/www.youtube.com\/@TalkPal\/","https:\/\/www.tiktok.com\/@talkpal","https:\/\/www.instagram.com\/talkpal_ai\/","https:\/\/www.crunchbase.com\/organization\/talkpal-9cde","https:\/\/www.g2.com\/products\/talkpal-for-business\/","https:\/\/www.trustpilot.com\/review\/talkpal.ai","https:\/\/www.capterra.com\/p\/10006800\/TalkPal\/"],"description":"Talkpal is a language learning web and mobile education app, powered by the latest AI technologies, that provides engaging experiences to its customers in many different languages to help them improve their language skills. Users can chat about unlimited amount of topics with the app and use other modes to practice their language learning.","email":"support@talkpal.ai","legalName":"Talkpal, Inc.","foundingDate":"2023-04-03","duns":"118989042","numberOfEmployees":{"@type":"QuantitativeValue","minValue":"11","maxValue":"50"},"publishingPrinciples":"https:\/\/talkpal.ai\/publishing-principles\/","actionableFeedbackPolicy":"https:\/\/talkpal.ai\/actionable-feedback-policy\/","correctionsPolicy":"https:\/\/talkpal.ai\/corrections-policy\/","ethicsPolicy":"https:\/\/talkpal.ai\/ethics-policy\/","diversityPolicy":"https:\/\/talkpal.ai\/diversity-policy\/","diversityStaffingReport":"https:\/\/talkpal.ai\/diversity-policy\/"}]}},"_links":{"self":[{"href":"https:\/\/talkpal.ai\/sq\/wp-json\/wp\/v2\/pages\/1473957","targetHints":{"allow":["GET"]}}],"collection":[{"href":"https:\/\/talkpal.ai\/sq\/wp-json\/wp\/v2\/pages"}],"about":[{"href":"https:\/\/talkpal.ai\/sq\/wp-json\/wp\/v2\/types\/page"}],"author":[{"embeddable":true,"href":"https:\/\/talkpal.ai\/sq\/wp-json\/wp\/v2\/users\/20"}],"replies":[{"embeddable":true,"href":"https:\/\/talkpal.ai\/sq\/wp-json\/wp\/v2\/comments?post=1473957"}],"version-history":[{"count":0,"href":"https:\/\/talkpal.ai\/sq\/wp-json\/wp\/v2\/pages\/1473957\/revisions"}],"wp:attachment":[{"href":"https:\/\/talkpal.ai\/sq\/wp-json\/wp\/v2\/media?parent=1473957"}],"curies":[{"name":"wp","href":"https:\/\/api.w.org\/{rel}","templated":true}]}}