{"id":1473928,"date":"2025-11-12T12:26:29","date_gmt":"2025-11-12T12:26:29","guid":{"rendered":"https:\/\/talkpal.ai\/gramatika-malayalam\/"},"modified":"2025-12-30T13:59:12","modified_gmt":"2025-12-30T13:59:12","slug":"gramatika-malayalam","status":"publish","type":"page","link":"https:\/\/talkpal.ai\/sq\/gramatika-malayalam\/","title":{"rendered":"Gramatika Malayalam"},"content":{"rendered":"\r\n\r\n\r\n<section class=\"languageChallengeSection\">\r\n    <div class=\"languageInfoWrapper\">\r\n        \r\n        <h1>Gramatika Malayalam<\/h1>\r\n        <p><a href=\"https:\/\/talkpal.ai\/sq\/gramatika\/\">Gramatika<\/a> malajalame mund t\u00eb duket sfiduese n\u00eb fillim, por karakteristikat e saj unike e b\u00ebjn\u00eb m\u00ebsimin e gjuh\u00ebs nj\u00eb p\u00ebrvoj\u00eb shp\u00ebrblyese. Duke eksploruar alfabetin, mutacionet dhe rregullat gramatikore, do t\u00eb fitoni njohuri p\u00ebr nj\u00eb tradit\u00eb t\u00eb pasur gjuh\u00ebsore. Filloni udh\u00ebtimin tuaj dhe zbuloni bukurin\u00eb e <a href=\"https:\/\/talkpal.ai\/learn-malayalam\/\">Malayalam<\/a>!<\/p>\r\n\r\n                            <a class=\"getStartedHidden\" href=\"https:\/\/app.talkpal.ai\/signup?lng=\">Filloni<\/a>\r\n        \r\n    <\/div>\r\n\r\n    <figure>\r\n    <img decoding=\"async\" width=\"768\" height=\"768\" src=\"https:\/\/talkpal.ai\/wp-content\/uploads\/2023\/06\/welsh-768x768.png\" class=\"languageImage no-lazy\" alt=\"Language learning for better cognitive abilities\" fetchpriority=\"high\" sizes=\"(max-width: 768px) 150px, 768px\" srcset=\"https:\/\/talkpal.ai\/wp-content\/uploads\/2023\/06\/welsh-768x768.png 768w, https:\/\/talkpal.ai\/wp-content\/uploads\/2023\/06\/welsh-300x300.png 300w\" \/>\r\n    \r\n\r\n    <\/figure>\r\n\r\n            <a class=\"getStartedVisible\" href=\"https:\/\/app.talkpal.ai\/signup?lng=\">Filloni<\/a>\r\n    \r\n<\/section><section class=\"promotionalBanner\">\r\n    <p class=\"promotionalText\">M\u00ebnyra m\u00eb efikase p\u00ebr t\u00eb m\u00ebsuar nj\u00eb gjuh\u00eb<\/p>\r\n    <a class=\"promotionalLink\" href=\"https:\/\/app.talkpal.ai\/signup?lng=\">Provoni Talkpal falas<\/a>\r\n<\/section>\n<div class=\"wp-block-group pageContainerStyle\"><div class=\"wp-block-group__inner-container is-layout-constrained wp-block-group-is-layout-constrained\">\n<h2 class=\"wp-block-heading\" id=\"h-navigating-the-intricacies-of-malayalam-grammar\">Lundrimi n\u00eb nd\u00ebrlikimet e gramatik\u00ebs malajalame<\/h2>\n\n\n\n<p><a href=\"https:\/\/talkpal.ai\/sq\/mesoni-malayalam\/\">Malayalam<\/a>, nj\u00eb gjuh\u00eb dravidiane me nj\u00eb histori t\u00eb pasur dhe rr\u00ebnj\u00eb t\u00eb thella kulturore n\u00eb Kerala dhe diaspor\u00eb, ofron nj\u00eb p\u00ebrvoj\u00eb emocionuese gjuh\u00ebsore p\u00ebr ata q\u00eb d\u00ebshirojn\u00eb t\u00eb eksplorojn\u00eb sistemin e saj unik gramatikor. Nd\u00ebrsa hyni n\u00eb mbret\u00ebrin\u00eb e Malayalam, jo vet\u00ebm q\u00eb do t\u00eb pasuroni repertorin tuaj gjuh\u00ebsor, por edhe do t\u00eb p\u00ebrqafoni nj\u00eb udh\u00ebtim magjeps\u00ebs kulturor. Nd\u00ebrsa gramatika malajalame mund t\u00eb duket komplekse n\u00eb fillim, zb\u00ebrthimi i saj n\u00eb komponent\u00eb thelb\u00ebsor\u00eb e b\u00ebn m\u00ebsimin e gjuh\u00ebs m\u00eb t\u00eb arritsh\u00ebm. N\u00eb k\u00ebt\u00eb artikull, ne do t\u00eb eksplorojm\u00eb bot\u00ebn magjeps\u00ebse t\u00eb gramatik\u00ebs malajalame dhe do t\u00eb japim k\u00ebshilla <a href=\"https:\/\/talkpal.ai\/culture\/what-is-the-difference-between-se-and-si\/\">se si<\/a> t\u00eb zot\u00ebroni kompleksitetin e saj.<\/p>\n\n\n\n<h3 class=\"wp-block-heading\" id=\"h-1-malayalam-alphabet-and-phonetics\">1. Alfabeti malajalam dhe fonetika<\/h3>\n\n\n\n<p>Shkrimi <a href=\"https:\/\/talkpal.ai\/learn-malayalam\/\">malajalam<\/a> \u00ebsht\u00eb nj\u00eb abugida q\u00eb p\u00ebrmban zanore t\u00eb pavarura, bashk\u00ebting\u00ebllore me zanore t\u00eb qen\u00ebsishme dhe shenja zanore t\u00eb varura. Nx\u00ebn\u00ebsit duhet t\u00eb njihen me zanoret dhe bashk\u00ebting\u00eblloret e tij, duke p\u00ebrfshir\u00eb tingujt dallues si bashk\u00ebting\u00eblloret retrofleks dhe tingullin e duksh\u00ebm &#8220;zh&#8221;. Konceptet kryesore t\u00eb shkrimit p\u00ebrfshijn\u00eb zanoren e natyrshme a, shenj\u00ebn virama t\u00eb quajtur chandrakkala p\u00ebr t\u00eb shtypur zanoret, bashk\u00ebting\u00eblloret e lidhura dhe shkronjat speciale chillu. P\u00ebr t\u00eb m\u00ebsuar gramatik\u00ebn malajalame, \u00ebsht\u00eb thelb\u00ebsore t\u00eb praktikoni leximin dhe shkrimin n\u00eb malajalamisht.<\/p>\n\n\n\n<h3 class=\"wp-block-heading\" id=\"h-2-sandhi-and-assimilation-a-peculiar-malayalam-feature\">2. Sandhi dhe asimilimi: Nj\u00eb ve\u00e7ori e ve\u00e7ant\u00eb malajalame<\/h3>\n\n\n\n<p>Nj\u00eb nga aspektet m\u00eb t\u00eb habitshme t\u00eb fonologjis\u00eb malajalame \u00ebsht\u00eb p\u00ebrhapja e sandhit, asimilimit dhe geminimit bashk\u00ebting\u00ebllore n\u00eb kufijt\u00eb e morfem\u00ebs dhe fjal\u00ebve. Tingujt mund t\u00eb ndryshojn\u00eb kur shtohen prapashtesat ose kur fjal\u00ebt kombinohen n\u00eb komponime, dhe hund\u00ebt shpesh asimilohen me bashk\u00ebting\u00eblloret pasuese. T\u00eb kuptuarit se kur dhe si ndodhin k\u00ebto ndryshime \u00ebsht\u00eb jetik p\u00ebr shqiptimin natyror dhe komunikimin e sakt\u00eb n\u00eb Malayalam.<\/p>\n\n\n\n<h3 class=\"wp-block-heading\" id=\"h-3-nouns-and-pronouns-gender-and-cases\">3. Emrat dhe p\u00ebremrat: Gjinia dhe rastet<\/h3>\n\n\n\n<p>Emrat malajalam zakonisht nuk sh\u00ebnojn\u00eb gjinin\u00eb gramatikore dhe formimi i shum\u00ebsit shpesh p\u00ebrdor prapashtes\u00ebn -kal, me disa parregullsi dhe alternativa. Marr\u00ebdh\u00ebniet e rasteve shprehen me prapashtesa dhe postpozicione, t\u00eb tilla si akuzativi -e, dativi -kku ose -inu, gjenitivi -ude, instrumental -al, lokativ -il, ablativ -il ninnu, sociativ -ote dhe vokativi -e. P\u00ebremrat n\u00eb Malayalam p\u00ebrfshijn\u00eb p\u00ebremra personal\u00eb si njan, ni, ningal, nammal, avan, aval dhe avar honorifik, si dhe forma posesive p\u00ebrmes gjenitivit, nxirjes refleksive ose nxirjes, demonstrativ\u00ebve si i dhe aa, dhe pyetjeve t\u00eb tilla si aar, entu, evide dhe eppol. Njohja me k\u00ebta p\u00ebremra dhe format e <a href=\"https:\/\/talkpal.ai\/locations\/language-courses-in-tyre\/\">tyre<\/a> do t\u00eb p\u00ebrmir\u00ebsoj\u00eb ndjesh\u00ebm kuptimin tuaj t\u00eb gramatik\u00ebs malajalame.<\/p>\n\n\n\n<h3 class=\"wp-block-heading\" id=\"h-4-verbs-structure-and-conjugation\">4. Foljet: Struktura dhe konjugimi<\/h3>\n\n\n\n<p>Foljet malajalame kryesisht p\u00ebrkulen p\u00ebr koh\u00ebn, aspektin, humorin dhe polaritetin, jo p\u00ebr personin ose num\u00ebrin. Format thelb\u00ebsore t\u00eb aspektit t\u00eb tensionit p\u00ebrfshijn\u00eb t\u00eb tashmen progresive -unnu, t\u00eb kaluar\u00ebn -i ose -u dhe t\u00eb ardhmen -um. Mohimi zakonisht formohet me -illa, dhe humoret e r\u00ebnd\u00ebsishme p\u00ebrfshijn\u00eb imperativin dhe t\u00eb kusht\u00ebzuar, shpesh t\u00eb nd\u00ebrtuara me lidh\u00ebs si -enkil ose -al. Foljet dhe pjes\u00ebmarr\u00ebsit ndihm\u00ebs jan\u00eb qendrore p\u00ebr gjuh\u00ebn, me forma si -unna, -iya dhe -aya q\u00eb p\u00ebrdoren p\u00ebr t\u00eb krijuar fjali relative dhe nd\u00ebrtime perifrastike. M\u00ebsimi i k\u00ebtyre modeleve do t\u00eb p\u00ebrmir\u00ebsoj\u00eb aft\u00ebsin\u00eb tuaj p\u00ebr t\u00eb komunikuar n\u00eb m\u00ebnyr\u00eb efektive n\u00eb Malayalam.<\/p>\n\n\n\n<h3 class=\"wp-block-heading\" id=\"h-5-adjectives-agreement-and-placement\">5. Mbiemrat: Marr\u00ebveshja dhe vendosja<\/h3>\n\n\n\n<p>N\u00eb gramatik\u00ebn malajalame, mbiemrat zakonisht i paraprijn\u00eb emrit q\u00eb modifikojn\u00eb dhe nuk pajtohen n\u00eb gjini ose num\u00ebr me emrin. Shum\u00eb kuptime p\u00ebrshkruese shprehen p\u00ebrmes nd\u00ebrtimeve pjes\u00ebmarr\u00ebse ose gjenitive, dhe krahasuesit dhe superlativ\u00ebt shpesh formohen n\u00eb m\u00ebnyr\u00eb analitike, p\u00ebr shembull me kooduthal p\u00ebr krahasues dhe etavum p\u00ebr superlativ. Kuptimi i k\u00ebtyre modeleve \u00ebsht\u00eb thelb\u00ebsor p\u00ebr t\u00eb komunikuar n\u00eb m\u00ebnyr\u00eb m\u00eb natyrale.<\/p>\n\n\n\n<p><strong>Shembuj:<\/strong><\/p>\n\n\n\n<p><strong>\u2013 Valiya Sneham (Dashuri e madhe)<\/strong><\/p>\n\n\n\n<p><strong>\u2013 Cheriya Kuttikal (F\u00ebmij\u00eb t\u00eb vegj\u00ebl)<\/strong><\/p>\n\n\n\n<h3 class=\"wp-block-heading\" id=\"h-6-engaging-with-the-language\">6. Angazhimi me gjuh\u00ebn<\/h3>\n\n\n\n<p>M\u00ebnyra m\u00eb efektive p\u00ebr t\u00eb kuptuar dhe p\u00ebrvet\u00ebsuar plot\u00ebsisht gramatik\u00ebn malajalame \u00ebsht\u00eb angazhimi i vazhduesh\u00ebm me gjuh\u00ebn. Duke lexuar let\u00ebrsi dhe gazeta malajalame, duke par\u00eb filma ose seriale televizive malajalame, duke d\u00ebgjuar k\u00ebng\u00eb dhe radio dhe duke komunikuar n\u00eb m\u00ebnyr\u00eb aktive me fol\u00ebsit amtare, ju do t\u00eb p\u00ebrforconi t\u00eb kuptuarit tuaj t\u00eb gramatik\u00ebs duke zgjeruar fjalorin tuaj.<\/p>\n\n\n\n<h3 class=\"wp-block-heading\" id=\"h-conclusion\">P\u00ebrfundimi<\/h3>\n\n\n\n<p>Megjith\u00ebse gramatika malajalame mund t\u00eb duket e nd\u00ebrlikuar, ju mund t\u00eb b\u00ebheni t\u00eb aft\u00eb n\u00eb k\u00ebt\u00eb gjuh\u00eb t\u00eb bukur me p\u00ebrkushtim, praktik\u00eb dhe entuziaz\u00ebm. Duke u fokusuar n\u00eb rregullat themelore dhe duke u angazhuar me gjuh\u00ebn n\u00eb kontekste t\u00eb ndryshme, ju do t\u00eb p\u00ebrmir\u00ebsoni <a href=\"https:\/\/talkpal.ai\/sq\/gramatika\/\">me shpejt\u00ebsi aft\u00ebsit\u00eb tuaja gramatikore<\/a> malajalame. Ashamsakal (fat i mir\u00eb) me udh\u00ebtimin tuaj n\u00eb gjuh\u00ebn Malayalam dhe shijoni zb\u00ebrthimin e bot\u00ebs enigmatike por magjeps\u00ebse t\u00eb gramatik\u00ebs Malayalam!<\/p>\n<\/div><\/div>\n\r\n<section class=\"learnNavigationSection\">\r\n            \r\n        <a href=\"https:\/\/talkpal.ai\/sq\/mesoni-malayalam\/\">\r\n            <div class=\"learnNavigationWrapper\">\r\n                <div class=\"learnNavigationContent\">\r\n                    <img decoding=\"async\" src=\"https:\/\/talkpal.ai\/wp-content\/uploads\/2025\/11\/Malayalam.png\" alt=\"Indian Simplified Flag\">\r\n                    <div>\r\n                        <h4>Rreth m\u00ebsimit Malayalam<\/h4>\r\n                        <p>M\u00ebsoni gjith\u00e7ka rreth gramatik\u00ebs malajalame.<\/p>\r\n                    <\/div>\r\n                <\/div>\r\n            <\/div>\r\n        <\/a>\r\n\r\n        \r\n        <a href=\"https:\/\/talkpal.ai\/sq\/ushtrime-gramatikore-malajalame\/\">\r\n            <div class=\"learnNavigationWrapper\">\r\n                <div class=\"learnNavigationContent\">\r\n                    <img decoding=\"async\" src=\"https:\/\/talkpal.ai\/wp-content\/uploads\/2025\/11\/Malayalam.png\" alt=\"Indian Simplified Flag\">\r\n                    <div>\r\n                        <h4>Ushtrimi gramatikor Malayalam<\/h4>\r\n                        <p>Praktikoni gramatik\u00ebn malajalame.<\/p>\r\n                    <\/div>\r\n                <\/div>\r\n            <\/div>\r\n        <\/a>\r\n\r\n            <\/section>","protected":false},"excerpt":{"rendered":"<p>Lundrimi n\u00eb nd\u00ebrlikimet e gramatik\u00ebs malajalame Malayalam, nj\u00eb gjuh\u00eb dravidiane me nj\u00eb histori t\u00eb pasur dhe rr\u00ebnj\u00eb t\u00eb thella kulturore n\u00eb Kerala dhe diaspor\u00eb, ofron nj\u00eb p\u00ebrvoj\u00eb emocionuese gjuh\u00ebsore p\u00ebr ata q\u00eb d\u00ebshirojn\u00eb t\u00eb eksplorojn\u00eb sistemin e saj unik gramatikor. Nd\u00ebrsa hyni n\u00eb mbret\u00ebrin\u00eb e Malayalam, jo vet\u00ebm q\u00eb do t\u00eb pasuroni repertorin tuaj gjuh\u00ebsor, [&hellip;]<\/p>\n","protected":false},"author":20,"featured_media":0,"parent":0,"menu_order":0,"comment_status":"closed","ping_status":"closed","template":"LearningContentPage.php","meta":{"_acf_changed":false,"footnotes":""},"class_list":["post-1473928","page","type-page","status-publish","hentry"],"acf":[],"yoast_head":"<!-- This site is optimized with the Yoast SEO Premium plugin v27.2 (Yoast SEO v27.2) - https:\/\/yoast.com\/product\/yoast-seo-premium-wordpress\/ -->\n<title>Gramatika Malayalam - Talkpal<\/title>\n<meta name=\"description\" content=\"Zot\u00ebroni rregullat gramatikore t\u00eb gjuh\u00ebs malajalame, duke p\u00ebrfshir\u00eb alfabetin, emrat dhe foljet me udh\u00ebzuesin ton\u00eb gjith\u00ebp\u00ebrfshir\u00ebs t\u00eb t\u00eb m\u00ebsuarit t\u00eb gjuh\u00ebve t\u00eb inteligjenc\u00ebs artificiale.\" \/>\n<meta name=\"robots\" content=\"index, follow, max-snippet:-1, max-image-preview:large, max-video-preview:-1\" \/>\n<link rel=\"canonical\" href=\"https:\/\/talkpal.ai\/sq\/gramatika-malayalam\/\" \/>\n<meta property=\"og:locale\" content=\"sq_AL\" \/>\n<meta property=\"og:type\" content=\"article\" \/>\n<meta property=\"og:title\" content=\"Gramatika Malayalam\" \/>\n<meta property=\"og:description\" content=\"Lundrimi n\u00eb nd\u00ebrlikimet e gramatik\u00ebs malajalame Malayalam, nj\u00eb gjuh\u00eb dravidiane me nj\u00eb histori t\u00eb pasur dhe rr\u00ebnj\u00eb t\u00eb thella kulturore n\u00eb Kerala dhe\" \/>\n<meta property=\"og:url\" content=\"https:\/\/talkpal.ai\/sq\/gramatika-malayalam\/\" \/>\n<meta property=\"og:site_name\" content=\"Talkpal\" \/>\n<meta property=\"article:publisher\" content=\"https:\/\/www.facebook.com\/profile.php?id=100090733639311\" \/>\n<meta property=\"article:modified_time\" content=\"2025-12-30T13:59:12+00:00\" \/>\n<meta property=\"og:image\" content=\"https:\/\/talkpal.ai\/wp-content\/uploads\/2025\/02\/Progress-tab-16_9.png\" \/>\n\t<meta property=\"og:image:width\" content=\"2880\" \/>\n\t<meta property=\"og:image:height\" content=\"1620\" \/>\n\t<meta property=\"og:image:type\" content=\"image\/png\" \/>\n<meta name=\"twitter:card\" content=\"summary_large_image\" \/>\n<meta name=\"twitter:site\" content=\"@talkpalai\" \/>\n<meta name=\"twitter:label1\" content=\"Est. reading time\" \/>\n\t<meta name=\"twitter:data1\" content=\"4 minutes\" \/>\n<script type=\"application\/ld+json\" class=\"yoast-schema-graph\">{\"@context\":\"https:\/\/schema.org\",\"@graph\":[{\"@type\":\"WebPage\",\"@id\":\"https:\/\/talkpal.ai\/sq\/gramatika-malayalam\/\",\"url\":\"https:\/\/talkpal.ai\/sq\/gramatika-malayalam\/\",\"name\":\"Gramatika Malayalam - Talkpal\",\"isPartOf\":{\"@id\":\"https:\/\/talkpal.ai\/sq\/#website\"},\"datePublished\":\"2025-11-12T12:26:29+00:00\",\"dateModified\":\"2025-12-30T13:59:12+00:00\",\"description\":\"Zot\u00ebroni rregullat gramatikore t\u00eb gjuh\u00ebs malajalame, duke p\u00ebrfshir\u00eb alfabetin, emrat dhe foljet me udh\u00ebzuesin ton\u00eb gjith\u00ebp\u00ebrfshir\u00ebs t\u00eb t\u00eb m\u00ebsuarit t\u00eb gjuh\u00ebve t\u00eb inteligjenc\u00ebs artificiale.\",\"breadcrumb\":{\"@id\":\"https:\/\/talkpal.ai\/sq\/gramatika-malayalam\/#breadcrumb\"},\"inLanguage\":\"sq-AL\",\"potentialAction\":[{\"@type\":\"ReadAction\",\"target\":[\"https:\/\/talkpal.ai\/sq\/gramatika-malayalam\/\"]}]},{\"@type\":\"BreadcrumbList\",\"@id\":\"https:\/\/talkpal.ai\/sq\/gramatika-malayalam\/#breadcrumb\",\"itemListElement\":[{\"@type\":\"ListItem\",\"position\":1,\"name\":\"Homepage\",\"item\":\"https:\/\/talkpal.ai\/sq\/\"},{\"@type\":\"ListItem\",\"position\":2,\"name\":\"Gramatika Malayalam\"}]},{\"@type\":\"WebSite\",\"@id\":\"https:\/\/talkpal.ai\/sq\/#website\",\"url\":\"https:\/\/talkpal.ai\/sq\/\",\"name\":\"Talkpal\",\"description\":\"AI Language Learning\",\"publisher\":{\"@id\":\"https:\/\/talkpal.ai\/sq\/#organization\"},\"alternateName\":\"Talkpal AI\",\"potentialAction\":[{\"@type\":\"SearchAction\",\"target\":{\"@type\":\"EntryPoint\",\"urlTemplate\":\"https:\/\/talkpal.ai\/sq\/?s={search_term_string}\"},\"query-input\":{\"@type\":\"PropertyValueSpecification\",\"valueRequired\":true,\"valueName\":\"search_term_string\"}}],\"inLanguage\":\"sq-AL\"},{\"@type\":\"Organization\",\"@id\":\"https:\/\/talkpal.ai\/sq\/#organization\",\"name\":\"Talkpal, Inc.\",\"alternateName\":\"Talkpal AI\",\"url\":\"https:\/\/talkpal.ai\/sq\/\",\"logo\":{\"@type\":\"ImageObject\",\"inLanguage\":\"sq-AL\",\"@id\":\"https:\/\/talkpal.ai\/sq\/#\/schema\/logo\/image\/\",\"url\":\"https:\/\/talkpal.ai\/wp-content\/uploads\/2024\/03\/Talkpal-Logo-Icon.png\",\"contentUrl\":\"https:\/\/talkpal.ai\/wp-content\/uploads\/2024\/03\/Talkpal-Logo-Icon.png\",\"width\":2880,\"height\":2880,\"caption\":\"Talkpal, Inc.\"},\"image\":{\"@id\":\"https:\/\/talkpal.ai\/sq\/#\/schema\/logo\/image\/\"},\"sameAs\":[\"https:\/\/www.facebook.com\/profile.php?id=100090733639311\",\"https:\/\/x.com\/talkpalai\",\"https:\/\/www.linkedin.com\/company\/talkpal\/\",\"https:\/\/www.youtube.com\/@TalkPal\/\",\"https:\/\/www.tiktok.com\/@talkpal\",\"https:\/\/www.instagram.com\/talkpal_ai\/\",\"https:\/\/www.crunchbase.com\/organization\/talkpal-9cde\",\"https:\/\/www.g2.com\/products\/talkpal-for-business\/\",\"https:\/\/www.trustpilot.com\/review\/talkpal.ai\",\"https:\/\/www.capterra.com\/p\/10006800\/TalkPal\/\"],\"description\":\"Talkpal is a language learning web and mobile education app, powered by the latest AI technologies, that provides engaging experiences to its customers in many different languages to help them improve their language skills. Users can chat about unlimited amount of topics with the app and use other modes to practice their language learning.\",\"email\":\"support@talkpal.ai\",\"legalName\":\"Talkpal, Inc.\",\"foundingDate\":\"2023-04-03\",\"duns\":\"118989042\",\"numberOfEmployees\":{\"@type\":\"QuantitativeValue\",\"minValue\":\"11\",\"maxValue\":\"50\"},\"publishingPrinciples\":\"https:\/\/talkpal.ai\/publishing-principles\/\",\"actionableFeedbackPolicy\":\"https:\/\/talkpal.ai\/actionable-feedback-policy\/\",\"correctionsPolicy\":\"https:\/\/talkpal.ai\/corrections-policy\/\",\"ethicsPolicy\":\"https:\/\/talkpal.ai\/ethics-policy\/\",\"diversityPolicy\":\"https:\/\/talkpal.ai\/diversity-policy\/\",\"diversityStaffingReport\":\"https:\/\/talkpal.ai\/diversity-policy\/\"}]}<\/script>\n<!-- \/ Yoast SEO Premium plugin. -->","yoast_head_json":{"title":"Gramatika Malayalam - Talkpal","description":"Zot\u00ebroni rregullat gramatikore t\u00eb gjuh\u00ebs malajalame, duke p\u00ebrfshir\u00eb alfabetin, emrat dhe foljet me udh\u00ebzuesin ton\u00eb gjith\u00ebp\u00ebrfshir\u00ebs t\u00eb t\u00eb m\u00ebsuarit t\u00eb gjuh\u00ebve t\u00eb inteligjenc\u00ebs artificiale.","robots":{"index":"index","follow":"follow","max-snippet":"max-snippet:-1","max-image-preview":"max-image-preview:large","max-video-preview":"max-video-preview:-1"},"canonical":"https:\/\/talkpal.ai\/sq\/gramatika-malayalam\/","og_locale":"sq_AL","og_type":"article","og_title":"Gramatika Malayalam","og_description":"Lundrimi n\u00eb nd\u00ebrlikimet e gramatik\u00ebs malajalame Malayalam, nj\u00eb gjuh\u00eb dravidiane me nj\u00eb histori t\u00eb pasur dhe rr\u00ebnj\u00eb t\u00eb thella kulturore n\u00eb Kerala dhe","og_url":"https:\/\/talkpal.ai\/sq\/gramatika-malayalam\/","og_site_name":"Talkpal","article_publisher":"https:\/\/www.facebook.com\/profile.php?id=100090733639311","article_modified_time":"2025-12-30T13:59:12+00:00","og_image":[{"width":2880,"height":1620,"url":"https:\/\/talkpal.ai\/wp-content\/uploads\/2025\/02\/Progress-tab-16_9.png","type":"image\/png"}],"twitter_card":"summary_large_image","twitter_site":"@talkpalai","twitter_misc":{"Est. reading time":"4 minutes"},"schema":{"@context":"https:\/\/schema.org","@graph":[{"@type":"WebPage","@id":"https:\/\/talkpal.ai\/sq\/gramatika-malayalam\/","url":"https:\/\/talkpal.ai\/sq\/gramatika-malayalam\/","name":"Gramatika Malayalam - Talkpal","isPartOf":{"@id":"https:\/\/talkpal.ai\/sq\/#website"},"datePublished":"2025-11-12T12:26:29+00:00","dateModified":"2025-12-30T13:59:12+00:00","description":"Zot\u00ebroni rregullat gramatikore t\u00eb gjuh\u00ebs malajalame, duke p\u00ebrfshir\u00eb alfabetin, emrat dhe foljet me udh\u00ebzuesin ton\u00eb gjith\u00ebp\u00ebrfshir\u00ebs t\u00eb t\u00eb m\u00ebsuarit t\u00eb gjuh\u00ebve t\u00eb inteligjenc\u00ebs artificiale.","breadcrumb":{"@id":"https:\/\/talkpal.ai\/sq\/gramatika-malayalam\/#breadcrumb"},"inLanguage":"sq-AL","potentialAction":[{"@type":"ReadAction","target":["https:\/\/talkpal.ai\/sq\/gramatika-malayalam\/"]}]},{"@type":"BreadcrumbList","@id":"https:\/\/talkpal.ai\/sq\/gramatika-malayalam\/#breadcrumb","itemListElement":[{"@type":"ListItem","position":1,"name":"Homepage","item":"https:\/\/talkpal.ai\/sq\/"},{"@type":"ListItem","position":2,"name":"Gramatika Malayalam"}]},{"@type":"WebSite","@id":"https:\/\/talkpal.ai\/sq\/#website","url":"https:\/\/talkpal.ai\/sq\/","name":"Talkpal","description":"AI Language Learning","publisher":{"@id":"https:\/\/talkpal.ai\/sq\/#organization"},"alternateName":"Talkpal AI","potentialAction":[{"@type":"SearchAction","target":{"@type":"EntryPoint","urlTemplate":"https:\/\/talkpal.ai\/sq\/?s={search_term_string}"},"query-input":{"@type":"PropertyValueSpecification","valueRequired":true,"valueName":"search_term_string"}}],"inLanguage":"sq-AL"},{"@type":"Organization","@id":"https:\/\/talkpal.ai\/sq\/#organization","name":"Talkpal, Inc.","alternateName":"Talkpal AI","url":"https:\/\/talkpal.ai\/sq\/","logo":{"@type":"ImageObject","inLanguage":"sq-AL","@id":"https:\/\/talkpal.ai\/sq\/#\/schema\/logo\/image\/","url":"https:\/\/talkpal.ai\/wp-content\/uploads\/2024\/03\/Talkpal-Logo-Icon.png","contentUrl":"https:\/\/talkpal.ai\/wp-content\/uploads\/2024\/03\/Talkpal-Logo-Icon.png","width":2880,"height":2880,"caption":"Talkpal, Inc."},"image":{"@id":"https:\/\/talkpal.ai\/sq\/#\/schema\/logo\/image\/"},"sameAs":["https:\/\/www.facebook.com\/profile.php?id=100090733639311","https:\/\/x.com\/talkpalai","https:\/\/www.linkedin.com\/company\/talkpal\/","https:\/\/www.youtube.com\/@TalkPal\/","https:\/\/www.tiktok.com\/@talkpal","https:\/\/www.instagram.com\/talkpal_ai\/","https:\/\/www.crunchbase.com\/organization\/talkpal-9cde","https:\/\/www.g2.com\/products\/talkpal-for-business\/","https:\/\/www.trustpilot.com\/review\/talkpal.ai","https:\/\/www.capterra.com\/p\/10006800\/TalkPal\/"],"description":"Talkpal is a language learning web and mobile education app, powered by the latest AI technologies, that provides engaging experiences to its customers in many different languages to help them improve their language skills. Users can chat about unlimited amount of topics with the app and use other modes to practice their language learning.","email":"support@talkpal.ai","legalName":"Talkpal, Inc.","foundingDate":"2023-04-03","duns":"118989042","numberOfEmployees":{"@type":"QuantitativeValue","minValue":"11","maxValue":"50"},"publishingPrinciples":"https:\/\/talkpal.ai\/publishing-principles\/","actionableFeedbackPolicy":"https:\/\/talkpal.ai\/actionable-feedback-policy\/","correctionsPolicy":"https:\/\/talkpal.ai\/corrections-policy\/","ethicsPolicy":"https:\/\/talkpal.ai\/ethics-policy\/","diversityPolicy":"https:\/\/talkpal.ai\/diversity-policy\/","diversityStaffingReport":"https:\/\/talkpal.ai\/diversity-policy\/"}]}},"_links":{"self":[{"href":"https:\/\/talkpal.ai\/sq\/wp-json\/wp\/v2\/pages\/1473928","targetHints":{"allow":["GET"]}}],"collection":[{"href":"https:\/\/talkpal.ai\/sq\/wp-json\/wp\/v2\/pages"}],"about":[{"href":"https:\/\/talkpal.ai\/sq\/wp-json\/wp\/v2\/types\/page"}],"author":[{"embeddable":true,"href":"https:\/\/talkpal.ai\/sq\/wp-json\/wp\/v2\/users\/20"}],"replies":[{"embeddable":true,"href":"https:\/\/talkpal.ai\/sq\/wp-json\/wp\/v2\/comments?post=1473928"}],"version-history":[{"count":0,"href":"https:\/\/talkpal.ai\/sq\/wp-json\/wp\/v2\/pages\/1473928\/revisions"}],"wp:attachment":[{"href":"https:\/\/talkpal.ai\/sq\/wp-json\/wp\/v2\/media?parent=1473928"}],"curies":[{"name":"wp","href":"https:\/\/api.w.org\/{rel}","templated":true}]}}