{"id":1462162,"date":"2025-10-22T19:55:16","date_gmt":"2025-10-22T19:55:16","guid":{"rendered":"https:\/\/talkpal.ai\/zbritje-talkpal-per-mesuesit\/"},"modified":"2026-01-22T14:55:01","modified_gmt":"2026-01-22T14:55:01","slug":"zbritje-talkpal-per-mesuesit","status":"publish","type":"page","link":"https:\/\/talkpal.ai\/sq\/zbritje-talkpal-per-mesuesit\/","title":{"rendered":"Zbritje Talkpal p\u00ebr m\u00ebsuesit"},"content":{"rendered":"<section class=\"languageChallengeSection\">\r\n    <div class=\"languageInfoWrapper\">\r\n        \r\n        <h1>Zbritje Talkpal p\u00ebr m\u00ebsuesit<\/h1>\r\n        <p>Jeni m\u00ebsues q\u00eb k\u00ebrkoni t\u00eb forconi aft\u00ebsit\u00eb tuaja gjuh\u00ebsore? Talkpal ofron nj\u00eb zbritje ekskluzive prej 79% p\u00ebr m\u00ebsuesit p\u00ebr t&#039;ju ndihmuar t\u00eb m\u00ebsoni m\u00eb shpejt dhe m\u00eb zgjuar. Zhbllokoni t\u00eb gjitha ve\u00e7orit\u00eb premium, praktikoni biseda reale me AI dhe nd\u00ebrtoni rrjedhshm\u00ebri &#8211; me gjysm\u00ebn e \u00e7mimit.<\/p>\r\n\r\n                    <a class=\"getStartedHidden\" href=\"https:\/\/app.talkpal.ai\/signup?discount=50\">\r\n                Merrni zbritje            <\/a>\r\n            <\/div>\r\n\r\n            <figure>\r\n            <img decoding=\"async\" class=\"no-lazy\" src=\"https:\/\/talkpal.ai\/wp-content\/uploads\/2026\/01\/curly-girl-with-phone-yellow-background.webp\" alt=\"\" fetchpriority=\"high\" \/>\r\n        <\/figure>\r\n        \r\n                    <a class=\"getStartedVisible\" href=\"https:\/\/app.talkpal.ai\/signup?discount=50\">\r\n                Merrni zbritje            <\/a>\r\n        <\/section><section class=\"featureSection\">\r\n    <div class=\"featureIntroduce\">\r\n        <a class=\"introduceLink\" href=\"https:\/\/app.talkpal.ai\/signup?lng=\">\r\n            <img decoding=\"async\" src=\"https:\/\/talkpal.ai\/wp-content\/themes\/talkpal\/assets\/img\/Sparkle.svg\" alt=\"\" \/>m\u00eb t\u00eb avancuarit\r\n  AI<\/a>\r\n        <h3 class=\"featureTitle\">Dallimi i talkpal<\/h3>\r\n    <\/div>\r\n            <div class=\"introduceWrapper\">\r\n                            <a class=\"introducCard\" href=\"https:\/\/app.talkpal.ai\/signup?lng=\">\r\n\r\n                    \r\n                                                <img decoding=\"async\" src=\"https:\/\/talkpal.ai\/wp-content\/uploads\/2025\/05\/Immersive_conversations.png\" alt=\"Immersive Conversation Screenshot\" \/>\r\n                        <h4 class=\"introduceTitle\">Edukim i personalizuar<\/h4>\r\n                        <p class=\"cardText\">\u00c7do m\u00ebsues m\u00ebson ndryshe &#8211; dhe \u00e7do udh\u00ebtim m\u00ebsimor \u00ebsht\u00eb unik. Talkpal p\u00ebrdor AI t\u00eb avancuar p\u00ebr t\u00eb analizuar se si miliona nx\u00ebn\u00ebs studiojn\u00eb gjuh\u00eb dhe p\u00ebrshtatet me stilin, q\u00ebllimet dhe orarin tuaj personal. Rezultati: nj\u00eb p\u00ebrvoj\u00eb e personalizuar, efikase dhe t\u00ebrheq\u00ebse p\u00ebr m\u00ebsuesit si ju.<\/p>\r\n                    \r\n                <\/a>\r\n                            <a class=\"introducCard\" href=\"https:\/\/app.talkpal.ai\/signup?lng=\">\r\n\r\n                    \r\n                                                <img decoding=\"async\" src=\"https:\/\/talkpal.ai\/wp-content\/uploads\/2025\/05\/Realtime_feedback.png\" alt=\"Feedback Screenshot\" \/>\r\n                        <h4 class=\"introduceTitle\">Teknologjia e fundit<\/h4>\r\n                        <p class=\"cardText\">Misioni yn\u00eb \u00ebsht\u00eb ta b\u00ebjm\u00eb m\u00ebsimin e personalizuar t\u00eb gjuh\u00ebs t\u00eb aksesuesh\u00ebm p\u00ebr edukator\u00ebt duke kombinuar AI m\u00eb t\u00eb fundit me metodat e provuara t\u00eb m\u00ebsimdh\u00ebnies. Me Talkpal, ju nuk merrni vet\u00ebm m\u00ebsime &#8211; ju ndiqni nj\u00eb rrug\u00eb t\u00eb p\u00ebrshtatur q\u00eb p\u00ebrshtatet me ritmin, preferencat dhe objektivat tuaja.<\/p>\r\n                    \r\n                <\/a>\r\n                            <a class=\"introducCard\" href=\"https:\/\/app.talkpal.ai\/signup?lng=\">\r\n\r\n                    \r\n                                                <img decoding=\"async\" src=\"https:\/\/talkpal.ai\/wp-content\/uploads\/2025\/05\/Personalization.png\" alt=\"Personalization Screenshot\" \/>\r\n                        <h4 class=\"introduceTitle\">B\u00ebrja e t\u00eb m\u00ebsuarit arg\u00ebtues<\/h4>\r\n                        <p class=\"cardText\">Ne besojm\u00eb se m\u00ebsimi i gjuh\u00ebs duhet t\u00eb ndihet motivues dhe i k\u00ebndsh\u00ebm. Kjo \u00ebsht\u00eb arsyeja pse Talkpal ju mban t\u00eb angazhuar dhe t\u00eb frym\u00ebzuar, k\u00ebshtu q\u00eb praktika juaj ndihet si nj\u00eb pushim energjik, jo nj\u00eb pun\u00eb e p\u00ebrditshme. Bashkohuni me mij\u00ebra m\u00ebsues q\u00eb ngren\u00eb aft\u00ebsit\u00eb e tyre gjuh\u00ebsore me Talkpal.<\/p>\r\n                    \r\n                <\/a>\r\n                            <\/div>\r\n                     <a class=\"featureSectionLink\" href=\"https:\/\/app.talkpal.ai\/signup?discount=50\">\r\n                Merrni zbritje            <\/a>\r\n                \r\n<\/section>\r\n\r\n\r\n<section class=\"smartFunSection\">\r\n            \r\n            <div class=\"smartFunCard\">\r\n                <div class=\"smartFunWrapper\"><img decoding=\"async\" src=\"https:\/\/talkpal.ai\/wp-content\/uploads\/2025\/05\/1.png\" alt=\"Learning Stats Screenshot\"><\/div>\r\n                <h3>P\u00ebrshtatur p\u00ebr ju<\/h3>\r\n                <p>Talkpal ofron seanca t\u00eb fuqizuara nga AI t\u00eb kalibruara n\u00eb nivelin dhe ritmin tuaj. \u00c7do m\u00ebsim \u00ebsht\u00eb krijuar rreth nevojave tuaja individuale, duke ju ndihmuar t\u00eb b\u00ebni p\u00ebrparim t\u00eb q\u00ebndruesh\u00ebm dhe t\u00eb matsh\u00ebm &#8211; edhe me nj\u00eb orar t\u00eb ngjeshur.<\/p>\r\n            <\/div>\r\n\r\n        \r\n            <div class=\"smartFunCard\">\r\n                <div class=\"smartFunWrapper\"><img decoding=\"async\" src=\"https:\/\/talkpal.ai\/wp-content\/uploads\/2025\/05\/2.png\" alt=\"Pronunciation Score Screenshot\"><\/div>\r\n                <h3>Efektive dhe efikase<\/h3>\r\n                <p>Mprehni aft\u00ebsit\u00eb tuaja t\u00eb leximit, d\u00ebgjimit dhe t\u00eb folurit n\u00eb m\u00ebnyr\u00eb efikase. Mjetet e Talkpal e b\u00ebjn\u00eb studimin efektiv dhe t\u00eb k\u00ebndsh\u00ebm p\u00ebr edukator\u00ebt nga t\u00eb gjitha prejardhjet, me praktik\u00eb fleksib\u00ebl q\u00eb mund t\u00eb p\u00ebrshtateni n\u00eb \u00e7do dit\u00eb.<\/p>\r\n            <\/div>\r\n\r\n        \r\n            <div class=\"smartFunCard\">\r\n                <div class=\"smartFunWrapper\"><img decoding=\"async\" src=\"https:\/\/talkpal.ai\/wp-content\/uploads\/2025\/05\/3.png\" alt=\"Chat Topics Screenshot\"><\/div>\r\n                <h3>Q\u00ebndroni t\u00eb angazhuar<\/h3>\r\n                <p>Q\u00ebndroni n\u00eb p\u00ebrputhje me element\u00ebt e gamifikuar, sfidat t\u00ebrheq\u00ebse dhe k\u00ebrkesat q\u00eb provokojn\u00eb mendime. Me Talkpal, praktika gjuh\u00ebsore b\u00ebhet nj\u00eb zakon arg\u00ebtues i p\u00ebrditsh\u00ebm &#8211; jo nj\u00eb detyr\u00eb tjet\u00ebr n\u00eb list\u00ebn tuaj t\u00eb detyrave.<\/p>\r\n            <\/div>\r\n\r\n        \r\n            <div class=\"smartFunCard\">\r\n                <div class=\"smartFunWrapper\"><img decoding=\"async\" src=\"https:\/\/talkpal.ai\/wp-content\/uploads\/2025\/05\/4.png\" alt=\"Dashboard Screenshot\"><\/div>\r\n                <h3>K\u00ebnaquni duke m\u00ebsuar<\/h3>\r\n                <p>Zot\u00ebrimi i nj\u00eb gjuhe t\u00eb re nuk duhet t\u00eb jet\u00eb i lodhsh\u00ebm. Talkpal ofron ushtrime interaktive, personazhe t\u00eb gjalla dhe madje edhe biseda humoristike t\u00eb AI &#8211; duke e b\u00ebr\u00eb udh\u00ebtimin tuaj personal t\u00eb t\u00eb m\u00ebsuarit t\u00eb k\u00ebndsh\u00ebm dhe frym\u00ebzues.<\/p>\r\n            <\/div>\r\n\r\n            \r\n<\/section>\r\n\r\n<section class=\"promotionalBanner\">\r\n    <p class=\"promotionalText\">Talkpal p\u00ebr m\u00ebsuesit &#8211; Filloni t\u00eb m\u00ebsoni me nj\u00eb \u00e7mim t\u00eb zbritur<\/p>\r\n                <a class=\"promotionalLink\" href=\"https:\/\/app.talkpal.ai\/signup?discount=50\">\r\n                Merrni zbritje            <\/a>\r\n            \r\n<\/section>","protected":false},"excerpt":{"rendered":"","protected":false},"author":20,"featured_media":0,"parent":0,"menu_order":0,"comment_status":"closed","ping_status":"closed","template":"LearningContentPage.php","meta":{"_acf_changed":false,"footnotes":""},"class_list":["post-1462162","page","type-page","status-publish","hentry"],"acf":[],"yoast_head":"<!-- This site is optimized with the Yoast SEO Premium plugin v27.2 (Yoast SEO v27.2) - https:\/\/yoast.com\/product\/yoast-seo-premium-wordpress\/ -->\n<title>Zbritje Talkpal p\u00ebr m\u00ebsuesit - Talkpal<\/title>\n<meta name=\"description\" content=\"Zhbllokoni nj\u00eb zbritje ekskluzive prej 79% t\u00eb m\u00ebsuesit n\u00eb Talkpal Premium dhe zot\u00ebroni gjuh\u00ebt m\u00eb shpejt me m\u00ebsime t\u00eb personalizuara t\u00eb AI.\" \/>\n<meta name=\"robots\" content=\"index, follow, max-snippet:-1, max-image-preview:large, max-video-preview:-1\" \/>\n<link rel=\"canonical\" href=\"https:\/\/talkpal.ai\/sq\/zbritje-talkpal-per-mesuesit\/\" \/>\n<meta property=\"og:locale\" content=\"sq_AL\" \/>\n<meta property=\"og:type\" content=\"article\" \/>\n<meta property=\"og:title\" content=\"Zbritje Talkpal p\u00ebr m\u00ebsuesit\" \/>\n<meta property=\"og:url\" content=\"https:\/\/talkpal.ai\/sq\/zbritje-talkpal-per-mesuesit\/\" \/>\n<meta property=\"og:site_name\" content=\"Talkpal\" \/>\n<meta property=\"article:publisher\" content=\"https:\/\/www.facebook.com\/profile.php?id=100090733639311\" \/>\n<meta property=\"article:modified_time\" content=\"2026-01-22T14:55:01+00:00\" \/>\n<meta property=\"og:image\" content=\"https:\/\/talkpal.ai\/wp-content\/uploads\/2025\/02\/Progress-tab-16_9.png\" \/>\n\t<meta property=\"og:image:width\" content=\"2880\" \/>\n\t<meta property=\"og:image:height\" content=\"1620\" \/>\n\t<meta property=\"og:image:type\" content=\"image\/png\" \/>\n<meta name=\"twitter:card\" content=\"summary_large_image\" \/>\n<meta name=\"twitter:site\" content=\"@talkpalai\" \/>\n<script type=\"application\/ld+json\" class=\"yoast-schema-graph\">{\"@context\":\"https:\/\/schema.org\",\"@graph\":[{\"@type\":\"WebPage\",\"@id\":\"https:\/\/talkpal.ai\/sq\/zbritje-talkpal-per-mesuesit\/\",\"url\":\"https:\/\/talkpal.ai\/sq\/zbritje-talkpal-per-mesuesit\/\",\"name\":\"Zbritje Talkpal p\u00ebr m\u00ebsuesit - Talkpal\",\"isPartOf\":{\"@id\":\"https:\/\/talkpal.ai\/sq\/#website\"},\"datePublished\":\"2025-10-22T19:55:16+00:00\",\"dateModified\":\"2026-01-22T14:55:01+00:00\",\"description\":\"Zhbllokoni nj\u00eb zbritje ekskluzive prej 79% t\u00eb m\u00ebsuesit n\u00eb Talkpal Premium dhe zot\u00ebroni gjuh\u00ebt m\u00eb shpejt me m\u00ebsime t\u00eb personalizuara t\u00eb AI.\",\"breadcrumb\":{\"@id\":\"https:\/\/talkpal.ai\/sq\/zbritje-talkpal-per-mesuesit\/#breadcrumb\"},\"inLanguage\":\"sq-AL\",\"potentialAction\":[{\"@type\":\"ReadAction\",\"target\":[\"https:\/\/talkpal.ai\/sq\/zbritje-talkpal-per-mesuesit\/\"]}]},{\"@type\":\"BreadcrumbList\",\"@id\":\"https:\/\/talkpal.ai\/sq\/zbritje-talkpal-per-mesuesit\/#breadcrumb\",\"itemListElement\":[{\"@type\":\"ListItem\",\"position\":1,\"name\":\"Homepage\",\"item\":\"https:\/\/talkpal.ai\/sq\/\"},{\"@type\":\"ListItem\",\"position\":2,\"name\":\"Zbritje Talkpal p\u00ebr m\u00ebsuesit\"}]},{\"@type\":\"WebSite\",\"@id\":\"https:\/\/talkpal.ai\/sq\/#website\",\"url\":\"https:\/\/talkpal.ai\/sq\/\",\"name\":\"Talkpal\",\"description\":\"AI Language Learning\",\"publisher\":{\"@id\":\"https:\/\/talkpal.ai\/sq\/#organization\"},\"alternateName\":\"Talkpal AI\",\"potentialAction\":[{\"@type\":\"SearchAction\",\"target\":{\"@type\":\"EntryPoint\",\"urlTemplate\":\"https:\/\/talkpal.ai\/sq\/?s={search_term_string}\"},\"query-input\":{\"@type\":\"PropertyValueSpecification\",\"valueRequired\":true,\"valueName\":\"search_term_string\"}}],\"inLanguage\":\"sq-AL\"},{\"@type\":\"Organization\",\"@id\":\"https:\/\/talkpal.ai\/sq\/#organization\",\"name\":\"Talkpal, Inc.\",\"alternateName\":\"Talkpal AI\",\"url\":\"https:\/\/talkpal.ai\/sq\/\",\"logo\":{\"@type\":\"ImageObject\",\"inLanguage\":\"sq-AL\",\"@id\":\"https:\/\/talkpal.ai\/sq\/#\/schema\/logo\/image\/\",\"url\":\"https:\/\/talkpal.ai\/wp-content\/uploads\/2024\/03\/Talkpal-Logo-Icon.png\",\"contentUrl\":\"https:\/\/talkpal.ai\/wp-content\/uploads\/2024\/03\/Talkpal-Logo-Icon.png\",\"width\":2880,\"height\":2880,\"caption\":\"Talkpal, Inc.\"},\"image\":{\"@id\":\"https:\/\/talkpal.ai\/sq\/#\/schema\/logo\/image\/\"},\"sameAs\":[\"https:\/\/www.facebook.com\/profile.php?id=100090733639311\",\"https:\/\/x.com\/talkpalai\",\"https:\/\/www.linkedin.com\/company\/talkpal\/\",\"https:\/\/www.youtube.com\/@TalkPal\/\",\"https:\/\/www.tiktok.com\/@talkpal\",\"https:\/\/www.instagram.com\/talkpal_ai\/\",\"https:\/\/www.crunchbase.com\/organization\/talkpal-9cde\",\"https:\/\/www.g2.com\/products\/talkpal-for-business\/\",\"https:\/\/www.trustpilot.com\/review\/talkpal.ai\",\"https:\/\/www.capterra.com\/p\/10006800\/TalkPal\/\"],\"description\":\"Talkpal is a language learning web and mobile education app, powered by the latest AI technologies, that provides engaging experiences to its customers in many different languages to help them improve their language skills. Users can chat about unlimited amount of topics with the app and use other modes to practice their language learning.\",\"email\":\"support@talkpal.ai\",\"legalName\":\"Talkpal, Inc.\",\"foundingDate\":\"2023-04-03\",\"duns\":\"118989042\",\"numberOfEmployees\":{\"@type\":\"QuantitativeValue\",\"minValue\":\"11\",\"maxValue\":\"50\"},\"publishingPrinciples\":\"https:\/\/talkpal.ai\/publishing-principles\/\",\"actionableFeedbackPolicy\":\"https:\/\/talkpal.ai\/actionable-feedback-policy\/\",\"correctionsPolicy\":\"https:\/\/talkpal.ai\/corrections-policy\/\",\"ethicsPolicy\":\"https:\/\/talkpal.ai\/ethics-policy\/\",\"diversityPolicy\":\"https:\/\/talkpal.ai\/diversity-policy\/\",\"diversityStaffingReport\":\"https:\/\/talkpal.ai\/diversity-policy\/\"}]}<\/script>\n<!-- \/ Yoast SEO Premium plugin. -->","yoast_head_json":{"title":"Zbritje Talkpal p\u00ebr m\u00ebsuesit - Talkpal","description":"Zhbllokoni nj\u00eb zbritje ekskluzive prej 79% t\u00eb m\u00ebsuesit n\u00eb Talkpal Premium dhe zot\u00ebroni gjuh\u00ebt m\u00eb shpejt me m\u00ebsime t\u00eb personalizuara t\u00eb AI.","robots":{"index":"index","follow":"follow","max-snippet":"max-snippet:-1","max-image-preview":"max-image-preview:large","max-video-preview":"max-video-preview:-1"},"canonical":"https:\/\/talkpal.ai\/sq\/zbritje-talkpal-per-mesuesit\/","og_locale":"sq_AL","og_type":"article","og_title":"Zbritje Talkpal p\u00ebr m\u00ebsuesit","og_url":"https:\/\/talkpal.ai\/sq\/zbritje-talkpal-per-mesuesit\/","og_site_name":"Talkpal","article_publisher":"https:\/\/www.facebook.com\/profile.php?id=100090733639311","article_modified_time":"2026-01-22T14:55:01+00:00","og_image":[{"width":2880,"height":1620,"url":"https:\/\/talkpal.ai\/wp-content\/uploads\/2025\/02\/Progress-tab-16_9.png","type":"image\/png"}],"twitter_card":"summary_large_image","twitter_site":"@talkpalai","schema":{"@context":"https:\/\/schema.org","@graph":[{"@type":"WebPage","@id":"https:\/\/talkpal.ai\/sq\/zbritje-talkpal-per-mesuesit\/","url":"https:\/\/talkpal.ai\/sq\/zbritje-talkpal-per-mesuesit\/","name":"Zbritje Talkpal p\u00ebr m\u00ebsuesit - Talkpal","isPartOf":{"@id":"https:\/\/talkpal.ai\/sq\/#website"},"datePublished":"2025-10-22T19:55:16+00:00","dateModified":"2026-01-22T14:55:01+00:00","description":"Zhbllokoni nj\u00eb zbritje ekskluzive prej 79% t\u00eb m\u00ebsuesit n\u00eb Talkpal Premium dhe zot\u00ebroni gjuh\u00ebt m\u00eb shpejt me m\u00ebsime t\u00eb personalizuara t\u00eb AI.","breadcrumb":{"@id":"https:\/\/talkpal.ai\/sq\/zbritje-talkpal-per-mesuesit\/#breadcrumb"},"inLanguage":"sq-AL","potentialAction":[{"@type":"ReadAction","target":["https:\/\/talkpal.ai\/sq\/zbritje-talkpal-per-mesuesit\/"]}]},{"@type":"BreadcrumbList","@id":"https:\/\/talkpal.ai\/sq\/zbritje-talkpal-per-mesuesit\/#breadcrumb","itemListElement":[{"@type":"ListItem","position":1,"name":"Homepage","item":"https:\/\/talkpal.ai\/sq\/"},{"@type":"ListItem","position":2,"name":"Zbritje Talkpal p\u00ebr m\u00ebsuesit"}]},{"@type":"WebSite","@id":"https:\/\/talkpal.ai\/sq\/#website","url":"https:\/\/talkpal.ai\/sq\/","name":"Talkpal","description":"AI Language Learning","publisher":{"@id":"https:\/\/talkpal.ai\/sq\/#organization"},"alternateName":"Talkpal AI","potentialAction":[{"@type":"SearchAction","target":{"@type":"EntryPoint","urlTemplate":"https:\/\/talkpal.ai\/sq\/?s={search_term_string}"},"query-input":{"@type":"PropertyValueSpecification","valueRequired":true,"valueName":"search_term_string"}}],"inLanguage":"sq-AL"},{"@type":"Organization","@id":"https:\/\/talkpal.ai\/sq\/#organization","name":"Talkpal, Inc.","alternateName":"Talkpal AI","url":"https:\/\/talkpal.ai\/sq\/","logo":{"@type":"ImageObject","inLanguage":"sq-AL","@id":"https:\/\/talkpal.ai\/sq\/#\/schema\/logo\/image\/","url":"https:\/\/talkpal.ai\/wp-content\/uploads\/2024\/03\/Talkpal-Logo-Icon.png","contentUrl":"https:\/\/talkpal.ai\/wp-content\/uploads\/2024\/03\/Talkpal-Logo-Icon.png","width":2880,"height":2880,"caption":"Talkpal, Inc."},"image":{"@id":"https:\/\/talkpal.ai\/sq\/#\/schema\/logo\/image\/"},"sameAs":["https:\/\/www.facebook.com\/profile.php?id=100090733639311","https:\/\/x.com\/talkpalai","https:\/\/www.linkedin.com\/company\/talkpal\/","https:\/\/www.youtube.com\/@TalkPal\/","https:\/\/www.tiktok.com\/@talkpal","https:\/\/www.instagram.com\/talkpal_ai\/","https:\/\/www.crunchbase.com\/organization\/talkpal-9cde","https:\/\/www.g2.com\/products\/talkpal-for-business\/","https:\/\/www.trustpilot.com\/review\/talkpal.ai","https:\/\/www.capterra.com\/p\/10006800\/TalkPal\/"],"description":"Talkpal is a language learning web and mobile education app, powered by the latest AI technologies, that provides engaging experiences to its customers in many different languages to help them improve their language skills. Users can chat about unlimited amount of topics with the app and use other modes to practice their language learning.","email":"support@talkpal.ai","legalName":"Talkpal, Inc.","foundingDate":"2023-04-03","duns":"118989042","numberOfEmployees":{"@type":"QuantitativeValue","minValue":"11","maxValue":"50"},"publishingPrinciples":"https:\/\/talkpal.ai\/publishing-principles\/","actionableFeedbackPolicy":"https:\/\/talkpal.ai\/actionable-feedback-policy\/","correctionsPolicy":"https:\/\/talkpal.ai\/corrections-policy\/","ethicsPolicy":"https:\/\/talkpal.ai\/ethics-policy\/","diversityPolicy":"https:\/\/talkpal.ai\/diversity-policy\/","diversityStaffingReport":"https:\/\/talkpal.ai\/diversity-policy\/"}]}},"_links":{"self":[{"href":"https:\/\/talkpal.ai\/sq\/wp-json\/wp\/v2\/pages\/1462162","targetHints":{"allow":["GET"]}}],"collection":[{"href":"https:\/\/talkpal.ai\/sq\/wp-json\/wp\/v2\/pages"}],"about":[{"href":"https:\/\/talkpal.ai\/sq\/wp-json\/wp\/v2\/types\/page"}],"author":[{"embeddable":true,"href":"https:\/\/talkpal.ai\/sq\/wp-json\/wp\/v2\/users\/20"}],"replies":[{"embeddable":true,"href":"https:\/\/talkpal.ai\/sq\/wp-json\/wp\/v2\/comments?post=1462162"}],"version-history":[{"count":0,"href":"https:\/\/talkpal.ai\/sq\/wp-json\/wp\/v2\/pages\/1462162\/revisions"}],"wp:attachment":[{"href":"https:\/\/talkpal.ai\/sq\/wp-json\/wp\/v2\/media?parent=1462162"}],"curies":[{"name":"wp","href":"https:\/\/api.w.org\/{rel}","templated":true}]}}