{"id":1448099,"date":"2023-06-21T14:29:48","date_gmt":"2023-06-21T14:29:48","guid":{"rendered":"https:\/\/talkpal.ai\/ushtrimet-gramatikore-hungareze\/"},"modified":"2025-12-17T16:08:07","modified_gmt":"2025-12-17T16:08:07","slug":"ushtrimet-gramatikore-hungareze","status":"publish","type":"page","link":"https:\/\/talkpal.ai\/sq\/ushtrimet-gramatikore-hungareze\/","title":{"rendered":"Ushtrimet gramatikore hungareze"},"content":{"rendered":"\r\n\r\n\r\n<section class=\"languageChallengeSection\">\r\n    <div class=\"languageInfoWrapper\">\r\n        \r\n        <h1>Ushtrimet gramatikore hungareze<\/h1>\r\n        <p>Gati p\u00ebr t\u00eb forcuar aft\u00ebsit\u00eb tuaja <a href=\"https:\/\/talkpal.ai\/learn-hungarian\/\">hungareze<\/a>? Praktikimi i ushtrimeve gramatikore \u00ebsht\u00eb nj\u00eb m\u00ebnyr\u00eb fantastike p\u00ebr t\u00eb zot\u00ebruar rendin e fjal\u00ebve, mbaresat e foljeve dhe struktur\u00ebn unike t\u00eb hungarezishtes. Zhytuni n\u00eb gramatik\u00ebn hungareze sot dhe shihni besimin dhe rrjedhshm\u00ebrin\u00eb tuaj t\u00eb rriten me \u00e7do ushtrim!<\/p>\r\n\r\n                            <a class=\"getStartedHidden\" href=\"https:\/\/app.talkpal.ai\/signup?lng=\">Filloni<\/a>\r\n        \r\n    <\/div>\r\n\r\n    <figure>\r\n    <img decoding=\"async\" width=\"768\" height=\"768\" src=\"https:\/\/talkpal.ai\/wp-content\/uploads\/2023\/06\/hungarian-768x768.png\" class=\"languageImage no-lazy\" alt=\"Language learning strategies for advanced learners\" fetchpriority=\"high\" sizes=\"(max-width: 768px) 150px, 768px\" srcset=\"https:\/\/talkpal.ai\/wp-content\/uploads\/2023\/06\/hungarian-768x768.png 768w, https:\/\/talkpal.ai\/wp-content\/uploads\/2023\/06\/hungarian-300x300.png 300w\" \/>\r\n    \r\n\r\n    <\/figure>\r\n\r\n            <a class=\"getStartedVisible\" href=\"https:\/\/app.talkpal.ai\/signup?lng=\">Filloni<\/a>\r\n    \r\n<\/section>\r\n\r\n\r\n<!-- <section class=\"grammarSection\">\r\n    <div class=\"grammarLinks\">\r\n            <\/div>\r\n<\/section> -->\r\n\r\n\r\n\r\n\r\n<section class=\"promotionalBanner\">\r\n    <p class=\"promotionalText\">M\u00ebnyra m\u00eb efikase p\u00ebr t\u00eb m\u00ebsuar nj\u00eb gjuh\u00eb<\/p>\r\n    <a class=\"promotionalLink\" href=\"https:\/\/app.talkpal.ai\/signup?lng=\">Provoni Talkpal falas<\/a>\r\n<\/section>\n<div class=\"wp-block-group pageContainerStyle\"><div class=\"wp-block-group__inner-container is-layout-constrained wp-block-group-is-layout-constrained\">\n<h2 class=\"wp-block-heading\" id=\"h-hungarian-grammar-topics\">Temat e gramatik\u00ebs hungareze<\/h2>\n\n\n\n<p>M\u00ebsimi i nj\u00eb gjuhe t\u00eb re mund t\u00eb jet\u00eb nj\u00eb p\u00ebrvoj\u00eb emocionuese dhe shp\u00ebrblyese. Megjithat\u00eb, mund t\u00eb jet\u00eb gjithashtu mjaft d\u00ebrrmuese, ve\u00e7an\u00ebrisht kur b\u00ebhet fjal\u00eb p\u00ebr t\u00eb kuptuarit dhe zot\u00ebrimin e temave gramatikore. Nj\u00eb qasje e strukturuar mir\u00eb p\u00ebr t\u00eb m\u00ebsuar gramatik\u00ebn \u00ebsht\u00eb thelb\u00ebsore p\u00ebr suksesin n\u00eb p\u00ebrvet\u00ebsimin e nj\u00eb gjuhe t\u00eb re. N\u00eb k\u00ebt\u00eb udh\u00ebzues, ne kemi grumbulluar temat gramatikore n\u00eb nj\u00eb sekuenc\u00eb q\u00eb do t&#8217;ju ndihmoj\u00eb t\u00eb m\u00ebsoni gjuh\u00ebn n\u00eb m\u00ebnyr\u00eb m\u00eb efektive. Duke kuptuar dhe zot\u00ebruar k\u00ebto tema, ju do t\u00eb jeni n\u00eb rrug\u00ebn tuaj p\u00ebr t&#8217;u b\u00ebr\u00eb t\u00eb aft\u00eb n\u00eb gjuh\u00ebn tuaj t\u00eb synuar.<\/p>\n\n\n\n<h3 class=\"wp-block-heading\" id=\"h-1-nouns-and-articles\">1. Emrat dhe artikujt<\/h3>\n\n\n\n<p>Filloni udh\u00ebtimin tuaj t\u00eb m\u00ebsimit t\u00eb gjuh\u00ebs duke kuptuar bazat e emrave dhe artikujve. Emrat jan\u00eb fjal\u00eb q\u00eb p\u00ebrfaq\u00ebsojn\u00eb njer\u00ebz, vende, gj\u00ebra ose ide. Artikujt p\u00ebrdoren p\u00ebr t\u00eb treguar specifik\u00ebn e nj\u00eb emri. M\u00ebsimi i <a href=\"https:\/\/talkpal.ai\/locations\/language-courses-in-tyre\/\">tyre<\/a> do t&#8217;ju ndihmoj\u00eb t\u00eb formoni fjali t\u00eb thjeshta dhe t\u00eb kuptoni struktur\u00ebn e gjuh\u00ebs.<\/p>\n\n\n\n<h3 class=\"wp-block-heading\" id=\"h-2-pronouns-determiners\">2. P\u00ebremrat\/p\u00ebrcaktues<\/h3>\n\n\n\n<p>P\u00ebremrat z\u00ebvend\u00ebsojn\u00eb emrat n\u00eb nj\u00eb fjali dhe ndihmojn\u00eb n\u00eb shmangien e p\u00ebrs\u00ebritjes, nd\u00ebrsa p\u00ebrcaktuesit japin informacion p\u00ebr sasin\u00eb ose p\u00ebrcaktueshm\u00ebrin\u00eb e nj\u00eb emri. Zot\u00ebrimi i k\u00ebtyre temave do t\u00eb p\u00ebrmir\u00ebsoj\u00eb rrjedhshm\u00ebrin\u00eb dhe t\u00eb kuptuarit tuaj.<\/p>\n\n\n\n<h3 class=\"wp-block-heading\" id=\"h-3-adjectives-and-adverbs\">3. Mbiemrat dhe ndajfoljet<\/h3>\n\n\n\n<p>Mbiemrat p\u00ebrshkruajn\u00eb emrat, nd\u00ebrsa ndajfoljet modifikojn\u00eb foljet, mbiemrat ose ndajfoljet e tjera. Duke i m\u00ebsuar k\u00ebto, ju mund t\u00eb shtoni m\u00eb shum\u00eb detaje dhe qart\u00ebsi n\u00eb fjalit\u00eb tuaja, duke i b\u00ebr\u00eb aft\u00ebsit\u00eb tuaja gjuh\u00ebsore m\u00eb ekspresive dhe t\u00ebrheq\u00ebse.<\/p>\n\n\n\n<h3 class=\"wp-block-heading\" id=\"h-4-verbs-tenses-and-tense-comparison\">4. Foljet, koh\u00ebt dhe krahasimi i koh\u00ebs<\/h3>\n\n\n\n<p>Foljet p\u00ebrcjellin veprime ose gjendje t\u00eb qenies, dhe koh\u00ebt tregojn\u00eb koh\u00ebn kur ndodh nj\u00eb veprim. Kuptimi i krahasimit t\u00eb koh\u00ebs ju lejon t\u00eb diskutoni me sakt\u00ebsi veprimet e kaluara, t\u00eb tashmen dhe t\u00eb ardhmen.<\/p>\n\n\n\n<h3 class=\"wp-block-heading\" id=\"h-5-progressive-and-perfect-progressive\">5. Progresiv dhe progresiv i p\u00ebrsosur<\/h3>\n\n\n\n<p>Koha progresive fokusohet n\u00eb veprimet n\u00eb progres, nd\u00ebrsa koha progresive e p\u00ebrsosur thekson koh\u00ebzgjatjen e nj\u00eb veprimi deri n\u00eb nj\u00eb moment t\u00eb caktuar n\u00eb koh\u00eb. K\u00ebto koh\u00eb rrisin aft\u00ebsin\u00eb tuaj p\u00ebr t\u00eb shprehur mendime dhe ide komplekse n\u00eb gjuh\u00eb.<\/p>\n\n\n\n<h3 class=\"wp-block-heading\" id=\"h-6-conditionals\">6. Kusht\u00ebzimet<\/h3>\n\n\n\n<p>Kusht\u00ebzuesit p\u00ebrshkruajn\u00eb situata hipotetike ose t\u00eb mundshme dhe pasojat e tyre. Zot\u00ebrimi i kusht\u00ebzimeve ju ndihmon t\u00eb shprehni mendime m\u00eb t\u00eb nuancuara dhe t\u00eb detajuara n\u00eb gjuh\u00ebn tuaj t\u00eb synuar.<\/p>\n\n\n\n<h3 class=\"wp-block-heading\" id=\"h-7-prepositions\">7. Parafjal\u00ebt<\/h3>\n\n\n\n<p>Parafjal\u00ebt tregojn\u00eb marr\u00ebdh\u00ebniet midis fjal\u00ebve n\u00eb nj\u00eb fjali, t\u00eb tilla si vendndodhja, drejtimi ose koha. K\u00ebto fjal\u00eb t\u00eb vogla luajn\u00eb nj\u00eb rol t\u00eb r\u00ebnd\u00ebsish\u00ebm n\u00eb form\u00ebsimin e kuptimit t\u00eb nj\u00eb fjalie.<\/p>\n\n\n\n<h3 class=\"wp-block-heading\" id=\"h-8-sentences\">8. D\u00ebnimet<\/h3>\n\n\n\n<p>S\u00eb fundi, t\u00eb kuptuarit e struktur\u00ebs s\u00eb fjalis\u00eb dhe t\u00eb qenit n\u00eb gjendje t\u00eb nd\u00ebrtoni lloje t\u00eb ndryshme fjalish \u00ebsht\u00eb thelb\u00ebsore p\u00ebr komunikim t\u00eb qart\u00eb dhe efektiv n\u00eb \u00e7do gjuh\u00eb. M\u00ebsoni <a href=\"https:\/\/talkpal.ai\/culture\/what-is-the-difference-between-se-and-si\/\">se si<\/a> t\u00eb formoni fjali t\u00eb thjeshta, t\u00eb p\u00ebrb\u00ebra dhe komplekse dhe praktikoni p\u00ebrdorimin e strukturave t\u00eb ndryshme fjalish p\u00ebr t\u00eb p\u00ebrcjell\u00eb mendimet tuaja me sakt\u00ebsi.<\/p>\n<\/div><\/div>\n\r\n<section class=\"learnNavigationSection\">\r\n            \r\n        <a href=\"https:\/\/talkpal.ai\/sq\/meso-hungarisht\/\">\r\n            <div class=\"learnNavigationWrapper\">\r\n                <div class=\"learnNavigationContent\">\r\n                    <img decoding=\"async\" src=\"https:\/\/talkpal.ai\/wp-content\/uploads\/2024\/08\/Hungarian.jpg\" alt=\"Hungarian Flag\">\r\n                    <div>\r\n                        <h4>Rreth t\u00eb m\u00ebsuarit hungarezisht<\/h4>\r\n                        <p>M\u00ebsoni gjith\u00e7ka rreth gramatik\u00ebs hungareze.<\/p>\r\n                    <\/div>\r\n                <\/div>\r\n            <\/div>\r\n        <\/a>\r\n\r\n        \r\n        <a href=\"https:\/\/talkpal.ai\/sq\/gramatika-hungareze\/\">\r\n            <div class=\"learnNavigationWrapper\">\r\n                <div class=\"learnNavigationContent\">\r\n                    <img decoding=\"async\" src=\"https:\/\/talkpal.ai\/wp-content\/uploads\/2024\/08\/Hungarian.jpg\" alt=\"Hungarian Flag\">\r\n                    <div>\r\n                        <h4>M\u00ebsimet e gramatik\u00ebs hungareze<\/h4>\r\n                        <p>Praktikoni gramatik\u00ebn hungareze.<\/p>\r\n                    <\/div>\r\n                <\/div>\r\n            <\/div>\r\n        <\/a>\r\n\r\n        \r\n        <a href=\"https:\/\/talkpal.ai\/vocabulary_language\/hungarian\/\">\r\n            <div class=\"learnNavigationWrapper\">\r\n                <div class=\"learnNavigationContent\">\r\n                    <img decoding=\"async\" src=\"https:\/\/talkpal.ai\/wp-content\/uploads\/2024\/08\/Hungarian.jpg\" alt=\"Hungarian Flag\">\r\n                    <div>\r\n                        <h4>Fjalori hungarez<\/h4>\r\n                        <p>Zgjeroni fjalorin tuaj hungarez.<\/p>\r\n                    <\/div>\r\n                <\/div>\r\n            <\/div>\r\n        <\/a>\r\n\r\n            <\/section>","protected":false},"excerpt":{"rendered":"<p>Temat e gramatik\u00ebs hungareze M\u00ebsimi i nj\u00eb gjuhe t\u00eb re mund t\u00eb jet\u00eb nj\u00eb p\u00ebrvoj\u00eb emocionuese dhe shp\u00ebrblyese. Megjithat\u00eb, mund t\u00eb jet\u00eb gjithashtu mjaft d\u00ebrrmuese, ve\u00e7an\u00ebrisht kur b\u00ebhet fjal\u00eb p\u00ebr t\u00eb kuptuarit dhe zot\u00ebrimin e temave gramatikore. Nj\u00eb qasje e strukturuar mir\u00eb p\u00ebr t\u00eb m\u00ebsuar gramatik\u00ebn \u00ebsht\u00eb thelb\u00ebsore p\u00ebr suksesin n\u00eb p\u00ebrvet\u00ebsimin e nj\u00eb gjuhe [&hellip;]<\/p>\n","protected":false},"author":6,"featured_media":1442850,"parent":0,"menu_order":0,"comment_status":"closed","ping_status":"closed","template":"LearningContentPage.php","meta":{"_acf_changed":false,"footnotes":""},"class_list":["post-1448099","page","type-page","status-publish","has-post-thumbnail","hentry"],"acf":[],"yoast_head":"<!-- This site is optimized with the Yoast SEO Premium plugin v27.2 (Yoast SEO v27.2) - https:\/\/yoast.com\/product\/yoast-seo-premium-wordpress\/ -->\n<title>Ushtrimet gramatikore hungareze - Talkpal<\/title>\n<meta name=\"description\" content=\"Rritni leht\u00ebsisht aft\u00ebsit\u00eb tuaja gramatikore hungareze - kryeni ushtrime praktike, praktik\u00eb interaktive dhe merrni reagime t\u00eb personalizuara\" \/>\n<meta name=\"robots\" content=\"index, follow, max-snippet:-1, max-image-preview:large, max-video-preview:-1\" \/>\n<link rel=\"canonical\" href=\"https:\/\/talkpal.ai\/sq\/ushtrimet-gramatikore-hungareze\/\" \/>\n<meta property=\"og:locale\" content=\"sq_AL\" \/>\n<meta property=\"og:type\" content=\"article\" \/>\n<meta property=\"og:title\" content=\"Ushtrimet gramatikore hungareze\" \/>\n<meta property=\"og:description\" content=\"Temat e gramatik\u00ebs hungareze M\u00ebsimi i nj\u00eb gjuhe t\u00eb re mund t\u00eb jet\u00eb nj\u00eb p\u00ebrvoj\u00eb emocionuese dhe shp\u00ebrblyese. Megjithat\u00eb, mund t\u00eb jet\u00eb gjithashtu mjaft\" \/>\n<meta property=\"og:url\" content=\"https:\/\/talkpal.ai\/sq\/ushtrimet-gramatikore-hungareze\/\" \/>\n<meta property=\"og:site_name\" content=\"Talkpal\" \/>\n<meta property=\"article:publisher\" content=\"https:\/\/www.facebook.com\/profile.php?id=100090733639311\" \/>\n<meta property=\"article:modified_time\" content=\"2025-12-17T16:08:07+00:00\" \/>\n<meta property=\"og:image\" content=\"https:\/\/talkpal.ai\/wp-content\/uploads\/2023\/05\/Hungarian.png\" \/>\n\t<meta property=\"og:image:width\" content=\"512\" \/>\n\t<meta property=\"og:image:height\" content=\"512\" \/>\n\t<meta property=\"og:image:type\" content=\"image\/png\" \/>\n<meta name=\"twitter:card\" content=\"summary_large_image\" \/>\n<meta name=\"twitter:site\" content=\"@talkpalai\" \/>\n<meta name=\"twitter:label1\" content=\"Est. reading time\" \/>\n\t<meta name=\"twitter:data1\" content=\"3 minutes\" \/>\n<script type=\"application\/ld+json\" class=\"yoast-schema-graph\">{\"@context\":\"https:\/\/schema.org\",\"@graph\":[{\"@type\":\"WebPage\",\"@id\":\"https:\/\/talkpal.ai\/sq\/ushtrimet-gramatikore-hungareze\/\",\"url\":\"https:\/\/talkpal.ai\/sq\/ushtrimet-gramatikore-hungareze\/\",\"name\":\"Ushtrimet gramatikore hungareze - Talkpal\",\"isPartOf\":{\"@id\":\"https:\/\/talkpal.ai\/sq\/#website\"},\"primaryImageOfPage\":{\"@id\":\"https:\/\/talkpal.ai\/sq\/ushtrimet-gramatikore-hungareze\/#primaryimage\"},\"image\":{\"@id\":\"https:\/\/talkpal.ai\/sq\/ushtrimet-gramatikore-hungareze\/#primaryimage\"},\"thumbnailUrl\":\"https:\/\/talkpal.ai\/wp-content\/uploads\/2023\/05\/Hungarian.png\",\"datePublished\":\"2023-06-21T14:29:48+00:00\",\"dateModified\":\"2025-12-17T16:08:07+00:00\",\"description\":\"Rritni leht\u00ebsisht aft\u00ebsit\u00eb tuaja gramatikore hungareze - kryeni ushtrime praktike, praktik\u00eb interaktive dhe merrni reagime t\u00eb personalizuara\",\"breadcrumb\":{\"@id\":\"https:\/\/talkpal.ai\/sq\/ushtrimet-gramatikore-hungareze\/#breadcrumb\"},\"inLanguage\":\"sq-AL\",\"potentialAction\":[{\"@type\":\"ReadAction\",\"target\":[\"https:\/\/talkpal.ai\/sq\/ushtrimet-gramatikore-hungareze\/\"]}]},{\"@type\":\"ImageObject\",\"inLanguage\":\"sq-AL\",\"@id\":\"https:\/\/talkpal.ai\/sq\/ushtrimet-gramatikore-hungareze\/#primaryimage\",\"url\":\"https:\/\/talkpal.ai\/wp-content\/uploads\/2023\/05\/Hungarian.png\",\"contentUrl\":\"https:\/\/talkpal.ai\/wp-content\/uploads\/2023\/05\/Hungarian.png\",\"width\":512,\"height\":512,\"caption\":\"TalkPal Hungarian Flag\"},{\"@type\":\"BreadcrumbList\",\"@id\":\"https:\/\/talkpal.ai\/sq\/ushtrimet-gramatikore-hungareze\/#breadcrumb\",\"itemListElement\":[{\"@type\":\"ListItem\",\"position\":1,\"name\":\"Homepage\",\"item\":\"https:\/\/talkpal.ai\/sq\/\"},{\"@type\":\"ListItem\",\"position\":2,\"name\":\"Ushtrimet gramatikore hungareze\"}]},{\"@type\":\"WebSite\",\"@id\":\"https:\/\/talkpal.ai\/sq\/#website\",\"url\":\"https:\/\/talkpal.ai\/sq\/\",\"name\":\"Talkpal\",\"description\":\"AI Language Learning\",\"publisher\":{\"@id\":\"https:\/\/talkpal.ai\/sq\/#organization\"},\"alternateName\":\"Talkpal AI\",\"potentialAction\":[{\"@type\":\"SearchAction\",\"target\":{\"@type\":\"EntryPoint\",\"urlTemplate\":\"https:\/\/talkpal.ai\/sq\/?s={search_term_string}\"},\"query-input\":{\"@type\":\"PropertyValueSpecification\",\"valueRequired\":true,\"valueName\":\"search_term_string\"}}],\"inLanguage\":\"sq-AL\"},{\"@type\":\"Organization\",\"@id\":\"https:\/\/talkpal.ai\/sq\/#organization\",\"name\":\"Talkpal, Inc.\",\"alternateName\":\"Talkpal AI\",\"url\":\"https:\/\/talkpal.ai\/sq\/\",\"logo\":{\"@type\":\"ImageObject\",\"inLanguage\":\"sq-AL\",\"@id\":\"https:\/\/talkpal.ai\/sq\/#\/schema\/logo\/image\/\",\"url\":\"https:\/\/talkpal.ai\/wp-content\/uploads\/2024\/03\/Talkpal-Logo-Icon.png\",\"contentUrl\":\"https:\/\/talkpal.ai\/wp-content\/uploads\/2024\/03\/Talkpal-Logo-Icon.png\",\"width\":2880,\"height\":2880,\"caption\":\"Talkpal, Inc.\"},\"image\":{\"@id\":\"https:\/\/talkpal.ai\/sq\/#\/schema\/logo\/image\/\"},\"sameAs\":[\"https:\/\/www.facebook.com\/profile.php?id=100090733639311\",\"https:\/\/x.com\/talkpalai\",\"https:\/\/www.linkedin.com\/company\/talkpal\/\",\"https:\/\/www.youtube.com\/@TalkPal\/\",\"https:\/\/www.tiktok.com\/@talkpal\",\"https:\/\/www.instagram.com\/talkpal_ai\/\",\"https:\/\/www.crunchbase.com\/organization\/talkpal-9cde\",\"https:\/\/www.g2.com\/products\/talkpal-for-business\/\",\"https:\/\/www.trustpilot.com\/review\/talkpal.ai\",\"https:\/\/www.capterra.com\/p\/10006800\/TalkPal\/\"],\"description\":\"Talkpal is a language learning web and mobile education app, powered by the latest AI technologies, that provides engaging experiences to its customers in many different languages to help them improve their language skills. Users can chat about unlimited amount of topics with the app and use other modes to practice their language learning.\",\"email\":\"support@talkpal.ai\",\"legalName\":\"Talkpal, Inc.\",\"foundingDate\":\"2023-04-03\",\"duns\":\"118989042\",\"numberOfEmployees\":{\"@type\":\"QuantitativeValue\",\"minValue\":\"11\",\"maxValue\":\"50\"},\"publishingPrinciples\":\"https:\/\/talkpal.ai\/publishing-principles\/\",\"actionableFeedbackPolicy\":\"https:\/\/talkpal.ai\/actionable-feedback-policy\/\",\"correctionsPolicy\":\"https:\/\/talkpal.ai\/corrections-policy\/\",\"ethicsPolicy\":\"https:\/\/talkpal.ai\/ethics-policy\/\",\"diversityPolicy\":\"https:\/\/talkpal.ai\/diversity-policy\/\",\"diversityStaffingReport\":\"https:\/\/talkpal.ai\/diversity-policy\/\"}]}<\/script>\n<!-- \/ Yoast SEO Premium plugin. -->","yoast_head_json":{"title":"Ushtrimet gramatikore hungareze - Talkpal","description":"Rritni leht\u00ebsisht aft\u00ebsit\u00eb tuaja gramatikore hungareze - kryeni ushtrime praktike, praktik\u00eb interaktive dhe merrni reagime t\u00eb personalizuara","robots":{"index":"index","follow":"follow","max-snippet":"max-snippet:-1","max-image-preview":"max-image-preview:large","max-video-preview":"max-video-preview:-1"},"canonical":"https:\/\/talkpal.ai\/sq\/ushtrimet-gramatikore-hungareze\/","og_locale":"sq_AL","og_type":"article","og_title":"Ushtrimet gramatikore hungareze","og_description":"Temat e gramatik\u00ebs hungareze M\u00ebsimi i nj\u00eb gjuhe t\u00eb re mund t\u00eb jet\u00eb nj\u00eb p\u00ebrvoj\u00eb emocionuese dhe shp\u00ebrblyese. Megjithat\u00eb, mund t\u00eb jet\u00eb gjithashtu mjaft","og_url":"https:\/\/talkpal.ai\/sq\/ushtrimet-gramatikore-hungareze\/","og_site_name":"Talkpal","article_publisher":"https:\/\/www.facebook.com\/profile.php?id=100090733639311","article_modified_time":"2025-12-17T16:08:07+00:00","og_image":[{"width":512,"height":512,"url":"https:\/\/talkpal.ai\/wp-content\/uploads\/2023\/05\/Hungarian.png","type":"image\/png"}],"twitter_card":"summary_large_image","twitter_site":"@talkpalai","twitter_misc":{"Est. reading time":"3 minutes"},"schema":{"@context":"https:\/\/schema.org","@graph":[{"@type":"WebPage","@id":"https:\/\/talkpal.ai\/sq\/ushtrimet-gramatikore-hungareze\/","url":"https:\/\/talkpal.ai\/sq\/ushtrimet-gramatikore-hungareze\/","name":"Ushtrimet gramatikore hungareze - Talkpal","isPartOf":{"@id":"https:\/\/talkpal.ai\/sq\/#website"},"primaryImageOfPage":{"@id":"https:\/\/talkpal.ai\/sq\/ushtrimet-gramatikore-hungareze\/#primaryimage"},"image":{"@id":"https:\/\/talkpal.ai\/sq\/ushtrimet-gramatikore-hungareze\/#primaryimage"},"thumbnailUrl":"https:\/\/talkpal.ai\/wp-content\/uploads\/2023\/05\/Hungarian.png","datePublished":"2023-06-21T14:29:48+00:00","dateModified":"2025-12-17T16:08:07+00:00","description":"Rritni leht\u00ebsisht aft\u00ebsit\u00eb tuaja gramatikore hungareze - kryeni ushtrime praktike, praktik\u00eb interaktive dhe merrni reagime t\u00eb personalizuara","breadcrumb":{"@id":"https:\/\/talkpal.ai\/sq\/ushtrimet-gramatikore-hungareze\/#breadcrumb"},"inLanguage":"sq-AL","potentialAction":[{"@type":"ReadAction","target":["https:\/\/talkpal.ai\/sq\/ushtrimet-gramatikore-hungareze\/"]}]},{"@type":"ImageObject","inLanguage":"sq-AL","@id":"https:\/\/talkpal.ai\/sq\/ushtrimet-gramatikore-hungareze\/#primaryimage","url":"https:\/\/talkpal.ai\/wp-content\/uploads\/2023\/05\/Hungarian.png","contentUrl":"https:\/\/talkpal.ai\/wp-content\/uploads\/2023\/05\/Hungarian.png","width":512,"height":512,"caption":"TalkPal Hungarian Flag"},{"@type":"BreadcrumbList","@id":"https:\/\/talkpal.ai\/sq\/ushtrimet-gramatikore-hungareze\/#breadcrumb","itemListElement":[{"@type":"ListItem","position":1,"name":"Homepage","item":"https:\/\/talkpal.ai\/sq\/"},{"@type":"ListItem","position":2,"name":"Ushtrimet gramatikore hungareze"}]},{"@type":"WebSite","@id":"https:\/\/talkpal.ai\/sq\/#website","url":"https:\/\/talkpal.ai\/sq\/","name":"Talkpal","description":"AI Language Learning","publisher":{"@id":"https:\/\/talkpal.ai\/sq\/#organization"},"alternateName":"Talkpal AI","potentialAction":[{"@type":"SearchAction","target":{"@type":"EntryPoint","urlTemplate":"https:\/\/talkpal.ai\/sq\/?s={search_term_string}"},"query-input":{"@type":"PropertyValueSpecification","valueRequired":true,"valueName":"search_term_string"}}],"inLanguage":"sq-AL"},{"@type":"Organization","@id":"https:\/\/talkpal.ai\/sq\/#organization","name":"Talkpal, Inc.","alternateName":"Talkpal AI","url":"https:\/\/talkpal.ai\/sq\/","logo":{"@type":"ImageObject","inLanguage":"sq-AL","@id":"https:\/\/talkpal.ai\/sq\/#\/schema\/logo\/image\/","url":"https:\/\/talkpal.ai\/wp-content\/uploads\/2024\/03\/Talkpal-Logo-Icon.png","contentUrl":"https:\/\/talkpal.ai\/wp-content\/uploads\/2024\/03\/Talkpal-Logo-Icon.png","width":2880,"height":2880,"caption":"Talkpal, Inc."},"image":{"@id":"https:\/\/talkpal.ai\/sq\/#\/schema\/logo\/image\/"},"sameAs":["https:\/\/www.facebook.com\/profile.php?id=100090733639311","https:\/\/x.com\/talkpalai","https:\/\/www.linkedin.com\/company\/talkpal\/","https:\/\/www.youtube.com\/@TalkPal\/","https:\/\/www.tiktok.com\/@talkpal","https:\/\/www.instagram.com\/talkpal_ai\/","https:\/\/www.crunchbase.com\/organization\/talkpal-9cde","https:\/\/www.g2.com\/products\/talkpal-for-business\/","https:\/\/www.trustpilot.com\/review\/talkpal.ai","https:\/\/www.capterra.com\/p\/10006800\/TalkPal\/"],"description":"Talkpal is a language learning web and mobile education app, powered by the latest AI technologies, that provides engaging experiences to its customers in many different languages to help them improve their language skills. Users can chat about unlimited amount of topics with the app and use other modes to practice their language learning.","email":"support@talkpal.ai","legalName":"Talkpal, Inc.","foundingDate":"2023-04-03","duns":"118989042","numberOfEmployees":{"@type":"QuantitativeValue","minValue":"11","maxValue":"50"},"publishingPrinciples":"https:\/\/talkpal.ai\/publishing-principles\/","actionableFeedbackPolicy":"https:\/\/talkpal.ai\/actionable-feedback-policy\/","correctionsPolicy":"https:\/\/talkpal.ai\/corrections-policy\/","ethicsPolicy":"https:\/\/talkpal.ai\/ethics-policy\/","diversityPolicy":"https:\/\/talkpal.ai\/diversity-policy\/","diversityStaffingReport":"https:\/\/talkpal.ai\/diversity-policy\/"}]}},"_links":{"self":[{"href":"https:\/\/talkpal.ai\/sq\/wp-json\/wp\/v2\/pages\/1448099","targetHints":{"allow":["GET"]}}],"collection":[{"href":"https:\/\/talkpal.ai\/sq\/wp-json\/wp\/v2\/pages"}],"about":[{"href":"https:\/\/talkpal.ai\/sq\/wp-json\/wp\/v2\/types\/page"}],"author":[{"embeddable":true,"href":"https:\/\/talkpal.ai\/sq\/wp-json\/wp\/v2\/users\/6"}],"replies":[{"embeddable":true,"href":"https:\/\/talkpal.ai\/sq\/wp-json\/wp\/v2\/comments?post=1448099"}],"version-history":[{"count":0,"href":"https:\/\/talkpal.ai\/sq\/wp-json\/wp\/v2\/pages\/1448099\/revisions"}],"wp:featuredmedia":[{"embeddable":true,"href":"https:\/\/talkpal.ai\/sq\/wp-json\/wp\/v2\/media\/1442850"}],"wp:attachment":[{"href":"https:\/\/talkpal.ai\/sq\/wp-json\/wp\/v2\/media?parent=1448099"}],"curies":[{"name":"wp","href":"https:\/\/api.w.org\/{rel}","templated":true}]}}