{"id":1448095,"date":"2023-06-22T07:53:19","date_gmt":"2023-06-22T07:53:19","guid":{"rendered":"https:\/\/talkpal.ai\/ushtrimet-gramatikore-kannada\/"},"modified":"2025-12-17T15:11:11","modified_gmt":"2025-12-17T15:11:11","slug":"ushtrimet-gramatikore-kannada","status":"publish","type":"page","link":"https:\/\/talkpal.ai\/sq\/ushtrimet-gramatikore-kannada\/","title":{"rendered":"Ushtrimet gramatikore kannada"},"content":{"rendered":"\r\n\r\n\r\n<section class=\"languageChallengeSection\">\r\n    <div class=\"languageInfoWrapper\">\r\n        \r\n        <h1>Ushtrimet gramatikore kannada<\/h1>\r\n        <p>Jeni t\u00eb etur p\u00ebr t\u00eb p\u00ebrmir\u00ebsuar aft\u00ebsit\u00eb tuaja <a href=\"https:\/\/talkpal.ai\/learn-kannada\/\">Kannada<\/a>? Praktikimi i ushtrimeve gramatikore \u00ebsht\u00eb nj\u00eb m\u00ebnyr\u00eb e shk\u00eblqyer p\u00ebr t\u00eb m\u00ebsuar struktur\u00ebn e fjalis\u00eb, format e foljeve dhe ve\u00e7orit\u00eb unike t\u00eb gjuh\u00ebs Kannada. Filloni t\u00eb punoni n\u00eb gramatik\u00ebn Kannada sot dhe shihni besimin dhe rrjedhshm\u00ebrin\u00eb tuaj t\u00eb rritet me \u00e7do ushtrim t\u00eb ri!<\/p>\r\n\r\n                            <a class=\"getStartedHidden\" href=\"https:\/\/app.talkpal.ai\/signup?lng=\">Filloni<\/a>\r\n        \r\n    <\/div>\r\n\r\n    <figure>\r\n    <img decoding=\"async\" width=\"768\" height=\"768\" src=\"https:\/\/talkpal.ai\/wp-content\/uploads\/2023\/06\/Kannada-768x768.png\" class=\"languageImage no-lazy\" alt=\"Language learning for increased mental flexibility\" fetchpriority=\"high\" sizes=\"(max-width: 768px) 150px, 768px\" srcset=\"https:\/\/talkpal.ai\/wp-content\/uploads\/2023\/06\/Kannada-768x768.png 768w, https:\/\/talkpal.ai\/wp-content\/uploads\/2023\/06\/Kannada-300x300.png 300w\" \/>\r\n    \r\n\r\n    <\/figure>\r\n\r\n            <a class=\"getStartedVisible\" href=\"https:\/\/app.talkpal.ai\/signup?lng=\">Filloni<\/a>\r\n    \r\n<\/section>\r\n\r\n\r\n<!-- <section class=\"grammarSection\">\r\n    <div class=\"grammarLinks\">\r\n            <\/div>\r\n<\/section> -->\r\n\r\n\r\n\r\n\r\n<section class=\"promotionalBanner\">\r\n    <p class=\"promotionalText\">M\u00ebnyra m\u00eb efikase p\u00ebr t\u00eb m\u00ebsuar nj\u00eb gjuh\u00eb<\/p>\r\n    <a class=\"promotionalLink\" href=\"https:\/\/app.talkpal.ai\/signup?lng=\">Provoni Talkpal falas<\/a>\r\n<\/section>\n<div class=\"wp-block-group pageContainerStyle\"><div class=\"wp-block-group__inner-container is-layout-constrained wp-block-group-is-layout-constrained\">\n<h2 class=\"wp-block-heading\" id=\"h-kannada-grammar-topics\">Temat e gramatik\u00ebs Kannada<\/h2>\n\n\n\n<p>Kannada \u00ebsht\u00eb nj\u00eb gjuh\u00eb dravidiane e folur kryesisht n\u00eb shtetin indian t\u00eb Karnataka nga af\u00ebrsisht 44 milion\u00eb njer\u00ebz. \u00cbsht\u00eb nj\u00eb nga 22 gjuh\u00ebt e planifikuara t\u00eb Indis\u00eb dhe gjuha zyrtare e shtetit t\u00eb Karnataka. M\u00ebsimi i Kannada nuk \u00ebsht\u00eb thelb\u00ebsor vet\u00ebm p\u00ebr t\u00eb kuptuar kultur\u00ebn dhe historin\u00eb e pasur t\u00eb Karnatak\u00ebs, por gjithashtu ndihmon n\u00eb komunikimin efektiv me popullsin\u00eb lokale. Ky artikull synon t\u00eb ofroj\u00eb nj\u00eb qasje t\u00eb strukturuar p\u00ebr m\u00ebsimin e temave t\u00eb ndryshme t\u00eb gramatik\u00ebs Kannada, e cila do t&#8217;ju ndihmoj\u00eb t\u00eb nd\u00ebrtoni nj\u00eb baz\u00eb t\u00eb fort\u00eb n\u00eb gjuh\u00eb.<\/p>\n\n\n\n<h3 class=\"wp-block-heading\" id=\"h-1-nouns\">1. Emrat<\/h3>\n\n\n\n<p>Si blloqet nd\u00ebrtuese t\u00eb \u00e7do gjuhe, emrat n\u00eb Kannada jan\u00eb thelb\u00ebsor\u00eb p\u00ebr t&#8217;u m\u00ebsuar s\u00eb pari. Emrat Kannada kan\u00eb forma t\u00eb ndryshme bazuar n\u00eb gjini, num\u00ebr dhe rast, t\u00eb cilat ndikojn\u00eb n\u00eb form\u00ebn e emrit. Filloni duke kuptuar konceptet themelore t\u00eb formave t\u00eb emrave dhe p\u00ebrdorimin e <a href=\"https:\/\/talkpal.ai\/locations\/language-courses-in-tyre\/\">tyre<\/a> n\u00eb gjuh\u00eb.<\/p>\n\n\n\n<h3 class=\"wp-block-heading\" id=\"h-2-pronouns-determiners\">2. P\u00ebremrat\/p\u00ebrcaktues<\/h3>\n\n\n\n<p>P\u00ebremrat jan\u00eb fjal\u00eb q\u00eb z\u00ebvend\u00ebsojn\u00eb emrat n\u00eb fjali, nd\u00ebrsa p\u00ebrcaktuesit modifikojn\u00eb emrat. M\u00ebsoni <a href=\"https:\/\/talkpal.ai\/sq\/rreth\/\">rreth<\/a> llojeve t\u00eb ndryshme t\u00eb p\u00ebremrave dhe p\u00ebrcaktuesve n\u00eb Kannada, p\u00ebrdorimin e tyre dhe si ndryshojn\u00eb n\u00eb var\u00ebsi t\u00eb gjinis\u00eb, numrit dhe rastit.<\/p>\n\n\n\n<h3 class=\"wp-block-heading\" id=\"h-3-articles\">3. Artikuj<\/h3>\n\n\n\n<p>Kannada nuk ka artikuj si anglishtja, por ka fjal\u00eb t\u00eb ngjashme q\u00eb ndihmojn\u00eb n\u00eb specifikimin e p\u00ebrcaktueshm\u00ebris\u00eb s\u00eb emrit. Njihuni me k\u00ebto fjal\u00eb dhe p\u00ebrdorimin e tyre n\u00eb Kannada.<\/p>\n\n\n\n<h3 class=\"wp-block-heading\" id=\"h-4-adjectives\">4. Mbiemrat<\/h3>\n\n\n\n<p>Mbiemrat p\u00ebrshkruajn\u00eb emrat dhe japin m\u00eb shum\u00eb informacion rreth tyre. M\u00ebsoni <a href=\"https:\/\/talkpal.ai\/culture\/what-is-the-difference-between-se-and-si\/\">se si<\/a> t\u00eb formoni dhe p\u00ebrdorni mbiemra n\u00eb Kannada, si dhe rregullat e tyre t\u00eb marr\u00ebveshjes me emrat.<\/p>\n\n\n\n<h3 class=\"wp-block-heading\" id=\"h-5-verbs\">5. Foljet<\/h3>\n\n\n\n<p>Foljet jan\u00eb fjal\u00eb veprimi q\u00eb tregojn\u00eb se \u00e7far\u00eb po b\u00ebn subjekti. M\u00ebsoni rreth llojeve t\u00eb ndryshme t\u00eb foljeve n\u00eb Kannada, format e tyre dhe rregullat e konjugimit bazuar n\u00eb koh\u00ebn, aspektin dhe humorin.<\/p>\n\n\n\n<h3 class=\"wp-block-heading\" id=\"h-6-tenses\">6. Koh\u00ebt<\/h3>\n\n\n\n<p>Tensionet n\u00eb Kannada ndihmojn\u00eb n\u00eb shprehjen kur ndodhi nj\u00eb veprim. Njihuni me tre koh\u00ebt kryesore \u2013 t\u00eb kaluar\u00ebn, t\u00eb tashmen dhe t\u00eb ardhmen \u2013 dhe format e tyre t\u00eb ndryshme.<\/p>\n\n\n\n<h3 class=\"wp-block-heading\" id=\"h-7-tense-comparison\">7. Krahasimi i tensionuar<\/h3>\n\n\n\n<p>Kuptoni se si t\u00eb krahasoni veprimet n\u00eb koh\u00eb t\u00eb ndryshme n\u00eb Kannada. Kjo do t&#8217;ju ndihmoj\u00eb t\u00eb nd\u00ebrtoni fjali m\u00eb komplekse dhe t\u00eb shprehni mendimet tuaja n\u00eb m\u00ebnyr\u00eb m\u00eb sakt\u00ebsi.<\/p>\n\n\n\n<h3 class=\"wp-block-heading\" id=\"h-8-progressive-and-perfect-progressive\">8. Progresiv dhe progresiv i p\u00ebrsosur<\/h3>\n\n\n\n<p>K\u00ebto aspekte t\u00eb foljeve Kannada tregojn\u00eb veprime t\u00eb vazhdueshme ose veprime q\u00eb ishin n\u00eb vazhdim, por tani jan\u00eb t\u00eb p\u00ebrfunduara. M\u00ebsoni se si t\u00eb formoni dhe p\u00ebrdorni folje progresive dhe t\u00eb p\u00ebrsosura progresive n\u00eb Kannada.<\/p>\n\n\n\n<h3 class=\"wp-block-heading\" id=\"h-9-adverbs\">9. Ndajfoljet<\/h3>\n\n\n\n<p>Ndajfoljet ofrojn\u00eb informacion shtes\u00eb rreth foljeve, mbiemrave ose ndajfoljeve t\u00eb tjera. M\u00ebsoni llojet e ndryshme t\u00eb ndajfoljeve n\u00eb Kannada dhe vendosjen e tyre n\u00eb fjali.<\/p>\n\n\n\n<h3 class=\"wp-block-heading\" id=\"h-10-conditionals\">10. Kusht\u00ebzimet<\/h3>\n\n\n\n<p>Kusht\u00ebzuesit jan\u00eb fjali q\u00eb shprehin nj\u00eb gjendje dhe rezultatin e tij t\u00eb mundsh\u00ebm. M\u00ebsoni se si t\u00eb formoni dhe p\u00ebrdorni fjali t\u00eb kusht\u00ebzuara n\u00eb Kannada duke p\u00ebrdorur format dhe lidhjet e duhura t\u00eb foljeve.<\/p>\n\n\n\n<h3 class=\"wp-block-heading\" id=\"h-11-prepositions\">11. Parafjal\u00ebt<\/h3>\n\n\n\n<p>Parafjal\u00ebt jan\u00eb fjal\u00eb q\u00eb tregojn\u00eb marr\u00ebdh\u00ebnie midis emrave ose p\u00ebremrave dhe fjal\u00ebve t\u00eb tjera n\u00eb nj\u00eb fjali. M\u00ebsoni parafjal\u00ebt e zakonshme Kannada dhe p\u00ebrdorimin e tyre.<\/p>\n\n\n\n<h3 class=\"wp-block-heading\" id=\"h-12-sentences\">12. Djali<\/h3>\n\n\n\n<p>S\u00eb fundi, praktikoni kombinimin e t\u00eb gjitha temave gramatikore q\u00eb keni m\u00ebsuar p\u00ebr t\u00eb formuar fjali t\u00eb plota n\u00eb Kannada. Kjo do t&#8217;ju ndihmoj\u00eb t\u00eb p\u00ebrmir\u00ebsoni aft\u00ebsit\u00eb tuaja t\u00eb p\u00ebrgjithshme gjuh\u00ebsore dhe aft\u00ebsit\u00eb e komunikimit.<\/p>\n<\/div><\/div>\n\r\n<section class=\"learnNavigationSection\">\r\n            \r\n        <a href=\"https:\/\/talkpal.ai\/sq\/meso-kannada\/\">\r\n            <div class=\"learnNavigationWrapper\">\r\n                <div class=\"learnNavigationContent\">\r\n                    <img decoding=\"async\" src=\"https:\/\/talkpal.ai\/wp-content\/uploads\/2024\/08\/Kannada.jpg\" alt=\"Indian Simplified Flag\">\r\n                    <div>\r\n                        <h4>Rreth m\u00ebsimit t\u00eb Kannada<\/h4>\r\n                        <p>M\u00ebsoni gjith\u00e7ka rreth gramatik\u00ebs Kannada.<\/p>\r\n                    <\/div>\r\n                <\/div>\r\n            <\/div>\r\n        <\/a>\r\n\r\n        \r\n        <a href=\"https:\/\/talkpal.ai\/sq\/gramatika-kannada\/\">\r\n            <div class=\"learnNavigationWrapper\">\r\n                <div class=\"learnNavigationContent\">\r\n                    <img decoding=\"async\" src=\"https:\/\/talkpal.ai\/wp-content\/uploads\/2024\/08\/Kannada.jpg\" alt=\"Indian Simplified Flag\">\r\n                    <div>\r\n                        <h4>M\u00ebsimet e gramatik\u00ebs Kannada<\/h4>\r\n                        <p>Praktikoni gramatik\u00ebn Kannada.<\/p>\r\n                    <\/div>\r\n                <\/div>\r\n            <\/div>\r\n        <\/a>\r\n\r\n        \r\n        <a href=\"https:\/\/talkpal.ai\/vocabulary_language\/kannada\/\">\r\n            <div class=\"learnNavigationWrapper\">\r\n                <div class=\"learnNavigationContent\">\r\n                    <img decoding=\"async\" src=\"https:\/\/talkpal.ai\/wp-content\/uploads\/2024\/08\/Kannada.jpg\" alt=\"Indian Simplified Flag\">\r\n                    <div>\r\n                        <h4>Fjalori Kannada<\/h4>\r\n                        <p>Zgjeroni fjalorin tuaj Kannada.<\/p>\r\n                    <\/div>\r\n                <\/div>\r\n            <\/div>\r\n        <\/a>\r\n\r\n            <\/section>","protected":false},"excerpt":{"rendered":"<p>Temat e gramatik\u00ebs Kannada Kannada \u00ebsht\u00eb nj\u00eb gjuh\u00eb dravidiane e folur kryesisht n\u00eb shtetin indian t\u00eb Karnataka nga af\u00ebrsisht 44 milion\u00eb njer\u00ebz. \u00cbsht\u00eb nj\u00eb nga 22 gjuh\u00ebt e planifikuara t\u00eb Indis\u00eb dhe gjuha zyrtare e shtetit t\u00eb Karnataka. M\u00ebsimi i Kannada nuk \u00ebsht\u00eb thelb\u00ebsor vet\u00ebm p\u00ebr t\u00eb kuptuar kultur\u00ebn dhe historin\u00eb e pasur t\u00eb Karnatak\u00ebs, [&hellip;]<\/p>\n","protected":false},"author":6,"featured_media":1442863,"parent":0,"menu_order":0,"comment_status":"closed","ping_status":"closed","template":"LearningContentPage.php","meta":{"_acf_changed":false,"footnotes":""},"class_list":["post-1448095","page","type-page","status-publish","has-post-thumbnail","hentry"],"acf":[],"yoast_head":"<!-- This site is optimized with the Yoast SEO Premium plugin v27.2 (Yoast SEO v27.2) - https:\/\/yoast.com\/product\/yoast-seo-premium-wordpress\/ -->\n<title>Ushtrimet gramatikore kannada - Talkpal<\/title>\n<meta name=\"description\" content=\"Forconi gramatik\u00ebn tuaj Kannada - angazhohuni n\u00eb ushtrime interaktive, zot\u00ebroni modelet e fjalive dhe p\u00ebrmir\u00ebsoni rrjedhshm\u00ebrin\u00eb me tutorin e AI t\u00eb TalkPal.\" \/>\n<meta name=\"robots\" content=\"index, follow, max-snippet:-1, max-image-preview:large, max-video-preview:-1\" \/>\n<link rel=\"canonical\" href=\"https:\/\/talkpal.ai\/sq\/ushtrimet-gramatikore-kannada\/\" \/>\n<meta property=\"og:locale\" content=\"sq_AL\" \/>\n<meta property=\"og:type\" content=\"article\" \/>\n<meta property=\"og:title\" content=\"Ushtrimet gramatikore kannada\" \/>\n<meta property=\"og:description\" content=\"Temat e gramatik\u00ebs Kannada Kannada \u00ebsht\u00eb nj\u00eb gjuh\u00eb dravidiane e folur kryesisht n\u00eb shtetin indian t\u00eb Karnataka nga af\u00ebrsisht 44 milion\u00eb njer\u00ebz. \u00cbsht\u00eb nj\u00eb\" \/>\n<meta property=\"og:url\" content=\"https:\/\/talkpal.ai\/sq\/ushtrimet-gramatikore-kannada\/\" \/>\n<meta property=\"og:site_name\" content=\"Talkpal\" \/>\n<meta property=\"article:publisher\" content=\"https:\/\/www.facebook.com\/profile.php?id=100090733639311\" \/>\n<meta property=\"article:modified_time\" content=\"2025-12-17T15:11:11+00:00\" \/>\n<meta property=\"og:image\" content=\"https:\/\/talkpal.ai\/wp-content\/uploads\/2023\/05\/Kannada-india.png\" \/>\n\t<meta property=\"og:image:width\" content=\"512\" \/>\n\t<meta property=\"og:image:height\" content=\"512\" \/>\n\t<meta property=\"og:image:type\" content=\"image\/png\" \/>\n<meta name=\"twitter:card\" content=\"summary_large_image\" \/>\n<meta name=\"twitter:site\" content=\"@talkpalai\" \/>\n<meta name=\"twitter:label1\" content=\"Est. reading time\" \/>\n\t<meta name=\"twitter:data1\" content=\"3 minutes\" \/>\n<script type=\"application\/ld+json\" class=\"yoast-schema-graph\">{\"@context\":\"https:\/\/schema.org\",\"@graph\":[{\"@type\":\"WebPage\",\"@id\":\"https:\/\/talkpal.ai\/sq\/ushtrimet-gramatikore-kannada\/\",\"url\":\"https:\/\/talkpal.ai\/sq\/ushtrimet-gramatikore-kannada\/\",\"name\":\"Ushtrimet gramatikore kannada - Talkpal\",\"isPartOf\":{\"@id\":\"https:\/\/talkpal.ai\/sq\/#website\"},\"primaryImageOfPage\":{\"@id\":\"https:\/\/talkpal.ai\/sq\/ushtrimet-gramatikore-kannada\/#primaryimage\"},\"image\":{\"@id\":\"https:\/\/talkpal.ai\/sq\/ushtrimet-gramatikore-kannada\/#primaryimage\"},\"thumbnailUrl\":\"https:\/\/talkpal.ai\/wp-content\/uploads\/2023\/05\/Kannada-india.png\",\"datePublished\":\"2023-06-22T07:53:19+00:00\",\"dateModified\":\"2025-12-17T15:11:11+00:00\",\"description\":\"Forconi gramatik\u00ebn tuaj Kannada - angazhohuni n\u00eb ushtrime interaktive, zot\u00ebroni modelet e fjalive dhe p\u00ebrmir\u00ebsoni rrjedhshm\u00ebrin\u00eb me tutorin e AI t\u00eb TalkPal.\",\"breadcrumb\":{\"@id\":\"https:\/\/talkpal.ai\/sq\/ushtrimet-gramatikore-kannada\/#breadcrumb\"},\"inLanguage\":\"sq-AL\",\"potentialAction\":[{\"@type\":\"ReadAction\",\"target\":[\"https:\/\/talkpal.ai\/sq\/ushtrimet-gramatikore-kannada\/\"]}]},{\"@type\":\"ImageObject\",\"inLanguage\":\"sq-AL\",\"@id\":\"https:\/\/talkpal.ai\/sq\/ushtrimet-gramatikore-kannada\/#primaryimage\",\"url\":\"https:\/\/talkpal.ai\/wp-content\/uploads\/2023\/05\/Kannada-india.png\",\"contentUrl\":\"https:\/\/talkpal.ai\/wp-content\/uploads\/2023\/05\/Kannada-india.png\",\"width\":512,\"height\":512,\"caption\":\"TalkPal Kannada Flag\"},{\"@type\":\"BreadcrumbList\",\"@id\":\"https:\/\/talkpal.ai\/sq\/ushtrimet-gramatikore-kannada\/#breadcrumb\",\"itemListElement\":[{\"@type\":\"ListItem\",\"position\":1,\"name\":\"Homepage\",\"item\":\"https:\/\/talkpal.ai\/sq\/\"},{\"@type\":\"ListItem\",\"position\":2,\"name\":\"Ushtrimet gramatikore kannada\"}]},{\"@type\":\"WebSite\",\"@id\":\"https:\/\/talkpal.ai\/sq\/#website\",\"url\":\"https:\/\/talkpal.ai\/sq\/\",\"name\":\"Talkpal\",\"description\":\"AI Language Learning\",\"publisher\":{\"@id\":\"https:\/\/talkpal.ai\/sq\/#organization\"},\"alternateName\":\"Talkpal AI\",\"potentialAction\":[{\"@type\":\"SearchAction\",\"target\":{\"@type\":\"EntryPoint\",\"urlTemplate\":\"https:\/\/talkpal.ai\/sq\/?s={search_term_string}\"},\"query-input\":{\"@type\":\"PropertyValueSpecification\",\"valueRequired\":true,\"valueName\":\"search_term_string\"}}],\"inLanguage\":\"sq-AL\"},{\"@type\":\"Organization\",\"@id\":\"https:\/\/talkpal.ai\/sq\/#organization\",\"name\":\"Talkpal, Inc.\",\"alternateName\":\"Talkpal AI\",\"url\":\"https:\/\/talkpal.ai\/sq\/\",\"logo\":{\"@type\":\"ImageObject\",\"inLanguage\":\"sq-AL\",\"@id\":\"https:\/\/talkpal.ai\/sq\/#\/schema\/logo\/image\/\",\"url\":\"https:\/\/talkpal.ai\/wp-content\/uploads\/2024\/03\/Talkpal-Logo-Icon.png\",\"contentUrl\":\"https:\/\/talkpal.ai\/wp-content\/uploads\/2024\/03\/Talkpal-Logo-Icon.png\",\"width\":2880,\"height\":2880,\"caption\":\"Talkpal, Inc.\"},\"image\":{\"@id\":\"https:\/\/talkpal.ai\/sq\/#\/schema\/logo\/image\/\"},\"sameAs\":[\"https:\/\/www.facebook.com\/profile.php?id=100090733639311\",\"https:\/\/x.com\/talkpalai\",\"https:\/\/www.linkedin.com\/company\/talkpal\/\",\"https:\/\/www.youtube.com\/@TalkPal\/\",\"https:\/\/www.tiktok.com\/@talkpal\",\"https:\/\/www.instagram.com\/talkpal_ai\/\",\"https:\/\/www.crunchbase.com\/organization\/talkpal-9cde\",\"https:\/\/www.g2.com\/products\/talkpal-for-business\/\",\"https:\/\/www.trustpilot.com\/review\/talkpal.ai\",\"https:\/\/www.capterra.com\/p\/10006800\/TalkPal\/\"],\"description\":\"Talkpal is a language learning web and mobile education app, powered by the latest AI technologies, that provides engaging experiences to its customers in many different languages to help them improve their language skills. Users can chat about unlimited amount of topics with the app and use other modes to practice their language learning.\",\"email\":\"support@talkpal.ai\",\"legalName\":\"Talkpal, Inc.\",\"foundingDate\":\"2023-04-03\",\"duns\":\"118989042\",\"numberOfEmployees\":{\"@type\":\"QuantitativeValue\",\"minValue\":\"11\",\"maxValue\":\"50\"},\"publishingPrinciples\":\"https:\/\/talkpal.ai\/publishing-principles\/\",\"actionableFeedbackPolicy\":\"https:\/\/talkpal.ai\/actionable-feedback-policy\/\",\"correctionsPolicy\":\"https:\/\/talkpal.ai\/corrections-policy\/\",\"ethicsPolicy\":\"https:\/\/talkpal.ai\/ethics-policy\/\",\"diversityPolicy\":\"https:\/\/talkpal.ai\/diversity-policy\/\",\"diversityStaffingReport\":\"https:\/\/talkpal.ai\/diversity-policy\/\"}]}<\/script>\n<!-- \/ Yoast SEO Premium plugin. -->","yoast_head_json":{"title":"Ushtrimet gramatikore kannada - Talkpal","description":"Forconi gramatik\u00ebn tuaj Kannada - angazhohuni n\u00eb ushtrime interaktive, zot\u00ebroni modelet e fjalive dhe p\u00ebrmir\u00ebsoni rrjedhshm\u00ebrin\u00eb me tutorin e AI t\u00eb TalkPal.","robots":{"index":"index","follow":"follow","max-snippet":"max-snippet:-1","max-image-preview":"max-image-preview:large","max-video-preview":"max-video-preview:-1"},"canonical":"https:\/\/talkpal.ai\/sq\/ushtrimet-gramatikore-kannada\/","og_locale":"sq_AL","og_type":"article","og_title":"Ushtrimet gramatikore kannada","og_description":"Temat e gramatik\u00ebs Kannada Kannada \u00ebsht\u00eb nj\u00eb gjuh\u00eb dravidiane e folur kryesisht n\u00eb shtetin indian t\u00eb Karnataka nga af\u00ebrsisht 44 milion\u00eb njer\u00ebz. \u00cbsht\u00eb nj\u00eb","og_url":"https:\/\/talkpal.ai\/sq\/ushtrimet-gramatikore-kannada\/","og_site_name":"Talkpal","article_publisher":"https:\/\/www.facebook.com\/profile.php?id=100090733639311","article_modified_time":"2025-12-17T15:11:11+00:00","og_image":[{"width":512,"height":512,"url":"https:\/\/talkpal.ai\/wp-content\/uploads\/2023\/05\/Kannada-india.png","type":"image\/png"}],"twitter_card":"summary_large_image","twitter_site":"@talkpalai","twitter_misc":{"Est. reading time":"3 minutes"},"schema":{"@context":"https:\/\/schema.org","@graph":[{"@type":"WebPage","@id":"https:\/\/talkpal.ai\/sq\/ushtrimet-gramatikore-kannada\/","url":"https:\/\/talkpal.ai\/sq\/ushtrimet-gramatikore-kannada\/","name":"Ushtrimet gramatikore kannada - Talkpal","isPartOf":{"@id":"https:\/\/talkpal.ai\/sq\/#website"},"primaryImageOfPage":{"@id":"https:\/\/talkpal.ai\/sq\/ushtrimet-gramatikore-kannada\/#primaryimage"},"image":{"@id":"https:\/\/talkpal.ai\/sq\/ushtrimet-gramatikore-kannada\/#primaryimage"},"thumbnailUrl":"https:\/\/talkpal.ai\/wp-content\/uploads\/2023\/05\/Kannada-india.png","datePublished":"2023-06-22T07:53:19+00:00","dateModified":"2025-12-17T15:11:11+00:00","description":"Forconi gramatik\u00ebn tuaj Kannada - angazhohuni n\u00eb ushtrime interaktive, zot\u00ebroni modelet e fjalive dhe p\u00ebrmir\u00ebsoni rrjedhshm\u00ebrin\u00eb me tutorin e AI t\u00eb TalkPal.","breadcrumb":{"@id":"https:\/\/talkpal.ai\/sq\/ushtrimet-gramatikore-kannada\/#breadcrumb"},"inLanguage":"sq-AL","potentialAction":[{"@type":"ReadAction","target":["https:\/\/talkpal.ai\/sq\/ushtrimet-gramatikore-kannada\/"]}]},{"@type":"ImageObject","inLanguage":"sq-AL","@id":"https:\/\/talkpal.ai\/sq\/ushtrimet-gramatikore-kannada\/#primaryimage","url":"https:\/\/talkpal.ai\/wp-content\/uploads\/2023\/05\/Kannada-india.png","contentUrl":"https:\/\/talkpal.ai\/wp-content\/uploads\/2023\/05\/Kannada-india.png","width":512,"height":512,"caption":"TalkPal Kannada Flag"},{"@type":"BreadcrumbList","@id":"https:\/\/talkpal.ai\/sq\/ushtrimet-gramatikore-kannada\/#breadcrumb","itemListElement":[{"@type":"ListItem","position":1,"name":"Homepage","item":"https:\/\/talkpal.ai\/sq\/"},{"@type":"ListItem","position":2,"name":"Ushtrimet gramatikore kannada"}]},{"@type":"WebSite","@id":"https:\/\/talkpal.ai\/sq\/#website","url":"https:\/\/talkpal.ai\/sq\/","name":"Talkpal","description":"AI Language Learning","publisher":{"@id":"https:\/\/talkpal.ai\/sq\/#organization"},"alternateName":"Talkpal AI","potentialAction":[{"@type":"SearchAction","target":{"@type":"EntryPoint","urlTemplate":"https:\/\/talkpal.ai\/sq\/?s={search_term_string}"},"query-input":{"@type":"PropertyValueSpecification","valueRequired":true,"valueName":"search_term_string"}}],"inLanguage":"sq-AL"},{"@type":"Organization","@id":"https:\/\/talkpal.ai\/sq\/#organization","name":"Talkpal, Inc.","alternateName":"Talkpal AI","url":"https:\/\/talkpal.ai\/sq\/","logo":{"@type":"ImageObject","inLanguage":"sq-AL","@id":"https:\/\/talkpal.ai\/sq\/#\/schema\/logo\/image\/","url":"https:\/\/talkpal.ai\/wp-content\/uploads\/2024\/03\/Talkpal-Logo-Icon.png","contentUrl":"https:\/\/talkpal.ai\/wp-content\/uploads\/2024\/03\/Talkpal-Logo-Icon.png","width":2880,"height":2880,"caption":"Talkpal, Inc."},"image":{"@id":"https:\/\/talkpal.ai\/sq\/#\/schema\/logo\/image\/"},"sameAs":["https:\/\/www.facebook.com\/profile.php?id=100090733639311","https:\/\/x.com\/talkpalai","https:\/\/www.linkedin.com\/company\/talkpal\/","https:\/\/www.youtube.com\/@TalkPal\/","https:\/\/www.tiktok.com\/@talkpal","https:\/\/www.instagram.com\/talkpal_ai\/","https:\/\/www.crunchbase.com\/organization\/talkpal-9cde","https:\/\/www.g2.com\/products\/talkpal-for-business\/","https:\/\/www.trustpilot.com\/review\/talkpal.ai","https:\/\/www.capterra.com\/p\/10006800\/TalkPal\/"],"description":"Talkpal is a language learning web and mobile education app, powered by the latest AI technologies, that provides engaging experiences to its customers in many different languages to help them improve their language skills. Users can chat about unlimited amount of topics with the app and use other modes to practice their language learning.","email":"support@talkpal.ai","legalName":"Talkpal, Inc.","foundingDate":"2023-04-03","duns":"118989042","numberOfEmployees":{"@type":"QuantitativeValue","minValue":"11","maxValue":"50"},"publishingPrinciples":"https:\/\/talkpal.ai\/publishing-principles\/","actionableFeedbackPolicy":"https:\/\/talkpal.ai\/actionable-feedback-policy\/","correctionsPolicy":"https:\/\/talkpal.ai\/corrections-policy\/","ethicsPolicy":"https:\/\/talkpal.ai\/ethics-policy\/","diversityPolicy":"https:\/\/talkpal.ai\/diversity-policy\/","diversityStaffingReport":"https:\/\/talkpal.ai\/diversity-policy\/"}]}},"_links":{"self":[{"href":"https:\/\/talkpal.ai\/sq\/wp-json\/wp\/v2\/pages\/1448095","targetHints":{"allow":["GET"]}}],"collection":[{"href":"https:\/\/talkpal.ai\/sq\/wp-json\/wp\/v2\/pages"}],"about":[{"href":"https:\/\/talkpal.ai\/sq\/wp-json\/wp\/v2\/types\/page"}],"author":[{"embeddable":true,"href":"https:\/\/talkpal.ai\/sq\/wp-json\/wp\/v2\/users\/6"}],"replies":[{"embeddable":true,"href":"https:\/\/talkpal.ai\/sq\/wp-json\/wp\/v2\/comments?post=1448095"}],"version-history":[{"count":0,"href":"https:\/\/talkpal.ai\/sq\/wp-json\/wp\/v2\/pages\/1448095\/revisions"}],"wp:featuredmedia":[{"embeddable":true,"href":"https:\/\/talkpal.ai\/sq\/wp-json\/wp\/v2\/media\/1442863"}],"wp:attachment":[{"href":"https:\/\/talkpal.ai\/sq\/wp-json\/wp\/v2\/media?parent=1448095"}],"curies":[{"name":"wp","href":"https:\/\/api.w.org\/{rel}","templated":true}]}}