{"id":1448091,"date":"2023-06-21T14:50:44","date_gmt":"2023-06-21T14:50:44","guid":{"rendered":"https:\/\/talkpal.ai\/ushtrime-gramatikore-islandeze\/"},"modified":"2025-12-17T16:10:45","modified_gmt":"2025-12-17T16:10:45","slug":"ushtrime-gramatikore-islandeze","status":"publish","type":"page","link":"https:\/\/talkpal.ai\/sq\/ushtrime-gramatikore-islandeze\/","title":{"rendered":"Ushtrime gramatikore islandeze"},"content":{"rendered":"\r\n\r\n\r\n<section class=\"languageChallengeSection\">\r\n    <div class=\"languageInfoWrapper\">\r\n        \r\n        <h1>Ushtrime gramatikore islandeze<\/h1>\r\n        <p>Gati p\u00ebr t\u00eb forcuar aft\u00ebsit\u00eb tuaja <a href=\"https:\/\/talkpal.ai\/learn-icelandic\/\">islandeze<\/a>? Praktikimi i ushtrimeve gramatikore \u00ebsht\u00eb nj\u00eb m\u00ebnyr\u00eb e shk\u00eblqyer p\u00ebr t\u00eb zot\u00ebruar struktur\u00ebn e fjalis\u00eb, format e foljeve dhe tiparet unike t\u00eb gjuh\u00ebs islandeze. Filloni t\u00eb eksploroni gramatik\u00ebn islandeze sot dhe shikoni besimin dhe rrjedhshm\u00ebrin\u00eb tuaj t\u00eb rriten me \u00e7do ushtrim!\n\n<\/p>\r\n\r\n                            <a class=\"getStartedHidden\" href=\"https:\/\/app.talkpal.ai\/signup?lng=\">Filloni<\/a>\r\n        \r\n    <\/div>\r\n\r\n    <figure>\r\n    <img decoding=\"async\" width=\"768\" height=\"768\" src=\"https:\/\/talkpal.ai\/wp-content\/uploads\/2023\/06\/Icelandic-768x768.png\" class=\"languageImage no-lazy\" alt=\"Language learning for better job opportunities\" fetchpriority=\"high\" sizes=\"(max-width: 768px) 150px, 768px\" srcset=\"https:\/\/talkpal.ai\/wp-content\/uploads\/2023\/06\/Icelandic-768x768.png 768w, https:\/\/talkpal.ai\/wp-content\/uploads\/2023\/06\/Icelandic-300x300.png 300w\" \/>\r\n    \r\n\r\n    <\/figure>\r\n\r\n            <a class=\"getStartedVisible\" href=\"https:\/\/app.talkpal.ai\/signup?lng=\">Filloni<\/a>\r\n    \r\n<\/section>\r\n\r\n\r\n<!-- <section class=\"grammarSection\">\r\n    <div class=\"grammarLinks\">\r\n            <\/div>\r\n<\/section> -->\r\n\r\n\r\n\r\n\r\n<section class=\"promotionalBanner\">\r\n    <p class=\"promotionalText\">M\u00ebnyra m\u00eb efikase p\u00ebr t\u00eb m\u00ebsuar nj\u00eb gjuh\u00eb<\/p>\r\n    <a class=\"promotionalLink\" href=\"https:\/\/app.talkpal.ai\/signup?lng=\">Provoni Talkpal falas<\/a>\r\n<\/section>\n<div class=\"wp-block-group pageContainerStyle\"><div class=\"wp-block-group__inner-container is-layout-constrained wp-block-group-is-layout-constrained\">\n<h2 class=\"wp-block-heading\" id=\"h-icelandic-grammar-topics\">Temat e gramatik\u00ebs islandeze<\/h2>\n\n\n\n<p>Islandishtja, nj\u00eb gjuh\u00eb gjermane veriore e folur nga m\u00eb shum\u00eb se 300,000 njer\u00ebz, \u00ebsht\u00eb gjuha zyrtare e Island\u00ebs. I njohur p\u00ebr gramatik\u00ebn e saj komplekse dhe fjalorin e pasur, islandishtja ka nj\u00eb bukuri unike q\u00eb t\u00ebrheq nx\u00ebn\u00ebs t\u00eb gjuh\u00ebs nga e gjith\u00eb bota. Me rr\u00ebnj\u00ebt e saj n\u00eb norvegjishten e vjet\u00ebr, islandishtja ka nj\u00eb tradit\u00eb t\u00eb fort\u00eb letrare q\u00eb daton n\u00eb epok\u00ebn vikinge. N\u00eb k\u00ebt\u00eb artikull, ne do t\u00eb shqyrtojm\u00eb temat kryesore t\u00eb gramatik\u00ebs islandeze q\u00eb do t&#8217;ju ndihmojn\u00eb t\u00eb kuptoni dhe zot\u00ebroni k\u00ebt\u00eb gjuh\u00eb magjeps\u00ebse, nga bazat si emrat dhe foljet deri te strukturat m\u00eb komplekse si kusht\u00ebzimet dhe parafjal\u00ebt.<\/p>\n\n\n\n<h3 class=\"wp-block-heading\" id=\"h-1-nouns\">1. Emrat<\/h3>\n\n\n\n<p>Filloni duke m\u00ebsuar bazat e emrave islandez\u00eb, t\u00eb cilat p\u00ebrfshijn\u00eb njer\u00ebz, vende dhe gj\u00ebra. Islandishtja ka tre gjini gramatikore (mashkullore, fem\u00ebrore dhe neutre) dhe kat\u00ebr raste (nominative, akuzative, dative dhe gjenitive). Kuptimi i k\u00ebtyre aspekteve \u00ebsht\u00eb thelb\u00ebsor p\u00ebr deformimin e duhur dhe marr\u00ebveshjen me pjes\u00ebt e tjera t\u00eb t\u00eb folurit.<\/p>\n\n\n\n<h3 class=\"wp-block-heading\" id=\"h-2-articles\">2. Artikuj<\/h3>\n\n\n\n<p>Islandishtja nuk ka artikuj t\u00eb pacaktuar, por ka artikuj t\u00eb caktuar q\u00eb jan\u00eb bashkangjitur n\u00eb fund t\u00eb nj\u00eb emri. M\u00ebsoni <a href=\"https:\/\/talkpal.ai\/culture\/what-is-the-difference-between-se-and-si\/\">se si<\/a> t\u00eb formoni artikullin e caktuar p\u00ebr \u00e7do gjini dhe rast, pasi kjo do t\u00eb ndihmoj\u00eb n\u00eb p\u00ebrdorimin e duhur t\u00eb emrave.<\/p>\n\n\n\n<h3 class=\"wp-block-heading\" id=\"h-3-pronouns-determiners\">3. P\u00ebremrat\/p\u00ebrcaktues<\/h3>\n\n\n\n<p>Islandishtja ka p\u00ebremra personal\u00eb, posesiv, refleksiv dhe demonstrativ, si dhe p\u00ebrcaktues sasior\u00eb dhe p\u00ebrcaktues pyet\u00ebs. Njihuni me k\u00ebta p\u00ebremra dhe p\u00ebrcaktues dhe deklinacionet e <a href=\"https:\/\/talkpal.ai\/locations\/language-courses-in-tyre\/\">tyre<\/a> p\u00ebrkat\u00ebse p\u00ebr t\u00eb siguruar marr\u00ebveshjen dhe p\u00ebrdorimin e duhur n\u00eb fjali.<\/p>\n\n\n\n<h3 class=\"wp-block-heading\" id=\"h-4-adjectives\">4. Mbiemrat<\/h3>\n\n\n\n<p>Mbiemrat n\u00eb islandisht duhet t\u00eb bien dakord n\u00eb gjini, num\u00ebr dhe rast me emrin q\u00eb modifikojn\u00eb. M\u00ebsoni modelet e ndryshme t\u00eb deformimit p\u00ebr mbiemrat dhe si ato ndryshojn\u00eb bazuar n\u00eb gjinin\u00eb dhe rastin e emrit.<\/p>\n\n\n\n<h3 class=\"wp-block-heading\" id=\"h-5-verbs\">5. Foljet<\/h3>\n\n\n\n<p>Foljet islandeze jan\u00eb t\u00eb lidhura sipas koh\u00ebs, humorit dhe z\u00ebrit. Filloni duke m\u00ebsuar koh\u00ebn e tashme, t\u00eb kaluar dhe t\u00eb ardhshme, si dhe humorin tregues, n\u00ebnlidh\u00ebs dhe <a href=\"https:\/\/talkpal.ai\/ja\/grammar_exercises\/imperatif-%e3%83%95%e3%83%a9%e3%83%b3%e3%82%b9%e3%81%ae%e6%96%87%e6%b3%95%e3%81%ae%e3%81%9f%e3%82%81%e3%81%ae%e6%bc%94%e7%bf%92\/\">imperativ<\/a>. Gjithashtu, njihuni me modelet e konjugimit p\u00ebr foljet e rregullta dhe t\u00eb parregullta.<\/p>\n\n\n\n<h3 class=\"wp-block-heading\" id=\"h-6-tense-comparison\">6. Krahasimi i tensionuar<\/h3>\n\n\n\n<p>Kuptoni dallimin midis formave t\u00eb thjeshta dhe t\u00eb vazhdueshme t\u00eb secilit koh\u00eb. Islandishtja nuk ka nj\u00eb aspekt progresiv si anglishtja, k\u00ebshtu q\u00eb m\u00ebsoni se si t\u00eb shprehni veprimet e vazhdueshme duke p\u00ebrdorur struktura t\u00eb tjera.<\/p>\n\n\n\n<h3 class=\"wp-block-heading\" id=\"h-7-perfect-progressive\">7. Progresiv i p\u00ebrsosur<\/h3>\n\n\n\n<p>Islandishtja nuk ka nj\u00eb ekuivalent t\u00eb drejtp\u00ebrdrejt\u00eb me koh\u00ebn progresive t\u00eb p\u00ebrsosur angleze. Megjithat\u00eb, ju mund t\u00eb m\u00ebsoni t\u00eb shprehni ide t\u00eb ngjashme duke p\u00ebrdorur konstruksione perifrastike me folje ndihm\u00ebse dhe pjes\u00ebmarr\u00ebse.<\/p>\n\n\n\n<h3 class=\"wp-block-heading\" id=\"h-8-adverbs\">8. Ndajfoljet<\/h3>\n\n\n\n<p>Ndajfoljet modifikojn\u00eb foljet, mbiemrat dhe ndajfoljet e tjera. M\u00ebsoni llojet e ndryshme t\u00eb ndajfoljeve n\u00eb islandisht, si dhe vendosjen e tyre n\u00eb fjali.<\/p>\n\n\n\n<h3 class=\"wp-block-heading\" id=\"h-9-prepositions\">9. Parafjal\u00ebt<\/h3>\n\n\n\n<p>Parafjal\u00ebt tregojn\u00eb marr\u00ebdh\u00ebnien midis nj\u00eb emri ose p\u00ebremri dhe nj\u00eb elementi tjet\u00ebr n\u00eb fjali. Studioni parafjal\u00ebt m\u00eb t\u00eb zakonshme islandeze dhe rastet e tyre p\u00ebrkat\u00ebse p\u00ebr t&#8217;i p\u00ebrdorur ato n\u00eb m\u00ebnyr\u00eb korrekte.<\/p>\n\n\n\n<h3 class=\"wp-block-heading\" id=\"h-10-conditionals\">10. Kusht\u00ebzimet<\/h3>\n\n\n\n<p>Islandishtja ka tre lloje fjalish t\u00eb kusht\u00ebzuara: reale, joreale dhe joreale t\u00eb kaluara. Kuptoni struktur\u00ebn dhe p\u00ebrdorimin e k\u00ebtyre kusht\u00ebzimeve p\u00ebr t\u00eb shprehur situatat hipotetike dhe rezultatet e tyre t\u00eb mundshme.<\/p>\n\n\n\n<h3 class=\"wp-block-heading\" id=\"h-11-sentences\">11. D\u00ebnimet<\/h3>\n\n\n\n<p>S\u00eb fundi, praktikoni nd\u00ebrtimin e llojeve t\u00eb ndryshme t\u00eb fjalive islandeze, t\u00eb tilla si deklarative, pyet\u00ebse, imperative dhe thirrje. Kjo do t&#8217;ju ndihmoj\u00eb t\u00eb zhvilloni nj\u00eb baz\u00eb t\u00eb fort\u00eb n\u00eb sintaks\u00ebn islandeze dhe aft\u00ebsin\u00eb e p\u00ebrgjithshme gjuh\u00ebsore.<\/p>\n<\/div><\/div>\n\r\n<section class=\"learnNavigationSection\">\r\n            \r\n        <a href=\"https:\/\/talkpal.ai\/sq\/mesoni-islandisht\/\">\r\n            <div class=\"learnNavigationWrapper\">\r\n                <div class=\"learnNavigationContent\">\r\n                    <img decoding=\"async\" src=\"https:\/\/talkpal.ai\/wp-content\/uploads\/2024\/08\/Icelandic.jpg\" alt=\"Iceland Flag\">\r\n                    <div>\r\n                        <h4>Rreth m\u00ebsimit islandez<\/h4>\r\n                        <p>M\u00ebsoni gjith\u00e7ka rreth gramatik\u00ebs islandeze.<\/p>\r\n                    <\/div>\r\n                <\/div>\r\n            <\/div>\r\n        <\/a>\r\n\r\n        \r\n        <a href=\"https:\/\/talkpal.ai\/sq\/gramatika-islandeze\/\">\r\n            <div class=\"learnNavigationWrapper\">\r\n                <div class=\"learnNavigationContent\">\r\n                    <img decoding=\"async\" src=\"https:\/\/talkpal.ai\/wp-content\/uploads\/2024\/08\/Icelandic.jpg\" alt=\"Iceland Flag\">\r\n                    <div>\r\n                        <h4>M\u00ebsimet e gramatik\u00ebs islandeze<\/h4>\r\n                        <p>Praktikoni gramatik\u00ebn islandeze.<\/p>\r\n                    <\/div>\r\n                <\/div>\r\n            <\/div>\r\n        <\/a>\r\n\r\n        \r\n        <a href=\"https:\/\/talkpal.ai\/vocabulary_language\/icelandic\/\">\r\n            <div class=\"learnNavigationWrapper\">\r\n                <div class=\"learnNavigationContent\">\r\n                    <img decoding=\"async\" src=\"https:\/\/talkpal.ai\/wp-content\/uploads\/2024\/08\/Icelandic.jpg\" alt=\"Iceland Flag\">\r\n                    <div>\r\n                        <h4>Fjalori islandez<\/h4>\r\n                        <p>Zgjeroni fjalorin tuaj islandez.<\/p>\r\n                    <\/div>\r\n                <\/div>\r\n            <\/div>\r\n        <\/a>\r\n\r\n            <\/section>","protected":false},"excerpt":{"rendered":"<p>Temat e gramatik\u00ebs islandeze Islandishtja, nj\u00eb gjuh\u00eb gjermane veriore e folur nga m\u00eb shum\u00eb se 300,000 njer\u00ebz, \u00ebsht\u00eb gjuha zyrtare e Island\u00ebs. I njohur p\u00ebr gramatik\u00ebn e saj komplekse dhe fjalorin e pasur, islandishtja ka nj\u00eb bukuri unike q\u00eb t\u00ebrheq nx\u00ebn\u00ebs t\u00eb gjuh\u00ebs nga e gjith\u00eb bota. Me rr\u00ebnj\u00ebt e saj n\u00eb norvegjishten e vjet\u00ebr, [&hellip;]<\/p>\n","protected":false},"author":6,"featured_media":1442857,"parent":0,"menu_order":0,"comment_status":"closed","ping_status":"closed","template":"LearningContentPage.php","meta":{"_acf_changed":false,"footnotes":""},"class_list":["post-1448091","page","type-page","status-publish","has-post-thumbnail","hentry"],"acf":[],"yoast_head":"<!-- This site is optimized with the Yoast SEO Premium plugin v27.2 (Yoast SEO v27.2) - https:\/\/yoast.com\/product\/yoast-seo-premium-wordpress\/ -->\n<title>Ushtrime gramatikore islandeze - Talkpal<\/title>\n<meta name=\"description\" content=\"Praktikoni leht\u00ebsisht gramatik\u00ebn islandeze - forconi aft\u00ebsit\u00eb tuaja p\u00ebrmes ushtrimeve, praktik\u00ebs interaktive dhe reagimeve t\u00eb menj\u00ebhershme me TalkPal AI.\" \/>\n<meta name=\"robots\" content=\"index, follow, max-snippet:-1, max-image-preview:large, max-video-preview:-1\" \/>\n<link rel=\"canonical\" href=\"https:\/\/talkpal.ai\/sq\/ushtrime-gramatikore-islandeze\/\" \/>\n<meta property=\"og:locale\" content=\"sq_AL\" \/>\n<meta property=\"og:type\" content=\"article\" \/>\n<meta property=\"og:title\" content=\"Ushtrime gramatikore islandeze\" \/>\n<meta property=\"og:description\" content=\"Temat e gramatik\u00ebs islandeze Islandishtja, nj\u00eb gjuh\u00eb gjermane veriore e folur nga m\u00eb shum\u00eb se 300,000 njer\u00ebz, \u00ebsht\u00eb gjuha zyrtare e Island\u00ebs. I njohur p\u00ebr\" \/>\n<meta property=\"og:url\" content=\"https:\/\/talkpal.ai\/sq\/ushtrime-gramatikore-islandeze\/\" \/>\n<meta property=\"og:site_name\" content=\"Talkpal\" \/>\n<meta property=\"article:publisher\" content=\"https:\/\/www.facebook.com\/profile.php?id=100090733639311\" \/>\n<meta property=\"article:modified_time\" content=\"2025-12-17T16:10:45+00:00\" \/>\n<meta property=\"og:image\" content=\"https:\/\/talkpal.ai\/wp-content\/uploads\/2023\/05\/iceland.png\" \/>\n\t<meta property=\"og:image:width\" content=\"512\" \/>\n\t<meta property=\"og:image:height\" content=\"512\" \/>\n\t<meta property=\"og:image:type\" content=\"image\/png\" \/>\n<meta name=\"twitter:card\" content=\"summary_large_image\" \/>\n<meta name=\"twitter:site\" content=\"@talkpalai\" \/>\n<meta name=\"twitter:label1\" content=\"Est. reading time\" \/>\n\t<meta name=\"twitter:data1\" content=\"3 minutes\" \/>\n<script type=\"application\/ld+json\" class=\"yoast-schema-graph\">{\"@context\":\"https:\/\/schema.org\",\"@graph\":[{\"@type\":\"WebPage\",\"@id\":\"https:\/\/talkpal.ai\/sq\/ushtrime-gramatikore-islandeze\/\",\"url\":\"https:\/\/talkpal.ai\/sq\/ushtrime-gramatikore-islandeze\/\",\"name\":\"Ushtrime gramatikore islandeze - Talkpal\",\"isPartOf\":{\"@id\":\"https:\/\/talkpal.ai\/sq\/#website\"},\"primaryImageOfPage\":{\"@id\":\"https:\/\/talkpal.ai\/sq\/ushtrime-gramatikore-islandeze\/#primaryimage\"},\"image\":{\"@id\":\"https:\/\/talkpal.ai\/sq\/ushtrime-gramatikore-islandeze\/#primaryimage\"},\"thumbnailUrl\":\"https:\/\/talkpal.ai\/wp-content\/uploads\/2023\/05\/iceland.png\",\"datePublished\":\"2023-06-21T14:50:44+00:00\",\"dateModified\":\"2025-12-17T16:10:45+00:00\",\"description\":\"Praktikoni leht\u00ebsisht gramatik\u00ebn islandeze - forconi aft\u00ebsit\u00eb tuaja p\u00ebrmes ushtrimeve, praktik\u00ebs interaktive dhe reagimeve t\u00eb menj\u00ebhershme me TalkPal AI.\",\"breadcrumb\":{\"@id\":\"https:\/\/talkpal.ai\/sq\/ushtrime-gramatikore-islandeze\/#breadcrumb\"},\"inLanguage\":\"sq-AL\",\"potentialAction\":[{\"@type\":\"ReadAction\",\"target\":[\"https:\/\/talkpal.ai\/sq\/ushtrime-gramatikore-islandeze\/\"]}]},{\"@type\":\"ImageObject\",\"inLanguage\":\"sq-AL\",\"@id\":\"https:\/\/talkpal.ai\/sq\/ushtrime-gramatikore-islandeze\/#primaryimage\",\"url\":\"https:\/\/talkpal.ai\/wp-content\/uploads\/2023\/05\/iceland.png\",\"contentUrl\":\"https:\/\/talkpal.ai\/wp-content\/uploads\/2023\/05\/iceland.png\",\"width\":512,\"height\":512,\"caption\":\"TalkPal Iceland Flag\"},{\"@type\":\"BreadcrumbList\",\"@id\":\"https:\/\/talkpal.ai\/sq\/ushtrime-gramatikore-islandeze\/#breadcrumb\",\"itemListElement\":[{\"@type\":\"ListItem\",\"position\":1,\"name\":\"Homepage\",\"item\":\"https:\/\/talkpal.ai\/sq\/\"},{\"@type\":\"ListItem\",\"position\":2,\"name\":\"Ushtrime gramatikore islandeze\"}]},{\"@type\":\"WebSite\",\"@id\":\"https:\/\/talkpal.ai\/sq\/#website\",\"url\":\"https:\/\/talkpal.ai\/sq\/\",\"name\":\"Talkpal\",\"description\":\"AI Language Learning\",\"publisher\":{\"@id\":\"https:\/\/talkpal.ai\/sq\/#organization\"},\"alternateName\":\"Talkpal AI\",\"potentialAction\":[{\"@type\":\"SearchAction\",\"target\":{\"@type\":\"EntryPoint\",\"urlTemplate\":\"https:\/\/talkpal.ai\/sq\/?s={search_term_string}\"},\"query-input\":{\"@type\":\"PropertyValueSpecification\",\"valueRequired\":true,\"valueName\":\"search_term_string\"}}],\"inLanguage\":\"sq-AL\"},{\"@type\":\"Organization\",\"@id\":\"https:\/\/talkpal.ai\/sq\/#organization\",\"name\":\"Talkpal, Inc.\",\"alternateName\":\"Talkpal AI\",\"url\":\"https:\/\/talkpal.ai\/sq\/\",\"logo\":{\"@type\":\"ImageObject\",\"inLanguage\":\"sq-AL\",\"@id\":\"https:\/\/talkpal.ai\/sq\/#\/schema\/logo\/image\/\",\"url\":\"https:\/\/talkpal.ai\/wp-content\/uploads\/2024\/03\/Talkpal-Logo-Icon.png\",\"contentUrl\":\"https:\/\/talkpal.ai\/wp-content\/uploads\/2024\/03\/Talkpal-Logo-Icon.png\",\"width\":2880,\"height\":2880,\"caption\":\"Talkpal, Inc.\"},\"image\":{\"@id\":\"https:\/\/talkpal.ai\/sq\/#\/schema\/logo\/image\/\"},\"sameAs\":[\"https:\/\/www.facebook.com\/profile.php?id=100090733639311\",\"https:\/\/x.com\/talkpalai\",\"https:\/\/www.linkedin.com\/company\/talkpal\/\",\"https:\/\/www.youtube.com\/@TalkPal\/\",\"https:\/\/www.tiktok.com\/@talkpal\",\"https:\/\/www.instagram.com\/talkpal_ai\/\",\"https:\/\/www.crunchbase.com\/organization\/talkpal-9cde\",\"https:\/\/www.g2.com\/products\/talkpal-for-business\/\",\"https:\/\/www.trustpilot.com\/review\/talkpal.ai\",\"https:\/\/www.capterra.com\/p\/10006800\/TalkPal\/\"],\"description\":\"Talkpal is a language learning web and mobile education app, powered by the latest AI technologies, that provides engaging experiences to its customers in many different languages to help them improve their language skills. Users can chat about unlimited amount of topics with the app and use other modes to practice their language learning.\",\"email\":\"support@talkpal.ai\",\"legalName\":\"Talkpal, Inc.\",\"foundingDate\":\"2023-04-03\",\"duns\":\"118989042\",\"numberOfEmployees\":{\"@type\":\"QuantitativeValue\",\"minValue\":\"11\",\"maxValue\":\"50\"},\"publishingPrinciples\":\"https:\/\/talkpal.ai\/publishing-principles\/\",\"actionableFeedbackPolicy\":\"https:\/\/talkpal.ai\/actionable-feedback-policy\/\",\"correctionsPolicy\":\"https:\/\/talkpal.ai\/corrections-policy\/\",\"ethicsPolicy\":\"https:\/\/talkpal.ai\/ethics-policy\/\",\"diversityPolicy\":\"https:\/\/talkpal.ai\/diversity-policy\/\",\"diversityStaffingReport\":\"https:\/\/talkpal.ai\/diversity-policy\/\"}]}<\/script>\n<!-- \/ Yoast SEO Premium plugin. -->","yoast_head_json":{"title":"Ushtrime gramatikore islandeze - Talkpal","description":"Praktikoni leht\u00ebsisht gramatik\u00ebn islandeze - forconi aft\u00ebsit\u00eb tuaja p\u00ebrmes ushtrimeve, praktik\u00ebs interaktive dhe reagimeve t\u00eb menj\u00ebhershme me TalkPal AI.","robots":{"index":"index","follow":"follow","max-snippet":"max-snippet:-1","max-image-preview":"max-image-preview:large","max-video-preview":"max-video-preview:-1"},"canonical":"https:\/\/talkpal.ai\/sq\/ushtrime-gramatikore-islandeze\/","og_locale":"sq_AL","og_type":"article","og_title":"Ushtrime gramatikore islandeze","og_description":"Temat e gramatik\u00ebs islandeze Islandishtja, nj\u00eb gjuh\u00eb gjermane veriore e folur nga m\u00eb shum\u00eb se 300,000 njer\u00ebz, \u00ebsht\u00eb gjuha zyrtare e Island\u00ebs. I njohur p\u00ebr","og_url":"https:\/\/talkpal.ai\/sq\/ushtrime-gramatikore-islandeze\/","og_site_name":"Talkpal","article_publisher":"https:\/\/www.facebook.com\/profile.php?id=100090733639311","article_modified_time":"2025-12-17T16:10:45+00:00","og_image":[{"width":512,"height":512,"url":"https:\/\/talkpal.ai\/wp-content\/uploads\/2023\/05\/iceland.png","type":"image\/png"}],"twitter_card":"summary_large_image","twitter_site":"@talkpalai","twitter_misc":{"Est. reading time":"3 minutes"},"schema":{"@context":"https:\/\/schema.org","@graph":[{"@type":"WebPage","@id":"https:\/\/talkpal.ai\/sq\/ushtrime-gramatikore-islandeze\/","url":"https:\/\/talkpal.ai\/sq\/ushtrime-gramatikore-islandeze\/","name":"Ushtrime gramatikore islandeze - Talkpal","isPartOf":{"@id":"https:\/\/talkpal.ai\/sq\/#website"},"primaryImageOfPage":{"@id":"https:\/\/talkpal.ai\/sq\/ushtrime-gramatikore-islandeze\/#primaryimage"},"image":{"@id":"https:\/\/talkpal.ai\/sq\/ushtrime-gramatikore-islandeze\/#primaryimage"},"thumbnailUrl":"https:\/\/talkpal.ai\/wp-content\/uploads\/2023\/05\/iceland.png","datePublished":"2023-06-21T14:50:44+00:00","dateModified":"2025-12-17T16:10:45+00:00","description":"Praktikoni leht\u00ebsisht gramatik\u00ebn islandeze - forconi aft\u00ebsit\u00eb tuaja p\u00ebrmes ushtrimeve, praktik\u00ebs interaktive dhe reagimeve t\u00eb menj\u00ebhershme me TalkPal AI.","breadcrumb":{"@id":"https:\/\/talkpal.ai\/sq\/ushtrime-gramatikore-islandeze\/#breadcrumb"},"inLanguage":"sq-AL","potentialAction":[{"@type":"ReadAction","target":["https:\/\/talkpal.ai\/sq\/ushtrime-gramatikore-islandeze\/"]}]},{"@type":"ImageObject","inLanguage":"sq-AL","@id":"https:\/\/talkpal.ai\/sq\/ushtrime-gramatikore-islandeze\/#primaryimage","url":"https:\/\/talkpal.ai\/wp-content\/uploads\/2023\/05\/iceland.png","contentUrl":"https:\/\/talkpal.ai\/wp-content\/uploads\/2023\/05\/iceland.png","width":512,"height":512,"caption":"TalkPal Iceland Flag"},{"@type":"BreadcrumbList","@id":"https:\/\/talkpal.ai\/sq\/ushtrime-gramatikore-islandeze\/#breadcrumb","itemListElement":[{"@type":"ListItem","position":1,"name":"Homepage","item":"https:\/\/talkpal.ai\/sq\/"},{"@type":"ListItem","position":2,"name":"Ushtrime gramatikore islandeze"}]},{"@type":"WebSite","@id":"https:\/\/talkpal.ai\/sq\/#website","url":"https:\/\/talkpal.ai\/sq\/","name":"Talkpal","description":"AI Language Learning","publisher":{"@id":"https:\/\/talkpal.ai\/sq\/#organization"},"alternateName":"Talkpal AI","potentialAction":[{"@type":"SearchAction","target":{"@type":"EntryPoint","urlTemplate":"https:\/\/talkpal.ai\/sq\/?s={search_term_string}"},"query-input":{"@type":"PropertyValueSpecification","valueRequired":true,"valueName":"search_term_string"}}],"inLanguage":"sq-AL"},{"@type":"Organization","@id":"https:\/\/talkpal.ai\/sq\/#organization","name":"Talkpal, Inc.","alternateName":"Talkpal AI","url":"https:\/\/talkpal.ai\/sq\/","logo":{"@type":"ImageObject","inLanguage":"sq-AL","@id":"https:\/\/talkpal.ai\/sq\/#\/schema\/logo\/image\/","url":"https:\/\/talkpal.ai\/wp-content\/uploads\/2024\/03\/Talkpal-Logo-Icon.png","contentUrl":"https:\/\/talkpal.ai\/wp-content\/uploads\/2024\/03\/Talkpal-Logo-Icon.png","width":2880,"height":2880,"caption":"Talkpal, Inc."},"image":{"@id":"https:\/\/talkpal.ai\/sq\/#\/schema\/logo\/image\/"},"sameAs":["https:\/\/www.facebook.com\/profile.php?id=100090733639311","https:\/\/x.com\/talkpalai","https:\/\/www.linkedin.com\/company\/talkpal\/","https:\/\/www.youtube.com\/@TalkPal\/","https:\/\/www.tiktok.com\/@talkpal","https:\/\/www.instagram.com\/talkpal_ai\/","https:\/\/www.crunchbase.com\/organization\/talkpal-9cde","https:\/\/www.g2.com\/products\/talkpal-for-business\/","https:\/\/www.trustpilot.com\/review\/talkpal.ai","https:\/\/www.capterra.com\/p\/10006800\/TalkPal\/"],"description":"Talkpal is a language learning web and mobile education app, powered by the latest AI technologies, that provides engaging experiences to its customers in many different languages to help them improve their language skills. Users can chat about unlimited amount of topics with the app and use other modes to practice their language learning.","email":"support@talkpal.ai","legalName":"Talkpal, Inc.","foundingDate":"2023-04-03","duns":"118989042","numberOfEmployees":{"@type":"QuantitativeValue","minValue":"11","maxValue":"50"},"publishingPrinciples":"https:\/\/talkpal.ai\/publishing-principles\/","actionableFeedbackPolicy":"https:\/\/talkpal.ai\/actionable-feedback-policy\/","correctionsPolicy":"https:\/\/talkpal.ai\/corrections-policy\/","ethicsPolicy":"https:\/\/talkpal.ai\/ethics-policy\/","diversityPolicy":"https:\/\/talkpal.ai\/diversity-policy\/","diversityStaffingReport":"https:\/\/talkpal.ai\/diversity-policy\/"}]}},"_links":{"self":[{"href":"https:\/\/talkpal.ai\/sq\/wp-json\/wp\/v2\/pages\/1448091","targetHints":{"allow":["GET"]}}],"collection":[{"href":"https:\/\/talkpal.ai\/sq\/wp-json\/wp\/v2\/pages"}],"about":[{"href":"https:\/\/talkpal.ai\/sq\/wp-json\/wp\/v2\/types\/page"}],"author":[{"embeddable":true,"href":"https:\/\/talkpal.ai\/sq\/wp-json\/wp\/v2\/users\/6"}],"replies":[{"embeddable":true,"href":"https:\/\/talkpal.ai\/sq\/wp-json\/wp\/v2\/comments?post=1448091"}],"version-history":[{"count":0,"href":"https:\/\/talkpal.ai\/sq\/wp-json\/wp\/v2\/pages\/1448091\/revisions"}],"wp:featuredmedia":[{"embeddable":true,"href":"https:\/\/talkpal.ai\/sq\/wp-json\/wp\/v2\/media\/1442857"}],"wp:attachment":[{"href":"https:\/\/talkpal.ai\/sq\/wp-json\/wp\/v2\/media?parent=1448091"}],"curies":[{"name":"wp","href":"https:\/\/api.w.org\/{rel}","templated":true}]}}