{"id":1448087,"date":"2023-06-22T08:07:24","date_gmt":"2023-06-22T08:07:24","guid":{"rendered":"https:\/\/talkpal.ai\/ushtrimet-gramatikore-letoneze\/"},"modified":"2025-12-17T15:52:15","modified_gmt":"2025-12-17T15:52:15","slug":"ushtrimet-gramatikore-letoneze","status":"publish","type":"page","link":"https:\/\/talkpal.ai\/sq\/ushtrimet-gramatikore-letoneze\/","title":{"rendered":"Ushtrimet gramatikore letoneze"},"content":{"rendered":"\r\n\r\n\r\n<section class=\"languageChallengeSection\">\r\n    <div class=\"languageInfoWrapper\">\r\n        \r\n        <h1>Ushtrimet gramatikore letoneze<\/h1>\r\n        <p>D\u00ebshironi t\u00eb ndiheni m\u00eb t\u00eb sigurt duke p\u00ebrdorur letonishten? Praktikimi i ushtrimeve gramatikore \u00ebsht\u00eb nj\u00eb m\u00ebnyr\u00eb e shk\u00eblqyer p\u00ebr t\u00eb zot\u00ebruar struktur\u00ebn e fjalis\u00eb, format e foljeve dhe modelet dalluese t\u00eb gjuh\u00ebs letoneze. Filloni t\u00eb eksploroni gramatik\u00ebn letoneze sot dhe shihni aft\u00ebsit\u00eb dhe rrjedhshm\u00ebrin\u00eb tuaj t\u00eb p\u00ebrmir\u00ebsohen me \u00e7do ushtrim!<\/p>\r\n\r\n                            <a class=\"getStartedHidden\" href=\"https:\/\/app.talkpal.ai\/signup?lng=\">Filloni<\/a>\r\n        \r\n    <\/div>\r\n\r\n    <figure>\r\n    <img decoding=\"async\" width=\"768\" height=\"768\" src=\"https:\/\/talkpal.ai\/wp-content\/uploads\/2023\/06\/latvian-768x768.png\" class=\"languageImage no-lazy\" alt=\"Language learning to access more cultures\" fetchpriority=\"high\" sizes=\"(max-width: 768px) 150px, 768px\" srcset=\"https:\/\/talkpal.ai\/wp-content\/uploads\/2023\/06\/latvian-768x768.png 768w, https:\/\/talkpal.ai\/wp-content\/uploads\/2023\/06\/latvian-300x300.png 300w\" \/>\r\n    \r\n\r\n    <\/figure>\r\n\r\n            <a class=\"getStartedVisible\" href=\"https:\/\/app.talkpal.ai\/signup?lng=\">Filloni<\/a>\r\n    \r\n<\/section>\r\n\r\n\r\n<!-- <section class=\"grammarSection\">\r\n    <div class=\"grammarLinks\">\r\n            <\/div>\r\n<\/section> -->\r\n\r\n\r\n\r\n\r\n<section class=\"promotionalBanner\">\r\n    <p class=\"promotionalText\">M\u00ebnyra m\u00eb efikase p\u00ebr t\u00eb m\u00ebsuar nj\u00eb gjuh\u00eb<\/p>\r\n    <a class=\"promotionalLink\" href=\"https:\/\/app.talkpal.ai\/signup?lng=\">Provoni Talkpal falas<\/a>\r\n<\/section>\n<div class=\"wp-block-group pageContainerStyle\"><div class=\"wp-block-group__inner-container is-layout-constrained wp-block-group-is-layout-constrained\">\n<h2 class=\"wp-block-heading\" id=\"h-latvian-grammar-topics\">Temat e gramatik\u00ebs letoneze<\/h2>\n\n\n\n<p>M\u00ebsimi i nj\u00eb gjuhe t\u00eb re mund t\u00eb jet\u00eb nj\u00eb p\u00ebrvoj\u00eb emocionuese dhe shp\u00ebrblyese, dhe letonishtja nuk b\u00ebn p\u00ebrjashtim. Si gjuha zyrtare e Letonis\u00eb dhe nj\u00eb nga gjuh\u00ebt baltike, letonishtja ka struktur\u00ebn dhe rregullat e veta unike gramatikore q\u00eb e dallojn\u00eb at\u00eb nga gjuh\u00ebt e tjera evropiane. P\u00ebr t\u00eb m\u00ebsuar n\u00eb m\u00ebnyr\u00eb efektive letonishten, \u00ebsht\u00eb e r\u00ebnd\u00ebsishme t\u00eb kuptoni dhe zot\u00ebroni tema t\u00eb ndryshme gramatikore n\u00eb nj\u00eb sekuenc\u00eb logjike. Ky udh\u00ebzues do t\u00eb ofroj\u00eb nj\u00eb p\u00ebrmbledhje t\u00eb temave kryesore t\u00eb gramatik\u00ebs letoneze, duke p\u00ebrfshir\u00eb koh\u00ebt, foljet, emrat, artikujt, p\u00ebremrat, p\u00ebrcaktuesit, mbiemrat, ndajfoljet, kusht\u00ebzuet, parafjal\u00ebt dhe struktur\u00ebn e fjalive, p\u00ebr t&#8217;ju ndihmuar t\u00eb nd\u00ebrtoni nj\u00eb baz\u00eb t\u00eb fort\u00eb n\u00eb gjuh\u00eb.<\/p>\n\n\n\n<h3 class=\"wp-block-heading\" id=\"h-1-nouns-and-articles\">1. Emrat dhe artikujt:<\/h3>\n\n\n\n<p>N\u00eb <a href=\"https:\/\/talkpal.ai\/learn-latvian\/\">letonisht<\/a>, emrat kan\u00eb dy gjini: mashkullor dhe fem\u00ebror. Ata gjithashtu kan\u00eb shtat\u00eb raste, t\u00eb cilat p\u00ebrcaktojn\u00eb funksionin e emrit n\u00eb nj\u00eb fjali. Artikujt nuk jan\u00eb t\u00eb pranish\u00ebm n\u00eb letonisht, k\u00ebshtu q\u00eb t\u00eb kuptuarit e gjinive dhe rasteve t\u00eb emrave \u00ebsht\u00eb thelb\u00ebsor p\u00ebr komunikimin e duhur.<\/p>\n\n\n\n<h3 class=\"wp-block-heading\" id=\"h-2-adjectives\">2. Mbiemra:<\/h3>\n\n\n\n<p>Mbiemrat n\u00eb letonisht pajtohen me emrat q\u00eb modifikojn\u00eb n\u00eb gjini, num\u00ebr dhe rast. T\u00eb m\u00ebsuarit e deformimit t\u00eb mbiemrave \u00ebsht\u00eb i r\u00ebnd\u00ebsish\u00ebm p\u00ebr formimin e p\u00ebrshkrimeve dhe krahasimeve t\u00eb sakta.<\/p>\n\n\n\n<h3 class=\"wp-block-heading\" id=\"h-3-pronouns-and-determiners\">3. P\u00ebremrat dhe p\u00ebrcaktuesit:<\/h3>\n\n\n\n<p>P\u00ebremrat z\u00ebvend\u00ebsojn\u00eb emrat n\u00eb fjali, nd\u00ebrsa p\u00ebrcaktuesit specifikojn\u00eb ose p\u00ebrcaktojn\u00eb emrat. T\u00eb dyja jan\u00eb element\u00eb thelb\u00ebsor\u00eb t\u00eb gramatik\u00ebs letoneze dhe duhet t\u00eb m\u00ebsohen her\u00ebt p\u00ebr t\u00eb formuar fjali t\u00eb sakta.<\/p>\n\n\n\n<h3 class=\"wp-block-heading\" id=\"h-4-verbs-and-tenses\">4. Foljet dhe koh\u00ebt:<\/h3>\n\n\n\n<p>Foljet letoneze kan\u00eb tre koh\u00eb: e kaluara, e tashmja dhe e ardhmja. T\u00eb kuptuarit <a href=\"https:\/\/talkpal.ai\/culture\/what-is-the-difference-between-se-and-si\/\">se si<\/a> t\u00eb lidhen foljet n\u00eb k\u00ebto koh\u00eb \u00ebsht\u00eb thelb\u00ebsore p\u00ebr t\u00eb shprehur veprimet dhe ngjarjet. P\u00ebr m\u00eb tep\u00ebr, foljet kan\u00eb tre humor: tregues, <a href=\"https:\/\/talkpal.ai\/ja\/grammar_exercises\/imperatif-%e3%83%95%e3%83%a9%e3%83%b3%e3%82%b9%e3%81%ae%e6%96%87%e6%b3%95%e3%81%ae%e3%81%9f%e3%82%81%e3%81%ae%e6%bc%94%e7%bf%92\/\">imperativ<\/a> dhe n\u00ebnlidh\u00ebs.<\/p>\n\n\n\n<h3 class=\"wp-block-heading\" id=\"h-5-progressive-and-perfect-progressive\">5. Progresiv dhe progresiv i p\u00ebrsosur:<\/h3>\n\n\n\n<p>K\u00ebto aspekte shprehin veprime t\u00eb vazhdueshme ose t\u00eb vazhdueshme. M\u00ebsimi i <a href=\"https:\/\/talkpal.ai\/locations\/language-courses-in-tyre\/\">tyre<\/a> do t&#8217;ju ndihmoj\u00eb t\u00eb p\u00ebrshkruani veprimet q\u00eb jan\u00eb n\u00eb proces ose kan\u00eb vazhduar p\u00ebr nj\u00eb periudh\u00eb kohore.<\/p>\n\n\n\n<h3 class=\"wp-block-heading\" id=\"h-6-tense-comparison\">6. Krahasimi i tensionuar:<\/h3>\n\n\n\n<p>T\u00eb kuptuarit se si koh\u00ebt lidhen me nj\u00ebra-tjetr\u00ebn \u00ebsht\u00eb thelb\u00ebsore p\u00ebr t\u00eb shprehur veprimet dhe ngjarjet me sakt\u00ebsi n\u00eb afate t\u00eb ndryshme kohore.<\/p>\n\n\n\n<h3 class=\"wp-block-heading\" id=\"h-7-adverbs\">7. Ndajfoljet:<\/h3>\n\n\n\n<p>Ndajfoljet modifikojn\u00eb foljet, mbiemrat ose ndajfoljet e tjera, duke ofruar informacion shtes\u00eb n\u00eb lidhje me veprimin ose cil\u00ebsin\u00eb q\u00eb p\u00ebrshkruhet. Ato jan\u00eb thelb\u00ebsore p\u00ebr t\u00eb shtuar detaje dhe nuanca n\u00eb fjalit\u00eb tuaja.<\/p>\n\n\n\n<h3 class=\"wp-block-heading\" id=\"h-8-prepositions\">8. Parafjal\u00ebt:<\/h3>\n\n\n\n<p>Parafjal\u00ebt tregojn\u00eb marr\u00ebdh\u00ebnien midis fjal\u00ebve n\u00eb nj\u00eb fjali, t\u00eb tilla si vendndodhja, drejtimi ose koha. Zot\u00ebrimi i parafjal\u00ebve \u00ebsht\u00eb jetik p\u00ebr nd\u00ebrtimin e fjalive koherente dhe kuptimplota.<\/p>\n\n\n\n<h3 class=\"wp-block-heading\" id=\"h-9-conditionals\">9. Kusht\u00ebzuese:<\/h3>\n\n\n\n<p>D\u00ebnimet e kusht\u00ebzuara shprehin situata hipotetike dhe rezultatet e tyre t\u00eb mundshme. T\u00eb m\u00ebsosh se si t\u00eb formosh dhe p\u00ebrdor\u00ebsh kushte \u00ebsht\u00eb thelb\u00ebsore p\u00ebr t\u00eb shprehur ide dhe mund\u00ebsi komplekse.<\/p>\n\n\n\n<h3 class=\"wp-block-heading\" id=\"h-10-sentences\">10. Fjalit\u00eb:<\/h3>\n\n\n\n<p>Kuptimi i struktur\u00ebs s\u00eb fjalive letoneze, renditjes s\u00eb fjal\u00ebve dhe shenjave t\u00eb pik\u00ebsimit \u00ebsht\u00eb thelb\u00ebsor p\u00ebr formimin e deklaratave, pyetjeve dhe urdhrave t\u00eb qarta dhe t\u00eb sakta. Duke zot\u00ebruar t\u00eb gjitha temat gramatikore t\u00eb p\u00ebrshkruara m\u00eb sip\u00ebr, ju do t\u00eb jeni n\u00eb rrug\u00ebn tuaj p\u00ebr t&#8217;u b\u00ebr\u00eb t\u00eb aft\u00eb n\u00eb letonisht.<\/p>\n<\/div><\/div>\n\r\n<section class=\"learnNavigationSection\">\r\n            \r\n        <a href=\"https:\/\/talkpal.ai\/sq\/meso-letonisht\/\">\r\n            <div class=\"learnNavigationWrapper\">\r\n                <div class=\"learnNavigationContent\">\r\n                    <img decoding=\"async\" src=\"https:\/\/talkpal.ai\/wp-content\/uploads\/2024\/08\/Latvian.jpg\" alt=\"Latvian Flag\">\r\n                    <div>\r\n                        <h4>Rreth m\u00ebsimit letonez<\/h4>\r\n                        <p>M\u00ebsoni gjith\u00e7ka rreth gramatik\u00ebs letoneze.<\/p>\r\n                    <\/div>\r\n                <\/div>\r\n            <\/div>\r\n        <\/a>\r\n\r\n        \r\n        <a href=\"https:\/\/talkpal.ai\/sq\/gramatika-letoneze\/\">\r\n            <div class=\"learnNavigationWrapper\">\r\n                <div class=\"learnNavigationContent\">\r\n                    <img decoding=\"async\" src=\"https:\/\/talkpal.ai\/wp-content\/uploads\/2024\/08\/Latvian.jpg\" alt=\"Latvian Flag\">\r\n                    <div>\r\n                        <h4>M\u00ebsime t\u00eb gramatik\u00ebs letoneze<\/h4>\r\n                        <p>Praktikoni gramatik\u00ebn letoneze.<\/p>\r\n                    <\/div>\r\n                <\/div>\r\n            <\/div>\r\n        <\/a>\r\n\r\n        \r\n        <a href=\"https:\/\/talkpal.ai\/vocabulary_language\/latvian\/\">\r\n            <div class=\"learnNavigationWrapper\">\r\n                <div class=\"learnNavigationContent\">\r\n                    <img decoding=\"async\" src=\"https:\/\/talkpal.ai\/wp-content\/uploads\/2024\/08\/Latvian.jpg\" alt=\"Latvian Flag\">\r\n                    <div>\r\n                        <h4>Fjalori letonez<\/h4>\r\n                        <p>Zgjeroni fjalorin tuaj letonez.<\/p>\r\n                    <\/div>\r\n                <\/div>\r\n            <\/div>\r\n        <\/a>\r\n\r\n            <\/section>","protected":false},"excerpt":{"rendered":"<p>Temat e gramatik\u00ebs letoneze M\u00ebsimi i nj\u00eb gjuhe t\u00eb re mund t\u00eb jet\u00eb nj\u00eb p\u00ebrvoj\u00eb emocionuese dhe shp\u00ebrblyese, dhe letonishtja nuk b\u00ebn p\u00ebrjashtim. Si gjuha zyrtare e Letonis\u00eb dhe nj\u00eb nga gjuh\u00ebt baltike, letonishtja ka struktur\u00ebn dhe rregullat e veta unike gramatikore q\u00eb e dallojn\u00eb at\u00eb nga gjuh\u00ebt e tjera evropiane. P\u00ebr t\u00eb m\u00ebsuar n\u00eb [&hellip;]<\/p>\n","protected":false},"author":6,"featured_media":1442869,"parent":0,"menu_order":0,"comment_status":"closed","ping_status":"closed","template":"LearningContentPage.php","meta":{"_acf_changed":false,"footnotes":""},"class_list":["post-1448087","page","type-page","status-publish","has-post-thumbnail","hentry"],"acf":[],"yoast_head":"<!-- This site is optimized with the Yoast SEO Premium plugin v27.2 (Yoast SEO v27.2) - https:\/\/yoast.com\/product\/yoast-seo-premium-wordpress\/ -->\n<title>Ushtrimet gramatikore letoneze - Talkpal<\/title>\n<meta name=\"description\" content=\"Mprehni gramatik\u00ebn tuaj letoneze p\u00ebrmes ushtrimeve t\u00ebrheq\u00ebse t\u00eb TalkPal - p\u00ebrmir\u00ebsoni sakt\u00ebsin\u00eb dhe rritni aft\u00ebsit\u00eb n\u00eb m\u00ebnyr\u00eb efektive me m\u00ebsime interaktive t\u00eb AI.\" \/>\n<meta name=\"robots\" content=\"index, follow, max-snippet:-1, max-image-preview:large, max-video-preview:-1\" \/>\n<link rel=\"canonical\" href=\"https:\/\/talkpal.ai\/sq\/ushtrimet-gramatikore-letoneze\/\" \/>\n<meta property=\"og:locale\" content=\"sq_AL\" \/>\n<meta property=\"og:type\" content=\"article\" \/>\n<meta property=\"og:title\" content=\"Ushtrimet gramatikore letoneze\" \/>\n<meta property=\"og:description\" content=\"Temat e gramatik\u00ebs letoneze M\u00ebsimi i nj\u00eb gjuhe t\u00eb re mund t\u00eb jet\u00eb nj\u00eb p\u00ebrvoj\u00eb emocionuese dhe shp\u00ebrblyese, dhe letonishtja nuk b\u00ebn p\u00ebrjashtim. Si gjuha\" \/>\n<meta property=\"og:url\" content=\"https:\/\/talkpal.ai\/sq\/ushtrimet-gramatikore-letoneze\/\" \/>\n<meta property=\"og:site_name\" content=\"Talkpal\" \/>\n<meta property=\"article:publisher\" content=\"https:\/\/www.facebook.com\/profile.php?id=100090733639311\" \/>\n<meta property=\"article:modified_time\" content=\"2025-12-17T15:52:15+00:00\" \/>\n<meta property=\"og:image\" content=\"https:\/\/talkpal.ai\/wp-content\/uploads\/2023\/05\/latvia.png\" \/>\n\t<meta property=\"og:image:width\" content=\"512\" \/>\n\t<meta property=\"og:image:height\" content=\"512\" \/>\n\t<meta property=\"og:image:type\" content=\"image\/png\" \/>\n<meta name=\"twitter:card\" content=\"summary_large_image\" \/>\n<meta name=\"twitter:site\" content=\"@talkpalai\" \/>\n<meta name=\"twitter:label1\" content=\"Est. reading time\" \/>\n\t<meta name=\"twitter:data1\" content=\"3 minutes\" \/>\n<script type=\"application\/ld+json\" class=\"yoast-schema-graph\">{\"@context\":\"https:\/\/schema.org\",\"@graph\":[{\"@type\":\"WebPage\",\"@id\":\"https:\/\/talkpal.ai\/sq\/ushtrimet-gramatikore-letoneze\/\",\"url\":\"https:\/\/talkpal.ai\/sq\/ushtrimet-gramatikore-letoneze\/\",\"name\":\"Ushtrimet gramatikore letoneze - Talkpal\",\"isPartOf\":{\"@id\":\"https:\/\/talkpal.ai\/sq\/#website\"},\"primaryImageOfPage\":{\"@id\":\"https:\/\/talkpal.ai\/sq\/ushtrimet-gramatikore-letoneze\/#primaryimage\"},\"image\":{\"@id\":\"https:\/\/talkpal.ai\/sq\/ushtrimet-gramatikore-letoneze\/#primaryimage\"},\"thumbnailUrl\":\"https:\/\/talkpal.ai\/wp-content\/uploads\/2023\/05\/latvia.png\",\"datePublished\":\"2023-06-22T08:07:24+00:00\",\"dateModified\":\"2025-12-17T15:52:15+00:00\",\"description\":\"Mprehni gramatik\u00ebn tuaj letoneze p\u00ebrmes ushtrimeve t\u00ebrheq\u00ebse t\u00eb TalkPal - p\u00ebrmir\u00ebsoni sakt\u00ebsin\u00eb dhe rritni aft\u00ebsit\u00eb n\u00eb m\u00ebnyr\u00eb efektive me m\u00ebsime interaktive t\u00eb AI.\",\"breadcrumb\":{\"@id\":\"https:\/\/talkpal.ai\/sq\/ushtrimet-gramatikore-letoneze\/#breadcrumb\"},\"inLanguage\":\"sq-AL\",\"potentialAction\":[{\"@type\":\"ReadAction\",\"target\":[\"https:\/\/talkpal.ai\/sq\/ushtrimet-gramatikore-letoneze\/\"]}]},{\"@type\":\"ImageObject\",\"inLanguage\":\"sq-AL\",\"@id\":\"https:\/\/talkpal.ai\/sq\/ushtrimet-gramatikore-letoneze\/#primaryimage\",\"url\":\"https:\/\/talkpal.ai\/wp-content\/uploads\/2023\/05\/latvia.png\",\"contentUrl\":\"https:\/\/talkpal.ai\/wp-content\/uploads\/2023\/05\/latvia.png\",\"width\":512,\"height\":512,\"caption\":\"TalkPal Latvia Flag\"},{\"@type\":\"BreadcrumbList\",\"@id\":\"https:\/\/talkpal.ai\/sq\/ushtrimet-gramatikore-letoneze\/#breadcrumb\",\"itemListElement\":[{\"@type\":\"ListItem\",\"position\":1,\"name\":\"Homepage\",\"item\":\"https:\/\/talkpal.ai\/sq\/\"},{\"@type\":\"ListItem\",\"position\":2,\"name\":\"Ushtrimet gramatikore letoneze\"}]},{\"@type\":\"WebSite\",\"@id\":\"https:\/\/talkpal.ai\/sq\/#website\",\"url\":\"https:\/\/talkpal.ai\/sq\/\",\"name\":\"Talkpal\",\"description\":\"AI Language Learning\",\"publisher\":{\"@id\":\"https:\/\/talkpal.ai\/sq\/#organization\"},\"alternateName\":\"Talkpal AI\",\"potentialAction\":[{\"@type\":\"SearchAction\",\"target\":{\"@type\":\"EntryPoint\",\"urlTemplate\":\"https:\/\/talkpal.ai\/sq\/?s={search_term_string}\"},\"query-input\":{\"@type\":\"PropertyValueSpecification\",\"valueRequired\":true,\"valueName\":\"search_term_string\"}}],\"inLanguage\":\"sq-AL\"},{\"@type\":\"Organization\",\"@id\":\"https:\/\/talkpal.ai\/sq\/#organization\",\"name\":\"Talkpal, Inc.\",\"alternateName\":\"Talkpal AI\",\"url\":\"https:\/\/talkpal.ai\/sq\/\",\"logo\":{\"@type\":\"ImageObject\",\"inLanguage\":\"sq-AL\",\"@id\":\"https:\/\/talkpal.ai\/sq\/#\/schema\/logo\/image\/\",\"url\":\"https:\/\/talkpal.ai\/wp-content\/uploads\/2024\/03\/Talkpal-Logo-Icon.png\",\"contentUrl\":\"https:\/\/talkpal.ai\/wp-content\/uploads\/2024\/03\/Talkpal-Logo-Icon.png\",\"width\":2880,\"height\":2880,\"caption\":\"Talkpal, Inc.\"},\"image\":{\"@id\":\"https:\/\/talkpal.ai\/sq\/#\/schema\/logo\/image\/\"},\"sameAs\":[\"https:\/\/www.facebook.com\/profile.php?id=100090733639311\",\"https:\/\/x.com\/talkpalai\",\"https:\/\/www.linkedin.com\/company\/talkpal\/\",\"https:\/\/www.youtube.com\/@TalkPal\/\",\"https:\/\/www.tiktok.com\/@talkpal\",\"https:\/\/www.instagram.com\/talkpal_ai\/\",\"https:\/\/www.crunchbase.com\/organization\/talkpal-9cde\",\"https:\/\/www.g2.com\/products\/talkpal-for-business\/\",\"https:\/\/www.trustpilot.com\/review\/talkpal.ai\",\"https:\/\/www.capterra.com\/p\/10006800\/TalkPal\/\"],\"description\":\"Talkpal is a language learning web and mobile education app, powered by the latest AI technologies, that provides engaging experiences to its customers in many different languages to help them improve their language skills. Users can chat about unlimited amount of topics with the app and use other modes to practice their language learning.\",\"email\":\"support@talkpal.ai\",\"legalName\":\"Talkpal, Inc.\",\"foundingDate\":\"2023-04-03\",\"duns\":\"118989042\",\"numberOfEmployees\":{\"@type\":\"QuantitativeValue\",\"minValue\":\"11\",\"maxValue\":\"50\"},\"publishingPrinciples\":\"https:\/\/talkpal.ai\/publishing-principles\/\",\"actionableFeedbackPolicy\":\"https:\/\/talkpal.ai\/actionable-feedback-policy\/\",\"correctionsPolicy\":\"https:\/\/talkpal.ai\/corrections-policy\/\",\"ethicsPolicy\":\"https:\/\/talkpal.ai\/ethics-policy\/\",\"diversityPolicy\":\"https:\/\/talkpal.ai\/diversity-policy\/\",\"diversityStaffingReport\":\"https:\/\/talkpal.ai\/diversity-policy\/\"}]}<\/script>\n<!-- \/ Yoast SEO Premium plugin. -->","yoast_head_json":{"title":"Ushtrimet gramatikore letoneze - Talkpal","description":"Mprehni gramatik\u00ebn tuaj letoneze p\u00ebrmes ushtrimeve t\u00ebrheq\u00ebse t\u00eb TalkPal - p\u00ebrmir\u00ebsoni sakt\u00ebsin\u00eb dhe rritni aft\u00ebsit\u00eb n\u00eb m\u00ebnyr\u00eb efektive me m\u00ebsime interaktive t\u00eb AI.","robots":{"index":"index","follow":"follow","max-snippet":"max-snippet:-1","max-image-preview":"max-image-preview:large","max-video-preview":"max-video-preview:-1"},"canonical":"https:\/\/talkpal.ai\/sq\/ushtrimet-gramatikore-letoneze\/","og_locale":"sq_AL","og_type":"article","og_title":"Ushtrimet gramatikore letoneze","og_description":"Temat e gramatik\u00ebs letoneze M\u00ebsimi i nj\u00eb gjuhe t\u00eb re mund t\u00eb jet\u00eb nj\u00eb p\u00ebrvoj\u00eb emocionuese dhe shp\u00ebrblyese, dhe letonishtja nuk b\u00ebn p\u00ebrjashtim. Si gjuha","og_url":"https:\/\/talkpal.ai\/sq\/ushtrimet-gramatikore-letoneze\/","og_site_name":"Talkpal","article_publisher":"https:\/\/www.facebook.com\/profile.php?id=100090733639311","article_modified_time":"2025-12-17T15:52:15+00:00","og_image":[{"width":512,"height":512,"url":"https:\/\/talkpal.ai\/wp-content\/uploads\/2023\/05\/latvia.png","type":"image\/png"}],"twitter_card":"summary_large_image","twitter_site":"@talkpalai","twitter_misc":{"Est. reading time":"3 minutes"},"schema":{"@context":"https:\/\/schema.org","@graph":[{"@type":"WebPage","@id":"https:\/\/talkpal.ai\/sq\/ushtrimet-gramatikore-letoneze\/","url":"https:\/\/talkpal.ai\/sq\/ushtrimet-gramatikore-letoneze\/","name":"Ushtrimet gramatikore letoneze - Talkpal","isPartOf":{"@id":"https:\/\/talkpal.ai\/sq\/#website"},"primaryImageOfPage":{"@id":"https:\/\/talkpal.ai\/sq\/ushtrimet-gramatikore-letoneze\/#primaryimage"},"image":{"@id":"https:\/\/talkpal.ai\/sq\/ushtrimet-gramatikore-letoneze\/#primaryimage"},"thumbnailUrl":"https:\/\/talkpal.ai\/wp-content\/uploads\/2023\/05\/latvia.png","datePublished":"2023-06-22T08:07:24+00:00","dateModified":"2025-12-17T15:52:15+00:00","description":"Mprehni gramatik\u00ebn tuaj letoneze p\u00ebrmes ushtrimeve t\u00ebrheq\u00ebse t\u00eb TalkPal - p\u00ebrmir\u00ebsoni sakt\u00ebsin\u00eb dhe rritni aft\u00ebsit\u00eb n\u00eb m\u00ebnyr\u00eb efektive me m\u00ebsime interaktive t\u00eb AI.","breadcrumb":{"@id":"https:\/\/talkpal.ai\/sq\/ushtrimet-gramatikore-letoneze\/#breadcrumb"},"inLanguage":"sq-AL","potentialAction":[{"@type":"ReadAction","target":["https:\/\/talkpal.ai\/sq\/ushtrimet-gramatikore-letoneze\/"]}]},{"@type":"ImageObject","inLanguage":"sq-AL","@id":"https:\/\/talkpal.ai\/sq\/ushtrimet-gramatikore-letoneze\/#primaryimage","url":"https:\/\/talkpal.ai\/wp-content\/uploads\/2023\/05\/latvia.png","contentUrl":"https:\/\/talkpal.ai\/wp-content\/uploads\/2023\/05\/latvia.png","width":512,"height":512,"caption":"TalkPal Latvia Flag"},{"@type":"BreadcrumbList","@id":"https:\/\/talkpal.ai\/sq\/ushtrimet-gramatikore-letoneze\/#breadcrumb","itemListElement":[{"@type":"ListItem","position":1,"name":"Homepage","item":"https:\/\/talkpal.ai\/sq\/"},{"@type":"ListItem","position":2,"name":"Ushtrimet gramatikore letoneze"}]},{"@type":"WebSite","@id":"https:\/\/talkpal.ai\/sq\/#website","url":"https:\/\/talkpal.ai\/sq\/","name":"Talkpal","description":"AI Language Learning","publisher":{"@id":"https:\/\/talkpal.ai\/sq\/#organization"},"alternateName":"Talkpal AI","potentialAction":[{"@type":"SearchAction","target":{"@type":"EntryPoint","urlTemplate":"https:\/\/talkpal.ai\/sq\/?s={search_term_string}"},"query-input":{"@type":"PropertyValueSpecification","valueRequired":true,"valueName":"search_term_string"}}],"inLanguage":"sq-AL"},{"@type":"Organization","@id":"https:\/\/talkpal.ai\/sq\/#organization","name":"Talkpal, Inc.","alternateName":"Talkpal AI","url":"https:\/\/talkpal.ai\/sq\/","logo":{"@type":"ImageObject","inLanguage":"sq-AL","@id":"https:\/\/talkpal.ai\/sq\/#\/schema\/logo\/image\/","url":"https:\/\/talkpal.ai\/wp-content\/uploads\/2024\/03\/Talkpal-Logo-Icon.png","contentUrl":"https:\/\/talkpal.ai\/wp-content\/uploads\/2024\/03\/Talkpal-Logo-Icon.png","width":2880,"height":2880,"caption":"Talkpal, Inc."},"image":{"@id":"https:\/\/talkpal.ai\/sq\/#\/schema\/logo\/image\/"},"sameAs":["https:\/\/www.facebook.com\/profile.php?id=100090733639311","https:\/\/x.com\/talkpalai","https:\/\/www.linkedin.com\/company\/talkpal\/","https:\/\/www.youtube.com\/@TalkPal\/","https:\/\/www.tiktok.com\/@talkpal","https:\/\/www.instagram.com\/talkpal_ai\/","https:\/\/www.crunchbase.com\/organization\/talkpal-9cde","https:\/\/www.g2.com\/products\/talkpal-for-business\/","https:\/\/www.trustpilot.com\/review\/talkpal.ai","https:\/\/www.capterra.com\/p\/10006800\/TalkPal\/"],"description":"Talkpal is a language learning web and mobile education app, powered by the latest AI technologies, that provides engaging experiences to its customers in many different languages to help them improve their language skills. Users can chat about unlimited amount of topics with the app and use other modes to practice their language learning.","email":"support@talkpal.ai","legalName":"Talkpal, Inc.","foundingDate":"2023-04-03","duns":"118989042","numberOfEmployees":{"@type":"QuantitativeValue","minValue":"11","maxValue":"50"},"publishingPrinciples":"https:\/\/talkpal.ai\/publishing-principles\/","actionableFeedbackPolicy":"https:\/\/talkpal.ai\/actionable-feedback-policy\/","correctionsPolicy":"https:\/\/talkpal.ai\/corrections-policy\/","ethicsPolicy":"https:\/\/talkpal.ai\/ethics-policy\/","diversityPolicy":"https:\/\/talkpal.ai\/diversity-policy\/","diversityStaffingReport":"https:\/\/talkpal.ai\/diversity-policy\/"}]}},"_links":{"self":[{"href":"https:\/\/talkpal.ai\/sq\/wp-json\/wp\/v2\/pages\/1448087","targetHints":{"allow":["GET"]}}],"collection":[{"href":"https:\/\/talkpal.ai\/sq\/wp-json\/wp\/v2\/pages"}],"about":[{"href":"https:\/\/talkpal.ai\/sq\/wp-json\/wp\/v2\/types\/page"}],"author":[{"embeddable":true,"href":"https:\/\/talkpal.ai\/sq\/wp-json\/wp\/v2\/users\/6"}],"replies":[{"embeddable":true,"href":"https:\/\/talkpal.ai\/sq\/wp-json\/wp\/v2\/comments?post=1448087"}],"version-history":[{"count":0,"href":"https:\/\/talkpal.ai\/sq\/wp-json\/wp\/v2\/pages\/1448087\/revisions"}],"wp:featuredmedia":[{"embeddable":true,"href":"https:\/\/talkpal.ai\/sq\/wp-json\/wp\/v2\/media\/1442869"}],"wp:attachment":[{"href":"https:\/\/talkpal.ai\/sq\/wp-json\/wp\/v2\/media?parent=1448087"}],"curies":[{"name":"wp","href":"https:\/\/api.w.org\/{rel}","templated":true}]}}