{"id":1448082,"date":"2023-06-22T07:25:42","date_gmt":"2023-06-22T07:25:42","guid":{"rendered":"https:\/\/talkpal.ai\/ushtrimet-e-gramatikes-indoneziane\/"},"modified":"2025-12-17T15:09:22","modified_gmt":"2025-12-17T15:09:22","slug":"ushtrimet-e-gramatikes-indoneziane","status":"publish","type":"page","link":"https:\/\/talkpal.ai\/sq\/ushtrimet-e-gramatikes-indoneziane\/","title":{"rendered":"Ushtrimet e gramatik\u00ebs indoneziane"},"content":{"rendered":"\r\n\r\n\r\n<section class=\"languageChallengeSection\">\r\n    <div class=\"languageInfoWrapper\">\r\n        \r\n        <h1>Ushtrimet e gramatik\u00ebs indoneziane<\/h1>\r\n        <p>Po k\u00ebrkoni t\u00eb rrisni besimin tuaj n\u00eb indonezianisht? Ushtrimet gramatikore jan\u00eb nj\u00eb m\u00ebnyr\u00eb e shk\u00eblqyer p\u00ebr t\u00eb zot\u00ebruar struktur\u00ebn e fjalis\u00eb, format e foljeve dhe modelet kryesore q\u00eb do t&#039;ju ndihmojn\u00eb t\u00eb komunikoni n\u00eb m\u00ebnyr\u00eb m\u00eb natyrale. Filloni t\u00eb praktikoni gramatik\u00ebn indoneziane sot dhe shikoni aft\u00ebsit\u00eb dhe mir\u00ebkuptimin tuaj t\u00eb rriten me \u00e7do seanc\u00eb!<\/p>\r\n\r\n                            <a class=\"getStartedHidden\" href=\"https:\/\/app.talkpal.ai\/signup?lng=\">Filloni<\/a>\r\n        \r\n    <\/div>\r\n\r\n    <figure>\r\n    <img decoding=\"async\" width=\"768\" height=\"768\" src=\"https:\/\/talkpal.ai\/wp-content\/uploads\/2023\/06\/indonesia-768x768.png\" class=\"languageImage no-lazy\" alt=\"Language learning for personal achievement\" fetchpriority=\"high\" sizes=\"(max-width: 768px) 150px, 768px\" srcset=\"https:\/\/talkpal.ai\/wp-content\/uploads\/2023\/06\/indonesia-768x768.png 768w, https:\/\/talkpal.ai\/wp-content\/uploads\/2023\/06\/indonesia-300x300.png 300w\" \/>\r\n    \r\n\r\n    <\/figure>\r\n\r\n            <a class=\"getStartedVisible\" href=\"https:\/\/app.talkpal.ai\/signup?lng=\">Filloni<\/a>\r\n    \r\n<\/section>\r\n\r\n\r\n<!-- <section class=\"grammarSection\">\r\n    <div class=\"grammarLinks\">\r\n            <\/div>\r\n<\/section> -->\r\n\r\n\r\n\r\n\r\n<section class=\"promotionalBanner\">\r\n    <p class=\"promotionalText\">M\u00ebnyra m\u00eb efikase p\u00ebr t\u00eb m\u00ebsuar nj\u00eb gjuh\u00eb<\/p>\r\n    <a class=\"promotionalLink\" href=\"https:\/\/app.talkpal.ai\/signup?lng=\">Provoni Talkpal falas<\/a>\r\n<\/section>\n<div class=\"wp-block-group pageContainerStyle\"><div class=\"wp-block-group__inner-container is-layout-constrained wp-block-group-is-layout-constrained\">\n<h2 class=\"wp-block-heading\" id=\"h-indonesian-grammar-topics\">Temat e gramatik\u00ebs indoneziane<\/h2>\n\n\n\n<p>Indoneziishtja, ose <a href=\"https:\/\/talkpal.ai\/id\/belajar-bahasa-indonesia\/\">Bahasa Indonesia<\/a>, \u00ebsht\u00eb gjuha zyrtare e Indonezis\u00eb dhe sh\u00ebrben si nj\u00eb gjuh\u00eb unifikuese n\u00eb nj\u00eb vend me mbi 700 gjuh\u00eb t\u00eb folura. Si nj\u00eb regjist\u00ebr i standardizuar i malajzishtes, \u00ebsht\u00eb nj\u00eb gjuh\u00eb austroneziane me nj\u00eb sistem gramatikore t\u00eb leht\u00eb p\u00ebr t&#8217;u m\u00ebsuar. Nd\u00ebrsa m\u00ebsoni indonezianisht, \u00ebsht\u00eb thelb\u00ebsore t\u00eb kuptoni rregullat dhe struktur\u00ebn e saj gramatikore p\u00ebr komunikim efektiv. N\u00eb k\u00ebt\u00eb udh\u00ebzues, ne do t\u00eb p\u00ebrqendrohemi n\u00eb sekuenc\u00ebn e m\u00ebsimit t\u00eb temave t\u00eb ndryshme t\u00eb gramatik\u00ebs indoneziane si koh\u00ebt, foljet, emrat, artikujt, p\u00ebremrat, mbiemrat, ndajfoljet, kushtet, parafjal\u00ebt dhe struktura e fjalis\u00eb.<\/p>\n\n\n\n<h3 class=\"wp-block-heading\" id=\"h-1-nouns\">1. Emrat<\/h3>\n\n\n\n<p>Filloni duke m\u00ebsuar emrat indonezian\u00eb, pasi ato jan\u00eb blloqet m\u00eb t\u00eb thjeshta t\u00eb nd\u00ebrtimit t\u00eb gjuh\u00ebs. Emrat indonezian nuk jan\u00eb gjinor ose shum\u00ebs, duke i b\u00ebr\u00eb ato t\u00eb lehta p\u00ebr t&#8217;u kuptuar. Njihuni me emrat e zakonsh\u00ebm dhe p\u00ebrdorimin e <a href=\"https:\/\/talkpal.ai\/locations\/language-courses-in-tyre\/\">tyre<\/a> n\u00eb kontekst.<\/p>\n\n\n\n<h3 class=\"wp-block-heading\" id=\"h-2-pronouns-determiners\">2. P\u00ebremrat\/p\u00ebrcaktues<\/h3>\n\n\n\n<p>Pasi t\u00eb keni kuptuar emrat, m\u00ebsoni p\u00ebremrat dhe p\u00ebrcaktuesit. Indonezianishtja ka p\u00ebremra t\u00eb ndrysh\u00ebm personal\u00eb dhe p\u00ebrcaktues pronor\u00eb q\u00eb korrespondojn\u00eb me ekuivalent\u00ebt anglez\u00eb. Praktikoni p\u00ebrdorimin e tyre n\u00eb kontekste t\u00eb ndryshme p\u00ebr t\u00eb nd\u00ebrtuar themelet tuaja n\u00eb nd\u00ebrtimin e fjalive.<\/p>\n\n\n\n<h3 class=\"wp-block-heading\" id=\"h-3-adjectives\">3. Mbiemrat<\/h3>\n\n\n\n<p>Mbiemrat jan\u00eb thelb\u00ebsor\u00eb p\u00ebr t\u00eb p\u00ebrshkruar dhe dalluar emrat n\u00eb indonezianisht. M\u00ebsoni <a href=\"https:\/\/talkpal.ai\/culture\/what-is-the-difference-between-se-and-si\/\">se si<\/a> t\u00eb p\u00ebrdorni mbiemrat n\u00eb fjali t\u00eb thjeshta dhe t\u00eb kuptoni vendosjen e tyre n\u00eb lidhje me emrat.<\/p>\n\n\n\n<h3 class=\"wp-block-heading\" id=\"h-4-verbs\">4. Foljet<\/h3>\n\n\n\n<p>Foljet indoneziane nuk jan\u00eb t\u00eb konjuguara, duke i b\u00ebr\u00eb ato relativisht m\u00eb t\u00eb lehta p\u00ebr t&#8217;u m\u00ebsuar n\u00eb krahasim me gjuh\u00ebt e tjera. Studioni format baz\u00eb t\u00eb foljeve dhe p\u00ebrdorimin e tyre n\u00eb fjali.<\/p>\n\n\n\n<h3 class=\"wp-block-heading\" id=\"h-5-tenses\">5. Koh\u00ebt<\/h3>\n\n\n\n<p>Indonezianishtja nuk ka ekuivalent t\u00eb drejtp\u00ebrdrejt\u00eb me koh\u00ebt angleze. N\u00eb vend t\u00eb k\u00ebsaj, koha shprehet p\u00ebrmes kontekstit ose duke p\u00ebrdorur fjal\u00eb specifike. M\u00ebsoni se si t\u00eb p\u00ebrcillni ngjarjet e kaluara, t\u00eb tanishme dhe t\u00eb ardhshme n\u00eb indonezian duke p\u00ebrdorur ndajfolje dhe fraza t\u00eb ndryshme.<\/p>\n\n\n\n<h3 class=\"wp-block-heading\" id=\"h-6-tense-comparison-progressive-perfect-progressive\">6. Krahasim i tensionuar, progresiv, progresiv i p\u00ebrsosur<\/h3>\n\n\n\n<p>Meqen\u00ebse indonezianja nuk ka nj\u00eb sistem t\u00eb tensionuar, t\u00eb kuptuarit e konceptit t\u00eb krahasimit t\u00eb tensionuar, progresiv dhe progresiv t\u00eb p\u00ebrsosur \u00ebsht\u00eb thelb\u00ebsor. M\u00ebsoni se si t&#8217;i shprehni k\u00ebto aspekte duke p\u00ebrdorur fjal\u00eb dhe fraza t\u00eb ndryshme.<\/p>\n\n\n\n<h3 class=\"wp-block-heading\" id=\"h-7-adverbs\">7. Ndajfoljet<\/h3>\n\n\n\n<p>P\u00ebrfshini ndajfolje n\u00eb fjalorin tuaj indonezian p\u00ebr t\u00eb shtuar m\u00eb shum\u00eb detaje dhe thell\u00ebsi n\u00eb fjalit\u00eb tuaja. M\u00ebsoni rregullat q\u00eb rregullojn\u00eb vendosjen dhe p\u00ebrdorimin e ndajfoljeve.<\/p>\n\n\n\n<h3 class=\"wp-block-heading\" id=\"h-8-prepositions\">8. Parafjal\u00ebt<\/h3>\n\n\n\n<p>Parafjal\u00ebt p\u00ebrdoren p\u00ebr t\u00eb treguar marr\u00ebdh\u00ebniet midis fjal\u00ebve n\u00eb nj\u00eb fjali. M\u00ebsoni parafjal\u00ebt e zakonshme indoneziane dhe p\u00ebrdorimin e tyre n\u00eb kontekste t\u00eb ndryshme.<\/p>\n\n\n\n<h3 class=\"wp-block-heading\" id=\"h-9-conditionals\">9. Kusht\u00ebzimet<\/h3>\n\n\n\n<p>Studioni fjalit\u00eb e kusht\u00ebzuara n\u00eb indonezianisht, t\u00eb cilat shprehin situata hipotetike dhe pasojat e tyre. M\u00ebsoni se si t\u00eb formoni dhe p\u00ebrdorni klauzola &#8220;n\u00ebse&#8221; dhe struktura t\u00eb tjera t\u00eb kusht\u00ebzuara.<\/p>\n\n\n\n<h3 class=\"wp-block-heading\" id=\"h-10-sentences\">10. Djali<\/h3>\n\n\n\n<p>S\u00eb fundi, praktikoni nd\u00ebrtimin e fjalive duke p\u00ebrdorur rregullat gramatikore dhe temat e mbuluara m\u00eb sip\u00ebr. Njihuni me llojet e ndryshme t\u00eb fjalive indoneziane, t\u00eb tilla si deklarative, pyet\u00ebse, imperative dhe thirrje, p\u00ebr t\u00eb p\u00ebrmir\u00ebsuar aft\u00ebsit\u00eb tuaja t\u00eb p\u00ebrgjithshme t\u00eb komunikimit n\u00eb gjuh\u00eb.<\/p>\n<\/div><\/div>\n\r\n<section class=\"learnNavigationSection\">\r\n            \r\n        <a href=\"https:\/\/talkpal.ai\/sq\/meso-indonezisht\/\">\r\n            <div class=\"learnNavigationWrapper\">\r\n                <div class=\"learnNavigationContent\">\r\n                    <img decoding=\"async\" src=\"https:\/\/talkpal.ai\/wp-content\/uploads\/2024\/08\/Indonesian.jpg\" alt=\"Indonesian Flag\">\r\n                    <div>\r\n                        <h4>Rreth m\u00ebsimit indonezian<\/h4>\r\n                        <p>M\u00ebsoni gjith\u00e7ka rreth gramatik\u00ebs indoneziane.<\/p>\r\n                    <\/div>\r\n                <\/div>\r\n            <\/div>\r\n        <\/a>\r\n\r\n        \r\n        <a href=\"https:\/\/talkpal.ai\/sq\/gramatika-indoneziane\/\">\r\n            <div class=\"learnNavigationWrapper\">\r\n                <div class=\"learnNavigationContent\">\r\n                    <img decoding=\"async\" src=\"https:\/\/talkpal.ai\/wp-content\/uploads\/2024\/08\/Indonesian.jpg\" alt=\"Indonesian Flag\">\r\n                    <div>\r\n                        <h4>M\u00ebsime t\u00eb gramatik\u00ebs indoneziane<\/h4>\r\n                        <p>Praktikoni gramatik\u00ebn indoneziane.<\/p>\r\n                    <\/div>\r\n                <\/div>\r\n            <\/div>\r\n        <\/a>\r\n\r\n        \r\n        <a href=\"https:\/\/talkpal.ai\/vocabulary_language\/indonesian\/\">\r\n            <div class=\"learnNavigationWrapper\">\r\n                <div class=\"learnNavigationContent\">\r\n                    <img decoding=\"async\" src=\"https:\/\/talkpal.ai\/wp-content\/uploads\/2024\/08\/Indonesian.jpg\" alt=\"Indonesian Flag\">\r\n                    <div>\r\n                        <h4>Fjalori indonezian<\/h4>\r\n                        <p>Zgjeroni fjalorin tuaj indonezian.<\/p>\r\n                    <\/div>\r\n                <\/div>\r\n            <\/div>\r\n        <\/a>\r\n\r\n            <\/section>","protected":false},"excerpt":{"rendered":"<p>Temat e gramatik\u00ebs indoneziane Indoneziishtja, ose Bahasa Indonesia, \u00ebsht\u00eb gjuha zyrtare e Indonezis\u00eb dhe sh\u00ebrben si nj\u00eb gjuh\u00eb unifikuese n\u00eb nj\u00eb vend me mbi 700 gjuh\u00eb t\u00eb folura. Si nj\u00eb regjist\u00ebr i standardizuar i malajzishtes, \u00ebsht\u00eb nj\u00eb gjuh\u00eb austroneziane me nj\u00eb sistem gramatikore t\u00eb leht\u00eb p\u00ebr t&#8217;u m\u00ebsuar. Nd\u00ebrsa m\u00ebsoni indonezianisht, \u00ebsht\u00eb thelb\u00ebsore t\u00eb kuptoni [&hellip;]<\/p>\n","protected":false},"author":6,"featured_media":1444184,"parent":0,"menu_order":0,"comment_status":"closed","ping_status":"closed","template":"LearningContentPage.php","meta":{"_acf_changed":false,"footnotes":""},"class_list":["post-1448082","page","type-page","status-publish","has-post-thumbnail","hentry"],"acf":[],"yoast_head":"<!-- This site is optimized with the Yoast SEO Premium plugin v27.2 (Yoast SEO v27.2) - https:\/\/yoast.com\/product\/yoast-seo-premium-wordpress\/ -->\n<title>Ushtrimet e gramatik\u00ebs indoneziane - Talkpal<\/title>\n<meta name=\"description\" content=\"P\u00ebrmir\u00ebsoni gramatik\u00ebn tuaj indoneziane - praktikoni me ushtrime t\u00eb thjeshta, shembuj interaktiv\u00eb dhe reagime t\u00eb qarta duke p\u00ebrdorur TalkPal AI.\" \/>\n<meta name=\"robots\" content=\"index, follow, max-snippet:-1, max-image-preview:large, max-video-preview:-1\" \/>\n<link rel=\"canonical\" href=\"https:\/\/talkpal.ai\/sq\/ushtrimet-e-gramatikes-indoneziane\/\" \/>\n<meta property=\"og:locale\" content=\"sq_AL\" \/>\n<meta property=\"og:type\" content=\"article\" \/>\n<meta property=\"og:title\" content=\"Ushtrimet e gramatik\u00ebs indoneziane\" \/>\n<meta property=\"og:description\" content=\"Temat e gramatik\u00ebs indoneziane Indoneziishtja, ose Bahasa Indonesia, \u00ebsht\u00eb gjuha zyrtare e Indonezis\u00eb dhe sh\u00ebrben si nj\u00eb gjuh\u00eb unifikuese n\u00eb nj\u00eb vend me\" \/>\n<meta property=\"og:url\" content=\"https:\/\/talkpal.ai\/sq\/ushtrimet-e-gramatikes-indoneziane\/\" \/>\n<meta property=\"og:site_name\" content=\"Talkpal\" \/>\n<meta property=\"article:publisher\" content=\"https:\/\/www.facebook.com\/profile.php?id=100090733639311\" \/>\n<meta property=\"article:modified_time\" content=\"2025-12-17T15:09:22+00:00\" \/>\n<meta property=\"og:image\" content=\"https:\/\/talkpal.ai\/wp-content\/uploads\/2023\/05\/indonesia.png\" \/>\n\t<meta property=\"og:image:width\" content=\"512\" \/>\n\t<meta property=\"og:image:height\" content=\"512\" \/>\n\t<meta property=\"og:image:type\" content=\"image\/png\" \/>\n<meta name=\"twitter:card\" content=\"summary_large_image\" \/>\n<meta name=\"twitter:site\" content=\"@talkpalai\" \/>\n<meta name=\"twitter:label1\" content=\"Est. reading time\" \/>\n\t<meta name=\"twitter:data1\" content=\"3 minutes\" \/>\n<script type=\"application\/ld+json\" class=\"yoast-schema-graph\">{\"@context\":\"https:\/\/schema.org\",\"@graph\":[{\"@type\":\"WebPage\",\"@id\":\"https:\/\/talkpal.ai\/sq\/ushtrimet-e-gramatikes-indoneziane\/\",\"url\":\"https:\/\/talkpal.ai\/sq\/ushtrimet-e-gramatikes-indoneziane\/\",\"name\":\"Ushtrimet e gramatik\u00ebs indoneziane - Talkpal\",\"isPartOf\":{\"@id\":\"https:\/\/talkpal.ai\/sq\/#website\"},\"primaryImageOfPage\":{\"@id\":\"https:\/\/talkpal.ai\/sq\/ushtrimet-e-gramatikes-indoneziane\/#primaryimage\"},\"image\":{\"@id\":\"https:\/\/talkpal.ai\/sq\/ushtrimet-e-gramatikes-indoneziane\/#primaryimage\"},\"thumbnailUrl\":\"https:\/\/talkpal.ai\/wp-content\/uploads\/2023\/05\/indonesia.png\",\"datePublished\":\"2023-06-22T07:25:42+00:00\",\"dateModified\":\"2025-12-17T15:09:22+00:00\",\"description\":\"P\u00ebrmir\u00ebsoni gramatik\u00ebn tuaj indoneziane - praktikoni me ushtrime t\u00eb thjeshta, shembuj interaktiv\u00eb dhe reagime t\u00eb qarta duke p\u00ebrdorur TalkPal AI.\",\"breadcrumb\":{\"@id\":\"https:\/\/talkpal.ai\/sq\/ushtrimet-e-gramatikes-indoneziane\/#breadcrumb\"},\"inLanguage\":\"sq-AL\",\"potentialAction\":[{\"@type\":\"ReadAction\",\"target\":[\"https:\/\/talkpal.ai\/sq\/ushtrimet-e-gramatikes-indoneziane\/\"]}]},{\"@type\":\"ImageObject\",\"inLanguage\":\"sq-AL\",\"@id\":\"https:\/\/talkpal.ai\/sq\/ushtrimet-e-gramatikes-indoneziane\/#primaryimage\",\"url\":\"https:\/\/talkpal.ai\/wp-content\/uploads\/2023\/05\/indonesia.png\",\"contentUrl\":\"https:\/\/talkpal.ai\/wp-content\/uploads\/2023\/05\/indonesia.png\",\"width\":512,\"height\":512,\"caption\":\"TalkPal Indonesia Flag\"},{\"@type\":\"BreadcrumbList\",\"@id\":\"https:\/\/talkpal.ai\/sq\/ushtrimet-e-gramatikes-indoneziane\/#breadcrumb\",\"itemListElement\":[{\"@type\":\"ListItem\",\"position\":1,\"name\":\"Homepage\",\"item\":\"https:\/\/talkpal.ai\/sq\/\"},{\"@type\":\"ListItem\",\"position\":2,\"name\":\"Ushtrimet e gramatik\u00ebs indoneziane\"}]},{\"@type\":\"WebSite\",\"@id\":\"https:\/\/talkpal.ai\/sq\/#website\",\"url\":\"https:\/\/talkpal.ai\/sq\/\",\"name\":\"Talkpal\",\"description\":\"AI Language Learning\",\"publisher\":{\"@id\":\"https:\/\/talkpal.ai\/sq\/#organization\"},\"alternateName\":\"Talkpal AI\",\"potentialAction\":[{\"@type\":\"SearchAction\",\"target\":{\"@type\":\"EntryPoint\",\"urlTemplate\":\"https:\/\/talkpal.ai\/sq\/?s={search_term_string}\"},\"query-input\":{\"@type\":\"PropertyValueSpecification\",\"valueRequired\":true,\"valueName\":\"search_term_string\"}}],\"inLanguage\":\"sq-AL\"},{\"@type\":\"Organization\",\"@id\":\"https:\/\/talkpal.ai\/sq\/#organization\",\"name\":\"Talkpal, Inc.\",\"alternateName\":\"Talkpal AI\",\"url\":\"https:\/\/talkpal.ai\/sq\/\",\"logo\":{\"@type\":\"ImageObject\",\"inLanguage\":\"sq-AL\",\"@id\":\"https:\/\/talkpal.ai\/sq\/#\/schema\/logo\/image\/\",\"url\":\"https:\/\/talkpal.ai\/wp-content\/uploads\/2024\/03\/Talkpal-Logo-Icon.png\",\"contentUrl\":\"https:\/\/talkpal.ai\/wp-content\/uploads\/2024\/03\/Talkpal-Logo-Icon.png\",\"width\":2880,\"height\":2880,\"caption\":\"Talkpal, Inc.\"},\"image\":{\"@id\":\"https:\/\/talkpal.ai\/sq\/#\/schema\/logo\/image\/\"},\"sameAs\":[\"https:\/\/www.facebook.com\/profile.php?id=100090733639311\",\"https:\/\/x.com\/talkpalai\",\"https:\/\/www.linkedin.com\/company\/talkpal\/\",\"https:\/\/www.youtube.com\/@TalkPal\/\",\"https:\/\/www.tiktok.com\/@talkpal\",\"https:\/\/www.instagram.com\/talkpal_ai\/\",\"https:\/\/www.crunchbase.com\/organization\/talkpal-9cde\",\"https:\/\/www.g2.com\/products\/talkpal-for-business\/\",\"https:\/\/www.trustpilot.com\/review\/talkpal.ai\",\"https:\/\/www.capterra.com\/p\/10006800\/TalkPal\/\"],\"description\":\"Talkpal is a language learning web and mobile education app, powered by the latest AI technologies, that provides engaging experiences to its customers in many different languages to help them improve their language skills. Users can chat about unlimited amount of topics with the app and use other modes to practice their language learning.\",\"email\":\"support@talkpal.ai\",\"legalName\":\"Talkpal, Inc.\",\"foundingDate\":\"2023-04-03\",\"duns\":\"118989042\",\"numberOfEmployees\":{\"@type\":\"QuantitativeValue\",\"minValue\":\"11\",\"maxValue\":\"50\"},\"publishingPrinciples\":\"https:\/\/talkpal.ai\/publishing-principles\/\",\"actionableFeedbackPolicy\":\"https:\/\/talkpal.ai\/actionable-feedback-policy\/\",\"correctionsPolicy\":\"https:\/\/talkpal.ai\/corrections-policy\/\",\"ethicsPolicy\":\"https:\/\/talkpal.ai\/ethics-policy\/\",\"diversityPolicy\":\"https:\/\/talkpal.ai\/diversity-policy\/\",\"diversityStaffingReport\":\"https:\/\/talkpal.ai\/diversity-policy\/\"}]}<\/script>\n<!-- \/ Yoast SEO Premium plugin. -->","yoast_head_json":{"title":"Ushtrimet e gramatik\u00ebs indoneziane - Talkpal","description":"P\u00ebrmir\u00ebsoni gramatik\u00ebn tuaj indoneziane - praktikoni me ushtrime t\u00eb thjeshta, shembuj interaktiv\u00eb dhe reagime t\u00eb qarta duke p\u00ebrdorur TalkPal AI.","robots":{"index":"index","follow":"follow","max-snippet":"max-snippet:-1","max-image-preview":"max-image-preview:large","max-video-preview":"max-video-preview:-1"},"canonical":"https:\/\/talkpal.ai\/sq\/ushtrimet-e-gramatikes-indoneziane\/","og_locale":"sq_AL","og_type":"article","og_title":"Ushtrimet e gramatik\u00ebs indoneziane","og_description":"Temat e gramatik\u00ebs indoneziane Indoneziishtja, ose Bahasa Indonesia, \u00ebsht\u00eb gjuha zyrtare e Indonezis\u00eb dhe sh\u00ebrben si nj\u00eb gjuh\u00eb unifikuese n\u00eb nj\u00eb vend me","og_url":"https:\/\/talkpal.ai\/sq\/ushtrimet-e-gramatikes-indoneziane\/","og_site_name":"Talkpal","article_publisher":"https:\/\/www.facebook.com\/profile.php?id=100090733639311","article_modified_time":"2025-12-17T15:09:22+00:00","og_image":[{"width":512,"height":512,"url":"https:\/\/talkpal.ai\/wp-content\/uploads\/2023\/05\/indonesia.png","type":"image\/png"}],"twitter_card":"summary_large_image","twitter_site":"@talkpalai","twitter_misc":{"Est. reading time":"3 minutes"},"schema":{"@context":"https:\/\/schema.org","@graph":[{"@type":"WebPage","@id":"https:\/\/talkpal.ai\/sq\/ushtrimet-e-gramatikes-indoneziane\/","url":"https:\/\/talkpal.ai\/sq\/ushtrimet-e-gramatikes-indoneziane\/","name":"Ushtrimet e gramatik\u00ebs indoneziane - Talkpal","isPartOf":{"@id":"https:\/\/talkpal.ai\/sq\/#website"},"primaryImageOfPage":{"@id":"https:\/\/talkpal.ai\/sq\/ushtrimet-e-gramatikes-indoneziane\/#primaryimage"},"image":{"@id":"https:\/\/talkpal.ai\/sq\/ushtrimet-e-gramatikes-indoneziane\/#primaryimage"},"thumbnailUrl":"https:\/\/talkpal.ai\/wp-content\/uploads\/2023\/05\/indonesia.png","datePublished":"2023-06-22T07:25:42+00:00","dateModified":"2025-12-17T15:09:22+00:00","description":"P\u00ebrmir\u00ebsoni gramatik\u00ebn tuaj indoneziane - praktikoni me ushtrime t\u00eb thjeshta, shembuj interaktiv\u00eb dhe reagime t\u00eb qarta duke p\u00ebrdorur TalkPal AI.","breadcrumb":{"@id":"https:\/\/talkpal.ai\/sq\/ushtrimet-e-gramatikes-indoneziane\/#breadcrumb"},"inLanguage":"sq-AL","potentialAction":[{"@type":"ReadAction","target":["https:\/\/talkpal.ai\/sq\/ushtrimet-e-gramatikes-indoneziane\/"]}]},{"@type":"ImageObject","inLanguage":"sq-AL","@id":"https:\/\/talkpal.ai\/sq\/ushtrimet-e-gramatikes-indoneziane\/#primaryimage","url":"https:\/\/talkpal.ai\/wp-content\/uploads\/2023\/05\/indonesia.png","contentUrl":"https:\/\/talkpal.ai\/wp-content\/uploads\/2023\/05\/indonesia.png","width":512,"height":512,"caption":"TalkPal Indonesia Flag"},{"@type":"BreadcrumbList","@id":"https:\/\/talkpal.ai\/sq\/ushtrimet-e-gramatikes-indoneziane\/#breadcrumb","itemListElement":[{"@type":"ListItem","position":1,"name":"Homepage","item":"https:\/\/talkpal.ai\/sq\/"},{"@type":"ListItem","position":2,"name":"Ushtrimet e gramatik\u00ebs indoneziane"}]},{"@type":"WebSite","@id":"https:\/\/talkpal.ai\/sq\/#website","url":"https:\/\/talkpal.ai\/sq\/","name":"Talkpal","description":"AI Language Learning","publisher":{"@id":"https:\/\/talkpal.ai\/sq\/#organization"},"alternateName":"Talkpal AI","potentialAction":[{"@type":"SearchAction","target":{"@type":"EntryPoint","urlTemplate":"https:\/\/talkpal.ai\/sq\/?s={search_term_string}"},"query-input":{"@type":"PropertyValueSpecification","valueRequired":true,"valueName":"search_term_string"}}],"inLanguage":"sq-AL"},{"@type":"Organization","@id":"https:\/\/talkpal.ai\/sq\/#organization","name":"Talkpal, Inc.","alternateName":"Talkpal AI","url":"https:\/\/talkpal.ai\/sq\/","logo":{"@type":"ImageObject","inLanguage":"sq-AL","@id":"https:\/\/talkpal.ai\/sq\/#\/schema\/logo\/image\/","url":"https:\/\/talkpal.ai\/wp-content\/uploads\/2024\/03\/Talkpal-Logo-Icon.png","contentUrl":"https:\/\/talkpal.ai\/wp-content\/uploads\/2024\/03\/Talkpal-Logo-Icon.png","width":2880,"height":2880,"caption":"Talkpal, Inc."},"image":{"@id":"https:\/\/talkpal.ai\/sq\/#\/schema\/logo\/image\/"},"sameAs":["https:\/\/www.facebook.com\/profile.php?id=100090733639311","https:\/\/x.com\/talkpalai","https:\/\/www.linkedin.com\/company\/talkpal\/","https:\/\/www.youtube.com\/@TalkPal\/","https:\/\/www.tiktok.com\/@talkpal","https:\/\/www.instagram.com\/talkpal_ai\/","https:\/\/www.crunchbase.com\/organization\/talkpal-9cde","https:\/\/www.g2.com\/products\/talkpal-for-business\/","https:\/\/www.trustpilot.com\/review\/talkpal.ai","https:\/\/www.capterra.com\/p\/10006800\/TalkPal\/"],"description":"Talkpal is a language learning web and mobile education app, powered by the latest AI technologies, that provides engaging experiences to its customers in many different languages to help them improve their language skills. Users can chat about unlimited amount of topics with the app and use other modes to practice their language learning.","email":"support@talkpal.ai","legalName":"Talkpal, Inc.","foundingDate":"2023-04-03","duns":"118989042","numberOfEmployees":{"@type":"QuantitativeValue","minValue":"11","maxValue":"50"},"publishingPrinciples":"https:\/\/talkpal.ai\/publishing-principles\/","actionableFeedbackPolicy":"https:\/\/talkpal.ai\/actionable-feedback-policy\/","correctionsPolicy":"https:\/\/talkpal.ai\/corrections-policy\/","ethicsPolicy":"https:\/\/talkpal.ai\/ethics-policy\/","diversityPolicy":"https:\/\/talkpal.ai\/diversity-policy\/","diversityStaffingReport":"https:\/\/talkpal.ai\/diversity-policy\/"}]}},"_links":{"self":[{"href":"https:\/\/talkpal.ai\/sq\/wp-json\/wp\/v2\/pages\/1448082","targetHints":{"allow":["GET"]}}],"collection":[{"href":"https:\/\/talkpal.ai\/sq\/wp-json\/wp\/v2\/pages"}],"about":[{"href":"https:\/\/talkpal.ai\/sq\/wp-json\/wp\/v2\/types\/page"}],"author":[{"embeddable":true,"href":"https:\/\/talkpal.ai\/sq\/wp-json\/wp\/v2\/users\/6"}],"replies":[{"embeddable":true,"href":"https:\/\/talkpal.ai\/sq\/wp-json\/wp\/v2\/comments?post=1448082"}],"version-history":[{"count":0,"href":"https:\/\/talkpal.ai\/sq\/wp-json\/wp\/v2\/pages\/1448082\/revisions"}],"wp:featuredmedia":[{"embeddable":true,"href":"https:\/\/talkpal.ai\/sq\/wp-json\/wp\/v2\/media\/1444184"}],"wp:attachment":[{"href":"https:\/\/talkpal.ai\/sq\/wp-json\/wp\/v2\/media?parent=1448082"}],"curies":[{"name":"wp","href":"https:\/\/api.w.org\/{rel}","templated":true}]}}