{"id":1448078,"date":"2023-06-22T08:01:09","date_gmt":"2023-06-22T08:01:09","guid":{"rendered":"https:\/\/talkpal.ai\/ushtrimet-e-gramatikes-kazake\/"},"modified":"2025-12-17T14:56:19","modified_gmt":"2025-12-17T14:56:19","slug":"ushtrimet-e-gramatikes-kazake","status":"publish","type":"page","link":"https:\/\/talkpal.ai\/sq\/ushtrimet-e-gramatikes-kazake\/","title":{"rendered":"Ushtrimet e gramatik\u00ebs kazake"},"content":{"rendered":"\r\n\r\n\r\n<section class=\"languageChallengeSection\">\r\n    <div class=\"languageInfoWrapper\">\r\n        \r\n        <h1>Ushtrimet e gramatik\u00ebs kazake<\/h1>\r\n        <p>Gati p\u00ebr t\u00eb nd\u00ebrtuar besimin tuaj n\u00eb Kazakisht? P\u00ebrqendrimi n\u00eb ushtrimet gramatikore \u00ebsht\u00eb nj\u00eb m\u00ebnyr\u00eb e shk\u00eblqyer p\u00ebr t\u00eb zot\u00ebruar struktur\u00ebn e fjalive, format e foljeve dhe modelet thelb\u00ebsore gjuh\u00ebsore. Filloni t\u00eb praktikoni gramatik\u00ebn <a href=\"https:\/\/talkpal.ai\/learn-kazakh\/\">kazake<\/a> sot dhe shihni p\u00ebrparim t\u00eb v\u00ebrtet\u00eb nd\u00ebrsa forconi t\u00eb kuptuarit tuaj hap pas hapi!<\/p>\r\n\r\n                            <a class=\"getStartedHidden\" href=\"https:\/\/app.talkpal.ai\/signup?lng=\">Filloni<\/a>\r\n        \r\n    <\/div>\r\n\r\n    <figure>\r\n    <img decoding=\"async\" width=\"768\" height=\"768\" src=\"https:\/\/talkpal.ai\/wp-content\/uploads\/2023\/06\/Khazak-768x768.png\" class=\"languageImage no-lazy\" alt=\"Language learning for increased negotiation skills\" fetchpriority=\"high\" sizes=\"(max-width: 768px) 150px, 768px\" srcset=\"https:\/\/talkpal.ai\/wp-content\/uploads\/2023\/06\/Khazak-768x768.png 768w, https:\/\/talkpal.ai\/wp-content\/uploads\/2023\/06\/Khazak-300x300.png 300w\" \/>\r\n    \r\n\r\n    <\/figure>\r\n\r\n            <a class=\"getStartedVisible\" href=\"https:\/\/app.talkpal.ai\/signup?lng=\">Filloni<\/a>\r\n    \r\n<\/section>\r\n\r\n\r\n<!-- <section class=\"grammarSection\">\r\n    <div class=\"grammarLinks\">\r\n            <\/div>\r\n<\/section> -->\r\n\r\n\r\n\r\n\r\n<section class=\"promotionalBanner\">\r\n    <p class=\"promotionalText\">M\u00ebnyra m\u00eb efikase p\u00ebr t\u00eb m\u00ebsuar nj\u00eb gjuh\u00eb<\/p>\r\n    <a class=\"promotionalLink\" href=\"https:\/\/app.talkpal.ai\/signup?lng=\">Provoni Talkpal falas<\/a>\r\n<\/section>\n<div class=\"wp-block-group pageContainerStyle\"><div class=\"wp-block-group__inner-container is-layout-constrained wp-block-group-is-layout-constrained\">\n<h2 class=\"wp-block-heading\" id=\"h-kazakh-grammar-topics\">Temat e gramatik\u00ebs kazake<\/h2>\n\n\n\n<p>M\u00ebsimi i nj\u00eb gjuhe t\u00eb re mund t\u00eb jet\u00eb nj\u00eb p\u00ebrvoj\u00eb sfiduese por shp\u00ebrblyese q\u00eb hap mund\u00ebsi p\u00ebr rritje personale dhe profesionale. Nj\u00eb nga gjuh\u00ebt q\u00eb po fiton popullaritet n\u00eb mesin e nx\u00ebn\u00ebsve t\u00eb gjuh\u00ebs \u00ebsht\u00eb kazakishtja, nj\u00eb gjuh\u00eb turke e folur nga miliona njer\u00ebz n\u00eb Kazakistan dhe rajonet p\u00ebrreth. <a href=\"https:\/\/talkpal.ai\/sq\/gramatika\/\">Gramatika<\/a> kazake \u00ebsht\u00eb unike, me nj\u00eb struktur\u00eb t\u00eb pasur dhe element\u00eb t\u00eb ndrysh\u00ebm q\u00eb k\u00ebrkojn\u00eb nj\u00eb qasje sistematike t\u00eb t\u00eb m\u00ebsuarit. N\u00eb k\u00ebt\u00eb udh\u00ebzues, ne do t\u00eb diskutojm\u00eb disa tema thelb\u00ebsore t\u00eb gramatik\u00ebs kazake, duke p\u00ebrfshir\u00eb koh\u00ebt, emrat, foljet, artikujt, p\u00ebremrat, mbiemrat, ndajfoljet, kushtet, parafjal\u00ebt dhe strukturat e fjalive. Duke kuptuar sekuenc\u00ebn e m\u00ebsimit t\u00eb k\u00ebtyre temave, ju mund t\u00eb p\u00ebrparoni n\u00eb m\u00ebnyr\u00eb efektive n\u00eb udh\u00ebtimin tuaj drejt zot\u00ebrimit t\u00eb gjuh\u00ebs kazake.<\/p>\n\n\n\n<h3 class=\"wp-block-heading\" id=\"h-1-nouns\">1. Emrat:<\/h3>\n\n\n\n<p>Themeli i \u00e7do gjuhe fillon me m\u00ebsimin e emrave t\u00eb saj. N\u00eb Kazakisht, emrat nuk kan\u00eb gjini, por kan\u00eb raste. T\u00eb kuptuarit e rasteve t\u00eb ndryshme dhe funksioneve t\u00eb <a href=\"https:\/\/talkpal.ai\/locations\/language-courses-in-tyre\/\">tyre<\/a> \u00ebsht\u00eb thelb\u00ebsore p\u00ebr nd\u00ebrtimin e fjalorit dhe formimin e fjalive baz\u00eb.<\/p>\n\n\n\n<h3 class=\"wp-block-heading\" id=\"h-2-articles\">2. Artikujt:<\/h3>\n\n\n\n<p>Artikujt nuk jan\u00eb t\u00eb pranish\u00ebm n\u00eb gjuh\u00ebn kazake, duke e b\u00ebr\u00eb m\u00eb t\u00eb leht\u00eb p\u00ebr nx\u00ebn\u00ebsit t\u00eb p\u00ebrqendrohen n\u00eb aspekte t\u00eb tjera gramatikore.<\/p>\n\n\n\n<h3 class=\"wp-block-heading\" id=\"h-3-pronouns-determiners\">3. P\u00ebremrat\/p\u00ebrcaktuesit:<\/h3>\n\n\n\n<p>K\u00ebto jan\u00eb thelb\u00ebsore n\u00eb z\u00ebvend\u00ebsimin e emrave dhe specifikimin e sasis\u00eb ose identitetit t\u00eb tyre. M\u00ebsimi i p\u00ebremrave dhe p\u00ebrcaktuesve do t&#8217;ju ndihmoj\u00eb t\u00eb krijoni fjali m\u00eb komplekse dhe t\u00eb p\u00ebrmir\u00ebsoni rrjedhshm\u00ebrin\u00eb tuaj t\u00eb p\u00ebrgjithshme.<\/p>\n\n\n\n<h3 class=\"wp-block-heading\" id=\"h-4-verbs\">4. Foljet:<\/h3>\n\n\n\n<p>Foljet jan\u00eb shtylla kurrizore e \u00e7do gjuhe dhe m\u00ebsimi i modeleve t\u00eb tyre t\u00eb konjugimit \u00ebsht\u00eb thelb\u00ebsor. N\u00eb Kazakisht, foljet konjugohen bazuar n\u00eb koh\u00ebn, humorin dhe z\u00ebrin. Njohja me k\u00ebto konjugime do t&#8217;ju mund\u00ebsoj\u00eb t\u00eb shprehni veprimet dhe ngjarjet me sakt\u00ebsi.<\/p>\n\n\n\n<h3 class=\"wp-block-heading\" id=\"h-5-tenses\">5. Koh\u00ebt:<\/h3>\n\n\n\n<p>Kazakishtja ka disa koh\u00eb, duke p\u00ebrfshir\u00eb t\u00eb kaluar\u00ebn, t\u00eb tashmen dhe t\u00eb ardhmen. T\u00eb m\u00ebsosh <a href=\"https:\/\/talkpal.ai\/culture\/what-is-the-difference-between-se-and-si\/\">se si<\/a> t&#8217;i formosh dhe p\u00ebrdor\u00ebsh sakt\u00eb k\u00ebto koh\u00eb \u00ebsht\u00eb thelb\u00ebsore p\u00ebr t\u00eb p\u00ebrcjell\u00eb koh\u00ebn e veprimeve dhe ngjarjeve.<\/p>\n\n\n\n<h3 class=\"wp-block-heading\" id=\"h-6-tense-comparison\">6. Krahasimi i tensionuar:<\/h3>\n\n\n\n<p>T\u00eb kuptuarit e ndryshimit midis koh\u00ebve dhe m\u00ebnyr\u00ebs se si ato nd\u00ebrveprojn\u00eb me nj\u00ebri-tjetrin do t\u00eb thelloj\u00eb t\u00eb kuptuarit tuaj t\u00eb gramatik\u00ebs kazake.<\/p>\n\n\n\n<h3 class=\"wp-block-heading\" id=\"h-7-progressive\">7. Progresive:<\/h3>\n\n\n\n<p>Ky aspekt tregon veprimet e vazhdueshme. M\u00ebsimi i form\u00ebs progresive n\u00eb Kazakisht do t&#8217;ju ndihmoj\u00eb t\u00eb shprehni veprimet q\u00eb po ndodhin aktualisht ose po ndodhin n\u00eb nj\u00eb moment t\u00eb caktuar n\u00eb koh\u00eb.<\/p>\n\n\n\n<h3 class=\"wp-block-heading\" id=\"h-8-perfect-progressive\">8. Progresiv i p\u00ebrsosur:<\/h3>\n\n\n\n<p>Progresivi i p\u00ebrsosur kombinon aspektet perfekte dhe progresive p\u00ebr t\u00eb treguar nj\u00eb veprim q\u00eb filloi n\u00eb t\u00eb kaluar\u00ebn dhe \u00ebsht\u00eb ende n\u00eb vazhdim. Zot\u00ebrimi i k\u00ebtij aspekti do t\u00eb rris\u00eb aft\u00ebsin\u00eb tuaj p\u00ebr t\u00eb shprehur ide komplekse n\u00eb Kazakisht.<\/p>\n\n\n\n<h3 class=\"wp-block-heading\" id=\"h-9-adjectives\">9. Mbiemra:<\/h3>\n\n\n\n<p>Mbiemrat p\u00ebrshkruajn\u00eb cil\u00ebsit\u00eb dhe tiparet e emrave. T\u00eb m\u00ebsuarit se si t\u00eb p\u00ebrdorni mbiemrat n\u00eb m\u00ebnyr\u00eb korrekte n\u00eb Kazakisht do t\u00eb pasuroj\u00eb fjalorin tuaj dhe do t&#8217;ju mund\u00ebsoj\u00eb t\u00eb jepni p\u00ebrshkrime m\u00eb t\u00eb detajuara.<\/p>\n\n\n\n<h3 class=\"wp-block-heading\" id=\"h-10-adverbs\">10. Ndajfoljet:<\/h3>\n\n\n\n<p>Ndajfoljet modifikojn\u00eb foljet, mbiemrat dhe ndajfoljet e tjera. Marrja e njohurive p\u00ebr ndajfoljet kazake dhe p\u00ebrdorimi i tyre do t\u00eb p\u00ebrmir\u00ebsoj\u00eb aft\u00ebsin\u00eb tuaj p\u00ebr t\u00eb shprehur veprimet dhe ngjarjet m\u00eb sakt\u00ebsisht.<\/p>\n\n\n\n<h3 class=\"wp-block-heading\" id=\"h-11-conditionals\">11. Kusht\u00ebzuese:<\/h3>\n\n\n\n<p>Kusht\u00ebzimet p\u00ebrdoren p\u00ebr t\u00eb shprehur situata hipotetike dhe pasojat e tyre t\u00eb mundshme. Zot\u00ebrimi i p\u00ebrdorimit t\u00eb kusht\u00ebzimeve n\u00eb Kazakisht do t&#8217;ju ndihmoj\u00eb t\u00eb p\u00ebrcillni ide komplekse dhe skenar\u00eb hipotetik\u00eb.<\/p>\n\n\n\n<h3 class=\"wp-block-heading\" id=\"h-12-prepositions\">12. Parafjal\u00ebt:<\/h3>\n\n\n\n<p>Parafjal\u00ebt tregojn\u00eb marr\u00ebdh\u00ebnien midis emrave n\u00eb nj\u00eb fjali. M\u00ebsimi i parafjal\u00ebve kazake dhe funksioneve t\u00eb tyre do t&#8217;ju lejoj\u00eb t\u00eb nd\u00ebrtoni fjali m\u00eb komplekse.<\/p>\n\n\n\n<h3 class=\"wp-block-heading\" id=\"h-13-sentences\">13. Fjalit\u00eb:<\/h3>\n\n\n\n<p>S\u00eb fundi, t\u00eb kuptuarit e strukturave t\u00eb fjalive dhe rregullave p\u00ebr kombinimin e elementeve t\u00eb ndryshme gramatikore \u00ebsht\u00eb thelb\u00ebsor p\u00ebr zot\u00ebrimin e gjuh\u00ebs kazake. Kjo njohuri do t&#8217;ju mund\u00ebsoj\u00eb t\u00eb komunikoni n\u00eb m\u00ebnyr\u00eb efektive dhe sakt\u00eb n\u00eb situata t\u00eb ndryshme.<\/p>\n<\/div><\/div>\n\r\n<section class=\"learnNavigationSection\">\r\n            \r\n        <a href=\"https:\/\/talkpal.ai\/sq\/meso-kazakistanisht\/\">\r\n            <div class=\"learnNavigationWrapper\">\r\n                <div class=\"learnNavigationContent\">\r\n                    <img decoding=\"async\" src=\"https:\/\/talkpal.ai\/wp-content\/uploads\/2024\/08\/Kazakh.jpg\" alt=\"Kazakh Flag\">\r\n                    <div>\r\n                        <h4>Rreth m\u00ebsimit kazakh<\/h4>\r\n                        <p>M\u00ebsoni gjith\u00e7ka rreth gramatik\u00ebs kazake.<\/p>\r\n                    <\/div>\r\n                <\/div>\r\n            <\/div>\r\n        <\/a>\r\n\r\n        \r\n        <a href=\"https:\/\/talkpal.ai\/sq\/gramatika-kazake\/\">\r\n            <div class=\"learnNavigationWrapper\">\r\n                <div class=\"learnNavigationContent\">\r\n                    <img decoding=\"async\" src=\"https:\/\/talkpal.ai\/wp-content\/uploads\/2024\/08\/Kazakh.jpg\" alt=\"Kazakh Flag\">\r\n                    <div>\r\n                        <h4>M\u00ebsimet e gramatik\u00ebs kazake<\/h4>\r\n                        <p>Praktikoni gramatik\u00ebn kazake.<\/p>\r\n                    <\/div>\r\n                <\/div>\r\n            <\/div>\r\n        <\/a>\r\n\r\n        \r\n        <a href=\"https:\/\/talkpal.ai\/vocabulary_language\/kazakh\/\">\r\n            <div class=\"learnNavigationWrapper\">\r\n                <div class=\"learnNavigationContent\">\r\n                    <img decoding=\"async\" src=\"https:\/\/talkpal.ai\/wp-content\/uploads\/2024\/08\/Kazakh.jpg\" alt=\"Kazakh Flag\">\r\n                    <div>\r\n                        <h4>Fjalori kazakh<\/h4>\r\n                        <p>Zgjeroni fjalorin tuaj kazak.<\/p>\r\n                    <\/div>\r\n                <\/div>\r\n            <\/div>\r\n        <\/a>\r\n\r\n            <\/section>","protected":false},"excerpt":{"rendered":"<p>Temat e gramatik\u00ebs kazake M\u00ebsimi i nj\u00eb gjuhe t\u00eb re mund t\u00eb jet\u00eb nj\u00eb p\u00ebrvoj\u00eb sfiduese por shp\u00ebrblyese q\u00eb hap mund\u00ebsi p\u00ebr rritje personale dhe profesionale. Nj\u00eb nga gjuh\u00ebt q\u00eb po fiton popullaritet n\u00eb mesin e nx\u00ebn\u00ebsve t\u00eb gjuh\u00ebs \u00ebsht\u00eb kazakishtja, nj\u00eb gjuh\u00eb turke e folur nga miliona njer\u00ebz n\u00eb Kazakistan dhe rajonet p\u00ebrreth. Gramatika [&hellip;]<\/p>\n","protected":false},"author":6,"featured_media":1442881,"parent":0,"menu_order":0,"comment_status":"closed","ping_status":"closed","template":"LearningContentPage.php","meta":{"_acf_changed":false,"footnotes":""},"class_list":["post-1448078","page","type-page","status-publish","has-post-thumbnail","hentry"],"acf":[],"yoast_head":"<!-- This site is optimized with the Yoast SEO Premium plugin v27.2 (Yoast SEO v27.2) - https:\/\/yoast.com\/product\/yoast-seo-premium-wordpress\/ -->\n<title>Ushtrimet e gramatik\u00ebs kazake - Talkpal<\/title>\n<meta name=\"description\" content=\"Rritni aft\u00ebsit\u00eb tuaja gramatikore kazake n\u00eb m\u00ebnyr\u00eb efektive - p\u00ebrmir\u00ebsoni sakt\u00ebsin\u00eb, praktikoni ushtrime interaktive dhe p\u00ebrdorim t\u00eb p\u00ebrsosur!\" \/>\n<meta name=\"robots\" content=\"index, follow, max-snippet:-1, max-image-preview:large, max-video-preview:-1\" \/>\n<link rel=\"canonical\" href=\"https:\/\/talkpal.ai\/sq\/ushtrimet-e-gramatikes-kazake\/\" \/>\n<meta property=\"og:locale\" content=\"sq_AL\" \/>\n<meta property=\"og:type\" content=\"article\" \/>\n<meta property=\"og:title\" content=\"Ushtrimet e gramatik\u00ebs kazake\" \/>\n<meta property=\"og:description\" content=\"Temat e gramatik\u00ebs kazake M\u00ebsimi i nj\u00eb gjuhe t\u00eb re mund t\u00eb jet\u00eb nj\u00eb p\u00ebrvoj\u00eb sfiduese por shp\u00ebrblyese q\u00eb hap mund\u00ebsi p\u00ebr rritje personale dhe profesionale.\" \/>\n<meta property=\"og:url\" content=\"https:\/\/talkpal.ai\/sq\/ushtrimet-e-gramatikes-kazake\/\" \/>\n<meta property=\"og:site_name\" content=\"Talkpal\" \/>\n<meta property=\"article:publisher\" content=\"https:\/\/www.facebook.com\/profile.php?id=100090733639311\" \/>\n<meta property=\"article:modified_time\" content=\"2025-12-17T14:56:19+00:00\" \/>\n<meta property=\"og:image\" content=\"https:\/\/talkpal.ai\/wp-content\/uploads\/2023\/05\/kazakhstan.png\" \/>\n\t<meta property=\"og:image:width\" content=\"512\" \/>\n\t<meta property=\"og:image:height\" content=\"512\" \/>\n\t<meta property=\"og:image:type\" content=\"image\/png\" \/>\n<meta name=\"twitter:card\" content=\"summary_large_image\" \/>\n<meta name=\"twitter:site\" content=\"@talkpalai\" \/>\n<meta name=\"twitter:label1\" content=\"Est. reading time\" \/>\n\t<meta name=\"twitter:data1\" content=\"3 minutes\" \/>\n<script type=\"application\/ld+json\" class=\"yoast-schema-graph\">{\"@context\":\"https:\/\/schema.org\",\"@graph\":[{\"@type\":\"WebPage\",\"@id\":\"https:\/\/talkpal.ai\/sq\/ushtrimet-e-gramatikes-kazake\/\",\"url\":\"https:\/\/talkpal.ai\/sq\/ushtrimet-e-gramatikes-kazake\/\",\"name\":\"Ushtrimet e gramatik\u00ebs kazake - Talkpal\",\"isPartOf\":{\"@id\":\"https:\/\/talkpal.ai\/sq\/#website\"},\"primaryImageOfPage\":{\"@id\":\"https:\/\/talkpal.ai\/sq\/ushtrimet-e-gramatikes-kazake\/#primaryimage\"},\"image\":{\"@id\":\"https:\/\/talkpal.ai\/sq\/ushtrimet-e-gramatikes-kazake\/#primaryimage\"},\"thumbnailUrl\":\"https:\/\/talkpal.ai\/wp-content\/uploads\/2023\/05\/kazakhstan.png\",\"datePublished\":\"2023-06-22T08:01:09+00:00\",\"dateModified\":\"2025-12-17T14:56:19+00:00\",\"description\":\"Rritni aft\u00ebsit\u00eb tuaja gramatikore kazake n\u00eb m\u00ebnyr\u00eb efektive - p\u00ebrmir\u00ebsoni sakt\u00ebsin\u00eb, praktikoni ushtrime interaktive dhe p\u00ebrdorim t\u00eb p\u00ebrsosur!\",\"breadcrumb\":{\"@id\":\"https:\/\/talkpal.ai\/sq\/ushtrimet-e-gramatikes-kazake\/#breadcrumb\"},\"inLanguage\":\"sq-AL\",\"potentialAction\":[{\"@type\":\"ReadAction\",\"target\":[\"https:\/\/talkpal.ai\/sq\/ushtrimet-e-gramatikes-kazake\/\"]}]},{\"@type\":\"ImageObject\",\"inLanguage\":\"sq-AL\",\"@id\":\"https:\/\/talkpal.ai\/sq\/ushtrimet-e-gramatikes-kazake\/#primaryimage\",\"url\":\"https:\/\/talkpal.ai\/wp-content\/uploads\/2023\/05\/kazakhstan.png\",\"contentUrl\":\"https:\/\/talkpal.ai\/wp-content\/uploads\/2023\/05\/kazakhstan.png\",\"width\":512,\"height\":512,\"caption\":\"TalkPal Kazakhstan Flag\"},{\"@type\":\"BreadcrumbList\",\"@id\":\"https:\/\/talkpal.ai\/sq\/ushtrimet-e-gramatikes-kazake\/#breadcrumb\",\"itemListElement\":[{\"@type\":\"ListItem\",\"position\":1,\"name\":\"Homepage\",\"item\":\"https:\/\/talkpal.ai\/sq\/\"},{\"@type\":\"ListItem\",\"position\":2,\"name\":\"Ushtrimet e gramatik\u00ebs kazake\"}]},{\"@type\":\"WebSite\",\"@id\":\"https:\/\/talkpal.ai\/sq\/#website\",\"url\":\"https:\/\/talkpal.ai\/sq\/\",\"name\":\"Talkpal\",\"description\":\"AI Language Learning\",\"publisher\":{\"@id\":\"https:\/\/talkpal.ai\/sq\/#organization\"},\"alternateName\":\"Talkpal AI\",\"potentialAction\":[{\"@type\":\"SearchAction\",\"target\":{\"@type\":\"EntryPoint\",\"urlTemplate\":\"https:\/\/talkpal.ai\/sq\/?s={search_term_string}\"},\"query-input\":{\"@type\":\"PropertyValueSpecification\",\"valueRequired\":true,\"valueName\":\"search_term_string\"}}],\"inLanguage\":\"sq-AL\"},{\"@type\":\"Organization\",\"@id\":\"https:\/\/talkpal.ai\/sq\/#organization\",\"name\":\"Talkpal, Inc.\",\"alternateName\":\"Talkpal AI\",\"url\":\"https:\/\/talkpal.ai\/sq\/\",\"logo\":{\"@type\":\"ImageObject\",\"inLanguage\":\"sq-AL\",\"@id\":\"https:\/\/talkpal.ai\/sq\/#\/schema\/logo\/image\/\",\"url\":\"https:\/\/talkpal.ai\/wp-content\/uploads\/2024\/03\/Talkpal-Logo-Icon.png\",\"contentUrl\":\"https:\/\/talkpal.ai\/wp-content\/uploads\/2024\/03\/Talkpal-Logo-Icon.png\",\"width\":2880,\"height\":2880,\"caption\":\"Talkpal, Inc.\"},\"image\":{\"@id\":\"https:\/\/talkpal.ai\/sq\/#\/schema\/logo\/image\/\"},\"sameAs\":[\"https:\/\/www.facebook.com\/profile.php?id=100090733639311\",\"https:\/\/x.com\/talkpalai\",\"https:\/\/www.linkedin.com\/company\/talkpal\/\",\"https:\/\/www.youtube.com\/@TalkPal\/\",\"https:\/\/www.tiktok.com\/@talkpal\",\"https:\/\/www.instagram.com\/talkpal_ai\/\",\"https:\/\/www.crunchbase.com\/organization\/talkpal-9cde\",\"https:\/\/www.g2.com\/products\/talkpal-for-business\/\",\"https:\/\/www.trustpilot.com\/review\/talkpal.ai\",\"https:\/\/www.capterra.com\/p\/10006800\/TalkPal\/\"],\"description\":\"Talkpal is a language learning web and mobile education app, powered by the latest AI technologies, that provides engaging experiences to its customers in many different languages to help them improve their language skills. Users can chat about unlimited amount of topics with the app and use other modes to practice their language learning.\",\"email\":\"support@talkpal.ai\",\"legalName\":\"Talkpal, Inc.\",\"foundingDate\":\"2023-04-03\",\"duns\":\"118989042\",\"numberOfEmployees\":{\"@type\":\"QuantitativeValue\",\"minValue\":\"11\",\"maxValue\":\"50\"},\"publishingPrinciples\":\"https:\/\/talkpal.ai\/publishing-principles\/\",\"actionableFeedbackPolicy\":\"https:\/\/talkpal.ai\/actionable-feedback-policy\/\",\"correctionsPolicy\":\"https:\/\/talkpal.ai\/corrections-policy\/\",\"ethicsPolicy\":\"https:\/\/talkpal.ai\/ethics-policy\/\",\"diversityPolicy\":\"https:\/\/talkpal.ai\/diversity-policy\/\",\"diversityStaffingReport\":\"https:\/\/talkpal.ai\/diversity-policy\/\"}]}<\/script>\n<!-- \/ Yoast SEO Premium plugin. -->","yoast_head_json":{"title":"Ushtrimet e gramatik\u00ebs kazake - Talkpal","description":"Rritni aft\u00ebsit\u00eb tuaja gramatikore kazake n\u00eb m\u00ebnyr\u00eb efektive - p\u00ebrmir\u00ebsoni sakt\u00ebsin\u00eb, praktikoni ushtrime interaktive dhe p\u00ebrdorim t\u00eb p\u00ebrsosur!","robots":{"index":"index","follow":"follow","max-snippet":"max-snippet:-1","max-image-preview":"max-image-preview:large","max-video-preview":"max-video-preview:-1"},"canonical":"https:\/\/talkpal.ai\/sq\/ushtrimet-e-gramatikes-kazake\/","og_locale":"sq_AL","og_type":"article","og_title":"Ushtrimet e gramatik\u00ebs kazake","og_description":"Temat e gramatik\u00ebs kazake M\u00ebsimi i nj\u00eb gjuhe t\u00eb re mund t\u00eb jet\u00eb nj\u00eb p\u00ebrvoj\u00eb sfiduese por shp\u00ebrblyese q\u00eb hap mund\u00ebsi p\u00ebr rritje personale dhe profesionale.","og_url":"https:\/\/talkpal.ai\/sq\/ushtrimet-e-gramatikes-kazake\/","og_site_name":"Talkpal","article_publisher":"https:\/\/www.facebook.com\/profile.php?id=100090733639311","article_modified_time":"2025-12-17T14:56:19+00:00","og_image":[{"width":512,"height":512,"url":"https:\/\/talkpal.ai\/wp-content\/uploads\/2023\/05\/kazakhstan.png","type":"image\/png"}],"twitter_card":"summary_large_image","twitter_site":"@talkpalai","twitter_misc":{"Est. reading time":"3 minutes"},"schema":{"@context":"https:\/\/schema.org","@graph":[{"@type":"WebPage","@id":"https:\/\/talkpal.ai\/sq\/ushtrimet-e-gramatikes-kazake\/","url":"https:\/\/talkpal.ai\/sq\/ushtrimet-e-gramatikes-kazake\/","name":"Ushtrimet e gramatik\u00ebs kazake - Talkpal","isPartOf":{"@id":"https:\/\/talkpal.ai\/sq\/#website"},"primaryImageOfPage":{"@id":"https:\/\/talkpal.ai\/sq\/ushtrimet-e-gramatikes-kazake\/#primaryimage"},"image":{"@id":"https:\/\/talkpal.ai\/sq\/ushtrimet-e-gramatikes-kazake\/#primaryimage"},"thumbnailUrl":"https:\/\/talkpal.ai\/wp-content\/uploads\/2023\/05\/kazakhstan.png","datePublished":"2023-06-22T08:01:09+00:00","dateModified":"2025-12-17T14:56:19+00:00","description":"Rritni aft\u00ebsit\u00eb tuaja gramatikore kazake n\u00eb m\u00ebnyr\u00eb efektive - p\u00ebrmir\u00ebsoni sakt\u00ebsin\u00eb, praktikoni ushtrime interaktive dhe p\u00ebrdorim t\u00eb p\u00ebrsosur!","breadcrumb":{"@id":"https:\/\/talkpal.ai\/sq\/ushtrimet-e-gramatikes-kazake\/#breadcrumb"},"inLanguage":"sq-AL","potentialAction":[{"@type":"ReadAction","target":["https:\/\/talkpal.ai\/sq\/ushtrimet-e-gramatikes-kazake\/"]}]},{"@type":"ImageObject","inLanguage":"sq-AL","@id":"https:\/\/talkpal.ai\/sq\/ushtrimet-e-gramatikes-kazake\/#primaryimage","url":"https:\/\/talkpal.ai\/wp-content\/uploads\/2023\/05\/kazakhstan.png","contentUrl":"https:\/\/talkpal.ai\/wp-content\/uploads\/2023\/05\/kazakhstan.png","width":512,"height":512,"caption":"TalkPal Kazakhstan Flag"},{"@type":"BreadcrumbList","@id":"https:\/\/talkpal.ai\/sq\/ushtrimet-e-gramatikes-kazake\/#breadcrumb","itemListElement":[{"@type":"ListItem","position":1,"name":"Homepage","item":"https:\/\/talkpal.ai\/sq\/"},{"@type":"ListItem","position":2,"name":"Ushtrimet e gramatik\u00ebs kazake"}]},{"@type":"WebSite","@id":"https:\/\/talkpal.ai\/sq\/#website","url":"https:\/\/talkpal.ai\/sq\/","name":"Talkpal","description":"AI Language Learning","publisher":{"@id":"https:\/\/talkpal.ai\/sq\/#organization"},"alternateName":"Talkpal AI","potentialAction":[{"@type":"SearchAction","target":{"@type":"EntryPoint","urlTemplate":"https:\/\/talkpal.ai\/sq\/?s={search_term_string}"},"query-input":{"@type":"PropertyValueSpecification","valueRequired":true,"valueName":"search_term_string"}}],"inLanguage":"sq-AL"},{"@type":"Organization","@id":"https:\/\/talkpal.ai\/sq\/#organization","name":"Talkpal, Inc.","alternateName":"Talkpal AI","url":"https:\/\/talkpal.ai\/sq\/","logo":{"@type":"ImageObject","inLanguage":"sq-AL","@id":"https:\/\/talkpal.ai\/sq\/#\/schema\/logo\/image\/","url":"https:\/\/talkpal.ai\/wp-content\/uploads\/2024\/03\/Talkpal-Logo-Icon.png","contentUrl":"https:\/\/talkpal.ai\/wp-content\/uploads\/2024\/03\/Talkpal-Logo-Icon.png","width":2880,"height":2880,"caption":"Talkpal, Inc."},"image":{"@id":"https:\/\/talkpal.ai\/sq\/#\/schema\/logo\/image\/"},"sameAs":["https:\/\/www.facebook.com\/profile.php?id=100090733639311","https:\/\/x.com\/talkpalai","https:\/\/www.linkedin.com\/company\/talkpal\/","https:\/\/www.youtube.com\/@TalkPal\/","https:\/\/www.tiktok.com\/@talkpal","https:\/\/www.instagram.com\/talkpal_ai\/","https:\/\/www.crunchbase.com\/organization\/talkpal-9cde","https:\/\/www.g2.com\/products\/talkpal-for-business\/","https:\/\/www.trustpilot.com\/review\/talkpal.ai","https:\/\/www.capterra.com\/p\/10006800\/TalkPal\/"],"description":"Talkpal is a language learning web and mobile education app, powered by the latest AI technologies, that provides engaging experiences to its customers in many different languages to help them improve their language skills. Users can chat about unlimited amount of topics with the app and use other modes to practice their language learning.","email":"support@talkpal.ai","legalName":"Talkpal, Inc.","foundingDate":"2023-04-03","duns":"118989042","numberOfEmployees":{"@type":"QuantitativeValue","minValue":"11","maxValue":"50"},"publishingPrinciples":"https:\/\/talkpal.ai\/publishing-principles\/","actionableFeedbackPolicy":"https:\/\/talkpal.ai\/actionable-feedback-policy\/","correctionsPolicy":"https:\/\/talkpal.ai\/corrections-policy\/","ethicsPolicy":"https:\/\/talkpal.ai\/ethics-policy\/","diversityPolicy":"https:\/\/talkpal.ai\/diversity-policy\/","diversityStaffingReport":"https:\/\/talkpal.ai\/diversity-policy\/"}]}},"_links":{"self":[{"href":"https:\/\/talkpal.ai\/sq\/wp-json\/wp\/v2\/pages\/1448078","targetHints":{"allow":["GET"]}}],"collection":[{"href":"https:\/\/talkpal.ai\/sq\/wp-json\/wp\/v2\/pages"}],"about":[{"href":"https:\/\/talkpal.ai\/sq\/wp-json\/wp\/v2\/types\/page"}],"author":[{"embeddable":true,"href":"https:\/\/talkpal.ai\/sq\/wp-json\/wp\/v2\/users\/6"}],"replies":[{"embeddable":true,"href":"https:\/\/talkpal.ai\/sq\/wp-json\/wp\/v2\/comments?post=1448078"}],"version-history":[{"count":0,"href":"https:\/\/talkpal.ai\/sq\/wp-json\/wp\/v2\/pages\/1448078\/revisions"}],"wp:featuredmedia":[{"embeddable":true,"href":"https:\/\/talkpal.ai\/sq\/wp-json\/wp\/v2\/media\/1442881"}],"wp:attachment":[{"href":"https:\/\/talkpal.ai\/sq\/wp-json\/wp\/v2\/media?parent=1448078"}],"curies":[{"name":"wp","href":"https:\/\/api.w.org\/{rel}","templated":true}]}}