{"id":1448075,"date":"2023-06-22T08:29:59","date_gmt":"2023-06-22T08:29:59","guid":{"rendered":"https:\/\/talkpal.ai\/ushtrimet-e-gramatikes-malaje\/"},"modified":"2025-12-17T15:23:48","modified_gmt":"2025-12-17T15:23:48","slug":"ushtrimet-e-gramatikes-malaje","status":"publish","type":"page","link":"https:\/\/talkpal.ai\/sq\/ushtrimet-e-gramatikes-malaje\/","title":{"rendered":"Ushtrimet e gramatik\u00ebs malaje"},"content":{"rendered":"\r\n\r\n\r\n<section class=\"languageChallengeSection\">\r\n    <div class=\"languageInfoWrapper\">\r\n        \r\n        <h1>Ushtrimet e gramatik\u00ebs malaje<\/h1>\r\n        <p>Gati p\u00ebr t&#039;u rehatuar m\u00eb shum\u00eb me <a href=\"https:\/\/talkpal.ai\/learn-malay\/\">malajisht<\/a>? Praktikimi i ushtrimeve gramatikore \u00ebsht\u00eb nj\u00eb m\u00ebnyr\u00eb e shk\u00eblqyer p\u00ebr t\u00eb zot\u00ebruar struktur\u00ebn e fjalis\u00eb, format e foljeve dhe ve\u00e7orit\u00eb unike t\u00eb gjuh\u00ebs. Filloni t\u00eb eksploroni gramatik\u00ebn malajze sot dhe shihni aft\u00ebsit\u00eb dhe besimin tuaj t\u00eb rriten me \u00e7do ushtrim!<\/p>\r\n\r\n                            <a class=\"getStartedHidden\" href=\"https:\/\/app.talkpal.ai\/signup?lng=\">Filloni<\/a>\r\n        \r\n    <\/div>\r\n\r\n    <figure>\r\n    <img decoding=\"async\" width=\"768\" height=\"768\" src=\"https:\/\/talkpal.ai\/wp-content\/uploads\/2023\/06\/malay-768x768.png\" class=\"languageImage no-lazy\" alt=\"Language learning for personal accomplishments\" fetchpriority=\"high\" sizes=\"(max-width: 768px) 150px, 768px\" srcset=\"https:\/\/talkpal.ai\/wp-content\/uploads\/2023\/06\/malay-768x768.png 768w, https:\/\/talkpal.ai\/wp-content\/uploads\/2023\/06\/malay-300x300.png 300w\" \/>\r\n    \r\n\r\n    <\/figure>\r\n\r\n            <a class=\"getStartedVisible\" href=\"https:\/\/app.talkpal.ai\/signup?lng=\">Filloni<\/a>\r\n    \r\n<\/section>\r\n\r\n\r\n<!-- <section class=\"grammarSection\">\r\n    <div class=\"grammarLinks\">\r\n            <\/div>\r\n<\/section> -->\r\n\r\n\r\n\r\n\r\n<section class=\"promotionalBanner\">\r\n    <p class=\"promotionalText\">M\u00ebnyra m\u00eb efikase p\u00ebr t\u00eb m\u00ebsuar nj\u00eb gjuh\u00eb<\/p>\r\n    <a class=\"promotionalLink\" href=\"https:\/\/app.talkpal.ai\/signup?lng=\">Provoni Talkpal falas<\/a>\r\n<\/section>\n<div class=\"wp-block-group pageContainerStyle\"><div class=\"wp-block-group__inner-container is-layout-constrained wp-block-group-is-layout-constrained\">\n<h2 class=\"wp-block-heading\" id=\"h-malay-grammar-topics\">Temat e gramatik\u00ebs malajze<\/h2>\n\n\n\n<p>M\u00ebsimi i gjuh\u00ebs malajeze mund t\u00eb jet\u00eb nj\u00eb p\u00ebrvoj\u00eb pasuruese, duke hapur mund\u00ebsi p\u00ebr t\u00eb kuptuar trash\u00ebgimin\u00eb e pasur kulturore t\u00eb Malajzis\u00eb, Indonezis\u00eb dhe vendeve fqinje. Gjuha i p\u00ebrket familjes austroneziane dhe flitet nga miliona njer\u00ebz n\u00eb t\u00eb gjith\u00eb Azin\u00eb Juglindore. <a href=\"https:\/\/talkpal.ai\/sq\/gramatika\/\">Gramatika<\/a> e tij \u00ebsht\u00eb relativisht e thjesht\u00eb n\u00eb krahasim me shum\u00eb gjuh\u00eb evropiane, duke e b\u00ebr\u00eb at\u00eb nj\u00eb zgjedhje t\u00ebrheq\u00ebse p\u00ebr nx\u00ebn\u00ebsit e gjuh\u00ebve. Para se t\u00eb zhyteni n\u00eb aspekte t\u00eb ndryshme t\u00eb gramatik\u00ebs malajezeze, \u00ebsht\u00eb thelb\u00ebsore t\u00eb njiheni me blloqet themelore t\u00eb nd\u00ebrtimit q\u00eb p\u00ebrb\u00ebjn\u00eb gjuh\u00ebn. N\u00eb k\u00ebt\u00eb udh\u00ebzues, ne do t&#8217;i shqyrtojm\u00eb k\u00ebto tema n\u00eb nj\u00eb sekuenc\u00eb q\u00eb do t&#8217;ju ndihmoj\u00eb t\u00eb m\u00ebsoni gjuh\u00ebn n\u00eb m\u00ebnyr\u00eb efektive.<\/p>\n\n\n\n<h3 class=\"wp-block-heading\" id=\"h-1-nouns\">1. Emrat:<\/h3>\n\n\n\n<p>Filloni me m\u00ebsimin e emrave malajez\u00eb, fjal\u00ebt q\u00eb p\u00ebrfaq\u00ebsojn\u00eb njer\u00ebzit, vendet, gj\u00ebrat dhe idet\u00eb. N\u00eb malajisht, emrat nuk kan\u00eb forma gjinore ose shum\u00ebsi si n\u00eb shum\u00eb gjuh\u00eb t\u00eb tjera, duke i b\u00ebr\u00eb ato m\u00eb t\u00eb thjeshta p\u00ebr t&#8217;u m\u00ebsuar. P\u00ebrqendrohuni n\u00eb nd\u00ebrtimin e fjalorit tuaj duke m\u00ebsuar p\u00ebrmend\u00ebsh emrat e zakonsh\u00ebm dhe kuptimet e <a href=\"https:\/\/talkpal.ai\/locations\/language-courses-in-tyre\/\">tyre<\/a>.<\/p>\n\n\n\n<h3 class=\"wp-block-heading\" id=\"h-2-pronouns-determiners\">2. P\u00ebremrat\/p\u00ebrcaktuesit:<\/h3>\n\n\n\n<p>M\u00eb pas, m\u00ebsoni p\u00ebremrat dhe p\u00ebrcaktuesit malajz\u00eb, t\u00eb cil\u00ebt p\u00ebrdoren p\u00ebr t&#8217;iu referuar emrave. P\u00ebremrat z\u00ebvend\u00ebsojn\u00eb emrat n\u00eb fjali, nd\u00ebrsa p\u00ebrcaktuesit japin informacion p\u00ebr emrin, si sasia ose posedimi. Njihuni me p\u00ebremrat personal\u00eb (p.sh., saya p\u00ebr &#8220;un\u00eb&#8221; dhe kamu p\u00ebr &#8220;ti&#8221;) dhe p\u00ebrcaktuesit pronor\u00eb (p.sh., ini p\u00ebr &#8220;kjo&#8221; dhe <a href=\"https:\/\/talkpal.ai\/locations\/language-courses-in-itu\/\">itu<\/a> p\u00ebr &#8220;ajo&#8221;).<\/p>\n\n\n\n<h3 class=\"wp-block-heading\" id=\"h-3-articles\">3. Artikujt:<\/h3>\n\n\n\n<p>Ndryshe nga anglishtja, malajishtja nuk ka artikuj t\u00eb caktuar ose t\u00eb pacaktuar (p.sh., &#8220;the&#8221; ose &#8220;a\/an&#8221;). Megjithat\u00eb, \u00ebsht\u00eb ende thelb\u00ebsore t\u00eb kuptohet <a href=\"https:\/\/talkpal.ai\/culture\/what-is-the-difference-between-se-and-si\/\">se si<\/a> gjuha tregon specifik\u00eb dhe p\u00ebrgjith\u00ebsi n\u00eb fjali.<\/p>\n\n\n\n<h3 class=\"wp-block-heading\" id=\"h-4-verbs\">4. Foljet:<\/h3>\n\n\n\n<p>Foljet jan\u00eb thelb\u00ebsore n\u00eb malajisht, pasi ato shprehin veprime, gjendje ose dukuri. M\u00ebsoni format baz\u00eb t\u00eb foljeve dhe si t&#8217;i lidhni ato sipas koh\u00ebs, personit dhe numrit.<\/p>\n\n\n\n<h3 class=\"wp-block-heading\" id=\"h-5-tenses\">5. Koh\u00ebt:<\/h3>\n\n\n\n<p>Malajzi ka m\u00eb pak koh\u00eb se anglishtja, me nj\u00eb theks kryesor n\u00eb veprimet e kaluara, t\u00eb tashmen dhe t\u00eb ardhmen. M\u00ebsoni se si t\u00eb shprehni koh\u00ebn n\u00eb malajzi duke kuptuar ndryshimet midis koh\u00ebve t\u00eb thjeshta, progresive dhe t\u00eb p\u00ebrsosura.<\/p>\n\n\n\n<h3 class=\"wp-block-heading\" id=\"h-6-adjectives\">6. Mbiemrat:<\/h3>\n\n\n\n<p>Mbiemrat p\u00ebrshkruajn\u00eb ose modifikojn\u00eb emrat, duke ofruar informacion shtes\u00eb p\u00ebr cil\u00ebsit\u00eb ose karakteristikat e tyre. M\u00ebsoni mbiemrat e zakonsh\u00ebm malajz\u00eb dhe si ndryshojn\u00eb n\u00eb fjali sipas emrit q\u00eb modifikojn\u00eb.<\/p>\n\n\n\n<h3 class=\"wp-block-heading\" id=\"h-7-adverbs\">7. Ndajfoljet:<\/h3>\n\n\n\n<p>Ndajfoljet modifikojn\u00eb foljet, mbiemrat ose ndajfoljet e tjera, duke dh\u00ebn\u00eb informacion p\u00ebr koh\u00ebn, m\u00ebnyr\u00ebn, vendin ose shkall\u00ebn. Studioni ndajfoljet e zakonshme malajeze dhe vendosjen e tyre n\u00eb fjali.<\/p>\n\n\n\n<h3 class=\"wp-block-heading\" id=\"h-8-prepositions\">8. Parafjal\u00ebt:<\/h3>\n\n\n\n<p>Parafjal\u00ebt p\u00ebrdoren p\u00ebr t\u00eb lidhur emrat, p\u00ebremrat ose fraza me fjal\u00eb t\u00eb tjera n\u00eb nj\u00eb fjali, duke treguar marr\u00ebdh\u00ebnie t\u00eb tilla si vendndodhja, drejtimi ose koha. M\u00ebsoni parafjal\u00ebt e zakonshme malajeze dhe si funksionojn\u00eb ato n\u00eb fjali.<\/p>\n\n\n\n<h3 class=\"wp-block-heading\" id=\"h-9-conditionals\">9. Kusht\u00ebzuese:<\/h3>\n\n\n\n<p>D\u00ebnimet me kusht shprehin situata ose kushte hipotetike dhe rezultatet e tyre t\u00eb mundshme. M\u00ebsoni se si t\u00eb formoni fjali t\u00eb kusht\u00ebzuara n\u00eb malajisht duke p\u00ebrdorur format dhe lidhjet e duhura t\u00eb foljes.<\/p>\n\n\n\n<h3 class=\"wp-block-heading\" id=\"h-10-sentences\">10. Fjalit\u00eb:<\/h3>\n\n\n\n<p>S\u00eb fundi, praktikoni nd\u00ebrtimin e fjalive malajeze duke kombinuar emra, p\u00ebremra, folje, mbiemra, ndajfolje dhe parafjal\u00eb. Kuptoni struktur\u00ebn baz\u00eb t\u00eb fjalis\u00eb, t\u00eb tilla si subjekt-folje-objekt, dhe praktikoni krijimin e fjalive komplekse duke p\u00ebrdorur lidhje dhe fjali relative.<\/p>\n\n\n\n<p>Duke ndjekur k\u00ebt\u00eb sekuenc\u00eb dhe duke i kushtuar koh\u00eb praktikimit t\u00eb secil\u00ebs tem\u00eb, ju do t\u00eb nd\u00ebrtoni nj\u00eb baz\u00eb t\u00eb fort\u00eb n\u00eb gramatik\u00ebn malajeze dhe do t\u00eb jeni n\u00eb rrug\u00ebn tuaj p\u00ebr t&#8217;u b\u00ebr\u00eb nj\u00eb fol\u00ebs i aft\u00eb i gjuh\u00ebs.<\/p>\n<\/div><\/div>\n\r\n<section class=\"learnNavigationSection\">\r\n            \r\n        <a href=\"https:\/\/talkpal.ai\/sq\/meso-malarien\/\">\r\n            <div class=\"learnNavigationWrapper\">\r\n                <div class=\"learnNavigationContent\">\r\n                    <img decoding=\"async\" src=\"https:\/\/talkpal.ai\/wp-content\/uploads\/2024\/08\/Malay.jpg\" alt=\"Malaysian Flag\">\r\n                    <div>\r\n                        <h4>Rreth m\u00ebsimit malajz<\/h4>\r\n                        <p>Zbuloni gjith\u00e7ka rreth gramatik\u00ebs malajezeze.<\/p>\r\n                    <\/div>\r\n                <\/div>\r\n            <\/div>\r\n        <\/a>\r\n\r\n        \r\n        <a href=\"https:\/\/talkpal.ai\/sq\/gramatika-malajeze\/\">\r\n            <div class=\"learnNavigationWrapper\">\r\n                <div class=\"learnNavigationContent\">\r\n                    <img decoding=\"async\" src=\"https:\/\/talkpal.ai\/wp-content\/uploads\/2024\/08\/Malay.jpg\" alt=\"Malaysian Flag\">\r\n                    <div>\r\n                        <h4>M\u00ebsimet e gramatik\u00ebs malajze<\/h4>\r\n                        <p>Praktikoni gramatik\u00ebn malajeze.<\/p>\r\n                    <\/div>\r\n                <\/div>\r\n            <\/div>\r\n        <\/a>\r\n\r\n        \r\n        <a href=\"https:\/\/talkpal.ai\/vocabulary_language\/malay\/\">\r\n            <div class=\"learnNavigationWrapper\">\r\n                <div class=\"learnNavigationContent\">\r\n                    <img decoding=\"async\" src=\"https:\/\/talkpal.ai\/wp-content\/uploads\/2024\/08\/Malay.jpg\" alt=\"Malaysian Flag\">\r\n                    <div>\r\n                        <h4>Fjalori Malaj<\/h4>\r\n                        <p>Zgjeroni fjalorin tuaj malajz.<\/p>\r\n                    <\/div>\r\n                <\/div>\r\n            <\/div>\r\n        <\/a>\r\n\r\n            <\/section>","protected":false},"excerpt":{"rendered":"<p>Temat e gramatik\u00ebs malajze M\u00ebsimi i gjuh\u00ebs malajeze mund t\u00eb jet\u00eb nj\u00eb p\u00ebrvoj\u00eb pasuruese, duke hapur mund\u00ebsi p\u00ebr t\u00eb kuptuar trash\u00ebgimin\u00eb e pasur kulturore t\u00eb Malajzis\u00eb, Indonezis\u00eb dhe vendeve fqinje. Gjuha i p\u00ebrket familjes austroneziane dhe flitet nga miliona njer\u00ebz n\u00eb t\u00eb gjith\u00eb Azin\u00eb Juglindore. Gramatika e tij \u00ebsht\u00eb relativisht e thjesht\u00eb n\u00eb krahasim me [&hellip;]<\/p>\n","protected":false},"author":6,"featured_media":1442862,"parent":0,"menu_order":0,"comment_status":"closed","ping_status":"closed","template":"LearningContentPage.php","meta":{"_acf_changed":false,"footnotes":""},"class_list":["post-1448075","page","type-page","status-publish","has-post-thumbnail","hentry"],"acf":[],"yoast_head":"<!-- This site is optimized with the Yoast SEO Premium plugin v27.2 (Yoast SEO v27.2) - https:\/\/yoast.com\/product\/yoast-seo-premium-wordpress\/ -->\n<title>Ushtrimet e gramatik\u00ebs malaje - Talkpal<\/title>\n<meta name=\"description\" content=\"P\u00ebrmir\u00ebsoni aft\u00ebsit\u00eb tuaja gjuh\u00ebsore me ushtrimet e gramatik\u00ebs malajeze. M\u00ebsoni bazat p\u00ebr nj\u00eb kuptim m\u00eb t\u00eb mir\u00eb t\u00eb gjuh\u00ebs malajezeze.\" \/>\n<meta name=\"robots\" content=\"index, follow, max-snippet:-1, max-image-preview:large, max-video-preview:-1\" \/>\n<link rel=\"canonical\" href=\"https:\/\/talkpal.ai\/sq\/ushtrimet-e-gramatikes-malaje\/\" \/>\n<meta property=\"og:locale\" content=\"sq_AL\" \/>\n<meta property=\"og:type\" content=\"article\" \/>\n<meta property=\"og:title\" content=\"Ushtrimet e gramatik\u00ebs malaje\" \/>\n<meta property=\"og:description\" content=\"Temat e gramatik\u00ebs malajze M\u00ebsimi i gjuh\u00ebs malajeze mund t\u00eb jet\u00eb nj\u00eb p\u00ebrvoj\u00eb pasuruese, duke hapur mund\u00ebsi p\u00ebr t\u00eb kuptuar trash\u00ebgimin\u00eb e pasur kulturore\" \/>\n<meta property=\"og:url\" content=\"https:\/\/talkpal.ai\/sq\/ushtrimet-e-gramatikes-malaje\/\" \/>\n<meta property=\"og:site_name\" content=\"Talkpal\" \/>\n<meta property=\"article:publisher\" content=\"https:\/\/www.facebook.com\/profile.php?id=100090733639311\" \/>\n<meta property=\"article:modified_time\" content=\"2025-12-17T15:23:48+00:00\" \/>\n<meta property=\"og:image\" content=\"https:\/\/talkpal.ai\/wp-content\/uploads\/2023\/05\/malaysia.png\" \/>\n\t<meta property=\"og:image:width\" content=\"512\" \/>\n\t<meta property=\"og:image:height\" content=\"512\" \/>\n\t<meta property=\"og:image:type\" content=\"image\/png\" \/>\n<meta name=\"twitter:card\" content=\"summary_large_image\" \/>\n<meta name=\"twitter:site\" content=\"@talkpalai\" \/>\n<meta name=\"twitter:label1\" content=\"Est. reading time\" \/>\n\t<meta name=\"twitter:data1\" content=\"3 minutes\" \/>\n<script type=\"application\/ld+json\" class=\"yoast-schema-graph\">{\"@context\":\"https:\/\/schema.org\",\"@graph\":[{\"@type\":\"WebPage\",\"@id\":\"https:\/\/talkpal.ai\/sq\/ushtrimet-e-gramatikes-malaje\/\",\"url\":\"https:\/\/talkpal.ai\/sq\/ushtrimet-e-gramatikes-malaje\/\",\"name\":\"Ushtrimet e gramatik\u00ebs malaje - Talkpal\",\"isPartOf\":{\"@id\":\"https:\/\/talkpal.ai\/sq\/#website\"},\"primaryImageOfPage\":{\"@id\":\"https:\/\/talkpal.ai\/sq\/ushtrimet-e-gramatikes-malaje\/#primaryimage\"},\"image\":{\"@id\":\"https:\/\/talkpal.ai\/sq\/ushtrimet-e-gramatikes-malaje\/#primaryimage\"},\"thumbnailUrl\":\"https:\/\/talkpal.ai\/wp-content\/uploads\/2023\/05\/malaysia.png\",\"datePublished\":\"2023-06-22T08:29:59+00:00\",\"dateModified\":\"2025-12-17T15:23:48+00:00\",\"description\":\"P\u00ebrmir\u00ebsoni aft\u00ebsit\u00eb tuaja gjuh\u00ebsore me ushtrimet e gramatik\u00ebs malajeze. M\u00ebsoni bazat p\u00ebr nj\u00eb kuptim m\u00eb t\u00eb mir\u00eb t\u00eb gjuh\u00ebs malajezeze.\",\"breadcrumb\":{\"@id\":\"https:\/\/talkpal.ai\/sq\/ushtrimet-e-gramatikes-malaje\/#breadcrumb\"},\"inLanguage\":\"sq-AL\",\"potentialAction\":[{\"@type\":\"ReadAction\",\"target\":[\"https:\/\/talkpal.ai\/sq\/ushtrimet-e-gramatikes-malaje\/\"]}]},{\"@type\":\"ImageObject\",\"inLanguage\":\"sq-AL\",\"@id\":\"https:\/\/talkpal.ai\/sq\/ushtrimet-e-gramatikes-malaje\/#primaryimage\",\"url\":\"https:\/\/talkpal.ai\/wp-content\/uploads\/2023\/05\/malaysia.png\",\"contentUrl\":\"https:\/\/talkpal.ai\/wp-content\/uploads\/2023\/05\/malaysia.png\",\"width\":512,\"height\":512,\"caption\":\"TalkPal Malaysia Flag\"},{\"@type\":\"BreadcrumbList\",\"@id\":\"https:\/\/talkpal.ai\/sq\/ushtrimet-e-gramatikes-malaje\/#breadcrumb\",\"itemListElement\":[{\"@type\":\"ListItem\",\"position\":1,\"name\":\"Homepage\",\"item\":\"https:\/\/talkpal.ai\/sq\/\"},{\"@type\":\"ListItem\",\"position\":2,\"name\":\"Ushtrimet e gramatik\u00ebs malaje\"}]},{\"@type\":\"WebSite\",\"@id\":\"https:\/\/talkpal.ai\/sq\/#website\",\"url\":\"https:\/\/talkpal.ai\/sq\/\",\"name\":\"Talkpal\",\"description\":\"AI Language Learning\",\"publisher\":{\"@id\":\"https:\/\/talkpal.ai\/sq\/#organization\"},\"alternateName\":\"Talkpal AI\",\"potentialAction\":[{\"@type\":\"SearchAction\",\"target\":{\"@type\":\"EntryPoint\",\"urlTemplate\":\"https:\/\/talkpal.ai\/sq\/?s={search_term_string}\"},\"query-input\":{\"@type\":\"PropertyValueSpecification\",\"valueRequired\":true,\"valueName\":\"search_term_string\"}}],\"inLanguage\":\"sq-AL\"},{\"@type\":\"Organization\",\"@id\":\"https:\/\/talkpal.ai\/sq\/#organization\",\"name\":\"Talkpal, Inc.\",\"alternateName\":\"Talkpal AI\",\"url\":\"https:\/\/talkpal.ai\/sq\/\",\"logo\":{\"@type\":\"ImageObject\",\"inLanguage\":\"sq-AL\",\"@id\":\"https:\/\/talkpal.ai\/sq\/#\/schema\/logo\/image\/\",\"url\":\"https:\/\/talkpal.ai\/wp-content\/uploads\/2024\/03\/Talkpal-Logo-Icon.png\",\"contentUrl\":\"https:\/\/talkpal.ai\/wp-content\/uploads\/2024\/03\/Talkpal-Logo-Icon.png\",\"width\":2880,\"height\":2880,\"caption\":\"Talkpal, Inc.\"},\"image\":{\"@id\":\"https:\/\/talkpal.ai\/sq\/#\/schema\/logo\/image\/\"},\"sameAs\":[\"https:\/\/www.facebook.com\/profile.php?id=100090733639311\",\"https:\/\/x.com\/talkpalai\",\"https:\/\/www.linkedin.com\/company\/talkpal\/\",\"https:\/\/www.youtube.com\/@TalkPal\/\",\"https:\/\/www.tiktok.com\/@talkpal\",\"https:\/\/www.instagram.com\/talkpal_ai\/\",\"https:\/\/www.crunchbase.com\/organization\/talkpal-9cde\",\"https:\/\/www.g2.com\/products\/talkpal-for-business\/\",\"https:\/\/www.trustpilot.com\/review\/talkpal.ai\",\"https:\/\/www.capterra.com\/p\/10006800\/TalkPal\/\"],\"description\":\"Talkpal is a language learning web and mobile education app, powered by the latest AI technologies, that provides engaging experiences to its customers in many different languages to help them improve their language skills. Users can chat about unlimited amount of topics with the app and use other modes to practice their language learning.\",\"email\":\"support@talkpal.ai\",\"legalName\":\"Talkpal, Inc.\",\"foundingDate\":\"2023-04-03\",\"duns\":\"118989042\",\"numberOfEmployees\":{\"@type\":\"QuantitativeValue\",\"minValue\":\"11\",\"maxValue\":\"50\"},\"publishingPrinciples\":\"https:\/\/talkpal.ai\/publishing-principles\/\",\"actionableFeedbackPolicy\":\"https:\/\/talkpal.ai\/actionable-feedback-policy\/\",\"correctionsPolicy\":\"https:\/\/talkpal.ai\/corrections-policy\/\",\"ethicsPolicy\":\"https:\/\/talkpal.ai\/ethics-policy\/\",\"diversityPolicy\":\"https:\/\/talkpal.ai\/diversity-policy\/\",\"diversityStaffingReport\":\"https:\/\/talkpal.ai\/diversity-policy\/\"}]}<\/script>\n<!-- \/ Yoast SEO Premium plugin. -->","yoast_head_json":{"title":"Ushtrimet e gramatik\u00ebs malaje - Talkpal","description":"P\u00ebrmir\u00ebsoni aft\u00ebsit\u00eb tuaja gjuh\u00ebsore me ushtrimet e gramatik\u00ebs malajeze. M\u00ebsoni bazat p\u00ebr nj\u00eb kuptim m\u00eb t\u00eb mir\u00eb t\u00eb gjuh\u00ebs malajezeze.","robots":{"index":"index","follow":"follow","max-snippet":"max-snippet:-1","max-image-preview":"max-image-preview:large","max-video-preview":"max-video-preview:-1"},"canonical":"https:\/\/talkpal.ai\/sq\/ushtrimet-e-gramatikes-malaje\/","og_locale":"sq_AL","og_type":"article","og_title":"Ushtrimet e gramatik\u00ebs malaje","og_description":"Temat e gramatik\u00ebs malajze M\u00ebsimi i gjuh\u00ebs malajeze mund t\u00eb jet\u00eb nj\u00eb p\u00ebrvoj\u00eb pasuruese, duke hapur mund\u00ebsi p\u00ebr t\u00eb kuptuar trash\u00ebgimin\u00eb e pasur kulturore","og_url":"https:\/\/talkpal.ai\/sq\/ushtrimet-e-gramatikes-malaje\/","og_site_name":"Talkpal","article_publisher":"https:\/\/www.facebook.com\/profile.php?id=100090733639311","article_modified_time":"2025-12-17T15:23:48+00:00","og_image":[{"width":512,"height":512,"url":"https:\/\/talkpal.ai\/wp-content\/uploads\/2023\/05\/malaysia.png","type":"image\/png"}],"twitter_card":"summary_large_image","twitter_site":"@talkpalai","twitter_misc":{"Est. reading time":"3 minutes"},"schema":{"@context":"https:\/\/schema.org","@graph":[{"@type":"WebPage","@id":"https:\/\/talkpal.ai\/sq\/ushtrimet-e-gramatikes-malaje\/","url":"https:\/\/talkpal.ai\/sq\/ushtrimet-e-gramatikes-malaje\/","name":"Ushtrimet e gramatik\u00ebs malaje - Talkpal","isPartOf":{"@id":"https:\/\/talkpal.ai\/sq\/#website"},"primaryImageOfPage":{"@id":"https:\/\/talkpal.ai\/sq\/ushtrimet-e-gramatikes-malaje\/#primaryimage"},"image":{"@id":"https:\/\/talkpal.ai\/sq\/ushtrimet-e-gramatikes-malaje\/#primaryimage"},"thumbnailUrl":"https:\/\/talkpal.ai\/wp-content\/uploads\/2023\/05\/malaysia.png","datePublished":"2023-06-22T08:29:59+00:00","dateModified":"2025-12-17T15:23:48+00:00","description":"P\u00ebrmir\u00ebsoni aft\u00ebsit\u00eb tuaja gjuh\u00ebsore me ushtrimet e gramatik\u00ebs malajeze. M\u00ebsoni bazat p\u00ebr nj\u00eb kuptim m\u00eb t\u00eb mir\u00eb t\u00eb gjuh\u00ebs malajezeze.","breadcrumb":{"@id":"https:\/\/talkpal.ai\/sq\/ushtrimet-e-gramatikes-malaje\/#breadcrumb"},"inLanguage":"sq-AL","potentialAction":[{"@type":"ReadAction","target":["https:\/\/talkpal.ai\/sq\/ushtrimet-e-gramatikes-malaje\/"]}]},{"@type":"ImageObject","inLanguage":"sq-AL","@id":"https:\/\/talkpal.ai\/sq\/ushtrimet-e-gramatikes-malaje\/#primaryimage","url":"https:\/\/talkpal.ai\/wp-content\/uploads\/2023\/05\/malaysia.png","contentUrl":"https:\/\/talkpal.ai\/wp-content\/uploads\/2023\/05\/malaysia.png","width":512,"height":512,"caption":"TalkPal Malaysia Flag"},{"@type":"BreadcrumbList","@id":"https:\/\/talkpal.ai\/sq\/ushtrimet-e-gramatikes-malaje\/#breadcrumb","itemListElement":[{"@type":"ListItem","position":1,"name":"Homepage","item":"https:\/\/talkpal.ai\/sq\/"},{"@type":"ListItem","position":2,"name":"Ushtrimet e gramatik\u00ebs malaje"}]},{"@type":"WebSite","@id":"https:\/\/talkpal.ai\/sq\/#website","url":"https:\/\/talkpal.ai\/sq\/","name":"Talkpal","description":"AI Language Learning","publisher":{"@id":"https:\/\/talkpal.ai\/sq\/#organization"},"alternateName":"Talkpal AI","potentialAction":[{"@type":"SearchAction","target":{"@type":"EntryPoint","urlTemplate":"https:\/\/talkpal.ai\/sq\/?s={search_term_string}"},"query-input":{"@type":"PropertyValueSpecification","valueRequired":true,"valueName":"search_term_string"}}],"inLanguage":"sq-AL"},{"@type":"Organization","@id":"https:\/\/talkpal.ai\/sq\/#organization","name":"Talkpal, Inc.","alternateName":"Talkpal AI","url":"https:\/\/talkpal.ai\/sq\/","logo":{"@type":"ImageObject","inLanguage":"sq-AL","@id":"https:\/\/talkpal.ai\/sq\/#\/schema\/logo\/image\/","url":"https:\/\/talkpal.ai\/wp-content\/uploads\/2024\/03\/Talkpal-Logo-Icon.png","contentUrl":"https:\/\/talkpal.ai\/wp-content\/uploads\/2024\/03\/Talkpal-Logo-Icon.png","width":2880,"height":2880,"caption":"Talkpal, Inc."},"image":{"@id":"https:\/\/talkpal.ai\/sq\/#\/schema\/logo\/image\/"},"sameAs":["https:\/\/www.facebook.com\/profile.php?id=100090733639311","https:\/\/x.com\/talkpalai","https:\/\/www.linkedin.com\/company\/talkpal\/","https:\/\/www.youtube.com\/@TalkPal\/","https:\/\/www.tiktok.com\/@talkpal","https:\/\/www.instagram.com\/talkpal_ai\/","https:\/\/www.crunchbase.com\/organization\/talkpal-9cde","https:\/\/www.g2.com\/products\/talkpal-for-business\/","https:\/\/www.trustpilot.com\/review\/talkpal.ai","https:\/\/www.capterra.com\/p\/10006800\/TalkPal\/"],"description":"Talkpal is a language learning web and mobile education app, powered by the latest AI technologies, that provides engaging experiences to its customers in many different languages to help them improve their language skills. Users can chat about unlimited amount of topics with the app and use other modes to practice their language learning.","email":"support@talkpal.ai","legalName":"Talkpal, Inc.","foundingDate":"2023-04-03","duns":"118989042","numberOfEmployees":{"@type":"QuantitativeValue","minValue":"11","maxValue":"50"},"publishingPrinciples":"https:\/\/talkpal.ai\/publishing-principles\/","actionableFeedbackPolicy":"https:\/\/talkpal.ai\/actionable-feedback-policy\/","correctionsPolicy":"https:\/\/talkpal.ai\/corrections-policy\/","ethicsPolicy":"https:\/\/talkpal.ai\/ethics-policy\/","diversityPolicy":"https:\/\/talkpal.ai\/diversity-policy\/","diversityStaffingReport":"https:\/\/talkpal.ai\/diversity-policy\/"}]}},"_links":{"self":[{"href":"https:\/\/talkpal.ai\/sq\/wp-json\/wp\/v2\/pages\/1448075","targetHints":{"allow":["GET"]}}],"collection":[{"href":"https:\/\/talkpal.ai\/sq\/wp-json\/wp\/v2\/pages"}],"about":[{"href":"https:\/\/talkpal.ai\/sq\/wp-json\/wp\/v2\/types\/page"}],"author":[{"embeddable":true,"href":"https:\/\/talkpal.ai\/sq\/wp-json\/wp\/v2\/users\/6"}],"replies":[{"embeddable":true,"href":"https:\/\/talkpal.ai\/sq\/wp-json\/wp\/v2\/comments?post=1448075"}],"version-history":[{"count":0,"href":"https:\/\/talkpal.ai\/sq\/wp-json\/wp\/v2\/pages\/1448075\/revisions"}],"wp:featuredmedia":[{"embeddable":true,"href":"https:\/\/talkpal.ai\/sq\/wp-json\/wp\/v2\/media\/1442862"}],"wp:attachment":[{"href":"https:\/\/talkpal.ai\/sq\/wp-json\/wp\/v2\/media?parent=1448075"}],"curies":[{"name":"wp","href":"https:\/\/api.w.org\/{rel}","templated":true}]}}