{"id":1448070,"date":"2023-06-22T08:12:52","date_gmt":"2023-06-22T08:12:52","guid":{"rendered":"https:\/\/talkpal.ai\/ushtrime-gramatikore-lituaneze\/"},"modified":"2025-12-17T15:54:56","modified_gmt":"2025-12-17T15:54:56","slug":"ushtrime-gramatikore-lituaneze","status":"publish","type":"page","link":"https:\/\/talkpal.ai\/sq\/ushtrime-gramatikore-lituaneze\/","title":{"rendered":"Ushtrime gramatikore lituaneze"},"content":{"rendered":"\r\n\r\n\r\n<section class=\"languageChallengeSection\">\r\n    <div class=\"languageInfoWrapper\">\r\n        \r\n        <h1>Ushtrime gramatikore lituaneze<\/h1>\r\n        <p>Gati p\u00ebr ta \u00e7uar lituanishten tuaj n\u00eb nj\u00eb nivel tjet\u00ebr? Praktikimi i ushtrimeve gramatikore \u00ebsht\u00eb nj\u00eb m\u00ebnyr\u00eb e shk\u00eblqyer p\u00ebr t\u00eb zot\u00ebruar struktur\u00ebn e fjalis\u00eb, format e foljeve dhe modelet unike t\u00eb gjuh\u00ebs lituaneze. Filloni t\u00eb eksploroni gramatik\u00ebn lituaneze sot dhe shikoni aft\u00ebsit\u00eb dhe besimin tuaj t\u00eb rriten me \u00e7do ushtrim!<\/p>\r\n\r\n                            <a class=\"getStartedHidden\" href=\"https:\/\/app.talkpal.ai\/signup?lng=\">Filloni<\/a>\r\n        \r\n    <\/div>\r\n\r\n    <figure>\r\n    <img decoding=\"async\" width=\"768\" height=\"768\" src=\"https:\/\/talkpal.ai\/wp-content\/uploads\/2023\/06\/lithuenian-768x768.png\" class=\"languageImage no-lazy\" alt=\"Language learning for boosting creativity\" fetchpriority=\"high\" sizes=\"(max-width: 768px) 150px, 768px\" srcset=\"https:\/\/talkpal.ai\/wp-content\/uploads\/2023\/06\/lithuenian-768x768.png 768w, https:\/\/talkpal.ai\/wp-content\/uploads\/2023\/06\/lithuenian-300x300.png 300w\" \/>\r\n    \r\n\r\n    <\/figure>\r\n\r\n            <a class=\"getStartedVisible\" href=\"https:\/\/app.talkpal.ai\/signup?lng=\">Filloni<\/a>\r\n    \r\n<\/section>\r\n\r\n\r\n<!-- <section class=\"grammarSection\">\r\n    <div class=\"grammarLinks\">\r\n            <\/div>\r\n<\/section> -->\r\n\r\n\r\n\r\n\r\n<section class=\"promotionalBanner\">\r\n    <p class=\"promotionalText\">M\u00ebnyra m\u00eb efikase p\u00ebr t\u00eb m\u00ebsuar nj\u00eb gjuh\u00eb<\/p>\r\n    <a class=\"promotionalLink\" href=\"https:\/\/app.talkpal.ai\/signup?lng=\">Provoni Talkpal falas<\/a>\r\n<\/section>\n<div class=\"wp-block-group pageContainerStyle\"><div class=\"wp-block-group__inner-container is-layout-constrained wp-block-group-is-layout-constrained\">\n<h2 class=\"wp-block-heading\" id=\"h-lithuanian-grammar-topics\">Temat e gramatik\u00ebs lituaneze<\/h2>\n\n\n\n<p>M\u00ebsimi i gjuh\u00ebs lituaneze nuk \u00ebsht\u00eb vet\u00ebm nj\u00eb p\u00ebrvoj\u00eb unike dhe shp\u00ebrblyese, por gjithashtu hap nj\u00eb bot\u00eb krejt\u00ebsisht t\u00eb re t\u00eb eksplorimit kulturor. Lituanishtja, si gjuh\u00eb baltike, ka ruajtur shum\u00eb tipare t\u00eb gjuh\u00ebve t\u00eb lashta indo-evropiane, duke e b\u00ebr\u00eb at\u00eb nj\u00eb gjuh\u00eb t\u00eb r\u00ebnd\u00ebsishme p\u00ebr studime historike dhe gjuh\u00ebsore. <a href=\"https:\/\/talkpal.ai\/sq\/gramatika\/\">Gramatika<\/a> e lituanishtes mund t\u00eb duket komplekse, por zb\u00ebrthimi i saj n\u00eb tema m\u00eb t\u00eb vogla dhe m\u00ebsimi i <a href=\"https:\/\/talkpal.ai\/locations\/language-courses-in-tyre\/\">tyre<\/a> n\u00eb nj\u00eb sekuenc\u00eb logjike do ta b\u00ebj\u00eb udh\u00ebtimin tuaj m\u00eb t\u00eb qet\u00eb dhe m\u00eb t\u00eb k\u00ebndsh\u00ebm. N\u00eb k\u00ebt\u00eb udh\u00ebzues, ne do t\u00eb paraqesim temat e gramatik\u00ebs lituaneze n\u00eb rendin q\u00eb duhet t&#8217;i m\u00ebsoni, duke ofruar nj\u00eb pasqyr\u00eb t\u00eb shkurt\u00ebr t\u00eb secil\u00ebs tem\u00eb.<\/p>\n\n\n\n<h3 class=\"wp-block-heading\" id=\"h-1-nouns\">1. Emrat:<\/h3>\n\n\n\n<p>Emrat formojn\u00eb shtyll\u00ebn kurrizore t\u00eb shumic\u00ebs s\u00eb fjalive, k\u00ebshtu q\u00eb filloni duke m\u00ebsuar sistemin e deformimeve t\u00eb emrave n\u00eb <a href=\"https:\/\/talkpal.ai\/learn-lithuanian\/\">lituanisht<\/a>. Ekzistojn\u00eb pes\u00eb deformime emrash, secila me grupin e vet t\u00eb mbaresave p\u00ebr format nj\u00ebj\u00ebs dhe shum\u00ebs. Kushtojini v\u00ebmendje gjinis\u00eb s\u00eb emrave, pasi kjo do t\u00eb ndikoj\u00eb n\u00eb mbaresat e p\u00ebrdorura n\u00eb deplienc\u00eb.<\/p>\n\n\n\n<h3 class=\"wp-block-heading\" id=\"h-2-articles\">2. Artikujt:<\/h3>\n\n\n\n<p>Ndryshe nga anglishtja, lituanishtja nuk ka artikuj t\u00eb caktuar ose t\u00eb pacaktuar, k\u00ebshtu q\u00eb do t\u00eb keni nj\u00eb komponent gramatikor m\u00eb pak p\u00ebr t&#8217;u shqet\u00ebsuar!<\/p>\n\n\n\n<h3 class=\"wp-block-heading\" id=\"h-3-adjectives\">3. Mbiemra:<\/h3>\n\n\n\n<p>Mbiemrat pajtohen me emrat n\u00eb gjini, rast dhe num\u00ebr. M\u00ebsoni mbaresat e ndryshme mbiemrash dhe si ndryshojn\u00eb n\u00eb var\u00ebsi t\u00eb emrit q\u00eb modifikojn\u00eb.<\/p>\n\n\n\n<h3 class=\"wp-block-heading\" id=\"h-4-pronouns-determiners\">4. P\u00ebremrat\/p\u00ebrcaktuesit:<\/h3>\n\n\n\n<p>Ashtu si n\u00eb gjuh\u00ebt e tjera, p\u00ebremrat dhe p\u00ebrcaktuesit ndihmojn\u00eb n\u00eb sigurimin e qart\u00ebsis\u00eb dhe specifik\u00ebs n\u00eb fjali. M\u00ebsoni llojet e ndryshme t\u00eb p\u00ebremrave dhe p\u00ebrcaktuesve, dhe format dhe p\u00ebrdorimet e tyre t\u00eb ndryshme n\u00eb lituanisht.<\/p>\n\n\n\n<h3 class=\"wp-block-heading\" id=\"h-5-verbs\">5. Foljet:<\/h3>\n\n\n\n<p>Foljet jan\u00eb thelb\u00ebsore p\u00ebr p\u00ebrcjelljen e veprimeve dhe gjendjeve t\u00eb qenies. Filloni me koh\u00ebn e tashme, dhe pastaj kaloni n\u00eb koh\u00ebn e kaluar dhe t\u00eb ardhshme. Kushtojini v\u00ebmendje modeleve t\u00eb konjugimit, si dhe foljeve t\u00eb parregullta.<\/p>\n\n\n\n<h3 class=\"wp-block-heading\" id=\"h-6-tense-comparison\">6. Krahasimi i tensionuar:<\/h3>\n\n\n\n<p>Pasi t\u00eb zot\u00ebroni koh\u00ebt baz\u00eb, m\u00ebsoni <a href=\"https:\/\/talkpal.ai\/culture\/what-is-the-difference-between-se-and-si\/\">se si<\/a> t&#8217;i krahasoni ato dhe t\u00eb kuptoni nuancat e p\u00ebrdorimit t\u00eb tyre. Kjo p\u00ebrfshin t\u00eb kuptuarit e ndryshimeve midis koh\u00ebs s\u00eb thjesht\u00eb dhe t\u00eb p\u00ebrb\u00ebr\u00eb, si dhe koh\u00ebs progresive t\u00eb p\u00ebrsosur.<\/p>\n\n\n\n<h3 class=\"wp-block-heading\" id=\"h-7-progressive-and-perfect-progressive\">7. Progresiv dhe progresiv i p\u00ebrsosur:<\/h3>\n\n\n\n<p>Lituanishtja nuk ka forma specifike progresive si anglishtja, por ju mund t\u00eb shprehni veprime t\u00eb vazhdueshme dhe t\u00eb p\u00ebrfunduara duke p\u00ebrdorur konstruksione specifike. M\u00ebsoni k\u00ebto konstruksione dhe si t&#8217;i p\u00ebrdorni ato n\u00eb m\u00ebnyr\u00eb efektive.<\/p>\n\n\n\n<h3 class=\"wp-block-heading\" id=\"h-8-adverbs\">8. Ndajfoljet:<\/h3>\n\n\n\n<p>Mbiemrat modifikojn\u00eb emrat, nd\u00ebrsa ndajfoljet modifikojn\u00eb foljet, mbiemrat ose ndajfoljet e tjera. M\u00ebsoni llojet e ndryshme t\u00eb ndajfoljeve dhe vendosjen e tyre n\u00eb fjali.<\/p>\n\n\n\n<h3 class=\"wp-block-heading\" id=\"h-9-prepositions\">9. Parafjal\u00ebt:<\/h3>\n\n\n\n<p>Parafjal\u00ebt tregojn\u00eb marr\u00ebdh\u00ebnien midis fjal\u00ebve n\u00eb nj\u00eb fjali. M\u00ebsoni parafjal\u00ebt e ndryshme dhe p\u00ebrdorimin e tyre n\u00eb kontekste t\u00eb ndryshme.<\/p>\n\n\n\n<h3 class=\"wp-block-heading\" id=\"h-10-conditionals\">10. Kusht\u00ebzuese:<\/h3>\n\n\n\n<p>Kusht\u00ebzuesit shprehin situata hipotetike ose joreale. M\u00ebsoni llojet e ndryshme t\u00eb kusht\u00ebzimeve dhe nd\u00ebrtimet e tyre p\u00ebrkat\u00ebse n\u00eb lituanisht.<\/p>\n\n\n\n<h3 class=\"wp-block-heading\" id=\"h-11-sentences\">11. Fjalit\u00eb:<\/h3>\n\n\n\n<p>S\u00eb fundi, bashkoni gjith\u00e7ka duke m\u00ebsuar <a href=\"https:\/\/talkpal.ai\/sq\/rreth\/\">rreth<\/a> struktur\u00ebs s\u00eb fjalive n\u00eb lituanisht. Kuptoni rendin baz\u00eb t\u00eb fjal\u00ebve dhe si mund t\u00eb p\u00ebrshtatet p\u00ebr theks ose qart\u00ebsi. Praktikoni krijimin e fjalive duke p\u00ebrdorur t\u00eb gjith\u00eb komponent\u00ebt gramatikor\u00eb q\u00eb keni m\u00ebsuar deri m\u00eb tani.<\/p>\n\n\n\n<p>Duke ndjekur k\u00ebt\u00eb sekuenc\u00eb temash, ju do t\u00eb zhvilloni nj\u00eb kuptim solid t\u00eb gramatik\u00ebs lituaneze dhe do t\u00eb jeni n\u00eb rrug\u00ebn tuaj drejt rrjedhshm\u00ebris\u00eb s\u00eb gjuh\u00ebs.<\/p>\n<\/div><\/div>\n\r\n<section class=\"learnNavigationSection\">\r\n            \r\n        <a href=\"https:\/\/talkpal.ai\/sq\/meso-lituanisht\/\">\r\n            <div class=\"learnNavigationWrapper\">\r\n                <div class=\"learnNavigationContent\">\r\n                    <img decoding=\"async\" src=\"https:\/\/talkpal.ai\/wp-content\/uploads\/2024\/08\/Lithuanian.jpg\" alt=\"Lithuanian Flag\">\r\n                    <div>\r\n                        <h4>Rreth t\u00eb m\u00ebsuarit lituanez<\/h4>\r\n                        <p>M\u00ebsoni gjith\u00e7ka rreth gramatik\u00ebs lituaneze.<\/p>\r\n                    <\/div>\r\n                <\/div>\r\n            <\/div>\r\n        <\/a>\r\n\r\n        \r\n        <a href=\"https:\/\/talkpal.ai\/sq\/gramatika-lituaneze\/\">\r\n            <div class=\"learnNavigationWrapper\">\r\n                <div class=\"learnNavigationContent\">\r\n                    <img decoding=\"async\" src=\"https:\/\/talkpal.ai\/wp-content\/uploads\/2024\/08\/Lithuanian.jpg\" alt=\"Lithuanian Flag\">\r\n                    <div>\r\n                        <h4>M\u00ebsimet e gramatik\u00ebs lituaneze<\/h4>\r\n                        <p>Praktikoni gramatik\u00ebn lituaneze.<\/p>\r\n                    <\/div>\r\n                <\/div>\r\n            <\/div>\r\n        <\/a>\r\n\r\n        \r\n        <a href=\"https:\/\/talkpal.ai\/vocabulary_language\/lithuanian\/\">\r\n            <div class=\"learnNavigationWrapper\">\r\n                <div class=\"learnNavigationContent\">\r\n                    <img decoding=\"async\" src=\"https:\/\/talkpal.ai\/wp-content\/uploads\/2024\/08\/Lithuanian.jpg\" alt=\"Lithuanian Flag\">\r\n                    <div>\r\n                        <h4>Fjalori lituanez<\/h4>\r\n                        <p>Zgjeroni fjalorin tuaj lituanez.<\/p>\r\n                    <\/div>\r\n                <\/div>\r\n            <\/div>\r\n        <\/a>\r\n\r\n            <\/section>","protected":false},"excerpt":{"rendered":"<p>Temat e gramatik\u00ebs lituaneze M\u00ebsimi i gjuh\u00ebs lituaneze nuk \u00ebsht\u00eb vet\u00ebm nj\u00eb p\u00ebrvoj\u00eb unike dhe shp\u00ebrblyese, por gjithashtu hap nj\u00eb bot\u00eb krejt\u00ebsisht t\u00eb re t\u00eb eksplorimit kulturor. Lituanishtja, si gjuh\u00eb baltike, ka ruajtur shum\u00eb tipare t\u00eb gjuh\u00ebve t\u00eb lashta indo-evropiane, duke e b\u00ebr\u00eb at\u00eb nj\u00eb gjuh\u00eb t\u00eb r\u00ebnd\u00ebsishme p\u00ebr studime historike dhe gjuh\u00ebsore. Gramatika e [&hellip;]<\/p>\n","protected":false},"author":6,"featured_media":1442856,"parent":0,"menu_order":0,"comment_status":"closed","ping_status":"closed","template":"LearningContentPage.php","meta":{"_acf_changed":false,"footnotes":""},"class_list":["post-1448070","page","type-page","status-publish","has-post-thumbnail","hentry"],"acf":[],"yoast_head":"<!-- This site is optimized with the Yoast SEO Premium plugin v27.2 (Yoast SEO v27.2) - https:\/\/yoast.com\/product\/yoast-seo-premium-wordpress\/ -->\n<title>Ushtrime gramatikore lituaneze - Talkpal<\/title>\n<meta name=\"description\" content=\"Zot\u00ebroni nd\u00ebrlikimet e gjuh\u00ebs me ushtrime t\u00ebrheq\u00ebse t\u00eb gramatik\u00ebs lituaneze q\u00eb rrisin aft\u00ebsin\u00eb tuaj.\" \/>\n<meta name=\"robots\" content=\"index, follow, max-snippet:-1, max-image-preview:large, max-video-preview:-1\" \/>\n<link rel=\"canonical\" href=\"https:\/\/talkpal.ai\/sq\/ushtrime-gramatikore-lituaneze\/\" \/>\n<meta property=\"og:locale\" content=\"sq_AL\" \/>\n<meta property=\"og:type\" content=\"article\" \/>\n<meta property=\"og:title\" content=\"Ushtrime gramatikore lituaneze\" \/>\n<meta property=\"og:description\" content=\"Temat e gramatik\u00ebs lituaneze M\u00ebsimi i gjuh\u00ebs lituaneze nuk \u00ebsht\u00eb vet\u00ebm nj\u00eb p\u00ebrvoj\u00eb unike dhe shp\u00ebrblyese, por gjithashtu hap nj\u00eb bot\u00eb krejt\u00ebsisht t\u00eb re t\u00eb\" \/>\n<meta property=\"og:url\" content=\"https:\/\/talkpal.ai\/sq\/ushtrime-gramatikore-lituaneze\/\" \/>\n<meta property=\"og:site_name\" content=\"Talkpal\" \/>\n<meta property=\"article:publisher\" content=\"https:\/\/www.facebook.com\/profile.php?id=100090733639311\" \/>\n<meta property=\"article:modified_time\" content=\"2025-12-17T15:54:56+00:00\" \/>\n<meta property=\"og:image\" content=\"https:\/\/talkpal.ai\/wp-content\/uploads\/2023\/05\/Lithuanian.png\" \/>\n\t<meta property=\"og:image:width\" content=\"512\" \/>\n\t<meta property=\"og:image:height\" content=\"512\" \/>\n\t<meta property=\"og:image:type\" content=\"image\/png\" \/>\n<meta name=\"twitter:card\" content=\"summary_large_image\" \/>\n<meta name=\"twitter:site\" content=\"@talkpalai\" \/>\n<meta name=\"twitter:label1\" content=\"Est. reading time\" \/>\n\t<meta name=\"twitter:data1\" content=\"3 minutes\" \/>\n<script type=\"application\/ld+json\" class=\"yoast-schema-graph\">{\"@context\":\"https:\/\/schema.org\",\"@graph\":[{\"@type\":\"WebPage\",\"@id\":\"https:\/\/talkpal.ai\/sq\/ushtrime-gramatikore-lituaneze\/\",\"url\":\"https:\/\/talkpal.ai\/sq\/ushtrime-gramatikore-lituaneze\/\",\"name\":\"Ushtrime gramatikore lituaneze - Talkpal\",\"isPartOf\":{\"@id\":\"https:\/\/talkpal.ai\/sq\/#website\"},\"primaryImageOfPage\":{\"@id\":\"https:\/\/talkpal.ai\/sq\/ushtrime-gramatikore-lituaneze\/#primaryimage\"},\"image\":{\"@id\":\"https:\/\/talkpal.ai\/sq\/ushtrime-gramatikore-lituaneze\/#primaryimage\"},\"thumbnailUrl\":\"https:\/\/talkpal.ai\/wp-content\/uploads\/2023\/05\/Lithuanian.png\",\"datePublished\":\"2023-06-22T08:12:52+00:00\",\"dateModified\":\"2025-12-17T15:54:56+00:00\",\"description\":\"Zot\u00ebroni nd\u00ebrlikimet e gjuh\u00ebs me ushtrime t\u00ebrheq\u00ebse t\u00eb gramatik\u00ebs lituaneze q\u00eb rrisin aft\u00ebsin\u00eb tuaj.\",\"breadcrumb\":{\"@id\":\"https:\/\/talkpal.ai\/sq\/ushtrime-gramatikore-lituaneze\/#breadcrumb\"},\"inLanguage\":\"sq-AL\",\"potentialAction\":[{\"@type\":\"ReadAction\",\"target\":[\"https:\/\/talkpal.ai\/sq\/ushtrime-gramatikore-lituaneze\/\"]}]},{\"@type\":\"ImageObject\",\"inLanguage\":\"sq-AL\",\"@id\":\"https:\/\/talkpal.ai\/sq\/ushtrime-gramatikore-lituaneze\/#primaryimage\",\"url\":\"https:\/\/talkpal.ai\/wp-content\/uploads\/2023\/05\/Lithuanian.png\",\"contentUrl\":\"https:\/\/talkpal.ai\/wp-content\/uploads\/2023\/05\/Lithuanian.png\",\"width\":512,\"height\":512,\"caption\":\"TalkPal Lithuanian Flag\"},{\"@type\":\"BreadcrumbList\",\"@id\":\"https:\/\/talkpal.ai\/sq\/ushtrime-gramatikore-lituaneze\/#breadcrumb\",\"itemListElement\":[{\"@type\":\"ListItem\",\"position\":1,\"name\":\"Homepage\",\"item\":\"https:\/\/talkpal.ai\/sq\/\"},{\"@type\":\"ListItem\",\"position\":2,\"name\":\"Ushtrime gramatikore lituaneze\"}]},{\"@type\":\"WebSite\",\"@id\":\"https:\/\/talkpal.ai\/sq\/#website\",\"url\":\"https:\/\/talkpal.ai\/sq\/\",\"name\":\"Talkpal\",\"description\":\"AI Language Learning\",\"publisher\":{\"@id\":\"https:\/\/talkpal.ai\/sq\/#organization\"},\"alternateName\":\"Talkpal AI\",\"potentialAction\":[{\"@type\":\"SearchAction\",\"target\":{\"@type\":\"EntryPoint\",\"urlTemplate\":\"https:\/\/talkpal.ai\/sq\/?s={search_term_string}\"},\"query-input\":{\"@type\":\"PropertyValueSpecification\",\"valueRequired\":true,\"valueName\":\"search_term_string\"}}],\"inLanguage\":\"sq-AL\"},{\"@type\":\"Organization\",\"@id\":\"https:\/\/talkpal.ai\/sq\/#organization\",\"name\":\"Talkpal, Inc.\",\"alternateName\":\"Talkpal AI\",\"url\":\"https:\/\/talkpal.ai\/sq\/\",\"logo\":{\"@type\":\"ImageObject\",\"inLanguage\":\"sq-AL\",\"@id\":\"https:\/\/talkpal.ai\/sq\/#\/schema\/logo\/image\/\",\"url\":\"https:\/\/talkpal.ai\/wp-content\/uploads\/2024\/03\/Talkpal-Logo-Icon.png\",\"contentUrl\":\"https:\/\/talkpal.ai\/wp-content\/uploads\/2024\/03\/Talkpal-Logo-Icon.png\",\"width\":2880,\"height\":2880,\"caption\":\"Talkpal, Inc.\"},\"image\":{\"@id\":\"https:\/\/talkpal.ai\/sq\/#\/schema\/logo\/image\/\"},\"sameAs\":[\"https:\/\/www.facebook.com\/profile.php?id=100090733639311\",\"https:\/\/x.com\/talkpalai\",\"https:\/\/www.linkedin.com\/company\/talkpal\/\",\"https:\/\/www.youtube.com\/@TalkPal\/\",\"https:\/\/www.tiktok.com\/@talkpal\",\"https:\/\/www.instagram.com\/talkpal_ai\/\",\"https:\/\/www.crunchbase.com\/organization\/talkpal-9cde\",\"https:\/\/www.g2.com\/products\/talkpal-for-business\/\",\"https:\/\/www.trustpilot.com\/review\/talkpal.ai\",\"https:\/\/www.capterra.com\/p\/10006800\/TalkPal\/\"],\"description\":\"Talkpal is a language learning web and mobile education app, powered by the latest AI technologies, that provides engaging experiences to its customers in many different languages to help them improve their language skills. Users can chat about unlimited amount of topics with the app and use other modes to practice their language learning.\",\"email\":\"support@talkpal.ai\",\"legalName\":\"Talkpal, Inc.\",\"foundingDate\":\"2023-04-03\",\"duns\":\"118989042\",\"numberOfEmployees\":{\"@type\":\"QuantitativeValue\",\"minValue\":\"11\",\"maxValue\":\"50\"},\"publishingPrinciples\":\"https:\/\/talkpal.ai\/publishing-principles\/\",\"actionableFeedbackPolicy\":\"https:\/\/talkpal.ai\/actionable-feedback-policy\/\",\"correctionsPolicy\":\"https:\/\/talkpal.ai\/corrections-policy\/\",\"ethicsPolicy\":\"https:\/\/talkpal.ai\/ethics-policy\/\",\"diversityPolicy\":\"https:\/\/talkpal.ai\/diversity-policy\/\",\"diversityStaffingReport\":\"https:\/\/talkpal.ai\/diversity-policy\/\"}]}<\/script>\n<!-- \/ Yoast SEO Premium plugin. -->","yoast_head_json":{"title":"Ushtrime gramatikore lituaneze - Talkpal","description":"Zot\u00ebroni nd\u00ebrlikimet e gjuh\u00ebs me ushtrime t\u00ebrheq\u00ebse t\u00eb gramatik\u00ebs lituaneze q\u00eb rrisin aft\u00ebsin\u00eb tuaj.","robots":{"index":"index","follow":"follow","max-snippet":"max-snippet:-1","max-image-preview":"max-image-preview:large","max-video-preview":"max-video-preview:-1"},"canonical":"https:\/\/talkpal.ai\/sq\/ushtrime-gramatikore-lituaneze\/","og_locale":"sq_AL","og_type":"article","og_title":"Ushtrime gramatikore lituaneze","og_description":"Temat e gramatik\u00ebs lituaneze M\u00ebsimi i gjuh\u00ebs lituaneze nuk \u00ebsht\u00eb vet\u00ebm nj\u00eb p\u00ebrvoj\u00eb unike dhe shp\u00ebrblyese, por gjithashtu hap nj\u00eb bot\u00eb krejt\u00ebsisht t\u00eb re t\u00eb","og_url":"https:\/\/talkpal.ai\/sq\/ushtrime-gramatikore-lituaneze\/","og_site_name":"Talkpal","article_publisher":"https:\/\/www.facebook.com\/profile.php?id=100090733639311","article_modified_time":"2025-12-17T15:54:56+00:00","og_image":[{"width":512,"height":512,"url":"https:\/\/talkpal.ai\/wp-content\/uploads\/2023\/05\/Lithuanian.png","type":"image\/png"}],"twitter_card":"summary_large_image","twitter_site":"@talkpalai","twitter_misc":{"Est. reading time":"3 minutes"},"schema":{"@context":"https:\/\/schema.org","@graph":[{"@type":"WebPage","@id":"https:\/\/talkpal.ai\/sq\/ushtrime-gramatikore-lituaneze\/","url":"https:\/\/talkpal.ai\/sq\/ushtrime-gramatikore-lituaneze\/","name":"Ushtrime gramatikore lituaneze - Talkpal","isPartOf":{"@id":"https:\/\/talkpal.ai\/sq\/#website"},"primaryImageOfPage":{"@id":"https:\/\/talkpal.ai\/sq\/ushtrime-gramatikore-lituaneze\/#primaryimage"},"image":{"@id":"https:\/\/talkpal.ai\/sq\/ushtrime-gramatikore-lituaneze\/#primaryimage"},"thumbnailUrl":"https:\/\/talkpal.ai\/wp-content\/uploads\/2023\/05\/Lithuanian.png","datePublished":"2023-06-22T08:12:52+00:00","dateModified":"2025-12-17T15:54:56+00:00","description":"Zot\u00ebroni nd\u00ebrlikimet e gjuh\u00ebs me ushtrime t\u00ebrheq\u00ebse t\u00eb gramatik\u00ebs lituaneze q\u00eb rrisin aft\u00ebsin\u00eb tuaj.","breadcrumb":{"@id":"https:\/\/talkpal.ai\/sq\/ushtrime-gramatikore-lituaneze\/#breadcrumb"},"inLanguage":"sq-AL","potentialAction":[{"@type":"ReadAction","target":["https:\/\/talkpal.ai\/sq\/ushtrime-gramatikore-lituaneze\/"]}]},{"@type":"ImageObject","inLanguage":"sq-AL","@id":"https:\/\/talkpal.ai\/sq\/ushtrime-gramatikore-lituaneze\/#primaryimage","url":"https:\/\/talkpal.ai\/wp-content\/uploads\/2023\/05\/Lithuanian.png","contentUrl":"https:\/\/talkpal.ai\/wp-content\/uploads\/2023\/05\/Lithuanian.png","width":512,"height":512,"caption":"TalkPal Lithuanian Flag"},{"@type":"BreadcrumbList","@id":"https:\/\/talkpal.ai\/sq\/ushtrime-gramatikore-lituaneze\/#breadcrumb","itemListElement":[{"@type":"ListItem","position":1,"name":"Homepage","item":"https:\/\/talkpal.ai\/sq\/"},{"@type":"ListItem","position":2,"name":"Ushtrime gramatikore lituaneze"}]},{"@type":"WebSite","@id":"https:\/\/talkpal.ai\/sq\/#website","url":"https:\/\/talkpal.ai\/sq\/","name":"Talkpal","description":"AI Language Learning","publisher":{"@id":"https:\/\/talkpal.ai\/sq\/#organization"},"alternateName":"Talkpal AI","potentialAction":[{"@type":"SearchAction","target":{"@type":"EntryPoint","urlTemplate":"https:\/\/talkpal.ai\/sq\/?s={search_term_string}"},"query-input":{"@type":"PropertyValueSpecification","valueRequired":true,"valueName":"search_term_string"}}],"inLanguage":"sq-AL"},{"@type":"Organization","@id":"https:\/\/talkpal.ai\/sq\/#organization","name":"Talkpal, Inc.","alternateName":"Talkpal AI","url":"https:\/\/talkpal.ai\/sq\/","logo":{"@type":"ImageObject","inLanguage":"sq-AL","@id":"https:\/\/talkpal.ai\/sq\/#\/schema\/logo\/image\/","url":"https:\/\/talkpal.ai\/wp-content\/uploads\/2024\/03\/Talkpal-Logo-Icon.png","contentUrl":"https:\/\/talkpal.ai\/wp-content\/uploads\/2024\/03\/Talkpal-Logo-Icon.png","width":2880,"height":2880,"caption":"Talkpal, Inc."},"image":{"@id":"https:\/\/talkpal.ai\/sq\/#\/schema\/logo\/image\/"},"sameAs":["https:\/\/www.facebook.com\/profile.php?id=100090733639311","https:\/\/x.com\/talkpalai","https:\/\/www.linkedin.com\/company\/talkpal\/","https:\/\/www.youtube.com\/@TalkPal\/","https:\/\/www.tiktok.com\/@talkpal","https:\/\/www.instagram.com\/talkpal_ai\/","https:\/\/www.crunchbase.com\/organization\/talkpal-9cde","https:\/\/www.g2.com\/products\/talkpal-for-business\/","https:\/\/www.trustpilot.com\/review\/talkpal.ai","https:\/\/www.capterra.com\/p\/10006800\/TalkPal\/"],"description":"Talkpal is a language learning web and mobile education app, powered by the latest AI technologies, that provides engaging experiences to its customers in many different languages to help them improve their language skills. Users can chat about unlimited amount of topics with the app and use other modes to practice their language learning.","email":"support@talkpal.ai","legalName":"Talkpal, Inc.","foundingDate":"2023-04-03","duns":"118989042","numberOfEmployees":{"@type":"QuantitativeValue","minValue":"11","maxValue":"50"},"publishingPrinciples":"https:\/\/talkpal.ai\/publishing-principles\/","actionableFeedbackPolicy":"https:\/\/talkpal.ai\/actionable-feedback-policy\/","correctionsPolicy":"https:\/\/talkpal.ai\/corrections-policy\/","ethicsPolicy":"https:\/\/talkpal.ai\/ethics-policy\/","diversityPolicy":"https:\/\/talkpal.ai\/diversity-policy\/","diversityStaffingReport":"https:\/\/talkpal.ai\/diversity-policy\/"}]}},"_links":{"self":[{"href":"https:\/\/talkpal.ai\/sq\/wp-json\/wp\/v2\/pages\/1448070","targetHints":{"allow":["GET"]}}],"collection":[{"href":"https:\/\/talkpal.ai\/sq\/wp-json\/wp\/v2\/pages"}],"about":[{"href":"https:\/\/talkpal.ai\/sq\/wp-json\/wp\/v2\/types\/page"}],"author":[{"embeddable":true,"href":"https:\/\/talkpal.ai\/sq\/wp-json\/wp\/v2\/users\/6"}],"replies":[{"embeddable":true,"href":"https:\/\/talkpal.ai\/sq\/wp-json\/wp\/v2\/comments?post=1448070"}],"version-history":[{"count":0,"href":"https:\/\/talkpal.ai\/sq\/wp-json\/wp\/v2\/pages\/1448070\/revisions"}],"wp:featuredmedia":[{"embeddable":true,"href":"https:\/\/talkpal.ai\/sq\/wp-json\/wp\/v2\/media\/1442856"}],"wp:attachment":[{"href":"https:\/\/talkpal.ai\/sq\/wp-json\/wp\/v2\/media?parent=1448070"}],"curies":[{"name":"wp","href":"https:\/\/api.w.org\/{rel}","templated":true}]}}