{"id":1448067,"date":"2023-06-22T08:37:16","date_gmt":"2023-06-22T08:37:16","guid":{"rendered":"https:\/\/talkpal.ai\/ushtrimet-gramatikore-marathi\/"},"modified":"2025-12-17T15:13:34","modified_gmt":"2025-12-17T15:13:34","slug":"ushtrimet-gramatikore-marathi","status":"publish","type":"page","link":"https:\/\/talkpal.ai\/sq\/ushtrimet-gramatikore-marathi\/","title":{"rendered":"Ushtrimet gramatikore Marathi"},"content":{"rendered":"\r\n\r\n\r\n<section class=\"languageChallengeSection\">\r\n    <div class=\"languageInfoWrapper\">\r\n        \r\n        <h1>Ushtrimet gramatikore Marathi<\/h1>\r\n        <p>Gati p\u00ebr t\u00eb forcuar aft\u00ebsit\u00eb tuaja <a href=\"https:\/\/talkpal.ai\/learn-marathi\/\">Marathi<\/a>? Praktikimi i ushtrimeve gramatikore \u00ebsht\u00eb nj\u00eb m\u00ebnyr\u00eb e shk\u00eblqyer p\u00ebr t\u00eb zot\u00ebruar struktur\u00ebn e fjalis\u00eb, format e foljeve dhe modelet kryesore gramatikore t\u00eb gjuh\u00ebs. Filloni t\u00eb eksploroni gramatik\u00ebn Marathi sot dhe shikoni besimin dhe rrjedhshm\u00ebrin\u00eb tuaj t\u00eb rriten me \u00e7do ushtrim!<\/p>\r\n\r\n                            <a class=\"getStartedHidden\" href=\"https:\/\/app.talkpal.ai\/signup?lng=\">Filloni<\/a>\r\n        \r\n    <\/div>\r\n\r\n    <figure>\r\n    <img decoding=\"async\" width=\"768\" height=\"768\" src=\"https:\/\/talkpal.ai\/wp-content\/uploads\/2023\/06\/marathi-768x768.png\" class=\"languageImage no-lazy\" alt=\"Fun ways to make language learning interesting\" fetchpriority=\"high\" sizes=\"(max-width: 768px) 150px, 768px\" srcset=\"https:\/\/talkpal.ai\/wp-content\/uploads\/2023\/06\/marathi-768x768.png 768w, https:\/\/talkpal.ai\/wp-content\/uploads\/2023\/06\/marathi-300x300.png 300w\" \/>\r\n    \r\n\r\n    <\/figure>\r\n\r\n            <a class=\"getStartedVisible\" href=\"https:\/\/app.talkpal.ai\/signup?lng=\">Filloni<\/a>\r\n    \r\n<\/section>\r\n\r\n\r\n<!-- <section class=\"grammarSection\">\r\n    <div class=\"grammarLinks\">\r\n            <\/div>\r\n<\/section> -->\r\n\r\n\r\n\r\n\r\n<section class=\"promotionalBanner\">\r\n    <p class=\"promotionalText\">M\u00ebnyra m\u00eb efikase p\u00ebr t\u00eb m\u00ebsuar nj\u00eb gjuh\u00eb<\/p>\r\n    <a class=\"promotionalLink\" href=\"https:\/\/app.talkpal.ai\/signup?lng=\">Provoni Talkpal falas<\/a>\r\n<\/section>\n<div class=\"wp-block-group pageContainerStyle\"><div class=\"wp-block-group__inner-container is-layout-constrained wp-block-group-is-layout-constrained\">\n<h2 class=\"wp-block-heading\" id=\"h-marathi-grammar-topics\">Temat e gramatik\u00ebs Marathi<\/h2>\n\n\n\n<p>Marathi, nj\u00eb gjuh\u00eb indo-ariane, flitet kryesisht n\u00eb shtetin indian t\u00eb Maharashtra dhe \u00ebsht\u00eb gjuha zyrtare e rajonit. M\u00ebsimi i Marathit mund t\u00eb jet\u00eb nj\u00eb p\u00ebrvoj\u00eb pasuruese, pasi hap der\u00ebn p\u00ebr nj\u00eb kultur\u00eb, histori dhe let\u00ebrsi t\u00eb pasur. P\u00ebr t\u00eb m\u00ebsuar n\u00eb m\u00ebnyr\u00eb efektive Marathi, \u00ebsht\u00eb e r\u00ebnd\u00ebsishme t\u00eb keni nj\u00eb qasje t\u00eb strukturuar q\u00eb fokusohet n\u00eb aspekte t\u00eb ndryshme t\u00eb gjuh\u00ebs, si <a href=\"https:\/\/talkpal.ai\/sq\/gramatika\/\">gramatika<\/a>, fjalori dhe shqiptimi. Ky artikull do t&#8217;ju udh\u00ebheq\u00eb p\u00ebrmes sekuenc\u00ebs s\u00eb m\u00ebsimit t\u00eb temave t\u00eb gramatik\u00ebs Marathi, duke filluar me koh\u00ebt, foljet, emrat dhe duke kaluar n\u00eb koncepte m\u00eb t\u00eb avancuara si kusht\u00ebzimet dhe parafjal\u00ebt.<\/p>\n\n\n\n<h3 class=\"wp-block-heading\" id=\"h-1-tenses\">1. Koh\u00ebt:<\/h3>\n\n\n\n<p>Koh\u00ebt jan\u00eb shtylla kurrizore e \u00e7do gjuhe, pasi ato ndihmojn\u00eb n\u00eb shprehjen e veprimeve ose gjendjeve n\u00eb lidhje me koh\u00ebn. N\u00eb Marathi, ekzistojn\u00eb tre koh\u00eb themelore \u2013 e kaluara, e tashmja dhe e ardhmja. \u00c7do koh\u00eb ka forma t\u00eb ndryshme bazuar n\u00eb llojin e veprimit (i thjesht\u00eb, i vazhduesh\u00ebm, i p\u00ebrsosur ose i p\u00ebrsosur i vazhduesh\u00ebm). Filloni duke m\u00ebsuar koh\u00ebt e thjeshta dhe m\u00eb pas kaloni n\u00eb ato m\u00eb komplekse.<\/p>\n\n\n\n<h3 class=\"wp-block-heading\" id=\"h-2-tense-comparison\">2. Krahasimi i tensionit:<\/h3>\n\n\n\n<p>Pasi t\u00eb keni kuptuar koh\u00ebt baz\u00eb, \u00ebsht\u00eb thelb\u00ebsore t\u00eb m\u00ebsoni <a href=\"https:\/\/talkpal.ai\/culture\/what-is-the-difference-between-se-and-si\/\">se si<\/a> t&#8217;i krahasoni ato. Krahasimi i tensionit ju mund\u00ebson t\u00eb flisni p\u00ebr veprime ose ngjarje t\u00eb shumta q\u00eb ndodhin nj\u00ebkoh\u00ebsisht ose n\u00eb korniza t\u00eb ndryshme kohore. Kjo ndihmon n\u00eb formimin e fjalive komplekse dhe shprehjen e nj\u00eb game m\u00eb t\u00eb gjer\u00eb idesh.<\/p>\n\n\n\n<h3 class=\"wp-block-heading\" id=\"h-3-verbs\">3. Foljet:<\/h3>\n\n\n\n<p>Foljet jan\u00eb fjal\u00eb veprimi q\u00eb p\u00ebrfaq\u00ebsojn\u00eb nj\u00eb veprim ose gjendje n\u00eb nj\u00eb fjali. N\u00eb Marathi, foljet p\u00ebrkulen p\u00ebr t\u00eb treguar koh\u00ebn, aspektin, humorin dhe z\u00ebrin. M\u00ebsoni rregullat baz\u00eb t\u00eb konjugimit t\u00eb foljeve dhe forma t\u00eb ndryshme foljesh p\u00ebr t\u00eb p\u00ebrmir\u00ebsuar aft\u00ebsit\u00eb tuaja t\u00eb nd\u00ebrtimit t\u00eb fjalive.<\/p>\n\n\n\n<h3 class=\"wp-block-heading\" id=\"h-4-nouns\">4. Emrat:<\/h3>\n\n\n\n<p>Emrat jan\u00eb fjal\u00eb q\u00eb p\u00ebrfaq\u00ebsojn\u00eb njer\u00ebz, vende, gj\u00ebra ose ide. Emrat Marathi kan\u00eb nj\u00eb gjini (mashkullore, fem\u00ebrore ose neutre) dhe p\u00ebrkulen p\u00ebr numrin (nj\u00ebj\u00ebs ose shum\u00ebs) dhe rastin (i drejtp\u00ebrdrejt\u00eb, i zhdrejt\u00eb ose posesiv). Njihuni me format e ndryshme emrash dhe p\u00ebrdorimin e <a href=\"https:\/\/talkpal.ai\/locations\/language-courses-in-tyre\/\">tyre<\/a> n\u00eb fjali.<\/p>\n\n\n\n<h3 class=\"wp-block-heading\" id=\"h-5-articles\">5. Artikujt:<\/h3>\n\n\n\n<p>Marathi nuk ka artikuj si &#8216;a&#8217;, &#8216;an&#8217; ose &#8216;the&#8217;. Megjithat\u00eb, ka p\u00ebremra demonstrativ\u00eb dhe p\u00ebrcaktues q\u00eb sh\u00ebrbejn\u00eb p\u00ebr nj\u00eb q\u00ebllim t\u00eb ngjash\u00ebm. M\u00ebsoni se si t&#8217;i p\u00ebrdorni k\u00ebta p\u00ebremra dhe p\u00ebrcaktues p\u00ebr t\u00eb specifikuar ose identifikuar emrat n\u00eb nj\u00eb fjali.<\/p>\n\n\n\n<h3 class=\"wp-block-heading\" id=\"h-6-pronouns-determiners\">6. P\u00ebremrat\/p\u00ebrcaktuesit:<\/h3>\n\n\n\n<p>P\u00ebremrat z\u00ebvend\u00ebsojn\u00eb emrat p\u00ebr t\u00eb shmangur p\u00ebrs\u00ebritjen, nd\u00ebrsa p\u00ebrcaktuesit specifikojn\u00eb ose kufizojn\u00eb kuptimin e emrave. N\u00eb Marathi, p\u00ebremrat dhe p\u00ebrcaktuesit bien dakord n\u00eb gjini dhe num\u00ebr me emrin q\u00eb z\u00ebvend\u00ebsojn\u00eb ose modifikojn\u00eb. M\u00ebsoni format e ndryshme dhe p\u00ebrdorimin e tyre t\u00eb duhur p\u00ebr t\u00eb p\u00ebrmir\u00ebsuar nd\u00ebrtimin e fjalis\u00eb suaj.<\/p>\n\n\n\n<h3 class=\"wp-block-heading\" id=\"h-7-adjectives\">7. Mbiemra:<\/h3>\n\n\n\n<p>Mbiemrat p\u00ebrshkruajn\u00eb ose modifikojn\u00eb emrat, duke ofruar informacion shtes\u00eb p\u00ebr cil\u00ebsit\u00eb ose atributet e tyre. N\u00eb Marathi, mbiemrat pajtohen n\u00eb gjini dhe num\u00ebr me emrin q\u00eb modifikojn\u00eb. M\u00ebsoni format e ndryshme t\u00eb mbiemrave dhe p\u00ebrdorimin e tyre t\u00eb sakt\u00eb n\u00eb fjali.<\/p>\n\n\n\n<h3 class=\"wp-block-heading\" id=\"h-8-adverbs\">8. Ndajfoljet:<\/h3>\n\n\n\n<p>Ndajfoljet japin informacion shtes\u00eb <a href=\"https:\/\/talkpal.ai\/sq\/rreth\/\">rreth<\/a> foljeve, mbiemrave ose ndajfoljeve t\u00eb tjera, duke p\u00ebrshkruar se si, kur, ku ose n\u00eb \u00e7far\u00eb mase ndodh di\u00e7ka. M\u00ebsoni llojet e ndryshme t\u00eb ndajfoljeve dhe vendosjen e tyre n\u00eb fjali p\u00ebr t\u00eb p\u00ebrmir\u00ebsuar aft\u00ebsit\u00eb tuaja gjuh\u00ebsore.<\/p>\n\n\n\n<h3 class=\"wp-block-heading\" id=\"h-9-conditionals\">9. Kusht\u00ebzuese:<\/h3>\n\n\n\n<p>Kusht\u00ebzimet shprehin situata ose kushte hipotetike dhe pasojat e tyre t\u00eb mundshme. N\u00eb Marathi, ekzistojn\u00eb tre lloje t\u00eb kusht\u00ebzimeve \u2013 reale, joreale dhe t\u00eb p\u00ebrziera. M\u00ebsoni struktur\u00ebn dhe p\u00ebrdorimin e secilit lloj p\u00ebr t\u00eb shprehur ide dhe situata komplekse.<\/p>\n\n\n\n<h3 class=\"wp-block-heading\" id=\"h-10-prepositions\">10. Parafjal\u00ebt:<\/h3>\n\n\n\n<p>Parafjal\u00ebt jan\u00eb fjal\u00eb q\u00eb tregojn\u00eb marr\u00ebdh\u00ebnien midis emrave (ose p\u00ebremrave) dhe fjal\u00ebve t\u00eb tjera n\u00eb nj\u00eb fjali. Ato tregojn\u00eb vendndodhjen, drejtimin, koh\u00ebn ose marr\u00ebdh\u00ebnie t\u00eb tjera. M\u00ebsoni parafjal\u00ebt e zakonshme n\u00eb Marathi dhe p\u00ebrdorimin e tyre n\u00eb fjali.<\/p>\n\n\n\n<h3 class=\"wp-block-heading\" id=\"h-11-sentences\">11. Fjalit\u00eb:<\/h3>\n\n\n\n<p>S\u00eb fundi, praktikoni formimin e fjalive t\u00eb thjeshta dhe komplekse duke p\u00ebrdorur rregullat gramatikore dhe fjalorin q\u00eb keni m\u00ebsuar. P\u00ebrqendrohuni n\u00eb struktur\u00ebn e fjalis\u00eb.<\/p>\n<\/div><\/div>\n\r\n<section class=\"learnNavigationSection\">\r\n            \r\n        <a href=\"https:\/\/talkpal.ai\/sq\/meso-marathi\/\">\r\n            <div class=\"learnNavigationWrapper\">\r\n                <div class=\"learnNavigationContent\">\r\n                    <img decoding=\"async\" src=\"https:\/\/talkpal.ai\/wp-content\/uploads\/2023\/05\/Marathi-india.png\" alt=\"TalkPal Marathi Flag\">\r\n                    <div>\r\n                        <h4>Rreth t\u00eb m\u00ebsuarit Marathi<\/h4>\r\n                        <p>M\u00ebsoni gjith\u00e7ka rreth gramatik\u00ebs Marathi.<\/p>\r\n                    <\/div>\r\n                <\/div>\r\n            <\/div>\r\n        <\/a>\r\n\r\n        \r\n        <a href=\"https:\/\/talkpal.ai\/sq\/gramatika-marathi\/\">\r\n            <div class=\"learnNavigationWrapper\">\r\n                <div class=\"learnNavigationContent\">\r\n                    <img decoding=\"async\" src=\"https:\/\/talkpal.ai\/wp-content\/uploads\/2023\/05\/Marathi-india.png\" alt=\"TalkPal Marathi Flag\">\r\n                    <div>\r\n                        <h4>M\u00ebsimet e gramatik\u00ebs Marathi<\/h4>\r\n                        <p>Praktikoni gramatik\u00ebn Marathi.<\/p>\r\n                    <\/div>\r\n                <\/div>\r\n            <\/div>\r\n        <\/a>\r\n\r\n        \r\n        <a href=\"https:\/\/talkpal.ai\/vocabulary_language\/marathi\/\">\r\n            <div class=\"learnNavigationWrapper\">\r\n                <div class=\"learnNavigationContent\">\r\n                    <img decoding=\"async\" src=\"https:\/\/talkpal.ai\/wp-content\/uploads\/2023\/05\/Marathi-india.png\" alt=\"TalkPal Marathi Flag\">\r\n                    <div>\r\n                        <h4>Fjalori Marathi<\/h4>\r\n                        <p>Zgjeroni fjalorin tuaj Marathi.<\/p>\r\n                    <\/div>\r\n                <\/div>\r\n            <\/div>\r\n        <\/a>\r\n\r\n            <\/section>","protected":false},"excerpt":{"rendered":"<p>Temat e gramatik\u00ebs Marathi Marathi, nj\u00eb gjuh\u00eb indo-ariane, flitet kryesisht n\u00eb shtetin indian t\u00eb Maharashtra dhe \u00ebsht\u00eb gjuha zyrtare e rajonit. M\u00ebsimi i Marathit mund t\u00eb jet\u00eb nj\u00eb p\u00ebrvoj\u00eb pasuruese, pasi hap der\u00ebn p\u00ebr nj\u00eb kultur\u00eb, histori dhe let\u00ebrsi t\u00eb pasur. P\u00ebr t\u00eb m\u00ebsuar n\u00eb m\u00ebnyr\u00eb efektive Marathi, \u00ebsht\u00eb e r\u00ebnd\u00ebsishme t\u00eb keni nj\u00eb qasje [&hellip;]<\/p>\n","protected":false},"author":6,"featured_media":1442868,"parent":0,"menu_order":0,"comment_status":"closed","ping_status":"closed","template":"LearningContentPage.php","meta":{"_acf_changed":false,"footnotes":""},"class_list":["post-1448067","page","type-page","status-publish","has-post-thumbnail","hentry"],"acf":[],"yoast_head":"<!-- This site is optimized with the Yoast SEO Premium plugin v27.2 (Yoast SEO v27.2) - https:\/\/yoast.com\/product\/yoast-seo-premium-wordpress\/ -->\n<title>Ushtrimet gramatikore Marathi - Talkpal<\/title>\n<meta name=\"description\" content=\"P\u00ebrmir\u00ebsoni aft\u00ebsit\u00eb tuaja gjuh\u00ebsore Marathi me ushtrime t\u00ebrheq\u00ebse t\u00eb gramatik\u00ebs Marathi t\u00eb krijuara p\u00ebr nx\u00ebn\u00ebsit e t\u00eb gjitha niveleve.\" \/>\n<meta name=\"robots\" content=\"index, follow, max-snippet:-1, max-image-preview:large, max-video-preview:-1\" \/>\n<link rel=\"canonical\" href=\"https:\/\/talkpal.ai\/sq\/ushtrimet-gramatikore-marathi\/\" \/>\n<meta property=\"og:locale\" content=\"sq_AL\" \/>\n<meta property=\"og:type\" content=\"article\" \/>\n<meta property=\"og:title\" content=\"Ushtrimet gramatikore Marathi\" \/>\n<meta property=\"og:description\" content=\"Temat e gramatik\u00ebs Marathi Marathi, nj\u00eb gjuh\u00eb indo-ariane, flitet kryesisht n\u00eb shtetin indian t\u00eb Maharashtra dhe \u00ebsht\u00eb gjuha zyrtare e rajonit. M\u00ebsimi i\" \/>\n<meta property=\"og:url\" content=\"https:\/\/talkpal.ai\/sq\/ushtrimet-gramatikore-marathi\/\" \/>\n<meta property=\"og:site_name\" content=\"Talkpal\" \/>\n<meta property=\"article:publisher\" content=\"https:\/\/www.facebook.com\/profile.php?id=100090733639311\" \/>\n<meta property=\"article:modified_time\" content=\"2025-12-17T15:13:34+00:00\" \/>\n<meta property=\"og:image\" content=\"https:\/\/talkpal.ai\/wp-content\/uploads\/2023\/05\/Marathi-india.png\" \/>\n\t<meta property=\"og:image:width\" content=\"512\" \/>\n\t<meta property=\"og:image:height\" content=\"512\" \/>\n\t<meta property=\"og:image:type\" content=\"image\/png\" \/>\n<meta name=\"twitter:card\" content=\"summary_large_image\" \/>\n<meta name=\"twitter:site\" content=\"@talkpalai\" \/>\n<meta name=\"twitter:label1\" content=\"Est. reading time\" \/>\n\t<meta name=\"twitter:data1\" content=\"4 minutes\" \/>\n<script type=\"application\/ld+json\" class=\"yoast-schema-graph\">{\"@context\":\"https:\/\/schema.org\",\"@graph\":[{\"@type\":\"WebPage\",\"@id\":\"https:\/\/talkpal.ai\/sq\/ushtrimet-gramatikore-marathi\/\",\"url\":\"https:\/\/talkpal.ai\/sq\/ushtrimet-gramatikore-marathi\/\",\"name\":\"Ushtrimet gramatikore Marathi - Talkpal\",\"isPartOf\":{\"@id\":\"https:\/\/talkpal.ai\/sq\/#website\"},\"primaryImageOfPage\":{\"@id\":\"https:\/\/talkpal.ai\/sq\/ushtrimet-gramatikore-marathi\/#primaryimage\"},\"image\":{\"@id\":\"https:\/\/talkpal.ai\/sq\/ushtrimet-gramatikore-marathi\/#primaryimage\"},\"thumbnailUrl\":\"https:\/\/talkpal.ai\/wp-content\/uploads\/2023\/05\/Marathi-india.png\",\"datePublished\":\"2023-06-22T08:37:16+00:00\",\"dateModified\":\"2025-12-17T15:13:34+00:00\",\"description\":\"P\u00ebrmir\u00ebsoni aft\u00ebsit\u00eb tuaja gjuh\u00ebsore Marathi me ushtrime t\u00ebrheq\u00ebse t\u00eb gramatik\u00ebs Marathi t\u00eb krijuara p\u00ebr nx\u00ebn\u00ebsit e t\u00eb gjitha niveleve.\",\"breadcrumb\":{\"@id\":\"https:\/\/talkpal.ai\/sq\/ushtrimet-gramatikore-marathi\/#breadcrumb\"},\"inLanguage\":\"sq-AL\",\"potentialAction\":[{\"@type\":\"ReadAction\",\"target\":[\"https:\/\/talkpal.ai\/sq\/ushtrimet-gramatikore-marathi\/\"]}]},{\"@type\":\"ImageObject\",\"inLanguage\":\"sq-AL\",\"@id\":\"https:\/\/talkpal.ai\/sq\/ushtrimet-gramatikore-marathi\/#primaryimage\",\"url\":\"https:\/\/talkpal.ai\/wp-content\/uploads\/2023\/05\/Marathi-india.png\",\"contentUrl\":\"https:\/\/talkpal.ai\/wp-content\/uploads\/2023\/05\/Marathi-india.png\",\"width\":512,\"height\":512,\"caption\":\"TalkPal Marathi Flag\"},{\"@type\":\"BreadcrumbList\",\"@id\":\"https:\/\/talkpal.ai\/sq\/ushtrimet-gramatikore-marathi\/#breadcrumb\",\"itemListElement\":[{\"@type\":\"ListItem\",\"position\":1,\"name\":\"Homepage\",\"item\":\"https:\/\/talkpal.ai\/sq\/\"},{\"@type\":\"ListItem\",\"position\":2,\"name\":\"Ushtrimet gramatikore Marathi\"}]},{\"@type\":\"WebSite\",\"@id\":\"https:\/\/talkpal.ai\/sq\/#website\",\"url\":\"https:\/\/talkpal.ai\/sq\/\",\"name\":\"Talkpal\",\"description\":\"AI Language Learning\",\"publisher\":{\"@id\":\"https:\/\/talkpal.ai\/sq\/#organization\"},\"alternateName\":\"Talkpal AI\",\"potentialAction\":[{\"@type\":\"SearchAction\",\"target\":{\"@type\":\"EntryPoint\",\"urlTemplate\":\"https:\/\/talkpal.ai\/sq\/?s={search_term_string}\"},\"query-input\":{\"@type\":\"PropertyValueSpecification\",\"valueRequired\":true,\"valueName\":\"search_term_string\"}}],\"inLanguage\":\"sq-AL\"},{\"@type\":\"Organization\",\"@id\":\"https:\/\/talkpal.ai\/sq\/#organization\",\"name\":\"Talkpal, Inc.\",\"alternateName\":\"Talkpal AI\",\"url\":\"https:\/\/talkpal.ai\/sq\/\",\"logo\":{\"@type\":\"ImageObject\",\"inLanguage\":\"sq-AL\",\"@id\":\"https:\/\/talkpal.ai\/sq\/#\/schema\/logo\/image\/\",\"url\":\"https:\/\/talkpal.ai\/wp-content\/uploads\/2024\/03\/Talkpal-Logo-Icon.png\",\"contentUrl\":\"https:\/\/talkpal.ai\/wp-content\/uploads\/2024\/03\/Talkpal-Logo-Icon.png\",\"width\":2880,\"height\":2880,\"caption\":\"Talkpal, Inc.\"},\"image\":{\"@id\":\"https:\/\/talkpal.ai\/sq\/#\/schema\/logo\/image\/\"},\"sameAs\":[\"https:\/\/www.facebook.com\/profile.php?id=100090733639311\",\"https:\/\/x.com\/talkpalai\",\"https:\/\/www.linkedin.com\/company\/talkpal\/\",\"https:\/\/www.youtube.com\/@TalkPal\/\",\"https:\/\/www.tiktok.com\/@talkpal\",\"https:\/\/www.instagram.com\/talkpal_ai\/\",\"https:\/\/www.crunchbase.com\/organization\/talkpal-9cde\",\"https:\/\/www.g2.com\/products\/talkpal-for-business\/\",\"https:\/\/www.trustpilot.com\/review\/talkpal.ai\",\"https:\/\/www.capterra.com\/p\/10006800\/TalkPal\/\"],\"description\":\"Talkpal is a language learning web and mobile education app, powered by the latest AI technologies, that provides engaging experiences to its customers in many different languages to help them improve their language skills. Users can chat about unlimited amount of topics with the app and use other modes to practice their language learning.\",\"email\":\"support@talkpal.ai\",\"legalName\":\"Talkpal, Inc.\",\"foundingDate\":\"2023-04-03\",\"duns\":\"118989042\",\"numberOfEmployees\":{\"@type\":\"QuantitativeValue\",\"minValue\":\"11\",\"maxValue\":\"50\"},\"publishingPrinciples\":\"https:\/\/talkpal.ai\/publishing-principles\/\",\"actionableFeedbackPolicy\":\"https:\/\/talkpal.ai\/actionable-feedback-policy\/\",\"correctionsPolicy\":\"https:\/\/talkpal.ai\/corrections-policy\/\",\"ethicsPolicy\":\"https:\/\/talkpal.ai\/ethics-policy\/\",\"diversityPolicy\":\"https:\/\/talkpal.ai\/diversity-policy\/\",\"diversityStaffingReport\":\"https:\/\/talkpal.ai\/diversity-policy\/\"}]}<\/script>\n<!-- \/ Yoast SEO Premium plugin. -->","yoast_head_json":{"title":"Ushtrimet gramatikore Marathi - Talkpal","description":"P\u00ebrmir\u00ebsoni aft\u00ebsit\u00eb tuaja gjuh\u00ebsore Marathi me ushtrime t\u00ebrheq\u00ebse t\u00eb gramatik\u00ebs Marathi t\u00eb krijuara p\u00ebr nx\u00ebn\u00ebsit e t\u00eb gjitha niveleve.","robots":{"index":"index","follow":"follow","max-snippet":"max-snippet:-1","max-image-preview":"max-image-preview:large","max-video-preview":"max-video-preview:-1"},"canonical":"https:\/\/talkpal.ai\/sq\/ushtrimet-gramatikore-marathi\/","og_locale":"sq_AL","og_type":"article","og_title":"Ushtrimet gramatikore Marathi","og_description":"Temat e gramatik\u00ebs Marathi Marathi, nj\u00eb gjuh\u00eb indo-ariane, flitet kryesisht n\u00eb shtetin indian t\u00eb Maharashtra dhe \u00ebsht\u00eb gjuha zyrtare e rajonit. M\u00ebsimi i","og_url":"https:\/\/talkpal.ai\/sq\/ushtrimet-gramatikore-marathi\/","og_site_name":"Talkpal","article_publisher":"https:\/\/www.facebook.com\/profile.php?id=100090733639311","article_modified_time":"2025-12-17T15:13:34+00:00","og_image":[{"width":512,"height":512,"url":"https:\/\/talkpal.ai\/wp-content\/uploads\/2023\/05\/Marathi-india.png","type":"image\/png"}],"twitter_card":"summary_large_image","twitter_site":"@talkpalai","twitter_misc":{"Est. reading time":"4 minutes"},"schema":{"@context":"https:\/\/schema.org","@graph":[{"@type":"WebPage","@id":"https:\/\/talkpal.ai\/sq\/ushtrimet-gramatikore-marathi\/","url":"https:\/\/talkpal.ai\/sq\/ushtrimet-gramatikore-marathi\/","name":"Ushtrimet gramatikore Marathi - Talkpal","isPartOf":{"@id":"https:\/\/talkpal.ai\/sq\/#website"},"primaryImageOfPage":{"@id":"https:\/\/talkpal.ai\/sq\/ushtrimet-gramatikore-marathi\/#primaryimage"},"image":{"@id":"https:\/\/talkpal.ai\/sq\/ushtrimet-gramatikore-marathi\/#primaryimage"},"thumbnailUrl":"https:\/\/talkpal.ai\/wp-content\/uploads\/2023\/05\/Marathi-india.png","datePublished":"2023-06-22T08:37:16+00:00","dateModified":"2025-12-17T15:13:34+00:00","description":"P\u00ebrmir\u00ebsoni aft\u00ebsit\u00eb tuaja gjuh\u00ebsore Marathi me ushtrime t\u00ebrheq\u00ebse t\u00eb gramatik\u00ebs Marathi t\u00eb krijuara p\u00ebr nx\u00ebn\u00ebsit e t\u00eb gjitha niveleve.","breadcrumb":{"@id":"https:\/\/talkpal.ai\/sq\/ushtrimet-gramatikore-marathi\/#breadcrumb"},"inLanguage":"sq-AL","potentialAction":[{"@type":"ReadAction","target":["https:\/\/talkpal.ai\/sq\/ushtrimet-gramatikore-marathi\/"]}]},{"@type":"ImageObject","inLanguage":"sq-AL","@id":"https:\/\/talkpal.ai\/sq\/ushtrimet-gramatikore-marathi\/#primaryimage","url":"https:\/\/talkpal.ai\/wp-content\/uploads\/2023\/05\/Marathi-india.png","contentUrl":"https:\/\/talkpal.ai\/wp-content\/uploads\/2023\/05\/Marathi-india.png","width":512,"height":512,"caption":"TalkPal Marathi Flag"},{"@type":"BreadcrumbList","@id":"https:\/\/talkpal.ai\/sq\/ushtrimet-gramatikore-marathi\/#breadcrumb","itemListElement":[{"@type":"ListItem","position":1,"name":"Homepage","item":"https:\/\/talkpal.ai\/sq\/"},{"@type":"ListItem","position":2,"name":"Ushtrimet gramatikore Marathi"}]},{"@type":"WebSite","@id":"https:\/\/talkpal.ai\/sq\/#website","url":"https:\/\/talkpal.ai\/sq\/","name":"Talkpal","description":"AI Language Learning","publisher":{"@id":"https:\/\/talkpal.ai\/sq\/#organization"},"alternateName":"Talkpal AI","potentialAction":[{"@type":"SearchAction","target":{"@type":"EntryPoint","urlTemplate":"https:\/\/talkpal.ai\/sq\/?s={search_term_string}"},"query-input":{"@type":"PropertyValueSpecification","valueRequired":true,"valueName":"search_term_string"}}],"inLanguage":"sq-AL"},{"@type":"Organization","@id":"https:\/\/talkpal.ai\/sq\/#organization","name":"Talkpal, Inc.","alternateName":"Talkpal AI","url":"https:\/\/talkpal.ai\/sq\/","logo":{"@type":"ImageObject","inLanguage":"sq-AL","@id":"https:\/\/talkpal.ai\/sq\/#\/schema\/logo\/image\/","url":"https:\/\/talkpal.ai\/wp-content\/uploads\/2024\/03\/Talkpal-Logo-Icon.png","contentUrl":"https:\/\/talkpal.ai\/wp-content\/uploads\/2024\/03\/Talkpal-Logo-Icon.png","width":2880,"height":2880,"caption":"Talkpal, Inc."},"image":{"@id":"https:\/\/talkpal.ai\/sq\/#\/schema\/logo\/image\/"},"sameAs":["https:\/\/www.facebook.com\/profile.php?id=100090733639311","https:\/\/x.com\/talkpalai","https:\/\/www.linkedin.com\/company\/talkpal\/","https:\/\/www.youtube.com\/@TalkPal\/","https:\/\/www.tiktok.com\/@talkpal","https:\/\/www.instagram.com\/talkpal_ai\/","https:\/\/www.crunchbase.com\/organization\/talkpal-9cde","https:\/\/www.g2.com\/products\/talkpal-for-business\/","https:\/\/www.trustpilot.com\/review\/talkpal.ai","https:\/\/www.capterra.com\/p\/10006800\/TalkPal\/"],"description":"Talkpal is a language learning web and mobile education app, powered by the latest AI technologies, that provides engaging experiences to its customers in many different languages to help them improve their language skills. Users can chat about unlimited amount of topics with the app and use other modes to practice their language learning.","email":"support@talkpal.ai","legalName":"Talkpal, Inc.","foundingDate":"2023-04-03","duns":"118989042","numberOfEmployees":{"@type":"QuantitativeValue","minValue":"11","maxValue":"50"},"publishingPrinciples":"https:\/\/talkpal.ai\/publishing-principles\/","actionableFeedbackPolicy":"https:\/\/talkpal.ai\/actionable-feedback-policy\/","correctionsPolicy":"https:\/\/talkpal.ai\/corrections-policy\/","ethicsPolicy":"https:\/\/talkpal.ai\/ethics-policy\/","diversityPolicy":"https:\/\/talkpal.ai\/diversity-policy\/","diversityStaffingReport":"https:\/\/talkpal.ai\/diversity-policy\/"}]}},"_links":{"self":[{"href":"https:\/\/talkpal.ai\/sq\/wp-json\/wp\/v2\/pages\/1448067","targetHints":{"allow":["GET"]}}],"collection":[{"href":"https:\/\/talkpal.ai\/sq\/wp-json\/wp\/v2\/pages"}],"about":[{"href":"https:\/\/talkpal.ai\/sq\/wp-json\/wp\/v2\/types\/page"}],"author":[{"embeddable":true,"href":"https:\/\/talkpal.ai\/sq\/wp-json\/wp\/v2\/users\/6"}],"replies":[{"embeddable":true,"href":"https:\/\/talkpal.ai\/sq\/wp-json\/wp\/v2\/comments?post=1448067"}],"version-history":[{"count":0,"href":"https:\/\/talkpal.ai\/sq\/wp-json\/wp\/v2\/pages\/1448067\/revisions"}],"wp:featuredmedia":[{"embeddable":true,"href":"https:\/\/talkpal.ai\/sq\/wp-json\/wp\/v2\/media\/1442868"}],"wp:attachment":[{"href":"https:\/\/talkpal.ai\/sq\/wp-json\/wp\/v2\/media?parent=1448067"}],"curies":[{"name":"wp","href":"https:\/\/api.w.org\/{rel}","templated":true}]}}