{"id":1448062,"date":"2023-06-22T08:24:14","date_gmt":"2023-06-22T08:24:14","guid":{"rendered":"https:\/\/talkpal.ai\/ushtrimet-e-gramatikes-maqedonase\/"},"modified":"2025-12-17T15:56:54","modified_gmt":"2025-12-17T15:56:54","slug":"ushtrimet-e-gramatikes-maqedonase","status":"publish","type":"page","link":"https:\/\/talkpal.ai\/sq\/ushtrimet-e-gramatikes-maqedonase\/","title":{"rendered":"Ushtrimet e gramatik\u00ebs maqedonase"},"content":{"rendered":"\r\n\r\n\r\n<section class=\"languageChallengeSection\">\r\n    <div class=\"languageInfoWrapper\">\r\n        \r\n        <h1>Ushtrimet e gramatik\u00ebs maqedonase<\/h1>\r\n        <p>Po k\u00ebrkoni t\u00eb krijoni besim n\u00eb maqedonisht? Praktikimi i ushtrimeve gramatikore \u00ebsht\u00eb nj\u00eb m\u00ebnyr\u00eb e shk\u00eblqyer p\u00ebr t\u00eb kuptuar struktur\u00ebn e fjalis\u00eb, format e foljeve dhe tiparet unike t\u00eb gjuh\u00ebs <a href=\"https:\/\/talkpal.ai\/learn-macedonian\/\">maqedonase<\/a>. Filloni t\u00eb eksploroni gramatik\u00ebn maqedonase sot dhe shihni aft\u00ebsit\u00eb dhe rrjedhshm\u00ebrin\u00eb tuaj t\u00eb rriten me \u00e7do ushtrim!<\/p>\r\n\r\n                            <a class=\"getStartedHidden\" href=\"https:\/\/app.talkpal.ai\/signup?lng=\">Filloni<\/a>\r\n        \r\n    <\/div>\r\n\r\n    <figure>\r\n    <img decoding=\"async\" width=\"768\" height=\"768\" src=\"https:\/\/talkpal.ai\/wp-content\/uploads\/2023\/06\/macedonian-768x768.png\" class=\"languageImage no-lazy\" alt=\"Language learning through conversational practice\" fetchpriority=\"high\" sizes=\"(max-width: 768px) 150px, 768px\" srcset=\"https:\/\/talkpal.ai\/wp-content\/uploads\/2023\/06\/macedonian-768x768.png 768w, https:\/\/talkpal.ai\/wp-content\/uploads\/2023\/06\/macedonian-300x300.png 300w\" \/>\r\n    \r\n\r\n    <\/figure>\r\n\r\n            <a class=\"getStartedVisible\" href=\"https:\/\/app.talkpal.ai\/signup?lng=\">Filloni<\/a>\r\n    \r\n<\/section>\r\n\r\n\r\n<!-- <section class=\"grammarSection\">\r\n    <div class=\"grammarLinks\">\r\n            <\/div>\r\n<\/section> -->\r\n\r\n\r\n\r\n\r\n<section class=\"promotionalBanner\">\r\n    <p class=\"promotionalText\">M\u00ebnyra m\u00eb efikase p\u00ebr t\u00eb m\u00ebsuar nj\u00eb gjuh\u00eb<\/p>\r\n    <a class=\"promotionalLink\" href=\"https:\/\/app.talkpal.ai\/signup?lng=\">Provoni Talkpal falas<\/a>\r\n<\/section>\n<div class=\"wp-block-group pageContainerStyle\"><div class=\"wp-block-group__inner-container is-layout-constrained wp-block-group-is-layout-constrained\">\n<h2 class=\"wp-block-heading\" id=\"h-macedonian-grammar-topics\">Temat e gramatik\u00ebs maqedonase<\/h2>\n\n\n\n<header id=\"main-header\" data-height-onload=\"80\" data-height-loaded=\"true\" data-fixed-height-onload=\"80\">\n<p>Maqedonishtja, nj\u00eb gjuh\u00eb sllave jugore, \u00ebsht\u00eb gjuha zyrtare e Maqedonis\u00eb s\u00eb Veriut. Flitet nga mbi dy milion\u00eb njer\u00ebz n\u00eb mbar\u00eb bot\u00ebn dhe ofron nj\u00eb p\u00ebrvoj\u00eb unike gjuh\u00ebsore p\u00ebr shkak t\u00eb rregullave specifike gramatikore dhe fjalorit t\u00eb pasur. Ky udh\u00ebzues do t&#8217;ju ofroj\u00eb nj\u00eb pasqyr\u00eb t\u00eb temave thelb\u00ebsore t\u00eb gramatik\u00ebs maqedonase, t\u00eb organizuara n\u00eb nj\u00eb sekuenc\u00eb q\u00eb do t\u00eb leht\u00ebsoj\u00eb procesin tuaj t\u00eb t\u00eb m\u00ebsuarit. Nga koh\u00ebt deri te strukturat e fjalive, ne do t\u00eb mbulojm\u00eb t\u00eb gjitha informacionet e nevojshme p\u00ebr t&#8217;ju ndihmuar t\u00eb filloni rrug\u00ebtimin tuaj drejt zot\u00ebrimit t\u00eb gjuh\u00ebs maqedonase.<\/p>\n<h3>1. Emrat:<\/h3>\n<p>Ashtu si gjuh\u00ebt e tjera sllave, emrat maqedonas kan\u00eb tre gjini (mashkullore, fem\u00ebrore dhe neutre) dhe jan\u00eb t\u00eb p\u00ebrkulura p\u00ebr rastin dhe numrin. T\u00eb m\u00ebsuarit e gjinis\u00eb dhe kthesave t\u00eb sakta \u00ebsht\u00eb thelb\u00ebsore p\u00ebr formimin e fjalive gramatikore t\u00eb sakta.<\/p>\n<h3>2. Artikujt:<\/h3>\n<p>gjuha maqedonase ka vet\u00ebm nj\u00eb artikull t\u00eb caktuar, i cili ndryshon sipas gjinis\u00eb dhe rastit. Nuk ka artikuj t\u00eb pacaktuar n\u00eb maqedonisht, por numri &#8220;nj\u00eb&#8221; mund t\u00eb p\u00ebrdoret n\u00eb m\u00ebnyr\u00eb t\u00eb ngjashme.<\/p>\n<h3>3. Mbiemra:<\/h3>\n<p>Mbiemrat n\u00eb maqedonisht pajtohen me emrat q\u00eb modifikojn\u00eb n\u00eb gjini, num\u00ebr dhe rast. Ato kan\u00eb forma t\u00eb gjata dhe t\u00eb shkurtra, t\u00eb cilat p\u00ebrdoren n\u00eb kontekste t\u00eb ndryshme.<\/p>\n<h3>4. P\u00ebremrat\/p\u00ebrcaktuesit:<\/h3>\n<p>Maqedonasja ka nj\u00eb shum\u00ebllojshm\u00ebri p\u00ebremrash dhe p\u00ebrcaktuesish, t\u00eb cil\u00ebt jan\u00eb thelb\u00ebsor\u00eb n\u00eb formimin e fjalive. Ata z\u00ebvend\u00ebsojn\u00eb ose modifikojn\u00eb emrat dhe pajtohen me ta n\u00eb gjini, num\u00ebr dhe rast.<\/p>\n<h3>5. Foljet:<\/h3>\n<p>Foljet jan\u00eb thelb\u00ebsore p\u00ebr gramatik\u00ebn maqedonase. Ato lidhen p\u00ebr personin dhe numrin dhe kan\u00eb koh\u00eb, aspekte dhe humor t\u00eb ndrysh\u00ebm.<\/p>\n<h3>6. Koh\u00ebt:<\/h3>\n<p>Maqedonasja ka tre koh\u00eb themelore \u2013 t\u00eb kaluar\u00ebn, t\u00eb tashmen dhe t\u00eb ardhmen. Ato formohen duke p\u00ebrdorur konjugime t\u00eb ndryshme foljesh dhe folje ndihm\u00ebse. \u00cbsht\u00eb thelb\u00ebsore t\u00eb kuptohet formimi dhe p\u00ebrdorimi i secil\u00ebs koh\u00eb p\u00ebr t\u00eb shprehur veprimet dhe ngjarjet me sakt\u00ebsi.<\/p>\n<h3>7. Krahasimi i tensionit:<\/h3>\n<p>Krahasimi i veprimeve dhe ngjarjeve n\u00eb koh\u00eb t\u00eb ndryshme \u00ebsht\u00eb thelb\u00ebsor p\u00ebr t\u00eb p\u00ebrcjell\u00eb kuptimin. N\u00eb maqedonisht, ky krahasim arrihet duke p\u00ebrdorur forma specifike foljesh dhe folje ndihm\u00ebse.<\/p>\n<h3>8. Progresive:<\/h3>\n<p>Aspekti progresiv n\u00eb maqedonisht p\u00ebrdoret p\u00ebr t\u00eb treguar veprimet e vazhdueshme. Ajo formohet duke p\u00ebrdorur koh\u00ebn e tashme t\u00eb foljes &#8220;t\u00eb jesh&#8221; dhe pjes\u00ebmarr\u00ebsin aktiv t\u00eb foljes kryesore.<\/p>\n<h3>9. Progresiv i p\u00ebrsosur:<\/h3>\n<p>Ky aspekt kombinon aspektet progresive dhe t\u00eb p\u00ebrsosura p\u00ebr t\u00eb p\u00ebrshkruar veprimet q\u00eb ishin n\u00eb vazhdim n\u00eb t\u00eb kaluar\u00ebn dhe kan\u00eb nj\u00eb lidhje me t\u00eb tashmen. Formohet duke p\u00ebrdorur koh\u00ebn e tashme t\u00eb foljes &#8220;t\u00eb jesh&#8221; dhe pjes\u00ebmarrjen aktive t\u00eb s\u00eb kaluar\u00ebs s\u00eb foljes kryesore.<\/p>\n<h3>10. Ndajfoljet:<\/h3>\n<p>Ndajfoljet n\u00eb maqedonisht p\u00ebrdoren p\u00ebr t\u00eb modifikuar foljet, mbiemrat ose ndajfoljet e tjera. Ato zakonisht nuk ndryshojn\u00eb form\u00ebn e <a href=\"https:\/\/talkpal.ai\/locations\/language-courses-in-tyre\/\">tyre<\/a> dhe mund t\u00eb njihen leht\u00ebsisht nga p\u00ebrfundimet e tyre tipike.<\/p>\n<h3>11. Kusht\u00ebzuese:<\/h3>\n<p>Maqedonasja ka tre lloje t\u00eb kusht\u00ebzimeve \u2013 reale, joreale dhe potenciale. Ato p\u00ebrdoren p\u00ebr t\u00eb shprehur situata hipotetike dhe pasojat e tyre.<\/p>\n<h3>12. Parafjal\u00ebt:<\/h3>\n<p>Parafjal\u00ebt n\u00eb maqedonisht jan\u00eb thelb\u00ebsore n\u00eb formimin e frazave dhe fjalive. Ato tregojn\u00eb marr\u00ebdh\u00ebnie t\u00eb ndryshme midis fjal\u00ebve, t\u00eb tilla si vendndodhja, drejtimi, koha ose shkaku.<\/p>\n<h3>13. Fjalit\u00eb:<\/h3>\n<p>T\u00eb kuptuarit e struktur\u00ebs s\u00eb fjalive maqedonase \u00ebsht\u00eb thelb\u00ebsore p\u00ebr komunikim efektiv. Fjalit\u00eb maqedonase zakonisht ndjekin rendin e fjal\u00ebve subjekt-folje-objekt (SVO), por variacione mund t\u00eb ndodhin n\u00eb var\u00ebsi t\u00eb theksit dhe kontekstit.<\/p>\n<\/header>\n\n\n\n<footer> <\/footer>\n<\/div><\/div>\n\r\n<section class=\"learnNavigationSection\">\r\n            \r\n        <a href=\"https:\/\/talkpal.ai\/sq\/meso-maqedonisht\/\">\r\n            <div class=\"learnNavigationWrapper\">\r\n                <div class=\"learnNavigationContent\">\r\n                    <img decoding=\"async\" src=\"https:\/\/talkpal.ai\/wp-content\/uploads\/2024\/08\/Macedonian.jpg\" alt=\"Macedonian Flag\">\r\n                    <div>\r\n                        <h4>Rreth m\u00ebsimit maqedonas<\/h4>\r\n                        <p>M\u00ebsoni gjith\u00e7ka rreth gramatik\u00ebs maqedonase.<\/p>\r\n                    <\/div>\r\n                <\/div>\r\n            <\/div>\r\n        <\/a>\r\n\r\n        \r\n        <a href=\"https:\/\/talkpal.ai\/sq\/gramatika-maqedonase\/\">\r\n            <div class=\"learnNavigationWrapper\">\r\n                <div class=\"learnNavigationContent\">\r\n                    <img decoding=\"async\" src=\"https:\/\/talkpal.ai\/wp-content\/uploads\/2024\/08\/Macedonian.jpg\" alt=\"Macedonian Flag\">\r\n                    <div>\r\n                        <h4>M\u00ebsime t\u00eb gramatik\u00ebs maqedonase<\/h4>\r\n                        <p>Praktikoni gramatik\u00ebn maqedonase.<\/p>\r\n                    <\/div>\r\n                <\/div>\r\n            <\/div>\r\n        <\/a>\r\n\r\n        \r\n        <a href=\"https:\/\/talkpal.ai\/vocabulary_language\/macedonian\/\">\r\n            <div class=\"learnNavigationWrapper\">\r\n                <div class=\"learnNavigationContent\">\r\n                    <img decoding=\"async\" src=\"https:\/\/talkpal.ai\/wp-content\/uploads\/2024\/08\/Macedonian.jpg\" alt=\"Macedonian Flag\">\r\n                    <div>\r\n                        <h4>Fjalori maqedonas<\/h4>\r\n                        <p>Zgjeroni fjalorin tuaj maqedonas.<\/p>\r\n                    <\/div>\r\n                <\/div>\r\n            <\/div>\r\n        <\/a>\r\n\r\n            <\/section>","protected":false},"excerpt":{"rendered":"<p>Temat e gramatik\u00ebs maqedonase Maqedonishtja, nj\u00eb gjuh\u00eb sllave jugore, \u00ebsht\u00eb gjuha zyrtare e Maqedonis\u00eb s\u00eb Veriut. Flitet nga mbi dy milion\u00eb njer\u00ebz n\u00eb mbar\u00eb bot\u00ebn dhe ofron nj\u00eb p\u00ebrvoj\u00eb unike gjuh\u00ebsore p\u00ebr shkak t\u00eb rregullave specifike gramatikore dhe fjalorit t\u00eb pasur. Ky udh\u00ebzues do t&#8217;ju ofroj\u00eb nj\u00eb pasqyr\u00eb t\u00eb temave thelb\u00ebsore t\u00eb gramatik\u00ebs maqedonase, t\u00eb [&hellip;]<\/p>\n","protected":false},"author":6,"featured_media":1442874,"parent":0,"menu_order":0,"comment_status":"closed","ping_status":"closed","template":"LearningContentPage.php","meta":{"_acf_changed":false,"footnotes":""},"class_list":["post-1448062","page","type-page","status-publish","has-post-thumbnail","hentry"],"acf":[],"yoast_head":"<!-- This site is optimized with the Yoast SEO Premium plugin v27.2 (Yoast SEO v27.2) - https:\/\/yoast.com\/product\/yoast-seo-premium-wordpress\/ -->\n<title>Ushtrimet e gramatik\u00ebs maqedonase - Talkpal<\/title>\n<meta name=\"description\" content=\"Zot\u00ebroni gramatik\u00ebn maqedonase me ushtrime interaktive t\u00eb gramatik\u00ebs maqedonase nga TalkPal, m\u00ebsuesi juaj i gjuh\u00ebs me AI.\" \/>\n<meta name=\"robots\" content=\"index, follow, max-snippet:-1, max-image-preview:large, max-video-preview:-1\" \/>\n<link rel=\"canonical\" href=\"https:\/\/talkpal.ai\/sq\/ushtrimet-e-gramatikes-maqedonase\/\" \/>\n<meta property=\"og:locale\" content=\"sq_AL\" \/>\n<meta property=\"og:type\" content=\"article\" \/>\n<meta property=\"og:title\" content=\"Ushtrimet e gramatik\u00ebs maqedonase\" \/>\n<meta property=\"og:description\" content=\"Temat e gramatik\u00ebs maqedonase Maqedonishtja, nj\u00eb gjuh\u00eb sllave jugore, \u00ebsht\u00eb gjuha zyrtare e Maqedonis\u00eb s\u00eb Veriut. Flitet nga mbi dy milion\u00eb njer\u00ebz n\u00eb\" \/>\n<meta property=\"og:url\" content=\"https:\/\/talkpal.ai\/sq\/ushtrimet-e-gramatikes-maqedonase\/\" \/>\n<meta property=\"og:site_name\" content=\"Talkpal\" \/>\n<meta property=\"article:publisher\" content=\"https:\/\/www.facebook.com\/profile.php?id=100090733639311\" \/>\n<meta property=\"article:modified_time\" content=\"2025-12-17T15:56:54+00:00\" \/>\n<meta property=\"og:image\" content=\"https:\/\/talkpal.ai\/wp-content\/uploads\/2023\/05\/republic-of-macedonia.png\" \/>\n\t<meta property=\"og:image:width\" content=\"512\" \/>\n\t<meta property=\"og:image:height\" content=\"512\" \/>\n\t<meta property=\"og:image:type\" content=\"image\/png\" \/>\n<meta name=\"twitter:card\" content=\"summary_large_image\" \/>\n<meta name=\"twitter:site\" content=\"@talkpalai\" \/>\n<meta name=\"twitter:label1\" content=\"Est. reading time\" \/>\n\t<meta name=\"twitter:data1\" content=\"3 minutes\" \/>\n<script type=\"application\/ld+json\" class=\"yoast-schema-graph\">{\"@context\":\"https:\/\/schema.org\",\"@graph\":[{\"@type\":\"WebPage\",\"@id\":\"https:\/\/talkpal.ai\/sq\/ushtrimet-e-gramatikes-maqedonase\/\",\"url\":\"https:\/\/talkpal.ai\/sq\/ushtrimet-e-gramatikes-maqedonase\/\",\"name\":\"Ushtrimet e gramatik\u00ebs maqedonase - Talkpal\",\"isPartOf\":{\"@id\":\"https:\/\/talkpal.ai\/sq\/#website\"},\"primaryImageOfPage\":{\"@id\":\"https:\/\/talkpal.ai\/sq\/ushtrimet-e-gramatikes-maqedonase\/#primaryimage\"},\"image\":{\"@id\":\"https:\/\/talkpal.ai\/sq\/ushtrimet-e-gramatikes-maqedonase\/#primaryimage\"},\"thumbnailUrl\":\"https:\/\/talkpal.ai\/wp-content\/uploads\/2023\/05\/republic-of-macedonia.png\",\"datePublished\":\"2023-06-22T08:24:14+00:00\",\"dateModified\":\"2025-12-17T15:56:54+00:00\",\"description\":\"Zot\u00ebroni gramatik\u00ebn maqedonase me ushtrime interaktive t\u00eb gramatik\u00ebs maqedonase nga TalkPal, m\u00ebsuesi juaj i gjuh\u00ebs me AI.\",\"breadcrumb\":{\"@id\":\"https:\/\/talkpal.ai\/sq\/ushtrimet-e-gramatikes-maqedonase\/#breadcrumb\"},\"inLanguage\":\"sq-AL\",\"potentialAction\":[{\"@type\":\"ReadAction\",\"target\":[\"https:\/\/talkpal.ai\/sq\/ushtrimet-e-gramatikes-maqedonase\/\"]}]},{\"@type\":\"ImageObject\",\"inLanguage\":\"sq-AL\",\"@id\":\"https:\/\/talkpal.ai\/sq\/ushtrimet-e-gramatikes-maqedonase\/#primaryimage\",\"url\":\"https:\/\/talkpal.ai\/wp-content\/uploads\/2023\/05\/republic-of-macedonia.png\",\"contentUrl\":\"https:\/\/talkpal.ai\/wp-content\/uploads\/2023\/05\/republic-of-macedonia.png\",\"width\":512,\"height\":512,\"caption\":\"TalkPal Republic of Macedonia Flag\"},{\"@type\":\"BreadcrumbList\",\"@id\":\"https:\/\/talkpal.ai\/sq\/ushtrimet-e-gramatikes-maqedonase\/#breadcrumb\",\"itemListElement\":[{\"@type\":\"ListItem\",\"position\":1,\"name\":\"Homepage\",\"item\":\"https:\/\/talkpal.ai\/sq\/\"},{\"@type\":\"ListItem\",\"position\":2,\"name\":\"Ushtrimet e gramatik\u00ebs maqedonase\"}]},{\"@type\":\"WebSite\",\"@id\":\"https:\/\/talkpal.ai\/sq\/#website\",\"url\":\"https:\/\/talkpal.ai\/sq\/\",\"name\":\"Talkpal\",\"description\":\"AI Language Learning\",\"publisher\":{\"@id\":\"https:\/\/talkpal.ai\/sq\/#organization\"},\"alternateName\":\"Talkpal AI\",\"potentialAction\":[{\"@type\":\"SearchAction\",\"target\":{\"@type\":\"EntryPoint\",\"urlTemplate\":\"https:\/\/talkpal.ai\/sq\/?s={search_term_string}\"},\"query-input\":{\"@type\":\"PropertyValueSpecification\",\"valueRequired\":true,\"valueName\":\"search_term_string\"}}],\"inLanguage\":\"sq-AL\"},{\"@type\":\"Organization\",\"@id\":\"https:\/\/talkpal.ai\/sq\/#organization\",\"name\":\"Talkpal, Inc.\",\"alternateName\":\"Talkpal AI\",\"url\":\"https:\/\/talkpal.ai\/sq\/\",\"logo\":{\"@type\":\"ImageObject\",\"inLanguage\":\"sq-AL\",\"@id\":\"https:\/\/talkpal.ai\/sq\/#\/schema\/logo\/image\/\",\"url\":\"https:\/\/talkpal.ai\/wp-content\/uploads\/2024\/03\/Talkpal-Logo-Icon.png\",\"contentUrl\":\"https:\/\/talkpal.ai\/wp-content\/uploads\/2024\/03\/Talkpal-Logo-Icon.png\",\"width\":2880,\"height\":2880,\"caption\":\"Talkpal, Inc.\"},\"image\":{\"@id\":\"https:\/\/talkpal.ai\/sq\/#\/schema\/logo\/image\/\"},\"sameAs\":[\"https:\/\/www.facebook.com\/profile.php?id=100090733639311\",\"https:\/\/x.com\/talkpalai\",\"https:\/\/www.linkedin.com\/company\/talkpal\/\",\"https:\/\/www.youtube.com\/@TalkPal\/\",\"https:\/\/www.tiktok.com\/@talkpal\",\"https:\/\/www.instagram.com\/talkpal_ai\/\",\"https:\/\/www.crunchbase.com\/organization\/talkpal-9cde\",\"https:\/\/www.g2.com\/products\/talkpal-for-business\/\",\"https:\/\/www.trustpilot.com\/review\/talkpal.ai\",\"https:\/\/www.capterra.com\/p\/10006800\/TalkPal\/\"],\"description\":\"Talkpal is a language learning web and mobile education app, powered by the latest AI technologies, that provides engaging experiences to its customers in many different languages to help them improve their language skills. Users can chat about unlimited amount of topics with the app and use other modes to practice their language learning.\",\"email\":\"support@talkpal.ai\",\"legalName\":\"Talkpal, Inc.\",\"foundingDate\":\"2023-04-03\",\"duns\":\"118989042\",\"numberOfEmployees\":{\"@type\":\"QuantitativeValue\",\"minValue\":\"11\",\"maxValue\":\"50\"},\"publishingPrinciples\":\"https:\/\/talkpal.ai\/publishing-principles\/\",\"actionableFeedbackPolicy\":\"https:\/\/talkpal.ai\/actionable-feedback-policy\/\",\"correctionsPolicy\":\"https:\/\/talkpal.ai\/corrections-policy\/\",\"ethicsPolicy\":\"https:\/\/talkpal.ai\/ethics-policy\/\",\"diversityPolicy\":\"https:\/\/talkpal.ai\/diversity-policy\/\",\"diversityStaffingReport\":\"https:\/\/talkpal.ai\/diversity-policy\/\"}]}<\/script>\n<!-- \/ Yoast SEO Premium plugin. -->","yoast_head_json":{"title":"Ushtrimet e gramatik\u00ebs maqedonase - Talkpal","description":"Zot\u00ebroni gramatik\u00ebn maqedonase me ushtrime interaktive t\u00eb gramatik\u00ebs maqedonase nga TalkPal, m\u00ebsuesi juaj i gjuh\u00ebs me AI.","robots":{"index":"index","follow":"follow","max-snippet":"max-snippet:-1","max-image-preview":"max-image-preview:large","max-video-preview":"max-video-preview:-1"},"canonical":"https:\/\/talkpal.ai\/sq\/ushtrimet-e-gramatikes-maqedonase\/","og_locale":"sq_AL","og_type":"article","og_title":"Ushtrimet e gramatik\u00ebs maqedonase","og_description":"Temat e gramatik\u00ebs maqedonase Maqedonishtja, nj\u00eb gjuh\u00eb sllave jugore, \u00ebsht\u00eb gjuha zyrtare e Maqedonis\u00eb s\u00eb Veriut. Flitet nga mbi dy milion\u00eb njer\u00ebz n\u00eb","og_url":"https:\/\/talkpal.ai\/sq\/ushtrimet-e-gramatikes-maqedonase\/","og_site_name":"Talkpal","article_publisher":"https:\/\/www.facebook.com\/profile.php?id=100090733639311","article_modified_time":"2025-12-17T15:56:54+00:00","og_image":[{"width":512,"height":512,"url":"https:\/\/talkpal.ai\/wp-content\/uploads\/2023\/05\/republic-of-macedonia.png","type":"image\/png"}],"twitter_card":"summary_large_image","twitter_site":"@talkpalai","twitter_misc":{"Est. reading time":"3 minutes"},"schema":{"@context":"https:\/\/schema.org","@graph":[{"@type":"WebPage","@id":"https:\/\/talkpal.ai\/sq\/ushtrimet-e-gramatikes-maqedonase\/","url":"https:\/\/talkpal.ai\/sq\/ushtrimet-e-gramatikes-maqedonase\/","name":"Ushtrimet e gramatik\u00ebs maqedonase - Talkpal","isPartOf":{"@id":"https:\/\/talkpal.ai\/sq\/#website"},"primaryImageOfPage":{"@id":"https:\/\/talkpal.ai\/sq\/ushtrimet-e-gramatikes-maqedonase\/#primaryimage"},"image":{"@id":"https:\/\/talkpal.ai\/sq\/ushtrimet-e-gramatikes-maqedonase\/#primaryimage"},"thumbnailUrl":"https:\/\/talkpal.ai\/wp-content\/uploads\/2023\/05\/republic-of-macedonia.png","datePublished":"2023-06-22T08:24:14+00:00","dateModified":"2025-12-17T15:56:54+00:00","description":"Zot\u00ebroni gramatik\u00ebn maqedonase me ushtrime interaktive t\u00eb gramatik\u00ebs maqedonase nga TalkPal, m\u00ebsuesi juaj i gjuh\u00ebs me AI.","breadcrumb":{"@id":"https:\/\/talkpal.ai\/sq\/ushtrimet-e-gramatikes-maqedonase\/#breadcrumb"},"inLanguage":"sq-AL","potentialAction":[{"@type":"ReadAction","target":["https:\/\/talkpal.ai\/sq\/ushtrimet-e-gramatikes-maqedonase\/"]}]},{"@type":"ImageObject","inLanguage":"sq-AL","@id":"https:\/\/talkpal.ai\/sq\/ushtrimet-e-gramatikes-maqedonase\/#primaryimage","url":"https:\/\/talkpal.ai\/wp-content\/uploads\/2023\/05\/republic-of-macedonia.png","contentUrl":"https:\/\/talkpal.ai\/wp-content\/uploads\/2023\/05\/republic-of-macedonia.png","width":512,"height":512,"caption":"TalkPal Republic of Macedonia Flag"},{"@type":"BreadcrumbList","@id":"https:\/\/talkpal.ai\/sq\/ushtrimet-e-gramatikes-maqedonase\/#breadcrumb","itemListElement":[{"@type":"ListItem","position":1,"name":"Homepage","item":"https:\/\/talkpal.ai\/sq\/"},{"@type":"ListItem","position":2,"name":"Ushtrimet e gramatik\u00ebs maqedonase"}]},{"@type":"WebSite","@id":"https:\/\/talkpal.ai\/sq\/#website","url":"https:\/\/talkpal.ai\/sq\/","name":"Talkpal","description":"AI Language Learning","publisher":{"@id":"https:\/\/talkpal.ai\/sq\/#organization"},"alternateName":"Talkpal AI","potentialAction":[{"@type":"SearchAction","target":{"@type":"EntryPoint","urlTemplate":"https:\/\/talkpal.ai\/sq\/?s={search_term_string}"},"query-input":{"@type":"PropertyValueSpecification","valueRequired":true,"valueName":"search_term_string"}}],"inLanguage":"sq-AL"},{"@type":"Organization","@id":"https:\/\/talkpal.ai\/sq\/#organization","name":"Talkpal, Inc.","alternateName":"Talkpal AI","url":"https:\/\/talkpal.ai\/sq\/","logo":{"@type":"ImageObject","inLanguage":"sq-AL","@id":"https:\/\/talkpal.ai\/sq\/#\/schema\/logo\/image\/","url":"https:\/\/talkpal.ai\/wp-content\/uploads\/2024\/03\/Talkpal-Logo-Icon.png","contentUrl":"https:\/\/talkpal.ai\/wp-content\/uploads\/2024\/03\/Talkpal-Logo-Icon.png","width":2880,"height":2880,"caption":"Talkpal, Inc."},"image":{"@id":"https:\/\/talkpal.ai\/sq\/#\/schema\/logo\/image\/"},"sameAs":["https:\/\/www.facebook.com\/profile.php?id=100090733639311","https:\/\/x.com\/talkpalai","https:\/\/www.linkedin.com\/company\/talkpal\/","https:\/\/www.youtube.com\/@TalkPal\/","https:\/\/www.tiktok.com\/@talkpal","https:\/\/www.instagram.com\/talkpal_ai\/","https:\/\/www.crunchbase.com\/organization\/talkpal-9cde","https:\/\/www.g2.com\/products\/talkpal-for-business\/","https:\/\/www.trustpilot.com\/review\/talkpal.ai","https:\/\/www.capterra.com\/p\/10006800\/TalkPal\/"],"description":"Talkpal is a language learning web and mobile education app, powered by the latest AI technologies, that provides engaging experiences to its customers in many different languages to help them improve their language skills. Users can chat about unlimited amount of topics with the app and use other modes to practice their language learning.","email":"support@talkpal.ai","legalName":"Talkpal, Inc.","foundingDate":"2023-04-03","duns":"118989042","numberOfEmployees":{"@type":"QuantitativeValue","minValue":"11","maxValue":"50"},"publishingPrinciples":"https:\/\/talkpal.ai\/publishing-principles\/","actionableFeedbackPolicy":"https:\/\/talkpal.ai\/actionable-feedback-policy\/","correctionsPolicy":"https:\/\/talkpal.ai\/corrections-policy\/","ethicsPolicy":"https:\/\/talkpal.ai\/ethics-policy\/","diversityPolicy":"https:\/\/talkpal.ai\/diversity-policy\/","diversityStaffingReport":"https:\/\/talkpal.ai\/diversity-policy\/"}]}},"_links":{"self":[{"href":"https:\/\/talkpal.ai\/sq\/wp-json\/wp\/v2\/pages\/1448062","targetHints":{"allow":["GET"]}}],"collection":[{"href":"https:\/\/talkpal.ai\/sq\/wp-json\/wp\/v2\/pages"}],"about":[{"href":"https:\/\/talkpal.ai\/sq\/wp-json\/wp\/v2\/types\/page"}],"author":[{"embeddable":true,"href":"https:\/\/talkpal.ai\/sq\/wp-json\/wp\/v2\/users\/6"}],"replies":[{"embeddable":true,"href":"https:\/\/talkpal.ai\/sq\/wp-json\/wp\/v2\/comments?post=1448062"}],"version-history":[{"count":0,"href":"https:\/\/talkpal.ai\/sq\/wp-json\/wp\/v2\/pages\/1448062\/revisions"}],"wp:featuredmedia":[{"embeddable":true,"href":"https:\/\/talkpal.ai\/sq\/wp-json\/wp\/v2\/media\/1442874"}],"wp:attachment":[{"href":"https:\/\/talkpal.ai\/sq\/wp-json\/wp\/v2\/media?parent=1448062"}],"curies":[{"name":"wp","href":"https:\/\/api.w.org\/{rel}","templated":true}]}}