{"id":1448059,"date":"2023-06-22T08:43:13","date_gmt":"2023-06-22T08:43:13","guid":{"rendered":"https:\/\/talkpal.ai\/ushtrimet-e-gramatikes-maori\/"},"modified":"2025-12-17T14:35:07","modified_gmt":"2025-12-17T14:35:07","slug":"ushtrimet-e-gramatikes-maori","status":"publish","type":"page","link":"https:\/\/talkpal.ai\/sq\/ushtrimet-e-gramatikes-maori\/","title":{"rendered":"Ushtrimet e gramatik\u00ebs maori"},"content":{"rendered":"\r\n\r\n\r\n<section class=\"languageChallengeSection\">\r\n    <div class=\"languageInfoWrapper\">\r\n        \r\n        <h1>Ushtrimet e gramatik\u00ebs maori<\/h1>\r\n        <p>D\u00ebshironi t\u00eb forconi aft\u00ebsit\u00eb tuaja te reo <a href=\"https:\/\/talkpal.ai\/learn-maori\/\">Maori<\/a>? Praktikimi i ushtrimeve gramatikore \u00ebsht\u00eb nj\u00eb m\u00ebnyr\u00eb e shk\u00eblqyer p\u00ebr t\u00eb kuptuar struktur\u00ebn e fjalis\u00eb, format e foljeve dhe modelet kryesore t\u00eb gjuh\u00ebs. Filloni t\u00eb eksploroni gramatik\u00ebn M\u0101ori sot dhe shikoni besimin dhe aft\u00ebsin\u00eb tuaj t\u00eb rriten me \u00e7do ushtrim t\u00eb ri!<\/p>\r\n\r\n                            <a class=\"getStartedHidden\" href=\"https:\/\/app.talkpal.ai\/signup?lng=\">Filloni<\/a>\r\n        \r\n    <\/div>\r\n\r\n    <figure>\r\n    <img decoding=\"async\" width=\"768\" height=\"768\" src=\"https:\/\/talkpal.ai\/wp-content\/uploads\/2023\/06\/maori-768x768.png\" class=\"languageImage no-lazy\" alt=\"Language learning for social and professional settings\" fetchpriority=\"high\" sizes=\"(max-width: 768px) 150px, 768px\" srcset=\"https:\/\/talkpal.ai\/wp-content\/uploads\/2023\/06\/maori-768x768.png 768w, https:\/\/talkpal.ai\/wp-content\/uploads\/2023\/06\/maori-300x300.png 300w\" \/>\r\n    \r\n\r\n    <\/figure>\r\n\r\n            <a class=\"getStartedVisible\" href=\"https:\/\/app.talkpal.ai\/signup?lng=\">Filloni<\/a>\r\n    \r\n<\/section>\r\n\r\n\r\n<!-- <section class=\"grammarSection\">\r\n    <div class=\"grammarLinks\">\r\n            <\/div>\r\n<\/section> -->\r\n\r\n\r\n\r\n\r\n<section class=\"promotionalBanner\">\r\n    <p class=\"promotionalText\">M\u00ebnyra m\u00eb efikase p\u00ebr t\u00eb m\u00ebsuar nj\u00eb gjuh\u00eb<\/p>\r\n    <a class=\"promotionalLink\" href=\"https:\/\/app.talkpal.ai\/signup?lng=\">Provoni Talkpal falas<\/a>\r\n<\/section>\n<div class=\"wp-block-group pageContainerStyle\"><div class=\"wp-block-group__inner-container is-layout-constrained wp-block-group-is-layout-constrained\">\n<h2 class=\"wp-block-heading\" id=\"h-maori-grammar-topics\">Temat e gramatik\u00ebs Maori<\/h2>\n\n\n\n<p>Gjuha Maori, e njohur si <a href=\"https:\/\/talkpal.ai\/culture\/how-do-i-start-learning-te-reo-maori-as-a-beginner\/\">te reo M\u0101ori<\/a>, \u00ebsht\u00eb nj\u00eb gjuh\u00eb polineziane lindore vendase n\u00eb Zeland\u00ebn e Re. Si gjuh\u00eb zyrtare e vendit, ajo mbart nj\u00eb trash\u00ebgimi t\u00eb pasur kulturore dhe ve\u00e7ori unike gjuh\u00ebsore. M\u00ebsimi i gramatik\u00ebs Maori \u00ebsht\u00eb thelb\u00ebsor p\u00ebr t\u00eb kuptuar dhe komunikuar n\u00eb m\u00ebnyr\u00eb efektive n\u00eb gjuh\u00eb. Ky udh\u00ebzues ofron nj\u00eb p\u00ebrmbledhje t\u00eb temave thelb\u00ebsore t\u00eb gramatik\u00ebs Maori, t\u00eb organizuara n\u00eb nj\u00eb sekuenc\u00eb t\u00eb krijuar p\u00ebr t\u00eb leht\u00ebsuar procesin tuaj t\u00eb t\u00eb m\u00ebsuarit. Nga koh\u00ebt dhe foljet deri te mbiemrat dhe parafjal\u00ebt, ky udh\u00ebzues do t&#8217;ju ndihmoj\u00eb t\u00eb kuptoni element\u00ebt thelb\u00ebsor\u00eb t\u00eb gramatik\u00ebs Maori dhe t\u00eb filloni udh\u00ebtimin tuaj t\u00eb m\u00ebsimit t\u00eb gjuh\u00ebs.<\/p>\n\n\n\n<h3 class=\"wp-block-heading\" id=\"h-1-tenses\">1. Koh\u00ebt:<\/h3>\n\n\n\n<p>N\u00eb Maori, ka dy koh\u00eb kryesore \u2013 e kaluara dhe jo e kaluara. Koha e kaluar tregon veprime ose ngjarje q\u00eb kan\u00eb ndodhur tashm\u00eb, nd\u00ebrsa koha jo-e kaluar p\u00ebrfshin veprimet e tanishme dhe t\u00eb ardhshme. Kuptimi i k\u00ebtyre koh\u00ebve \u00ebsht\u00eb thelb\u00ebsor p\u00ebr formimin e fjalive dhe p\u00ebrcjelljen e kuptimit me sakt\u00ebsi.<\/p>\n\n\n\n<h3 class=\"wp-block-heading\" id=\"h-2-tense-comparison\">2. Krahasimi i tensionit:<\/h3>\n\n\n\n<p>Kur krahasoni koh\u00ebt n\u00eb Maori, \u00ebsht\u00eb thelb\u00ebsore t\u00eb kuptoni <a href=\"https:\/\/talkpal.ai\/culture\/what-is-the-difference-between-se-and-si\/\">se si<\/a> t\u00eb formoni fjali duke p\u00ebrdorur koh\u00ebt e ndryshme dhe t\u00eb b\u00ebni krahasimet e duhura midis <a href=\"https:\/\/talkpal.ai\/locations\/language-courses-in-tyre\/\">tyre<\/a>. Kjo njohuri do t&#8217;ju ndihmoj\u00eb t\u00eb shprehni veprime dhe ngjarje n\u00eb kontekste t\u00eb ndryshme kohore.<\/p>\n\n\n\n<h3 class=\"wp-block-heading\" id=\"h-3-progressive\">3. Progresive:<\/h3>\n\n\n\n<p>Aspekti progresiv n\u00eb Maori tregon veprime t\u00eb vazhdueshme ose t\u00eb vazhdueshme. T\u00eb m\u00ebsuarit se si t\u00eb p\u00ebrdorni aspektin progresiv do t&#8217;ju mund\u00ebsoj\u00eb t\u00eb p\u00ebrshkruani veprimet q\u00eb po ndodhin p\u00ebr momentin, duke shtuar thell\u00ebsi n\u00eb komunikimin tuaj.<\/p>\n\n\n\n<h3 class=\"wp-block-heading\" id=\"h-4-perfect-progressive\">4. Progresiv i p\u00ebrsosur:<\/h3>\n\n\n\n<p>Aspekti progresiv i p\u00ebrsosur kombinon elemente t\u00eb aspekteve perfekte dhe progresive, duke treguar veprime q\u00eb kan\u00eb qen\u00eb n\u00eb vazhdim, por tani jan\u00eb p\u00ebrfunduar. Zot\u00ebrimi i k\u00ebtij aspekti do t&#8217;ju ndihmoj\u00eb t\u00eb p\u00ebrcillni ide dhe situata m\u00eb komplekse.<\/p>\n\n\n\n<h3 class=\"wp-block-heading\" id=\"h-5-verbs\">5. Foljet:<\/h3>\n\n\n\n<p>Foljet jan\u00eb thelb\u00ebsore p\u00ebr nd\u00ebrtimin e fjalive dhe shprehjen e veprimeve ose gjendjeve t\u00eb t\u00eb qenit n\u00eb Maori. Njohja me konjugimin e foljeve, foljet e zakonshme dhe p\u00ebrdorimin e tyre \u00ebsht\u00eb thelb\u00ebsore p\u00ebr komunikim efektiv.<\/p>\n\n\n\n<h3 class=\"wp-block-heading\" id=\"h-6-nouns\">6. Emrat:<\/h3>\n\n\n\n<p>Emrat jan\u00eb themeli i \u00e7do gjuhe, q\u00eb p\u00ebrfaq\u00ebson njer\u00ebz, vende, gj\u00ebra ose ide. M\u00ebsimi i emrave Maori do t&#8217;ju ndihmoj\u00eb t\u00eb nd\u00ebrtoni fjalorin tuaj dhe t\u00eb p\u00ebrmir\u00ebsoni t\u00eb kuptuarit tuaj t\u00eb p\u00ebrgjithsh\u00ebm t\u00eb gjuh\u00ebs.<\/p>\n\n\n\n<h3 class=\"wp-block-heading\" id=\"h-7-articles\">7. Nenet:<\/h3>\n\n\n\n<p>Maori p\u00ebrdor artikuj p\u00ebr t\u00eb specifikuar p\u00ebrcaktueshm\u00ebrin\u00eb ose pap\u00ebrkufizueshm\u00ebrin\u00eb e nj\u00eb emri. Kuptimi i p\u00ebrdorimit t\u00eb artikujve do t&#8217;ju ndihmoj\u00eb t\u00eb nd\u00ebrtoni fjali me qart\u00ebsi dhe sakt\u00ebsi.<\/p>\n\n\n\n<h3 class=\"wp-block-heading\" id=\"h-8-pronouns-determiners\">8. P\u00ebremrat\/p\u00ebrcaktuesit:<\/h3>\n\n\n\n<p>P\u00ebremrat dhe p\u00ebrcaktuesit luajn\u00eb nj\u00eb rol jetik n\u00eb gramatik\u00ebn Maori, duke ndihmuar n\u00eb identifikimin ose specifikimin e nj\u00eb emri. Njihuni me p\u00ebremra dhe p\u00ebrcaktues t\u00eb ndrysh\u00ebm p\u00ebr t\u00eb p\u00ebrmir\u00ebsuar aft\u00ebsit\u00eb tuaja gjuh\u00ebsore.<\/p>\n\n\n\n<h3 class=\"wp-block-heading\" id=\"h-9-adjectives\">9. Mbiemra:<\/h3>\n\n\n\n<p>Mbiemrat japin p\u00ebrshkrime, cil\u00ebsi ose atribute p\u00ebr emrat. M\u00ebsimi i mbiemrave Maori do t&#8217;ju mund\u00ebsoj\u00eb t\u00eb shprehni ide m\u00eb t\u00eb detajuara dhe t\u00eb nuancuara.<\/p>\n\n\n\n<h3 class=\"wp-block-heading\" id=\"h-10-adverbs\">10. Ndajfoljet:<\/h3>\n\n\n\n<p>Ndajfoljet modifikojn\u00eb foljet, mbiemrat ose ndajfoljet e tjera, duke ofruar informacion shtes\u00eb <a href=\"https:\/\/talkpal.ai\/sq\/rreth\/\">rreth<\/a> veprimeve ose cil\u00ebsive. Zot\u00ebrimi i ndajfoljeve Maori do t&#8217;ju ndihmoj\u00eb t\u00eb p\u00ebrcillni kuptimin n\u00eb m\u00ebnyr\u00eb m\u00eb efektive dhe t&#8217;i shtoni shum\u00ebllojshm\u00ebri fjalive tuaja.<\/p>\n\n\n\n<h3 class=\"wp-block-heading\" id=\"h-11-conditionals\">11. Kusht\u00ebzuese:<\/h3>\n\n\n\n<p>Kusht\u00ebzimet p\u00ebrdoren p\u00ebr t\u00eb shprehur situata hipotetike ose pasoja n\u00eb Maori. Kuptimi i formave t\u00eb kusht\u00ebzuara do t&#8217;ju ndihmoj\u00eb t\u00eb komunikoni ide dhe mund\u00ebsi komplekse.<\/p>\n\n\n\n<h3 class=\"wp-block-heading\" id=\"h-12-prepositions\">12. Parafjal\u00ebt:<\/h3>\n\n\n\n<p>Parafjal\u00ebt jan\u00eb thelb\u00ebsore p\u00ebr t\u00eb treguar marr\u00ebdh\u00ebniet midis fjal\u00ebve, t\u00eb tilla si vendndodhja, drejtimi ose koha. M\u00ebsimi i parafjal\u00ebve Maori do t&#8217;ju ndihmoj\u00eb t\u00eb nd\u00ebrtoni fjali m\u00eb komplekse dhe kuptimplota.<\/p>\n\n\n\n<h3 class=\"wp-block-heading\" id=\"h-13-sentences\">13. Fjalit\u00eb:<\/h3>\n\n\n\n<p>S\u00eb fundi, t\u00eb kuptuarit e struktur\u00ebs s\u00eb fjalis\u00eb dhe rendit t\u00eb fjal\u00ebve \u00ebsht\u00eb thelb\u00ebsor p\u00ebr komunikimin efektiv n\u00eb Maori. Njihuni me modele t\u00eb ndryshme fjalish dhe praktikoni nd\u00ebrtimin e fjalive duke p\u00ebrdorur temat gramatikore t\u00eb mbuluara n\u00eb k\u00ebt\u00eb udh\u00ebzues.<\/p>\n<\/div><\/div>\n\r\n<section class=\"learnNavigationSection\">\r\n            \r\n        <a href=\"https:\/\/talkpal.ai\/sq\/meso-maori\/\">\r\n            <div class=\"learnNavigationWrapper\">\r\n                <div class=\"learnNavigationContent\">\r\n                    <img decoding=\"async\" src=\"https:\/\/talkpal.ai\/wp-content\/uploads\/2024\/08\/Maori.jpg\" alt=\"New Zealand Flag\">\r\n                    <div>\r\n                        <h4>M\u00ebsimet e gramatik\u00ebs Maori<\/h4>\r\n                        <p>M\u00ebsoni gjith\u00e7ka rreth gramatik\u00ebs Maori.<\/p>\r\n                    <\/div>\r\n                <\/div>\r\n            <\/div>\r\n        <\/a>\r\n\r\n        \r\n        <a href=\"https:\/\/talkpal.ai\/sq\/gramatika-maori\/\">\r\n            <div class=\"learnNavigationWrapper\">\r\n                <div class=\"learnNavigationContent\">\r\n                    <img decoding=\"async\" src=\"https:\/\/talkpal.ai\/wp-content\/uploads\/2024\/08\/Maori.jpg\" alt=\"New Zealand Flag\">\r\n                    <div>\r\n                        <h4>M\u00ebsimet e gramatik\u00ebs Maori<\/h4>\r\n                        <p>Praktikoni gramatik\u00ebn Maori.<\/p>\r\n                    <\/div>\r\n                <\/div>\r\n            <\/div>\r\n        <\/a>\r\n\r\n        \r\n        <a href=\"https:\/\/talkpal.ai\/vocabulary_language\/maori\/\">\r\n            <div class=\"learnNavigationWrapper\">\r\n                <div class=\"learnNavigationContent\">\r\n                    <img decoding=\"async\" src=\"https:\/\/talkpal.ai\/wp-content\/uploads\/2024\/08\/Maori.jpg\" alt=\"New Zealand Flag\">\r\n                    <div>\r\n                        <h4>Fjalori Maori<\/h4>\r\n                        <p>Zgjeroni fjalorin tuaj Maori.<\/p>\r\n                    <\/div>\r\n                <\/div>\r\n            <\/div>\r\n        <\/a>\r\n\r\n            <\/section>","protected":false},"excerpt":{"rendered":"<p>Temat e gramatik\u00ebs Maori Gjuha Maori, e njohur si te reo M\u0101ori, \u00ebsht\u00eb nj\u00eb gjuh\u00eb polineziane lindore vendase n\u00eb Zeland\u00ebn e Re. Si gjuh\u00eb zyrtare e vendit, ajo mbart nj\u00eb trash\u00ebgimi t\u00eb pasur kulturore dhe ve\u00e7ori unike gjuh\u00ebsore. M\u00ebsimi i gramatik\u00ebs Maori \u00ebsht\u00eb thelb\u00ebsor p\u00ebr t\u00eb kuptuar dhe komunikuar n\u00eb m\u00ebnyr\u00eb efektive n\u00eb gjuh\u00eb. Ky [&hellip;]<\/p>\n","protected":false},"author":6,"featured_media":1442880,"parent":0,"menu_order":0,"comment_status":"closed","ping_status":"closed","template":"LearningContentPage.php","meta":{"_acf_changed":false,"footnotes":""},"class_list":["post-1448059","page","type-page","status-publish","has-post-thumbnail","hentry"],"acf":[],"yoast_head":"<!-- This site is optimized with the Yoast SEO Premium plugin v27.2 (Yoast SEO v27.2) - https:\/\/yoast.com\/product\/yoast-seo-premium-wordpress\/ -->\n<title>Ushtrimet e gramatik\u00ebs maori - Talkpal<\/title>\n<meta name=\"description\" content=\"P\u00ebrmir\u00ebsoni aft\u00ebsit\u00eb tuaja gjuh\u00ebsore me ushtrimet e gramatik\u00ebs Maori t\u00eb krijuara p\u00ebr t\u00eb rritur t\u00eb kuptuarit dhe rrjedhshm\u00ebrin\u00eb tuaj t\u00eb gjuh\u00ebs Maori.\" \/>\n<meta name=\"robots\" content=\"index, follow, max-snippet:-1, max-image-preview:large, max-video-preview:-1\" \/>\n<link rel=\"canonical\" href=\"https:\/\/talkpal.ai\/sq\/ushtrimet-e-gramatikes-maori\/\" \/>\n<meta property=\"og:locale\" content=\"sq_AL\" \/>\n<meta property=\"og:type\" content=\"article\" \/>\n<meta property=\"og:title\" content=\"Ushtrimet e gramatik\u00ebs maori\" \/>\n<meta property=\"og:description\" content=\"Temat e gramatik\u00ebs Maori Gjuha Maori, e njohur si te reo M\u0101ori, \u00ebsht\u00eb nj\u00eb gjuh\u00eb polineziane lindore vendase n\u00eb Zeland\u00ebn e Re. Si gjuh\u00eb zyrtare e vendit,\" \/>\n<meta property=\"og:url\" content=\"https:\/\/talkpal.ai\/sq\/ushtrimet-e-gramatikes-maori\/\" \/>\n<meta property=\"og:site_name\" content=\"Talkpal\" \/>\n<meta property=\"article:publisher\" content=\"https:\/\/www.facebook.com\/profile.php?id=100090733639311\" \/>\n<meta property=\"article:modified_time\" content=\"2025-12-17T14:35:07+00:00\" \/>\n<meta property=\"og:image\" content=\"https:\/\/talkpal.ai\/wp-content\/uploads\/2023\/05\/Maori-new-zealand.png\" \/>\n\t<meta property=\"og:image:width\" content=\"512\" \/>\n\t<meta property=\"og:image:height\" content=\"512\" \/>\n\t<meta property=\"og:image:type\" content=\"image\/png\" \/>\n<meta name=\"twitter:card\" content=\"summary_large_image\" \/>\n<meta name=\"twitter:site\" content=\"@talkpalai\" \/>\n<meta name=\"twitter:label1\" content=\"Est. reading time\" \/>\n\t<meta name=\"twitter:data1\" content=\"4 minutes\" \/>\n<script type=\"application\/ld+json\" class=\"yoast-schema-graph\">{\"@context\":\"https:\/\/schema.org\",\"@graph\":[{\"@type\":\"WebPage\",\"@id\":\"https:\/\/talkpal.ai\/sq\/ushtrimet-e-gramatikes-maori\/\",\"url\":\"https:\/\/talkpal.ai\/sq\/ushtrimet-e-gramatikes-maori\/\",\"name\":\"Ushtrimet e gramatik\u00ebs maori - Talkpal\",\"isPartOf\":{\"@id\":\"https:\/\/talkpal.ai\/sq\/#website\"},\"primaryImageOfPage\":{\"@id\":\"https:\/\/talkpal.ai\/sq\/ushtrimet-e-gramatikes-maori\/#primaryimage\"},\"image\":{\"@id\":\"https:\/\/talkpal.ai\/sq\/ushtrimet-e-gramatikes-maori\/#primaryimage\"},\"thumbnailUrl\":\"https:\/\/talkpal.ai\/wp-content\/uploads\/2023\/05\/Maori-new-zealand.png\",\"datePublished\":\"2023-06-22T08:43:13+00:00\",\"dateModified\":\"2025-12-17T14:35:07+00:00\",\"description\":\"P\u00ebrmir\u00ebsoni aft\u00ebsit\u00eb tuaja gjuh\u00ebsore me ushtrimet e gramatik\u00ebs Maori t\u00eb krijuara p\u00ebr t\u00eb rritur t\u00eb kuptuarit dhe rrjedhshm\u00ebrin\u00eb tuaj t\u00eb gjuh\u00ebs Maori.\",\"breadcrumb\":{\"@id\":\"https:\/\/talkpal.ai\/sq\/ushtrimet-e-gramatikes-maori\/#breadcrumb\"},\"inLanguage\":\"sq-AL\",\"potentialAction\":[{\"@type\":\"ReadAction\",\"target\":[\"https:\/\/talkpal.ai\/sq\/ushtrimet-e-gramatikes-maori\/\"]}]},{\"@type\":\"ImageObject\",\"inLanguage\":\"sq-AL\",\"@id\":\"https:\/\/talkpal.ai\/sq\/ushtrimet-e-gramatikes-maori\/#primaryimage\",\"url\":\"https:\/\/talkpal.ai\/wp-content\/uploads\/2023\/05\/Maori-new-zealand.png\",\"contentUrl\":\"https:\/\/talkpal.ai\/wp-content\/uploads\/2023\/05\/Maori-new-zealand.png\",\"width\":512,\"height\":512,\"caption\":\"TalkPal Maori Flag\"},{\"@type\":\"BreadcrumbList\",\"@id\":\"https:\/\/talkpal.ai\/sq\/ushtrimet-e-gramatikes-maori\/#breadcrumb\",\"itemListElement\":[{\"@type\":\"ListItem\",\"position\":1,\"name\":\"Homepage\",\"item\":\"https:\/\/talkpal.ai\/sq\/\"},{\"@type\":\"ListItem\",\"position\":2,\"name\":\"Ushtrimet e gramatik\u00ebs maori\"}]},{\"@type\":\"WebSite\",\"@id\":\"https:\/\/talkpal.ai\/sq\/#website\",\"url\":\"https:\/\/talkpal.ai\/sq\/\",\"name\":\"Talkpal\",\"description\":\"AI Language Learning\",\"publisher\":{\"@id\":\"https:\/\/talkpal.ai\/sq\/#organization\"},\"alternateName\":\"Talkpal AI\",\"potentialAction\":[{\"@type\":\"SearchAction\",\"target\":{\"@type\":\"EntryPoint\",\"urlTemplate\":\"https:\/\/talkpal.ai\/sq\/?s={search_term_string}\"},\"query-input\":{\"@type\":\"PropertyValueSpecification\",\"valueRequired\":true,\"valueName\":\"search_term_string\"}}],\"inLanguage\":\"sq-AL\"},{\"@type\":\"Organization\",\"@id\":\"https:\/\/talkpal.ai\/sq\/#organization\",\"name\":\"Talkpal, Inc.\",\"alternateName\":\"Talkpal AI\",\"url\":\"https:\/\/talkpal.ai\/sq\/\",\"logo\":{\"@type\":\"ImageObject\",\"inLanguage\":\"sq-AL\",\"@id\":\"https:\/\/talkpal.ai\/sq\/#\/schema\/logo\/image\/\",\"url\":\"https:\/\/talkpal.ai\/wp-content\/uploads\/2024\/03\/Talkpal-Logo-Icon.png\",\"contentUrl\":\"https:\/\/talkpal.ai\/wp-content\/uploads\/2024\/03\/Talkpal-Logo-Icon.png\",\"width\":2880,\"height\":2880,\"caption\":\"Talkpal, Inc.\"},\"image\":{\"@id\":\"https:\/\/talkpal.ai\/sq\/#\/schema\/logo\/image\/\"},\"sameAs\":[\"https:\/\/www.facebook.com\/profile.php?id=100090733639311\",\"https:\/\/x.com\/talkpalai\",\"https:\/\/www.linkedin.com\/company\/talkpal\/\",\"https:\/\/www.youtube.com\/@TalkPal\/\",\"https:\/\/www.tiktok.com\/@talkpal\",\"https:\/\/www.instagram.com\/talkpal_ai\/\",\"https:\/\/www.crunchbase.com\/organization\/talkpal-9cde\",\"https:\/\/www.g2.com\/products\/talkpal-for-business\/\",\"https:\/\/www.trustpilot.com\/review\/talkpal.ai\",\"https:\/\/www.capterra.com\/p\/10006800\/TalkPal\/\"],\"description\":\"Talkpal is a language learning web and mobile education app, powered by the latest AI technologies, that provides engaging experiences to its customers in many different languages to help them improve their language skills. Users can chat about unlimited amount of topics with the app and use other modes to practice their language learning.\",\"email\":\"support@talkpal.ai\",\"legalName\":\"Talkpal, Inc.\",\"foundingDate\":\"2023-04-03\",\"duns\":\"118989042\",\"numberOfEmployees\":{\"@type\":\"QuantitativeValue\",\"minValue\":\"11\",\"maxValue\":\"50\"},\"publishingPrinciples\":\"https:\/\/talkpal.ai\/publishing-principles\/\",\"actionableFeedbackPolicy\":\"https:\/\/talkpal.ai\/actionable-feedback-policy\/\",\"correctionsPolicy\":\"https:\/\/talkpal.ai\/corrections-policy\/\",\"ethicsPolicy\":\"https:\/\/talkpal.ai\/ethics-policy\/\",\"diversityPolicy\":\"https:\/\/talkpal.ai\/diversity-policy\/\",\"diversityStaffingReport\":\"https:\/\/talkpal.ai\/diversity-policy\/\"}]}<\/script>\n<!-- \/ Yoast SEO Premium plugin. -->","yoast_head_json":{"title":"Ushtrimet e gramatik\u00ebs maori - Talkpal","description":"P\u00ebrmir\u00ebsoni aft\u00ebsit\u00eb tuaja gjuh\u00ebsore me ushtrimet e gramatik\u00ebs Maori t\u00eb krijuara p\u00ebr t\u00eb rritur t\u00eb kuptuarit dhe rrjedhshm\u00ebrin\u00eb tuaj t\u00eb gjuh\u00ebs Maori.","robots":{"index":"index","follow":"follow","max-snippet":"max-snippet:-1","max-image-preview":"max-image-preview:large","max-video-preview":"max-video-preview:-1"},"canonical":"https:\/\/talkpal.ai\/sq\/ushtrimet-e-gramatikes-maori\/","og_locale":"sq_AL","og_type":"article","og_title":"Ushtrimet e gramatik\u00ebs maori","og_description":"Temat e gramatik\u00ebs Maori Gjuha Maori, e njohur si te reo M\u0101ori, \u00ebsht\u00eb nj\u00eb gjuh\u00eb polineziane lindore vendase n\u00eb Zeland\u00ebn e Re. Si gjuh\u00eb zyrtare e vendit,","og_url":"https:\/\/talkpal.ai\/sq\/ushtrimet-e-gramatikes-maori\/","og_site_name":"Talkpal","article_publisher":"https:\/\/www.facebook.com\/profile.php?id=100090733639311","article_modified_time":"2025-12-17T14:35:07+00:00","og_image":[{"width":512,"height":512,"url":"https:\/\/talkpal.ai\/wp-content\/uploads\/2023\/05\/Maori-new-zealand.png","type":"image\/png"}],"twitter_card":"summary_large_image","twitter_site":"@talkpalai","twitter_misc":{"Est. reading time":"4 minutes"},"schema":{"@context":"https:\/\/schema.org","@graph":[{"@type":"WebPage","@id":"https:\/\/talkpal.ai\/sq\/ushtrimet-e-gramatikes-maori\/","url":"https:\/\/talkpal.ai\/sq\/ushtrimet-e-gramatikes-maori\/","name":"Ushtrimet e gramatik\u00ebs maori - Talkpal","isPartOf":{"@id":"https:\/\/talkpal.ai\/sq\/#website"},"primaryImageOfPage":{"@id":"https:\/\/talkpal.ai\/sq\/ushtrimet-e-gramatikes-maori\/#primaryimage"},"image":{"@id":"https:\/\/talkpal.ai\/sq\/ushtrimet-e-gramatikes-maori\/#primaryimage"},"thumbnailUrl":"https:\/\/talkpal.ai\/wp-content\/uploads\/2023\/05\/Maori-new-zealand.png","datePublished":"2023-06-22T08:43:13+00:00","dateModified":"2025-12-17T14:35:07+00:00","description":"P\u00ebrmir\u00ebsoni aft\u00ebsit\u00eb tuaja gjuh\u00ebsore me ushtrimet e gramatik\u00ebs Maori t\u00eb krijuara p\u00ebr t\u00eb rritur t\u00eb kuptuarit dhe rrjedhshm\u00ebrin\u00eb tuaj t\u00eb gjuh\u00ebs Maori.","breadcrumb":{"@id":"https:\/\/talkpal.ai\/sq\/ushtrimet-e-gramatikes-maori\/#breadcrumb"},"inLanguage":"sq-AL","potentialAction":[{"@type":"ReadAction","target":["https:\/\/talkpal.ai\/sq\/ushtrimet-e-gramatikes-maori\/"]}]},{"@type":"ImageObject","inLanguage":"sq-AL","@id":"https:\/\/talkpal.ai\/sq\/ushtrimet-e-gramatikes-maori\/#primaryimage","url":"https:\/\/talkpal.ai\/wp-content\/uploads\/2023\/05\/Maori-new-zealand.png","contentUrl":"https:\/\/talkpal.ai\/wp-content\/uploads\/2023\/05\/Maori-new-zealand.png","width":512,"height":512,"caption":"TalkPal Maori Flag"},{"@type":"BreadcrumbList","@id":"https:\/\/talkpal.ai\/sq\/ushtrimet-e-gramatikes-maori\/#breadcrumb","itemListElement":[{"@type":"ListItem","position":1,"name":"Homepage","item":"https:\/\/talkpal.ai\/sq\/"},{"@type":"ListItem","position":2,"name":"Ushtrimet e gramatik\u00ebs maori"}]},{"@type":"WebSite","@id":"https:\/\/talkpal.ai\/sq\/#website","url":"https:\/\/talkpal.ai\/sq\/","name":"Talkpal","description":"AI Language Learning","publisher":{"@id":"https:\/\/talkpal.ai\/sq\/#organization"},"alternateName":"Talkpal AI","potentialAction":[{"@type":"SearchAction","target":{"@type":"EntryPoint","urlTemplate":"https:\/\/talkpal.ai\/sq\/?s={search_term_string}"},"query-input":{"@type":"PropertyValueSpecification","valueRequired":true,"valueName":"search_term_string"}}],"inLanguage":"sq-AL"},{"@type":"Organization","@id":"https:\/\/talkpal.ai\/sq\/#organization","name":"Talkpal, Inc.","alternateName":"Talkpal AI","url":"https:\/\/talkpal.ai\/sq\/","logo":{"@type":"ImageObject","inLanguage":"sq-AL","@id":"https:\/\/talkpal.ai\/sq\/#\/schema\/logo\/image\/","url":"https:\/\/talkpal.ai\/wp-content\/uploads\/2024\/03\/Talkpal-Logo-Icon.png","contentUrl":"https:\/\/talkpal.ai\/wp-content\/uploads\/2024\/03\/Talkpal-Logo-Icon.png","width":2880,"height":2880,"caption":"Talkpal, Inc."},"image":{"@id":"https:\/\/talkpal.ai\/sq\/#\/schema\/logo\/image\/"},"sameAs":["https:\/\/www.facebook.com\/profile.php?id=100090733639311","https:\/\/x.com\/talkpalai","https:\/\/www.linkedin.com\/company\/talkpal\/","https:\/\/www.youtube.com\/@TalkPal\/","https:\/\/www.tiktok.com\/@talkpal","https:\/\/www.instagram.com\/talkpal_ai\/","https:\/\/www.crunchbase.com\/organization\/talkpal-9cde","https:\/\/www.g2.com\/products\/talkpal-for-business\/","https:\/\/www.trustpilot.com\/review\/talkpal.ai","https:\/\/www.capterra.com\/p\/10006800\/TalkPal\/"],"description":"Talkpal is a language learning web and mobile education app, powered by the latest AI technologies, that provides engaging experiences to its customers in many different languages to help them improve their language skills. Users can chat about unlimited amount of topics with the app and use other modes to practice their language learning.","email":"support@talkpal.ai","legalName":"Talkpal, Inc.","foundingDate":"2023-04-03","duns":"118989042","numberOfEmployees":{"@type":"QuantitativeValue","minValue":"11","maxValue":"50"},"publishingPrinciples":"https:\/\/talkpal.ai\/publishing-principles\/","actionableFeedbackPolicy":"https:\/\/talkpal.ai\/actionable-feedback-policy\/","correctionsPolicy":"https:\/\/talkpal.ai\/corrections-policy\/","ethicsPolicy":"https:\/\/talkpal.ai\/ethics-policy\/","diversityPolicy":"https:\/\/talkpal.ai\/diversity-policy\/","diversityStaffingReport":"https:\/\/talkpal.ai\/diversity-policy\/"}]}},"_links":{"self":[{"href":"https:\/\/talkpal.ai\/sq\/wp-json\/wp\/v2\/pages\/1448059","targetHints":{"allow":["GET"]}}],"collection":[{"href":"https:\/\/talkpal.ai\/sq\/wp-json\/wp\/v2\/pages"}],"about":[{"href":"https:\/\/talkpal.ai\/sq\/wp-json\/wp\/v2\/types\/page"}],"author":[{"embeddable":true,"href":"https:\/\/talkpal.ai\/sq\/wp-json\/wp\/v2\/users\/6"}],"replies":[{"embeddable":true,"href":"https:\/\/talkpal.ai\/sq\/wp-json\/wp\/v2\/comments?post=1448059"}],"version-history":[{"count":0,"href":"https:\/\/talkpal.ai\/sq\/wp-json\/wp\/v2\/pages\/1448059\/revisions"}],"wp:featuredmedia":[{"embeddable":true,"href":"https:\/\/talkpal.ai\/sq\/wp-json\/wp\/v2\/media\/1442880"}],"wp:attachment":[{"href":"https:\/\/talkpal.ai\/sq\/wp-json\/wp\/v2\/media?parent=1448059"}],"curies":[{"name":"wp","href":"https:\/\/api.w.org\/{rel}","templated":true}]}}