{"id":1448055,"date":"2023-06-27T08:51:37","date_gmt":"2023-06-27T08:51:37","guid":{"rendered":"https:\/\/talkpal.ai\/ushtrime-gramatikore-persiane\/"},"modified":"2025-12-17T15:26:30","modified_gmt":"2025-12-17T15:26:30","slug":"ushtrime-gramatikore-persiane","status":"publish","type":"page","link":"https:\/\/talkpal.ai\/sq\/ushtrime-gramatikore-persiane\/","title":{"rendered":"Ushtrime gramatikore persiane"},"content":{"rendered":"\r\n\r\n\r\n<section class=\"languageChallengeSection\">\r\n    <div class=\"languageInfoWrapper\">\r\n        \r\n        <h1>Ushtrime gramatikore persiane<\/h1>\r\n        <p>Gati p\u00ebr t\u00eb rritur aft\u00ebsit\u00eb tuaja persiane? Praktikimi i ushtrimeve gramatikore \u00ebsht\u00eb nj\u00eb m\u00ebnyr\u00eb e shk\u00eblqyer p\u00ebr t\u00eb zot\u00ebruar struktur\u00ebn e fjalis\u00eb, format e foljeve dhe modelet kryesore t\u00eb gjuh\u00ebs persiane. Filloni t\u00eb punoni n\u00eb gramatik\u00ebn persiane sot dhe shikoni t\u00eb kuptuarit dhe besimin tuaj t\u00eb rriten me \u00e7do ushtrim t\u00eb ri!<\/p>\r\n\r\n                            <a class=\"getStartedHidden\" href=\"https:\/\/app.talkpal.ai\/signup?lng=\">Filloni<\/a>\r\n        \r\n    <\/div>\r\n\r\n    <figure>\r\n    <img decoding=\"async\" width=\"768\" height=\"768\" src=\"https:\/\/talkpal.ai\/wp-content\/uploads\/2023\/06\/persian-768x768.png\" class=\"languageImage no-lazy\" alt=\"Language learning to comprehend global news\" fetchpriority=\"high\" sizes=\"(max-width: 768px) 150px, 768px\" srcset=\"https:\/\/talkpal.ai\/wp-content\/uploads\/2023\/06\/persian-768x768.png 768w, https:\/\/talkpal.ai\/wp-content\/uploads\/2023\/06\/persian-300x300.png 300w\" \/>\r\n    \r\n\r\n    <\/figure>\r\n\r\n            <a class=\"getStartedVisible\" href=\"https:\/\/app.talkpal.ai\/signup?lng=\">Filloni<\/a>\r\n    \r\n<\/section>\r\n\r\n\r\n<!-- <section class=\"grammarSection\">\r\n    <div class=\"grammarLinks\">\r\n            <\/div>\r\n<\/section> -->\r\n\r\n\r\n\r\n\r\n<section class=\"promotionalBanner\">\r\n    <p class=\"promotionalText\">M\u00ebnyra m\u00eb efikase p\u00ebr t\u00eb m\u00ebsuar nj\u00eb gjuh\u00eb<\/p>\r\n    <a class=\"promotionalLink\" href=\"https:\/\/app.talkpal.ai\/signup?lng=\">Provoni Talkpal falas<\/a>\r\n<\/section>\n<div class=\"wp-block-group pageContainerStyle\"><div class=\"wp-block-group__inner-container is-layout-constrained wp-block-group-is-layout-constrained\">\n<h2 class=\"wp-block-heading\" id=\"h-persian-grammar-topics\">Temat e gramatik\u00ebs persiane<\/h2>\n\n\n\n<p>M\u00ebsimi i persishtes, i njohur gjithashtu si Farsi, mund t\u00eb jet\u00eb nj\u00eb udh\u00ebtim emocionues dhe shp\u00ebrblyes, duke hapur mund\u00ebsi t\u00eb reja p\u00ebr t\u00eb kuptuar kultur\u00ebn dhe historin\u00eb e pasur t\u00eb Iranit dhe rajoneve t\u00eb tjera persiishtfol\u00ebse. Si nx\u00ebn\u00ebs, zot\u00ebrimi i aspekteve t\u00eb ndryshme t\u00eb gramatik\u00ebs persiane \u00ebsht\u00eb thelb\u00ebsor p\u00ebr nd\u00ebrtimin e nj\u00eb themeli t\u00eb fort\u00eb n\u00eb gjuh\u00eb. N\u00eb k\u00ebt\u00eb udh\u00ebzues, ne do t\u00eb shqyrtojm\u00eb aspekte t\u00eb ndryshme t\u00eb gramatik\u00ebs persiane, duke p\u00ebrfshir\u00eb koh\u00ebt, foljet, emrat, artikujt dhe element\u00eb t\u00eb tjer\u00eb thelb\u00ebsor\u00eb, p\u00ebr t&#8217;ju ndihmuar t\u00eb strukturoni procesin tuaj t\u00eb t\u00eb m\u00ebsuarit n\u00eb nj\u00eb m\u00ebnyr\u00eb sistematike dhe efektive.<\/p>\n\n\n\n<h3 class=\"wp-block-heading\" id=\"h-1-nouns\">1. Emrat:<\/h3>\n\n\n\n<p>Filloni duke m\u00ebsuar bazat e emrave persian\u00eb, duke p\u00ebrfshir\u00eb gjinin\u00eb e <a href=\"https:\/\/talkpal.ai\/locations\/language-courses-in-tyre\/\">tyre<\/a> (t\u00eb gjith\u00eb emrat persian\u00eb jan\u00eb neutral\u00eb ndaj gjinis\u00eb), format nj\u00ebj\u00ebs dhe shum\u00ebs dhe p\u00ebrdorimin e &#8220;ezafe&#8221; p\u00ebr t\u00eb treguar zot\u00ebrimin dhe marr\u00ebdh\u00ebniet midis emrave.<\/p>\n\n\n\n<h3 class=\"wp-block-heading\" id=\"h-2-pronouns-determiners\">2. P\u00ebremrat\/p\u00ebrcaktuesit:<\/h3>\n\n\n\n<p>Pasi t\u00eb njiheni me emrat, kaloni n\u00eb m\u00ebsimin e p\u00ebremrave dhe p\u00ebrcaktuesve. Kjo do t&#8217;ju ndihmoj\u00eb t\u00eb kuptoni <a href=\"https:\/\/talkpal.ai\/culture\/what-is-the-difference-between-se-and-si\/\">se si<\/a> t&#8217;i referoheni njer\u00ebzve dhe objekteve n\u00eb persisht dhe t\u00eb p\u00ebrdorni demonstrues, posesor\u00eb dhe sasifikues.<\/p>\n\n\n\n<h3 class=\"wp-block-heading\" id=\"h-3-adjectives\">3. Mbiemra:<\/h3>\n\n\n\n<p>M\u00ebsoni se si t&#8217;i p\u00ebrshkruani emrat duke p\u00ebrdorur mbiemra, duke p\u00ebrfshir\u00eb vendosjen e tyre n\u00eb nj\u00eb fjali dhe si pajtohen me emrat q\u00eb modifikojn\u00eb.<\/p>\n\n\n\n<h3 class=\"wp-block-heading\" id=\"h-4-verbs\">4. Foljet:<\/h3>\n\n\n\n<p>Foljet jan\u00eb shtylla kurrizore e \u00e7do gjuhe dhe persishtja nuk b\u00ebn p\u00ebrjashtim. Filloni me t\u00eb kuptuarit e struktur\u00ebs s\u00eb foljeve persiane dhe koh\u00ebs s\u00eb tashmes s\u00eb thjesht\u00eb, p\u00ebrpara se t\u00eb kaloni n\u00eb koh\u00ebt dhe humoret e tjera.<\/p>\n\n\n\n<h3 class=\"wp-block-heading\" id=\"h-5-tense-comparison\">5. Krahasimi i tensionit:<\/h3>\n\n\n\n<p>Pasi t\u00eb keni m\u00ebsuar bazat e foljeve dhe koh\u00ebs s\u00eb thjesht\u00eb t\u00eb tashme, krahasoni dhe krahasoni koh\u00eb t\u00eb ndryshme p\u00ebr t\u00eb kuptuar se si p\u00ebrdoren ato n\u00eb persisht. Kjo p\u00ebrfshin koh\u00ebt e kaluara, t\u00eb ardhshme dhe t\u00eb kusht\u00ebzuara.<\/p>\n\n\n\n<h3 class=\"wp-block-heading\" id=\"h-6-progressive-and-perfect-progressive\">6. Progresiv dhe progresiv i p\u00ebrsosur:<\/h3>\n\n\n\n<p>M\u00ebsoni aspektet progresive dhe t\u00eb p\u00ebrsosura progresive t\u00eb foljeve persiane p\u00ebr t\u00eb shprehur veprimet e vazhdueshme ose t\u00eb p\u00ebrfunduara.<\/p>\n\n\n\n<h3 class=\"wp-block-heading\" id=\"h-7-adverbs\">7. Ndajfoljet:<\/h3>\n\n\n\n<p>Ndajfoljet jan\u00eb thelb\u00ebsore p\u00ebr t\u00eb shtuar nuanca dhe kontekst n\u00eb fjalit\u00eb tuaja persiane. M\u00ebsoni vendosjen e tyre dhe si modifikojn\u00eb foljet, mbiemrat dhe ndajfoljet e tjera.<\/p>\n\n\n\n<h3 class=\"wp-block-heading\" id=\"h-8-conditionals\">8. Kusht\u00ebzotet:<\/h3>\n\n\n\n<p>Kuptoni se si t\u00eb shprehni situata dhe pasojat hipotetike duke m\u00ebsuar fjali t\u00eb kusht\u00ebzuara persiane.<\/p>\n\n\n\n<h3 class=\"wp-block-heading\" id=\"h-9-prepositions\">9. Parafjal\u00ebt:<\/h3>\n\n\n\n<p>Parafjal\u00ebt jan\u00eb t\u00eb nevojshme p\u00ebr t\u00eb treguar marr\u00ebdh\u00ebniet midis fjal\u00ebve dhe frazave n\u00eb nj\u00eb fjali. M\u00ebsoni parafjal\u00ebt m\u00eb t\u00eb zakonshme persiane dhe si t&#8217;i p\u00ebrdorni ato n\u00eb m\u00ebnyr\u00eb korrekte.<\/p>\n\n\n\n<h3 class=\"wp-block-heading\" id=\"h-10-sentences\">10. Fjalit\u00eb:<\/h3>\n\n\n\n<p>S\u00eb fundi, praktikoni bashkimin e t\u00eb gjith\u00eb elementeve t\u00eb gramatik\u00ebs persiane duke formuar fjali t\u00eb plota. P\u00ebrqendrohuni n\u00eb struktura t\u00eb ndryshme fjalish, duke p\u00ebrfshir\u00eb fjali t\u00eb thjeshta, t\u00eb p\u00ebrb\u00ebra dhe komplekse, si dhe pyetje dhe deklarata imperative.<\/p>\n\n\n\n<p>Duke ndjekur k\u00ebt\u00eb sekuenc\u00eb t\u00eb m\u00ebsimit t\u00eb temave t\u00eb gramatik\u00ebs persiane, ju do t\u00eb nd\u00ebrtoni nj\u00eb baz\u00eb t\u00eb fort\u00eb n\u00eb gjuh\u00eb q\u00eb do t&#8217;ju lejoj\u00eb t\u00eb komunikoni n\u00eb m\u00ebnyr\u00eb efektive dhe t\u00eb vler\u00ebsoni bukurin\u00eb e let\u00ebrsis\u00eb dhe kultur\u00ebs persiane.<\/p>\n<\/div><\/div>\n\r\n<section class=\"learnNavigationSection\">\r\n            \r\n        <a href=\"https:\/\/talkpal.ai\/sq\/meso-persishten\/\">\r\n            <div class=\"learnNavigationWrapper\">\r\n                <div class=\"learnNavigationContent\">\r\n                    <img decoding=\"async\" src=\"https:\/\/talkpal.ai\/wp-content\/uploads\/2024\/08\/Persian.jpg\" alt=\"Persian Flag\">\r\n                    <div>\r\n                        <h4>Rreth m\u00ebsimit persian<\/h4>\r\n                        <p>M\u00ebsoni gjith\u00e7ka rreth gramatik\u00ebs persiane.<\/p>\r\n                    <\/div>\r\n                <\/div>\r\n            <\/div>\r\n        <\/a>\r\n\r\n        \r\n        <a href=\"https:\/\/talkpal.ai\/sq\/gramatika-persiane\/\">\r\n            <div class=\"learnNavigationWrapper\">\r\n                <div class=\"learnNavigationContent\">\r\n                    <img decoding=\"async\" src=\"https:\/\/talkpal.ai\/wp-content\/uploads\/2024\/08\/Persian.jpg\" alt=\"Persian Flag\">\r\n                    <div>\r\n                        <h4>M\u00ebsimet e gramatik\u00ebs persiane<\/h4>\r\n                        <p>Praktikoni gramatik\u00ebn persiane.<\/p>\r\n                    <\/div>\r\n                <\/div>\r\n            <\/div>\r\n        <\/a>\r\n\r\n        \r\n        <a href=\"https:\/\/talkpal.ai\/vocabulary_language\/persian\/\">\r\n            <div class=\"learnNavigationWrapper\">\r\n                <div class=\"learnNavigationContent\">\r\n                    <img decoding=\"async\" src=\"https:\/\/talkpal.ai\/wp-content\/uploads\/2024\/08\/Persian.jpg\" alt=\"Persian Flag\">\r\n                    <div>\r\n                        <h4>Fjalori persian<\/h4>\r\n                        <p>Zgjeroni fjalorin tuaj persian.<\/p>\r\n                    <\/div>\r\n                <\/div>\r\n            <\/div>\r\n        <\/a>\r\n\r\n            <\/section>","protected":false},"excerpt":{"rendered":"<p>Temat e gramatik\u00ebs persiane M\u00ebsimi i persishtes, i njohur gjithashtu si Farsi, mund t\u00eb jet\u00eb nj\u00eb udh\u00ebtim emocionues dhe shp\u00ebrblyes, duke hapur mund\u00ebsi t\u00eb reja p\u00ebr t\u00eb kuptuar kultur\u00ebn dhe historin\u00eb e pasur t\u00eb Iranit dhe rajoneve t\u00eb tjera persiishtfol\u00ebse. Si nx\u00ebn\u00ebs, zot\u00ebrimi i aspekteve t\u00eb ndryshme t\u00eb gramatik\u00ebs persiane \u00ebsht\u00eb thelb\u00ebsor p\u00ebr nd\u00ebrtimin e [&hellip;]<\/p>\n","protected":false},"author":6,"featured_media":1444192,"parent":0,"menu_order":0,"comment_status":"closed","ping_status":"closed","template":"LearningContentPage.php","meta":{"_acf_changed":false,"footnotes":""},"class_list":["post-1448055","page","type-page","status-publish","has-post-thumbnail","hentry"],"acf":[],"yoast_head":"<!-- This site is optimized with the Yoast SEO Premium plugin v27.2 (Yoast SEO v27.2) - https:\/\/yoast.com\/product\/yoast-seo-premium-wordpress\/ -->\n<title>Ushtrime gramatikore persiane - Talkpal<\/title>\n<meta name=\"description\" content=\"Mjesht\u00ebroni ushtrimet e gramatik\u00ebs persiane p\u00ebr t\u00eb forcuar aft\u00ebsit\u00eb tuaja gjuh\u00ebsore dhe p\u00ebr t\u00eb eksploruar kultur\u00ebn e rajoneve persiishtfol\u00ebse.\" \/>\n<meta name=\"robots\" content=\"index, follow, max-snippet:-1, max-image-preview:large, max-video-preview:-1\" \/>\n<link rel=\"canonical\" href=\"https:\/\/talkpal.ai\/sq\/ushtrime-gramatikore-persiane\/\" \/>\n<meta property=\"og:locale\" content=\"sq_AL\" \/>\n<meta property=\"og:type\" content=\"article\" \/>\n<meta property=\"og:title\" content=\"Ushtrime gramatikore persiane\" \/>\n<meta property=\"og:description\" content=\"Temat e gramatik\u00ebs persiane M\u00ebsimi i persishtes, i njohur gjithashtu si Farsi, mund t\u00eb jet\u00eb nj\u00eb udh\u00ebtim emocionues dhe shp\u00ebrblyes, duke hapur mund\u00ebsi t\u00eb\" \/>\n<meta property=\"og:url\" content=\"https:\/\/talkpal.ai\/sq\/ushtrime-gramatikore-persiane\/\" \/>\n<meta property=\"og:site_name\" content=\"Talkpal\" \/>\n<meta property=\"article:publisher\" content=\"https:\/\/www.facebook.com\/profile.php?id=100090733639311\" \/>\n<meta property=\"article:modified_time\" content=\"2025-12-17T15:26:30+00:00\" \/>\n<meta property=\"og:image\" content=\"https:\/\/talkpal.ai\/wp-content\/uploads\/2023\/05\/Persian-iran.png\" \/>\n\t<meta property=\"og:image:width\" content=\"512\" \/>\n\t<meta property=\"og:image:height\" content=\"512\" \/>\n\t<meta property=\"og:image:type\" content=\"image\/png\" \/>\n<meta name=\"twitter:card\" content=\"summary_large_image\" \/>\n<meta name=\"twitter:site\" content=\"@talkpalai\" \/>\n<meta name=\"twitter:label1\" content=\"Est. reading time\" \/>\n\t<meta name=\"twitter:data1\" content=\"3 minutes\" \/>\n<script type=\"application\/ld+json\" class=\"yoast-schema-graph\">{\"@context\":\"https:\/\/schema.org\",\"@graph\":[{\"@type\":\"WebPage\",\"@id\":\"https:\/\/talkpal.ai\/sq\/ushtrime-gramatikore-persiane\/\",\"url\":\"https:\/\/talkpal.ai\/sq\/ushtrime-gramatikore-persiane\/\",\"name\":\"Ushtrime gramatikore persiane - Talkpal\",\"isPartOf\":{\"@id\":\"https:\/\/talkpal.ai\/sq\/#website\"},\"primaryImageOfPage\":{\"@id\":\"https:\/\/talkpal.ai\/sq\/ushtrime-gramatikore-persiane\/#primaryimage\"},\"image\":{\"@id\":\"https:\/\/talkpal.ai\/sq\/ushtrime-gramatikore-persiane\/#primaryimage\"},\"thumbnailUrl\":\"https:\/\/talkpal.ai\/wp-content\/uploads\/2023\/05\/Persian-iran.png\",\"datePublished\":\"2023-06-27T08:51:37+00:00\",\"dateModified\":\"2025-12-17T15:26:30+00:00\",\"description\":\"Mjesht\u00ebroni ushtrimet e gramatik\u00ebs persiane p\u00ebr t\u00eb forcuar aft\u00ebsit\u00eb tuaja gjuh\u00ebsore dhe p\u00ebr t\u00eb eksploruar kultur\u00ebn e rajoneve persiishtfol\u00ebse.\",\"breadcrumb\":{\"@id\":\"https:\/\/talkpal.ai\/sq\/ushtrime-gramatikore-persiane\/#breadcrumb\"},\"inLanguage\":\"sq-AL\",\"potentialAction\":[{\"@type\":\"ReadAction\",\"target\":[\"https:\/\/talkpal.ai\/sq\/ushtrime-gramatikore-persiane\/\"]}]},{\"@type\":\"ImageObject\",\"inLanguage\":\"sq-AL\",\"@id\":\"https:\/\/talkpal.ai\/sq\/ushtrime-gramatikore-persiane\/#primaryimage\",\"url\":\"https:\/\/talkpal.ai\/wp-content\/uploads\/2023\/05\/Persian-iran.png\",\"contentUrl\":\"https:\/\/talkpal.ai\/wp-content\/uploads\/2023\/05\/Persian-iran.png\",\"width\":512,\"height\":512,\"caption\":\"TalkPal Persian - Iran Flag\"},{\"@type\":\"BreadcrumbList\",\"@id\":\"https:\/\/talkpal.ai\/sq\/ushtrime-gramatikore-persiane\/#breadcrumb\",\"itemListElement\":[{\"@type\":\"ListItem\",\"position\":1,\"name\":\"Homepage\",\"item\":\"https:\/\/talkpal.ai\/sq\/\"},{\"@type\":\"ListItem\",\"position\":2,\"name\":\"Ushtrime gramatikore persiane\"}]},{\"@type\":\"WebSite\",\"@id\":\"https:\/\/talkpal.ai\/sq\/#website\",\"url\":\"https:\/\/talkpal.ai\/sq\/\",\"name\":\"Talkpal\",\"description\":\"AI Language Learning\",\"publisher\":{\"@id\":\"https:\/\/talkpal.ai\/sq\/#organization\"},\"alternateName\":\"Talkpal AI\",\"potentialAction\":[{\"@type\":\"SearchAction\",\"target\":{\"@type\":\"EntryPoint\",\"urlTemplate\":\"https:\/\/talkpal.ai\/sq\/?s={search_term_string}\"},\"query-input\":{\"@type\":\"PropertyValueSpecification\",\"valueRequired\":true,\"valueName\":\"search_term_string\"}}],\"inLanguage\":\"sq-AL\"},{\"@type\":\"Organization\",\"@id\":\"https:\/\/talkpal.ai\/sq\/#organization\",\"name\":\"Talkpal, Inc.\",\"alternateName\":\"Talkpal AI\",\"url\":\"https:\/\/talkpal.ai\/sq\/\",\"logo\":{\"@type\":\"ImageObject\",\"inLanguage\":\"sq-AL\",\"@id\":\"https:\/\/talkpal.ai\/sq\/#\/schema\/logo\/image\/\",\"url\":\"https:\/\/talkpal.ai\/wp-content\/uploads\/2024\/03\/Talkpal-Logo-Icon.png\",\"contentUrl\":\"https:\/\/talkpal.ai\/wp-content\/uploads\/2024\/03\/Talkpal-Logo-Icon.png\",\"width\":2880,\"height\":2880,\"caption\":\"Talkpal, Inc.\"},\"image\":{\"@id\":\"https:\/\/talkpal.ai\/sq\/#\/schema\/logo\/image\/\"},\"sameAs\":[\"https:\/\/www.facebook.com\/profile.php?id=100090733639311\",\"https:\/\/x.com\/talkpalai\",\"https:\/\/www.linkedin.com\/company\/talkpal\/\",\"https:\/\/www.youtube.com\/@TalkPal\/\",\"https:\/\/www.tiktok.com\/@talkpal\",\"https:\/\/www.instagram.com\/talkpal_ai\/\",\"https:\/\/www.crunchbase.com\/organization\/talkpal-9cde\",\"https:\/\/www.g2.com\/products\/talkpal-for-business\/\",\"https:\/\/www.trustpilot.com\/review\/talkpal.ai\",\"https:\/\/www.capterra.com\/p\/10006800\/TalkPal\/\"],\"description\":\"Talkpal is a language learning web and mobile education app, powered by the latest AI technologies, that provides engaging experiences to its customers in many different languages to help them improve their language skills. Users can chat about unlimited amount of topics with the app and use other modes to practice their language learning.\",\"email\":\"support@talkpal.ai\",\"legalName\":\"Talkpal, Inc.\",\"foundingDate\":\"2023-04-03\",\"duns\":\"118989042\",\"numberOfEmployees\":{\"@type\":\"QuantitativeValue\",\"minValue\":\"11\",\"maxValue\":\"50\"},\"publishingPrinciples\":\"https:\/\/talkpal.ai\/publishing-principles\/\",\"actionableFeedbackPolicy\":\"https:\/\/talkpal.ai\/actionable-feedback-policy\/\",\"correctionsPolicy\":\"https:\/\/talkpal.ai\/corrections-policy\/\",\"ethicsPolicy\":\"https:\/\/talkpal.ai\/ethics-policy\/\",\"diversityPolicy\":\"https:\/\/talkpal.ai\/diversity-policy\/\",\"diversityStaffingReport\":\"https:\/\/talkpal.ai\/diversity-policy\/\"}]}<\/script>\n<!-- \/ Yoast SEO Premium plugin. -->","yoast_head_json":{"title":"Ushtrime gramatikore persiane - Talkpal","description":"Mjesht\u00ebroni ushtrimet e gramatik\u00ebs persiane p\u00ebr t\u00eb forcuar aft\u00ebsit\u00eb tuaja gjuh\u00ebsore dhe p\u00ebr t\u00eb eksploruar kultur\u00ebn e rajoneve persiishtfol\u00ebse.","robots":{"index":"index","follow":"follow","max-snippet":"max-snippet:-1","max-image-preview":"max-image-preview:large","max-video-preview":"max-video-preview:-1"},"canonical":"https:\/\/talkpal.ai\/sq\/ushtrime-gramatikore-persiane\/","og_locale":"sq_AL","og_type":"article","og_title":"Ushtrime gramatikore persiane","og_description":"Temat e gramatik\u00ebs persiane M\u00ebsimi i persishtes, i njohur gjithashtu si Farsi, mund t\u00eb jet\u00eb nj\u00eb udh\u00ebtim emocionues dhe shp\u00ebrblyes, duke hapur mund\u00ebsi t\u00eb","og_url":"https:\/\/talkpal.ai\/sq\/ushtrime-gramatikore-persiane\/","og_site_name":"Talkpal","article_publisher":"https:\/\/www.facebook.com\/profile.php?id=100090733639311","article_modified_time":"2025-12-17T15:26:30+00:00","og_image":[{"width":512,"height":512,"url":"https:\/\/talkpal.ai\/wp-content\/uploads\/2023\/05\/Persian-iran.png","type":"image\/png"}],"twitter_card":"summary_large_image","twitter_site":"@talkpalai","twitter_misc":{"Est. reading time":"3 minutes"},"schema":{"@context":"https:\/\/schema.org","@graph":[{"@type":"WebPage","@id":"https:\/\/talkpal.ai\/sq\/ushtrime-gramatikore-persiane\/","url":"https:\/\/talkpal.ai\/sq\/ushtrime-gramatikore-persiane\/","name":"Ushtrime gramatikore persiane - Talkpal","isPartOf":{"@id":"https:\/\/talkpal.ai\/sq\/#website"},"primaryImageOfPage":{"@id":"https:\/\/talkpal.ai\/sq\/ushtrime-gramatikore-persiane\/#primaryimage"},"image":{"@id":"https:\/\/talkpal.ai\/sq\/ushtrime-gramatikore-persiane\/#primaryimage"},"thumbnailUrl":"https:\/\/talkpal.ai\/wp-content\/uploads\/2023\/05\/Persian-iran.png","datePublished":"2023-06-27T08:51:37+00:00","dateModified":"2025-12-17T15:26:30+00:00","description":"Mjesht\u00ebroni ushtrimet e gramatik\u00ebs persiane p\u00ebr t\u00eb forcuar aft\u00ebsit\u00eb tuaja gjuh\u00ebsore dhe p\u00ebr t\u00eb eksploruar kultur\u00ebn e rajoneve persiishtfol\u00ebse.","breadcrumb":{"@id":"https:\/\/talkpal.ai\/sq\/ushtrime-gramatikore-persiane\/#breadcrumb"},"inLanguage":"sq-AL","potentialAction":[{"@type":"ReadAction","target":["https:\/\/talkpal.ai\/sq\/ushtrime-gramatikore-persiane\/"]}]},{"@type":"ImageObject","inLanguage":"sq-AL","@id":"https:\/\/talkpal.ai\/sq\/ushtrime-gramatikore-persiane\/#primaryimage","url":"https:\/\/talkpal.ai\/wp-content\/uploads\/2023\/05\/Persian-iran.png","contentUrl":"https:\/\/talkpal.ai\/wp-content\/uploads\/2023\/05\/Persian-iran.png","width":512,"height":512,"caption":"TalkPal Persian - Iran Flag"},{"@type":"BreadcrumbList","@id":"https:\/\/talkpal.ai\/sq\/ushtrime-gramatikore-persiane\/#breadcrumb","itemListElement":[{"@type":"ListItem","position":1,"name":"Homepage","item":"https:\/\/talkpal.ai\/sq\/"},{"@type":"ListItem","position":2,"name":"Ushtrime gramatikore persiane"}]},{"@type":"WebSite","@id":"https:\/\/talkpal.ai\/sq\/#website","url":"https:\/\/talkpal.ai\/sq\/","name":"Talkpal","description":"AI Language Learning","publisher":{"@id":"https:\/\/talkpal.ai\/sq\/#organization"},"alternateName":"Talkpal AI","potentialAction":[{"@type":"SearchAction","target":{"@type":"EntryPoint","urlTemplate":"https:\/\/talkpal.ai\/sq\/?s={search_term_string}"},"query-input":{"@type":"PropertyValueSpecification","valueRequired":true,"valueName":"search_term_string"}}],"inLanguage":"sq-AL"},{"@type":"Organization","@id":"https:\/\/talkpal.ai\/sq\/#organization","name":"Talkpal, Inc.","alternateName":"Talkpal AI","url":"https:\/\/talkpal.ai\/sq\/","logo":{"@type":"ImageObject","inLanguage":"sq-AL","@id":"https:\/\/talkpal.ai\/sq\/#\/schema\/logo\/image\/","url":"https:\/\/talkpal.ai\/wp-content\/uploads\/2024\/03\/Talkpal-Logo-Icon.png","contentUrl":"https:\/\/talkpal.ai\/wp-content\/uploads\/2024\/03\/Talkpal-Logo-Icon.png","width":2880,"height":2880,"caption":"Talkpal, Inc."},"image":{"@id":"https:\/\/talkpal.ai\/sq\/#\/schema\/logo\/image\/"},"sameAs":["https:\/\/www.facebook.com\/profile.php?id=100090733639311","https:\/\/x.com\/talkpalai","https:\/\/www.linkedin.com\/company\/talkpal\/","https:\/\/www.youtube.com\/@TalkPal\/","https:\/\/www.tiktok.com\/@talkpal","https:\/\/www.instagram.com\/talkpal_ai\/","https:\/\/www.crunchbase.com\/organization\/talkpal-9cde","https:\/\/www.g2.com\/products\/talkpal-for-business\/","https:\/\/www.trustpilot.com\/review\/talkpal.ai","https:\/\/www.capterra.com\/p\/10006800\/TalkPal\/"],"description":"Talkpal is a language learning web and mobile education app, powered by the latest AI technologies, that provides engaging experiences to its customers in many different languages to help them improve their language skills. Users can chat about unlimited amount of topics with the app and use other modes to practice their language learning.","email":"support@talkpal.ai","legalName":"Talkpal, Inc.","foundingDate":"2023-04-03","duns":"118989042","numberOfEmployees":{"@type":"QuantitativeValue","minValue":"11","maxValue":"50"},"publishingPrinciples":"https:\/\/talkpal.ai\/publishing-principles\/","actionableFeedbackPolicy":"https:\/\/talkpal.ai\/actionable-feedback-policy\/","correctionsPolicy":"https:\/\/talkpal.ai\/corrections-policy\/","ethicsPolicy":"https:\/\/talkpal.ai\/ethics-policy\/","diversityPolicy":"https:\/\/talkpal.ai\/diversity-policy\/","diversityStaffingReport":"https:\/\/talkpal.ai\/diversity-policy\/"}]}},"_links":{"self":[{"href":"https:\/\/talkpal.ai\/sq\/wp-json\/wp\/v2\/pages\/1448055","targetHints":{"allow":["GET"]}}],"collection":[{"href":"https:\/\/talkpal.ai\/sq\/wp-json\/wp\/v2\/pages"}],"about":[{"href":"https:\/\/talkpal.ai\/sq\/wp-json\/wp\/v2\/types\/page"}],"author":[{"embeddable":true,"href":"https:\/\/talkpal.ai\/sq\/wp-json\/wp\/v2\/users\/6"}],"replies":[{"embeddable":true,"href":"https:\/\/talkpal.ai\/sq\/wp-json\/wp\/v2\/comments?post=1448055"}],"version-history":[{"count":0,"href":"https:\/\/talkpal.ai\/sq\/wp-json\/wp\/v2\/pages\/1448055\/revisions"}],"wp:featuredmedia":[{"embeddable":true,"href":"https:\/\/talkpal.ai\/sq\/wp-json\/wp\/v2\/media\/1444192"}],"wp:attachment":[{"href":"https:\/\/talkpal.ai\/sq\/wp-json\/wp\/v2\/media?parent=1448055"}],"curies":[{"name":"wp","href":"https:\/\/api.w.org\/{rel}","templated":true}]}}