{"id":1448051,"date":"2023-06-22T08:52:21","date_gmt":"2023-06-22T08:52:21","guid":{"rendered":"https:\/\/talkpal.ai\/ushtrime-gramatikore-nepaleze\/"},"modified":"2025-12-17T14:37:10","modified_gmt":"2025-12-17T14:37:10","slug":"ushtrime-gramatikore-nepaleze","status":"publish","type":"page","link":"https:\/\/talkpal.ai\/sq\/ushtrime-gramatikore-nepaleze\/","title":{"rendered":"Ushtrime gramatikore nepaleze"},"content":{"rendered":"\r\n\r\n\r\n<section class=\"languageChallengeSection\">\r\n    <div class=\"languageInfoWrapper\">\r\n        \r\n        <h1>Ushtrime gramatikore nepaleze<\/h1>\r\n        <p>Po k\u00ebrkoni t\u00eb b\u00ebheni m\u00eb t\u00eb sigurt n\u00eb Nepal? Praktikimi i ushtrimeve gramatikore \u00ebsht\u00eb nj\u00eb m\u00ebnyr\u00eb e shk\u00eblqyer p\u00ebr t\u00eb kuptuar struktur\u00ebn e fjalis\u00eb, format e foljeve dhe modelet unike t\u00eb gjuh\u00ebs. Filloni t\u00eb punoni n\u00eb gramatik\u00ebn <a href=\"https:\/\/talkpal.ai\/learn-nepali\/\">nepalese<\/a> sot dhe shikoni aft\u00ebsit\u00eb dhe rrjedhshm\u00ebrin\u00eb tuaj t\u00eb rriten me \u00e7do ushtrim!<\/p>\r\n\r\n                            <a class=\"getStartedHidden\" href=\"https:\/\/app.talkpal.ai\/signup?lng=\">Filloni<\/a>\r\n        \r\n    <\/div>\r\n\r\n    <figure>\r\n    <img decoding=\"async\" width=\"768\" height=\"768\" src=\"https:\/\/talkpal.ai\/wp-content\/uploads\/2023\/06\/nepali-768x768.png\" class=\"languageImage no-lazy\" alt=\"Practical language learning for real-life application\" fetchpriority=\"high\" sizes=\"(max-width: 768px) 150px, 768px\" srcset=\"https:\/\/talkpal.ai\/wp-content\/uploads\/2023\/06\/nepali-768x768.png 768w, https:\/\/talkpal.ai\/wp-content\/uploads\/2023\/06\/nepali-300x300.png 300w\" \/>\r\n    \r\n\r\n    <\/figure>\r\n\r\n            <a class=\"getStartedVisible\" href=\"https:\/\/app.talkpal.ai\/signup?lng=\">Filloni<\/a>\r\n    \r\n<\/section>\r\n\r\n\r\n<!-- <section class=\"grammarSection\">\r\n    <div class=\"grammarLinks\">\r\n            <\/div>\r\n<\/section> -->\r\n\r\n\r\n\r\n\r\n<section class=\"promotionalBanner\">\r\n    <p class=\"promotionalText\">M\u00ebnyra m\u00eb efikase p\u00ebr t\u00eb m\u00ebsuar nj\u00eb gjuh\u00eb<\/p>\r\n    <a class=\"promotionalLink\" href=\"https:\/\/app.talkpal.ai\/signup?lng=\">Provoni Talkpal falas<\/a>\r\n<\/section>\n<div class=\"wp-block-group pageContainerStyle\"><div class=\"wp-block-group__inner-container is-layout-constrained wp-block-group-is-layout-constrained\">\n<h2 class=\"wp-block-heading\" id=\"h-nepali-grammar-topics\">Temat e gramatik\u00ebs nepalese<\/h2>\n\n\n\n<p>M\u00ebsimi i gjuh\u00ebs nepalese mund t\u00eb jet\u00eb nj\u00eb p\u00ebrvoj\u00eb magjeps\u00ebse dhe shp\u00ebrblyese p\u00ebr k\u00ebdo q\u00eb \u00ebsht\u00eb i interesuar t\u00eb zhytet n\u00eb kultur\u00ebn dhe historin\u00eb e pasur t\u00eb Nepalit. Si me \u00e7do gjuh\u00eb, zot\u00ebrimi i gramatik\u00ebs nepalese \u00ebsht\u00eb thelb\u00ebsor p\u00ebr komunikim efektiv. Ky artikull do t&#8217;ju udh\u00ebheq\u00eb p\u00ebrmes temave t\u00eb gramatik\u00ebs nepalese, t\u00eb grupuara n\u00eb nj\u00eb sekuenc\u00eb q\u00eb do t\u00eb leht\u00ebsoj\u00eb udh\u00ebtimin tuaj t\u00eb m\u00ebsimit t\u00eb gjuh\u00ebs. Nga koh\u00ebt deri te strukturat e fjalive, ky udh\u00ebzues do t&#8217;ju ofroj\u00eb nj\u00eb p\u00ebrmbledhje t\u00eb koncepteve t\u00eb r\u00ebnd\u00ebsishme gramatikore q\u00eb do t\u00eb hedhin nj\u00eb themel t\u00eb fort\u00eb p\u00ebr aft\u00ebsit\u00eb tuaja gjuh\u00ebsore nepalese.<\/p>\n\n\n\n<h3 class=\"wp-block-heading\" id=\"h-1-tenses\">1. Koh\u00ebt:<\/h3>\n\n\n\n<p>Kuptimi i koh\u00ebve \u00ebsht\u00eb thelb\u00ebsor n\u00eb m\u00ebsimin e \u00e7do gjuhe, pasi ato ndihmojn\u00eb n\u00eb p\u00ebrcjelljen e koh\u00ebs s\u00eb nj\u00eb veprimi ose ngjarjeje. N\u00eb Nepalisht, ekzistojn\u00eb tre koh\u00eb kryesore: e kaluara, e tashmja dhe e ardhmja. \u00c7do koh\u00eb ka grupin e vet t\u00eb rregullave t\u00eb konjugimit t\u00eb foljeve, me t\u00eb cilat duhet t\u00eb njiheni p\u00ebr t\u00eb p\u00ebrshkruar me sakt\u00ebsi veprimet n\u00eb afate t\u00eb ndryshme kohore.<\/p>\n\n\n\n<h3 class=\"wp-block-heading\" id=\"h-2-tense-comparison\">2. Krahasimi i tensionit:<\/h3>\n\n\n\n<p>Krahasimi i koh\u00ebve n\u00eb Nepalisht \u00ebsht\u00eb nj\u00eb aspekt thelb\u00ebsor i zot\u00ebrimit t\u00eb gjuh\u00ebs. Kjo p\u00ebrfshin t\u00eb kuptuarit <a href=\"https:\/\/talkpal.ai\/culture\/what-is-the-difference-between-se-and-si\/\">se si<\/a> koh\u00eb t\u00eb ndryshme lidhen me nj\u00ebra-tjetr\u00ebn dhe si t&#8217;i p\u00ebrdorin ato s\u00eb bashku p\u00ebr komunikim t\u00eb qart\u00eb. Kjo do t&#8217;ju ndihmoj\u00eb t\u00eb shmangni konfuzionin kur diskutoni ngjarje q\u00eb ndodhin n\u00eb t\u00eb kaluar\u00ebn, t\u00eb tashmen ose t\u00eb ardhmen.<\/p>\n\n\n\n<h3 class=\"wp-block-heading\" id=\"h-3-progressive\">3. Progresive:<\/h3>\n\n\n\n<p>Aspekti progresiv n\u00eb gramatik\u00ebn nepalese tregon veprime t\u00eb vazhdueshme. M\u00ebsimi i form\u00ebs progresive t\u00eb foljeve \u00ebsht\u00eb i r\u00ebnd\u00ebsish\u00ebm p\u00ebr t\u00eb shprehur veprimet q\u00eb po ndodhin aktualisht ose po ndodhin n\u00eb nj\u00eb moment t\u00eb caktuar n\u00eb koh\u00eb. Kjo do t&#8217;ju ndihmoj\u00eb t\u00eb krijoni biseda m\u00eb dinamike dhe t\u00ebrheq\u00ebse n\u00eb Nepalisht.<\/p>\n\n\n\n<h3 class=\"wp-block-heading\" id=\"h-4-perfect-progressive\">4. Progresiv i p\u00ebrsosur:<\/h3>\n\n\n\n<p>Kjo koh\u00eb kombinon konceptet e koh\u00ebve t\u00eb p\u00ebrsosura dhe progresive. Koha progresive e p\u00ebrsosur p\u00ebrdoret p\u00ebr t\u00eb p\u00ebrshkruar nj\u00eb veprim q\u00eb filloi n\u00eb t\u00eb kaluar\u00ebn dhe vazhdoi deri n\u00eb nj\u00eb pik\u00eb tjet\u00ebr n\u00eb t\u00eb kaluar\u00ebn. Zot\u00ebrimi i k\u00ebsaj kohe do t&#8217;ju mund\u00ebsoj\u00eb t\u00eb jepni informacion t\u00eb detajuar <a href=\"https:\/\/talkpal.ai\/sq\/rreth\/\">rreth<\/a> veprimeve t\u00eb kaluara dhe koh\u00ebzgjatjes s\u00eb <a href=\"https:\/\/talkpal.ai\/locations\/language-courses-in-tyre\/\">tyre<\/a>.<\/p>\n\n\n\n<h3 class=\"wp-block-heading\" id=\"h-5-verbs\">5. Foljet:<\/h3>\n\n\n\n<p>Foljet jan\u00eb shtylla kurrizore e \u00e7do gjuhe dhe Nepalishtja nuk b\u00ebn p\u00ebrjashtim. P\u00ebr t\u00eb folur dhe kuptuar Nepalishten n\u00eb m\u00ebnyr\u00eb efektive, \u00ebsht\u00eb thelb\u00ebsore t\u00eb m\u00ebsoni format e ndryshme t\u00eb foljeve, konjugimet e tyre dhe m\u00ebnyr\u00ebn se si funksionojn\u00eb ato n\u00eb fjali.<\/p>\n\n\n\n<h3 class=\"wp-block-heading\" id=\"h-6-nouns\">6. Emrat:<\/h3>\n\n\n\n<p>Nj\u00eb zot\u00ebrim i fort\u00eb i emrave nepalesisht \u00ebsht\u00eb i nevojsh\u00ebm p\u00ebr nd\u00ebrtimin e nj\u00eb fjalori solid. T\u00eb m\u00ebsuarit rreth emrave t\u00eb zakonsh\u00ebm dhe t\u00eb duhur, si dhe emrave t\u00eb num\u00ebruesh\u00ebm dhe t\u00eb panum\u00ebruesh\u00ebm, do t&#8217;ju ndihmoj\u00eb t\u00eb identifikoni dhe p\u00ebrdorni sakt\u00eb k\u00ebto pjes\u00eb thelb\u00ebsore t\u00eb t\u00eb folurit n\u00eb bisedat tuaja.<\/p>\n\n\n\n<h3 class=\"wp-block-heading\" id=\"h-7-articles\">7. Nenet:<\/h3>\n\n\n\n<p>N\u00eb Nepalisht, artikujt nuk jan\u00eb aq t\u00eb spikatur sa n\u00eb <a href=\"https:\/\/talkpal.ai\/learn-english-with-ai\/\">anglisht<\/a>, por \u00ebsht\u00eb ende thelb\u00ebsore t\u00eb m\u00ebsoni p\u00ebrdorimin e tyre. Zot\u00ebrimi i p\u00ebrdorimit t\u00eb artikujve do t&#8217;ju ndihmoj\u00eb t\u00eb identifikoni dhe p\u00ebrshkruani me sakt\u00ebsi objektet, njer\u00ebzit dhe konceptet n\u00eb bisedat tuaja.<\/p>\n\n\n\n<h3 class=\"wp-block-heading\" id=\"h-8-pronouns-determiners\">8. P\u00ebremrat\/p\u00ebrcaktuesit:<\/h3>\n\n\n\n<p>Njohja me p\u00ebremrat dhe p\u00ebrcaktuesit nepales\u00eb \u00ebsht\u00eb thelb\u00ebsore p\u00ebr komunikim t\u00eb qart\u00eb dhe konciz. K\u00ebto pjes\u00eb t\u00eb t\u00eb folurit ndihmojn\u00eb n\u00eb z\u00ebvend\u00ebsimin ose specifikimin e emrave n\u00eb fjali, duke i b\u00ebr\u00eb bisedat tuaja m\u00eb efikase dhe t\u00eb natyrshme.<\/p>\n\n\n\n<h3 class=\"wp-block-heading\" id=\"h-9-adjectives\">9. Mbiemra:<\/h3>\n\n\n\n<p>Mbiemrat jan\u00eb thelb\u00ebsor\u00eb p\u00ebr t\u00eb shtuar thell\u00ebsi dhe detaje n\u00eb bisedat tuaja nepalese. T\u00eb m\u00ebsuarit se si t\u00eb p\u00ebrdorni mbiemrat n\u00eb m\u00ebnyr\u00eb korrekte do t&#8217;ju lejoj\u00eb t\u00eb p\u00ebrshkruani me sakt\u00ebsi njer\u00ebzit, vendet dhe gj\u00ebrat, duke e b\u00ebr\u00eb fjalimin tuaj m\u00eb t\u00ebrheq\u00ebs dhe informues.<\/p>\n\n\n\n<h3 class=\"wp-block-heading\" id=\"h-10-adverbs\">10. Ndajfoljet<\/h3>\n\n\n\n<p>: N\u00eb Nepalisht, ndajfoljet luajn\u00eb nj\u00eb rol vendimtar n\u00eb modifikimin e foljeve, mbiemrave ose ndajfoljeve t\u00eb tjera. T\u00eb kuptuarit se si t\u00eb p\u00ebrdorni ndajfoljet do t&#8217;ju mund\u00ebsoj\u00eb t\u00eb jepni informacion shtes\u00eb rreth veprimeve, gjendjeve ose cil\u00ebsive n\u00eb bisedat tuaja.<\/p>\n\n\n\n<h3 class=\"wp-block-heading\" id=\"h-11-conditionals\">11. Kusht\u00ebzuese:<\/h3>\n\n\n\n<p>Zot\u00ebrimi i kusht\u00ebzimeve nepalese do t&#8217;ju lejoj\u00eb t\u00eb shprehni situata hipotetike dhe pasojat e tyre. Kjo \u00ebsht\u00eb e r\u00ebnd\u00ebsishme p\u00ebr krijimin e diskutimeve komplekse dhe t\u00eb nuancuara n\u00eb gjuh\u00eb.<\/p>\n\n\n\n<h3 class=\"wp-block-heading\" id=\"h-12-prepositions\">12. Parafjal\u00ebt:<\/h3>\n\n\n\n<p>Parafjal\u00ebt jan\u00eb thelb\u00ebsore p\u00ebr t\u00eb treguar marr\u00ebdh\u00ebniet midis fjal\u00ebve n\u00eb nj\u00eb fjali. M\u00ebsimi i p\u00ebrdorimit t\u00eb sakt\u00eb t\u00eb parafjal\u00ebve do t&#8217;ju ndihmoj\u00eb t\u00eb krijoni fjali t\u00eb qarta dhe koherente n\u00eb Nepalisht.<\/p>\n\n\n\n<h3 class=\"wp-block-heading\" id=\"h-13-sentences\">13. Fjalit\u00eb:<\/h3>\n\n\n\n<p>S\u00eb fundmi, t\u00eb kuptuarit e struktur\u00ebs dhe llojeve t\u00eb fjalive nepalese \u00ebsht\u00eb jetik p\u00ebr komunikim efektiv. Njihuni me fjali t\u00eb thjeshta, t\u00eb p\u00ebrb\u00ebra dhe komplekse dhe m\u00ebsoni se si t&#8217;i nd\u00ebrtoni ato n\u00eb m\u00ebnyr\u00eb korrekte p\u00ebr t\u00eb p\u00ebrcjell\u00eb mendimet dhe idet\u00eb tuaja n\u00eb gjuh\u00eb.<\/p>\n<\/div><\/div>\n\r\n<section class=\"learnNavigationSection\">\r\n            \r\n        <a href=\"https:\/\/talkpal.ai\/sq\/meso-nepalisht\/\">\r\n            <div class=\"learnNavigationWrapper\">\r\n                <div class=\"learnNavigationContent\">\r\n                    <img decoding=\"async\" src=\"https:\/\/talkpal.ai\/wp-content\/uploads\/2024\/08\/Nepali.jpg\" alt=\"Nepali Flag\">\r\n                    <div>\r\n                        <h4>Rreth t\u00eb m\u00ebsuarit n\u00eb Nepal<\/h4>\r\n                        <p>M\u00ebsoni gjith\u00e7ka rreth gramatik\u00ebs nepaliteze.<\/p>\r\n                    <\/div>\r\n                <\/div>\r\n            <\/div>\r\n        <\/a>\r\n\r\n        \r\n        <a href=\"https:\/\/talkpal.ai\/sq\/gramatika-nepale\/\">\r\n            <div class=\"learnNavigationWrapper\">\r\n                <div class=\"learnNavigationContent\">\r\n                    <img decoding=\"async\" src=\"https:\/\/talkpal.ai\/wp-content\/uploads\/2024\/08\/Nepali.jpg\" alt=\"Nepali Flag\">\r\n                    <div>\r\n                        <h4>M\u00ebsimet e gramatik\u00ebs nepalese<\/h4>\r\n                        <p>Praktikoni gramatik\u00ebn nepaliteze.<\/p>\r\n                    <\/div>\r\n                <\/div>\r\n            <\/div>\r\n        <\/a>\r\n\r\n        \r\n        <a href=\"https:\/\/talkpal.ai\/vocabulary_language\/nepali\/\">\r\n            <div class=\"learnNavigationWrapper\">\r\n                <div class=\"learnNavigationContent\">\r\n                    <img decoding=\"async\" src=\"https:\/\/talkpal.ai\/wp-content\/uploads\/2024\/08\/Nepali.jpg\" alt=\"Nepali Flag\">\r\n                    <div>\r\n                        <h4>Fjalori Nepali<\/h4>\r\n                        <p>Zgjeroni fjalorin tuaj Nepal.<\/p>\r\n                    <\/div>\r\n                <\/div>\r\n            <\/div>\r\n        <\/a>\r\n\r\n            <\/section>","protected":false},"excerpt":{"rendered":"<p>Temat e gramatik\u00ebs nepalese M\u00ebsimi i gjuh\u00ebs nepalese mund t\u00eb jet\u00eb nj\u00eb p\u00ebrvoj\u00eb magjeps\u00ebse dhe shp\u00ebrblyese p\u00ebr k\u00ebdo q\u00eb \u00ebsht\u00eb i interesuar t\u00eb zhytet n\u00eb kultur\u00ebn dhe historin\u00eb e pasur t\u00eb Nepalit. Si me \u00e7do gjuh\u00eb, zot\u00ebrimi i gramatik\u00ebs nepalese \u00ebsht\u00eb thelb\u00ebsor p\u00ebr komunikim efektiv. Ky artikull do t&#8217;ju udh\u00ebheq\u00eb p\u00ebrmes temave t\u00eb gramatik\u00ebs nepalese, [&hellip;]<\/p>\n","protected":false},"author":6,"featured_media":1442886,"parent":0,"menu_order":0,"comment_status":"closed","ping_status":"closed","template":"LearningContentPage.php","meta":{"_acf_changed":false,"footnotes":""},"class_list":["post-1448051","page","type-page","status-publish","has-post-thumbnail","hentry"],"acf":[],"yoast_head":"<!-- This site is optimized with the Yoast SEO Premium plugin v27.2 (Yoast SEO v27.2) - https:\/\/yoast.com\/product\/yoast-seo-premium-wordpress\/ -->\n<title>Ushtrime gramatikore nepaleze - Talkpal<\/title>\n<meta name=\"description\" content=\"Master Ushtrimet e Gramatik\u00ebs Nepaleze p\u00ebr komunikim efektiv. Eksploroni koh\u00ebt dhe strukturat e fjalive p\u00ebr rrjedhshm\u00ebrin\u00eb e gjuh\u00ebs.\" \/>\n<meta name=\"robots\" content=\"index, follow, max-snippet:-1, max-image-preview:large, max-video-preview:-1\" \/>\n<link rel=\"canonical\" href=\"https:\/\/talkpal.ai\/sq\/ushtrime-gramatikore-nepaleze\/\" \/>\n<meta property=\"og:locale\" content=\"sq_AL\" \/>\n<meta property=\"og:type\" content=\"article\" \/>\n<meta property=\"og:title\" content=\"Ushtrime gramatikore nepaleze\" \/>\n<meta property=\"og:description\" content=\"Temat e gramatik\u00ebs nepalese M\u00ebsimi i gjuh\u00ebs nepalese mund t\u00eb jet\u00eb nj\u00eb p\u00ebrvoj\u00eb magjeps\u00ebse dhe shp\u00ebrblyese p\u00ebr k\u00ebdo q\u00eb \u00ebsht\u00eb i interesuar t\u00eb zhytet n\u00eb\" \/>\n<meta property=\"og:url\" content=\"https:\/\/talkpal.ai\/sq\/ushtrime-gramatikore-nepaleze\/\" \/>\n<meta property=\"og:site_name\" content=\"Talkpal\" \/>\n<meta property=\"article:publisher\" content=\"https:\/\/www.facebook.com\/profile.php?id=100090733639311\" \/>\n<meta property=\"article:modified_time\" content=\"2025-12-17T14:37:10+00:00\" \/>\n<meta property=\"og:image\" content=\"https:\/\/talkpal.ai\/wp-content\/uploads\/2023\/05\/nepal.png\" \/>\n\t<meta property=\"og:image:width\" content=\"512\" \/>\n\t<meta property=\"og:image:height\" content=\"512\" \/>\n\t<meta property=\"og:image:type\" content=\"image\/png\" \/>\n<meta name=\"twitter:card\" content=\"summary_large_image\" \/>\n<meta name=\"twitter:site\" content=\"@talkpalai\" \/>\n<meta name=\"twitter:label1\" content=\"Est. reading time\" \/>\n\t<meta name=\"twitter:data1\" content=\"4 minutes\" \/>\n<script type=\"application\/ld+json\" class=\"yoast-schema-graph\">{\"@context\":\"https:\/\/schema.org\",\"@graph\":[{\"@type\":\"WebPage\",\"@id\":\"https:\/\/talkpal.ai\/sq\/ushtrime-gramatikore-nepaleze\/\",\"url\":\"https:\/\/talkpal.ai\/sq\/ushtrime-gramatikore-nepaleze\/\",\"name\":\"Ushtrime gramatikore nepaleze - Talkpal\",\"isPartOf\":{\"@id\":\"https:\/\/talkpal.ai\/sq\/#website\"},\"primaryImageOfPage\":{\"@id\":\"https:\/\/talkpal.ai\/sq\/ushtrime-gramatikore-nepaleze\/#primaryimage\"},\"image\":{\"@id\":\"https:\/\/talkpal.ai\/sq\/ushtrime-gramatikore-nepaleze\/#primaryimage\"},\"thumbnailUrl\":\"https:\/\/talkpal.ai\/wp-content\/uploads\/2023\/05\/nepal.png\",\"datePublished\":\"2023-06-22T08:52:21+00:00\",\"dateModified\":\"2025-12-17T14:37:10+00:00\",\"description\":\"Master Ushtrimet e Gramatik\u00ebs Nepaleze p\u00ebr komunikim efektiv. Eksploroni koh\u00ebt dhe strukturat e fjalive p\u00ebr rrjedhshm\u00ebrin\u00eb e gjuh\u00ebs.\",\"breadcrumb\":{\"@id\":\"https:\/\/talkpal.ai\/sq\/ushtrime-gramatikore-nepaleze\/#breadcrumb\"},\"inLanguage\":\"sq-AL\",\"potentialAction\":[{\"@type\":\"ReadAction\",\"target\":[\"https:\/\/talkpal.ai\/sq\/ushtrime-gramatikore-nepaleze\/\"]}]},{\"@type\":\"ImageObject\",\"inLanguage\":\"sq-AL\",\"@id\":\"https:\/\/talkpal.ai\/sq\/ushtrime-gramatikore-nepaleze\/#primaryimage\",\"url\":\"https:\/\/talkpal.ai\/wp-content\/uploads\/2023\/05\/nepal.png\",\"contentUrl\":\"https:\/\/talkpal.ai\/wp-content\/uploads\/2023\/05\/nepal.png\",\"width\":512,\"height\":512,\"caption\":\"TalkPal Nepal Flag\"},{\"@type\":\"BreadcrumbList\",\"@id\":\"https:\/\/talkpal.ai\/sq\/ushtrime-gramatikore-nepaleze\/#breadcrumb\",\"itemListElement\":[{\"@type\":\"ListItem\",\"position\":1,\"name\":\"Homepage\",\"item\":\"https:\/\/talkpal.ai\/sq\/\"},{\"@type\":\"ListItem\",\"position\":2,\"name\":\"Ushtrime gramatikore nepaleze\"}]},{\"@type\":\"WebSite\",\"@id\":\"https:\/\/talkpal.ai\/sq\/#website\",\"url\":\"https:\/\/talkpal.ai\/sq\/\",\"name\":\"Talkpal\",\"description\":\"AI Language Learning\",\"publisher\":{\"@id\":\"https:\/\/talkpal.ai\/sq\/#organization\"},\"alternateName\":\"Talkpal AI\",\"potentialAction\":[{\"@type\":\"SearchAction\",\"target\":{\"@type\":\"EntryPoint\",\"urlTemplate\":\"https:\/\/talkpal.ai\/sq\/?s={search_term_string}\"},\"query-input\":{\"@type\":\"PropertyValueSpecification\",\"valueRequired\":true,\"valueName\":\"search_term_string\"}}],\"inLanguage\":\"sq-AL\"},{\"@type\":\"Organization\",\"@id\":\"https:\/\/talkpal.ai\/sq\/#organization\",\"name\":\"Talkpal, Inc.\",\"alternateName\":\"Talkpal AI\",\"url\":\"https:\/\/talkpal.ai\/sq\/\",\"logo\":{\"@type\":\"ImageObject\",\"inLanguage\":\"sq-AL\",\"@id\":\"https:\/\/talkpal.ai\/sq\/#\/schema\/logo\/image\/\",\"url\":\"https:\/\/talkpal.ai\/wp-content\/uploads\/2024\/03\/Talkpal-Logo-Icon.png\",\"contentUrl\":\"https:\/\/talkpal.ai\/wp-content\/uploads\/2024\/03\/Talkpal-Logo-Icon.png\",\"width\":2880,\"height\":2880,\"caption\":\"Talkpal, Inc.\"},\"image\":{\"@id\":\"https:\/\/talkpal.ai\/sq\/#\/schema\/logo\/image\/\"},\"sameAs\":[\"https:\/\/www.facebook.com\/profile.php?id=100090733639311\",\"https:\/\/x.com\/talkpalai\",\"https:\/\/www.linkedin.com\/company\/talkpal\/\",\"https:\/\/www.youtube.com\/@TalkPal\/\",\"https:\/\/www.tiktok.com\/@talkpal\",\"https:\/\/www.instagram.com\/talkpal_ai\/\",\"https:\/\/www.crunchbase.com\/organization\/talkpal-9cde\",\"https:\/\/www.g2.com\/products\/talkpal-for-business\/\",\"https:\/\/www.trustpilot.com\/review\/talkpal.ai\",\"https:\/\/www.capterra.com\/p\/10006800\/TalkPal\/\"],\"description\":\"Talkpal is a language learning web and mobile education app, powered by the latest AI technologies, that provides engaging experiences to its customers in many different languages to help them improve their language skills. Users can chat about unlimited amount of topics with the app and use other modes to practice their language learning.\",\"email\":\"support@talkpal.ai\",\"legalName\":\"Talkpal, Inc.\",\"foundingDate\":\"2023-04-03\",\"duns\":\"118989042\",\"numberOfEmployees\":{\"@type\":\"QuantitativeValue\",\"minValue\":\"11\",\"maxValue\":\"50\"},\"publishingPrinciples\":\"https:\/\/talkpal.ai\/publishing-principles\/\",\"actionableFeedbackPolicy\":\"https:\/\/talkpal.ai\/actionable-feedback-policy\/\",\"correctionsPolicy\":\"https:\/\/talkpal.ai\/corrections-policy\/\",\"ethicsPolicy\":\"https:\/\/talkpal.ai\/ethics-policy\/\",\"diversityPolicy\":\"https:\/\/talkpal.ai\/diversity-policy\/\",\"diversityStaffingReport\":\"https:\/\/talkpal.ai\/diversity-policy\/\"}]}<\/script>\n<!-- \/ Yoast SEO Premium plugin. -->","yoast_head_json":{"title":"Ushtrime gramatikore nepaleze - Talkpal","description":"Master Ushtrimet e Gramatik\u00ebs Nepaleze p\u00ebr komunikim efektiv. Eksploroni koh\u00ebt dhe strukturat e fjalive p\u00ebr rrjedhshm\u00ebrin\u00eb e gjuh\u00ebs.","robots":{"index":"index","follow":"follow","max-snippet":"max-snippet:-1","max-image-preview":"max-image-preview:large","max-video-preview":"max-video-preview:-1"},"canonical":"https:\/\/talkpal.ai\/sq\/ushtrime-gramatikore-nepaleze\/","og_locale":"sq_AL","og_type":"article","og_title":"Ushtrime gramatikore nepaleze","og_description":"Temat e gramatik\u00ebs nepalese M\u00ebsimi i gjuh\u00ebs nepalese mund t\u00eb jet\u00eb nj\u00eb p\u00ebrvoj\u00eb magjeps\u00ebse dhe shp\u00ebrblyese p\u00ebr k\u00ebdo q\u00eb \u00ebsht\u00eb i interesuar t\u00eb zhytet n\u00eb","og_url":"https:\/\/talkpal.ai\/sq\/ushtrime-gramatikore-nepaleze\/","og_site_name":"Talkpal","article_publisher":"https:\/\/www.facebook.com\/profile.php?id=100090733639311","article_modified_time":"2025-12-17T14:37:10+00:00","og_image":[{"width":512,"height":512,"url":"https:\/\/talkpal.ai\/wp-content\/uploads\/2023\/05\/nepal.png","type":"image\/png"}],"twitter_card":"summary_large_image","twitter_site":"@talkpalai","twitter_misc":{"Est. reading time":"4 minutes"},"schema":{"@context":"https:\/\/schema.org","@graph":[{"@type":"WebPage","@id":"https:\/\/talkpal.ai\/sq\/ushtrime-gramatikore-nepaleze\/","url":"https:\/\/talkpal.ai\/sq\/ushtrime-gramatikore-nepaleze\/","name":"Ushtrime gramatikore nepaleze - Talkpal","isPartOf":{"@id":"https:\/\/talkpal.ai\/sq\/#website"},"primaryImageOfPage":{"@id":"https:\/\/talkpal.ai\/sq\/ushtrime-gramatikore-nepaleze\/#primaryimage"},"image":{"@id":"https:\/\/talkpal.ai\/sq\/ushtrime-gramatikore-nepaleze\/#primaryimage"},"thumbnailUrl":"https:\/\/talkpal.ai\/wp-content\/uploads\/2023\/05\/nepal.png","datePublished":"2023-06-22T08:52:21+00:00","dateModified":"2025-12-17T14:37:10+00:00","description":"Master Ushtrimet e Gramatik\u00ebs Nepaleze p\u00ebr komunikim efektiv. Eksploroni koh\u00ebt dhe strukturat e fjalive p\u00ebr rrjedhshm\u00ebrin\u00eb e gjuh\u00ebs.","breadcrumb":{"@id":"https:\/\/talkpal.ai\/sq\/ushtrime-gramatikore-nepaleze\/#breadcrumb"},"inLanguage":"sq-AL","potentialAction":[{"@type":"ReadAction","target":["https:\/\/talkpal.ai\/sq\/ushtrime-gramatikore-nepaleze\/"]}]},{"@type":"ImageObject","inLanguage":"sq-AL","@id":"https:\/\/talkpal.ai\/sq\/ushtrime-gramatikore-nepaleze\/#primaryimage","url":"https:\/\/talkpal.ai\/wp-content\/uploads\/2023\/05\/nepal.png","contentUrl":"https:\/\/talkpal.ai\/wp-content\/uploads\/2023\/05\/nepal.png","width":512,"height":512,"caption":"TalkPal Nepal Flag"},{"@type":"BreadcrumbList","@id":"https:\/\/talkpal.ai\/sq\/ushtrime-gramatikore-nepaleze\/#breadcrumb","itemListElement":[{"@type":"ListItem","position":1,"name":"Homepage","item":"https:\/\/talkpal.ai\/sq\/"},{"@type":"ListItem","position":2,"name":"Ushtrime gramatikore nepaleze"}]},{"@type":"WebSite","@id":"https:\/\/talkpal.ai\/sq\/#website","url":"https:\/\/talkpal.ai\/sq\/","name":"Talkpal","description":"AI Language Learning","publisher":{"@id":"https:\/\/talkpal.ai\/sq\/#organization"},"alternateName":"Talkpal AI","potentialAction":[{"@type":"SearchAction","target":{"@type":"EntryPoint","urlTemplate":"https:\/\/talkpal.ai\/sq\/?s={search_term_string}"},"query-input":{"@type":"PropertyValueSpecification","valueRequired":true,"valueName":"search_term_string"}}],"inLanguage":"sq-AL"},{"@type":"Organization","@id":"https:\/\/talkpal.ai\/sq\/#organization","name":"Talkpal, Inc.","alternateName":"Talkpal AI","url":"https:\/\/talkpal.ai\/sq\/","logo":{"@type":"ImageObject","inLanguage":"sq-AL","@id":"https:\/\/talkpal.ai\/sq\/#\/schema\/logo\/image\/","url":"https:\/\/talkpal.ai\/wp-content\/uploads\/2024\/03\/Talkpal-Logo-Icon.png","contentUrl":"https:\/\/talkpal.ai\/wp-content\/uploads\/2024\/03\/Talkpal-Logo-Icon.png","width":2880,"height":2880,"caption":"Talkpal, Inc."},"image":{"@id":"https:\/\/talkpal.ai\/sq\/#\/schema\/logo\/image\/"},"sameAs":["https:\/\/www.facebook.com\/profile.php?id=100090733639311","https:\/\/x.com\/talkpalai","https:\/\/www.linkedin.com\/company\/talkpal\/","https:\/\/www.youtube.com\/@TalkPal\/","https:\/\/www.tiktok.com\/@talkpal","https:\/\/www.instagram.com\/talkpal_ai\/","https:\/\/www.crunchbase.com\/organization\/talkpal-9cde","https:\/\/www.g2.com\/products\/talkpal-for-business\/","https:\/\/www.trustpilot.com\/review\/talkpal.ai","https:\/\/www.capterra.com\/p\/10006800\/TalkPal\/"],"description":"Talkpal is a language learning web and mobile education app, powered by the latest AI technologies, that provides engaging experiences to its customers in many different languages to help them improve their language skills. Users can chat about unlimited amount of topics with the app and use other modes to practice their language learning.","email":"support@talkpal.ai","legalName":"Talkpal, Inc.","foundingDate":"2023-04-03","duns":"118989042","numberOfEmployees":{"@type":"QuantitativeValue","minValue":"11","maxValue":"50"},"publishingPrinciples":"https:\/\/talkpal.ai\/publishing-principles\/","actionableFeedbackPolicy":"https:\/\/talkpal.ai\/actionable-feedback-policy\/","correctionsPolicy":"https:\/\/talkpal.ai\/corrections-policy\/","ethicsPolicy":"https:\/\/talkpal.ai\/ethics-policy\/","diversityPolicy":"https:\/\/talkpal.ai\/diversity-policy\/","diversityStaffingReport":"https:\/\/talkpal.ai\/diversity-policy\/"}]}},"_links":{"self":[{"href":"https:\/\/talkpal.ai\/sq\/wp-json\/wp\/v2\/pages\/1448051","targetHints":{"allow":["GET"]}}],"collection":[{"href":"https:\/\/talkpal.ai\/sq\/wp-json\/wp\/v2\/pages"}],"about":[{"href":"https:\/\/talkpal.ai\/sq\/wp-json\/wp\/v2\/types\/page"}],"author":[{"embeddable":true,"href":"https:\/\/talkpal.ai\/sq\/wp-json\/wp\/v2\/users\/6"}],"replies":[{"embeddable":true,"href":"https:\/\/talkpal.ai\/sq\/wp-json\/wp\/v2\/comments?post=1448051"}],"version-history":[{"count":0,"href":"https:\/\/talkpal.ai\/sq\/wp-json\/wp\/v2\/pages\/1448051\/revisions"}],"wp:featuredmedia":[{"embeddable":true,"href":"https:\/\/talkpal.ai\/sq\/wp-json\/wp\/v2\/media\/1442886"}],"wp:attachment":[{"href":"https:\/\/talkpal.ai\/sq\/wp-json\/wp\/v2\/media?parent=1448051"}],"curies":[{"name":"wp","href":"https:\/\/api.w.org\/{rel}","templated":true}]}}