{"id":1448047,"date":"2023-06-27T09:07:34","date_gmt":"2023-06-27T09:07:34","guid":{"rendered":"https:\/\/talkpal.ai\/ushtrime-gramatikore-polake\/"},"modified":"2025-12-17T09:55:20","modified_gmt":"2025-12-17T09:55:20","slug":"ushtrime-gramatikore-polake","status":"publish","type":"page","link":"https:\/\/talkpal.ai\/sq\/ushtrime-gramatikore-polake\/","title":{"rendered":"Ushtrime gramatikore polake"},"content":{"rendered":"\r\n\r\n\r\n<section class=\"languageChallengeSection\">\r\n    <div class=\"languageInfoWrapper\">\r\n        \r\n        <h1>Ushtrime gramatikore polake<\/h1>\r\n        <p>Gati p\u00ebr t\u00eb mprehur aft\u00ebsit\u00eb tuaja n\u00eb gjuh\u00ebn polake? Praktikimi i ushtrimeve gramatikore \u00ebsht\u00eb nj\u00eb m\u00ebnyr\u00eb e shk\u00eblqyer p\u00ebr t\u00eb zot\u00ebruar struktur\u00ebn e fjalis\u00eb, konjugimet e foljeve dhe modelet unike t\u00eb polonishtes. Filloni t\u00eb punoni n\u00eb gramatik\u00ebn polake sot dhe shikoni se si besimi dhe rrjedhshm\u00ebria juaj p\u00ebrmir\u00ebsohen me \u00e7do ushtrim!\n\n<\/p>\r\n\r\n                            <a class=\"getStartedHidden\" href=\"https:\/\/app.talkpal.ai\/signup?lng=\">Filloni<\/a>\r\n        \r\n    <\/div>\r\n\r\n    <figure>\r\n    <img decoding=\"async\" width=\"768\" height=\"768\" src=\"https:\/\/talkpal.ai\/wp-content\/uploads\/2023\/06\/polish-768x768.png\" class=\"languageImage no-lazy\" alt=\"Practical tips on language learning techniques\" fetchpriority=\"high\" sizes=\"(max-width: 768px) 150px, 768px\" srcset=\"https:\/\/talkpal.ai\/wp-content\/uploads\/2023\/06\/polish-768x768.png 768w, https:\/\/talkpal.ai\/wp-content\/uploads\/2023\/06\/polish-300x300.png 300w\" \/>\r\n    \r\n\r\n    <\/figure>\r\n\r\n            <a class=\"getStartedVisible\" href=\"https:\/\/app.talkpal.ai\/signup?lng=\">Filloni<\/a>\r\n    \r\n<\/section>\r\n\r\n\r\n<!-- <section class=\"grammarSection\">\r\n    <div class=\"grammarLinks\">\r\n            <\/div>\r\n<\/section> -->\r\n\r\n\r\n\r\n\r\n<section class=\"promotionalBanner\">\r\n    <p class=\"promotionalText\">M\u00ebnyra m\u00eb efikase p\u00ebr t\u00eb m\u00ebsuar nj\u00eb gjuh\u00eb<\/p>\r\n    <a class=\"promotionalLink\" href=\"https:\/\/app.talkpal.ai\/signup?lng=\">Provoni Talkpal falas<\/a>\r\n<\/section>\n<div class=\"wp-block-group pageContainerStyle\"><div class=\"wp-block-group__inner-container is-layout-constrained wp-block-group-is-layout-constrained\">\n<h2 class=\"wp-block-heading\" id=\"h-polish-grammar-topics\">Temat e gramatik\u00ebs polake<\/h2>\n\n\n\n<p>Polonishtja, nj\u00eb gjuh\u00eb sllave per\u00ebndimore, \u00ebsht\u00eb gjuha amtare e Polonis\u00eb dhe flitet nga miliona njer\u00ebz n\u00eb mbar\u00eb bot\u00ebn. Me sistemin e tij kompleks gramatikor dhe shqiptimin unik, m\u00ebsimi i polonishtes mund t\u00eb jet\u00eb mjaft sfidues, por edhe shp\u00ebrblyes. P\u00ebr t\u00eb arritur nj\u00eb kuptim dhe zot\u00ebrim t\u00eb mir\u00eb t\u00eb gjuh\u00ebs, \u00ebsht\u00eb thelb\u00ebsore t\u00eb m\u00ebsoni rregullat e saj gramatikore n\u00eb nj\u00eb sekuenc\u00eb t\u00eb strukturuar dhe logjike. N\u00eb k\u00ebt\u00eb udh\u00ebzues, ne do t\u00eb shqyrtojm\u00eb temat kryesore gramatikore n\u00eb polonisht, t\u00eb tilla si koh\u00ebt, foljet, emrat, artikujt, p\u00ebremrat, mbiemrat, ndajfoljet, kushtet, parafjal\u00ebt dhe strukturat e fjalive. Duke ndjekur k\u00ebt\u00eb sekuenc\u00eb, ju do t\u00eb jeni n\u00eb gjendje t\u00eb nd\u00ebrtoni n\u00eb m\u00ebnyr\u00eb progresive aft\u00ebsit\u00eb tuaja n\u00eb gjuh\u00ebn polake dhe t\u00eb komunikoni n\u00eb m\u00ebnyr\u00eb efektive.<\/p>\n\n\n\n<h3 class=\"wp-block-heading\" id=\"h-1-nouns\">1. Emrat:<\/h3>\n\n\n\n<p>N\u00eb polonisht, emrat ndahen n\u00eb tre gjini: mashkullore, fem\u00ebrore dhe neutre. Ata gjithashtu kan\u00eb shtat\u00eb raste: nominativ, gjenitiv, dativ, akuzativ, instrumental, lokativ dhe vokativ. M\u00ebsimi i sistemit gjinor dhe t\u00eb rasteve \u00ebsht\u00eb thelb\u00ebsor p\u00ebr t\u00eb kuptuar strukturat e fjalive dhe p\u00ebr t\u00eb p\u00ebrdorur format e sakta t\u00eb elementeve t\u00eb tjera gramatikore, t\u00eb tilla si mbiemrat dhe p\u00ebremrat.<\/p>\n\n\n\n<h3 class=\"wp-block-heading\" id=\"h-2-pronouns-determiners\">2. P\u00ebremrat\/p\u00ebrcaktuesit:<\/h3>\n\n\n\n<p>P\u00ebremrat dhe p\u00ebrcaktuesit polak\u00eb pajtohen me emrat n\u00eb gjini, num\u00ebr dhe rast. Ato p\u00ebrfshijn\u00eb p\u00ebremra personal\u00eb, pron\u00ebsor, demonstrativ, pyet\u00ebs dhe relativ\u00eb. Zot\u00ebrimi i p\u00ebrdorimit t\u00eb p\u00ebremrave dhe p\u00ebrcaktuesve ndihmon n\u00eb nd\u00ebrtimin e fjalive m\u00eb komplekse dhe shprehjen e marr\u00ebdh\u00ebnieve t\u00eb ndryshme midis fjal\u00ebve.<\/p>\n\n\n\n<h3 class=\"wp-block-heading\" id=\"h-3-adjectives\">3. Mbiemra:<\/h3>\n\n\n\n<p>Mbiemrat n\u00eb polonisht pajtohen me emrat n\u00eb gjini, num\u00ebr dhe rast. Ata kan\u00eb forma t\u00eb ndryshme bazuar n\u00eb k\u00ebta faktor\u00eb, k\u00ebshtu q\u00eb m\u00ebsimi i modeleve t\u00eb deformimit p\u00ebr mbiemrat \u00ebsht\u00eb thelb\u00ebsor p\u00ebr p\u00ebrdorimin dhe kuptimin e duhur t\u00eb frazave p\u00ebrshkruese.<\/p>\n\n\n\n<h3 class=\"wp-block-heading\" id=\"h-4-verbs\">4. Foljet:<\/h3>\n\n\n\n<p>Sistemi i foljeve polake p\u00ebrb\u00ebhet nga tre koh\u00eb: e kaluara, e tashmja dhe e ardhmja. Foljet gjithashtu kan\u00eb forma t\u00eb ndryshme bazuar n\u00eb aspekte (perfekte ose joperfekte) dhe modele konjugimi. M\u00ebsimi i bazave t\u00eb konjugimit dhe aspektit t\u00eb foljeve \u00ebsht\u00eb thelb\u00ebsor p\u00ebr t\u00eb shprehur veprimet, ngjarjet dhe gjendjet n\u00eb afate t\u00eb ndryshme kohore.<\/p>\n\n\n\n<h3 class=\"wp-block-heading\" id=\"h-5-tense-comparison\">5. Krahasimi i tensionit:<\/h3>\n\n\n\n<p>Kuptimi i dallimeve dhe ngjashm\u00ebrive midis tre koh\u00ebve n\u00eb polonisht ju lejon t\u00eb shprehni marr\u00ebdh\u00ebniet kohore me sakt\u00ebsi. Kjo p\u00ebrfshin formimin dhe p\u00ebrdorimin e formave progresive t\u00eb thjeshta, progresive dhe t\u00eb p\u00ebrsosura.<\/p>\n\n\n\n<h3 class=\"wp-block-heading\" id=\"h-6-adverbs\">6. Ndajfoljet:<\/h3>\n\n\n\n<p>Ndajfoljet n\u00eb polonisht ofrojn\u00eb informacion shtes\u00eb <a href=\"https:\/\/talkpal.ai\/sq\/rreth\/\">rreth<\/a> foljeve, mbiemrave ose ndajfoljeve t\u00eb tjera. Ata zakonisht nuk ndryshojn\u00eb form\u00ebn e <a href=\"https:\/\/talkpal.ai\/locations\/language-courses-in-tyre\/\">tyre<\/a>, duke i b\u00ebr\u00eb ato relativisht t\u00eb lehta p\u00ebr t&#8217;u m\u00ebsuar. T\u00eb dish t\u00eb p\u00ebrdor\u00ebsh ndajfoljet si\u00e7 duhet rrit ekspresivitetin e gjuh\u00ebs suaj.<\/p>\n\n\n\n<h3 class=\"wp-block-heading\" id=\"h-7-prepositions\">7. Parafjal\u00ebt:<\/h3>\n\n\n\n<p>Parafjal\u00ebt polake rregullojn\u00eb raste specifike dhe tregojn\u00eb marr\u00ebdh\u00ebniet midis fjal\u00ebve n\u00eb nj\u00eb fjali. M\u00ebsimi i p\u00ebrdorimit t\u00eb sakt\u00eb t\u00eb parafjal\u00ebve dhe rasteve t\u00eb tyre p\u00ebrkat\u00ebse \u00ebsht\u00eb jetik p\u00ebr nd\u00ebrtimin e fjalive m\u00eb komplekse dhe shprehjen e marr\u00ebdh\u00ebnieve t\u00eb ndryshme midis fjal\u00ebve.<\/p>\n\n\n\n<h3 class=\"wp-block-heading\" id=\"h-8-conditionals\">8. Kusht\u00ebzotet:<\/h3>\n\n\n\n<p>D\u00ebnimet e kusht\u00ebzuara n\u00eb polonisht shprehin situata hipotetike dhe pasojat e tyre. Ato zakonisht p\u00ebrb\u00ebhen nga dy fjali: kushti (if-klauzola) dhe rezultati (fjalia kryesore). M\u00ebsimi i formimit dhe p\u00ebrdorimit t\u00eb kusht\u00ebzimeve ju lejon t\u00eb shprehni situatat hipotetike dhe pasojat e tyre me sakt\u00ebsi.<\/p>\n\n\n\n<h3 class=\"wp-block-heading\" id=\"h-9-sentences\">9. Djalit\u00eb:<\/h3>\n\n\n\n<p>P\u00ebr t\u00eb komunikuar n\u00eb m\u00ebnyr\u00eb efektive n\u00eb polonisht, \u00ebsht\u00eb thelb\u00ebsore t\u00eb kuptoni strukturat baz\u00eb t\u00eb fjalive, duke p\u00ebrfshir\u00eb fjalit\u00eb deklarative, pyet\u00ebse, imperative dhe thirrje. Zot\u00ebrimi i strukturave t\u00eb fjalive ndihmon n\u00eb shprehjen e mendimeve, b\u00ebrjen e pyetjeve, dh\u00ebnien e urdhrave dhe p\u00ebrcjelljen e emocioneve n\u00eb polonisht.<\/p>\n<\/div><\/div>\n\r\n<section class=\"learnNavigationSection\">\r\n            \r\n        <a href=\"https:\/\/talkpal.ai\/sq\/meso-polonisht\/\">\r\n            <div class=\"learnNavigationWrapper\">\r\n                <div class=\"learnNavigationContent\">\r\n                    <img decoding=\"async\" src=\"https:\/\/talkpal.ai\/wp-content\/uploads\/2024\/08\/Polish.jpg\" alt=\"Polish Flag\">\r\n                    <div>\r\n                        <h4>Rreth t\u00eb m\u00ebsuarit polonisht<\/h4>\r\n                        <p>M\u00ebsoni gjith\u00e7ka rreth gramatik\u00ebs polake.<\/p>\r\n                    <\/div>\r\n                <\/div>\r\n            <\/div>\r\n        <\/a>\r\n\r\n        \r\n        <a href=\"https:\/\/talkpal.ai\/sq\/gramatika-polake\/\">\r\n            <div class=\"learnNavigationWrapper\">\r\n                <div class=\"learnNavigationContent\">\r\n                    <img decoding=\"async\" src=\"https:\/\/talkpal.ai\/wp-content\/uploads\/2024\/08\/Polish.jpg\" alt=\"Polish Flag\">\r\n                    <div>\r\n                        <h4>M\u00ebsimet e gramatik\u00ebs polake<\/h4>\r\n                        <p>Praktikoni gramatik\u00ebn polake.<\/p>\r\n                    <\/div>\r\n                <\/div>\r\n            <\/div>\r\n        <\/a>\r\n\r\n        \r\n        <a href=\"https:\/\/talkpal.ai\/vocabulary_language\/polish\/\">\r\n            <div class=\"learnNavigationWrapper\">\r\n                <div class=\"learnNavigationContent\">\r\n                    <img decoding=\"async\" src=\"https:\/\/talkpal.ai\/wp-content\/uploads\/2024\/08\/Polish.jpg\" alt=\"Polish Flag\">\r\n                    <div>\r\n                        <h4>Fjalori polak<\/h4>\r\n                        <p>Zgjeroni fjalorin tuaj polak.<\/p>\r\n                    <\/div>\r\n                <\/div>\r\n            <\/div>\r\n        <\/a>\r\n\r\n            <\/section>","protected":false},"excerpt":{"rendered":"<p>Temat e gramatik\u00ebs polake Polonishtja, nj\u00eb gjuh\u00eb sllave per\u00ebndimore, \u00ebsht\u00eb gjuha amtare e Polonis\u00eb dhe flitet nga miliona njer\u00ebz n\u00eb mbar\u00eb bot\u00ebn. Me sistemin e tij kompleks gramatikor dhe shqiptimin unik, m\u00ebsimi i polonishtes mund t\u00eb jet\u00eb mjaft sfidues, por edhe shp\u00ebrblyes. P\u00ebr t\u00eb arritur nj\u00eb kuptim dhe zot\u00ebrim t\u00eb mir\u00eb t\u00eb gjuh\u00ebs, \u00ebsht\u00eb thelb\u00ebsore [&hellip;]<\/p>\n","protected":false},"author":6,"featured_media":1442896,"parent":0,"menu_order":0,"comment_status":"closed","ping_status":"closed","template":"LearningContentPage.php","meta":{"_acf_changed":false,"footnotes":""},"class_list":["post-1448047","page","type-page","status-publish","has-post-thumbnail","hentry"],"acf":[],"yoast_head":"<!-- This site is optimized with the Yoast SEO Premium plugin v27.2 (Yoast SEO v27.2) - https:\/\/yoast.com\/product\/yoast-seo-premium-wordpress\/ -->\n<title>Ushtrime gramatikore polake - Talkpal<\/title>\n<meta name=\"description\" content=\"Zot\u00ebroni gramatik\u00ebn polake me ushtrime interaktive t\u00eb dizajnuara p\u00ebr t\u00eb gjitha nivelet. Praktikoni dhe p\u00ebrmir\u00ebsoni aft\u00ebsit\u00eb tuaja gjuh\u00ebsore!\" \/>\n<meta name=\"robots\" content=\"index, follow, max-snippet:-1, max-image-preview:large, max-video-preview:-1\" \/>\n<link rel=\"canonical\" href=\"https:\/\/talkpal.ai\/sq\/ushtrime-gramatikore-polake\/\" \/>\n<meta property=\"og:locale\" content=\"sq_AL\" \/>\n<meta property=\"og:type\" content=\"article\" \/>\n<meta property=\"og:title\" content=\"Ushtrime gramatikore polake\" \/>\n<meta property=\"og:description\" content=\"Temat e gramatik\u00ebs polake Polonishtja, nj\u00eb gjuh\u00eb sllave per\u00ebndimore, \u00ebsht\u00eb gjuha amtare e Polonis\u00eb dhe flitet nga miliona njer\u00ebz n\u00eb mbar\u00eb bot\u00ebn. Me\" \/>\n<meta property=\"og:url\" content=\"https:\/\/talkpal.ai\/sq\/ushtrime-gramatikore-polake\/\" \/>\n<meta property=\"og:site_name\" content=\"Talkpal\" \/>\n<meta property=\"article:publisher\" content=\"https:\/\/www.facebook.com\/profile.php?id=100090733639311\" \/>\n<meta property=\"article:modified_time\" content=\"2025-12-17T09:55:20+00:00\" \/>\n<meta property=\"og:image\" content=\"https:\/\/talkpal.ai\/wp-content\/uploads\/2023\/05\/poland.png\" \/>\n\t<meta property=\"og:image:width\" content=\"512\" \/>\n\t<meta property=\"og:image:height\" content=\"512\" \/>\n\t<meta property=\"og:image:type\" content=\"image\/png\" \/>\n<meta name=\"twitter:card\" content=\"summary_large_image\" \/>\n<meta name=\"twitter:site\" content=\"@talkpalai\" \/>\n<meta name=\"twitter:label1\" content=\"Est. reading time\" \/>\n\t<meta name=\"twitter:data1\" content=\"3 minutes\" \/>\n<script type=\"application\/ld+json\" class=\"yoast-schema-graph\">{\"@context\":\"https:\/\/schema.org\",\"@graph\":[{\"@type\":\"WebPage\",\"@id\":\"https:\/\/talkpal.ai\/sq\/ushtrime-gramatikore-polake\/\",\"url\":\"https:\/\/talkpal.ai\/sq\/ushtrime-gramatikore-polake\/\",\"name\":\"Ushtrime gramatikore polake - Talkpal\",\"isPartOf\":{\"@id\":\"https:\/\/talkpal.ai\/sq\/#website\"},\"primaryImageOfPage\":{\"@id\":\"https:\/\/talkpal.ai\/sq\/ushtrime-gramatikore-polake\/#primaryimage\"},\"image\":{\"@id\":\"https:\/\/talkpal.ai\/sq\/ushtrime-gramatikore-polake\/#primaryimage\"},\"thumbnailUrl\":\"https:\/\/talkpal.ai\/wp-content\/uploads\/2023\/05\/poland.png\",\"datePublished\":\"2023-06-27T09:07:34+00:00\",\"dateModified\":\"2025-12-17T09:55:20+00:00\",\"description\":\"Zot\u00ebroni gramatik\u00ebn polake me ushtrime interaktive t\u00eb dizajnuara p\u00ebr t\u00eb gjitha nivelet. Praktikoni dhe p\u00ebrmir\u00ebsoni aft\u00ebsit\u00eb tuaja gjuh\u00ebsore!\",\"breadcrumb\":{\"@id\":\"https:\/\/talkpal.ai\/sq\/ushtrime-gramatikore-polake\/#breadcrumb\"},\"inLanguage\":\"sq-AL\",\"potentialAction\":[{\"@type\":\"ReadAction\",\"target\":[\"https:\/\/talkpal.ai\/sq\/ushtrime-gramatikore-polake\/\"]}]},{\"@type\":\"ImageObject\",\"inLanguage\":\"sq-AL\",\"@id\":\"https:\/\/talkpal.ai\/sq\/ushtrime-gramatikore-polake\/#primaryimage\",\"url\":\"https:\/\/talkpal.ai\/wp-content\/uploads\/2023\/05\/poland.png\",\"contentUrl\":\"https:\/\/talkpal.ai\/wp-content\/uploads\/2023\/05\/poland.png\",\"width\":512,\"height\":512,\"caption\":\"TalkPal Poland Flag\"},{\"@type\":\"BreadcrumbList\",\"@id\":\"https:\/\/talkpal.ai\/sq\/ushtrime-gramatikore-polake\/#breadcrumb\",\"itemListElement\":[{\"@type\":\"ListItem\",\"position\":1,\"name\":\"Homepage\",\"item\":\"https:\/\/talkpal.ai\/sq\/\"},{\"@type\":\"ListItem\",\"position\":2,\"name\":\"Ushtrime gramatikore polake\"}]},{\"@type\":\"WebSite\",\"@id\":\"https:\/\/talkpal.ai\/sq\/#website\",\"url\":\"https:\/\/talkpal.ai\/sq\/\",\"name\":\"Talkpal\",\"description\":\"AI Language Learning\",\"publisher\":{\"@id\":\"https:\/\/talkpal.ai\/sq\/#organization\"},\"alternateName\":\"Talkpal AI\",\"potentialAction\":[{\"@type\":\"SearchAction\",\"target\":{\"@type\":\"EntryPoint\",\"urlTemplate\":\"https:\/\/talkpal.ai\/sq\/?s={search_term_string}\"},\"query-input\":{\"@type\":\"PropertyValueSpecification\",\"valueRequired\":true,\"valueName\":\"search_term_string\"}}],\"inLanguage\":\"sq-AL\"},{\"@type\":\"Organization\",\"@id\":\"https:\/\/talkpal.ai\/sq\/#organization\",\"name\":\"Talkpal, Inc.\",\"alternateName\":\"Talkpal AI\",\"url\":\"https:\/\/talkpal.ai\/sq\/\",\"logo\":{\"@type\":\"ImageObject\",\"inLanguage\":\"sq-AL\",\"@id\":\"https:\/\/talkpal.ai\/sq\/#\/schema\/logo\/image\/\",\"url\":\"https:\/\/talkpal.ai\/wp-content\/uploads\/2024\/03\/Talkpal-Logo-Icon.png\",\"contentUrl\":\"https:\/\/talkpal.ai\/wp-content\/uploads\/2024\/03\/Talkpal-Logo-Icon.png\",\"width\":2880,\"height\":2880,\"caption\":\"Talkpal, Inc.\"},\"image\":{\"@id\":\"https:\/\/talkpal.ai\/sq\/#\/schema\/logo\/image\/\"},\"sameAs\":[\"https:\/\/www.facebook.com\/profile.php?id=100090733639311\",\"https:\/\/x.com\/talkpalai\",\"https:\/\/www.linkedin.com\/company\/talkpal\/\",\"https:\/\/www.youtube.com\/@TalkPal\/\",\"https:\/\/www.tiktok.com\/@talkpal\",\"https:\/\/www.instagram.com\/talkpal_ai\/\",\"https:\/\/www.crunchbase.com\/organization\/talkpal-9cde\",\"https:\/\/www.g2.com\/products\/talkpal-for-business\/\",\"https:\/\/www.trustpilot.com\/review\/talkpal.ai\",\"https:\/\/www.capterra.com\/p\/10006800\/TalkPal\/\"],\"description\":\"Talkpal is a language learning web and mobile education app, powered by the latest AI technologies, that provides engaging experiences to its customers in many different languages to help them improve their language skills. Users can chat about unlimited amount of topics with the app and use other modes to practice their language learning.\",\"email\":\"support@talkpal.ai\",\"legalName\":\"Talkpal, Inc.\",\"foundingDate\":\"2023-04-03\",\"duns\":\"118989042\",\"numberOfEmployees\":{\"@type\":\"QuantitativeValue\",\"minValue\":\"11\",\"maxValue\":\"50\"},\"publishingPrinciples\":\"https:\/\/talkpal.ai\/publishing-principles\/\",\"actionableFeedbackPolicy\":\"https:\/\/talkpal.ai\/actionable-feedback-policy\/\",\"correctionsPolicy\":\"https:\/\/talkpal.ai\/corrections-policy\/\",\"ethicsPolicy\":\"https:\/\/talkpal.ai\/ethics-policy\/\",\"diversityPolicy\":\"https:\/\/talkpal.ai\/diversity-policy\/\",\"diversityStaffingReport\":\"https:\/\/talkpal.ai\/diversity-policy\/\"}]}<\/script>\n<!-- \/ Yoast SEO Premium plugin. -->","yoast_head_json":{"title":"Ushtrime gramatikore polake - Talkpal","description":"Zot\u00ebroni gramatik\u00ebn polake me ushtrime interaktive t\u00eb dizajnuara p\u00ebr t\u00eb gjitha nivelet. Praktikoni dhe p\u00ebrmir\u00ebsoni aft\u00ebsit\u00eb tuaja gjuh\u00ebsore!","robots":{"index":"index","follow":"follow","max-snippet":"max-snippet:-1","max-image-preview":"max-image-preview:large","max-video-preview":"max-video-preview:-1"},"canonical":"https:\/\/talkpal.ai\/sq\/ushtrime-gramatikore-polake\/","og_locale":"sq_AL","og_type":"article","og_title":"Ushtrime gramatikore polake","og_description":"Temat e gramatik\u00ebs polake Polonishtja, nj\u00eb gjuh\u00eb sllave per\u00ebndimore, \u00ebsht\u00eb gjuha amtare e Polonis\u00eb dhe flitet nga miliona njer\u00ebz n\u00eb mbar\u00eb bot\u00ebn. Me","og_url":"https:\/\/talkpal.ai\/sq\/ushtrime-gramatikore-polake\/","og_site_name":"Talkpal","article_publisher":"https:\/\/www.facebook.com\/profile.php?id=100090733639311","article_modified_time":"2025-12-17T09:55:20+00:00","og_image":[{"width":512,"height":512,"url":"https:\/\/talkpal.ai\/wp-content\/uploads\/2023\/05\/poland.png","type":"image\/png"}],"twitter_card":"summary_large_image","twitter_site":"@talkpalai","twitter_misc":{"Est. reading time":"3 minutes"},"schema":{"@context":"https:\/\/schema.org","@graph":[{"@type":"WebPage","@id":"https:\/\/talkpal.ai\/sq\/ushtrime-gramatikore-polake\/","url":"https:\/\/talkpal.ai\/sq\/ushtrime-gramatikore-polake\/","name":"Ushtrime gramatikore polake - Talkpal","isPartOf":{"@id":"https:\/\/talkpal.ai\/sq\/#website"},"primaryImageOfPage":{"@id":"https:\/\/talkpal.ai\/sq\/ushtrime-gramatikore-polake\/#primaryimage"},"image":{"@id":"https:\/\/talkpal.ai\/sq\/ushtrime-gramatikore-polake\/#primaryimage"},"thumbnailUrl":"https:\/\/talkpal.ai\/wp-content\/uploads\/2023\/05\/poland.png","datePublished":"2023-06-27T09:07:34+00:00","dateModified":"2025-12-17T09:55:20+00:00","description":"Zot\u00ebroni gramatik\u00ebn polake me ushtrime interaktive t\u00eb dizajnuara p\u00ebr t\u00eb gjitha nivelet. Praktikoni dhe p\u00ebrmir\u00ebsoni aft\u00ebsit\u00eb tuaja gjuh\u00ebsore!","breadcrumb":{"@id":"https:\/\/talkpal.ai\/sq\/ushtrime-gramatikore-polake\/#breadcrumb"},"inLanguage":"sq-AL","potentialAction":[{"@type":"ReadAction","target":["https:\/\/talkpal.ai\/sq\/ushtrime-gramatikore-polake\/"]}]},{"@type":"ImageObject","inLanguage":"sq-AL","@id":"https:\/\/talkpal.ai\/sq\/ushtrime-gramatikore-polake\/#primaryimage","url":"https:\/\/talkpal.ai\/wp-content\/uploads\/2023\/05\/poland.png","contentUrl":"https:\/\/talkpal.ai\/wp-content\/uploads\/2023\/05\/poland.png","width":512,"height":512,"caption":"TalkPal Poland Flag"},{"@type":"BreadcrumbList","@id":"https:\/\/talkpal.ai\/sq\/ushtrime-gramatikore-polake\/#breadcrumb","itemListElement":[{"@type":"ListItem","position":1,"name":"Homepage","item":"https:\/\/talkpal.ai\/sq\/"},{"@type":"ListItem","position":2,"name":"Ushtrime gramatikore polake"}]},{"@type":"WebSite","@id":"https:\/\/talkpal.ai\/sq\/#website","url":"https:\/\/talkpal.ai\/sq\/","name":"Talkpal","description":"AI Language Learning","publisher":{"@id":"https:\/\/talkpal.ai\/sq\/#organization"},"alternateName":"Talkpal AI","potentialAction":[{"@type":"SearchAction","target":{"@type":"EntryPoint","urlTemplate":"https:\/\/talkpal.ai\/sq\/?s={search_term_string}"},"query-input":{"@type":"PropertyValueSpecification","valueRequired":true,"valueName":"search_term_string"}}],"inLanguage":"sq-AL"},{"@type":"Organization","@id":"https:\/\/talkpal.ai\/sq\/#organization","name":"Talkpal, Inc.","alternateName":"Talkpal AI","url":"https:\/\/talkpal.ai\/sq\/","logo":{"@type":"ImageObject","inLanguage":"sq-AL","@id":"https:\/\/talkpal.ai\/sq\/#\/schema\/logo\/image\/","url":"https:\/\/talkpal.ai\/wp-content\/uploads\/2024\/03\/Talkpal-Logo-Icon.png","contentUrl":"https:\/\/talkpal.ai\/wp-content\/uploads\/2024\/03\/Talkpal-Logo-Icon.png","width":2880,"height":2880,"caption":"Talkpal, Inc."},"image":{"@id":"https:\/\/talkpal.ai\/sq\/#\/schema\/logo\/image\/"},"sameAs":["https:\/\/www.facebook.com\/profile.php?id=100090733639311","https:\/\/x.com\/talkpalai","https:\/\/www.linkedin.com\/company\/talkpal\/","https:\/\/www.youtube.com\/@TalkPal\/","https:\/\/www.tiktok.com\/@talkpal","https:\/\/www.instagram.com\/talkpal_ai\/","https:\/\/www.crunchbase.com\/organization\/talkpal-9cde","https:\/\/www.g2.com\/products\/talkpal-for-business\/","https:\/\/www.trustpilot.com\/review\/talkpal.ai","https:\/\/www.capterra.com\/p\/10006800\/TalkPal\/"],"description":"Talkpal is a language learning web and mobile education app, powered by the latest AI technologies, that provides engaging experiences to its customers in many different languages to help them improve their language skills. Users can chat about unlimited amount of topics with the app and use other modes to practice their language learning.","email":"support@talkpal.ai","legalName":"Talkpal, Inc.","foundingDate":"2023-04-03","duns":"118989042","numberOfEmployees":{"@type":"QuantitativeValue","minValue":"11","maxValue":"50"},"publishingPrinciples":"https:\/\/talkpal.ai\/publishing-principles\/","actionableFeedbackPolicy":"https:\/\/talkpal.ai\/actionable-feedback-policy\/","correctionsPolicy":"https:\/\/talkpal.ai\/corrections-policy\/","ethicsPolicy":"https:\/\/talkpal.ai\/ethics-policy\/","diversityPolicy":"https:\/\/talkpal.ai\/diversity-policy\/","diversityStaffingReport":"https:\/\/talkpal.ai\/diversity-policy\/"}]}},"_links":{"self":[{"href":"https:\/\/talkpal.ai\/sq\/wp-json\/wp\/v2\/pages\/1448047","targetHints":{"allow":["GET"]}}],"collection":[{"href":"https:\/\/talkpal.ai\/sq\/wp-json\/wp\/v2\/pages"}],"about":[{"href":"https:\/\/talkpal.ai\/sq\/wp-json\/wp\/v2\/types\/page"}],"author":[{"embeddable":true,"href":"https:\/\/talkpal.ai\/sq\/wp-json\/wp\/v2\/users\/6"}],"replies":[{"embeddable":true,"href":"https:\/\/talkpal.ai\/sq\/wp-json\/wp\/v2\/comments?post=1448047"}],"version-history":[{"count":0,"href":"https:\/\/talkpal.ai\/sq\/wp-json\/wp\/v2\/pages\/1448047\/revisions"}],"wp:featuredmedia":[{"embeddable":true,"href":"https:\/\/talkpal.ai\/sq\/wp-json\/wp\/v2\/media\/1442896"}],"wp:attachment":[{"href":"https:\/\/talkpal.ai\/sq\/wp-json\/wp\/v2\/media?parent=1448047"}],"curies":[{"name":"wp","href":"https:\/\/api.w.org\/{rel}","templated":true}]}}