{"id":1448042,"date":"2023-06-27T08:41:59","date_gmt":"2023-06-27T08:41:59","guid":{"rendered":"https:\/\/talkpal.ai\/ushtrime-gramatikore-norvegjeze\/"},"modified":"2025-12-17T14:39:08","modified_gmt":"2025-12-17T14:39:08","slug":"ushtrime-gramatikore-norvegjeze","status":"publish","type":"page","link":"https:\/\/talkpal.ai\/sq\/ushtrime-gramatikore-norvegjeze\/","title":{"rendered":"Ushtrime gramatikore norvegjeze"},"content":{"rendered":"\r\n\r\n\r\n<section class=\"languageChallengeSection\">\r\n    <div class=\"languageInfoWrapper\">\r\n        \r\n        <h1>Ushtrime gramatikore norvegjeze<\/h1>\r\n        <p>D\u00ebshironi t\u00eb jeni m\u00eb t\u00eb sigurt n\u00eb norvegjisht? Praktikimi i ushtrimeve gramatikore \u00ebsht\u00eb nj\u00eb m\u00ebnyr\u00eb e shk\u00eblqyer p\u00ebr t\u00eb zot\u00ebruar struktur\u00ebn e fjalive, format e foljeve dhe modelet unike t\u00eb gjuh\u00ebs norvegjeze. Filloni t\u00eb punoni n\u00eb gramatik\u00ebn norvegjeze sot dhe shikoni aft\u00ebsit\u00eb dhe rrjedhshm\u00ebrin\u00eb tuaj t\u00eb rriten me \u00e7do ushtrim!\n\n<\/p>\r\n\r\n                            <a class=\"getStartedHidden\" href=\"https:\/\/app.talkpal.ai\/signup?lng=\">Filloni<\/a>\r\n        \r\n    <\/div>\r\n\r\n    <figure>\r\n    <img decoding=\"async\" width=\"768\" height=\"768\" src=\"https:\/\/talkpal.ai\/wp-content\/uploads\/2023\/06\/norwegian-768x768.png\" class=\"languageImage no-lazy\" alt=\"Language learning for extensive vocabulary\" fetchpriority=\"high\" sizes=\"(max-width: 768px) 150px, 768px\" srcset=\"https:\/\/talkpal.ai\/wp-content\/uploads\/2023\/06\/norwegian-768x768.png 768w, https:\/\/talkpal.ai\/wp-content\/uploads\/2023\/06\/norwegian-300x300.png 300w\" \/>\r\n    \r\n\r\n    <\/figure>\r\n\r\n            <a class=\"getStartedVisible\" href=\"https:\/\/app.talkpal.ai\/signup?lng=\">Filloni<\/a>\r\n    \r\n<\/section>\r\n\r\n\r\n<!-- <section class=\"grammarSection\">\r\n    <div class=\"grammarLinks\">\r\n            <\/div>\r\n<\/section> -->\r\n\r\n\r\n\r\n\r\n<section class=\"promotionalBanner\">\r\n    <p class=\"promotionalText\">M\u00ebnyra m\u00eb efikase p\u00ebr t\u00eb m\u00ebsuar nj\u00eb gjuh\u00eb<\/p>\r\n    <a class=\"promotionalLink\" href=\"https:\/\/app.talkpal.ai\/signup?lng=\">Provoni Talkpal falas<\/a>\r\n<\/section>\n<div class=\"wp-block-group pageContainerStyle\"><div class=\"wp-block-group__inner-container is-layout-constrained wp-block-group-is-layout-constrained\">\n<h2 class=\"wp-block-heading\" id=\"h-norwegian-grammar-topics\">Temat e gramatik\u00ebs norvegjeze<\/h2>\n\n\n\n<p>M\u00ebsimi i norvegjishtes mund t\u00eb jet\u00eb nj\u00eb p\u00ebrvoj\u00eb emocionuese dhe shp\u00ebrblyese, pasi hap dyert p\u00ebr nj\u00eb histori t\u00eb pasur kulturore, peizazhe mahnit\u00ebse dhe nj\u00eb m\u00ebnyr\u00eb unike jetese n\u00eb Norvegji. Si nj\u00eb gjuh\u00eb gjermanike veriore, norvegjishtja ndan shum\u00eb ngjashm\u00ebri me gjuh\u00ebt e saj fqinje, suedisht dhe daneze. Megjithat\u00eb, <a href=\"https:\/\/talkpal.ai\/speaking-with-ai\/\">ai<\/a> krenohet me gramatik\u00ebn, shqiptimin dhe fjalorin e tij t\u00eb ve\u00e7ant\u00eb. P\u00ebr t\u00eb trajtuar k\u00ebt\u00eb gjuh\u00eb t\u00eb bukur, \u00ebsht\u00eb thelb\u00ebsore t\u00eb kuptoni gramatik\u00ebn norvegjeze dhe p\u00ebrb\u00ebr\u00ebsit e saj t\u00eb ndrysh\u00ebm. N\u00eb k\u00ebt\u00eb udh\u00ebzues, ne do t\u00eb shqyrtojm\u00eb aspektet kryesore t\u00eb gramatik\u00ebs norvegjeze, duke p\u00ebrfshir\u00eb koh\u00ebt, foljet, emrat, artikujt, p\u00ebremrat, mbiemrat, ndajfoljet, kushtet, parafjal\u00ebt dhe fjalit\u00eb, p\u00ebr t&#8217;ju ndihmuar t\u00eb nd\u00ebrtoni nj\u00eb baz\u00eb t\u00eb fort\u00eb p\u00ebr udh\u00ebtimin tuaj t\u00eb m\u00ebsimit t\u00eb gjuh\u00ebs.<\/p>\n\n\n\n<h3 class=\"wp-block-heading\" id=\"h-1-tenses\">1. Koh\u00ebt:<\/h3>\n\n\n\n<p>Si pik\u00ebnisje, p\u00ebrqendrohuni n\u00eb t\u00eb kuptuarit e koh\u00ebs norvegjeze. <a href=\"https:\/\/talkpal.ai\/learn-norwegian\/\">Norwegian<\/a> ka tre koh\u00eb kryesore: e tashmja, e kaluara dhe e ardhmja, t\u00eb cilat jan\u00eb thelb\u00ebsore p\u00ebr t\u00eb shprehur veprimet dhe ngjarjet n\u00eb momente t\u00eb ndryshme kohore. Njihuni me m\u00ebnyr\u00ebn <a href=\"https:\/\/talkpal.ai\/culture\/what-is-the-difference-between-se-and-si\/\">se si<\/a> lidhen foljet dhe si ndryshojn\u00eb n\u00eb koh\u00eb t\u00eb ndryshme.<\/p>\n\n\n\n<h3 class=\"wp-block-heading\" id=\"h-2-tense-comparison\">2. Krahasimi i tensionit:<\/h3>\n\n\n\n<p>Pasi t\u00eb keni kuptuar koh\u00ebt baz\u00eb, eksploroni se si ato krahasohen dhe kontrastojn\u00eb me nj\u00ebra-tjetr\u00ebn. Kjo do t&#8217;ju ndihmoj\u00eb t\u00eb kuptoni nuancat e kuptimit dhe t\u00eb p\u00ebrmir\u00ebsoni aft\u00ebsit\u00eb tuaja t\u00eb t\u00eb kuptuarit dhe komunikimit.<\/p>\n\n\n\n<h3 class=\"wp-block-heading\" id=\"h-3-verbs\">3. Foljet:<\/h3>\n\n\n\n<p>Foljet norvegjeze jan\u00eb jetike p\u00ebr nd\u00ebrtimin e fjalive dhe p\u00ebrcjelljen e kuptimit. M\u00ebsoni <a href=\"https:\/\/talkpal.ai\/sq\/rreth\/\">rreth<\/a> llojeve t\u00eb ndryshme t\u00eb foljeve dhe se si ato nd\u00ebrveprojn\u00eb me subjektet dhe objektet n\u00eb nj\u00eb fjali. P\u00ebr m\u00eb tep\u00ebr, kuptoni konceptin e foljeve modale dhe se si ato shprehin domosdoshm\u00ebrin\u00eb, mund\u00ebsin\u00eb dhe detyrimin.<\/p>\n\n\n\n<h3 class=\"wp-block-heading\" id=\"h-4-nouns\">4. Emrat:<\/h3>\n\n\n\n<p>Emrat norvegjez\u00eb klasifikohen n\u00eb tre gjini: mashkullore, fem\u00ebrore dhe neutre. Kjo ndikon n\u00eb m\u00ebnyr\u00ebn se si p\u00ebrdoren artikujt, mbiemrat dhe p\u00ebremrat me to. M\u00ebsoni rregullat p\u00ebr formimin e shum\u00ebsit dhe format e p\u00ebrcaktuara dhe t\u00eb pacaktuara t\u00eb emrave.<\/p>\n\n\n\n<h3 class=\"wp-block-heading\" id=\"h-5-articles\">5. Artikujt:<\/h3>\n\n\n\n<p>Artikujt jan\u00eb fjal\u00eb t\u00eb shkurtra q\u00eb shoq\u00ebrojn\u00eb emrat dhe tregojn\u00eb gjinin\u00eb dhe numrin e <a href=\"https:\/\/talkpal.ai\/locations\/language-courses-in-tyre\/\">tyre<\/a>. Norwegian ka artikuj t\u00eb caktuar dhe t\u00eb pacaktuar, t\u00eb cil\u00ebt jan\u00eb thelb\u00ebsor\u00eb p\u00ebr formimin e sakt\u00eb t\u00eb fjalive.<\/p>\n\n\n\n<h3 class=\"wp-block-heading\" id=\"h-6-pronouns-determiners\">6. P\u00ebremrat\/p\u00ebrcaktuesit:<\/h3>\n\n\n\n<p>K\u00ebto fjal\u00eb z\u00ebvend\u00ebsojn\u00eb ose modifikojn\u00eb emrat dhe ato duhet t\u00eb bien dakord n\u00eb gjini dhe num\u00ebr me emrin t\u00eb cilit i referohen. Studioni llojet e ndryshme t\u00eb p\u00ebremrave dhe p\u00ebrcaktuesve, duke p\u00ebrfshir\u00eb p\u00ebremrat personal\u00eb, posesiv, demonstrativ\u00eb dhe relativ\u00eb.<\/p>\n\n\n\n<h3 class=\"wp-block-heading\" id=\"h-7-adjectives\">7. Mbiemra:<\/h3>\n\n\n\n<p>Mbiemrat p\u00ebrshkruajn\u00eb ose modifikojn\u00eb emrat dhe p\u00ebremrat. M\u00ebsoni se si t&#8217;i p\u00ebrdorni mbiemrat n\u00eb m\u00ebnyr\u00eb korrekte duke kuptuar rregullat e tyre t\u00eb marr\u00ebveshjes me gjinin\u00eb dhe numrin e emrave q\u00eb modifikojn\u00eb.<\/p>\n\n\n\n<h3 class=\"wp-block-heading\" id=\"h-8-adverbs\">8. Ndajfoljet:<\/h3>\n\n\n\n<p>Ndajfoljet modifikojn\u00eb foljet, mbiemrat ose ndajfoljet e tjera, duke ofruar informacion shtes\u00eb rreth veprimeve ose cil\u00ebsive. M\u00ebsoni llojet e ndryshme t\u00eb ndajfoljeve dhe si t&#8217;i p\u00ebrdorni ato n\u00eb m\u00ebnyr\u00eb efektive n\u00eb fjalit\u00eb tuaja.<\/p>\n\n\n\n<h3 class=\"wp-block-heading\" id=\"h-9-conditionals\">9. Kusht\u00ebzuese:<\/h3>\n\n\n\n<p>Kusht\u00ebzimet p\u00ebrdoren p\u00ebr t\u00eb shprehur situata hipotetike dhe pasojat e tyre. Studioni llojet e ndryshme t\u00eb kusht\u00ebzimeve dhe si t&#8217;i formoni ato duke p\u00ebrdorur format dhe lidhjet e sakta t\u00eb foljes.<\/p>\n\n\n\n<h3 class=\"wp-block-heading\" id=\"h-10-prepositions\">10. Parafjal\u00ebt:<\/h3>\n\n\n\n<p>Parafjal\u00ebt jan\u00eb fjal\u00eb t\u00eb shkurtra q\u00eb tregojn\u00eb marr\u00ebdh\u00ebniet midis emrave, p\u00ebremrave dhe fjal\u00ebve t\u00eb tjera n\u00eb nj\u00eb fjali. Zot\u00ebrimi i p\u00ebrdorimit t\u00eb parafjal\u00ebve \u00ebsht\u00eb thelb\u00ebsor p\u00ebr t\u00eb kuptuar dhe formuar fjalit\u00eb e sakta n\u00eb norvegjisht.<\/p>\n\n\n\n<h3 class=\"wp-block-heading\" id=\"h-11-sentences\">11. Fjalit\u00eb:<\/h3>\n\n\n\n<p>S\u00eb fundi, praktikoni nd\u00ebrtimin e fjalive n\u00eb norvegjisht duke kombinuar njohurit\u00eb tuaja p\u00ebr foljet, emrat, artikujt, p\u00ebremrat, mbiemrat, ndajfoljet, kusht\u00ebzimet dhe parafjal\u00ebt. Eksperimentoni me struktura t\u00eb ndryshme fjalish dhe praktikoni formimin e pyetjeve, deklaratave dhe komandave p\u00ebr t&#8217;u b\u00ebr\u00eb t\u00eb aft\u00eb n\u00eb gjuh\u00eb.<\/p>\n<\/div><\/div>\n\r\n<section class=\"learnNavigationSection\">\r\n            \r\n        <a href=\"https:\/\/talkpal.ai\/sq\/meso-norvegjisht\/\">\r\n            <div class=\"learnNavigationWrapper\">\r\n                <div class=\"learnNavigationContent\">\r\n                    <img decoding=\"async\" src=\"https:\/\/talkpal.ai\/wp-content\/uploads\/2024\/08\/Norwegian.jpg\" alt=\"Norwegian Flag\">\r\n                    <div>\r\n                        <h4>Rreth m\u00ebsimit t\u00eb norvegjishtes<\/h4>\r\n                        <p>M\u00ebsoni gjith\u00e7ka rreth gramatik\u00ebs norvegjeze.<\/p>\r\n                    <\/div>\r\n                <\/div>\r\n            <\/div>\r\n        <\/a>\r\n\r\n        \r\n        <a href=\"https:\/\/talkpal.ai\/sq\/gramatika-norvegjeze\/\">\r\n            <div class=\"learnNavigationWrapper\">\r\n                <div class=\"learnNavigationContent\">\r\n                    <img decoding=\"async\" src=\"https:\/\/talkpal.ai\/wp-content\/uploads\/2024\/08\/Norwegian.jpg\" alt=\"Norwegian Flag\">\r\n                    <div>\r\n                        <h4>M\u00ebsimet e gramatik\u00ebs norvegjeze<\/h4>\r\n                        <p>Praktikoni gramatik\u00ebn norvegjeze.<\/p>\r\n                    <\/div>\r\n                <\/div>\r\n            <\/div>\r\n        <\/a>\r\n\r\n        \r\n        <a href=\"https:\/\/talkpal.ai\/vocabulary_language\/norwegian\/\">\r\n            <div class=\"learnNavigationWrapper\">\r\n                <div class=\"learnNavigationContent\">\r\n                    <img decoding=\"async\" src=\"https:\/\/talkpal.ai\/wp-content\/uploads\/2024\/08\/Norwegian.jpg\" alt=\"Norwegian Flag\">\r\n                    <div>\r\n                        <h4>Fjalori norvegjez<\/h4>\r\n                        <p>Zgjeroni fjalorin tuaj norvegjez.<\/p>\r\n                    <\/div>\r\n                <\/div>\r\n            <\/div>\r\n        <\/a>\r\n\r\n            <\/section>","protected":false},"excerpt":{"rendered":"<p>Temat e gramatik\u00ebs norvegjeze M\u00ebsimi i norvegjishtes mund t\u00eb jet\u00eb nj\u00eb p\u00ebrvoj\u00eb emocionuese dhe shp\u00ebrblyese, pasi hap dyert p\u00ebr nj\u00eb histori t\u00eb pasur kulturore, peizazhe mahnit\u00ebse dhe nj\u00eb m\u00ebnyr\u00eb unike jetese n\u00eb Norvegji. Si nj\u00eb gjuh\u00eb gjermanike veriore, norvegjishtja ndan shum\u00eb ngjashm\u00ebri me gjuh\u00ebt e saj fqinje, suedisht dhe daneze. Megjithat\u00eb, ai krenohet me gramatik\u00ebn, [&hellip;]<\/p>\n","protected":false},"author":6,"featured_media":1442890,"parent":0,"menu_order":0,"comment_status":"closed","ping_status":"closed","template":"LearningContentPage.php","meta":{"_acf_changed":false,"footnotes":""},"class_list":["post-1448042","page","type-page","status-publish","has-post-thumbnail","hentry"],"acf":[],"yoast_head":"<!-- This site is optimized with the Yoast SEO Premium plugin v27.2 (Yoast SEO v27.2) - https:\/\/yoast.com\/product\/yoast-seo-premium-wordpress\/ -->\n<title>Ushtrime gramatikore norvegjeze - Talkpal<\/title>\n<meta name=\"description\" content=\"P\u00ebrmir\u00ebsoni aft\u00ebsit\u00eb tuaja me ushtrime t\u00ebrheq\u00ebse t\u00eb gramatik\u00ebs norvegjeze. E p\u00ebrkryer p\u00ebr nx\u00ebn\u00ebsit n\u00eb \u00e7do nivel p\u00ebr t\u00eb praktikuar n\u00eb m\u00ebnyr\u00eb efektive.\" \/>\n<meta name=\"robots\" content=\"index, follow, max-snippet:-1, max-image-preview:large, max-video-preview:-1\" \/>\n<link rel=\"canonical\" href=\"https:\/\/talkpal.ai\/sq\/ushtrime-gramatikore-norvegjeze\/\" \/>\n<meta property=\"og:locale\" content=\"sq_AL\" \/>\n<meta property=\"og:type\" content=\"article\" \/>\n<meta property=\"og:title\" content=\"Ushtrime gramatikore norvegjeze\" \/>\n<meta property=\"og:description\" content=\"Temat e gramatik\u00ebs norvegjeze M\u00ebsimi i norvegjishtes mund t\u00eb jet\u00eb nj\u00eb p\u00ebrvoj\u00eb emocionuese dhe shp\u00ebrblyese, pasi hap dyert p\u00ebr nj\u00eb histori t\u00eb pasur\" \/>\n<meta property=\"og:url\" content=\"https:\/\/talkpal.ai\/sq\/ushtrime-gramatikore-norvegjeze\/\" \/>\n<meta property=\"og:site_name\" content=\"Talkpal\" \/>\n<meta property=\"article:publisher\" content=\"https:\/\/www.facebook.com\/profile.php?id=100090733639311\" \/>\n<meta property=\"article:modified_time\" content=\"2025-12-17T14:39:08+00:00\" \/>\n<meta property=\"og:image\" content=\"https:\/\/talkpal.ai\/wp-content\/uploads\/2023\/05\/norway.png\" \/>\n\t<meta property=\"og:image:width\" content=\"512\" \/>\n\t<meta property=\"og:image:height\" content=\"512\" \/>\n\t<meta property=\"og:image:type\" content=\"image\/png\" \/>\n<meta name=\"twitter:card\" content=\"summary_large_image\" \/>\n<meta name=\"twitter:site\" content=\"@talkpalai\" \/>\n<meta name=\"twitter:label1\" content=\"Est. reading time\" \/>\n\t<meta name=\"twitter:data1\" content=\"3 minutes\" \/>\n<script type=\"application\/ld+json\" class=\"yoast-schema-graph\">{\"@context\":\"https:\/\/schema.org\",\"@graph\":[{\"@type\":\"WebPage\",\"@id\":\"https:\/\/talkpal.ai\/sq\/ushtrime-gramatikore-norvegjeze\/\",\"url\":\"https:\/\/talkpal.ai\/sq\/ushtrime-gramatikore-norvegjeze\/\",\"name\":\"Ushtrime gramatikore norvegjeze - Talkpal\",\"isPartOf\":{\"@id\":\"https:\/\/talkpal.ai\/sq\/#website\"},\"primaryImageOfPage\":{\"@id\":\"https:\/\/talkpal.ai\/sq\/ushtrime-gramatikore-norvegjeze\/#primaryimage\"},\"image\":{\"@id\":\"https:\/\/talkpal.ai\/sq\/ushtrime-gramatikore-norvegjeze\/#primaryimage\"},\"thumbnailUrl\":\"https:\/\/talkpal.ai\/wp-content\/uploads\/2023\/05\/norway.png\",\"datePublished\":\"2023-06-27T08:41:59+00:00\",\"dateModified\":\"2025-12-17T14:39:08+00:00\",\"description\":\"P\u00ebrmir\u00ebsoni aft\u00ebsit\u00eb tuaja me ushtrime t\u00ebrheq\u00ebse t\u00eb gramatik\u00ebs norvegjeze. E p\u00ebrkryer p\u00ebr nx\u00ebn\u00ebsit n\u00eb \u00e7do nivel p\u00ebr t\u00eb praktikuar n\u00eb m\u00ebnyr\u00eb efektive.\",\"breadcrumb\":{\"@id\":\"https:\/\/talkpal.ai\/sq\/ushtrime-gramatikore-norvegjeze\/#breadcrumb\"},\"inLanguage\":\"sq-AL\",\"potentialAction\":[{\"@type\":\"ReadAction\",\"target\":[\"https:\/\/talkpal.ai\/sq\/ushtrime-gramatikore-norvegjeze\/\"]}]},{\"@type\":\"ImageObject\",\"inLanguage\":\"sq-AL\",\"@id\":\"https:\/\/talkpal.ai\/sq\/ushtrime-gramatikore-norvegjeze\/#primaryimage\",\"url\":\"https:\/\/talkpal.ai\/wp-content\/uploads\/2023\/05\/norway.png\",\"contentUrl\":\"https:\/\/talkpal.ai\/wp-content\/uploads\/2023\/05\/norway.png\",\"width\":512,\"height\":512,\"caption\":\"TalkPal Norway\u00a0 Flag\"},{\"@type\":\"BreadcrumbList\",\"@id\":\"https:\/\/talkpal.ai\/sq\/ushtrime-gramatikore-norvegjeze\/#breadcrumb\",\"itemListElement\":[{\"@type\":\"ListItem\",\"position\":1,\"name\":\"Homepage\",\"item\":\"https:\/\/talkpal.ai\/sq\/\"},{\"@type\":\"ListItem\",\"position\":2,\"name\":\"Ushtrime gramatikore norvegjeze\"}]},{\"@type\":\"WebSite\",\"@id\":\"https:\/\/talkpal.ai\/sq\/#website\",\"url\":\"https:\/\/talkpal.ai\/sq\/\",\"name\":\"Talkpal\",\"description\":\"AI Language Learning\",\"publisher\":{\"@id\":\"https:\/\/talkpal.ai\/sq\/#organization\"},\"alternateName\":\"Talkpal AI\",\"potentialAction\":[{\"@type\":\"SearchAction\",\"target\":{\"@type\":\"EntryPoint\",\"urlTemplate\":\"https:\/\/talkpal.ai\/sq\/?s={search_term_string}\"},\"query-input\":{\"@type\":\"PropertyValueSpecification\",\"valueRequired\":true,\"valueName\":\"search_term_string\"}}],\"inLanguage\":\"sq-AL\"},{\"@type\":\"Organization\",\"@id\":\"https:\/\/talkpal.ai\/sq\/#organization\",\"name\":\"Talkpal, Inc.\",\"alternateName\":\"Talkpal AI\",\"url\":\"https:\/\/talkpal.ai\/sq\/\",\"logo\":{\"@type\":\"ImageObject\",\"inLanguage\":\"sq-AL\",\"@id\":\"https:\/\/talkpal.ai\/sq\/#\/schema\/logo\/image\/\",\"url\":\"https:\/\/talkpal.ai\/wp-content\/uploads\/2024\/03\/Talkpal-Logo-Icon.png\",\"contentUrl\":\"https:\/\/talkpal.ai\/wp-content\/uploads\/2024\/03\/Talkpal-Logo-Icon.png\",\"width\":2880,\"height\":2880,\"caption\":\"Talkpal, Inc.\"},\"image\":{\"@id\":\"https:\/\/talkpal.ai\/sq\/#\/schema\/logo\/image\/\"},\"sameAs\":[\"https:\/\/www.facebook.com\/profile.php?id=100090733639311\",\"https:\/\/x.com\/talkpalai\",\"https:\/\/www.linkedin.com\/company\/talkpal\/\",\"https:\/\/www.youtube.com\/@TalkPal\/\",\"https:\/\/www.tiktok.com\/@talkpal\",\"https:\/\/www.instagram.com\/talkpal_ai\/\",\"https:\/\/www.crunchbase.com\/organization\/talkpal-9cde\",\"https:\/\/www.g2.com\/products\/talkpal-for-business\/\",\"https:\/\/www.trustpilot.com\/review\/talkpal.ai\",\"https:\/\/www.capterra.com\/p\/10006800\/TalkPal\/\"],\"description\":\"Talkpal is a language learning web and mobile education app, powered by the latest AI technologies, that provides engaging experiences to its customers in many different languages to help them improve their language skills. Users can chat about unlimited amount of topics with the app and use other modes to practice their language learning.\",\"email\":\"support@talkpal.ai\",\"legalName\":\"Talkpal, Inc.\",\"foundingDate\":\"2023-04-03\",\"duns\":\"118989042\",\"numberOfEmployees\":{\"@type\":\"QuantitativeValue\",\"minValue\":\"11\",\"maxValue\":\"50\"},\"publishingPrinciples\":\"https:\/\/talkpal.ai\/publishing-principles\/\",\"actionableFeedbackPolicy\":\"https:\/\/talkpal.ai\/actionable-feedback-policy\/\",\"correctionsPolicy\":\"https:\/\/talkpal.ai\/corrections-policy\/\",\"ethicsPolicy\":\"https:\/\/talkpal.ai\/ethics-policy\/\",\"diversityPolicy\":\"https:\/\/talkpal.ai\/diversity-policy\/\",\"diversityStaffingReport\":\"https:\/\/talkpal.ai\/diversity-policy\/\"}]}<\/script>\n<!-- \/ Yoast SEO Premium plugin. -->","yoast_head_json":{"title":"Ushtrime gramatikore norvegjeze - Talkpal","description":"P\u00ebrmir\u00ebsoni aft\u00ebsit\u00eb tuaja me ushtrime t\u00ebrheq\u00ebse t\u00eb gramatik\u00ebs norvegjeze. E p\u00ebrkryer p\u00ebr nx\u00ebn\u00ebsit n\u00eb \u00e7do nivel p\u00ebr t\u00eb praktikuar n\u00eb m\u00ebnyr\u00eb efektive.","robots":{"index":"index","follow":"follow","max-snippet":"max-snippet:-1","max-image-preview":"max-image-preview:large","max-video-preview":"max-video-preview:-1"},"canonical":"https:\/\/talkpal.ai\/sq\/ushtrime-gramatikore-norvegjeze\/","og_locale":"sq_AL","og_type":"article","og_title":"Ushtrime gramatikore norvegjeze","og_description":"Temat e gramatik\u00ebs norvegjeze M\u00ebsimi i norvegjishtes mund t\u00eb jet\u00eb nj\u00eb p\u00ebrvoj\u00eb emocionuese dhe shp\u00ebrblyese, pasi hap dyert p\u00ebr nj\u00eb histori t\u00eb pasur","og_url":"https:\/\/talkpal.ai\/sq\/ushtrime-gramatikore-norvegjeze\/","og_site_name":"Talkpal","article_publisher":"https:\/\/www.facebook.com\/profile.php?id=100090733639311","article_modified_time":"2025-12-17T14:39:08+00:00","og_image":[{"width":512,"height":512,"url":"https:\/\/talkpal.ai\/wp-content\/uploads\/2023\/05\/norway.png","type":"image\/png"}],"twitter_card":"summary_large_image","twitter_site":"@talkpalai","twitter_misc":{"Est. reading time":"3 minutes"},"schema":{"@context":"https:\/\/schema.org","@graph":[{"@type":"WebPage","@id":"https:\/\/talkpal.ai\/sq\/ushtrime-gramatikore-norvegjeze\/","url":"https:\/\/talkpal.ai\/sq\/ushtrime-gramatikore-norvegjeze\/","name":"Ushtrime gramatikore norvegjeze - Talkpal","isPartOf":{"@id":"https:\/\/talkpal.ai\/sq\/#website"},"primaryImageOfPage":{"@id":"https:\/\/talkpal.ai\/sq\/ushtrime-gramatikore-norvegjeze\/#primaryimage"},"image":{"@id":"https:\/\/talkpal.ai\/sq\/ushtrime-gramatikore-norvegjeze\/#primaryimage"},"thumbnailUrl":"https:\/\/talkpal.ai\/wp-content\/uploads\/2023\/05\/norway.png","datePublished":"2023-06-27T08:41:59+00:00","dateModified":"2025-12-17T14:39:08+00:00","description":"P\u00ebrmir\u00ebsoni aft\u00ebsit\u00eb tuaja me ushtrime t\u00ebrheq\u00ebse t\u00eb gramatik\u00ebs norvegjeze. E p\u00ebrkryer p\u00ebr nx\u00ebn\u00ebsit n\u00eb \u00e7do nivel p\u00ebr t\u00eb praktikuar n\u00eb m\u00ebnyr\u00eb efektive.","breadcrumb":{"@id":"https:\/\/talkpal.ai\/sq\/ushtrime-gramatikore-norvegjeze\/#breadcrumb"},"inLanguage":"sq-AL","potentialAction":[{"@type":"ReadAction","target":["https:\/\/talkpal.ai\/sq\/ushtrime-gramatikore-norvegjeze\/"]}]},{"@type":"ImageObject","inLanguage":"sq-AL","@id":"https:\/\/talkpal.ai\/sq\/ushtrime-gramatikore-norvegjeze\/#primaryimage","url":"https:\/\/talkpal.ai\/wp-content\/uploads\/2023\/05\/norway.png","contentUrl":"https:\/\/talkpal.ai\/wp-content\/uploads\/2023\/05\/norway.png","width":512,"height":512,"caption":"TalkPal Norway\u00a0 Flag"},{"@type":"BreadcrumbList","@id":"https:\/\/talkpal.ai\/sq\/ushtrime-gramatikore-norvegjeze\/#breadcrumb","itemListElement":[{"@type":"ListItem","position":1,"name":"Homepage","item":"https:\/\/talkpal.ai\/sq\/"},{"@type":"ListItem","position":2,"name":"Ushtrime gramatikore norvegjeze"}]},{"@type":"WebSite","@id":"https:\/\/talkpal.ai\/sq\/#website","url":"https:\/\/talkpal.ai\/sq\/","name":"Talkpal","description":"AI Language Learning","publisher":{"@id":"https:\/\/talkpal.ai\/sq\/#organization"},"alternateName":"Talkpal AI","potentialAction":[{"@type":"SearchAction","target":{"@type":"EntryPoint","urlTemplate":"https:\/\/talkpal.ai\/sq\/?s={search_term_string}"},"query-input":{"@type":"PropertyValueSpecification","valueRequired":true,"valueName":"search_term_string"}}],"inLanguage":"sq-AL"},{"@type":"Organization","@id":"https:\/\/talkpal.ai\/sq\/#organization","name":"Talkpal, Inc.","alternateName":"Talkpal AI","url":"https:\/\/talkpal.ai\/sq\/","logo":{"@type":"ImageObject","inLanguage":"sq-AL","@id":"https:\/\/talkpal.ai\/sq\/#\/schema\/logo\/image\/","url":"https:\/\/talkpal.ai\/wp-content\/uploads\/2024\/03\/Talkpal-Logo-Icon.png","contentUrl":"https:\/\/talkpal.ai\/wp-content\/uploads\/2024\/03\/Talkpal-Logo-Icon.png","width":2880,"height":2880,"caption":"Talkpal, Inc."},"image":{"@id":"https:\/\/talkpal.ai\/sq\/#\/schema\/logo\/image\/"},"sameAs":["https:\/\/www.facebook.com\/profile.php?id=100090733639311","https:\/\/x.com\/talkpalai","https:\/\/www.linkedin.com\/company\/talkpal\/","https:\/\/www.youtube.com\/@TalkPal\/","https:\/\/www.tiktok.com\/@talkpal","https:\/\/www.instagram.com\/talkpal_ai\/","https:\/\/www.crunchbase.com\/organization\/talkpal-9cde","https:\/\/www.g2.com\/products\/talkpal-for-business\/","https:\/\/www.trustpilot.com\/review\/talkpal.ai","https:\/\/www.capterra.com\/p\/10006800\/TalkPal\/"],"description":"Talkpal is a language learning web and mobile education app, powered by the latest AI technologies, that provides engaging experiences to its customers in many different languages to help them improve their language skills. Users can chat about unlimited amount of topics with the app and use other modes to practice their language learning.","email":"support@talkpal.ai","legalName":"Talkpal, Inc.","foundingDate":"2023-04-03","duns":"118989042","numberOfEmployees":{"@type":"QuantitativeValue","minValue":"11","maxValue":"50"},"publishingPrinciples":"https:\/\/talkpal.ai\/publishing-principles\/","actionableFeedbackPolicy":"https:\/\/talkpal.ai\/actionable-feedback-policy\/","correctionsPolicy":"https:\/\/talkpal.ai\/corrections-policy\/","ethicsPolicy":"https:\/\/talkpal.ai\/ethics-policy\/","diversityPolicy":"https:\/\/talkpal.ai\/diversity-policy\/","diversityStaffingReport":"https:\/\/talkpal.ai\/diversity-policy\/"}]}},"_links":{"self":[{"href":"https:\/\/talkpal.ai\/sq\/wp-json\/wp\/v2\/pages\/1448042","targetHints":{"allow":["GET"]}}],"collection":[{"href":"https:\/\/talkpal.ai\/sq\/wp-json\/wp\/v2\/pages"}],"about":[{"href":"https:\/\/talkpal.ai\/sq\/wp-json\/wp\/v2\/types\/page"}],"author":[{"embeddable":true,"href":"https:\/\/talkpal.ai\/sq\/wp-json\/wp\/v2\/users\/6"}],"replies":[{"embeddable":true,"href":"https:\/\/talkpal.ai\/sq\/wp-json\/wp\/v2\/comments?post=1448042"}],"version-history":[{"count":0,"href":"https:\/\/talkpal.ai\/sq\/wp-json\/wp\/v2\/pages\/1448042\/revisions"}],"wp:featuredmedia":[{"embeddable":true,"href":"https:\/\/talkpal.ai\/sq\/wp-json\/wp\/v2\/media\/1442890"}],"wp:attachment":[{"href":"https:\/\/talkpal.ai\/sq\/wp-json\/wp\/v2\/media?parent=1448042"}],"curies":[{"name":"wp","href":"https:\/\/api.w.org\/{rel}","templated":true}]}}