{"id":1448027,"date":"2023-06-28T14:00:55","date_gmt":"2023-06-28T14:00:55","guid":{"rendered":"https:\/\/talkpal.ai\/ushtrime-gramatikore-suahili\/"},"modified":"2025-12-17T09:48:43","modified_gmt":"2025-12-17T09:48:43","slug":"ushtrime-gramatikore-suahili","status":"publish","type":"page","link":"https:\/\/talkpal.ai\/sq\/ushtrime-gramatikore-suahili\/","title":{"rendered":"Ushtrime gramatikore suahili"},"content":{"rendered":"\r\n\r\n\r\n<section class=\"languageChallengeSection\">\r\n    <div class=\"languageInfoWrapper\">\r\n        \r\n        <h1>Ushtrime gramatikore suahili<\/h1>\r\n        <p>Gati p\u00ebr t\u00eb forcuar aft\u00ebsit\u00eb tuaja <a href=\"https:\/\/talkpal.ai\/learn-swahili\/\">Swahili<\/a>? Ushtrimet e fokusuara gramatikore jan\u00eb m\u00ebnyra e p\u00ebrsosur p\u00ebr t\u00eb kuptuar struktur\u00ebn e fjalis\u00eb, modelet e foljeve dhe format thelb\u00ebsore t\u00eb fjal\u00ebve. Zhytuni n\u00eb praktik\u00ebn e gramatik\u00ebs Swahili p\u00ebr t\u00eb nd\u00ebrtuar besim, p\u00ebr t\u00eb zgjeruar fjalorin tuaj dhe p\u00ebr ta b\u00ebr\u00eb \u00e7do bised\u00eb t\u00eb rrjedh\u00eb m\u00eb natyrsh\u00ebm. Filloni t\u00eb praktikoni sot dhe shikoni se sa shpejt p\u00ebrmir\u00ebsohet Swahili juaj!<\/p>\r\n\r\n                            <a class=\"getStartedHidden\" href=\"https:\/\/app.talkpal.ai\/signup?lng=\">Filloni<\/a>\r\n        \r\n    <\/div>\r\n\r\n    <figure>\r\n    <img decoding=\"async\" width=\"768\" height=\"768\" src=\"https:\/\/talkpal.ai\/wp-content\/uploads\/2023\/06\/Swahili-768x768.png\" class=\"languageImage no-lazy\" alt=\"Secrets to master language learning\" fetchpriority=\"high\" sizes=\"(max-width: 768px) 150px, 768px\" srcset=\"https:\/\/talkpal.ai\/wp-content\/uploads\/2023\/06\/Swahili-768x768.png 768w, https:\/\/talkpal.ai\/wp-content\/uploads\/2023\/06\/Swahili-300x300.png 300w\" \/>\r\n    \r\n\r\n    <\/figure>\r\n\r\n            <a class=\"getStartedVisible\" href=\"https:\/\/app.talkpal.ai\/signup?lng=\">Filloni<\/a>\r\n    \r\n<\/section>\r\n\r\n\r\n<!-- <section class=\"grammarSection\">\r\n    <div class=\"grammarLinks\">\r\n            <\/div>\r\n<\/section> -->\r\n\r\n\r\n\r\n\r\n<section class=\"promotionalBanner\">\r\n    <p class=\"promotionalText\">M\u00ebnyra m\u00eb efikase p\u00ebr t\u00eb m\u00ebsuar nj\u00eb gjuh\u00eb<\/p>\r\n    <a class=\"promotionalLink\" href=\"https:\/\/app.talkpal.ai\/signup?lng=\">Provoni Talkpal falas<\/a>\r\n<\/section>\n<div class=\"wp-block-group pageContainerStyle\"><div class=\"wp-block-group__inner-container is-layout-constrained wp-block-group-is-layout-constrained\">\n<h2 class=\"wp-block-heading\" id=\"h-swahili-grammar-topics\">Temat e gramatik\u00ebs Swahili<\/h2>\n\n\n\n<p>M\u00ebsimi i Swahili \u00ebsht\u00eb nj\u00eb udh\u00ebtim emocionues n\u00eb nj\u00eb nga gjuh\u00ebt m\u00eb t\u00eb folura n\u00eb Afrik\u00eb. \u00cbsht\u00eb nj\u00eb gjuh\u00eb Bantu, e folur kryesisht n\u00eb Afrik\u00ebn Lindore, me <a href=\"https:\/\/talkpal.ai\/sq\/rreth\/\">rreth<\/a> 50-100 milion\u00eb fol\u00ebs n\u00eb mbar\u00eb bot\u00ebn. <a href=\"https:\/\/talkpal.ai\/sq\/gramatika\/\">Gramatika<\/a> e Swahili \u00ebsht\u00eb e ve\u00e7ant\u00eb dhe ofron nj\u00eb perspektiv\u00eb magjeps\u00ebse p\u00ebr struktur\u00ebn gjuh\u00ebsore. P\u00ebr t\u00eb m\u00ebsuar Swahili n\u00eb m\u00ebnyr\u00eb efikase, \u00ebsht\u00eb thelb\u00ebsore t\u00eb ndiqni nj\u00eb qasje t\u00eb strukturuar, duke u fokusuar n\u00eb temat kryesore gramatikore si koh\u00ebt, foljet, emrat, artikujt, p\u00ebremrat\/p\u00ebrcaktuesit, mbiemrat, ndajfoljet, kushtet, parafjal\u00ebt dhe nd\u00ebrtimi i fjalive. Secili prej k\u00ebtyre komponent\u00ebve \u00ebsht\u00eb pjes\u00eb integrale p\u00ebr t\u00eb kuptuarit dhe zot\u00ebrimin e gjuh\u00ebs.<\/p>\n\n\n\n<h3 class=\"wp-block-heading\" id=\"h-1-nouns\">1. Emrat:<\/h3>\n\n\n\n<p>Filloni me m\u00ebsimin e emrave Swahili. N\u00eb Swahili, emrat klasifikohen sipas klasave t\u00eb emrave, gj\u00eb q\u00eb ndikon n\u00eb form\u00ebn e mbiemrave, p\u00ebremrave dhe foljeve q\u00eb lidhen me to. Kuptimi i k\u00ebtyre klasave emrash \u00ebsht\u00eb baza p\u00ebr t\u00eb m\u00ebsuar aspekte t\u00eb tjera t\u00eb gramatik\u00ebs Swahili.<\/p>\n\n\n\n<h3 class=\"wp-block-heading\" id=\"h-2-articles\">2. Artikujt:<\/h3>\n\n\n\n<p>Pasi t\u00eb keni nj\u00eb zot\u00ebrim p\u00ebr emrat, kaloni te artikujt. N\u00eb Swahili, nuk ka artikuj t\u00eb p\u00ebrcaktuar ose t\u00eb pacaktuar si &#8220;a&#8221;, &#8220;an&#8221; ose &#8220;the&#8221;. Megjithat\u00eb, sistemi i klasave t\u00eb emrave luan nj\u00eb rol t\u00eb ngjash\u00ebm, k\u00ebshtu q\u00eb \u00ebsht\u00eb e r\u00ebnd\u00ebsishme ta zot\u00ebroni at\u00eb.<\/p>\n\n\n\n<h3 class=\"wp-block-heading\" id=\"h-3-pronouns-determiners\">3. P\u00ebremrat\/p\u00ebrcaktuesit:<\/h3>\n\n\n\n<p>P\u00ebremrat dhe p\u00ebrcaktuesit n\u00eb Swahili ndryshojn\u00eb bazuar n\u00eb klas\u00ebn e emrit t\u00eb emrit t\u00eb cilit i referohen. M\u00ebsimi i k\u00ebtyre ndryshimeve do t\u00eb ndihmoj\u00eb n\u00eb nd\u00ebrtimin e fjalive t\u00eb plota.<\/p>\n\n\n\n<h3 class=\"wp-block-heading\" id=\"h-4-adjectives\">4. Mbiemra:<\/h3>\n\n\n\n<p>Mbiemrat Swahili pajtohen me emrin q\u00eb p\u00ebrshkruajn\u00eb. Kjo do t\u00eb thot\u00eb se mbiemri ndryshon form\u00ebn e tij p\u00ebr t&#8217;u p\u00ebrshtatur me klas\u00ebn e emrit. T\u00eb kuptuarit e k\u00ebsaj do t\u00eb p\u00ebrmir\u00ebsoj\u00eb nd\u00ebrtimin e fjalis\u00eb suaj.<\/p>\n\n\n\n<h3 class=\"wp-block-heading\" id=\"h-5-verbs\">5. Foljet:<\/h3>\n\n\n\n<p>Foljet Swahili jan\u00eb thelb\u00ebsore p\u00ebr t\u00eb shprehur veprimet dhe gjendjet. Ata gjithashtu mbajn\u00eb informacion t\u00eb tensionit, aspektit dhe humorit. Njohja e rregullave t\u00eb konjugimit t\u00eb foljeve \u00ebsht\u00eb thelb\u00ebsore p\u00ebr komunikim efektiv.<\/p>\n\n\n\n<h3 class=\"wp-block-heading\" id=\"h-6-tenses\">6. Koh\u00ebt:<\/h3>\n\n\n\n<p>Kuptimi i koh\u00ebve \u00ebsht\u00eb \u00e7el\u00ebsi p\u00ebr t\u00eb komunikuar ngjarjet q\u00eb ndodhin n\u00eb koh\u00eb t\u00eb ndryshme. Swahili ka koh\u00eb t\u00eb ndryshme p\u00ebr ngjarjet e kaluara, t\u00eb tashmen dhe t\u00eb ardhmen.<\/p>\n\n\n\n<h3 class=\"wp-block-heading\" id=\"h-7-tense-comparison\">7. Krahasimi i tensionit:<\/h3>\n\n\n\n<p>Pasi t\u00eb keni kuptuar koh\u00ebt baz\u00eb, duhet t\u00eb m\u00ebsoni <a href=\"https:\/\/talkpal.ai\/culture\/what-is-the-difference-between-se-and-si\/\">se si<\/a> t&#8217;i krahasoni ato. Kjo do t&#8217;ju ndihmoj\u00eb t\u00eb shprehni mendime dhe situata komplekse.<\/p>\n\n\n\n<h3 class=\"wp-block-heading\" id=\"h-8-progressive-and-perfect-progressive\">8. Progresiv dhe progresiv i p\u00ebrsosur:<\/h3>\n\n\n\n<p>K\u00ebto aspekte t\u00eb koh\u00ebve shprehin veprimet e vazhdueshme ose veprimet q\u00eb jan\u00eb p\u00ebrfunduar. Kuptimi i <a href=\"https:\/\/talkpal.ai\/locations\/language-courses-in-tyre\/\">tyre<\/a> do t\u00eb pasuroj\u00eb aft\u00ebsit\u00eb tuaja t\u00eb shprehjes n\u00eb Swahili.<\/p>\n\n\n\n<h3 class=\"wp-block-heading\" id=\"h-9-adverbs\">9. Ndajfoljet:<\/h3>\n\n\n\n<p>Ndajfoljet modifikojn\u00eb foljet, mbiemrat dhe ndajfoljet e tjera. Ato japin informacion shtes\u00eb rreth veprimeve, cil\u00ebsive ose rrethanave t\u00eb tjera.<\/p>\n\n\n\n<h3 class=\"wp-block-heading\" id=\"h-10-conditionals\">10. Kusht\u00ebzuese:<\/h3>\n\n\n\n<p>Kusht\u00ebzimet shprehin situata hipotetike ose var\u00ebsi midis ngjarjeve. Ato jan\u00eb t\u00eb dobishme p\u00ebr komunikim t\u00eb avancuar n\u00eb Swahili.<\/p>\n\n\n\n<h3 class=\"wp-block-heading\" id=\"h-11-prepositions\">11. Parafjal\u00ebt:<\/h3>\n\n\n\n<p>Parafjal\u00ebt do t&#8217;ju lejojn\u00eb t\u00eb shprehni marr\u00ebdh\u00ebniet midis pjes\u00ebve t\u00eb ndryshme t\u00eb fjalis\u00eb, t\u00eb tilla si vendndodhja, drejtimi, koha, shkaku, etj.<\/p>\n\n\n\n<h3 class=\"wp-block-heading\" id=\"h-12-sentences\">12. Fjalit\u00eb:<\/h3>\n\n\n\n<p>S\u00eb fundi, t\u00eb kuptuarit se si t\u00eb nd\u00ebrtoni fjali duke p\u00ebrdorur t\u00eb gjitha pjes\u00ebt e m\u00ebsuara t\u00eb t\u00eb folurit \u00ebsht\u00eb kulmi i udh\u00ebtimit tuaj t\u00eb t\u00eb m\u00ebsuarit Swahili. <a href=\"https:\/\/talkpal.ai\/speaking-with-ai\/\">Ai<\/a> p\u00ebrfshin rregullimin e fjal\u00ebve dhe frazave p\u00ebr t\u00eb krijuar mendime t\u00eb plota.<\/p>\n<\/div><\/div>\n\r\n<section class=\"learnNavigationSection\">\r\n            \r\n        <a href=\"https:\/\/talkpal.ai\/sq\/meso-suahili\/\">\r\n            <div class=\"learnNavigationWrapper\">\r\n                <div class=\"learnNavigationContent\">\r\n                    <img decoding=\"async\" src=\"https:\/\/talkpal.ai\/wp-content\/uploads\/2024\/08\/Swahili.jpg\" alt=\"Kenya and Tanzania Flags\">\r\n                    <div>\r\n                        <h4>Rreth m\u00ebsimit t\u00eb Swahili<\/h4>\r\n                        <p>M\u00ebsoni gjith\u00e7ka rreth gramatik\u00ebs Swahili.<\/p>\r\n                    <\/div>\r\n                <\/div>\r\n            <\/div>\r\n        <\/a>\r\n\r\n        \r\n        <a href=\"https:\/\/talkpal.ai\/sq\/gramatika-swahili\/\">\r\n            <div class=\"learnNavigationWrapper\">\r\n                <div class=\"learnNavigationContent\">\r\n                    <img decoding=\"async\" src=\"https:\/\/talkpal.ai\/wp-content\/uploads\/2024\/08\/Swahili.jpg\" alt=\"Kenya and Tanzania Flags\">\r\n                    <div>\r\n                        <h4>M\u00ebsimet e gramatik\u00ebs Swahili<\/h4>\r\n                        <p>Praktikoni gramatik\u00ebn Swahili.<\/p>\r\n                    <\/div>\r\n                <\/div>\r\n            <\/div>\r\n        <\/a>\r\n\r\n        \r\n        <a href=\"https:\/\/talkpal.ai\/vocabulary_language\/swahili\/\">\r\n            <div class=\"learnNavigationWrapper\">\r\n                <div class=\"learnNavigationContent\">\r\n                    <img decoding=\"async\" src=\"https:\/\/talkpal.ai\/wp-content\/uploads\/2024\/08\/Swahili.jpg\" alt=\"Kenya and Tanzania Flags\">\r\n                    <div>\r\n                        <h4>Fjalori Swahili<\/h4>\r\n                        <p>Zgjeroni fjalorin tuaj Swahili.<\/p>\r\n                    <\/div>\r\n                <\/div>\r\n            <\/div>\r\n        <\/a>\r\n\r\n            <\/section>","protected":false},"excerpt":{"rendered":"<p>Temat e gramatik\u00ebs Swahili M\u00ebsimi i Swahili \u00ebsht\u00eb nj\u00eb udh\u00ebtim emocionues n\u00eb nj\u00eb nga gjuh\u00ebt m\u00eb t\u00eb folura n\u00eb Afrik\u00eb. \u00cbsht\u00eb nj\u00eb gjuh\u00eb Bantu, e folur kryesisht n\u00eb Afrik\u00ebn Lindore, me rreth 50-100 milion\u00eb fol\u00ebs n\u00eb mbar\u00eb bot\u00ebn. Gramatika e Swahili \u00ebsht\u00eb e ve\u00e7ant\u00eb dhe ofron nj\u00eb perspektiv\u00eb magjeps\u00ebse p\u00ebr struktur\u00ebn gjuh\u00ebsore. P\u00ebr t\u00eb m\u00ebsuar [&hellip;]<\/p>\n","protected":false},"author":6,"featured_media":1444854,"parent":0,"menu_order":0,"comment_status":"closed","ping_status":"closed","template":"LearningContentPage.php","meta":{"_acf_changed":false,"footnotes":""},"class_list":["post-1448027","page","type-page","status-publish","has-post-thumbnail","hentry"],"acf":[],"yoast_head":"<!-- This site is optimized with the Yoast SEO Premium plugin v27.2 (Yoast SEO v27.2) - https:\/\/yoast.com\/product\/yoast-seo-premium-wordpress\/ -->\n<title>Ushtrime gramatikore suahili - Talkpal<\/title>\n<meta name=\"description\" content=\"Eksploroni ushtrime t\u00ebrheq\u00ebse t\u00eb gramatik\u00ebs Swahili p\u00ebr t\u00eb p\u00ebrmir\u00ebsuar aft\u00ebsit\u00eb tuaja gjuh\u00ebsore dhe p\u00ebr t\u00eb p\u00ebrmir\u00ebsuar t\u00eb kuptuarit tuaj t\u00eb Swahili.\" \/>\n<meta name=\"robots\" content=\"index, follow, max-snippet:-1, max-image-preview:large, max-video-preview:-1\" \/>\n<link rel=\"canonical\" href=\"https:\/\/talkpal.ai\/sq\/ushtrime-gramatikore-suahili\/\" \/>\n<meta property=\"og:locale\" content=\"sq_AL\" \/>\n<meta property=\"og:type\" content=\"article\" \/>\n<meta property=\"og:title\" content=\"Ushtrime gramatikore suahili\" \/>\n<meta property=\"og:description\" content=\"Temat e gramatik\u00ebs Swahili M\u00ebsimi i Swahili \u00ebsht\u00eb nj\u00eb udh\u00ebtim emocionues n\u00eb nj\u00eb nga gjuh\u00ebt m\u00eb t\u00eb folura n\u00eb Afrik\u00eb. \u00cbsht\u00eb nj\u00eb gjuh\u00eb Bantu, e folur\" \/>\n<meta property=\"og:url\" content=\"https:\/\/talkpal.ai\/sq\/ushtrime-gramatikore-suahili\/\" \/>\n<meta property=\"og:site_name\" content=\"Talkpal\" \/>\n<meta property=\"article:publisher\" content=\"https:\/\/www.facebook.com\/profile.php?id=100090733639311\" \/>\n<meta property=\"article:modified_time\" content=\"2025-12-17T09:48:43+00:00\" \/>\n<meta property=\"og:image\" content=\"https:\/\/talkpal.ai\/wp-content\/uploads\/2023\/05\/Swahili-tanzania.png\" \/>\n\t<meta property=\"og:image:width\" content=\"512\" \/>\n\t<meta property=\"og:image:height\" content=\"512\" \/>\n\t<meta property=\"og:image:type\" content=\"image\/png\" \/>\n<meta name=\"twitter:card\" content=\"summary_large_image\" \/>\n<meta name=\"twitter:site\" content=\"@talkpalai\" \/>\n<meta name=\"twitter:label1\" content=\"Est. reading time\" \/>\n\t<meta name=\"twitter:data1\" content=\"3 minutes\" \/>\n<script type=\"application\/ld+json\" class=\"yoast-schema-graph\">{\"@context\":\"https:\/\/schema.org\",\"@graph\":[{\"@type\":\"WebPage\",\"@id\":\"https:\/\/talkpal.ai\/sq\/ushtrime-gramatikore-suahili\/\",\"url\":\"https:\/\/talkpal.ai\/sq\/ushtrime-gramatikore-suahili\/\",\"name\":\"Ushtrime gramatikore suahili - Talkpal\",\"isPartOf\":{\"@id\":\"https:\/\/talkpal.ai\/sq\/#website\"},\"primaryImageOfPage\":{\"@id\":\"https:\/\/talkpal.ai\/sq\/ushtrime-gramatikore-suahili\/#primaryimage\"},\"image\":{\"@id\":\"https:\/\/talkpal.ai\/sq\/ushtrime-gramatikore-suahili\/#primaryimage\"},\"thumbnailUrl\":\"https:\/\/talkpal.ai\/wp-content\/uploads\/2023\/05\/Swahili-tanzania.png\",\"datePublished\":\"2023-06-28T14:00:55+00:00\",\"dateModified\":\"2025-12-17T09:48:43+00:00\",\"description\":\"Eksploroni ushtrime t\u00ebrheq\u00ebse t\u00eb gramatik\u00ebs Swahili p\u00ebr t\u00eb p\u00ebrmir\u00ebsuar aft\u00ebsit\u00eb tuaja gjuh\u00ebsore dhe p\u00ebr t\u00eb p\u00ebrmir\u00ebsuar t\u00eb kuptuarit tuaj t\u00eb Swahili.\",\"breadcrumb\":{\"@id\":\"https:\/\/talkpal.ai\/sq\/ushtrime-gramatikore-suahili\/#breadcrumb\"},\"inLanguage\":\"sq-AL\",\"potentialAction\":[{\"@type\":\"ReadAction\",\"target\":[\"https:\/\/talkpal.ai\/sq\/ushtrime-gramatikore-suahili\/\"]}]},{\"@type\":\"ImageObject\",\"inLanguage\":\"sq-AL\",\"@id\":\"https:\/\/talkpal.ai\/sq\/ushtrime-gramatikore-suahili\/#primaryimage\",\"url\":\"https:\/\/talkpal.ai\/wp-content\/uploads\/2023\/05\/Swahili-tanzania.png\",\"contentUrl\":\"https:\/\/talkpal.ai\/wp-content\/uploads\/2023\/05\/Swahili-tanzania.png\",\"width\":512,\"height\":512,\"caption\":\"TalkPal SwahiliFlag\"},{\"@type\":\"BreadcrumbList\",\"@id\":\"https:\/\/talkpal.ai\/sq\/ushtrime-gramatikore-suahili\/#breadcrumb\",\"itemListElement\":[{\"@type\":\"ListItem\",\"position\":1,\"name\":\"Homepage\",\"item\":\"https:\/\/talkpal.ai\/sq\/\"},{\"@type\":\"ListItem\",\"position\":2,\"name\":\"Ushtrime gramatikore suahili\"}]},{\"@type\":\"WebSite\",\"@id\":\"https:\/\/talkpal.ai\/sq\/#website\",\"url\":\"https:\/\/talkpal.ai\/sq\/\",\"name\":\"Talkpal\",\"description\":\"AI Language Learning\",\"publisher\":{\"@id\":\"https:\/\/talkpal.ai\/sq\/#organization\"},\"alternateName\":\"Talkpal AI\",\"potentialAction\":[{\"@type\":\"SearchAction\",\"target\":{\"@type\":\"EntryPoint\",\"urlTemplate\":\"https:\/\/talkpal.ai\/sq\/?s={search_term_string}\"},\"query-input\":{\"@type\":\"PropertyValueSpecification\",\"valueRequired\":true,\"valueName\":\"search_term_string\"}}],\"inLanguage\":\"sq-AL\"},{\"@type\":\"Organization\",\"@id\":\"https:\/\/talkpal.ai\/sq\/#organization\",\"name\":\"Talkpal, Inc.\",\"alternateName\":\"Talkpal AI\",\"url\":\"https:\/\/talkpal.ai\/sq\/\",\"logo\":{\"@type\":\"ImageObject\",\"inLanguage\":\"sq-AL\",\"@id\":\"https:\/\/talkpal.ai\/sq\/#\/schema\/logo\/image\/\",\"url\":\"https:\/\/talkpal.ai\/wp-content\/uploads\/2024\/03\/Talkpal-Logo-Icon.png\",\"contentUrl\":\"https:\/\/talkpal.ai\/wp-content\/uploads\/2024\/03\/Talkpal-Logo-Icon.png\",\"width\":2880,\"height\":2880,\"caption\":\"Talkpal, Inc.\"},\"image\":{\"@id\":\"https:\/\/talkpal.ai\/sq\/#\/schema\/logo\/image\/\"},\"sameAs\":[\"https:\/\/www.facebook.com\/profile.php?id=100090733639311\",\"https:\/\/x.com\/talkpalai\",\"https:\/\/www.linkedin.com\/company\/talkpal\/\",\"https:\/\/www.youtube.com\/@TalkPal\/\",\"https:\/\/www.tiktok.com\/@talkpal\",\"https:\/\/www.instagram.com\/talkpal_ai\/\",\"https:\/\/www.crunchbase.com\/organization\/talkpal-9cde\",\"https:\/\/www.g2.com\/products\/talkpal-for-business\/\",\"https:\/\/www.trustpilot.com\/review\/talkpal.ai\",\"https:\/\/www.capterra.com\/p\/10006800\/TalkPal\/\"],\"description\":\"Talkpal is a language learning web and mobile education app, powered by the latest AI technologies, that provides engaging experiences to its customers in many different languages to help them improve their language skills. Users can chat about unlimited amount of topics with the app and use other modes to practice their language learning.\",\"email\":\"support@talkpal.ai\",\"legalName\":\"Talkpal, Inc.\",\"foundingDate\":\"2023-04-03\",\"duns\":\"118989042\",\"numberOfEmployees\":{\"@type\":\"QuantitativeValue\",\"minValue\":\"11\",\"maxValue\":\"50\"},\"publishingPrinciples\":\"https:\/\/talkpal.ai\/publishing-principles\/\",\"actionableFeedbackPolicy\":\"https:\/\/talkpal.ai\/actionable-feedback-policy\/\",\"correctionsPolicy\":\"https:\/\/talkpal.ai\/corrections-policy\/\",\"ethicsPolicy\":\"https:\/\/talkpal.ai\/ethics-policy\/\",\"diversityPolicy\":\"https:\/\/talkpal.ai\/diversity-policy\/\",\"diversityStaffingReport\":\"https:\/\/talkpal.ai\/diversity-policy\/\"}]}<\/script>\n<!-- \/ Yoast SEO Premium plugin. -->","yoast_head_json":{"title":"Ushtrime gramatikore suahili - Talkpal","description":"Eksploroni ushtrime t\u00ebrheq\u00ebse t\u00eb gramatik\u00ebs Swahili p\u00ebr t\u00eb p\u00ebrmir\u00ebsuar aft\u00ebsit\u00eb tuaja gjuh\u00ebsore dhe p\u00ebr t\u00eb p\u00ebrmir\u00ebsuar t\u00eb kuptuarit tuaj t\u00eb Swahili.","robots":{"index":"index","follow":"follow","max-snippet":"max-snippet:-1","max-image-preview":"max-image-preview:large","max-video-preview":"max-video-preview:-1"},"canonical":"https:\/\/talkpal.ai\/sq\/ushtrime-gramatikore-suahili\/","og_locale":"sq_AL","og_type":"article","og_title":"Ushtrime gramatikore suahili","og_description":"Temat e gramatik\u00ebs Swahili M\u00ebsimi i Swahili \u00ebsht\u00eb nj\u00eb udh\u00ebtim emocionues n\u00eb nj\u00eb nga gjuh\u00ebt m\u00eb t\u00eb folura n\u00eb Afrik\u00eb. \u00cbsht\u00eb nj\u00eb gjuh\u00eb Bantu, e folur","og_url":"https:\/\/talkpal.ai\/sq\/ushtrime-gramatikore-suahili\/","og_site_name":"Talkpal","article_publisher":"https:\/\/www.facebook.com\/profile.php?id=100090733639311","article_modified_time":"2025-12-17T09:48:43+00:00","og_image":[{"width":512,"height":512,"url":"https:\/\/talkpal.ai\/wp-content\/uploads\/2023\/05\/Swahili-tanzania.png","type":"image\/png"}],"twitter_card":"summary_large_image","twitter_site":"@talkpalai","twitter_misc":{"Est. reading time":"3 minutes"},"schema":{"@context":"https:\/\/schema.org","@graph":[{"@type":"WebPage","@id":"https:\/\/talkpal.ai\/sq\/ushtrime-gramatikore-suahili\/","url":"https:\/\/talkpal.ai\/sq\/ushtrime-gramatikore-suahili\/","name":"Ushtrime gramatikore suahili - Talkpal","isPartOf":{"@id":"https:\/\/talkpal.ai\/sq\/#website"},"primaryImageOfPage":{"@id":"https:\/\/talkpal.ai\/sq\/ushtrime-gramatikore-suahili\/#primaryimage"},"image":{"@id":"https:\/\/talkpal.ai\/sq\/ushtrime-gramatikore-suahili\/#primaryimage"},"thumbnailUrl":"https:\/\/talkpal.ai\/wp-content\/uploads\/2023\/05\/Swahili-tanzania.png","datePublished":"2023-06-28T14:00:55+00:00","dateModified":"2025-12-17T09:48:43+00:00","description":"Eksploroni ushtrime t\u00ebrheq\u00ebse t\u00eb gramatik\u00ebs Swahili p\u00ebr t\u00eb p\u00ebrmir\u00ebsuar aft\u00ebsit\u00eb tuaja gjuh\u00ebsore dhe p\u00ebr t\u00eb p\u00ebrmir\u00ebsuar t\u00eb kuptuarit tuaj t\u00eb Swahili.","breadcrumb":{"@id":"https:\/\/talkpal.ai\/sq\/ushtrime-gramatikore-suahili\/#breadcrumb"},"inLanguage":"sq-AL","potentialAction":[{"@type":"ReadAction","target":["https:\/\/talkpal.ai\/sq\/ushtrime-gramatikore-suahili\/"]}]},{"@type":"ImageObject","inLanguage":"sq-AL","@id":"https:\/\/talkpal.ai\/sq\/ushtrime-gramatikore-suahili\/#primaryimage","url":"https:\/\/talkpal.ai\/wp-content\/uploads\/2023\/05\/Swahili-tanzania.png","contentUrl":"https:\/\/talkpal.ai\/wp-content\/uploads\/2023\/05\/Swahili-tanzania.png","width":512,"height":512,"caption":"TalkPal SwahiliFlag"},{"@type":"BreadcrumbList","@id":"https:\/\/talkpal.ai\/sq\/ushtrime-gramatikore-suahili\/#breadcrumb","itemListElement":[{"@type":"ListItem","position":1,"name":"Homepage","item":"https:\/\/talkpal.ai\/sq\/"},{"@type":"ListItem","position":2,"name":"Ushtrime gramatikore suahili"}]},{"@type":"WebSite","@id":"https:\/\/talkpal.ai\/sq\/#website","url":"https:\/\/talkpal.ai\/sq\/","name":"Talkpal","description":"AI Language Learning","publisher":{"@id":"https:\/\/talkpal.ai\/sq\/#organization"},"alternateName":"Talkpal AI","potentialAction":[{"@type":"SearchAction","target":{"@type":"EntryPoint","urlTemplate":"https:\/\/talkpal.ai\/sq\/?s={search_term_string}"},"query-input":{"@type":"PropertyValueSpecification","valueRequired":true,"valueName":"search_term_string"}}],"inLanguage":"sq-AL"},{"@type":"Organization","@id":"https:\/\/talkpal.ai\/sq\/#organization","name":"Talkpal, Inc.","alternateName":"Talkpal AI","url":"https:\/\/talkpal.ai\/sq\/","logo":{"@type":"ImageObject","inLanguage":"sq-AL","@id":"https:\/\/talkpal.ai\/sq\/#\/schema\/logo\/image\/","url":"https:\/\/talkpal.ai\/wp-content\/uploads\/2024\/03\/Talkpal-Logo-Icon.png","contentUrl":"https:\/\/talkpal.ai\/wp-content\/uploads\/2024\/03\/Talkpal-Logo-Icon.png","width":2880,"height":2880,"caption":"Talkpal, Inc."},"image":{"@id":"https:\/\/talkpal.ai\/sq\/#\/schema\/logo\/image\/"},"sameAs":["https:\/\/www.facebook.com\/profile.php?id=100090733639311","https:\/\/x.com\/talkpalai","https:\/\/www.linkedin.com\/company\/talkpal\/","https:\/\/www.youtube.com\/@TalkPal\/","https:\/\/www.tiktok.com\/@talkpal","https:\/\/www.instagram.com\/talkpal_ai\/","https:\/\/www.crunchbase.com\/organization\/talkpal-9cde","https:\/\/www.g2.com\/products\/talkpal-for-business\/","https:\/\/www.trustpilot.com\/review\/talkpal.ai","https:\/\/www.capterra.com\/p\/10006800\/TalkPal\/"],"description":"Talkpal is a language learning web and mobile education app, powered by the latest AI technologies, that provides engaging experiences to its customers in many different languages to help them improve their language skills. Users can chat about unlimited amount of topics with the app and use other modes to practice their language learning.","email":"support@talkpal.ai","legalName":"Talkpal, Inc.","foundingDate":"2023-04-03","duns":"118989042","numberOfEmployees":{"@type":"QuantitativeValue","minValue":"11","maxValue":"50"},"publishingPrinciples":"https:\/\/talkpal.ai\/publishing-principles\/","actionableFeedbackPolicy":"https:\/\/talkpal.ai\/actionable-feedback-policy\/","correctionsPolicy":"https:\/\/talkpal.ai\/corrections-policy\/","ethicsPolicy":"https:\/\/talkpal.ai\/ethics-policy\/","diversityPolicy":"https:\/\/talkpal.ai\/diversity-policy\/","diversityStaffingReport":"https:\/\/talkpal.ai\/diversity-policy\/"}]}},"_links":{"self":[{"href":"https:\/\/talkpal.ai\/sq\/wp-json\/wp\/v2\/pages\/1448027","targetHints":{"allow":["GET"]}}],"collection":[{"href":"https:\/\/talkpal.ai\/sq\/wp-json\/wp\/v2\/pages"}],"about":[{"href":"https:\/\/talkpal.ai\/sq\/wp-json\/wp\/v2\/types\/page"}],"author":[{"embeddable":true,"href":"https:\/\/talkpal.ai\/sq\/wp-json\/wp\/v2\/users\/6"}],"replies":[{"embeddable":true,"href":"https:\/\/talkpal.ai\/sq\/wp-json\/wp\/v2\/comments?post=1448027"}],"version-history":[{"count":0,"href":"https:\/\/talkpal.ai\/sq\/wp-json\/wp\/v2\/pages\/1448027\/revisions"}],"wp:featuredmedia":[{"embeddable":true,"href":"https:\/\/talkpal.ai\/sq\/wp-json\/wp\/v2\/media\/1444854"}],"wp:attachment":[{"href":"https:\/\/talkpal.ai\/sq\/wp-json\/wp\/v2\/media?parent=1448027"}],"curies":[{"name":"wp","href":"https:\/\/api.w.org\/{rel}","templated":true}]}}