{"id":1447040,"date":"2023-07-05T11:05:37","date_gmt":"2023-07-05T11:05:37","guid":{"rendered":"https:\/\/talkpal.ai\/ushtrime-gramatikore-vietnameze\/"},"modified":"2025-12-17T15:21:25","modified_gmt":"2025-12-17T15:21:25","slug":"ushtrime-gramatikore-vietnameze","status":"publish","type":"page","link":"https:\/\/talkpal.ai\/sq\/ushtrime-gramatikore-vietnameze\/","title":{"rendered":"Ushtrime gramatikore vietnameze"},"content":{"rendered":"\r\n\r\n\r\n<section class=\"languageChallengeSection\">\r\n    <div class=\"languageInfoWrapper\">\r\n        \r\n        <h1>Ushtrime gramatikore vietnameze<\/h1>\r\n        <p>Le t\u00eb arg\u00ebtohemi me gramatik\u00ebn sllovake! K\u00ebto ushtrime t\u00eb thjeshta do t&#039;ju ndihmojn\u00eb t\u00eb m\u00ebsoheni me m\u00ebnyr\u00ebn <a href=\"https:\/\/talkpal.ai\/culture\/what-is-the-difference-between-se-and-si\/\">se si<\/a> funksionon gjuha dhe t\u00eb rrisni besimin tuaj nd\u00ebrsa m\u00ebsoni. Gati? Le t\u00eb fillojm\u00eb!<\/p>\r\n\r\n                            <a class=\"getStartedHidden\" href=\"https:\/\/app.talkpal.ai\/signup?lng=\">Filloni<\/a>\r\n        \r\n    <\/div>\r\n\r\n    <figure>\r\n    <img decoding=\"async\" width=\"768\" height=\"768\" src=\"https:\/\/talkpal.ai\/wp-content\/uploads\/2023\/06\/vietnamese-768x768.png\" class=\"languageImage no-lazy\" alt=\"Language learning for extensive cultural knowledge\" fetchpriority=\"high\" sizes=\"(max-width: 768px) 150px, 768px\" srcset=\"https:\/\/talkpal.ai\/wp-content\/uploads\/2023\/06\/vietnamese-768x768.png 768w, https:\/\/talkpal.ai\/wp-content\/uploads\/2023\/06\/vietnamese-300x300.png 300w\" \/>\r\n    \r\n\r\n    <\/figure>\r\n\r\n            <a class=\"getStartedVisible\" href=\"https:\/\/app.talkpal.ai\/signup?lng=\">Filloni<\/a>\r\n    \r\n<\/section>\r\n\r\n\r\n<!-- <section class=\"grammarSection\">\r\n    <div class=\"grammarLinks\">\r\n            <\/div>\r\n<\/section> -->\r\n\r\n\r\n\r\n\r\n<section class=\"promotionalBanner\">\r\n    <p class=\"promotionalText\">M\u00ebnyra m\u00eb efikase p\u00ebr t\u00eb m\u00ebsuar nj\u00eb gjuh\u00eb<\/p>\r\n    <a class=\"promotionalLink\" href=\"https:\/\/app.talkpal.ai\/signup?lng=\">Provoni Talkpal falas<\/a>\r\n<\/section>\n<div class=\"wp-block-group pageContainerStyle\"><div class=\"wp-block-group__inner-container is-layout-constrained wp-block-group-is-layout-constrained\">\n<h2 class=\"wp-block-heading\" id=\"h-vietnamese-grammar-topics\">Temat e gramatik\u00ebs vietnameze<\/h2>\n\n\n\n<p>M\u00ebsimi i nj\u00eb gjuhe t\u00eb re mund t\u00eb jet\u00eb nj\u00eb p\u00ebrpjekje emocionuese dhe sfiduese. Kuptimi i gramatik\u00ebs vietnameze \u00ebsht\u00eb \u00e7el\u00ebsi p\u00ebr t\u00eb zhbllokuar k\u00ebt\u00eb gjuh\u00eb magjeps\u00ebse. K\u00ebtu, ne do t\u00eb diskutojm\u00eb dhe grupojm\u00eb tema t\u00eb r\u00ebnd\u00ebsishme n\u00eb sekuenc\u00ebn n\u00eb t\u00eb cil\u00ebn ato duhet t\u00eb m\u00ebsohen n\u00eb m\u00ebnyr\u00eb ideale, duke lejuar nj\u00eb rritje graduale t\u00eb kompleksitetit. Ky udh\u00ebzues do t\u00eb mbuloj\u00eb gjith\u00e7ka, nga element\u00ebt baz\u00eb si emrat dhe foljet deri te strukturat m\u00eb komplekse si koh\u00ebt dhe kusht\u00ebzohet.<\/p>\n\n\n\n<h3 class=\"wp-block-heading\" id=\"h-1-nouns\">1. Emrat:<\/h3>\n\n\n\n<p>Filloni me bazat duke m\u00ebsuar emrat vietnamez\u00eb. K\u00ebta jan\u00eb emrat e njer\u00ebzve, vendeve, gj\u00ebrave ose ideve. Emrat vietnamez\u00eb nuk kan\u00eb gjini, duke i b\u00ebr\u00eb ato m\u00eb t\u00eb thjeshta se n\u00eb disa gjuh\u00eb t\u00eb tjera.<\/p>\n\n\n\n<h3 class=\"wp-block-heading\" id=\"h-2-pronouns-determiners\">2. P\u00ebremrat\/p\u00ebrcaktuesit:<\/h3>\n\n\n\n<p>Pasi t\u00eb jeni t\u00eb k\u00ebnaqur me emrat, kaloni te p\u00ebremrat dhe p\u00ebrcaktuesit. K\u00ebto fjal\u00eb z\u00ebvend\u00ebsojn\u00eb ose modifikojn\u00eb emrat, duke ndihmuar p\u00ebr t&#8217;i b\u00ebr\u00eb fjalit\u00eb m\u00eb koncize dhe p\u00ebr t\u00eb shmangur p\u00ebrs\u00ebritjen.<\/p>\n\n\n\n<h3 class=\"wp-block-heading\" id=\"h-3-verbs\">3. Foljet:<\/h3>\n\n\n\n<p>Foljet p\u00ebrdoren p\u00ebr t\u00eb p\u00ebrshkruar veprimet ose gjendjet e qenies. N\u00eb vietnamisht, foljet nuk ndryshojn\u00eb form\u00ebn e <a href=\"https:\/\/talkpal.ai\/locations\/language-courses-in-tyre\/\">tyre<\/a> sipas subjektit ose koh\u00ebs, gj\u00eb q\u00eb i b\u00ebn ato m\u00eb pak t\u00eb komplikuara se n\u00eb disa gjuh\u00eb t\u00eb tjera.<\/p>\n\n\n\n<h3 class=\"wp-block-heading\" id=\"h-4-adjectives\">4. Mbiemra:<\/h3>\n\n\n\n<p>M\u00ebsimi i mbiemrave do t&#8217;ju lejoj\u00eb t\u00eb p\u00ebrshkruani emrat n\u00eb m\u00eb shum\u00eb detaje. N\u00eb vietnamisht, mbiemrat ndjekin emrin q\u00eb modifikojn\u00eb, i cili \u00ebsht\u00eb i ndrysh\u00ebm nga anglishtja.<\/p>\n\n\n\n<h3 class=\"wp-block-heading\" id=\"h-5-articles\">5. Artikujt:<\/h3>\n\n\n\n<p>Vietnamishtja nuk ka artikuj n\u00eb t\u00eb nj\u00ebjt\u00ebn m\u00ebnyr\u00eb si anglishtja. Megjithat\u00eb, \u00ebsht\u00eb ende e r\u00ebnd\u00ebsishme t\u00eb kuptohet se si t\u00eb tregohet p\u00ebrcaktueshm\u00ebria ose pap\u00ebrcaktuaria e nj\u00eb emri.<\/p>\n\n\n\n<h3 class=\"wp-block-heading\" id=\"h-6-adverbs\">6. Ndajfoljet:<\/h3>\n\n\n\n<p>Ndajfoljet p\u00ebrdoren p\u00ebr t\u00eb modifikuar foljet, mbiemrat ose ndajfoljet e tjera. Ata mund t\u00eb japin informacion p\u00ebr m\u00ebnyr\u00ebn, vendin, koh\u00ebn, frekuenc\u00ebn, diplom\u00ebn dhe t\u00eb tjera.<\/p>\n\n\n\n<h3 class=\"wp-block-heading\" id=\"h-7-prepositions\">7. Parafjal\u00ebt:<\/h3>\n\n\n\n<p>K\u00ebto jan\u00eb fjal\u00eb q\u00eb tregojn\u00eb marr\u00ebdh\u00ebnien e nj\u00eb emri ose p\u00ebremri me nj\u00eb fjal\u00eb tjet\u00ebr n\u00eb nj\u00eb fjali. Ato mund t\u00eb tregojn\u00eb vendndodhjen, drejtimin, koh\u00ebn, shkakun dhe marr\u00ebdh\u00ebnie t\u00eb tjera.<\/p>\n\n\n\n<h3 class=\"wp-block-heading\" id=\"h-8-tenses\">8. Koh\u00ebt:<\/h3>\n\n\n\n<p>Vietnamezja nuk ka koh\u00eb n\u00eb kuptimin <a href=\"https:\/\/talkpal.ai\/will-ai-kill-traditional-language-learning\/\">tradicional<\/a>. N\u00eb vend t\u00eb k\u00ebsaj, <a href=\"https:\/\/talkpal.ai\/speaking-with-ai\/\">ai<\/a> p\u00ebrdor fjal\u00eb dhe kontekst p\u00ebr t\u00eb treguar koh\u00ebn kur ndodh nj\u00eb veprim.<\/p>\n\n\n\n<h3 class=\"wp-block-heading\" id=\"h-9-tense-comparison\">9. Krahasimi i tensionit:<\/h3>\n\n\n\n<p>T\u00eb kuptuarit se si t\u00eb krahasohen koh\u00ebt n\u00eb vietnameze \u00ebsht\u00eb thelb\u00ebsore. Kjo p\u00ebrfshin m\u00ebsimin e fjal\u00ebve dhe strukturave specifike t\u00eb p\u00ebrdorura p\u00ebr t\u00eb treguar ndryshimet n\u00eb koh\u00eb.<\/p>\n\n\n\n<h3 class=\"wp-block-heading\" id=\"h-10-progressive\">10. Progresive:<\/h3>\n\n\n\n<p>Aspekti progresiv n\u00eb vietnameze p\u00ebrdoret p\u00ebr t\u00eb treguar veprimet e vazhdueshme. Mund t\u00eb zbatohet p\u00ebr t\u00eb kaluar\u00ebn, t\u00eb tashmen ose t\u00eb ardhmen.<\/p>\n\n\n\n<h3 class=\"wp-block-heading\" id=\"h-11-perfect-progressive\">11. Progresiv i p\u00ebrsosur:<\/h3>\n\n\n\n<p>Kjo koh\u00eb p\u00ebrdoret p\u00ebr t\u00eb shprehur veprime q\u00eb ishin n\u00eb vazhdim n\u00eb t\u00eb kaluar\u00ebn dhe kan\u00eb nj\u00eb lidhje me t\u00eb tashmen.<\/p>\n\n\n\n<h3 class=\"wp-block-heading\" id=\"h-12-conditionals\">12. Kusht\u00ebzuese:<\/h3>\n\n\n\n<p>Kusht\u00ebzuesit jan\u00eb fjali q\u00eb shprehin situata hipotetike dhe pasojat q\u00eb i pasojn\u00eb ato.<\/p>\n\n\n\n<h3 class=\"wp-block-heading\" id=\"h-13-sentences\">13. Fjalit\u00eb:<\/h3>\n\n\n\n<p>Pasi t\u00eb keni kuptuar t\u00eb gjith\u00eb k\u00ebta element\u00eb, mund t\u00eb filloni t\u00eb formoni fjali t\u00eb plota n\u00eb vietnamisht. Kjo p\u00ebrfshin t\u00eb kuptuarit e struktur\u00ebs baz\u00eb t\u00eb fjalis\u00eb, e cila zakonisht \u00ebsht\u00eb subjekt-folje-objekt.<\/p>\n<\/div><\/div>\n\r\n<section class=\"learnNavigationSection\">\r\n            \r\n        <a href=\"https:\/\/talkpal.ai\/sq\/meso-vietnamezet\/\">\r\n            <div class=\"learnNavigationWrapper\">\r\n                <div class=\"learnNavigationContent\">\r\n                    <img decoding=\"async\" src=\"https:\/\/talkpal.ai\/wp-content\/uploads\/2024\/08\/Vietnamese.jpg\" alt=\"Vietnamise Flag\">\r\n                    <div>\r\n                        <h4>Rreth m\u00ebsimit vietnamez<\/h4>\r\n                        <p>M\u00ebsoni gjith\u00e7ka rreth gramatik\u00ebs vietnameze.<\/p>\r\n                    <\/div>\r\n                <\/div>\r\n            <\/div>\r\n        <\/a>\r\n\r\n        \r\n        <a href=\"https:\/\/talkpal.ai\/sq\/gramatika-vietnameze\/\">\r\n            <div class=\"learnNavigationWrapper\">\r\n                <div class=\"learnNavigationContent\">\r\n                    <img decoding=\"async\" src=\"https:\/\/talkpal.ai\/wp-content\/uploads\/2024\/08\/Vietnamese.jpg\" alt=\"Vietnamise Flag\">\r\n                    <div>\r\n                        <h4>M\u00ebsime t\u00eb gramatik\u00ebs vietnameze<\/h4>\r\n                        <p>Praktikoni gramatik\u00ebn vietnameze.<\/p>\r\n                    <\/div>\r\n                <\/div>\r\n            <\/div>\r\n        <\/a>\r\n\r\n        \r\n        <a href=\"https:\/\/talkpal.ai\/vocabulary_language\/vietnamese\/\">\r\n            <div class=\"learnNavigationWrapper\">\r\n                <div class=\"learnNavigationContent\">\r\n                    <img decoding=\"async\" src=\"https:\/\/talkpal.ai\/wp-content\/uploads\/2024\/08\/Vietnamese.jpg\" alt=\"Vietnamise Flag\">\r\n                    <div>\r\n                        <h4>Fjalori vietnamez<\/h4>\r\n                        <p>Zgjeroni fjalorin tuaj vietnamez.<\/p>\r\n                    <\/div>\r\n                <\/div>\r\n            <\/div>\r\n        <\/a>\r\n\r\n            <\/section>","protected":false},"excerpt":{"rendered":"<p>Temat e gramatik\u00ebs vietnameze M\u00ebsimi i nj\u00eb gjuhe t\u00eb re mund t\u00eb jet\u00eb nj\u00eb p\u00ebrpjekje emocionuese dhe sfiduese. Kuptimi i gramatik\u00ebs vietnameze \u00ebsht\u00eb \u00e7el\u00ebsi p\u00ebr t\u00eb zhbllokuar k\u00ebt\u00eb gjuh\u00eb magjeps\u00ebse. K\u00ebtu, ne do t\u00eb diskutojm\u00eb dhe grupojm\u00eb tema t\u00eb r\u00ebnd\u00ebsishme n\u00eb sekuenc\u00ebn n\u00eb t\u00eb cil\u00ebn ato duhet t\u00eb m\u00ebsohen n\u00eb m\u00ebnyr\u00eb ideale, duke lejuar nj\u00eb [&hellip;]<\/p>\n","protected":false},"author":6,"featured_media":1442764,"parent":0,"menu_order":0,"comment_status":"closed","ping_status":"closed","template":"LearningContentPage.php","meta":{"_acf_changed":false,"footnotes":""},"class_list":["post-1447040","page","type-page","status-publish","has-post-thumbnail","hentry"],"acf":[],"yoast_head":"<!-- This site is optimized with the Yoast SEO Premium plugin v27.2 (Yoast SEO v27.2) - https:\/\/yoast.com\/product\/yoast-seo-premium-wordpress\/ -->\n<title>Ushtrime gramatikore vietnameze - Talkpal<\/title>\n<meta name=\"description\" content=\"Zhbllokoni sekretet e gjuh\u00ebs vietnameze me ushtrimet tona t\u00eb gramatik\u00ebs vietnameze t\u00eb dizajnuara p\u00ebr m\u00ebsim gradual.\" \/>\n<meta name=\"robots\" content=\"index, follow, max-snippet:-1, max-image-preview:large, max-video-preview:-1\" \/>\n<link rel=\"canonical\" href=\"https:\/\/talkpal.ai\/sq\/ushtrime-gramatikore-vietnameze\/\" \/>\n<meta property=\"og:locale\" content=\"sq_AL\" \/>\n<meta property=\"og:type\" content=\"article\" \/>\n<meta property=\"og:title\" content=\"Ushtrime gramatikore vietnameze\" \/>\n<meta property=\"og:description\" content=\"Temat e gramatik\u00ebs vietnameze M\u00ebsimi i nj\u00eb gjuhe t\u00eb re mund t\u00eb jet\u00eb nj\u00eb p\u00ebrpjekje emocionuese dhe sfiduese. Kuptimi i gramatik\u00ebs vietnameze \u00ebsht\u00eb \u00e7el\u00ebsi\" \/>\n<meta property=\"og:url\" content=\"https:\/\/talkpal.ai\/sq\/ushtrime-gramatikore-vietnameze\/\" \/>\n<meta property=\"og:site_name\" content=\"Talkpal\" \/>\n<meta property=\"article:publisher\" content=\"https:\/\/www.facebook.com\/profile.php?id=100090733639311\" \/>\n<meta property=\"article:modified_time\" content=\"2025-12-17T15:21:25+00:00\" \/>\n<meta property=\"og:image\" content=\"https:\/\/talkpal.ai\/wp-content\/uploads\/2023\/05\/vietnam.png\" \/>\n\t<meta property=\"og:image:width\" content=\"512\" \/>\n\t<meta property=\"og:image:height\" content=\"512\" \/>\n\t<meta property=\"og:image:type\" content=\"image\/png\" \/>\n<meta name=\"twitter:card\" content=\"summary_large_image\" \/>\n<meta name=\"twitter:site\" content=\"@talkpalai\" \/>\n<meta name=\"twitter:label1\" content=\"Est. reading time\" \/>\n\t<meta name=\"twitter:data1\" content=\"3 minutes\" \/>\n<script type=\"application\/ld+json\" class=\"yoast-schema-graph\">{\"@context\":\"https:\/\/schema.org\",\"@graph\":[{\"@type\":\"WebPage\",\"@id\":\"https:\/\/talkpal.ai\/sq\/ushtrime-gramatikore-vietnameze\/\",\"url\":\"https:\/\/talkpal.ai\/sq\/ushtrime-gramatikore-vietnameze\/\",\"name\":\"Ushtrime gramatikore vietnameze - Talkpal\",\"isPartOf\":{\"@id\":\"https:\/\/talkpal.ai\/sq\/#website\"},\"primaryImageOfPage\":{\"@id\":\"https:\/\/talkpal.ai\/sq\/ushtrime-gramatikore-vietnameze\/#primaryimage\"},\"image\":{\"@id\":\"https:\/\/talkpal.ai\/sq\/ushtrime-gramatikore-vietnameze\/#primaryimage\"},\"thumbnailUrl\":\"https:\/\/talkpal.ai\/wp-content\/uploads\/2023\/05\/vietnam.png\",\"datePublished\":\"2023-07-05T11:05:37+00:00\",\"dateModified\":\"2025-12-17T15:21:25+00:00\",\"description\":\"Zhbllokoni sekretet e gjuh\u00ebs vietnameze me ushtrimet tona t\u00eb gramatik\u00ebs vietnameze t\u00eb dizajnuara p\u00ebr m\u00ebsim gradual.\",\"breadcrumb\":{\"@id\":\"https:\/\/talkpal.ai\/sq\/ushtrime-gramatikore-vietnameze\/#breadcrumb\"},\"inLanguage\":\"sq-AL\",\"potentialAction\":[{\"@type\":\"ReadAction\",\"target\":[\"https:\/\/talkpal.ai\/sq\/ushtrime-gramatikore-vietnameze\/\"]}]},{\"@type\":\"ImageObject\",\"inLanguage\":\"sq-AL\",\"@id\":\"https:\/\/talkpal.ai\/sq\/ushtrime-gramatikore-vietnameze\/#primaryimage\",\"url\":\"https:\/\/talkpal.ai\/wp-content\/uploads\/2023\/05\/vietnam.png\",\"contentUrl\":\"https:\/\/talkpal.ai\/wp-content\/uploads\/2023\/05\/vietnam.png\",\"width\":512,\"height\":512,\"caption\":\"TalkPal Vietnam Flag\"},{\"@type\":\"BreadcrumbList\",\"@id\":\"https:\/\/talkpal.ai\/sq\/ushtrime-gramatikore-vietnameze\/#breadcrumb\",\"itemListElement\":[{\"@type\":\"ListItem\",\"position\":1,\"name\":\"Homepage\",\"item\":\"https:\/\/talkpal.ai\/sq\/\"},{\"@type\":\"ListItem\",\"position\":2,\"name\":\"Ushtrime gramatikore vietnameze\"}]},{\"@type\":\"WebSite\",\"@id\":\"https:\/\/talkpal.ai\/sq\/#website\",\"url\":\"https:\/\/talkpal.ai\/sq\/\",\"name\":\"Talkpal\",\"description\":\"AI Language Learning\",\"publisher\":{\"@id\":\"https:\/\/talkpal.ai\/sq\/#organization\"},\"alternateName\":\"Talkpal AI\",\"potentialAction\":[{\"@type\":\"SearchAction\",\"target\":{\"@type\":\"EntryPoint\",\"urlTemplate\":\"https:\/\/talkpal.ai\/sq\/?s={search_term_string}\"},\"query-input\":{\"@type\":\"PropertyValueSpecification\",\"valueRequired\":true,\"valueName\":\"search_term_string\"}}],\"inLanguage\":\"sq-AL\"},{\"@type\":\"Organization\",\"@id\":\"https:\/\/talkpal.ai\/sq\/#organization\",\"name\":\"Talkpal, Inc.\",\"alternateName\":\"Talkpal AI\",\"url\":\"https:\/\/talkpal.ai\/sq\/\",\"logo\":{\"@type\":\"ImageObject\",\"inLanguage\":\"sq-AL\",\"@id\":\"https:\/\/talkpal.ai\/sq\/#\/schema\/logo\/image\/\",\"url\":\"https:\/\/talkpal.ai\/wp-content\/uploads\/2024\/03\/Talkpal-Logo-Icon.png\",\"contentUrl\":\"https:\/\/talkpal.ai\/wp-content\/uploads\/2024\/03\/Talkpal-Logo-Icon.png\",\"width\":2880,\"height\":2880,\"caption\":\"Talkpal, Inc.\"},\"image\":{\"@id\":\"https:\/\/talkpal.ai\/sq\/#\/schema\/logo\/image\/\"},\"sameAs\":[\"https:\/\/www.facebook.com\/profile.php?id=100090733639311\",\"https:\/\/x.com\/talkpalai\",\"https:\/\/www.linkedin.com\/company\/talkpal\/\",\"https:\/\/www.youtube.com\/@TalkPal\/\",\"https:\/\/www.tiktok.com\/@talkpal\",\"https:\/\/www.instagram.com\/talkpal_ai\/\",\"https:\/\/www.crunchbase.com\/organization\/talkpal-9cde\",\"https:\/\/www.g2.com\/products\/talkpal-for-business\/\",\"https:\/\/www.trustpilot.com\/review\/talkpal.ai\",\"https:\/\/www.capterra.com\/p\/10006800\/TalkPal\/\"],\"description\":\"Talkpal is a language learning web and mobile education app, powered by the latest AI technologies, that provides engaging experiences to its customers in many different languages to help them improve their language skills. Users can chat about unlimited amount of topics with the app and use other modes to practice their language learning.\",\"email\":\"support@talkpal.ai\",\"legalName\":\"Talkpal, Inc.\",\"foundingDate\":\"2023-04-03\",\"duns\":\"118989042\",\"numberOfEmployees\":{\"@type\":\"QuantitativeValue\",\"minValue\":\"11\",\"maxValue\":\"50\"},\"publishingPrinciples\":\"https:\/\/talkpal.ai\/publishing-principles\/\",\"actionableFeedbackPolicy\":\"https:\/\/talkpal.ai\/actionable-feedback-policy\/\",\"correctionsPolicy\":\"https:\/\/talkpal.ai\/corrections-policy\/\",\"ethicsPolicy\":\"https:\/\/talkpal.ai\/ethics-policy\/\",\"diversityPolicy\":\"https:\/\/talkpal.ai\/diversity-policy\/\",\"diversityStaffingReport\":\"https:\/\/talkpal.ai\/diversity-policy\/\"}]}<\/script>\n<!-- \/ Yoast SEO Premium plugin. -->","yoast_head_json":{"title":"Ushtrime gramatikore vietnameze - Talkpal","description":"Zhbllokoni sekretet e gjuh\u00ebs vietnameze me ushtrimet tona t\u00eb gramatik\u00ebs vietnameze t\u00eb dizajnuara p\u00ebr m\u00ebsim gradual.","robots":{"index":"index","follow":"follow","max-snippet":"max-snippet:-1","max-image-preview":"max-image-preview:large","max-video-preview":"max-video-preview:-1"},"canonical":"https:\/\/talkpal.ai\/sq\/ushtrime-gramatikore-vietnameze\/","og_locale":"sq_AL","og_type":"article","og_title":"Ushtrime gramatikore vietnameze","og_description":"Temat e gramatik\u00ebs vietnameze M\u00ebsimi i nj\u00eb gjuhe t\u00eb re mund t\u00eb jet\u00eb nj\u00eb p\u00ebrpjekje emocionuese dhe sfiduese. Kuptimi i gramatik\u00ebs vietnameze \u00ebsht\u00eb \u00e7el\u00ebsi","og_url":"https:\/\/talkpal.ai\/sq\/ushtrime-gramatikore-vietnameze\/","og_site_name":"Talkpal","article_publisher":"https:\/\/www.facebook.com\/profile.php?id=100090733639311","article_modified_time":"2025-12-17T15:21:25+00:00","og_image":[{"width":512,"height":512,"url":"https:\/\/talkpal.ai\/wp-content\/uploads\/2023\/05\/vietnam.png","type":"image\/png"}],"twitter_card":"summary_large_image","twitter_site":"@talkpalai","twitter_misc":{"Est. reading time":"3 minutes"},"schema":{"@context":"https:\/\/schema.org","@graph":[{"@type":"WebPage","@id":"https:\/\/talkpal.ai\/sq\/ushtrime-gramatikore-vietnameze\/","url":"https:\/\/talkpal.ai\/sq\/ushtrime-gramatikore-vietnameze\/","name":"Ushtrime gramatikore vietnameze - Talkpal","isPartOf":{"@id":"https:\/\/talkpal.ai\/sq\/#website"},"primaryImageOfPage":{"@id":"https:\/\/talkpal.ai\/sq\/ushtrime-gramatikore-vietnameze\/#primaryimage"},"image":{"@id":"https:\/\/talkpal.ai\/sq\/ushtrime-gramatikore-vietnameze\/#primaryimage"},"thumbnailUrl":"https:\/\/talkpal.ai\/wp-content\/uploads\/2023\/05\/vietnam.png","datePublished":"2023-07-05T11:05:37+00:00","dateModified":"2025-12-17T15:21:25+00:00","description":"Zhbllokoni sekretet e gjuh\u00ebs vietnameze me ushtrimet tona t\u00eb gramatik\u00ebs vietnameze t\u00eb dizajnuara p\u00ebr m\u00ebsim gradual.","breadcrumb":{"@id":"https:\/\/talkpal.ai\/sq\/ushtrime-gramatikore-vietnameze\/#breadcrumb"},"inLanguage":"sq-AL","potentialAction":[{"@type":"ReadAction","target":["https:\/\/talkpal.ai\/sq\/ushtrime-gramatikore-vietnameze\/"]}]},{"@type":"ImageObject","inLanguage":"sq-AL","@id":"https:\/\/talkpal.ai\/sq\/ushtrime-gramatikore-vietnameze\/#primaryimage","url":"https:\/\/talkpal.ai\/wp-content\/uploads\/2023\/05\/vietnam.png","contentUrl":"https:\/\/talkpal.ai\/wp-content\/uploads\/2023\/05\/vietnam.png","width":512,"height":512,"caption":"TalkPal Vietnam Flag"},{"@type":"BreadcrumbList","@id":"https:\/\/talkpal.ai\/sq\/ushtrime-gramatikore-vietnameze\/#breadcrumb","itemListElement":[{"@type":"ListItem","position":1,"name":"Homepage","item":"https:\/\/talkpal.ai\/sq\/"},{"@type":"ListItem","position":2,"name":"Ushtrime gramatikore vietnameze"}]},{"@type":"WebSite","@id":"https:\/\/talkpal.ai\/sq\/#website","url":"https:\/\/talkpal.ai\/sq\/","name":"Talkpal","description":"AI Language Learning","publisher":{"@id":"https:\/\/talkpal.ai\/sq\/#organization"},"alternateName":"Talkpal AI","potentialAction":[{"@type":"SearchAction","target":{"@type":"EntryPoint","urlTemplate":"https:\/\/talkpal.ai\/sq\/?s={search_term_string}"},"query-input":{"@type":"PropertyValueSpecification","valueRequired":true,"valueName":"search_term_string"}}],"inLanguage":"sq-AL"},{"@type":"Organization","@id":"https:\/\/talkpal.ai\/sq\/#organization","name":"Talkpal, Inc.","alternateName":"Talkpal AI","url":"https:\/\/talkpal.ai\/sq\/","logo":{"@type":"ImageObject","inLanguage":"sq-AL","@id":"https:\/\/talkpal.ai\/sq\/#\/schema\/logo\/image\/","url":"https:\/\/talkpal.ai\/wp-content\/uploads\/2024\/03\/Talkpal-Logo-Icon.png","contentUrl":"https:\/\/talkpal.ai\/wp-content\/uploads\/2024\/03\/Talkpal-Logo-Icon.png","width":2880,"height":2880,"caption":"Talkpal, Inc."},"image":{"@id":"https:\/\/talkpal.ai\/sq\/#\/schema\/logo\/image\/"},"sameAs":["https:\/\/www.facebook.com\/profile.php?id=100090733639311","https:\/\/x.com\/talkpalai","https:\/\/www.linkedin.com\/company\/talkpal\/","https:\/\/www.youtube.com\/@TalkPal\/","https:\/\/www.tiktok.com\/@talkpal","https:\/\/www.instagram.com\/talkpal_ai\/","https:\/\/www.crunchbase.com\/organization\/talkpal-9cde","https:\/\/www.g2.com\/products\/talkpal-for-business\/","https:\/\/www.trustpilot.com\/review\/talkpal.ai","https:\/\/www.capterra.com\/p\/10006800\/TalkPal\/"],"description":"Talkpal is a language learning web and mobile education app, powered by the latest AI technologies, that provides engaging experiences to its customers in many different languages to help them improve their language skills. Users can chat about unlimited amount of topics with the app and use other modes to practice their language learning.","email":"support@talkpal.ai","legalName":"Talkpal, Inc.","foundingDate":"2023-04-03","duns":"118989042","numberOfEmployees":{"@type":"QuantitativeValue","minValue":"11","maxValue":"50"},"publishingPrinciples":"https:\/\/talkpal.ai\/publishing-principles\/","actionableFeedbackPolicy":"https:\/\/talkpal.ai\/actionable-feedback-policy\/","correctionsPolicy":"https:\/\/talkpal.ai\/corrections-policy\/","ethicsPolicy":"https:\/\/talkpal.ai\/ethics-policy\/","diversityPolicy":"https:\/\/talkpal.ai\/diversity-policy\/","diversityStaffingReport":"https:\/\/talkpal.ai\/diversity-policy\/"}]}},"_links":{"self":[{"href":"https:\/\/talkpal.ai\/sq\/wp-json\/wp\/v2\/pages\/1447040","targetHints":{"allow":["GET"]}}],"collection":[{"href":"https:\/\/talkpal.ai\/sq\/wp-json\/wp\/v2\/pages"}],"about":[{"href":"https:\/\/talkpal.ai\/sq\/wp-json\/wp\/v2\/types\/page"}],"author":[{"embeddable":true,"href":"https:\/\/talkpal.ai\/sq\/wp-json\/wp\/v2\/users\/6"}],"replies":[{"embeddable":true,"href":"https:\/\/talkpal.ai\/sq\/wp-json\/wp\/v2\/comments?post=1447040"}],"version-history":[{"count":0,"href":"https:\/\/talkpal.ai\/sq\/wp-json\/wp\/v2\/pages\/1447040\/revisions"}],"wp:featuredmedia":[{"embeddable":true,"href":"https:\/\/talkpal.ai\/sq\/wp-json\/wp\/v2\/media\/1442764"}],"wp:attachment":[{"href":"https:\/\/talkpal.ai\/sq\/wp-json\/wp\/v2\/media?parent=1447040"}],"curies":[{"name":"wp","href":"https:\/\/api.w.org\/{rel}","templated":true}]}}