{"id":1447036,"date":"2023-07-05T10:24:06","date_gmt":"2023-07-05T10:24:06","guid":{"rendered":"https:\/\/talkpal.ai\/ushtrimet-e-gramatikes-tajlandeze\/"},"modified":"2025-12-17T14:59:11","modified_gmt":"2025-12-17T14:59:11","slug":"ushtrimet-e-gramatikes-tajlandeze","status":"publish","type":"page","link":"https:\/\/talkpal.ai\/sq\/ushtrimet-e-gramatikes-tajlandeze\/","title":{"rendered":"Ushtrimet e gramatik\u00ebs tajlandeze"},"content":{"rendered":"\r\n\r\n\r\n<section class=\"languageChallengeSection\">\r\n    <div class=\"languageInfoWrapper\">\r\n        \r\n        <h1>Ushtrimet e gramatik\u00ebs tajlandeze<\/h1>\r\n        <p>Gati p\u00ebr ta b\u00ebr\u00eb m\u00ebsimin tajlandez arg\u00ebtues dhe praktik? Ushtrimet tona interaktive jan\u00eb krijuar p\u00ebr t&#039;ju ndihmuar t\u00eb zot\u00ebroni bazat e gramatik\u00ebs tajlandeze, t\u00eb krijoni besim dhe t\u00eb filloni t\u00eb formoni fjali reale. Hidheni, praktikoni sa t\u00eb doni dhe shikoni aft\u00ebsit\u00eb tuaja tajlandeze t\u00eb rriten &#8211; le t\u00eb fillojm\u00eb t\u00eb m\u00ebsojm\u00eb!<\/p>\r\n\r\n                            <a class=\"getStartedHidden\" href=\"https:\/\/app.talkpal.ai\/signup?lng=\">Filloni<\/a>\r\n        \r\n    <\/div>\r\n\r\n    <figure>\r\n    <img decoding=\"async\" width=\"768\" height=\"768\" src=\"https:\/\/talkpal.ai\/wp-content\/uploads\/2023\/06\/thai-768x768.png\" class=\"languageImage no-lazy\" alt=\"Language learning for improved thought process\" fetchpriority=\"high\" sizes=\"(max-width: 768px) 150px, 768px\" srcset=\"https:\/\/talkpal.ai\/wp-content\/uploads\/2023\/06\/thai-768x768.png 768w, https:\/\/talkpal.ai\/wp-content\/uploads\/2023\/06\/thai-300x300.png 300w\" \/>\r\n    \r\n\r\n    <\/figure>\r\n\r\n            <a class=\"getStartedVisible\" href=\"https:\/\/app.talkpal.ai\/signup?lng=\">Filloni<\/a>\r\n    \r\n<\/section>\r\n\r\n\r\n<!-- <section class=\"grammarSection\">\r\n    <div class=\"grammarLinks\">\r\n            <\/div>\r\n<\/section> -->\r\n\r\n\r\n\r\n\r\n<section class=\"promotionalBanner\">\r\n    <p class=\"promotionalText\">M\u00ebnyra m\u00eb efikase p\u00ebr t\u00eb m\u00ebsuar nj\u00eb gjuh\u00eb<\/p>\r\n    <a class=\"promotionalLink\" href=\"https:\/\/app.talkpal.ai\/signup?lng=\">Provoni Talkpal falas<\/a>\r\n<\/section>\n<div class=\"wp-block-group pageContainerStyle\"><div class=\"wp-block-group__inner-container is-layout-constrained wp-block-group-is-layout-constrained\">\n<h2 class=\"wp-block-heading\" id=\"h-thai-grammar-topics\">Temat e gramatik\u00ebs tajlandeze<\/h2>\n\n\n\n<p>M\u00ebsimi i gjuh\u00ebs tajlandeze mund t\u00eb jet\u00eb nj\u00eb udh\u00ebtim magjeps\u00ebs. Megjithat\u00eb, \u00ebsht\u00eb thelb\u00ebsore t\u00eb kuptoni gramatik\u00ebn tajlandeze p\u00ebr t\u00eb kuptuar plot\u00ebsisht gjuh\u00ebn dhe p\u00ebr t&#8217;u b\u00ebr\u00eb i rrjedhsh\u00ebm. Lista e m\u00ebposhtme ofron nj\u00eb sekuenc\u00eb t\u00eb temave t\u00eb gramatik\u00ebs tajlandeze p\u00ebr t&#8217;u marr\u00eb parasysh kur m\u00ebsoni gjuh\u00ebn. Kjo list\u00eb fillon me tema baz\u00eb dhe p\u00ebrparon n\u00eb l\u00ebnd\u00eb m\u00eb komplekse.<\/p>\n\n\n\n<h3 class=\"wp-block-heading\" id=\"h-1-nouns\">1. Emrat:<\/h3>\n\n\n\n<p>Filloni me m\u00ebsimin e emrave tajlandez\u00eb pasi ato jan\u00eb blloqet nd\u00ebrtuese t\u00eb gjuh\u00ebs. Njihuni me emrat e zakonsh\u00ebm dhe modifikuesit e <a href=\"https:\/\/talkpal.ai\/locations\/language-courses-in-tyre\/\">tyre<\/a>, pasi emrat tajlandez\u00eb nuk ndryshojn\u00eb format p\u00ebr t\u00eb treguar numrin ose gjinin\u00eb.<\/p>\n\n\n\n<h3 class=\"wp-block-heading\" id=\"h-2-pronouns-determiners\">2. P\u00ebremrat\/p\u00ebrcaktuesit:<\/h3>\n\n\n\n<p>Pasi t\u00eb zot\u00ebroni emrat, zhvendosni fokusin tuaj te p\u00ebremrat dhe p\u00ebrcaktuesit. P\u00ebremrat tajlandez\u00eb shpesh hidhen n\u00eb bised\u00eb, por t\u00eb kuptuarit e tyre \u00ebsht\u00eb thelb\u00ebsor p\u00ebr tajlandishten formale.<\/p>\n\n\n\n<h3 class=\"wp-block-heading\" id=\"h-3-verbs\">3. Foljet:<\/h3>\n\n\n\n<p>Foljet n\u00eb tajlandisht jan\u00eb t\u00eb pap\u00ebrkulura, q\u00eb do t\u00eb thot\u00eb se ato nuk ndryshojn\u00eb p\u00ebr t\u00eb treguar koh\u00ebn, numrin ose personin. Kjo i b\u00ebn ato relativisht t\u00eb lehta p\u00ebr t&#8217;u zot\u00ebruar pas kuptimit t\u00eb emrave dhe p\u00ebremrave.<\/p>\n\n\n\n<h3 class=\"wp-block-heading\" id=\"h-4-adjectives\">4. Mbiemra:<\/h3>\n\n\n\n<p>Mbiemrat tajlandez\u00eb vijn\u00eb pas emrave q\u00eb modifikojn\u00eb, ndryshe nga anglishtja. M\u00ebsimi i mbiemrave do t&#8217;ju ndihmoj\u00eb t\u00eb p\u00ebrshkruani objektet, njer\u00ebzit dhe situatat m\u00eb sakt\u00eb.<\/p>\n\n\n\n<h3 class=\"wp-block-heading\" id=\"h-5-prepositions\">5. Parafjal\u00ebt:<\/h3>\n\n\n\n<p>Parafjal\u00ebt n\u00eb tajlandisht shpesh vijn\u00eb p\u00ebrpara emrit ose p\u00ebremrit p\u00ebr t\u00eb treguar drejtimin, vendndodhjen, koh\u00ebn ose metod\u00ebn.<\/p>\n\n\n\n<h3 class=\"wp-block-heading\" id=\"h-6-adverbs\">6. Ndajfoljet:<\/h3>\n\n\n\n<p>M\u00ebsoni ndajfoljet tajlandeze p\u00ebr t\u00eb modifikuar foljet, mbiemrat ose ndajfoljet e tjera. Ata mund t\u00eb japin m\u00eb shum\u00eb detaje <a href=\"https:\/\/talkpal.ai\/sq\/rreth\/\">rreth<\/a> veprimeve ose situatave.<\/p>\n\n\n\n<h3 class=\"wp-block-heading\" id=\"h-7-sentences\">7. Fakit\u00eb:<\/h3>\n\n\n\n<p>Pasi t\u00eb keni zot\u00ebruar bazat, mund t\u00eb filloni t\u00eb nd\u00ebrtoni fjali n\u00eb tajlandisht. Kuptimi i struktur\u00ebs s\u00eb fjalis\u00eb \u00ebsht\u00eb thelb\u00ebsor p\u00ebr t\u00eb p\u00ebrcjell\u00eb mendimet tuaja n\u00eb m\u00ebnyr\u00eb korrekte.<\/p>\n\n\n\n<h3 class=\"wp-block-heading\" id=\"h-8-conditionals\">8. Kusht\u00ebzotet:<\/h3>\n\n\n\n<p>Kusht\u00ebzimet tajlandeze shprehin situata hipotetike dhe pasojat e tyre. Ato jan\u00eb m\u00eb t\u00eb avancuara, por t\u00eb nevojshme p\u00ebr biseda komplekse.<\/p>\n\n\n\n<h3 class=\"wp-block-heading\" id=\"h-9-tenses\">9. Koh\u00ebt:<\/h3>\n\n\n\n<p>Gjuha tajlandeze nuk p\u00ebrdor koh\u00ebt n\u00eb t\u00eb nj\u00ebjt\u00ebn m\u00ebnyr\u00eb si anglishtja. Megjithat\u00eb, ka fraza dhe fjal\u00eb q\u00eb mund t\u00eb tregojn\u00eb t\u00eb kaluar\u00ebn, t\u00eb tashmen ose t\u00eb ardhmen.<\/p>\n\n\n\n<h3 class=\"wp-block-heading\" id=\"h-10-tense-comparison\">10. Krahasimi i tensionuar:<\/h3>\n\n\n\n<p>Kjo \u00ebsht\u00eb nj\u00eb tem\u00eb e avancuar ku krahasoni koh\u00eb t\u00eb ndryshme. Kjo do t&#8217;ju ndihmoj\u00eb t\u00eb kuptoni ndryshimet delikate n\u00eb shprehjet kohore.<\/p>\n\n\n\n<h3 class=\"wp-block-heading\" id=\"h-11-progressive\">11. Progresive:<\/h3>\n\n\n\n<p>Kjo tem\u00eb p\u00ebrfshin shprehjen e veprimeve t\u00eb vazhdueshme. \u00cbsht\u00eb m\u00eb i avancuar, por do t&#8217;ju ndihmoj\u00eb t\u00eb flisni m\u00eb rrjedhsh\u00ebm tajlandisht.<\/p>\n\n\n\n<h3 class=\"wp-block-heading\" id=\"h-12-perfect-progressive\">12. Progresiv i p\u00ebrsosur:<\/h3>\n\n\n\n<p>Koha progresive e p\u00ebrsosur \u00ebsht\u00eb nj\u00eb aspekt kompleks i gramatik\u00ebs tajlandeze. P\u00ebrdoret p\u00ebr t\u00eb p\u00ebrshkruar veprimet q\u00eb kan\u00eb vazhduar deri n\u00eb nj\u00eb pik\u00eb t\u00eb caktuar.<\/p>\n\n\n\n<h3 class=\"wp-block-heading\" id=\"h-13-articles\">13. Nenet:<\/h3>\n\n\n\n<p>Gjuha tajlandeze nuk ka artikuj t\u00eb p\u00ebrcaktuar ose t\u00eb pacaktuar si anglishtja. Megjithat\u00eb, ka m\u00ebnyra t\u00eb tjera p\u00ebr t\u00eb specifikuar ose p\u00ebrgjith\u00ebsuar emrat q\u00eb mund t&#8217;i m\u00ebsoni n\u00eb nj\u00eb faz\u00eb m\u00eb t\u00eb avancuar.<\/p>\n<\/div><\/div>\n\r\n<section class=\"learnNavigationSection\">\r\n            \r\n        <a href=\"https:\/\/talkpal.ai\/sq\/meso-thai\/\">\r\n            <div class=\"learnNavigationWrapper\">\r\n                <div class=\"learnNavigationContent\">\r\n                    <img decoding=\"async\" src=\"https:\/\/talkpal.ai\/wp-content\/uploads\/2024\/08\/Thai.jpg\" alt=\"Thai Flag\">\r\n                    <div>\r\n                        <h4>Rreth m\u00ebsimit tajlandez<\/h4>\r\n                        <p>M\u00ebsoni gjith\u00e7ka rreth gramatik\u00ebs tajlandeze.<\/p>\r\n                    <\/div>\r\n                <\/div>\r\n            <\/div>\r\n        <\/a>\r\n\r\n        \r\n        <a href=\"https:\/\/talkpal.ai\/sq\/gramatika-tajlandeze\/\">\r\n            <div class=\"learnNavigationWrapper\">\r\n                <div class=\"learnNavigationContent\">\r\n                    <img decoding=\"async\" src=\"https:\/\/talkpal.ai\/wp-content\/uploads\/2024\/08\/Thai.jpg\" alt=\"Thai Flag\">\r\n                    <div>\r\n                        <h4>M\u00ebsime t\u00eb gramatik\u00ebs tajlandeze<\/h4>\r\n                        <p>Praktikoni gramatik\u00ebn tajlandeze.<\/p>\r\n                    <\/div>\r\n                <\/div>\r\n            <\/div>\r\n        <\/a>\r\n\r\n        \r\n        <a href=\"https:\/\/talkpal.ai\/vocabulary_language\/thai\/\">\r\n            <div class=\"learnNavigationWrapper\">\r\n                <div class=\"learnNavigationContent\">\r\n                    <img decoding=\"async\" src=\"https:\/\/talkpal.ai\/wp-content\/uploads\/2024\/08\/Thai.jpg\" alt=\"Thai Flag\">\r\n                    <div>\r\n                        <h4>Fjalori tajlandez<\/h4>\r\n                        <p>Zgjeroni fjalorin tuaj tajlandez.<\/p>\r\n                    <\/div>\r\n                <\/div>\r\n            <\/div>\r\n        <\/a>\r\n\r\n            <\/section>","protected":false},"excerpt":{"rendered":"<p>Temat e gramatik\u00ebs tajlandeze M\u00ebsimi i gjuh\u00ebs tajlandeze mund t\u00eb jet\u00eb nj\u00eb udh\u00ebtim magjeps\u00ebs. Megjithat\u00eb, \u00ebsht\u00eb thelb\u00ebsore t\u00eb kuptoni gramatik\u00ebn tajlandeze p\u00ebr t\u00eb kuptuar plot\u00ebsisht gjuh\u00ebn dhe p\u00ebr t&#8217;u b\u00ebr\u00eb i rrjedhsh\u00ebm. Lista e m\u00ebposhtme ofron nj\u00eb sekuenc\u00eb t\u00eb temave t\u00eb gramatik\u00ebs tajlandeze p\u00ebr t&#8217;u marr\u00eb parasysh kur m\u00ebsoni gjuh\u00ebn. Kjo list\u00eb fillon me tema [&hellip;]<\/p>\n","protected":false},"author":6,"featured_media":1442748,"parent":0,"menu_order":0,"comment_status":"closed","ping_status":"closed","template":"LearningContentPage.php","meta":{"_acf_changed":false,"footnotes":""},"class_list":["post-1447036","page","type-page","status-publish","has-post-thumbnail","hentry"],"acf":[],"yoast_head":"<!-- This site is optimized with the Yoast SEO Premium plugin v27.2 (Yoast SEO v27.2) - https:\/\/yoast.com\/product\/yoast-seo-premium-wordpress\/ -->\n<title>Ushtrimet e gramatik\u00ebs tajlandeze - Talkpal<\/title>\n<meta name=\"description\" content=\"P\u00ebrmir\u00ebsoni aft\u00ebsit\u00eb tuaja gjuh\u00ebsore tajlandeze me ushtrimet tona t\u00eb gramatik\u00ebs tajlandeze dhe filloni t\u00eb zot\u00ebroni blloqet nd\u00ebrtuese t\u00eb gjuh\u00ebs.\" \/>\n<meta name=\"robots\" content=\"index, follow, max-snippet:-1, max-image-preview:large, max-video-preview:-1\" \/>\n<link rel=\"canonical\" href=\"https:\/\/talkpal.ai\/sq\/ushtrimet-e-gramatikes-tajlandeze\/\" \/>\n<meta property=\"og:locale\" content=\"sq_AL\" \/>\n<meta property=\"og:type\" content=\"article\" \/>\n<meta property=\"og:title\" content=\"Ushtrimet e gramatik\u00ebs tajlandeze\" \/>\n<meta property=\"og:description\" content=\"Temat e gramatik\u00ebs tajlandeze M\u00ebsimi i gjuh\u00ebs tajlandeze mund t\u00eb jet\u00eb nj\u00eb udh\u00ebtim magjeps\u00ebs. Megjithat\u00eb, \u00ebsht\u00eb thelb\u00ebsore t\u00eb kuptoni gramatik\u00ebn tajlandeze\" \/>\n<meta property=\"og:url\" content=\"https:\/\/talkpal.ai\/sq\/ushtrimet-e-gramatikes-tajlandeze\/\" \/>\n<meta property=\"og:site_name\" content=\"Talkpal\" \/>\n<meta property=\"article:publisher\" content=\"https:\/\/www.facebook.com\/profile.php?id=100090733639311\" \/>\n<meta property=\"article:modified_time\" content=\"2025-12-17T14:59:11+00:00\" \/>\n<meta property=\"og:image\" content=\"https:\/\/talkpal.ai\/wp-content\/uploads\/2023\/05\/thailand.png\" \/>\n\t<meta property=\"og:image:width\" content=\"512\" \/>\n\t<meta property=\"og:image:height\" content=\"512\" \/>\n\t<meta property=\"og:image:type\" content=\"image\/png\" \/>\n<meta name=\"twitter:card\" content=\"summary_large_image\" \/>\n<meta name=\"twitter:site\" content=\"@talkpalai\" \/>\n<meta name=\"twitter:label1\" content=\"Est. reading time\" \/>\n\t<meta name=\"twitter:data1\" content=\"3 minutes\" \/>\n<script type=\"application\/ld+json\" class=\"yoast-schema-graph\">{\"@context\":\"https:\/\/schema.org\",\"@graph\":[{\"@type\":\"WebPage\",\"@id\":\"https:\/\/talkpal.ai\/sq\/ushtrimet-e-gramatikes-tajlandeze\/\",\"url\":\"https:\/\/talkpal.ai\/sq\/ushtrimet-e-gramatikes-tajlandeze\/\",\"name\":\"Ushtrimet e gramatik\u00ebs tajlandeze - Talkpal\",\"isPartOf\":{\"@id\":\"https:\/\/talkpal.ai\/sq\/#website\"},\"primaryImageOfPage\":{\"@id\":\"https:\/\/talkpal.ai\/sq\/ushtrimet-e-gramatikes-tajlandeze\/#primaryimage\"},\"image\":{\"@id\":\"https:\/\/talkpal.ai\/sq\/ushtrimet-e-gramatikes-tajlandeze\/#primaryimage\"},\"thumbnailUrl\":\"https:\/\/talkpal.ai\/wp-content\/uploads\/2023\/05\/thailand.png\",\"datePublished\":\"2023-07-05T10:24:06+00:00\",\"dateModified\":\"2025-12-17T14:59:11+00:00\",\"description\":\"P\u00ebrmir\u00ebsoni aft\u00ebsit\u00eb tuaja gjuh\u00ebsore tajlandeze me ushtrimet tona t\u00eb gramatik\u00ebs tajlandeze dhe filloni t\u00eb zot\u00ebroni blloqet nd\u00ebrtuese t\u00eb gjuh\u00ebs.\",\"breadcrumb\":{\"@id\":\"https:\/\/talkpal.ai\/sq\/ushtrimet-e-gramatikes-tajlandeze\/#breadcrumb\"},\"inLanguage\":\"sq-AL\",\"potentialAction\":[{\"@type\":\"ReadAction\",\"target\":[\"https:\/\/talkpal.ai\/sq\/ushtrimet-e-gramatikes-tajlandeze\/\"]}]},{\"@type\":\"ImageObject\",\"inLanguage\":\"sq-AL\",\"@id\":\"https:\/\/talkpal.ai\/sq\/ushtrimet-e-gramatikes-tajlandeze\/#primaryimage\",\"url\":\"https:\/\/talkpal.ai\/wp-content\/uploads\/2023\/05\/thailand.png\",\"contentUrl\":\"https:\/\/talkpal.ai\/wp-content\/uploads\/2023\/05\/thailand.png\",\"width\":512,\"height\":512,\"caption\":\"TalkPal Thailand Flag\"},{\"@type\":\"BreadcrumbList\",\"@id\":\"https:\/\/talkpal.ai\/sq\/ushtrimet-e-gramatikes-tajlandeze\/#breadcrumb\",\"itemListElement\":[{\"@type\":\"ListItem\",\"position\":1,\"name\":\"Homepage\",\"item\":\"https:\/\/talkpal.ai\/sq\/\"},{\"@type\":\"ListItem\",\"position\":2,\"name\":\"Ushtrimet e gramatik\u00ebs tajlandeze\"}]},{\"@type\":\"WebSite\",\"@id\":\"https:\/\/talkpal.ai\/sq\/#website\",\"url\":\"https:\/\/talkpal.ai\/sq\/\",\"name\":\"Talkpal\",\"description\":\"AI Language Learning\",\"publisher\":{\"@id\":\"https:\/\/talkpal.ai\/sq\/#organization\"},\"alternateName\":\"Talkpal AI\",\"potentialAction\":[{\"@type\":\"SearchAction\",\"target\":{\"@type\":\"EntryPoint\",\"urlTemplate\":\"https:\/\/talkpal.ai\/sq\/?s={search_term_string}\"},\"query-input\":{\"@type\":\"PropertyValueSpecification\",\"valueRequired\":true,\"valueName\":\"search_term_string\"}}],\"inLanguage\":\"sq-AL\"},{\"@type\":\"Organization\",\"@id\":\"https:\/\/talkpal.ai\/sq\/#organization\",\"name\":\"Talkpal, Inc.\",\"alternateName\":\"Talkpal AI\",\"url\":\"https:\/\/talkpal.ai\/sq\/\",\"logo\":{\"@type\":\"ImageObject\",\"inLanguage\":\"sq-AL\",\"@id\":\"https:\/\/talkpal.ai\/sq\/#\/schema\/logo\/image\/\",\"url\":\"https:\/\/talkpal.ai\/wp-content\/uploads\/2024\/03\/Talkpal-Logo-Icon.png\",\"contentUrl\":\"https:\/\/talkpal.ai\/wp-content\/uploads\/2024\/03\/Talkpal-Logo-Icon.png\",\"width\":2880,\"height\":2880,\"caption\":\"Talkpal, Inc.\"},\"image\":{\"@id\":\"https:\/\/talkpal.ai\/sq\/#\/schema\/logo\/image\/\"},\"sameAs\":[\"https:\/\/www.facebook.com\/profile.php?id=100090733639311\",\"https:\/\/x.com\/talkpalai\",\"https:\/\/www.linkedin.com\/company\/talkpal\/\",\"https:\/\/www.youtube.com\/@TalkPal\/\",\"https:\/\/www.tiktok.com\/@talkpal\",\"https:\/\/www.instagram.com\/talkpal_ai\/\",\"https:\/\/www.crunchbase.com\/organization\/talkpal-9cde\",\"https:\/\/www.g2.com\/products\/talkpal-for-business\/\",\"https:\/\/www.trustpilot.com\/review\/talkpal.ai\",\"https:\/\/www.capterra.com\/p\/10006800\/TalkPal\/\"],\"description\":\"Talkpal is a language learning web and mobile education app, powered by the latest AI technologies, that provides engaging experiences to its customers in many different languages to help them improve their language skills. Users can chat about unlimited amount of topics with the app and use other modes to practice their language learning.\",\"email\":\"support@talkpal.ai\",\"legalName\":\"Talkpal, Inc.\",\"foundingDate\":\"2023-04-03\",\"duns\":\"118989042\",\"numberOfEmployees\":{\"@type\":\"QuantitativeValue\",\"minValue\":\"11\",\"maxValue\":\"50\"},\"publishingPrinciples\":\"https:\/\/talkpal.ai\/publishing-principles\/\",\"actionableFeedbackPolicy\":\"https:\/\/talkpal.ai\/actionable-feedback-policy\/\",\"correctionsPolicy\":\"https:\/\/talkpal.ai\/corrections-policy\/\",\"ethicsPolicy\":\"https:\/\/talkpal.ai\/ethics-policy\/\",\"diversityPolicy\":\"https:\/\/talkpal.ai\/diversity-policy\/\",\"diversityStaffingReport\":\"https:\/\/talkpal.ai\/diversity-policy\/\"}]}<\/script>\n<!-- \/ Yoast SEO Premium plugin. -->","yoast_head_json":{"title":"Ushtrimet e gramatik\u00ebs tajlandeze - Talkpal","description":"P\u00ebrmir\u00ebsoni aft\u00ebsit\u00eb tuaja gjuh\u00ebsore tajlandeze me ushtrimet tona t\u00eb gramatik\u00ebs tajlandeze dhe filloni t\u00eb zot\u00ebroni blloqet nd\u00ebrtuese t\u00eb gjuh\u00ebs.","robots":{"index":"index","follow":"follow","max-snippet":"max-snippet:-1","max-image-preview":"max-image-preview:large","max-video-preview":"max-video-preview:-1"},"canonical":"https:\/\/talkpal.ai\/sq\/ushtrimet-e-gramatikes-tajlandeze\/","og_locale":"sq_AL","og_type":"article","og_title":"Ushtrimet e gramatik\u00ebs tajlandeze","og_description":"Temat e gramatik\u00ebs tajlandeze M\u00ebsimi i gjuh\u00ebs tajlandeze mund t\u00eb jet\u00eb nj\u00eb udh\u00ebtim magjeps\u00ebs. Megjithat\u00eb, \u00ebsht\u00eb thelb\u00ebsore t\u00eb kuptoni gramatik\u00ebn tajlandeze","og_url":"https:\/\/talkpal.ai\/sq\/ushtrimet-e-gramatikes-tajlandeze\/","og_site_name":"Talkpal","article_publisher":"https:\/\/www.facebook.com\/profile.php?id=100090733639311","article_modified_time":"2025-12-17T14:59:11+00:00","og_image":[{"width":512,"height":512,"url":"https:\/\/talkpal.ai\/wp-content\/uploads\/2023\/05\/thailand.png","type":"image\/png"}],"twitter_card":"summary_large_image","twitter_site":"@talkpalai","twitter_misc":{"Est. reading time":"3 minutes"},"schema":{"@context":"https:\/\/schema.org","@graph":[{"@type":"WebPage","@id":"https:\/\/talkpal.ai\/sq\/ushtrimet-e-gramatikes-tajlandeze\/","url":"https:\/\/talkpal.ai\/sq\/ushtrimet-e-gramatikes-tajlandeze\/","name":"Ushtrimet e gramatik\u00ebs tajlandeze - Talkpal","isPartOf":{"@id":"https:\/\/talkpal.ai\/sq\/#website"},"primaryImageOfPage":{"@id":"https:\/\/talkpal.ai\/sq\/ushtrimet-e-gramatikes-tajlandeze\/#primaryimage"},"image":{"@id":"https:\/\/talkpal.ai\/sq\/ushtrimet-e-gramatikes-tajlandeze\/#primaryimage"},"thumbnailUrl":"https:\/\/talkpal.ai\/wp-content\/uploads\/2023\/05\/thailand.png","datePublished":"2023-07-05T10:24:06+00:00","dateModified":"2025-12-17T14:59:11+00:00","description":"P\u00ebrmir\u00ebsoni aft\u00ebsit\u00eb tuaja gjuh\u00ebsore tajlandeze me ushtrimet tona t\u00eb gramatik\u00ebs tajlandeze dhe filloni t\u00eb zot\u00ebroni blloqet nd\u00ebrtuese t\u00eb gjuh\u00ebs.","breadcrumb":{"@id":"https:\/\/talkpal.ai\/sq\/ushtrimet-e-gramatikes-tajlandeze\/#breadcrumb"},"inLanguage":"sq-AL","potentialAction":[{"@type":"ReadAction","target":["https:\/\/talkpal.ai\/sq\/ushtrimet-e-gramatikes-tajlandeze\/"]}]},{"@type":"ImageObject","inLanguage":"sq-AL","@id":"https:\/\/talkpal.ai\/sq\/ushtrimet-e-gramatikes-tajlandeze\/#primaryimage","url":"https:\/\/talkpal.ai\/wp-content\/uploads\/2023\/05\/thailand.png","contentUrl":"https:\/\/talkpal.ai\/wp-content\/uploads\/2023\/05\/thailand.png","width":512,"height":512,"caption":"TalkPal Thailand Flag"},{"@type":"BreadcrumbList","@id":"https:\/\/talkpal.ai\/sq\/ushtrimet-e-gramatikes-tajlandeze\/#breadcrumb","itemListElement":[{"@type":"ListItem","position":1,"name":"Homepage","item":"https:\/\/talkpal.ai\/sq\/"},{"@type":"ListItem","position":2,"name":"Ushtrimet e gramatik\u00ebs tajlandeze"}]},{"@type":"WebSite","@id":"https:\/\/talkpal.ai\/sq\/#website","url":"https:\/\/talkpal.ai\/sq\/","name":"Talkpal","description":"AI Language Learning","publisher":{"@id":"https:\/\/talkpal.ai\/sq\/#organization"},"alternateName":"Talkpal AI","potentialAction":[{"@type":"SearchAction","target":{"@type":"EntryPoint","urlTemplate":"https:\/\/talkpal.ai\/sq\/?s={search_term_string}"},"query-input":{"@type":"PropertyValueSpecification","valueRequired":true,"valueName":"search_term_string"}}],"inLanguage":"sq-AL"},{"@type":"Organization","@id":"https:\/\/talkpal.ai\/sq\/#organization","name":"Talkpal, Inc.","alternateName":"Talkpal AI","url":"https:\/\/talkpal.ai\/sq\/","logo":{"@type":"ImageObject","inLanguage":"sq-AL","@id":"https:\/\/talkpal.ai\/sq\/#\/schema\/logo\/image\/","url":"https:\/\/talkpal.ai\/wp-content\/uploads\/2024\/03\/Talkpal-Logo-Icon.png","contentUrl":"https:\/\/talkpal.ai\/wp-content\/uploads\/2024\/03\/Talkpal-Logo-Icon.png","width":2880,"height":2880,"caption":"Talkpal, Inc."},"image":{"@id":"https:\/\/talkpal.ai\/sq\/#\/schema\/logo\/image\/"},"sameAs":["https:\/\/www.facebook.com\/profile.php?id=100090733639311","https:\/\/x.com\/talkpalai","https:\/\/www.linkedin.com\/company\/talkpal\/","https:\/\/www.youtube.com\/@TalkPal\/","https:\/\/www.tiktok.com\/@talkpal","https:\/\/www.instagram.com\/talkpal_ai\/","https:\/\/www.crunchbase.com\/organization\/talkpal-9cde","https:\/\/www.g2.com\/products\/talkpal-for-business\/","https:\/\/www.trustpilot.com\/review\/talkpal.ai","https:\/\/www.capterra.com\/p\/10006800\/TalkPal\/"],"description":"Talkpal is a language learning web and mobile education app, powered by the latest AI technologies, that provides engaging experiences to its customers in many different languages to help them improve their language skills. Users can chat about unlimited amount of topics with the app and use other modes to practice their language learning.","email":"support@talkpal.ai","legalName":"Talkpal, Inc.","foundingDate":"2023-04-03","duns":"118989042","numberOfEmployees":{"@type":"QuantitativeValue","minValue":"11","maxValue":"50"},"publishingPrinciples":"https:\/\/talkpal.ai\/publishing-principles\/","actionableFeedbackPolicy":"https:\/\/talkpal.ai\/actionable-feedback-policy\/","correctionsPolicy":"https:\/\/talkpal.ai\/corrections-policy\/","ethicsPolicy":"https:\/\/talkpal.ai\/ethics-policy\/","diversityPolicy":"https:\/\/talkpal.ai\/diversity-policy\/","diversityStaffingReport":"https:\/\/talkpal.ai\/diversity-policy\/"}]}},"_links":{"self":[{"href":"https:\/\/talkpal.ai\/sq\/wp-json\/wp\/v2\/pages\/1447036","targetHints":{"allow":["GET"]}}],"collection":[{"href":"https:\/\/talkpal.ai\/sq\/wp-json\/wp\/v2\/pages"}],"about":[{"href":"https:\/\/talkpal.ai\/sq\/wp-json\/wp\/v2\/types\/page"}],"author":[{"embeddable":true,"href":"https:\/\/talkpal.ai\/sq\/wp-json\/wp\/v2\/users\/6"}],"replies":[{"embeddable":true,"href":"https:\/\/talkpal.ai\/sq\/wp-json\/wp\/v2\/comments?post=1447036"}],"version-history":[{"count":0,"href":"https:\/\/talkpal.ai\/sq\/wp-json\/wp\/v2\/pages\/1447036\/revisions"}],"wp:featuredmedia":[{"embeddable":true,"href":"https:\/\/talkpal.ai\/sq\/wp-json\/wp\/v2\/media\/1442748"}],"wp:attachment":[{"href":"https:\/\/talkpal.ai\/sq\/wp-json\/wp\/v2\/media?parent=1447036"}],"curies":[{"name":"wp","href":"https:\/\/api.w.org\/{rel}","templated":true}]}}