{"id":1447030,"date":"2023-07-05T10:41:01","date_gmt":"2023-07-05T10:41:01","guid":{"rendered":"https:\/\/talkpal.ai\/ushtrimet-e-gramatikes-urdu\/"},"modified":"2025-12-17T14:42:14","modified_gmt":"2025-12-17T14:42:14","slug":"ushtrimet-e-gramatikes-urdu","status":"publish","type":"page","link":"https:\/\/talkpal.ai\/sq\/ushtrimet-e-gramatikes-urdu\/","title":{"rendered":"Ushtrimet e gramatik\u00ebs urdu"},"content":{"rendered":"\r\n\r\n\r\n<section class=\"languageChallengeSection\">\r\n    <div class=\"languageInfoWrapper\">\r\n        \r\n        <h1>Ushtrimet e gramatik\u00ebs urdu<\/h1>\r\n        <p>D\u00ebshironi t\u00eb ndiheni m\u00eb t\u00eb sigurt duke p\u00ebrdorur <a href=\"https:\/\/talkpal.ai\/learn-urdu\/\">Urdu<\/a>? Praktikimi i ushtrimeve gramatikore \u00ebsht\u00eb nj\u00eb m\u00ebnyr\u00eb e shk\u00eblqyer p\u00ebr t\u00eb zot\u00ebruar struktur\u00ebn e fjalis\u00eb, format e foljeve dhe ve\u00e7orit\u00eb unike t\u00eb gjuh\u00ebs Urdu. Filloni t\u00eb punoni n\u00eb gramatik\u00ebn tuaj Urdu sot dhe shikoni t\u00eb kuptuarit dhe rrjedhshm\u00ebrin\u00eb tuaj t\u00eb p\u00ebrmir\u00ebsohen me \u00e7do ushtrim!<\/p>\r\n\r\n                            <a class=\"getStartedHidden\" href=\"https:\/\/app.talkpal.ai\/signup?lng=\">Filloni<\/a>\r\n        \r\n    <\/div>\r\n\r\n    <figure>\r\n    <img decoding=\"async\" width=\"768\" height=\"768\" src=\"https:\/\/talkpal.ai\/wp-content\/uploads\/2023\/06\/urdu-768x768.png\" class=\"languageImage no-lazy\" alt=\"Language learning for global understanding\" fetchpriority=\"high\" sizes=\"(max-width: 768px) 150px, 768px\" srcset=\"https:\/\/talkpal.ai\/wp-content\/uploads\/2023\/06\/urdu-768x768.png 768w, https:\/\/talkpal.ai\/wp-content\/uploads\/2023\/06\/urdu-300x300.png 300w\" \/>\r\n    \r\n\r\n    <\/figure>\r\n\r\n            <a class=\"getStartedVisible\" href=\"https:\/\/app.talkpal.ai\/signup?lng=\">Filloni<\/a>\r\n    \r\n<\/section>\r\n\r\n\r\n<!-- <section class=\"grammarSection\">\r\n    <div class=\"grammarLinks\">\r\n            <\/div>\r\n<\/section> -->\r\n\r\n\r\n\r\n\r\n<section class=\"promotionalBanner\">\r\n    <p class=\"promotionalText\">M\u00ebnyra m\u00eb efikase p\u00ebr t\u00eb m\u00ebsuar nj\u00eb gjuh\u00eb<\/p>\r\n    <a class=\"promotionalLink\" href=\"https:\/\/app.talkpal.ai\/signup?lng=\">Provoni Talkpal falas<\/a>\r\n<\/section>\n<div class=\"wp-block-group pageContainerStyle\"><div class=\"wp-block-group__inner-container is-layout-constrained wp-block-group-is-layout-constrained\">\n<h2 class=\"wp-block-heading\" id=\"h-urdu-grammar-topics\">Temat e gramatik\u00ebs Urdu<\/h2>\n\n\n\n<p>M\u00ebsimi i Urdu, nj\u00eb gjuh\u00eb e pasuruar me shprehje t\u00eb ndryshme, kuptime t\u00eb thella dhe nj\u00eb struktur\u00eb t\u00eb nd\u00ebrlikuar gramatikore, mund t\u00eb jet\u00eb nj\u00eb udh\u00ebtim magjeps\u00ebs. Megjithat\u00eb, zot\u00ebrimi i gramatik\u00ebs s\u00eb tij k\u00ebrkon nj\u00eb qasje sistematike. M\u00eb posht\u00eb \u00ebsht\u00eb nj\u00eb sekuenc\u00eb e propozuar dhe p\u00ebrshkrim i shkurt\u00ebr i temave t\u00eb gramatik\u00ebs Urdu p\u00ebr t&#8217;ju ndihmuar t\u00eb m\u00ebsoni gjuh\u00ebn me leht\u00ebsi dhe efikasitet.<\/p>\n\n\n\n<h3 class=\"wp-block-heading\" id=\"h-1-nouns\">1. Emrat:<\/h3>\n\n\n\n<p>Filloni me identifikimin e emrave ose &#8220;iz\u00ebm&#8221; n\u00eb Urdu, duke kuptuar <a href=\"https:\/\/talkpal.ai\/culture\/what-is-the-difference-between-se-and-si\/\">se si<\/a> ato formojn\u00eb themelin e fjalive. M\u00ebsoni t\u00eb identifikoni emrat e zakonsh\u00ebm, t\u00eb duhur, t\u00eb num\u00ebruesh\u00ebm dhe t\u00eb panum\u00ebruesh\u00ebm.<\/p>\n\n\n\n<h3 class=\"wp-block-heading\" id=\"h-2-pronouns-determiners\">2. P\u00ebremrat\/p\u00ebrcaktuesit:<\/h3>\n\n\n\n<p>L\u00ebvizni pran\u00eb p\u00ebremrave ose &#8220;zaameer&#8221; dhe p\u00ebrcaktuesve ose &#8220;muarref&#8221;. Ato z\u00ebvend\u00ebsojn\u00eb emrat n\u00eb nj\u00eb fjali dhe tregojn\u00eb p\u00ebrkat\u00ebsisht zot\u00ebrimin, sasin\u00eb ose identitetin.<\/p>\n\n\n\n<h3 class=\"wp-block-heading\" id=\"h-3-articles\">3. Artikujt:<\/h3>\n\n\n\n<p>N\u00eb Urdu, koncepti i artikujve nuk \u00ebsht\u00eb aq i spikatur sa n\u00eb <a href=\"https:\/\/talkpal.ai\/learn-english-with-ai\/\">anglisht<\/a>. Megjithat\u00eb, t\u00eb kuptuarit e ekzistenc\u00ebs s\u00eb <a href=\"https:\/\/talkpal.ai\/locations\/language-courses-in-tyre\/\">tyre<\/a> delikate n\u00eb form\u00ebn e postimeve t\u00eb caktuara \u00ebsht\u00eb e r\u00ebnd\u00ebsishme.<\/p>\n\n\n\n<h3 class=\"wp-block-heading\" id=\"h-4-adjectives\">4. Mbiemra:<\/h3>\n\n\n\n<p>Mbiemrat ose &#8220;shoshja&#8221; p\u00ebrshkruajn\u00eb ose modifikojn\u00eb emrat. M\u00ebsoni vendosjen e tyre n\u00eb fjali dhe marr\u00ebveshjen e tyre me emrat q\u00eb modifikojn\u00eb.<\/p>\n\n\n\n<h3 class=\"wp-block-heading\" id=\"h-5-verbs\">5. Foljet:<\/h3>\n\n\n\n<p>Foljet ose &#8220;d\u00ebshtojn\u00eb&#8221; jan\u00eb themelore p\u00ebr struktur\u00ebn e fjalis\u00eb. M\u00ebsoni llojet e ndryshme t\u00eb foljeve dhe rregullat e tyre t\u00eb konjugimit.<\/p>\n\n\n\n<h3 class=\"wp-block-heading\" id=\"h-6-adverbs\">6. Ndajfoljet:<\/h3>\n\n\n\n<p>Ndajfoljet ose &#8220;h\u0101l&#8221; modifikojn\u00eb foljet, mbiemrat ose ndajfoljet e tjera. Kuptoni vendosjen e tyre dhe llojet e ndryshme.<\/p>\n\n\n\n<h3 class=\"wp-block-heading\" id=\"h-7-prepositions\">7. Parafjal\u00ebt:<\/h3>\n\n\n\n<p>Parafjal\u00ebt ose &#8220;harf-e-jarr&#8221; lidhin emrat ose p\u00ebremrat me fjal\u00eb t\u00eb tjera n\u00eb nj\u00eb fjali. Ato shprehin marr\u00ebdh\u00ebnie t\u00eb ndryshme si drejtimi, vendndodhja, koha, shkaku, m\u00ebnyra dhe sasia.<\/p>\n\n\n\n<h3 class=\"wp-block-heading\" id=\"h-8-tenses\">8. Koh\u00ebt:<\/h3>\n\n\n\n<p>Koh\u00ebt ose &#8220;zam\u0101n&#8221; tregojn\u00eb kur ndodh nj\u00eb veprim. Ekzistojn\u00eb tre koh\u00eb themelore n\u00eb Urdu: E kaluara, e tashmja dhe e ardhmja, secila me n\u00ebntipet e veta.<\/p>\n\n\n\n<h3 class=\"wp-block-heading\" id=\"h-9-tense-comparison\">9. Krahasimi i tensionit:<\/h3>\n\n\n\n<p>M\u00ebsoni t\u00eb krahasoni koh\u00ebt p\u00ebr t\u00eb kuptuar ndryshimet delikate n\u00eb kuptim midis strukturave t\u00eb ngjashme t\u00eb fjalive n\u00eb koh\u00eb t\u00eb ndryshme.<\/p>\n\n\n\n<h3 class=\"wp-block-heading\" id=\"h-10-progressive\">10. Progresive:<\/h3>\n\n\n\n<p>Koha progresive tregon veprime t\u00eb vazhdueshme. Ky koncept shprehet n\u00eb Urdu p\u00ebrmes p\u00ebrdorimit t\u00eb foljeve ndihm\u00ebse.<\/p>\n\n\n\n<h3 class=\"wp-block-heading\" id=\"h-11-perfect-progressive\">11. Progresiv i p\u00ebrsosur:<\/h3>\n\n\n\n<p>Koha progresive e p\u00ebrsosur shpreh nj\u00eb veprim q\u00eb filloi n\u00eb t\u00eb kaluar\u00ebn, vazhdoi p\u00ebr disa koh\u00eb dhe mund t\u00eb ndodh\u00eb ende. N\u00eb Urdu, kjo shprehet p\u00ebrmes nj\u00eb kombinimi t\u00eb foljeve ndihm\u00ebse.<\/p>\n\n\n\n<h3 class=\"wp-block-heading\" id=\"h-12-conditionals\">12. Kusht\u00ebzuese:<\/h3>\n\n\n\n<p>Kusht\u00ebzimet ose &#8220;shartia&#8221; shprehin situata hipotetike dhe rezultatet e tyre t\u00eb mundshme. K\u00ebto fjali komplekse k\u00ebrkojn\u00eb nj\u00eb zot\u00ebrim t\u00eb mir\u00eb t\u00eb foljeve dhe koh\u00ebve.<\/p>\n\n\n\n<h3 class=\"wp-block-heading\" id=\"h-13-sentences\">13. Fjalit\u00eb:<\/h3>\n\n\n\n<p>S\u00eb fundi, zbatoni t\u00eb gjitha k\u00ebto koncepte p\u00ebr t\u00eb formuar fjali ose &#8220;jumley&#8221;. Kuptoni llojet e ndryshme t\u00eb fjalive dhe struktur\u00ebn e tyre n\u00eb Urdu.<\/p>\n<\/div><\/div>\n\r\n<section class=\"learnNavigationSection\">\r\n            \r\n        <a href=\"https:\/\/talkpal.ai\/sq\/meso-urdu\/\">\r\n            <div class=\"learnNavigationWrapper\">\r\n                <div class=\"learnNavigationContent\">\r\n                    <img decoding=\"async\" src=\"https:\/\/talkpal.ai\/wp-content\/uploads\/2024\/08\/Urdu.jpg\" alt=\"Pakistani Flag\">\r\n                    <div>\r\n                        <h4>Rreth m\u00ebsimit t\u00eb Urdu<\/h4>\r\n                        <p>M\u00ebsoni gjith\u00e7ka rreth gramatik\u00ebs Urdu.<\/p>\r\n                    <\/div>\r\n                <\/div>\r\n            <\/div>\r\n        <\/a>\r\n\r\n        \r\n        <a href=\"https:\/\/talkpal.ai\/sq\/gramatika-urdu\/\">\r\n            <div class=\"learnNavigationWrapper\">\r\n                <div class=\"learnNavigationContent\">\r\n                    <img decoding=\"async\" src=\"https:\/\/talkpal.ai\/wp-content\/uploads\/2024\/08\/Urdu.jpg\" alt=\"Pakistani Flag\">\r\n                    <div>\r\n                        <h4>M\u00ebsimet e gramatik\u00ebs Urdu<\/h4>\r\n                        <p>Praktikoni gramatik\u00ebn Urdu.<\/p>\r\n                    <\/div>\r\n                <\/div>\r\n            <\/div>\r\n        <\/a>\r\n\r\n        \r\n        <a href=\"https:\/\/talkpal.ai\/vocabulary_language\/urdu\/\">\r\n            <div class=\"learnNavigationWrapper\">\r\n                <div class=\"learnNavigationContent\">\r\n                    <img decoding=\"async\" src=\"https:\/\/talkpal.ai\/wp-content\/uploads\/2024\/08\/Urdu.jpg\" alt=\"Pakistani Flag\">\r\n                    <div>\r\n                        <h4>Fjalori Urdu<\/h4>\r\n                        <p>Zgjeroni fjalorin tuaj Urdu.<\/p>\r\n                    <\/div>\r\n                <\/div>\r\n            <\/div>\r\n        <\/a>\r\n\r\n            <\/section>","protected":false},"excerpt":{"rendered":"<p>Temat e gramatik\u00ebs Urdu M\u00ebsimi i Urdu, nj\u00eb gjuh\u00eb e pasuruar me shprehje t\u00eb ndryshme, kuptime t\u00eb thella dhe nj\u00eb struktur\u00eb t\u00eb nd\u00ebrlikuar gramatikore, mund t\u00eb jet\u00eb nj\u00eb udh\u00ebtim magjeps\u00ebs. Megjithat\u00eb, zot\u00ebrimi i gramatik\u00ebs s\u00eb tij k\u00ebrkon nj\u00eb qasje sistematike. M\u00eb posht\u00eb \u00ebsht\u00eb nj\u00eb sekuenc\u00eb e propozuar dhe p\u00ebrshkrim i shkurt\u00ebr i temave t\u00eb gramatik\u00ebs [&hellip;]<\/p>\n","protected":false},"author":6,"featured_media":1442777,"parent":0,"menu_order":0,"comment_status":"closed","ping_status":"closed","template":"LearningContentPage.php","meta":{"_acf_changed":false,"footnotes":""},"class_list":["post-1447030","page","type-page","status-publish","has-post-thumbnail","hentry"],"acf":[],"yoast_head":"<!-- This site is optimized with the Yoast SEO Premium plugin v27.2 (Yoast SEO v27.2) - https:\/\/yoast.com\/product\/yoast-seo-premium-wordpress\/ -->\n<title>Ushtrimet e gramatik\u00ebs urdu - Talkpal<\/title>\n<meta name=\"description\" content=\"Zot\u00ebroni Urdu me ushtrimet tona gjith\u00ebp\u00ebrfshir\u00ebse t\u00eb gramatik\u00ebs Urdu p\u00ebr t\u00eb rritur t\u00eb kuptuarit tuaj t\u00eb emrave, p\u00ebremrave dhe m\u00eb shum\u00eb.\" \/>\n<meta name=\"robots\" content=\"index, follow, max-snippet:-1, max-image-preview:large, max-video-preview:-1\" \/>\n<link rel=\"canonical\" href=\"https:\/\/talkpal.ai\/sq\/ushtrimet-e-gramatikes-urdu\/\" \/>\n<meta property=\"og:locale\" content=\"sq_AL\" \/>\n<meta property=\"og:type\" content=\"article\" \/>\n<meta property=\"og:title\" content=\"Ushtrimet e gramatik\u00ebs urdu\" \/>\n<meta property=\"og:description\" content=\"Temat e gramatik\u00ebs Urdu M\u00ebsimi i Urdu, nj\u00eb gjuh\u00eb e pasuruar me shprehje t\u00eb ndryshme, kuptime t\u00eb thella dhe nj\u00eb struktur\u00eb t\u00eb nd\u00ebrlikuar gramatikore, mund\" \/>\n<meta property=\"og:url\" content=\"https:\/\/talkpal.ai\/sq\/ushtrimet-e-gramatikes-urdu\/\" \/>\n<meta property=\"og:site_name\" content=\"Talkpal\" \/>\n<meta property=\"article:publisher\" content=\"https:\/\/www.facebook.com\/profile.php?id=100090733639311\" \/>\n<meta property=\"article:modified_time\" content=\"2025-12-17T14:42:14+00:00\" \/>\n<meta property=\"og:image\" content=\"https:\/\/talkpal.ai\/wp-content\/uploads\/2023\/05\/Urdu-pakistan.png\" \/>\n\t<meta property=\"og:image:width\" content=\"512\" \/>\n\t<meta property=\"og:image:height\" content=\"512\" \/>\n\t<meta property=\"og:image:type\" content=\"image\/png\" \/>\n<meta name=\"twitter:card\" content=\"summary_large_image\" \/>\n<meta name=\"twitter:site\" content=\"@talkpalai\" \/>\n<meta name=\"twitter:label1\" content=\"Est. reading time\" \/>\n\t<meta name=\"twitter:data1\" content=\"2 minutes\" \/>\n<script type=\"application\/ld+json\" class=\"yoast-schema-graph\">{\"@context\":\"https:\/\/schema.org\",\"@graph\":[{\"@type\":\"WebPage\",\"@id\":\"https:\/\/talkpal.ai\/sq\/ushtrimet-e-gramatikes-urdu\/\",\"url\":\"https:\/\/talkpal.ai\/sq\/ushtrimet-e-gramatikes-urdu\/\",\"name\":\"Ushtrimet e gramatik\u00ebs urdu - Talkpal\",\"isPartOf\":{\"@id\":\"https:\/\/talkpal.ai\/sq\/#website\"},\"primaryImageOfPage\":{\"@id\":\"https:\/\/talkpal.ai\/sq\/ushtrimet-e-gramatikes-urdu\/#primaryimage\"},\"image\":{\"@id\":\"https:\/\/talkpal.ai\/sq\/ushtrimet-e-gramatikes-urdu\/#primaryimage\"},\"thumbnailUrl\":\"https:\/\/talkpal.ai\/wp-content\/uploads\/2023\/05\/Urdu-pakistan.png\",\"datePublished\":\"2023-07-05T10:41:01+00:00\",\"dateModified\":\"2025-12-17T14:42:14+00:00\",\"description\":\"Zot\u00ebroni Urdu me ushtrimet tona gjith\u00ebp\u00ebrfshir\u00ebse t\u00eb gramatik\u00ebs Urdu p\u00ebr t\u00eb rritur t\u00eb kuptuarit tuaj t\u00eb emrave, p\u00ebremrave dhe m\u00eb shum\u00eb.\",\"breadcrumb\":{\"@id\":\"https:\/\/talkpal.ai\/sq\/ushtrimet-e-gramatikes-urdu\/#breadcrumb\"},\"inLanguage\":\"sq-AL\",\"potentialAction\":[{\"@type\":\"ReadAction\",\"target\":[\"https:\/\/talkpal.ai\/sq\/ushtrimet-e-gramatikes-urdu\/\"]}]},{\"@type\":\"ImageObject\",\"inLanguage\":\"sq-AL\",\"@id\":\"https:\/\/talkpal.ai\/sq\/ushtrimet-e-gramatikes-urdu\/#primaryimage\",\"url\":\"https:\/\/talkpal.ai\/wp-content\/uploads\/2023\/05\/Urdu-pakistan.png\",\"contentUrl\":\"https:\/\/talkpal.ai\/wp-content\/uploads\/2023\/05\/Urdu-pakistan.png\",\"width\":512,\"height\":512,\"caption\":\"TalkPal Urdu -Pakistan Flag\"},{\"@type\":\"BreadcrumbList\",\"@id\":\"https:\/\/talkpal.ai\/sq\/ushtrimet-e-gramatikes-urdu\/#breadcrumb\",\"itemListElement\":[{\"@type\":\"ListItem\",\"position\":1,\"name\":\"Homepage\",\"item\":\"https:\/\/talkpal.ai\/sq\/\"},{\"@type\":\"ListItem\",\"position\":2,\"name\":\"Ushtrimet e gramatik\u00ebs urdu\"}]},{\"@type\":\"WebSite\",\"@id\":\"https:\/\/talkpal.ai\/sq\/#website\",\"url\":\"https:\/\/talkpal.ai\/sq\/\",\"name\":\"Talkpal\",\"description\":\"AI Language Learning\",\"publisher\":{\"@id\":\"https:\/\/talkpal.ai\/sq\/#organization\"},\"alternateName\":\"Talkpal AI\",\"potentialAction\":[{\"@type\":\"SearchAction\",\"target\":{\"@type\":\"EntryPoint\",\"urlTemplate\":\"https:\/\/talkpal.ai\/sq\/?s={search_term_string}\"},\"query-input\":{\"@type\":\"PropertyValueSpecification\",\"valueRequired\":true,\"valueName\":\"search_term_string\"}}],\"inLanguage\":\"sq-AL\"},{\"@type\":\"Organization\",\"@id\":\"https:\/\/talkpal.ai\/sq\/#organization\",\"name\":\"Talkpal, Inc.\",\"alternateName\":\"Talkpal AI\",\"url\":\"https:\/\/talkpal.ai\/sq\/\",\"logo\":{\"@type\":\"ImageObject\",\"inLanguage\":\"sq-AL\",\"@id\":\"https:\/\/talkpal.ai\/sq\/#\/schema\/logo\/image\/\",\"url\":\"https:\/\/talkpal.ai\/wp-content\/uploads\/2024\/03\/Talkpal-Logo-Icon.png\",\"contentUrl\":\"https:\/\/talkpal.ai\/wp-content\/uploads\/2024\/03\/Talkpal-Logo-Icon.png\",\"width\":2880,\"height\":2880,\"caption\":\"Talkpal, Inc.\"},\"image\":{\"@id\":\"https:\/\/talkpal.ai\/sq\/#\/schema\/logo\/image\/\"},\"sameAs\":[\"https:\/\/www.facebook.com\/profile.php?id=100090733639311\",\"https:\/\/x.com\/talkpalai\",\"https:\/\/www.linkedin.com\/company\/talkpal\/\",\"https:\/\/www.youtube.com\/@TalkPal\/\",\"https:\/\/www.tiktok.com\/@talkpal\",\"https:\/\/www.instagram.com\/talkpal_ai\/\",\"https:\/\/www.crunchbase.com\/organization\/talkpal-9cde\",\"https:\/\/www.g2.com\/products\/talkpal-for-business\/\",\"https:\/\/www.trustpilot.com\/review\/talkpal.ai\",\"https:\/\/www.capterra.com\/p\/10006800\/TalkPal\/\"],\"description\":\"Talkpal is a language learning web and mobile education app, powered by the latest AI technologies, that provides engaging experiences to its customers in many different languages to help them improve their language skills. Users can chat about unlimited amount of topics with the app and use other modes to practice their language learning.\",\"email\":\"support@talkpal.ai\",\"legalName\":\"Talkpal, Inc.\",\"foundingDate\":\"2023-04-03\",\"duns\":\"118989042\",\"numberOfEmployees\":{\"@type\":\"QuantitativeValue\",\"minValue\":\"11\",\"maxValue\":\"50\"},\"publishingPrinciples\":\"https:\/\/talkpal.ai\/publishing-principles\/\",\"actionableFeedbackPolicy\":\"https:\/\/talkpal.ai\/actionable-feedback-policy\/\",\"correctionsPolicy\":\"https:\/\/talkpal.ai\/corrections-policy\/\",\"ethicsPolicy\":\"https:\/\/talkpal.ai\/ethics-policy\/\",\"diversityPolicy\":\"https:\/\/talkpal.ai\/diversity-policy\/\",\"diversityStaffingReport\":\"https:\/\/talkpal.ai\/diversity-policy\/\"}]}<\/script>\n<!-- \/ Yoast SEO Premium plugin. -->","yoast_head_json":{"title":"Ushtrimet e gramatik\u00ebs urdu - Talkpal","description":"Zot\u00ebroni Urdu me ushtrimet tona gjith\u00ebp\u00ebrfshir\u00ebse t\u00eb gramatik\u00ebs Urdu p\u00ebr t\u00eb rritur t\u00eb kuptuarit tuaj t\u00eb emrave, p\u00ebremrave dhe m\u00eb shum\u00eb.","robots":{"index":"index","follow":"follow","max-snippet":"max-snippet:-1","max-image-preview":"max-image-preview:large","max-video-preview":"max-video-preview:-1"},"canonical":"https:\/\/talkpal.ai\/sq\/ushtrimet-e-gramatikes-urdu\/","og_locale":"sq_AL","og_type":"article","og_title":"Ushtrimet e gramatik\u00ebs urdu","og_description":"Temat e gramatik\u00ebs Urdu M\u00ebsimi i Urdu, nj\u00eb gjuh\u00eb e pasuruar me shprehje t\u00eb ndryshme, kuptime t\u00eb thella dhe nj\u00eb struktur\u00eb t\u00eb nd\u00ebrlikuar gramatikore, mund","og_url":"https:\/\/talkpal.ai\/sq\/ushtrimet-e-gramatikes-urdu\/","og_site_name":"Talkpal","article_publisher":"https:\/\/www.facebook.com\/profile.php?id=100090733639311","article_modified_time":"2025-12-17T14:42:14+00:00","og_image":[{"width":512,"height":512,"url":"https:\/\/talkpal.ai\/wp-content\/uploads\/2023\/05\/Urdu-pakistan.png","type":"image\/png"}],"twitter_card":"summary_large_image","twitter_site":"@talkpalai","twitter_misc":{"Est. reading time":"2 minutes"},"schema":{"@context":"https:\/\/schema.org","@graph":[{"@type":"WebPage","@id":"https:\/\/talkpal.ai\/sq\/ushtrimet-e-gramatikes-urdu\/","url":"https:\/\/talkpal.ai\/sq\/ushtrimet-e-gramatikes-urdu\/","name":"Ushtrimet e gramatik\u00ebs urdu - Talkpal","isPartOf":{"@id":"https:\/\/talkpal.ai\/sq\/#website"},"primaryImageOfPage":{"@id":"https:\/\/talkpal.ai\/sq\/ushtrimet-e-gramatikes-urdu\/#primaryimage"},"image":{"@id":"https:\/\/talkpal.ai\/sq\/ushtrimet-e-gramatikes-urdu\/#primaryimage"},"thumbnailUrl":"https:\/\/talkpal.ai\/wp-content\/uploads\/2023\/05\/Urdu-pakistan.png","datePublished":"2023-07-05T10:41:01+00:00","dateModified":"2025-12-17T14:42:14+00:00","description":"Zot\u00ebroni Urdu me ushtrimet tona gjith\u00ebp\u00ebrfshir\u00ebse t\u00eb gramatik\u00ebs Urdu p\u00ebr t\u00eb rritur t\u00eb kuptuarit tuaj t\u00eb emrave, p\u00ebremrave dhe m\u00eb shum\u00eb.","breadcrumb":{"@id":"https:\/\/talkpal.ai\/sq\/ushtrimet-e-gramatikes-urdu\/#breadcrumb"},"inLanguage":"sq-AL","potentialAction":[{"@type":"ReadAction","target":["https:\/\/talkpal.ai\/sq\/ushtrimet-e-gramatikes-urdu\/"]}]},{"@type":"ImageObject","inLanguage":"sq-AL","@id":"https:\/\/talkpal.ai\/sq\/ushtrimet-e-gramatikes-urdu\/#primaryimage","url":"https:\/\/talkpal.ai\/wp-content\/uploads\/2023\/05\/Urdu-pakistan.png","contentUrl":"https:\/\/talkpal.ai\/wp-content\/uploads\/2023\/05\/Urdu-pakistan.png","width":512,"height":512,"caption":"TalkPal Urdu -Pakistan Flag"},{"@type":"BreadcrumbList","@id":"https:\/\/talkpal.ai\/sq\/ushtrimet-e-gramatikes-urdu\/#breadcrumb","itemListElement":[{"@type":"ListItem","position":1,"name":"Homepage","item":"https:\/\/talkpal.ai\/sq\/"},{"@type":"ListItem","position":2,"name":"Ushtrimet e gramatik\u00ebs urdu"}]},{"@type":"WebSite","@id":"https:\/\/talkpal.ai\/sq\/#website","url":"https:\/\/talkpal.ai\/sq\/","name":"Talkpal","description":"AI Language Learning","publisher":{"@id":"https:\/\/talkpal.ai\/sq\/#organization"},"alternateName":"Talkpal AI","potentialAction":[{"@type":"SearchAction","target":{"@type":"EntryPoint","urlTemplate":"https:\/\/talkpal.ai\/sq\/?s={search_term_string}"},"query-input":{"@type":"PropertyValueSpecification","valueRequired":true,"valueName":"search_term_string"}}],"inLanguage":"sq-AL"},{"@type":"Organization","@id":"https:\/\/talkpal.ai\/sq\/#organization","name":"Talkpal, Inc.","alternateName":"Talkpal AI","url":"https:\/\/talkpal.ai\/sq\/","logo":{"@type":"ImageObject","inLanguage":"sq-AL","@id":"https:\/\/talkpal.ai\/sq\/#\/schema\/logo\/image\/","url":"https:\/\/talkpal.ai\/wp-content\/uploads\/2024\/03\/Talkpal-Logo-Icon.png","contentUrl":"https:\/\/talkpal.ai\/wp-content\/uploads\/2024\/03\/Talkpal-Logo-Icon.png","width":2880,"height":2880,"caption":"Talkpal, Inc."},"image":{"@id":"https:\/\/talkpal.ai\/sq\/#\/schema\/logo\/image\/"},"sameAs":["https:\/\/www.facebook.com\/profile.php?id=100090733639311","https:\/\/x.com\/talkpalai","https:\/\/www.linkedin.com\/company\/talkpal\/","https:\/\/www.youtube.com\/@TalkPal\/","https:\/\/www.tiktok.com\/@talkpal","https:\/\/www.instagram.com\/talkpal_ai\/","https:\/\/www.crunchbase.com\/organization\/talkpal-9cde","https:\/\/www.g2.com\/products\/talkpal-for-business\/","https:\/\/www.trustpilot.com\/review\/talkpal.ai","https:\/\/www.capterra.com\/p\/10006800\/TalkPal\/"],"description":"Talkpal is a language learning web and mobile education app, powered by the latest AI technologies, that provides engaging experiences to its customers in many different languages to help them improve their language skills. Users can chat about unlimited amount of topics with the app and use other modes to practice their language learning.","email":"support@talkpal.ai","legalName":"Talkpal, Inc.","foundingDate":"2023-04-03","duns":"118989042","numberOfEmployees":{"@type":"QuantitativeValue","minValue":"11","maxValue":"50"},"publishingPrinciples":"https:\/\/talkpal.ai\/publishing-principles\/","actionableFeedbackPolicy":"https:\/\/talkpal.ai\/actionable-feedback-policy\/","correctionsPolicy":"https:\/\/talkpal.ai\/corrections-policy\/","ethicsPolicy":"https:\/\/talkpal.ai\/ethics-policy\/","diversityPolicy":"https:\/\/talkpal.ai\/diversity-policy\/","diversityStaffingReport":"https:\/\/talkpal.ai\/diversity-policy\/"}]}},"_links":{"self":[{"href":"https:\/\/talkpal.ai\/sq\/wp-json\/wp\/v2\/pages\/1447030","targetHints":{"allow":["GET"]}}],"collection":[{"href":"https:\/\/talkpal.ai\/sq\/wp-json\/wp\/v2\/pages"}],"about":[{"href":"https:\/\/talkpal.ai\/sq\/wp-json\/wp\/v2\/types\/page"}],"author":[{"embeddable":true,"href":"https:\/\/talkpal.ai\/sq\/wp-json\/wp\/v2\/users\/6"}],"replies":[{"embeddable":true,"href":"https:\/\/talkpal.ai\/sq\/wp-json\/wp\/v2\/comments?post=1447030"}],"version-history":[{"count":0,"href":"https:\/\/talkpal.ai\/sq\/wp-json\/wp\/v2\/pages\/1447030\/revisions"}],"wp:featuredmedia":[{"embeddable":true,"href":"https:\/\/talkpal.ai\/sq\/wp-json\/wp\/v2\/media\/1442777"}],"wp:attachment":[{"href":"https:\/\/talkpal.ai\/sq\/wp-json\/wp\/v2\/media?parent=1447030"}],"curies":[{"name":"wp","href":"https:\/\/api.w.org\/{rel}","templated":true}]}}