{"id":1447029,"date":"2023-07-05T10:17:13","date_gmt":"2023-07-05T10:17:13","guid":{"rendered":"https:\/\/talkpal.ai\/ushtrimet-e-gramatikes-tamile\/"},"modified":"2025-12-17T15:03:16","modified_gmt":"2025-12-17T15:03:16","slug":"ushtrimet-e-gramatikes-tamile","status":"publish","type":"page","link":"https:\/\/talkpal.ai\/sq\/ushtrimet-e-gramatikes-tamile\/","title":{"rendered":"Ushtrimet e gramatik\u00ebs tamile"},"content":{"rendered":"\r\n\r\n\r\n<section class=\"languageChallengeSection\">\r\n    <div class=\"languageInfoWrapper\">\r\n        \r\n        <h1>Ushtrimet e gramatik\u00ebs tamile<\/h1>\r\n        <p>N\u00ebse doni t\u00eb zot\u00ebroni tamilishten, praktikimi i gramatik\u00ebs p\u00ebrmes ushtrimeve t\u00eb synuara \u00ebsht\u00eb nj\u00eb hap ky\u00e7 n\u00eb udh\u00ebtimin tuaj. Filloni sot, sfidoni veten me modele t\u00eb reja gramatikore dhe shikoni aft\u00ebsit\u00eb tuaja tamile t\u00eb rriten me \u00e7do ushtrim!<\/p>\r\n\r\n                            <a class=\"getStartedHidden\" href=\"https:\/\/app.talkpal.ai\/signup?lng=\">Filloni<\/a>\r\n        \r\n    <\/div>\r\n\r\n    <figure>\r\n    <img decoding=\"async\" width=\"768\" height=\"768\" src=\"https:\/\/talkpal.ai\/wp-content\/uploads\/2023\/06\/tamil-768x768.png\" class=\"languageImage no-lazy\" alt=\"Language learning for enhanced creativity\" fetchpriority=\"high\" sizes=\"(max-width: 768px) 150px, 768px\" srcset=\"https:\/\/talkpal.ai\/wp-content\/uploads\/2023\/06\/tamil-768x768.png 768w, https:\/\/talkpal.ai\/wp-content\/uploads\/2023\/06\/tamil-300x300.png 300w\" \/>\r\n    \r\n\r\n    <\/figure>\r\n\r\n            <a class=\"getStartedVisible\" href=\"https:\/\/app.talkpal.ai\/signup?lng=\">Filloni<\/a>\r\n    \r\n<\/section>\r\n\r\n\r\n<!-- <section class=\"grammarSection\">\r\n    <div class=\"grammarLinks\">\r\n            <\/div>\r\n<\/section> -->\r\n\r\n\r\n\r\n\r\n<section class=\"promotionalBanner\">\r\n    <p class=\"promotionalText\">M\u00ebnyra m\u00eb efikase p\u00ebr t\u00eb m\u00ebsuar nj\u00eb gjuh\u00eb<\/p>\r\n    <a class=\"promotionalLink\" href=\"https:\/\/app.talkpal.ai\/signup?lng=\">Provoni Talkpal falas<\/a>\r\n<\/section>\n<div class=\"wp-block-group pageContainerStyle\"><div class=\"wp-block-group__inner-container is-layout-constrained wp-block-group-is-layout-constrained\">\n<h2 class=\"wp-block-heading\" id=\"h-tamil-grammar-topics\">Temat e gramatik\u00ebs Tamil<\/h2>\n\n\n\n<p><a href=\"https:\/\/talkpal.ai\/learn-tamil\/\">Tamil<\/a> \u00ebsht\u00eb nj\u00eb gjuh\u00eb e gjall\u00eb dhe e pasur q\u00eb flitet kryesisht n\u00eb Indin\u00eb Jugore dhe Sri Lanka. \u00cbsht\u00eb i njohur p\u00ebr shkrimin e tij unik dhe sistemin kompleks gramatikor. M\u00ebsimi i tamilishtes mund t\u00eb jet\u00eb nj\u00eb p\u00ebrvoj\u00eb magjeps\u00ebse, por k\u00ebrkon nj\u00eb qasje t\u00eb strukturuar p\u00ebr t\u00eb kuptuar gramatik\u00ebn e saj. Kjo p\u00ebrfshin t\u00eb kuptuarit e koh\u00ebve, foljeve, emrave, artikujve, p\u00ebremrave\/p\u00ebrcaktuesve, mbiemrave, ndajfoljeve, kushtiteve, parafjal\u00ebve dhe strukturave t\u00eb fjalive.<\/p>\n\n\n\n<h3 class=\"wp-block-heading\" id=\"h-1-nouns\">1. Emrat:<\/h3>\n\n\n\n<p>Filloni m\u00ebsimin tuaj t\u00eb Tamil me emra, pasi ato jan\u00eb blloqet nd\u00ebrtuese t\u00eb \u00e7do gjuhe. N\u00eb Tamil, emrat klasifikohen n\u00eb dy kategori: uyirmei (i gjall\u00eb) dhe mei (jo i gjall\u00eb). Ata gjithashtu kan\u00eb deformime t\u00eb ndryshme bazuar n\u00eb num\u00ebr dhe rast.<\/p>\n\n\n\n<h3 class=\"wp-block-heading\" id=\"h-2-pronouns-determiners\">2. P\u00ebremrat\/p\u00ebrcaktuesit:<\/h3>\n\n\n\n<p>Pasi t\u00eb zot\u00ebroni emrat, kaloni te p\u00ebremrat dhe p\u00ebrcaktuesit. Ato p\u00ebrdoren p\u00ebr t&#8217;iu referuar dikujt ose di\u00e7kaje tashm\u00eb t\u00eb p\u00ebrmendur ose leht\u00ebsisht t\u00eb identifikueshme. N\u00eb Tamil, p\u00ebremrat jan\u00eb neutral\u00eb ndaj gjinis\u00eb dhe p\u00ebrkulen p\u00ebr numrin dhe rastin.<\/p>\n\n\n\n<h3 class=\"wp-block-heading\" id=\"h-3-verbs\">3. Foljet:<\/h3>\n\n\n\n<p>Foljet n\u00eb Tamil ndahen n\u00eb dy kategori: folje kalimtare dhe intransitive. T\u00eb kuptuarit <a href=\"https:\/\/talkpal.ai\/culture\/what-is-the-difference-between-se-and-si\/\">se si<\/a> funksionojn\u00eb ato \u00ebsht\u00eb thelb\u00ebsore pasi ato tregojn\u00eb veprimin n\u00eb nj\u00eb fjali.<\/p>\n\n\n\n<h3 class=\"wp-block-heading\" id=\"h-4-tenses\">4. Koh\u00ebt:<\/h3>\n\n\n\n<p>Tamil ka tre koh\u00eb themelore: e kaluara, e tashmja dhe e ardhmja. \u00c7do koh\u00eb ka forma t\u00eb ndryshme p\u00ebr nj\u00ebj\u00ebs dhe shum\u00ebs, si dhe p\u00ebr persona t\u00eb ndrysh\u00ebm. Kuptimi i k\u00ebtyre ndryshimeve \u00ebsht\u00eb i r\u00ebnd\u00ebsish\u00ebm p\u00ebr formimin e sakt\u00eb t\u00eb fjalive.<\/p>\n\n\n\n<h3 class=\"wp-block-heading\" id=\"h-5-tense-comparison\">5. Krahasimi i tensionit:<\/h3>\n\n\n\n<p>Pasi t\u00eb kuptoni koh\u00ebt baz\u00eb, mund t\u00eb kaloni n\u00eb krahasim t\u00eb koh\u00ebs. Kjo k\u00ebrkon krahasimin e veprimeve t\u00eb ndryshme n\u00eb koh\u00eb t\u00eb ndryshme, gj\u00eb q\u00eb \u00ebsht\u00eb thelb\u00ebsore p\u00ebr p\u00ebrdorimin e avancuar t\u00eb gjuh\u00ebs.<\/p>\n\n\n\n<h3 class=\"wp-block-heading\" id=\"h-6-adjectives\">6. Mbiemrat:<\/h3>\n\n\n\n<p>Mbiemrat n\u00eb Tamil, si n\u00eb <a href=\"https:\/\/talkpal.ai\/learn-english-with-ai\/\">anglisht<\/a>, p\u00ebrshkruajn\u00eb ose modifikojn\u00eb emrat. Ata pajtohen me emrin q\u00eb modifikojn\u00eb n\u00eb rast, num\u00ebr dhe gjini.<\/p>\n\n\n\n<h3 class=\"wp-block-heading\" id=\"h-7-articles\">7. Nenet:<\/h3>\n\n\n\n<p>Tamil nuk ka artikuj t\u00eb caktuar ose t\u00eb pacaktuar si &#8216;a&#8217;, &#8216;an&#8217; ose &#8216;the&#8217;. Megjithat\u00eb, t\u00eb kuptuarit se si t&#8217;i z\u00ebvend\u00ebsoni ato \u00ebsht\u00eb e r\u00ebnd\u00ebsishme p\u00ebr formimin e fjalive.<\/p>\n\n\n\n<h3 class=\"wp-block-heading\" id=\"h-8-adverbs\">8. Ndajfoljet:<\/h3>\n\n\n\n<p>Ndajfoljet modifikojn\u00eb foljet, mbiemrat ose ndajfoljet e tjera. Ata mund t\u00eb shprehin nj\u00eb m\u00ebnyr\u00eb, vend, koh\u00eb, frekuenc\u00eb, shkall\u00eb dhe m\u00eb shum\u00eb.<\/p>\n\n\n\n<h3 class=\"wp-block-heading\" id=\"h-9-prepositions\">9. Parafjal\u00ebt:<\/h3>\n\n\n\n<p>Parafjal\u00ebt p\u00ebrdoren p\u00ebr t\u00eb lidhur emrat, p\u00ebremrat ose frazat me fjal\u00eb t\u00eb tjera brenda nj\u00eb fjalie. Ato shprehin marr\u00ebdh\u00ebniet e vendit, drejtimit, koh\u00ebs, m\u00ebnyr\u00ebs, shkakut dhe shkall\u00ebs.<\/p>\n\n\n\n<h3 class=\"wp-block-heading\" id=\"h-10-conditionals\">10. Kusht\u00ebzuese:<\/h3>\n\n\n\n<p>Kusht\u00ebzuesit jan\u00eb fjali q\u00eb shprehin situata hipotetike dhe pasojat e <a href=\"https:\/\/talkpal.ai\/locations\/language-courses-in-tyre\/\">tyre<\/a>. N\u00eb Tamil, kusht\u00ebzimet formohen nga forma specifike foljesh dhe lidhje.<\/p>\n\n\n\n<h3 class=\"wp-block-heading\" id=\"h-11-progressive-and-perfect-progressive\">11. Progresiv dhe progresiv i p\u00ebrsosur:<\/h3>\n\n\n\n<p>K\u00ebto jan\u00eb aspekte t\u00eb koh\u00ebs q\u00eb tregojn\u00eb veprime t\u00eb vazhdueshme ose veprime q\u00eb ishin n\u00eb vazhdim, por tani jan\u00eb p\u00ebrfunduar. Ato jan\u00eb thelb\u00ebsore p\u00ebr t\u00eb shprehur koh\u00ebzgjatjen dhe vazhdim\u00ebsin\u00eb e veprimeve.<\/p>\n\n\n\n<h3 class=\"wp-block-heading\" id=\"h-12-sentences\">12. Fjalit\u00eb:<\/h3>\n\n\n\n<p>S\u00eb fundmi, t\u00eb kuptuarit e struktur\u00ebs s\u00eb fjalive n\u00eb Tamil \u00ebsht\u00eb e r\u00ebnd\u00ebsishme. Tamil ndjek rendin e fjal\u00ebve Subjekt-Objekt-Folje (SOV). Gjithashtu, t\u00eb kuptuarit e fjalive t\u00eb p\u00ebrb\u00ebra dhe komplekse do t\u00eb p\u00ebrmir\u00ebsoj\u00eb zot\u00ebrimin tuaj t\u00eb p\u00ebrgjithsh\u00ebm t\u00eb gjuh\u00ebs.<\/p>\n<\/div><\/div>\n\r\n<section class=\"learnNavigationSection\">\r\n            \r\n        <a href=\"https:\/\/talkpal.ai\/sq\/meso-gjuhen-tamile\/\">\r\n            <div class=\"learnNavigationWrapper\">\r\n                <div class=\"learnNavigationContent\">\r\n                    <img decoding=\"async\" src=\"https:\/\/talkpal.ai\/wp-content\/uploads\/2024\/08\/Tamil.jpg\" alt=\"Indian Simplified Flag\">\r\n                    <div>\r\n                        <h4>Rreth m\u00ebsimit Tamil<\/h4>\r\n                        <p>M\u00ebsoni gjith\u00e7ka rreth gramatik\u00ebs Tamil.<\/p>\r\n                    <\/div>\r\n                <\/div>\r\n            <\/div>\r\n        <\/a>\r\n\r\n        \r\n        <a href=\"https:\/\/talkpal.ai\/sq\/gramatika-tamil\/\">\r\n            <div class=\"learnNavigationWrapper\">\r\n                <div class=\"learnNavigationContent\">\r\n                    <img decoding=\"async\" src=\"https:\/\/talkpal.ai\/wp-content\/uploads\/2024\/08\/Tamil.jpg\" alt=\"Indian Simplified Flag\">\r\n                    <div>\r\n                        <h4>M\u00ebsimet e gramatik\u00ebs Tamil<\/h4>\r\n                        <p>Praktikoni gramatik\u00ebn tamile.<\/p>\r\n                    <\/div>\r\n                <\/div>\r\n            <\/div>\r\n        <\/a>\r\n\r\n        \r\n        <a href=\"https:\/\/talkpal.ai\/vocabulary_language\/tamil\/\">\r\n            <div class=\"learnNavigationWrapper\">\r\n                <div class=\"learnNavigationContent\">\r\n                    <img decoding=\"async\" src=\"https:\/\/talkpal.ai\/wp-content\/uploads\/2024\/08\/Tamil.jpg\" alt=\"Indian Simplified Flag\">\r\n                    <div>\r\n                        <h4>Fjalori Tamil<\/h4>\r\n                        <p>Zgjeroni fjalorin tuaj tamil.<\/p>\r\n                    <\/div>\r\n                <\/div>\r\n            <\/div>\r\n        <\/a>\r\n\r\n            <\/section>","protected":false},"excerpt":{"rendered":"<p>Temat e gramatik\u00ebs Tamil Tamil \u00ebsht\u00eb nj\u00eb gjuh\u00eb e gjall\u00eb dhe e pasur q\u00eb flitet kryesisht n\u00eb Indin\u00eb Jugore dhe Sri Lanka. \u00cbsht\u00eb i njohur p\u00ebr shkrimin e tij unik dhe sistemin kompleks gramatikor. M\u00ebsimi i tamilishtes mund t\u00eb jet\u00eb nj\u00eb p\u00ebrvoj\u00eb magjeps\u00ebse, por k\u00ebrkon nj\u00eb qasje t\u00eb strukturuar p\u00ebr t\u00eb kuptuar gramatik\u00ebn e saj. [&hellip;]<\/p>\n","protected":false},"author":6,"featured_media":1442749,"parent":0,"menu_order":0,"comment_status":"closed","ping_status":"closed","template":"LearningContentPage.php","meta":{"_acf_changed":false,"footnotes":""},"class_list":["post-1447029","page","type-page","status-publish","has-post-thumbnail","hentry"],"acf":[],"yoast_head":"<!-- This site is optimized with the Yoast SEO Premium plugin v27.2 (Yoast SEO v27.2) - https:\/\/yoast.com\/product\/yoast-seo-premium-wordpress\/ -->\n<title>Ushtrimet e gramatik\u00ebs tamile - Talkpal<\/title>\n<meta name=\"description\" content=\"Eksploroni ushtrime efektive t\u00eb gramatik\u00ebs Tamil p\u00ebr t\u00eb p\u00ebrmir\u00ebsuar aft\u00ebsit\u00eb tuaja gjuh\u00ebsore dhe p\u00ebr t\u00eb rritur t\u00eb kuptuarit.\" \/>\n<meta name=\"robots\" content=\"index, follow, max-snippet:-1, max-image-preview:large, max-video-preview:-1\" \/>\n<link rel=\"canonical\" href=\"https:\/\/talkpal.ai\/sq\/ushtrimet-e-gramatikes-tamile\/\" \/>\n<meta property=\"og:locale\" content=\"sq_AL\" \/>\n<meta property=\"og:type\" content=\"article\" \/>\n<meta property=\"og:title\" content=\"Ushtrimet e gramatik\u00ebs tamile\" \/>\n<meta property=\"og:description\" content=\"Temat e gramatik\u00ebs Tamil Tamil \u00ebsht\u00eb nj\u00eb gjuh\u00eb e gjall\u00eb dhe e pasur q\u00eb flitet kryesisht n\u00eb Indin\u00eb Jugore dhe Sri Lanka. \u00cbsht\u00eb i njohur p\u00ebr shkrimin e tij\" \/>\n<meta property=\"og:url\" content=\"https:\/\/talkpal.ai\/sq\/ushtrimet-e-gramatikes-tamile\/\" \/>\n<meta property=\"og:site_name\" content=\"Talkpal\" \/>\n<meta property=\"article:publisher\" content=\"https:\/\/www.facebook.com\/profile.php?id=100090733639311\" \/>\n<meta property=\"article:modified_time\" content=\"2025-12-17T15:03:16+00:00\" \/>\n<meta property=\"og:image\" content=\"https:\/\/talkpal.ai\/wp-content\/uploads\/2023\/05\/Tamil-india.png\" \/>\n\t<meta property=\"og:image:width\" content=\"512\" \/>\n\t<meta property=\"og:image:height\" content=\"512\" \/>\n\t<meta property=\"og:image:type\" content=\"image\/png\" \/>\n<meta name=\"twitter:card\" content=\"summary_large_image\" \/>\n<meta name=\"twitter:site\" content=\"@talkpalai\" \/>\n<meta name=\"twitter:label1\" content=\"Est. reading time\" \/>\n\t<meta name=\"twitter:data1\" content=\"3 minutes\" \/>\n<script type=\"application\/ld+json\" class=\"yoast-schema-graph\">{\"@context\":\"https:\/\/schema.org\",\"@graph\":[{\"@type\":\"WebPage\",\"@id\":\"https:\/\/talkpal.ai\/sq\/ushtrimet-e-gramatikes-tamile\/\",\"url\":\"https:\/\/talkpal.ai\/sq\/ushtrimet-e-gramatikes-tamile\/\",\"name\":\"Ushtrimet e gramatik\u00ebs tamile - Talkpal\",\"isPartOf\":{\"@id\":\"https:\/\/talkpal.ai\/sq\/#website\"},\"primaryImageOfPage\":{\"@id\":\"https:\/\/talkpal.ai\/sq\/ushtrimet-e-gramatikes-tamile\/#primaryimage\"},\"image\":{\"@id\":\"https:\/\/talkpal.ai\/sq\/ushtrimet-e-gramatikes-tamile\/#primaryimage\"},\"thumbnailUrl\":\"https:\/\/talkpal.ai\/wp-content\/uploads\/2023\/05\/Tamil-india.png\",\"datePublished\":\"2023-07-05T10:17:13+00:00\",\"dateModified\":\"2025-12-17T15:03:16+00:00\",\"description\":\"Eksploroni ushtrime efektive t\u00eb gramatik\u00ebs Tamil p\u00ebr t\u00eb p\u00ebrmir\u00ebsuar aft\u00ebsit\u00eb tuaja gjuh\u00ebsore dhe p\u00ebr t\u00eb rritur t\u00eb kuptuarit.\",\"breadcrumb\":{\"@id\":\"https:\/\/talkpal.ai\/sq\/ushtrimet-e-gramatikes-tamile\/#breadcrumb\"},\"inLanguage\":\"sq-AL\",\"potentialAction\":[{\"@type\":\"ReadAction\",\"target\":[\"https:\/\/talkpal.ai\/sq\/ushtrimet-e-gramatikes-tamile\/\"]}]},{\"@type\":\"ImageObject\",\"inLanguage\":\"sq-AL\",\"@id\":\"https:\/\/talkpal.ai\/sq\/ushtrimet-e-gramatikes-tamile\/#primaryimage\",\"url\":\"https:\/\/talkpal.ai\/wp-content\/uploads\/2023\/05\/Tamil-india.png\",\"contentUrl\":\"https:\/\/talkpal.ai\/wp-content\/uploads\/2023\/05\/Tamil-india.png\",\"width\":512,\"height\":512,\"caption\":\"TalkPal Tamil - India Flag\"},{\"@type\":\"BreadcrumbList\",\"@id\":\"https:\/\/talkpal.ai\/sq\/ushtrimet-e-gramatikes-tamile\/#breadcrumb\",\"itemListElement\":[{\"@type\":\"ListItem\",\"position\":1,\"name\":\"Homepage\",\"item\":\"https:\/\/talkpal.ai\/sq\/\"},{\"@type\":\"ListItem\",\"position\":2,\"name\":\"Ushtrimet e gramatik\u00ebs tamile\"}]},{\"@type\":\"WebSite\",\"@id\":\"https:\/\/talkpal.ai\/sq\/#website\",\"url\":\"https:\/\/talkpal.ai\/sq\/\",\"name\":\"Talkpal\",\"description\":\"AI Language Learning\",\"publisher\":{\"@id\":\"https:\/\/talkpal.ai\/sq\/#organization\"},\"alternateName\":\"Talkpal AI\",\"potentialAction\":[{\"@type\":\"SearchAction\",\"target\":{\"@type\":\"EntryPoint\",\"urlTemplate\":\"https:\/\/talkpal.ai\/sq\/?s={search_term_string}\"},\"query-input\":{\"@type\":\"PropertyValueSpecification\",\"valueRequired\":true,\"valueName\":\"search_term_string\"}}],\"inLanguage\":\"sq-AL\"},{\"@type\":\"Organization\",\"@id\":\"https:\/\/talkpal.ai\/sq\/#organization\",\"name\":\"Talkpal, Inc.\",\"alternateName\":\"Talkpal AI\",\"url\":\"https:\/\/talkpal.ai\/sq\/\",\"logo\":{\"@type\":\"ImageObject\",\"inLanguage\":\"sq-AL\",\"@id\":\"https:\/\/talkpal.ai\/sq\/#\/schema\/logo\/image\/\",\"url\":\"https:\/\/talkpal.ai\/wp-content\/uploads\/2024\/03\/Talkpal-Logo-Icon.png\",\"contentUrl\":\"https:\/\/talkpal.ai\/wp-content\/uploads\/2024\/03\/Talkpal-Logo-Icon.png\",\"width\":2880,\"height\":2880,\"caption\":\"Talkpal, Inc.\"},\"image\":{\"@id\":\"https:\/\/talkpal.ai\/sq\/#\/schema\/logo\/image\/\"},\"sameAs\":[\"https:\/\/www.facebook.com\/profile.php?id=100090733639311\",\"https:\/\/x.com\/talkpalai\",\"https:\/\/www.linkedin.com\/company\/talkpal\/\",\"https:\/\/www.youtube.com\/@TalkPal\/\",\"https:\/\/www.tiktok.com\/@talkpal\",\"https:\/\/www.instagram.com\/talkpal_ai\/\",\"https:\/\/www.crunchbase.com\/organization\/talkpal-9cde\",\"https:\/\/www.g2.com\/products\/talkpal-for-business\/\",\"https:\/\/www.trustpilot.com\/review\/talkpal.ai\",\"https:\/\/www.capterra.com\/p\/10006800\/TalkPal\/\"],\"description\":\"Talkpal is a language learning web and mobile education app, powered by the latest AI technologies, that provides engaging experiences to its customers in many different languages to help them improve their language skills. Users can chat about unlimited amount of topics with the app and use other modes to practice their language learning.\",\"email\":\"support@talkpal.ai\",\"legalName\":\"Talkpal, Inc.\",\"foundingDate\":\"2023-04-03\",\"duns\":\"118989042\",\"numberOfEmployees\":{\"@type\":\"QuantitativeValue\",\"minValue\":\"11\",\"maxValue\":\"50\"},\"publishingPrinciples\":\"https:\/\/talkpal.ai\/publishing-principles\/\",\"actionableFeedbackPolicy\":\"https:\/\/talkpal.ai\/actionable-feedback-policy\/\",\"correctionsPolicy\":\"https:\/\/talkpal.ai\/corrections-policy\/\",\"ethicsPolicy\":\"https:\/\/talkpal.ai\/ethics-policy\/\",\"diversityPolicy\":\"https:\/\/talkpal.ai\/diversity-policy\/\",\"diversityStaffingReport\":\"https:\/\/talkpal.ai\/diversity-policy\/\"}]}<\/script>\n<!-- \/ Yoast SEO Premium plugin. -->","yoast_head_json":{"title":"Ushtrimet e gramatik\u00ebs tamile - Talkpal","description":"Eksploroni ushtrime efektive t\u00eb gramatik\u00ebs Tamil p\u00ebr t\u00eb p\u00ebrmir\u00ebsuar aft\u00ebsit\u00eb tuaja gjuh\u00ebsore dhe p\u00ebr t\u00eb rritur t\u00eb kuptuarit.","robots":{"index":"index","follow":"follow","max-snippet":"max-snippet:-1","max-image-preview":"max-image-preview:large","max-video-preview":"max-video-preview:-1"},"canonical":"https:\/\/talkpal.ai\/sq\/ushtrimet-e-gramatikes-tamile\/","og_locale":"sq_AL","og_type":"article","og_title":"Ushtrimet e gramatik\u00ebs tamile","og_description":"Temat e gramatik\u00ebs Tamil Tamil \u00ebsht\u00eb nj\u00eb gjuh\u00eb e gjall\u00eb dhe e pasur q\u00eb flitet kryesisht n\u00eb Indin\u00eb Jugore dhe Sri Lanka. \u00cbsht\u00eb i njohur p\u00ebr shkrimin e tij","og_url":"https:\/\/talkpal.ai\/sq\/ushtrimet-e-gramatikes-tamile\/","og_site_name":"Talkpal","article_publisher":"https:\/\/www.facebook.com\/profile.php?id=100090733639311","article_modified_time":"2025-12-17T15:03:16+00:00","og_image":[{"width":512,"height":512,"url":"https:\/\/talkpal.ai\/wp-content\/uploads\/2023\/05\/Tamil-india.png","type":"image\/png"}],"twitter_card":"summary_large_image","twitter_site":"@talkpalai","twitter_misc":{"Est. reading time":"3 minutes"},"schema":{"@context":"https:\/\/schema.org","@graph":[{"@type":"WebPage","@id":"https:\/\/talkpal.ai\/sq\/ushtrimet-e-gramatikes-tamile\/","url":"https:\/\/talkpal.ai\/sq\/ushtrimet-e-gramatikes-tamile\/","name":"Ushtrimet e gramatik\u00ebs tamile - Talkpal","isPartOf":{"@id":"https:\/\/talkpal.ai\/sq\/#website"},"primaryImageOfPage":{"@id":"https:\/\/talkpal.ai\/sq\/ushtrimet-e-gramatikes-tamile\/#primaryimage"},"image":{"@id":"https:\/\/talkpal.ai\/sq\/ushtrimet-e-gramatikes-tamile\/#primaryimage"},"thumbnailUrl":"https:\/\/talkpal.ai\/wp-content\/uploads\/2023\/05\/Tamil-india.png","datePublished":"2023-07-05T10:17:13+00:00","dateModified":"2025-12-17T15:03:16+00:00","description":"Eksploroni ushtrime efektive t\u00eb gramatik\u00ebs Tamil p\u00ebr t\u00eb p\u00ebrmir\u00ebsuar aft\u00ebsit\u00eb tuaja gjuh\u00ebsore dhe p\u00ebr t\u00eb rritur t\u00eb kuptuarit.","breadcrumb":{"@id":"https:\/\/talkpal.ai\/sq\/ushtrimet-e-gramatikes-tamile\/#breadcrumb"},"inLanguage":"sq-AL","potentialAction":[{"@type":"ReadAction","target":["https:\/\/talkpal.ai\/sq\/ushtrimet-e-gramatikes-tamile\/"]}]},{"@type":"ImageObject","inLanguage":"sq-AL","@id":"https:\/\/talkpal.ai\/sq\/ushtrimet-e-gramatikes-tamile\/#primaryimage","url":"https:\/\/talkpal.ai\/wp-content\/uploads\/2023\/05\/Tamil-india.png","contentUrl":"https:\/\/talkpal.ai\/wp-content\/uploads\/2023\/05\/Tamil-india.png","width":512,"height":512,"caption":"TalkPal Tamil - India Flag"},{"@type":"BreadcrumbList","@id":"https:\/\/talkpal.ai\/sq\/ushtrimet-e-gramatikes-tamile\/#breadcrumb","itemListElement":[{"@type":"ListItem","position":1,"name":"Homepage","item":"https:\/\/talkpal.ai\/sq\/"},{"@type":"ListItem","position":2,"name":"Ushtrimet e gramatik\u00ebs tamile"}]},{"@type":"WebSite","@id":"https:\/\/talkpal.ai\/sq\/#website","url":"https:\/\/talkpal.ai\/sq\/","name":"Talkpal","description":"AI Language Learning","publisher":{"@id":"https:\/\/talkpal.ai\/sq\/#organization"},"alternateName":"Talkpal AI","potentialAction":[{"@type":"SearchAction","target":{"@type":"EntryPoint","urlTemplate":"https:\/\/talkpal.ai\/sq\/?s={search_term_string}"},"query-input":{"@type":"PropertyValueSpecification","valueRequired":true,"valueName":"search_term_string"}}],"inLanguage":"sq-AL"},{"@type":"Organization","@id":"https:\/\/talkpal.ai\/sq\/#organization","name":"Talkpal, Inc.","alternateName":"Talkpal AI","url":"https:\/\/talkpal.ai\/sq\/","logo":{"@type":"ImageObject","inLanguage":"sq-AL","@id":"https:\/\/talkpal.ai\/sq\/#\/schema\/logo\/image\/","url":"https:\/\/talkpal.ai\/wp-content\/uploads\/2024\/03\/Talkpal-Logo-Icon.png","contentUrl":"https:\/\/talkpal.ai\/wp-content\/uploads\/2024\/03\/Talkpal-Logo-Icon.png","width":2880,"height":2880,"caption":"Talkpal, Inc."},"image":{"@id":"https:\/\/talkpal.ai\/sq\/#\/schema\/logo\/image\/"},"sameAs":["https:\/\/www.facebook.com\/profile.php?id=100090733639311","https:\/\/x.com\/talkpalai","https:\/\/www.linkedin.com\/company\/talkpal\/","https:\/\/www.youtube.com\/@TalkPal\/","https:\/\/www.tiktok.com\/@talkpal","https:\/\/www.instagram.com\/talkpal_ai\/","https:\/\/www.crunchbase.com\/organization\/talkpal-9cde","https:\/\/www.g2.com\/products\/talkpal-for-business\/","https:\/\/www.trustpilot.com\/review\/talkpal.ai","https:\/\/www.capterra.com\/p\/10006800\/TalkPal\/"],"description":"Talkpal is a language learning web and mobile education app, powered by the latest AI technologies, that provides engaging experiences to its customers in many different languages to help them improve their language skills. Users can chat about unlimited amount of topics with the app and use other modes to practice their language learning.","email":"support@talkpal.ai","legalName":"Talkpal, Inc.","foundingDate":"2023-04-03","duns":"118989042","numberOfEmployees":{"@type":"QuantitativeValue","minValue":"11","maxValue":"50"},"publishingPrinciples":"https:\/\/talkpal.ai\/publishing-principles\/","actionableFeedbackPolicy":"https:\/\/talkpal.ai\/actionable-feedback-policy\/","correctionsPolicy":"https:\/\/talkpal.ai\/corrections-policy\/","ethicsPolicy":"https:\/\/talkpal.ai\/ethics-policy\/","diversityPolicy":"https:\/\/talkpal.ai\/diversity-policy\/","diversityStaffingReport":"https:\/\/talkpal.ai\/diversity-policy\/"}]}},"_links":{"self":[{"href":"https:\/\/talkpal.ai\/sq\/wp-json\/wp\/v2\/pages\/1447029","targetHints":{"allow":["GET"]}}],"collection":[{"href":"https:\/\/talkpal.ai\/sq\/wp-json\/wp\/v2\/pages"}],"about":[{"href":"https:\/\/talkpal.ai\/sq\/wp-json\/wp\/v2\/types\/page"}],"author":[{"embeddable":true,"href":"https:\/\/talkpal.ai\/sq\/wp-json\/wp\/v2\/users\/6"}],"replies":[{"embeddable":true,"href":"https:\/\/talkpal.ai\/sq\/wp-json\/wp\/v2\/comments?post=1447029"}],"version-history":[{"count":0,"href":"https:\/\/talkpal.ai\/sq\/wp-json\/wp\/v2\/pages\/1447029\/revisions"}],"wp:featuredmedia":[{"embeddable":true,"href":"https:\/\/talkpal.ai\/sq\/wp-json\/wp\/v2\/media\/1442749"}],"wp:attachment":[{"href":"https:\/\/talkpal.ai\/sq\/wp-json\/wp\/v2\/media?parent=1447029"}],"curies":[{"name":"wp","href":"https:\/\/api.w.org\/{rel}","templated":true}]}}