{"id":1446796,"date":"2023-06-16T09:39:29","date_gmt":"2023-06-16T09:39:29","guid":{"rendered":"https:\/\/talkpal.ai\/ushtrime-gramatikore-kineze\/"},"modified":"2025-09-06T21:06:10","modified_gmt":"2025-09-06T21:06:10","slug":"ushtrime-gramatikore-kineze","status":"publish","type":"page","link":"https:\/\/talkpal.ai\/sq\/ushtrime-gramatikore-kineze\/","title":{"rendered":"Ushtrime gramatikore kineze"},"content":{"rendered":"\r\n\r\n\r\n<section class=\"languageChallengeSection\">\r\n    <div class=\"languageInfoWrapper\">\r\n        \r\n        <h1>Ushtrime gramatikore kineze<\/h1>\r\n        <p>D\u00ebshironi t\u00eb rrisni aft\u00ebsit\u00eb tuaja n\u00eb gjuh\u00ebn kineze? P\u00ebrqendrimi n\u00eb ushtrimet gramatikore do t&#039;ju ndihmoj\u00eb t\u00eb kuptoni struktur\u00ebn e fjalis\u00eb, t\u00eb zot\u00ebroni modelet thelb\u00ebsore dhe t\u00eb nd\u00ebrtoni besimin tuaj n\u00eb bisedat e p\u00ebrditshme. Filloni t\u00eb praktikoni gramatik\u00ebn kineze sot dhe nd\u00ebrmerrni hapa t\u00eb q\u00ebndruesh\u00ebm drejt rrjedhshm\u00ebris\u00eb me \u00e7do ushtrim!<\/p>\r\n\r\n                            <a class=\"getStartedHidden\" href=\"https:\/\/app.talkpal.ai\/signup?lng=\">Filloni<\/a>\r\n        \r\n    <\/div>\r\n\r\n    <figure>\r\n    <img decoding=\"async\" width=\"768\" height=\"768\" src=\"https:\/\/talkpal.ai\/wp-content\/uploads\/2023\/06\/chinese-768x768.png\" class=\"languageImage no-lazy\" alt=\"Language learning for flexible communication\" fetchpriority=\"high\" sizes=\"(max-width: 768px) 150px, 768px\" srcset=\"https:\/\/talkpal.ai\/wp-content\/uploads\/2023\/06\/chinese-768x768.png 768w, https:\/\/talkpal.ai\/wp-content\/uploads\/2023\/06\/chinese-300x300.png 300w\" \/>\r\n    \r\n\r\n    <\/figure>\r\n\r\n            <a class=\"getStartedVisible\" href=\"https:\/\/app.talkpal.ai\/signup?lng=\">Filloni<\/a>\r\n    \r\n<\/section>\r\n\r\n\r\n<!-- <section class=\"grammarSection\">\r\n    <div class=\"grammarLinks\">\r\n            <\/div>\r\n<\/section> -->\r\n\r\n\r\n\r\n\r\n<section class=\"promotionalBanner\">\r\n    <p class=\"promotionalText\">M\u00ebnyra m\u00eb efikase p\u00ebr t\u00eb m\u00ebsuar nj\u00eb gjuh\u00eb<\/p>\r\n    <a class=\"promotionalLink\" href=\"https:\/\/app.talkpal.ai\/signup?lng=\">Provoni Talkpal falas<\/a>\r\n<\/section>\n<div class=\"wp-block-group pageContainerStyle\"><div class=\"wp-block-group__inner-container is-layout-constrained wp-block-group-is-layout-constrained\">\n<h2 class=\"wp-block-heading\" id=\"h-chinese-grammar-topics\">Temat e gramatik\u00ebs kineze<\/h2>\n\n\n\n<p><a href=\"https:\/\/talkpal.ai\/sq\/gramatika\/\">Gramatika<\/a> kineze mund t\u00eb duket frik\u00ebsuese n\u00eb fillim, por \u00ebsht\u00eb thelb\u00ebsore p\u00ebr zot\u00ebrimin e gjuh\u00ebs. Me sistemin e saj unik t\u00eb karaktereve dhe natyr\u00ebn tonale, <a href=\"https:\/\/talkpal.ai\/sq\/gramatika\/\">gramatika<\/a> kineze ndjek nj\u00eb grup rregullash t\u00eb ndryshme nga gjuh\u00ebt si anglishtja. M\u00ebsimi i k\u00ebtyre rregullave n\u00eb sekuenc\u00ebn e duhur do t&#8217;ju ndihmoj\u00eb t\u00eb p\u00ebrparoni n\u00eb m\u00ebnyr\u00eb m\u00eb efektive n\u00eb studimet tuaja gjuh\u00ebsore. Temat e m\u00ebposhtme do t\u00eb diskutohen n\u00eb rendin e rekomanduar t\u00eb t\u00eb m\u00ebsuarit: koh\u00ebt, foljet, emrat, artikujt, p\u00ebremrat, mbiemrat, ndajfoljet, parafjal\u00ebt dhe struktura e fjalis\u00eb. Ky udh\u00ebzues do t\u00eb ofroj\u00eb shpjegime t\u00eb shkurtra t\u00eb secil\u00ebs tem\u00eb p\u00ebr t&#8217;ju ndihmuar t\u00eb kuptoni m\u00eb mir\u00eb funksionet e <a href=\"https:\/\/talkpal.ai\/locations\/language-courses-in-tyre\/\">tyre<\/a> n\u00eb gjuh\u00ebn kineze.<\/p>\n\n\n\n<h3 class=\"wp-block-heading\" id=\"h-1-tenses\">1. Koh\u00ebt:<\/h3>\n\n\n\n<p>Ndryshe nga anglishtja, kinezishtja nuk ka konjugime komplekse foljesh p\u00ebr t\u00eb treguar koh\u00ebn. N\u00eb vend t\u00eb k\u00ebsaj, <a href=\"https:\/\/talkpal.ai\/speaking-with-ai\/\">ai<\/a> p\u00ebrdor fjal\u00eb ose grimca kohore p\u00ebr t\u00eb treguar kur ndodh nj\u00eb veprim. P\u00ebr t\u00eb shprehur veprimet e kaluara, t\u00eb tashme ose t\u00eb ardhshme, s\u00eb pari duhet t\u00eb njiheni me fjal\u00ebt e zakonshme t\u00eb koh\u00ebs si &#8220;dje&#8221;, &#8220;sot&#8221; dhe &#8220;nes\u00ebr&#8221;.<\/p>\n\n\n\n<h3 class=\"wp-block-heading\" id=\"h-2-verbs\">2. Foljet:<\/h3>\n\n\n\n<p>Pasi t\u00eb kuptoni koh\u00ebt, \u00ebsht\u00eb thelb\u00ebsore t\u00eb m\u00ebsoni foljet baz\u00eb n\u00eb gjuh\u00ebn kineze. Foljet jan\u00eb thelb\u00ebsore pasi shprehin veprime dhe gjendje, dhe ato shpesh mbeten t\u00eb pandryshuara n\u00eb koh\u00eb t\u00eb ndryshme. P\u00ebrqendrohuni n\u00eb m\u00ebsimin e foljeve m\u00eb t\u00eb zakonshme dhe p\u00ebrdorimin e tyre t\u00eb duhur.<\/p>\n\n\n\n<h3 class=\"wp-block-heading\" id=\"h-3-nouns\">3. Emrat:<\/h3>\n\n\n\n<p>Emrat jan\u00eb blloqet nd\u00ebrtuese t\u00eb nj\u00eb gjuhe, q\u00eb p\u00ebrfaq\u00ebsojn\u00eb njer\u00ebz, vende, gj\u00ebra ose ide. N\u00eb kinezisht, emrat jan\u00eb p\u00ebrgjith\u00ebsisht t\u00eb drejtp\u00ebrdrejt\u00eb dhe mund t\u00eb filloni duke m\u00ebsuar m\u00eb t\u00eb zakonshmet dhe m\u00eb t\u00eb dobishme p\u00ebr t\u00eb zgjeruar fjalorin tuaj.<\/p>\n\n\n\n<h3 class=\"wp-block-heading\" id=\"h-4-articles\">4. Artikujt:<\/h3>\n\n\n\n<p>Kinezishtja nuk ka artikuj si &#8220;a&#8221; ose &#8220;the&#8221; n\u00eb <a href=\"https:\/\/talkpal.ai\/learn-english-with-ai\/\">anglisht<\/a>. Megjithat\u00eb, ka fjal\u00eb mat\u00ebse q\u00eb shoq\u00ebrojn\u00eb emrat p\u00ebr t\u00eb treguar sasin\u00eb. K\u00ebto fjal\u00eb mat\u00ebse jan\u00eb thelb\u00ebsore kur diskutohen sasit\u00eb ose numrat e artikujve specifik\u00eb.<\/p>\n\n\n\n<h3 class=\"wp-block-heading\" id=\"h-5-pronouns\">5. P\u00ebremrat:<\/h3>\n\n\n\n<p>P\u00ebremrat p\u00ebrdoren p\u00ebr t\u00eb z\u00ebvend\u00ebsuar emrat n\u00eb nj\u00eb fjali dhe jan\u00eb thelb\u00ebsor\u00eb p\u00ebr t\u00eb shmangur p\u00ebrs\u00ebritjen. N\u00eb kinezisht, p\u00ebremrat ndryshojn\u00eb bazuar n\u00eb funksionin e tyre brenda nj\u00eb fjalie, si subjekti, objekti ose posesiv. M\u00ebsoni p\u00ebremrat e ndrysh\u00ebm dhe p\u00ebrdorimin e tyre t\u00eb duhur p\u00ebr t\u00eb p\u00ebrmir\u00ebsuar nd\u00ebrtimin e fjalis\u00eb suaj.<\/p>\n\n\n\n<h3 class=\"wp-block-heading\" id=\"h-6-adjectives\">6. Mbiemrat:<\/h3>\n\n\n\n<p>Mbiemrat p\u00ebrdoren p\u00ebr t\u00eb p\u00ebrshkruar ose modifikuar emrat dhe luajn\u00eb nj\u00eb rol t\u00eb r\u00ebnd\u00ebsish\u00ebm p\u00ebr t&#8217;i b\u00ebr\u00eb fjalit\u00eb tuaja m\u00eb ekspresive dhe t\u00ebrheq\u00ebse. M\u00ebsoni mbiemrat m\u00eb t\u00eb zakonsh\u00ebm dhe vendosjen e tyre n\u00eb lidhje me emrin brenda nj\u00eb fjalie.<\/p>\n\n\n\n<h3 class=\"wp-block-heading\" id=\"h-7-adverbs\">7. Ndajfoljet:<\/h3>\n\n\n\n<p>Ndajfoljet jan\u00eb thelb\u00ebsore p\u00ebr dh\u00ebnien e informacionit shtes\u00eb <a href=\"https:\/\/talkpal.ai\/sq\/rreth\/\">rreth<\/a> foljeve, mbiemrave ose ndajfoljeve t\u00eb tjera. Ata mund t\u00eb p\u00ebrshkruajn\u00eb <a href=\"https:\/\/talkpal.ai\/culture\/what-is-the-difference-between-se-and-si\/\">se si<\/a>, kur ose ku ndodh nj\u00eb veprim. Njihuni me ndajfoljet e zakonshme dhe p\u00ebrdorimin e tyre p\u00ebr t\u00eb p\u00ebrmir\u00ebsuar aft\u00ebsit\u00eb tuaja p\u00ebrshkruese.<\/p>\n\n\n\n<h3 class=\"wp-block-heading\" id=\"h-8-prepositions\">8. Parafjal\u00ebt:<\/h3>\n\n\n\n<p>Parafjal\u00ebt p\u00ebrdoren p\u00ebr t\u00eb treguar marr\u00ebdh\u00ebnien midis emrave ose p\u00ebremrave brenda nj\u00eb fjalie. Ato shpesh shprehin marr\u00ebdh\u00ebnie hap\u00ebsinore ose kohore, t\u00eb tilla si &#8220;n\u00eb&#8221;, &#8220;ndezur&#8221; ose &#8220;n\u00eb&#8221;. M\u00ebsimi i parafjal\u00ebve m\u00eb t\u00eb zakonshme dhe p\u00ebrdorimi i tyre i sakt\u00eb do t\u00eb p\u00ebrmir\u00ebsoj\u00eb shum\u00eb struktur\u00ebn tuaj t\u00eb fjalis\u00eb.<\/p>\n\n\n\n<h3 class=\"wp-block-heading\" id=\"h-9-sentence-structure\">9. Struktura e fjalis\u00eb:<\/h3>\n\n\n\n<p>S\u00eb fundi, t\u00eb kuptuarit e struktur\u00ebs s\u00eb fjalive kineze \u00ebsht\u00eb \u00e7el\u00ebsi p\u00ebr formimin e fjalive koherente dhe gramatikore t\u00eb sakta. Kinezishtja ndjek nj\u00eb struktur\u00eb subjekt-folje-objekt (SVO), e ngjashme me anglishten. Megjithat\u00eb, ka dallime n\u00eb rendin e fjal\u00ebve dhe vendosjen e element\u00ebve t\u00eb ndrysh\u00ebm gramatikore. M\u00ebsoni modelet baz\u00eb t\u00eb fjalive dhe praktikoni nd\u00ebrtimin e fjalive me element\u00ebt q\u00eb keni m\u00ebsuar, si koh\u00ebt, foljet, emrat, p\u00ebremrat, mbiemrat, ndajfoljet dhe parafjal\u00ebt.<\/p>\n\n\n\n<p>Duke ndjekur k\u00ebt\u00eb sekuenc\u00eb dhe duke u fokusuar n\u00eb secil\u00ebn tem\u00eb, ju do t\u00eb zhvilloni nj\u00eb baz\u00eb t\u00eb fort\u00eb n\u00eb gramatik\u00ebn kineze dhe do t\u00eb jeni n\u00eb rrug\u00ebn tuaj drejt rrjedhshm\u00ebris\u00eb s\u00eb gjuh\u00ebs.<\/p>\n<\/div><\/div>\n\r\n<section class=\"learnNavigationSection\">\r\n            \r\n        <a href=\"https:\/\/talkpal.ai\/sq\/meso-kinezisht\/\">\r\n            <div class=\"learnNavigationWrapper\">\r\n                <div class=\"learnNavigationContent\">\r\n                    <img decoding=\"async\" src=\"https:\/\/talkpal.ai\/wp-content\/uploads\/2024\/08\/Chinese.jpg\" alt=\"Chinese Flag\u00a0\">\r\n                    <div>\r\n                        <h4>Rreth t\u00eb m\u00ebsuarit kinez<\/h4>\r\n                        <p>M\u00ebsoni gjith\u00e7ka rreth gramatik\u00ebs kineze.<\/p>\r\n                    <\/div>\r\n                <\/div>\r\n            <\/div>\r\n        <\/a>\r\n\r\n        \r\n        <a href=\"https:\/\/talkpal.ai\/sq\/gramatika-kineze\/\">\r\n            <div class=\"learnNavigationWrapper\">\r\n                <div class=\"learnNavigationContent\">\r\n                    <img decoding=\"async\" src=\"https:\/\/talkpal.ai\/wp-content\/uploads\/2024\/08\/Chinese.jpg\" alt=\"Chinese Flag\u00a0\">\r\n                    <div>\r\n                        <h4>M\u00ebsime t\u00eb gramatik\u00ebs kineze<\/h4>\r\n                        <p>Praktikoni gramatik\u00ebn kineze.<\/p>\r\n                    <\/div>\r\n                <\/div>\r\n            <\/div>\r\n        <\/a>\r\n\r\n        \r\n        <a href=\"https:\/\/talkpal.ai\/vocabulary_language\/chinese\/\">\r\n            <div class=\"learnNavigationWrapper\">\r\n                <div class=\"learnNavigationContent\">\r\n                    <img decoding=\"async\" src=\"https:\/\/talkpal.ai\/wp-content\/uploads\/2024\/08\/Chinese.jpg\" alt=\"Chinese Flag\u00a0\">\r\n                    <div>\r\n                        <h4>Fjalori kinez<\/h4>\r\n                        <p>Zgjeroni fjalorin tuaj kinez.<\/p>\r\n                    <\/div>\r\n                <\/div>\r\n            <\/div>\r\n        <\/a>\r\n\r\n            <\/section>","protected":false},"excerpt":{"rendered":"<p>Temat e gramatik\u00ebs kineze Gramatika kineze mund t\u00eb duket frik\u00ebsuese n\u00eb fillim, por \u00ebsht\u00eb thelb\u00ebsore p\u00ebr zot\u00ebrimin e gjuh\u00ebs. Me sistemin e saj unik t\u00eb karaktereve dhe natyr\u00ebn tonale, gramatika kineze ndjek nj\u00eb grup rregullash t\u00eb ndryshme nga gjuh\u00ebt si anglishtja. M\u00ebsimi i k\u00ebtyre rregullave n\u00eb sekuenc\u00ebn e duhur do t&#8217;ju ndihmoj\u00eb t\u00eb p\u00ebrparoni n\u00eb [&hellip;]<\/p>\n","protected":false},"author":6,"featured_media":1440707,"parent":0,"menu_order":0,"comment_status":"closed","ping_status":"closed","template":"LearningContentPage.php","meta":{"_acf_changed":false,"footnotes":""},"class_list":["post-1446796","page","type-page","status-publish","has-post-thumbnail","hentry"],"acf":[],"yoast_head":"<!-- This site is optimized with the Yoast SEO Premium plugin v27.2 (Yoast SEO v27.2) - https:\/\/yoast.com\/product\/yoast-seo-premium-wordpress\/ -->\n<title>Ushtrime gramatikore kineze - Talkpal<\/title>\n<meta name=\"description\" content=\"Zot\u00ebroni gramatik\u00ebn kineze me udh\u00ebzuesin ton\u00eb gjith\u00ebp\u00ebrfshir\u00ebs q\u00eb mbulon koh\u00ebt, foljet dhe m\u00eb shum\u00eb p\u00ebr t\u00eb p\u00ebrmir\u00ebsuar aft\u00ebsit\u00eb tuaja gjuh\u00ebsore.\" \/>\n<meta name=\"robots\" content=\"index, follow, max-snippet:-1, max-image-preview:large, max-video-preview:-1\" \/>\n<link rel=\"canonical\" href=\"https:\/\/talkpal.ai\/sq\/ushtrime-gramatikore-kineze\/\" \/>\n<meta property=\"og:locale\" content=\"sq_AL\" \/>\n<meta property=\"og:type\" content=\"article\" \/>\n<meta property=\"og:title\" content=\"Ushtrime gramatikore kineze\" \/>\n<meta property=\"og:description\" content=\"Temat e gramatik\u00ebs kineze Gramatika kineze mund t\u00eb duket frik\u00ebsuese n\u00eb fillim, por \u00ebsht\u00eb thelb\u00ebsore p\u00ebr zot\u00ebrimin e gjuh\u00ebs. Me sistemin e saj unik t\u00eb\" \/>\n<meta property=\"og:url\" content=\"https:\/\/talkpal.ai\/sq\/ushtrime-gramatikore-kineze\/\" \/>\n<meta property=\"og:site_name\" content=\"Talkpal\" \/>\n<meta property=\"article:publisher\" content=\"https:\/\/www.facebook.com\/profile.php?id=100090733639311\" \/>\n<meta property=\"article:modified_time\" content=\"2025-09-06T21:06:10+00:00\" \/>\n<meta property=\"og:image\" content=\"https:\/\/talkpal.ai\/wp-content\/uploads\/2023\/04\/china.png\" \/>\n\t<meta property=\"og:image:width\" content=\"512\" \/>\n\t<meta property=\"og:image:height\" content=\"512\" \/>\n\t<meta property=\"og:image:type\" content=\"image\/png\" \/>\n<meta name=\"twitter:card\" content=\"summary_large_image\" \/>\n<meta name=\"twitter:site\" content=\"@talkpalai\" \/>\n<meta name=\"twitter:label1\" content=\"Est. reading time\" \/>\n\t<meta name=\"twitter:data1\" content=\"4 minutes\" \/>\n<script type=\"application\/ld+json\" class=\"yoast-schema-graph\">{\"@context\":\"https:\/\/schema.org\",\"@graph\":[{\"@type\":\"WebPage\",\"@id\":\"https:\/\/talkpal.ai\/sq\/ushtrime-gramatikore-kineze\/\",\"url\":\"https:\/\/talkpal.ai\/sq\/ushtrime-gramatikore-kineze\/\",\"name\":\"Ushtrime gramatikore kineze - Talkpal\",\"isPartOf\":{\"@id\":\"https:\/\/talkpal.ai\/sq\/#website\"},\"primaryImageOfPage\":{\"@id\":\"https:\/\/talkpal.ai\/sq\/ushtrime-gramatikore-kineze\/#primaryimage\"},\"image\":{\"@id\":\"https:\/\/talkpal.ai\/sq\/ushtrime-gramatikore-kineze\/#primaryimage\"},\"thumbnailUrl\":\"https:\/\/talkpal.ai\/wp-content\/uploads\/2023\/04\/china.png\",\"datePublished\":\"2023-06-16T09:39:29+00:00\",\"dateModified\":\"2025-09-06T21:06:10+00:00\",\"description\":\"Zot\u00ebroni gramatik\u00ebn kineze me udh\u00ebzuesin ton\u00eb gjith\u00ebp\u00ebrfshir\u00ebs q\u00eb mbulon koh\u00ebt, foljet dhe m\u00eb shum\u00eb p\u00ebr t\u00eb p\u00ebrmir\u00ebsuar aft\u00ebsit\u00eb tuaja gjuh\u00ebsore.\",\"breadcrumb\":{\"@id\":\"https:\/\/talkpal.ai\/sq\/ushtrime-gramatikore-kineze\/#breadcrumb\"},\"inLanguage\":\"sq-AL\",\"potentialAction\":[{\"@type\":\"ReadAction\",\"target\":[\"https:\/\/talkpal.ai\/sq\/ushtrime-gramatikore-kineze\/\"]}]},{\"@type\":\"ImageObject\",\"inLanguage\":\"sq-AL\",\"@id\":\"https:\/\/talkpal.ai\/sq\/ushtrime-gramatikore-kineze\/#primaryimage\",\"url\":\"https:\/\/talkpal.ai\/wp-content\/uploads\/2023\/04\/china.png\",\"contentUrl\":\"https:\/\/talkpal.ai\/wp-content\/uploads\/2023\/04\/china.png\",\"width\":512,\"height\":512,\"caption\":\"TalkPal Catalan Flag\"},{\"@type\":\"BreadcrumbList\",\"@id\":\"https:\/\/talkpal.ai\/sq\/ushtrime-gramatikore-kineze\/#breadcrumb\",\"itemListElement\":[{\"@type\":\"ListItem\",\"position\":1,\"name\":\"Homepage\",\"item\":\"https:\/\/talkpal.ai\/sq\/\"},{\"@type\":\"ListItem\",\"position\":2,\"name\":\"Ushtrime gramatikore kineze\"}]},{\"@type\":\"WebSite\",\"@id\":\"https:\/\/talkpal.ai\/sq\/#website\",\"url\":\"https:\/\/talkpal.ai\/sq\/\",\"name\":\"Talkpal\",\"description\":\"AI Language Learning\",\"publisher\":{\"@id\":\"https:\/\/talkpal.ai\/sq\/#organization\"},\"alternateName\":\"Talkpal AI\",\"potentialAction\":[{\"@type\":\"SearchAction\",\"target\":{\"@type\":\"EntryPoint\",\"urlTemplate\":\"https:\/\/talkpal.ai\/sq\/?s={search_term_string}\"},\"query-input\":{\"@type\":\"PropertyValueSpecification\",\"valueRequired\":true,\"valueName\":\"search_term_string\"}}],\"inLanguage\":\"sq-AL\"},{\"@type\":\"Organization\",\"@id\":\"https:\/\/talkpal.ai\/sq\/#organization\",\"name\":\"Talkpal, Inc.\",\"alternateName\":\"Talkpal AI\",\"url\":\"https:\/\/talkpal.ai\/sq\/\",\"logo\":{\"@type\":\"ImageObject\",\"inLanguage\":\"sq-AL\",\"@id\":\"https:\/\/talkpal.ai\/sq\/#\/schema\/logo\/image\/\",\"url\":\"https:\/\/talkpal.ai\/wp-content\/uploads\/2024\/03\/Talkpal-Logo-Icon.png\",\"contentUrl\":\"https:\/\/talkpal.ai\/wp-content\/uploads\/2024\/03\/Talkpal-Logo-Icon.png\",\"width\":2880,\"height\":2880,\"caption\":\"Talkpal, Inc.\"},\"image\":{\"@id\":\"https:\/\/talkpal.ai\/sq\/#\/schema\/logo\/image\/\"},\"sameAs\":[\"https:\/\/www.facebook.com\/profile.php?id=100090733639311\",\"https:\/\/x.com\/talkpalai\",\"https:\/\/www.linkedin.com\/company\/talkpal\/\",\"https:\/\/www.youtube.com\/@TalkPal\/\",\"https:\/\/www.tiktok.com\/@talkpal\",\"https:\/\/www.instagram.com\/talkpal_ai\/\",\"https:\/\/www.crunchbase.com\/organization\/talkpal-9cde\",\"https:\/\/www.g2.com\/products\/talkpal-for-business\/\",\"https:\/\/www.trustpilot.com\/review\/talkpal.ai\",\"https:\/\/www.capterra.com\/p\/10006800\/TalkPal\/\"],\"description\":\"Talkpal is a language learning web and mobile education app, powered by the latest AI technologies, that provides engaging experiences to its customers in many different languages to help them improve their language skills. Users can chat about unlimited amount of topics with the app and use other modes to practice their language learning.\",\"email\":\"support@talkpal.ai\",\"legalName\":\"Talkpal, Inc.\",\"foundingDate\":\"2023-04-03\",\"duns\":\"118989042\",\"numberOfEmployees\":{\"@type\":\"QuantitativeValue\",\"minValue\":\"11\",\"maxValue\":\"50\"},\"publishingPrinciples\":\"https:\/\/talkpal.ai\/publishing-principles\/\",\"actionableFeedbackPolicy\":\"https:\/\/talkpal.ai\/actionable-feedback-policy\/\",\"correctionsPolicy\":\"https:\/\/talkpal.ai\/corrections-policy\/\",\"ethicsPolicy\":\"https:\/\/talkpal.ai\/ethics-policy\/\",\"diversityPolicy\":\"https:\/\/talkpal.ai\/diversity-policy\/\",\"diversityStaffingReport\":\"https:\/\/talkpal.ai\/diversity-policy\/\"}]}<\/script>\n<!-- \/ Yoast SEO Premium plugin. -->","yoast_head_json":{"title":"Ushtrime gramatikore kineze - Talkpal","description":"Zot\u00ebroni gramatik\u00ebn kineze me udh\u00ebzuesin ton\u00eb gjith\u00ebp\u00ebrfshir\u00ebs q\u00eb mbulon koh\u00ebt, foljet dhe m\u00eb shum\u00eb p\u00ebr t\u00eb p\u00ebrmir\u00ebsuar aft\u00ebsit\u00eb tuaja gjuh\u00ebsore.","robots":{"index":"index","follow":"follow","max-snippet":"max-snippet:-1","max-image-preview":"max-image-preview:large","max-video-preview":"max-video-preview:-1"},"canonical":"https:\/\/talkpal.ai\/sq\/ushtrime-gramatikore-kineze\/","og_locale":"sq_AL","og_type":"article","og_title":"Ushtrime gramatikore kineze","og_description":"Temat e gramatik\u00ebs kineze Gramatika kineze mund t\u00eb duket frik\u00ebsuese n\u00eb fillim, por \u00ebsht\u00eb thelb\u00ebsore p\u00ebr zot\u00ebrimin e gjuh\u00ebs. Me sistemin e saj unik t\u00eb","og_url":"https:\/\/talkpal.ai\/sq\/ushtrime-gramatikore-kineze\/","og_site_name":"Talkpal","article_publisher":"https:\/\/www.facebook.com\/profile.php?id=100090733639311","article_modified_time":"2025-09-06T21:06:10+00:00","og_image":[{"width":512,"height":512,"url":"https:\/\/talkpal.ai\/wp-content\/uploads\/2023\/04\/china.png","type":"image\/png"}],"twitter_card":"summary_large_image","twitter_site":"@talkpalai","twitter_misc":{"Est. reading time":"4 minutes"},"schema":{"@context":"https:\/\/schema.org","@graph":[{"@type":"WebPage","@id":"https:\/\/talkpal.ai\/sq\/ushtrime-gramatikore-kineze\/","url":"https:\/\/talkpal.ai\/sq\/ushtrime-gramatikore-kineze\/","name":"Ushtrime gramatikore kineze - Talkpal","isPartOf":{"@id":"https:\/\/talkpal.ai\/sq\/#website"},"primaryImageOfPage":{"@id":"https:\/\/talkpal.ai\/sq\/ushtrime-gramatikore-kineze\/#primaryimage"},"image":{"@id":"https:\/\/talkpal.ai\/sq\/ushtrime-gramatikore-kineze\/#primaryimage"},"thumbnailUrl":"https:\/\/talkpal.ai\/wp-content\/uploads\/2023\/04\/china.png","datePublished":"2023-06-16T09:39:29+00:00","dateModified":"2025-09-06T21:06:10+00:00","description":"Zot\u00ebroni gramatik\u00ebn kineze me udh\u00ebzuesin ton\u00eb gjith\u00ebp\u00ebrfshir\u00ebs q\u00eb mbulon koh\u00ebt, foljet dhe m\u00eb shum\u00eb p\u00ebr t\u00eb p\u00ebrmir\u00ebsuar aft\u00ebsit\u00eb tuaja gjuh\u00ebsore.","breadcrumb":{"@id":"https:\/\/talkpal.ai\/sq\/ushtrime-gramatikore-kineze\/#breadcrumb"},"inLanguage":"sq-AL","potentialAction":[{"@type":"ReadAction","target":["https:\/\/talkpal.ai\/sq\/ushtrime-gramatikore-kineze\/"]}]},{"@type":"ImageObject","inLanguage":"sq-AL","@id":"https:\/\/talkpal.ai\/sq\/ushtrime-gramatikore-kineze\/#primaryimage","url":"https:\/\/talkpal.ai\/wp-content\/uploads\/2023\/04\/china.png","contentUrl":"https:\/\/talkpal.ai\/wp-content\/uploads\/2023\/04\/china.png","width":512,"height":512,"caption":"TalkPal Catalan Flag"},{"@type":"BreadcrumbList","@id":"https:\/\/talkpal.ai\/sq\/ushtrime-gramatikore-kineze\/#breadcrumb","itemListElement":[{"@type":"ListItem","position":1,"name":"Homepage","item":"https:\/\/talkpal.ai\/sq\/"},{"@type":"ListItem","position":2,"name":"Ushtrime gramatikore kineze"}]},{"@type":"WebSite","@id":"https:\/\/talkpal.ai\/sq\/#website","url":"https:\/\/talkpal.ai\/sq\/","name":"Talkpal","description":"AI Language Learning","publisher":{"@id":"https:\/\/talkpal.ai\/sq\/#organization"},"alternateName":"Talkpal AI","potentialAction":[{"@type":"SearchAction","target":{"@type":"EntryPoint","urlTemplate":"https:\/\/talkpal.ai\/sq\/?s={search_term_string}"},"query-input":{"@type":"PropertyValueSpecification","valueRequired":true,"valueName":"search_term_string"}}],"inLanguage":"sq-AL"},{"@type":"Organization","@id":"https:\/\/talkpal.ai\/sq\/#organization","name":"Talkpal, Inc.","alternateName":"Talkpal AI","url":"https:\/\/talkpal.ai\/sq\/","logo":{"@type":"ImageObject","inLanguage":"sq-AL","@id":"https:\/\/talkpal.ai\/sq\/#\/schema\/logo\/image\/","url":"https:\/\/talkpal.ai\/wp-content\/uploads\/2024\/03\/Talkpal-Logo-Icon.png","contentUrl":"https:\/\/talkpal.ai\/wp-content\/uploads\/2024\/03\/Talkpal-Logo-Icon.png","width":2880,"height":2880,"caption":"Talkpal, Inc."},"image":{"@id":"https:\/\/talkpal.ai\/sq\/#\/schema\/logo\/image\/"},"sameAs":["https:\/\/www.facebook.com\/profile.php?id=100090733639311","https:\/\/x.com\/talkpalai","https:\/\/www.linkedin.com\/company\/talkpal\/","https:\/\/www.youtube.com\/@TalkPal\/","https:\/\/www.tiktok.com\/@talkpal","https:\/\/www.instagram.com\/talkpal_ai\/","https:\/\/www.crunchbase.com\/organization\/talkpal-9cde","https:\/\/www.g2.com\/products\/talkpal-for-business\/","https:\/\/www.trustpilot.com\/review\/talkpal.ai","https:\/\/www.capterra.com\/p\/10006800\/TalkPal\/"],"description":"Talkpal is a language learning web and mobile education app, powered by the latest AI technologies, that provides engaging experiences to its customers in many different languages to help them improve their language skills. Users can chat about unlimited amount of topics with the app and use other modes to practice their language learning.","email":"support@talkpal.ai","legalName":"Talkpal, Inc.","foundingDate":"2023-04-03","duns":"118989042","numberOfEmployees":{"@type":"QuantitativeValue","minValue":"11","maxValue":"50"},"publishingPrinciples":"https:\/\/talkpal.ai\/publishing-principles\/","actionableFeedbackPolicy":"https:\/\/talkpal.ai\/actionable-feedback-policy\/","correctionsPolicy":"https:\/\/talkpal.ai\/corrections-policy\/","ethicsPolicy":"https:\/\/talkpal.ai\/ethics-policy\/","diversityPolicy":"https:\/\/talkpal.ai\/diversity-policy\/","diversityStaffingReport":"https:\/\/talkpal.ai\/diversity-policy\/"}]}},"_links":{"self":[{"href":"https:\/\/talkpal.ai\/sq\/wp-json\/wp\/v2\/pages\/1446796","targetHints":{"allow":["GET"]}}],"collection":[{"href":"https:\/\/talkpal.ai\/sq\/wp-json\/wp\/v2\/pages"}],"about":[{"href":"https:\/\/talkpal.ai\/sq\/wp-json\/wp\/v2\/types\/page"}],"author":[{"embeddable":true,"href":"https:\/\/talkpal.ai\/sq\/wp-json\/wp\/v2\/users\/6"}],"replies":[{"embeddable":true,"href":"https:\/\/talkpal.ai\/sq\/wp-json\/wp\/v2\/comments?post=1446796"}],"version-history":[{"count":0,"href":"https:\/\/talkpal.ai\/sq\/wp-json\/wp\/v2\/pages\/1446796\/revisions"}],"wp:featuredmedia":[{"embeddable":true,"href":"https:\/\/talkpal.ai\/sq\/wp-json\/wp\/v2\/media\/1440707"}],"wp:attachment":[{"href":"https:\/\/talkpal.ai\/sq\/wp-json\/wp\/v2\/media?parent=1446796"}],"curies":[{"name":"wp","href":"https:\/\/api.w.org\/{rel}","templated":true}]}}