{"id":1446791,"date":"2023-06-16T10:07:13","date_gmt":"2023-06-16T10:07:13","guid":{"rendered":"https:\/\/talkpal.ai\/ushtrime-gramatikore-finlandeze\/"},"modified":"2025-12-17T15:33:16","modified_gmt":"2025-12-17T15:33:16","slug":"ushtrime-gramatikore-finlandeze","status":"publish","type":"page","link":"https:\/\/talkpal.ai\/sq\/ushtrime-gramatikore-finlandeze\/","title":{"rendered":"Ushtrime gramatikore finlandeze"},"content":{"rendered":"\r\n\r\n\r\n<section class=\"languageChallengeSection\">\r\n    <div class=\"languageInfoWrapper\">\r\n        \r\n        <h1>Ushtrime gramatikore finlandeze<\/h1>\r\n        <p>Gati p\u00ebr t\u00eb trajtuar struktur\u00ebn unike t\u00eb finlandishtes? Praktikimi i ushtrimeve gramatikore \u00ebsht\u00eb nj\u00eb m\u00ebnyr\u00eb e shk\u00eblqyer p\u00ebr t&#039;u rehatuar me mbaresat e fjal\u00ebve, rastet dhe modelet e fjalive q\u00eb e b\u00ebjn\u00eb finlandishten t\u00eb ve\u00e7ant\u00eb. Zhytuni n\u00eb gramatik\u00ebn finlandeze sot dhe shihni aft\u00ebsit\u00eb dhe besimin tuaj t\u00eb rriten me \u00e7do ushtrim!<\/p>\r\n\r\n                            <a class=\"getStartedHidden\" href=\"https:\/\/app.talkpal.ai\/signup?lng=\">Filloni<\/a>\r\n        \r\n    <\/div>\r\n\r\n    <figure>\r\n    <img decoding=\"async\" width=\"768\" height=\"768\" src=\"https:\/\/talkpal.ai\/wp-content\/uploads\/2023\/06\/Finnish-768x768.png\" class=\"languageImage no-lazy\" alt=\"Develop your language aptitude learning\" fetchpriority=\"high\" sizes=\"(max-width: 768px) 150px, 768px\" srcset=\"https:\/\/talkpal.ai\/wp-content\/uploads\/2023\/06\/Finnish-768x768.png 768w, https:\/\/talkpal.ai\/wp-content\/uploads\/2023\/06\/Finnish-300x300.png 300w\" \/>\r\n    \r\n\r\n    <\/figure>\r\n\r\n            <a class=\"getStartedVisible\" href=\"https:\/\/app.talkpal.ai\/signup?lng=\">Filloni<\/a>\r\n    \r\n<\/section>\r\n\r\n\r\n<!-- <section class=\"grammarSection\">\r\n    <div class=\"grammarLinks\">\r\n            <\/div>\r\n<\/section> -->\r\n\r\n\r\n\r\n\r\n<section class=\"promotionalBanner\">\r\n    <p class=\"promotionalText\">M\u00ebnyra m\u00eb efikase p\u00ebr t\u00eb m\u00ebsuar nj\u00eb gjuh\u00eb<\/p>\r\n    <a class=\"promotionalLink\" href=\"https:\/\/app.talkpal.ai\/signup?lng=\">Provoni Talkpal falas<\/a>\r\n<\/section>\n<div class=\"wp-block-group pageContainerStyle\"><div class=\"wp-block-group__inner-container is-layout-constrained wp-block-group-is-layout-constrained\">\n<h2 class=\"wp-block-heading\" id=\"h-finnish-grammar-topics\">Temat e gramatik\u00ebs finlandeze<\/h2>\n\n\n\n<p>M\u00ebsimi i finlandishtes mund t\u00eb jet\u00eb nj\u00eb p\u00ebrvoj\u00eb shp\u00ebrblyese p\u00ebr entuziast\u00ebt e gjuh\u00ebs, pasi \u00ebsht\u00eb nj\u00eb gjuh\u00eb unike dhe magjeps\u00ebse me nj\u00eb histori t\u00eb pasur kulturore. <a href=\"https:\/\/talkpal.ai\/sq\/gramatika\/\">Gramatika<\/a> finlandeze mund t\u00eb duket sfiduese n\u00eb fillim, por me nj\u00eb qasje sistematike dhe fokus n\u00eb temat thelb\u00ebsore, ju mund t\u00eb b\u00ebni p\u00ebrparim t\u00eb q\u00ebndruesh\u00ebm dhe p\u00ebrfundimisht t\u00eb b\u00ebheni rrjedhsh\u00ebm n\u00eb k\u00ebt\u00eb gjuh\u00eb t\u00eb bukur. N\u00eb k\u00ebt\u00eb udh\u00ebzues, ne do t\u00eb diskutojm\u00eb temat e gramatik\u00ebs finlandeze n\u00eb nj\u00eb sekuenc\u00eb q\u00eb do t&#8217;ju ndihmoj\u00eb t\u00eb m\u00ebsoni gjuh\u00ebn n\u00eb m\u00ebnyr\u00eb efektive, duke mbuluar koh\u00ebt, foljet, emrat, artikujt, mbiemrat, ndajfoljet, postpozicionet dhe struktur\u00ebn e fjalive.<\/p>\n\n\n\n<h3 class=\"wp-block-heading\" id=\"h-1-nouns\">1. Emrat:<\/h3>\n\n\n\n<p>Filloni duke m\u00ebsuar emrat finlandez\u00eb, pasi ato formojn\u00eb themelin p\u00ebr nd\u00ebrtimin e fjalive. Emrat finlandez\u00eb kan\u00eb 15 raste, t\u00eb cilat jan\u00eb thelb\u00ebsore p\u00ebr t\u00eb kuptuar struktur\u00ebn e gjuh\u00ebs. Njihuni me rastet e ndryshme emrash dhe rolet e <a href=\"https:\/\/talkpal.ai\/locations\/language-courses-in-tyre\/\">tyre<\/a> n\u00eb nj\u00eb fjali.<\/p>\n\n\n\n<h3 class=\"wp-block-heading\" id=\"h-2-articles\">2. Artikujt:<\/h3>\n\n\n\n<p>Finlandishtja nuk ka artikuj si &#8220;the&#8221; ose &#8220;a&#8221; n\u00eb <a href=\"https:\/\/talkpal.ai\/learn-english-with-ai\/\">anglisht<\/a>, duke e b\u00ebr\u00eb m\u00eb t\u00eb leht\u00eb p\u00ebr nx\u00ebn\u00ebsit. N\u00eb vend t\u00eb k\u00ebsaj, kuptimi i nj\u00eb emri p\u00ebrcaktohet nga konteksti dhe mbaresat e rastit.<\/p>\n\n\n\n<h3 class=\"wp-block-heading\" id=\"h-3-adjectives\">3. Mbiemra:<\/h3>\n\n\n\n<p>Mbiemrat p\u00ebrshkruajn\u00eb emrat dhe pajtohen me ta n\u00eb rast dhe num\u00ebr. M\u00ebsoni <a href=\"https:\/\/talkpal.ai\/culture\/what-is-the-difference-between-se-and-si\/\">se si<\/a> t\u00eb formoni dhe p\u00ebrdorni mbiemra p\u00ebr t&#8217;i b\u00ebr\u00eb fjalit\u00eb tuaja m\u00eb p\u00ebrshkruese dhe ekspresive.<\/p>\n\n\n\n<h3 class=\"wp-block-heading\" id=\"h-4-verbs\">4. Foljet:<\/h3>\n\n\n\n<p>Foljet finlandeze jan\u00eb thelb\u00ebsore p\u00ebr t\u00eb shprehur veprimet dhe shtetet. Njihuni me modelet baz\u00eb t\u00eb konjugimit t\u00eb foljeve dhe foljet m\u00eb t\u00eb zakonshme t\u00eb parregullta.<\/p>\n\n\n\n<h3 class=\"wp-block-heading\" id=\"h-5-tenses-indicative\">5. Koh\u00ebt treguese:<\/h3>\n\n\n\n<p>Kuptoni humorin tregues, i cili p\u00ebrdoret p\u00ebr t\u00eb shprehur deklarata, fakte dhe opinione. Finlandishtja ka kat\u00ebr koh\u00eb kryesore n\u00eb humorin tregues: e tashmja, e kaluara (e pap\u00ebrsosur), e p\u00ebrsosur dhe pluperfekte. M\u00ebsoni se si t&#8217;i formoni dhe p\u00ebrdorni k\u00ebto koh\u00eb n\u00eb m\u00ebnyr\u00eb korrekte.<\/p>\n\n\n\n<h3 class=\"wp-block-heading\" id=\"h-6-tenses-potential\">6. Potenciali i koh\u00ebve:<\/h3>\n\n\n\n<p>Humori i mundsh\u00ebm p\u00ebrdoret p\u00ebr t\u00eb shprehur mund\u00ebsin\u00eb, probabilitetin ose dyshimin. Ka dy koh\u00eb: potencialin e tanish\u00ebm dhe potencialin e kaluar. M\u00ebsoni se si t&#8217;i formoni dhe p\u00ebrdorni k\u00ebto koh\u00eb p\u00ebr t&#8217;i shtuar nuanca fjalive tuaja.<\/p>\n\n\n\n<h3 class=\"wp-block-heading\" id=\"h-7-tenses-imperative\">7. Imperativi i koh\u00ebve:<\/h3>\n\n\n\n<p>Humori domosdoshm\u00ebrik p\u00ebrdoret p\u00ebr t\u00eb dh\u00ebn\u00eb komanda dhe p\u00ebr t\u00eb b\u00ebr\u00eb k\u00ebrkesa. M\u00ebsoni se si t\u00eb formoni imperativin n\u00eb finlandisht dhe ta p\u00ebrdorni at\u00eb si\u00e7 duhet n\u00eb situata t\u00eb ndryshme.<\/p>\n\n\n\n<h3 class=\"wp-block-heading\" id=\"h-8-tense-comparison\">8. Krahasimi i tensionuar:<\/h3>\n\n\n\n<p>Kuptoni se si t\u00eb krahasoni koh\u00ebt dhe humoret e ndryshme n\u00eb finlandisht. Kjo aft\u00ebsi do t&#8217;ju mund\u00ebsoj\u00eb t\u00eb shprehni ide komplekse dhe marr\u00ebdh\u00ebnie midis ngjarjeve.<\/p>\n\n\n\n<h3 class=\"wp-block-heading\" id=\"h-9-adverbs\">9. Ndajfoljet:<\/h3>\n\n\n\n<p>Ndajfoljet modifikojn\u00eb foljet, mbiemrat ose ndajfoljet e tjera, duke ofruar informacion shtes\u00eb <a href=\"https:\/\/talkpal.ai\/sq\/rreth\/\">rreth<\/a> veprimeve ose cil\u00ebsive. M\u00ebsoni llojet e ndryshme t\u00eb ndajfoljeve dhe si t&#8217;i p\u00ebrdorni ato n\u00eb m\u00ebnyr\u00eb efektive n\u00eb fjalit\u00eb tuaja.<\/p>\n\n\n\n<h3 class=\"wp-block-heading\" id=\"h-10-postpositions\">10. Postpozicionet:<\/h3>\n\n\n\n<p>Finlandishtja p\u00ebrdor postpozicione n\u00eb vend t\u00eb parafjal\u00ebve p\u00ebr t\u00eb treguar marr\u00ebdh\u00ebniet midis fjal\u00ebve. M\u00ebsoni postpozicionet m\u00eb t\u00eb zakonshme dhe si funksionojn\u00eb ato n\u00eb nj\u00eb fjali.<\/p>\n\n\n\n<h3 class=\"wp-block-heading\" id=\"h-11-sentence-structure\">11. Struktura e fjalis\u00eb:<\/h3>\n\n\n\n<p>S\u00eb fundi, studioni struktur\u00ebn baz\u00eb t\u00eb fjalis\u00eb n\u00eb finlandisht, e cila ndjek modelin subjekt-folje-objekt (SVO). M\u00ebsoni se si t\u00eb krijoni fjali t\u00eb thjeshta dhe komplekse duke p\u00ebrdorur temat gramatikore q\u00eb keni m\u00ebsuar dhe praktikoni kombinimin e tyre p\u00ebr t\u00eb shprehur mendimet tuaja me sakt\u00ebsi dhe rrjedhshm\u00ebri.<\/p>\n<\/div><\/div>\n\r\n<section class=\"learnNavigationSection\">\r\n            \r\n        <a href=\"https:\/\/talkpal.ai\/sq\/meso-finlandisht\/\">\r\n            <div class=\"learnNavigationWrapper\">\r\n                <div class=\"learnNavigationContent\">\r\n                    <img decoding=\"async\" src=\"https:\/\/talkpal.ai\/wp-content\/uploads\/2024\/08\/Finnish.jpg\" alt=\"Finnish Flag\">\r\n                    <div>\r\n                        <h4>Rreth m\u00ebsimit finlandez<\/h4>\r\n                        <p>M\u00ebsoni gjith\u00e7ka rreth gramatik\u00ebs finlandeze.<\/p>\r\n                    <\/div>\r\n                <\/div>\r\n            <\/div>\r\n        <\/a>\r\n\r\n        \r\n        <a href=\"https:\/\/talkpal.ai\/sq\/gramatika-finlandeze\/\">\r\n            <div class=\"learnNavigationWrapper\">\r\n                <div class=\"learnNavigationContent\">\r\n                    <img decoding=\"async\" src=\"https:\/\/talkpal.ai\/wp-content\/uploads\/2024\/08\/Finnish.jpg\" alt=\"Finnish Flag\">\r\n                    <div>\r\n                        <h4>M\u00ebsime t\u00eb gramatik\u00ebs finlandeze<\/h4>\r\n                        <p>Praktikoni gramatik\u00ebn finlandeze.<\/p>\r\n                    <\/div>\r\n                <\/div>\r\n            <\/div>\r\n        <\/a>\r\n\r\n        \r\n        <a href=\"https:\/\/talkpal.ai\/vocabulary_language\/finnish\/\">\r\n            <div class=\"learnNavigationWrapper\">\r\n                <div class=\"learnNavigationContent\">\r\n                    <img decoding=\"async\" src=\"https:\/\/talkpal.ai\/wp-content\/uploads\/2024\/08\/Finnish.jpg\" alt=\"Finnish Flag\">\r\n                    <div>\r\n                        <h4>Fjalori finlandez<\/h4>\r\n                        <p>Zgjeroni fjalorin tuaj finlandisht.<\/p>\r\n                    <\/div>\r\n                <\/div>\r\n            <\/div>\r\n        <\/a>\r\n\r\n            <\/section>\n<p><\/p>\n","protected":false},"excerpt":{"rendered":"<p>Temat e gramatik\u00ebs finlandeze M\u00ebsimi i finlandishtes mund t\u00eb jet\u00eb nj\u00eb p\u00ebrvoj\u00eb shp\u00ebrblyese p\u00ebr entuziast\u00ebt e gjuh\u00ebs, pasi \u00ebsht\u00eb nj\u00eb gjuh\u00eb unike dhe magjeps\u00ebse me nj\u00eb histori t\u00eb pasur kulturore. Gramatika finlandeze mund t\u00eb duket sfiduese n\u00eb fillim, por me nj\u00eb qasje sistematike dhe fokus n\u00eb temat thelb\u00ebsore, ju mund t\u00eb b\u00ebni p\u00ebrparim t\u00eb q\u00ebndruesh\u00ebm [&hellip;]<\/p>\n","protected":false},"author":6,"featured_media":1440701,"parent":0,"menu_order":0,"comment_status":"closed","ping_status":"closed","template":"LearningContentPage.php","meta":{"_acf_changed":false,"footnotes":""},"class_list":["post-1446791","page","type-page","status-publish","has-post-thumbnail","hentry"],"acf":[],"yoast_head":"<!-- This site is optimized with the Yoast SEO Premium plugin v27.2 (Yoast SEO v27.2) - https:\/\/yoast.com\/product\/yoast-seo-premium-wordpress\/ -->\n<title>Ushtrime gramatikore finlandeze - Talkpal<\/title>\n<meta name=\"description\" content=\"Praktikoni dhe p\u00ebrmir\u00ebsoni aft\u00ebsit\u00eb tuaja gramatikore finlandeze me k\u00ebto ushtrime interaktive dhe efektive. I p\u00ebrshtatsh\u00ebm p\u00ebr t\u00eb gjitha nivelet e t\u00eb m\u00ebsuarit.\" \/>\n<meta name=\"robots\" content=\"index, follow, max-snippet:-1, max-image-preview:large, max-video-preview:-1\" \/>\n<link rel=\"canonical\" href=\"https:\/\/talkpal.ai\/sq\/ushtrime-gramatikore-finlandeze\/\" \/>\n<meta property=\"og:locale\" content=\"sq_AL\" \/>\n<meta property=\"og:type\" content=\"article\" \/>\n<meta property=\"og:title\" content=\"Ushtrime gramatikore finlandeze\" \/>\n<meta property=\"og:description\" content=\"Temat e gramatik\u00ebs finlandeze M\u00ebsimi i finlandishtes mund t\u00eb jet\u00eb nj\u00eb p\u00ebrvoj\u00eb shp\u00ebrblyese p\u00ebr entuziast\u00ebt e gjuh\u00ebs, pasi \u00ebsht\u00eb nj\u00eb gjuh\u00eb unike dhe\" \/>\n<meta property=\"og:url\" content=\"https:\/\/talkpal.ai\/sq\/ushtrime-gramatikore-finlandeze\/\" \/>\n<meta property=\"og:site_name\" content=\"Talkpal\" \/>\n<meta property=\"article:publisher\" content=\"https:\/\/www.facebook.com\/profile.php?id=100090733639311\" \/>\n<meta property=\"article:modified_time\" content=\"2025-12-17T15:33:16+00:00\" \/>\n<meta property=\"og:image\" content=\"https:\/\/talkpal.ai\/wp-content\/uploads\/2023\/04\/finland.png\" \/>\n\t<meta property=\"og:image:width\" content=\"512\" \/>\n\t<meta property=\"og:image:height\" content=\"512\" \/>\n\t<meta property=\"og:image:type\" content=\"image\/png\" \/>\n<meta name=\"twitter:card\" content=\"summary_large_image\" \/>\n<meta name=\"twitter:site\" content=\"@talkpalai\" \/>\n<meta name=\"twitter:label1\" content=\"Est. reading time\" \/>\n\t<meta name=\"twitter:data1\" content=\"3 minutes\" \/>\n<script type=\"application\/ld+json\" class=\"yoast-schema-graph\">{\"@context\":\"https:\/\/schema.org\",\"@graph\":[{\"@type\":\"WebPage\",\"@id\":\"https:\/\/talkpal.ai\/sq\/ushtrime-gramatikore-finlandeze\/\",\"url\":\"https:\/\/talkpal.ai\/sq\/ushtrime-gramatikore-finlandeze\/\",\"name\":\"Ushtrime gramatikore finlandeze - Talkpal\",\"isPartOf\":{\"@id\":\"https:\/\/talkpal.ai\/sq\/#website\"},\"primaryImageOfPage\":{\"@id\":\"https:\/\/talkpal.ai\/sq\/ushtrime-gramatikore-finlandeze\/#primaryimage\"},\"image\":{\"@id\":\"https:\/\/talkpal.ai\/sq\/ushtrime-gramatikore-finlandeze\/#primaryimage\"},\"thumbnailUrl\":\"https:\/\/talkpal.ai\/wp-content\/uploads\/2023\/04\/finland.png\",\"datePublished\":\"2023-06-16T10:07:13+00:00\",\"dateModified\":\"2025-12-17T15:33:16+00:00\",\"description\":\"Praktikoni dhe p\u00ebrmir\u00ebsoni aft\u00ebsit\u00eb tuaja gramatikore finlandeze me k\u00ebto ushtrime interaktive dhe efektive. I p\u00ebrshtatsh\u00ebm p\u00ebr t\u00eb gjitha nivelet e t\u00eb m\u00ebsuarit.\",\"breadcrumb\":{\"@id\":\"https:\/\/talkpal.ai\/sq\/ushtrime-gramatikore-finlandeze\/#breadcrumb\"},\"inLanguage\":\"sq-AL\",\"potentialAction\":[{\"@type\":\"ReadAction\",\"target\":[\"https:\/\/talkpal.ai\/sq\/ushtrime-gramatikore-finlandeze\/\"]}]},{\"@type\":\"ImageObject\",\"inLanguage\":\"sq-AL\",\"@id\":\"https:\/\/talkpal.ai\/sq\/ushtrime-gramatikore-finlandeze\/#primaryimage\",\"url\":\"https:\/\/talkpal.ai\/wp-content\/uploads\/2023\/04\/finland.png\",\"contentUrl\":\"https:\/\/talkpal.ai\/wp-content\/uploads\/2023\/04\/finland.png\",\"width\":512,\"height\":512,\"caption\":\"TalkPal Catalan Flag\"},{\"@type\":\"BreadcrumbList\",\"@id\":\"https:\/\/talkpal.ai\/sq\/ushtrime-gramatikore-finlandeze\/#breadcrumb\",\"itemListElement\":[{\"@type\":\"ListItem\",\"position\":1,\"name\":\"Homepage\",\"item\":\"https:\/\/talkpal.ai\/sq\/\"},{\"@type\":\"ListItem\",\"position\":2,\"name\":\"Ushtrime gramatikore finlandeze\"}]},{\"@type\":\"WebSite\",\"@id\":\"https:\/\/talkpal.ai\/sq\/#website\",\"url\":\"https:\/\/talkpal.ai\/sq\/\",\"name\":\"Talkpal\",\"description\":\"AI Language Learning\",\"publisher\":{\"@id\":\"https:\/\/talkpal.ai\/sq\/#organization\"},\"alternateName\":\"Talkpal AI\",\"potentialAction\":[{\"@type\":\"SearchAction\",\"target\":{\"@type\":\"EntryPoint\",\"urlTemplate\":\"https:\/\/talkpal.ai\/sq\/?s={search_term_string}\"},\"query-input\":{\"@type\":\"PropertyValueSpecification\",\"valueRequired\":true,\"valueName\":\"search_term_string\"}}],\"inLanguage\":\"sq-AL\"},{\"@type\":\"Organization\",\"@id\":\"https:\/\/talkpal.ai\/sq\/#organization\",\"name\":\"Talkpal, Inc.\",\"alternateName\":\"Talkpal AI\",\"url\":\"https:\/\/talkpal.ai\/sq\/\",\"logo\":{\"@type\":\"ImageObject\",\"inLanguage\":\"sq-AL\",\"@id\":\"https:\/\/talkpal.ai\/sq\/#\/schema\/logo\/image\/\",\"url\":\"https:\/\/talkpal.ai\/wp-content\/uploads\/2024\/03\/Talkpal-Logo-Icon.png\",\"contentUrl\":\"https:\/\/talkpal.ai\/wp-content\/uploads\/2024\/03\/Talkpal-Logo-Icon.png\",\"width\":2880,\"height\":2880,\"caption\":\"Talkpal, Inc.\"},\"image\":{\"@id\":\"https:\/\/talkpal.ai\/sq\/#\/schema\/logo\/image\/\"},\"sameAs\":[\"https:\/\/www.facebook.com\/profile.php?id=100090733639311\",\"https:\/\/x.com\/talkpalai\",\"https:\/\/www.linkedin.com\/company\/talkpal\/\",\"https:\/\/www.youtube.com\/@TalkPal\/\",\"https:\/\/www.tiktok.com\/@talkpal\",\"https:\/\/www.instagram.com\/talkpal_ai\/\",\"https:\/\/www.crunchbase.com\/organization\/talkpal-9cde\",\"https:\/\/www.g2.com\/products\/talkpal-for-business\/\",\"https:\/\/www.trustpilot.com\/review\/talkpal.ai\",\"https:\/\/www.capterra.com\/p\/10006800\/TalkPal\/\"],\"description\":\"Talkpal is a language learning web and mobile education app, powered by the latest AI technologies, that provides engaging experiences to its customers in many different languages to help them improve their language skills. Users can chat about unlimited amount of topics with the app and use other modes to practice their language learning.\",\"email\":\"support@talkpal.ai\",\"legalName\":\"Talkpal, Inc.\",\"foundingDate\":\"2023-04-03\",\"duns\":\"118989042\",\"numberOfEmployees\":{\"@type\":\"QuantitativeValue\",\"minValue\":\"11\",\"maxValue\":\"50\"},\"publishingPrinciples\":\"https:\/\/talkpal.ai\/publishing-principles\/\",\"actionableFeedbackPolicy\":\"https:\/\/talkpal.ai\/actionable-feedback-policy\/\",\"correctionsPolicy\":\"https:\/\/talkpal.ai\/corrections-policy\/\",\"ethicsPolicy\":\"https:\/\/talkpal.ai\/ethics-policy\/\",\"diversityPolicy\":\"https:\/\/talkpal.ai\/diversity-policy\/\",\"diversityStaffingReport\":\"https:\/\/talkpal.ai\/diversity-policy\/\"}]}<\/script>\n<!-- \/ Yoast SEO Premium plugin. -->","yoast_head_json":{"title":"Ushtrime gramatikore finlandeze - Talkpal","description":"Praktikoni dhe p\u00ebrmir\u00ebsoni aft\u00ebsit\u00eb tuaja gramatikore finlandeze me k\u00ebto ushtrime interaktive dhe efektive. I p\u00ebrshtatsh\u00ebm p\u00ebr t\u00eb gjitha nivelet e t\u00eb m\u00ebsuarit.","robots":{"index":"index","follow":"follow","max-snippet":"max-snippet:-1","max-image-preview":"max-image-preview:large","max-video-preview":"max-video-preview:-1"},"canonical":"https:\/\/talkpal.ai\/sq\/ushtrime-gramatikore-finlandeze\/","og_locale":"sq_AL","og_type":"article","og_title":"Ushtrime gramatikore finlandeze","og_description":"Temat e gramatik\u00ebs finlandeze M\u00ebsimi i finlandishtes mund t\u00eb jet\u00eb nj\u00eb p\u00ebrvoj\u00eb shp\u00ebrblyese p\u00ebr entuziast\u00ebt e gjuh\u00ebs, pasi \u00ebsht\u00eb nj\u00eb gjuh\u00eb unike dhe","og_url":"https:\/\/talkpal.ai\/sq\/ushtrime-gramatikore-finlandeze\/","og_site_name":"Talkpal","article_publisher":"https:\/\/www.facebook.com\/profile.php?id=100090733639311","article_modified_time":"2025-12-17T15:33:16+00:00","og_image":[{"width":512,"height":512,"url":"https:\/\/talkpal.ai\/wp-content\/uploads\/2023\/04\/finland.png","type":"image\/png"}],"twitter_card":"summary_large_image","twitter_site":"@talkpalai","twitter_misc":{"Est. reading time":"3 minutes"},"schema":{"@context":"https:\/\/schema.org","@graph":[{"@type":"WebPage","@id":"https:\/\/talkpal.ai\/sq\/ushtrime-gramatikore-finlandeze\/","url":"https:\/\/talkpal.ai\/sq\/ushtrime-gramatikore-finlandeze\/","name":"Ushtrime gramatikore finlandeze - Talkpal","isPartOf":{"@id":"https:\/\/talkpal.ai\/sq\/#website"},"primaryImageOfPage":{"@id":"https:\/\/talkpal.ai\/sq\/ushtrime-gramatikore-finlandeze\/#primaryimage"},"image":{"@id":"https:\/\/talkpal.ai\/sq\/ushtrime-gramatikore-finlandeze\/#primaryimage"},"thumbnailUrl":"https:\/\/talkpal.ai\/wp-content\/uploads\/2023\/04\/finland.png","datePublished":"2023-06-16T10:07:13+00:00","dateModified":"2025-12-17T15:33:16+00:00","description":"Praktikoni dhe p\u00ebrmir\u00ebsoni aft\u00ebsit\u00eb tuaja gramatikore finlandeze me k\u00ebto ushtrime interaktive dhe efektive. I p\u00ebrshtatsh\u00ebm p\u00ebr t\u00eb gjitha nivelet e t\u00eb m\u00ebsuarit.","breadcrumb":{"@id":"https:\/\/talkpal.ai\/sq\/ushtrime-gramatikore-finlandeze\/#breadcrumb"},"inLanguage":"sq-AL","potentialAction":[{"@type":"ReadAction","target":["https:\/\/talkpal.ai\/sq\/ushtrime-gramatikore-finlandeze\/"]}]},{"@type":"ImageObject","inLanguage":"sq-AL","@id":"https:\/\/talkpal.ai\/sq\/ushtrime-gramatikore-finlandeze\/#primaryimage","url":"https:\/\/talkpal.ai\/wp-content\/uploads\/2023\/04\/finland.png","contentUrl":"https:\/\/talkpal.ai\/wp-content\/uploads\/2023\/04\/finland.png","width":512,"height":512,"caption":"TalkPal Catalan Flag"},{"@type":"BreadcrumbList","@id":"https:\/\/talkpal.ai\/sq\/ushtrime-gramatikore-finlandeze\/#breadcrumb","itemListElement":[{"@type":"ListItem","position":1,"name":"Homepage","item":"https:\/\/talkpal.ai\/sq\/"},{"@type":"ListItem","position":2,"name":"Ushtrime gramatikore finlandeze"}]},{"@type":"WebSite","@id":"https:\/\/talkpal.ai\/sq\/#website","url":"https:\/\/talkpal.ai\/sq\/","name":"Talkpal","description":"AI Language Learning","publisher":{"@id":"https:\/\/talkpal.ai\/sq\/#organization"},"alternateName":"Talkpal AI","potentialAction":[{"@type":"SearchAction","target":{"@type":"EntryPoint","urlTemplate":"https:\/\/talkpal.ai\/sq\/?s={search_term_string}"},"query-input":{"@type":"PropertyValueSpecification","valueRequired":true,"valueName":"search_term_string"}}],"inLanguage":"sq-AL"},{"@type":"Organization","@id":"https:\/\/talkpal.ai\/sq\/#organization","name":"Talkpal, Inc.","alternateName":"Talkpal AI","url":"https:\/\/talkpal.ai\/sq\/","logo":{"@type":"ImageObject","inLanguage":"sq-AL","@id":"https:\/\/talkpal.ai\/sq\/#\/schema\/logo\/image\/","url":"https:\/\/talkpal.ai\/wp-content\/uploads\/2024\/03\/Talkpal-Logo-Icon.png","contentUrl":"https:\/\/talkpal.ai\/wp-content\/uploads\/2024\/03\/Talkpal-Logo-Icon.png","width":2880,"height":2880,"caption":"Talkpal, Inc."},"image":{"@id":"https:\/\/talkpal.ai\/sq\/#\/schema\/logo\/image\/"},"sameAs":["https:\/\/www.facebook.com\/profile.php?id=100090733639311","https:\/\/x.com\/talkpalai","https:\/\/www.linkedin.com\/company\/talkpal\/","https:\/\/www.youtube.com\/@TalkPal\/","https:\/\/www.tiktok.com\/@talkpal","https:\/\/www.instagram.com\/talkpal_ai\/","https:\/\/www.crunchbase.com\/organization\/talkpal-9cde","https:\/\/www.g2.com\/products\/talkpal-for-business\/","https:\/\/www.trustpilot.com\/review\/talkpal.ai","https:\/\/www.capterra.com\/p\/10006800\/TalkPal\/"],"description":"Talkpal is a language learning web and mobile education app, powered by the latest AI technologies, that provides engaging experiences to its customers in many different languages to help them improve their language skills. Users can chat about unlimited amount of topics with the app and use other modes to practice their language learning.","email":"support@talkpal.ai","legalName":"Talkpal, Inc.","foundingDate":"2023-04-03","duns":"118989042","numberOfEmployees":{"@type":"QuantitativeValue","minValue":"11","maxValue":"50"},"publishingPrinciples":"https:\/\/talkpal.ai\/publishing-principles\/","actionableFeedbackPolicy":"https:\/\/talkpal.ai\/actionable-feedback-policy\/","correctionsPolicy":"https:\/\/talkpal.ai\/corrections-policy\/","ethicsPolicy":"https:\/\/talkpal.ai\/ethics-policy\/","diversityPolicy":"https:\/\/talkpal.ai\/diversity-policy\/","diversityStaffingReport":"https:\/\/talkpal.ai\/diversity-policy\/"}]}},"_links":{"self":[{"href":"https:\/\/talkpal.ai\/sq\/wp-json\/wp\/v2\/pages\/1446791","targetHints":{"allow":["GET"]}}],"collection":[{"href":"https:\/\/talkpal.ai\/sq\/wp-json\/wp\/v2\/pages"}],"about":[{"href":"https:\/\/talkpal.ai\/sq\/wp-json\/wp\/v2\/types\/page"}],"author":[{"embeddable":true,"href":"https:\/\/talkpal.ai\/sq\/wp-json\/wp\/v2\/users\/6"}],"replies":[{"embeddable":true,"href":"https:\/\/talkpal.ai\/sq\/wp-json\/wp\/v2\/comments?post=1446791"}],"version-history":[{"count":0,"href":"https:\/\/talkpal.ai\/sq\/wp-json\/wp\/v2\/pages\/1446791\/revisions"}],"wp:featuredmedia":[{"embeddable":true,"href":"https:\/\/talkpal.ai\/sq\/wp-json\/wp\/v2\/media\/1440701"}],"wp:attachment":[{"href":"https:\/\/talkpal.ai\/sq\/wp-json\/wp\/v2\/media?parent=1446791"}],"curies":[{"name":"wp","href":"https:\/\/api.w.org\/{rel}","templated":true}]}}