{"id":1446788,"date":"2023-06-16T09:41:10","date_gmt":"2023-06-16T09:41:10","guid":{"rendered":"https:\/\/talkpal.ai\/ushtrimet-gramatikore-holandeze\/"},"modified":"2025-12-17T15:29:00","modified_gmt":"2025-12-17T15:29:00","slug":"ushtrimet-gramatikore-holandeze","status":"publish","type":"page","link":"https:\/\/talkpal.ai\/sq\/ushtrimet-gramatikore-holandeze\/","title":{"rendered":"Ushtrimet gramatikore holandeze"},"content":{"rendered":"\r\n\r\n\r\n<section class=\"languageChallengeSection\">\r\n    <div class=\"languageInfoWrapper\">\r\n        \r\n        <h1>Ushtrimet gramatikore holandeze<\/h1>\r\n        <p>D\u00ebshironi t\u00eb jeni m\u00eb t\u00eb sigurt n\u00eb holandisht? Praktikimi i ushtrimeve gramatikore \u00ebsht\u00eb nj\u00eb m\u00ebnyr\u00eb e shk\u00eblqyer p\u00ebr t\u00eb zot\u00ebruar struktur\u00ebn e fjalive, konjugimet e foljeve dhe modelet unike t\u00eb gjuh\u00ebs holandeze. Filloni t\u00eb punoni n\u00eb gramatik\u00ebn holandeze sot dhe shikoni aft\u00ebsit\u00eb dhe rrjedhshm\u00ebrin\u00eb tuaj t\u00eb rriten me \u00e7do ushtrim!\n\n<\/p>\r\n\r\n                            <a class=\"getStartedHidden\" href=\"https:\/\/app.talkpal.ai\/signup?lng=\">Filloni<\/a>\r\n        \r\n    <\/div>\r\n\r\n    <figure>\r\n    <img decoding=\"async\" width=\"768\" height=\"768\" src=\"https:\/\/talkpal.ai\/wp-content\/uploads\/2023\/06\/Dutch-768x768.png\" class=\"languageImage no-lazy\" alt=\"Developing skills through language learning\" fetchpriority=\"high\" sizes=\"(max-width: 768px) 150px, 768px\" srcset=\"https:\/\/talkpal.ai\/wp-content\/uploads\/2023\/06\/Dutch-768x768.png 768w, https:\/\/talkpal.ai\/wp-content\/uploads\/2023\/06\/Dutch-300x300.png 300w\" \/>\r\n    \r\n\r\n    <\/figure>\r\n\r\n            <a class=\"getStartedVisible\" href=\"https:\/\/app.talkpal.ai\/signup?lng=\">Filloni<\/a>\r\n    \r\n<\/section>\r\n\r\n\r\n<!-- <section class=\"grammarSection\">\r\n    <div class=\"grammarLinks\">\r\n            <\/div>\r\n<\/section> -->\r\n\r\n\r\n\r\n\r\n<section class=\"promotionalBanner\">\r\n    <p class=\"promotionalText\">M\u00ebnyra m\u00eb efikase p\u00ebr t\u00eb m\u00ebsuar nj\u00eb gjuh\u00eb<\/p>\r\n    <a class=\"promotionalLink\" href=\"https:\/\/app.talkpal.ai\/signup?lng=\">Provoni Talkpal falas<\/a>\r\n<\/section>\n<div class=\"wp-block-group pageContainerStyle\"><div class=\"wp-block-group__inner-container is-layout-constrained wp-block-group-is-layout-constrained\">\n<h2 class=\"wp-block-heading\" id=\"h-dutch-grammar-topics\">Temat e gramatik\u00ebs holandeze<\/h2>\n\n\n\n<p>M\u00ebsimi i holandishtes mund t\u00eb jet\u00eb nj\u00eb p\u00ebrvoj\u00eb emocionuese dhe shp\u00ebrblyese, pasi hap der\u00ebn p\u00ebr nj\u00eb kultur\u00eb, histori dhe mund\u00ebsi t\u00eb pasur p\u00ebr rritje personale dhe profesionale. Gjuha holandeze, megjith\u00ebse e lidhur ngusht\u00eb me anglishten dhe gjermanishten, ka rregullat dhe struktur\u00ebn e saj unike gramatikore, t\u00eb cilat mund t\u00eb duken sfiduese n\u00eb fillim. Megjithat\u00eb, me p\u00ebrkushtim dhe qasje t\u00eb duhur, ju mund t\u00eb zot\u00ebroni gjuh\u00ebn holandeze dhe t\u00eb komunikoni rrjedhsh\u00ebm me fol\u00ebsit amtare. N\u00eb k\u00ebt\u00eb udh\u00ebzues, ne do t\u00eb shqyrtojm\u00eb disa tema thelb\u00ebsore t\u00eb gramatik\u00ebs holandeze, t\u00eb grupuara n\u00eb nj\u00eb sekuenc\u00eb q\u00eb do t&#8217;ju ndihmoj\u00eb t\u00eb m\u00ebsoni gjuh\u00ebn n\u00eb nj\u00eb m\u00ebnyr\u00eb sistematike dhe efikase.<\/p>\n\n\n\n<h3 class=\"wp-block-heading\" id=\"h-1-nouns-and-articles\">1. Emrat dhe artikujt:<\/h3>\n\n\n\n<p>Filloni duke u njohur me emrat holandez\u00eb dhe klasifikimin e <a href=\"https:\/\/talkpal.ai\/locations\/language-courses-in-tyre\/\">tyre<\/a> gjinor (t\u00eb zakonsh\u00ebm dhe neutr). M\u00ebsoni artikujt e p\u00ebrcaktuar dhe t\u00eb pacaktuar q\u00eb i shoq\u00ebrojn\u00eb ato, si dhe format shum\u00ebs dhe mbaresat zvog\u00ebluese.<\/p>\n\n\n\n<h3 class=\"wp-block-heading\" id=\"h-2-adjectives\">2. Mbiemra:<\/h3>\n\n\n\n<p>M\u00eb pas, studioni rregullat p\u00ebr marr\u00ebveshjen e mbiemrave me emrat p\u00ebr sa i p\u00ebrket gjinis\u00eb, numrit dhe pranis\u00eb s\u00eb artikujve t\u00eb caktuar. M\u00ebsoni <a href=\"https:\/\/talkpal.ai\/culture\/what-is-the-difference-between-se-and-si\/\">se si<\/a> p\u00ebrkulen mbiemrat bazuar n\u00eb k\u00ebta faktor\u00eb dhe si t\u00eb p\u00ebrdorni format krahasuese dhe superlative.<\/p>\n\n\n\n<h3 class=\"wp-block-heading\" id=\"h-3-pronouns\">3. P\u00ebremrat:<\/h3>\n\n\n\n<p>Zhytuni n\u00eb bot\u00ebn e p\u00ebremrave holandez\u00eb, duke p\u00ebrfshir\u00eb p\u00ebremrat personal\u00eb, posesiv, demonstrativ\u00eb, refleksiv\u00eb dhe relativ\u00eb. Kuptoni se si z\u00ebvend\u00ebsojn\u00eb emrat dhe si pajtohen me ta p\u00ebr sa i p\u00ebrket gjinis\u00eb dhe numrit.<\/p>\n\n\n\n<h3 class=\"wp-block-heading\" id=\"h-4-verbs\">4. Foljet:<\/h3>\n\n\n\n<p>Tani, p\u00ebrqendrohuni n\u00eb foljet holandeze dhe modelet e tyre t\u00eb konjugimit n\u00eb koh\u00ebn e tashme, t\u00eb kaluar dhe t\u00eb ardhshme. M\u00ebsoni ndryshimin midis foljeve t\u00eb forta, t\u00eb dob\u00ebta dhe t\u00eb parregullta dhe njihuni me rregullat p\u00ebr formimin e koh\u00ebs s\u00eb p\u00ebrsosur dhe t\u00eb p\u00ebrsosur.<\/p>\n\n\n\n<h3 class=\"wp-block-heading\" id=\"h-5-tenses-indicative\">5. Koh\u00ebt treguese:<\/h3>\n\n\n\n<p>Studioni humorin tregues n\u00eb holandisht, i cili p\u00ebrdoret p\u00ebr t\u00eb shprehur deklaratat e fakteve dhe probabilitetit. M\u00ebsoni se si t\u00eb lidhni foljet n\u00eb koh\u00ebn e tashme, t\u00eb kaluar dhe t\u00eb ardhshme n\u00eb k\u00ebt\u00eb humor, si dhe format e kusht\u00ebzuara dhe t\u00eb domosdoshme.<\/p>\n\n\n\n<h3 class=\"wp-block-heading\" id=\"h-6-tenses-subjunctive\">6. Koh\u00ebt n\u00ebnlidh\u00ebse:<\/h3>\n\n\n\n<p>Edhe pse m\u00eb pak i zakonsh\u00ebm n\u00eb holandishten moderne, humori n\u00ebnlidh\u00ebs \u00ebsht\u00eb thelb\u00ebsor p\u00ebr t\u00eb kuptuar tekstet e vjetra dhe gjuh\u00ebn formale. M\u00ebsoni se si t\u00eb formoni humorin n\u00ebnlidh\u00ebs n\u00eb holandisht dhe kur ta p\u00ebrdorni at\u00eb.<\/p>\n\n\n\n<h3 class=\"wp-block-heading\" id=\"h-7-tense-comparison\">7. Krahasimi i tensionit:<\/h3>\n\n\n\n<p>Pasi t\u00eb zot\u00ebroni koh\u00ebt e ndryshme, p\u00ebrqendrohuni n\u00eb t\u00eb kuptuarit e dallimeve dhe ngjashm\u00ebrive midis tyre. M\u00ebsoni se si t\u00eb p\u00ebrdorni si\u00e7 duhet \u00e7do koh\u00eb n\u00eb kontekst dhe si nd\u00ebrveprojn\u00eb me nj\u00ebri-tjetrin.<\/p>\n\n\n\n<h3 class=\"wp-block-heading\" id=\"h-8-adverbs\">8. Ndajfoljet:<\/h3>\n\n\n\n<p>Studioni ndajfoljet holandeze dhe funksionet e tyre t\u00eb ndryshme n\u00eb fjali. M\u00ebsoni se si t\u00eb formoni ndajfolje nga mbiemrat dhe si t&#8217;i p\u00ebrdorni ato p\u00ebr t\u00eb modifikuar foljet, mbiemrat dhe ndajfoljet e tjera.<\/p>\n\n\n\n<h3 class=\"wp-block-heading\" id=\"h-9-prepositions\">9. Parafjal\u00ebt:<\/h3>\n\n\n\n<p>Zhvilloni nj\u00eb kuptim t\u00eb fort\u00eb t\u00eb parafjal\u00ebve holandeze dhe p\u00ebrdorimin e tyre me emra, p\u00ebremra dhe folje. M\u00ebsoni se si shprehin marr\u00ebdh\u00ebniet n\u00eb koh\u00eb, hap\u00ebsir\u00eb dhe kontekste t\u00eb tjera.<\/p>\n\n\n\n<h3 class=\"wp-block-heading\" id=\"h-10-sentence-structure\">10. Struktura e fjalis\u00eb:<\/h3>\n\n\n\n<p>S\u00eb fundi, bashkoni t\u00eb gjitha duke studiuar struktur\u00ebn e fjalive holandeze dhe rendin e fjal\u00ebve. M\u00ebsoni rregullat p\u00ebr nd\u00ebrtimin e fjalive t\u00eb thjeshta dhe komplekse, duke p\u00ebrfshir\u00eb fjalit\u00eb deklarative, pyet\u00ebse, imperative dhe thirrje.<\/p>\n\n\n\n<p>Duke ndjekur k\u00ebt\u00eb sekuenc\u00eb temash gramatikore dhe duke i kushtuar koh\u00eb praktik\u00ebs dhe rishikimit, do t\u00eb jeni n\u00eb rrug\u00ebn tuaj p\u00ebr t\u00eb zot\u00ebruar gjuh\u00ebn holandeze. Mos harroni, q\u00ebndrueshm\u00ebria dhe durimi jan\u00eb \u00e7el\u00ebsi n\u00eb m\u00ebsimin e \u00e7do gjuhe t\u00eb re. Fat i mir\u00eb dhe shijoni udh\u00ebtimin!<\/p>\n<\/div><\/div>\n\r\n<section class=\"learnNavigationSection\">\r\n            \r\n        <a href=\"https:\/\/talkpal.ai\/sq\/meso-holandisht\/\">\r\n            <div class=\"learnNavigationWrapper\">\r\n                <div class=\"learnNavigationContent\">\r\n                    <img decoding=\"async\" src=\"https:\/\/talkpal.ai\/wp-content\/uploads\/2024\/08\/Dutch.jpg\" alt=\"Netherlands Flag\">\r\n                    <div>\r\n                        <h4>Rreth t\u00eb m\u00ebsuarit holandez<\/h4>\r\n                        <p>M\u00ebsoni gjith\u00e7ka rreth gramatik\u00ebs holandeze.<\/p>\r\n                    <\/div>\r\n                <\/div>\r\n            <\/div>\r\n        <\/a>\r\n\r\n        \r\n        <a href=\"https:\/\/talkpal.ai\/sq\/gramatika-holandeze\/\">\r\n            <div class=\"learnNavigationWrapper\">\r\n                <div class=\"learnNavigationContent\">\r\n                    <img decoding=\"async\" src=\"https:\/\/talkpal.ai\/wp-content\/uploads\/2024\/08\/Dutch.jpg\" alt=\"Netherlands Flag\">\r\n                    <div>\r\n                        <h4>M\u00ebsimet e gramatik\u00ebs holandeze<\/h4>\r\n                        <p>Praktikoni gramatik\u00ebn holandeze.<\/p>\r\n                    <\/div>\r\n                <\/div>\r\n            <\/div>\r\n        <\/a>\r\n\r\n        \r\n        <a href=\"https:\/\/talkpal.ai\/vocabulary_language\/dutch\/\">\r\n            <div class=\"learnNavigationWrapper\">\r\n                <div class=\"learnNavigationContent\">\r\n                    <img decoding=\"async\" src=\"https:\/\/talkpal.ai\/wp-content\/uploads\/2024\/08\/Dutch.jpg\" alt=\"Netherlands Flag\">\r\n                    <div>\r\n                        <h4>Fjalori holandez<\/h4>\r\n                        <p>Zgjeroni fjalorin tuaj holandisht.<\/p>\r\n                    <\/div>\r\n                <\/div>\r\n            <\/div>\r\n        <\/a>\r\n\r\n            <\/section>","protected":false},"excerpt":{"rendered":"<p>Temat e gramatik\u00ebs holandeze M\u00ebsimi i holandishtes mund t\u00eb jet\u00eb nj\u00eb p\u00ebrvoj\u00eb emocionuese dhe shp\u00ebrblyese, pasi hap der\u00ebn p\u00ebr nj\u00eb kultur\u00eb, histori dhe mund\u00ebsi t\u00eb pasur p\u00ebr rritje personale dhe profesionale. Gjuha holandeze, megjith\u00ebse e lidhur ngusht\u00eb me anglishten dhe gjermanishten, ka rregullat dhe struktur\u00ebn e saj unike gramatikore, t\u00eb cilat mund t\u00eb duken sfiduese [&hellip;]<\/p>\n","protected":false},"author":6,"featured_media":1440689,"parent":0,"menu_order":0,"comment_status":"closed","ping_status":"closed","template":"LearningContentPage.php","meta":{"_acf_changed":false,"footnotes":""},"class_list":["post-1446788","page","type-page","status-publish","has-post-thumbnail","hentry"],"acf":[],"yoast_head":"<!-- This site is optimized with the Yoast SEO Premium plugin v27.2 (Yoast SEO v27.2) - https:\/\/yoast.com\/product\/yoast-seo-premium-wordpress\/ -->\n<title>Ushtrimet gramatikore holandeze - Talkpal<\/title>\n<meta name=\"description\" content=\"Rritni aft\u00ebsit\u00eb tuaja gjuh\u00ebsore me ushtrime interaktive t\u00eb gramatik\u00ebs holandeze nga TalkPal, m\u00ebsuesi juaj i gjuh\u00ebs me AI.\" \/>\n<meta name=\"robots\" content=\"index, follow, max-snippet:-1, max-image-preview:large, max-video-preview:-1\" \/>\n<link rel=\"canonical\" href=\"https:\/\/talkpal.ai\/sq\/ushtrimet-gramatikore-holandeze\/\" \/>\n<meta property=\"og:locale\" content=\"sq_AL\" \/>\n<meta property=\"og:type\" content=\"article\" \/>\n<meta property=\"og:title\" content=\"Ushtrimet gramatikore holandeze\" \/>\n<meta property=\"og:description\" content=\"Temat e gramatik\u00ebs holandeze M\u00ebsimi i holandishtes mund t\u00eb jet\u00eb nj\u00eb p\u00ebrvoj\u00eb emocionuese dhe shp\u00ebrblyese, pasi hap der\u00ebn p\u00ebr nj\u00eb kultur\u00eb, histori dhe\" \/>\n<meta property=\"og:url\" content=\"https:\/\/talkpal.ai\/sq\/ushtrimet-gramatikore-holandeze\/\" \/>\n<meta property=\"og:site_name\" content=\"Talkpal\" \/>\n<meta property=\"article:publisher\" content=\"https:\/\/www.facebook.com\/profile.php?id=100090733639311\" \/>\n<meta property=\"article:modified_time\" content=\"2025-12-17T15:29:00+00:00\" \/>\n<meta property=\"og:image\" content=\"https:\/\/talkpal.ai\/wp-content\/uploads\/2023\/04\/netherlands-dutch.png\" \/>\n\t<meta property=\"og:image:width\" content=\"512\" \/>\n\t<meta property=\"og:image:height\" content=\"512\" \/>\n\t<meta property=\"og:image:type\" content=\"image\/png\" \/>\n<meta name=\"twitter:card\" content=\"summary_large_image\" \/>\n<meta name=\"twitter:site\" content=\"@talkpalai\" \/>\n<meta name=\"twitter:label1\" content=\"Est. reading time\" \/>\n\t<meta name=\"twitter:data1\" content=\"3 minutes\" \/>\n<script type=\"application\/ld+json\" class=\"yoast-schema-graph\">{\"@context\":\"https:\/\/schema.org\",\"@graph\":[{\"@type\":\"WebPage\",\"@id\":\"https:\/\/talkpal.ai\/sq\/ushtrimet-gramatikore-holandeze\/\",\"url\":\"https:\/\/talkpal.ai\/sq\/ushtrimet-gramatikore-holandeze\/\",\"name\":\"Ushtrimet gramatikore holandeze - Talkpal\",\"isPartOf\":{\"@id\":\"https:\/\/talkpal.ai\/sq\/#website\"},\"primaryImageOfPage\":{\"@id\":\"https:\/\/talkpal.ai\/sq\/ushtrimet-gramatikore-holandeze\/#primaryimage\"},\"image\":{\"@id\":\"https:\/\/talkpal.ai\/sq\/ushtrimet-gramatikore-holandeze\/#primaryimage\"},\"thumbnailUrl\":\"https:\/\/talkpal.ai\/wp-content\/uploads\/2023\/04\/netherlands-dutch.png\",\"datePublished\":\"2023-06-16T09:41:10+00:00\",\"dateModified\":\"2025-12-17T15:29:00+00:00\",\"description\":\"Rritni aft\u00ebsit\u00eb tuaja gjuh\u00ebsore me ushtrime interaktive t\u00eb gramatik\u00ebs holandeze nga TalkPal, m\u00ebsuesi juaj i gjuh\u00ebs me AI.\",\"breadcrumb\":{\"@id\":\"https:\/\/talkpal.ai\/sq\/ushtrimet-gramatikore-holandeze\/#breadcrumb\"},\"inLanguage\":\"sq-AL\",\"potentialAction\":[{\"@type\":\"ReadAction\",\"target\":[\"https:\/\/talkpal.ai\/sq\/ushtrimet-gramatikore-holandeze\/\"]}]},{\"@type\":\"ImageObject\",\"inLanguage\":\"sq-AL\",\"@id\":\"https:\/\/talkpal.ai\/sq\/ushtrimet-gramatikore-holandeze\/#primaryimage\",\"url\":\"https:\/\/talkpal.ai\/wp-content\/uploads\/2023\/04\/netherlands-dutch.png\",\"contentUrl\":\"https:\/\/talkpal.ai\/wp-content\/uploads\/2023\/04\/netherlands-dutch.png\",\"width\":512,\"height\":512,\"caption\":\"TalkPal Catalan Flag\"},{\"@type\":\"BreadcrumbList\",\"@id\":\"https:\/\/talkpal.ai\/sq\/ushtrimet-gramatikore-holandeze\/#breadcrumb\",\"itemListElement\":[{\"@type\":\"ListItem\",\"position\":1,\"name\":\"Homepage\",\"item\":\"https:\/\/talkpal.ai\/sq\/\"},{\"@type\":\"ListItem\",\"position\":2,\"name\":\"Ushtrimet gramatikore holandeze\"}]},{\"@type\":\"WebSite\",\"@id\":\"https:\/\/talkpal.ai\/sq\/#website\",\"url\":\"https:\/\/talkpal.ai\/sq\/\",\"name\":\"Talkpal\",\"description\":\"AI Language Learning\",\"publisher\":{\"@id\":\"https:\/\/talkpal.ai\/sq\/#organization\"},\"alternateName\":\"Talkpal AI\",\"potentialAction\":[{\"@type\":\"SearchAction\",\"target\":{\"@type\":\"EntryPoint\",\"urlTemplate\":\"https:\/\/talkpal.ai\/sq\/?s={search_term_string}\"},\"query-input\":{\"@type\":\"PropertyValueSpecification\",\"valueRequired\":true,\"valueName\":\"search_term_string\"}}],\"inLanguage\":\"sq-AL\"},{\"@type\":\"Organization\",\"@id\":\"https:\/\/talkpal.ai\/sq\/#organization\",\"name\":\"Talkpal, Inc.\",\"alternateName\":\"Talkpal AI\",\"url\":\"https:\/\/talkpal.ai\/sq\/\",\"logo\":{\"@type\":\"ImageObject\",\"inLanguage\":\"sq-AL\",\"@id\":\"https:\/\/talkpal.ai\/sq\/#\/schema\/logo\/image\/\",\"url\":\"https:\/\/talkpal.ai\/wp-content\/uploads\/2024\/03\/Talkpal-Logo-Icon.png\",\"contentUrl\":\"https:\/\/talkpal.ai\/wp-content\/uploads\/2024\/03\/Talkpal-Logo-Icon.png\",\"width\":2880,\"height\":2880,\"caption\":\"Talkpal, Inc.\"},\"image\":{\"@id\":\"https:\/\/talkpal.ai\/sq\/#\/schema\/logo\/image\/\"},\"sameAs\":[\"https:\/\/www.facebook.com\/profile.php?id=100090733639311\",\"https:\/\/x.com\/talkpalai\",\"https:\/\/www.linkedin.com\/company\/talkpal\/\",\"https:\/\/www.youtube.com\/@TalkPal\/\",\"https:\/\/www.tiktok.com\/@talkpal\",\"https:\/\/www.instagram.com\/talkpal_ai\/\",\"https:\/\/www.crunchbase.com\/organization\/talkpal-9cde\",\"https:\/\/www.g2.com\/products\/talkpal-for-business\/\",\"https:\/\/www.trustpilot.com\/review\/talkpal.ai\",\"https:\/\/www.capterra.com\/p\/10006800\/TalkPal\/\"],\"description\":\"Talkpal is a language learning web and mobile education app, powered by the latest AI technologies, that provides engaging experiences to its customers in many different languages to help them improve their language skills. Users can chat about unlimited amount of topics with the app and use other modes to practice their language learning.\",\"email\":\"support@talkpal.ai\",\"legalName\":\"Talkpal, Inc.\",\"foundingDate\":\"2023-04-03\",\"duns\":\"118989042\",\"numberOfEmployees\":{\"@type\":\"QuantitativeValue\",\"minValue\":\"11\",\"maxValue\":\"50\"},\"publishingPrinciples\":\"https:\/\/talkpal.ai\/publishing-principles\/\",\"actionableFeedbackPolicy\":\"https:\/\/talkpal.ai\/actionable-feedback-policy\/\",\"correctionsPolicy\":\"https:\/\/talkpal.ai\/corrections-policy\/\",\"ethicsPolicy\":\"https:\/\/talkpal.ai\/ethics-policy\/\",\"diversityPolicy\":\"https:\/\/talkpal.ai\/diversity-policy\/\",\"diversityStaffingReport\":\"https:\/\/talkpal.ai\/diversity-policy\/\"}]}<\/script>\n<!-- \/ Yoast SEO Premium plugin. -->","yoast_head_json":{"title":"Ushtrimet gramatikore holandeze - Talkpal","description":"Rritni aft\u00ebsit\u00eb tuaja gjuh\u00ebsore me ushtrime interaktive t\u00eb gramatik\u00ebs holandeze nga TalkPal, m\u00ebsuesi juaj i gjuh\u00ebs me AI.","robots":{"index":"index","follow":"follow","max-snippet":"max-snippet:-1","max-image-preview":"max-image-preview:large","max-video-preview":"max-video-preview:-1"},"canonical":"https:\/\/talkpal.ai\/sq\/ushtrimet-gramatikore-holandeze\/","og_locale":"sq_AL","og_type":"article","og_title":"Ushtrimet gramatikore holandeze","og_description":"Temat e gramatik\u00ebs holandeze M\u00ebsimi i holandishtes mund t\u00eb jet\u00eb nj\u00eb p\u00ebrvoj\u00eb emocionuese dhe shp\u00ebrblyese, pasi hap der\u00ebn p\u00ebr nj\u00eb kultur\u00eb, histori dhe","og_url":"https:\/\/talkpal.ai\/sq\/ushtrimet-gramatikore-holandeze\/","og_site_name":"Talkpal","article_publisher":"https:\/\/www.facebook.com\/profile.php?id=100090733639311","article_modified_time":"2025-12-17T15:29:00+00:00","og_image":[{"width":512,"height":512,"url":"https:\/\/talkpal.ai\/wp-content\/uploads\/2023\/04\/netherlands-dutch.png","type":"image\/png"}],"twitter_card":"summary_large_image","twitter_site":"@talkpalai","twitter_misc":{"Est. reading time":"3 minutes"},"schema":{"@context":"https:\/\/schema.org","@graph":[{"@type":"WebPage","@id":"https:\/\/talkpal.ai\/sq\/ushtrimet-gramatikore-holandeze\/","url":"https:\/\/talkpal.ai\/sq\/ushtrimet-gramatikore-holandeze\/","name":"Ushtrimet gramatikore holandeze - Talkpal","isPartOf":{"@id":"https:\/\/talkpal.ai\/sq\/#website"},"primaryImageOfPage":{"@id":"https:\/\/talkpal.ai\/sq\/ushtrimet-gramatikore-holandeze\/#primaryimage"},"image":{"@id":"https:\/\/talkpal.ai\/sq\/ushtrimet-gramatikore-holandeze\/#primaryimage"},"thumbnailUrl":"https:\/\/talkpal.ai\/wp-content\/uploads\/2023\/04\/netherlands-dutch.png","datePublished":"2023-06-16T09:41:10+00:00","dateModified":"2025-12-17T15:29:00+00:00","description":"Rritni aft\u00ebsit\u00eb tuaja gjuh\u00ebsore me ushtrime interaktive t\u00eb gramatik\u00ebs holandeze nga TalkPal, m\u00ebsuesi juaj i gjuh\u00ebs me AI.","breadcrumb":{"@id":"https:\/\/talkpal.ai\/sq\/ushtrimet-gramatikore-holandeze\/#breadcrumb"},"inLanguage":"sq-AL","potentialAction":[{"@type":"ReadAction","target":["https:\/\/talkpal.ai\/sq\/ushtrimet-gramatikore-holandeze\/"]}]},{"@type":"ImageObject","inLanguage":"sq-AL","@id":"https:\/\/talkpal.ai\/sq\/ushtrimet-gramatikore-holandeze\/#primaryimage","url":"https:\/\/talkpal.ai\/wp-content\/uploads\/2023\/04\/netherlands-dutch.png","contentUrl":"https:\/\/talkpal.ai\/wp-content\/uploads\/2023\/04\/netherlands-dutch.png","width":512,"height":512,"caption":"TalkPal Catalan Flag"},{"@type":"BreadcrumbList","@id":"https:\/\/talkpal.ai\/sq\/ushtrimet-gramatikore-holandeze\/#breadcrumb","itemListElement":[{"@type":"ListItem","position":1,"name":"Homepage","item":"https:\/\/talkpal.ai\/sq\/"},{"@type":"ListItem","position":2,"name":"Ushtrimet gramatikore holandeze"}]},{"@type":"WebSite","@id":"https:\/\/talkpal.ai\/sq\/#website","url":"https:\/\/talkpal.ai\/sq\/","name":"Talkpal","description":"AI Language Learning","publisher":{"@id":"https:\/\/talkpal.ai\/sq\/#organization"},"alternateName":"Talkpal AI","potentialAction":[{"@type":"SearchAction","target":{"@type":"EntryPoint","urlTemplate":"https:\/\/talkpal.ai\/sq\/?s={search_term_string}"},"query-input":{"@type":"PropertyValueSpecification","valueRequired":true,"valueName":"search_term_string"}}],"inLanguage":"sq-AL"},{"@type":"Organization","@id":"https:\/\/talkpal.ai\/sq\/#organization","name":"Talkpal, Inc.","alternateName":"Talkpal AI","url":"https:\/\/talkpal.ai\/sq\/","logo":{"@type":"ImageObject","inLanguage":"sq-AL","@id":"https:\/\/talkpal.ai\/sq\/#\/schema\/logo\/image\/","url":"https:\/\/talkpal.ai\/wp-content\/uploads\/2024\/03\/Talkpal-Logo-Icon.png","contentUrl":"https:\/\/talkpal.ai\/wp-content\/uploads\/2024\/03\/Talkpal-Logo-Icon.png","width":2880,"height":2880,"caption":"Talkpal, Inc."},"image":{"@id":"https:\/\/talkpal.ai\/sq\/#\/schema\/logo\/image\/"},"sameAs":["https:\/\/www.facebook.com\/profile.php?id=100090733639311","https:\/\/x.com\/talkpalai","https:\/\/www.linkedin.com\/company\/talkpal\/","https:\/\/www.youtube.com\/@TalkPal\/","https:\/\/www.tiktok.com\/@talkpal","https:\/\/www.instagram.com\/talkpal_ai\/","https:\/\/www.crunchbase.com\/organization\/talkpal-9cde","https:\/\/www.g2.com\/products\/talkpal-for-business\/","https:\/\/www.trustpilot.com\/review\/talkpal.ai","https:\/\/www.capterra.com\/p\/10006800\/TalkPal\/"],"description":"Talkpal is a language learning web and mobile education app, powered by the latest AI technologies, that provides engaging experiences to its customers in many different languages to help them improve their language skills. Users can chat about unlimited amount of topics with the app and use other modes to practice their language learning.","email":"support@talkpal.ai","legalName":"Talkpal, Inc.","foundingDate":"2023-04-03","duns":"118989042","numberOfEmployees":{"@type":"QuantitativeValue","minValue":"11","maxValue":"50"},"publishingPrinciples":"https:\/\/talkpal.ai\/publishing-principles\/","actionableFeedbackPolicy":"https:\/\/talkpal.ai\/actionable-feedback-policy\/","correctionsPolicy":"https:\/\/talkpal.ai\/corrections-policy\/","ethicsPolicy":"https:\/\/talkpal.ai\/ethics-policy\/","diversityPolicy":"https:\/\/talkpal.ai\/diversity-policy\/","diversityStaffingReport":"https:\/\/talkpal.ai\/diversity-policy\/"}]}},"_links":{"self":[{"href":"https:\/\/talkpal.ai\/sq\/wp-json\/wp\/v2\/pages\/1446788","targetHints":{"allow":["GET"]}}],"collection":[{"href":"https:\/\/talkpal.ai\/sq\/wp-json\/wp\/v2\/pages"}],"about":[{"href":"https:\/\/talkpal.ai\/sq\/wp-json\/wp\/v2\/types\/page"}],"author":[{"embeddable":true,"href":"https:\/\/talkpal.ai\/sq\/wp-json\/wp\/v2\/users\/6"}],"replies":[{"embeddable":true,"href":"https:\/\/talkpal.ai\/sq\/wp-json\/wp\/v2\/comments?post=1446788"}],"version-history":[{"count":0,"href":"https:\/\/talkpal.ai\/sq\/wp-json\/wp\/v2\/pages\/1446788\/revisions"}],"wp:featuredmedia":[{"embeddable":true,"href":"https:\/\/talkpal.ai\/sq\/wp-json\/wp\/v2\/media\/1440689"}],"wp:attachment":[{"href":"https:\/\/talkpal.ai\/sq\/wp-json\/wp\/v2\/media?parent=1446788"}],"curies":[{"name":"wp","href":"https:\/\/api.w.org\/{rel}","templated":true}]}}